{"id":1474418,"date":"2025-11-12T17:24:56","date_gmt":"2025-11-12T17:24:56","guid":{"rendered":"https:\/\/talkpal.ai\/ozb%c9%99k-dilind%c9%99-qrammatika-m%c9%99sql%c9%99ri\/"},"modified":"2025-12-30T13:36:01","modified_gmt":"2025-12-30T13:36:01","slug":"ozb%c9%99k-dilind%c9%99-qrammatika-m%c9%99sql%c9%99ri","status":"publish","type":"page","link":"https:\/\/talkpal.ai\/az\/ozb%c9%99k-dilind%c9%99-qrammatika-m%c9%99sql%c9%99ri\/","title":{"rendered":"\u00d6zb\u0259k dilind\u0259 qrammatika m\u0259\u015fql\u0259ri"},"content":{"rendered":"\r\n\r\n\r\n<section class=\"languageChallengeSection\">\r\n    <div class=\"languageInfoWrapper\">\r\n        \r\n        <h1>\u00d6zb\u0259k dilind\u0259 qrammatika m\u0259\u015fql\u0259ri<\/h1>\r\n        <p><a href=\"https:\/\/talkpal.ai\/learn-uzbek\/\">\u00d6zb\u0259k<\/a> qrammatikas\u0131na dalma\u011fa haz\u0131rs\u0131n\u0131z? Bir ne\u00e7\u0259 \u0259saslar\u0131 m\u0259\u015fq etm\u0259k bu unikal v\u0259 g\u00f6z\u0259l dill\u0259 rahat olma\u011fa k\u00f6m\u0259k ed\u0259c\u0259k. G\u00fcv\u0259ninizi art\u0131rmaq v\u0259 yol boyu \u0259yl\u0259nm\u0259k \u00fc\u00e7\u00fcn bu m\u0259\u015fql\u0259ri s\u0131nay\u0131n!<\/p>\r\n\r\n                            <a class=\"getStartedHidden\" href=\"https:\/\/app.talkpal.ai\/signup?lng=\">Ba\u015fla<\/a>\r\n        \r\n    <\/div>\r\n\r\n    <figure>\r\n    <img decoding=\"async\" width=\"768\" height=\"768\" src=\"https:\/\/talkpal.ai\/wp-content\/uploads\/2023\/06\/welsh-768x768.png\" class=\"languageImage no-lazy\" alt=\"Language learning for better cognitive abilities\" fetchpriority=\"high\" sizes=\"(max-width: 768px) 150px, 768px\" srcset=\"https:\/\/talkpal.ai\/wp-content\/uploads\/2023\/06\/welsh-768x768.png 768w, https:\/\/talkpal.ai\/wp-content\/uploads\/2023\/06\/welsh-300x300.png 300w\" \/>\r\n    \r\n\r\n    <\/figure>\r\n\r\n            <a class=\"getStartedVisible\" href=\"https:\/\/app.talkpal.ai\/signup?lng=\">Ba\u015fla<\/a>\r\n    \r\n<\/section><section class=\"promotionalBanner\">\r\n    <p class=\"promotionalText\">Dil \u00f6yr\u0259nm\u0259yin \u0259n t\u0259sirli yolu<\/p>\r\n    <a class=\"promotionalLink\" href=\"https:\/\/app.talkpal.ai\/signup?lng=\">Talkpal pulsuz s\u0131nay\u0131n<\/a>\r\n<\/section>\n<div class=\"wp-block-group pageContainerStyle\"><div class=\"wp-block-group__inner-container is-layout-constrained wp-block-group-is-layout-constrained\">\n<h2 class=\"wp-block-heading\" id=\"h-uzbek-grammar-topics\">\u00d6zb\u0259k dilinin qrammatika m\u00f6vzular\u0131<\/h2>\n\n\n\n<p><a href=\"https:\/\/talkpal.ai\/az\/yeni-dil-oyr%c9%99n%c9%99rk%c9%99n-qacmaq-lazim-olan-en-boyuk-s%c9%99hvl%c9%99r\/\">Yeni bir dil \u00f6yr\u0259nm\u0259k<\/a> \u00e7\u0259tin, lakin m\u00fckafatland\u0131r\u0131c\u0131 bir i\u015f ola bil\u0259r. \u00d6zb\u0259kistanda v\u0259 qon\u015fu b\u00f6lg\u0259l\u0259rd\u0259 \u0259sas\u0259n dan\u0131\u015f\u0131lan <a href=\"https:\/\/talkpal.ai\/learn-turkish\/\">t\u00fcrk<\/a> dili olan <a href=\"https:\/\/talkpal.ai\/learn-uzbek\/\">\u00f6zb\u0259k<\/a> dili d\u0259 istisna deyil. <a href=\"https:\/\/talkpal.ai\/az\/ozb%c9%99k-dilini-oyr%c9%99nin\/\">\u00d6zb\u0259k dilini<\/a> <a href=\"https:\/\/talkpal.ai\/az\/oyr%c9%99nm%c9%99k\/\">\u00f6yr\u0259nm\u0259k<\/a>, onun qrammatikas\u0131n\u0131 ba\u015fa d\u00fc\u015fm\u0259k \u00fc\u00e7\u00fcn sistematik yana\u015fma t\u0259l\u0259b edir. <a href=\"https:\/\/talkpal.ai\/az\/t%c9%99hsil-ucun-talkpal\/\"><\/a> Bu t\u0259limat, isiml\u0259r v\u0259 m\u0259qal\u0259l\u0259r kimi \u0259saslardan ba\u015flayaraq v\u0259 zamanlar v\u0259 c\u00fcml\u0259 quruculu\u011fu kimi daha m\u00fcr\u0259kk\u0259b sah\u0259l\u0259r\u0259 q\u0259d\u0259r ir\u0259lil\u0259y\u0259r\u0259k dil <a href=\"https:\/\/talkpal.ai\/az\/t%c9%99hsil-ucun-talkpal\/\">\u00f6yr\u0259nilm\u0259si<\/a> \u00fc\u00e7\u00fcn m\u0259ntiqi ard\u0131c\u0131ll\u0131qla <a href=\"https:\/\/talkpal.ai\/az\/ozb%c9%99k-qrammatikasi\/\">\u00f6zb\u0259k qrammatikas\u0131n\u0131n<\/a> \u0259sas sah\u0259l\u0259rini t\u0259svir edir.<\/p>\n\n\n\n<h3 class=\"wp-block-heading\" id=\"h-1-nouns\">1. Nouns:<\/h3>\n\n\n\n<p>\u00d6zb\u0259k dilini \u00f6yr\u0259nm\u0259kl\u0259 ba\u015flay\u0131n. Buna \u00fcmumi v\u0259 d\u00fczg\u00fcn nounlar, el\u0259c\u0259 d\u0259 onlar\u0131n pl\u00fcral formalar\u0131 kimi m\u00fcxt\u0259lif noun kateqoriyalar\u0131n\u0131 ba\u015fa d\u00fc\u015fm\u0259k daxildir. -lar c\u0259m sonfiksini v\u0259 -ni, -ga, -da, -dan v\u0259 -ning kimi \u0259sas hal sonluqlar\u0131n\u0131 \u00f6yr\u0259nin.<\/p>\n\n\n\n<h3 class=\"wp-block-heading\" id=\"h-2-articles\">2. M\u0259qal\u0259l\u0259r:<\/h3>\n\n\n\n<p>\u00d6zb\u0259kistan\u0131n he\u00e7 bir m\u0259qal\u0259si yoxdur. D\u0259qiqliyin kontekst, s\u00f6z s\u0131ras\u0131 v\u0259 birba\u015fa obyekt markeri -ni il\u0259 nec\u0259 ifad\u0259 olundu\u011funu anlamaq c\u00fcml\u0259 qurulmas\u0131nda \u00e7ox vacibdir.<\/p>\n\n\n\n<h3 class=\"wp-block-heading\" id=\"h-3-adjectives\">3. Adjectives:<\/h3>\n\n\n\n<p>\u00d6zb\u0259k dilind\u0259 sif\u0259tl\u0259r, b\u0259zi hallarda ingilis dilind\u0259n f\u0259rqli olaraq, ad\u0259t\u0259n isiml\u0259rind\u0259n \u0259vv\u0259l g\u0259lir. Cinsiyy\u0259t v\u0259 ya cinsiyy\u0259t bax\u0131m\u0131ndan bir-birin\u0259 uy\u011fun deyill\u0259r. -roq v\u0259 eng istifad\u0259 ed\u0259r\u0259k m\u00fcqayis\u0259li v\u0259 \u00fcst\u00fcnl\u00fckl\u0259ri nec\u0259 formala\u015fd\u0131raca\u011f\u0131n\u0131z\u0131 v\u0259 y\u0259huda kimi intensifikatorlar\u0131n m\u0259naya nec\u0259 t\u0259sir etdiyini \u00f6yr\u0259nin.<\/p>\n\n\n\n<h3 class=\"wp-block-heading\" id=\"h-4-pronouns-determiners\">4. Pronouns\/Determinl\u0259r:<\/h3>\n\n\n\n<p>\u00d6zb\u0259k dilind\u0259 \u0259v\u0259zlikl\u0259r v\u0259 determinatorlar vacibdir; \u0130siml\u0259ri \u0259v\u0259z edir v\u0259 miqdar, m\u00fclkiyy\u0259t v\u0259 daha \u00e7ox \u015fey haqq\u0131nda m\u0259lumat verirl\u0259r. \u015e\u0259xsi \u0259v\u0259zlikl\u0259ri, bu, shu, u kimi n\u00fcmayi\u015fl\u0259ri, -im, -ing, -i kimi sahiblik sonfikl\u0259rini v\u0259 bunlar\u0131n d\u00fczg\u00fcn istifad\u0259 \u00fc\u00e7\u00fcn hal sonluqlar\u0131 il\u0259 nec\u0259 birl\u0259\u015fdiyini \u00f6yr\u0259nin.<\/p>\n\n\n\n<h3 class=\"wp-block-heading\" id=\"h-5-verbs\">5. Feill\u0259r:<\/h3>\n\n\n\n<p>\u00d6zb\u0259k fell\u0259ri zaman, aspekt, \u0259hval-ruhiyy\u0259 v\u0259 \u015f\u0259xsd\u0259n as\u0131l\u0131 olaraq f\u0259rqli formalara malikdir. \u0130ndiki adi -adi v\u0259 indiki m\u00fct\u0259r\u0259qqi -yapti v\u0259 ya -moqda il\u0259 ba\u015flay\u0131n, sonra sad\u0259 ke\u00e7mi\u015f -di, n\u0259tic\u0259d\u0259 -gan v\u0259 -adi v\u0259 -moqchi kimi g\u0259l\u0259c\u0259k ifad\u0259l\u0259ri ara\u015fd\u0131r\u0131n.<\/p>\n\n\n\n<h3 class=\"wp-block-heading\" id=\"h-6-tenses\">6. G\u0259rginlikl\u0259r:<\/h3>\n\n\n\n<p>Fel formalar\u0131n\u0131 m\u0259nims\u0259dikd\u0259n sonra \u00f6zb\u0259k zamanlar\u0131n\u0131 v\u0259 aspektl\u0259rini daha d\u0259rind\u0259n ara\u015fd\u0131r\u0131n. Bu, haz\u0131rk\u0131 ad\u0259t, indiki m\u00fct\u0259r\u0259qqi, sad\u0259 ke\u00e7mi\u015f, n\u0259tic\u0259 v\u0259 ya t\u0259cr\u00fcb\u0259li -gan v\u0259 g\u0259l\u0259c\u0259k formalar aras\u0131ndak\u0131 f\u0259rql\u0259ri, f\u0259rqli kontekstl\u0259rd\u0259 v\u0259 qeydl\u0259rd\u0259 nec\u0259 istifad\u0259 edildikl\u0259rini anlama\u011f\u0131 \u0259hat\u0259 edir.<\/p>\n\n\n\n<h3 class=\"wp-block-heading\" id=\"h-7-tense-comparison\">7. G\u0259rgin m\u00fcqayis\u0259:<\/h3>\n\n\n\n<p>\u00d6zb\u0259k dilind\u0259 zamanlar\u0131n m\u00fcqayis\u0259si hadis\u0259l\u0259rin ard\u0131c\u0131ll\u0131\u011f\u0131n\u0131 v\u0259 aspektini anlama\u011fa k\u00f6m\u0259k edir. Eyni felin ad\u0259t, m\u00fct\u0259r\u0259qqi, ke\u00e7mi\u015f, n\u0259tic\u0259 v\u0259 g\u0259l\u0259c\u0259k formalar\u0131 aras\u0131nda m\u00fcqayis\u0259 edilm\u0259si \u00f6zb\u0259k dilini daha yax\u015f\u0131 ba\u015fa d\u00fc\u015fm\u0259y\u0259 imkan ver\u0259c\u0259kdir.<\/p>\n\n\n\n<h3 class=\"wp-block-heading\" id=\"h-8-progressive\">8. M\u00fct\u0259r\u0259qqi:<\/h3>\n\n\n\n<p>\u00d6zb\u0259kistan dilind\u0259 m\u00fct\u0259r\u0259qqi h\u0259r\u0259k\u0259tl\u0259ri ifad\u0259 etm\u0259k \u00fc\u00e7\u00fcn istifad\u0259 olunur. Fel k\u00f6k\u00fcn\u0259 yap\u0131\u015fd\u0131r\u0131lm\u0131\u015f -yap- v\u0259 ya -moqda markerl\u0259ri il\u0259 v\u0259 ya analitik konstruksiyalarda yotmoq kimi k\u00f6m\u0259k\u00e7i il\u0259 \u0259m\u0259l\u0259 g\u0259lir.<\/p>\n\n\n\n<h3 class=\"wp-block-heading\" id=\"h-9-perfect-progressive\">9. M\u00fck\u0259mm\u0259l T\u0259r\u0259qqi:<\/h3>\n\n\n\n<p>Bu, m\u00fc\u0259yy\u0259n bir n\u00f6qt\u0259y\u0259 q\u0259d\u0259r davam ed\u0259n h\u0259r\u0259k\u0259tl\u0259ri ifad\u0259 etm\u0259k \u00fc\u00e7\u00fcn istifad\u0259 olunur. \u00d6zb\u0259k dilind\u0259 -ib kelmoq v\u0259 ya -ib turmoq kimi konstruksiyalarla v\u0259 ya ke\u00e7mi\u015f istinad n\u00f6qt\u0259sini t\u0259yin etm\u0259k \u00fc\u00e7\u00fcn edi il\u0259 m\u00fct\u0259r\u0259qqi bir forma istifad\u0259 ed\u0259r\u0259k \u00f6t\u00fcr\u00fcl\u00fcr.<\/p>\n\n\n\n<h3 class=\"wp-block-heading\" id=\"h-10-conditionals\">10. \u015e\u0259rti olaraq:<\/h3>\n\n\n\n<p>\u015e\u0259rti v\u0259ziyy\u0259tl\u0259r hipotetik v\u0259ziyy\u0259tl\u0259ri v\u0259 onlar\u0131n m\u00fcmk\u00fcn n\u0259tic\u0259l\u0259rini ifad\u0259 edir. \u00d6zb\u0259k qrammatikas\u0131n\u0131n vacib bir hiss\u0259sidir v\u0259 dil bilikl\u0259riniz\u0259 m\u00fcr\u0259kk\u0259blik \u0259lav\u0259 ed\u0259c\u0259kdir. Tez-tez agar il\u0259 -sa sonfiksind\u0259n istifad\u0259 edin v\u0259 -gan bo&#8217;lardi v\u0259 ya bo&#8217;lganida kimi nax\u0131\u015flarla \u0259ks-faktlar yarad\u0131n.<\/p>\n\n\n\n<h3 class=\"wp-block-heading\" id=\"h-11-adverbs\">11. Adverbl\u0259r:<\/h3>\n\n\n\n<p>\u00d6zb\u0259k dilind\u0259 z\u0259rfl\u0259r fell\u0259ri, sif\u0259tl\u0259ri v\u0259 ya dig\u0259r z\u0259rfl\u0259ri d\u0259yi\u015fdirir. Onlar davran\u0131\u015f, yer, vaxt, d\u0259r\u0259c\u0259 v\u0259 daha \u00e7ox m\u0259lumat verir. Bir \u00e7ox z\u0259rf leksikald\u0131r v\u0259 b\u0259zil\u0259ri -cha v\u0259 ya -lab kimi sonfiksl\u0259rl\u0259 \u0259m\u0259l\u0259 g\u0259lir.<\/p>\n\n\n\n<h3 class=\"wp-block-heading\" id=\"h-12-prepositions\">12. Prepozisiyalar:<\/h3>\n\n\n\n<p>Prepositions s\u00f6z v\u0259 ifad\u0259l\u0259ri bir-birin\u0259 ba\u011flay\u0131r. \u00d6zb\u0259k dilind\u0259 bu m\u00fcnasib\u0259tl\u0259r \u0259sas\u0259n \u00f6n s\u00f6zl\u0259rl\u0259 deyil, hal sonluqlar\u0131 v\u0259 postpositionlarla ifad\u0259 olunur. -da, -dan, -ga kimi hallar\u0131n istifad\u0259sini v\u0259 uchun, bilan, oldin, keyin, tomon v\u0259 kabi kimi \u00fcmumi postpostasiyalar\u0131 \u00f6yr\u0259nin.<\/p>\n\n\n\n<h3 class=\"wp-block-heading\" id=\"h-13-sentences\">13. C\u00fcml\u0259l\u0259r:<\/h3>\n\n\n\n<p>Sonda c\u00fcml\u0259l\u0259rin d\u00fcz\u0259ldili\u015fl\u0259rini m\u0259\u015fq etdir. Bu, \u0259vv\u0259ll\u0259r \u00f6yr\u0259nilmi\u015f b\u00fct\u00fcn qrammatika n\u00f6qt\u0259l\u0259rind\u0259n kontekstd\u0259 istifad\u0259 edilm\u0259sini \u0259hat\u0259 ed\u0259c\u0259k v\u0259 bel\u0259likl\u0259 \u00f6zb\u0259k dilinin h\u0259rt\u0259r\u0259fli ba\u015fa d\u00fc\u015f\u00fclm\u0259sini t\u0259min ed\u0259c\u0259kdir. Tipik SOV s\u00f6z s\u0131ras\u0131na, sual hiss\u0259ciyin\u0259 mi v\u0259 fell\u0259r \u00fc\u00e7\u00fcn -ma il\u0259 v\u0259 nominal predikatlar \u00fc\u00e7\u00fcn ema il\u0259 imkara diqq\u0259t yetirin.<\/p>\n<\/div><\/div>\n\r\n<section class=\"learnNavigationSection\">\r\n            \r\n        <a href=\"https:\/\/talkpal.ai\/az\/ozb%c9%99k-dilini-oyr%c9%99nin\/\">\r\n            <div class=\"learnNavigationWrapper\">\r\n                <div class=\"learnNavigationContent\">\r\n                    <img decoding=\"async\" src=\"https:\/\/talkpal.ai\/wp-content\/uploads\/2025\/11\/Uzbek.png\" alt=\"Uzbek Flag\">\r\n                    <div>\r\n                        <h4>\u00d6zb\u0259k dilinin \u00f6yr\u0259nilm\u0259si haqq\u0131nda<\/h4>\r\n                        <p>\u00d6zb\u0259k qrammatikas\u0131 haqq\u0131nda h\u0259r \u015feyi \u00f6yr\u0259nin.<\/p>\r\n                    <\/div>\r\n                <\/div>\r\n            <\/div>\r\n        <\/a>\r\n\r\n        \r\n        <a href=\"https:\/\/talkpal.ai\/az\/ozb%c9%99k-qrammatikasi\/\">\r\n            <div class=\"learnNavigationWrapper\">\r\n                <div class=\"learnNavigationContent\">\r\n                    <img decoding=\"async\" src=\"https:\/\/talkpal.ai\/wp-content\/uploads\/2025\/11\/Uzbek.png\" alt=\"Uzbek Flag\">\r\n                    <div>\r\n                        <h4>\u00d6zb\u0259k dilinin qrammatika d\u0259rsl\u0259ri<\/h4>\r\n                        <p>\u00d6zb\u0259k qrammatikas\u0131n\u0131 t\u0259tbiq edin.<\/p>\r\n                    <\/div>\r\n                <\/div>\r\n            <\/div>\r\n        <\/a>\r\n\r\n            <\/section>","protected":false},"excerpt":{"rendered":"<p>\u00d6zb\u0259k dilinin qrammatika m\u00f6vzular\u0131 Yeni bir dil \u00f6yr\u0259nm\u0259k \u00e7\u0259tin, lakin m\u00fckafatland\u0131r\u0131c\u0131 bir i\u015f ola bil\u0259r. \u00d6zb\u0259kistanda v\u0259 qon\u015fu b\u00f6lg\u0259l\u0259rd\u0259 \u0259sas\u0259n dan\u0131\u015f\u0131lan t\u00fcrk dili olan \u00f6zb\u0259k dili d\u0259 istisna deyil. \u00d6zb\u0259k dilini \u00f6yr\u0259nm\u0259k, onun qrammatikas\u0131n\u0131 ba\u015fa d\u00fc\u015fm\u0259k \u00fc\u00e7\u00fcn sistematik yana\u015fma t\u0259l\u0259b edir. Bu t\u0259limat, isiml\u0259r v\u0259 m\u0259qal\u0259l\u0259r kimi \u0259saslardan ba\u015flayaraq v\u0259 zamanlar v\u0259 c\u00fcml\u0259 quruculu\u011fu kimi [&hellip;]<\/p>\n","protected":false},"author":20,"featured_media":0,"parent":0,"menu_order":0,"comment_status":"closed","ping_status":"closed","template":"LearningContentPage.php","meta":{"_acf_changed":false,"footnotes":""},"class_list":["post-1474418","page","type-page","status-publish","hentry"],"acf":[],"yoast_head":"<!-- This site is optimized with the Yoast SEO Premium plugin v27.2 (Yoast SEO v27.2) - https:\/\/yoast.com\/product\/yoast-seo-premium-wordpress\/ -->\n<title>\u00d6zb\u0259k dilind\u0259 qrammatika m\u0259\u015fql\u0259ri - Talkpal<\/title>\n<meta name=\"description\" content=\"Dil s\u0259lisliyinizi inki\u015faf etdirm\u0259k \u00fc\u00e7\u00fcn isiml\u0259ri, fell\u0259ri v\u0259 zamanlar\u0131 \u0259hat\u0259 ed\u0259n interaktiv m\u0259\u015fql\u0259rl\u0259 \u00d6zb\u0259k qrammatikas\u0131na yiy\u0259l\u0259nin.\" \/>\n<meta name=\"robots\" content=\"index, follow, max-snippet:-1, max-image-preview:large, max-video-preview:-1\" \/>\n<link rel=\"canonical\" href=\"https:\/\/talkpal.ai\/az\/ozb%c9%99k-dilind%c9%99-qrammatika-m%c9%99sql%c9%99ri\/\" \/>\n<meta property=\"og:locale\" content=\"az_AZ\" \/>\n<meta property=\"og:type\" content=\"article\" \/>\n<meta property=\"og:title\" content=\"\u00d6zb\u0259k dilind\u0259 qrammatika m\u0259\u015fql\u0259ri\" \/>\n<meta property=\"og:description\" content=\"\u00d6zb\u0259k dilinin qrammatika m\u00f6vzular\u0131 Yeni bir dil \u00f6yr\u0259nm\u0259k \u00e7\u0259tin, lakin m\u00fckafatland\u0131r\u0131c\u0131 bir i\u015f ola bil\u0259r. \u00d6zb\u0259kistanda v\u0259 qon\u015fu b\u00f6lg\u0259l\u0259rd\u0259 \u0259sas\u0259n dan\u0131\u015f\u0131lan\" \/>\n<meta property=\"og:url\" content=\"https:\/\/talkpal.ai\/az\/ozb%c9%99k-dilind%c9%99-qrammatika-m%c9%99sql%c9%99ri\/\" \/>\n<meta property=\"og:site_name\" content=\"Talkpal\" \/>\n<meta property=\"article:publisher\" content=\"https:\/\/www.facebook.com\/profile.php?id=100090733639311\" \/>\n<meta property=\"article:modified_time\" content=\"2025-12-30T13:36:01+00:00\" \/>\n<meta property=\"og:image\" content=\"https:\/\/talkpal.ai\/wp-content\/uploads\/2025\/02\/Progress-tab-16_9.png\" \/>\n\t<meta property=\"og:image:width\" content=\"2880\" \/>\n\t<meta property=\"og:image:height\" content=\"1620\" \/>\n\t<meta property=\"og:image:type\" content=\"image\/png\" \/>\n<meta name=\"twitter:card\" content=\"summary_large_image\" \/>\n<meta name=\"twitter:site\" content=\"@talkpalai\" \/>\n<meta name=\"twitter:label1\" content=\"Est. reading time\" \/>\n\t<meta name=\"twitter:data1\" content=\"5 minutes\" \/>\n<script type=\"application\/ld+json\" class=\"yoast-schema-graph\">{\"@context\":\"https:\/\/schema.org\",\"@graph\":[{\"@type\":\"WebPage\",\"@id\":\"https:\/\/talkpal.ai\/az\/ozb%c9%99k-dilind%c9%99-qrammatika-m%c9%99sql%c9%99ri\/\",\"url\":\"https:\/\/talkpal.ai\/az\/ozb%c9%99k-dilind%c9%99-qrammatika-m%c9%99sql%c9%99ri\/\",\"name\":\"\u00d6zb\u0259k dilind\u0259 qrammatika m\u0259\u015fql\u0259ri - Talkpal\",\"isPartOf\":{\"@id\":\"https:\/\/talkpal.ai\/az\/#website\"},\"datePublished\":\"2025-11-12T17:24:56+00:00\",\"dateModified\":\"2025-12-30T13:36:01+00:00\",\"description\":\"Dil s\u0259lisliyinizi inki\u015faf etdirm\u0259k \u00fc\u00e7\u00fcn isiml\u0259ri, fell\u0259ri v\u0259 zamanlar\u0131 \u0259hat\u0259 ed\u0259n interaktiv m\u0259\u015fql\u0259rl\u0259 \u00d6zb\u0259k qrammatikas\u0131na yiy\u0259l\u0259nin.\",\"breadcrumb\":{\"@id\":\"https:\/\/talkpal.ai\/az\/ozb%c9%99k-dilind%c9%99-qrammatika-m%c9%99sql%c9%99ri\/#breadcrumb\"},\"inLanguage\":\"az\",\"potentialAction\":[{\"@type\":\"ReadAction\",\"target\":[\"https:\/\/talkpal.ai\/az\/ozb%c9%99k-dilind%c9%99-qrammatika-m%c9%99sql%c9%99ri\/\"]}]},{\"@type\":\"BreadcrumbList\",\"@id\":\"https:\/\/talkpal.ai\/az\/ozb%c9%99k-dilind%c9%99-qrammatika-m%c9%99sql%c9%99ri\/#breadcrumb\",\"itemListElement\":[{\"@type\":\"ListItem\",\"position\":1,\"name\":\"Homepage\",\"item\":\"https:\/\/talkpal.ai\/az\/\"},{\"@type\":\"ListItem\",\"position\":2,\"name\":\"\u00d6zb\u0259k dilind\u0259 qrammatika m\u0259\u015fql\u0259ri\"}]},{\"@type\":\"WebSite\",\"@id\":\"https:\/\/talkpal.ai\/az\/#website\",\"url\":\"https:\/\/talkpal.ai\/az\/\",\"name\":\"Talkpal\",\"description\":\"AI Language Learning\",\"publisher\":{\"@id\":\"https:\/\/talkpal.ai\/az\/#organization\"},\"alternateName\":\"Talkpal AI\",\"potentialAction\":[{\"@type\":\"SearchAction\",\"target\":{\"@type\":\"EntryPoint\",\"urlTemplate\":\"https:\/\/talkpal.ai\/az\/?s={search_term_string}\"},\"query-input\":{\"@type\":\"PropertyValueSpecification\",\"valueRequired\":true,\"valueName\":\"search_term_string\"}}],\"inLanguage\":\"az\"},{\"@type\":\"Organization\",\"@id\":\"https:\/\/talkpal.ai\/az\/#organization\",\"name\":\"Talkpal, Inc.\",\"alternateName\":\"Talkpal AI\",\"url\":\"https:\/\/talkpal.ai\/az\/\",\"logo\":{\"@type\":\"ImageObject\",\"inLanguage\":\"az\",\"@id\":\"https:\/\/talkpal.ai\/az\/#\/schema\/logo\/image\/\",\"url\":\"https:\/\/talkpal.ai\/wp-content\/uploads\/2024\/03\/Talkpal-Logo-Icon.png\",\"contentUrl\":\"https:\/\/talkpal.ai\/wp-content\/uploads\/2024\/03\/Talkpal-Logo-Icon.png\",\"width\":2880,\"height\":2880,\"caption\":\"Talkpal, Inc.\"},\"image\":{\"@id\":\"https:\/\/talkpal.ai\/az\/#\/schema\/logo\/image\/\"},\"sameAs\":[\"https:\/\/www.facebook.com\/profile.php?id=100090733639311\",\"https:\/\/x.com\/talkpalai\",\"https:\/\/www.linkedin.com\/company\/talkpal\/\",\"https:\/\/www.youtube.com\/@TalkPal\/\",\"https:\/\/www.tiktok.com\/@talkpal\",\"https:\/\/www.instagram.com\/talkpal_ai\/\",\"https:\/\/www.crunchbase.com\/organization\/talkpal-9cde\",\"https:\/\/www.g2.com\/products\/talkpal-for-business\/\",\"https:\/\/www.trustpilot.com\/review\/talkpal.ai\",\"https:\/\/www.capterra.com\/p\/10006800\/TalkPal\/\"],\"description\":\"Talkpal is a language learning web and mobile education app, powered by the latest AI technologies, that provides engaging experiences to its customers in many different languages to help them improve their language skills. Users can chat about unlimited amount of topics with the app and use other modes to practice their language learning.\",\"email\":\"support@talkpal.ai\",\"legalName\":\"Talkpal, Inc.\",\"foundingDate\":\"2023-04-03\",\"duns\":\"118989042\",\"numberOfEmployees\":{\"@type\":\"QuantitativeValue\",\"minValue\":\"11\",\"maxValue\":\"50\"},\"publishingPrinciples\":\"https:\/\/talkpal.ai\/publishing-principles\/\",\"actionableFeedbackPolicy\":\"https:\/\/talkpal.ai\/actionable-feedback-policy\/\",\"correctionsPolicy\":\"https:\/\/talkpal.ai\/corrections-policy\/\",\"ethicsPolicy\":\"https:\/\/talkpal.ai\/ethics-policy\/\",\"diversityPolicy\":\"https:\/\/talkpal.ai\/diversity-policy\/\",\"diversityStaffingReport\":\"https:\/\/talkpal.ai\/diversity-policy\/\"}]}<\/script>\n<!-- \/ Yoast SEO Premium plugin. -->","yoast_head_json":{"title":"\u00d6zb\u0259k dilind\u0259 qrammatika m\u0259\u015fql\u0259ri - Talkpal","description":"Dil s\u0259lisliyinizi inki\u015faf etdirm\u0259k \u00fc\u00e7\u00fcn isiml\u0259ri, fell\u0259ri v\u0259 zamanlar\u0131 \u0259hat\u0259 ed\u0259n interaktiv m\u0259\u015fql\u0259rl\u0259 \u00d6zb\u0259k qrammatikas\u0131na yiy\u0259l\u0259nin.","robots":{"index":"index","follow":"follow","max-snippet":"max-snippet:-1","max-image-preview":"max-image-preview:large","max-video-preview":"max-video-preview:-1"},"canonical":"https:\/\/talkpal.ai\/az\/ozb%c9%99k-dilind%c9%99-qrammatika-m%c9%99sql%c9%99ri\/","og_locale":"az_AZ","og_type":"article","og_title":"\u00d6zb\u0259k dilind\u0259 qrammatika m\u0259\u015fql\u0259ri","og_description":"\u00d6zb\u0259k dilinin qrammatika m\u00f6vzular\u0131 Yeni bir dil \u00f6yr\u0259nm\u0259k \u00e7\u0259tin, lakin m\u00fckafatland\u0131r\u0131c\u0131 bir i\u015f ola bil\u0259r. \u00d6zb\u0259kistanda v\u0259 qon\u015fu b\u00f6lg\u0259l\u0259rd\u0259 \u0259sas\u0259n dan\u0131\u015f\u0131lan","og_url":"https:\/\/talkpal.ai\/az\/ozb%c9%99k-dilind%c9%99-qrammatika-m%c9%99sql%c9%99ri\/","og_site_name":"Talkpal","article_publisher":"https:\/\/www.facebook.com\/profile.php?id=100090733639311","article_modified_time":"2025-12-30T13:36:01+00:00","og_image":[{"width":2880,"height":1620,"url":"https:\/\/talkpal.ai\/wp-content\/uploads\/2025\/02\/Progress-tab-16_9.png","type":"image\/png"}],"twitter_card":"summary_large_image","twitter_site":"@talkpalai","twitter_misc":{"Est. reading time":"5 minutes"},"schema":{"@context":"https:\/\/schema.org","@graph":[{"@type":"WebPage","@id":"https:\/\/talkpal.ai\/az\/ozb%c9%99k-dilind%c9%99-qrammatika-m%c9%99sql%c9%99ri\/","url":"https:\/\/talkpal.ai\/az\/ozb%c9%99k-dilind%c9%99-qrammatika-m%c9%99sql%c9%99ri\/","name":"\u00d6zb\u0259k dilind\u0259 qrammatika m\u0259\u015fql\u0259ri - Talkpal","isPartOf":{"@id":"https:\/\/talkpal.ai\/az\/#website"},"datePublished":"2025-11-12T17:24:56+00:00","dateModified":"2025-12-30T13:36:01+00:00","description":"Dil s\u0259lisliyinizi inki\u015faf etdirm\u0259k \u00fc\u00e7\u00fcn isiml\u0259ri, fell\u0259ri v\u0259 zamanlar\u0131 \u0259hat\u0259 ed\u0259n interaktiv m\u0259\u015fql\u0259rl\u0259 \u00d6zb\u0259k qrammatikas\u0131na yiy\u0259l\u0259nin.","breadcrumb":{"@id":"https:\/\/talkpal.ai\/az\/ozb%c9%99k-dilind%c9%99-qrammatika-m%c9%99sql%c9%99ri\/#breadcrumb"},"inLanguage":"az","potentialAction":[{"@type":"ReadAction","target":["https:\/\/talkpal.ai\/az\/ozb%c9%99k-dilind%c9%99-qrammatika-m%c9%99sql%c9%99ri\/"]}]},{"@type":"BreadcrumbList","@id":"https:\/\/talkpal.ai\/az\/ozb%c9%99k-dilind%c9%99-qrammatika-m%c9%99sql%c9%99ri\/#breadcrumb","itemListElement":[{"@type":"ListItem","position":1,"name":"Homepage","item":"https:\/\/talkpal.ai\/az\/"},{"@type":"ListItem","position":2,"name":"\u00d6zb\u0259k dilind\u0259 qrammatika m\u0259\u015fql\u0259ri"}]},{"@type":"WebSite","@id":"https:\/\/talkpal.ai\/az\/#website","url":"https:\/\/talkpal.ai\/az\/","name":"Talkpal","description":"AI Language Learning","publisher":{"@id":"https:\/\/talkpal.ai\/az\/#organization"},"alternateName":"Talkpal AI","potentialAction":[{"@type":"SearchAction","target":{"@type":"EntryPoint","urlTemplate":"https:\/\/talkpal.ai\/az\/?s={search_term_string}"},"query-input":{"@type":"PropertyValueSpecification","valueRequired":true,"valueName":"search_term_string"}}],"inLanguage":"az"},{"@type":"Organization","@id":"https:\/\/talkpal.ai\/az\/#organization","name":"Talkpal, Inc.","alternateName":"Talkpal AI","url":"https:\/\/talkpal.ai\/az\/","logo":{"@type":"ImageObject","inLanguage":"az","@id":"https:\/\/talkpal.ai\/az\/#\/schema\/logo\/image\/","url":"https:\/\/talkpal.ai\/wp-content\/uploads\/2024\/03\/Talkpal-Logo-Icon.png","contentUrl":"https:\/\/talkpal.ai\/wp-content\/uploads\/2024\/03\/Talkpal-Logo-Icon.png","width":2880,"height":2880,"caption":"Talkpal, Inc."},"image":{"@id":"https:\/\/talkpal.ai\/az\/#\/schema\/logo\/image\/"},"sameAs":["https:\/\/www.facebook.com\/profile.php?id=100090733639311","https:\/\/x.com\/talkpalai","https:\/\/www.linkedin.com\/company\/talkpal\/","https:\/\/www.youtube.com\/@TalkPal\/","https:\/\/www.tiktok.com\/@talkpal","https:\/\/www.instagram.com\/talkpal_ai\/","https:\/\/www.crunchbase.com\/organization\/talkpal-9cde","https:\/\/www.g2.com\/products\/talkpal-for-business\/","https:\/\/www.trustpilot.com\/review\/talkpal.ai","https:\/\/www.capterra.com\/p\/10006800\/TalkPal\/"],"description":"Talkpal is a language learning web and mobile education app, powered by the latest AI technologies, that provides engaging experiences to its customers in many different languages to help them improve their language skills. Users can chat about unlimited amount of topics with the app and use other modes to practice their language learning.","email":"support@talkpal.ai","legalName":"Talkpal, Inc.","foundingDate":"2023-04-03","duns":"118989042","numberOfEmployees":{"@type":"QuantitativeValue","minValue":"11","maxValue":"50"},"publishingPrinciples":"https:\/\/talkpal.ai\/publishing-principles\/","actionableFeedbackPolicy":"https:\/\/talkpal.ai\/actionable-feedback-policy\/","correctionsPolicy":"https:\/\/talkpal.ai\/corrections-policy\/","ethicsPolicy":"https:\/\/talkpal.ai\/ethics-policy\/","diversityPolicy":"https:\/\/talkpal.ai\/diversity-policy\/","diversityStaffingReport":"https:\/\/talkpal.ai\/diversity-policy\/"}]}},"_links":{"self":[{"href":"https:\/\/talkpal.ai\/az\/wp-json\/wp\/v2\/pages\/1474418","targetHints":{"allow":["GET"]}}],"collection":[{"href":"https:\/\/talkpal.ai\/az\/wp-json\/wp\/v2\/pages"}],"about":[{"href":"https:\/\/talkpal.ai\/az\/wp-json\/wp\/v2\/types\/page"}],"author":[{"embeddable":true,"href":"https:\/\/talkpal.ai\/az\/wp-json\/wp\/v2\/users\/20"}],"replies":[{"embeddable":true,"href":"https:\/\/talkpal.ai\/az\/wp-json\/wp\/v2\/comments?post=1474418"}],"version-history":[{"count":0,"href":"https:\/\/talkpal.ai\/az\/wp-json\/wp\/v2\/pages\/1474418\/revisions"}],"wp:attachment":[{"href":"https:\/\/talkpal.ai\/az\/wp-json\/wp\/v2\/media?parent=1474418"}],"curies":[{"name":"wp","href":"https:\/\/api.w.org\/{rel}","templated":true}]}}