{"id":1474333,"date":"2025-11-12T16:58:05","date_gmt":"2025-11-12T16:58:05","guid":{"rendered":"https:\/\/talkpal.ai\/somali-qrammatikasi\/"},"modified":"2025-12-30T11:13:37","modified_gmt":"2025-12-30T11:13:37","slug":"somali-qrammatikasi","status":"publish","type":"page","link":"https:\/\/talkpal.ai\/az\/somali-qrammatikasi\/","title":{"rendered":"Somali qrammatikas\u0131"},"content":{"rendered":"\r\n\r\n\r\n<section class=\"languageChallengeSection\">\r\n    <div class=\"languageInfoWrapper\">\r\n        \r\n        <h1>Somali qrammatikas\u0131<\/h1>\r\n        <p><a href=\"https:\/\/talkpal.ai\/learn-somali\/\">Somali<\/a> qrammatikas\u0131 ilk bax\u0131\u015fda \u00e7\u0259tin g\u00f6r\u00fcn\u0259 bil\u0259r, lakin onun unikal x\u00fcsusiyy\u0259tl\u0259ri dil \u00f6yr\u0259nm\u0259yi faydal\u0131 bir t\u0259cr\u00fcb\u0259 hal\u0131na g\u0259tirir. Onun \u0259lifbas\u0131n\u0131, mutasiyalar\u0131n\u0131 v\u0259 qrammatik qaydalar\u0131n\u0131 t\u0259dqiq etm\u0259kl\u0259 siz z\u0259ngin dil \u0259n\u0259n\u0259si haqq\u0131nda fikir \u0259ld\u0259 ed\u0259c\u0259ksiniz. S\u0259yah\u0259tiniz\u0259 ba\u015flay\u0131n v\u0259 Somalinin g\u00f6z\u0259lliyini k\u0259\u015ff edin!<\/p>\r\n\r\n                            <a class=\"getStartedHidden\" href=\"https:\/\/app.talkpal.ai\/signup?lng=\">Ba\u015fla<\/a>\r\n        \r\n    <\/div>\r\n\r\n    <figure>\r\n    <img decoding=\"async\" width=\"768\" height=\"768\" src=\"https:\/\/talkpal.ai\/wp-content\/uploads\/2023\/06\/welsh-768x768.png\" class=\"languageImage no-lazy\" alt=\"Language learning for better cognitive abilities\" fetchpriority=\"high\" sizes=\"(max-width: 768px) 150px, 768px\" srcset=\"https:\/\/talkpal.ai\/wp-content\/uploads\/2023\/06\/welsh-768x768.png 768w, https:\/\/talkpal.ai\/wp-content\/uploads\/2023\/06\/welsh-300x300.png 300w\" \/>\r\n    \r\n\r\n    <\/figure>\r\n\r\n            <a class=\"getStartedVisible\" href=\"https:\/\/app.talkpal.ai\/signup?lng=\">Ba\u015fla<\/a>\r\n    \r\n<\/section><section class=\"promotionalBanner\">\r\n    <p class=\"promotionalText\">Dil \u00f6yr\u0259nm\u0259yin \u0259n t\u0259sirli yolu<\/p>\r\n    <a class=\"promotionalLink\" href=\"https:\/\/app.talkpal.ai\/signup?lng=\">Talkpal pulsuz s\u0131nay\u0131n<\/a>\r\n<\/section>\n<div class=\"wp-block-group pageContainerStyle\"><div class=\"wp-block-group__inner-container is-layout-constrained wp-block-group-is-layout-constrained\">\n<h2 class=\"wp-block-heading\" id=\"h-navigating-the-intricacies-of-somali-grammar\">Somali qrammatikas\u0131n\u0131n inc\u0259likl\u0259ri<\/h2>\n\n\n\n<p>Z\u0259ngin tarixi v\u0259 m\u0259d\u0259ni \u0259h\u0259miyy\u0259ti olan Afroasiatik ail\u0259nin Ku\u015fitik dili <a href=\"https:\/\/talkpal.ai\/az\/somali-dilini-oyr%c9%99nin\/\">olan Somali<\/a> dili, unikal <a href=\"https:\/\/talkpal.ai\/grammar\/\">qrammatika<\/a> sistemini ara\u015fd\u0131rmaq ist\u0259y\u0259nl\u0259r \u00fc\u00e7\u00fcn h\u0259y\u0259can verici bir linqvistik t\u0259cr\u00fcb\u0259 t\u0259qdim edir. Somali al\u0259min\u0259 gir\u0259rk\u0259n yaln\u0131z linqvistik repertuar\u0131n\u0131z\u0131 z\u0259nginl\u0259\u015fdirm\u0259y\u0259c\u0259k, h\u0259m d\u0259 maraql\u0131 bir m\u0259d\u0259ni s\u0259yah\u0259ti qucaqlayacaqs\u0131n\u0131z. Somali qrammatikas\u0131 ilk bax\u0131\u015fda m\u00fcr\u0259kk\u0259b g\u00f6r\u00fcns\u0259 d\u0259, onu \u0259sas komponentl\u0259r\u0259 b\u00f6lm\u0259k dilin \u00f6yr\u0259nilm\u0259sini daha \u0259l\u00e7atan edir. Bu yaz\u0131da Somali qrammatikas\u0131n\u0131n cazib\u0259dar d\u00fcnyas\u0131n\u0131 ara\u015fd\u0131raca\u011f\u0131q v\u0259 m\u00fcr\u0259kk\u0259blikl\u0259rini nec\u0259 m\u0259nims\u0259m\u0259k bar\u0259d\u0259 m\u0259sl\u0259h\u0259tl\u0259r ver\u0259c\u0259yik.<\/p>\n\n\n\n<h3 class=\"wp-block-heading\" id=\"h-1-somali-alphabet-and-phonetics\">1. Somali \u018flifbas\u0131 v\u0259 Fonetikas\u0131<\/h3>\n\n\n\n<p>Somali yaz\u0131 sistemi, be\u015f saitd\u0259n ibar\u0259t Lat\u0131n \u0259sasl\u0131 \u0259lifbadan v\u0259 c, x v\u0259 q kimi Somali dilin\u0259 xas s\u0259sl\u0259ri ehtiva ed\u0259n samitl\u0259r d\u0259sti istifad\u0259 edir. Ayr\u0131ca dh, kh v\u0259 sh kimi diqraflarla, el\u0259c\u0259 d\u0259 m\u0259nas\u0131n\u0131 d\u0259yi\u015fdir\u0259 bil\u0259c\u0259k kontrast sait v\u0259 samit uzunlu\u011fu il\u0259 qar\u015f\u0131la\u015facaqs\u0131n\u0131z. Somali qrammatikas\u0131n\u0131 <a href=\"https:\/\/talkpal.ai\/az\/oyr%c9%99nm%c9%99k\/\">\u00f6yr\u0259nm\u0259k<\/a> \u00fc\u00e7\u00fcn Somali dilind\u0259 oxumaq v\u0259 yazmaq t\u0259cr\u00fcb\u0259si il\u0259 bu f\u0259rqli yaz\u0131 sistemi il\u0259 tan\u0131\u015f olmaq vacibdir.<\/p>\n\n\n\n<h3 class=\"wp-block-heading\" id=\"h-2-phonology-and-prosody-distinctive-somali-features\">2. Fonologiya v\u0259 Prosodiya: F\u0259rqli Somali X\u00fcsusiyy\u0259tl\u0259ri<\/h3>\n\n\n\n<p>Somali dilinin \u0259n t\u0259\u0259cc\u00fcbl\u00fc c\u0259h\u0259tl\u0259rind\u0259n biri, sait uzunlu\u011funun, samit uzunlu\u011funun v\u0259 s\u0259s vur\u011fusunun \u0259h\u0259miyy\u0259tidir ki, bu da ba\u015fqa c\u00fcr ox\u015far s\u00f6zl\u0259r aras\u0131nda m\u0259nalar\u0131 bir-birind\u0259n ay\u0131r\u0131r. Somali dilind\u0259 bir \u00e7ox dild\u0259 nadir hallarda rast g\u0259lin\u0259n faringeal v\u0259 uvular samitl\u0259r d\u0259 var. Uzunlu\u011fun, vur\u011funun v\u0259 bu samitl\u0259rin nec\u0259 i\u015fl\u0259diyini ba\u015fa d\u00fc\u015fm\u0259k Somali dilind\u0259 d\u0259qiq t\u0259l\u0259ff\u00fcz v\u0259 \u00fcnsiyy\u0259t \u00fc\u00e7\u00fcn vacibdir.<\/p>\n\n\n\n<h3 class=\"wp-block-heading\" id=\"h-3-nouns-and-pronouns-gender-and-cases\">3. Nouns v\u0259 Pronouns: Cins v\u0259 Hallar<\/h3>\n\n\n\n<p>Somali isiml\u0259ri qrammatik cins\u0259 (ki\u015fi v\u0259 ya qad\u0131n) malikdir v\u0259 c\u0259m r\u0259q\u0259ml\u0259ri bir ne\u00e7\u0259 yolla formala\u015f\u0131r, tez-tez sonluqlarda d\u0259yi\u015fiklikl\u0259r v\u0259 b\u0259z\u0259n t\u0259k v\u0259 c\u0259m aras\u0131nda gender q\u00fctbl\u00fcy\u00fcnd\u0259. M\u00fc\u0259yy\u0259nlik, s\u0259s n\u00fcmun\u0259l\u0259rin\u0259 v\u0259 cins\u0259 g\u00f6r\u0259 d\u0259yi\u015f\u0259n -ka, -ta, -ga v\u0259 -da kimi sonfiksl\u0259rl\u0259 i\u015far\u0259l\u0259nir. Somali subyekt v\u0259 cinsiyy\u0259t m\u00fcnasib\u0259tl\u0259ri kimi rollar\u0131 qeyd etm\u0259k \u00fc\u00e7\u00fcn bir hal sistemind\u0259n istifad\u0259 edir. Somali dilind\u0259 \u0259v\u0259zlikl\u0259r\u0259 \u015f\u0259xsi, m\u00fclkiyy\u0259t\u00e7i, refleksiv, n\u00fcmayi\u015f v\u0259 sor\u011fu formalar\u0131 daxildir. Bu \u0259v\u0259zlikl\u0259r v\u0259 onlar\u0131n formalar\u0131 il\u0259 tan\u0131\u015f olmaq Somali qrammatikas\u0131n\u0131 \u0259h\u0259miyy\u0259tli d\u0259r\u0259c\u0259d\u0259 art\u0131racaqd\u0131r.<\/p>\n\n\n\n<h3 class=\"wp-block-heading\" id=\"h-4-verbs-structure-and-conjugation\">4. Feill\u0259r: Struktur v\u0259 konyunktura<\/h3>\n\n\n\n<p>Somali fell\u0259ri zaman, aspekt, \u0259hval-ruhiyy\u0259 v\u0259 \u015f\u0259xsi \u0259ks etdir\u0259n n\u00fcmun\u0259l\u0259ri izl\u0259yir. Tez-tez istifad\u0259 olunan zamanlar v\u0259 aspektl\u0259r\u0259 indiki, ke\u00e7mi\u015f v\u0259 g\u0259l\u0259c\u0259k, \u015f\u0259rti, <a href=\"https:\/\/talkpal.ai\/ja\/grammar_exercises\/imperatif-%e3%83%95%e3%83%a9%e3%83%b3%e3%82%b9%e3%81%ae%e6%96%87%e6%b3%95%e3%81%ae%e3%81%9f%e3%82%81%e3%81%ae%e6%bc%94%e7%bf%92\/\">imperativ<\/a> v\u0259 subjunctive kimi \u0259hval-ruhiyy\u0259 daxildir. \u0130nkar ad\u0259t\u0259n feld\u0259n \u0259vv\u0259l yerl\u0259\u015fdirilmi\u015f hiss\u0259cikl\u0259rl\u0259 \u0259m\u0259l\u0259 g\u0259lir v\u0259 \u015f\u0259xs raz\u0131l\u0131\u011f\u0131 \u0259lav\u0259l\u0259r v\u0259 hiss\u0259cikl\u0259r vasit\u0259sil\u0259 g\u00f6st\u0259rilir. Fel konjugasiya qaydalar\u0131n\u0131 v\u0259 c\u00fcml\u0259 hiss\u0259cikl\u0259rini \u00f6yr\u0259nm\u0259k, Somali dilind\u0259 effektiv \u00fcnsiyy\u0259t qurma qabiliyy\u0259tinizi art\u0131racaqd\u0131r.<\/p>\n\n\n\n<h3 class=\"wp-block-heading\" id=\"h-5-adjectives-agreement-and-placement\">5. Adjectives: Raz\u0131la\u015fma v\u0259 yerl\u0259\u015fdirm\u0259<\/h3>\n\n\n\n<p>Somali qrammatikas\u0131nda sif\u0259tl\u0259r ad\u0259t\u0259n d\u0259yi\u015fdirdikl\u0259ri ismi izl\u0259yir v\u0259 laz\u0131m olduqda cins v\u0259 n\u00f6mr\u0259 bax\u0131m\u0131ndan isim il\u0259 raz\u0131la\u015fmal\u0131d\u0131rlar. M\u00fcqayis\u0259li v\u0259 \u00fcst\u00fcnl\u00fckl\u0259r tez-tez m\u00fcqayis\u0259li \u00fc\u00e7\u00fcn ka v\u0259 \u00fcst\u00fcn \u00fc\u00e7\u00fcn ugu kimi markerl\u0259rl\u0259 \u0259m\u0259l\u0259 g\u0259lir v\u0259 b\u0259zi sif\u0259tl\u0259rd\u0259 daha t\u0259bii \u00fcnsiyy\u0259t qurma\u011f\u0131 \u00f6yr\u0259nm\u0259k \u00fc\u00e7\u00fcn vacib olan d\u00fczensiz n\u00fcmun\u0259l\u0259r var.<\/p>\n\n\n\n<p><strong>N\u00fcmun\u0259l\u0259r:<\/strong><\/p>\n\n\n\n<p><strong>&#8211; Jacayl Weyn (B\u00f6y\u00fck Sevgi)<\/strong><\/p>\n\n\n\n<p><strong>&#8211; Caruur Yar (Ki\u00e7ik U\u015faqlar)<\/strong><\/p>\n\n\n\n<h3 class=\"wp-block-heading\" id=\"h-6-engaging-with-the-language\">6. Dil il\u0259 m\u0259\u015f\u011ful olmaq<\/h3>\n\n\n\n<p>Somali qrammatikas\u0131n\u0131 tam ba\u015fa d\u00fc\u015fm\u0259yin v\u0259 m\u0259nims\u0259m\u0259yin \u0259n t\u0259sirli yolu dill\u0259 ard\u0131c\u0131l \u015f\u0259kild\u0259 m\u0259\u015f\u011ful olmaqd\u0131r. Somali \u0259d\u0259biyyat\u0131n\u0131 oxuyur, Somali radiosuna qulaq asaraq, Somali filml\u0259rin\u0259 v\u0259 ya televiziya seriallar\u0131na baxaraq, ana dili dan\u0131\u015fanlarla f\u0259al \u00fcnsiyy\u0259t quraraq, l\u00fc\u011f\u0259tinizi geni\u015fl\u0259ndir\u0259rk\u0259n qrammatika anlay\u0131\u015f\u0131n\u0131z\u0131 g\u00fccl\u0259ndir\u0259c\u0259ksiniz.<\/p>\n\n\n\n<h3 class=\"wp-block-heading\" id=\"h-conclusion\">N\u0259tic\u0259<\/h3>\n\n\n\n<p>Somali qrammatikas\u0131 m\u00fcr\u0259kk\u0259b g\u00f6r\u00fcns\u0259 d\u0259, f\u0259dakarl\u0131q, t\u0259cr\u00fcb\u0259 v\u0259 co\u015fqu il\u0259 bu g\u00f6z\u0259l dild\u0259 bacar\u0131ql\u0131 ola bil\u0259rsiniz. \u018fsas qaydalara diqq\u0259t yetir\u0259r\u0259k v\u0259 m\u00fcxt\u0259lif kontekstl\u0259rd\u0259 dill\u0259 m\u0259\u015f\u011ful olaraq, Somali <a href=\"https:\/\/talkpal.ai\/az\/qrammatika\/\">dilinin qrammatika bacar\u0131qlar\u0131n\u0131z\u0131<\/a> s\u00fcr\u0259tl\u0259 inki\u015faf etdir\u0259c\u0259ksiniz. Somali dili s\u0259yah\u0259tinizd\u0259 Nasiib wacan (u\u011furlar) v\u0259 Somali qrammatikas\u0131n\u0131n m\u00fc\u0259mmal\u0131, lakin cazib\u0259dar d\u00fcnyas\u0131n\u0131 a\u00e7maqdan z\u00f6vq al\u0131n!<\/p>\n<\/div><\/div>\n\r\n<section class=\"learnNavigationSection\">\r\n            \r\n        <a href=\"https:\/\/talkpal.ai\/az\/somali-dilini-oyr%c9%99nin\/\">\r\n            <div class=\"learnNavigationWrapper\">\r\n                <div class=\"learnNavigationContent\">\r\n                    <img decoding=\"async\" src=\"https:\/\/talkpal.ai\/wp-content\/uploads\/2025\/11\/Somali.png\" alt=\"Somalian Flag\">\r\n                    <div>\r\n                        <h4>Somali \u00d6yr\u0259nm\u0259 Haqq\u0131nda<\/h4>\r\n                        <p>Somali qrammatikas\u0131 haqq\u0131nda h\u0259r \u015feyi \u00f6yr\u0259nin.<\/p>\r\n                    <\/div>\r\n                <\/div>\r\n            <\/div>\r\n        <\/a>\r\n\r\n        \r\n        <a href=\"https:\/\/talkpal.ai\/az\/somali-qrammatika-m%c9%99sql%c9%99ri\/\">\r\n            <div class=\"learnNavigationWrapper\">\r\n                <div class=\"learnNavigationContent\">\r\n                    <img decoding=\"async\" src=\"https:\/\/talkpal.ai\/wp-content\/uploads\/2025\/11\/Somali.png\" alt=\"Somalian Flag\">\r\n                    <div>\r\n                        <h4>Somali qrammatika m\u0259\u015fqi<\/h4>\r\n                        <p>Somali qrammatikas\u0131n\u0131 t\u0259tbiq edin.<\/p>\r\n                    <\/div>\r\n                <\/div>\r\n            <\/div>\r\n        <\/a>\r\n\r\n            <\/section>","protected":false},"excerpt":{"rendered":"<p>Somali qrammatikas\u0131n\u0131n inc\u0259likl\u0259ri Z\u0259ngin tarixi v\u0259 m\u0259d\u0259ni \u0259h\u0259miyy\u0259ti olan Afroasiatik ail\u0259nin Ku\u015fitik dili olan Somali dili, unikal qrammatika sistemini ara\u015fd\u0131rmaq ist\u0259y\u0259nl\u0259r \u00fc\u00e7\u00fcn h\u0259y\u0259can verici bir linqvistik t\u0259cr\u00fcb\u0259 t\u0259qdim edir. Somali al\u0259min\u0259 gir\u0259rk\u0259n yaln\u0131z linqvistik repertuar\u0131n\u0131z\u0131 z\u0259nginl\u0259\u015fdirm\u0259y\u0259c\u0259k, h\u0259m d\u0259 maraql\u0131 bir m\u0259d\u0259ni s\u0259yah\u0259ti qucaqlayacaqs\u0131n\u0131z. Somali qrammatikas\u0131 ilk bax\u0131\u015fda m\u00fcr\u0259kk\u0259b g\u00f6r\u00fcns\u0259 d\u0259, onu \u0259sas komponentl\u0259r\u0259 b\u00f6lm\u0259k dilin [&hellip;]<\/p>\n","protected":false},"author":20,"featured_media":0,"parent":0,"menu_order":0,"comment_status":"closed","ping_status":"closed","template":"LearningContentPage.php","meta":{"_acf_changed":false,"footnotes":""},"class_list":["post-1474333","page","type-page","status-publish","hentry"],"acf":[],"yoast_head":"<!-- This site is optimized with the Yoast SEO Premium plugin v27.2 (Yoast SEO v27.2) - https:\/\/yoast.com\/product\/yoast-seo-premium-wordpress\/ -->\n<title>Somali qrammatikas\u0131 - Talkpal<\/title>\n<meta name=\"description\" content=\"H\u0259rt\u0259r\u0259fli \u00f6yr\u0259nm\u0259 t\u0259limat\u0131m\u0131zla \u0259lifbadan fel birl\u0259\u015fm\u0259sin\u0259 q\u0259d\u0259r Somali qrammatikas\u0131n\u0131n m\u00fcr\u0259kk\u0259blikl\u0259rini m\u0259nims\u0259yin.\" \/>\n<meta name=\"robots\" content=\"index, follow, max-snippet:-1, max-image-preview:large, max-video-preview:-1\" \/>\n<link rel=\"canonical\" href=\"https:\/\/talkpal.ai\/az\/somali-qrammatikasi\/\" \/>\n<meta property=\"og:locale\" content=\"az_AZ\" \/>\n<meta property=\"og:type\" content=\"article\" \/>\n<meta property=\"og:title\" content=\"Somali qrammatikas\u0131\" \/>\n<meta property=\"og:description\" content=\"Somali qrammatikas\u0131n\u0131n inc\u0259likl\u0259ri Z\u0259ngin tarixi v\u0259 m\u0259d\u0259ni \u0259h\u0259miyy\u0259ti olan Afroasiatik ail\u0259nin Ku\u015fitik dili olan Somali dili, unikal qrammatika sistemini\" \/>\n<meta property=\"og:url\" content=\"https:\/\/talkpal.ai\/az\/somali-qrammatikasi\/\" \/>\n<meta property=\"og:site_name\" content=\"Talkpal\" \/>\n<meta property=\"article:publisher\" content=\"https:\/\/www.facebook.com\/profile.php?id=100090733639311\" \/>\n<meta property=\"article:modified_time\" content=\"2025-12-30T11:13:37+00:00\" \/>\n<meta property=\"og:image\" content=\"https:\/\/talkpal.ai\/wp-content\/uploads\/2025\/02\/Progress-tab-16_9.png\" \/>\n\t<meta property=\"og:image:width\" content=\"2880\" \/>\n\t<meta property=\"og:image:height\" content=\"1620\" \/>\n\t<meta property=\"og:image:type\" content=\"image\/png\" \/>\n<meta name=\"twitter:card\" content=\"summary_large_image\" \/>\n<meta name=\"twitter:site\" content=\"@talkpalai\" \/>\n<meta name=\"twitter:label1\" content=\"Est. reading time\" \/>\n\t<meta name=\"twitter:data1\" content=\"4 minutes\" \/>\n<script type=\"application\/ld+json\" class=\"yoast-schema-graph\">{\"@context\":\"https:\/\/schema.org\",\"@graph\":[{\"@type\":\"WebPage\",\"@id\":\"https:\/\/talkpal.ai\/az\/somali-qrammatikasi\/\",\"url\":\"https:\/\/talkpal.ai\/az\/somali-qrammatikasi\/\",\"name\":\"Somali qrammatikas\u0131 - Talkpal\",\"isPartOf\":{\"@id\":\"https:\/\/talkpal.ai\/az\/#website\"},\"datePublished\":\"2025-11-12T16:58:05+00:00\",\"dateModified\":\"2025-12-30T11:13:37+00:00\",\"description\":\"H\u0259rt\u0259r\u0259fli \u00f6yr\u0259nm\u0259 t\u0259limat\u0131m\u0131zla \u0259lifbadan fel birl\u0259\u015fm\u0259sin\u0259 q\u0259d\u0259r Somali qrammatikas\u0131n\u0131n m\u00fcr\u0259kk\u0259blikl\u0259rini m\u0259nims\u0259yin.\",\"breadcrumb\":{\"@id\":\"https:\/\/talkpal.ai\/az\/somali-qrammatikasi\/#breadcrumb\"},\"inLanguage\":\"az\",\"potentialAction\":[{\"@type\":\"ReadAction\",\"target\":[\"https:\/\/talkpal.ai\/az\/somali-qrammatikasi\/\"]}]},{\"@type\":\"BreadcrumbList\",\"@id\":\"https:\/\/talkpal.ai\/az\/somali-qrammatikasi\/#breadcrumb\",\"itemListElement\":[{\"@type\":\"ListItem\",\"position\":1,\"name\":\"Homepage\",\"item\":\"https:\/\/talkpal.ai\/az\/\"},{\"@type\":\"ListItem\",\"position\":2,\"name\":\"Somali qrammatikas\u0131\"}]},{\"@type\":\"WebSite\",\"@id\":\"https:\/\/talkpal.ai\/az\/#website\",\"url\":\"https:\/\/talkpal.ai\/az\/\",\"name\":\"Talkpal\",\"description\":\"AI Language Learning\",\"publisher\":{\"@id\":\"https:\/\/talkpal.ai\/az\/#organization\"},\"alternateName\":\"Talkpal AI\",\"potentialAction\":[{\"@type\":\"SearchAction\",\"target\":{\"@type\":\"EntryPoint\",\"urlTemplate\":\"https:\/\/talkpal.ai\/az\/?s={search_term_string}\"},\"query-input\":{\"@type\":\"PropertyValueSpecification\",\"valueRequired\":true,\"valueName\":\"search_term_string\"}}],\"inLanguage\":\"az\"},{\"@type\":\"Organization\",\"@id\":\"https:\/\/talkpal.ai\/az\/#organization\",\"name\":\"Talkpal, Inc.\",\"alternateName\":\"Talkpal AI\",\"url\":\"https:\/\/talkpal.ai\/az\/\",\"logo\":{\"@type\":\"ImageObject\",\"inLanguage\":\"az\",\"@id\":\"https:\/\/talkpal.ai\/az\/#\/schema\/logo\/image\/\",\"url\":\"https:\/\/talkpal.ai\/wp-content\/uploads\/2024\/03\/Talkpal-Logo-Icon.png\",\"contentUrl\":\"https:\/\/talkpal.ai\/wp-content\/uploads\/2024\/03\/Talkpal-Logo-Icon.png\",\"width\":2880,\"height\":2880,\"caption\":\"Talkpal, Inc.\"},\"image\":{\"@id\":\"https:\/\/talkpal.ai\/az\/#\/schema\/logo\/image\/\"},\"sameAs\":[\"https:\/\/www.facebook.com\/profile.php?id=100090733639311\",\"https:\/\/x.com\/talkpalai\",\"https:\/\/www.linkedin.com\/company\/talkpal\/\",\"https:\/\/www.youtube.com\/@TalkPal\/\",\"https:\/\/www.tiktok.com\/@talkpal\",\"https:\/\/www.instagram.com\/talkpal_ai\/\",\"https:\/\/www.crunchbase.com\/organization\/talkpal-9cde\",\"https:\/\/www.g2.com\/products\/talkpal-for-business\/\",\"https:\/\/www.trustpilot.com\/review\/talkpal.ai\",\"https:\/\/www.capterra.com\/p\/10006800\/TalkPal\/\"],\"description\":\"Talkpal is a language learning web and mobile education app, powered by the latest AI technologies, that provides engaging experiences to its customers in many different languages to help them improve their language skills. Users can chat about unlimited amount of topics with the app and use other modes to practice their language learning.\",\"email\":\"support@talkpal.ai\",\"legalName\":\"Talkpal, Inc.\",\"foundingDate\":\"2023-04-03\",\"duns\":\"118989042\",\"numberOfEmployees\":{\"@type\":\"QuantitativeValue\",\"minValue\":\"11\",\"maxValue\":\"50\"},\"publishingPrinciples\":\"https:\/\/talkpal.ai\/publishing-principles\/\",\"actionableFeedbackPolicy\":\"https:\/\/talkpal.ai\/actionable-feedback-policy\/\",\"correctionsPolicy\":\"https:\/\/talkpal.ai\/corrections-policy\/\",\"ethicsPolicy\":\"https:\/\/talkpal.ai\/ethics-policy\/\",\"diversityPolicy\":\"https:\/\/talkpal.ai\/diversity-policy\/\",\"diversityStaffingReport\":\"https:\/\/talkpal.ai\/diversity-policy\/\"}]}<\/script>\n<!-- \/ Yoast SEO Premium plugin. -->","yoast_head_json":{"title":"Somali qrammatikas\u0131 - Talkpal","description":"H\u0259rt\u0259r\u0259fli \u00f6yr\u0259nm\u0259 t\u0259limat\u0131m\u0131zla \u0259lifbadan fel birl\u0259\u015fm\u0259sin\u0259 q\u0259d\u0259r Somali qrammatikas\u0131n\u0131n m\u00fcr\u0259kk\u0259blikl\u0259rini m\u0259nims\u0259yin.","robots":{"index":"index","follow":"follow","max-snippet":"max-snippet:-1","max-image-preview":"max-image-preview:large","max-video-preview":"max-video-preview:-1"},"canonical":"https:\/\/talkpal.ai\/az\/somali-qrammatikasi\/","og_locale":"az_AZ","og_type":"article","og_title":"Somali qrammatikas\u0131","og_description":"Somali qrammatikas\u0131n\u0131n inc\u0259likl\u0259ri Z\u0259ngin tarixi v\u0259 m\u0259d\u0259ni \u0259h\u0259miyy\u0259ti olan Afroasiatik ail\u0259nin Ku\u015fitik dili olan Somali dili, unikal qrammatika sistemini","og_url":"https:\/\/talkpal.ai\/az\/somali-qrammatikasi\/","og_site_name":"Talkpal","article_publisher":"https:\/\/www.facebook.com\/profile.php?id=100090733639311","article_modified_time":"2025-12-30T11:13:37+00:00","og_image":[{"width":2880,"height":1620,"url":"https:\/\/talkpal.ai\/wp-content\/uploads\/2025\/02\/Progress-tab-16_9.png","type":"image\/png"}],"twitter_card":"summary_large_image","twitter_site":"@talkpalai","twitter_misc":{"Est. reading time":"4 minutes"},"schema":{"@context":"https:\/\/schema.org","@graph":[{"@type":"WebPage","@id":"https:\/\/talkpal.ai\/az\/somali-qrammatikasi\/","url":"https:\/\/talkpal.ai\/az\/somali-qrammatikasi\/","name":"Somali qrammatikas\u0131 - Talkpal","isPartOf":{"@id":"https:\/\/talkpal.ai\/az\/#website"},"datePublished":"2025-11-12T16:58:05+00:00","dateModified":"2025-12-30T11:13:37+00:00","description":"H\u0259rt\u0259r\u0259fli \u00f6yr\u0259nm\u0259 t\u0259limat\u0131m\u0131zla \u0259lifbadan fel birl\u0259\u015fm\u0259sin\u0259 q\u0259d\u0259r Somali qrammatikas\u0131n\u0131n m\u00fcr\u0259kk\u0259blikl\u0259rini m\u0259nims\u0259yin.","breadcrumb":{"@id":"https:\/\/talkpal.ai\/az\/somali-qrammatikasi\/#breadcrumb"},"inLanguage":"az","potentialAction":[{"@type":"ReadAction","target":["https:\/\/talkpal.ai\/az\/somali-qrammatikasi\/"]}]},{"@type":"BreadcrumbList","@id":"https:\/\/talkpal.ai\/az\/somali-qrammatikasi\/#breadcrumb","itemListElement":[{"@type":"ListItem","position":1,"name":"Homepage","item":"https:\/\/talkpal.ai\/az\/"},{"@type":"ListItem","position":2,"name":"Somali qrammatikas\u0131"}]},{"@type":"WebSite","@id":"https:\/\/talkpal.ai\/az\/#website","url":"https:\/\/talkpal.ai\/az\/","name":"Talkpal","description":"AI Language Learning","publisher":{"@id":"https:\/\/talkpal.ai\/az\/#organization"},"alternateName":"Talkpal AI","potentialAction":[{"@type":"SearchAction","target":{"@type":"EntryPoint","urlTemplate":"https:\/\/talkpal.ai\/az\/?s={search_term_string}"},"query-input":{"@type":"PropertyValueSpecification","valueRequired":true,"valueName":"search_term_string"}}],"inLanguage":"az"},{"@type":"Organization","@id":"https:\/\/talkpal.ai\/az\/#organization","name":"Talkpal, Inc.","alternateName":"Talkpal AI","url":"https:\/\/talkpal.ai\/az\/","logo":{"@type":"ImageObject","inLanguage":"az","@id":"https:\/\/talkpal.ai\/az\/#\/schema\/logo\/image\/","url":"https:\/\/talkpal.ai\/wp-content\/uploads\/2024\/03\/Talkpal-Logo-Icon.png","contentUrl":"https:\/\/talkpal.ai\/wp-content\/uploads\/2024\/03\/Talkpal-Logo-Icon.png","width":2880,"height":2880,"caption":"Talkpal, Inc."},"image":{"@id":"https:\/\/talkpal.ai\/az\/#\/schema\/logo\/image\/"},"sameAs":["https:\/\/www.facebook.com\/profile.php?id=100090733639311","https:\/\/x.com\/talkpalai","https:\/\/www.linkedin.com\/company\/talkpal\/","https:\/\/www.youtube.com\/@TalkPal\/","https:\/\/www.tiktok.com\/@talkpal","https:\/\/www.instagram.com\/talkpal_ai\/","https:\/\/www.crunchbase.com\/organization\/talkpal-9cde","https:\/\/www.g2.com\/products\/talkpal-for-business\/","https:\/\/www.trustpilot.com\/review\/talkpal.ai","https:\/\/www.capterra.com\/p\/10006800\/TalkPal\/"],"description":"Talkpal is a language learning web and mobile education app, powered by the latest AI technologies, that provides engaging experiences to its customers in many different languages to help them improve their language skills. Users can chat about unlimited amount of topics with the app and use other modes to practice their language learning.","email":"support@talkpal.ai","legalName":"Talkpal, Inc.","foundingDate":"2023-04-03","duns":"118989042","numberOfEmployees":{"@type":"QuantitativeValue","minValue":"11","maxValue":"50"},"publishingPrinciples":"https:\/\/talkpal.ai\/publishing-principles\/","actionableFeedbackPolicy":"https:\/\/talkpal.ai\/actionable-feedback-policy\/","correctionsPolicy":"https:\/\/talkpal.ai\/corrections-policy\/","ethicsPolicy":"https:\/\/talkpal.ai\/ethics-policy\/","diversityPolicy":"https:\/\/talkpal.ai\/diversity-policy\/","diversityStaffingReport":"https:\/\/talkpal.ai\/diversity-policy\/"}]}},"_links":{"self":[{"href":"https:\/\/talkpal.ai\/az\/wp-json\/wp\/v2\/pages\/1474333","targetHints":{"allow":["GET"]}}],"collection":[{"href":"https:\/\/talkpal.ai\/az\/wp-json\/wp\/v2\/pages"}],"about":[{"href":"https:\/\/talkpal.ai\/az\/wp-json\/wp\/v2\/types\/page"}],"author":[{"embeddable":true,"href":"https:\/\/talkpal.ai\/az\/wp-json\/wp\/v2\/users\/20"}],"replies":[{"embeddable":true,"href":"https:\/\/talkpal.ai\/az\/wp-json\/wp\/v2\/comments?post=1474333"}],"version-history":[{"count":0,"href":"https:\/\/talkpal.ai\/az\/wp-json\/wp\/v2\/pages\/1474333\/revisions"}],"wp:attachment":[{"href":"https:\/\/talkpal.ai\/az\/wp-json\/wp\/v2\/media?parent=1474333"}],"curies":[{"name":"wp","href":"https:\/\/api.w.org\/{rel}","templated":true}]}}