{"id":1474298,"date":"2025-11-12T16:44:57","date_gmt":"2025-11-12T16:44:57","guid":{"rendered":"https:\/\/talkpal.ai\/sinhal-qrammatikasi\/"},"modified":"2025-12-30T11:10:44","modified_gmt":"2025-12-30T11:10:44","slug":"sinhal-qrammatikasi","status":"publish","type":"page","link":"https:\/\/talkpal.ai\/az\/sinhal-qrammatikasi\/","title":{"rendered":"Sinhal qrammatikas\u0131"},"content":{"rendered":"\r\n\r\n\r\n<section class=\"languageChallengeSection\">\r\n    <div class=\"languageInfoWrapper\">\r\n        \r\n        <h1>Sinhal qrammatikas\u0131<\/h1>\r\n        <p><a href=\"https:\/\/talkpal.ai\/learn-sinhala\/\">Sinhala<\/a> qrammatikas\u0131 ilk bax\u0131\u015fda \u00e7\u0259tin g\u00f6r\u00fcn\u0259 bil\u0259r, lakin onun unikal x\u00fcsusiyy\u0259tl\u0259ri dili \u00f6yr\u0259nm\u0259yi m\u00fckafatland\u0131r\u0131c\u0131 bir t\u0259cr\u00fcb\u0259 hal\u0131na g\u0259tirir. Onun \u0259lifbas\u0131n\u0131, mutasiyalar\u0131n\u0131 v\u0259 qrammatik qaydalar\u0131n\u0131 t\u0259dqiq etm\u0259kl\u0259 siz z\u0259ngin dil \u0259n\u0259n\u0259si haqq\u0131nda fikir \u0259ld\u0259 ed\u0259c\u0259ksiniz. S\u0259yah\u0259t\u0259 ba\u015flay\u0131n v\u0259 Sinhalan\u0131n g\u00f6z\u0259lliyini k\u0259\u015ff edin!<\/p>\r\n\r\n                            <a class=\"getStartedHidden\" href=\"https:\/\/app.talkpal.ai\/signup?lng=\">Ba\u015fla<\/a>\r\n        \r\n    <\/div>\r\n\r\n    <figure>\r\n    <img decoding=\"async\" width=\"768\" height=\"768\" src=\"https:\/\/talkpal.ai\/wp-content\/uploads\/2023\/06\/welsh-768x768.png\" class=\"languageImage no-lazy\" alt=\"Language learning for better cognitive abilities\" fetchpriority=\"high\" sizes=\"(max-width: 768px) 150px, 768px\" srcset=\"https:\/\/talkpal.ai\/wp-content\/uploads\/2023\/06\/welsh-768x768.png 768w, https:\/\/talkpal.ai\/wp-content\/uploads\/2023\/06\/welsh-300x300.png 300w\" \/>\r\n    \r\n\r\n    <\/figure>\r\n\r\n            <a class=\"getStartedVisible\" href=\"https:\/\/app.talkpal.ai\/signup?lng=\">Ba\u015fla<\/a>\r\n    \r\n<\/section><section class=\"promotionalBanner\">\r\n    <p class=\"promotionalText\">Dil \u00f6yr\u0259nm\u0259yin \u0259n t\u0259sirli yolu<\/p>\r\n    <a class=\"promotionalLink\" href=\"https:\/\/app.talkpal.ai\/signup?lng=\">Talkpal pulsuz s\u0131nay\u0131n<\/a>\r\n<\/section>\n<div class=\"wp-block-group pageContainerStyle\"><div class=\"wp-block-group__inner-container is-layout-constrained wp-block-group-is-layout-constrained\">\n<h2 class=\"wp-block-heading\" id=\"h-navigating-the-intricacies-of-sinhala-grammar\">Sinhala qrammatikas\u0131n\u0131n inc\u0259likl\u0259ri<\/h2>\n\n\n\n<p>Z\u0259ngin tarixi v\u0259 m\u0259d\u0259ni \u0259h\u0259miyy\u0259ti olan \u015eri-Lankan\u0131n Hind-Aryan dili olan <a href=\"https:\/\/talkpal.ai\/az\/sinhal-dilini-oyr%c9%99nin\/\">Sinhala<\/a>, unikal <a href=\"https:\/\/talkpal.ai\/grammar\/\">qrammatika<\/a> sistemini ara\u015fd\u0131rmaq ist\u0259y\u0259nl\u0259r \u00fc\u00e7\u00fcn h\u0259y\u0259can verici bir linqvistik t\u0259cr\u00fcb\u0259 t\u0259qdim edir. Sinhala al\u0259min\u0259 gir\u0259rk\u0259n yaln\u0131z linqvistik repertuar\u0131n\u0131z\u0131 z\u0259nginl\u0259\u015fdirm\u0259kl\u0259 yana\u015f\u0131, h\u0259m d\u0259 maraql\u0131 bir m\u0259d\u0259ni s\u0259yah\u0259ti qucaqlayacaqs\u0131n\u0131z. <a href=\"https:\/\/talkpal.ai\/sinhala-grammar\/\">Sinhala qrammatikas\u0131<\/a> \u0259vv\u0259lc\u0259 m\u00fcr\u0259kk\u0259b g\u00f6r\u00fcns\u0259 d\u0259, onu \u0259sas komponentl\u0259r\u0259 b\u00f6lm\u0259k dili \u00f6yr\u0259nm\u0259yi daha \u0259l\u00e7atan edir. Bu yaz\u0131da Sinhala qrammatikas\u0131n\u0131n cazib\u0259dar d\u00fcnyas\u0131n\u0131 ara\u015fd\u0131raca\u011f\u0131q v\u0259 m\u00fcr\u0259kk\u0259blikl\u0259rini nec\u0259 m\u0259nims\u0259m\u0259k bar\u0259d\u0259 m\u0259sl\u0259h\u0259tl\u0259r ver\u0259c\u0259yik.<\/p>\n\n\n\n<h3 class=\"wp-block-heading\" id=\"h-1-sinhala-alphabet-and-phonetics\">1. Sinhala \u018flifbas\u0131 v\u0259 Fonetikas\u0131<\/h3>\n\n\n\n<p>Sinhala yaz\u0131 sistemi, soldan sa\u011fa yaz\u0131lm\u0131\u015f \u00f6z samitl\u0259ri v\u0259 saitl\u0259ri olan bir abugidad\u0131r. Samitl\u0259r diakritl\u0259rl\u0259 d\u0259yi\u015fdiril\u0259n \u00f6z\u00fcn\u0259m\u0259xsus bir sait da\u015f\u0131y\u0131r v\u0259 yaz\u0131da rakaransaya v\u0259 yansaya kimi f\u0259rqli elementl\u0259r, el\u0259c\u0259 d\u0259 dil\u0259 xas prenazalla\u015fd\u0131r\u0131lm\u0131\u015f v\u0259 retroflex samitl\u0259r var. Sinhala qrammatikas\u0131n\u0131 <a href=\"https:\/\/talkpal.ai\/az\/oyr%c9%99nm%c9%99k\/\">\u00f6yr\u0259nm\u0259k<\/a> \u00fc\u00e7\u00fcn Sinhala dilind\u0259 oxumaq v\u0259 yazmaq t\u0259cr\u00fcb\u0259si il\u0259 bu f\u0259rqli yaz\u0131 sistemi il\u0259 tan\u0131\u015f olmaq vacibdir.<\/p>\n\n\n\n<h3 class=\"wp-block-heading\" id=\"h-2-mutations-a-peculiar-sinhala-feature\">2. Mutasiyalar: \u00d6z\u00fcn\u0259m\u0259xsus Sinhala X\u00fcsusiyy\u0259ti<\/h3>\n\n\n\n<p>Sinhala ilkin samit mutasiyalar\u0131ndan istifad\u0259 etmir. Bunun \u0259v\u0259zin\u0259, diqq\u0259t\u0259layiq bir x\u00fcsusiyy\u0259t fonoloji sandhi v\u0259 assimilyasiyad\u0131r, o c\u00fcml\u0259d\u0259n sait birl\u0259\u015fm\u0259si v\u0259 morfem v\u0259 s\u00f6z s\u0259rh\u0259dl\u0259ri boyunca samit geminasiyas\u0131d\u0131r. Siz h\u0259m\u00e7inin dan\u0131\u015f\u0131q Sinhala dilind\u0259 t\u0259l\u0259ff\u00fcz v\u0259 ritm\u0259 <a href=\"https:\/\/talkpal.ai\/talkpal-discount-for-influencers-or-content-creators\/\">t\u0259sir ed\u0259n<\/a> birl\u0259\u015fmi\u015f h\u0259rfl\u0259r v\u0259 sistematik d\u0259yi\u015fiklikl\u0259rl\u0259 qar\u015f\u0131la\u015facaqs\u0131n\u0131z. Bu s\u0259s d\u0259yi\u015fiklikl\u0259rinin n\u0259 vaxt v\u0259 nec\u0259 ba\u015f verdiyini anlamaq Sinhalada d\u0259qiq \u00fcnsiyy\u0259t \u00fc\u00e7\u00fcn vacibdir.<\/p>\n\n\n\n<h3 class=\"wp-block-heading\" id=\"h-3-nouns-and-pronouns-gender-and-cases\">3. Nouns v\u0259 Pronouns: Cins v\u0259 Hallar<\/h3>\n\n\n\n<p>Sinhala isiml\u0259ri bir \u00e7ox Avropa dilind\u0259 oldu\u011fu kimi qrammatik cinsiyy\u0259ti qeyd etmir, lakin animasiyan\u0131 ay\u0131rd edir v\u0259 canl\u0131lar \u00fc\u00e7\u00fcn -l\u0101 v\u0259 bir \u00e7ox cans\u0131z \u00fc\u00e7\u00fcn -val kimi f\u0259rqli c\u0259m strategiyalar\u0131ndan istifad\u0259 edirl\u0259r. Case m\u00fcnasib\u0259tl\u0259ri sonfiksl\u0259r v\u0259 postpositionslarla ifad\u0259 olunur, m\u0259s\u0259l\u0259n, dativ \u00fc\u00e7\u00fcn -\u1e6da, genitive \u00fc\u00e7\u00fcn -ge v\u0259 instrumental v\u0259 ya ablatif funksiyalar \u00fc\u00e7\u00fcn -in. Sinhala dilind\u0259ki \u0259v\u0259zlikl\u0259r\u0259 r\u0259smilik v\u0259 h\u00f6rm\u0259t s\u0259viyy\u0259si olan \u015f\u0259xsi formalar (m\u0259s\u0259l\u0259n, mama I, oy\u0101 v\u0259 ya ob\u0101 you), m\u00fclkiyy\u0259t\u00e7il\u0259r (mage my, ob\u0113 your), refleksl\u0259r (tamange one&#8217;s own), n\u00fcmayi\u015fl\u0259r (me this, e that) v\u0259 sor\u011fular (kavuda who, mokakda what) daxildir. Bu \u0259v\u0259zlikl\u0259r v\u0259 onlar\u0131n formalar\u0131 il\u0259 tan\u0131\u015f olmaq, Sinhala qrammatikas\u0131 anlay\u0131\u015f\u0131n\u0131z\u0131 \u0259h\u0259miyy\u0259tli d\u0259r\u0259c\u0259d\u0259 art\u0131racaqd\u0131r.<\/p>\n\n\n\n<h3 class=\"wp-block-heading\" id=\"h-4-verbs-structure-and-conjugation\">4. Feill\u0259r: Struktur v\u0259 konyunktura<\/h3>\n\n\n\n<p>Sinhala ilk n\u00f6vb\u0259d\u0259 SOV-dur v\u0259 fell\u0259r dan\u0131\u015f\u0131q dilind\u0259 \u015f\u0259xs v\u0259 ya n\u00f6mr\u0259d\u0259n daha \u00e7ox zaman v\u0259 q\u00fctbl\u00fcl\u00fck \u00fc\u00e7\u00fcn birl\u0259\u015fir. \u018fsas zamanlara \u015f\u0259rti v\u0259 <a href=\"https:\/\/talkpal.ai\/ja\/grammar_exercises\/imperatif-%e3%83%95%e3%83%a9%e3%83%b3%e3%82%b9%e3%81%ae%e6%96%87%e6%b3%95%e3%81%ae%e3%81%9f%e3%82%81%e3%81%ae%e6%bc%94%e7%bf%92\/\">imperativ<\/a> \u0259hval-ruhiyy\u0259 il\u0259 yana\u015f\u0131 indiki ad\u0259t, ke\u00e7mi\u015f v\u0259 g\u0259l\u0259c\u0259k daxildir. \u0130ndiki d\u00f6vr \u00fcmumiyy\u0259tl\u0259 -nava il\u0259 formala\u015f\u0131r, bir \u00e7ox ke\u00e7mi\u015f formalar k\u00f6k\u0259 \u0259saslan\u0131r v\u0259 neqativl\u0259r analitik olaraq qurulur. Fel konjugasiya n\u00fcmun\u0259l\u0259rini v\u0259 i\u015ftiraklar\u0131n v\u0259 k\u00f6m\u0259k\u00e7il\u0259rin rolunu \u00f6yr\u0259nm\u0259k, Sinhala dilind\u0259 effektiv \u00fcnsiyy\u0259t qurma qabiliyy\u0259tinizi art\u0131racaqd\u0131r.<\/p>\n\n\n\n<h3 class=\"wp-block-heading\" id=\"h-5-adjectives-agreement-and-placement\">5. Adjectives: Raz\u0131la\u015fma v\u0259 yerl\u0259\u015fdirm\u0259<\/h3>\n\n\n\n<p>Sinhala qrammatikas\u0131nda sif\u0259tl\u0259r ad\u0259t\u0259n d\u0259yi\u015fdirdikl\u0259ri isimd\u0259n \u0259vv\u0259l g\u0259lir v\u0259 isim il\u0259 say\u0131 v\u0259 ya cins bax\u0131m\u0131ndan raz\u0131 deyill\u0259r. M\u00fcqayis\u0259l\u0259r tez-tez vada daha \u00e7ox v\u0259 daha t\u0259bii \u00fcnsiyy\u0259t qurma\u011f\u0131 \u00f6yr\u0259nm\u0259k \u00fc\u00e7\u00fcn vacib olan klitik -ma il\u0259 \u00fcst\u00fcnl\u00fck t\u0259\u015fkil edir.<\/p>\n\n\n\n<p><strong>N\u00fcmun\u0259l\u0259r:<\/strong><\/p>\n\n\n\n<p><strong>&#8211; Loku Ad\u0101re (B\u00f6y\u00fck Sevgi)<\/strong><\/p>\n\n\n\n<p><strong>&#8211; Podi Lamayi (Ki\u00e7ik U\u015faqlar)<\/strong><\/p>\n\n\n\n<h3 class=\"wp-block-heading\" id=\"h-6-engaging-with-the-language\">6. Dil il\u0259 m\u0259\u015f\u011ful olmaq<\/h3>\n\n\n\n<p>Sinhala qrammatikas\u0131n\u0131 tam ba\u015fa d\u00fc\u015fm\u0259yin v\u0259 i\u00e7sell\u0259\u015fdirm\u0259yin \u0259n t\u0259sirli yolu dill\u0259 ard\u0131c\u0131l olaraq m\u0259\u015f\u011ful olmaqd\u0131r. Sinhala \u0259d\u0259biyyat\u0131n\u0131 oxuyaraq, Sinhala filml\u0259rini v\u0259 ya televiziya seriallar\u0131n\u0131 izl\u0259y\u0259r\u0259k v\u0259 ana dili dan\u0131\u015fanlarla f\u0259al \u00fcnsiyy\u0259t quraraq, l\u00fc\u011f\u0259tinizi geni\u015fl\u0259ndir\u0259rk\u0259n qrammatika anlay\u0131\u015f\u0131n\u0131z\u0131 g\u00fccl\u0259ndir\u0259c\u0259ksiniz.<\/p>\n\n\n\n<h3 class=\"wp-block-heading\" id=\"h-conclusion\">N\u0259tic\u0259<\/h3>\n\n\n\n<p>Sinhala qrammatikas\u0131 m\u00fcr\u0259kk\u0259b g\u00f6r\u00fcns\u0259 d\u0259, f\u0259dakarl\u0131q, t\u0259cr\u00fcb\u0259 v\u0259 co\u015fqu il\u0259 bu g\u00f6z\u0259l dild\u0259 bacar\u0131ql\u0131 ola bil\u0259rsiniz. \u018fsas qaydalara diqq\u0259t yetir\u0259r\u0259k v\u0259 m\u00fcxt\u0259lif kontekstl\u0259rd\u0259 dill\u0259 m\u0259\u015f\u011ful olaraq, Sinhala <a href=\"https:\/\/talkpal.ai\/az\/qrammatika\/\">qrammatika bacar\u0131qlar\u0131n\u0131z\u0131<\/a> s\u00fcr\u0259tl\u0259 inki\u015faf etdir\u0259c\u0259ksiniz. Subha pathum (Sinhala dili s\u0259yah\u0259tinizd\u0259 u\u011furlar) v\u0259 Sinhala qrammatikas\u0131n\u0131n m\u00fc\u0259mmal\u0131, lakin cazib\u0259dar d\u00fcnyas\u0131n\u0131 a\u00e7maqdan z\u00f6vq al\u0131n!<\/p>\n<\/div><\/div>\n\r\n<section class=\"learnNavigationSection\">\r\n            \r\n        <a href=\"https:\/\/talkpal.ai\/az\/sinhal-dilini-oyr%c9%99nin\/\">\r\n            <div class=\"learnNavigationWrapper\">\r\n                <div class=\"learnNavigationContent\">\r\n                    <img decoding=\"async\" src=\"https:\/\/talkpal.ai\/wp-content\/uploads\/2025\/11\/Sinhala.png\" alt=\"Sri Lankan Flag\">\r\n                    <div>\r\n                        <h4>Sinhala \u00d6yr\u0259nm\u0259 Haqq\u0131nda<\/h4>\r\n                        <p>Sinhala qrammatikas\u0131 haqq\u0131nda h\u0259r \u015feyi \u00f6yr\u0259nin.<\/p>\r\n                    <\/div>\r\n                <\/div>\r\n            <\/div>\r\n        <\/a>\r\n\r\n        \r\n        <a href=\"https:\/\/talkpal.ai\/az\/sinhala-qrammatika-m%c9%99sql%c9%99ri\/\">\r\n            <div class=\"learnNavigationWrapper\">\r\n                <div class=\"learnNavigationContent\">\r\n                    <img decoding=\"async\" src=\"https:\/\/talkpal.ai\/wp-content\/uploads\/2025\/11\/Sinhala.png\" alt=\"Sri Lankan Flag\">\r\n                    <div>\r\n                        <h4>Sinhala Qrammatika M\u0259\u015fqi<\/h4>\r\n                        <p>Sinhala qrammatikas\u0131n\u0131 t\u0259tbiq edin.<\/p>\r\n                    <\/div>\r\n                <\/div>\r\n            <\/div>\r\n        <\/a>\r\n\r\n            <\/section>","protected":false},"excerpt":{"rendered":"<p>Sinhala qrammatikas\u0131n\u0131n inc\u0259likl\u0259ri Z\u0259ngin tarixi v\u0259 m\u0259d\u0259ni \u0259h\u0259miyy\u0259ti olan \u015eri-Lankan\u0131n Hind-Aryan dili olan Sinhala, unikal qrammatika sistemini ara\u015fd\u0131rmaq ist\u0259y\u0259nl\u0259r \u00fc\u00e7\u00fcn h\u0259y\u0259can verici bir linqvistik t\u0259cr\u00fcb\u0259 t\u0259qdim edir. Sinhala al\u0259min\u0259 gir\u0259rk\u0259n yaln\u0131z linqvistik repertuar\u0131n\u0131z\u0131 z\u0259nginl\u0259\u015fdirm\u0259kl\u0259 yana\u015f\u0131, h\u0259m d\u0259 maraql\u0131 bir m\u0259d\u0259ni s\u0259yah\u0259ti qucaqlayacaqs\u0131n\u0131z. Sinhala qrammatikas\u0131 \u0259vv\u0259lc\u0259 m\u00fcr\u0259kk\u0259b g\u00f6r\u00fcns\u0259 d\u0259, onu \u0259sas komponentl\u0259r\u0259 b\u00f6lm\u0259k dili \u00f6yr\u0259nm\u0259yi daha [&hellip;]<\/p>\n","protected":false},"author":20,"featured_media":0,"parent":0,"menu_order":0,"comment_status":"closed","ping_status":"closed","template":"LearningContentPage.php","meta":{"_acf_changed":false,"footnotes":""},"class_list":["post-1474298","page","type-page","status-publish","hentry"],"acf":[],"yoast_head":"<!-- This site is optimized with the Yoast SEO Premium plugin v27.2 (Yoast SEO v27.2) - https:\/\/yoast.com\/product\/yoast-seo-premium-wordpress\/ -->\n<title>Sinhal qrammatikas\u0131 - Talkpal<\/title>\n<meta name=\"description\" content=\"Talkpal AI-nin h\u0259rt\u0259r\u0259fli v\u0259 interaktiv dil b\u0259l\u0259d\u00e7isi il\u0259 Sinhala qrammatika qaydalar\u0131n\u0131 m\u0259nims\u0259yin v\u0259 s\u0259lis dan\u0131\u015f\u0131q qabiliyy\u0259tinizi art\u0131r\u0131n.\" \/>\n<meta name=\"robots\" content=\"index, follow, max-snippet:-1, max-image-preview:large, max-video-preview:-1\" \/>\n<link rel=\"canonical\" href=\"https:\/\/talkpal.ai\/az\/sinhal-qrammatikasi\/\" \/>\n<meta property=\"og:locale\" content=\"az_AZ\" \/>\n<meta property=\"og:type\" content=\"article\" \/>\n<meta property=\"og:title\" content=\"Sinhal qrammatikas\u0131\" \/>\n<meta property=\"og:description\" content=\"Sinhala qrammatikas\u0131n\u0131n inc\u0259likl\u0259ri Z\u0259ngin tarixi v\u0259 m\u0259d\u0259ni \u0259h\u0259miyy\u0259ti olan \u015eri-Lankan\u0131n Hind-Aryan dili olan Sinhala, unikal qrammatika sistemini\" \/>\n<meta property=\"og:url\" content=\"https:\/\/talkpal.ai\/az\/sinhal-qrammatikasi\/\" \/>\n<meta property=\"og:site_name\" content=\"Talkpal\" \/>\n<meta property=\"article:publisher\" content=\"https:\/\/www.facebook.com\/profile.php?id=100090733639311\" \/>\n<meta property=\"article:modified_time\" content=\"2025-12-30T11:10:44+00:00\" \/>\n<meta property=\"og:image\" content=\"https:\/\/talkpal.ai\/wp-content\/uploads\/2025\/02\/Progress-tab-16_9.png\" \/>\n\t<meta property=\"og:image:width\" content=\"2880\" \/>\n\t<meta property=\"og:image:height\" content=\"1620\" \/>\n\t<meta property=\"og:image:type\" content=\"image\/png\" \/>\n<meta name=\"twitter:card\" content=\"summary_large_image\" \/>\n<meta name=\"twitter:site\" content=\"@talkpalai\" \/>\n<meta name=\"twitter:label1\" content=\"Est. reading time\" \/>\n\t<meta name=\"twitter:data1\" content=\"4 minutes\" \/>\n<script type=\"application\/ld+json\" class=\"yoast-schema-graph\">{\"@context\":\"https:\/\/schema.org\",\"@graph\":[{\"@type\":\"WebPage\",\"@id\":\"https:\/\/talkpal.ai\/az\/sinhal-qrammatikasi\/\",\"url\":\"https:\/\/talkpal.ai\/az\/sinhal-qrammatikasi\/\",\"name\":\"Sinhal qrammatikas\u0131 - Talkpal\",\"isPartOf\":{\"@id\":\"https:\/\/talkpal.ai\/az\/#website\"},\"datePublished\":\"2025-11-12T16:44:57+00:00\",\"dateModified\":\"2025-12-30T11:10:44+00:00\",\"description\":\"Talkpal AI-nin h\u0259rt\u0259r\u0259fli v\u0259 interaktiv dil b\u0259l\u0259d\u00e7isi il\u0259 Sinhala qrammatika qaydalar\u0131n\u0131 m\u0259nims\u0259yin v\u0259 s\u0259lis dan\u0131\u015f\u0131q qabiliyy\u0259tinizi art\u0131r\u0131n.\",\"breadcrumb\":{\"@id\":\"https:\/\/talkpal.ai\/az\/sinhal-qrammatikasi\/#breadcrumb\"},\"inLanguage\":\"az\",\"potentialAction\":[{\"@type\":\"ReadAction\",\"target\":[\"https:\/\/talkpal.ai\/az\/sinhal-qrammatikasi\/\"]}]},{\"@type\":\"BreadcrumbList\",\"@id\":\"https:\/\/talkpal.ai\/az\/sinhal-qrammatikasi\/#breadcrumb\",\"itemListElement\":[{\"@type\":\"ListItem\",\"position\":1,\"name\":\"Homepage\",\"item\":\"https:\/\/talkpal.ai\/az\/\"},{\"@type\":\"ListItem\",\"position\":2,\"name\":\"Sinhal qrammatikas\u0131\"}]},{\"@type\":\"WebSite\",\"@id\":\"https:\/\/talkpal.ai\/az\/#website\",\"url\":\"https:\/\/talkpal.ai\/az\/\",\"name\":\"Talkpal\",\"description\":\"AI Language Learning\",\"publisher\":{\"@id\":\"https:\/\/talkpal.ai\/az\/#organization\"},\"alternateName\":\"Talkpal AI\",\"potentialAction\":[{\"@type\":\"SearchAction\",\"target\":{\"@type\":\"EntryPoint\",\"urlTemplate\":\"https:\/\/talkpal.ai\/az\/?s={search_term_string}\"},\"query-input\":{\"@type\":\"PropertyValueSpecification\",\"valueRequired\":true,\"valueName\":\"search_term_string\"}}],\"inLanguage\":\"az\"},{\"@type\":\"Organization\",\"@id\":\"https:\/\/talkpal.ai\/az\/#organization\",\"name\":\"Talkpal, Inc.\",\"alternateName\":\"Talkpal AI\",\"url\":\"https:\/\/talkpal.ai\/az\/\",\"logo\":{\"@type\":\"ImageObject\",\"inLanguage\":\"az\",\"@id\":\"https:\/\/talkpal.ai\/az\/#\/schema\/logo\/image\/\",\"url\":\"https:\/\/talkpal.ai\/wp-content\/uploads\/2024\/03\/Talkpal-Logo-Icon.png\",\"contentUrl\":\"https:\/\/talkpal.ai\/wp-content\/uploads\/2024\/03\/Talkpal-Logo-Icon.png\",\"width\":2880,\"height\":2880,\"caption\":\"Talkpal, Inc.\"},\"image\":{\"@id\":\"https:\/\/talkpal.ai\/az\/#\/schema\/logo\/image\/\"},\"sameAs\":[\"https:\/\/www.facebook.com\/profile.php?id=100090733639311\",\"https:\/\/x.com\/talkpalai\",\"https:\/\/www.linkedin.com\/company\/talkpal\/\",\"https:\/\/www.youtube.com\/@TalkPal\/\",\"https:\/\/www.tiktok.com\/@talkpal\",\"https:\/\/www.instagram.com\/talkpal_ai\/\",\"https:\/\/www.crunchbase.com\/organization\/talkpal-9cde\",\"https:\/\/www.g2.com\/products\/talkpal-for-business\/\",\"https:\/\/www.trustpilot.com\/review\/talkpal.ai\",\"https:\/\/www.capterra.com\/p\/10006800\/TalkPal\/\"],\"description\":\"Talkpal is a language learning web and mobile education app, powered by the latest AI technologies, that provides engaging experiences to its customers in many different languages to help them improve their language skills. Users can chat about unlimited amount of topics with the app and use other modes to practice their language learning.\",\"email\":\"support@talkpal.ai\",\"legalName\":\"Talkpal, Inc.\",\"foundingDate\":\"2023-04-03\",\"duns\":\"118989042\",\"numberOfEmployees\":{\"@type\":\"QuantitativeValue\",\"minValue\":\"11\",\"maxValue\":\"50\"},\"publishingPrinciples\":\"https:\/\/talkpal.ai\/publishing-principles\/\",\"actionableFeedbackPolicy\":\"https:\/\/talkpal.ai\/actionable-feedback-policy\/\",\"correctionsPolicy\":\"https:\/\/talkpal.ai\/corrections-policy\/\",\"ethicsPolicy\":\"https:\/\/talkpal.ai\/ethics-policy\/\",\"diversityPolicy\":\"https:\/\/talkpal.ai\/diversity-policy\/\",\"diversityStaffingReport\":\"https:\/\/talkpal.ai\/diversity-policy\/\"}]}<\/script>\n<!-- \/ Yoast SEO Premium plugin. -->","yoast_head_json":{"title":"Sinhal qrammatikas\u0131 - Talkpal","description":"Talkpal AI-nin h\u0259rt\u0259r\u0259fli v\u0259 interaktiv dil b\u0259l\u0259d\u00e7isi il\u0259 Sinhala qrammatika qaydalar\u0131n\u0131 m\u0259nims\u0259yin v\u0259 s\u0259lis dan\u0131\u015f\u0131q qabiliyy\u0259tinizi art\u0131r\u0131n.","robots":{"index":"index","follow":"follow","max-snippet":"max-snippet:-1","max-image-preview":"max-image-preview:large","max-video-preview":"max-video-preview:-1"},"canonical":"https:\/\/talkpal.ai\/az\/sinhal-qrammatikasi\/","og_locale":"az_AZ","og_type":"article","og_title":"Sinhal qrammatikas\u0131","og_description":"Sinhala qrammatikas\u0131n\u0131n inc\u0259likl\u0259ri Z\u0259ngin tarixi v\u0259 m\u0259d\u0259ni \u0259h\u0259miyy\u0259ti olan \u015eri-Lankan\u0131n Hind-Aryan dili olan Sinhala, unikal qrammatika sistemini","og_url":"https:\/\/talkpal.ai\/az\/sinhal-qrammatikasi\/","og_site_name":"Talkpal","article_publisher":"https:\/\/www.facebook.com\/profile.php?id=100090733639311","article_modified_time":"2025-12-30T11:10:44+00:00","og_image":[{"width":2880,"height":1620,"url":"https:\/\/talkpal.ai\/wp-content\/uploads\/2025\/02\/Progress-tab-16_9.png","type":"image\/png"}],"twitter_card":"summary_large_image","twitter_site":"@talkpalai","twitter_misc":{"Est. reading time":"4 minutes"},"schema":{"@context":"https:\/\/schema.org","@graph":[{"@type":"WebPage","@id":"https:\/\/talkpal.ai\/az\/sinhal-qrammatikasi\/","url":"https:\/\/talkpal.ai\/az\/sinhal-qrammatikasi\/","name":"Sinhal qrammatikas\u0131 - Talkpal","isPartOf":{"@id":"https:\/\/talkpal.ai\/az\/#website"},"datePublished":"2025-11-12T16:44:57+00:00","dateModified":"2025-12-30T11:10:44+00:00","description":"Talkpal AI-nin h\u0259rt\u0259r\u0259fli v\u0259 interaktiv dil b\u0259l\u0259d\u00e7isi il\u0259 Sinhala qrammatika qaydalar\u0131n\u0131 m\u0259nims\u0259yin v\u0259 s\u0259lis dan\u0131\u015f\u0131q qabiliyy\u0259tinizi art\u0131r\u0131n.","breadcrumb":{"@id":"https:\/\/talkpal.ai\/az\/sinhal-qrammatikasi\/#breadcrumb"},"inLanguage":"az","potentialAction":[{"@type":"ReadAction","target":["https:\/\/talkpal.ai\/az\/sinhal-qrammatikasi\/"]}]},{"@type":"BreadcrumbList","@id":"https:\/\/talkpal.ai\/az\/sinhal-qrammatikasi\/#breadcrumb","itemListElement":[{"@type":"ListItem","position":1,"name":"Homepage","item":"https:\/\/talkpal.ai\/az\/"},{"@type":"ListItem","position":2,"name":"Sinhal qrammatikas\u0131"}]},{"@type":"WebSite","@id":"https:\/\/talkpal.ai\/az\/#website","url":"https:\/\/talkpal.ai\/az\/","name":"Talkpal","description":"AI Language Learning","publisher":{"@id":"https:\/\/talkpal.ai\/az\/#organization"},"alternateName":"Talkpal AI","potentialAction":[{"@type":"SearchAction","target":{"@type":"EntryPoint","urlTemplate":"https:\/\/talkpal.ai\/az\/?s={search_term_string}"},"query-input":{"@type":"PropertyValueSpecification","valueRequired":true,"valueName":"search_term_string"}}],"inLanguage":"az"},{"@type":"Organization","@id":"https:\/\/talkpal.ai\/az\/#organization","name":"Talkpal, Inc.","alternateName":"Talkpal AI","url":"https:\/\/talkpal.ai\/az\/","logo":{"@type":"ImageObject","inLanguage":"az","@id":"https:\/\/talkpal.ai\/az\/#\/schema\/logo\/image\/","url":"https:\/\/talkpal.ai\/wp-content\/uploads\/2024\/03\/Talkpal-Logo-Icon.png","contentUrl":"https:\/\/talkpal.ai\/wp-content\/uploads\/2024\/03\/Talkpal-Logo-Icon.png","width":2880,"height":2880,"caption":"Talkpal, Inc."},"image":{"@id":"https:\/\/talkpal.ai\/az\/#\/schema\/logo\/image\/"},"sameAs":["https:\/\/www.facebook.com\/profile.php?id=100090733639311","https:\/\/x.com\/talkpalai","https:\/\/www.linkedin.com\/company\/talkpal\/","https:\/\/www.youtube.com\/@TalkPal\/","https:\/\/www.tiktok.com\/@talkpal","https:\/\/www.instagram.com\/talkpal_ai\/","https:\/\/www.crunchbase.com\/organization\/talkpal-9cde","https:\/\/www.g2.com\/products\/talkpal-for-business\/","https:\/\/www.trustpilot.com\/review\/talkpal.ai","https:\/\/www.capterra.com\/p\/10006800\/TalkPal\/"],"description":"Talkpal is a language learning web and mobile education app, powered by the latest AI technologies, that provides engaging experiences to its customers in many different languages to help them improve their language skills. Users can chat about unlimited amount of topics with the app and use other modes to practice their language learning.","email":"support@talkpal.ai","legalName":"Talkpal, Inc.","foundingDate":"2023-04-03","duns":"118989042","numberOfEmployees":{"@type":"QuantitativeValue","minValue":"11","maxValue":"50"},"publishingPrinciples":"https:\/\/talkpal.ai\/publishing-principles\/","actionableFeedbackPolicy":"https:\/\/talkpal.ai\/actionable-feedback-policy\/","correctionsPolicy":"https:\/\/talkpal.ai\/corrections-policy\/","ethicsPolicy":"https:\/\/talkpal.ai\/ethics-policy\/","diversityPolicy":"https:\/\/talkpal.ai\/diversity-policy\/","diversityStaffingReport":"https:\/\/talkpal.ai\/diversity-policy\/"}]}},"_links":{"self":[{"href":"https:\/\/talkpal.ai\/az\/wp-json\/wp\/v2\/pages\/1474298","targetHints":{"allow":["GET"]}}],"collection":[{"href":"https:\/\/talkpal.ai\/az\/wp-json\/wp\/v2\/pages"}],"about":[{"href":"https:\/\/talkpal.ai\/az\/wp-json\/wp\/v2\/types\/page"}],"author":[{"embeddable":true,"href":"https:\/\/talkpal.ai\/az\/wp-json\/wp\/v2\/users\/20"}],"replies":[{"embeddable":true,"href":"https:\/\/talkpal.ai\/az\/wp-json\/wp\/v2\/comments?post=1474298"}],"version-history":[{"count":0,"href":"https:\/\/talkpal.ai\/az\/wp-json\/wp\/v2\/pages\/1474298\/revisions"}],"wp:attachment":[{"href":"https:\/\/talkpal.ai\/az\/wp-json\/wp\/v2\/media?parent=1474298"}],"curies":[{"name":"wp","href":"https:\/\/api.w.org\/{rel}","templated":true}]}}