{"id":1474286,"date":"2025-11-11T12:32:58","date_gmt":"2025-11-11T12:32:58","guid":{"rendered":"https:\/\/talkpal.ai\/albaniya-qrammatika-m%c9%99sql%c9%99ri\/"},"modified":"2025-12-30T15:40:25","modified_gmt":"2025-12-30T15:40:25","slug":"albaniya-qrammatika-m%c9%99sql%c9%99ri","status":"publish","type":"page","link":"https:\/\/talkpal.ai\/az\/albaniya-qrammatika-m%c9%99sql%c9%99ri\/","title":{"rendered":"Albaniya qrammatika m\u0259\u015fql\u0259ri"},"content":{"rendered":"\r\n\r\n\r\n<section class=\"languageChallengeSection\">\r\n    <div class=\"languageInfoWrapper\">\r\n        \r\n        <h1>Albaniya qrammatika m\u0259\u015fql\u0259ri<\/h1>\r\n        <p><a href=\"https:\/\/talkpal.ai\/learn-albanian\/\">Alban<\/a> qrammatikas\u0131na dalma\u011fa haz\u0131rs\u0131n\u0131z? Bir ne\u00e7\u0259 \u0259saslar\u0131 m\u0259\u015fq etm\u0259k bu unikal v\u0259 g\u00f6z\u0259l dill\u0259 rahat olma\u011fa k\u00f6m\u0259k ed\u0259c\u0259k. G\u00fcv\u0259ninizi art\u0131rmaq v\u0259 yol boyu \u0259yl\u0259nm\u0259k \u00fc\u00e7\u00fcn bu m\u0259\u015fql\u0259ri s\u0131nay\u0131n!<\/p>\r\n\r\n                            <a class=\"getStartedHidden\" href=\"https:\/\/app.talkpal.ai\/signup?lng=\">Ba\u015fla<\/a>\r\n        \r\n    <\/div>\r\n\r\n    <figure>\r\n    <img decoding=\"async\" width=\"768\" height=\"768\" src=\"https:\/\/talkpal.ai\/wp-content\/uploads\/2023\/06\/welsh-768x768.png\" class=\"languageImage no-lazy\" alt=\"Language learning for better cognitive abilities\" fetchpriority=\"high\" sizes=\"(max-width: 768px) 150px, 768px\" srcset=\"https:\/\/talkpal.ai\/wp-content\/uploads\/2023\/06\/welsh-768x768.png 768w, https:\/\/talkpal.ai\/wp-content\/uploads\/2023\/06\/welsh-300x300.png 300w\" \/>\r\n    \r\n\r\n    <\/figure>\r\n\r\n            <a class=\"getStartedVisible\" href=\"https:\/\/app.talkpal.ai\/signup?lng=\">Ba\u015fla<\/a>\r\n    \r\n<\/section><section class=\"promotionalBanner\">\r\n    <p class=\"promotionalText\">Dil \u00f6yr\u0259nm\u0259yin \u0259n t\u0259sirli yolu<\/p>\r\n    <a class=\"promotionalLink\" href=\"https:\/\/app.talkpal.ai\/signup?lng=\">Talkpal pulsuz s\u0131nay\u0131n<\/a>\r\n<\/section>\n<div class=\"wp-block-group pageContainerStyle\"><div class=\"wp-block-group__inner-container is-layout-constrained wp-block-group-is-layout-constrained\">\n<h2 class=\"wp-block-heading\" id=\"h-albanian-grammar-topics\">Albaniya qrammatika m\u00f6vzular\u0131<\/h2>\n\n\n\n<p><a href=\"https:\/\/talkpal.ai\/az\/yeni-dil-oyr%c9%99n%c9%99rk%c9%99n-qacmaq-lazim-olan-en-boyuk-s%c9%99hvl%c9%99r\/\">Yeni bir dil \u00f6yr\u0259nm\u0259k<\/a> \u00e7\u0259tin, lakin m\u00fckafatland\u0131r\u0131c\u0131 bir i\u015f ola bil\u0259r. Albaniyada dan\u0131\u015f\u0131lan Hind-Avropa dili olan <a href=\"https:\/\/talkpal.ai\/az\/alban-dilini-oyr%c9%99n\/\">alban dili<\/a> d\u0259 istisna deyil. Unikal x\u00fcsusiyy\u0259tl\u0259ri v\u0259 strukturlar\u0131 il\u0259 <a href=\"https:\/\/talkpal.ai\/learn-albanian\/\">alban<\/a> <a href=\"https:\/\/talkpal.ai\/az\/t%c9%99hsil-ucun-talkpal\/\">dilini \u00f6yr\u0259nm\u0259k<\/a> , z\u0259ngin qrammatikas\u0131n\u0131 ba\u015fa d\u00fc\u015fm\u0259k \u00fc\u00e7\u00fcn sistematik bir yana\u015fma t\u0259l\u0259b edir. Bu t\u0259limat, isiml\u0259r v\u0259 m\u0259qal\u0259l\u0259r kimi \u0259saslardan ba\u015flayaraq v\u0259 zamanlar v\u0259 c\u00fcml\u0259 quruculu\u011fu kimi daha m\u00fcr\u0259kk\u0259b sah\u0259l\u0259r\u0259 do\u011fru ir\u0259lil\u0259y\u0259r\u0259k dil <a href=\"https:\/\/talkpal.ai\/az\/dil-oyr%c9%99nilm%c9%99si-ucun-ai-chatbot\/\">\u00f6yr\u0259nilm\u0259si<\/a> \u00fc\u00e7\u00fcn m\u0259ntiqi ard\u0131c\u0131ll\u0131qla <a href=\"https:\/\/talkpal.ai\/az\/alban-qrammatikasi\/\">Alban qrammatikas\u0131n\u0131n<\/a> \u0259sas sah\u0259l\u0259rini t\u0259svir edir.<\/p>\n\n\n\n<h3 class=\"wp-block-heading\" id=\"h-1-nouns\">1. Nouns:<\/h3>\n\n\n\n<p><a href=\"https:\/\/talkpal.ai\/az\/alban-dilini-oyr%c9%99n\/\">Alban dili<\/a> s\u0259yah\u0259tiniz\u0259 isiml\u0259ri \u00f6yr\u0259nm\u0259kl\u0259 ba\u015flay\u0131n. Bura cins v\u0259 \u0259d\u0259d, \u00fcmumi v\u0259 x\u00fcsusi isiml\u0259r v\u0259 onlar\u0131n c\u0259m formalar\u0131n\u0131 ba\u015fa d\u00fc\u015fm\u0259k daxildir. Alban isiml\u0259ri d\u0259 hal \u00fc\u00e7\u00fcn b\u00fck\u00fcl\u00fcr v\u0259 h\u0259m qeyri-m\u00fc\u0259yy\u0259n, h\u0259m d\u0259 m\u00fc\u0259yy\u0259n formalara malikdir, m\u00fc\u0259yy\u0259nlik tez-tez isiml\u0259 ba\u011fl\u0131 bir sonfiksl\u0259 i\u015far\u0259l\u0259nir.<\/p>\n\n\n\n<h3 class=\"wp-block-heading\" id=\"h-2-articles\">2. M\u0259qal\u0259l\u0259r:<\/h3>\n\n\n\n<p>Albaniya dilind\u0259 m\u0259qal\u0259l\u0259r <a href=\"https:\/\/talkpal.ai\/ai-english-speaking-practice\/\">ingilis dilind\u0259n<\/a> f\u0259rqli i\u015fl\u0259yir. M\u00fc\u0259yy\u0259n m\u0259qal\u0259 \u00fcmumiyy\u0259tl\u0259 isiml\u0259 \u0259lav\u0259 olunan bir sonfiksdir, qeyri-m\u00fc\u0259yy\u0259n m\u0259qal\u0259 is\u0259 t\u0259klikd\u0259 ayr\u0131 nj\u00eb s\u00f6z\u00fcd\u00fcr. Alban dili d\u0259 sif\u0259tl\u0259rd\u0259n \u0259vv\u0259l v\u0259 cinsiyy\u0259t v\u0259 n\u00f6mr\u0259 bax\u0131m\u0131ndan raz\u0131la\u015fan m\u00fc\u0259yy\u0259n cinsiyy\u0259t konstruksiyalar\u0131nda bir \u0259laq\u0259l\u0259ndirici m\u0259qal\u0259d\u0259n istifad\u0259 edir.<\/p>\n\n\n\n<h3 class=\"wp-block-heading\" id=\"h-3-adjectives\">3. Adjectives:<\/h3>\n\n\n\n<p>Alban dilind\u0259 sif\u0259tl\u0259r ad\u0259t\u0259n \u00f6z isiml\u0259rini izl\u0259yirl\u0259r. Raz\u0131la\u015fma, ismin cinsini, n\u00f6mr\u0259sini v\u0259 hal\u0131n\u0131 \u0259ks etdir\u0259n sif\u0259tin \u00f6n\u00fcnd\u0259 yerl\u0259\u015fdirilmi\u015f \u0259laq\u0259l\u0259ndirici m\u0259qal\u0259 vasit\u0259sil\u0259 g\u00f6st\u0259rilir. M\u00fcqayis\u0259li v\u0259 \u00fcst\u00fcnl\u00fckl\u0259ri nec\u0259 formala\u015fd\u0131raca\u011f\u0131n\u0131z\u0131 \u00f6yr\u0259nin, \u00fcmumiyy\u0259tl\u0259 m\u00fcqayis\u0259li \u00fc\u00e7\u00fcn m\u00eb v\u0259 \u00fcst\u00fcnl\u00fck \u00fc\u00e7\u00fcn m\u00fc\u0259yy\u0259n forma il\u0259.<\/p>\n\n\n\n<h3 class=\"wp-block-heading\" id=\"h-4-pronouns-determiners\">4. Pronouns\/Determinl\u0259r:<\/h3>\n\n\n\n<p>Alban dilind\u0259 \u0259v\u0259zlikl\u0259r v\u0259 determinatorlar vacibdir; \u0130siml\u0259ri \u0259v\u0259z edir v\u0259 \u015f\u0259xs, m\u00fclkiyy\u0259t, miqdar v\u0259 daha \u00e7ox \u015fey haqq\u0131nda m\u0259lumat verirl\u0259r. Tez-tez feld\u0259n \u0259vv\u0259l g\u00f6r\u00fcn\u0259n klitik obyekt \u0259v\u0259zlikl\u0259rin\u0259 v\u0259 d\u0259yi\u015fdirdikl\u0259ri isiml\u0259 raz\u0131la\u015fan sahiblik determinatorlar\u0131na x\u00fcsusi diqq\u0259t yetirin.<\/p>\n\n\n\n<h3 class=\"wp-block-heading\" id=\"h-5-verbs\">5. Feill\u0259r:<\/h3>\n\n\n\n<p>Alban fell\u0259ri \u015f\u0259xs v\u0259 \u0259d\u0259d formas\u0131n\u0131 d\u0259yi\u015fir v\u0259 g\u00f6st\u0259rici, subjunctive, imperativ, \u015f\u0259rti v\u0259 heyranedici kimi bir ne\u00e7\u0259 \u0259hval-ruhiyy\u0259d\u0259 istifad\u0259 olunur. \u0130ndiki zaman v\u0259 \u00fcmumi ke\u00e7mi\u015f formalardan ba\u015flay\u0131n, sonra passiv formasiyalar da daxil olmaqla dig\u0259r \u0259hval-ruhiyy\u0259 v\u0259 s\u0259sl\u0259r\u0259 geni\u015fl\u0259nin.<\/p>\n\n\n\n<h3 class=\"wp-block-heading\" id=\"h-6-tenses\">6. G\u0259rginlikl\u0259r:<\/h3>\n\n\n\n<p>Alban dilini \u00f6yr\u0259ndikd\u0259n sonra alban dilini daha d\u0259rind\u0259n \u00f6yr\u0259nin. \u018fsas zamanlara indiki, qeyri-m\u00fck\u0259mm\u0259l, aorist, indiki m\u00fck\u0259mm\u0259l, pluperfect v\u0259 g\u0259l\u0259c\u0259k formalar daxildir. H\u0259r bir zaman\u0131n tamamlanm\u0131\u015f h\u0259r\u0259k\u0259tl\u0259ri, davam ed\u0259n ke\u00e7mi\u015f h\u0259r\u0259k\u0259tl\u0259ri v\u0259 g\u0259l\u0259c\u0259k hadis\u0259l\u0259ri ifad\u0259 etm\u0259k \u00fc\u00e7\u00fcn kontekstd\u0259 nec\u0259 istifad\u0259 edildiyini \u00f6yr\u0259nin.<\/p>\n\n\n\n<h3 class=\"wp-block-heading\" id=\"h-7-tense-comparison\">7. G\u0259rgin m\u00fcqayis\u0259:<\/h3>\n\n\n\n<p>Alban dilind\u0259 zamanlar\u0131 m\u00fcqayis\u0259 etm\u0259k hadis\u0259l\u0259rin ard\u0131c\u0131ll\u0131\u011f\u0131n\u0131 v\u0259 aspektini anlama\u011fa k\u00f6m\u0259k edir. Alban dilinin t\u0259k tamamlanm\u0131\u015f h\u0259r\u0259k\u0259tl\u0259ri, davam ed\u0259n ke\u00e7mi\u015f h\u0259r\u0259k\u0259tl\u0259ri v\u0259 indiki aktuall\u0131\u011f\u0131 nec\u0259 f\u0259rql\u0259ndirdiyini g\u00f6rm\u0259k \u00fc\u00e7\u00fcn aoristi indiki m\u00fck\u0259mm\u0259l olanla, qeyri-m\u00fck\u0259mm\u0259l olan\u0131 is\u0259 aorist il\u0259 m\u00fcqayis\u0259 edin.<\/p>\n\n\n\n<h3 class=\"wp-block-heading\" id=\"h-8-progressive\">8. M\u00fct\u0259r\u0259qqi:<\/h3>\n\n\n\n<p>Alban dilind\u0259 m\u00fct\u0259r\u0259qqi aspekt \u00fcmumiyy\u0259tl\u0259 sonlu feld\u0259n \u0259vv\u0259l po hiss\u0259cikl\u0259ri il\u0259 v\u0259 ya \u015fifahi isim v\u0259 ya hiss\u0259nin ard\u0131nca jam duke qurulu\u015fu il\u0259 ifad\u0259 olunur. Bu g\u00fcn v\u0259 ya ke\u00e7mi\u015fd\u0259 davam ed\u0259n h\u0259r\u0259k\u0259tl\u0259ri ifad\u0259 etm\u0259k \u00fc\u00e7\u00fcn bunlardan istifad\u0259 edin.<\/p>\n\n\n\n<h3 class=\"wp-block-heading\" id=\"h-9-perfect-progressive\">9. M\u00fck\u0259mm\u0259l T\u0259r\u0259qqi:<\/h3>\n\n\n\n<p>Bu aspektd\u0259n m\u00fc\u0259yy\u0259n bir n\u00f6qt\u0259y\u0259 q\u0259d\u0259r davam ed\u0259n h\u0259r\u0259k\u0259tl\u0259ri ifad\u0259 etm\u0259k \u00fc\u00e7\u00fcn istifad\u0259 olunur. Alban dilind\u0259, kam qen\u00eb duke il\u0259 formala\u015f\u0131r, ard\u0131ndan indiki m\u00fck\u0259mm\u0259l m\u00fct\u0259r\u0259qqi v\u0259 ke\u00e7mi\u015f m\u00fck\u0259mm\u0259l m\u00fct\u0259r\u0259qqi \u00fc\u00e7\u00fcn kisha qen\u00eb duke il\u0259 formala\u015f\u0131r.<\/p>\n\n\n\n<h3 class=\"wp-block-heading\" id=\"h-10-conditionals\">10. \u015e\u0259rti olaraq:<\/h3>\n\n\n\n<p>\u015e\u0259rti v\u0259ziyy\u0259tl\u0259r hipotetik v\u0259ziyy\u0259tl\u0259ri v\u0259 onlar\u0131n m\u00fcmk\u00fcn n\u0259tic\u0259l\u0259rini ifad\u0259 edir. Alban, potensial v\u0259 ya qeyri-real v\u0259ziyy\u0259tl\u0259r \u00fc\u00e7\u00fcn do t\u00eb plus uy\u011fun fel formas\u0131 v\u0259 n\u00ebse v\u0259 ya po t\u00eb t\u0259r\u0259find\u0259n t\u0259qdim olunan if-c\u00fcml\u0259l\u0259ri olan formalardan istifad\u0259 edir. Bunlar\u0131 m\u0259nims\u0259m\u0259k, dil bilikl\u0259riniz\u0259 n\u00fcanslar \u0259lav\u0259 ed\u0259c\u0259kdir.<\/p>\n\n\n\n<h3 class=\"wp-block-heading\" id=\"h-11-adverbs\">11. Adverbl\u0259r:<\/h3>\n\n\n\n<p>Alban dilind\u0259 z\u0259rfl\u0259r fell\u0259ri, sif\u0259tl\u0259ri v\u0259 ya dig\u0259r z\u0259rfl\u0259ri d\u0259yi\u015fdirir. Tez-tez sif\u0259tl\u0259rl\u0259 ox\u015far formalardan v\u0259 ya tani, dje, k\u00ebtu v\u0259 atje kimi sabit z\u0259rf s\u00f6zl\u0259rind\u0259n istifad\u0259 ed\u0259r\u0259k \u00fcsul, yer, zaman, d\u0259r\u0259c\u0259 v\u0259 daha \u00e7ox m\u0259lumat verirl\u0259r.<\/p>\n\n\n\n<h3 class=\"wp-block-heading\" id=\"h-12-prepositions\">12. Prepozisiyalar:<\/h3>\n\n\n\n<p>Prepositions s\u00f6z v\u0259 ifad\u0259l\u0259ri bir-birin\u0259 ba\u011flay\u0131r. N\u00eb, te, tek, me, pa, p\u00ebr, nga, mbi, n\u00ebn, para v\u0259 pa kimi \u00fcmumi madd\u0259l\u0259rd\u0259n istifad\u0259 ed\u0259r\u0259k zaman, yer, istiqam\u0259t v\u0259 daha \u00e7ox \u0259laq\u0259ni ifad\u0259 edirl\u0259r. Onlar\u0131n adlarla nec\u0259 birl\u0259\u015fdiyini v\u0259 isim ifad\u0259l\u0259rind\u0259ki \u0259laq\u0259l\u0259ndirici m\u0259qal\u0259ni \u00f6yr\u0259nin.<\/p>\n\n\n\n<h3 class=\"wp-block-heading\" id=\"h-13-sentences\">13. C\u00fcml\u0259l\u0259r:<\/h3>\n\n\n\n<p>Sonda c\u00fcml\u0259l\u0259rin d\u00fcz\u0259ldili\u015fl\u0259rini m\u0259\u015fq etdir. Alban dili \u00fcmumiyy\u0259tl\u0259 \u00fcmumi bir SVO n\u00fcmun\u0259si il\u0259 \u00e7evik s\u00f6z s\u0131ras\u0131na malikdir, feld\u0259n \u0259vv\u0259l klitik \u0259v\u0259zlikl\u0259rd\u0259n istifad\u0259 edir, nuk il\u0259 inkar edir v\u0259 intonasiya v\u0259 ya a il\u0259 suallar formala\u015fd\u0131r\u0131r. \u018fvv\u0259ll\u0259r \u00f6yr\u0259nilmi\u015f b\u00fct\u00fcn <a href=\"https:\/\/talkpal.ai\/grammar\/\">qrammatika<\/a> n\u00f6qt\u0259l\u0259rinin kontekstd\u0259 istifad\u0259 edilm\u0259si alban dilinin h\u0259rt\u0259r\u0259fli ba\u015fa d\u00fc\u015f\u00fclm\u0259sini t\u0259min ed\u0259c\u0259kdir.<\/p>\n<\/div><\/div>\n\r\n<section class=\"learnNavigationSection\">\r\n            \r\n        <a href=\"https:\/\/talkpal.ai\/az\/alban-dilini-oyr%c9%99n\/\">\r\n            <div class=\"learnNavigationWrapper\">\r\n                <div class=\"learnNavigationContent\">\r\n                    <img decoding=\"async\" src=\"https:\/\/talkpal.ai\/wp-content\/uploads\/2025\/11\/Albanian.png\" alt=\"Albanian Flag\">\r\n                    <div>\r\n                        <h4>Alban dilinin \u00f6yr\u0259nilm\u0259si haqq\u0131nda<\/h4>\r\n                        <p>Alban qrammatikas\u0131 haqq\u0131nda h\u0259r \u015feyi \u00f6yr\u0259nin.<\/p>\r\n                    <\/div>\r\n                <\/div>\r\n            <\/div>\r\n        <\/a>\r\n\r\n        \r\n        <a href=\"https:\/\/talkpal.ai\/az\/alban-qrammatikasi\/\">\r\n            <div class=\"learnNavigationWrapper\">\r\n                <div class=\"learnNavigationContent\">\r\n                    <img decoding=\"async\" src=\"https:\/\/talkpal.ai\/wp-content\/uploads\/2025\/11\/Albanian.png\" alt=\"Albanian Flag\">\r\n                    <div>\r\n                        <h4>Alban dili qrammatika d\u0259rsl\u0259ri<\/h4>\r\n                        <p>Alban qrammatikas\u0131n\u0131 t\u0259tbiq edin.<\/p>\r\n                    <\/div>\r\n                <\/div>\r\n            <\/div>\r\n        <\/a>\r\n\r\n            <\/section>","protected":false},"excerpt":{"rendered":"<p>Albaniya qrammatika m\u00f6vzular\u0131 Yeni bir dil \u00f6yr\u0259nm\u0259k \u00e7\u0259tin, lakin m\u00fckafatland\u0131r\u0131c\u0131 bir i\u015f ola bil\u0259r. Albaniyada dan\u0131\u015f\u0131lan Hind-Avropa dili olan alban dili d\u0259 istisna deyil. Unikal x\u00fcsusiyy\u0259tl\u0259ri v\u0259 strukturlar\u0131 il\u0259 alban dilini \u00f6yr\u0259nm\u0259k , z\u0259ngin qrammatikas\u0131n\u0131 ba\u015fa d\u00fc\u015fm\u0259k \u00fc\u00e7\u00fcn sistematik bir yana\u015fma t\u0259l\u0259b edir. Bu t\u0259limat, isiml\u0259r v\u0259 m\u0259qal\u0259l\u0259r kimi \u0259saslardan ba\u015flayaraq v\u0259 zamanlar v\u0259 c\u00fcml\u0259 [&hellip;]<\/p>\n","protected":false},"author":20,"featured_media":0,"parent":0,"menu_order":0,"comment_status":"closed","ping_status":"closed","template":"LearningContentPage.php","meta":{"_acf_changed":false,"footnotes":""},"class_list":["post-1474286","page","type-page","status-publish","hentry"],"acf":[],"yoast_head":"<!-- This site is optimized with the Yoast SEO Premium plugin v27.2 (Yoast SEO v27.2) - https:\/\/yoast.com\/product\/yoast-seo-premium-wordpress\/ -->\n<title>Albaniya qrammatika m\u0259\u015fql\u0259ri - Talkpal<\/title>\n<meta name=\"description\" content=\"Talkpal-\u0131n isiml\u0259ri, fell\u0259ri, zamanlar\u0131 v\u0259 c\u00fcml\u0259 strukturlar\u0131n\u0131 \u0259hat\u0259 ed\u0259n interaktiv qrammatika m\u0259\u015fql\u0259ri il\u0259 Alban dilinizi t\u0259kmill\u0259\u015fdirin.\" \/>\n<meta name=\"robots\" content=\"index, follow, max-snippet:-1, max-image-preview:large, max-video-preview:-1\" \/>\n<link rel=\"canonical\" href=\"https:\/\/talkpal.ai\/az\/albaniya-qrammatika-m%c9%99sql%c9%99ri\/\" \/>\n<meta property=\"og:locale\" content=\"az_AZ\" \/>\n<meta property=\"og:type\" content=\"article\" \/>\n<meta property=\"og:title\" content=\"Albaniya qrammatika m\u0259\u015fql\u0259ri\" \/>\n<meta property=\"og:description\" content=\"Albaniya qrammatika m\u00f6vzular\u0131 Yeni bir dil \u00f6yr\u0259nm\u0259k \u00e7\u0259tin, lakin m\u00fckafatland\u0131r\u0131c\u0131 bir i\u015f ola bil\u0259r. Albaniyada dan\u0131\u015f\u0131lan Hind-Avropa dili olan alban dili\" \/>\n<meta property=\"og:url\" content=\"https:\/\/talkpal.ai\/az\/albaniya-qrammatika-m%c9%99sql%c9%99ri\/\" \/>\n<meta property=\"og:site_name\" content=\"Talkpal\" \/>\n<meta property=\"article:publisher\" content=\"https:\/\/www.facebook.com\/profile.php?id=100090733639311\" \/>\n<meta property=\"article:modified_time\" content=\"2025-12-30T15:40:25+00:00\" \/>\n<meta property=\"og:image\" content=\"https:\/\/talkpal.ai\/wp-content\/uploads\/2025\/02\/Progress-tab-16_9.png\" \/>\n\t<meta property=\"og:image:width\" content=\"2880\" \/>\n\t<meta property=\"og:image:height\" content=\"1620\" \/>\n\t<meta property=\"og:image:type\" content=\"image\/png\" \/>\n<meta name=\"twitter:card\" content=\"summary_large_image\" \/>\n<meta name=\"twitter:site\" content=\"@talkpalai\" \/>\n<meta name=\"twitter:label1\" content=\"Est. reading time\" \/>\n\t<meta name=\"twitter:data1\" content=\"5 minutes\" \/>\n<script type=\"application\/ld+json\" class=\"yoast-schema-graph\">{\"@context\":\"https:\/\/schema.org\",\"@graph\":[{\"@type\":\"WebPage\",\"@id\":\"https:\/\/talkpal.ai\/az\/albaniya-qrammatika-m%c9%99sql%c9%99ri\/\",\"url\":\"https:\/\/talkpal.ai\/az\/albaniya-qrammatika-m%c9%99sql%c9%99ri\/\",\"name\":\"Albaniya qrammatika m\u0259\u015fql\u0259ri - Talkpal\",\"isPartOf\":{\"@id\":\"https:\/\/talkpal.ai\/az\/#website\"},\"datePublished\":\"2025-11-11T12:32:58+00:00\",\"dateModified\":\"2025-12-30T15:40:25+00:00\",\"description\":\"Talkpal-\u0131n isiml\u0259ri, fell\u0259ri, zamanlar\u0131 v\u0259 c\u00fcml\u0259 strukturlar\u0131n\u0131 \u0259hat\u0259 ed\u0259n interaktiv qrammatika m\u0259\u015fql\u0259ri il\u0259 Alban dilinizi t\u0259kmill\u0259\u015fdirin.\",\"breadcrumb\":{\"@id\":\"https:\/\/talkpal.ai\/az\/albaniya-qrammatika-m%c9%99sql%c9%99ri\/#breadcrumb\"},\"inLanguage\":\"az\",\"potentialAction\":[{\"@type\":\"ReadAction\",\"target\":[\"https:\/\/talkpal.ai\/az\/albaniya-qrammatika-m%c9%99sql%c9%99ri\/\"]}]},{\"@type\":\"BreadcrumbList\",\"@id\":\"https:\/\/talkpal.ai\/az\/albaniya-qrammatika-m%c9%99sql%c9%99ri\/#breadcrumb\",\"itemListElement\":[{\"@type\":\"ListItem\",\"position\":1,\"name\":\"Homepage\",\"item\":\"https:\/\/talkpal.ai\/az\/\"},{\"@type\":\"ListItem\",\"position\":2,\"name\":\"Albaniya qrammatika m\u0259\u015fql\u0259ri\"}]},{\"@type\":\"WebSite\",\"@id\":\"https:\/\/talkpal.ai\/az\/#website\",\"url\":\"https:\/\/talkpal.ai\/az\/\",\"name\":\"Talkpal\",\"description\":\"AI Language Learning\",\"publisher\":{\"@id\":\"https:\/\/talkpal.ai\/az\/#organization\"},\"alternateName\":\"Talkpal AI\",\"potentialAction\":[{\"@type\":\"SearchAction\",\"target\":{\"@type\":\"EntryPoint\",\"urlTemplate\":\"https:\/\/talkpal.ai\/az\/?s={search_term_string}\"},\"query-input\":{\"@type\":\"PropertyValueSpecification\",\"valueRequired\":true,\"valueName\":\"search_term_string\"}}],\"inLanguage\":\"az\"},{\"@type\":\"Organization\",\"@id\":\"https:\/\/talkpal.ai\/az\/#organization\",\"name\":\"Talkpal, Inc.\",\"alternateName\":\"Talkpal AI\",\"url\":\"https:\/\/talkpal.ai\/az\/\",\"logo\":{\"@type\":\"ImageObject\",\"inLanguage\":\"az\",\"@id\":\"https:\/\/talkpal.ai\/az\/#\/schema\/logo\/image\/\",\"url\":\"https:\/\/talkpal.ai\/wp-content\/uploads\/2024\/03\/Talkpal-Logo-Icon.png\",\"contentUrl\":\"https:\/\/talkpal.ai\/wp-content\/uploads\/2024\/03\/Talkpal-Logo-Icon.png\",\"width\":2880,\"height\":2880,\"caption\":\"Talkpal, Inc.\"},\"image\":{\"@id\":\"https:\/\/talkpal.ai\/az\/#\/schema\/logo\/image\/\"},\"sameAs\":[\"https:\/\/www.facebook.com\/profile.php?id=100090733639311\",\"https:\/\/x.com\/talkpalai\",\"https:\/\/www.linkedin.com\/company\/talkpal\/\",\"https:\/\/www.youtube.com\/@TalkPal\/\",\"https:\/\/www.tiktok.com\/@talkpal\",\"https:\/\/www.instagram.com\/talkpal_ai\/\",\"https:\/\/www.crunchbase.com\/organization\/talkpal-9cde\",\"https:\/\/www.g2.com\/products\/talkpal-for-business\/\",\"https:\/\/www.trustpilot.com\/review\/talkpal.ai\",\"https:\/\/www.capterra.com\/p\/10006800\/TalkPal\/\"],\"description\":\"Talkpal is a language learning web and mobile education app, powered by the latest AI technologies, that provides engaging experiences to its customers in many different languages to help them improve their language skills. Users can chat about unlimited amount of topics with the app and use other modes to practice their language learning.\",\"email\":\"support@talkpal.ai\",\"legalName\":\"Talkpal, Inc.\",\"foundingDate\":\"2023-04-03\",\"duns\":\"118989042\",\"numberOfEmployees\":{\"@type\":\"QuantitativeValue\",\"minValue\":\"11\",\"maxValue\":\"50\"},\"publishingPrinciples\":\"https:\/\/talkpal.ai\/publishing-principles\/\",\"actionableFeedbackPolicy\":\"https:\/\/talkpal.ai\/actionable-feedback-policy\/\",\"correctionsPolicy\":\"https:\/\/talkpal.ai\/corrections-policy\/\",\"ethicsPolicy\":\"https:\/\/talkpal.ai\/ethics-policy\/\",\"diversityPolicy\":\"https:\/\/talkpal.ai\/diversity-policy\/\",\"diversityStaffingReport\":\"https:\/\/talkpal.ai\/diversity-policy\/\"}]}<\/script>\n<!-- \/ Yoast SEO Premium plugin. -->","yoast_head_json":{"title":"Albaniya qrammatika m\u0259\u015fql\u0259ri - Talkpal","description":"Talkpal-\u0131n isiml\u0259ri, fell\u0259ri, zamanlar\u0131 v\u0259 c\u00fcml\u0259 strukturlar\u0131n\u0131 \u0259hat\u0259 ed\u0259n interaktiv qrammatika m\u0259\u015fql\u0259ri il\u0259 Alban dilinizi t\u0259kmill\u0259\u015fdirin.","robots":{"index":"index","follow":"follow","max-snippet":"max-snippet:-1","max-image-preview":"max-image-preview:large","max-video-preview":"max-video-preview:-1"},"canonical":"https:\/\/talkpal.ai\/az\/albaniya-qrammatika-m%c9%99sql%c9%99ri\/","og_locale":"az_AZ","og_type":"article","og_title":"Albaniya qrammatika m\u0259\u015fql\u0259ri","og_description":"Albaniya qrammatika m\u00f6vzular\u0131 Yeni bir dil \u00f6yr\u0259nm\u0259k \u00e7\u0259tin, lakin m\u00fckafatland\u0131r\u0131c\u0131 bir i\u015f ola bil\u0259r. Albaniyada dan\u0131\u015f\u0131lan Hind-Avropa dili olan alban dili","og_url":"https:\/\/talkpal.ai\/az\/albaniya-qrammatika-m%c9%99sql%c9%99ri\/","og_site_name":"Talkpal","article_publisher":"https:\/\/www.facebook.com\/profile.php?id=100090733639311","article_modified_time":"2025-12-30T15:40:25+00:00","og_image":[{"width":2880,"height":1620,"url":"https:\/\/talkpal.ai\/wp-content\/uploads\/2025\/02\/Progress-tab-16_9.png","type":"image\/png"}],"twitter_card":"summary_large_image","twitter_site":"@talkpalai","twitter_misc":{"Est. reading time":"5 minutes"},"schema":{"@context":"https:\/\/schema.org","@graph":[{"@type":"WebPage","@id":"https:\/\/talkpal.ai\/az\/albaniya-qrammatika-m%c9%99sql%c9%99ri\/","url":"https:\/\/talkpal.ai\/az\/albaniya-qrammatika-m%c9%99sql%c9%99ri\/","name":"Albaniya qrammatika m\u0259\u015fql\u0259ri - Talkpal","isPartOf":{"@id":"https:\/\/talkpal.ai\/az\/#website"},"datePublished":"2025-11-11T12:32:58+00:00","dateModified":"2025-12-30T15:40:25+00:00","description":"Talkpal-\u0131n isiml\u0259ri, fell\u0259ri, zamanlar\u0131 v\u0259 c\u00fcml\u0259 strukturlar\u0131n\u0131 \u0259hat\u0259 ed\u0259n interaktiv qrammatika m\u0259\u015fql\u0259ri il\u0259 Alban dilinizi t\u0259kmill\u0259\u015fdirin.","breadcrumb":{"@id":"https:\/\/talkpal.ai\/az\/albaniya-qrammatika-m%c9%99sql%c9%99ri\/#breadcrumb"},"inLanguage":"az","potentialAction":[{"@type":"ReadAction","target":["https:\/\/talkpal.ai\/az\/albaniya-qrammatika-m%c9%99sql%c9%99ri\/"]}]},{"@type":"BreadcrumbList","@id":"https:\/\/talkpal.ai\/az\/albaniya-qrammatika-m%c9%99sql%c9%99ri\/#breadcrumb","itemListElement":[{"@type":"ListItem","position":1,"name":"Homepage","item":"https:\/\/talkpal.ai\/az\/"},{"@type":"ListItem","position":2,"name":"Albaniya qrammatika m\u0259\u015fql\u0259ri"}]},{"@type":"WebSite","@id":"https:\/\/talkpal.ai\/az\/#website","url":"https:\/\/talkpal.ai\/az\/","name":"Talkpal","description":"AI Language Learning","publisher":{"@id":"https:\/\/talkpal.ai\/az\/#organization"},"alternateName":"Talkpal AI","potentialAction":[{"@type":"SearchAction","target":{"@type":"EntryPoint","urlTemplate":"https:\/\/talkpal.ai\/az\/?s={search_term_string}"},"query-input":{"@type":"PropertyValueSpecification","valueRequired":true,"valueName":"search_term_string"}}],"inLanguage":"az"},{"@type":"Organization","@id":"https:\/\/talkpal.ai\/az\/#organization","name":"Talkpal, Inc.","alternateName":"Talkpal AI","url":"https:\/\/talkpal.ai\/az\/","logo":{"@type":"ImageObject","inLanguage":"az","@id":"https:\/\/talkpal.ai\/az\/#\/schema\/logo\/image\/","url":"https:\/\/talkpal.ai\/wp-content\/uploads\/2024\/03\/Talkpal-Logo-Icon.png","contentUrl":"https:\/\/talkpal.ai\/wp-content\/uploads\/2024\/03\/Talkpal-Logo-Icon.png","width":2880,"height":2880,"caption":"Talkpal, Inc."},"image":{"@id":"https:\/\/talkpal.ai\/az\/#\/schema\/logo\/image\/"},"sameAs":["https:\/\/www.facebook.com\/profile.php?id=100090733639311","https:\/\/x.com\/talkpalai","https:\/\/www.linkedin.com\/company\/talkpal\/","https:\/\/www.youtube.com\/@TalkPal\/","https:\/\/www.tiktok.com\/@talkpal","https:\/\/www.instagram.com\/talkpal_ai\/","https:\/\/www.crunchbase.com\/organization\/talkpal-9cde","https:\/\/www.g2.com\/products\/talkpal-for-business\/","https:\/\/www.trustpilot.com\/review\/talkpal.ai","https:\/\/www.capterra.com\/p\/10006800\/TalkPal\/"],"description":"Talkpal is a language learning web and mobile education app, powered by the latest AI technologies, that provides engaging experiences to its customers in many different languages to help them improve their language skills. Users can chat about unlimited amount of topics with the app and use other modes to practice their language learning.","email":"support@talkpal.ai","legalName":"Talkpal, Inc.","foundingDate":"2023-04-03","duns":"118989042","numberOfEmployees":{"@type":"QuantitativeValue","minValue":"11","maxValue":"50"},"publishingPrinciples":"https:\/\/talkpal.ai\/publishing-principles\/","actionableFeedbackPolicy":"https:\/\/talkpal.ai\/actionable-feedback-policy\/","correctionsPolicy":"https:\/\/talkpal.ai\/corrections-policy\/","ethicsPolicy":"https:\/\/talkpal.ai\/ethics-policy\/","diversityPolicy":"https:\/\/talkpal.ai\/diversity-policy\/","diversityStaffingReport":"https:\/\/talkpal.ai\/diversity-policy\/"}]}},"_links":{"self":[{"href":"https:\/\/talkpal.ai\/az\/wp-json\/wp\/v2\/pages\/1474286","targetHints":{"allow":["GET"]}}],"collection":[{"href":"https:\/\/talkpal.ai\/az\/wp-json\/wp\/v2\/pages"}],"about":[{"href":"https:\/\/talkpal.ai\/az\/wp-json\/wp\/v2\/types\/page"}],"author":[{"embeddable":true,"href":"https:\/\/talkpal.ai\/az\/wp-json\/wp\/v2\/users\/20"}],"replies":[{"embeddable":true,"href":"https:\/\/talkpal.ai\/az\/wp-json\/wp\/v2\/comments?post=1474286"}],"version-history":[{"count":0,"href":"https:\/\/talkpal.ai\/az\/wp-json\/wp\/v2\/pages\/1474286\/revisions"}],"wp:attachment":[{"href":"https:\/\/talkpal.ai\/az\/wp-json\/wp\/v2\/media?parent=1474286"}],"curies":[{"name":"wp","href":"https:\/\/api.w.org\/{rel}","templated":true}]}}