{"id":1474157,"date":"2025-11-12T12:26:29","date_gmt":"2025-11-12T12:26:29","guid":{"rendered":"https:\/\/talkpal.ai\/malayalam-qrammatikasi\/"},"modified":"2025-12-30T13:59:13","modified_gmt":"2025-12-30T13:59:13","slug":"malayalam-qrammatikasi","status":"publish","type":"page","link":"https:\/\/talkpal.ai\/az\/malayalam-qrammatikasi\/","title":{"rendered":"Malayalam qrammatikas\u0131"},"content":{"rendered":"\r\n\r\n\r\n<section class=\"languageChallengeSection\">\r\n    <div class=\"languageInfoWrapper\">\r\n        \r\n        <h1>Malayalam qrammatikas\u0131<\/h1>\r\n        <p><a href=\"https:\/\/talkpal.ai\/learn-malayalam\/\">Malayalam<\/a> qrammatikas\u0131 ilk bax\u0131\u015fda \u00e7\u0259tin g\u00f6r\u00fcn\u0259 bil\u0259r, lakin unikal x\u00fcsusiyy\u0259tl\u0259ri dili \u00f6yr\u0259nm\u0259yi faydal\u0131 bir t\u0259cr\u00fcb\u0259 hal\u0131na g\u0259tirir. Onun \u0259lifbas\u0131n\u0131, mutasiyalar\u0131n\u0131 v\u0259 qrammatik qaydalar\u0131n\u0131 t\u0259dqiq etm\u0259kl\u0259 siz z\u0259ngin dil \u0259n\u0259n\u0259si haqq\u0131nda fikir \u0259ld\u0259 ed\u0259c\u0259ksiniz. S\u0259yah\u0259t\u0259 ba\u015flay\u0131n v\u0259 Malayalam\u0131n g\u00f6z\u0259lliyini k\u0259\u015ff edin!<\/p>\r\n\r\n                            <a class=\"getStartedHidden\" href=\"https:\/\/app.talkpal.ai\/signup?lng=\">Ba\u015fla<\/a>\r\n        \r\n    <\/div>\r\n\r\n    <figure>\r\n    <img decoding=\"async\" width=\"768\" height=\"768\" src=\"https:\/\/talkpal.ai\/wp-content\/uploads\/2023\/06\/welsh-768x768.png\" class=\"languageImage no-lazy\" alt=\"Language learning for better cognitive abilities\" fetchpriority=\"high\" sizes=\"(max-width: 768px) 150px, 768px\" srcset=\"https:\/\/talkpal.ai\/wp-content\/uploads\/2023\/06\/welsh-768x768.png 768w, https:\/\/talkpal.ai\/wp-content\/uploads\/2023\/06\/welsh-300x300.png 300w\" \/>\r\n    \r\n\r\n    <\/figure>\r\n\r\n            <a class=\"getStartedVisible\" href=\"https:\/\/app.talkpal.ai\/signup?lng=\">Ba\u015fla<\/a>\r\n    \r\n<\/section><section class=\"promotionalBanner\">\r\n    <p class=\"promotionalText\">Dil \u00f6yr\u0259nm\u0259yin \u0259n t\u0259sirli yolu<\/p>\r\n    <a class=\"promotionalLink\" href=\"https:\/\/app.talkpal.ai\/signup?lng=\">Talkpal pulsuz s\u0131nay\u0131n<\/a>\r\n<\/section>\n<div class=\"wp-block-group pageContainerStyle\"><div class=\"wp-block-group__inner-container is-layout-constrained wp-block-group-is-layout-constrained\">\n<h2 class=\"wp-block-heading\" id=\"h-navigating-the-intricacies-of-malayalam-grammar\">Malayalam qrammatikas\u0131n\u0131n inc\u0259likl\u0259ri<\/h2>\n\n\n\n<p>Kerala v\u0259 diasporda z\u0259ngin tarixi v\u0259 d\u0259rin m\u0259d\u0259ni k\u00f6kl\u0259ri olan bir <a href=\"https:\/\/talkpal.ai\/az\/malayalam-dilini-oyr%c9%99nin\/\">Dravid dili olan Malayalam<\/a>, unikal <a href=\"https:\/\/talkpal.ai\/grammar\/\">qrammatika<\/a> sistemini ara\u015fd\u0131rmaq ist\u0259y\u0259nl\u0259r \u00fc\u00e7\u00fcn h\u0259y\u0259can verici bir linqvistik t\u0259cr\u00fcb\u0259 t\u0259qdim edir. Malayalam al\u0259min\u0259 gir\u0259rk\u0259n yaln\u0131z linqvistik repertuar\u0131n\u0131z\u0131 z\u0259nginl\u0259\u015fdirm\u0259y\u0259c\u0259k, h\u0259m d\u0259 maraql\u0131 bir m\u0259d\u0259ni s\u0259yah\u0259ti qucaqlayacaqs\u0131n\u0131z. Malayalam qrammatikas\u0131 \u0259vv\u0259lc\u0259 m\u00fcr\u0259kk\u0259b g\u00f6r\u00fcns\u0259 d\u0259, onu \u0259sas komponentl\u0259r\u0259 b\u00f6lm\u0259k dili \u00f6yr\u0259nm\u0259yi daha \u0259l\u00e7atan edir. Bu yaz\u0131da, Malayalam qrammatikas\u0131n\u0131n cazib\u0259dar d\u00fcnyas\u0131n\u0131 ara\u015fd\u0131raca\u011f\u0131q v\u0259 m\u00fcr\u0259kk\u0259blikl\u0259rini nec\u0259 m\u0259nims\u0259m\u0259k bar\u0259d\u0259 m\u0259sl\u0259h\u0259tl\u0259r ver\u0259c\u0259yik.<\/p>\n\n\n\n<h3 class=\"wp-block-heading\" id=\"h-1-malayalam-alphabet-and-phonetics\">1. Malayalam \u018flifbas\u0131 v\u0259 Fonetikas\u0131<\/h3>\n\n\n\n<p>Malayalam yaz\u0131s\u0131, m\u00fcst\u0259qil saitl\u0259ri, \u00f6z\u00fcn\u0259m\u0259xsus saitl\u0259ri olan samitl\u0259ri v\u0259 as\u0131l\u0131 sait i\u015far\u0259l\u0259rini ehtiva ed\u0259n bir abugidad\u0131r. \u015eagirdl\u0259r, retroflex samitl\u0259ri v\u0259 diqq\u0259t\u0259layiq &#8220;zh&#8221; s\u0259si kimi f\u0259rqli s\u0259sl\u0259r d\u0259 daxil olmaqla saitl\u0259ri v\u0259 samitl\u0259ri il\u0259 tan\u0131\u015f olmal\u0131d\u0131rlar. \u018fsas yaz\u0131 anlay\u0131\u015flar\u0131na a xas sait, saitl\u0259ri basd\u0131rmaq \u00fc\u00e7\u00fcn chandrakkala adlanan virama i\u015far\u0259si, birl\u0259\u015fmi\u015f samitl\u0259r v\u0259 x\u00fcsusi chillu h\u0259rfl\u0259ri daxildir. Malayalam qrammatikas\u0131n\u0131 <a href=\"https:\/\/talkpal.ai\/az\/oyr%c9%99nm%c9%99k\/\">\u00f6yr\u0259nm\u0259k<\/a> \u00fc\u00e7\u00fcn Malayalam dilind\u0259 oxumaq v\u0259 yazmaq vacibdir.<\/p>\n\n\n\n<h3 class=\"wp-block-heading\" id=\"h-2-sandhi-and-assimilation-a-peculiar-malayalam-feature\">2. Sandhi v\u0259 Assimilyasiya: \u00d6z\u00fcn\u0259m\u0259xsus Malayalam X\u00fcsusiyy\u0259ti<\/h3>\n\n\n\n<p>Malayalam fonologiyas\u0131n\u0131n \u0259n t\u0259\u0259cc\u00fcbl\u00fc c\u0259h\u0259tl\u0259rind\u0259n biri morfem v\u0259 s\u00f6z s\u0259rh\u0259dl\u0259rind\u0259 sandhi, assimilyasiya v\u0259 samit geminasiyan\u0131n yay\u0131lmas\u0131d\u0131r. Sonfiksl\u0259r \u0259lav\u0259 edildikd\u0259 v\u0259 ya s\u00f6zl\u0259r birl\u0259\u015fdikd\u0259 s\u0259sl\u0259r d\u0259yi\u015f\u0259 bil\u0259r v\u0259 burun tez-tez a\u015fa\u011f\u0131dak\u0131 samitl\u0259r\u0259 m\u0259nims\u0259nilir. Bu d\u0259yi\u015fiklikl\u0259rin n\u0259 vaxt v\u0259 nec\u0259 ba\u015f verdiyini anlamaq Malayalam dilind\u0259 t\u0259bii t\u0259l\u0259ff\u00fcz v\u0259 d\u0259qiq \u00fcnsiyy\u0259t \u00fc\u00e7\u00fcn vacibdir.<\/p>\n\n\n\n<h3 class=\"wp-block-heading\" id=\"h-3-nouns-and-pronouns-gender-and-cases\">3. Nouns v\u0259 Pronouns: Cins v\u0259 Hallar<\/h3>\n\n\n\n<p>Malayalam isiml\u0259ri ad\u0259t\u0259n qrammatik cinsiyy\u0259ti qeyd etmir v\u0259 c\u0259m formala\u015fmas\u0131 tez-tez b\u0259zi pozuntular v\u0259 alternativl\u0259rl\u0259 -kal sonfiksind\u0259n istifad\u0259 edir. Case m\u00fcnasib\u0259tl\u0259ri ittiham -e, dative -kku v\u0259 ya -inu, genitive -ude, instrumental -al, locative -il, ablative -il ninnu, sociative -ote v\u0259 vocative -e kimi sonfiksl\u0259r v\u0259 postpozisiyalarla ifad\u0259 olunur. Malayalam dilind\u0259ki \u0259v\u0259zlikl\u0259r\u0259 njan, ni, ningal, nammal, avan, aval v\u0259 f\u0259xri avar kimi \u015f\u0259xsi \u0259v\u0259zlikl\u0259r, el\u0259c\u0259 d\u0259 genitiv, refleksif tan v\u0259 ya tanne, i v\u0259 aa kimi n\u00fcmayi\u015fl\u0259r v\u0259 aar, entu, evide v\u0259 eppol kimi suallar vasit\u0259sil\u0259 sahiblik formalar\u0131 daxildir. Bu \u0259v\u0259zlikl\u0259r v\u0259 onlar\u0131n formalar\u0131 il\u0259 tan\u0131\u015f olmaq, Malayalam qrammatikas\u0131n\u0131 \u0259h\u0259miyy\u0259tli d\u0259r\u0259c\u0259d\u0259 art\u0131racaqd\u0131r.<\/p>\n\n\n\n<h3 class=\"wp-block-heading\" id=\"h-4-verbs-structure-and-conjugation\">4. Feill\u0259r: Struktur v\u0259 konyunktura<\/h3>\n\n\n\n<p>Malayalam fell\u0259ri ilk n\u00f6vb\u0259d\u0259 \u015f\u0259xs v\u0259 ya n\u00f6mr\u0259 \u00fc\u00e7\u00fcn deyil, zaman, aspekt, \u0259hval-ruhiyy\u0259 v\u0259 q\u00fctbl\u00fck \u00fc\u00e7\u00fcn b\u00fck\u00fcl\u00fcr. \u018fsas zaman aspekti formalar\u0131na indiki m\u00fct\u0259r\u0259qqi -unnu, ke\u00e7mi\u015f -i v\u0259 ya -u v\u0259 g\u0259l\u0259c\u0259k -um daxildir. \u0130nkar \u00fcmumiyy\u0259tl\u0259 -illa il\u0259 formala\u015f\u0131r v\u0259 vacib \u0259hval-ruhiyy\u0259y\u0259 tez-tez -enkil v\u0259 ya -al kimi konnektorlarla qurulan imperativ v\u0259 \u015f\u0259rti daxildir. K\u00f6m\u0259k\u00e7i fell\u0259r v\u0259 i\u015ftiraklar dilin m\u0259rk\u0259zidir, -unna, -iya v\u0259 -aya kimi formalar nisbi c\u00fcml\u0259l\u0259r v\u0259 perifrastik konstruksiyalar yaratmaq \u00fc\u00e7\u00fcn istifad\u0259 olunur. Bu n\u00fcmun\u0259l\u0259ri \u00f6yr\u0259nm\u0259k, Malayalam dilind\u0259 effektiv \u00fcnsiyy\u0259t qurma qabiliyy\u0259tinizi art\u0131racaqd\u0131r.<\/p>\n\n\n\n<h3 class=\"wp-block-heading\" id=\"h-5-adjectives-agreement-and-placement\">5. Adjectives: Raz\u0131la\u015fma v\u0259 yerl\u0259\u015fdirm\u0259<\/h3>\n\n\n\n<p>Malayalam qrammatikas\u0131nda sif\u0259tl\u0259r ad\u0259t\u0259n d\u0259yi\u015fdirdikl\u0259ri isimd\u0259n \u0259vv\u0259l g\u0259lir v\u0259 cinsiyy\u0259t v\u0259 ya n\u00f6mr\u0259 bax\u0131m\u0131ndan isim il\u0259 raz\u0131la\u015fm\u0131r. Bir \u00e7ox t\u0259sviri m\u0259nalar i\u015ftirak\u00e7\u0131 v\u0259 ya cinsiyy\u0259t konstruksiyalar\u0131 il\u0259 ifad\u0259 olunur v\u0259 m\u00fcqayis\u0259li v\u0259 \u00fcst\u00fcnl\u00fckl\u0259r tez-tez analitik olaraq formala\u015f\u0131r, m\u0259s\u0259l\u0259n, m\u00fcqayis\u0259li \u00fc\u00e7\u00fcn kooduthal v\u0259 \u00fcst\u00fcnl\u00fck \u00fc\u00e7\u00fcn etavum. Bu modell\u0259ri ba\u015fa d\u00fc\u015fm\u0259k daha t\u0259bii \u00fcnsiyy\u0259t qurmaq \u00fc\u00e7\u00fcn vacibdir.<\/p>\n\n\n\n<p><strong>N\u00fcmun\u0259l\u0259r:<\/strong><\/p>\n\n\n\n<p><strong>&#8211; Valiya Sneham (Big Love)<\/strong><\/p>\n\n\n\n<p><strong>&#8211; Cheriya Kuttikal (Ki\u00e7ik U\u015faqlar)<\/strong><\/p>\n\n\n\n<h3 class=\"wp-block-heading\" id=\"h-6-engaging-with-the-language\">6. Dil il\u0259 m\u0259\u015f\u011ful olmaq<\/h3>\n\n\n\n<p>Malayalam qrammatikas\u0131n\u0131 tam ba\u015fa d\u00fc\u015fm\u0259yin v\u0259 m\u0259nims\u0259m\u0259yin \u0259n t\u0259sirli yolu dill\u0259 ard\u0131c\u0131l \u015f\u0259kild\u0259 m\u0259\u015f\u011ful olmaqd\u0131r. Malayalam \u0259d\u0259biyyat\u0131 v\u0259 q\u0259zetl\u0259rini oxuyaraq, Malayalam filml\u0259ri v\u0259 ya televiziya seriallar\u0131 izl\u0259y\u0259r\u0259k, mahn\u0131 v\u0259 radio dinl\u0259y\u0259r\u0259k v\u0259 ana dili dan\u0131\u015fanlarla f\u0259al \u00fcnsiyy\u0259t quraraq, l\u00fc\u011f\u0259tinizi geni\u015fl\u0259ndir\u0259rk\u0259n qrammatika anlay\u0131\u015f\u0131n\u0131z\u0131 g\u00fccl\u0259ndir\u0259c\u0259ksiniz.<\/p>\n\n\n\n<h3 class=\"wp-block-heading\" id=\"h-conclusion\">N\u0259tic\u0259<\/h3>\n\n\n\n<p>Malayalam qrammatikas\u0131 m\u00fcr\u0259kk\u0259b g\u00f6r\u00fcns\u0259 d\u0259, bu g\u00f6z\u0259l dild\u0259 f\u0259dakarl\u0131q, t\u0259cr\u00fcb\u0259 v\u0259 co\u015fqu il\u0259 bacar\u0131ql\u0131 ola bil\u0259rsiniz. \u018fsas qaydalara diqq\u0259t yetir\u0259r\u0259k v\u0259 m\u00fcxt\u0259lif kontekstl\u0259rd\u0259 dill\u0259 m\u0259\u015f\u011ful olaraq, Malayalam <a href=\"https:\/\/talkpal.ai\/az\/qrammatika\/\">qrammatika bacar\u0131qlar\u0131n\u0131z\u0131<\/a> s\u00fcr\u0259tl\u0259 inki\u015faf etdir\u0259c\u0259ksiniz. Malayalam dili s\u0259yah\u0259tinizd\u0259 Ashamsakal (u\u011furlar) v\u0259 Malayalam qrammatikas\u0131n\u0131n m\u00fc\u0259mmal\u0131, lakin cazib\u0259dar d\u00fcnyas\u0131n\u0131 a\u00e7maqdan z\u00f6vq al\u0131n!<\/p>\n<\/div><\/div>\n\r\n<section class=\"learnNavigationSection\">\r\n            \r\n        <a href=\"https:\/\/talkpal.ai\/az\/malayalam-dilini-oyr%c9%99nin\/\">\r\n            <div class=\"learnNavigationWrapper\">\r\n                <div class=\"learnNavigationContent\">\r\n                    <img decoding=\"async\" src=\"https:\/\/talkpal.ai\/wp-content\/uploads\/2025\/11\/Malayalam.png\" alt=\"Indian Simplified Flag\">\r\n                    <div>\r\n                        <h4>Malayalam \u00d6yr\u0259nm\u0259 Haqq\u0131nda<\/h4>\r\n                        <p>Malayalam qrammatikas\u0131 haqq\u0131nda h\u0259r \u015feyi \u00f6yr\u0259nin.<\/p>\r\n                    <\/div>\r\n                <\/div>\r\n            <\/div>\r\n        <\/a>\r\n\r\n        \r\n        <a href=\"https:\/\/talkpal.ai\/az\/malayalam-qrammatika-m%c9%99sql%c9%99ri\/\">\r\n            <div class=\"learnNavigationWrapper\">\r\n                <div class=\"learnNavigationContent\">\r\n                    <img decoding=\"async\" src=\"https:\/\/talkpal.ai\/wp-content\/uploads\/2025\/11\/Malayalam.png\" alt=\"Indian Simplified Flag\">\r\n                    <div>\r\n                        <h4>Malayalam Qrammatika M\u0259\u015fqi<\/h4>\r\n                        <p>Malayalam qrammatikas\u0131n\u0131 t\u0259tbiq edin.<\/p>\r\n                    <\/div>\r\n                <\/div>\r\n            <\/div>\r\n        <\/a>\r\n\r\n            <\/section>","protected":false},"excerpt":{"rendered":"<p>Malayalam qrammatikas\u0131n\u0131n inc\u0259likl\u0259ri Kerala v\u0259 diasporda z\u0259ngin tarixi v\u0259 d\u0259rin m\u0259d\u0259ni k\u00f6kl\u0259ri olan bir Dravid dili olan Malayalam, unikal qrammatika sistemini ara\u015fd\u0131rmaq ist\u0259y\u0259nl\u0259r \u00fc\u00e7\u00fcn h\u0259y\u0259can verici bir linqvistik t\u0259cr\u00fcb\u0259 t\u0259qdim edir. Malayalam al\u0259min\u0259 gir\u0259rk\u0259n yaln\u0131z linqvistik repertuar\u0131n\u0131z\u0131 z\u0259nginl\u0259\u015fdirm\u0259y\u0259c\u0259k, h\u0259m d\u0259 maraql\u0131 bir m\u0259d\u0259ni s\u0259yah\u0259ti qucaqlayacaqs\u0131n\u0131z. Malayalam qrammatikas\u0131 \u0259vv\u0259lc\u0259 m\u00fcr\u0259kk\u0259b g\u00f6r\u00fcns\u0259 d\u0259, onu \u0259sas komponentl\u0259r\u0259 b\u00f6lm\u0259k [&hellip;]<\/p>\n","protected":false},"author":20,"featured_media":0,"parent":0,"menu_order":0,"comment_status":"closed","ping_status":"closed","template":"LearningContentPage.php","meta":{"_acf_changed":false,"footnotes":""},"class_list":["post-1474157","page","type-page","status-publish","hentry"],"acf":[],"yoast_head":"<!-- This site is optimized with the Yoast SEO Premium plugin v27.2 (Yoast SEO v27.2) - https:\/\/yoast.com\/product\/yoast-seo-premium-wordpress\/ -->\n<title>Malayalam qrammatikas\u0131 - Talkpal<\/title>\n<meta name=\"description\" content=\"H\u0259rt\u0259r\u0259fli s\u00fcni intellekt dil \u00f6yr\u0259nm\u0259 b\u0259l\u0259d\u00e7imizl\u0259 \u0259lifba, isiml\u0259r v\u0259 fell\u0259r daxil olmaqla Malayalam qrammatika qaydalar\u0131n\u0131 m\u0259nims\u0259yin.\" \/>\n<meta name=\"robots\" content=\"index, follow, max-snippet:-1, max-image-preview:large, max-video-preview:-1\" \/>\n<link rel=\"canonical\" href=\"https:\/\/talkpal.ai\/az\/malayalam-qrammatikasi\/\" \/>\n<meta property=\"og:locale\" content=\"az_AZ\" \/>\n<meta property=\"og:type\" content=\"article\" \/>\n<meta property=\"og:title\" content=\"Malayalam qrammatikas\u0131\" \/>\n<meta property=\"og:description\" content=\"Malayalam qrammatikas\u0131n\u0131n inc\u0259likl\u0259ri Kerala v\u0259 diasporda z\u0259ngin tarixi v\u0259 d\u0259rin m\u0259d\u0259ni k\u00f6kl\u0259ri olan bir Dravid dili olan Malayalam, unikal qrammatika\" \/>\n<meta property=\"og:url\" content=\"https:\/\/talkpal.ai\/az\/malayalam-qrammatikasi\/\" \/>\n<meta property=\"og:site_name\" content=\"Talkpal\" \/>\n<meta property=\"article:publisher\" content=\"https:\/\/www.facebook.com\/profile.php?id=100090733639311\" \/>\n<meta property=\"article:modified_time\" content=\"2025-12-30T13:59:13+00:00\" \/>\n<meta property=\"og:image\" content=\"https:\/\/talkpal.ai\/wp-content\/uploads\/2025\/02\/Progress-tab-16_9.png\" \/>\n\t<meta property=\"og:image:width\" content=\"2880\" \/>\n\t<meta property=\"og:image:height\" content=\"1620\" \/>\n\t<meta property=\"og:image:type\" content=\"image\/png\" \/>\n<meta name=\"twitter:card\" content=\"summary_large_image\" \/>\n<meta name=\"twitter:site\" content=\"@talkpalai\" \/>\n<meta name=\"twitter:label1\" content=\"Est. reading time\" \/>\n\t<meta name=\"twitter:data1\" content=\"5 minutes\" \/>\n<script type=\"application\/ld+json\" class=\"yoast-schema-graph\">{\"@context\":\"https:\/\/schema.org\",\"@graph\":[{\"@type\":\"WebPage\",\"@id\":\"https:\/\/talkpal.ai\/az\/malayalam-qrammatikasi\/\",\"url\":\"https:\/\/talkpal.ai\/az\/malayalam-qrammatikasi\/\",\"name\":\"Malayalam qrammatikas\u0131 - Talkpal\",\"isPartOf\":{\"@id\":\"https:\/\/talkpal.ai\/az\/#website\"},\"datePublished\":\"2025-11-12T12:26:29+00:00\",\"dateModified\":\"2025-12-30T13:59:13+00:00\",\"description\":\"H\u0259rt\u0259r\u0259fli s\u00fcni intellekt dil \u00f6yr\u0259nm\u0259 b\u0259l\u0259d\u00e7imizl\u0259 \u0259lifba, isiml\u0259r v\u0259 fell\u0259r daxil olmaqla Malayalam qrammatika qaydalar\u0131n\u0131 m\u0259nims\u0259yin.\",\"breadcrumb\":{\"@id\":\"https:\/\/talkpal.ai\/az\/malayalam-qrammatikasi\/#breadcrumb\"},\"inLanguage\":\"az\",\"potentialAction\":[{\"@type\":\"ReadAction\",\"target\":[\"https:\/\/talkpal.ai\/az\/malayalam-qrammatikasi\/\"]}]},{\"@type\":\"BreadcrumbList\",\"@id\":\"https:\/\/talkpal.ai\/az\/malayalam-qrammatikasi\/#breadcrumb\",\"itemListElement\":[{\"@type\":\"ListItem\",\"position\":1,\"name\":\"Homepage\",\"item\":\"https:\/\/talkpal.ai\/az\/\"},{\"@type\":\"ListItem\",\"position\":2,\"name\":\"Malayalam qrammatikas\u0131\"}]},{\"@type\":\"WebSite\",\"@id\":\"https:\/\/talkpal.ai\/az\/#website\",\"url\":\"https:\/\/talkpal.ai\/az\/\",\"name\":\"Talkpal\",\"description\":\"AI Language Learning\",\"publisher\":{\"@id\":\"https:\/\/talkpal.ai\/az\/#organization\"},\"alternateName\":\"Talkpal AI\",\"potentialAction\":[{\"@type\":\"SearchAction\",\"target\":{\"@type\":\"EntryPoint\",\"urlTemplate\":\"https:\/\/talkpal.ai\/az\/?s={search_term_string}\"},\"query-input\":{\"@type\":\"PropertyValueSpecification\",\"valueRequired\":true,\"valueName\":\"search_term_string\"}}],\"inLanguage\":\"az\"},{\"@type\":\"Organization\",\"@id\":\"https:\/\/talkpal.ai\/az\/#organization\",\"name\":\"Talkpal, Inc.\",\"alternateName\":\"Talkpal AI\",\"url\":\"https:\/\/talkpal.ai\/az\/\",\"logo\":{\"@type\":\"ImageObject\",\"inLanguage\":\"az\",\"@id\":\"https:\/\/talkpal.ai\/az\/#\/schema\/logo\/image\/\",\"url\":\"https:\/\/talkpal.ai\/wp-content\/uploads\/2024\/03\/Talkpal-Logo-Icon.png\",\"contentUrl\":\"https:\/\/talkpal.ai\/wp-content\/uploads\/2024\/03\/Talkpal-Logo-Icon.png\",\"width\":2880,\"height\":2880,\"caption\":\"Talkpal, Inc.\"},\"image\":{\"@id\":\"https:\/\/talkpal.ai\/az\/#\/schema\/logo\/image\/\"},\"sameAs\":[\"https:\/\/www.facebook.com\/profile.php?id=100090733639311\",\"https:\/\/x.com\/talkpalai\",\"https:\/\/www.linkedin.com\/company\/talkpal\/\",\"https:\/\/www.youtube.com\/@TalkPal\/\",\"https:\/\/www.tiktok.com\/@talkpal\",\"https:\/\/www.instagram.com\/talkpal_ai\/\",\"https:\/\/www.crunchbase.com\/organization\/talkpal-9cde\",\"https:\/\/www.g2.com\/products\/talkpal-for-business\/\",\"https:\/\/www.trustpilot.com\/review\/talkpal.ai\",\"https:\/\/www.capterra.com\/p\/10006800\/TalkPal\/\"],\"description\":\"Talkpal is a language learning web and mobile education app, powered by the latest AI technologies, that provides engaging experiences to its customers in many different languages to help them improve their language skills. Users can chat about unlimited amount of topics with the app and use other modes to practice their language learning.\",\"email\":\"support@talkpal.ai\",\"legalName\":\"Talkpal, Inc.\",\"foundingDate\":\"2023-04-03\",\"duns\":\"118989042\",\"numberOfEmployees\":{\"@type\":\"QuantitativeValue\",\"minValue\":\"11\",\"maxValue\":\"50\"},\"publishingPrinciples\":\"https:\/\/talkpal.ai\/publishing-principles\/\",\"actionableFeedbackPolicy\":\"https:\/\/talkpal.ai\/actionable-feedback-policy\/\",\"correctionsPolicy\":\"https:\/\/talkpal.ai\/corrections-policy\/\",\"ethicsPolicy\":\"https:\/\/talkpal.ai\/ethics-policy\/\",\"diversityPolicy\":\"https:\/\/talkpal.ai\/diversity-policy\/\",\"diversityStaffingReport\":\"https:\/\/talkpal.ai\/diversity-policy\/\"}]}<\/script>\n<!-- \/ Yoast SEO Premium plugin. -->","yoast_head_json":{"title":"Malayalam qrammatikas\u0131 - Talkpal","description":"H\u0259rt\u0259r\u0259fli s\u00fcni intellekt dil \u00f6yr\u0259nm\u0259 b\u0259l\u0259d\u00e7imizl\u0259 \u0259lifba, isiml\u0259r v\u0259 fell\u0259r daxil olmaqla Malayalam qrammatika qaydalar\u0131n\u0131 m\u0259nims\u0259yin.","robots":{"index":"index","follow":"follow","max-snippet":"max-snippet:-1","max-image-preview":"max-image-preview:large","max-video-preview":"max-video-preview:-1"},"canonical":"https:\/\/talkpal.ai\/az\/malayalam-qrammatikasi\/","og_locale":"az_AZ","og_type":"article","og_title":"Malayalam qrammatikas\u0131","og_description":"Malayalam qrammatikas\u0131n\u0131n inc\u0259likl\u0259ri Kerala v\u0259 diasporda z\u0259ngin tarixi v\u0259 d\u0259rin m\u0259d\u0259ni k\u00f6kl\u0259ri olan bir Dravid dili olan Malayalam, unikal qrammatika","og_url":"https:\/\/talkpal.ai\/az\/malayalam-qrammatikasi\/","og_site_name":"Talkpal","article_publisher":"https:\/\/www.facebook.com\/profile.php?id=100090733639311","article_modified_time":"2025-12-30T13:59:13+00:00","og_image":[{"width":2880,"height":1620,"url":"https:\/\/talkpal.ai\/wp-content\/uploads\/2025\/02\/Progress-tab-16_9.png","type":"image\/png"}],"twitter_card":"summary_large_image","twitter_site":"@talkpalai","twitter_misc":{"Est. reading time":"5 minutes"},"schema":{"@context":"https:\/\/schema.org","@graph":[{"@type":"WebPage","@id":"https:\/\/talkpal.ai\/az\/malayalam-qrammatikasi\/","url":"https:\/\/talkpal.ai\/az\/malayalam-qrammatikasi\/","name":"Malayalam qrammatikas\u0131 - Talkpal","isPartOf":{"@id":"https:\/\/talkpal.ai\/az\/#website"},"datePublished":"2025-11-12T12:26:29+00:00","dateModified":"2025-12-30T13:59:13+00:00","description":"H\u0259rt\u0259r\u0259fli s\u00fcni intellekt dil \u00f6yr\u0259nm\u0259 b\u0259l\u0259d\u00e7imizl\u0259 \u0259lifba, isiml\u0259r v\u0259 fell\u0259r daxil olmaqla Malayalam qrammatika qaydalar\u0131n\u0131 m\u0259nims\u0259yin.","breadcrumb":{"@id":"https:\/\/talkpal.ai\/az\/malayalam-qrammatikasi\/#breadcrumb"},"inLanguage":"az","potentialAction":[{"@type":"ReadAction","target":["https:\/\/talkpal.ai\/az\/malayalam-qrammatikasi\/"]}]},{"@type":"BreadcrumbList","@id":"https:\/\/talkpal.ai\/az\/malayalam-qrammatikasi\/#breadcrumb","itemListElement":[{"@type":"ListItem","position":1,"name":"Homepage","item":"https:\/\/talkpal.ai\/az\/"},{"@type":"ListItem","position":2,"name":"Malayalam qrammatikas\u0131"}]},{"@type":"WebSite","@id":"https:\/\/talkpal.ai\/az\/#website","url":"https:\/\/talkpal.ai\/az\/","name":"Talkpal","description":"AI Language Learning","publisher":{"@id":"https:\/\/talkpal.ai\/az\/#organization"},"alternateName":"Talkpal AI","potentialAction":[{"@type":"SearchAction","target":{"@type":"EntryPoint","urlTemplate":"https:\/\/talkpal.ai\/az\/?s={search_term_string}"},"query-input":{"@type":"PropertyValueSpecification","valueRequired":true,"valueName":"search_term_string"}}],"inLanguage":"az"},{"@type":"Organization","@id":"https:\/\/talkpal.ai\/az\/#organization","name":"Talkpal, Inc.","alternateName":"Talkpal AI","url":"https:\/\/talkpal.ai\/az\/","logo":{"@type":"ImageObject","inLanguage":"az","@id":"https:\/\/talkpal.ai\/az\/#\/schema\/logo\/image\/","url":"https:\/\/talkpal.ai\/wp-content\/uploads\/2024\/03\/Talkpal-Logo-Icon.png","contentUrl":"https:\/\/talkpal.ai\/wp-content\/uploads\/2024\/03\/Talkpal-Logo-Icon.png","width":2880,"height":2880,"caption":"Talkpal, Inc."},"image":{"@id":"https:\/\/talkpal.ai\/az\/#\/schema\/logo\/image\/"},"sameAs":["https:\/\/www.facebook.com\/profile.php?id=100090733639311","https:\/\/x.com\/talkpalai","https:\/\/www.linkedin.com\/company\/talkpal\/","https:\/\/www.youtube.com\/@TalkPal\/","https:\/\/www.tiktok.com\/@talkpal","https:\/\/www.instagram.com\/talkpal_ai\/","https:\/\/www.crunchbase.com\/organization\/talkpal-9cde","https:\/\/www.g2.com\/products\/talkpal-for-business\/","https:\/\/www.trustpilot.com\/review\/talkpal.ai","https:\/\/www.capterra.com\/p\/10006800\/TalkPal\/"],"description":"Talkpal is a language learning web and mobile education app, powered by the latest AI technologies, that provides engaging experiences to its customers in many different languages to help them improve their language skills. Users can chat about unlimited amount of topics with the app and use other modes to practice their language learning.","email":"support@talkpal.ai","legalName":"Talkpal, Inc.","foundingDate":"2023-04-03","duns":"118989042","numberOfEmployees":{"@type":"QuantitativeValue","minValue":"11","maxValue":"50"},"publishingPrinciples":"https:\/\/talkpal.ai\/publishing-principles\/","actionableFeedbackPolicy":"https:\/\/talkpal.ai\/actionable-feedback-policy\/","correctionsPolicy":"https:\/\/talkpal.ai\/corrections-policy\/","ethicsPolicy":"https:\/\/talkpal.ai\/ethics-policy\/","diversityPolicy":"https:\/\/talkpal.ai\/diversity-policy\/","diversityStaffingReport":"https:\/\/talkpal.ai\/diversity-policy\/"}]}},"_links":{"self":[{"href":"https:\/\/talkpal.ai\/az\/wp-json\/wp\/v2\/pages\/1474157","targetHints":{"allow":["GET"]}}],"collection":[{"href":"https:\/\/talkpal.ai\/az\/wp-json\/wp\/v2\/pages"}],"about":[{"href":"https:\/\/talkpal.ai\/az\/wp-json\/wp\/v2\/types\/page"}],"author":[{"embeddable":true,"href":"https:\/\/talkpal.ai\/az\/wp-json\/wp\/v2\/users\/20"}],"replies":[{"embeddable":true,"href":"https:\/\/talkpal.ai\/az\/wp-json\/wp\/v2\/comments?post=1474157"}],"version-history":[{"count":0,"href":"https:\/\/talkpal.ai\/az\/wp-json\/wp\/v2\/pages\/1474157\/revisions"}],"wp:attachment":[{"href":"https:\/\/talkpal.ai\/az\/wp-json\/wp\/v2\/media?parent=1474157"}],"curies":[{"name":"wp","href":"https:\/\/api.w.org\/{rel}","templated":true}]}}