{"id":1474148,"date":"2025-11-12T12:14:54","date_gmt":"2025-11-12T12:14:54","guid":{"rendered":"https:\/\/talkpal.ai\/laos-qrammatika-m%c9%99sql%c9%99ri\/"},"modified":"2025-12-30T14:07:19","modified_gmt":"2025-12-30T14:07:19","slug":"laos-qrammatika-m%c9%99sql%c9%99ri","status":"publish","type":"page","link":"https:\/\/talkpal.ai\/az\/laos-qrammatika-m%c9%99sql%c9%99ri\/","title":{"rendered":"Laos Qrammatika M\u0259\u015fql\u0259ri"},"content":{"rendered":"\r\n\r\n\r\n<section class=\"languageChallengeSection\">\r\n    <div class=\"languageInfoWrapper\">\r\n        \r\n        <h1>Laos Qrammatika M\u0259\u015fql\u0259ri<\/h1>\r\n        <p><a href=\"https:\/\/talkpal.ai\/learn-lao\/\">Laos<\/a> qrammatikas\u0131na dalma\u011fa haz\u0131rs\u0131n\u0131z? Bir ne\u00e7\u0259 \u0259saslar\u0131 m\u0259\u015fq etm\u0259k bu unikal v\u0259 g\u00f6z\u0259l dill\u0259 rahat olma\u011fa k\u00f6m\u0259k ed\u0259c\u0259k. G\u00fcv\u0259ninizi art\u0131rmaq v\u0259 yol boyu \u0259yl\u0259nm\u0259k \u00fc\u00e7\u00fcn bu m\u0259\u015fql\u0259ri s\u0131nay\u0131n!<\/p>\r\n\r\n                            <a class=\"getStartedHidden\" href=\"https:\/\/app.talkpal.ai\/signup?lng=\">Ba\u015fla<\/a>\r\n        \r\n    <\/div>\r\n\r\n    <figure>\r\n    <img decoding=\"async\" width=\"768\" height=\"768\" src=\"https:\/\/talkpal.ai\/wp-content\/uploads\/2023\/06\/welsh-768x768.png\" class=\"languageImage no-lazy\" alt=\"Language learning for better cognitive abilities\" fetchpriority=\"high\" sizes=\"(max-width: 768px) 150px, 768px\" srcset=\"https:\/\/talkpal.ai\/wp-content\/uploads\/2023\/06\/welsh-768x768.png 768w, https:\/\/talkpal.ai\/wp-content\/uploads\/2023\/06\/welsh-300x300.png 300w\" \/>\r\n    \r\n\r\n    <\/figure>\r\n\r\n            <a class=\"getStartedVisible\" href=\"https:\/\/app.talkpal.ai\/signup?lng=\">Ba\u015fla<\/a>\r\n    \r\n<\/section><section class=\"promotionalBanner\">\r\n    <p class=\"promotionalText\">Dil \u00f6yr\u0259nm\u0259yin \u0259n t\u0259sirli yolu<\/p>\r\n    <a class=\"promotionalLink\" href=\"https:\/\/app.talkpal.ai\/signup?lng=\">Talkpal pulsuz s\u0131nay\u0131n<\/a>\r\n<\/section>\n<div class=\"wp-block-group pageContainerStyle\"><div class=\"wp-block-group__inner-container is-layout-constrained wp-block-group-is-layout-constrained\">\n<h2 class=\"wp-block-heading\" id=\"h-lao-grammar-topics\">Laos Qrammatika M\u00f6vzular\u0131<\/h2>\n\n\n\n<p><a href=\"https:\/\/talkpal.ai\/az\/yeni-dil-oyr%c9%99n%c9%99rk%c9%99n-qacmaq-lazim-olan-en-boyuk-s%c9%99hvl%c9%99r\/\">Yeni bir dil \u00f6yr\u0259nm\u0259k<\/a> \u00e7\u0259tin, lakin m\u00fckafatland\u0131r\u0131c\u0131 bir i\u015f ola bil\u0259r. \u018fsas\u0259n Laosda dan\u0131\u015f\u0131lan Tai-Kadai dili olan Laos da istisna deyil. Unikal x\u00fcsusiyy\u0259tl\u0259ri v\u0259 strukturlar\u0131 il\u0259 Laos <a href=\"https:\/\/talkpal.ai\/az\/t%c9%99hsil-ucun-talkpal\/\">\u00f6yr\u0259nm\u0259k<\/a> , m\u0259nan\u0131n b\u00fck\u00fclm\u0259 \u0259v\u0259zin\u0259 hiss\u0259cikl\u0259r, s\u00f6z s\u0131ras\u0131 v\u0259 klassifikatorlarla nec\u0259 quruldu\u011funu anlamaq \u00fc\u00e7\u00fcn sistematik bir yana\u015fma t\u0259l\u0259b edir. Bu t\u0259limat, isiml\u0259r v\u0259 t\u0259snifatlar kimi \u0259saslardan ba\u015flayaraq aspekt markerl\u0259ri v\u0259 c\u00fcml\u0259 quruculu\u011fu kimi daha m\u00fcr\u0259kk\u0259b sah\u0259l\u0259r\u0259 do\u011fru ir\u0259lil\u0259y\u0259r\u0259k dil <a href=\"https:\/\/talkpal.ai\/az\/dil-oyr%c9%99nilm%c9%99si-ucun-ai-chatbot\/\">\u00f6yr\u0259nilm\u0259si<\/a> \u00fc\u00e7\u00fcn m\u0259ntiqi ard\u0131c\u0131ll\u0131qla <a href=\"https:\/\/talkpal.ai\/az\/laos-qrammatikasi\/\">Laos qrammatikas\u0131n\u0131n<\/a> \u0259sas sah\u0259l\u0259rini t\u0259svir edir.<\/p>\n\n\n\n<h3 class=\"wp-block-heading\" id=\"h-1-nouns\">1. Nouns:<\/h3>\n\n\n\n<p>Laos dili s\u0259yah\u0259tiniz\u0259 isiml\u0259ri \u00f6yr\u0259nm\u0259kl\u0259 ba\u015flay\u0131n. Bu, \u00fcmumi v\u0259 x\u00fcsusi isiml\u0259ri anlama\u011f\u0131, \u00e7oxlu\u011fun kontekst, r\u0259q\u0259ml\u0259r v\u0259 bir \u00e7oxlar\u0131 kimi s\u00f6zl\u0259r vasit\u0259sil\u0259 nec\u0259 g\u00f6st\u0259rildiyini, el\u0259c\u0259 d\u0259 r\u0259q\u0259ml\u0259r v\u0259 k\u0259miyy\u0259t\u00e7il\u0259rd\u0259n sonra t\u0259snifatlay\u0131c\u0131lar\u0131n \u0259sas rolunu \u0259hat\u0259 edir.<\/p>\n\n\n\n<h3 class=\"wp-block-heading\" id=\"h-2-articles\">2. M\u0259qal\u0259l\u0259r:<\/h3>\n\n\n\n<p>Laos n\u0259 m\u00fc\u0259yy\u0259n, n\u0259 d\u0259 qeyri-m\u00fc\u0259yy\u0259n m\u0259qal\u0259l\u0259rd\u0259n istifad\u0259 etmir. Bunun \u0259v\u0259zin\u0259, m\u00fc\u0259yy\u0259nlik v\u0259 spesifiklik kontekst, bu v\u0259 dig\u0259r n\u00fcmayi\u015fl\u0259r v\u0259 t\u0259snifat konstruksiyalar\u0131 vasit\u0259sil\u0259 ifad\u0259 olunur.<\/p>\n\n\n\n<h3 class=\"wp-block-heading\" id=\"h-3-adjectives\">3. Adjectives:<\/h3>\n\n\n\n<p>Laos dilind\u0259 sif\u0259tl\u0259r \u00fcmumiyy\u0259tl\u0259 d\u0259yi\u015fdirdikl\u0259ri isiml\u0259ri izl\u0259yirl\u0259r. Sif\u0259tl\u0259rin predikat kimi nec\u0259 f\u0259aliyy\u0259t g\u00f6st\u0259r\u0259 bil\u0259c\u0259yini v\u0259 daha \u00e7ox v\u0259 daha \u00e7ox olan \u00fcst\u00fcnl\u00fckl\u0259r \u00fc\u00e7\u00fcn markerl\u0259rd\u0259n istifad\u0259 ed\u0259r\u0259k m\u00fcqayis\u0259l\u0259r nec\u0259 quraca\u011f\u0131n\u0131z\u0131 \u00f6yr\u0259nin.<\/p>\n\n\n\n<h3 class=\"wp-block-heading\" id=\"h-4-pronouns-determiners\">4. Pronouns\/Determinl\u0259r:<\/h3>\n\n\n\n<p>Laosda \u0259v\u0259zlikl\u0259r v\u0259 determinatorlar vacibdir; \u018fv\u0259zlikl\u0259r n\u0259zak\u0259tliy\u0259, ya\u015fa v\u0259 sosial kontekst\u0259 g\u00f6r\u0259 d\u0259yi\u015fir. Determinatorlara n\u00fcmayi\u015f v\u0259 k\u0259miyy\u0259t\u00e7il\u0259r daxildir v\u0259 sahiblik \u00fcmumiyy\u0259tl\u0259 sahibi v\u0259 isim aras\u0131nda &#8220;of&#8221; s\u00f6z\u00fc il\u0259 i\u015far\u0259l\u0259nir.<\/p>\n\n\n\n<h3 class=\"wp-block-heading\" id=\"h-5-verbs\">5. Feill\u0259r:<\/h3>\n\n\n\n<p>Laos fell\u0259ri zaman, \u015f\u0259xs v\u0259 ya \u0259d\u0259d formas\u0131n\u0131 d\u0259yi\u015fdirmir. Zaman, aspekt v\u0259 \u0259hval-ruhiyy\u0259 hiss\u0259cikl\u0259r v\u0259 k\u00f6m\u0259k\u00e7i s\u00f6zl\u0259rl\u0259 g\u00f6st\u0259rilir. \u018fsas fel n\u00fcmun\u0259l\u0259ri il\u0259 ba\u015flay\u0131n v\u0259 ke\u00e7mi\u015f, tamamlanma, davam ed\u0259n h\u0259r\u0259k\u0259t v\u0259 niyy\u0259t \u00fc\u00e7\u00fcn \u00fcmumi markerl\u0259ri \u00f6yr\u0259nin.<\/p>\n\n\n\n<h3 class=\"wp-block-heading\" id=\"h-6-tenses\">6. G\u0259rginlikl\u0259r:<\/h3>\n\n\n\n<p>\u018fsas fel n\u00fcmun\u0259l\u0259rini m\u0259nims\u0259dikd\u0259n sonra, Laonun b\u00fck\u00fclm\u00fc\u015f zamanlar olmadan zaman\u0131 nec\u0259 ifad\u0259 etdiyini daha d\u0259rind\u0259n ara\u015fd\u0131r\u0131n. Bu, m\u00f6vcud v\u0259ziyy\u0259tl\u0259ri, tamamlanm\u0131\u015f hadis\u0259l\u0259ri v\u0259 m\u00fcxt\u0259lif kontekstl\u0259rd\u0259 g\u0259l\u0259c\u0259k v\u0259 ya n\u0259z\u0259rd\u0259 tutulan h\u0259r\u0259k\u0259tl\u0259ri ay\u0131rd etm\u0259k \u00fc\u00e7\u00fcn zaman s\u00f6zl\u0259rinin v\u0259 aspekt markerl\u0259rinin istifad\u0259sini \u0259hat\u0259 edir.<\/p>\n\n\n\n<h3 class=\"wp-block-heading\" id=\"h-7-tense-comparison\">7. G\u0259rgin m\u00fcqayis\u0259:<\/h3>\n\n\n\n<p>Laosda zaman v\u0259 aspekt i\u015far\u0259l\u0259m\u0259sini m\u00fcqayis\u0259 etm\u0259k hadis\u0259l\u0259rin ard\u0131c\u0131ll\u0131\u011f\u0131n\u0131 v\u0259 bax\u0131\u015f buca\u011f\u0131n\u0131 anlama\u011fa k\u00f6m\u0259k edir. Tamamlanm\u0131\u015f, davaml\u0131, adi v\u0259 perspektivli oxunu\u015flar aras\u0131nda m\u0259nan\u0131n nec\u0259 d\u0259yi\u015fdiyini g\u00f6rm\u0259k \u00fc\u00e7\u00fcn eyni c\u00fcml\u0259ni f\u0259rqli hiss\u0259cikl\u0259rl\u0259 m\u00fcqayis\u0259 edin.<\/p>\n\n\n\n<h3 class=\"wp-block-heading\" id=\"h-8-progressive\">8. M\u00fct\u0259r\u0259qqi:<\/h3>\n\n\n\n<p>Laosda davam ed\u0259n h\u0259r\u0259k\u0259tl\u0259ri ifad\u0259 etm\u0259k \u00fc\u00e7\u00fcn proqressiv istifad\u0259 olunur. \u00dcmumiyy\u0259tl\u0259 davam ed\u0259n \u00fc\u00e7\u00fcn verbal \u00f6nc\u0259si marker il\u0259 formala\u015f\u0131r v\u0259 cari v\u0259ziyy\u0259ti g\u00f6st\u0259r\u0259n bir c\u00fcml\u0259 son v\u0259 ya \u015fifahi sonras\u0131 marker il\u0259 g\u00fccl\u0259ndiril\u0259 bil\u0259r.<\/p>\n\n\n\n<h3 class=\"wp-block-heading\" id=\"h-9-perfect-progressive\">9. M\u00fck\u0259mm\u0259l T\u0259r\u0259qqi:<\/h3>\n\n\n\n<p>Bu m\u0259na, istinad n\u00f6qt\u0259sin\u0259 q\u0259d\u0259r uzunlu\u011fu g\u00f6st\u0259r\u0259n birl\u0259\u015fm\u0259l\u0259rl\u0259 ifad\u0259 olunur. Lao, bir m\u00fcdd\u0259tdir \u00e7atd\u0131rmaq \u00fc\u00e7\u00fcn art\u0131q v\u0259 ya indiy\u0259 q\u0259d\u0259r oldu\u011funu g\u00f6st\u0259r\u0259n aspekt markerl\u0259rind\u0259n, zaman ifad\u0259l\u0259rind\u0259n v\u0259 hiss\u0259cikl\u0259rd\u0259n istifad\u0259 edir.<\/p>\n\n\n\n<h3 class=\"wp-block-heading\" id=\"h-10-conditionals\">10. \u015e\u0259rti olaraq:<\/h3>\n\n\n\n<p>\u015e\u0259rti v\u0259ziyy\u0259tl\u0259r hipotetik v\u0259ziyy\u0259tl\u0259ri v\u0259 onlar\u0131n m\u00fcmk\u00fcn n\u0259tic\u0259l\u0259rini ifad\u0259 edir. N\u0259tic\u0259 b\u0259ndinin ard\u0131nca bir if c\u00fcml\u0259si il\u0259 \u0259m\u0259l\u0259 g\u0259lirl\u0259r, tez-tez g\u0259rgin d\u0259yi\u015fiklikl\u0259r \u0259v\u0259zin\u0259 ehtimal\u0131 v\u0259 ya niyy\u0259ti g\u00f6st\u0259rm\u0259k \u00fc\u00e7\u00fcn modal hiss\u0259cikl\u0259rd\u0259n istifad\u0259 edirl\u0259r.<\/p>\n\n\n\n<h3 class=\"wp-block-heading\" id=\"h-11-adverbs\">11. Adverbl\u0259r:<\/h3>\n\n\n\n<p>Laos dilind\u0259 z\u0259rfl\u0259r fell\u0259ri, sif\u0259tl\u0259ri v\u0259 ya dig\u0259r z\u0259rfl\u0259ri d\u0259yi\u015fdirir. \u00dcmumiyy\u0259tl\u0259 feld\u0259n sonra v\u0259 ya c\u00fcml\u0259nin sonunda g\u00f6r\u00fcn\u00fcrl\u0259r v\u0259 \u00fcsul, yer, vaxt, d\u0259r\u0259c\u0259 v\u0259 daha \u00e7ox \u015fey haqq\u0131nda m\u0259lumat verirl\u0259r.<\/p>\n\n\n\n<h3 class=\"wp-block-heading\" id=\"h-12-prepositions\">12. Prepozisiyalar:<\/h3>\n\n\n\n<p>Prepositions s\u00f6z v\u0259 ifad\u0259l\u0259ri bir-birin\u0259 ba\u011flay\u0131r. Laosda bunlar\u0131n bir \u00e7oxu zaman, yer, istiqam\u0259t v\u0259 m\u00fc\u015fayi\u0259t m\u00fcnasib\u0259tl\u0259rini ifad\u0259 etm\u0259k \u00fc\u00e7\u00fcn isimd\u0259n \u0259vv\u0259l v\u0259 ya seriyal\u0131 fel konstruksiyalar\u0131nda meydana g\u0259l\u0259n \u00f6rt\u00fckl\u0259rdir.<\/p>\n\n\n\n<h3 class=\"wp-block-heading\" id=\"h-13-sentences\">13. C\u00fcml\u0259l\u0259r:<\/h3>\n\n\n\n<p>Sonda c\u00fcml\u0259l\u0259rin d\u00fcz\u0259ldili\u015fl\u0259rini m\u0259\u015fq etdir. Lao ilk n\u00f6vb\u0259d\u0259 subyekt fel obyektidir, ofild\u0259n \u0259vv\u0259l inkar v\u0259 sual hiss\u0259cikl\u0259ri v\u0259 ya sual s\u00f6zl\u0259ri m\u00f6vqeyind\u0259 olur. Laos dilinin h\u0259rt\u0259r\u0259fli ba\u015fa d\u00fc\u015f\u00fclm\u0259sini t\u0259min etm\u0259k \u00fc\u00e7\u00fcn klassifikatorlar, aspekt markerl\u0259ri v\u0259 seriyal\u0131 fell\u0259r d\u0259 daxil olmaqla \u0259vv\u0259ll\u0259r \u00f6yr\u0259nilmi\u015f b\u00fct\u00fcn <a href=\"https:\/\/talkpal.ai\/grammar\/\">qrammatika<\/a> n\u00f6qt\u0259l\u0259rind\u0259n kontekstd\u0259 istifad\u0259 edin.<\/p>\n<\/div><\/div>\n\r\n<section class=\"learnNavigationSection\">\r\n            \r\n        <a href=\"https:\/\/talkpal.ai\/az\/laosu-oyr%c9%99nin\/\">\r\n            <div class=\"learnNavigationWrapper\">\r\n                <div class=\"learnNavigationContent\">\r\n                    <img decoding=\"async\" src=\"https:\/\/talkpal.ai\/wp-content\/uploads\/2025\/11\/Lao-1.png\" alt=\"Laotian Flag\">\r\n                    <div>\r\n                        <h4>Laos \u00d6yr\u0259nm\u0259 Haqq\u0131nda<\/h4>\r\n                        <p>Laos qrammatikas\u0131 haqq\u0131nda h\u0259r \u015feyi \u00f6yr\u0259nin.<\/p>\r\n                    <\/div>\r\n                <\/div>\r\n            <\/div>\r\n        <\/a>\r\n\r\n        \r\n        <a href=\"https:\/\/talkpal.ai\/az\/laos-qrammatikasi\/\">\r\n            <div class=\"learnNavigationWrapper\">\r\n                <div class=\"learnNavigationContent\">\r\n                    <img decoding=\"async\" src=\"https:\/\/talkpal.ai\/wp-content\/uploads\/2025\/11\/Lao-1.png\" alt=\"Laotian Flag\">\r\n                    <div>\r\n                        <h4>Laos Qrammatika D\u0259rsl\u0259ri<\/h4>\r\n                        <p>Laos qrammatikas\u0131n\u0131 t\u0259tbiq edin.<\/p>\r\n                    <\/div>\r\n                <\/div>\r\n            <\/div>\r\n        <\/a>\r\n\r\n            <\/section>","protected":false},"excerpt":{"rendered":"<p>Laos Qrammatika M\u00f6vzular\u0131 Yeni bir dil \u00f6yr\u0259nm\u0259k \u00e7\u0259tin, lakin m\u00fckafatland\u0131r\u0131c\u0131 bir i\u015f ola bil\u0259r. \u018fsas\u0259n Laosda dan\u0131\u015f\u0131lan Tai-Kadai dili olan Laos da istisna deyil. Unikal x\u00fcsusiyy\u0259tl\u0259ri v\u0259 strukturlar\u0131 il\u0259 Laos \u00f6yr\u0259nm\u0259k , m\u0259nan\u0131n b\u00fck\u00fclm\u0259 \u0259v\u0259zin\u0259 hiss\u0259cikl\u0259r, s\u00f6z s\u0131ras\u0131 v\u0259 klassifikatorlarla nec\u0259 quruldu\u011funu anlamaq \u00fc\u00e7\u00fcn sistematik bir yana\u015fma t\u0259l\u0259b edir. Bu t\u0259limat, isiml\u0259r v\u0259 t\u0259snifatlar kimi [&hellip;]<\/p>\n","protected":false},"author":20,"featured_media":0,"parent":0,"menu_order":0,"comment_status":"closed","ping_status":"closed","template":"LearningContentPage.php","meta":{"_acf_changed":false,"footnotes":""},"class_list":["post-1474148","page","type-page","status-publish","hentry"],"acf":[],"yoast_head":"<!-- This site is optimized with the Yoast SEO Premium plugin v27.2 (Yoast SEO v27.2) - https:\/\/yoast.com\/product\/yoast-seo-premium-wordpress\/ -->\n<title>Laos Qrammatika M\u0259\u015fql\u0259ri - Talkpal<\/title>\n<meta name=\"description\" content=\"Dild\u0259 s\u0259lis dan\u0131\u015f\u0131q v\u0259 \u00f6z\u00fcn\u0259inam yaratma\u011f\u0131n\u0131za k\u00f6m\u0259k etm\u0259k \u00fc\u00e7\u00fcn haz\u0131rlanm\u0131\u015f interaktiv m\u0259\u015fql\u0259rl\u0259 Lao qrammatikas\u0131n\u0131 m\u0259nims\u0259yin.\" \/>\n<meta name=\"robots\" content=\"index, follow, max-snippet:-1, max-image-preview:large, max-video-preview:-1\" \/>\n<link rel=\"canonical\" href=\"https:\/\/talkpal.ai\/az\/laos-qrammatika-m%c9%99sql%c9%99ri\/\" \/>\n<meta property=\"og:locale\" content=\"az_AZ\" \/>\n<meta property=\"og:type\" content=\"article\" \/>\n<meta property=\"og:title\" content=\"Laos Qrammatika M\u0259\u015fql\u0259ri\" \/>\n<meta property=\"og:description\" content=\"Laos Qrammatika M\u00f6vzular\u0131 Yeni bir dil \u00f6yr\u0259nm\u0259k \u00e7\u0259tin, lakin m\u00fckafatland\u0131r\u0131c\u0131 bir i\u015f ola bil\u0259r. \u018fsas\u0259n Laosda dan\u0131\u015f\u0131lan Tai-Kadai dili olan Laos da\" \/>\n<meta property=\"og:url\" content=\"https:\/\/talkpal.ai\/az\/laos-qrammatika-m%c9%99sql%c9%99ri\/\" \/>\n<meta property=\"og:site_name\" content=\"Talkpal\" \/>\n<meta property=\"article:publisher\" content=\"https:\/\/www.facebook.com\/profile.php?id=100090733639311\" \/>\n<meta property=\"article:modified_time\" content=\"2025-12-30T14:07:19+00:00\" \/>\n<meta property=\"og:image\" content=\"https:\/\/talkpal.ai\/wp-content\/uploads\/2025\/02\/Progress-tab-16_9.png\" \/>\n\t<meta property=\"og:image:width\" content=\"2880\" \/>\n\t<meta property=\"og:image:height\" content=\"1620\" \/>\n\t<meta property=\"og:image:type\" content=\"image\/png\" \/>\n<meta name=\"twitter:card\" content=\"summary_large_image\" \/>\n<meta name=\"twitter:site\" content=\"@talkpalai\" \/>\n<meta name=\"twitter:label1\" content=\"Est. reading time\" \/>\n\t<meta name=\"twitter:data1\" content=\"5 minutes\" \/>\n<script type=\"application\/ld+json\" class=\"yoast-schema-graph\">{\"@context\":\"https:\/\/schema.org\",\"@graph\":[{\"@type\":\"WebPage\",\"@id\":\"https:\/\/talkpal.ai\/az\/laos-qrammatika-m%c9%99sql%c9%99ri\/\",\"url\":\"https:\/\/talkpal.ai\/az\/laos-qrammatika-m%c9%99sql%c9%99ri\/\",\"name\":\"Laos Qrammatika M\u0259\u015fql\u0259ri - Talkpal\",\"isPartOf\":{\"@id\":\"https:\/\/talkpal.ai\/az\/#website\"},\"datePublished\":\"2025-11-12T12:14:54+00:00\",\"dateModified\":\"2025-12-30T14:07:19+00:00\",\"description\":\"Dild\u0259 s\u0259lis dan\u0131\u015f\u0131q v\u0259 \u00f6z\u00fcn\u0259inam yaratma\u011f\u0131n\u0131za k\u00f6m\u0259k etm\u0259k \u00fc\u00e7\u00fcn haz\u0131rlanm\u0131\u015f interaktiv m\u0259\u015fql\u0259rl\u0259 Lao qrammatikas\u0131n\u0131 m\u0259nims\u0259yin.\",\"breadcrumb\":{\"@id\":\"https:\/\/talkpal.ai\/az\/laos-qrammatika-m%c9%99sql%c9%99ri\/#breadcrumb\"},\"inLanguage\":\"az\",\"potentialAction\":[{\"@type\":\"ReadAction\",\"target\":[\"https:\/\/talkpal.ai\/az\/laos-qrammatika-m%c9%99sql%c9%99ri\/\"]}]},{\"@type\":\"BreadcrumbList\",\"@id\":\"https:\/\/talkpal.ai\/az\/laos-qrammatika-m%c9%99sql%c9%99ri\/#breadcrumb\",\"itemListElement\":[{\"@type\":\"ListItem\",\"position\":1,\"name\":\"Homepage\",\"item\":\"https:\/\/talkpal.ai\/az\/\"},{\"@type\":\"ListItem\",\"position\":2,\"name\":\"Laos Qrammatika M\u0259\u015fql\u0259ri\"}]},{\"@type\":\"WebSite\",\"@id\":\"https:\/\/talkpal.ai\/az\/#website\",\"url\":\"https:\/\/talkpal.ai\/az\/\",\"name\":\"Talkpal\",\"description\":\"AI Language Learning\",\"publisher\":{\"@id\":\"https:\/\/talkpal.ai\/az\/#organization\"},\"alternateName\":\"Talkpal AI\",\"potentialAction\":[{\"@type\":\"SearchAction\",\"target\":{\"@type\":\"EntryPoint\",\"urlTemplate\":\"https:\/\/talkpal.ai\/az\/?s={search_term_string}\"},\"query-input\":{\"@type\":\"PropertyValueSpecification\",\"valueRequired\":true,\"valueName\":\"search_term_string\"}}],\"inLanguage\":\"az\"},{\"@type\":\"Organization\",\"@id\":\"https:\/\/talkpal.ai\/az\/#organization\",\"name\":\"Talkpal, Inc.\",\"alternateName\":\"Talkpal AI\",\"url\":\"https:\/\/talkpal.ai\/az\/\",\"logo\":{\"@type\":\"ImageObject\",\"inLanguage\":\"az\",\"@id\":\"https:\/\/talkpal.ai\/az\/#\/schema\/logo\/image\/\",\"url\":\"https:\/\/talkpal.ai\/wp-content\/uploads\/2024\/03\/Talkpal-Logo-Icon.png\",\"contentUrl\":\"https:\/\/talkpal.ai\/wp-content\/uploads\/2024\/03\/Talkpal-Logo-Icon.png\",\"width\":2880,\"height\":2880,\"caption\":\"Talkpal, Inc.\"},\"image\":{\"@id\":\"https:\/\/talkpal.ai\/az\/#\/schema\/logo\/image\/\"},\"sameAs\":[\"https:\/\/www.facebook.com\/profile.php?id=100090733639311\",\"https:\/\/x.com\/talkpalai\",\"https:\/\/www.linkedin.com\/company\/talkpal\/\",\"https:\/\/www.youtube.com\/@TalkPal\/\",\"https:\/\/www.tiktok.com\/@talkpal\",\"https:\/\/www.instagram.com\/talkpal_ai\/\",\"https:\/\/www.crunchbase.com\/organization\/talkpal-9cde\",\"https:\/\/www.g2.com\/products\/talkpal-for-business\/\",\"https:\/\/www.trustpilot.com\/review\/talkpal.ai\",\"https:\/\/www.capterra.com\/p\/10006800\/TalkPal\/\"],\"description\":\"Talkpal is a language learning web and mobile education app, powered by the latest AI technologies, that provides engaging experiences to its customers in many different languages to help them improve their language skills. Users can chat about unlimited amount of topics with the app and use other modes to practice their language learning.\",\"email\":\"support@talkpal.ai\",\"legalName\":\"Talkpal, Inc.\",\"foundingDate\":\"2023-04-03\",\"duns\":\"118989042\",\"numberOfEmployees\":{\"@type\":\"QuantitativeValue\",\"minValue\":\"11\",\"maxValue\":\"50\"},\"publishingPrinciples\":\"https:\/\/talkpal.ai\/publishing-principles\/\",\"actionableFeedbackPolicy\":\"https:\/\/talkpal.ai\/actionable-feedback-policy\/\",\"correctionsPolicy\":\"https:\/\/talkpal.ai\/corrections-policy\/\",\"ethicsPolicy\":\"https:\/\/talkpal.ai\/ethics-policy\/\",\"diversityPolicy\":\"https:\/\/talkpal.ai\/diversity-policy\/\",\"diversityStaffingReport\":\"https:\/\/talkpal.ai\/diversity-policy\/\"}]}<\/script>\n<!-- \/ Yoast SEO Premium plugin. -->","yoast_head_json":{"title":"Laos Qrammatika M\u0259\u015fql\u0259ri - Talkpal","description":"Dild\u0259 s\u0259lis dan\u0131\u015f\u0131q v\u0259 \u00f6z\u00fcn\u0259inam yaratma\u011f\u0131n\u0131za k\u00f6m\u0259k etm\u0259k \u00fc\u00e7\u00fcn haz\u0131rlanm\u0131\u015f interaktiv m\u0259\u015fql\u0259rl\u0259 Lao qrammatikas\u0131n\u0131 m\u0259nims\u0259yin.","robots":{"index":"index","follow":"follow","max-snippet":"max-snippet:-1","max-image-preview":"max-image-preview:large","max-video-preview":"max-video-preview:-1"},"canonical":"https:\/\/talkpal.ai\/az\/laos-qrammatika-m%c9%99sql%c9%99ri\/","og_locale":"az_AZ","og_type":"article","og_title":"Laos Qrammatika M\u0259\u015fql\u0259ri","og_description":"Laos Qrammatika M\u00f6vzular\u0131 Yeni bir dil \u00f6yr\u0259nm\u0259k \u00e7\u0259tin, lakin m\u00fckafatland\u0131r\u0131c\u0131 bir i\u015f ola bil\u0259r. \u018fsas\u0259n Laosda dan\u0131\u015f\u0131lan Tai-Kadai dili olan Laos da","og_url":"https:\/\/talkpal.ai\/az\/laos-qrammatika-m%c9%99sql%c9%99ri\/","og_site_name":"Talkpal","article_publisher":"https:\/\/www.facebook.com\/profile.php?id=100090733639311","article_modified_time":"2025-12-30T14:07:19+00:00","og_image":[{"width":2880,"height":1620,"url":"https:\/\/talkpal.ai\/wp-content\/uploads\/2025\/02\/Progress-tab-16_9.png","type":"image\/png"}],"twitter_card":"summary_large_image","twitter_site":"@talkpalai","twitter_misc":{"Est. reading time":"5 minutes"},"schema":{"@context":"https:\/\/schema.org","@graph":[{"@type":"WebPage","@id":"https:\/\/talkpal.ai\/az\/laos-qrammatika-m%c9%99sql%c9%99ri\/","url":"https:\/\/talkpal.ai\/az\/laos-qrammatika-m%c9%99sql%c9%99ri\/","name":"Laos Qrammatika M\u0259\u015fql\u0259ri - Talkpal","isPartOf":{"@id":"https:\/\/talkpal.ai\/az\/#website"},"datePublished":"2025-11-12T12:14:54+00:00","dateModified":"2025-12-30T14:07:19+00:00","description":"Dild\u0259 s\u0259lis dan\u0131\u015f\u0131q v\u0259 \u00f6z\u00fcn\u0259inam yaratma\u011f\u0131n\u0131za k\u00f6m\u0259k etm\u0259k \u00fc\u00e7\u00fcn haz\u0131rlanm\u0131\u015f interaktiv m\u0259\u015fql\u0259rl\u0259 Lao qrammatikas\u0131n\u0131 m\u0259nims\u0259yin.","breadcrumb":{"@id":"https:\/\/talkpal.ai\/az\/laos-qrammatika-m%c9%99sql%c9%99ri\/#breadcrumb"},"inLanguage":"az","potentialAction":[{"@type":"ReadAction","target":["https:\/\/talkpal.ai\/az\/laos-qrammatika-m%c9%99sql%c9%99ri\/"]}]},{"@type":"BreadcrumbList","@id":"https:\/\/talkpal.ai\/az\/laos-qrammatika-m%c9%99sql%c9%99ri\/#breadcrumb","itemListElement":[{"@type":"ListItem","position":1,"name":"Homepage","item":"https:\/\/talkpal.ai\/az\/"},{"@type":"ListItem","position":2,"name":"Laos Qrammatika M\u0259\u015fql\u0259ri"}]},{"@type":"WebSite","@id":"https:\/\/talkpal.ai\/az\/#website","url":"https:\/\/talkpal.ai\/az\/","name":"Talkpal","description":"AI Language Learning","publisher":{"@id":"https:\/\/talkpal.ai\/az\/#organization"},"alternateName":"Talkpal AI","potentialAction":[{"@type":"SearchAction","target":{"@type":"EntryPoint","urlTemplate":"https:\/\/talkpal.ai\/az\/?s={search_term_string}"},"query-input":{"@type":"PropertyValueSpecification","valueRequired":true,"valueName":"search_term_string"}}],"inLanguage":"az"},{"@type":"Organization","@id":"https:\/\/talkpal.ai\/az\/#organization","name":"Talkpal, Inc.","alternateName":"Talkpal AI","url":"https:\/\/talkpal.ai\/az\/","logo":{"@type":"ImageObject","inLanguage":"az","@id":"https:\/\/talkpal.ai\/az\/#\/schema\/logo\/image\/","url":"https:\/\/talkpal.ai\/wp-content\/uploads\/2024\/03\/Talkpal-Logo-Icon.png","contentUrl":"https:\/\/talkpal.ai\/wp-content\/uploads\/2024\/03\/Talkpal-Logo-Icon.png","width":2880,"height":2880,"caption":"Talkpal, Inc."},"image":{"@id":"https:\/\/talkpal.ai\/az\/#\/schema\/logo\/image\/"},"sameAs":["https:\/\/www.facebook.com\/profile.php?id=100090733639311","https:\/\/x.com\/talkpalai","https:\/\/www.linkedin.com\/company\/talkpal\/","https:\/\/www.youtube.com\/@TalkPal\/","https:\/\/www.tiktok.com\/@talkpal","https:\/\/www.instagram.com\/talkpal_ai\/","https:\/\/www.crunchbase.com\/organization\/talkpal-9cde","https:\/\/www.g2.com\/products\/talkpal-for-business\/","https:\/\/www.trustpilot.com\/review\/talkpal.ai","https:\/\/www.capterra.com\/p\/10006800\/TalkPal\/"],"description":"Talkpal is a language learning web and mobile education app, powered by the latest AI technologies, that provides engaging experiences to its customers in many different languages to help them improve their language skills. Users can chat about unlimited amount of topics with the app and use other modes to practice their language learning.","email":"support@talkpal.ai","legalName":"Talkpal, Inc.","foundingDate":"2023-04-03","duns":"118989042","numberOfEmployees":{"@type":"QuantitativeValue","minValue":"11","maxValue":"50"},"publishingPrinciples":"https:\/\/talkpal.ai\/publishing-principles\/","actionableFeedbackPolicy":"https:\/\/talkpal.ai\/actionable-feedback-policy\/","correctionsPolicy":"https:\/\/talkpal.ai\/corrections-policy\/","ethicsPolicy":"https:\/\/talkpal.ai\/ethics-policy\/","diversityPolicy":"https:\/\/talkpal.ai\/diversity-policy\/","diversityStaffingReport":"https:\/\/talkpal.ai\/diversity-policy\/"}]}},"_links":{"self":[{"href":"https:\/\/talkpal.ai\/az\/wp-json\/wp\/v2\/pages\/1474148","targetHints":{"allow":["GET"]}}],"collection":[{"href":"https:\/\/talkpal.ai\/az\/wp-json\/wp\/v2\/pages"}],"about":[{"href":"https:\/\/talkpal.ai\/az\/wp-json\/wp\/v2\/types\/page"}],"author":[{"embeddable":true,"href":"https:\/\/talkpal.ai\/az\/wp-json\/wp\/v2\/users\/20"}],"replies":[{"embeddable":true,"href":"https:\/\/talkpal.ai\/az\/wp-json\/wp\/v2\/comments?post=1474148"}],"version-history":[{"count":0,"href":"https:\/\/talkpal.ai\/az\/wp-json\/wp\/v2\/pages\/1474148\/revisions"}],"wp:attachment":[{"href":"https:\/\/talkpal.ai\/az\/wp-json\/wp\/v2\/media?parent=1474148"}],"curies":[{"name":"wp","href":"https:\/\/api.w.org\/{rel}","templated":true}]}}