{"id":1474102,"date":"2025-11-12T11:25:18","date_gmt":"2025-11-12T11:25:18","guid":{"rendered":"https:\/\/talkpal.ai\/khmer-qrammatika-m%c9%99sql%c9%99ri\/"},"modified":"2025-12-30T14:44:46","modified_gmt":"2025-12-30T14:44:46","slug":"khmer-qrammatika-m%c9%99sql%c9%99ri","status":"publish","type":"page","link":"https:\/\/talkpal.ai\/az\/khmer-qrammatika-m%c9%99sql%c9%99ri\/","title":{"rendered":"Khmer Qrammatika M\u0259\u015fql\u0259ri"},"content":{"rendered":"\r\n\r\n\r\n<section class=\"languageChallengeSection\">\r\n    <div class=\"languageInfoWrapper\">\r\n        \r\n        <h1>Khmer Qrammatika M\u0259\u015fql\u0259ri<\/h1>\r\n        <p><a href=\"https:\/\/talkpal.ai\/learn-khmer\/\">Khmer<\/a> qrammatikas\u0131na dalma\u011fa haz\u0131rs\u0131n\u0131z? Bir ne\u00e7\u0259 \u0259saslar\u0131 m\u0259\u015fq etm\u0259k bu unikal v\u0259 g\u00f6z\u0259l dill\u0259 rahat olma\u011fa k\u00f6m\u0259k ed\u0259c\u0259k. G\u00fcv\u0259ninizi art\u0131rmaq v\u0259 yol boyu \u0259yl\u0259nm\u0259k \u00fc\u00e7\u00fcn bu m\u0259\u015fql\u0259ri s\u0131nay\u0131n!<\/p>\r\n\r\n                            <a class=\"getStartedHidden\" href=\"https:\/\/app.talkpal.ai\/signup?lng=\">Ba\u015fla<\/a>\r\n        \r\n    <\/div>\r\n\r\n    <figure>\r\n    <img decoding=\"async\" width=\"768\" height=\"768\" src=\"https:\/\/talkpal.ai\/wp-content\/uploads\/2023\/06\/welsh-768x768.png\" class=\"languageImage no-lazy\" alt=\"Language learning for better cognitive abilities\" fetchpriority=\"high\" sizes=\"(max-width: 768px) 150px, 768px\" srcset=\"https:\/\/talkpal.ai\/wp-content\/uploads\/2023\/06\/welsh-768x768.png 768w, https:\/\/talkpal.ai\/wp-content\/uploads\/2023\/06\/welsh-300x300.png 300w\" \/>\r\n    \r\n\r\n    <\/figure>\r\n\r\n            <a class=\"getStartedVisible\" href=\"https:\/\/app.talkpal.ai\/signup?lng=\">Ba\u015fla<\/a>\r\n    \r\n<\/section><section class=\"promotionalBanner\">\r\n    <p class=\"promotionalText\">Dil \u00f6yr\u0259nm\u0259yin \u0259n t\u0259sirli yolu<\/p>\r\n    <a class=\"promotionalLink\" href=\"https:\/\/app.talkpal.ai\/signup?lng=\">Talkpal pulsuz s\u0131nay\u0131n<\/a>\r\n<\/section>\n<div class=\"wp-block-group pageContainerStyle\"><div class=\"wp-block-group__inner-container is-layout-constrained wp-block-group-is-layout-constrained\">\n<h2 class=\"wp-block-heading\" id=\"h-khmer-grammar-topics\">Khmer Qrammatika M\u00f6vzular\u0131<\/h2>\n\n\n\n<p><a href=\"https:\/\/talkpal.ai\/az\/yeni-dil-oyr%c9%99n%c9%99rk%c9%99n-qacmaq-lazim-olan-en-boyuk-s%c9%99hvl%c9%99r\/\">Yeni bir dil \u00f6yr\u0259nm\u0259k<\/a> \u00e7\u0259tin, lakin m\u00fckafatland\u0131r\u0131c\u0131 bir i\u015f ola bil\u0259r. \u018fsas\u0259n Kambocada dan\u0131\u015f\u0131lan bir Avstriya dili olan Khmer dili d\u0259 istisna deyil. Analitik qurulu\u015fu v\u0259 f\u0259rqli hiss\u0259cikl\u0259ri il\u0259 Khmer <a href=\"https:\/\/talkpal.ai\/az\/t%c9%99hsil-ucun-talkpal\/\">\u00f6yr\u0259nm\u0259k<\/a> , m\u0259nan\u0131n b\u00fck\u00fclm\u0259d\u0259n nec\u0259 quruldu\u011funu anlamaq \u00fc\u00e7\u00fcn sistematik bir yana\u015fma t\u0259l\u0259b edir. Bu t\u0259limat, isiml\u0259r v\u0259 m\u0259qal\u0259l\u0259r kimi \u0259saslardan ba\u015flayaraq v\u0259 zamanlar v\u0259 c\u00fcml\u0259 quruculu\u011fu kimi daha m\u00fcr\u0259kk\u0259b sah\u0259l\u0259r\u0259 ir\u0259lil\u0259y\u0259r\u0259k dil <a href=\"https:\/\/talkpal.ai\/az\/dil-oyr%c9%99nilm%c9%99si-ucun-ai-chatbot\/\">\u00f6yr\u0259nilm\u0259si<\/a> \u00fc\u00e7\u00fcn m\u0259ntiqi ard\u0131c\u0131ll\u0131qla <a href=\"https:\/\/talkpal.ai\/az\/khmer-qrammatikasi\/\">Khmer qrammatikas\u0131n\u0131n<\/a> \u0259sas sah\u0259l\u0259rini t\u0259svir edir.<\/p>\n\n\n\n<h3 class=\"wp-block-heading\" id=\"h-1-nouns\">1. Nouns:<\/h3>\n\n\n\n<p>Khmer dili s\u0259yah\u0259tiniz\u0259 isiml\u0259ri \u00f6yr\u0259nm\u0259kl\u0259 ba\u015flay\u0131n. Bura \u00fcmumi v\u0259 uy\u011fun isiml\u0259rin ba\u015fa d\u00fc\u015f\u00fclm\u0259sini, \u00e7oxlu\u011fun tez-tez b\u00fck\u00fclm\u0259 \u0259v\u0259zin\u0259 k\u0259miyy\u0259tl\u0259r, t\u0259snifatlar v\u0259 ya reduplication il\u0259 nec\u0259 g\u00f6st\u0259rildiyini v\u0259 qrammatik cinsiyy\u0259tin v\u0259 ya hal\u0131n olmamas\u0131n\u0131 \u0259hat\u0259 edir.<\/p>\n\n\n\n<h3 class=\"wp-block-heading\" id=\"h-2-articles\">2. M\u0259qal\u0259l\u0259r:<\/h3>\n\n\n\n<p>Khmer dili <a href=\"https:\/\/talkpal.ai\/ai-english-speaking-practice\/\">ingilis<\/a> dilind\u0259 oldu\u011fu kimi m\u00fc\u0259yy\u0259n v\u0259 ya qeyri-m\u00fc\u0259yy\u0259n m\u0259qal\u0259l\u0259rd\u0259n istifad\u0259 etmir. M\u00fc\u0259yy\u0259nlik kontekst v\u0259 ya n\u00fcmayi\u015fl\u0259r vasit\u0259sil\u0259 ifad\u0259 olunur, m\u0259s\u0259l\u0259n, bu v\u0259 \u1793\u17c4\u17c7, qeyri-m\u00fc\u0259yy\u0259nlik \u1798\u17bd\u1799 bir r\u0259q\u0259mi v\u0259 ya b\u0259zi kimi s\u00f6zl\u0259r il\u0259 g\u00f6st\u0259ril\u0259 bil\u0259r.<\/p>\n\n\n\n<h3 class=\"wp-block-heading\" id=\"h-3-adjectives\">3. Adjectives:<\/h3>\n\n\n\n<p>Khmer dilind\u0259 sif\u0259tl\u0259r ad\u0259t\u0259n isiml\u0259rini izl\u0259yir v\u0259 predikatlarda stativ fell\u0259r kimi f\u0259aliyy\u0259t g\u00f6st\u0259r\u0259 bil\u0259r. D\u0259r\u0259c\u0259 markerl\u0259rini v\u0259 m\u00fcqayis\u0259sini \u00f6yr\u0259nin, m\u0259s\u0259l\u0259n, m\u00fcqayis\u0259li \u00fc\u00e7\u00fcn \u1787\u17b6\u1784 v\u0259 \u00fcst\u00fcn \u00fc\u00e7\u00fcn \u1787\u17b6\u1784\u1782\u17c1, el\u0259c\u0259 d\u0259 vur\u011fu \u00fc\u00e7\u00fcn t\u0259krarlama.<\/p>\n\n\n\n<h3 class=\"wp-block-heading\" id=\"h-4-pronouns-determiners\">4. Pronouns\/Determinl\u0259r:<\/h3>\n\n\n\n<p>\u018fv\u0259zlikl\u0259r v\u0259 determinatorlar Khmer dilind\u0259 vacibdir v\u0259 r\u0259smilik v\u0259 sosial m\u00fcnasib\u0259tl\u0259r s\u0259viyy\u0259l\u0259rini \u0259ks etdirir. <a href=\"https:\/\/talkpal.ai\/locations\/learn-english-in-aydin\/\">Ayd\u0131n<\/a> v\u0259 uy\u011fun \u00fcnsiyy\u0259t \u00fc\u00e7\u00fcn \u179a\u1794\u179f\u17cb v\u0259 ya isim ard\u0131c\u0131ll\u0131qlar\u0131ndan istifad\u0259 ed\u0259r\u0259k \u015f\u0259xsi \u0259v\u0259zlikl\u0259ri, n\u00fcmayi\u015fl\u0259ri, k\u0259miyy\u0259tl\u0259ri, r\u0259q\u0259ml\u0259ri v\u0259 sahibliyi m\u0259nims\u0259m\u0259k.<\/p>\n\n\n\n<h3 class=\"wp-block-heading\" id=\"h-5-verbs\">5. Feill\u0259r:<\/h3>\n\n\n\n<p>Khmer fell\u0259ri \u015f\u0259xs v\u0259 ya zaman \u00fc\u00e7\u00fcn birl\u0259\u015fmir. Aspekt, zaman v\u0259 \u0259hval-ruhiyy\u0259 hiss\u0259cikl\u0259r v\u0259 z\u0259rfl\u0259rl\u0259 g\u00f6st\u0259rilir, m\u0259s\u0259l\u0259n, \u1780\u17c6\u1796\u17bb\u1784 m\u00fct\u0259r\u0259qqi, \u1794\u17b6\u1793 tamamlanm\u0131\u015f v\u0259 ya ke\u00e7mi\u015f, \u1793\u17b9\u1784 g\u0259l\u0259c\u0259k v\u0259 ya niyy\u0259t, \u1791\u17be\u1794 just, v\u0259 \u178f\u17c2\u1784 ad\u0259t, serial fel konstruksiyalar\u0131 v\u0259 t\u0259snifat \u00fc\u00e7\u00fcn \u1787\u17b6 v\u0259 yer \u00fc\u00e7\u00fcn \u1793\u17c5 kimi kopulalar\u0131n m\u0259hdud istifad\u0259si il\u0259 yana\u015f\u0131.<\/p>\n\n\n\n<h3 class=\"wp-block-heading\" id=\"h-6-tenses\">6. G\u0259rginlikl\u0259r:<\/h3>\n\n\n\n<p>Fel istifad\u0259sini m\u0259nims\u0259dikd\u0259n sonra, Khmer dilinin b\u00fck\u00fclm\u0259 zamanlar\u0131 olmadan zaman\u0131 nec\u0259 ifad\u0259 etdiyini ara\u015fd\u0131r\u0131n. \u0130ndiki vaxt i\u015far\u0259l\u0259nm\u0259mi\u015fdir, ke\u00e7mi\u015f \u00fcmumiyy\u0259tl\u0259 \u1794\u17b6\u1793 v\u0259 ya zaman ifad\u0259l\u0259ri il\u0259 g\u00f6st\u0259rilir v\u0259 g\u0259l\u0259c\u0259k v\u0259 ya niyy\u0259t \u1793\u17b9\u1784 v\u0259 ya kontekstl\u0259 g\u00f6st\u0259rilir, tamamlanm\u0131\u015f n\u00fcanslar tez-tez art\u0131q \u17a0\u17be\u1799 il\u0259 qeyd olunur.<\/p>\n\n\n\n<h3 class=\"wp-block-heading\" id=\"h-7-tense-comparison\">7. G\u0259rgin m\u00fcqayis\u0259:<\/h3>\n\n\n\n<p>Khmer dilind\u0259 zaman v\u0259 aspekti m\u00fcqayis\u0259 etm\u0259k fel d\u0259yi\u015fiklikl\u0259rind\u0259n daha \u00e7ox hiss\u0259cikl\u0259r\u0259 v\u0259 z\u0259rfl\u0259r\u0259 diqq\u0259t yetirir. M\u00fcxt\u0259lif kontekstl\u0259rd\u0259 \u1794\u17b6\u1793, \u1793\u17b9\u1784 v\u0259 \u1780\u17c6\u1796\u17bb\u1784 kimi hiss\u0259cikl\u0259rl\u0259 eyni feld\u0259n istifad\u0259 etm\u0259k, hadis\u0259l\u0259rin ard\u0131c\u0131ll\u0131qlar\u0131n\u0131n nec\u0259 ifad\u0259 olundu\u011funu ayd\u0131nla\u015fd\u0131racaqd\u0131r.<\/p>\n\n\n\n<h3 class=\"wp-block-heading\" id=\"h-8-progressive\">8. M\u00fct\u0259r\u0259qqi:<\/h3>\n\n\n\n<p>Khmer dilind\u0259 m\u00fct\u0259r\u0259qqi davam ed\u0259n h\u0259r\u0259k\u0259tl\u0259ri ifad\u0259 etm\u0259k \u00fc\u00e7\u00fcn istifad\u0259 olunur. \u018fsas feld\u0259n \u0259vv\u0259l \u1780\u17c6\u1796\u17bb\u1784 qoyulmas\u0131, vur\u011fu \u00fc\u00e7\u00fcn iste\u011fe ba\u011fl\u0131 \u178f\u17c2 il\u0259 meydana g\u0259lir v\u0259 ayd\u0131nl\u0131q \u00fc\u00e7\u00fcn zaman ifad\u0259l\u0259ri il\u0259 birl\u0259\u015fdiril\u0259 bil\u0259r.<\/p>\n\n\n\n<h3 class=\"wp-block-heading\" id=\"h-9-perfect-progressive\">9. M\u00fck\u0259mm\u0259l T\u0259r\u0259qqi:<\/h3>\n\n\n\n<p>Bu, m\u00fc\u0259yy\u0259n bir n\u00f6qt\u0259y\u0259 q\u0259d\u0259r davam ed\u0259n h\u0259r\u0259k\u0259tl\u0259ri ifad\u0259 etm\u0259k \u00fc\u00e7\u00fcn istifad\u0259 olunur. Bu g\u00fcn\u0259 q\u0259d\u0259r Az\u0259rbaycana qar\u015f\u0131 sanksiyalar t\u0259tbiq oluna bil\u0259r&#8230; \u1798\u1780 v\u0259 ya \u1794\u17b6\u1793 + fel + \u1798\u1780 kontekstd\u0259n v\u0259 vur\u011fudan as\u0131l\u0131 olaraq m\u00fcdd\u0259t ifad\u0259l\u0259ri il\u0259 birlikd\u0259.<\/p>\n\n\n\n<h3 class=\"wp-block-heading\" id=\"h-10-conditionals\">10. \u015e\u0259rti olaraq:<\/h3>\n\n\n\n<p>\u015e\u0259rtil\u0259r hipotetik v\u0259ziyy\u0259tl\u0259ri v\u0259 n\u0259tic\u0259l\u0259ri ifad\u0259 edir. Khmer \u00fcmumiyy\u0259tl\u0259 \u015f\u0259rt b\u0259ndind\u0259 olduqda \u1794\u17be v\u0259 ya \u1794\u17d2\u179a\u179f\u17b7\u1793\u1794\u17be istifad\u0259 edir, n\u0259tic\u0259 tez-tez \u1793\u17c4\u17c7 v\u0259 ya n\u00fcanslar \u00fc\u00e7\u00fcn uy\u011fun modallarla qeyd olunur.<\/p>\n\n\n\n<h3 class=\"wp-block-heading\" id=\"h-11-adverbs\">11. Adverbl\u0259r:<\/h3>\n\n\n\n<p>Khmer dilind\u0259 z\u0259rfl\u0259r fell\u0259ri, sif\u0259tl\u0259ri v\u0259 ya dig\u0259r z\u0259rfl\u0259ri d\u0259yi\u015fdirir v\u0259 \u00fcslub, yer, zaman v\u0259 d\u0259r\u0259c\u0259ni ehtiva edir. M\u00f6vqe \u00e7evikdir, zaman z\u0259rfl\u0259ri tez-tez ba\u015flan\u011f\u0131cda, tez-tez feld\u0259n sonra \u00fcsul v\u0259 intensivliyi formala\u015fd\u0131ran \u178e\u17b6\u179f\u17cb v\u0259 \u1794\u1793\u17d2\u178f\u17b7\u1785 kimi d\u0259r\u0259c\u0259 s\u00f6zl\u0259ri il\u0259 \u00e7evikdir.<\/p>\n\n\n\n<h3 class=\"wp-block-heading\" id=\"h-12-prepositions\">12. Prepozisiyalar:<\/h3>\n\n\n\n<p>\u00d6n s\u00f6zl\u0259r zaman, yer v\u0259 istiqam\u0259t \u0259laq\u0259l\u0259rini g\u00f6st\u0259rm\u0259k \u00fc\u00e7\u00fcn s\u00f6zl\u0259ri v\u0259 ifad\u0259l\u0259ri birl\u0259\u015fdirir. Khmer, \u1793\u17c5 at v\u0259 ya in, \u1791\u17c5 to, \u1796\u17b8 from v\u0259 \u1781\u17b6\u1784\u1780\u17d2\u179a\u17c4\u1799 v\u0259 \u179b\u17be kimi \u0259laq\u0259li formalardan istifad\u0259 edir, tez-tez yer isiml\u0259ri il\u0259 birl\u0259\u015fir.<\/p>\n\n\n\n<h3 class=\"wp-block-heading\" id=\"h-13-sentences\">13. C\u00fcml\u0259l\u0259r:<\/h3>\n\n\n\n<p>Sonda c\u00fcml\u0259l\u0259rin d\u00fcz\u0259ldili\u015fl\u0259rini m\u0259\u015fq etdir. Khmer, tez-tez m\u00f6vzu \u015f\u0259rh strukturlar\u0131 il\u0259 SVO sifari\u015fin\u0259 meyllidir. Ustad R\u0259\u015fad M\u0259cidl\u0259 &#8230; Standart istifad\u0259d\u0259 v\u0259 \u00fcmumi dan\u0131\u015f\u0131q formalar\u0131nda, \u179f\u17bc\u1798 kimi hiss\u0259cikl\u0259rl\u0259 imperativl\u0259r v\u0259 \u0259vv\u0259ll\u0259r \u00f6yr\u0259nilmi\u015f b\u00fct\u00fcn <a href=\"https:\/\/talkpal.ai\/grammar\/\">qrammatika<\/a> n\u00f6qt\u0259l\u0259rinin kontekstd\u0259 inteqrasiyas\u0131.<\/p>\n<\/div><\/div>\n\r\n<section class=\"learnNavigationSection\">\r\n            \r\n        <a href=\"https:\/\/talkpal.ai\/az\/uels-dilini-oyr%c9%99nin\/\">\r\n            <div class=\"learnNavigationWrapper\">\r\n                <div class=\"learnNavigationContent\">\r\n                    <img decoding=\"async\" src=\"https:\/\/talkpal.ai\/wp-content\/uploads\/2025\/11\/Khmer.png\" alt=\"Cambodian Flag\">\r\n                    <div>\r\n                        <h4>Khmer Learning haqq\u0131nda<\/h4>\r\n                        <p>Khmer qrammatikas\u0131 haqq\u0131nda h\u0259r \u015feyi \u00f6yr\u0259nin.<\/p>\r\n                    <\/div>\r\n                <\/div>\r\n            <\/div>\r\n        <\/a>\r\n\r\n        \r\n        <a href=\"https:\/\/talkpal.ai\/az\/khmer-qrammatikasi\/\">\r\n            <div class=\"learnNavigationWrapper\">\r\n                <div class=\"learnNavigationContent\">\r\n                    <img decoding=\"async\" src=\"https:\/\/talkpal.ai\/wp-content\/uploads\/2025\/11\/Khmer.png\" alt=\"Cambodian Flag\">\r\n                    <div>\r\n                        <h4>Khmer Qrammatika D\u0259rsl\u0259ri<\/h4>\r\n                        <p>Khmer qrammatikas\u0131n\u0131 t\u0259tbiq edin.<\/p>\r\n                    <\/div>\r\n                <\/div>\r\n            <\/div>\r\n        <\/a>\r\n\r\n            <\/section>","protected":false},"excerpt":{"rendered":"<p>Khmer Qrammatika M\u00f6vzular\u0131 Yeni bir dil \u00f6yr\u0259nm\u0259k \u00e7\u0259tin, lakin m\u00fckafatland\u0131r\u0131c\u0131 bir i\u015f ola bil\u0259r. \u018fsas\u0259n Kambocada dan\u0131\u015f\u0131lan bir Avstriya dili olan Khmer dili d\u0259 istisna deyil. Analitik qurulu\u015fu v\u0259 f\u0259rqli hiss\u0259cikl\u0259ri il\u0259 Khmer \u00f6yr\u0259nm\u0259k , m\u0259nan\u0131n b\u00fck\u00fclm\u0259d\u0259n nec\u0259 quruldu\u011funu anlamaq \u00fc\u00e7\u00fcn sistematik bir yana\u015fma t\u0259l\u0259b edir. Bu t\u0259limat, isiml\u0259r v\u0259 m\u0259qal\u0259l\u0259r kimi \u0259saslardan ba\u015flayaraq v\u0259 [&hellip;]<\/p>\n","protected":false},"author":20,"featured_media":0,"parent":0,"menu_order":0,"comment_status":"closed","ping_status":"closed","template":"LearningContentPage.php","meta":{"_acf_changed":false,"footnotes":""},"class_list":["post-1474102","page","type-page","status-publish","hentry"],"acf":[],"yoast_head":"<!-- This site is optimized with the Yoast SEO Premium plugin v27.2 (Yoast SEO v27.2) - https:\/\/yoast.com\/product\/yoast-seo-premium-wordpress\/ -->\n<title>Khmer Qrammatika M\u0259\u015fql\u0259ri - Talkpal<\/title>\n<meta name=\"description\" content=\"\u00d6z\u00fcn\u00fcz\u0259 inamla dan\u0131\u015fma\u011f\u0131n\u0131za v\u0259 yazma\u011f\u0131n\u0131za k\u00f6m\u0259k etm\u0259k \u00fc\u00e7\u00fcn haz\u0131rlanm\u0131\u015f interaktiv Khmer qrammatika m\u0259\u015fql\u0259ri il\u0259 bacar\u0131qlar\u0131n\u0131z\u0131 art\u0131r\u0131n.\" \/>\n<meta name=\"robots\" content=\"index, follow, max-snippet:-1, max-image-preview:large, max-video-preview:-1\" \/>\n<link rel=\"canonical\" href=\"https:\/\/talkpal.ai\/az\/khmer-qrammatika-m%c9%99sql%c9%99ri\/\" \/>\n<meta property=\"og:locale\" content=\"az_AZ\" \/>\n<meta property=\"og:type\" content=\"article\" \/>\n<meta property=\"og:title\" content=\"Khmer Qrammatika M\u0259\u015fql\u0259ri\" \/>\n<meta property=\"og:description\" content=\"Khmer Qrammatika M\u00f6vzular\u0131 Yeni bir dil \u00f6yr\u0259nm\u0259k \u00e7\u0259tin, lakin m\u00fckafatland\u0131r\u0131c\u0131 bir i\u015f ola bil\u0259r. \u018fsas\u0259n Kambocada dan\u0131\u015f\u0131lan bir Avstriya dili olan Khmer\" \/>\n<meta property=\"og:url\" content=\"https:\/\/talkpal.ai\/az\/khmer-qrammatika-m%c9%99sql%c9%99ri\/\" \/>\n<meta property=\"og:site_name\" content=\"Talkpal\" \/>\n<meta property=\"article:publisher\" content=\"https:\/\/www.facebook.com\/profile.php?id=100090733639311\" \/>\n<meta property=\"article:modified_time\" content=\"2025-12-30T14:44:46+00:00\" \/>\n<meta property=\"og:image\" content=\"https:\/\/talkpal.ai\/wp-content\/uploads\/2025\/02\/Progress-tab-16_9.png\" \/>\n\t<meta property=\"og:image:width\" content=\"2880\" \/>\n\t<meta property=\"og:image:height\" content=\"1620\" \/>\n\t<meta property=\"og:image:type\" content=\"image\/png\" \/>\n<meta name=\"twitter:card\" content=\"summary_large_image\" \/>\n<meta name=\"twitter:site\" content=\"@talkpalai\" \/>\n<meta name=\"twitter:label1\" content=\"Est. reading time\" \/>\n\t<meta name=\"twitter:data1\" content=\"5 minutes\" \/>\n<script type=\"application\/ld+json\" class=\"yoast-schema-graph\">{\"@context\":\"https:\/\/schema.org\",\"@graph\":[{\"@type\":\"WebPage\",\"@id\":\"https:\/\/talkpal.ai\/az\/khmer-qrammatika-m%c9%99sql%c9%99ri\/\",\"url\":\"https:\/\/talkpal.ai\/az\/khmer-qrammatika-m%c9%99sql%c9%99ri\/\",\"name\":\"Khmer Qrammatika M\u0259\u015fql\u0259ri - Talkpal\",\"isPartOf\":{\"@id\":\"https:\/\/talkpal.ai\/az\/#website\"},\"datePublished\":\"2025-11-12T11:25:18+00:00\",\"dateModified\":\"2025-12-30T14:44:46+00:00\",\"description\":\"\u00d6z\u00fcn\u00fcz\u0259 inamla dan\u0131\u015fma\u011f\u0131n\u0131za v\u0259 yazma\u011f\u0131n\u0131za k\u00f6m\u0259k etm\u0259k \u00fc\u00e7\u00fcn haz\u0131rlanm\u0131\u015f interaktiv Khmer qrammatika m\u0259\u015fql\u0259ri il\u0259 bacar\u0131qlar\u0131n\u0131z\u0131 art\u0131r\u0131n.\",\"breadcrumb\":{\"@id\":\"https:\/\/talkpal.ai\/az\/khmer-qrammatika-m%c9%99sql%c9%99ri\/#breadcrumb\"},\"inLanguage\":\"az\",\"potentialAction\":[{\"@type\":\"ReadAction\",\"target\":[\"https:\/\/talkpal.ai\/az\/khmer-qrammatika-m%c9%99sql%c9%99ri\/\"]}]},{\"@type\":\"BreadcrumbList\",\"@id\":\"https:\/\/talkpal.ai\/az\/khmer-qrammatika-m%c9%99sql%c9%99ri\/#breadcrumb\",\"itemListElement\":[{\"@type\":\"ListItem\",\"position\":1,\"name\":\"Homepage\",\"item\":\"https:\/\/talkpal.ai\/az\/\"},{\"@type\":\"ListItem\",\"position\":2,\"name\":\"Khmer Qrammatika M\u0259\u015fql\u0259ri\"}]},{\"@type\":\"WebSite\",\"@id\":\"https:\/\/talkpal.ai\/az\/#website\",\"url\":\"https:\/\/talkpal.ai\/az\/\",\"name\":\"Talkpal\",\"description\":\"AI Language Learning\",\"publisher\":{\"@id\":\"https:\/\/talkpal.ai\/az\/#organization\"},\"alternateName\":\"Talkpal AI\",\"potentialAction\":[{\"@type\":\"SearchAction\",\"target\":{\"@type\":\"EntryPoint\",\"urlTemplate\":\"https:\/\/talkpal.ai\/az\/?s={search_term_string}\"},\"query-input\":{\"@type\":\"PropertyValueSpecification\",\"valueRequired\":true,\"valueName\":\"search_term_string\"}}],\"inLanguage\":\"az\"},{\"@type\":\"Organization\",\"@id\":\"https:\/\/talkpal.ai\/az\/#organization\",\"name\":\"Talkpal, Inc.\",\"alternateName\":\"Talkpal AI\",\"url\":\"https:\/\/talkpal.ai\/az\/\",\"logo\":{\"@type\":\"ImageObject\",\"inLanguage\":\"az\",\"@id\":\"https:\/\/talkpal.ai\/az\/#\/schema\/logo\/image\/\",\"url\":\"https:\/\/talkpal.ai\/wp-content\/uploads\/2024\/03\/Talkpal-Logo-Icon.png\",\"contentUrl\":\"https:\/\/talkpal.ai\/wp-content\/uploads\/2024\/03\/Talkpal-Logo-Icon.png\",\"width\":2880,\"height\":2880,\"caption\":\"Talkpal, Inc.\"},\"image\":{\"@id\":\"https:\/\/talkpal.ai\/az\/#\/schema\/logo\/image\/\"},\"sameAs\":[\"https:\/\/www.facebook.com\/profile.php?id=100090733639311\",\"https:\/\/x.com\/talkpalai\",\"https:\/\/www.linkedin.com\/company\/talkpal\/\",\"https:\/\/www.youtube.com\/@TalkPal\/\",\"https:\/\/www.tiktok.com\/@talkpal\",\"https:\/\/www.instagram.com\/talkpal_ai\/\",\"https:\/\/www.crunchbase.com\/organization\/talkpal-9cde\",\"https:\/\/www.g2.com\/products\/talkpal-for-business\/\",\"https:\/\/www.trustpilot.com\/review\/talkpal.ai\",\"https:\/\/www.capterra.com\/p\/10006800\/TalkPal\/\"],\"description\":\"Talkpal is a language learning web and mobile education app, powered by the latest AI technologies, that provides engaging experiences to its customers in many different languages to help them improve their language skills. Users can chat about unlimited amount of topics with the app and use other modes to practice their language learning.\",\"email\":\"support@talkpal.ai\",\"legalName\":\"Talkpal, Inc.\",\"foundingDate\":\"2023-04-03\",\"duns\":\"118989042\",\"numberOfEmployees\":{\"@type\":\"QuantitativeValue\",\"minValue\":\"11\",\"maxValue\":\"50\"},\"publishingPrinciples\":\"https:\/\/talkpal.ai\/publishing-principles\/\",\"actionableFeedbackPolicy\":\"https:\/\/talkpal.ai\/actionable-feedback-policy\/\",\"correctionsPolicy\":\"https:\/\/talkpal.ai\/corrections-policy\/\",\"ethicsPolicy\":\"https:\/\/talkpal.ai\/ethics-policy\/\",\"diversityPolicy\":\"https:\/\/talkpal.ai\/diversity-policy\/\",\"diversityStaffingReport\":\"https:\/\/talkpal.ai\/diversity-policy\/\"}]}<\/script>\n<!-- \/ Yoast SEO Premium plugin. -->","yoast_head_json":{"title":"Khmer Qrammatika M\u0259\u015fql\u0259ri - Talkpal","description":"\u00d6z\u00fcn\u00fcz\u0259 inamla dan\u0131\u015fma\u011f\u0131n\u0131za v\u0259 yazma\u011f\u0131n\u0131za k\u00f6m\u0259k etm\u0259k \u00fc\u00e7\u00fcn haz\u0131rlanm\u0131\u015f interaktiv Khmer qrammatika m\u0259\u015fql\u0259ri il\u0259 bacar\u0131qlar\u0131n\u0131z\u0131 art\u0131r\u0131n.","robots":{"index":"index","follow":"follow","max-snippet":"max-snippet:-1","max-image-preview":"max-image-preview:large","max-video-preview":"max-video-preview:-1"},"canonical":"https:\/\/talkpal.ai\/az\/khmer-qrammatika-m%c9%99sql%c9%99ri\/","og_locale":"az_AZ","og_type":"article","og_title":"Khmer Qrammatika M\u0259\u015fql\u0259ri","og_description":"Khmer Qrammatika M\u00f6vzular\u0131 Yeni bir dil \u00f6yr\u0259nm\u0259k \u00e7\u0259tin, lakin m\u00fckafatland\u0131r\u0131c\u0131 bir i\u015f ola bil\u0259r. \u018fsas\u0259n Kambocada dan\u0131\u015f\u0131lan bir Avstriya dili olan Khmer","og_url":"https:\/\/talkpal.ai\/az\/khmer-qrammatika-m%c9%99sql%c9%99ri\/","og_site_name":"Talkpal","article_publisher":"https:\/\/www.facebook.com\/profile.php?id=100090733639311","article_modified_time":"2025-12-30T14:44:46+00:00","og_image":[{"width":2880,"height":1620,"url":"https:\/\/talkpal.ai\/wp-content\/uploads\/2025\/02\/Progress-tab-16_9.png","type":"image\/png"}],"twitter_card":"summary_large_image","twitter_site":"@talkpalai","twitter_misc":{"Est. reading time":"5 minutes"},"schema":{"@context":"https:\/\/schema.org","@graph":[{"@type":"WebPage","@id":"https:\/\/talkpal.ai\/az\/khmer-qrammatika-m%c9%99sql%c9%99ri\/","url":"https:\/\/talkpal.ai\/az\/khmer-qrammatika-m%c9%99sql%c9%99ri\/","name":"Khmer Qrammatika M\u0259\u015fql\u0259ri - Talkpal","isPartOf":{"@id":"https:\/\/talkpal.ai\/az\/#website"},"datePublished":"2025-11-12T11:25:18+00:00","dateModified":"2025-12-30T14:44:46+00:00","description":"\u00d6z\u00fcn\u00fcz\u0259 inamla dan\u0131\u015fma\u011f\u0131n\u0131za v\u0259 yazma\u011f\u0131n\u0131za k\u00f6m\u0259k etm\u0259k \u00fc\u00e7\u00fcn haz\u0131rlanm\u0131\u015f interaktiv Khmer qrammatika m\u0259\u015fql\u0259ri il\u0259 bacar\u0131qlar\u0131n\u0131z\u0131 art\u0131r\u0131n.","breadcrumb":{"@id":"https:\/\/talkpal.ai\/az\/khmer-qrammatika-m%c9%99sql%c9%99ri\/#breadcrumb"},"inLanguage":"az","potentialAction":[{"@type":"ReadAction","target":["https:\/\/talkpal.ai\/az\/khmer-qrammatika-m%c9%99sql%c9%99ri\/"]}]},{"@type":"BreadcrumbList","@id":"https:\/\/talkpal.ai\/az\/khmer-qrammatika-m%c9%99sql%c9%99ri\/#breadcrumb","itemListElement":[{"@type":"ListItem","position":1,"name":"Homepage","item":"https:\/\/talkpal.ai\/az\/"},{"@type":"ListItem","position":2,"name":"Khmer Qrammatika M\u0259\u015fql\u0259ri"}]},{"@type":"WebSite","@id":"https:\/\/talkpal.ai\/az\/#website","url":"https:\/\/talkpal.ai\/az\/","name":"Talkpal","description":"AI Language Learning","publisher":{"@id":"https:\/\/talkpal.ai\/az\/#organization"},"alternateName":"Talkpal AI","potentialAction":[{"@type":"SearchAction","target":{"@type":"EntryPoint","urlTemplate":"https:\/\/talkpal.ai\/az\/?s={search_term_string}"},"query-input":{"@type":"PropertyValueSpecification","valueRequired":true,"valueName":"search_term_string"}}],"inLanguage":"az"},{"@type":"Organization","@id":"https:\/\/talkpal.ai\/az\/#organization","name":"Talkpal, Inc.","alternateName":"Talkpal AI","url":"https:\/\/talkpal.ai\/az\/","logo":{"@type":"ImageObject","inLanguage":"az","@id":"https:\/\/talkpal.ai\/az\/#\/schema\/logo\/image\/","url":"https:\/\/talkpal.ai\/wp-content\/uploads\/2024\/03\/Talkpal-Logo-Icon.png","contentUrl":"https:\/\/talkpal.ai\/wp-content\/uploads\/2024\/03\/Talkpal-Logo-Icon.png","width":2880,"height":2880,"caption":"Talkpal, Inc."},"image":{"@id":"https:\/\/talkpal.ai\/az\/#\/schema\/logo\/image\/"},"sameAs":["https:\/\/www.facebook.com\/profile.php?id=100090733639311","https:\/\/x.com\/talkpalai","https:\/\/www.linkedin.com\/company\/talkpal\/","https:\/\/www.youtube.com\/@TalkPal\/","https:\/\/www.tiktok.com\/@talkpal","https:\/\/www.instagram.com\/talkpal_ai\/","https:\/\/www.crunchbase.com\/organization\/talkpal-9cde","https:\/\/www.g2.com\/products\/talkpal-for-business\/","https:\/\/www.trustpilot.com\/review\/talkpal.ai","https:\/\/www.capterra.com\/p\/10006800\/TalkPal\/"],"description":"Talkpal is a language learning web and mobile education app, powered by the latest AI technologies, that provides engaging experiences to its customers in many different languages to help them improve their language skills. Users can chat about unlimited amount of topics with the app and use other modes to practice their language learning.","email":"support@talkpal.ai","legalName":"Talkpal, Inc.","foundingDate":"2023-04-03","duns":"118989042","numberOfEmployees":{"@type":"QuantitativeValue","minValue":"11","maxValue":"50"},"publishingPrinciples":"https:\/\/talkpal.ai\/publishing-principles\/","actionableFeedbackPolicy":"https:\/\/talkpal.ai\/actionable-feedback-policy\/","correctionsPolicy":"https:\/\/talkpal.ai\/corrections-policy\/","ethicsPolicy":"https:\/\/talkpal.ai\/ethics-policy\/","diversityPolicy":"https:\/\/talkpal.ai\/diversity-policy\/","diversityStaffingReport":"https:\/\/talkpal.ai\/diversity-policy\/"}]}},"_links":{"self":[{"href":"https:\/\/talkpal.ai\/az\/wp-json\/wp\/v2\/pages\/1474102","targetHints":{"allow":["GET"]}}],"collection":[{"href":"https:\/\/talkpal.ai\/az\/wp-json\/wp\/v2\/pages"}],"about":[{"href":"https:\/\/talkpal.ai\/az\/wp-json\/wp\/v2\/types\/page"}],"author":[{"embeddable":true,"href":"https:\/\/talkpal.ai\/az\/wp-json\/wp\/v2\/users\/20"}],"replies":[{"embeddable":true,"href":"https:\/\/talkpal.ai\/az\/wp-json\/wp\/v2\/comments?post=1474102"}],"version-history":[{"count":0,"href":"https:\/\/talkpal.ai\/az\/wp-json\/wp\/v2\/pages\/1474102\/revisions"}],"wp:attachment":[{"href":"https:\/\/talkpal.ai\/az\/wp-json\/wp\/v2\/media?parent=1474102"}],"curies":[{"name":"wp","href":"https:\/\/api.w.org\/{rel}","templated":true}]}}