{"id":1474097,"date":"2025-11-12T11:25:16","date_gmt":"2025-11-12T11:25:16","guid":{"rendered":"https:\/\/talkpal.ai\/khmer-qrammatikasi\/"},"modified":"2025-12-30T14:42:17","modified_gmt":"2025-12-30T14:42:17","slug":"khmer-qrammatikasi","status":"publish","type":"page","link":"https:\/\/talkpal.ai\/az\/khmer-qrammatikasi\/","title":{"rendered":"Khmer qrammatikas\u0131"},"content":{"rendered":"\r\n\r\n\r\n<section class=\"languageChallengeSection\">\r\n    <div class=\"languageInfoWrapper\">\r\n        \r\n        <h1>Khmer qrammatikas\u0131<\/h1>\r\n        <p><a href=\"https:\/\/talkpal.ai\/learn-khmer\/\">Khmer<\/a> qrammatikas\u0131 ilk bax\u0131\u015fda \u00e7\u0259tin g\u00f6r\u00fcn\u0259 bil\u0259r, lakin onun unikal x\u00fcsusiyy\u0259tl\u0259ri dili \u00f6yr\u0259nm\u0259yi faydal\u0131 bir t\u0259cr\u00fcb\u0259 hal\u0131na g\u0259tirir. Onun \u0259lifbas\u0131n\u0131, mutasiyalar\u0131n\u0131 v\u0259 qrammatik qaydalar\u0131n\u0131 t\u0259dqiq etm\u0259kl\u0259 siz z\u0259ngin dil \u0259n\u0259n\u0259si haqq\u0131nda fikir \u0259ld\u0259 ed\u0259c\u0259ksiniz. S\u0259yah\u0259tiniz\u0259 ba\u015flay\u0131n v\u0259 Khmerin g\u00f6z\u0259lliyini k\u0259\u015ff edin!<\/p>\r\n\r\n                            <a class=\"getStartedHidden\" href=\"https:\/\/app.talkpal.ai\/signup?lng=\">Ba\u015fla<\/a>\r\n        \r\n    <\/div>\r\n\r\n    <figure>\r\n    <img decoding=\"async\" width=\"768\" height=\"768\" src=\"https:\/\/talkpal.ai\/wp-content\/uploads\/2023\/06\/welsh-768x768.png\" class=\"languageImage no-lazy\" alt=\"Language learning for better cognitive abilities\" fetchpriority=\"high\" sizes=\"(max-width: 768px) 150px, 768px\" srcset=\"https:\/\/talkpal.ai\/wp-content\/uploads\/2023\/06\/welsh-768x768.png 768w, https:\/\/talkpal.ai\/wp-content\/uploads\/2023\/06\/welsh-300x300.png 300w\" \/>\r\n    \r\n\r\n    <\/figure>\r\n\r\n            <a class=\"getStartedVisible\" href=\"https:\/\/app.talkpal.ai\/signup?lng=\">Ba\u015fla<\/a>\r\n    \r\n<\/section><section class=\"promotionalBanner\">\r\n    <p class=\"promotionalText\">Dil \u00f6yr\u0259nm\u0259yin \u0259n t\u0259sirli yolu<\/p>\r\n    <a class=\"promotionalLink\" href=\"https:\/\/app.talkpal.ai\/signup?lng=\">Talkpal pulsuz s\u0131nay\u0131n<\/a>\r\n<\/section>\n<div class=\"wp-block-group pageContainerStyle\"><div class=\"wp-block-group__inner-container is-layout-constrained wp-block-group-is-layout-constrained\">\n<h2 class=\"wp-block-heading\" id=\"h-navigating-the-intricacies-of-khmer-grammar\">Khmer qrammatikas\u0131n\u0131n inc\u0259likl\u0259ri<\/h2>\n\n\n\n<p>Kambocan\u0131n milli dili v\u0259 d\u0259rin \u0259d\u0259bi \u0259n\u0259n\u0259y\u0259 malik b\u00f6y\u00fck bir Avstriya dili olan <a href=\"https:\/\/talkpal.ai\/az\/khmer-dilini-oyr%c9%99nin\/\">Khmer<\/a>, unikal <a href=\"https:\/\/talkpal.ai\/grammar\/\">qrammatika<\/a> sistemini ara\u015fd\u0131rmaq ist\u0259y\u0259nl\u0259r \u00fc\u00e7\u00fcn h\u0259y\u0259can verici bir linqvistik t\u0259cr\u00fcb\u0259 t\u0259qdim edir. Khmer al\u0259min\u0259 gir\u0259rk\u0259n yaln\u0131z linqvistik repertuar\u0131n\u0131z\u0131 z\u0259nginl\u0259\u015fdirm\u0259kl\u0259 yana\u015f\u0131, h\u0259m d\u0259 maraql\u0131 bir m\u0259d\u0259ni s\u0259yah\u0259ti qucaqlayacaqs\u0131n\u0131z. Khmer qrammatikas\u0131 \u0259vv\u0259lc\u0259 tan\u0131\u015f g\u00f6r\u00fcnm\u0259s\u0259 d\u0259, onu \u0259sas komponentl\u0259r\u0259 b\u00f6lm\u0259k dili \u00f6yr\u0259nm\u0259yi daha \u0259l\u00e7atan edir. Bu yaz\u0131da Khmer qrammatikas\u0131n\u0131n cazib\u0259dar d\u00fcnyas\u0131n\u0131 ara\u015fd\u0131raca\u011f\u0131q v\u0259 m\u00fcr\u0259kk\u0259blikl\u0259rini nec\u0259 m\u0259nims\u0259m\u0259k bar\u0259d\u0259 m\u0259sl\u0259h\u0259tl\u0259r ver\u0259c\u0259yik.<\/p>\n\n\n\n<h3 class=\"wp-block-heading\" id=\"h-1-khmer-alphabet-and-phonetics\">1. Khmer \u0259lifbas\u0131 v\u0259 fonetikas\u0131<\/h3>\n\n\n\n<p>Khmer yaz\u0131 sistemi, 33 samit, 23 as\u0131l\u0131 sait v\u0259 12 m\u00fcst\u0259qil saitd\u0259n ibar\u0259t bir abugidad\u0131r. Samitl\u0259r saitl\u0259rin keyfiyy\u0259tin\u0259 <a href=\"https:\/\/talkpal.ai\/talkpal-discount-for-influencers-or-content-creators\/\">t\u0259sir ed\u0259n<\/a> iki seriyaya b\u00f6l\u00fcn\u00fcr v\u0259 sait simvollar\u0131 samit seriyas\u0131ndan as\u0131l\u0131 olaraq t\u0259l\u0259ff\u00fczl\u0259rini d\u0259yi\u015fir. Khmer qrammatikas\u0131n\u0131 <a href=\"https:\/\/talkpal.ai\/az\/oyr%c9%99nm%c9%99k\/\">\u00f6yr\u0259nm\u0259k<\/a> \u00fc\u00e7\u00fcn Khmer dilind\u0259 oxumaq v\u0259 yazmaq t\u0259cr\u00fcb\u0259si il\u0259 bu f\u0259rqli yaz\u0131 il\u0259 tan\u0131\u015f olmaq vacibdir.<\/p>\n\n\n\n<h3 class=\"wp-block-heading\" id=\"h-2-consonant-series-a-peculiar-khmer-feature\">2. Samit Seriyas\u0131: \u00d6z\u00fcn\u0259m\u0259xsus bir Khmer X\u00fcsusiyy\u0259ti<\/h3>\n\n\n\n<p>Khmerin \u0259n t\u0259\u0259cc\u00fcbl\u00fc c\u0259h\u0259tl\u0259rind\u0259n biri, as\u0131l\u0131 saitl\u0259rin nec\u0259 t\u0259l\u0259ff\u00fcz olunmas\u0131na t\u0259sir ed\u0259n tez-tez qeydl\u0259r adlanan iki samit seriyas\u0131d\u0131r. A seriyas\u0131 v\u0259 O seriyas\u0131 samitl\u0259ri eyni sait simvolunun f\u0259rqli oxunmas\u0131na s\u0259b\u0259b olur. Bu seriyalar\u0131n \u00fcmumi diakritikl\u0259rl\u0259 birlikd\u0259 nec\u0259 i\u015fl\u0259diyini anlamaq, Khmer dilind\u0259 d\u0259qiq t\u0259l\u0259ff\u00fcz v\u0259 yaz\u0131 \u00fc\u00e7\u00fcn \u00e7ox vacibdir.<\/p>\n\n\n\n<h3 class=\"wp-block-heading\" id=\"h-3-nouns-and-pronouns-gender-and-cases\">3. Nouns v\u0259 Pronouns: Cins v\u0259 Hallar<\/h3>\n\n\n\n<p>Khmer isiml\u0259rinin qrammatik cinsiyy\u0259ti yoxdur v\u0259 hal \u00fc\u00e7\u00fcn b\u00fck\u00fclm\u00fcr. \u00c7oxluq tez-tez kontekst, replikasiya v\u0259 ya \u1785\u17d2\u179a\u17be\u1793 kimi s\u00f6zl\u0259rl\u0259 g\u00f6st\u0259rilir. Khmer dilind\u0259 \u0259v\u0259zlikl\u0259r \u015f\u0259xsi, m\u00fclkiyy\u0259t\u00e7i, refleksiv, n\u00fcmayi\u015f etdirici v\u0259 sor\u011fu formalar\u0131n\u0131 \u0259hat\u0259 edir v\u0259 n\u0259zak\u0259tliy\u0259 v\u0259 sosial kontekst\u0259 g\u00f6r\u0259 d\u0259yi\u015fir. Sahib olmaq \u00fc\u00e7\u00fcn \u179a\u1794\u179f\u17cb kimi bu \u0259v\u0259zlikl\u0259r v\u0259 hiss\u0259cikl\u0259rl\u0259 tan\u0131\u015f olmaq, Khmer qrammatikas\u0131n\u0131 qavrayma\u011f\u0131n\u0131z\u0131 \u0259h\u0259miyy\u0259tli d\u0259r\u0259c\u0259d\u0259 art\u0131racaqd\u0131r.<\/p>\n\n\n\n<h3 class=\"wp-block-heading\" id=\"h-4-verbs-structure-and-conjugation\">4. Feill\u0259r: Struktur v\u0259 konyunktura<\/h3>\n\n\n\n<p>Khmer fell\u0259ri zaman, \u015f\u0259xs v\u0259 ya \u0259d\u0259d \u00fc\u00e7\u00fcn birl\u0259\u015fmir. Bunun \u0259v\u0259zin\u0259, zaman v\u0259 aspekt hiss\u0259cikl\u0259r v\u0259 z\u0259rfl\u0259rl\u0259 ifad\u0259 olunur, m\u0259s\u0259l\u0259n, m\u00fct\u0259r\u0259qqi \u00fc\u00e7\u00fcn \u1780\u17c6\u1796\u17bb\u1784, tamamlanm\u0131\u015f ke\u00e7mi\u015f \u00fc\u00e7\u00fcn \u1794\u17b6\u1793 v\u0259 g\u0259l\u0259c\u0259k \u00fc\u00e7\u00fcn \u1793\u17b9\u1784. \u018fhval-ruhiyy\u0259 n\u0259zak\u0259tli imperativl\u0259r \u00fc\u00e7\u00fcn \u179f\u17bc\u1798 v\u0259 ya \u1785\u17bc\u179a v\u0259 qada\u011falar \u00fc\u00e7\u00fcn \u1780\u17bb\u17c6 kimi s\u00f6zl\u0259rl\u0259 g\u00f6st\u0259ril\u0259 bil\u0259r. Bu hiss\u0259cikl\u0259ri v\u0259 \u00fcmumi seriyal\u0131 fel konstruksiyalar\u0131n\u0131 \u00f6yr\u0259nm\u0259k, Khmer dilind\u0259 effektiv \u00fcnsiyy\u0259t qurma qabiliyy\u0259tinizi art\u0131racaqd\u0131r.<\/p>\n\n\n\n<h3 class=\"wp-block-heading\" id=\"h-5-adjectives-agreement-and-placement\">5. Adjectives: Raz\u0131la\u015fma v\u0259 yerl\u0259\u015fdirm\u0259<\/h3>\n\n\n\n<p>Khmer qrammatikas\u0131nda sif\u0259tl\u0259r \u00fcmumiyy\u0259tl\u0259 d\u0259yi\u015fdirdikl\u0259ri ismi izl\u0259yir v\u0259 say\u0131 v\u0259 cinsiyy\u0259t bax\u0131m\u0131ndan raz\u0131 deyill\u0259r. M\u00fcqayis\u0259l\u0259r v\u0259 \u00fcst\u00fcnl\u00fckl\u0259r analitik olaraq formala\u015f\u0131r, tez-tez m\u00fcqayis\u0259 \u00fc\u00e7\u00fcn \u1787\u17b6\u1784\u1784 v\u0259 \u00fcst\u00fcnl\u00fckl\u0259r \u00fc\u00e7\u00fcn \u1787\u17b6\u1784\u1782\u17c1 v\u0259 ya \u1794\u17c6\u1795\u17bb\u178f istifad\u0259 olunur.<\/p>\n\n\n\n<p><strong>N\u00fcmun\u0259l\u0259r:<\/strong><\/p>\n\n\n\n<p><strong>\u2013 \u179f\u17c1\u1785\u1780\u17d2\u178f\u17b8\u179f\u17d2\u179a\u17a1\u17b6\u1789\u17cb \u1792\u17c6 (b\u00f6y\u00fck sevgi)<\/strong><\/p>\n\n\n\n<p><strong>\u2013 \u1780\u17bc\u1793\u1780\u17d2\u1798\u17c1\u1784 \u178f\u17bc\u1785(ki\u00e7ik u\u015faqlar)<\/strong><\/p>\n\n\n\n<h3 class=\"wp-block-heading\" id=\"h-6-engaging-with-the-language\">6. Dil il\u0259 m\u0259\u015f\u011ful olmaq<\/h3>\n\n\n\n<p>Khmer qrammatikas\u0131n\u0131 tam ba\u015fa d\u00fc\u015fm\u0259yin v\u0259 m\u0259nims\u0259m\u0259yin \u0259n t\u0259sirli yolu dill\u0259 ard\u0131c\u0131l \u015f\u0259kild\u0259 m\u0259\u015f\u011ful olmaqd\u0131r. Khmer \u0259d\u0259biyyat\u0131n\u0131 oxuyaraq, Khmer filml\u0259ri v\u0259 ya televiziya seriallar\u0131na baxaraq, Khmer musiqisini dinl\u0259y\u0259r\u0259k v\u0259 ana dili dan\u0131\u015fanlarla f\u0259al \u00fcnsiyy\u0259t quraraq, l\u00fc\u011f\u0259tinizi geni\u015fl\u0259ndir\u0259rk\u0259n qrammatika anlay\u0131\u015f\u0131n\u0131z\u0131 g\u00fccl\u0259ndir\u0259c\u0259ksiniz.<\/p>\n\n\n\n<h3 class=\"wp-block-heading\" id=\"h-conclusion\">N\u0259tic\u0259<\/h3>\n\n\n\n<p>Khmer qrammatikas\u0131 m\u00fcr\u0259kk\u0259b g\u00f6r\u00fcns\u0259 d\u0259, bu g\u00f6z\u0259l dild\u0259 f\u0259dakarl\u0131q, t\u0259cr\u00fcb\u0259 v\u0259 co\u015fqu il\u0259 bacar\u0131ql\u0131 ola bil\u0259rsiniz. \u018fsas qaydalara diqq\u0259t yetir\u0259r\u0259k v\u0259 m\u00fcxt\u0259lif kontekstl\u0259rd\u0259 dill\u0259 m\u0259\u015f\u011ful olaraq, Khmer <a href=\"https:\/\/talkpal.ai\/az\/qrammatika\/\">qrammatika bacar\u0131qlar\u0131n\u0131z\u0131<\/a> s\u00fcr\u0259tl\u0259 inki\u015faf etdir\u0259c\u0259ksiniz. Khmer dili s\u0259yah\u0259tinizd\u0259 Somnang laor (u\u011furlar) v\u0259 Khmer qrammatikas\u0131n\u0131n m\u00fc\u0259mmal\u0131, lakin cazib\u0259dar d\u00fcnyas\u0131n\u0131 a\u00e7maqdan z\u00f6vq al\u0131n!<\/p>\n<\/div><\/div>\n\r\n<section class=\"learnNavigationSection\">\r\n            \r\n        <a href=\"https:\/\/talkpal.ai\/az\/khmer-dilini-oyr%c9%99nin\/\">\r\n            <div class=\"learnNavigationWrapper\">\r\n                <div class=\"learnNavigationContent\">\r\n                    <img decoding=\"async\" src=\"https:\/\/talkpal.ai\/wp-content\/uploads\/2025\/11\/Khmer.png\" alt=\"Cambodian Flag\">\r\n                    <div>\r\n                        <h4>Khmer Learning haqq\u0131nda<\/h4>\r\n                        <p>Khmer qrammatikas\u0131 haqq\u0131nda h\u0259r \u015feyi \u00f6yr\u0259nin.<\/p>\r\n                    <\/div>\r\n                <\/div>\r\n            <\/div>\r\n        <\/a>\r\n\r\n        \r\n        <a href=\"https:\/\/talkpal.ai\/az\/khmer-qrammatika-m%c9%99sql%c9%99ri\/\">\r\n            <div class=\"learnNavigationWrapper\">\r\n                <div class=\"learnNavigationContent\">\r\n                    <img decoding=\"async\" src=\"https:\/\/talkpal.ai\/wp-content\/uploads\/2025\/11\/Khmer.png\" alt=\"Cambodian Flag\">\r\n                    <div>\r\n                        <h4>Khmer qrammatika m\u0259\u015fqi<\/h4>\r\n                        <p>Khmer qrammatikas\u0131n\u0131 t\u0259tbiq edin.<\/p>\r\n                    <\/div>\r\n                <\/div>\r\n            <\/div>\r\n        <\/a>\r\n\r\n            <\/section>","protected":false},"excerpt":{"rendered":"<p>Khmer qrammatikas\u0131n\u0131n inc\u0259likl\u0259ri Kambocan\u0131n milli dili v\u0259 d\u0259rin \u0259d\u0259bi \u0259n\u0259n\u0259y\u0259 malik b\u00f6y\u00fck bir Avstriya dili olan Khmer, unikal qrammatika sistemini ara\u015fd\u0131rmaq ist\u0259y\u0259nl\u0259r \u00fc\u00e7\u00fcn h\u0259y\u0259can verici bir linqvistik t\u0259cr\u00fcb\u0259 t\u0259qdim edir. Khmer al\u0259min\u0259 gir\u0259rk\u0259n yaln\u0131z linqvistik repertuar\u0131n\u0131z\u0131 z\u0259nginl\u0259\u015fdirm\u0259kl\u0259 yana\u015f\u0131, h\u0259m d\u0259 maraql\u0131 bir m\u0259d\u0259ni s\u0259yah\u0259ti qucaqlayacaqs\u0131n\u0131z. Khmer qrammatikas\u0131 \u0259vv\u0259lc\u0259 tan\u0131\u015f g\u00f6r\u00fcnm\u0259s\u0259 d\u0259, onu \u0259sas komponentl\u0259r\u0259 b\u00f6lm\u0259k [&hellip;]<\/p>\n","protected":false},"author":20,"featured_media":0,"parent":0,"menu_order":0,"comment_status":"closed","ping_status":"closed","template":"LearningContentPage.php","meta":{"_acf_changed":false,"footnotes":""},"class_list":["post-1474097","page","type-page","status-publish","hentry"],"acf":[],"yoast_head":"<!-- This site is optimized with the Yoast SEO Premium plugin v27.2 (Yoast SEO v27.2) - https:\/\/yoast.com\/product\/yoast-seo-premium-wordpress\/ -->\n<title>Khmer qrammatikas\u0131 - Talkpal<\/title>\n<meta name=\"description\" content=\"H\u0259rt\u0259r\u0259fli dil \u00f6yr\u0259nm\u0259 t\u0259limat\u0131m\u0131zla \u0259lifba, fonetika v\u0259 c\u00fcml\u0259 qurulu\u015fu da daxil olmaqla Khmer qrammatikas\u0131n\u0131n \u0259saslar\u0131n\u0131 m\u0259nims\u0259yin.\" \/>\n<meta name=\"robots\" content=\"index, follow, max-snippet:-1, max-image-preview:large, max-video-preview:-1\" \/>\n<link rel=\"canonical\" href=\"https:\/\/talkpal.ai\/az\/khmer-qrammatikasi\/\" \/>\n<meta property=\"og:locale\" content=\"az_AZ\" \/>\n<meta property=\"og:type\" content=\"article\" \/>\n<meta property=\"og:title\" content=\"Khmer qrammatikas\u0131\" \/>\n<meta property=\"og:description\" content=\"Khmer qrammatikas\u0131n\u0131n inc\u0259likl\u0259ri Kambocan\u0131n milli dili v\u0259 d\u0259rin \u0259d\u0259bi \u0259n\u0259n\u0259y\u0259 malik b\u00f6y\u00fck bir Avstriya dili olan Khmer, unikal qrammatika sistemini\" \/>\n<meta property=\"og:url\" content=\"https:\/\/talkpal.ai\/az\/khmer-qrammatikasi\/\" \/>\n<meta property=\"og:site_name\" content=\"Talkpal\" \/>\n<meta property=\"article:publisher\" content=\"https:\/\/www.facebook.com\/profile.php?id=100090733639311\" \/>\n<meta property=\"article:modified_time\" content=\"2025-12-30T14:42:17+00:00\" \/>\n<meta property=\"og:image\" content=\"https:\/\/talkpal.ai\/wp-content\/uploads\/2025\/02\/Progress-tab-16_9.png\" \/>\n\t<meta property=\"og:image:width\" content=\"2880\" \/>\n\t<meta property=\"og:image:height\" content=\"1620\" \/>\n\t<meta property=\"og:image:type\" content=\"image\/png\" \/>\n<meta name=\"twitter:card\" content=\"summary_large_image\" \/>\n<meta name=\"twitter:site\" content=\"@talkpalai\" \/>\n<meta name=\"twitter:label1\" content=\"Est. reading time\" \/>\n\t<meta name=\"twitter:data1\" content=\"4 minutes\" \/>\n<script type=\"application\/ld+json\" class=\"yoast-schema-graph\">{\"@context\":\"https:\/\/schema.org\",\"@graph\":[{\"@type\":\"WebPage\",\"@id\":\"https:\/\/talkpal.ai\/az\/khmer-qrammatikasi\/\",\"url\":\"https:\/\/talkpal.ai\/az\/khmer-qrammatikasi\/\",\"name\":\"Khmer qrammatikas\u0131 - Talkpal\",\"isPartOf\":{\"@id\":\"https:\/\/talkpal.ai\/az\/#website\"},\"datePublished\":\"2025-11-12T11:25:16+00:00\",\"dateModified\":\"2025-12-30T14:42:17+00:00\",\"description\":\"H\u0259rt\u0259r\u0259fli dil \u00f6yr\u0259nm\u0259 t\u0259limat\u0131m\u0131zla \u0259lifba, fonetika v\u0259 c\u00fcml\u0259 qurulu\u015fu da daxil olmaqla Khmer qrammatikas\u0131n\u0131n \u0259saslar\u0131n\u0131 m\u0259nims\u0259yin.\",\"breadcrumb\":{\"@id\":\"https:\/\/talkpal.ai\/az\/khmer-qrammatikasi\/#breadcrumb\"},\"inLanguage\":\"az\",\"potentialAction\":[{\"@type\":\"ReadAction\",\"target\":[\"https:\/\/talkpal.ai\/az\/khmer-qrammatikasi\/\"]}]},{\"@type\":\"BreadcrumbList\",\"@id\":\"https:\/\/talkpal.ai\/az\/khmer-qrammatikasi\/#breadcrumb\",\"itemListElement\":[{\"@type\":\"ListItem\",\"position\":1,\"name\":\"Homepage\",\"item\":\"https:\/\/talkpal.ai\/az\/\"},{\"@type\":\"ListItem\",\"position\":2,\"name\":\"Khmer qrammatikas\u0131\"}]},{\"@type\":\"WebSite\",\"@id\":\"https:\/\/talkpal.ai\/az\/#website\",\"url\":\"https:\/\/talkpal.ai\/az\/\",\"name\":\"Talkpal\",\"description\":\"AI Language Learning\",\"publisher\":{\"@id\":\"https:\/\/talkpal.ai\/az\/#organization\"},\"alternateName\":\"Talkpal AI\",\"potentialAction\":[{\"@type\":\"SearchAction\",\"target\":{\"@type\":\"EntryPoint\",\"urlTemplate\":\"https:\/\/talkpal.ai\/az\/?s={search_term_string}\"},\"query-input\":{\"@type\":\"PropertyValueSpecification\",\"valueRequired\":true,\"valueName\":\"search_term_string\"}}],\"inLanguage\":\"az\"},{\"@type\":\"Organization\",\"@id\":\"https:\/\/talkpal.ai\/az\/#organization\",\"name\":\"Talkpal, Inc.\",\"alternateName\":\"Talkpal AI\",\"url\":\"https:\/\/talkpal.ai\/az\/\",\"logo\":{\"@type\":\"ImageObject\",\"inLanguage\":\"az\",\"@id\":\"https:\/\/talkpal.ai\/az\/#\/schema\/logo\/image\/\",\"url\":\"https:\/\/talkpal.ai\/wp-content\/uploads\/2024\/03\/Talkpal-Logo-Icon.png\",\"contentUrl\":\"https:\/\/talkpal.ai\/wp-content\/uploads\/2024\/03\/Talkpal-Logo-Icon.png\",\"width\":2880,\"height\":2880,\"caption\":\"Talkpal, Inc.\"},\"image\":{\"@id\":\"https:\/\/talkpal.ai\/az\/#\/schema\/logo\/image\/\"},\"sameAs\":[\"https:\/\/www.facebook.com\/profile.php?id=100090733639311\",\"https:\/\/x.com\/talkpalai\",\"https:\/\/www.linkedin.com\/company\/talkpal\/\",\"https:\/\/www.youtube.com\/@TalkPal\/\",\"https:\/\/www.tiktok.com\/@talkpal\",\"https:\/\/www.instagram.com\/talkpal_ai\/\",\"https:\/\/www.crunchbase.com\/organization\/talkpal-9cde\",\"https:\/\/www.g2.com\/products\/talkpal-for-business\/\",\"https:\/\/www.trustpilot.com\/review\/talkpal.ai\",\"https:\/\/www.capterra.com\/p\/10006800\/TalkPal\/\"],\"description\":\"Talkpal is a language learning web and mobile education app, powered by the latest AI technologies, that provides engaging experiences to its customers in many different languages to help them improve their language skills. Users can chat about unlimited amount of topics with the app and use other modes to practice their language learning.\",\"email\":\"support@talkpal.ai\",\"legalName\":\"Talkpal, Inc.\",\"foundingDate\":\"2023-04-03\",\"duns\":\"118989042\",\"numberOfEmployees\":{\"@type\":\"QuantitativeValue\",\"minValue\":\"11\",\"maxValue\":\"50\"},\"publishingPrinciples\":\"https:\/\/talkpal.ai\/publishing-principles\/\",\"actionableFeedbackPolicy\":\"https:\/\/talkpal.ai\/actionable-feedback-policy\/\",\"correctionsPolicy\":\"https:\/\/talkpal.ai\/corrections-policy\/\",\"ethicsPolicy\":\"https:\/\/talkpal.ai\/ethics-policy\/\",\"diversityPolicy\":\"https:\/\/talkpal.ai\/diversity-policy\/\",\"diversityStaffingReport\":\"https:\/\/talkpal.ai\/diversity-policy\/\"}]}<\/script>\n<!-- \/ Yoast SEO Premium plugin. -->","yoast_head_json":{"title":"Khmer qrammatikas\u0131 - Talkpal","description":"H\u0259rt\u0259r\u0259fli dil \u00f6yr\u0259nm\u0259 t\u0259limat\u0131m\u0131zla \u0259lifba, fonetika v\u0259 c\u00fcml\u0259 qurulu\u015fu da daxil olmaqla Khmer qrammatikas\u0131n\u0131n \u0259saslar\u0131n\u0131 m\u0259nims\u0259yin.","robots":{"index":"index","follow":"follow","max-snippet":"max-snippet:-1","max-image-preview":"max-image-preview:large","max-video-preview":"max-video-preview:-1"},"canonical":"https:\/\/talkpal.ai\/az\/khmer-qrammatikasi\/","og_locale":"az_AZ","og_type":"article","og_title":"Khmer qrammatikas\u0131","og_description":"Khmer qrammatikas\u0131n\u0131n inc\u0259likl\u0259ri Kambocan\u0131n milli dili v\u0259 d\u0259rin \u0259d\u0259bi \u0259n\u0259n\u0259y\u0259 malik b\u00f6y\u00fck bir Avstriya dili olan Khmer, unikal qrammatika sistemini","og_url":"https:\/\/talkpal.ai\/az\/khmer-qrammatikasi\/","og_site_name":"Talkpal","article_publisher":"https:\/\/www.facebook.com\/profile.php?id=100090733639311","article_modified_time":"2025-12-30T14:42:17+00:00","og_image":[{"width":2880,"height":1620,"url":"https:\/\/talkpal.ai\/wp-content\/uploads\/2025\/02\/Progress-tab-16_9.png","type":"image\/png"}],"twitter_card":"summary_large_image","twitter_site":"@talkpalai","twitter_misc":{"Est. reading time":"4 minutes"},"schema":{"@context":"https:\/\/schema.org","@graph":[{"@type":"WebPage","@id":"https:\/\/talkpal.ai\/az\/khmer-qrammatikasi\/","url":"https:\/\/talkpal.ai\/az\/khmer-qrammatikasi\/","name":"Khmer qrammatikas\u0131 - Talkpal","isPartOf":{"@id":"https:\/\/talkpal.ai\/az\/#website"},"datePublished":"2025-11-12T11:25:16+00:00","dateModified":"2025-12-30T14:42:17+00:00","description":"H\u0259rt\u0259r\u0259fli dil \u00f6yr\u0259nm\u0259 t\u0259limat\u0131m\u0131zla \u0259lifba, fonetika v\u0259 c\u00fcml\u0259 qurulu\u015fu da daxil olmaqla Khmer qrammatikas\u0131n\u0131n \u0259saslar\u0131n\u0131 m\u0259nims\u0259yin.","breadcrumb":{"@id":"https:\/\/talkpal.ai\/az\/khmer-qrammatikasi\/#breadcrumb"},"inLanguage":"az","potentialAction":[{"@type":"ReadAction","target":["https:\/\/talkpal.ai\/az\/khmer-qrammatikasi\/"]}]},{"@type":"BreadcrumbList","@id":"https:\/\/talkpal.ai\/az\/khmer-qrammatikasi\/#breadcrumb","itemListElement":[{"@type":"ListItem","position":1,"name":"Homepage","item":"https:\/\/talkpal.ai\/az\/"},{"@type":"ListItem","position":2,"name":"Khmer qrammatikas\u0131"}]},{"@type":"WebSite","@id":"https:\/\/talkpal.ai\/az\/#website","url":"https:\/\/talkpal.ai\/az\/","name":"Talkpal","description":"AI Language Learning","publisher":{"@id":"https:\/\/talkpal.ai\/az\/#organization"},"alternateName":"Talkpal AI","potentialAction":[{"@type":"SearchAction","target":{"@type":"EntryPoint","urlTemplate":"https:\/\/talkpal.ai\/az\/?s={search_term_string}"},"query-input":{"@type":"PropertyValueSpecification","valueRequired":true,"valueName":"search_term_string"}}],"inLanguage":"az"},{"@type":"Organization","@id":"https:\/\/talkpal.ai\/az\/#organization","name":"Talkpal, Inc.","alternateName":"Talkpal AI","url":"https:\/\/talkpal.ai\/az\/","logo":{"@type":"ImageObject","inLanguage":"az","@id":"https:\/\/talkpal.ai\/az\/#\/schema\/logo\/image\/","url":"https:\/\/talkpal.ai\/wp-content\/uploads\/2024\/03\/Talkpal-Logo-Icon.png","contentUrl":"https:\/\/talkpal.ai\/wp-content\/uploads\/2024\/03\/Talkpal-Logo-Icon.png","width":2880,"height":2880,"caption":"Talkpal, Inc."},"image":{"@id":"https:\/\/talkpal.ai\/az\/#\/schema\/logo\/image\/"},"sameAs":["https:\/\/www.facebook.com\/profile.php?id=100090733639311","https:\/\/x.com\/talkpalai","https:\/\/www.linkedin.com\/company\/talkpal\/","https:\/\/www.youtube.com\/@TalkPal\/","https:\/\/www.tiktok.com\/@talkpal","https:\/\/www.instagram.com\/talkpal_ai\/","https:\/\/www.crunchbase.com\/organization\/talkpal-9cde","https:\/\/www.g2.com\/products\/talkpal-for-business\/","https:\/\/www.trustpilot.com\/review\/talkpal.ai","https:\/\/www.capterra.com\/p\/10006800\/TalkPal\/"],"description":"Talkpal is a language learning web and mobile education app, powered by the latest AI technologies, that provides engaging experiences to its customers in many different languages to help them improve their language skills. Users can chat about unlimited amount of topics with the app and use other modes to practice their language learning.","email":"support@talkpal.ai","legalName":"Talkpal, Inc.","foundingDate":"2023-04-03","duns":"118989042","numberOfEmployees":{"@type":"QuantitativeValue","minValue":"11","maxValue":"50"},"publishingPrinciples":"https:\/\/talkpal.ai\/publishing-principles\/","actionableFeedbackPolicy":"https:\/\/talkpal.ai\/actionable-feedback-policy\/","correctionsPolicy":"https:\/\/talkpal.ai\/corrections-policy\/","ethicsPolicy":"https:\/\/talkpal.ai\/ethics-policy\/","diversityPolicy":"https:\/\/talkpal.ai\/diversity-policy\/","diversityStaffingReport":"https:\/\/talkpal.ai\/diversity-policy\/"}]}},"_links":{"self":[{"href":"https:\/\/talkpal.ai\/az\/wp-json\/wp\/v2\/pages\/1474097","targetHints":{"allow":["GET"]}}],"collection":[{"href":"https:\/\/talkpal.ai\/az\/wp-json\/wp\/v2\/pages"}],"about":[{"href":"https:\/\/talkpal.ai\/az\/wp-json\/wp\/v2\/types\/page"}],"author":[{"embeddable":true,"href":"https:\/\/talkpal.ai\/az\/wp-json\/wp\/v2\/users\/20"}],"replies":[{"embeddable":true,"href":"https:\/\/talkpal.ai\/az\/wp-json\/wp\/v2\/comments?post=1474097"}],"version-history":[{"count":0,"href":"https:\/\/talkpal.ai\/az\/wp-json\/wp\/v2\/pages\/1474097\/revisions"}],"wp:attachment":[{"href":"https:\/\/talkpal.ai\/az\/wp-json\/wp\/v2\/media?parent=1474097"}],"curies":[{"name":"wp","href":"https:\/\/api.w.org\/{rel}","templated":true}]}}