{"id":1474040,"date":"2025-11-12T16:09:11","date_gmt":"2025-11-12T16:09:11","guid":{"rendered":"https:\/\/talkpal.ai\/oriya-qrammatika-m%c9%99sql%c9%99ri\/"},"modified":"2025-12-30T11:53:19","modified_gmt":"2025-12-30T11:53:19","slug":"oriya-qrammatika-m%c9%99sql%c9%99ri","status":"publish","type":"page","link":"https:\/\/talkpal.ai\/az\/oriya-qrammatika-m%c9%99sql%c9%99ri\/","title":{"rendered":"Odia Qrammatika Tap\u015f\u0131r\u0131qlar\u0131"},"content":{"rendered":"\r\n\r\n\r\n<section class=\"languageChallengeSection\">\r\n    <div class=\"languageInfoWrapper\">\r\n        \r\n        <h1>Odia Qrammatika Tap\u015f\u0131r\u0131qlar\u0131<\/h1>\r\n        <p><a href=\"https:\/\/talkpal.ai\/learn-odia\/\">Odia<\/a> qrammatikas\u0131na dalma\u011fa haz\u0131rs\u0131n\u0131z? Bir ne\u00e7\u0259 \u0259saslar\u0131 m\u0259\u015fq etm\u0259k bu unikal v\u0259 g\u00f6z\u0259l dill\u0259 rahat olma\u011fa k\u00f6m\u0259k ed\u0259c\u0259k. G\u00fcv\u0259ninizi art\u0131rmaq v\u0259 yol boyu \u0259yl\u0259nm\u0259k \u00fc\u00e7\u00fcn bu m\u0259\u015fql\u0259ri s\u0131nay\u0131n!<\/p>\r\n\r\n                            <a class=\"getStartedHidden\" href=\"https:\/\/app.talkpal.ai\/signup?lng=\">Ba\u015fla<\/a>\r\n        \r\n    <\/div>\r\n\r\n    <figure>\r\n    <img decoding=\"async\" width=\"768\" height=\"768\" src=\"https:\/\/talkpal.ai\/wp-content\/uploads\/2023\/06\/welsh-768x768.png\" class=\"languageImage no-lazy\" alt=\"Language learning for better cognitive abilities\" fetchpriority=\"high\" sizes=\"(max-width: 768px) 150px, 768px\" srcset=\"https:\/\/talkpal.ai\/wp-content\/uploads\/2023\/06\/welsh-768x768.png 768w, https:\/\/talkpal.ai\/wp-content\/uploads\/2023\/06\/welsh-300x300.png 300w\" \/>\r\n    \r\n\r\n    <\/figure>\r\n\r\n            <a class=\"getStartedVisible\" href=\"https:\/\/app.talkpal.ai\/signup?lng=\">Ba\u015fla<\/a>\r\n    \r\n<\/section><section class=\"promotionalBanner\">\r\n    <p class=\"promotionalText\">Dil \u00f6yr\u0259nm\u0259yin \u0259n t\u0259sirli yolu<\/p>\r\n    <a class=\"promotionalLink\" href=\"https:\/\/app.talkpal.ai\/signup?lng=\">Talkpal pulsuz s\u0131nay\u0131n<\/a>\r\n<\/section>\n<div class=\"wp-block-group pageContainerStyle\"><div class=\"wp-block-group__inner-container is-layout-constrained wp-block-group-is-layout-constrained\">\n<h2 class=\"wp-block-heading\" id=\"h-odia-grammar-topics\">Odia Qrammatika M\u00f6vzular\u0131<\/h2>\n\n\n\n<p><a href=\"https:\/\/talkpal.ai\/az\/yeni-dil-oyr%c9%99n%c9%99rk%c9%99n-qacmaq-lazim-olan-en-boyuk-s%c9%99hvl%c9%99r\/\">Yeni bir dil \u00f6yr\u0259nm\u0259k<\/a> \u00e7\u0259tin, lakin m\u00fckafatland\u0131r\u0131c\u0131 bir i\u015f ola bil\u0259r. \u018fsas\u0259n Hindistan\u0131n Odisha \u015ftat\u0131nda dan\u0131\u015f\u0131lan Hind-Aryan dili olan Odia da istisna deyil. \u00d6z\u00fcn\u0259m\u0259xsus x\u00fcsusiyy\u0259tl\u0259ri v\u0259 strukturlar\u0131 olan Odia <a href=\"https:\/\/talkpal.ai\/az\/t%c9%99hsil-ucun-talkpal\/\">\u00f6yr\u0259nm\u0259k<\/a> onun qrammatikas\u0131n\u0131 sistemli \u015f\u0259kild\u0259 ba\u015fa d\u00fc\u015fm\u0259yi t\u0259l\u0259b edir. Bu b\u0259l\u0259d\u00e7i <a href=\"https:\/\/talkpal.ai\/oriya-grammar\/\">Odia qrammatikas\u0131n\u0131n<\/a> \u0259sas sah\u0259l\u0259rini <a href=\"https:\/\/talkpal.ai\/az\/t%c9%99hsil-ucun-talkpal\/\">dil \u00f6yr\u0259nm\u0259si<\/a> \u00fc\u00e7\u00fcn m\u0259ntiqi ard\u0131c\u0131ll\u0131qla izah edir, isiml\u0259r v\u0259 m\u0259qal\u0259l\u0259r kimi \u0259saslardan ba\u015flayaraq, zamanlar v\u0259 c\u00fcml\u0259 qurulu\u015fu kimi daha m\u00fcr\u0259kk\u0259b sah\u0259l\u0259r\u0259 q\u0259d\u0259r ir\u0259lil\u0259yir.<\/p>\n\n\n\n<h3 class=\"wp-block-heading\" id=\"h-1-nouns\">1. Nouns:<\/h3>\n\n\n\n<p>Odia dili s\u0259yah\u0259tiniz\u0259 isiml\u0259ri \u00f6yr\u0259nm\u0259kl\u0259 ba\u015flay\u0131n. Bu, \u00fcmumi v\u0259 x\u00fcsusi isiml\u0259r kimi m\u00fcxt\u0259lif isim kateqoriyalar\u0131n\u0131, el\u0259c\u0259 d\u0259 onlar\u0131n c\u0259m formalar\u0131n\u0131 anlama\u011f\u0131 \u0259hat\u0259 edir. Qeyd etm\u0259k laz\u0131md\u0131r ki, Odia \u00fcmumiyy\u0259tl\u0259 qrammatik cinsiyy\u0259t\u0259 malik deyil v\u0259 c\u0259m i\u015far\u0259l\u0259rd\u0259n istifad\u0259 edir, m\u0259s\u0259l\u0259n, insanlar \u00fc\u00e7\u00fcn -mane, obyektl\u0259r \u00fc\u00e7\u00fcn is\u0259 -gudika.<\/p>\n\n\n\n<h3 class=\"wp-block-heading\" id=\"h-2-articles\">2. M\u0259qal\u0259l\u0259r:<\/h3>\n\n\n\n<p>Odia \u0130ngilis dilind\u0259 oldu\u011fu kimi m\u00fc\u0259yy\u0259n v\u0259 ya qeyri-m\u00fc\u0259yy\u0259n artikll\u0259rd\u0259n <a href=\"https:\/\/talkpal.ai\/ai-english-speaking-practice\/\"> istifad\u0259 etmir.<\/a> M\u00fc\u0259yy\u0259nlik \u00fcmumiyy\u0259tl\u0259 kontekst v\u0259 ya bu kimi n\u00fcmayi\u015fl\u0259r vasit\u0259sil\u0259 ifad\u0259 olunur v\u0259 laz\u0131m olduqda qeyri-m\u00fc\u0259yy\u0259nlik r\u0259q\u0259m il\u0259 \u00f6t\u00fcr\u00fcl\u0259 bil\u0259r.<\/p>\n\n\n\n<h3 class=\"wp-block-heading\" id=\"h-3-adjectives\">3. Adjectives:<\/h3>\n\n\n\n<p>Odia dilind\u0259 sif\u0259tl\u0259r ad\u0259t\u0259n d\u0259yi\u015fdirdikl\u0259ri isiml\u0259rd\u0259n \u0259vv\u0259l g\u0259lir. \u00dcmumiyy\u0259tl\u0259, n\u00f6mr\u0259 v\u0259 ya cinsiyy\u0259t\u0259 g\u00f6r\u0259 forma d\u0259yi\u015fmir. M\u00fcqayis\u0259li v\u0259 \u00fcst\u00fcnl\u00fckl\u0259ri nec\u0259 formala\u015fd\u0131raca\u011f\u0131n\u0131z\u0131 \u00f6yr\u0259nin, tez-tez daha \u00e7ox \u00fc\u00e7\u00fcn adhika, \u0259ks\u0259riyy\u0259ti \u00fc\u00e7\u00fcn sabuthu v\u0259 than \u00fc\u00e7\u00fcn tharu marker kimi s\u00f6zl\u0259rd\u0259n istifad\u0259 edin.<\/p>\n\n\n\n<h3 class=\"wp-block-heading\" id=\"h-4-pronouns-determiners\">4. Pronouns\/Determinl\u0259r:<\/h3>\n\n\n\n<p>Odia dilind\u0259 \u0259v\u0259zlikl\u0259r v\u0259 determinatorlar vacibdir; Onlar isiml\u0259ri \u0259v\u0259z edir v\u0259 miqdar, sahiblik v\u0259 daha \u00e7ox bar\u0259d\u0259 m\u0259lumat verir. Odia ikinci \u015f\u0259xs \u0259v\u0259zlikl\u0259rind\u0259 n\u0259zak\u0259t s\u0259viyy\u0259sin\u0259 malikdir v\u0259 sahiblik ad\u0259t\u0259n -ra genitiv hiss\u0259ciyi il\u0259 i\u015far\u0259l\u0259nir. N\u00fcmayi\u015f v\u0259 k\u0259miyy\u0259t\u00e7il\u0259rd\u0259n geni\u015f istifad\u0259 olunur.<\/p>\n\n\n\n<h3 class=\"wp-block-heading\" id=\"h-5-verbs\">5. Feill\u0259r:<\/h3>\n\n\n\n<p>Odia fell\u0259ri zaman, aspekt, \u0259hval v\u0259 b\u0259z\u0259n h\u00f6rm\u0259t s\u0259viyy\u0259sin\u0259 g\u00f6r\u0259 f\u0259rqli formalara malikdir. \u018fvv\u0259lki v\u0259 m\u00fct\u0259r\u0259qqi formalardan ba\u015flay\u0131n, sonra ke\u00e7mi\u015fi v\u0259 g\u0259l\u0259c\u0259yi ara\u015fd\u0131r\u0131n. -iba v\u0259 ya -ba-dak\u0131 finitif v\u0259 ya \u015fifahi isim formalar\u0131n\u0131 \u00f6yr\u0259nin.<\/p>\n\n\n\n<h3 class=\"wp-block-heading\" id=\"h-6-tenses\">6. G\u0259rginlikl\u0259r:<\/h3>\n\n\n\n<p>Fel formalar\u0131n\u0131 m\u0259nims\u0259dikd\u0259n sonra Odia zamanlar\u0131na v\u0259 aspektl\u0259rin\u0259 daha d\u0259rind\u0259n bax\u0131n. \u0130ndiki ad\u0259t, indiki m\u00fct\u0259r\u0259qqi, ke\u00e7mi\u015f m\u00fck\u0259mm\u0259l, ke\u00e7mi\u015f m\u00fct\u0259r\u0259qqi v\u0259 g\u0259l\u0259c\u0259k aras\u0131ndak\u0131 f\u0259rql\u0259ri v\u0259 f\u0259rqli kontekstl\u0259rd\u0259 nec\u0259 istifad\u0259 edildiyini anlay\u0131n.<\/p>\n\n\n\n<h3 class=\"wp-block-heading\" id=\"h-7-tense-comparison\">7. G\u0259rgin m\u00fcqayis\u0259:<\/h3>\n\n\n\n<p>Odia dilind\u0259 zamanlar\u0131n m\u00fcqayis\u0259si hadis\u0259l\u0259rin ard\u0131c\u0131ll\u0131\u011f\u0131n\u0131 v\u0259 aspektini anlama\u011fa k\u00f6m\u0259k edir. Eyni feli adi, m\u00fct\u0259r\u0259qqi, m\u00fck\u0259mm\u0259l v\u0259 g\u0259l\u0259c\u0259k istifad\u0259l\u0259r aras\u0131nda m\u00fcqayis\u0259 etm\u0259k dilin daha yax\u015f\u0131 ba\u015fa d\u00fc\u015f\u00fclm\u0259sini t\u0259min ed\u0259c\u0259kdir.<\/p>\n\n\n\n<h3 class=\"wp-block-heading\" id=\"h-8-progressive\">8. M\u00fct\u0259r\u0259qqi:<\/h3>\n\n\n\n<p>Odia-da ir\u0259lil\u0259yi\u015f\u00e7i aspekt davam ed\u0259n h\u0259r\u0259k\u0259tl\u0259ri ifad\u0259 etm\u0259k \u00fc\u00e7\u00fcn istifad\u0259 olunur. \u00dcmumiyy\u0259tl\u0259 bu g\u00fcn \u00fc\u00e7\u00fcn -uchhi, ke\u00e7mi\u015f \u00fc\u00e7\u00fcn -uthila v\u0259 g\u0259l\u0259c\u0259k \u00fc\u00e7\u00fcn -uthiba s\u00f6z\u00fc il\u0259 i\u015far\u0259l\u0259nir, fel k\u00f6k\u00fc v\u0259 \u0259laq\u0259li k\u00f6m\u0259k\u00e7i formalar \u00fcz\u0259rind\u0259 qurulmu\u015fdur.<\/p>\n\n\n\n<h3 class=\"wp-block-heading\" id=\"h-9-perfect-progressive\">9. M\u00fck\u0259mm\u0259l T\u0259r\u0259qqi:<\/h3>\n\n\n\n<p>Bu, m\u00fc\u0259yy\u0259n bir n\u00f6qt\u0259y\u0259 q\u0259d\u0259r davam ed\u0259n h\u0259r\u0259k\u0259tl\u0259ri ifad\u0259 etm\u0259k \u00fc\u00e7\u00fcn istifad\u0259 olunur. Odia-da ad\u0259t\u0259n proqressiv qurulu\u015fla yana\u015f\u0131, m\u00fcdd\u0259ti g\u00f6st\u0259rm\u0259k \u00fc\u00e7\u00fcn dhari v\u0259 ya tharu kimi zaman ifad\u0259l\u0259ri il\u0259 \u00f6t\u00fcr\u00fcl\u00fcr, x\u00fcsusi m\u00fck\u0259mm\u0259l-proqressiv k\u00f6m\u0259k\u00e7i kombinasiyadan f\u0259rqli olaraq.<\/p>\n\n\n\n<h3 class=\"wp-block-heading\" id=\"h-10-conditionals\">10. \u015e\u0259rti olaraq:<\/h3>\n\n\n\n<p>\u015e\u0259rti v\u0259ziyy\u0259tl\u0259r hipotetik v\u0259ziyy\u0259tl\u0259ri v\u0259 onlar\u0131n m\u00fcmk\u00fcn n\u0259tic\u0259l\u0259rini ifad\u0259 edir. Odia bu \u0259laq\u0259l\u0259ri ifad\u0259 etm\u0259k \u00fc\u00e7\u00fcn \u015f\u0259rti markerl\u0259rd\u0259n v\u0259 jadi v\u0259 yadi kimi s\u00f6zl\u0259rd\u0259n, -le dilind\u0259 is\u0259 \u015fifahi \u015f\u0259rti formalardan istifad\u0259 edir.<\/p>\n\n\n\n<h3 class=\"wp-block-heading\" id=\"h-11-adverbs\">11. Adverbl\u0259r:<\/h3>\n\n\n\n<p>Odia dilind\u0259 z\u0259rfl\u0259r fell\u0259ri, sif\u0259tl\u0259ri v\u0259 ya dig\u0259r z\u0259rfl\u0259ri d\u0259yi\u015fdirir. \u00dcsul, yer, zaman, d\u0259r\u0259c\u0259 v\u0259 daha \u00e7ox \u015fey haqq\u0131nda m\u0259lumat verirl\u0259r v\u0259 vur\u011fu v\u0259 c\u00fcml\u0259 ax\u0131n\u0131na g\u00f6r\u0259 yerl\u0259\u015fdirilirl\u0259r.<\/p>\n\n\n\n<h3 class=\"wp-block-heading\" id=\"h-12-prepositions\">12. Prepozisiyalar:<\/h3>\n\n\n\n<p>Odia \u0259sas\u0259n postpozisiyalardan istifad\u0259 edir, onlar \u0259laq\u0259li olduqlar\u0131 isiml\u0259rd\u0259n sonra g\u0259lir. S\u00f6zl\u0259ri v\u0259 ifad\u0259l\u0259ri bir-birin\u0259 ba\u011flay\u0131rlar v\u0259 zaman, yer, istiqam\u0259t, m\u0259nb\u0259 v\u0259 m\u0259qs\u0259d m\u00fcnasib\u0259tl\u0259rini ifad\u0259 edirl\u0259r, m\u0259s\u0259l\u0259n, -re in v\u0259 ya at, -ku, -ru v\u0259 a\u011fr\u0131 \u00fc\u00e7\u00fcn.<\/p>\n\n\n\n<h3 class=\"wp-block-heading\" id=\"h-13-sentences\">13. C\u00fcml\u0259l\u0259r:<\/h3>\n\n\n\n<p>Sonda c\u00fcml\u0259l\u0259rin d\u00fcz\u0259ldili\u015fl\u0259rini m\u0259\u015fq etdir. Odia ad\u0259t\u0259n subyekt obyekt felinin ard\u0131c\u0131ll\u0131\u011f\u0131n\u0131 izl\u0259yir. Bu, \u0259vv\u0259lc\u0259d\u0259n \u00f6yr\u0259nil\u0259n b\u00fct\u00fcn <a href=\"https:\/\/talkpal.ai\/grammar\/\">qrammatika<\/a> m\u0259qamlar\u0131n\u0131n, o c\u00fcml\u0259d\u0259n raz\u0131la\u015fma n\u00fcmun\u0259l\u0259rinin v\u0259 \u00fcmumi inkar formalar\u0131n\u0131n kontekstd\u0259 istifad\u0259sini \u0259hat\u0259 ed\u0259c\u0259k v\u0259 bel\u0259likl\u0259 Odia dilinin h\u0259rt\u0259r\u0259fli anla\u015f\u0131lmas\u0131n\u0131 t\u0259min ed\u0259c\u0259k.<\/p>\n<\/div><\/div>\n\r\n<section class=\"learnNavigationSection\">\r\n            \r\n        <a href=\"https:\/\/talkpal.ai\/az\/oriyani-oyr%c9%99nin\/\">\r\n            <div class=\"learnNavigationWrapper\">\r\n                <div class=\"learnNavigationContent\">\r\n                    <img decoding=\"async\" src=\"https:\/\/talkpal.ai\/wp-content\/uploads\/2025\/11\/Oriya.png\" alt=\"Indian Simplified Flag\">\r\n                    <div>\r\n                        <h4>Odia Learning haqq\u0131nda<\/h4>\r\n                        <p>Odia Qrammatikas\u0131 haqq\u0131nda h\u0259r \u015feyi \u00f6yr\u0259nin.<\/p>\r\n                    <\/div>\r\n                <\/div>\r\n            <\/div>\r\n        <\/a>\r\n\r\n        \r\n        <a href=\"https:\/\/talkpal.ai\/az\/oriya-qrammatikasi\/\">\r\n            <div class=\"learnNavigationWrapper\">\r\n                <div class=\"learnNavigationContent\">\r\n                    <img decoding=\"async\" src=\"https:\/\/talkpal.ai\/wp-content\/uploads\/2025\/11\/Oriya.png\" alt=\"Indian Simplified Flag\">\r\n                    <div>\r\n                        <h4>Odia Qrammatika D\u0259rsl\u0259ri<\/h4>\r\n                        <p>Odia qrammatikas\u0131n\u0131 m\u0259\u015fq edin.<\/p>\r\n                    <\/div>\r\n                <\/div>\r\n            <\/div>\r\n        <\/a>\r\n\r\n            <\/section>","protected":false},"excerpt":{"rendered":"<p>Odia Qrammatika M\u00f6vzular\u0131 Yeni bir dil \u00f6yr\u0259nm\u0259k \u00e7\u0259tin, lakin m\u00fckafatland\u0131r\u0131c\u0131 bir i\u015f ola bil\u0259r. \u018fsas\u0259n Hindistan\u0131n Odisha \u015ftat\u0131nda dan\u0131\u015f\u0131lan Hind-Aryan dili olan Odia da istisna deyil. \u00d6z\u00fcn\u0259m\u0259xsus x\u00fcsusiyy\u0259tl\u0259ri v\u0259 strukturlar\u0131 olan Odia \u00f6yr\u0259nm\u0259k onun qrammatikas\u0131n\u0131 sistemli \u015f\u0259kild\u0259 ba\u015fa d\u00fc\u015fm\u0259yi t\u0259l\u0259b edir. Bu b\u0259l\u0259d\u00e7i Odia qrammatikas\u0131n\u0131n \u0259sas sah\u0259l\u0259rini dil \u00f6yr\u0259nm\u0259si \u00fc\u00e7\u00fcn m\u0259ntiqi ard\u0131c\u0131ll\u0131qla izah edir, isiml\u0259r [&hellip;]<\/p>\n","protected":false},"author":20,"featured_media":0,"parent":0,"menu_order":0,"comment_status":"closed","ping_status":"closed","template":"LearningContentPage.php","meta":{"_acf_changed":false,"footnotes":""},"class_list":["post-1474040","page","type-page","status-publish","hentry"],"acf":[],"yoast_head":"<!-- This site is optimized with the Yoast SEO Premium plugin v27.2 (Yoast SEO v27.2) - https:\/\/yoast.com\/product\/yoast-seo-premium-wordpress\/ -->\n<title>Odia Qrammatika Tap\u015f\u0131r\u0131qlar\u0131 - Talkpal<\/title>\n<meta name=\"description\" content=\"Dil bacar\u0131qlar\u0131n\u0131z\u0131 v\u0259 s\u0259lis dan\u0131\u015f\u0131q qabiliyy\u0259tinizi effektiv \u015f\u0259kild\u0259 inki\u015faf etdirm\u0259y\u0259 k\u00f6m\u0259k etm\u0259k \u00fc\u00e7\u00fcn haz\u0131rlanm\u0131\u015f interaktiv m\u0259\u015fql\u0259rl\u0259 Odia qrammatikas\u0131n\u0131 m\u0259nims\u0259yin.\" \/>\n<meta name=\"robots\" content=\"index, follow, max-snippet:-1, max-image-preview:large, max-video-preview:-1\" \/>\n<link rel=\"canonical\" href=\"https:\/\/talkpal.ai\/az\/oriya-qrammatika-m%c9%99sql%c9%99ri\/\" \/>\n<meta property=\"og:locale\" content=\"az_AZ\" \/>\n<meta property=\"og:type\" content=\"article\" \/>\n<meta property=\"og:title\" content=\"Odia Qrammatika Tap\u015f\u0131r\u0131qlar\u0131\" \/>\n<meta property=\"og:description\" content=\"Odia Qrammatika M\u00f6vzular\u0131 Yeni bir dil \u00f6yr\u0259nm\u0259k \u00e7\u0259tin, lakin m\u00fckafatland\u0131r\u0131c\u0131 bir i\u015f ola bil\u0259r. \u018fsas\u0259n Hindistan\u0131n Odisha \u015ftat\u0131nda dan\u0131\u015f\u0131lan Hind-Aryan\" \/>\n<meta property=\"og:url\" content=\"https:\/\/talkpal.ai\/az\/oriya-qrammatika-m%c9%99sql%c9%99ri\/\" \/>\n<meta property=\"og:site_name\" content=\"Talkpal\" \/>\n<meta property=\"article:publisher\" content=\"https:\/\/www.facebook.com\/profile.php?id=100090733639311\" \/>\n<meta property=\"article:modified_time\" content=\"2025-12-30T11:53:19+00:00\" \/>\n<meta property=\"og:image\" content=\"https:\/\/talkpal.ai\/wp-content\/uploads\/2025\/02\/Progress-tab-16_9.png\" \/>\n\t<meta property=\"og:image:width\" content=\"2880\" \/>\n\t<meta property=\"og:image:height\" content=\"1620\" \/>\n\t<meta property=\"og:image:type\" content=\"image\/png\" \/>\n<meta name=\"twitter:card\" content=\"summary_large_image\" \/>\n<meta name=\"twitter:site\" content=\"@talkpalai\" \/>\n<meta name=\"twitter:label1\" content=\"Est. reading time\" \/>\n\t<meta name=\"twitter:data1\" content=\"5 minutes\" \/>\n<script type=\"application\/ld+json\" class=\"yoast-schema-graph\">{\"@context\":\"https:\/\/schema.org\",\"@graph\":[{\"@type\":\"WebPage\",\"@id\":\"https:\/\/talkpal.ai\/az\/oriya-qrammatika-m%c9%99sql%c9%99ri\/\",\"url\":\"https:\/\/talkpal.ai\/az\/oriya-qrammatika-m%c9%99sql%c9%99ri\/\",\"name\":\"Odia Qrammatika Tap\u015f\u0131r\u0131qlar\u0131 - Talkpal\",\"isPartOf\":{\"@id\":\"https:\/\/talkpal.ai\/az\/#website\"},\"datePublished\":\"2025-11-12T16:09:11+00:00\",\"dateModified\":\"2025-12-30T11:53:19+00:00\",\"description\":\"Dil bacar\u0131qlar\u0131n\u0131z\u0131 v\u0259 s\u0259lis dan\u0131\u015f\u0131q qabiliyy\u0259tinizi effektiv \u015f\u0259kild\u0259 inki\u015faf etdirm\u0259y\u0259 k\u00f6m\u0259k etm\u0259k \u00fc\u00e7\u00fcn haz\u0131rlanm\u0131\u015f interaktiv m\u0259\u015fql\u0259rl\u0259 Odia qrammatikas\u0131n\u0131 m\u0259nims\u0259yin.\",\"breadcrumb\":{\"@id\":\"https:\/\/talkpal.ai\/az\/oriya-qrammatika-m%c9%99sql%c9%99ri\/#breadcrumb\"},\"inLanguage\":\"az\",\"potentialAction\":[{\"@type\":\"ReadAction\",\"target\":[\"https:\/\/talkpal.ai\/az\/oriya-qrammatika-m%c9%99sql%c9%99ri\/\"]}]},{\"@type\":\"BreadcrumbList\",\"@id\":\"https:\/\/talkpal.ai\/az\/oriya-qrammatika-m%c9%99sql%c9%99ri\/#breadcrumb\",\"itemListElement\":[{\"@type\":\"ListItem\",\"position\":1,\"name\":\"Homepage\",\"item\":\"https:\/\/talkpal.ai\/az\/\"},{\"@type\":\"ListItem\",\"position\":2,\"name\":\"Odia Qrammatika Tap\u015f\u0131r\u0131qlar\u0131\"}]},{\"@type\":\"WebSite\",\"@id\":\"https:\/\/talkpal.ai\/az\/#website\",\"url\":\"https:\/\/talkpal.ai\/az\/\",\"name\":\"Talkpal\",\"description\":\"AI Language Learning\",\"publisher\":{\"@id\":\"https:\/\/talkpal.ai\/az\/#organization\"},\"alternateName\":\"Talkpal AI\",\"potentialAction\":[{\"@type\":\"SearchAction\",\"target\":{\"@type\":\"EntryPoint\",\"urlTemplate\":\"https:\/\/talkpal.ai\/az\/?s={search_term_string}\"},\"query-input\":{\"@type\":\"PropertyValueSpecification\",\"valueRequired\":true,\"valueName\":\"search_term_string\"}}],\"inLanguage\":\"az\"},{\"@type\":\"Organization\",\"@id\":\"https:\/\/talkpal.ai\/az\/#organization\",\"name\":\"Talkpal, Inc.\",\"alternateName\":\"Talkpal AI\",\"url\":\"https:\/\/talkpal.ai\/az\/\",\"logo\":{\"@type\":\"ImageObject\",\"inLanguage\":\"az\",\"@id\":\"https:\/\/talkpal.ai\/az\/#\/schema\/logo\/image\/\",\"url\":\"https:\/\/talkpal.ai\/wp-content\/uploads\/2024\/03\/Talkpal-Logo-Icon.png\",\"contentUrl\":\"https:\/\/talkpal.ai\/wp-content\/uploads\/2024\/03\/Talkpal-Logo-Icon.png\",\"width\":2880,\"height\":2880,\"caption\":\"Talkpal, Inc.\"},\"image\":{\"@id\":\"https:\/\/talkpal.ai\/az\/#\/schema\/logo\/image\/\"},\"sameAs\":[\"https:\/\/www.facebook.com\/profile.php?id=100090733639311\",\"https:\/\/x.com\/talkpalai\",\"https:\/\/www.linkedin.com\/company\/talkpal\/\",\"https:\/\/www.youtube.com\/@TalkPal\/\",\"https:\/\/www.tiktok.com\/@talkpal\",\"https:\/\/www.instagram.com\/talkpal_ai\/\",\"https:\/\/www.crunchbase.com\/organization\/talkpal-9cde\",\"https:\/\/www.g2.com\/products\/talkpal-for-business\/\",\"https:\/\/www.trustpilot.com\/review\/talkpal.ai\",\"https:\/\/www.capterra.com\/p\/10006800\/TalkPal\/\"],\"description\":\"Talkpal is a language learning web and mobile education app, powered by the latest AI technologies, that provides engaging experiences to its customers in many different languages to help them improve their language skills. Users can chat about unlimited amount of topics with the app and use other modes to practice their language learning.\",\"email\":\"support@talkpal.ai\",\"legalName\":\"Talkpal, Inc.\",\"foundingDate\":\"2023-04-03\",\"duns\":\"118989042\",\"numberOfEmployees\":{\"@type\":\"QuantitativeValue\",\"minValue\":\"11\",\"maxValue\":\"50\"},\"publishingPrinciples\":\"https:\/\/talkpal.ai\/publishing-principles\/\",\"actionableFeedbackPolicy\":\"https:\/\/talkpal.ai\/actionable-feedback-policy\/\",\"correctionsPolicy\":\"https:\/\/talkpal.ai\/corrections-policy\/\",\"ethicsPolicy\":\"https:\/\/talkpal.ai\/ethics-policy\/\",\"diversityPolicy\":\"https:\/\/talkpal.ai\/diversity-policy\/\",\"diversityStaffingReport\":\"https:\/\/talkpal.ai\/diversity-policy\/\"}]}<\/script>\n<!-- \/ Yoast SEO Premium plugin. -->","yoast_head_json":{"title":"Odia Qrammatika Tap\u015f\u0131r\u0131qlar\u0131 - Talkpal","description":"Dil bacar\u0131qlar\u0131n\u0131z\u0131 v\u0259 s\u0259lis dan\u0131\u015f\u0131q qabiliyy\u0259tinizi effektiv \u015f\u0259kild\u0259 inki\u015faf etdirm\u0259y\u0259 k\u00f6m\u0259k etm\u0259k \u00fc\u00e7\u00fcn haz\u0131rlanm\u0131\u015f interaktiv m\u0259\u015fql\u0259rl\u0259 Odia qrammatikas\u0131n\u0131 m\u0259nims\u0259yin.","robots":{"index":"index","follow":"follow","max-snippet":"max-snippet:-1","max-image-preview":"max-image-preview:large","max-video-preview":"max-video-preview:-1"},"canonical":"https:\/\/talkpal.ai\/az\/oriya-qrammatika-m%c9%99sql%c9%99ri\/","og_locale":"az_AZ","og_type":"article","og_title":"Odia Qrammatika Tap\u015f\u0131r\u0131qlar\u0131","og_description":"Odia Qrammatika M\u00f6vzular\u0131 Yeni bir dil \u00f6yr\u0259nm\u0259k \u00e7\u0259tin, lakin m\u00fckafatland\u0131r\u0131c\u0131 bir i\u015f ola bil\u0259r. \u018fsas\u0259n Hindistan\u0131n Odisha \u015ftat\u0131nda dan\u0131\u015f\u0131lan Hind-Aryan","og_url":"https:\/\/talkpal.ai\/az\/oriya-qrammatika-m%c9%99sql%c9%99ri\/","og_site_name":"Talkpal","article_publisher":"https:\/\/www.facebook.com\/profile.php?id=100090733639311","article_modified_time":"2025-12-30T11:53:19+00:00","og_image":[{"width":2880,"height":1620,"url":"https:\/\/talkpal.ai\/wp-content\/uploads\/2025\/02\/Progress-tab-16_9.png","type":"image\/png"}],"twitter_card":"summary_large_image","twitter_site":"@talkpalai","twitter_misc":{"Est. reading time":"5 minutes"},"schema":{"@context":"https:\/\/schema.org","@graph":[{"@type":"WebPage","@id":"https:\/\/talkpal.ai\/az\/oriya-qrammatika-m%c9%99sql%c9%99ri\/","url":"https:\/\/talkpal.ai\/az\/oriya-qrammatika-m%c9%99sql%c9%99ri\/","name":"Odia Qrammatika Tap\u015f\u0131r\u0131qlar\u0131 - Talkpal","isPartOf":{"@id":"https:\/\/talkpal.ai\/az\/#website"},"datePublished":"2025-11-12T16:09:11+00:00","dateModified":"2025-12-30T11:53:19+00:00","description":"Dil bacar\u0131qlar\u0131n\u0131z\u0131 v\u0259 s\u0259lis dan\u0131\u015f\u0131q qabiliyy\u0259tinizi effektiv \u015f\u0259kild\u0259 inki\u015faf etdirm\u0259y\u0259 k\u00f6m\u0259k etm\u0259k \u00fc\u00e7\u00fcn haz\u0131rlanm\u0131\u015f interaktiv m\u0259\u015fql\u0259rl\u0259 Odia qrammatikas\u0131n\u0131 m\u0259nims\u0259yin.","breadcrumb":{"@id":"https:\/\/talkpal.ai\/az\/oriya-qrammatika-m%c9%99sql%c9%99ri\/#breadcrumb"},"inLanguage":"az","potentialAction":[{"@type":"ReadAction","target":["https:\/\/talkpal.ai\/az\/oriya-qrammatika-m%c9%99sql%c9%99ri\/"]}]},{"@type":"BreadcrumbList","@id":"https:\/\/talkpal.ai\/az\/oriya-qrammatika-m%c9%99sql%c9%99ri\/#breadcrumb","itemListElement":[{"@type":"ListItem","position":1,"name":"Homepage","item":"https:\/\/talkpal.ai\/az\/"},{"@type":"ListItem","position":2,"name":"Odia Qrammatika Tap\u015f\u0131r\u0131qlar\u0131"}]},{"@type":"WebSite","@id":"https:\/\/talkpal.ai\/az\/#website","url":"https:\/\/talkpal.ai\/az\/","name":"Talkpal","description":"AI Language Learning","publisher":{"@id":"https:\/\/talkpal.ai\/az\/#organization"},"alternateName":"Talkpal AI","potentialAction":[{"@type":"SearchAction","target":{"@type":"EntryPoint","urlTemplate":"https:\/\/talkpal.ai\/az\/?s={search_term_string}"},"query-input":{"@type":"PropertyValueSpecification","valueRequired":true,"valueName":"search_term_string"}}],"inLanguage":"az"},{"@type":"Organization","@id":"https:\/\/talkpal.ai\/az\/#organization","name":"Talkpal, Inc.","alternateName":"Talkpal AI","url":"https:\/\/talkpal.ai\/az\/","logo":{"@type":"ImageObject","inLanguage":"az","@id":"https:\/\/talkpal.ai\/az\/#\/schema\/logo\/image\/","url":"https:\/\/talkpal.ai\/wp-content\/uploads\/2024\/03\/Talkpal-Logo-Icon.png","contentUrl":"https:\/\/talkpal.ai\/wp-content\/uploads\/2024\/03\/Talkpal-Logo-Icon.png","width":2880,"height":2880,"caption":"Talkpal, Inc."},"image":{"@id":"https:\/\/talkpal.ai\/az\/#\/schema\/logo\/image\/"},"sameAs":["https:\/\/www.facebook.com\/profile.php?id=100090733639311","https:\/\/x.com\/talkpalai","https:\/\/www.linkedin.com\/company\/talkpal\/","https:\/\/www.youtube.com\/@TalkPal\/","https:\/\/www.tiktok.com\/@talkpal","https:\/\/www.instagram.com\/talkpal_ai\/","https:\/\/www.crunchbase.com\/organization\/talkpal-9cde","https:\/\/www.g2.com\/products\/talkpal-for-business\/","https:\/\/www.trustpilot.com\/review\/talkpal.ai","https:\/\/www.capterra.com\/p\/10006800\/TalkPal\/"],"description":"Talkpal is a language learning web and mobile education app, powered by the latest AI technologies, that provides engaging experiences to its customers in many different languages to help them improve their language skills. Users can chat about unlimited amount of topics with the app and use other modes to practice their language learning.","email":"support@talkpal.ai","legalName":"Talkpal, Inc.","foundingDate":"2023-04-03","duns":"118989042","numberOfEmployees":{"@type":"QuantitativeValue","minValue":"11","maxValue":"50"},"publishingPrinciples":"https:\/\/talkpal.ai\/publishing-principles\/","actionableFeedbackPolicy":"https:\/\/talkpal.ai\/actionable-feedback-policy\/","correctionsPolicy":"https:\/\/talkpal.ai\/corrections-policy\/","ethicsPolicy":"https:\/\/talkpal.ai\/ethics-policy\/","diversityPolicy":"https:\/\/talkpal.ai\/diversity-policy\/","diversityStaffingReport":"https:\/\/talkpal.ai\/diversity-policy\/"}]}},"_links":{"self":[{"href":"https:\/\/talkpal.ai\/az\/wp-json\/wp\/v2\/pages\/1474040","targetHints":{"allow":["GET"]}}],"collection":[{"href":"https:\/\/talkpal.ai\/az\/wp-json\/wp\/v2\/pages"}],"about":[{"href":"https:\/\/talkpal.ai\/az\/wp-json\/wp\/v2\/types\/page"}],"author":[{"embeddable":true,"href":"https:\/\/talkpal.ai\/az\/wp-json\/wp\/v2\/users\/20"}],"replies":[{"embeddable":true,"href":"https:\/\/talkpal.ai\/az\/wp-json\/wp\/v2\/comments?post=1474040"}],"version-history":[{"count":0,"href":"https:\/\/talkpal.ai\/az\/wp-json\/wp\/v2\/pages\/1474040\/revisions"}],"wp:attachment":[{"href":"https:\/\/talkpal.ai\/az\/wp-json\/wp\/v2\/media?parent=1474040"}],"curies":[{"name":"wp","href":"https:\/\/api.w.org\/{rel}","templated":true}]}}