{"id":1474013,"date":"2025-11-12T16:07:26","date_gmt":"2025-11-12T16:07:26","guid":{"rendered":"https:\/\/talkpal.ai\/oriya-qrammatikasi\/"},"modified":"2025-12-30T12:46:03","modified_gmt":"2025-12-30T12:46:03","slug":"oriya-qrammatikasi","status":"publish","type":"page","link":"https:\/\/talkpal.ai\/az\/oriya-qrammatikasi\/","title":{"rendered":"Odia Qrammatikas\u0131"},"content":{"rendered":"\r\n\r\n\r\n<section class=\"languageChallengeSection\">\r\n    <div class=\"languageInfoWrapper\">\r\n        \r\n        <h1>Odia Qrammatikas\u0131<\/h1>\r\n        <p><a href=\"https:\/\/talkpal.ai\/learn-odia\/\">Odia<\/a> qrammatikas\u0131 ilk bax\u0131\u015fda \u00e7\u0259tin g\u00f6r\u00fcn\u0259 bil\u0259r, amma onun unikal x\u00fcsusiyy\u0259tl\u0259ri dili \u00f6yr\u0259nm\u0259yi m\u00fckafatland\u0131r\u0131c\u0131 edir. Onun \u0259lifbas\u0131n\u0131, mutasiyalar\u0131n\u0131 v\u0259 qrammatik qaydalar\u0131n\u0131 t\u0259dqiq etm\u0259kl\u0259 siz z\u0259ngin dil \u0259n\u0259n\u0259si haqq\u0131nda fikir \u0259ld\u0259 ed\u0259c\u0259ksiniz. S\u0259yah\u0259tiniz\u0259 ba\u015flay\u0131n v\u0259 Odia-n\u0131n g\u00f6z\u0259lliyini k\u0259\u015ff edin!<\/p>\r\n\r\n                            <a class=\"getStartedHidden\" href=\"https:\/\/app.talkpal.ai\/signup?lng=\">Ba\u015fla<\/a>\r\n        \r\n    <\/div>\r\n\r\n    <figure>\r\n    <img decoding=\"async\" width=\"768\" height=\"768\" src=\"https:\/\/talkpal.ai\/wp-content\/uploads\/2023\/06\/welsh-768x768.png\" class=\"languageImage no-lazy\" alt=\"Language learning for better cognitive abilities\" fetchpriority=\"high\" sizes=\"(max-width: 768px) 150px, 768px\" srcset=\"https:\/\/talkpal.ai\/wp-content\/uploads\/2023\/06\/welsh-768x768.png 768w, https:\/\/talkpal.ai\/wp-content\/uploads\/2023\/06\/welsh-300x300.png 300w\" \/>\r\n    \r\n\r\n    <\/figure>\r\n\r\n            <a class=\"getStartedVisible\" href=\"https:\/\/app.talkpal.ai\/signup?lng=\">Ba\u015fla<\/a>\r\n    \r\n<\/section><section class=\"promotionalBanner\">\r\n    <p class=\"promotionalText\">Dil \u00f6yr\u0259nm\u0259yin \u0259n t\u0259sirli yolu<\/p>\r\n    <a class=\"promotionalLink\" href=\"https:\/\/app.talkpal.ai\/signup?lng=\">Talkpal pulsuz s\u0131nay\u0131n<\/a>\r\n<\/section>\n<div class=\"wp-block-group pageContainerStyle\"><div class=\"wp-block-group__inner-container is-layout-constrained wp-block-group-is-layout-constrained\">\n<h2 class=\"wp-block-heading\" id=\"h-navigating-the-intricacies-of-odia-grammar\">Odia Qrammatikas\u0131n\u0131n inc\u0259likl\u0259rini ara\u015fd\u0131rmaq<\/h2>\n\n\n\n<p><a href=\"https:\/\/talkpal.ai\/learn-oriya\/\">Odia<\/a>, h\u0259m\u00e7inin Odia kimi tan\u0131nan, \u015f\u0259rqi Hindistanda z\u0259ngin \u0259d\u0259bi \u0259n\u0259n\u0259y\u0259 v\u0259 d\u0259rin m\u0259d\u0259ni k\u00f6kl\u0259r\u0259 malik Hind-Aryan dilidir. F\u0259rqli <a href=\"https:\/\/talkpal.ai\/grammar\/\">qrammatika<\/a> sistemini ara\u015fd\u0131rmaq ist\u0259y\u0259n \u015fagirdl\u0259r \u00fc\u00e7\u00fcn h\u0259y\u0259can verici bir linqvistik t\u0259cr\u00fcb\u0259 t\u0259qdim edir. Odia al\u0259min\u0259 s\u0259yah\u0259t etdikc\u0259, yaln\u0131z dil repertuar\u0131n\u0131z\u0131 z\u0259nginl\u0259\u015fdirm\u0259y\u0259c\u0259ksiniz, h\u0259m d\u0259 maraql\u0131 bir m\u0259d\u0259ni s\u0259yah\u0259t\u0259 qo\u015fulacaqs\u0131n\u0131z. Odia qrammatikas\u0131 ilk bax\u0131\u015fda m\u00fcr\u0259kk\u0259b g\u00f6r\u00fcn\u0259 bil\u0259r, amma onu \u0259sas komponentl\u0259r\u0259 b\u00f6lm\u0259k dili \u00f6yr\u0259nm\u0259yi daha \u0259l\u00e7atan edir. Bu m\u0259qal\u0259d\u0259 Odia qrammatikas\u0131n\u0131n c\u0259lbedici d\u00fcnyas\u0131n\u0131 ara\u015fd\u0131racaq v\u0259 onun m\u00fcr\u0259kk\u0259blikl\u0259rini nec\u0259 m\u0259nims\u0259m\u0259k bar\u0259d\u0259 m\u0259sl\u0259h\u0259tl\u0259r ver\u0259c\u0259yik.<\/p>\n\n\n\n<h3 class=\"wp-block-heading\" id=\"h-1-odia-alphabet-and-phonetics\">1. Odia \u0259lifbas\u0131 v\u0259 fonetika<\/h3>\n\n\n\n<p>Odia yaz\u0131s\u0131 11 sait v\u0259 t\u0259xmin\u0259n 35 samitd\u0259n ibar\u0259t abugidad\u0131r, h\u0259m\u00e7inin diakritik v\u0259 konjunkt samitl\u0259rl\u0259 birlikd\u0259. Bura Hind-Aryan dill\u0259rin\u0259 xas olan retrofleks v\u0259 aspirasiya s\u0259sl\u0259ri ehtiva edir. Yaz\u0131, sait i\u015far\u0259l\u0259ri v\u0259 birl\u0259\u015fmi\u015f qruplarla tan\u0131\u015fl\u0131q, t\u0259l\u0259ff\u00fcz v\u0259 oxuma\u011f\u0131 m\u0259nims\u0259m\u0259k \u00fc\u00e7\u00fcn \u00e7ox vacibdir. Odia dilind\u0259 oxuyub yazmaqla s\u0259s-simvol uy\u011funlu\u011funu daxiliz\u0259 q\u0259bul etm\u0259yi m\u0259\u015fq edin.<\/p>\n\n\n\n<h3 class=\"wp-block-heading\" id=\"h-2-case-markers-and-postpositions-a-distinctive-odia-feature\">2. Korpus i\u015far\u0259l\u0259ri v\u0259 postpozisiyalar: F\u0259rqli Odia x\u00fcsusiyy\u0259ti<\/h3>\n\n\n\n<p>Odia qrammatikas\u0131n\u0131n diqq\u0259t \u00e7\u0259k\u0259n c\u0259h\u0259ti predloqlar \u0259v\u0259zin\u0259 hal markerl\u0259ri v\u0259 postpozisiyalardan istifad\u0259 etm\u0259sidir. \u00dcmumi markerl\u0259r\u0259 ittiham v\u0259 dativ rollar \u00fc\u00e7\u00fcn ku, cinsiyy\u0259t \u00fc\u00e7\u00fcn ra, lokativ \u00fc\u00e7\u00fcn re, ablativ \u00fc\u00e7\u00fcn ru, komitativ \u00fc\u00e7\u00fcn saha, instrumental v\u0259 ya agent \u00fc\u00e7\u00fcn dwara v\u0259 m\u0259qs\u0259d \u00fc\u00e7\u00fcn <a href=\"https:\/\/talkpal.ai\/locations\/learn-english-in-agri\/\">a\u011fr\u0131<\/a> daxildir. Bu markerl\u0259rin isim v\u0259 \u0259v\u0259zlikl\u0259r\u0259 nec\u0259 ba\u011fland\u0131\u011f\u0131n\u0131 anlamaq Odia dilind\u0259 d\u00fczg\u00fcn \u00fcnsiyy\u0259t \u00fc\u00e7\u00fcn h\u0259yati \u0259h\u0259miyy\u0259t da\u015f\u0131y\u0131r.<\/p>\n\n\n\n<h3 class=\"wp-block-heading\" id=\"h-3-nouns-and-pronouns-gender-and-cases\">3. Nouns v\u0259 Pronouns: Cins v\u0259 Hallar<\/h3>\n\n\n\n<p>Odia isiml\u0259rinin qrammatik cinsi yoxdur v\u0259 c\u0259m isim n\u00f6v\u00fc v\u0259 kontekst\u0259 g\u00f6r\u0259 d\u0259yi\u015fir. \u0130nsan v\u0259 canl\u0131 isiml\u0259r tez-tez c\u0259m -mane sonfiksini g\u00f6t\u00fcr\u00fcr, cans\u0131z isiml\u0259r is\u0259 -gudika istifad\u0259 ed\u0259 bil\u0259r v\u0259 ya \u00e7oxluq kontekstd\u0259n ayd\u0131n olduqda i\u015far\u0259l\u0259nm\u0259mi\u015f qala bil\u0259r. \u018fv\u0259zlikl\u0259r\u0259 \u015f\u0259xsi, m\u00fclkiyy\u0259t\u00e7i, refleksiv, n\u00fcmayi\u015f etdirici v\u0259 sor\u011fu d\u0259stl\u0259ri daxildir, \u015f\u0259r\u0259fli f\u0259rql\u0259rl\u0259: mu I, tume you informal, apana siz n\u0259zak\u0259tli, se o v\u0259 ya o, semane onlar. Sahiblikl\u0259r\u0259 mora my, tora ur, apanangkara n\u0259zak\u0259tli, tara onun daxildir. Bu formalar v\u0259 onlar\u0131n h\u0259rf i\u015far\u0259li variantlar\u0131 il\u0259 tan\u0131\u015f olmaq Odia qrammatikas\u0131n\u0131 xeyli yax\u015f\u0131la\u015fd\u0131racaq.<\/p>\n\n\n\n<h3 class=\"wp-block-heading\" id=\"h-4-verbs-structure-and-conjugation\">4. Feill\u0259r: Struktur v\u0259 konyunktura<\/h3>\n\n\n\n<p>Odia fell\u0259ri zaman, aspekt, \u0259hval v\u0259 raz\u0131l\u0131q \u00fc\u00e7\u00fcn d\u0259yi\u015fir, h\u00f6rm\u0259t s\u0259viyy\u0259l\u0259ri fel formalar\u0131na t\u0259sir edir. \u018fsas zaman aspektli formasiyalara -uchi-d\u0259 haz\u0131rk\u0131 m\u00fct\u0259r\u0259qqi, -ila-da sad\u0259 ke\u00e7mi\u015f v\u0259 -iba-da g\u0259l\u0259c\u0259k, m\u00fcr\u0259kk\u0259b konstruksiyalar v\u0259 k\u00f6m\u0259k\u00e7il\u0259r daxildir. \u015e\u0259rti v\u0259 \u015f\u0259rtli \u0259hval-ruhiyy\u0259 aktiv \u015f\u0259kild\u0259 istifad\u0259 olunur. Konjugasiya n\u00fcmun\u0259l\u0259rini v\u0259 onlar\u0131n insan v\u0259 n\u0259zak\u0259tl\u0259 nec\u0259 qar\u015f\u0131l\u0131ql\u0131 \u0259laq\u0259d\u0259 oldu\u011funu \u00f6yr\u0259nm\u0259k Odia-da effektiv \u00fcnsiyy\u0259t qabiliyy\u0259tinizi art\u0131racaq.<\/p>\n\n\n\n<h3 class=\"wp-block-heading\" id=\"h-5-adjectives-agreement-and-placement\">5. Adjectives: Raz\u0131la\u015fma v\u0259 yerl\u0259\u015fdirm\u0259<\/h3>\n\n\n\n<p>Odia qrammatikas\u0131nda sif\u0259tl\u0259r ad\u0259t\u0259n d\u0259yi\u015fdirdikl\u0259ri isimd\u0259n \u0259vv\u0259l g\u0259lir v\u0259 ad\u0259t\u0259n r\u0259q\u0259m v\u0259 ya cinsiyy\u0259t\u0259 g\u00f6r\u0259 d\u0259yi\u015fmir. M\u00fcqayis\u0259l\u0259r v\u0259 \u00fcst\u00fcnl\u00fckl\u0259r \u00fcmumiyy\u0259tl\u0259 adhika more v\u0259 sabutharu kimi z\u0259rfl\u0259rl\u0259 \u0259m\u0259l\u0259 g\u0259lir, baxmayaraq ki, tatsama formalar\u0131 r\u0259smi qeydl\u0259rd\u0259 d\u0259 sonfiksl\u0259rd\u0259n istifad\u0259 ed\u0259 bil\u0259r. Bu n\u00fcmun\u0259l\u0259ri m\u0259nims\u0259m\u0259k, nitqin t\u0259bii v\u0259 idiomatik s\u0259sl\u0259nm\u0259sin\u0259 k\u00f6m\u0259k edir.<\/p>\n\n\n\n<p><strong>N\u00fcmun\u0259l\u0259r:<\/strong><\/p>\n\n\n\n<p><strong>&#8211; Bada Prema (B\u00f6y\u00fck Sevgi)  <\/strong><\/p>\n\n\n\n<p><strong>&#8211; Chhota Pilamane (Ki\u00e7ik U\u015faqlar)<\/strong><\/p>\n\n\n\n<h3 class=\"wp-block-heading\" id=\"h-6-engaging-with-the-language\">6. Dil il\u0259 m\u0259\u015f\u011ful olmaq<\/h3>\n\n\n\n<p>Odia dilinin qrammatikas\u0131n\u0131 tam ba\u015fa d\u00fc\u015fm\u0259k v\u0259 m\u0259nims\u0259m\u0259k \u00fc\u00e7\u00fcn \u0259n effektiv yol dil il\u0259 davaml\u0131 m\u0259\u015f\u011ful olmaqd\u0131r. Odia \u0259d\u0259biyyat\u0131n\u0131 oxuyaraq, Odia filml\u0259rini v\u0259 ya televiziya seriallar\u0131n\u0131 izl\u0259m\u0259kl\u0259, Odia x\u0259b\u0259rl\u0259rini izl\u0259m\u0259kl\u0259 v\u0259 ana dili dan\u0131\u015fanlarla aktiv \u00fcnsiyy\u0259t qurmaqla, qrammatika anlay\u0131\u015f\u0131n\u0131z\u0131 g\u00fccl\u0259ndir\u0259c\u0259k v\u0259 l\u00fc\u011f\u0259tinizi geni\u015fl\u0259ndir\u0259c\u0259ksiniz.<\/p>\n\n\n\n<h3 class=\"wp-block-heading\" id=\"h-conclusion\">N\u0259tic\u0259<\/h3>\n\n\n\n<p>Odia qrammatikas\u0131 m\u00fcr\u0259kk\u0259b g\u00f6r\u00fcn\u0259 bil\u0259r, amma bu g\u00f6z\u0259l dild\u0259 f\u0259dakarl\u0131q, t\u0259cr\u00fcb\u0259 v\u0259 h\u0259v\u0259sl\u0259 bacar\u0131ql\u0131 ola bil\u0259rsiniz. \u018fsas qaydalara fokuslanaraq v\u0259 m\u00fcxt\u0259lif kontekstl\u0259rd\u0259 dil il\u0259 m\u0259\u015f\u011ful olmaqla, Odia <a href=\"https:\/\/talkpal.ai\/az\/qrammatika\/\">qrammatika bacar\u0131qlar\u0131n\u0131z\u0131<\/a> s\u00fcr\u0259tl\u0259 inki\u015faf etdir\u0259c\u0259ksiniz. Odia dil s\u0259yah\u0259tinizd\u0259 u\u011furlar arzulay\u0131n v\u0259 Odia qrammatikas\u0131n\u0131n z\u0259rif, lakin c\u0259lbedici d\u00fcnyas\u0131n\u0131 a\u00e7maqdan z\u00f6vq al\u0131n!<\/p>\n<\/div><\/div>\n\r\n<section class=\"learnNavigationSection\">\r\n            \r\n        <a href=\"https:\/\/talkpal.ai\/az\/oriyani-oyr%c9%99nin\/\">\r\n            <div class=\"learnNavigationWrapper\">\r\n                <div class=\"learnNavigationContent\">\r\n                    <img decoding=\"async\" src=\"https:\/\/talkpal.ai\/wp-content\/uploads\/2025\/11\/Oriya.png\" alt=\"Indian Simplified Flag\">\r\n                    <div>\r\n                        <h4>Odia Learning haqq\u0131nda<\/h4>\r\n                        <p>Odia Qrammatikas\u0131 haqq\u0131nda h\u0259r \u015feyi \u00f6yr\u0259nin.<\/p>\r\n                    <\/div>\r\n                <\/div>\r\n            <\/div>\r\n        <\/a>\r\n\r\n        \r\n        <a href=\"https:\/\/talkpal.ai\/az\/oriya-qrammatika-m%c9%99sql%c9%99ri\/\">\r\n            <div class=\"learnNavigationWrapper\">\r\n                <div class=\"learnNavigationContent\">\r\n                    <img decoding=\"async\" src=\"https:\/\/talkpal.ai\/wp-content\/uploads\/2025\/11\/Oriya.png\" alt=\"Indian Simplified Flag\">\r\n                    <div>\r\n                        <h4>Odia Qrammatika Tap\u015f\u0131r\u0131\u011f\u0131<\/h4>\r\n                        <p>Odia qrammatikas\u0131n\u0131 m\u0259\u015fq edin.<\/p>\r\n                    <\/div>\r\n                <\/div>\r\n            <\/div>\r\n        <\/a>\r\n\r\n            <\/section>","protected":false},"excerpt":{"rendered":"<p>Odia Qrammatikas\u0131n\u0131n inc\u0259likl\u0259rini ara\u015fd\u0131rmaq Odia, h\u0259m\u00e7inin Odia kimi tan\u0131nan, \u015f\u0259rqi Hindistanda z\u0259ngin \u0259d\u0259bi \u0259n\u0259n\u0259y\u0259 v\u0259 d\u0259rin m\u0259d\u0259ni k\u00f6kl\u0259r\u0259 malik Hind-Aryan dilidir. F\u0259rqli qrammatika sistemini ara\u015fd\u0131rmaq ist\u0259y\u0259n \u015fagirdl\u0259r \u00fc\u00e7\u00fcn h\u0259y\u0259can verici bir linqvistik t\u0259cr\u00fcb\u0259 t\u0259qdim edir. Odia al\u0259min\u0259 s\u0259yah\u0259t etdikc\u0259, yaln\u0131z dil repertuar\u0131n\u0131z\u0131 z\u0259nginl\u0259\u015fdirm\u0259y\u0259c\u0259ksiniz, h\u0259m d\u0259 maraql\u0131 bir m\u0259d\u0259ni s\u0259yah\u0259t\u0259 qo\u015fulacaqs\u0131n\u0131z. Odia qrammatikas\u0131 ilk bax\u0131\u015fda m\u00fcr\u0259kk\u0259b [&hellip;]<\/p>\n","protected":false},"author":20,"featured_media":0,"parent":0,"menu_order":0,"comment_status":"closed","ping_status":"closed","template":"LearningContentPage.php","meta":{"_acf_changed":false,"footnotes":""},"class_list":["post-1474013","page","type-page","status-publish","hentry"],"acf":[],"yoast_head":"<!-- This site is optimized with the Yoast SEO Premium plugin v27.2 (Yoast SEO v27.2) - https:\/\/yoast.com\/product\/yoast-seo-premium-wordpress\/ -->\n<title>Odia Qrammatikas\u0131 - Talkpal<\/title>\n<meta name=\"description\" content=\"H\u0259rt\u0259r\u0259fli dil \u00f6yr\u0259nm\u0259 t\u0259limat\u0131m\u0131zla \u0259lifba, h\u0259rf i\u015far\u0259l\u0259ri v\u0259 fell\u0259r daxil olmaqla Odia qrammatikas\u0131n\u0131n \u0259saslar\u0131n\u0131 m\u0259nims\u0259yin.\" \/>\n<meta name=\"robots\" content=\"index, follow, max-snippet:-1, max-image-preview:large, max-video-preview:-1\" \/>\n<link rel=\"canonical\" href=\"https:\/\/talkpal.ai\/az\/oriya-qrammatikasi\/\" \/>\n<meta property=\"og:locale\" content=\"az_AZ\" \/>\n<meta property=\"og:type\" content=\"article\" \/>\n<meta property=\"og:title\" content=\"Odia Qrammatikas\u0131\" \/>\n<meta property=\"og:description\" content=\"Odia Qrammatikas\u0131n\u0131n inc\u0259likl\u0259rini ara\u015fd\u0131rmaq Odia, h\u0259m\u00e7inin Odia kimi tan\u0131nan, \u015f\u0259rqi Hindistanda z\u0259ngin \u0259d\u0259bi \u0259n\u0259n\u0259y\u0259 v\u0259 d\u0259rin m\u0259d\u0259ni k\u00f6kl\u0259r\u0259 malik\" \/>\n<meta property=\"og:url\" content=\"https:\/\/talkpal.ai\/az\/oriya-qrammatikasi\/\" \/>\n<meta property=\"og:site_name\" content=\"Talkpal\" \/>\n<meta property=\"article:publisher\" content=\"https:\/\/www.facebook.com\/profile.php?id=100090733639311\" \/>\n<meta property=\"article:modified_time\" content=\"2025-12-30T12:46:03+00:00\" \/>\n<meta property=\"og:image\" content=\"https:\/\/talkpal.ai\/wp-content\/uploads\/2025\/02\/Progress-tab-16_9.png\" \/>\n\t<meta property=\"og:image:width\" content=\"2880\" \/>\n\t<meta property=\"og:image:height\" content=\"1620\" \/>\n\t<meta property=\"og:image:type\" content=\"image\/png\" \/>\n<meta name=\"twitter:card\" content=\"summary_large_image\" \/>\n<meta name=\"twitter:site\" content=\"@talkpalai\" \/>\n<meta name=\"twitter:label1\" content=\"Est. reading time\" \/>\n\t<meta name=\"twitter:data1\" content=\"4 minutes\" \/>\n<script type=\"application\/ld+json\" class=\"yoast-schema-graph\">{\"@context\":\"https:\/\/schema.org\",\"@graph\":[{\"@type\":\"WebPage\",\"@id\":\"https:\/\/talkpal.ai\/az\/oriya-qrammatikasi\/\",\"url\":\"https:\/\/talkpal.ai\/az\/oriya-qrammatikasi\/\",\"name\":\"Odia Qrammatikas\u0131 - Talkpal\",\"isPartOf\":{\"@id\":\"https:\/\/talkpal.ai\/az\/#website\"},\"datePublished\":\"2025-11-12T16:07:26+00:00\",\"dateModified\":\"2025-12-30T12:46:03+00:00\",\"description\":\"H\u0259rt\u0259r\u0259fli dil \u00f6yr\u0259nm\u0259 t\u0259limat\u0131m\u0131zla \u0259lifba, h\u0259rf i\u015far\u0259l\u0259ri v\u0259 fell\u0259r daxil olmaqla Odia qrammatikas\u0131n\u0131n \u0259saslar\u0131n\u0131 m\u0259nims\u0259yin.\",\"breadcrumb\":{\"@id\":\"https:\/\/talkpal.ai\/az\/oriya-qrammatikasi\/#breadcrumb\"},\"inLanguage\":\"az\",\"potentialAction\":[{\"@type\":\"ReadAction\",\"target\":[\"https:\/\/talkpal.ai\/az\/oriya-qrammatikasi\/\"]}]},{\"@type\":\"BreadcrumbList\",\"@id\":\"https:\/\/talkpal.ai\/az\/oriya-qrammatikasi\/#breadcrumb\",\"itemListElement\":[{\"@type\":\"ListItem\",\"position\":1,\"name\":\"Homepage\",\"item\":\"https:\/\/talkpal.ai\/az\/\"},{\"@type\":\"ListItem\",\"position\":2,\"name\":\"Odia Qrammatikas\u0131\"}]},{\"@type\":\"WebSite\",\"@id\":\"https:\/\/talkpal.ai\/az\/#website\",\"url\":\"https:\/\/talkpal.ai\/az\/\",\"name\":\"Talkpal\",\"description\":\"AI Language Learning\",\"publisher\":{\"@id\":\"https:\/\/talkpal.ai\/az\/#organization\"},\"alternateName\":\"Talkpal AI\",\"potentialAction\":[{\"@type\":\"SearchAction\",\"target\":{\"@type\":\"EntryPoint\",\"urlTemplate\":\"https:\/\/talkpal.ai\/az\/?s={search_term_string}\"},\"query-input\":{\"@type\":\"PropertyValueSpecification\",\"valueRequired\":true,\"valueName\":\"search_term_string\"}}],\"inLanguage\":\"az\"},{\"@type\":\"Organization\",\"@id\":\"https:\/\/talkpal.ai\/az\/#organization\",\"name\":\"Talkpal, Inc.\",\"alternateName\":\"Talkpal AI\",\"url\":\"https:\/\/talkpal.ai\/az\/\",\"logo\":{\"@type\":\"ImageObject\",\"inLanguage\":\"az\",\"@id\":\"https:\/\/talkpal.ai\/az\/#\/schema\/logo\/image\/\",\"url\":\"https:\/\/talkpal.ai\/wp-content\/uploads\/2024\/03\/Talkpal-Logo-Icon.png\",\"contentUrl\":\"https:\/\/talkpal.ai\/wp-content\/uploads\/2024\/03\/Talkpal-Logo-Icon.png\",\"width\":2880,\"height\":2880,\"caption\":\"Talkpal, Inc.\"},\"image\":{\"@id\":\"https:\/\/talkpal.ai\/az\/#\/schema\/logo\/image\/\"},\"sameAs\":[\"https:\/\/www.facebook.com\/profile.php?id=100090733639311\",\"https:\/\/x.com\/talkpalai\",\"https:\/\/www.linkedin.com\/company\/talkpal\/\",\"https:\/\/www.youtube.com\/@TalkPal\/\",\"https:\/\/www.tiktok.com\/@talkpal\",\"https:\/\/www.instagram.com\/talkpal_ai\/\",\"https:\/\/www.crunchbase.com\/organization\/talkpal-9cde\",\"https:\/\/www.g2.com\/products\/talkpal-for-business\/\",\"https:\/\/www.trustpilot.com\/review\/talkpal.ai\",\"https:\/\/www.capterra.com\/p\/10006800\/TalkPal\/\"],\"description\":\"Talkpal is a language learning web and mobile education app, powered by the latest AI technologies, that provides engaging experiences to its customers in many different languages to help them improve their language skills. Users can chat about unlimited amount of topics with the app and use other modes to practice their language learning.\",\"email\":\"support@talkpal.ai\",\"legalName\":\"Talkpal, Inc.\",\"foundingDate\":\"2023-04-03\",\"duns\":\"118989042\",\"numberOfEmployees\":{\"@type\":\"QuantitativeValue\",\"minValue\":\"11\",\"maxValue\":\"50\"},\"publishingPrinciples\":\"https:\/\/talkpal.ai\/publishing-principles\/\",\"actionableFeedbackPolicy\":\"https:\/\/talkpal.ai\/actionable-feedback-policy\/\",\"correctionsPolicy\":\"https:\/\/talkpal.ai\/corrections-policy\/\",\"ethicsPolicy\":\"https:\/\/talkpal.ai\/ethics-policy\/\",\"diversityPolicy\":\"https:\/\/talkpal.ai\/diversity-policy\/\",\"diversityStaffingReport\":\"https:\/\/talkpal.ai\/diversity-policy\/\"}]}<\/script>\n<!-- \/ Yoast SEO Premium plugin. -->","yoast_head_json":{"title":"Odia Qrammatikas\u0131 - Talkpal","description":"H\u0259rt\u0259r\u0259fli dil \u00f6yr\u0259nm\u0259 t\u0259limat\u0131m\u0131zla \u0259lifba, h\u0259rf i\u015far\u0259l\u0259ri v\u0259 fell\u0259r daxil olmaqla Odia qrammatikas\u0131n\u0131n \u0259saslar\u0131n\u0131 m\u0259nims\u0259yin.","robots":{"index":"index","follow":"follow","max-snippet":"max-snippet:-1","max-image-preview":"max-image-preview:large","max-video-preview":"max-video-preview:-1"},"canonical":"https:\/\/talkpal.ai\/az\/oriya-qrammatikasi\/","og_locale":"az_AZ","og_type":"article","og_title":"Odia Qrammatikas\u0131","og_description":"Odia Qrammatikas\u0131n\u0131n inc\u0259likl\u0259rini ara\u015fd\u0131rmaq Odia, h\u0259m\u00e7inin Odia kimi tan\u0131nan, \u015f\u0259rqi Hindistanda z\u0259ngin \u0259d\u0259bi \u0259n\u0259n\u0259y\u0259 v\u0259 d\u0259rin m\u0259d\u0259ni k\u00f6kl\u0259r\u0259 malik","og_url":"https:\/\/talkpal.ai\/az\/oriya-qrammatikasi\/","og_site_name":"Talkpal","article_publisher":"https:\/\/www.facebook.com\/profile.php?id=100090733639311","article_modified_time":"2025-12-30T12:46:03+00:00","og_image":[{"width":2880,"height":1620,"url":"https:\/\/talkpal.ai\/wp-content\/uploads\/2025\/02\/Progress-tab-16_9.png","type":"image\/png"}],"twitter_card":"summary_large_image","twitter_site":"@talkpalai","twitter_misc":{"Est. reading time":"4 minutes"},"schema":{"@context":"https:\/\/schema.org","@graph":[{"@type":"WebPage","@id":"https:\/\/talkpal.ai\/az\/oriya-qrammatikasi\/","url":"https:\/\/talkpal.ai\/az\/oriya-qrammatikasi\/","name":"Odia Qrammatikas\u0131 - Talkpal","isPartOf":{"@id":"https:\/\/talkpal.ai\/az\/#website"},"datePublished":"2025-11-12T16:07:26+00:00","dateModified":"2025-12-30T12:46:03+00:00","description":"H\u0259rt\u0259r\u0259fli dil \u00f6yr\u0259nm\u0259 t\u0259limat\u0131m\u0131zla \u0259lifba, h\u0259rf i\u015far\u0259l\u0259ri v\u0259 fell\u0259r daxil olmaqla Odia qrammatikas\u0131n\u0131n \u0259saslar\u0131n\u0131 m\u0259nims\u0259yin.","breadcrumb":{"@id":"https:\/\/talkpal.ai\/az\/oriya-qrammatikasi\/#breadcrumb"},"inLanguage":"az","potentialAction":[{"@type":"ReadAction","target":["https:\/\/talkpal.ai\/az\/oriya-qrammatikasi\/"]}]},{"@type":"BreadcrumbList","@id":"https:\/\/talkpal.ai\/az\/oriya-qrammatikasi\/#breadcrumb","itemListElement":[{"@type":"ListItem","position":1,"name":"Homepage","item":"https:\/\/talkpal.ai\/az\/"},{"@type":"ListItem","position":2,"name":"Odia Qrammatikas\u0131"}]},{"@type":"WebSite","@id":"https:\/\/talkpal.ai\/az\/#website","url":"https:\/\/talkpal.ai\/az\/","name":"Talkpal","description":"AI Language Learning","publisher":{"@id":"https:\/\/talkpal.ai\/az\/#organization"},"alternateName":"Talkpal AI","potentialAction":[{"@type":"SearchAction","target":{"@type":"EntryPoint","urlTemplate":"https:\/\/talkpal.ai\/az\/?s={search_term_string}"},"query-input":{"@type":"PropertyValueSpecification","valueRequired":true,"valueName":"search_term_string"}}],"inLanguage":"az"},{"@type":"Organization","@id":"https:\/\/talkpal.ai\/az\/#organization","name":"Talkpal, Inc.","alternateName":"Talkpal AI","url":"https:\/\/talkpal.ai\/az\/","logo":{"@type":"ImageObject","inLanguage":"az","@id":"https:\/\/talkpal.ai\/az\/#\/schema\/logo\/image\/","url":"https:\/\/talkpal.ai\/wp-content\/uploads\/2024\/03\/Talkpal-Logo-Icon.png","contentUrl":"https:\/\/talkpal.ai\/wp-content\/uploads\/2024\/03\/Talkpal-Logo-Icon.png","width":2880,"height":2880,"caption":"Talkpal, Inc."},"image":{"@id":"https:\/\/talkpal.ai\/az\/#\/schema\/logo\/image\/"},"sameAs":["https:\/\/www.facebook.com\/profile.php?id=100090733639311","https:\/\/x.com\/talkpalai","https:\/\/www.linkedin.com\/company\/talkpal\/","https:\/\/www.youtube.com\/@TalkPal\/","https:\/\/www.tiktok.com\/@talkpal","https:\/\/www.instagram.com\/talkpal_ai\/","https:\/\/www.crunchbase.com\/organization\/talkpal-9cde","https:\/\/www.g2.com\/products\/talkpal-for-business\/","https:\/\/www.trustpilot.com\/review\/talkpal.ai","https:\/\/www.capterra.com\/p\/10006800\/TalkPal\/"],"description":"Talkpal is a language learning web and mobile education app, powered by the latest AI technologies, that provides engaging experiences to its customers in many different languages to help them improve their language skills. Users can chat about unlimited amount of topics with the app and use other modes to practice their language learning.","email":"support@talkpal.ai","legalName":"Talkpal, Inc.","foundingDate":"2023-04-03","duns":"118989042","numberOfEmployees":{"@type":"QuantitativeValue","minValue":"11","maxValue":"50"},"publishingPrinciples":"https:\/\/talkpal.ai\/publishing-principles\/","actionableFeedbackPolicy":"https:\/\/talkpal.ai\/actionable-feedback-policy\/","correctionsPolicy":"https:\/\/talkpal.ai\/corrections-policy\/","ethicsPolicy":"https:\/\/talkpal.ai\/ethics-policy\/","diversityPolicy":"https:\/\/talkpal.ai\/diversity-policy\/","diversityStaffingReport":"https:\/\/talkpal.ai\/diversity-policy\/"}]}},"_links":{"self":[{"href":"https:\/\/talkpal.ai\/az\/wp-json\/wp\/v2\/pages\/1474013","targetHints":{"allow":["GET"]}}],"collection":[{"href":"https:\/\/talkpal.ai\/az\/wp-json\/wp\/v2\/pages"}],"about":[{"href":"https:\/\/talkpal.ai\/az\/wp-json\/wp\/v2\/types\/page"}],"author":[{"embeddable":true,"href":"https:\/\/talkpal.ai\/az\/wp-json\/wp\/v2\/users\/20"}],"replies":[{"embeddable":true,"href":"https:\/\/talkpal.ai\/az\/wp-json\/wp\/v2\/comments?post=1474013"}],"version-history":[{"count":0,"href":"https:\/\/talkpal.ai\/az\/wp-json\/wp\/v2\/pages\/1474013\/revisions"}],"wp:attachment":[{"href":"https:\/\/talkpal.ai\/az\/wp-json\/wp\/v2\/media?parent=1474013"}],"curies":[{"name":"wp","href":"https:\/\/api.w.org\/{rel}","templated":true}]}}