{"id":1474000,"date":"2025-11-12T15:57:33","date_gmt":"2025-11-12T15:57:33","guid":{"rendered":"https:\/\/talkpal.ai\/monqolustan-qrammatika-m%c9%99sql%c9%99ri\/"},"modified":"2025-12-30T12:41:37","modified_gmt":"2025-12-30T12:41:37","slug":"monqolustan-qrammatika-m%c9%99sql%c9%99ri","status":"publish","type":"page","link":"https:\/\/talkpal.ai\/az\/monqolustan-qrammatika-m%c9%99sql%c9%99ri\/","title":{"rendered":"Monqolustan qrammatika m\u0259\u015fql\u0259ri"},"content":{"rendered":"\r\n\r\n\r\n<section class=\"languageChallengeSection\">\r\n    <div class=\"languageInfoWrapper\">\r\n        \r\n        <h1>Monqolustan qrammatika m\u0259\u015fql\u0259ri<\/h1>\r\n        <p>Monqolustan qrammatikas\u0131na dalma\u011fa haz\u0131rs\u0131n\u0131z? Bir ne\u00e7\u0259 \u0259saslar\u0131 m\u0259\u015fq etm\u0259k bu unikal v\u0259 g\u00f6z\u0259l dill\u0259 rahat olma\u011fa k\u00f6m\u0259k ed\u0259c\u0259k. G\u00fcv\u0259ninizi art\u0131rmaq v\u0259 yol boyu \u0259yl\u0259nm\u0259k \u00fc\u00e7\u00fcn bu m\u0259\u015fql\u0259ri s\u0131nay\u0131n!<\/p>\r\n\r\n                            <a class=\"getStartedHidden\" href=\"https:\/\/app.talkpal.ai\/signup?lng=\">Ba\u015fla<\/a>\r\n        \r\n    <\/div>\r\n\r\n    <figure>\r\n    <img decoding=\"async\" width=\"768\" height=\"768\" src=\"https:\/\/talkpal.ai\/wp-content\/uploads\/2023\/06\/welsh-768x768.png\" class=\"languageImage no-lazy\" alt=\"Language learning for better cognitive abilities\" fetchpriority=\"high\" sizes=\"(max-width: 768px) 150px, 768px\" srcset=\"https:\/\/talkpal.ai\/wp-content\/uploads\/2023\/06\/welsh-768x768.png 768w, https:\/\/talkpal.ai\/wp-content\/uploads\/2023\/06\/welsh-300x300.png 300w\" \/>\r\n    \r\n\r\n    <\/figure>\r\n\r\n            <a class=\"getStartedVisible\" href=\"https:\/\/app.talkpal.ai\/signup?lng=\">Ba\u015fla<\/a>\r\n    \r\n<\/section><section class=\"promotionalBanner\">\r\n    <p class=\"promotionalText\">Dil \u00f6yr\u0259nm\u0259yin \u0259n t\u0259sirli yolu<\/p>\r\n    <a class=\"promotionalLink\" href=\"https:\/\/app.talkpal.ai\/signup?lng=\">Talkpal pulsuz s\u0131nay\u0131n<\/a>\r\n<\/section>\n<div class=\"wp-block-group pageContainerStyle\"><div class=\"wp-block-group__inner-container is-layout-constrained wp-block-group-is-layout-constrained\">\n<h2 class=\"wp-block-heading\" id=\"h-mongolian-grammar-topics\">Monqolustan qrammatika m\u00f6vzular\u0131<\/h2>\n\n\n\n<p><a href=\"https:\/\/talkpal.ai\/az\/yeni-dil-oyr%c9%99n%c9%99rk%c9%99n-qacmaq-lazim-olan-en-boyuk-s%c9%99hvl%c9%99r\/\">Yeni bir dil \u00f6yr\u0259nm\u0259k<\/a> \u00e7\u0259tin, lakin m\u00fckafatland\u0131r\u0131c\u0131 bir i\u015f ola bil\u0259r. Monqolustan dili v\u0259 \u00c7inin \u015fimal\u0131n b\u0259zi hiss\u0259l\u0259rind\u0259 dan\u0131\u015f\u0131lan <a href=\"https:\/\/talkpal.ai\/learn-mongolian\/\">monqol<\/a> dili d\u0259 istisna deyil. Sait harmoniyas\u0131, agglutinative morfologiyas\u0131, z\u0259ngin hal i\u015far\u0259l\u0259m\u0259si v\u0259 postpositions kimi unikal x\u00fcsusiyy\u0259tl\u0259ri v\u0259 strukturlar\u0131 il\u0259 <a href=\"https:\/\/talkpal.ai\/learn-mongolian\/\">Monqol<\/a> <a href=\"https:\/\/talkpal.ai\/az\/t%c9%99hsil-ucun-talkpal\/\">dilini \u00f6yr\u0259nm\u0259k<\/a> , qrammatikas\u0131n\u0131 ba\u015fa d\u00fc\u015fm\u0259k \u00fc\u00e7\u00fcn sistematik bir yana\u015fma t\u0259l\u0259b edir. Bu b\u0259l\u0259d\u00e7i, <a href=\"https:\/\/talkpal.ai\/az\/monqolustan-qrammatikasi\/\">monqolusta qrammatikas\u0131n\u0131n<\/a> \u0259sas sah\u0259l\u0259rini dil <a href=\"https:\/\/talkpal.ai\/az\/t%c9%99hsil-ucun-talkpal\/\">\u00f6yr\u0259nilm\u0259si<\/a> \u00fc\u00e7\u00fcn m\u0259ntiqi ard\u0131c\u0131ll\u0131qla t\u0259svir edir, isiml\u0259r v\u0259 m\u0259qal\u0259l\u0259r kimi \u0259saslardan ba\u015flayaraq v\u0259 zamanlar v\u0259 c\u00fcml\u0259 quruculu\u011fu kimi daha m\u00fcr\u0259kk\u0259b sah\u0259l\u0259r\u0259 do\u011fru ir\u0259lil\u0259yir.<\/p>\n\n\n\n<h3 class=\"wp-block-heading\" id=\"h-1-nouns\">1. Nouns:<\/h3>\n\n\n\n<p>Monqolustan dili s\u0259yah\u0259tiniz\u0259 isiml\u0259ri \u00f6yr\u0259nm\u0259kl\u0259 ba\u015flay\u0131n. Buna \u00fcmumi v\u0259 d\u00fczg\u00fcn nounlar, el\u0259c\u0259 d\u0259 onlar\u0131n pl\u00fcral formalar\u0131 kimi m\u00fcxt\u0259lif noun kateqoriyalar\u0131n\u0131 ba\u015fa d\u00fc\u015fm\u0259k daxildir. M\u00f6vzu, obyekt, yer v\u0259 istiqam\u0259t kimi qrammatik rollar\u0131 qeyd ed\u0259n hal sonluqlar\u0131 da qar\u015f\u0131la\u015facaqs\u0131n\u0131z.<\/p>\n\n\n\n<h3 class=\"wp-block-heading\" id=\"h-2-articles\">2. M\u0259qal\u0259l\u0259r:<\/h3>\n\n\n\n<p>Monqolustan dilind\u0259 m\u0259qal\u0259l\u0259r <a href=\"https:\/\/talkpal.ai\/ai-english-speaking-practice\/\">ingilis<\/a> dilind\u0259 oldu\u011fu kimi istifad\u0259 edilmir. Monqol dilind\u0259 n\u0259 m\u00fc\u0259yy\u0259n, n\u0259 d\u0259 qeyri-m\u00fc\u0259yy\u0259n m\u0259qal\u0259l\u0259r var. Bunun \u0259v\u0259zin\u0259, m\u00fc\u0259yy\u0259nlik kontekst, s\u00f6z s\u0131ras\u0131, bu v\u0259 bu kimi n\u00fcmayi\u015fl\u0259r v\u0259 b\u0259z\u0259n m\u00fc\u0259yy\u0259n birba\u015fa obyektl\u0259r \u00fc\u00e7\u00fcn ittiham kimi hal i\u015far\u0259l\u0259ri il\u0259 ifad\u0259 olunur.<\/p>\n\n\n\n<h3 class=\"wp-block-heading\" id=\"h-3-adjectives\">3. Adjectives:<\/h3>\n\n\n\n<p>Monqolustan dilind\u0259 sif\u0259tl\u0259r \u00fcmumiyy\u0259tl\u0259 isiml\u0259rind\u0259n \u0259vv\u0259l g\u0259lir ki, bu da b\u0259zi \u015fagirdl\u0259r \u00fc\u00e7\u00fcn ingilis dilind\u0259n f\u0259rql\u0259nir. Cinsiyy\u0259t v\u0259 ya cinsiyy\u0259t bax\u0131m\u0131ndan bir-birin\u0259 uy\u011fun deyill\u0259r. M\u00fcqayis\u0259li v\u0259 \u00fcst\u00fcnl\u00fckl\u0259ri nec\u0259 formala\u015fd\u0131raca\u011f\u0131n\u0131z\u0131 da \u00f6yr\u0259nm\u0259lisiniz, tez-tez daha \u00e7ox v\u0259 ya m\u00fcqayis\u0259li konstruksiyalarla istifad\u0259 ed\u0259r\u0259k.<\/p>\n\n\n\n<h3 class=\"wp-block-heading\" id=\"h-4-pronouns-determiners\">4. Pronouns\/Determinl\u0259r:<\/h3>\n\n\n\n<p>Monqolusta dilind\u0259 \u0259v\u0259zlikl\u0259r v\u0259 determinatorlar vacibdir; \u0130siml\u0259ri \u0259v\u0259z edir v\u0259 miqdar, m\u00fclkiyy\u0259t v\u0259 daha \u00e7ox \u015fey haqq\u0131nda m\u0259lumat verirl\u0259r. Sahiblik \u00fcmumiyy\u0259tl\u0259 cinsiyy\u0259t formalar\u0131 v\u0259 sahiblik \u0259v\u0259zlikl\u0259ri il\u0259 g\u00f6st\u0259rilir v\u0259 subyekt \u0259v\u0259zlikl\u0259ri kontekstd\u0259n ba\u015fa d\u00fc\u015f\u00fcld\u00fckd\u0259 l\u0259\u011fv edil\u0259 bil\u0259r. Bu v\u0259 ya dig\u0259r n\u00fcmayi\u015fl\u0259r, r\u0259q\u0259ml\u0259r v\u0259 k\u0259miyy\u0259tl\u0259r m\u0259nims\u0259nilm\u0259si \u00fc\u00e7\u00fcn \u0259sas m\u00fc\u0259yy\u0259nl\u0259\u015fdiricil\u0259rdir.<\/p>\n\n\n\n<h3 class=\"wp-block-heading\" id=\"h-5-verbs\">5. Feill\u0259r:<\/h3>\n\n\n\n<p>Monqolustan fell\u0259ri, tez-tez sonfiksl\u0259r v\u0259 k\u00f6m\u0259k\u00e7il\u0259rl\u0259 qurulan zaman, aspekt v\u0259 \u0259hval-ruhiyy\u0259d\u0259n as\u0131l\u0131 olaraq f\u0259rqli formalara malikdir. \u015e\u0259xsiyy\u0259t raz\u0131l\u0131\u011f\u0131 m\u0259hduddur v\u0259 m\u00f6vzular ayd\u0131n olduqda tez-tez burax\u0131l\u0131r. \u018fsas ke\u00e7mi\u015f olmayan v\u0259 ke\u00e7mi\u015f formalardan ba\u015flay\u0131n, sonra ad\u0259tin, g\u0259l\u0259c\u0259k m\u0259qs\u0259dli v\u0259 modal istifad\u0259l\u0259ri ara\u015fd\u0131r\u0131n.<\/p>\n\n\n\n<h3 class=\"wp-block-heading\" id=\"h-6-tenses\">6. G\u0259rginlikl\u0259r:<\/h3>\n\n\n\n<p>Fel k\u00f6kl\u0259rini v\u0259 \u0259sas formalar\u0131n\u0131 m\u0259nims\u0259dikd\u0259n sonra, Monqolustan zaman\u0131na v\u0259 aspektin\u0259 daha d\u0259rind\u0259n bax\u0131n. Bu, adi indiki zaman, m\u00fct\u0259r\u0259qqi indiki zaman, sad\u0259 ke\u00e7mi\u015f, ke\u00e7mi\u015f m\u00fck\u0259mm\u0259l v\u0259 ke\u00e7mi\u015f olmayan v\u0259 ya g\u0259l\u0259c\u0259k oxumalar aras\u0131ndak\u0131 f\u0259rql\u0259ri v\u0259 f\u0259rqli kontekstl\u0259rd\u0259 nec\u0259 istifad\u0259 edildiyini anlama\u011f\u0131 \u0259hat\u0259 edir.<\/p>\n\n\n\n<h3 class=\"wp-block-heading\" id=\"h-7-tense-comparison\">7. G\u0259rgin m\u00fcqayis\u0259:<\/h3>\n\n\n\n<p>Monqolusta dilind\u0259 zamanlar\u0131 m\u00fcqayis\u0259 etm\u0259k h\u0259r\u0259k\u0259tl\u0259rin ard\u0131c\u0131ll\u0131\u011f\u0131n\u0131 v\u0259 n\u00fcans\u0131n\u0131 anlama\u011fa k\u00f6m\u0259k edir. Eyni felin ad\u0259t, m\u00fct\u0259r\u0259qqi, ke\u00e7mi\u015f v\u0259 ke\u00e7mi\u015f olmayan formalarda m\u00fcqayis\u0259 edilm\u0259si m\u0259na f\u0259rql\u0259rini v\u0259 istifad\u0259sini daha yax\u015f\u0131 ba\u015fa d\u00fc\u015fm\u0259y\u0259 imkan ver\u0259c\u0259kdir.<\/p>\n\n\n\n<h3 class=\"wp-block-heading\" id=\"h-8-progressive\">8. M\u00fct\u0259r\u0259qqi:<\/h3>\n\n\n\n<p>Monqolustan dilind\u0259 m\u00fct\u0259r\u0259qqi h\u0259r\u0259k\u0259tl\u0259ri ifad\u0259 etm\u0259k \u00fc\u00e7\u00fcn istifad\u0259 olunur. \u00dcmumiyy\u0259tl\u0259 etm\u0259k \u00fc\u00e7\u00fcn ekvivalent bir forma il\u0259 ifad\u0259 olunan z\u0259rf s\u00f6z\u00fc v\u0259 k\u00f6m\u0259k\u00e7i olan fel k\u00f6k\u00fcnd\u0259n istifad\u0259 edil\u0259r\u0259k \u0259m\u0259l\u0259 g\u0259lir.<\/p>\n\n\n\n<h3 class=\"wp-block-heading\" id=\"h-9-perfect-progressive\">9. M\u00fck\u0259mm\u0259l T\u0259r\u0259qqi:<\/h3>\n\n\n\n<p>Bu m\u0259na m\u00fc\u0259yy\u0259n bir n\u00f6qt\u0259y\u0259 q\u0259d\u0259r davam ed\u0259n h\u0259r\u0259k\u0259tl\u0259ri ifad\u0259 etm\u0259k \u00fc\u00e7\u00fcn istifad\u0259 olunur. Monqolusta dilind\u0259, indiy\u0259 q\u0259d\u0259r v\u0259 ya ke\u00e7mi\u015f bir istinad n\u00f6qt\u0259sin\u0259 q\u0259d\u0259r davaml\u0131l\u0131\u011f\u0131 \u00e7atd\u0131ran to have have or have be kimi k\u00f6m\u0259k\u00e7il\u0259rl\u0259 ifad\u0259 olunur.<\/p>\n\n\n\n<h3 class=\"wp-block-heading\" id=\"h-10-conditionals\">10. \u015e\u0259rti olaraq:<\/h3>\n\n\n\n<p>\u015e\u0259rti v\u0259ziyy\u0259tl\u0259r hipotetik v\u0259ziyy\u0259tl\u0259ri v\u0259 onlar\u0131n m\u00fcmk\u00fcn n\u0259tic\u0259l\u0259rini ifad\u0259 edir. Monqolustan qrammatikas\u0131n\u0131n vacib bir hiss\u0259sidir v\u0259 \u00fcmumiyy\u0259tl\u0259 real, potensial v\u0259 ya \u0259ks-faktiki v\u0259ziyy\u0259tl\u0259ri ifad\u0259 ed\u0259n konstruksiyalarla yana\u015f\u0131 \u015f\u0259rti sonfiksl\u0259rl\u0259 formala\u015f\u0131rlar.<\/p>\n\n\n\n<h3 class=\"wp-block-heading\" id=\"h-11-adverbs\">11. Adverbl\u0259r:<\/h3>\n\n\n\n<p>Monqolustan dilind\u0259 z\u0259rfl\u0259r fell\u0259ri, sif\u0259tl\u0259ri v\u0259 ya dig\u0259r z\u0259rfl\u0259ri d\u0259yi\u015fdirir. Onlar davran\u0131\u015f, yer, vaxt, d\u0259r\u0259c\u0259 v\u0259 daha \u00e7ox m\u0259lumat verir. Bir \u00e7ox n\u00f6v z\u0259rfl\u0259r z\u0259rf sonlar\u0131 olan sif\u0259tl\u0259rd\u0259n qaynaqlan\u0131r v\u0259 zaman v\u0259 tezlik \u00fc\u00e7\u00fcn bir \u00e7ox \u00fcmumi z\u0259rfl\u0259r var.<\/p>\n\n\n\n<h3 class=\"wp-block-heading\" id=\"h-12-prepositions\">12. Prepozisiyalar:<\/h3>\n\n\n\n<p>Monqolustan dilind\u0259 \u00f6n s\u00f6zl\u0259r \u0259sas\u0259n postpositions v\u0259 case sonluqlar\u0131 kimi h\u0259yata ke\u00e7irilir. S\u00f6zl\u0259ri v\u0259 ifad\u0259l\u0259ri bir-birin\u0259 ba\u011flay\u0131r v\u0259 zaman, yer, istiqam\u0259t, m\u0259qs\u0259d, s\u0259b\u0259b v\u0259 daha \u00e7ox \u0259laq\u0259ni ifad\u0259 edirl\u0259r. \u00dcmumi m\u00f6vqel\u0259ri v\u0259 i\u015f sisteminin funksiyalar\u0131n\u0131 \u00f6yr\u0259nm\u0259k vacibdir.<\/p>\n\n\n\n<h3 class=\"wp-block-heading\" id=\"h-13-sentences\">13. C\u00fcml\u0259l\u0259r:<\/h3>\n\n\n\n<p>Sonda c\u00fcml\u0259l\u0259rin d\u00fcz\u0259ldili\u015fl\u0259rini m\u0259\u015fq etdir. Monqolusta ad\u0259t\u0259n subyekt obyekti fel s\u00f6z s\u0131ras\u0131n\u0131 izl\u0259yir, hiss\u0259cikl\u0259rl\u0259 m\u00f6vzu vur\u011fulamas\u0131n\u0131 istifad\u0259 edir v\u0259 sual hiss\u0259cikl\u0259ri v\u0259 intonasiya il\u0259 suallar formala\u015fd\u0131r\u0131r. Bu, \u0259vv\u0259ll\u0259r \u00f6yr\u0259nilmi\u015f b\u00fct\u00fcn <a href=\"https:\/\/talkpal.ai\/grammar\/\">qrammatika<\/a> n\u00f6qt\u0259l\u0259rinin kontekstd\u0259 istifad\u0259sini \u0259hat\u0259 ed\u0259c\u0259k v\u0259 bel\u0259likl\u0259 Monqol dilinin h\u0259rt\u0259r\u0259fli ba\u015fa d\u00fc\u015f\u00fclm\u0259sini t\u0259min ed\u0259c\u0259kdir.<\/p>\n<\/div><\/div>\n\r\n<section class=\"learnNavigationSection\">\r\n            \r\n        <a href=\"https:\/\/talkpal.ai\/az\/monqol-dilini-oyr%c9%99nin\/\">\r\n            <div class=\"learnNavigationWrapper\">\r\n                <div class=\"learnNavigationContent\">\r\n                    <img decoding=\"async\" src=\"https:\/\/talkpal.ai\/wp-content\/uploads\/2025\/11\/Mongolian.png\" alt=\"Mongolian Flag\">\r\n                    <div>\r\n                        <h4>Monqolusta \u00d6yr\u0259nm\u0259 Haqq\u0131nda<\/h4>\r\n                        <p>Monqolustan qrammatikas\u0131 haqq\u0131nda h\u0259r \u015feyi \u00f6yr\u0259nin.<\/p>\r\n                    <\/div>\r\n                <\/div>\r\n            <\/div>\r\n        <\/a>\r\n\r\n        \r\n        <a href=\"https:\/\/talkpal.ai\/az\/monqolustan-qrammatikasi\/\">\r\n            <div class=\"learnNavigationWrapper\">\r\n                <div class=\"learnNavigationContent\">\r\n                    <img decoding=\"async\" src=\"https:\/\/talkpal.ai\/wp-content\/uploads\/2025\/11\/Mongolian.png\" alt=\"Mongolian Flag\">\r\n                    <div>\r\n                        <h4>Monqolustan qrammatika d\u0259rsl\u0259ri<\/h4>\r\n                        <p>Monqolustan qrammatikas\u0131n\u0131 t\u0259tbiq edin.<\/p>\r\n                    <\/div>\r\n                <\/div>\r\n            <\/div>\r\n        <\/a>\r\n\r\n            <\/section>","protected":false},"excerpt":{"rendered":"<p>Monqolustan qrammatika m\u00f6vzular\u0131 Yeni bir dil \u00f6yr\u0259nm\u0259k \u00e7\u0259tin, lakin m\u00fckafatland\u0131r\u0131c\u0131 bir i\u015f ola bil\u0259r. Monqolustan dili v\u0259 \u00c7inin \u015fimal\u0131n b\u0259zi hiss\u0259l\u0259rind\u0259 dan\u0131\u015f\u0131lan monqol dili d\u0259 istisna deyil. Sait harmoniyas\u0131, agglutinative morfologiyas\u0131, z\u0259ngin hal i\u015far\u0259l\u0259m\u0259si v\u0259 postpositions kimi unikal x\u00fcsusiyy\u0259tl\u0259ri v\u0259 strukturlar\u0131 il\u0259 Monqol dilini \u00f6yr\u0259nm\u0259k , qrammatikas\u0131n\u0131 ba\u015fa d\u00fc\u015fm\u0259k \u00fc\u00e7\u00fcn sistematik bir yana\u015fma t\u0259l\u0259b edir. [&hellip;]<\/p>\n","protected":false},"author":20,"featured_media":0,"parent":0,"menu_order":0,"comment_status":"closed","ping_status":"closed","template":"LearningContentPage.php","meta":{"_acf_changed":false,"footnotes":""},"class_list":["post-1474000","page","type-page","status-publish","hentry"],"acf":[],"yoast_head":"<!-- This site is optimized with the Yoast SEO Premium plugin v27.2 (Yoast SEO v27.2) - https:\/\/yoast.com\/product\/yoast-seo-premium-wordpress\/ -->\n<title>Monqolustan qrammatika m\u0259\u015fql\u0259ri - Talkpal<\/title>\n<meta name=\"description\" content=\"S\u0259lis dan\u0131\u015f\u0131q qabiliyy\u0259tinizi v\u0259 dil anlay\u0131\u015f\u0131n\u0131z\u0131 art\u0131rmaq \u00fc\u00e7\u00fcn haz\u0131rlanm\u0131\u015f interaktiv m\u0259\u015fql\u0259r v\u0259 s\u00fcni intellektl\u0259 i\u015fl\u0259y\u0259n d\u0259rsl\u0259rl\u0259 monqol qrammatikas\u0131na yiy\u0259l\u0259nin.\" \/>\n<meta name=\"robots\" content=\"index, follow, max-snippet:-1, max-image-preview:large, max-video-preview:-1\" \/>\n<link rel=\"canonical\" href=\"https:\/\/talkpal.ai\/az\/monqolustan-qrammatika-m%c9%99sql%c9%99ri\/\" \/>\n<meta property=\"og:locale\" content=\"az_AZ\" \/>\n<meta property=\"og:type\" content=\"article\" \/>\n<meta property=\"og:title\" content=\"Monqolustan qrammatika m\u0259\u015fql\u0259ri\" \/>\n<meta property=\"og:description\" content=\"Monqolustan qrammatika m\u00f6vzular\u0131 Yeni bir dil \u00f6yr\u0259nm\u0259k \u00e7\u0259tin, lakin m\u00fckafatland\u0131r\u0131c\u0131 bir i\u015f ola bil\u0259r. Monqolustan dili v\u0259 \u00c7inin \u015fimal\u0131n b\u0259zi hiss\u0259l\u0259rind\u0259\" \/>\n<meta property=\"og:url\" content=\"https:\/\/talkpal.ai\/az\/monqolustan-qrammatika-m%c9%99sql%c9%99ri\/\" \/>\n<meta property=\"og:site_name\" content=\"Talkpal\" \/>\n<meta property=\"article:publisher\" content=\"https:\/\/www.facebook.com\/profile.php?id=100090733639311\" \/>\n<meta property=\"article:modified_time\" content=\"2025-12-30T12:41:37+00:00\" \/>\n<meta property=\"og:image\" content=\"https:\/\/talkpal.ai\/wp-content\/uploads\/2025\/02\/Progress-tab-16_9.png\" \/>\n\t<meta property=\"og:image:width\" content=\"2880\" \/>\n\t<meta property=\"og:image:height\" content=\"1620\" \/>\n\t<meta property=\"og:image:type\" content=\"image\/png\" \/>\n<meta name=\"twitter:card\" content=\"summary_large_image\" \/>\n<meta name=\"twitter:site\" content=\"@talkpalai\" \/>\n<meta name=\"twitter:label1\" content=\"Est. reading time\" \/>\n\t<meta name=\"twitter:data1\" content=\"5 minutes\" \/>\n<script type=\"application\/ld+json\" class=\"yoast-schema-graph\">{\"@context\":\"https:\/\/schema.org\",\"@graph\":[{\"@type\":\"WebPage\",\"@id\":\"https:\/\/talkpal.ai\/az\/monqolustan-qrammatika-m%c9%99sql%c9%99ri\/\",\"url\":\"https:\/\/talkpal.ai\/az\/monqolustan-qrammatika-m%c9%99sql%c9%99ri\/\",\"name\":\"Monqolustan qrammatika m\u0259\u015fql\u0259ri - Talkpal\",\"isPartOf\":{\"@id\":\"https:\/\/talkpal.ai\/az\/#website\"},\"datePublished\":\"2025-11-12T15:57:33+00:00\",\"dateModified\":\"2025-12-30T12:41:37+00:00\",\"description\":\"S\u0259lis dan\u0131\u015f\u0131q qabiliyy\u0259tinizi v\u0259 dil anlay\u0131\u015f\u0131n\u0131z\u0131 art\u0131rmaq \u00fc\u00e7\u00fcn haz\u0131rlanm\u0131\u015f interaktiv m\u0259\u015fql\u0259r v\u0259 s\u00fcni intellektl\u0259 i\u015fl\u0259y\u0259n d\u0259rsl\u0259rl\u0259 monqol qrammatikas\u0131na yiy\u0259l\u0259nin.\",\"breadcrumb\":{\"@id\":\"https:\/\/talkpal.ai\/az\/monqolustan-qrammatika-m%c9%99sql%c9%99ri\/#breadcrumb\"},\"inLanguage\":\"az\",\"potentialAction\":[{\"@type\":\"ReadAction\",\"target\":[\"https:\/\/talkpal.ai\/az\/monqolustan-qrammatika-m%c9%99sql%c9%99ri\/\"]}]},{\"@type\":\"BreadcrumbList\",\"@id\":\"https:\/\/talkpal.ai\/az\/monqolustan-qrammatika-m%c9%99sql%c9%99ri\/#breadcrumb\",\"itemListElement\":[{\"@type\":\"ListItem\",\"position\":1,\"name\":\"Homepage\",\"item\":\"https:\/\/talkpal.ai\/az\/\"},{\"@type\":\"ListItem\",\"position\":2,\"name\":\"Monqolustan qrammatika m\u0259\u015fql\u0259ri\"}]},{\"@type\":\"WebSite\",\"@id\":\"https:\/\/talkpal.ai\/az\/#website\",\"url\":\"https:\/\/talkpal.ai\/az\/\",\"name\":\"Talkpal\",\"description\":\"AI Language Learning\",\"publisher\":{\"@id\":\"https:\/\/talkpal.ai\/az\/#organization\"},\"alternateName\":\"Talkpal AI\",\"potentialAction\":[{\"@type\":\"SearchAction\",\"target\":{\"@type\":\"EntryPoint\",\"urlTemplate\":\"https:\/\/talkpal.ai\/az\/?s={search_term_string}\"},\"query-input\":{\"@type\":\"PropertyValueSpecification\",\"valueRequired\":true,\"valueName\":\"search_term_string\"}}],\"inLanguage\":\"az\"},{\"@type\":\"Organization\",\"@id\":\"https:\/\/talkpal.ai\/az\/#organization\",\"name\":\"Talkpal, Inc.\",\"alternateName\":\"Talkpal AI\",\"url\":\"https:\/\/talkpal.ai\/az\/\",\"logo\":{\"@type\":\"ImageObject\",\"inLanguage\":\"az\",\"@id\":\"https:\/\/talkpal.ai\/az\/#\/schema\/logo\/image\/\",\"url\":\"https:\/\/talkpal.ai\/wp-content\/uploads\/2024\/03\/Talkpal-Logo-Icon.png\",\"contentUrl\":\"https:\/\/talkpal.ai\/wp-content\/uploads\/2024\/03\/Talkpal-Logo-Icon.png\",\"width\":2880,\"height\":2880,\"caption\":\"Talkpal, Inc.\"},\"image\":{\"@id\":\"https:\/\/talkpal.ai\/az\/#\/schema\/logo\/image\/\"},\"sameAs\":[\"https:\/\/www.facebook.com\/profile.php?id=100090733639311\",\"https:\/\/x.com\/talkpalai\",\"https:\/\/www.linkedin.com\/company\/talkpal\/\",\"https:\/\/www.youtube.com\/@TalkPal\/\",\"https:\/\/www.tiktok.com\/@talkpal\",\"https:\/\/www.instagram.com\/talkpal_ai\/\",\"https:\/\/www.crunchbase.com\/organization\/talkpal-9cde\",\"https:\/\/www.g2.com\/products\/talkpal-for-business\/\",\"https:\/\/www.trustpilot.com\/review\/talkpal.ai\",\"https:\/\/www.capterra.com\/p\/10006800\/TalkPal\/\"],\"description\":\"Talkpal is a language learning web and mobile education app, powered by the latest AI technologies, that provides engaging experiences to its customers in many different languages to help them improve their language skills. Users can chat about unlimited amount of topics with the app and use other modes to practice their language learning.\",\"email\":\"support@talkpal.ai\",\"legalName\":\"Talkpal, Inc.\",\"foundingDate\":\"2023-04-03\",\"duns\":\"118989042\",\"numberOfEmployees\":{\"@type\":\"QuantitativeValue\",\"minValue\":\"11\",\"maxValue\":\"50\"},\"publishingPrinciples\":\"https:\/\/talkpal.ai\/publishing-principles\/\",\"actionableFeedbackPolicy\":\"https:\/\/talkpal.ai\/actionable-feedback-policy\/\",\"correctionsPolicy\":\"https:\/\/talkpal.ai\/corrections-policy\/\",\"ethicsPolicy\":\"https:\/\/talkpal.ai\/ethics-policy\/\",\"diversityPolicy\":\"https:\/\/talkpal.ai\/diversity-policy\/\",\"diversityStaffingReport\":\"https:\/\/talkpal.ai\/diversity-policy\/\"}]}<\/script>\n<!-- \/ Yoast SEO Premium plugin. -->","yoast_head_json":{"title":"Monqolustan qrammatika m\u0259\u015fql\u0259ri - Talkpal","description":"S\u0259lis dan\u0131\u015f\u0131q qabiliyy\u0259tinizi v\u0259 dil anlay\u0131\u015f\u0131n\u0131z\u0131 art\u0131rmaq \u00fc\u00e7\u00fcn haz\u0131rlanm\u0131\u015f interaktiv m\u0259\u015fql\u0259r v\u0259 s\u00fcni intellektl\u0259 i\u015fl\u0259y\u0259n d\u0259rsl\u0259rl\u0259 monqol qrammatikas\u0131na yiy\u0259l\u0259nin.","robots":{"index":"index","follow":"follow","max-snippet":"max-snippet:-1","max-image-preview":"max-image-preview:large","max-video-preview":"max-video-preview:-1"},"canonical":"https:\/\/talkpal.ai\/az\/monqolustan-qrammatika-m%c9%99sql%c9%99ri\/","og_locale":"az_AZ","og_type":"article","og_title":"Monqolustan qrammatika m\u0259\u015fql\u0259ri","og_description":"Monqolustan qrammatika m\u00f6vzular\u0131 Yeni bir dil \u00f6yr\u0259nm\u0259k \u00e7\u0259tin, lakin m\u00fckafatland\u0131r\u0131c\u0131 bir i\u015f ola bil\u0259r. Monqolustan dili v\u0259 \u00c7inin \u015fimal\u0131n b\u0259zi hiss\u0259l\u0259rind\u0259","og_url":"https:\/\/talkpal.ai\/az\/monqolustan-qrammatika-m%c9%99sql%c9%99ri\/","og_site_name":"Talkpal","article_publisher":"https:\/\/www.facebook.com\/profile.php?id=100090733639311","article_modified_time":"2025-12-30T12:41:37+00:00","og_image":[{"width":2880,"height":1620,"url":"https:\/\/talkpal.ai\/wp-content\/uploads\/2025\/02\/Progress-tab-16_9.png","type":"image\/png"}],"twitter_card":"summary_large_image","twitter_site":"@talkpalai","twitter_misc":{"Est. reading time":"5 minutes"},"schema":{"@context":"https:\/\/schema.org","@graph":[{"@type":"WebPage","@id":"https:\/\/talkpal.ai\/az\/monqolustan-qrammatika-m%c9%99sql%c9%99ri\/","url":"https:\/\/talkpal.ai\/az\/monqolustan-qrammatika-m%c9%99sql%c9%99ri\/","name":"Monqolustan qrammatika m\u0259\u015fql\u0259ri - Talkpal","isPartOf":{"@id":"https:\/\/talkpal.ai\/az\/#website"},"datePublished":"2025-11-12T15:57:33+00:00","dateModified":"2025-12-30T12:41:37+00:00","description":"S\u0259lis dan\u0131\u015f\u0131q qabiliyy\u0259tinizi v\u0259 dil anlay\u0131\u015f\u0131n\u0131z\u0131 art\u0131rmaq \u00fc\u00e7\u00fcn haz\u0131rlanm\u0131\u015f interaktiv m\u0259\u015fql\u0259r v\u0259 s\u00fcni intellektl\u0259 i\u015fl\u0259y\u0259n d\u0259rsl\u0259rl\u0259 monqol qrammatikas\u0131na yiy\u0259l\u0259nin.","breadcrumb":{"@id":"https:\/\/talkpal.ai\/az\/monqolustan-qrammatika-m%c9%99sql%c9%99ri\/#breadcrumb"},"inLanguage":"az","potentialAction":[{"@type":"ReadAction","target":["https:\/\/talkpal.ai\/az\/monqolustan-qrammatika-m%c9%99sql%c9%99ri\/"]}]},{"@type":"BreadcrumbList","@id":"https:\/\/talkpal.ai\/az\/monqolustan-qrammatika-m%c9%99sql%c9%99ri\/#breadcrumb","itemListElement":[{"@type":"ListItem","position":1,"name":"Homepage","item":"https:\/\/talkpal.ai\/az\/"},{"@type":"ListItem","position":2,"name":"Monqolustan qrammatika m\u0259\u015fql\u0259ri"}]},{"@type":"WebSite","@id":"https:\/\/talkpal.ai\/az\/#website","url":"https:\/\/talkpal.ai\/az\/","name":"Talkpal","description":"AI Language Learning","publisher":{"@id":"https:\/\/talkpal.ai\/az\/#organization"},"alternateName":"Talkpal AI","potentialAction":[{"@type":"SearchAction","target":{"@type":"EntryPoint","urlTemplate":"https:\/\/talkpal.ai\/az\/?s={search_term_string}"},"query-input":{"@type":"PropertyValueSpecification","valueRequired":true,"valueName":"search_term_string"}}],"inLanguage":"az"},{"@type":"Organization","@id":"https:\/\/talkpal.ai\/az\/#organization","name":"Talkpal, Inc.","alternateName":"Talkpal AI","url":"https:\/\/talkpal.ai\/az\/","logo":{"@type":"ImageObject","inLanguage":"az","@id":"https:\/\/talkpal.ai\/az\/#\/schema\/logo\/image\/","url":"https:\/\/talkpal.ai\/wp-content\/uploads\/2024\/03\/Talkpal-Logo-Icon.png","contentUrl":"https:\/\/talkpal.ai\/wp-content\/uploads\/2024\/03\/Talkpal-Logo-Icon.png","width":2880,"height":2880,"caption":"Talkpal, Inc."},"image":{"@id":"https:\/\/talkpal.ai\/az\/#\/schema\/logo\/image\/"},"sameAs":["https:\/\/www.facebook.com\/profile.php?id=100090733639311","https:\/\/x.com\/talkpalai","https:\/\/www.linkedin.com\/company\/talkpal\/","https:\/\/www.youtube.com\/@TalkPal\/","https:\/\/www.tiktok.com\/@talkpal","https:\/\/www.instagram.com\/talkpal_ai\/","https:\/\/www.crunchbase.com\/organization\/talkpal-9cde","https:\/\/www.g2.com\/products\/talkpal-for-business\/","https:\/\/www.trustpilot.com\/review\/talkpal.ai","https:\/\/www.capterra.com\/p\/10006800\/TalkPal\/"],"description":"Talkpal is a language learning web and mobile education app, powered by the latest AI technologies, that provides engaging experiences to its customers in many different languages to help them improve their language skills. Users can chat about unlimited amount of topics with the app and use other modes to practice their language learning.","email":"support@talkpal.ai","legalName":"Talkpal, Inc.","foundingDate":"2023-04-03","duns":"118989042","numberOfEmployees":{"@type":"QuantitativeValue","minValue":"11","maxValue":"50"},"publishingPrinciples":"https:\/\/talkpal.ai\/publishing-principles\/","actionableFeedbackPolicy":"https:\/\/talkpal.ai\/actionable-feedback-policy\/","correctionsPolicy":"https:\/\/talkpal.ai\/corrections-policy\/","ethicsPolicy":"https:\/\/talkpal.ai\/ethics-policy\/","diversityPolicy":"https:\/\/talkpal.ai\/diversity-policy\/","diversityStaffingReport":"https:\/\/talkpal.ai\/diversity-policy\/"}]}},"_links":{"self":[{"href":"https:\/\/talkpal.ai\/az\/wp-json\/wp\/v2\/pages\/1474000","targetHints":{"allow":["GET"]}}],"collection":[{"href":"https:\/\/talkpal.ai\/az\/wp-json\/wp\/v2\/pages"}],"about":[{"href":"https:\/\/talkpal.ai\/az\/wp-json\/wp\/v2\/types\/page"}],"author":[{"embeddable":true,"href":"https:\/\/talkpal.ai\/az\/wp-json\/wp\/v2\/users\/20"}],"replies":[{"embeddable":true,"href":"https:\/\/talkpal.ai\/az\/wp-json\/wp\/v2\/comments?post=1474000"}],"version-history":[{"count":0,"href":"https:\/\/talkpal.ai\/az\/wp-json\/wp\/v2\/pages\/1474000\/revisions"}],"wp:attachment":[{"href":"https:\/\/talkpal.ai\/az\/wp-json\/wp\/v2\/media?parent=1474000"}],"curies":[{"name":"wp","href":"https:\/\/api.w.org\/{rel}","templated":true}]}}