{"id":1473907,"date":"2025-11-11T15:33:20","date_gmt":"2025-11-11T15:33:20","guid":{"rendered":"https:\/\/talkpal.ai\/bask-qrammatika-m%c9%99sql%c9%99ri\/"},"modified":"2025-12-30T15:36:18","modified_gmt":"2025-12-30T15:36:18","slug":"bask-qrammatika-m%c9%99sql%c9%99ri","status":"publish","type":"page","link":"https:\/\/talkpal.ai\/az\/bask-qrammatika-m%c9%99sql%c9%99ri\/","title":{"rendered":"Bask qrammatika m\u0259\u015fql\u0259ri"},"content":{"rendered":"\r\n\r\n\r\n<section class=\"languageChallengeSection\">\r\n    <div class=\"languageInfoWrapper\">\r\n        \r\n        <h1>Bask qrammatika m\u0259\u015fql\u0259ri<\/h1>\r\n        <p><a href=\"https:\/\/talkpal.ai\/learn-basque\/\">Bask<\/a> qrammatikas\u0131na dalma\u011fa haz\u0131rs\u0131n\u0131z? Bir ne\u00e7\u0259 \u0259saslar\u0131 m\u0259\u015fq etm\u0259k bu unikal v\u0259 g\u00f6z\u0259l dill\u0259 rahat olma\u011fa k\u00f6m\u0259k ed\u0259c\u0259k. G\u00fcv\u0259ninizi art\u0131rmaq v\u0259 yol boyu \u0259yl\u0259nm\u0259k \u00fc\u00e7\u00fcn bu m\u0259\u015fql\u0259ri s\u0131nay\u0131n!<\/p>\r\n\r\n                            <a class=\"getStartedHidden\" href=\"https:\/\/app.talkpal.ai\/signup?lng=\">Ba\u015fla<\/a>\r\n        \r\n    <\/div>\r\n\r\n    <figure>\r\n    <img decoding=\"async\" width=\"768\" height=\"768\" src=\"https:\/\/talkpal.ai\/wp-content\/uploads\/2023\/06\/welsh-768x768.png\" class=\"languageImage no-lazy\" alt=\"Language learning for better cognitive abilities\" fetchpriority=\"high\" sizes=\"(max-width: 768px) 150px, 768px\" srcset=\"https:\/\/talkpal.ai\/wp-content\/uploads\/2023\/06\/welsh-768x768.png 768w, https:\/\/talkpal.ai\/wp-content\/uploads\/2023\/06\/welsh-300x300.png 300w\" \/>\r\n    \r\n\r\n    <\/figure>\r\n\r\n            <a class=\"getStartedVisible\" href=\"https:\/\/app.talkpal.ai\/signup?lng=\">Ba\u015fla<\/a>\r\n    \r\n<\/section><section class=\"promotionalBanner\">\r\n    <p class=\"promotionalText\">Dil \u00f6yr\u0259nm\u0259yin \u0259n t\u0259sirli yolu<\/p>\r\n    <a class=\"promotionalLink\" href=\"https:\/\/app.talkpal.ai\/signup?lng=\">Talkpal pulsuz s\u0131nay\u0131n<\/a>\r\n<\/section>\n<div class=\"wp-block-group pageContainerStyle\"><div class=\"wp-block-group__inner-container is-layout-constrained wp-block-group-is-layout-constrained\">\n<h2 class=\"wp-block-heading\" id=\"h-basque-grammar-topics\">Bask qrammatika m\u00f6vzular\u0131<\/h2>\n\n\n\n<p><a href=\"https:\/\/talkpal.ai\/az\/yeni-dil-oyr%c9%99n%c9%99rk%c9%99n-qacmaq-lazim-olan-en-boyuk-s%c9%99hvl%c9%99r\/\">Yeni bir dil \u00f6yr\u0259nm\u0259k<\/a> Yeni bir <a href=\"https:\/\/talkpal.ai\/az\/talkpal-chat-vasit%c9%99sil%c9%99-dil-oyr%c9%99nm%c9%99k-ucun-nec%c9%99\/\">dil \u00f6yr\u0259nm\u0259k<\/a> \u00e7\u0259tin, lakin m\u00fckafatland\u0131r\u0131c\u0131 bir i\u015f ola bil\u0259r. Bask \u00d6lk\u0259sind\u0259 dan\u0131\u015f\u0131lan t\u0259crid olunmu\u015f bir dil olan Bask dili d\u0259 istisna deyil. Erqativlik v\u0259 geni\u015f bir hal sistemi d\u0259 daxil olmaqla unikal x\u00fcsusiyy\u0259tl\u0259ri v\u0259 qurulu\u015flar\u0131 il\u0259 Bask <a href=\"https:\/\/talkpal.ai\/az\/t%c9%99hsil-ucun-talkpal\/\">dilini \u00f6yr\u0259nm\u0259k<\/a> , qrammatikas\u0131n\u0131 ba\u015fa d\u00fc\u015fm\u0259k \u00fc\u00e7\u00fcn sistematik bir yana\u015fma t\u0259l\u0259b edir. Bu b\u0259l\u0259d\u00e7i, bask<a href=\"https:\/\/talkpal.ai\/az\/bask-qrammatikasi\/\"> qrammatikas\u0131n\u0131n <\/a>\u0259sas sah\u0259l\u0259rini dil <a href=\"https:\/\/talkpal.ai\/az\/dil-oyr%c9%99nilm%c9%99si-ucun-ai-chatbot\/\">\u00f6yr\u0259nm\u0259si<\/a> \u00fc\u00e7\u00fcn m\u0259ntiqi ard\u0131c\u0131ll\u0131qla t\u0259svir edir, isiml\u0259r v\u0259 m\u0259qal\u0259l\u0259r kimi \u0259saslardan ba\u015flayaraq zamanlar v\u0259 c\u00fcml\u0259 quruculu\u011fu kimi daha m\u00fcr\u0259kk\u0259b sah\u0259l\u0259r\u0259 do\u011fru ir\u0259lil\u0259yir.<\/p>\n\n\n\n<h3 class=\"wp-block-heading\" id=\"h-1-nouns\">1. Nouns:<\/h3>\n\n\n\n<p>Bask dili s\u0259yah\u0259tiniz\u0259 isiml\u0259ri \u00f6yr\u0259nm\u0259kl\u0259 ba\u015flay\u0131n. Bura \u00fcmumi v\u0259 x\u00fcsusi isiml\u0259rin ba\u015fa d\u00fc\u015f\u00fclm\u0259sini, say\u0131 v\u0259 m\u00fc\u0259yy\u0259nliyin sonluqlarla nec\u0259 i\u015far\u0259l\u0259ndiyini v\u0259 m\u00fctl\u0259qiyy\u0259t, ergative v\u0259 dativ kimi rollar \u00fc\u00e7\u00fcn hal sonluqlar\u0131n\u0131n nec\u0259 i\u015fl\u0259diyini ba\u015fa d\u00fc\u015fm\u0259k daxildir.<\/p>\n\n\n\n<h3 class=\"wp-block-heading\" id=\"h-2-articles\">2. M\u0259qal\u0259l\u0259r:<\/h3>\n\n\n\n<p>Bask dilind\u0259 m\u0259qal\u0259l\u0259r <a href=\"https:\/\/talkpal.ai\/ai-english-speaking-practice\/\">ingilis dilind\u0259n<\/a> f\u0259rqli i\u015fl\u0259yir. M\u00fc\u0259yy\u0259n m\u0259qal\u0259 isiml\u0259 ba\u011fl\u0131 bir sonfiksdir v\u0259 h\u0259qiqi qeyri-m\u00fc\u0259yy\u0259n m\u0259qal\u0259 yoxdur. D\u0259qiqlik v\u0259 say\u0131n\u0131n nec\u0259 qeyd olundu\u011funu m\u0259nims\u0259m\u0259k c\u00fcml\u0259 qurulmas\u0131nda \u00e7ox vacibdir.<\/p>\n\n\n\n<h3 class=\"wp-block-heading\" id=\"h-3-adjectives\">3. Adjectives:<\/h3>\n\n\n\n<p>Bask dilind\u0259 sif\u0259tl\u0259r ad\u0259t\u0259n isiml\u0259rini izl\u0259yirl\u0259r. M\u0259qal\u0259nin b\u00fct\u00fcn isim ifad\u0259sinin sonuna nec\u0259 ba\u011fland\u0131\u011f\u0131n\u0131 v\u0259 m\u00fcqayis\u0259li v\u0259 \u00fcst\u00fcnl\u00fckl\u0259ri nec\u0259 formala\u015fd\u0131raca\u011f\u0131n\u0131z\u0131 \u00f6yr\u0259nin, m\u0259s\u0259l\u0259n, m\u00fcqayis\u0259li \u00fc\u00e7\u00fcn -ago v\u0259 \u00fcst\u00fcnl\u00fck \u00fc\u00e7\u00fcn m\u0259qal\u0259 il\u0259 -en.<\/p>\n\n\n\n<h3 class=\"wp-block-heading\" id=\"h-4-pronouns-determiners\">4. Pronouns\/Determinl\u0259r:<\/h3>\n\n\n\n<p>Bask dilind\u0259 \u0259v\u0259zlikl\u0259r v\u0259 determinatorlar vacibdir; \u0130siml\u0259ri \u0259v\u0259z edir v\u0259 miqdar, m\u00fclkiyy\u0259t v\u0259 daha \u00e7ox \u015fey haqq\u0131nda m\u0259lumat verirl\u0259r. Sahiblik determinatorlar\u0131na v\u0259 \u015f\u0259xs v\u0259 \u0259d\u0259din k\u00f6m\u0259k\u00e7i feld\u0259 nec\u0259 \u0259ks olundu\u011funa diqq\u0259t yetirin.<\/p>\n\n\n\n<h3 class=\"wp-block-heading\" id=\"h-5-verbs\">5. Feill\u0259r:<\/h3>\n\n\n\n<p>Bask fell\u0259ri, subyekt v\u0259 obyektl\u0259rl\u0259 uy\u011fun olan k\u00f6m\u0259k\u00e7il\u0259rd\u0259n istifad\u0259 ed\u0259r\u0259k \u0259sas\u0259n perifrastikdir. \u00dcmumi k\u00f6m\u0259k\u00e7il\u0259rin v\u0259 \u0259sas fel hiss\u0259l\u0259rinin indiki zaman\u0131ndan ba\u015flay\u0131n, sonra t\u0259dric\u0259n ke\u00e7mi\u015fi v\u0259 g\u0259l\u0259c\u0259yi v\u0259 imperativ formalar\u0131 ara\u015fd\u0131r\u0131n.<\/p>\n\n\n\n<h3 class=\"wp-block-heading\" id=\"h-6-tenses\">6. G\u0259rginlikl\u0259r:<\/h3>\n\n\n\n<p>Fel formalar\u0131n\u0131 m\u0259nims\u0259dikd\u0259n sonra, Bask zaman\u0131n\u0131 v\u0259 aspektini daha d\u0259rind\u0259n ara\u015fd\u0131r\u0131n. \u0130ndiki, ke\u00e7mi\u015f v\u0259 g\u0259l\u0259c\u0259k m\u0259nalar\u0131n k\u00f6m\u0259k\u00e7i v\u0259 i\u015ftiraklarla nec\u0259 ifad\u0259 olundu\u011funu v\u0259 aspekt f\u0259rql\u0259rinin m\u00fcxt\u0259lif kontekstl\u0259rd\u0259 istifad\u0259y\u0259 nec\u0259 t\u0259sir etdiyini anlay\u0131n.<\/p>\n\n\n\n<h3 class=\"wp-block-heading\" id=\"h-7-tense-comparison\">7. G\u0259rgin m\u00fcqayis\u0259:<\/h3>\n\n\n\n<p>Bask dilind\u0259 zamanlar\u0131 m\u00fcqayis\u0259 etm\u0259k hadis\u0259l\u0259rin ard\u0131c\u0131ll\u0131\u011f\u0131n\u0131 anlama\u011fa k\u00f6m\u0259k edir. Eyni fel ifad\u0259sini indiki, ke\u00e7mi\u015f v\u0259 g\u0259l\u0259c\u0259k k\u00f6m\u0259k\u00e7il\u0259r aras\u0131nda m\u00fcqayis\u0259 etm\u0259k, Bask dilinin zaman v\u0259 aspekti nec\u0259 idar\u0259 etdiyini daha yax\u015f\u0131 ba\u015fa d\u00fc\u015fm\u0259y\u0259 imkan ver\u0259c\u0259kdir.<\/p>\n\n\n\n<h3 class=\"wp-block-heading\" id=\"h-8-progressive\">8. M\u00fct\u0259r\u0259qqi:<\/h3>\n\n\n\n<p>M\u00fct\u0259r\u0259qqi Bask dilind\u0259 davam ed\u0259n h\u0259r\u0259k\u0259tl\u0259ri ifad\u0259 etm\u0259k \u00fc\u00e7\u00fcn istifad\u0259 olunur. K\u00f6m\u0259k\u00e7i olaraq ariizan il\u0259 birlikd\u0259 felin -tzen formas\u0131 il\u0259 \u0259m\u0259l\u0259 g\u0259lir.<\/p>\n\n\n\n<h3 class=\"wp-block-heading\" id=\"h-9-perfect-progressive\">9. M\u00fck\u0259mm\u0259l T\u0259r\u0259qqi:<\/h3>\n\n\n\n<p>Bu, m\u00fc\u0259yy\u0259n bir n\u00f6qt\u0259y\u0259 q\u0259d\u0259r davam ed\u0259n h\u0259r\u0259k\u0259tl\u0259ri ifad\u0259 etm\u0259k \u00fc\u00e7\u00fcn istifad\u0259 olunur. Bask dilind\u0259 ari v\u0259 \u0259sas felin -tzen formas\u0131 il\u0259 birlikd\u0259 izan\u0131n m\u00fck\u0259mm\u0259lliyi il\u0259 \u0259m\u0259l\u0259 g\u0259lir.<\/p>\n\n\n\n<h3 class=\"wp-block-heading\" id=\"h-10-conditionals\">10. \u015e\u0259rti olaraq:<\/h3>\n\n\n\n<p>\u015e\u0259rti v\u0259ziyy\u0259tl\u0259r hipotetik v\u0259ziyy\u0259tl\u0259ri v\u0259 onlar\u0131n m\u00fcmk\u00fcn n\u0259tic\u0259l\u0259rini ifad\u0259 edir. Bask dilind\u0259 \u015f\u0259rti k\u00f6m\u0259k\u00e7il\u0259r v\u0259 ba il\u0259 t\u0259qdim olunan b\u0259ndl\u0259rl\u0259 formala\u015f\u0131rlar v\u0259 dil bacar\u0131qlar\u0131n\u0131za n\u00fcans v\u0259 d\u0259qiqlik \u0259lav\u0259 ed\u0259c\u0259kl\u0259r.<\/p>\n\n\n\n<h3 class=\"wp-block-heading\" id=\"h-11-adverbs\">11. Adverbl\u0259r:<\/h3>\n\n\n\n<p>Bask dilind\u0259 z\u0259rfl\u0259r fell\u0259ri, sif\u0259tl\u0259ri v\u0259 ya dig\u0259r z\u0259rfl\u0259ri d\u0259yi\u015fdirir. T\u0259rz, yer, zaman, d\u0259r\u0259c\u0259 v\u0259 daha \u00e7ox \u015fey haqq\u0131nda m\u0259lumat verirl\u0259r v\u0259 kontekstd\u0259n as\u0131l\u0131 olaraq \u00fcmumi z\u0259rf s\u00f6zl\u0259ri v\u0259 ya -ki v\u0259 ya -z kimi sonfiksl\u0259rl\u0259 formala\u015fa bil\u0259rl\u0259r.<\/p>\n\n\n\n<h3 class=\"wp-block-heading\" id=\"h-12-prepositions\">12. Prepozisiyalar:<\/h3>\n\n\n\n<p>Bask \u0259sas\u0259n \u00f6n s\u00f6zl\u0259rd\u0259n daha \u00e7ox postpositions v\u0259 hal sonluqlar\u0131ndan istifad\u0259 edir. Zaman, yer, istiqam\u0259t v\u0259 daha \u00e7ox \u0259laq\u0259ni ifad\u0259 edirl\u0259r v\u0259 s\u00f6zl\u0259ri v\u0259 ifad\u0259l\u0259ri bir-birin\u0259 ba\u011flamaq \u00fc\u00e7\u00fcn vacibdirl\u0259r.<\/p>\n\n\n\n<h3 class=\"wp-block-heading\" id=\"h-13-sentences\">13. C\u00fcml\u0259l\u0259r:<\/h3>\n\n\n\n<p>Sonda c\u00fcml\u0259l\u0259rin d\u00fcz\u0259ldili\u015fl\u0259rini m\u0259\u015fq etdir. Bu, \u0259vv\u0259ll\u0259r \u00f6yr\u0259nilmi\u015f b\u00fct\u00fcn <a href=\"https:\/\/talkpal.ai\/grammar\/\">qrammatika<\/a> n\u00f6qt\u0259l\u0259rinin kontekstd\u0259 istifad\u0259sini, Bask dilinin tipik SOV s\u00f6z s\u0131ras\u0131na, fokusun yerl\u0259\u015fdirilm\u0259sin\u0259 v\u0259 inkar\u0131na diqq\u0259t yetirm\u0259yi \u0259hat\u0259 ed\u0259c\u0259k v\u0259 bel\u0259likl\u0259 Bask dilinin h\u0259rt\u0259r\u0259fli ba\u015fa d\u00fc\u015f\u00fclm\u0259sini t\u0259min ed\u0259c\u0259kdir.<\/p>\n<\/div><\/div>\n\r\n<section class=\"learnNavigationSection\">\r\n            \r\n        <a href=\"https:\/\/talkpal.ai\/az\/bask-dilini-oyr%c9%99nin\/\">\r\n            <div class=\"learnNavigationWrapper\">\r\n                <div class=\"learnNavigationContent\">\r\n                    <img decoding=\"async\" src=\"https:\/\/talkpal.ai\/wp-content\/uploads\/2025\/11\/Basque.png\" alt=\"Basque Flag\">\r\n                    <div>\r\n                        <h4>Bask \u00d6yr\u0259nm\u0259 Haqq\u0131nda<\/h4>\r\n                        <p>Bask qrammatikas\u0131 haqq\u0131nda h\u0259r \u015feyi \u00f6yr\u0259nin.<\/p>\r\n                    <\/div>\r\n                <\/div>\r\n            <\/div>\r\n        <\/a>\r\n\r\n        \r\n        <a href=\"https:\/\/talkpal.ai\/az\/bask-qrammatikasi\/\">\r\n            <div class=\"learnNavigationWrapper\">\r\n                <div class=\"learnNavigationContent\">\r\n                    <img decoding=\"async\" src=\"https:\/\/talkpal.ai\/wp-content\/uploads\/2025\/11\/Basque.png\" alt=\"Basque Flag\">\r\n                    <div>\r\n                        <h4>Bask qrammatika d\u0259rsl\u0259ri<\/h4>\r\n                        <p>Bask qrammatikas\u0131n\u0131 t\u0259tbiq edin.<\/p>\r\n                    <\/div>\r\n                <\/div>\r\n            <\/div>\r\n        <\/a>\r\n\r\n            <\/section>","protected":false},"excerpt":{"rendered":"<p>Bask qrammatika m\u00f6vzular\u0131 Yeni bir dil \u00f6yr\u0259nm\u0259k Yeni bir dil \u00f6yr\u0259nm\u0259k \u00e7\u0259tin, lakin m\u00fckafatland\u0131r\u0131c\u0131 bir i\u015f ola bil\u0259r. Bask \u00d6lk\u0259sind\u0259 dan\u0131\u015f\u0131lan t\u0259crid olunmu\u015f bir dil olan Bask dili d\u0259 istisna deyil. Erqativlik v\u0259 geni\u015f bir hal sistemi d\u0259 daxil olmaqla unikal x\u00fcsusiyy\u0259tl\u0259ri v\u0259 qurulu\u015flar\u0131 il\u0259 Bask dilini \u00f6yr\u0259nm\u0259k , qrammatikas\u0131n\u0131 ba\u015fa d\u00fc\u015fm\u0259k \u00fc\u00e7\u00fcn sistematik bir [&hellip;]<\/p>\n","protected":false},"author":20,"featured_media":0,"parent":0,"menu_order":0,"comment_status":"closed","ping_status":"closed","template":"LearningContentPage.php","meta":{"_acf_changed":false,"footnotes":""},"class_list":["post-1473907","page","type-page","status-publish","hentry"],"acf":[],"yoast_head":"<!-- This site is optimized with the Yoast SEO Premium plugin v27.2 (Yoast SEO v27.2) - https:\/\/yoast.com\/product\/yoast-seo-premium-wordpress\/ -->\n<title>Bask qrammatika m\u0259\u015fql\u0259ri - Talkpal<\/title>\n<meta name=\"description\" content=\"Dil bacar\u0131qlar\u0131n\u0131z\u0131 art\u0131rmaq \u00fc\u00e7\u00fcn isiml\u0259ri, fell\u0259ri v\u0259 zamanlar\u0131 \u0259hat\u0259 ed\u0259n maraql\u0131 m\u0259\u015fql\u0259rl\u0259 Bask qrammatikas\u0131na yiy\u0259l\u0259nin.\" \/>\n<meta name=\"robots\" content=\"index, follow, max-snippet:-1, max-image-preview:large, max-video-preview:-1\" \/>\n<link rel=\"canonical\" href=\"https:\/\/talkpal.ai\/az\/bask-qrammatika-m%c9%99sql%c9%99ri\/\" \/>\n<meta property=\"og:locale\" content=\"az_AZ\" \/>\n<meta property=\"og:type\" content=\"article\" \/>\n<meta property=\"og:title\" content=\"Bask qrammatika m\u0259\u015fql\u0259ri\" \/>\n<meta property=\"og:description\" content=\"Bask qrammatika m\u00f6vzular\u0131 Yeni bir dil \u00f6yr\u0259nm\u0259k Yeni bir dil \u00f6yr\u0259nm\u0259k \u00e7\u0259tin, lakin m\u00fckafatland\u0131r\u0131c\u0131 bir i\u015f ola bil\u0259r. Bask \u00d6lk\u0259sind\u0259 dan\u0131\u015f\u0131lan t\u0259crid\" \/>\n<meta property=\"og:url\" content=\"https:\/\/talkpal.ai\/az\/bask-qrammatika-m%c9%99sql%c9%99ri\/\" \/>\n<meta property=\"og:site_name\" content=\"Talkpal\" \/>\n<meta property=\"article:publisher\" content=\"https:\/\/www.facebook.com\/profile.php?id=100090733639311\" \/>\n<meta property=\"article:modified_time\" content=\"2025-12-30T15:36:18+00:00\" \/>\n<meta property=\"og:image\" content=\"https:\/\/talkpal.ai\/wp-content\/uploads\/2025\/02\/Progress-tab-16_9.png\" \/>\n\t<meta property=\"og:image:width\" content=\"2880\" \/>\n\t<meta property=\"og:image:height\" content=\"1620\" \/>\n\t<meta property=\"og:image:type\" content=\"image\/png\" \/>\n<meta name=\"twitter:card\" content=\"summary_large_image\" \/>\n<meta name=\"twitter:site\" content=\"@talkpalai\" \/>\n<meta name=\"twitter:label1\" content=\"Est. reading time\" \/>\n\t<meta name=\"twitter:data1\" content=\"5 minutes\" \/>\n<script type=\"application\/ld+json\" class=\"yoast-schema-graph\">{\"@context\":\"https:\/\/schema.org\",\"@graph\":[{\"@type\":\"WebPage\",\"@id\":\"https:\/\/talkpal.ai\/az\/bask-qrammatika-m%c9%99sql%c9%99ri\/\",\"url\":\"https:\/\/talkpal.ai\/az\/bask-qrammatika-m%c9%99sql%c9%99ri\/\",\"name\":\"Bask qrammatika m\u0259\u015fql\u0259ri - Talkpal\",\"isPartOf\":{\"@id\":\"https:\/\/talkpal.ai\/az\/#website\"},\"datePublished\":\"2025-11-11T15:33:20+00:00\",\"dateModified\":\"2025-12-30T15:36:18+00:00\",\"description\":\"Dil bacar\u0131qlar\u0131n\u0131z\u0131 art\u0131rmaq \u00fc\u00e7\u00fcn isiml\u0259ri, fell\u0259ri v\u0259 zamanlar\u0131 \u0259hat\u0259 ed\u0259n maraql\u0131 m\u0259\u015fql\u0259rl\u0259 Bask qrammatikas\u0131na yiy\u0259l\u0259nin.\",\"breadcrumb\":{\"@id\":\"https:\/\/talkpal.ai\/az\/bask-qrammatika-m%c9%99sql%c9%99ri\/#breadcrumb\"},\"inLanguage\":\"az\",\"potentialAction\":[{\"@type\":\"ReadAction\",\"target\":[\"https:\/\/talkpal.ai\/az\/bask-qrammatika-m%c9%99sql%c9%99ri\/\"]}]},{\"@type\":\"BreadcrumbList\",\"@id\":\"https:\/\/talkpal.ai\/az\/bask-qrammatika-m%c9%99sql%c9%99ri\/#breadcrumb\",\"itemListElement\":[{\"@type\":\"ListItem\",\"position\":1,\"name\":\"Homepage\",\"item\":\"https:\/\/talkpal.ai\/az\/\"},{\"@type\":\"ListItem\",\"position\":2,\"name\":\"Bask qrammatika m\u0259\u015fql\u0259ri\"}]},{\"@type\":\"WebSite\",\"@id\":\"https:\/\/talkpal.ai\/az\/#website\",\"url\":\"https:\/\/talkpal.ai\/az\/\",\"name\":\"Talkpal\",\"description\":\"AI Language Learning\",\"publisher\":{\"@id\":\"https:\/\/talkpal.ai\/az\/#organization\"},\"alternateName\":\"Talkpal AI\",\"potentialAction\":[{\"@type\":\"SearchAction\",\"target\":{\"@type\":\"EntryPoint\",\"urlTemplate\":\"https:\/\/talkpal.ai\/az\/?s={search_term_string}\"},\"query-input\":{\"@type\":\"PropertyValueSpecification\",\"valueRequired\":true,\"valueName\":\"search_term_string\"}}],\"inLanguage\":\"az\"},{\"@type\":\"Organization\",\"@id\":\"https:\/\/talkpal.ai\/az\/#organization\",\"name\":\"Talkpal, Inc.\",\"alternateName\":\"Talkpal AI\",\"url\":\"https:\/\/talkpal.ai\/az\/\",\"logo\":{\"@type\":\"ImageObject\",\"inLanguage\":\"az\",\"@id\":\"https:\/\/talkpal.ai\/az\/#\/schema\/logo\/image\/\",\"url\":\"https:\/\/talkpal.ai\/wp-content\/uploads\/2024\/03\/Talkpal-Logo-Icon.png\",\"contentUrl\":\"https:\/\/talkpal.ai\/wp-content\/uploads\/2024\/03\/Talkpal-Logo-Icon.png\",\"width\":2880,\"height\":2880,\"caption\":\"Talkpal, Inc.\"},\"image\":{\"@id\":\"https:\/\/talkpal.ai\/az\/#\/schema\/logo\/image\/\"},\"sameAs\":[\"https:\/\/www.facebook.com\/profile.php?id=100090733639311\",\"https:\/\/x.com\/talkpalai\",\"https:\/\/www.linkedin.com\/company\/talkpal\/\",\"https:\/\/www.youtube.com\/@TalkPal\/\",\"https:\/\/www.tiktok.com\/@talkpal\",\"https:\/\/www.instagram.com\/talkpal_ai\/\",\"https:\/\/www.crunchbase.com\/organization\/talkpal-9cde\",\"https:\/\/www.g2.com\/products\/talkpal-for-business\/\",\"https:\/\/www.trustpilot.com\/review\/talkpal.ai\",\"https:\/\/www.capterra.com\/p\/10006800\/TalkPal\/\"],\"description\":\"Talkpal is a language learning web and mobile education app, powered by the latest AI technologies, that provides engaging experiences to its customers in many different languages to help them improve their language skills. Users can chat about unlimited amount of topics with the app and use other modes to practice their language learning.\",\"email\":\"support@talkpal.ai\",\"legalName\":\"Talkpal, Inc.\",\"foundingDate\":\"2023-04-03\",\"duns\":\"118989042\",\"numberOfEmployees\":{\"@type\":\"QuantitativeValue\",\"minValue\":\"11\",\"maxValue\":\"50\"},\"publishingPrinciples\":\"https:\/\/talkpal.ai\/publishing-principles\/\",\"actionableFeedbackPolicy\":\"https:\/\/talkpal.ai\/actionable-feedback-policy\/\",\"correctionsPolicy\":\"https:\/\/talkpal.ai\/corrections-policy\/\",\"ethicsPolicy\":\"https:\/\/talkpal.ai\/ethics-policy\/\",\"diversityPolicy\":\"https:\/\/talkpal.ai\/diversity-policy\/\",\"diversityStaffingReport\":\"https:\/\/talkpal.ai\/diversity-policy\/\"}]}<\/script>\n<!-- \/ Yoast SEO Premium plugin. -->","yoast_head_json":{"title":"Bask qrammatika m\u0259\u015fql\u0259ri - Talkpal","description":"Dil bacar\u0131qlar\u0131n\u0131z\u0131 art\u0131rmaq \u00fc\u00e7\u00fcn isiml\u0259ri, fell\u0259ri v\u0259 zamanlar\u0131 \u0259hat\u0259 ed\u0259n maraql\u0131 m\u0259\u015fql\u0259rl\u0259 Bask qrammatikas\u0131na yiy\u0259l\u0259nin.","robots":{"index":"index","follow":"follow","max-snippet":"max-snippet:-1","max-image-preview":"max-image-preview:large","max-video-preview":"max-video-preview:-1"},"canonical":"https:\/\/talkpal.ai\/az\/bask-qrammatika-m%c9%99sql%c9%99ri\/","og_locale":"az_AZ","og_type":"article","og_title":"Bask qrammatika m\u0259\u015fql\u0259ri","og_description":"Bask qrammatika m\u00f6vzular\u0131 Yeni bir dil \u00f6yr\u0259nm\u0259k Yeni bir dil \u00f6yr\u0259nm\u0259k \u00e7\u0259tin, lakin m\u00fckafatland\u0131r\u0131c\u0131 bir i\u015f ola bil\u0259r. Bask \u00d6lk\u0259sind\u0259 dan\u0131\u015f\u0131lan t\u0259crid","og_url":"https:\/\/talkpal.ai\/az\/bask-qrammatika-m%c9%99sql%c9%99ri\/","og_site_name":"Talkpal","article_publisher":"https:\/\/www.facebook.com\/profile.php?id=100090733639311","article_modified_time":"2025-12-30T15:36:18+00:00","og_image":[{"width":2880,"height":1620,"url":"https:\/\/talkpal.ai\/wp-content\/uploads\/2025\/02\/Progress-tab-16_9.png","type":"image\/png"}],"twitter_card":"summary_large_image","twitter_site":"@talkpalai","twitter_misc":{"Est. reading time":"5 minutes"},"schema":{"@context":"https:\/\/schema.org","@graph":[{"@type":"WebPage","@id":"https:\/\/talkpal.ai\/az\/bask-qrammatika-m%c9%99sql%c9%99ri\/","url":"https:\/\/talkpal.ai\/az\/bask-qrammatika-m%c9%99sql%c9%99ri\/","name":"Bask qrammatika m\u0259\u015fql\u0259ri - Talkpal","isPartOf":{"@id":"https:\/\/talkpal.ai\/az\/#website"},"datePublished":"2025-11-11T15:33:20+00:00","dateModified":"2025-12-30T15:36:18+00:00","description":"Dil bacar\u0131qlar\u0131n\u0131z\u0131 art\u0131rmaq \u00fc\u00e7\u00fcn isiml\u0259ri, fell\u0259ri v\u0259 zamanlar\u0131 \u0259hat\u0259 ed\u0259n maraql\u0131 m\u0259\u015fql\u0259rl\u0259 Bask qrammatikas\u0131na yiy\u0259l\u0259nin.","breadcrumb":{"@id":"https:\/\/talkpal.ai\/az\/bask-qrammatika-m%c9%99sql%c9%99ri\/#breadcrumb"},"inLanguage":"az","potentialAction":[{"@type":"ReadAction","target":["https:\/\/talkpal.ai\/az\/bask-qrammatika-m%c9%99sql%c9%99ri\/"]}]},{"@type":"BreadcrumbList","@id":"https:\/\/talkpal.ai\/az\/bask-qrammatika-m%c9%99sql%c9%99ri\/#breadcrumb","itemListElement":[{"@type":"ListItem","position":1,"name":"Homepage","item":"https:\/\/talkpal.ai\/az\/"},{"@type":"ListItem","position":2,"name":"Bask qrammatika m\u0259\u015fql\u0259ri"}]},{"@type":"WebSite","@id":"https:\/\/talkpal.ai\/az\/#website","url":"https:\/\/talkpal.ai\/az\/","name":"Talkpal","description":"AI Language Learning","publisher":{"@id":"https:\/\/talkpal.ai\/az\/#organization"},"alternateName":"Talkpal AI","potentialAction":[{"@type":"SearchAction","target":{"@type":"EntryPoint","urlTemplate":"https:\/\/talkpal.ai\/az\/?s={search_term_string}"},"query-input":{"@type":"PropertyValueSpecification","valueRequired":true,"valueName":"search_term_string"}}],"inLanguage":"az"},{"@type":"Organization","@id":"https:\/\/talkpal.ai\/az\/#organization","name":"Talkpal, Inc.","alternateName":"Talkpal AI","url":"https:\/\/talkpal.ai\/az\/","logo":{"@type":"ImageObject","inLanguage":"az","@id":"https:\/\/talkpal.ai\/az\/#\/schema\/logo\/image\/","url":"https:\/\/talkpal.ai\/wp-content\/uploads\/2024\/03\/Talkpal-Logo-Icon.png","contentUrl":"https:\/\/talkpal.ai\/wp-content\/uploads\/2024\/03\/Talkpal-Logo-Icon.png","width":2880,"height":2880,"caption":"Talkpal, Inc."},"image":{"@id":"https:\/\/talkpal.ai\/az\/#\/schema\/logo\/image\/"},"sameAs":["https:\/\/www.facebook.com\/profile.php?id=100090733639311","https:\/\/x.com\/talkpalai","https:\/\/www.linkedin.com\/company\/talkpal\/","https:\/\/www.youtube.com\/@TalkPal\/","https:\/\/www.tiktok.com\/@talkpal","https:\/\/www.instagram.com\/talkpal_ai\/","https:\/\/www.crunchbase.com\/organization\/talkpal-9cde","https:\/\/www.g2.com\/products\/talkpal-for-business\/","https:\/\/www.trustpilot.com\/review\/talkpal.ai","https:\/\/www.capterra.com\/p\/10006800\/TalkPal\/"],"description":"Talkpal is a language learning web and mobile education app, powered by the latest AI technologies, that provides engaging experiences to its customers in many different languages to help them improve their language skills. Users can chat about unlimited amount of topics with the app and use other modes to practice their language learning.","email":"support@talkpal.ai","legalName":"Talkpal, Inc.","foundingDate":"2023-04-03","duns":"118989042","numberOfEmployees":{"@type":"QuantitativeValue","minValue":"11","maxValue":"50"},"publishingPrinciples":"https:\/\/talkpal.ai\/publishing-principles\/","actionableFeedbackPolicy":"https:\/\/talkpal.ai\/actionable-feedback-policy\/","correctionsPolicy":"https:\/\/talkpal.ai\/corrections-policy\/","ethicsPolicy":"https:\/\/talkpal.ai\/ethics-policy\/","diversityPolicy":"https:\/\/talkpal.ai\/diversity-policy\/","diversityStaffingReport":"https:\/\/talkpal.ai\/diversity-policy\/"}]}},"_links":{"self":[{"href":"https:\/\/talkpal.ai\/az\/wp-json\/wp\/v2\/pages\/1473907","targetHints":{"allow":["GET"]}}],"collection":[{"href":"https:\/\/talkpal.ai\/az\/wp-json\/wp\/v2\/pages"}],"about":[{"href":"https:\/\/talkpal.ai\/az\/wp-json\/wp\/v2\/types\/page"}],"author":[{"embeddable":true,"href":"https:\/\/talkpal.ai\/az\/wp-json\/wp\/v2\/users\/20"}],"replies":[{"embeddable":true,"href":"https:\/\/talkpal.ai\/az\/wp-json\/wp\/v2\/comments?post=1473907"}],"version-history":[{"count":0,"href":"https:\/\/talkpal.ai\/az\/wp-json\/wp\/v2\/pages\/1473907\/revisions"}],"wp:attachment":[{"href":"https:\/\/talkpal.ai\/az\/wp-json\/wp\/v2\/media?parent=1473907"}],"curies":[{"name":"wp","href":"https:\/\/api.w.org\/{rel}","templated":true}]}}