{"id":1473881,"date":"2025-11-11T12:01:19","date_gmt":"2025-11-11T12:01:19","guid":{"rendered":"https:\/\/talkpal.ai\/alban-qrammatikasi\/"},"modified":"2025-12-30T15:38:11","modified_gmt":"2025-12-30T15:38:11","slug":"alban-qrammatikasi","status":"publish","type":"page","link":"https:\/\/talkpal.ai\/az\/alban-qrammatikasi\/","title":{"rendered":"Alban qrammatikas\u0131"},"content":{"rendered":"\r\n\r\n\r\n<section class=\"languageChallengeSection\">\r\n    <div class=\"languageInfoWrapper\">\r\n        \r\n        <h1>Alban qrammatikas\u0131<\/h1>\r\n        <p><a href=\"https:\/\/talkpal.ai\/learn-albanian\/\">Alban<\/a> qrammatikas\u0131 ilk bax\u0131\u015fda \u00e7\u0259tin g\u00f6r\u00fcn\u0259 bil\u0259r, lakin onun unikal x\u00fcsusiyy\u0259tl\u0259ri dili \u00f6yr\u0259nm\u0259yi faydal\u0131 bir t\u0259cr\u00fcb\u0259 hal\u0131na g\u0259tirir. Onun \u0259lifbas\u0131n\u0131, mutasiyalar\u0131n\u0131 v\u0259 qrammatik qaydalar\u0131n\u0131 t\u0259dqiq etm\u0259kl\u0259 siz z\u0259ngin dil \u0259n\u0259n\u0259si haqq\u0131nda fikir \u0259ld\u0259 ed\u0259c\u0259ksiniz. S\u0259yah\u0259tiniz\u0259 ba\u015flay\u0131n v\u0259 Albaniyan\u0131n g\u00f6z\u0259lliyini k\u0259\u015ff edin!<\/p>\r\n\r\n                            <a class=\"getStartedHidden\" href=\"https:\/\/app.talkpal.ai\/signup?lng=\">Ba\u015fla<\/a>\r\n        \r\n    <\/div>\r\n\r\n    <figure>\r\n    <img decoding=\"async\" width=\"768\" height=\"768\" src=\"https:\/\/talkpal.ai\/wp-content\/uploads\/2023\/06\/welsh-768x768.png\" class=\"languageImage no-lazy\" alt=\"Language learning for better cognitive abilities\" fetchpriority=\"high\" sizes=\"(max-width: 768px) 150px, 768px\" srcset=\"https:\/\/talkpal.ai\/wp-content\/uploads\/2023\/06\/welsh-768x768.png 768w, https:\/\/talkpal.ai\/wp-content\/uploads\/2023\/06\/welsh-300x300.png 300w\" \/>\r\n    \r\n\r\n    <\/figure>\r\n\r\n            <a class=\"getStartedVisible\" href=\"https:\/\/app.talkpal.ai\/signup?lng=\">Ba\u015fla<\/a>\r\n    \r\n<\/section><section class=\"promotionalBanner\">\r\n    <p class=\"promotionalText\">Dil \u00f6yr\u0259nm\u0259yin \u0259n t\u0259sirli yolu<\/p>\r\n    <a class=\"promotionalLink\" href=\"https:\/\/app.talkpal.ai\/signup?lng=\">Talkpal pulsuz s\u0131nay\u0131n<\/a>\r\n<\/section>\n<div class=\"wp-block-group pageContainerStyle\"><div class=\"wp-block-group__inner-container is-layout-constrained wp-block-group-is-layout-constrained\">\n<h2 class=\"wp-block-heading\" id=\"h-navigating-the-intricacies-of-albanian-grammar\">Alban qrammatikas\u0131n\u0131n inc\u0259likl\u0259ri<\/h2>\n\n\n\n<p>F\u0259rqli bir qolu v\u0259 d\u0259rin m\u0259d\u0259ni k\u00f6kl\u0259ri olan bir Hind Avropa dili <a href=\"https:\/\/talkpal.ai\/az\/alban-dilini-oyr%c9%99n\/\">olan alban<\/a>, unikal <a href=\"https:\/\/talkpal.ai\/grammar\/\">qrammatika<\/a> v\u0259 s\u0259s sistemin\u0259 c\u0259lb olunan \u015fagirdl\u0259r \u00fc\u00e7\u00fcn m\u00fckafatland\u0131r\u0131c\u0131 bir s\u0259yah\u0259t t\u0259klif edir. Alban dilini ara\u015fd\u0131rd\u0131qca, Albaniya m\u0259d\u0259niyy\u0259ti v\u0259 daha geni\u015f alban dilli d\u00fcnya il\u0259 <a href=\"https:\/\/talkpal.ai\/contact\/\">\u0259laq\u0259<\/a> qurark\u0259n linqvistik al\u0259tl\u0259rinizi geni\u015fl\u0259ndir\u0259c\u0259ksiniz. Alban qrammatikas\u0131 \u0259vv\u0259lc\u0259 m\u00fcr\u0259kk\u0259b g\u00f6r\u00fcn\u0259 bil\u0259r, lakin onu \u0259sas hiss\u0259l\u0259r\u0259 b\u00f6lm\u0259k ir\u0259lil\u0259yi\u015fi asanla\u015fd\u0131r\u0131r. A\u015fa\u011f\u0131da, onlar\u0131 m\u0259nims\u0259m\u0259yiniz\u0259 k\u00f6m\u0259k ed\u0259c\u0259k t\u00f6vsiy\u0259l\u0259rl\u0259 \u0259saslanan bir b\u0259l\u0259d\u00e7i verilmi\u015fdir.<\/p>\n\n\n\n<h3 class=\"wp-block-heading\" id=\"h-1-albanian-alphabet-and-phonetics\">1. Alban \u0259lifbas\u0131 v\u0259 fonetikas\u0131<\/h3>\n\n\n\n<p>Alban \u0259lifbas\u0131nda 36 h\u0259rf var, o c\u00fcml\u0259d\u0259n bir ne\u00e7\u0259si diqraf kimi yaz\u0131lm\u0131\u015f, lakin t\u0259k h\u0259rfl\u0259r kimi say\u0131l\u0131r, m\u0259s\u0259l\u0259n, dh, gj, ll, nj, rr, sh, th, xh, zh. O da c v\u0259 \u00eb istifad\u0259 edir v\u0259 y saiti yax\u0131n \u00f6n yuvarlaq bir s\u0259si t\u0259msil edir. R v\u0259 rr aras\u0131ndak\u0131 kontrast m\u0259nal\u0131d\u0131r v\u0259 q v\u0259 gj k v\u0259 g-d\u0259n f\u0259rqli palatal dayanacaqlard\u0131r. Y\u00fcks\u0259k s\u0259sl\u0259 oxumaq v\u0259 dinl\u0259m\u0259 t\u0259cr\u00fcb\u0259si il\u0259 bu s\u0259sl\u0259r v\u0259 h\u0259rfl\u0259rl\u0259 rahatla\u015fmaq \u0259sas ilk add\u0131md\u0131r.<\/p>\n\n\n\n<h3 class=\"wp-block-heading\" id=\"h-2-definite-articles-and-linkers-a-distinctive-albanian-feature\">2. M\u00fc\u0259yy\u0259n M\u0259qal\u0259l\u0259r v\u0259 Linkerl\u0259r: F\u0259rqli Alban X\u00fcsusiyy\u0259ti<\/h3>\n\n\n\n<p>Alban dilinin f\u0259rql\u0259ndirici \u0259lam\u0259ti, isiml\u0259r\u0259 \u0259lav\u0259 olan v\u0259 cins v\u0259 n\u00f6mr\u0259y\u0259 g\u00f6r\u0259 d\u0259yi\u015f\u0259n sonfiksli m\u00fc\u0259yy\u0259n m\u0259qal\u0259dir. Ba\u015fqa bir diqq\u0259t\u0259layiq x\u00fcsusiyy\u0259t, isim ifad\u0259sind\u0259ki \u0259laq\u0259l\u0259ndirici hiss\u0259cikdir, ad\u0259t\u0259n i v\u0259 ya e qeyri-m\u00fc\u0259yy\u0259n v\u0259 t\u00eb v\u0259 ya s\u00eb sif\u0259tl\u0259rd\u0259n v\u0259 b\u0259zi modifikatorlardan \u0259vv\u0259l istifad\u0259 olunan m\u00fc\u0259yy\u0259n v\u0259 hal kontekstl\u0259rind\u0259. D\u0259qiqliyin v\u0259 \u0259laq\u0259l\u0259ndiricinin n\u0259 vaxt v\u0259 nec\u0259 g\u00f6r\u00fcnd\u00fcy\u00fcn\u00fc anlamaq alban dilind\u0259 d\u0259qiq \u00fcnsiyy\u0259t \u00fc\u00e7\u00fcn \u00e7ox vacibdir.<\/p>\n\n\n\n<h3 class=\"wp-block-heading\" id=\"h-3-nouns-and-pronouns-gender-and-cases\">3. Nouns v\u0259 Pronouns: Cins v\u0259 Hallar<\/h3>\n\n\n\n<p>Alban isiml\u0259ri qrammatik cins\u0259 (ki\u015fi v\u0259 ya qad\u0131n) malikdir v\u0259 f\u0259rqli c\u0259m formala\u015fma n\u00fcmun\u0259l\u0259rini izl\u0259yirl\u0259r. Dil, standart dild\u0259 <a href=\"https:\/\/talkpal.ai\/will-ai-kill-traditional-language-learning\/\">\u0259n\u0259n\u0259vi<\/a> olaraq be\u015f hal, isim ifad\u0259sind\u0259ki hal m\u00fcnasib\u0259tl\u0259rini qeyd edir. \u018fv\u0259zlikl\u0259r\u0259 \u015f\u0259xsi, m\u00fclkiyy\u0259t\u00e7i, refleksiv, n\u00fcmayi\u015f v\u0259 sor\u011fu formalar\u0131, el\u0259c\u0259 d\u0259 fel\u0259 yap\u0131\u015fan obyekt klitikas\u0131 daxildir. Bu \u0259v\u0259zlikl\u0259rl\u0259 tan\u0131\u015f olmaq v\u0259 onlar\u0131n yerl\u0259\u015fdirilm\u0259si Alban qrammatikas\u0131n\u0131 \u0259h\u0259miyy\u0259tli d\u0259r\u0259c\u0259d\u0259 art\u0131racaqd\u0131r.<\/p>\n\n\n\n<h3 class=\"wp-block-heading\" id=\"h-4-verbs-structure-and-conjugation\">4. Feill\u0259r: Struktur v\u0259 konyunktura<\/h3>\n\n\n\n<p>Alban fell\u0259ri zaman, \u0259hval-ruhiyy\u0259 v\u0259 \u015f\u0259xsd\u0259n as\u0131l\u0131 olaraq f\u0259rqli bir qurulu\u015f v\u0259 konjugasiya n\u00fcmun\u0259si izl\u0259yir. \u018fsas zamanlara indiki zaman, sad\u0259 ke\u00e7mi\u015f, qeyri-m\u00fck\u0259mm\u0259l v\u0259 m\u00fcr\u0259kk\u0259b m\u00fck\u0259mm\u0259l, g\u0259l\u0259c\u0259k v\u0259 do t\u00eb \u00fcst\u0259g\u0259l subjunctive il\u0259 formala\u015fm\u0131\u015f daxildir. <a href=\"https:\/\/talkpal.ai\/az\/alban-dilini-oyr%c9%99n\/\">Alban dili<\/a> d\u0259 subjunctive-d\u0259n geni\u015f istifad\u0259 edir v\u0259 \u015f\u0259rti v\u0259 <a href=\"https:\/\/talkpal.ai\/ja\/grammar_exercises\/imperatif-%e3%83%95%e3%83%a9%e3%83%b3%e3%82%b9%e3%81%ae%e6%96%87%e6%b3%95%e3%81%ae%e3%81%9f%e3%82%81%e3%81%ae%e6%bc%94%e7%bf%92\/\">imperativ<\/a> \u0259hval-ruhiyy\u0259ni ehtiva edir. \u00dcmumi fell\u0259r \u00fc\u00e7\u00fcn konjugasiya qaydalar\u0131n\u0131 <a href=\"https:\/\/talkpal.ai\/az\/oyr%c9%99nm%c9%99k\/\">\u00f6yr\u0259nm\u0259k<\/a>, alban dilind\u0259 effektiv \u00fcnsiyy\u0259t qurma qabiliyy\u0259tinizi art\u0131racaqd\u0131r.<\/p>\n\n\n\n<h3 class=\"wp-block-heading\" id=\"h-5-adjectives-agreement-and-placement\">5. Adjectives: Raz\u0131la\u015fma v\u0259 yerl\u0259\u015fdirm\u0259<\/h3>\n\n\n\n<p>Alban qrammatikas\u0131nda sif\u0259tl\u0259r ad\u0259t\u0259n d\u0259yi\u015fdirdikl\u0259ri ismi izl\u0259yir v\u0259 cins v\u0259 n\u00f6mr\u0259ni g\u00f6st\u0259r\u0259n bir \u0259laq\u0259l\u0259ndirici hiss\u0259cik vasit\u0259sil\u0259 raz\u0131la\u015f\u0131rlar. B\u0259zi sif\u0259tl\u0259rin d\u00fczensiz m\u00fcqayis\u0259li v\u0259 \u00fcst\u00fcn n\u00fcmun\u0259l\u0259ri var v\u0259 m\u00fcqayis\u0259l\u0259r tez-tez m\u00eb \u00fcst\u0259g\u0259l sif\u0259td\u0259n istifad\u0259 edirl\u0259r, \u00fcst\u00fcnl\u00fckl\u0259r is\u0259 raz\u0131la\u015fan m\u0259qal\u0259ni \u0259lav\u0259 edirl\u0259r. Raz\u0131la\u015fma v\u0259 yerl\u0259\u015fdirm\u0259 m\u0259nims\u0259nilm\u0259si t\u0259bii s\u0259sl\u0259nm\u0259yiniz\u0259 k\u00f6m\u0259k edir.<\/p>\n\n\n\n<p><strong>N\u00fcmun\u0259l\u0259r:<\/strong><\/p>\n\n\n\n<p><strong>&#8211; Dashuri e Madhe (B\u00f6y\u00fck Sevgi)<\/strong><\/p>\n\n\n\n<p><strong>&#8211; F\u00ebmij\u00eb t\u00eb vegj\u00ebl (ki\u00e7ik u\u015faqlar)<\/strong><\/p>\n\n\n\n<h3 class=\"wp-block-heading\" id=\"h-6-engaging-with-the-language\">6. Dil il\u0259 m\u0259\u015f\u011ful olmaq<\/h3>\n\n\n\n<p>Alban qrammatikas\u0131n\u0131 tam ba\u015fa d\u00fc\u015fm\u0259yin v\u0259 m\u0259nims\u0259m\u0259yin \u0259n t\u0259sirli yolu dill\u0259 ard\u0131c\u0131l \u015f\u0259kild\u0259 m\u0259\u015f\u011ful olmaqd\u0131r. Alban \u0259d\u0259biyyat\u0131n\u0131 oxuyaraq, alban filml\u0259rini v\u0259 ya televiziya seriallar\u0131n\u0131 izl\u0259y\u0259r\u0259k, x\u0259b\u0259rl\u0259ri v\u0259 podkastlar\u0131 izl\u0259y\u0259r\u0259k v\u0259 ana dili dan\u0131\u015fanlarla f\u0259al \u00fcnsiyy\u0259t quraraq, l\u00fc\u011f\u0259tinizi geni\u015fl\u0259ndir\u0259rk\u0259n qrammatika anlay\u0131\u015f\u0131n\u0131z\u0131 g\u00fccl\u0259ndir\u0259c\u0259ksiniz.<\/p>\n\n\n\n<h3 class=\"wp-block-heading\" id=\"h-conclusion\">N\u0259tic\u0259<\/h3>\n\n\n\n<p>Alban qrammatikas\u0131 m\u00fcr\u0259kk\u0259b g\u00f6r\u00fcns\u0259 d\u0259, bu g\u00f6z\u0259l dild\u0259 f\u0259dakarl\u0131q, t\u0259cr\u00fcb\u0259 v\u0259 co\u015fqu il\u0259 bacar\u0131ql\u0131 ola bil\u0259rsiniz. \u018fsas qaydalara diqq\u0259t yetir\u0259r\u0259k v\u0259 m\u00fcxt\u0259lif kontekstl\u0259rd\u0259 dill\u0259 m\u0259\u015f\u011ful olaraq, alban <a href=\"https:\/\/talkpal.ai\/az\/qrammatika\/\">dilinin qrammatika bacar\u0131qlar\u0131n\u0131z\u0131<\/a> s\u00fcr\u0259tl\u0259 inki\u015faf etdir\u0259c\u0259ksiniz. Alban dili s\u0259yah\u0259tinizl\u0259 Suksese v\u0259 Alban qrammatikas\u0131n\u0131n ifad\u0259li v\u0259 cazib\u0259dar d\u00fcnyas\u0131n\u0131 a\u00e7maqdan z\u00f6vq al\u0131n.<\/p>\n<\/div><\/div>\n\r\n<section class=\"learnNavigationSection\">\r\n            \r\n        <a href=\"https:\/\/talkpal.ai\/az\/alban-dilini-oyr%c9%99n\/\">\r\n            <div class=\"learnNavigationWrapper\">\r\n                <div class=\"learnNavigationContent\">\r\n                    <img decoding=\"async\" src=\"https:\/\/talkpal.ai\/wp-content\/uploads\/2025\/11\/Albanian.png\" alt=\"Albanian Flag\">\r\n                    <div>\r\n                        <h4>Alban dilinin \u00f6yr\u0259nilm\u0259si haqq\u0131nda<\/h4>\r\n                        <p>Alban qrammatikas\u0131 haqq\u0131nda h\u0259r \u015feyi \u00f6yr\u0259nin.<\/p>\r\n                    <\/div>\r\n                <\/div>\r\n            <\/div>\r\n        <\/a>\r\n\r\n        \r\n        <a href=\"https:\/\/talkpal.ai\/az\/albaniya-qrammatika-m%c9%99sql%c9%99ri\/\">\r\n            <div class=\"learnNavigationWrapper\">\r\n                <div class=\"learnNavigationContent\">\r\n                    <img decoding=\"async\" src=\"https:\/\/talkpal.ai\/wp-content\/uploads\/2025\/11\/Albanian.png\" alt=\"Albanian Flag\">\r\n                    <div>\r\n                        <h4>Alban dili qrammatika m\u0259\u015fqi<\/h4>\r\n                        <p>Alban qrammatikas\u0131n\u0131 t\u0259tbiq edin.<\/p>\r\n                    <\/div>\r\n                <\/div>\r\n            <\/div>\r\n        <\/a>\r\n\r\n            <\/section>","protected":false},"excerpt":{"rendered":"<p>Alban qrammatikas\u0131n\u0131n inc\u0259likl\u0259ri F\u0259rqli bir qolu v\u0259 d\u0259rin m\u0259d\u0259ni k\u00f6kl\u0259ri olan bir Hind Avropa dili olan alban, unikal qrammatika v\u0259 s\u0259s sistemin\u0259 c\u0259lb olunan \u015fagirdl\u0259r \u00fc\u00e7\u00fcn m\u00fckafatland\u0131r\u0131c\u0131 bir s\u0259yah\u0259t t\u0259klif edir. Alban dilini ara\u015fd\u0131rd\u0131qca, Albaniya m\u0259d\u0259niyy\u0259ti v\u0259 daha geni\u015f alban dilli d\u00fcnya il\u0259 \u0259laq\u0259 qurark\u0259n linqvistik al\u0259tl\u0259rinizi geni\u015fl\u0259ndir\u0259c\u0259ksiniz. Alban qrammatikas\u0131 \u0259vv\u0259lc\u0259 m\u00fcr\u0259kk\u0259b g\u00f6r\u00fcn\u0259 bil\u0259r, lakin [&hellip;]<\/p>\n","protected":false},"author":20,"featured_media":0,"parent":0,"menu_order":0,"comment_status":"closed","ping_status":"closed","template":"LearningContentPage.php","meta":{"_acf_changed":false,"footnotes":""},"class_list":["post-1473881","page","type-page","status-publish","hentry"],"acf":[],"yoast_head":"<!-- This site is optimized with the Yoast SEO Premium plugin v27.2 (Yoast SEO v27.2) - https:\/\/yoast.com\/product\/yoast-seo-premium-wordpress\/ -->\n<title>Alban qrammatikas\u0131 - Talkpal<\/title>\n<meta name=\"description\" content=\"Talkpal-\u0131n interaktiv s\u00fcni intellekt dil \u00f6yr\u0259nm\u0259 b\u0259l\u0259d\u00e7isi il\u0259 hallar v\u0259 fell\u0259r d\u0259 daxil olmaqla, alban qrammatikas\u0131n\u0131n \u0259saslar\u0131n\u0131 m\u0259nims\u0259yin.\" \/>\n<meta name=\"robots\" content=\"index, follow, max-snippet:-1, max-image-preview:large, max-video-preview:-1\" \/>\n<link rel=\"canonical\" href=\"https:\/\/talkpal.ai\/az\/alban-qrammatikasi\/\" \/>\n<meta property=\"og:locale\" content=\"az_AZ\" \/>\n<meta property=\"og:type\" content=\"article\" \/>\n<meta property=\"og:title\" content=\"Alban qrammatikas\u0131\" \/>\n<meta property=\"og:description\" content=\"Alban qrammatikas\u0131n\u0131n inc\u0259likl\u0259ri F\u0259rqli bir qolu v\u0259 d\u0259rin m\u0259d\u0259ni k\u00f6kl\u0259ri olan bir Hind Avropa dili olan alban, unikal qrammatika v\u0259 s\u0259s sistemin\u0259 c\u0259lb\" \/>\n<meta property=\"og:url\" content=\"https:\/\/talkpal.ai\/az\/alban-qrammatikasi\/\" \/>\n<meta property=\"og:site_name\" content=\"Talkpal\" \/>\n<meta property=\"article:publisher\" content=\"https:\/\/www.facebook.com\/profile.php?id=100090733639311\" \/>\n<meta property=\"article:modified_time\" content=\"2025-12-30T15:38:11+00:00\" \/>\n<meta property=\"og:image\" content=\"https:\/\/talkpal.ai\/wp-content\/uploads\/2025\/02\/Progress-tab-16_9.png\" \/>\n\t<meta property=\"og:image:width\" content=\"2880\" \/>\n\t<meta property=\"og:image:height\" content=\"1620\" \/>\n\t<meta property=\"og:image:type\" content=\"image\/png\" \/>\n<meta name=\"twitter:card\" content=\"summary_large_image\" \/>\n<meta name=\"twitter:site\" content=\"@talkpalai\" \/>\n<meta name=\"twitter:label1\" content=\"Est. reading time\" \/>\n\t<meta name=\"twitter:data1\" content=\"4 minutes\" \/>\n<script type=\"application\/ld+json\" class=\"yoast-schema-graph\">{\"@context\":\"https:\/\/schema.org\",\"@graph\":[{\"@type\":\"WebPage\",\"@id\":\"https:\/\/talkpal.ai\/az\/alban-qrammatikasi\/\",\"url\":\"https:\/\/talkpal.ai\/az\/alban-qrammatikasi\/\",\"name\":\"Alban qrammatikas\u0131 - Talkpal\",\"isPartOf\":{\"@id\":\"https:\/\/talkpal.ai\/az\/#website\"},\"datePublished\":\"2025-11-11T12:01:19+00:00\",\"dateModified\":\"2025-12-30T15:38:11+00:00\",\"description\":\"Talkpal-\u0131n interaktiv s\u00fcni intellekt dil \u00f6yr\u0259nm\u0259 b\u0259l\u0259d\u00e7isi il\u0259 hallar v\u0259 fell\u0259r d\u0259 daxil olmaqla, alban qrammatikas\u0131n\u0131n \u0259saslar\u0131n\u0131 m\u0259nims\u0259yin.\",\"breadcrumb\":{\"@id\":\"https:\/\/talkpal.ai\/az\/alban-qrammatikasi\/#breadcrumb\"},\"inLanguage\":\"az\",\"potentialAction\":[{\"@type\":\"ReadAction\",\"target\":[\"https:\/\/talkpal.ai\/az\/alban-qrammatikasi\/\"]}]},{\"@type\":\"BreadcrumbList\",\"@id\":\"https:\/\/talkpal.ai\/az\/alban-qrammatikasi\/#breadcrumb\",\"itemListElement\":[{\"@type\":\"ListItem\",\"position\":1,\"name\":\"Homepage\",\"item\":\"https:\/\/talkpal.ai\/az\/\"},{\"@type\":\"ListItem\",\"position\":2,\"name\":\"Alban qrammatikas\u0131\"}]},{\"@type\":\"WebSite\",\"@id\":\"https:\/\/talkpal.ai\/az\/#website\",\"url\":\"https:\/\/talkpal.ai\/az\/\",\"name\":\"Talkpal\",\"description\":\"AI Language Learning\",\"publisher\":{\"@id\":\"https:\/\/talkpal.ai\/az\/#organization\"},\"alternateName\":\"Talkpal AI\",\"potentialAction\":[{\"@type\":\"SearchAction\",\"target\":{\"@type\":\"EntryPoint\",\"urlTemplate\":\"https:\/\/talkpal.ai\/az\/?s={search_term_string}\"},\"query-input\":{\"@type\":\"PropertyValueSpecification\",\"valueRequired\":true,\"valueName\":\"search_term_string\"}}],\"inLanguage\":\"az\"},{\"@type\":\"Organization\",\"@id\":\"https:\/\/talkpal.ai\/az\/#organization\",\"name\":\"Talkpal, Inc.\",\"alternateName\":\"Talkpal AI\",\"url\":\"https:\/\/talkpal.ai\/az\/\",\"logo\":{\"@type\":\"ImageObject\",\"inLanguage\":\"az\",\"@id\":\"https:\/\/talkpal.ai\/az\/#\/schema\/logo\/image\/\",\"url\":\"https:\/\/talkpal.ai\/wp-content\/uploads\/2024\/03\/Talkpal-Logo-Icon.png\",\"contentUrl\":\"https:\/\/talkpal.ai\/wp-content\/uploads\/2024\/03\/Talkpal-Logo-Icon.png\",\"width\":2880,\"height\":2880,\"caption\":\"Talkpal, Inc.\"},\"image\":{\"@id\":\"https:\/\/talkpal.ai\/az\/#\/schema\/logo\/image\/\"},\"sameAs\":[\"https:\/\/www.facebook.com\/profile.php?id=100090733639311\",\"https:\/\/x.com\/talkpalai\",\"https:\/\/www.linkedin.com\/company\/talkpal\/\",\"https:\/\/www.youtube.com\/@TalkPal\/\",\"https:\/\/www.tiktok.com\/@talkpal\",\"https:\/\/www.instagram.com\/talkpal_ai\/\",\"https:\/\/www.crunchbase.com\/organization\/talkpal-9cde\",\"https:\/\/www.g2.com\/products\/talkpal-for-business\/\",\"https:\/\/www.trustpilot.com\/review\/talkpal.ai\",\"https:\/\/www.capterra.com\/p\/10006800\/TalkPal\/\"],\"description\":\"Talkpal is a language learning web and mobile education app, powered by the latest AI technologies, that provides engaging experiences to its customers in many different languages to help them improve their language skills. Users can chat about unlimited amount of topics with the app and use other modes to practice their language learning.\",\"email\":\"support@talkpal.ai\",\"legalName\":\"Talkpal, Inc.\",\"foundingDate\":\"2023-04-03\",\"duns\":\"118989042\",\"numberOfEmployees\":{\"@type\":\"QuantitativeValue\",\"minValue\":\"11\",\"maxValue\":\"50\"},\"publishingPrinciples\":\"https:\/\/talkpal.ai\/publishing-principles\/\",\"actionableFeedbackPolicy\":\"https:\/\/talkpal.ai\/actionable-feedback-policy\/\",\"correctionsPolicy\":\"https:\/\/talkpal.ai\/corrections-policy\/\",\"ethicsPolicy\":\"https:\/\/talkpal.ai\/ethics-policy\/\",\"diversityPolicy\":\"https:\/\/talkpal.ai\/diversity-policy\/\",\"diversityStaffingReport\":\"https:\/\/talkpal.ai\/diversity-policy\/\"}]}<\/script>\n<!-- \/ Yoast SEO Premium plugin. -->","yoast_head_json":{"title":"Alban qrammatikas\u0131 - Talkpal","description":"Talkpal-\u0131n interaktiv s\u00fcni intellekt dil \u00f6yr\u0259nm\u0259 b\u0259l\u0259d\u00e7isi il\u0259 hallar v\u0259 fell\u0259r d\u0259 daxil olmaqla, alban qrammatikas\u0131n\u0131n \u0259saslar\u0131n\u0131 m\u0259nims\u0259yin.","robots":{"index":"index","follow":"follow","max-snippet":"max-snippet:-1","max-image-preview":"max-image-preview:large","max-video-preview":"max-video-preview:-1"},"canonical":"https:\/\/talkpal.ai\/az\/alban-qrammatikasi\/","og_locale":"az_AZ","og_type":"article","og_title":"Alban qrammatikas\u0131","og_description":"Alban qrammatikas\u0131n\u0131n inc\u0259likl\u0259ri F\u0259rqli bir qolu v\u0259 d\u0259rin m\u0259d\u0259ni k\u00f6kl\u0259ri olan bir Hind Avropa dili olan alban, unikal qrammatika v\u0259 s\u0259s sistemin\u0259 c\u0259lb","og_url":"https:\/\/talkpal.ai\/az\/alban-qrammatikasi\/","og_site_name":"Talkpal","article_publisher":"https:\/\/www.facebook.com\/profile.php?id=100090733639311","article_modified_time":"2025-12-30T15:38:11+00:00","og_image":[{"width":2880,"height":1620,"url":"https:\/\/talkpal.ai\/wp-content\/uploads\/2025\/02\/Progress-tab-16_9.png","type":"image\/png"}],"twitter_card":"summary_large_image","twitter_site":"@talkpalai","twitter_misc":{"Est. reading time":"4 minutes"},"schema":{"@context":"https:\/\/schema.org","@graph":[{"@type":"WebPage","@id":"https:\/\/talkpal.ai\/az\/alban-qrammatikasi\/","url":"https:\/\/talkpal.ai\/az\/alban-qrammatikasi\/","name":"Alban qrammatikas\u0131 - Talkpal","isPartOf":{"@id":"https:\/\/talkpal.ai\/az\/#website"},"datePublished":"2025-11-11T12:01:19+00:00","dateModified":"2025-12-30T15:38:11+00:00","description":"Talkpal-\u0131n interaktiv s\u00fcni intellekt dil \u00f6yr\u0259nm\u0259 b\u0259l\u0259d\u00e7isi il\u0259 hallar v\u0259 fell\u0259r d\u0259 daxil olmaqla, alban qrammatikas\u0131n\u0131n \u0259saslar\u0131n\u0131 m\u0259nims\u0259yin.","breadcrumb":{"@id":"https:\/\/talkpal.ai\/az\/alban-qrammatikasi\/#breadcrumb"},"inLanguage":"az","potentialAction":[{"@type":"ReadAction","target":["https:\/\/talkpal.ai\/az\/alban-qrammatikasi\/"]}]},{"@type":"BreadcrumbList","@id":"https:\/\/talkpal.ai\/az\/alban-qrammatikasi\/#breadcrumb","itemListElement":[{"@type":"ListItem","position":1,"name":"Homepage","item":"https:\/\/talkpal.ai\/az\/"},{"@type":"ListItem","position":2,"name":"Alban qrammatikas\u0131"}]},{"@type":"WebSite","@id":"https:\/\/talkpal.ai\/az\/#website","url":"https:\/\/talkpal.ai\/az\/","name":"Talkpal","description":"AI Language Learning","publisher":{"@id":"https:\/\/talkpal.ai\/az\/#organization"},"alternateName":"Talkpal AI","potentialAction":[{"@type":"SearchAction","target":{"@type":"EntryPoint","urlTemplate":"https:\/\/talkpal.ai\/az\/?s={search_term_string}"},"query-input":{"@type":"PropertyValueSpecification","valueRequired":true,"valueName":"search_term_string"}}],"inLanguage":"az"},{"@type":"Organization","@id":"https:\/\/talkpal.ai\/az\/#organization","name":"Talkpal, Inc.","alternateName":"Talkpal AI","url":"https:\/\/talkpal.ai\/az\/","logo":{"@type":"ImageObject","inLanguage":"az","@id":"https:\/\/talkpal.ai\/az\/#\/schema\/logo\/image\/","url":"https:\/\/talkpal.ai\/wp-content\/uploads\/2024\/03\/Talkpal-Logo-Icon.png","contentUrl":"https:\/\/talkpal.ai\/wp-content\/uploads\/2024\/03\/Talkpal-Logo-Icon.png","width":2880,"height":2880,"caption":"Talkpal, Inc."},"image":{"@id":"https:\/\/talkpal.ai\/az\/#\/schema\/logo\/image\/"},"sameAs":["https:\/\/www.facebook.com\/profile.php?id=100090733639311","https:\/\/x.com\/talkpalai","https:\/\/www.linkedin.com\/company\/talkpal\/","https:\/\/www.youtube.com\/@TalkPal\/","https:\/\/www.tiktok.com\/@talkpal","https:\/\/www.instagram.com\/talkpal_ai\/","https:\/\/www.crunchbase.com\/organization\/talkpal-9cde","https:\/\/www.g2.com\/products\/talkpal-for-business\/","https:\/\/www.trustpilot.com\/review\/talkpal.ai","https:\/\/www.capterra.com\/p\/10006800\/TalkPal\/"],"description":"Talkpal is a language learning web and mobile education app, powered by the latest AI technologies, that provides engaging experiences to its customers in many different languages to help them improve their language skills. Users can chat about unlimited amount of topics with the app and use other modes to practice their language learning.","email":"support@talkpal.ai","legalName":"Talkpal, Inc.","foundingDate":"2023-04-03","duns":"118989042","numberOfEmployees":{"@type":"QuantitativeValue","minValue":"11","maxValue":"50"},"publishingPrinciples":"https:\/\/talkpal.ai\/publishing-principles\/","actionableFeedbackPolicy":"https:\/\/talkpal.ai\/actionable-feedback-policy\/","correctionsPolicy":"https:\/\/talkpal.ai\/corrections-policy\/","ethicsPolicy":"https:\/\/talkpal.ai\/ethics-policy\/","diversityPolicy":"https:\/\/talkpal.ai\/diversity-policy\/","diversityStaffingReport":"https:\/\/talkpal.ai\/diversity-policy\/"}]}},"_links":{"self":[{"href":"https:\/\/talkpal.ai\/az\/wp-json\/wp\/v2\/pages\/1473881","targetHints":{"allow":["GET"]}}],"collection":[{"href":"https:\/\/talkpal.ai\/az\/wp-json\/wp\/v2\/pages"}],"about":[{"href":"https:\/\/talkpal.ai\/az\/wp-json\/wp\/v2\/types\/page"}],"author":[{"embeddable":true,"href":"https:\/\/talkpal.ai\/az\/wp-json\/wp\/v2\/users\/20"}],"replies":[{"embeddable":true,"href":"https:\/\/talkpal.ai\/az\/wp-json\/wp\/v2\/comments?post=1473881"}],"version-history":[{"count":0,"href":"https:\/\/talkpal.ai\/az\/wp-json\/wp\/v2\/pages\/1473881\/revisions"}],"wp:attachment":[{"href":"https:\/\/talkpal.ai\/az\/wp-json\/wp\/v2\/media?parent=1473881"}],"curies":[{"name":"wp","href":"https:\/\/api.w.org\/{rel}","templated":true}]}}