{"id":147132,"date":"2023-05-14T14:11:47","date_gmt":"2023-05-14T14:11:47","guid":{"rendered":"http:\/\/talkpal.ai\/malay-dili-qrammatikasi\/"},"modified":"2025-12-17T16:43:05","modified_gmt":"2025-12-17T16:43:05","slug":"malay-dili-qrammatikasi","status":"publish","type":"page","link":"https:\/\/talkpal.ai\/az\/malay-dili-qrammatikasi\/","title":{"rendered":"Malay dili qrammatikas\u0131"},"content":{"rendered":"\r\n\r\n\r\n<section class=\"languageChallengeSection\">\r\n    <div class=\"languageInfoWrapper\">\r\n        \r\n        <h1>Malay dili qrammatikas\u0131<\/h1>\r\n        <p><a href=\"https:\/\/talkpal.ai\/learn-malay\/\">Malay<\/a> dilini \u00f6yr\u0259nm\u0259kl\u0259 maraqlan\u0131rs\u0131n\u0131z? Sad\u0259 qaydalar\u0131, fel birl\u0259\u015fm\u0259sinin olmamas\u0131 v\u0259 m\u0259na yaratmaq \u00fc\u00e7\u00fcn affiksl\u0259rin istifad\u0259si il\u0259 tan\u0131nan Malay qrammatikas\u0131na daxil olun. Bu g\u00fcn ba\u015flay\u0131n \u2013 Malay dilinin qrammatikas\u0131na yiy\u0259l\u0259nm\u0259k siz\u0259 asanl\u0131qla \u00fcnsiyy\u0259t qurmaq v\u0259 C\u0259nub-\u015e\u0259rqi Asiyan\u0131n m\u00fcxt\u0259lif v\u0259 dinamik m\u0259d\u0259niyy\u0259tl\u0259rin\u0259 qap\u0131lar a\u00e7maq \u00fc\u00e7\u00fcn inam ver\u0259c\u0259k!<\/p>\r\n\r\n                            <a class=\"getStartedHidden\" href=\"https:\/\/app.talkpal.ai\/signup?lng=\">Ba\u015fla<\/a>\r\n        \r\n    <\/div>\r\n\r\n    <figure>\r\n    <img decoding=\"async\" width=\"768\" height=\"768\" src=\"https:\/\/talkpal.ai\/wp-content\/uploads\/2023\/06\/malay-768x768.png\" class=\"languageImage no-lazy\" alt=\"Language learning for personal accomplishments\" fetchpriority=\"high\" sizes=\"(max-width: 768px) 150px, 768px\" srcset=\"https:\/\/talkpal.ai\/wp-content\/uploads\/2023\/06\/malay-768x768.png 768w, https:\/\/talkpal.ai\/wp-content\/uploads\/2023\/06\/malay-300x300.png 300w\" \/>\r\n    \r\n\r\n    <\/figure>\r\n\r\n            <a class=\"getStartedVisible\" href=\"https:\/\/app.talkpal.ai\/signup?lng=\">Ba\u015fla<\/a>\r\n    \r\n<\/section>\r\n<section class=\"promotionalBanner\">\r\n    <p class=\"promotionalText\">Dil \u00f6yr\u0259nm\u0259yin \u0259n t\u0259sirli yolu<\/p>\r\n    <a class=\"promotionalLink\" href=\"https:\/\/app.talkpal.ai\/signup?lng=\">Talkpal pulsuz s\u0131nay\u0131n<\/a>\r\n<\/section>\n<div class=\"wp-block-group pageContainerStyle\"><div class=\"wp-block-group__inner-container is-layout-constrained wp-block-group-is-layout-constrained\">\n<h2 class=\"wp-block-heading\" id=\"h-malay-grammar-exploring-the-richness-of-bahasa-melayu\">Malay Qrammatikas\u0131: Bahasa Melayunun z\u0259nginliyini t\u0259dqiq etm\u0259k<\/h2>\n\n\n\n<p>Malay dili v\u0259 ya <a href=\"https:\/\/talkpal.ai\/ms\/belajar-bahasa-melayu\/\">Bahasa Melayu<\/a>, Malayziya, \u0130ndoneziya, Bruney v\u0259 Sinqapurun m\u00fcxt\u0259lif xalqlar\u0131n\u0131 birl\u0259\u015fdir\u0259n d\u00fcnyan\u0131n \u0259n \u00e7ox dan\u0131\u015f\u0131lan dill\u0259ri aras\u0131nda yer al\u0131r. Malay dilini \u00f6yr\u0259ndikc\u0259, onun qrammatikas\u0131n\u0131n v\u0259 inki\u015faf ed\u0259n linqvistik m\u0259nz\u0259r\u0259sinin g\u00f6z\u0259lliyini tez k\u0259\u015ff ed\u0259c\u0259ksiniz. Bu m\u0259qal\u0259nin m\u0259qs\u0259di malay dilinin qrammatikas\u0131n\u0131n \u0259sas prinsipl\u0259ri il\u0259 tan\u0131\u015f olmaq, bu dili daha yax\u015f\u0131 ba\u015fa d\u00fc\u015fm\u0259k v\u0259 qiym\u0259tl\u0259ndirm\u0259kdir.<\/p>\n\n\n\n<h3 class=\"wp-block-heading\" id=\"h-1-nouns-simplicity-rules\">1. Nouns \u2013 Sad\u0259lik qaydalar\u0131<\/h3>\n\n\n\n<p>Dig\u0259r dill\u0259rd\u0259n f\u0259rqli olaraq, Malay qrammatikas\u0131nda isiml\u0259r \u00fc\u00e7\u00fcn azalmalar v\u0259 ya cinsi t\u0259snifatlar yoxdur. Bu, sad\u0259liy\u0259 x\u00fcsusi diqq\u0259t verir. Plural formasiyal\u0131 nounlar sad\u0259c\u0259 t\u0259krarlamaqla yarad\u0131l\u0131r. Asan s\u0259sl\u0259nir, el\u0259 deyilmi? M\u0259s\u0259l\u0259n, &#8220;alma&#8221; &#8220;buah epal&#8221;d\u0131r, buna g\u00f6r\u0259 d\u0259 &#8220;almalar&#8221; &#8220;buah-buah epal&#8221; olur. Dublaj\u0131 qeyri-r\u0259smi nitqd\u0259 ata bil\u0259rsiniz.<\/p>\n\n\n\n<h3 class=\"wp-block-heading\" id=\"h-2-adjectives-straightforward-descriptions\">2. Adjectives \u2013 D\u00fcz t\u0259svirl\u0259r<\/h3>\n\n\n\n<p>Malay sif\u0259tl\u0259ri t\u0259svir etdikl\u0259ri isimd\u0259n as\u0131l\u0131 olmayaraq d\u0259yi\u015fm\u0259z qal\u0131r, bu da onlardan istifad\u0259ni inan\u0131lmaz d\u0259r\u0259c\u0259d\u0259 asanla\u015fd\u0131r\u0131r &#8211; bu dilin sad\u0259liyin\u0259 daha bir s\u00fcbutdur. Adyundan sonra g\u0259lir, c\u00fcml\u0259l\u0259rd\u0259 xo\u015fag\u0259l\u0259n ax\u0131n yaran\u0131r. M\u0259s\u0259l\u0259n, \u201cb\u00f6y\u00fck ev\u201d \u201crumah besar\u201d, \u201crumah\u201d is\u0259 \u201cev\u201d v\u0259 \u201cb\u00f6y\u00fck\u201d m\u0259nas\u0131n\u0131 ver\u0259n \u201cbesar\u201dd\u0131r.<\/p>\n\n\n\n<h3 class=\"wp-block-heading\" id=\"h-3-verbs-the-magic-of-prefixes-and-suffixes\">3. Feill\u0259r \u2013 Prefiks v\u0259 suffiksl\u0259rin sehri<\/h3>\n\n\n\n<p>Malay fell\u0259ri h\u0259m maraql\u0131, h\u0259m d\u0259 sad\u0259 olan \u00e7ox y\u00f6nl\u00fcd\u00fcr. Bahasa Melayu dilind\u0259 zamanlar fel formalar\u0131 vasit\u0259sil\u0259 a\u00e7\u0131q \u015f\u0259kild\u0259 ifad\u0259 edilmir; \u0259v\u0259zin\u0259, onlar kontekst v\u0259 ya vaxt markerl\u0259ri vasit\u0259sil\u0259 g\u00f6st\u0259rilir. Bundan \u0259lav\u0259, Malay m\u00fcxt\u0259lif feil aspektl\u0259rini ifad\u0259 etm\u0259k \u00fc\u00e7\u00fcn prefiks v\u0259 suffiksl\u0259rd\u0259n geni\u015f istifad\u0259 edir.<\/p>\n\n\n\n<p>\u00dc\u00e7 \u0259sas prefiks var: \u201cmeN-\u201c, \u201cber-\u201c v\u0259 \u201cter-\u201c. \u201cmeN-\u201d prefiksi aktiv fell\u0259rin formala\u015fd\u0131r\u0131lmas\u0131 v\u0259 s\u0259b\u0259bli h\u0259r\u0259k\u0259tl\u0259rin ifad\u0259 edilm\u0259si d\u0259 daxil olmaqla geni\u015f istifad\u0259 dair\u0259sin\u0259 malikdir. Bu arada, \u201cber-\u201d ke\u00e7idsiz h\u0259r\u0259k\u0259tl\u0259ri, \u201cter-\u201d is\u0259 t\u0259sad\u00fcfi hadis\u0259l\u0259ri v\u0259 ya passiv h\u0259r\u0259k\u0259tl\u0259ri bildirir. Qeyd etm\u0259k vacibdir ki, h\u0259r bir prefiks \u0259sas feld\u0259 ki\u00e7ik orfoqrafik d\u0259yi\u015fiklikl\u0259r\u0259 s\u0259b\u0259b ola bil\u0259r.<\/p>\n\n\n\n<p>\u201c-kan\u201d v\u0259 \u201c-i\u201d kimi \u015f\u0259kil\u00e7il\u0259r \u0259lav\u0259 spesifikliyi t\u0259min etm\u0259y\u0259 k\u00f6m\u0259k edir, \u201c-el-\u201d infiksi is\u0259 \u0259sas fel\u0259 intensivlik verir.<\/p>\n\n\n\n<h3 class=\"wp-block-heading\" id=\"h-4-prepositions-amp-particles-adding-flavor-to-sentences\">4. Prepositions &amp;Particles \u2013 C\u00fcml\u0259l\u0259r\u0259 dad qatmaq<\/h3>\n\n\n\n<p>Prepositions v\u0259 hiss\u0259cikl\u0259r <a href=\"https:\/\/talkpal.ai\/malay-grammar\/\">Malay qrammatikas\u0131<\/a> m\u00fch\u00fcm rol oynay\u0131r, linqvistik yap\u0131\u015fqan kimi f\u0259aliyy\u0259t g\u00f6st\u0259rir v\u0259 z\u0259ruri kontekst t\u0259min edir. \u201cDi\u201d (at), \u201cke\u201d (to) v\u0259 \u201cdari\u201d (dan) kimi \u00f6n s\u00f6zl\u0259r s\u00f6zl\u0259r aras\u0131nda \u0259laq\u0259 yaratma\u011fa k\u00f6m\u0259k edir. Dig\u0259r t\u0259r\u0259fd\u0259n, \u201clah\u201d, \u201ckah\u201d v\u0259 \u201cpun\u201d kimi hiss\u0259cikl\u0259r c\u00fcml\u0259l\u0259r\u0259 vur\u011fu, duy\u011fu v\u0259 sual i\u015far\u0259l\u0259ri \u0259lav\u0259 etm\u0259k \u00fc\u00e7\u00fcn istifad\u0259 olunur.<\/p>\n\n\n\n<p>M\u0259s\u0259l\u0259n, \u201cS\u0259n ora gedirs\u0259n\u201d m\u0259nas\u0131n\u0131 ver\u0259n \u201cKamu pergi sana\u201d c\u00fcml\u0259si sonunda \u201clah\u201d \u0259lav\u0259 ets\u0259niz, daha vur\u011fulan\u0131r: \u201cKamu pergi sana lah\u201d. \u0130ndi &#8220;S\u0259n ora get (indi)&#8221; dem\u0259kdir.<\/p>\n\n\n\n<h3 class=\"wp-block-heading\" id=\"h-5-embracing-the-journey\">5. S\u0259f\u0259r qucaqlamaq<\/h3>\n\n\n\n<p>Malay dilinin qrammatikas\u0131 dig\u0259r dill\u0259rl\u0259 m\u00fcqayis\u0259d\u0259 a\u00e7\u0131q g\u00f6r\u00fcns\u0259 d\u0259, onun g\u00f6z\u0259lliyi sad\u0259 qaydalar vasit\u0259sil\u0259 \u0259ld\u0259 edil\u0259n z\u0259nginlik v\u0259 m\u00fcxt\u0259lif ifad\u0259l\u0259rl\u0259 \u0259laq\u0259lidir. Malay dilinin qrammatikas\u0131n\u0131 asanl\u0131qla \u00f6yr\u0259nm\u0259k say\u0259sind\u0259 m\u00fcxt\u0259lif malaydilli d\u00fcnya il\u0259 daha s\u0259m\u0259r\u0259li m\u0259\u015f\u011ful olacaq v\u0259 onun unikal m\u0259d\u0259niyy\u0259tin\u0259 yiy\u0259l\u0259n\u0259 bil\u0259c\u0259ks\u0259n.<\/p>\n\n\n\n<p>Bahasa Melayu d\u00fcnyas\u0131na dalmazdan \u0259vv\u0259l unutmay\u0131n ki, bu s\u0259yah\u0259t h\u0259mi\u015f\u0259 hamar s\u0259yah\u0259t ola bilm\u0259z. A\u00e7\u0131q fikird\u0259 olun, yerli dild\u0259 dan\u0131\u015fanlarla m\u0259\u015f\u011ful olun v\u0259 \u0259n \u0259sas\u0131, bu g\u00f6z\u0259l dild\u0259 olan n\u00fcanslar\u0131 k\u0259\u015ff etm\u0259k t\u0259cr\u00fcb\u0259sini sevin. Selamat belajar\u2013xo\u015fb\u0259xt \u00f6yr\u0259nm\u0259!<\/p>\n<\/div><\/div>\n\r\n<section class=\"learnNavigationSection\">\r\n            \r\n        <a href=\"https:\/\/talkpal.ai\/az\/malay-dilini-oyr%c9%99nin\/\">\r\n            <div class=\"learnNavigationWrapper\">\r\n                <div class=\"learnNavigationContent\">\r\n                    <img decoding=\"async\" src=\"https:\/\/talkpal.ai\/wp-content\/uploads\/2024\/08\/Malay.jpg\" alt=\"Malaysian Flag\">\r\n                    <div>\r\n                        <h4>Malay \u00f6yr\u0259nm\u0259 haqq\u0131nda<\/h4>\r\n                        <p>Malay qrammatikas\u0131 haqq\u0131nda h\u0259r \u015feyi \u00f6yr\u0259nin .<\/p>\r\n                    <\/div>\r\n                <\/div>\r\n            <\/div>\r\n        <\/a>\r\n\r\n        \r\n        <a href=\"https:\/\/talkpal.ai\/az\/malay-qrammatika-m%c9%99sql%c9%99ri\/\">\r\n            <div class=\"learnNavigationWrapper\">\r\n                <div class=\"learnNavigationContent\">\r\n                    <img decoding=\"async\" src=\"https:\/\/talkpal.ai\/wp-content\/uploads\/2024\/08\/Malay.jpg\" alt=\"Malaysian Flag\">\r\n                    <div>\r\n                        <h4>Malay qrammatikas\u0131 m\u0259\u015fqi<\/h4>\r\n                        <p>Malay dilinin qrammatikas\u0131n\u0131 m\u0259\u015fq edin<\/p>\r\n                    <\/div>\r\n                <\/div>\r\n            <\/div>\r\n        <\/a>\r\n\r\n        \r\n        <a href=\"https:\/\/talkpal.ai\/vocabulary_language\/malay\/\">\r\n            <div class=\"learnNavigationWrapper\">\r\n                <div class=\"learnNavigationContent\">\r\n                    <img decoding=\"async\" src=\"https:\/\/talkpal.ai\/wp-content\/uploads\/2024\/08\/Malay.jpg\" alt=\"Malaysian Flag\">\r\n                    <div>\r\n                        <h4>Malay l\u00fc\u011f\u0259ti<\/h4>\r\n                        <p>Malay dili l\u00fc\u011f\u0259tinizi geni\u015fl\u0259ndirin.<\/p>\r\n                    <\/div>\r\n                <\/div>\r\n            <\/div>\r\n        <\/a>\r\n\r\n            <\/section>","protected":false},"excerpt":{"rendered":"<p>Malay Qrammatikas\u0131: Bahasa Melayunun z\u0259nginliyini t\u0259dqiq etm\u0259k Malay dili v\u0259 ya Bahasa Melayu, Malayziya, \u0130ndoneziya, Bruney v\u0259 Sinqapurun m\u00fcxt\u0259lif xalqlar\u0131n\u0131 birl\u0259\u015fdir\u0259n d\u00fcnyan\u0131n \u0259n \u00e7ox dan\u0131\u015f\u0131lan dill\u0259ri aras\u0131nda yer al\u0131r. Malay dilini \u00f6yr\u0259ndikc\u0259, onun qrammatikas\u0131n\u0131n v\u0259 inki\u015faf ed\u0259n linqvistik m\u0259nz\u0259r\u0259sinin g\u00f6z\u0259lliyini tez k\u0259\u015ff ed\u0259c\u0259ksiniz. Bu m\u0259qal\u0259nin m\u0259qs\u0259di malay dilinin qrammatikas\u0131n\u0131n \u0259sas prinsipl\u0259ri il\u0259 tan\u0131\u015f olmaq, bu [&hellip;]<\/p>\n","protected":false},"author":1,"featured_media":115847,"parent":0,"menu_order":0,"comment_status":"closed","ping_status":"closed","template":"LearningContentPage.php","meta":{"_acf_changed":false,"footnotes":""},"class_list":["post-147132","page","type-page","status-publish","has-post-thumbnail","hentry"],"acf":[],"yoast_head":"<!-- This site is optimized with the Yoast SEO Premium plugin v27.2 (Yoast SEO v27.2) - https:\/\/yoast.com\/product\/yoast-seo-premium-wordpress\/ -->\n<title>Malay dili qrammatikas\u0131 - Talkpal<\/title>\n<meta name=\"description\" content=\"Malay dilinin qrammatikas\u0131n\u0131 ara\u015fd\u0131r\u0131n v\u0259 onun sad\u0259liyinin Malay dili haqq\u0131nda anlay\u0131\u015f\u0131n\u0131z\u0131 nec\u0259 art\u0131ra bil\u0259c\u0259yini \u00f6yr\u0259nin.\" \/>\n<meta name=\"robots\" content=\"index, follow, max-snippet:-1, max-image-preview:large, max-video-preview:-1\" \/>\n<link rel=\"canonical\" href=\"https:\/\/talkpal.ai\/az\/malay-dili-qrammatikasi\/\" \/>\n<meta property=\"og:locale\" content=\"az_AZ\" \/>\n<meta property=\"og:type\" content=\"article\" \/>\n<meta property=\"og:title\" content=\"Malay dili qrammatikas\u0131\" \/>\n<meta property=\"og:description\" content=\"Malay Qrammatikas\u0131: Bahasa Melayunun z\u0259nginliyini t\u0259dqiq etm\u0259k Malay dili v\u0259 ya Bahasa Melayu, Malayziya, \u0130ndoneziya, Bruney v\u0259 Sinqapurun m\u00fcxt\u0259lif\" \/>\n<meta property=\"og:url\" content=\"https:\/\/talkpal.ai\/az\/malay-dili-qrammatikasi\/\" \/>\n<meta property=\"og:site_name\" content=\"Talkpal\" \/>\n<meta property=\"article:publisher\" content=\"https:\/\/www.facebook.com\/profile.php?id=100090733639311\" \/>\n<meta property=\"article:modified_time\" content=\"2025-12-17T16:43:05+00:00\" \/>\n<meta property=\"og:image\" content=\"https:\/\/talkpal.ai\/wp-content\/uploads\/2023\/05\/malaysia.png\" \/>\n\t<meta property=\"og:image:width\" content=\"512\" \/>\n\t<meta property=\"og:image:height\" content=\"512\" \/>\n\t<meta property=\"og:image:type\" content=\"image\/png\" \/>\n<meta name=\"twitter:card\" content=\"summary_large_image\" \/>\n<meta name=\"twitter:site\" content=\"@talkpalai\" \/>\n<meta name=\"twitter:label1\" content=\"Est. reading time\" \/>\n\t<meta name=\"twitter:data1\" content=\"4 minutes\" \/>\n<script type=\"application\/ld+json\" class=\"yoast-schema-graph\">{\"@context\":\"https:\/\/schema.org\",\"@graph\":[{\"@type\":\"WebPage\",\"@id\":\"https:\/\/talkpal.ai\/az\/malay-dili-qrammatikasi\/\",\"url\":\"https:\/\/talkpal.ai\/az\/malay-dili-qrammatikasi\/\",\"name\":\"Malay dili qrammatikas\u0131 - Talkpal\",\"isPartOf\":{\"@id\":\"https:\/\/talkpal.ai\/az\/#website\"},\"primaryImageOfPage\":{\"@id\":\"https:\/\/talkpal.ai\/az\/malay-dili-qrammatikasi\/#primaryimage\"},\"image\":{\"@id\":\"https:\/\/talkpal.ai\/az\/malay-dili-qrammatikasi\/#primaryimage\"},\"thumbnailUrl\":\"https:\/\/talkpal.ai\/wp-content\/uploads\/2023\/05\/malaysia.png\",\"datePublished\":\"2023-05-14T14:11:47+00:00\",\"dateModified\":\"2025-12-17T16:43:05+00:00\",\"description\":\"Malay dilinin qrammatikas\u0131n\u0131 ara\u015fd\u0131r\u0131n v\u0259 onun sad\u0259liyinin Malay dili haqq\u0131nda anlay\u0131\u015f\u0131n\u0131z\u0131 nec\u0259 art\u0131ra bil\u0259c\u0259yini \u00f6yr\u0259nin.\",\"breadcrumb\":{\"@id\":\"https:\/\/talkpal.ai\/az\/malay-dili-qrammatikasi\/#breadcrumb\"},\"inLanguage\":\"az\",\"potentialAction\":[{\"@type\":\"ReadAction\",\"target\":[\"https:\/\/talkpal.ai\/az\/malay-dili-qrammatikasi\/\"]}]},{\"@type\":\"ImageObject\",\"inLanguage\":\"az\",\"@id\":\"https:\/\/talkpal.ai\/az\/malay-dili-qrammatikasi\/#primaryimage\",\"url\":\"https:\/\/talkpal.ai\/wp-content\/uploads\/2023\/05\/malaysia.png\",\"contentUrl\":\"https:\/\/talkpal.ai\/wp-content\/uploads\/2023\/05\/malaysia.png\",\"width\":512,\"height\":512},{\"@type\":\"BreadcrumbList\",\"@id\":\"https:\/\/talkpal.ai\/az\/malay-dili-qrammatikasi\/#breadcrumb\",\"itemListElement\":[{\"@type\":\"ListItem\",\"position\":1,\"name\":\"Homepage\",\"item\":\"https:\/\/talkpal.ai\/az\/\"},{\"@type\":\"ListItem\",\"position\":2,\"name\":\"Malay dili qrammatikas\u0131\"}]},{\"@type\":\"WebSite\",\"@id\":\"https:\/\/talkpal.ai\/az\/#website\",\"url\":\"https:\/\/talkpal.ai\/az\/\",\"name\":\"Talkpal\",\"description\":\"AI Language Learning\",\"publisher\":{\"@id\":\"https:\/\/talkpal.ai\/az\/#organization\"},\"alternateName\":\"Talkpal AI\",\"potentialAction\":[{\"@type\":\"SearchAction\",\"target\":{\"@type\":\"EntryPoint\",\"urlTemplate\":\"https:\/\/talkpal.ai\/az\/?s={search_term_string}\"},\"query-input\":{\"@type\":\"PropertyValueSpecification\",\"valueRequired\":true,\"valueName\":\"search_term_string\"}}],\"inLanguage\":\"az\"},{\"@type\":\"Organization\",\"@id\":\"https:\/\/talkpal.ai\/az\/#organization\",\"name\":\"Talkpal, Inc.\",\"alternateName\":\"Talkpal AI\",\"url\":\"https:\/\/talkpal.ai\/az\/\",\"logo\":{\"@type\":\"ImageObject\",\"inLanguage\":\"az\",\"@id\":\"https:\/\/talkpal.ai\/az\/#\/schema\/logo\/image\/\",\"url\":\"https:\/\/talkpal.ai\/wp-content\/uploads\/2024\/03\/Talkpal-Logo-Icon.png\",\"contentUrl\":\"https:\/\/talkpal.ai\/wp-content\/uploads\/2024\/03\/Talkpal-Logo-Icon.png\",\"width\":2880,\"height\":2880,\"caption\":\"Talkpal, Inc.\"},\"image\":{\"@id\":\"https:\/\/talkpal.ai\/az\/#\/schema\/logo\/image\/\"},\"sameAs\":[\"https:\/\/www.facebook.com\/profile.php?id=100090733639311\",\"https:\/\/x.com\/talkpalai\",\"https:\/\/www.linkedin.com\/company\/talkpal\/\",\"https:\/\/www.youtube.com\/@TalkPal\/\",\"https:\/\/www.tiktok.com\/@talkpal\",\"https:\/\/www.instagram.com\/talkpal_ai\/\",\"https:\/\/www.crunchbase.com\/organization\/talkpal-9cde\",\"https:\/\/www.g2.com\/products\/talkpal-for-business\/\",\"https:\/\/www.trustpilot.com\/review\/talkpal.ai\",\"https:\/\/www.capterra.com\/p\/10006800\/TalkPal\/\"],\"description\":\"Talkpal is a language learning web and mobile education app, powered by the latest AI technologies, that provides engaging experiences to its customers in many different languages to help them improve their language skills. Users can chat about unlimited amount of topics with the app and use other modes to practice their language learning.\",\"email\":\"support@talkpal.ai\",\"legalName\":\"Talkpal, Inc.\",\"foundingDate\":\"2023-04-03\",\"duns\":\"118989042\",\"numberOfEmployees\":{\"@type\":\"QuantitativeValue\",\"minValue\":\"11\",\"maxValue\":\"50\"},\"publishingPrinciples\":\"https:\/\/talkpal.ai\/publishing-principles\/\",\"actionableFeedbackPolicy\":\"https:\/\/talkpal.ai\/actionable-feedback-policy\/\",\"correctionsPolicy\":\"https:\/\/talkpal.ai\/corrections-policy\/\",\"ethicsPolicy\":\"https:\/\/talkpal.ai\/ethics-policy\/\",\"diversityPolicy\":\"https:\/\/talkpal.ai\/diversity-policy\/\",\"diversityStaffingReport\":\"https:\/\/talkpal.ai\/diversity-policy\/\"}]}<\/script>\n<!-- \/ Yoast SEO Premium plugin. -->","yoast_head_json":{"title":"Malay dili qrammatikas\u0131 - Talkpal","description":"Malay dilinin qrammatikas\u0131n\u0131 ara\u015fd\u0131r\u0131n v\u0259 onun sad\u0259liyinin Malay dili haqq\u0131nda anlay\u0131\u015f\u0131n\u0131z\u0131 nec\u0259 art\u0131ra bil\u0259c\u0259yini \u00f6yr\u0259nin.","robots":{"index":"index","follow":"follow","max-snippet":"max-snippet:-1","max-image-preview":"max-image-preview:large","max-video-preview":"max-video-preview:-1"},"canonical":"https:\/\/talkpal.ai\/az\/malay-dili-qrammatikasi\/","og_locale":"az_AZ","og_type":"article","og_title":"Malay dili qrammatikas\u0131","og_description":"Malay Qrammatikas\u0131: Bahasa Melayunun z\u0259nginliyini t\u0259dqiq etm\u0259k Malay dili v\u0259 ya Bahasa Melayu, Malayziya, \u0130ndoneziya, Bruney v\u0259 Sinqapurun m\u00fcxt\u0259lif","og_url":"https:\/\/talkpal.ai\/az\/malay-dili-qrammatikasi\/","og_site_name":"Talkpal","article_publisher":"https:\/\/www.facebook.com\/profile.php?id=100090733639311","article_modified_time":"2025-12-17T16:43:05+00:00","og_image":[{"width":512,"height":512,"url":"https:\/\/talkpal.ai\/wp-content\/uploads\/2023\/05\/malaysia.png","type":"image\/png"}],"twitter_card":"summary_large_image","twitter_site":"@talkpalai","twitter_misc":{"Est. reading time":"4 minutes"},"schema":{"@context":"https:\/\/schema.org","@graph":[{"@type":"WebPage","@id":"https:\/\/talkpal.ai\/az\/malay-dili-qrammatikasi\/","url":"https:\/\/talkpal.ai\/az\/malay-dili-qrammatikasi\/","name":"Malay dili qrammatikas\u0131 - Talkpal","isPartOf":{"@id":"https:\/\/talkpal.ai\/az\/#website"},"primaryImageOfPage":{"@id":"https:\/\/talkpal.ai\/az\/malay-dili-qrammatikasi\/#primaryimage"},"image":{"@id":"https:\/\/talkpal.ai\/az\/malay-dili-qrammatikasi\/#primaryimage"},"thumbnailUrl":"https:\/\/talkpal.ai\/wp-content\/uploads\/2023\/05\/malaysia.png","datePublished":"2023-05-14T14:11:47+00:00","dateModified":"2025-12-17T16:43:05+00:00","description":"Malay dilinin qrammatikas\u0131n\u0131 ara\u015fd\u0131r\u0131n v\u0259 onun sad\u0259liyinin Malay dili haqq\u0131nda anlay\u0131\u015f\u0131n\u0131z\u0131 nec\u0259 art\u0131ra bil\u0259c\u0259yini \u00f6yr\u0259nin.","breadcrumb":{"@id":"https:\/\/talkpal.ai\/az\/malay-dili-qrammatikasi\/#breadcrumb"},"inLanguage":"az","potentialAction":[{"@type":"ReadAction","target":["https:\/\/talkpal.ai\/az\/malay-dili-qrammatikasi\/"]}]},{"@type":"ImageObject","inLanguage":"az","@id":"https:\/\/talkpal.ai\/az\/malay-dili-qrammatikasi\/#primaryimage","url":"https:\/\/talkpal.ai\/wp-content\/uploads\/2023\/05\/malaysia.png","contentUrl":"https:\/\/talkpal.ai\/wp-content\/uploads\/2023\/05\/malaysia.png","width":512,"height":512},{"@type":"BreadcrumbList","@id":"https:\/\/talkpal.ai\/az\/malay-dili-qrammatikasi\/#breadcrumb","itemListElement":[{"@type":"ListItem","position":1,"name":"Homepage","item":"https:\/\/talkpal.ai\/az\/"},{"@type":"ListItem","position":2,"name":"Malay dili qrammatikas\u0131"}]},{"@type":"WebSite","@id":"https:\/\/talkpal.ai\/az\/#website","url":"https:\/\/talkpal.ai\/az\/","name":"Talkpal","description":"AI Language Learning","publisher":{"@id":"https:\/\/talkpal.ai\/az\/#organization"},"alternateName":"Talkpal AI","potentialAction":[{"@type":"SearchAction","target":{"@type":"EntryPoint","urlTemplate":"https:\/\/talkpal.ai\/az\/?s={search_term_string}"},"query-input":{"@type":"PropertyValueSpecification","valueRequired":true,"valueName":"search_term_string"}}],"inLanguage":"az"},{"@type":"Organization","@id":"https:\/\/talkpal.ai\/az\/#organization","name":"Talkpal, Inc.","alternateName":"Talkpal AI","url":"https:\/\/talkpal.ai\/az\/","logo":{"@type":"ImageObject","inLanguage":"az","@id":"https:\/\/talkpal.ai\/az\/#\/schema\/logo\/image\/","url":"https:\/\/talkpal.ai\/wp-content\/uploads\/2024\/03\/Talkpal-Logo-Icon.png","contentUrl":"https:\/\/talkpal.ai\/wp-content\/uploads\/2024\/03\/Talkpal-Logo-Icon.png","width":2880,"height":2880,"caption":"Talkpal, Inc."},"image":{"@id":"https:\/\/talkpal.ai\/az\/#\/schema\/logo\/image\/"},"sameAs":["https:\/\/www.facebook.com\/profile.php?id=100090733639311","https:\/\/x.com\/talkpalai","https:\/\/www.linkedin.com\/company\/talkpal\/","https:\/\/www.youtube.com\/@TalkPal\/","https:\/\/www.tiktok.com\/@talkpal","https:\/\/www.instagram.com\/talkpal_ai\/","https:\/\/www.crunchbase.com\/organization\/talkpal-9cde","https:\/\/www.g2.com\/products\/talkpal-for-business\/","https:\/\/www.trustpilot.com\/review\/talkpal.ai","https:\/\/www.capterra.com\/p\/10006800\/TalkPal\/"],"description":"Talkpal is a language learning web and mobile education app, powered by the latest AI technologies, that provides engaging experiences to its customers in many different languages to help them improve their language skills. Users can chat about unlimited amount of topics with the app and use other modes to practice their language learning.","email":"support@talkpal.ai","legalName":"Talkpal, Inc.","foundingDate":"2023-04-03","duns":"118989042","numberOfEmployees":{"@type":"QuantitativeValue","minValue":"11","maxValue":"50"},"publishingPrinciples":"https:\/\/talkpal.ai\/publishing-principles\/","actionableFeedbackPolicy":"https:\/\/talkpal.ai\/actionable-feedback-policy\/","correctionsPolicy":"https:\/\/talkpal.ai\/corrections-policy\/","ethicsPolicy":"https:\/\/talkpal.ai\/ethics-policy\/","diversityPolicy":"https:\/\/talkpal.ai\/diversity-policy\/","diversityStaffingReport":"https:\/\/talkpal.ai\/diversity-policy\/"}]}},"_links":{"self":[{"href":"https:\/\/talkpal.ai\/az\/wp-json\/wp\/v2\/pages\/147132","targetHints":{"allow":["GET"]}}],"collection":[{"href":"https:\/\/talkpal.ai\/az\/wp-json\/wp\/v2\/pages"}],"about":[{"href":"https:\/\/talkpal.ai\/az\/wp-json\/wp\/v2\/types\/page"}],"author":[{"embeddable":true,"href":"https:\/\/talkpal.ai\/az\/wp-json\/wp\/v2\/users\/1"}],"replies":[{"embeddable":true,"href":"https:\/\/talkpal.ai\/az\/wp-json\/wp\/v2\/comments?post=147132"}],"version-history":[{"count":0,"href":"https:\/\/talkpal.ai\/az\/wp-json\/wp\/v2\/pages\/147132\/revisions"}],"wp:featuredmedia":[{"embeddable":true,"href":"https:\/\/talkpal.ai\/az\/wp-json\/wp\/v2\/media\/115847"}],"wp:attachment":[{"href":"https:\/\/talkpal.ai\/az\/wp-json\/wp\/v2\/media?parent=147132"}],"curies":[{"name":"wp","href":"https:\/\/api.w.org\/{rel}","templated":true}]}}