{"id":146821,"date":"2023-05-14T14:11:28","date_gmt":"2023-05-14T14:11:28","guid":{"rendered":"http:\/\/talkpal.ai\/makedoniya-dilinin-qrammatikasi\/"},"modified":"2025-12-17T16:39:48","modified_gmt":"2025-12-17T16:39:48","slug":"makedoniya-dilinin-qrammatikasi","status":"publish","type":"page","link":"https:\/\/talkpal.ai\/az\/makedoniya-dilinin-qrammatikasi\/","title":{"rendered":"Makedoniya dilinin qrammatikas\u0131"},"content":{"rendered":"\r\n\r\n\r\n<section class=\"languageChallengeSection\">\r\n    <div class=\"languageInfoWrapper\">\r\n        \r\n        <h1>Makedoniya dilinin qrammatikas\u0131<\/h1>\r\n        <p><a href=\"https:\/\/talkpal.ai\/learn-macedonian\/\">Makedoniya<\/a> qrammatikas\u0131n\u0131n f\u00fcsunkar d\u00fcnyas\u0131na dal\u0131n v\u0259 bu unikal C\u0259nubi Slavyan dilinin arxas\u0131ndak\u0131 qurulu\u015fu k\u0259\u015ff edin. Makedoniya qrammatikas\u0131n\u0131n \u0259saslar\u0131n\u0131 \u00f6yr\u0259nm\u0259k siz\u0259 daha inaml\u0131 \u00fcnsiyy\u0259t qurmaq v\u0259 \u015eimali Makedoniyan\u0131n z\u0259ngin m\u0259d\u0259niyy\u0259tini ara\u015fd\u0131rmaq imkan\u0131 ver\u0259c\u0259k. Bu g\u00fcn ba\u015flay\u0131n v\u0259 Makedon dilini m\u0259nims\u0259m\u0259k \u00fc\u00e7\u00fcn ilk add\u0131m\u0131n\u0131z\u0131 at\u0131n!<\/p>\r\n\r\n                            <a class=\"getStartedHidden\" href=\"https:\/\/app.talkpal.ai\/signup?lng=\">Ba\u015fla<\/a>\r\n        \r\n    <\/div>\r\n\r\n    <figure>\r\n    <img decoding=\"async\" width=\"768\" height=\"768\" src=\"https:\/\/talkpal.ai\/wp-content\/uploads\/2023\/06\/macedonian-768x768.png\" class=\"languageImage no-lazy\" alt=\"Language learning through conversational practice\" fetchpriority=\"high\" sizes=\"(max-width: 768px) 150px, 768px\" srcset=\"https:\/\/talkpal.ai\/wp-content\/uploads\/2023\/06\/macedonian-768x768.png 768w, https:\/\/talkpal.ai\/wp-content\/uploads\/2023\/06\/macedonian-300x300.png 300w\" \/>\r\n    \r\n\r\n    <\/figure>\r\n\r\n            <a class=\"getStartedVisible\" href=\"https:\/\/app.talkpal.ai\/signup?lng=\">Ba\u015fla<\/a>\r\n    \r\n<\/section>\r\n<section class=\"promotionalBanner\">\r\n    <p class=\"promotionalText\">Dil \u00f6yr\u0259nm\u0259yin \u0259n t\u0259sirli yolu<\/p>\r\n    <a class=\"promotionalLink\" href=\"https:\/\/app.talkpal.ai\/signup?lng=\">Talkpal pulsuz s\u0131nay\u0131n<\/a>\r\n<\/section>\n<div class=\"wp-block-group pageContainerStyle\"><div class=\"wp-block-group__inner-container is-layout-constrained wp-block-group-is-layout-constrained\">\n<h2 class=\"wp-block-heading\" id=\"h-unraveling-the-mysteries-of-macedonian-grammar\">Makedoniya dilinin qrammatikas\u0131n\u0131n sirl\u0259rinin a\u00e7<\/h2>\n\n\n\n<p><a href=\"https:\/\/talkpal.ai\/macedonian-grammar\/\">Makedoniya qrammatikas\u0131<\/a> \u2013 m\u00fcr\u0259kk\u0259b, lakin \u0259l\u00e7atan, valehedici, lakin z\u0259rif, m\u00fcr\u0259kk\u0259b, lakin maraql\u0131d\u0131r. Makedoniya dili d\u00fcnyas\u0131na s\u0259yah\u0259t\u0259 ba\u015flayanda, ehtimal ki, onun qrammatik sinqamlar\u0131n\u0131 de\u015fifr\u0259 etm\u0259k m\u0259s\u0259l\u0259sind\u0259 h\u0259y\u0259can v\u0259 h\u0259d\u0259-qorxu qar\u0131\u015f\u0131\u011f\u0131 hiss ed\u0259 bil\u0259rs\u0259n. Qorxma, co\u015f\u011fun dil h\u0259v\u0259skar\u0131! Bu dil mac\u0259ras\u0131nda siz\u0259 d\u0259st\u0259k olmaq \u00fc\u00e7\u00fcn buraday\u0131q!<\/p>\n\n\n\n<p>Bu maraql\u0131 m\u0259qal\u0259d\u0259 biz Makedoniya qrammatikas\u0131n\u0131n \u0259sas aspektl\u0259rin\u0259 i\u015f\u0131q salaca\u011f\u0131q, anlay\u0131\u015flar, izahatlar v\u0259 praktiki n\u00fcmun\u0259l\u0259r t\u0259qdim ed\u0259c\u0259yik. Bu f\u00fcsunkar Balkan dilinin d\u00fc\u015f\u00fcnd\u00fcy\u00fcn\u00fczd\u0259n daha \u0259l\u00e7atan oldu\u011funu a\u015fkar ed\u0259c\u0259yik! Buna g\u00f6r\u0259 d\u0259, sizl\u0259r \u00fc\u00e7\u00fcn Makedoniya dilinin qrammatikalar\u0131n\u0131 sad\u0259l\u0259\u015fdirib demistifikasiya etm\u0259y\u0259 imkan verin.<\/p>\n\n\n\n<h3 class=\"wp-block-heading\" id=\"h-1-delightful-declensions-noun-cases-made-easy\">1. L\u0259zz\u0259tli Declensions: Noun Cases Asan<\/h3>\n\n\n\n<p>Dig\u0259r slavyan dill\u0259ri kimi, Makedoniyada da m\u00fcr\u0259kk\u0259b noun i\u015fi sistemi m\u00f6vcuddur. Bu sistem \u00fc\u00e7 haldan ibar\u0259tdir: nominativ, ittihamedici v\u0259 dativ. Daha \u00e7ox hallar olan dill\u0259r\u0259 nisb\u0259t\u0259n daha az qorxulu olsa da, s\u0259lisliy\u0259 nail olmaq \u00fc\u00e7\u00fcn bu n\u00fcanslar\u0131 ustal\u0131qla inki\u015faf etdirm\u0259k vacibdir. Bu hallar bir c\u00fcml\u0259d\u0259 m\u00fcxt\u0259lif rollar\u0131 adlara, t\u0259l\u0259ff\u00fczl\u0259r\u0259 v\u0259 adlara t\u0259yin edir. Bu bar\u0259d\u0259 q\u0131sa m\u0259lumat verilir:<\/p>\n\n\n\n<p><strong>\u2013 Nominativ: C\u00fcml\u0259nin m\u00f6vzusu<\/strong><\/p>\n\n\n\n<p><strong>\u2013 Akkusativ: Bir h\u0259r\u0259k\u0259tin birba\u015fa obyekti v\u0259 ya m\u0259qs\u0259di<\/strong><\/p>\n\n\n\n<p><strong>\u2013 Dative: dolay\u0131 obyekt v\u0259 ya h\u0259r\u0259k\u0259tin istiqam\u0259tini g\u00f6st\u0259r\u0259n<\/strong><\/p>\n\n\n\n<p>Bu hallar\u0131n asq\u0131rma\u011f\u0131n\u0131 \u0259ld\u0259 etm\u0259k \u00fc\u00e7\u00fcn praktika \u0259sasd\u0131r. Zaman v\u0259 dil\u0259 m\u0259ruz qalmas\u0131 il\u0259 bu f\u0259rqlilikl\u0259r ikinci t\u0259bi\u0259t\u0259 \u00e7evril\u0259c\u0259kdir.<\/p>\n\n\n\n<h3 class=\"wp-block-heading\" id=\"h-2-amiable-adjectives-agreement-is-everything\">2. Amiable Adjectives: Raz\u0131la\u015fma H\u0259r \u015eey<\/h3>\n\n\n\n<p>Makedoniya dilinin qrammatikas\u0131nda adjectives kongenial konformistdir. Onlar t\u0259svir etdikl\u0259ri nounlar\u0131n cinsi, say\u0131 v\u0259 hal\u0131 il\u0259 raz\u0131d\u0131rlar. Bu o dem\u0259kdir ki, siz ismin x\u00fcsusiyy\u0259tl\u0259rin\u0259 uy\u011funla\u015fd\u0131rmaq \u00fc\u00e7\u00fcn h\u0259r bir sif\u0259tin formas\u0131n\u0131 t\u0259nziml\u0259m\u0259li olacaqs\u0131n\u0131z.<\/p>\n\n\n\n<p>Bu prosesi daha yum\u015faq etm\u0259k \u00fc\u00e7\u00fcn \u0259sas adjective formalar\u0131n\u0131 \u2013 ki\u015fi, qad\u0131n v\u0259 neytrini \u00f6yr\u0259nm\u0259y\u0259 diqq\u0259t yetirin. M\u00fcnt\u0259z\u0259m olaraq praktikada <a href=\"https:\/\/talkpal.ai\/es\/descargar-la-aplicacion-talkpal-para-android-e-ios\/\">t\u0259tbiq<\/a> olunan adjective raz\u0131la\u015fma prosesi tezlikl\u0259 intuitiv olacaq.<\/p>\n\n\n\n<h3 class=\"wp-block-heading\" id=\"h-3-vigorous-verbs-conjugation-and-aspect-mastery\">3. G\u00fcmrah feill\u0259r: Konjuqasiya v\u0259 aspekt masteri<\/h3>\n\n\n\n<p>Dig\u0259r slavyan dill\u0259rind\u0259 oldu\u011fu kimi, Makedoniya feill\u0259rind\u0259 d\u0259 \u0259sasl\u0131 d\u0259yi\u015fiklikl\u0259r ba\u015f verir. Konjuqasiya g\u0259rgin, \u0259hval-ruhiyy\u0259li, insan, say v\u0259 \u0259n \u0259sas\u0131 aspektd\u0259n as\u0131l\u0131d\u0131r.<\/p>\n\n\n\n<p>Makedon feill\u0259rinin iki c\u0259h\u0259ti var: kamillik v\u0259 qeyri-kamillik. Kamillik bildir\u0259n fe&#8217;ll\u0259r b\u00fct\u00fcn h\u0259r\u0259k\u0259tl\u0259ri ifad\u0259 edir, qeyri &#8211; kamil insanlar is\u0259 davam ed\u0259n v\u0259 ya t\u0259krar olunan h\u0259r\u0259k\u0259ti ifad\u0259 edirl\u0259r. Bu anlay\u0131\u015f\u0131 ba\u015fa d\u00fc\u015fm\u0259k qrammatik t\u0259cr\u00fcb\u0259nizi safla\u015fd\u0131rma\u011f\u0131n\u0131zda olduqca vacibdir.<\/p>\n\n\n\n<h3 class=\"wp-block-heading\" id=\"h-4-pitch-perfect-particles-mastering-stress-and-intonation\">4. Pitch-perfect Particles: Mastering Stress v\u0259 Intonation<\/h3>\n\n\n\n<p>Dil \u00f6yr\u0259n\u0259nl\u0259r \u00fc\u00e7\u00fcn makedoniyal\u0131lar\u0131n x\u00fcsusi meydan\u00e7as\u0131 \u2014 hecalara stress v\u0259 intonasiya t\u0259yin ed\u0259n x\u00fcsusi s\u0259syazma sistemini ustal\u0131qla \u00f6yr\u0259nm\u0259kdir. Bu sistem m\u0259na v\u0259 anlay\u0131\u015fa birba\u015fa t\u0259sir ed\u0259 bil\u0259r.<\/p>\n\n\n\n<p>T\u0259l\u0259ff\u00fczd\u0259 d\u0259qiqliy\u0259 v\u0259 \u00fcnsiyy\u0259td\u0259 ayd\u0131nl\u0131\u011fa nail olmaq \u00fc\u00e7\u00fcn Makedon dilind\u0259 dan\u0131\u015fanlar\u0131n nitqind\u0259ki intonasiya n\u00fcmun\u0259l\u0259rin\u0259 \u00e7ox diqq\u0259t yetirin. Ba\u015flan\u011f\u0131cda \u00e7\u0259tinlik yarana bil\u0259r, ancaq yadda saxla ki, bu, \u00f6z\u00fcn\u0259 \u0259minlik v\u0259 ustal\u0131q hasil edir.<\/p>\n\n\n\n<h3 class=\"wp-block-heading\" id=\"h-5-embrace-the-intricacies-persevere-and-prosper\">5. \u0130ntri-l\u0259ri q\u0259bul edin: \u0259zmkarl\u0131q v\u0259 firavanl\u0131q<\/h3>\n\n\n\n<p>Makedoniya dilinin qrammatikas\u0131, ilk bax\u0131\u015fdan m\u00fcr\u0259kk\u0259b g\u00f6r\u00fcns\u0259 d\u0259, unutmay\u0131n ki, s\u0259br, praktika v\u0259 \u0259zmkarl\u0131q u\u011furun sirl\u0259ridir. Oxumaq, yazmaq, dinl\u0259m\u0259k v\u0259 dan\u0131\u015fmaqla dill\u0259 m\u0259\u015f\u011ful olmaq. \u00c7\u0259tinlikl\u0259ri q\u0259bul edin v\u0259 ir\u0259lil\u0259yi\u015fin g\u0259tirdiyi m\u0259mnunluq hissi il\u0259 \u00f6z\u00fcn\u00fcz\u00fc m\u00fckafatland\u0131r\u0131n.<\/p>\n\n\n\n<p>B\u0259s siz Makedoniya dilinin qrammatikas\u0131n\u0131n mesmerl\u0259\u015fdirici \u0259razisin\u0259 dalma\u011fa haz\u0131rs\u0131n\u0131zm\u0131? Onun quirks v\u0259 m\u00fcr\u0259kk\u0259blikl\u0259rini q\u0259bul edin, inc\u0259likl\u0259rin dad\u0131n\u0131 \u00e7\u0131xar\u0131n v\u0259 unutmay\u0131n ki, h\u0259sr olunma v\u0259 \u015f\u00f6vql\u0259 makedoniya dilinin \u0259sl g\u00f6z\u0259lliyini a\u00e7a bil\u0259rsiniz. \u0421\u043e \u0441\u0440\u0435\u045c\u0430! (Nu\u015f olsun!)<\/p>\n<\/div><\/div>\n\r\n<section class=\"learnNavigationSection\">\r\n            \r\n        <a href=\"https:\/\/talkpal.ai\/az\/makedoniya-dilini-oyr%c9%99nin\/\">\r\n            <div class=\"learnNavigationWrapper\">\r\n                <div class=\"learnNavigationContent\">\r\n                    <img decoding=\"async\" src=\"https:\/\/talkpal.ai\/wp-content\/uploads\/2024\/08\/Macedonian.jpg\" alt=\"Macedonian Flag\">\r\n                    <div>\r\n                        <h4>Makedoniya \u00d6yr\u0259nilm\u0259si Haqq\u0131nda<\/h4>\r\n                        <p>Makedoniya dilinin qrammatikas\u0131 haqq\u0131nda h\u0259r \u015feyi \u00f6yr\u0259nin.<\/p>\r\n                    <\/div>\r\n                <\/div>\r\n            <\/div>\r\n        <\/a>\r\n\r\n        \r\n        <a href=\"https:\/\/talkpal.ai\/az\/makedoniya-dilinin-qrammatikasi-m%c9%99sql%c9%99ri\/\">\r\n            <div class=\"learnNavigationWrapper\">\r\n                <div class=\"learnNavigationContent\">\r\n                    <img decoding=\"async\" src=\"https:\/\/talkpal.ai\/wp-content\/uploads\/2024\/08\/Macedonian.jpg\" alt=\"Macedonian Flag\">\r\n                    <div>\r\n                        <h4>Makedoniya Qrammatikas\u0131 M\u0259\u015fqi<\/h4>\r\n                        <p>Makedoniya dilinin qrammatikas\u0131 il\u0259 m\u0259\u015f\u011ful.<\/p>\r\n                    <\/div>\r\n                <\/div>\r\n            <\/div>\r\n        <\/a>\r\n\r\n        \r\n        <a href=\"https:\/\/talkpal.ai\/vocabulary_language\/macedonian\/\">\r\n            <div class=\"learnNavigationWrapper\">\r\n                <div class=\"learnNavigationContent\">\r\n                    <img decoding=\"async\" src=\"https:\/\/talkpal.ai\/wp-content\/uploads\/2024\/08\/Macedonian.jpg\" alt=\"Macedonian Flag\">\r\n                    <div>\r\n                        <h4>Makedon l\u00fc\u011f\u0259ti<\/h4>\r\n                        <p>Makedoniya l\u00fc\u011f\u0259tinizi geni\u015fl\u0259ndirin.<\/p>\r\n                    <\/div>\r\n                <\/div>\r\n            <\/div>\r\n        <\/a>\r\n\r\n            <\/section>","protected":false},"excerpt":{"rendered":"<p>Makedoniya dilinin qrammatikas\u0131n\u0131n sirl\u0259rinin a\u00e7 Makedoniya qrammatikas\u0131 \u2013 m\u00fcr\u0259kk\u0259b, lakin \u0259l\u00e7atan, valehedici, lakin z\u0259rif, m\u00fcr\u0259kk\u0259b, lakin maraql\u0131d\u0131r. Makedoniya dili d\u00fcnyas\u0131na s\u0259yah\u0259t\u0259 ba\u015flayanda, ehtimal ki, onun qrammatik sinqamlar\u0131n\u0131 de\u015fifr\u0259 etm\u0259k m\u0259s\u0259l\u0259sind\u0259 h\u0259y\u0259can v\u0259 h\u0259d\u0259-qorxu qar\u0131\u015f\u0131\u011f\u0131 hiss ed\u0259 bil\u0259rs\u0259n. Qorxma, co\u015f\u011fun dil h\u0259v\u0259skar\u0131! Bu dil mac\u0259ras\u0131nda siz\u0259 d\u0259st\u0259k olmaq \u00fc\u00e7\u00fcn buraday\u0131q! Bu maraql\u0131 m\u0259qal\u0259d\u0259 biz Makedoniya qrammatikas\u0131n\u0131n [&hellip;]<\/p>\n","protected":false},"author":1,"featured_media":115326,"parent":0,"menu_order":0,"comment_status":"closed","ping_status":"closed","template":"LearningContentPage.php","meta":{"_acf_changed":false,"footnotes":""},"class_list":["post-146821","page","type-page","status-publish","has-post-thumbnail","hentry"],"acf":[],"yoast_head":"<!-- This site is optimized with the Yoast SEO Premium plugin v27.2 (Yoast SEO v27.2) - https:\/\/yoast.com\/product\/yoast-seo-premium-wordpress\/ -->\n<title>Makedoniya dilinin qrammatikas\u0131 - Talkpal<\/title>\n<meta name=\"description\" content=\"S\u00fcni intellektl\u0259 i\u015fl\u0259y\u0259n dil m\u00fc\u0259lliminiz Talkpal il\u0259 Makedoniya qrammatikas\u0131n\u0131 asanl\u0131qla m\u0259nims\u0259yin. Makedoniya qrammatikas\u0131 bacar\u0131qlar\u0131n\u0131z\u0131 t\u0259kmill\u0259\u015fdirin!\" \/>\n<meta name=\"robots\" content=\"index, follow, max-snippet:-1, max-image-preview:large, max-video-preview:-1\" \/>\n<link rel=\"canonical\" href=\"https:\/\/talkpal.ai\/az\/makedoniya-dilinin-qrammatikasi\/\" \/>\n<meta property=\"og:locale\" content=\"az_AZ\" \/>\n<meta property=\"og:type\" content=\"article\" \/>\n<meta property=\"og:title\" content=\"Makedoniya dilinin qrammatikas\u0131\" \/>\n<meta property=\"og:description\" content=\"Makedoniya dilinin qrammatikas\u0131n\u0131n sirl\u0259rinin a\u00e7 Makedoniya qrammatikas\u0131 \u2013 m\u00fcr\u0259kk\u0259b, lakin \u0259l\u00e7atan, valehedici, lakin z\u0259rif, m\u00fcr\u0259kk\u0259b, lakin maraql\u0131d\u0131r.\" \/>\n<meta property=\"og:url\" content=\"https:\/\/talkpal.ai\/az\/makedoniya-dilinin-qrammatikasi\/\" \/>\n<meta property=\"og:site_name\" content=\"Talkpal\" \/>\n<meta property=\"article:publisher\" content=\"https:\/\/www.facebook.com\/profile.php?id=100090733639311\" \/>\n<meta property=\"article:modified_time\" content=\"2025-12-17T16:39:48+00:00\" \/>\n<meta property=\"og:image\" content=\"https:\/\/talkpal.ai\/wp-content\/uploads\/2023\/05\/republic-of-macedonia.png\" \/>\n\t<meta property=\"og:image:width\" content=\"512\" \/>\n\t<meta property=\"og:image:height\" content=\"512\" \/>\n\t<meta property=\"og:image:type\" content=\"image\/png\" \/>\n<meta name=\"twitter:card\" content=\"summary_large_image\" \/>\n<meta name=\"twitter:site\" content=\"@talkpalai\" \/>\n<meta name=\"twitter:label1\" content=\"Est. reading time\" \/>\n\t<meta name=\"twitter:data1\" content=\"4 minutes\" \/>\n<script type=\"application\/ld+json\" class=\"yoast-schema-graph\">{\"@context\":\"https:\/\/schema.org\",\"@graph\":[{\"@type\":\"WebPage\",\"@id\":\"https:\/\/talkpal.ai\/az\/makedoniya-dilinin-qrammatikasi\/\",\"url\":\"https:\/\/talkpal.ai\/az\/makedoniya-dilinin-qrammatikasi\/\",\"name\":\"Makedoniya dilinin qrammatikas\u0131 - Talkpal\",\"isPartOf\":{\"@id\":\"https:\/\/talkpal.ai\/az\/#website\"},\"primaryImageOfPage\":{\"@id\":\"https:\/\/talkpal.ai\/az\/makedoniya-dilinin-qrammatikasi\/#primaryimage\"},\"image\":{\"@id\":\"https:\/\/talkpal.ai\/az\/makedoniya-dilinin-qrammatikasi\/#primaryimage\"},\"thumbnailUrl\":\"https:\/\/talkpal.ai\/wp-content\/uploads\/2023\/05\/republic-of-macedonia.png\",\"datePublished\":\"2023-05-14T14:11:28+00:00\",\"dateModified\":\"2025-12-17T16:39:48+00:00\",\"description\":\"S\u00fcni intellektl\u0259 i\u015fl\u0259y\u0259n dil m\u00fc\u0259lliminiz Talkpal il\u0259 Makedoniya qrammatikas\u0131n\u0131 asanl\u0131qla m\u0259nims\u0259yin. Makedoniya qrammatikas\u0131 bacar\u0131qlar\u0131n\u0131z\u0131 t\u0259kmill\u0259\u015fdirin!\",\"breadcrumb\":{\"@id\":\"https:\/\/talkpal.ai\/az\/makedoniya-dilinin-qrammatikasi\/#breadcrumb\"},\"inLanguage\":\"az\",\"potentialAction\":[{\"@type\":\"ReadAction\",\"target\":[\"https:\/\/talkpal.ai\/az\/makedoniya-dilinin-qrammatikasi\/\"]}]},{\"@type\":\"ImageObject\",\"inLanguage\":\"az\",\"@id\":\"https:\/\/talkpal.ai\/az\/makedoniya-dilinin-qrammatikasi\/#primaryimage\",\"url\":\"https:\/\/talkpal.ai\/wp-content\/uploads\/2023\/05\/republic-of-macedonia.png\",\"contentUrl\":\"https:\/\/talkpal.ai\/wp-content\/uploads\/2023\/05\/republic-of-macedonia.png\",\"width\":512,\"height\":512},{\"@type\":\"BreadcrumbList\",\"@id\":\"https:\/\/talkpal.ai\/az\/makedoniya-dilinin-qrammatikasi\/#breadcrumb\",\"itemListElement\":[{\"@type\":\"ListItem\",\"position\":1,\"name\":\"Homepage\",\"item\":\"https:\/\/talkpal.ai\/az\/\"},{\"@type\":\"ListItem\",\"position\":2,\"name\":\"Makedoniya dilinin qrammatikas\u0131\"}]},{\"@type\":\"WebSite\",\"@id\":\"https:\/\/talkpal.ai\/az\/#website\",\"url\":\"https:\/\/talkpal.ai\/az\/\",\"name\":\"Talkpal\",\"description\":\"AI Language Learning\",\"publisher\":{\"@id\":\"https:\/\/talkpal.ai\/az\/#organization\"},\"alternateName\":\"Talkpal AI\",\"potentialAction\":[{\"@type\":\"SearchAction\",\"target\":{\"@type\":\"EntryPoint\",\"urlTemplate\":\"https:\/\/talkpal.ai\/az\/?s={search_term_string}\"},\"query-input\":{\"@type\":\"PropertyValueSpecification\",\"valueRequired\":true,\"valueName\":\"search_term_string\"}}],\"inLanguage\":\"az\"},{\"@type\":\"Organization\",\"@id\":\"https:\/\/talkpal.ai\/az\/#organization\",\"name\":\"Talkpal, Inc.\",\"alternateName\":\"Talkpal AI\",\"url\":\"https:\/\/talkpal.ai\/az\/\",\"logo\":{\"@type\":\"ImageObject\",\"inLanguage\":\"az\",\"@id\":\"https:\/\/talkpal.ai\/az\/#\/schema\/logo\/image\/\",\"url\":\"https:\/\/talkpal.ai\/wp-content\/uploads\/2024\/03\/Talkpal-Logo-Icon.png\",\"contentUrl\":\"https:\/\/talkpal.ai\/wp-content\/uploads\/2024\/03\/Talkpal-Logo-Icon.png\",\"width\":2880,\"height\":2880,\"caption\":\"Talkpal, Inc.\"},\"image\":{\"@id\":\"https:\/\/talkpal.ai\/az\/#\/schema\/logo\/image\/\"},\"sameAs\":[\"https:\/\/www.facebook.com\/profile.php?id=100090733639311\",\"https:\/\/x.com\/talkpalai\",\"https:\/\/www.linkedin.com\/company\/talkpal\/\",\"https:\/\/www.youtube.com\/@TalkPal\/\",\"https:\/\/www.tiktok.com\/@talkpal\",\"https:\/\/www.instagram.com\/talkpal_ai\/\",\"https:\/\/www.crunchbase.com\/organization\/talkpal-9cde\",\"https:\/\/www.g2.com\/products\/talkpal-for-business\/\",\"https:\/\/www.trustpilot.com\/review\/talkpal.ai\",\"https:\/\/www.capterra.com\/p\/10006800\/TalkPal\/\"],\"description\":\"Talkpal is a language learning web and mobile education app, powered by the latest AI technologies, that provides engaging experiences to its customers in many different languages to help them improve their language skills. Users can chat about unlimited amount of topics with the app and use other modes to practice their language learning.\",\"email\":\"support@talkpal.ai\",\"legalName\":\"Talkpal, Inc.\",\"foundingDate\":\"2023-04-03\",\"duns\":\"118989042\",\"numberOfEmployees\":{\"@type\":\"QuantitativeValue\",\"minValue\":\"11\",\"maxValue\":\"50\"},\"publishingPrinciples\":\"https:\/\/talkpal.ai\/publishing-principles\/\",\"actionableFeedbackPolicy\":\"https:\/\/talkpal.ai\/actionable-feedback-policy\/\",\"correctionsPolicy\":\"https:\/\/talkpal.ai\/corrections-policy\/\",\"ethicsPolicy\":\"https:\/\/talkpal.ai\/ethics-policy\/\",\"diversityPolicy\":\"https:\/\/talkpal.ai\/diversity-policy\/\",\"diversityStaffingReport\":\"https:\/\/talkpal.ai\/diversity-policy\/\"}]}<\/script>\n<!-- \/ Yoast SEO Premium plugin. -->","yoast_head_json":{"title":"Makedoniya dilinin qrammatikas\u0131 - Talkpal","description":"S\u00fcni intellektl\u0259 i\u015fl\u0259y\u0259n dil m\u00fc\u0259lliminiz Talkpal il\u0259 Makedoniya qrammatikas\u0131n\u0131 asanl\u0131qla m\u0259nims\u0259yin. Makedoniya qrammatikas\u0131 bacar\u0131qlar\u0131n\u0131z\u0131 t\u0259kmill\u0259\u015fdirin!","robots":{"index":"index","follow":"follow","max-snippet":"max-snippet:-1","max-image-preview":"max-image-preview:large","max-video-preview":"max-video-preview:-1"},"canonical":"https:\/\/talkpal.ai\/az\/makedoniya-dilinin-qrammatikasi\/","og_locale":"az_AZ","og_type":"article","og_title":"Makedoniya dilinin qrammatikas\u0131","og_description":"Makedoniya dilinin qrammatikas\u0131n\u0131n sirl\u0259rinin a\u00e7 Makedoniya qrammatikas\u0131 \u2013 m\u00fcr\u0259kk\u0259b, lakin \u0259l\u00e7atan, valehedici, lakin z\u0259rif, m\u00fcr\u0259kk\u0259b, lakin maraql\u0131d\u0131r.","og_url":"https:\/\/talkpal.ai\/az\/makedoniya-dilinin-qrammatikasi\/","og_site_name":"Talkpal","article_publisher":"https:\/\/www.facebook.com\/profile.php?id=100090733639311","article_modified_time":"2025-12-17T16:39:48+00:00","og_image":[{"width":512,"height":512,"url":"https:\/\/talkpal.ai\/wp-content\/uploads\/2023\/05\/republic-of-macedonia.png","type":"image\/png"}],"twitter_card":"summary_large_image","twitter_site":"@talkpalai","twitter_misc":{"Est. reading time":"4 minutes"},"schema":{"@context":"https:\/\/schema.org","@graph":[{"@type":"WebPage","@id":"https:\/\/talkpal.ai\/az\/makedoniya-dilinin-qrammatikasi\/","url":"https:\/\/talkpal.ai\/az\/makedoniya-dilinin-qrammatikasi\/","name":"Makedoniya dilinin qrammatikas\u0131 - Talkpal","isPartOf":{"@id":"https:\/\/talkpal.ai\/az\/#website"},"primaryImageOfPage":{"@id":"https:\/\/talkpal.ai\/az\/makedoniya-dilinin-qrammatikasi\/#primaryimage"},"image":{"@id":"https:\/\/talkpal.ai\/az\/makedoniya-dilinin-qrammatikasi\/#primaryimage"},"thumbnailUrl":"https:\/\/talkpal.ai\/wp-content\/uploads\/2023\/05\/republic-of-macedonia.png","datePublished":"2023-05-14T14:11:28+00:00","dateModified":"2025-12-17T16:39:48+00:00","description":"S\u00fcni intellektl\u0259 i\u015fl\u0259y\u0259n dil m\u00fc\u0259lliminiz Talkpal il\u0259 Makedoniya qrammatikas\u0131n\u0131 asanl\u0131qla m\u0259nims\u0259yin. Makedoniya qrammatikas\u0131 bacar\u0131qlar\u0131n\u0131z\u0131 t\u0259kmill\u0259\u015fdirin!","breadcrumb":{"@id":"https:\/\/talkpal.ai\/az\/makedoniya-dilinin-qrammatikasi\/#breadcrumb"},"inLanguage":"az","potentialAction":[{"@type":"ReadAction","target":["https:\/\/talkpal.ai\/az\/makedoniya-dilinin-qrammatikasi\/"]}]},{"@type":"ImageObject","inLanguage":"az","@id":"https:\/\/talkpal.ai\/az\/makedoniya-dilinin-qrammatikasi\/#primaryimage","url":"https:\/\/talkpal.ai\/wp-content\/uploads\/2023\/05\/republic-of-macedonia.png","contentUrl":"https:\/\/talkpal.ai\/wp-content\/uploads\/2023\/05\/republic-of-macedonia.png","width":512,"height":512},{"@type":"BreadcrumbList","@id":"https:\/\/talkpal.ai\/az\/makedoniya-dilinin-qrammatikasi\/#breadcrumb","itemListElement":[{"@type":"ListItem","position":1,"name":"Homepage","item":"https:\/\/talkpal.ai\/az\/"},{"@type":"ListItem","position":2,"name":"Makedoniya dilinin qrammatikas\u0131"}]},{"@type":"WebSite","@id":"https:\/\/talkpal.ai\/az\/#website","url":"https:\/\/talkpal.ai\/az\/","name":"Talkpal","description":"AI Language Learning","publisher":{"@id":"https:\/\/talkpal.ai\/az\/#organization"},"alternateName":"Talkpal AI","potentialAction":[{"@type":"SearchAction","target":{"@type":"EntryPoint","urlTemplate":"https:\/\/talkpal.ai\/az\/?s={search_term_string}"},"query-input":{"@type":"PropertyValueSpecification","valueRequired":true,"valueName":"search_term_string"}}],"inLanguage":"az"},{"@type":"Organization","@id":"https:\/\/talkpal.ai\/az\/#organization","name":"Talkpal, Inc.","alternateName":"Talkpal AI","url":"https:\/\/talkpal.ai\/az\/","logo":{"@type":"ImageObject","inLanguage":"az","@id":"https:\/\/talkpal.ai\/az\/#\/schema\/logo\/image\/","url":"https:\/\/talkpal.ai\/wp-content\/uploads\/2024\/03\/Talkpal-Logo-Icon.png","contentUrl":"https:\/\/talkpal.ai\/wp-content\/uploads\/2024\/03\/Talkpal-Logo-Icon.png","width":2880,"height":2880,"caption":"Talkpal, Inc."},"image":{"@id":"https:\/\/talkpal.ai\/az\/#\/schema\/logo\/image\/"},"sameAs":["https:\/\/www.facebook.com\/profile.php?id=100090733639311","https:\/\/x.com\/talkpalai","https:\/\/www.linkedin.com\/company\/talkpal\/","https:\/\/www.youtube.com\/@TalkPal\/","https:\/\/www.tiktok.com\/@talkpal","https:\/\/www.instagram.com\/talkpal_ai\/","https:\/\/www.crunchbase.com\/organization\/talkpal-9cde","https:\/\/www.g2.com\/products\/talkpal-for-business\/","https:\/\/www.trustpilot.com\/review\/talkpal.ai","https:\/\/www.capterra.com\/p\/10006800\/TalkPal\/"],"description":"Talkpal is a language learning web and mobile education app, powered by the latest AI technologies, that provides engaging experiences to its customers in many different languages to help them improve their language skills. Users can chat about unlimited amount of topics with the app and use other modes to practice their language learning.","email":"support@talkpal.ai","legalName":"Talkpal, Inc.","foundingDate":"2023-04-03","duns":"118989042","numberOfEmployees":{"@type":"QuantitativeValue","minValue":"11","maxValue":"50"},"publishingPrinciples":"https:\/\/talkpal.ai\/publishing-principles\/","actionableFeedbackPolicy":"https:\/\/talkpal.ai\/actionable-feedback-policy\/","correctionsPolicy":"https:\/\/talkpal.ai\/corrections-policy\/","ethicsPolicy":"https:\/\/talkpal.ai\/ethics-policy\/","diversityPolicy":"https:\/\/talkpal.ai\/diversity-policy\/","diversityStaffingReport":"https:\/\/talkpal.ai\/diversity-policy\/"}]}},"_links":{"self":[{"href":"https:\/\/talkpal.ai\/az\/wp-json\/wp\/v2\/pages\/146821","targetHints":{"allow":["GET"]}}],"collection":[{"href":"https:\/\/talkpal.ai\/az\/wp-json\/wp\/v2\/pages"}],"about":[{"href":"https:\/\/talkpal.ai\/az\/wp-json\/wp\/v2\/types\/page"}],"author":[{"embeddable":true,"href":"https:\/\/talkpal.ai\/az\/wp-json\/wp\/v2\/users\/1"}],"replies":[{"embeddable":true,"href":"https:\/\/talkpal.ai\/az\/wp-json\/wp\/v2\/comments?post=146821"}],"version-history":[{"count":0,"href":"https:\/\/talkpal.ai\/az\/wp-json\/wp\/v2\/pages\/146821\/revisions"}],"wp:featuredmedia":[{"embeddable":true,"href":"https:\/\/talkpal.ai\/az\/wp-json\/wp\/v2\/media\/115326"}],"wp:attachment":[{"href":"https:\/\/talkpal.ai\/az\/wp-json\/wp\/v2\/media?parent=146821"}],"curies":[{"name":"wp","href":"https:\/\/api.w.org\/{rel}","templated":true}]}}