{"id":146502,"date":"2023-05-14T14:11:00","date_gmt":"2023-05-14T14:11:00","guid":{"rendered":"http:\/\/talkpal.ai\/qazax-dilinin-qrammatikasi\/"},"modified":"2025-12-17T16:58:20","modified_gmt":"2025-12-17T16:58:20","slug":"qazax-dilinin-qrammatikasi","status":"publish","type":"page","link":"https:\/\/talkpal.ai\/az\/qazax-dilinin-qrammatikasi\/","title":{"rendered":"Qazax dilinin qrammatikas\u0131"},"content":{"rendered":"\r\n\r\n\r\n<section class=\"languageChallengeSection\">\r\n    <div class=\"languageInfoWrapper\">\r\n        \r\n        <h1>Qazax dilinin qrammatikas\u0131<\/h1>\r\n        <p><a href=\"https:\/\/talkpal.ai\/learn-kazakh\/\">Qazax<\/a> dilini \u00f6yr\u0259nm\u0259k tarix v\u0259 m\u0259d\u0259niyy\u0259tl\u0259 z\u0259ngin bir dil\u0259 qap\u0131 a\u00e7\u0131r v\u0259 onun k\u00f6k\u00fcnd\u0259 f\u00fcsunkar <a href=\"https:\/\/talkpal.ai\/grammar\/\">qrammatika<\/a> sistemi dayan\u0131r. <a href=\"https:\/\/talkpal.ai\/kazakh-grammar\/\">Qazax dilinin qrammatikas\u0131<\/a> ilk bax\u0131\u015fda m\u00fcr\u0259kk\u0259b g\u00f6r\u00fcns\u0259 d\u0259, onun sait harmoniyas\u0131, isim hallar\u0131 v\u0259 fel zamanlar\u0131 kimi \u0259sas x\u00fcsusiyy\u0259tl\u0259rini ba\u015fa d\u00fc\u015fm\u0259k dili m\u0259nims\u0259m\u0259yi h\u0259m m\u00fcnasib, h\u0259m d\u0259 faydal\u0131 edir. Da\u015f\u0131y\u0131n v\u0259 qazax\u0131 unikal ed\u0259ni k\u0259\u015ff edin!<\/p>\r\n\r\n                            <a class=\"getStartedHidden\" href=\"https:\/\/app.talkpal.ai\/signup?lng=\">Ba\u015fla<\/a>\r\n        \r\n    <\/div>\r\n\r\n    <figure>\r\n    <img decoding=\"async\" width=\"768\" height=\"768\" src=\"https:\/\/talkpal.ai\/wp-content\/uploads\/2023\/06\/Khazak-768x768.png\" class=\"languageImage no-lazy\" alt=\"Language learning for increased negotiation skills\" fetchpriority=\"high\" sizes=\"(max-width: 768px) 150px, 768px\" srcset=\"https:\/\/talkpal.ai\/wp-content\/uploads\/2023\/06\/Khazak-768x768.png 768w, https:\/\/talkpal.ai\/wp-content\/uploads\/2023\/06\/Khazak-300x300.png 300w\" \/>\r\n    \r\n\r\n    <\/figure>\r\n\r\n            <a class=\"getStartedVisible\" href=\"https:\/\/app.talkpal.ai\/signup?lng=\">Ba\u015fla<\/a>\r\n    \r\n<\/section>\r\n<section class=\"promotionalBanner\">\r\n    <p class=\"promotionalText\">Dil \u00f6yr\u0259nm\u0259yin \u0259n t\u0259sirli yolu<\/p>\r\n    <a class=\"promotionalLink\" href=\"https:\/\/app.talkpal.ai\/signup?lng=\">Talkpal pulsuz s\u0131nay\u0131n<\/a>\r\n<\/section>\n<div class=\"wp-block-group pageContainerStyle\"><div class=\"wp-block-group__inner-container is-layout-constrained wp-block-group-is-layout-constrained\">\n<h2 class=\"wp-block-heading\" id=\"h-kazakh-grammar-unlocking-the-secrets-of-the-kazakh-language\">Qazax dilinin qrammatikas\u0131. Qazax dilinin sirl\u0259rinin a\u00e7\u0131lmas\u0131<\/h2>\n\n\n\n<p>Qazax dilinin \u00f6yr\u0259nilm\u0259sin\u0259 g\u0259ldikd\u0259, qazax dilinin qrammatikas\u0131n\u0131n \u0259saslar\u0131n\u0131 anlamaq onun sirl\u0259rini a\u00e7maq \u00fc\u00e7\u00fcn \u00e7ox vacibdir. D\u00fczd\u00fcr, ilk vaxtlar bu, qorxulu g\u00f6r\u00fcns\u0259 d\u0259, qrammatika sistemi dili heyran ed\u0259n nadir x\u00fcsusiyy\u0259tl\u0259rl\u0259 \u00f6y\u00fcn\u00fcr. Bu m\u0259qal\u0259 qazax dilinin qrammatikas\u0131n\u0131n \u0259sas aspektl\u0259rin\u0259 i\u015f\u0131q salma\u011fa, dilin z\u0259ngin strukturuna dan\u0131\u015f\u0131q v\u0259 qeyri-r\u0259smi giri\u015f t\u0259qdim etm\u0259y\u0259 \u00e7al\u0131\u015f\u0131r.<\/p>\n\n\n\n<h3 class=\"wp-block-heading\" id=\"h-1-nouns-harmony-in-cases-and-declensions\">1. Nouns \u2013 Hallarda v\u0259 deklensionlarda harmoniya<\/h3>\n\n\n\n<p>Qazax dilinin qrammatikas\u0131nda n\u0259z\u0259r\u0259 al\u0131nmal\u0131 olan ilk \u015feyl\u0259rd\u0259n biri ismin qurulu\u015fudur. Bu dild\u0259 saitl\u0259rin harmonik sistemi i\u015fl\u0259nir. Burada saitl\u0259r ya \u00f6n, ya da arxaya, harmonik kombinasiyalara \u00fcst\u00fcnl\u00fck verilir. Bu sistem, ba\u015flan\u011f\u0131c noun harmonik qrupuna uy\u011fun m\u00fcxt\u0259lif suffiksl\u0259r vasit\u0259sil\u0259 \u0259m\u0259l\u0259 g\u0259l\u0259n noun plurallar\u0131 il\u0259 ba\u011fl\u0131d\u0131r.<\/p>\n\n\n\n<p>Qazax nounlar\u0131 yeddi halla tabe olur: nominativ, genitativ, dativ, ittihamedici, lokativ, ablativ v\u0259 instrumental. \u0130lk bax\u0131\u015fdan qorxulu olsa da, bu i\u015fl\u0259rin ustas\u0131 d\u0259qiq c\u00fcml\u0259 qurulu\u015flar\u0131n\u0131n yaranmas\u0131nda h\u0259lledici \u0259h\u0259miyy\u0259t k\u0259sb edir. Hallar s\u00f6zl\u0259r aras\u0131ndak\u0131 m\u00fcnasib\u0259tl\u0259ri m\u00fc\u0259yy\u0259n edir, m\u0259nan\u0131 itirm\u0259d\u0259n s\u00f6z nizam\u0131nda elastikliy\u0259 imkan verir.<\/p>\n\n\n\n<h3 class=\"wp-block-heading\" id=\"h-2-adjectives-agreement-and-comparison\">2. Adjectives \u2013 Raz\u0131la\u015fma v\u0259 m\u00fcqayis\u0259<\/h3>\n\n\n\n<p>Qazax adyunktlar\u0131 nounlar haqq\u0131nda daha \u00e7ox m\u0259lumat verm\u0259k v\u0259 bildirm\u0259k \u00fc\u00e7\u00fcn istifad\u0259 olunur. Onlar hal v\u0259 r\u0259q\u0259m bax\u0131m\u0131ndan d\u0259yi\u015fdirdikl\u0259ri nounla raz\u0131la\u015fmal\u0131d\u0131rlar. Bundan \u0259lav\u0259, adjectives m\u00fcqayis\u0259 v\u0259 superlative d\u0259r\u0259c\u0259l\u0259ri istifad\u0259 ed\u0259r\u0259k m\u00fcqayis\u0259 edil\u0259 bil\u0259r, m\u00fcvafiq suffiks \u0259lav\u0259 ed\u0259r\u0259k nail olmaq, m\u00fcxt\u0259lif s\u0259viyy\u0259d\u0259 vur\u011fu \u00e7atd\u0131rmaq.<\/p>\n\n\n\n<p>M\u0259s\u0259l\u0259n, qazax dilind\u0259 \u201cg\u00f6z\u0259l\u201d s\u00f6z\u00fc \u201c\u0441\u044b\u04a3\u0448\u044b\u201dd\u0131r. G\u00f6z\u0259l bir ba\u011f\u0131 (ba\u011f) t\u0259svir ed\u0259nd\u0259 \u201cs\u0131n\u015f\u0131 baq\u201d ifad\u0259si olard\u0131. \u201cDaha g\u00f6z\u0259l\u201d dem\u0259k \u00fc\u00e7\u00fcn \u201cs\u0131\u011fmaq\u201d, \u201c\u0259n g\u00f6z\u0259l\u201d is\u0259 \u201cs\u0131\u015f\u0131n\u015f\u0131\u201d il\u0259 formala\u015f\u0131r. \u201c\u018fn g\u00f6z\u0259l ba\u011f\u201d dem\u0259k \u00fc\u00e7\u00fcn \u201cs\u0259n\u015f\u0131 bax\u201d dey\u0259rs\u0259n.<\/p>\n\n\n\n<h3 class=\"wp-block-heading\" id=\"h-3-verbs-tense-mood-and-aspect\">3. Feill\u0259r \u2013 g\u0259rgin, \u0259hval-ruhiyy\u0259li v\u0259 aspektli<\/h3>\n\n\n\n<p>Qazax dilind\u0259 feill\u0259r g\u0259rgin, \u0259hval-ruhiyy\u0259li v\u0259 aspektli t\u0259svir olunur. Dil \u00f6z\u00fcnd\u0259 \u00fc\u00e7 \u0259sas g\u0259rginliyi ehtiva edir: ke\u00e7mi\u015f, indiki v\u0259 g\u0259l\u0259c\u0259k. H\u0259r bir g\u0259rginlik m\u00f6vzu pronoun, mood (m\u0259s\u0259l\u0259n, imperativ v\u0259 ya \u015f\u0259rti) v\u0259 aspekt (h\u0259r\u0259k\u0259t m\u00fck\u0259mm\u0259l, tamamlanm\u0131\u015f h\u0259r\u0259k\u0259t \u0259ks etdir\u0259n v\u0259 ya qeyri-kamil, daimi v\u0259 ya v\u0259rdi\u015f h\u0259r\u0259k\u0259t g\u00f6st\u0259rir) \u0259sas\u0131nda m\u00fcxt\u0259lif formalar\u0131 var.<\/p>\n\n\n\n<h3 class=\"wp-block-heading\" id=\"h-4-pronouns-personal-and-demonstrative\">4. Pronouns \u2013 \u015f\u0259xsi v\u0259 n\u00fcmayi\u015fkar<\/h3>\n\n\n\n<p>Qazax dilinin qrammatikas\u0131nda pronounslara \u015f\u0259xsi, e&#8217;tiqatedici, n\u00fcmayi\u015fkar, sor\u011fu-sual v\u0259 nisbi n\u00f6vl\u0259r daxildir. Onlar istinad etdikl\u0259ri v\u0259 ya \u0259v\u0259z etdikl\u0259ri nounla raz\u0131la\u015fmal\u0131d\u0131rlar. M\u0259s\u0259l\u0259n, proksimal (\u0431\u04b1\u043b), medial (osy) v\u0259 distal (anau) \u00fc\u00e7 formaya malikdirl\u0259r.<\/p>\n\n\n\n<h3 class=\"wp-block-heading\" id=\"h-5-embracing-the-uniqueness-of-kazakh-grammar\">5. Qazax dilinin qrammatikas\u0131n\u0131n \u00f6z\u00fcn\u0259m\u0259xsuslu\u011funu m\u0259nims\u0259m\u0259k<\/h3>\n\n\n\n<p>Qazax dili s\u0259yah\u0259tiniz\u0259 \u00e7\u0131xd\u0131\u011f\u0131n\u0131z zaman unutmay\u0131n ki, s\u00f6hb\u0259t b\u00fct\u00fcn n\u00fcanslar\u0131 bir anda m\u0259nims\u0259m\u0259k deyil. Qazax\u0131 ay\u0131ran v\u0259 onu h\u0259dd\u0259n art\u0131q hiss etm\u0259d\u0259n ba\u015fa d\u00fc\u015fm\u0259k \u00fc\u00e7\u00fcn vaxt ay\u0131ran unikal qrammatik sistemini k\u0259\u015ff etm\u0259kd\u0259n z\u00f6vq al\u0131ram.<\/p>\n\n\n\n<p>Qazax dilinin qrammatikas\u0131n\u0131n x\u00fcsusiyy\u0259tl\u0259rini qiym\u0259tl\u0259ndirm\u0259k v\u0259 t\u0259dqiq etm\u0259kl\u0259 siz dilin g\u00f6z\u0259lliyini h\u0259qiq\u0259t\u0259n a\u00e7a bil\u0259rsiniz, onun \u00f6z\u00fcnd\u0259 ehtiva etdiyi z\u0259ngin m\u0259d\u0259ni irs\u0259 daha \u00e7ox \u00e7\u0131x\u0131\u015f \u0259ld\u0259 ed\u0259 bil\u0259rsiniz. \u0421\u0430\u0442\u0456\u0442\u044c \u043e\u0456\u0456 \u2013 Xo\u015fb\u0259xt \u00f6yr\u0259nm\u0259!<\/p>\n<\/div><\/div>\n\r\n<section class=\"learnNavigationSection\">\r\n            \r\n        <a href=\"https:\/\/talkpal.ai\/az\/qazax-dilini-oyr%c9%99n\/\">\r\n            <div class=\"learnNavigationWrapper\">\r\n                <div class=\"learnNavigationContent\">\r\n                    <img decoding=\"async\" src=\"https:\/\/talkpal.ai\/wp-content\/uploads\/2024\/08\/Kazakh.jpg\" alt=\"Kazakh Flag\">\r\n                    <div>\r\n                        <h4>Qazax dilinin \u00f6yr\u0259nilm\u0259si haqq\u0131nda<\/h4>\r\n                        <p>Kazak dili qrammatikas\u0131 haqq\u0131nda h\u0259r \u015feyi \u00f6yr\u0259nin.<\/p>\r\n                    <\/div>\r\n                <\/div>\r\n            <\/div>\r\n        <\/a>\r\n\r\n        \r\n        <a href=\"https:\/\/talkpal.ai\/az\/qazax-qrammatika-m%c9%99sql%c9%99ri\/\">\r\n            <div class=\"learnNavigationWrapper\">\r\n                <div class=\"learnNavigationContent\">\r\n                    <img decoding=\"async\" src=\"https:\/\/talkpal.ai\/wp-content\/uploads\/2024\/08\/Kazakh.jpg\" alt=\"Kazakh Flag\">\r\n                    <div>\r\n                        <h4>Qazax dilinin qrammatikas\u0131 m\u0259\u015fqi<\/h4>\r\n                        <p>Qazax dilinin qrammatika qaydalar\u0131na \u0259m\u0259l etm\u0259k.<\/p>\r\n                    <\/div>\r\n                <\/div>\r\n            <\/div>\r\n        <\/a>\r\n\r\n        \r\n        <a href=\"https:\/\/talkpal.ai\/vocabulary_language\/kazakh\/\">\r\n            <div class=\"learnNavigationWrapper\">\r\n                <div class=\"learnNavigationContent\">\r\n                    <img decoding=\"async\" src=\"https:\/\/talkpal.ai\/wp-content\/uploads\/2024\/08\/Kazakh.jpg\" alt=\"Kazakh Flag\">\r\n                    <div>\r\n                        <h4>Qazax l\u00fc\u011f\u0259ti<\/h4>\r\n                        <p>Qazax dili l\u00fc\u011f\u0259tinizi geni\u015fl\u0259ndirin.<\/p>\r\n                    <\/div>\r\n                <\/div>\r\n            <\/div>\r\n        <\/a>\r\n\r\n            <\/section>","protected":false},"excerpt":{"rendered":"<p>Qazax dilinin qrammatikas\u0131. Qazax dilinin sirl\u0259rinin a\u00e7\u0131lmas\u0131 Qazax dilinin \u00f6yr\u0259nilm\u0259sin\u0259 g\u0259ldikd\u0259, qazax dilinin qrammatikas\u0131n\u0131n \u0259saslar\u0131n\u0131 anlamaq onun sirl\u0259rini a\u00e7maq \u00fc\u00e7\u00fcn \u00e7ox vacibdir. D\u00fczd\u00fcr, ilk vaxtlar bu, qorxulu g\u00f6r\u00fcns\u0259 d\u0259, qrammatika sistemi dili heyran ed\u0259n nadir x\u00fcsusiyy\u0259tl\u0259rl\u0259 \u00f6y\u00fcn\u00fcr. Bu m\u0259qal\u0259 qazax dilinin qrammatikas\u0131n\u0131n \u0259sas aspektl\u0259rin\u0259 i\u015f\u0131q salma\u011fa, dilin z\u0259ngin strukturuna dan\u0131\u015f\u0131q v\u0259 qeyri-r\u0259smi giri\u015f t\u0259qdim etm\u0259y\u0259 [&hellip;]<\/p>\n","protected":false},"author":1,"featured_media":146508,"parent":0,"menu_order":0,"comment_status":"closed","ping_status":"closed","template":"LearningContentPage.php","meta":{"_acf_changed":false,"footnotes":""},"class_list":["post-146502","page","type-page","status-publish","has-post-thumbnail","hentry"],"acf":[],"yoast_head":"<!-- This site is optimized with the Yoast SEO Premium plugin v27.2 (Yoast SEO v27.2) - https:\/\/yoast.com\/product\/yoast-seo-premium-wordpress\/ -->\n<title>Qazax dilinin qrammatikas\u0131 - Talkpal<\/title>\n<meta name=\"description\" content=\"Qazax dilinin qrammatikas\u0131n\u0131 asanl\u0131qla m\u0259nims\u0259yin - \u0259sas qaydalar\u0131 \u00f6yr\u0259nin, c\u00fcml\u0259 qurulu\u015funu m\u0259\u015fq edin v\u0259 r\u0259vanl\u0131\u011f\u0131n\u0131z\u0131 s\u00fcr\u0259tl\u0259 art\u0131r\u0131n\" \/>\n<meta name=\"robots\" content=\"index, follow, max-snippet:-1, max-image-preview:large, max-video-preview:-1\" \/>\n<link rel=\"canonical\" href=\"https:\/\/talkpal.ai\/az\/qazax-dilinin-qrammatikasi\/\" \/>\n<meta property=\"og:locale\" content=\"az_AZ\" \/>\n<meta property=\"og:type\" content=\"article\" \/>\n<meta property=\"og:title\" content=\"Qazax dilinin qrammatikas\u0131\" \/>\n<meta property=\"og:description\" content=\"Qazax dilinin qrammatikas\u0131. Qazax dilinin sirl\u0259rinin a\u00e7\u0131lmas\u0131 Qazax dilinin \u00f6yr\u0259nilm\u0259sin\u0259 g\u0259ldikd\u0259, qazax dilinin qrammatikas\u0131n\u0131n \u0259saslar\u0131n\u0131 anlamaq onun\" \/>\n<meta property=\"og:url\" content=\"https:\/\/talkpal.ai\/az\/qazax-dilinin-qrammatikasi\/\" \/>\n<meta property=\"og:site_name\" content=\"Talkpal\" \/>\n<meta property=\"article:publisher\" content=\"https:\/\/www.facebook.com\/profile.php?id=100090733639311\" \/>\n<meta property=\"article:modified_time\" content=\"2025-12-17T16:58:20+00:00\" \/>\n<meta property=\"og:image\" content=\"https:\/\/talkpal.ai\/wp-content\/uploads\/2023\/05\/kazakhstan.png\" \/>\n\t<meta property=\"og:image:width\" content=\"512\" \/>\n\t<meta property=\"og:image:height\" content=\"512\" \/>\n\t<meta property=\"og:image:type\" content=\"image\/png\" \/>\n<meta name=\"twitter:card\" content=\"summary_large_image\" \/>\n<meta name=\"twitter:site\" content=\"@talkpalai\" \/>\n<meta name=\"twitter:label1\" content=\"Est. reading time\" \/>\n\t<meta name=\"twitter:data1\" content=\"3 minutes\" \/>\n<script type=\"application\/ld+json\" class=\"yoast-schema-graph\">{\"@context\":\"https:\/\/schema.org\",\"@graph\":[{\"@type\":\"WebPage\",\"@id\":\"https:\/\/talkpal.ai\/az\/qazax-dilinin-qrammatikasi\/\",\"url\":\"https:\/\/talkpal.ai\/az\/qazax-dilinin-qrammatikasi\/\",\"name\":\"Qazax dilinin qrammatikas\u0131 - Talkpal\",\"isPartOf\":{\"@id\":\"https:\/\/talkpal.ai\/az\/#website\"},\"primaryImageOfPage\":{\"@id\":\"https:\/\/talkpal.ai\/az\/qazax-dilinin-qrammatikasi\/#primaryimage\"},\"image\":{\"@id\":\"https:\/\/talkpal.ai\/az\/qazax-dilinin-qrammatikasi\/#primaryimage\"},\"thumbnailUrl\":\"https:\/\/talkpal.ai\/wp-content\/uploads\/2023\/05\/kazakhstan.png\",\"datePublished\":\"2023-05-14T14:11:00+00:00\",\"dateModified\":\"2025-12-17T16:58:20+00:00\",\"description\":\"Qazax dilinin qrammatikas\u0131n\u0131 asanl\u0131qla m\u0259nims\u0259yin - \u0259sas qaydalar\u0131 \u00f6yr\u0259nin, c\u00fcml\u0259 qurulu\u015funu m\u0259\u015fq edin v\u0259 r\u0259vanl\u0131\u011f\u0131n\u0131z\u0131 s\u00fcr\u0259tl\u0259 art\u0131r\u0131n\",\"breadcrumb\":{\"@id\":\"https:\/\/talkpal.ai\/az\/qazax-dilinin-qrammatikasi\/#breadcrumb\"},\"inLanguage\":\"az\",\"potentialAction\":[{\"@type\":\"ReadAction\",\"target\":[\"https:\/\/talkpal.ai\/az\/qazax-dilinin-qrammatikasi\/\"]}]},{\"@type\":\"ImageObject\",\"inLanguage\":\"az\",\"@id\":\"https:\/\/talkpal.ai\/az\/qazax-dilinin-qrammatikasi\/#primaryimage\",\"url\":\"https:\/\/talkpal.ai\/wp-content\/uploads\/2023\/05\/kazakhstan.png\",\"contentUrl\":\"https:\/\/talkpal.ai\/wp-content\/uploads\/2023\/05\/kazakhstan.png\",\"width\":512,\"height\":512},{\"@type\":\"BreadcrumbList\",\"@id\":\"https:\/\/talkpal.ai\/az\/qazax-dilinin-qrammatikasi\/#breadcrumb\",\"itemListElement\":[{\"@type\":\"ListItem\",\"position\":1,\"name\":\"Homepage\",\"item\":\"https:\/\/talkpal.ai\/az\/\"},{\"@type\":\"ListItem\",\"position\":2,\"name\":\"Qazax dilinin qrammatikas\u0131\"}]},{\"@type\":\"WebSite\",\"@id\":\"https:\/\/talkpal.ai\/az\/#website\",\"url\":\"https:\/\/talkpal.ai\/az\/\",\"name\":\"Talkpal\",\"description\":\"AI Language Learning\",\"publisher\":{\"@id\":\"https:\/\/talkpal.ai\/az\/#organization\"},\"alternateName\":\"Talkpal AI\",\"potentialAction\":[{\"@type\":\"SearchAction\",\"target\":{\"@type\":\"EntryPoint\",\"urlTemplate\":\"https:\/\/talkpal.ai\/az\/?s={search_term_string}\"},\"query-input\":{\"@type\":\"PropertyValueSpecification\",\"valueRequired\":true,\"valueName\":\"search_term_string\"}}],\"inLanguage\":\"az\"},{\"@type\":\"Organization\",\"@id\":\"https:\/\/talkpal.ai\/az\/#organization\",\"name\":\"Talkpal, Inc.\",\"alternateName\":\"Talkpal AI\",\"url\":\"https:\/\/talkpal.ai\/az\/\",\"logo\":{\"@type\":\"ImageObject\",\"inLanguage\":\"az\",\"@id\":\"https:\/\/talkpal.ai\/az\/#\/schema\/logo\/image\/\",\"url\":\"https:\/\/talkpal.ai\/wp-content\/uploads\/2024\/03\/Talkpal-Logo-Icon.png\",\"contentUrl\":\"https:\/\/talkpal.ai\/wp-content\/uploads\/2024\/03\/Talkpal-Logo-Icon.png\",\"width\":2880,\"height\":2880,\"caption\":\"Talkpal, Inc.\"},\"image\":{\"@id\":\"https:\/\/talkpal.ai\/az\/#\/schema\/logo\/image\/\"},\"sameAs\":[\"https:\/\/www.facebook.com\/profile.php?id=100090733639311\",\"https:\/\/x.com\/talkpalai\",\"https:\/\/www.linkedin.com\/company\/talkpal\/\",\"https:\/\/www.youtube.com\/@TalkPal\/\",\"https:\/\/www.tiktok.com\/@talkpal\",\"https:\/\/www.instagram.com\/talkpal_ai\/\",\"https:\/\/www.crunchbase.com\/organization\/talkpal-9cde\",\"https:\/\/www.g2.com\/products\/talkpal-for-business\/\",\"https:\/\/www.trustpilot.com\/review\/talkpal.ai\",\"https:\/\/www.capterra.com\/p\/10006800\/TalkPal\/\"],\"description\":\"Talkpal is a language learning web and mobile education app, powered by the latest AI technologies, that provides engaging experiences to its customers in many different languages to help them improve their language skills. Users can chat about unlimited amount of topics with the app and use other modes to practice their language learning.\",\"email\":\"support@talkpal.ai\",\"legalName\":\"Talkpal, Inc.\",\"foundingDate\":\"2023-04-03\",\"duns\":\"118989042\",\"numberOfEmployees\":{\"@type\":\"QuantitativeValue\",\"minValue\":\"11\",\"maxValue\":\"50\"},\"publishingPrinciples\":\"https:\/\/talkpal.ai\/publishing-principles\/\",\"actionableFeedbackPolicy\":\"https:\/\/talkpal.ai\/actionable-feedback-policy\/\",\"correctionsPolicy\":\"https:\/\/talkpal.ai\/corrections-policy\/\",\"ethicsPolicy\":\"https:\/\/talkpal.ai\/ethics-policy\/\",\"diversityPolicy\":\"https:\/\/talkpal.ai\/diversity-policy\/\",\"diversityStaffingReport\":\"https:\/\/talkpal.ai\/diversity-policy\/\"}]}<\/script>\n<!-- \/ Yoast SEO Premium plugin. -->","yoast_head_json":{"title":"Qazax dilinin qrammatikas\u0131 - Talkpal","description":"Qazax dilinin qrammatikas\u0131n\u0131 asanl\u0131qla m\u0259nims\u0259yin - \u0259sas qaydalar\u0131 \u00f6yr\u0259nin, c\u00fcml\u0259 qurulu\u015funu m\u0259\u015fq edin v\u0259 r\u0259vanl\u0131\u011f\u0131n\u0131z\u0131 s\u00fcr\u0259tl\u0259 art\u0131r\u0131n","robots":{"index":"index","follow":"follow","max-snippet":"max-snippet:-1","max-image-preview":"max-image-preview:large","max-video-preview":"max-video-preview:-1"},"canonical":"https:\/\/talkpal.ai\/az\/qazax-dilinin-qrammatikasi\/","og_locale":"az_AZ","og_type":"article","og_title":"Qazax dilinin qrammatikas\u0131","og_description":"Qazax dilinin qrammatikas\u0131. Qazax dilinin sirl\u0259rinin a\u00e7\u0131lmas\u0131 Qazax dilinin \u00f6yr\u0259nilm\u0259sin\u0259 g\u0259ldikd\u0259, qazax dilinin qrammatikas\u0131n\u0131n \u0259saslar\u0131n\u0131 anlamaq onun","og_url":"https:\/\/talkpal.ai\/az\/qazax-dilinin-qrammatikasi\/","og_site_name":"Talkpal","article_publisher":"https:\/\/www.facebook.com\/profile.php?id=100090733639311","article_modified_time":"2025-12-17T16:58:20+00:00","og_image":[{"width":512,"height":512,"url":"https:\/\/talkpal.ai\/wp-content\/uploads\/2023\/05\/kazakhstan.png","type":"image\/png"}],"twitter_card":"summary_large_image","twitter_site":"@talkpalai","twitter_misc":{"Est. reading time":"3 minutes"},"schema":{"@context":"https:\/\/schema.org","@graph":[{"@type":"WebPage","@id":"https:\/\/talkpal.ai\/az\/qazax-dilinin-qrammatikasi\/","url":"https:\/\/talkpal.ai\/az\/qazax-dilinin-qrammatikasi\/","name":"Qazax dilinin qrammatikas\u0131 - Talkpal","isPartOf":{"@id":"https:\/\/talkpal.ai\/az\/#website"},"primaryImageOfPage":{"@id":"https:\/\/talkpal.ai\/az\/qazax-dilinin-qrammatikasi\/#primaryimage"},"image":{"@id":"https:\/\/talkpal.ai\/az\/qazax-dilinin-qrammatikasi\/#primaryimage"},"thumbnailUrl":"https:\/\/talkpal.ai\/wp-content\/uploads\/2023\/05\/kazakhstan.png","datePublished":"2023-05-14T14:11:00+00:00","dateModified":"2025-12-17T16:58:20+00:00","description":"Qazax dilinin qrammatikas\u0131n\u0131 asanl\u0131qla m\u0259nims\u0259yin - \u0259sas qaydalar\u0131 \u00f6yr\u0259nin, c\u00fcml\u0259 qurulu\u015funu m\u0259\u015fq edin v\u0259 r\u0259vanl\u0131\u011f\u0131n\u0131z\u0131 s\u00fcr\u0259tl\u0259 art\u0131r\u0131n","breadcrumb":{"@id":"https:\/\/talkpal.ai\/az\/qazax-dilinin-qrammatikasi\/#breadcrumb"},"inLanguage":"az","potentialAction":[{"@type":"ReadAction","target":["https:\/\/talkpal.ai\/az\/qazax-dilinin-qrammatikasi\/"]}]},{"@type":"ImageObject","inLanguage":"az","@id":"https:\/\/talkpal.ai\/az\/qazax-dilinin-qrammatikasi\/#primaryimage","url":"https:\/\/talkpal.ai\/wp-content\/uploads\/2023\/05\/kazakhstan.png","contentUrl":"https:\/\/talkpal.ai\/wp-content\/uploads\/2023\/05\/kazakhstan.png","width":512,"height":512},{"@type":"BreadcrumbList","@id":"https:\/\/talkpal.ai\/az\/qazax-dilinin-qrammatikasi\/#breadcrumb","itemListElement":[{"@type":"ListItem","position":1,"name":"Homepage","item":"https:\/\/talkpal.ai\/az\/"},{"@type":"ListItem","position":2,"name":"Qazax dilinin qrammatikas\u0131"}]},{"@type":"WebSite","@id":"https:\/\/talkpal.ai\/az\/#website","url":"https:\/\/talkpal.ai\/az\/","name":"Talkpal","description":"AI Language Learning","publisher":{"@id":"https:\/\/talkpal.ai\/az\/#organization"},"alternateName":"Talkpal AI","potentialAction":[{"@type":"SearchAction","target":{"@type":"EntryPoint","urlTemplate":"https:\/\/talkpal.ai\/az\/?s={search_term_string}"},"query-input":{"@type":"PropertyValueSpecification","valueRequired":true,"valueName":"search_term_string"}}],"inLanguage":"az"},{"@type":"Organization","@id":"https:\/\/talkpal.ai\/az\/#organization","name":"Talkpal, Inc.","alternateName":"Talkpal AI","url":"https:\/\/talkpal.ai\/az\/","logo":{"@type":"ImageObject","inLanguage":"az","@id":"https:\/\/talkpal.ai\/az\/#\/schema\/logo\/image\/","url":"https:\/\/talkpal.ai\/wp-content\/uploads\/2024\/03\/Talkpal-Logo-Icon.png","contentUrl":"https:\/\/talkpal.ai\/wp-content\/uploads\/2024\/03\/Talkpal-Logo-Icon.png","width":2880,"height":2880,"caption":"Talkpal, Inc."},"image":{"@id":"https:\/\/talkpal.ai\/az\/#\/schema\/logo\/image\/"},"sameAs":["https:\/\/www.facebook.com\/profile.php?id=100090733639311","https:\/\/x.com\/talkpalai","https:\/\/www.linkedin.com\/company\/talkpal\/","https:\/\/www.youtube.com\/@TalkPal\/","https:\/\/www.tiktok.com\/@talkpal","https:\/\/www.instagram.com\/talkpal_ai\/","https:\/\/www.crunchbase.com\/organization\/talkpal-9cde","https:\/\/www.g2.com\/products\/talkpal-for-business\/","https:\/\/www.trustpilot.com\/review\/talkpal.ai","https:\/\/www.capterra.com\/p\/10006800\/TalkPal\/"],"description":"Talkpal is a language learning web and mobile education app, powered by the latest AI technologies, that provides engaging experiences to its customers in many different languages to help them improve their language skills. Users can chat about unlimited amount of topics with the app and use other modes to practice their language learning.","email":"support@talkpal.ai","legalName":"Talkpal, Inc.","foundingDate":"2023-04-03","duns":"118989042","numberOfEmployees":{"@type":"QuantitativeValue","minValue":"11","maxValue":"50"},"publishingPrinciples":"https:\/\/talkpal.ai\/publishing-principles\/","actionableFeedbackPolicy":"https:\/\/talkpal.ai\/actionable-feedback-policy\/","correctionsPolicy":"https:\/\/talkpal.ai\/corrections-policy\/","ethicsPolicy":"https:\/\/talkpal.ai\/ethics-policy\/","diversityPolicy":"https:\/\/talkpal.ai\/diversity-policy\/","diversityStaffingReport":"https:\/\/talkpal.ai\/diversity-policy\/"}]}},"_links":{"self":[{"href":"https:\/\/talkpal.ai\/az\/wp-json\/wp\/v2\/pages\/146502","targetHints":{"allow":["GET"]}}],"collection":[{"href":"https:\/\/talkpal.ai\/az\/wp-json\/wp\/v2\/pages"}],"about":[{"href":"https:\/\/talkpal.ai\/az\/wp-json\/wp\/v2\/types\/page"}],"author":[{"embeddable":true,"href":"https:\/\/talkpal.ai\/az\/wp-json\/wp\/v2\/users\/1"}],"replies":[{"embeddable":true,"href":"https:\/\/talkpal.ai\/az\/wp-json\/wp\/v2\/comments?post=146502"}],"version-history":[{"count":0,"href":"https:\/\/talkpal.ai\/az\/wp-json\/wp\/v2\/pages\/146502\/revisions"}],"wp:featuredmedia":[{"embeddable":true,"href":"https:\/\/talkpal.ai\/az\/wp-json\/wp\/v2\/media\/146508"}],"wp:attachment":[{"href":"https:\/\/talkpal.ai\/az\/wp-json\/wp\/v2\/media?parent=146502"}],"curies":[{"name":"wp","href":"https:\/\/api.w.org\/{rel}","templated":true}]}}