{"id":1462041,"date":"2025-10-22T19:55:16","date_gmt":"2025-10-22T19:55:16","guid":{"rendered":"https:\/\/talkpal.ai\/mu%c9%99lliml%c9%99r-ucun-talkpal-endirimi\/"},"modified":"2026-01-22T14:58:02","modified_gmt":"2026-01-22T14:58:02","slug":"mu%c9%99lliml%c9%99r-ucun-talkpal-endirimi","status":"publish","type":"page","link":"https:\/\/talkpal.ai\/az\/mu%c9%99lliml%c9%99r-ucun-talkpal-endirimi\/","title":{"rendered":"M\u00fc\u0259lliml\u0259r \u00fc\u00e7\u00fcn Talkpal endirimi"},"content":{"rendered":"<section class=\"languageChallengeSection\">\r\n    <div class=\"languageInfoWrapper\">\r\n        \r\n        <h1>M\u00fc\u0259lliml\u0259r \u00fc\u00e7\u00fcn Talkpal endirimi<\/h1>\r\n        <p>\u00d6z dil bilikl\u0259rinizi inki\u015faf etdirm\u0259k ist\u0259y\u0259n bir m\u00fc\u0259llimsiniz? Talkpal daha s\u00fcr\u0259tli v\u0259 a\u011f\u0131ll\u0131 \u00f6yr\u0259nm\u0259yiniz \u00fc\u00e7\u00fcn ekskl\u00fcziv 79% m\u00fc\u0259llim endirimi t\u0259klif edir. B\u00fct\u00fcn premium x\u00fcsusiyy\u0259tl\u0259rin kilidini a\u00e7\u0131n, AI il\u0259 real s\u00f6hb\u0259tl\u0259ri t\u0259tbiq edin v\u0259 yar\u0131 qiym\u0259t\u0259 s\u0259lis dan\u0131\u015f\u0131n.<\/p>\r\n\r\n                    <a class=\"getStartedHidden\" href=\"https:\/\/app.talkpal.ai\/signup?discount=50\">\r\n                Endirim \u0259ld\u0259 edin            <\/a>\r\n            <\/div>\r\n\r\n            <figure>\r\n            <img decoding=\"async\" class=\"no-lazy\" src=\"https:\/\/talkpal.ai\/wp-content\/uploads\/2026\/01\/curly-girl-with-phone-yellow-background.webp\" alt=\"\" fetchpriority=\"high\" \/>\r\n        <\/figure>\r\n        \r\n                    <a class=\"getStartedVisible\" href=\"https:\/\/app.talkpal.ai\/signup?discount=50\">\r\n                Endirim \u0259ld\u0259 edin            <\/a>\r\n        <\/section><section class=\"featureSection\">\r\n    <div class=\"featureIntroduce\">\r\n        <a class=\"introduceLink\" href=\"https:\/\/app.talkpal.ai\/signup?lng=\">\r\n            <img decoding=\"async\" src=\"https:\/\/talkpal.ai\/wp-content\/themes\/talkpal\/assets\/img\/Sparkle.svg\" alt=\"\" \/>\u0259n inki\u015faf etmi\u015f\n  A\u0130<\/a>\r\n        <h3 class=\"featureTitle\">Dan\u0131\u015f\u0131q f\u0259rqi<\/h3>\r\n    <\/div>\r\n            <div class=\"introduceWrapper\">\r\n                            <a class=\"introducCard\" href=\"https:\/\/app.talkpal.ai\/signup?lng=\">\r\n\r\n                    \r\n                                                <img decoding=\"async\" src=\"https:\/\/talkpal.ai\/wp-content\/uploads\/2025\/05\/Immersive_conversations.png\" alt=\"Immersive Conversation Screenshot\" \/>\r\n                        <h4 class=\"introduceTitle\">F\u0259rdil\u0259\u015fdirilmi\u015f T\u0259hsil<\/h4>\r\n                        <p class=\"cardText\">H\u0259r m\u00fc\u0259llim f\u0259rqli \u00f6yr\u0259nir v\u0259 h\u0259r \u00f6yr\u0259nm\u0259 s\u0259yah\u0259ti b\u0259nz\u0259rsizdir. Talkpal, milyonlarla \u015fagirdin dill\u0259ri nec\u0259 \u00f6yr\u0259ndiyini v\u0259 \u015f\u0259xsi \u00fcslubunuza, m\u0259qs\u0259dl\u0259riniz\u0259 v\u0259 c\u0259dv\u0259liniz\u0259 nec\u0259 uy\u011funla\u015fd\u0131\u011f\u0131n\u0131 t\u0259hlil etm\u0259k \u00fc\u00e7\u00fcn qabaqc\u0131l s\u00fcni intellektd\u0259n istifad\u0259 edir. N\u0259tic\u0259: sizin kimi m\u00fc\u0259lliml\u0259r \u00fc\u00e7\u00fcn f\u0259rdi, s\u0259m\u0259r\u0259li v\u0259 c\u0259lbedici bir t\u0259cr\u00fcb\u0259.<\/p>\r\n                    \r\n                <\/a>\r\n                            <a class=\"introducCard\" href=\"https:\/\/app.talkpal.ai\/signup?lng=\">\r\n\r\n                    \r\n                                                <img decoding=\"async\" src=\"https:\/\/talkpal.ai\/wp-content\/uploads\/2025\/05\/Realtime_feedback.png\" alt=\"Feedback Screenshot\" \/>\r\n                        <h4 class=\"introduceTitle\">\u018fn qabaqc\u0131l texnologiya<\/h4>\r\n                        <p class=\"cardText\">Missiyam\u0131z, qabaqc\u0131l s\u00fcni intellekti s\u00fcbut edilmi\u015f t\u0259dris metodlar\u0131 il\u0259 birl\u0259\u015fdir\u0259r\u0259k f\u0259rdil\u0259\u015fdirilmi\u015f dil \u00f6yr\u0259nm\u0259sini m\u00fc\u0259lliml\u0259r \u00fc\u00e7\u00fcn \u0259l\u00e7atan etm\u0259kdir. Talkpal il\u0259 yaln\u0131z d\u0259rs alm\u0131rs\u0131n\u0131z &#8211; s\u00fcr\u0259tiniz\u0259, se\u00e7iml\u0259riniz\u0259 v\u0259 h\u0259d\u0259fl\u0259riniz\u0259 uy\u011funla\u015fan x\u00fcsusi bir yol izl\u0259yirsiniz.<\/p>\r\n                    \r\n                <\/a>\r\n                            <a class=\"introducCard\" href=\"https:\/\/app.talkpal.ai\/signup?lng=\">\r\n\r\n                    \r\n                                                <img decoding=\"async\" src=\"https:\/\/talkpal.ai\/wp-content\/uploads\/2025\/05\/Personalization.png\" alt=\"Personalization Screenshot\" \/>\r\n                        <h4 class=\"introduceTitle\">\u00d6yr\u0259nm\u0259nin \u018fyl\u0259nc\u0259li Edilm\u0259si<\/h4>\r\n                        <p class=\"cardText\">Biz\u0259 el\u0259 g\u0259lir ki, dil \u00f6yr\u0259nm\u0259 motivasiya v\u0259 \u0259yl\u0259nc\u0259li olmal\u0131d\u0131r. Buna g\u00f6r\u0259 Talkpal sizi m\u0259\u015f\u011ful v\u0259 ilhamland\u0131r\u0131r &#8211; buna g\u00f6r\u0259 d\u0259 t\u0259cr\u00fcb\u0259niz bir i\u015f deyil, enerji ver\u0259n bir fasil\u0259 kimi hiss olunur. Talkpal il\u0259 \u00f6z dil bacar\u0131qlar\u0131n\u0131 art\u0131ran minl\u0259rl\u0259 m\u00fc\u0259llim\u0259 qo\u015fulun.<\/p>\r\n                    \r\n                <\/a>\r\n                            <\/div>\r\n                     <a class=\"featureSectionLink\" href=\"https:\/\/app.talkpal.ai\/signup?discount=50\">\r\n                Endirim \u0259ld\u0259 edin            <\/a>\r\n                \r\n<\/section>\r\n\r\n\r\n<section class=\"smartFunSection\">\r\n            \r\n            <div class=\"smartFunCard\">\r\n                <div class=\"smartFunWrapper\"><img decoding=\"async\" src=\"https:\/\/talkpal.ai\/wp-content\/uploads\/2025\/05\/1.png\" alt=\"Learning Stats Screenshot\"><\/div>\r\n                <h3>Siz\u0259 uy\u011fun olaraq haz\u0131rlanm\u0131\u015fd\u0131r<\/h3>\r\n                <p>Talkpal, s\u0259viyy\u0259niz\u0259 v\u0259 tempiniz\u0259 uy\u011fun olaraq kalibrl\u0259nmi\u015f s\u00fcni intellekt il\u0259 i\u015fl\u0259y\u0259n sessiyalar t\u0259qdim edir. H\u0259r bir d\u0259rs f\u0259rdi ehtiyaclar\u0131n\u0131z \u0259traf\u0131nda haz\u0131rlanm\u0131\u015fd\u0131r v\u0259 s\u0131x bir qrafikd\u0259 d\u0259 sabit, \u00f6l\u00e7\u00fcl\u0259 bil\u0259n ir\u0259lil\u0259yi\u015f \u0259ld\u0259 etm\u0259y\u0259 k\u00f6m\u0259k edir.<\/p>\r\n            <\/div>\r\n\r\n        \r\n            <div class=\"smartFunCard\">\r\n                <div class=\"smartFunWrapper\"><img decoding=\"async\" src=\"https:\/\/talkpal.ai\/wp-content\/uploads\/2025\/05\/2.png\" alt=\"Pronunciation Score Screenshot\"><\/div>\r\n                <h3>Effektiv &amp; Effektiv<\/h3>\r\n                <p>Oxuma, dinl\u0259m\u0259 v\u0259 dan\u0131\u015f\u0131q bacar\u0131qlar\u0131n\u0131z\u0131 s\u0259m\u0259r\u0259li \u015f\u0259kild\u0259 inki\u015faf etdirin. Talkpal-\u0131n al\u0259tl\u0259ri, h\u0259r g\u00fcn\u0259 s\u0131\u011fa bil\u0259c\u0259yiniz \u00e7evik t\u0259cr\u00fcb\u0259 il\u0259 h\u0259r m\u0259n\u015f\u0259li m\u00fc\u0259lliml\u0259r \u00fc\u00e7\u00fcn t\u0259hsili h\u0259m effektiv, h\u0259m d\u0259 \u0259yl\u0259nc\u0259li edir.<\/p>\r\n            <\/div>\r\n\r\n        \r\n            <div class=\"smartFunCard\">\r\n                <div class=\"smartFunWrapper\"><img decoding=\"async\" src=\"https:\/\/talkpal.ai\/wp-content\/uploads\/2025\/05\/3.png\" alt=\"Chat Topics Screenshot\"><\/div>\r\n                <h3>Ni\u015fanl\u0131 olun<\/h3>\r\n                <p>Oyunla\u015fd\u0131r\u0131lm\u0131\u015f elementl\u0259r\u0259, c\u0259lbedici \u00e7\u0259tinlikl\u0259r\u0259 v\u0259 d\u00fc\u015f\u00fcnd\u00fcr\u00fcc\u00fc t\u00f6vsiy\u0259l\u0259r\u0259 uy\u011fun qal\u0131n. Talkpal il\u0259 dil t\u0259cr\u00fcb\u0259si \u0259yl\u0259nc\u0259li bir g\u00fcnd\u0259lik v\u0259rdi\u015f\u0259 \u00e7evrilir &#8211; i\u015fl\u0259r siyah\u0131n\u0131zdak\u0131 ba\u015fqa bir v\u0259zif\u0259 deyil.<\/p>\r\n            <\/div>\r\n\r\n        \r\n            <div class=\"smartFunCard\">\r\n                <div class=\"smartFunWrapper\"><img decoding=\"async\" src=\"https:\/\/talkpal.ai\/wp-content\/uploads\/2025\/05\/4.png\" alt=\"Dashboard Screenshot\"><\/div>\r\n                <h3>\u00d6yr\u0259nm\u0259kd\u0259n z\u00f6vq al\u0131n<\/h3>\r\n                <p>Yeni bir dil \u00f6yr\u0259nm\u0259k yorucu olmamal\u0131d\u0131r. Talkpal interaktiv m\u0259\u015fql\u0259r, canl\u0131 personajlar v\u0259 h\u0259tta yumoristik AI s\u00f6hb\u0259tl\u0259ri t\u0259klif edir &#8211; \u015f\u0259xsi \u00f6yr\u0259nm\u0259 s\u0259yah\u0259tinizi \u0259yl\u0259nc\u0259li v\u0259 ilham verici edir.<\/p>\r\n            <\/div>\r\n\r\n            \r\n<\/section>\r\n\r\n<section class=\"promotionalBanner\">\r\n    <p class=\"promotionalText\">M\u00fc\u0259lliml\u0259r \u00fc\u00e7\u00fcn Talkpal &#8211; Endirimli qiym\u0259t\u0259 \u00f6yr\u0259nm\u0259y\u0259 ba\u015flay\u0131n<\/p>\r\n                <a class=\"promotionalLink\" href=\"https:\/\/app.talkpal.ai\/signup?discount=50\">\r\n                Endirim \u0259ld\u0259 edin            <\/a>\r\n            \r\n<\/section>","protected":false},"excerpt":{"rendered":"","protected":false},"author":20,"featured_media":0,"parent":0,"menu_order":0,"comment_status":"closed","ping_status":"closed","template":"LearningContentPage.php","meta":{"_acf_changed":false,"footnotes":""},"class_list":["post-1462041","page","type-page","status-publish","hentry"],"acf":[],"yoast_head":"<!-- This site is optimized with the Yoast SEO Premium plugin v27.2 (Yoast SEO v27.2) - https:\/\/yoast.com\/product\/yoast-seo-premium-wordpress\/ -->\n<title>M\u00fc\u0259lliml\u0259r \u00fc\u00e7\u00fcn Talkpal endirimi - Talkpal<\/title>\n<meta name=\"description\" content=\"Talkpal Premium-da ekskl\u00fcziv 79% m\u00fc\u0259llim endirimini \u0259ld\u0259 edin v\u0259 f\u0259rdi s\u00fcni intellekt d\u0259rsl\u0259ri il\u0259 dill\u0259ri daha tez m\u0259nims\u0259yin.\" \/>\n<meta name=\"robots\" content=\"index, follow, max-snippet:-1, max-image-preview:large, max-video-preview:-1\" \/>\n<link rel=\"canonical\" href=\"https:\/\/talkpal.ai\/az\/mu%c9%99lliml%c9%99r-ucun-talkpal-endirimi\/\" \/>\n<meta property=\"og:locale\" content=\"az_AZ\" \/>\n<meta property=\"og:type\" content=\"article\" \/>\n<meta property=\"og:title\" content=\"M\u00fc\u0259lliml\u0259r \u00fc\u00e7\u00fcn Talkpal endirimi\" \/>\n<meta property=\"og:url\" content=\"https:\/\/talkpal.ai\/az\/mu%c9%99lliml%c9%99r-ucun-talkpal-endirimi\/\" \/>\n<meta property=\"og:site_name\" content=\"Talkpal\" \/>\n<meta property=\"article:publisher\" content=\"https:\/\/www.facebook.com\/profile.php?id=100090733639311\" \/>\n<meta property=\"article:modified_time\" content=\"2026-01-22T14:58:02+00:00\" \/>\n<meta property=\"og:image\" content=\"https:\/\/talkpal.ai\/wp-content\/uploads\/2025\/02\/Progress-tab-16_9.png\" \/>\n\t<meta property=\"og:image:width\" content=\"2880\" \/>\n\t<meta property=\"og:image:height\" content=\"1620\" \/>\n\t<meta property=\"og:image:type\" content=\"image\/png\" \/>\n<meta name=\"twitter:card\" content=\"summary_large_image\" \/>\n<meta name=\"twitter:site\" content=\"@talkpalai\" \/>\n<script type=\"application\/ld+json\" class=\"yoast-schema-graph\">{\"@context\":\"https:\/\/schema.org\",\"@graph\":[{\"@type\":\"WebPage\",\"@id\":\"https:\/\/talkpal.ai\/az\/mu%c9%99lliml%c9%99r-ucun-talkpal-endirimi\/\",\"url\":\"https:\/\/talkpal.ai\/az\/mu%c9%99lliml%c9%99r-ucun-talkpal-endirimi\/\",\"name\":\"M\u00fc\u0259lliml\u0259r \u00fc\u00e7\u00fcn Talkpal endirimi - Talkpal\",\"isPartOf\":{\"@id\":\"https:\/\/talkpal.ai\/az\/#website\"},\"datePublished\":\"2025-10-22T19:55:16+00:00\",\"dateModified\":\"2026-01-22T14:58:02+00:00\",\"description\":\"Talkpal Premium-da ekskl\u00fcziv 79% m\u00fc\u0259llim endirimini \u0259ld\u0259 edin v\u0259 f\u0259rdi s\u00fcni intellekt d\u0259rsl\u0259ri il\u0259 dill\u0259ri daha tez m\u0259nims\u0259yin.\",\"breadcrumb\":{\"@id\":\"https:\/\/talkpal.ai\/az\/mu%c9%99lliml%c9%99r-ucun-talkpal-endirimi\/#breadcrumb\"},\"inLanguage\":\"az\",\"potentialAction\":[{\"@type\":\"ReadAction\",\"target\":[\"https:\/\/talkpal.ai\/az\/mu%c9%99lliml%c9%99r-ucun-talkpal-endirimi\/\"]}]},{\"@type\":\"BreadcrumbList\",\"@id\":\"https:\/\/talkpal.ai\/az\/mu%c9%99lliml%c9%99r-ucun-talkpal-endirimi\/#breadcrumb\",\"itemListElement\":[{\"@type\":\"ListItem\",\"position\":1,\"name\":\"Homepage\",\"item\":\"https:\/\/talkpal.ai\/az\/\"},{\"@type\":\"ListItem\",\"position\":2,\"name\":\"M\u00fc\u0259lliml\u0259r \u00fc\u00e7\u00fcn Talkpal endirimi\"}]},{\"@type\":\"WebSite\",\"@id\":\"https:\/\/talkpal.ai\/az\/#website\",\"url\":\"https:\/\/talkpal.ai\/az\/\",\"name\":\"Talkpal\",\"description\":\"AI Language Learning\",\"publisher\":{\"@id\":\"https:\/\/talkpal.ai\/az\/#organization\"},\"alternateName\":\"Talkpal AI\",\"potentialAction\":[{\"@type\":\"SearchAction\",\"target\":{\"@type\":\"EntryPoint\",\"urlTemplate\":\"https:\/\/talkpal.ai\/az\/?s={search_term_string}\"},\"query-input\":{\"@type\":\"PropertyValueSpecification\",\"valueRequired\":true,\"valueName\":\"search_term_string\"}}],\"inLanguage\":\"az\"},{\"@type\":\"Organization\",\"@id\":\"https:\/\/talkpal.ai\/az\/#organization\",\"name\":\"Talkpal, Inc.\",\"alternateName\":\"Talkpal AI\",\"url\":\"https:\/\/talkpal.ai\/az\/\",\"logo\":{\"@type\":\"ImageObject\",\"inLanguage\":\"az\",\"@id\":\"https:\/\/talkpal.ai\/az\/#\/schema\/logo\/image\/\",\"url\":\"https:\/\/talkpal.ai\/wp-content\/uploads\/2024\/03\/Talkpal-Logo-Icon.png\",\"contentUrl\":\"https:\/\/talkpal.ai\/wp-content\/uploads\/2024\/03\/Talkpal-Logo-Icon.png\",\"width\":2880,\"height\":2880,\"caption\":\"Talkpal, Inc.\"},\"image\":{\"@id\":\"https:\/\/talkpal.ai\/az\/#\/schema\/logo\/image\/\"},\"sameAs\":[\"https:\/\/www.facebook.com\/profile.php?id=100090733639311\",\"https:\/\/x.com\/talkpalai\",\"https:\/\/www.linkedin.com\/company\/talkpal\/\",\"https:\/\/www.youtube.com\/@TalkPal\/\",\"https:\/\/www.tiktok.com\/@talkpal\",\"https:\/\/www.instagram.com\/talkpal_ai\/\",\"https:\/\/www.crunchbase.com\/organization\/talkpal-9cde\",\"https:\/\/www.g2.com\/products\/talkpal-for-business\/\",\"https:\/\/www.trustpilot.com\/review\/talkpal.ai\",\"https:\/\/www.capterra.com\/p\/10006800\/TalkPal\/\"],\"description\":\"Talkpal is a language learning web and mobile education app, powered by the latest AI technologies, that provides engaging experiences to its customers in many different languages to help them improve their language skills. Users can chat about unlimited amount of topics with the app and use other modes to practice their language learning.\",\"email\":\"support@talkpal.ai\",\"legalName\":\"Talkpal, Inc.\",\"foundingDate\":\"2023-04-03\",\"duns\":\"118989042\",\"numberOfEmployees\":{\"@type\":\"QuantitativeValue\",\"minValue\":\"11\",\"maxValue\":\"50\"},\"publishingPrinciples\":\"https:\/\/talkpal.ai\/publishing-principles\/\",\"actionableFeedbackPolicy\":\"https:\/\/talkpal.ai\/actionable-feedback-policy\/\",\"correctionsPolicy\":\"https:\/\/talkpal.ai\/corrections-policy\/\",\"ethicsPolicy\":\"https:\/\/talkpal.ai\/ethics-policy\/\",\"diversityPolicy\":\"https:\/\/talkpal.ai\/diversity-policy\/\",\"diversityStaffingReport\":\"https:\/\/talkpal.ai\/diversity-policy\/\"}]}<\/script>\n<!-- \/ Yoast SEO Premium plugin. -->","yoast_head_json":{"title":"M\u00fc\u0259lliml\u0259r \u00fc\u00e7\u00fcn Talkpal endirimi - Talkpal","description":"Talkpal Premium-da ekskl\u00fcziv 79% m\u00fc\u0259llim endirimini \u0259ld\u0259 edin v\u0259 f\u0259rdi s\u00fcni intellekt d\u0259rsl\u0259ri il\u0259 dill\u0259ri daha tez m\u0259nims\u0259yin.","robots":{"index":"index","follow":"follow","max-snippet":"max-snippet:-1","max-image-preview":"max-image-preview:large","max-video-preview":"max-video-preview:-1"},"canonical":"https:\/\/talkpal.ai\/az\/mu%c9%99lliml%c9%99r-ucun-talkpal-endirimi\/","og_locale":"az_AZ","og_type":"article","og_title":"M\u00fc\u0259lliml\u0259r \u00fc\u00e7\u00fcn Talkpal endirimi","og_url":"https:\/\/talkpal.ai\/az\/mu%c9%99lliml%c9%99r-ucun-talkpal-endirimi\/","og_site_name":"Talkpal","article_publisher":"https:\/\/www.facebook.com\/profile.php?id=100090733639311","article_modified_time":"2026-01-22T14:58:02+00:00","og_image":[{"width":2880,"height":1620,"url":"https:\/\/talkpal.ai\/wp-content\/uploads\/2025\/02\/Progress-tab-16_9.png","type":"image\/png"}],"twitter_card":"summary_large_image","twitter_site":"@talkpalai","schema":{"@context":"https:\/\/schema.org","@graph":[{"@type":"WebPage","@id":"https:\/\/talkpal.ai\/az\/mu%c9%99lliml%c9%99r-ucun-talkpal-endirimi\/","url":"https:\/\/talkpal.ai\/az\/mu%c9%99lliml%c9%99r-ucun-talkpal-endirimi\/","name":"M\u00fc\u0259lliml\u0259r \u00fc\u00e7\u00fcn Talkpal endirimi - Talkpal","isPartOf":{"@id":"https:\/\/talkpal.ai\/az\/#website"},"datePublished":"2025-10-22T19:55:16+00:00","dateModified":"2026-01-22T14:58:02+00:00","description":"Talkpal Premium-da ekskl\u00fcziv 79% m\u00fc\u0259llim endirimini \u0259ld\u0259 edin v\u0259 f\u0259rdi s\u00fcni intellekt d\u0259rsl\u0259ri il\u0259 dill\u0259ri daha tez m\u0259nims\u0259yin.","breadcrumb":{"@id":"https:\/\/talkpal.ai\/az\/mu%c9%99lliml%c9%99r-ucun-talkpal-endirimi\/#breadcrumb"},"inLanguage":"az","potentialAction":[{"@type":"ReadAction","target":["https:\/\/talkpal.ai\/az\/mu%c9%99lliml%c9%99r-ucun-talkpal-endirimi\/"]}]},{"@type":"BreadcrumbList","@id":"https:\/\/talkpal.ai\/az\/mu%c9%99lliml%c9%99r-ucun-talkpal-endirimi\/#breadcrumb","itemListElement":[{"@type":"ListItem","position":1,"name":"Homepage","item":"https:\/\/talkpal.ai\/az\/"},{"@type":"ListItem","position":2,"name":"M\u00fc\u0259lliml\u0259r \u00fc\u00e7\u00fcn Talkpal endirimi"}]},{"@type":"WebSite","@id":"https:\/\/talkpal.ai\/az\/#website","url":"https:\/\/talkpal.ai\/az\/","name":"Talkpal","description":"AI Language Learning","publisher":{"@id":"https:\/\/talkpal.ai\/az\/#organization"},"alternateName":"Talkpal AI","potentialAction":[{"@type":"SearchAction","target":{"@type":"EntryPoint","urlTemplate":"https:\/\/talkpal.ai\/az\/?s={search_term_string}"},"query-input":{"@type":"PropertyValueSpecification","valueRequired":true,"valueName":"search_term_string"}}],"inLanguage":"az"},{"@type":"Organization","@id":"https:\/\/talkpal.ai\/az\/#organization","name":"Talkpal, Inc.","alternateName":"Talkpal AI","url":"https:\/\/talkpal.ai\/az\/","logo":{"@type":"ImageObject","inLanguage":"az","@id":"https:\/\/talkpal.ai\/az\/#\/schema\/logo\/image\/","url":"https:\/\/talkpal.ai\/wp-content\/uploads\/2024\/03\/Talkpal-Logo-Icon.png","contentUrl":"https:\/\/talkpal.ai\/wp-content\/uploads\/2024\/03\/Talkpal-Logo-Icon.png","width":2880,"height":2880,"caption":"Talkpal, Inc."},"image":{"@id":"https:\/\/talkpal.ai\/az\/#\/schema\/logo\/image\/"},"sameAs":["https:\/\/www.facebook.com\/profile.php?id=100090733639311","https:\/\/x.com\/talkpalai","https:\/\/www.linkedin.com\/company\/talkpal\/","https:\/\/www.youtube.com\/@TalkPal\/","https:\/\/www.tiktok.com\/@talkpal","https:\/\/www.instagram.com\/talkpal_ai\/","https:\/\/www.crunchbase.com\/organization\/talkpal-9cde","https:\/\/www.g2.com\/products\/talkpal-for-business\/","https:\/\/www.trustpilot.com\/review\/talkpal.ai","https:\/\/www.capterra.com\/p\/10006800\/TalkPal\/"],"description":"Talkpal is a language learning web and mobile education app, powered by the latest AI technologies, that provides engaging experiences to its customers in many different languages to help them improve their language skills. Users can chat about unlimited amount of topics with the app and use other modes to practice their language learning.","email":"support@talkpal.ai","legalName":"Talkpal, Inc.","foundingDate":"2023-04-03","duns":"118989042","numberOfEmployees":{"@type":"QuantitativeValue","minValue":"11","maxValue":"50"},"publishingPrinciples":"https:\/\/talkpal.ai\/publishing-principles\/","actionableFeedbackPolicy":"https:\/\/talkpal.ai\/actionable-feedback-policy\/","correctionsPolicy":"https:\/\/talkpal.ai\/corrections-policy\/","ethicsPolicy":"https:\/\/talkpal.ai\/ethics-policy\/","diversityPolicy":"https:\/\/talkpal.ai\/diversity-policy\/","diversityStaffingReport":"https:\/\/talkpal.ai\/diversity-policy\/"}]}},"_links":{"self":[{"href":"https:\/\/talkpal.ai\/az\/wp-json\/wp\/v2\/pages\/1462041","targetHints":{"allow":["GET"]}}],"collection":[{"href":"https:\/\/talkpal.ai\/az\/wp-json\/wp\/v2\/pages"}],"about":[{"href":"https:\/\/talkpal.ai\/az\/wp-json\/wp\/v2\/types\/page"}],"author":[{"embeddable":true,"href":"https:\/\/talkpal.ai\/az\/wp-json\/wp\/v2\/users\/20"}],"replies":[{"embeddable":true,"href":"https:\/\/talkpal.ai\/az\/wp-json\/wp\/v2\/comments?post=1462041"}],"version-history":[{"count":0,"href":"https:\/\/talkpal.ai\/az\/wp-json\/wp\/v2\/pages\/1462041\/revisions"}],"wp:attachment":[{"href":"https:\/\/talkpal.ai\/az\/wp-json\/wp\/v2\/media?parent=1462041"}],"curies":[{"name":"wp","href":"https:\/\/api.w.org\/{rel}","templated":true}]}}