{"id":1461937,"date":"2025-10-22T12:21:47","date_gmt":"2025-10-22T12:21:47","guid":{"rendered":"https:\/\/talkpal.ai\/t%c9%99l%c9%99b%c9%99l%c9%99r-ucun-talkpal-endirimi\/"},"modified":"2026-01-22T14:55:34","modified_gmt":"2026-01-22T14:55:34","slug":"t%c9%99l%c9%99b%c9%99l%c9%99r-ucun-talkpal-endirimi","status":"publish","type":"page","link":"https:\/\/talkpal.ai\/az\/t%c9%99l%c9%99b%c9%99l%c9%99r-ucun-talkpal-endirimi\/","title":{"rendered":"T\u0259l\u0259b\u0259l\u0259r \u00fc\u00e7\u00fcn Talkpal endirimi"},"content":{"rendered":"<section class=\"languageChallengeSection\">\r\n    <div class=\"languageInfoWrapper\">\r\n        \r\n        <h1>T\u0259l\u0259b\u0259l\u0259r \u00fc\u00e7\u00fcn Talkpal endirimi<\/h1>\r\n        <p>Dil bilikl\u0259rinizi inki\u015faf etdirm\u0259k ist\u0259y\u0259n bir t\u0259l\u0259b\u0259siniz? Talkpal siz\u0259 daha s\u00fcr\u0259tli v\u0259 a\u011f\u0131ll\u0131 \u00f6yr\u0259nm\u0259y\u0259 k\u00f6m\u0259k etm\u0259k \u00fc\u00e7\u00fcn ekskl\u00fcziv 79% t\u0259l\u0259b\u0259 endirimi t\u0259klif edir. B\u00fct\u00fcn premium x\u00fcsusiyy\u0259tl\u0259r\u0259 daxil olun, AI il\u0259 real s\u00f6hb\u0259tl\u0259r apar\u0131n v\u0259 yar\u0131 qiym\u0259t\u0259 s\u0259lis dan\u0131\u015fma\u011fa nail olun.<\/p>\r\n\r\n                    <a class=\"getStartedHidden\" href=\"https:\/\/app.talkpal.ai\/signup?discount=50\">\r\n                Endirim \u0259ld\u0259 edin            <\/a>\r\n            <\/div>\r\n\r\n            <figure>\r\n            <img decoding=\"async\" class=\"no-lazy\" src=\"https:\/\/talkpal.ai\/wp-content\/uploads\/2026\/01\/group-with-phone-in-circle.webp\" alt=\"\" fetchpriority=\"high\" \/>\r\n        <\/figure>\r\n        \r\n                    <a class=\"getStartedVisible\" href=\"https:\/\/app.talkpal.ai\/signup?discount=50\">\r\n                Endirim \u0259ld\u0259 edin            <\/a>\r\n        <\/section><section class=\"featureSection\">\r\n    <div class=\"featureIntroduce\">\r\n        <a class=\"introduceLink\" href=\"https:\/\/app.talkpal.ai\/signup?lng=\">\r\n            <img decoding=\"async\" src=\"https:\/\/talkpal.ai\/wp-content\/themes\/talkpal\/assets\/img\/Sparkle.svg\" alt=\"\" \/>\u0259n inki\u015faf etmi\u015f\n  A\u0130<\/a>\r\n        <h3 class=\"featureTitle\">Dan\u0131\u015f\u0131q f\u0259rqi<\/h3>\r\n    <\/div>\r\n            <div class=\"introduceWrapper\">\r\n                            <a class=\"introducCard\" href=\"https:\/\/app.talkpal.ai\/signup?lng=\">\r\n\r\n                    \r\n                                                <img decoding=\"async\" src=\"https:\/\/talkpal.ai\/wp-content\/uploads\/2025\/05\/Immersive_conversations.png\" alt=\"Immersive Conversation Screenshot\" \/>\r\n                        <h4 class=\"introduceTitle\">F\u0259rdil\u0259\u015fdirilmi\u015f T\u0259hsil<\/h4>\r\n                        <p class=\"cardText\">H\u0259r bir \u015fagird f\u0259rqli \u015f\u0259kild\u0259 \u00f6yr\u0259nir v\u0259 yeni bir dili m\u0259nims\u0259m\u0259k \u00fc\u00e7\u00fcn s\u0259yah\u0259ti d\u0259 davam edir. Talkpal-da h\u0259r g\u00fcn milyonlarla t\u0259l\u0259b\u0259nin dil \u00f6yr\u0259ndiyini anlamaq \u00fc\u00e7\u00fcn qabaqc\u0131l s\u00fcni intellekt texnologiyas\u0131ndan istifad\u0259 edirik. Bu, sizin kimi t\u0259l\u0259b\u0259l\u0259r \u00fc\u00e7\u00fcn x\u00fcsusi olaraq haz\u0131rlanm\u0131\u015f f\u0259rdi, s\u0259m\u0259r\u0259li v\u0259 c\u0259lbedici \u00f6yr\u0259nm\u0259 t\u0259cr\u00fcb\u0259l\u0259ri yaratma\u011fa k\u00f6m\u0259k edir.<\/p>\r\n                    \r\n                <\/a>\r\n                            <a class=\"introducCard\" href=\"https:\/\/app.talkpal.ai\/signup?lng=\">\r\n\r\n                    \r\n                                                <img decoding=\"async\" src=\"https:\/\/talkpal.ai\/wp-content\/uploads\/2025\/05\/Realtime_feedback.png\" alt=\"Feedback Screenshot\" \/>\r\n                        <h4 class=\"introduceTitle\">\u018fn qabaqc\u0131l texnologiya<\/h4>\r\n                        <p class=\"cardText\">Missiyam\u0131z, s\u00fcni intellektd\u0259ki \u0259n son yenilikl\u0259ri s\u00fcbut edilmi\u015f t\u0259hsil metodlar\u0131 il\u0259 birl\u0259\u015fdir\u0259r\u0259k f\u0259rdil\u0259\u015fdirilmi\u015f dil \u00f6yr\u0259nm\u0259sini b\u00fct\u00fcn t\u0259l\u0259b\u0259l\u0259r \u00fc\u00e7\u00fcn \u0259l\u00e7atan etm\u0259kdir. Talkpal il\u0259 yaln\u0131z d\u0259rs alm\u0131rs\u0131n\u0131z &#8211; s\u00fcr\u0259tiniz\u0259, \u00fcslubunuza v\u0259 h\u0259d\u0259fl\u0259riniz\u0259 uy\u011funla\u015fan x\u00fcsusi bir s\u0259yah\u0259t ya\u015fay\u0131rs\u0131n\u0131z.<\/p>\r\n                    \r\n                <\/a>\r\n                            <a class=\"introducCard\" href=\"https:\/\/app.talkpal.ai\/signup?lng=\">\r\n\r\n                    \r\n                                                <img decoding=\"async\" src=\"https:\/\/talkpal.ai\/wp-content\/uploads\/2025\/05\/Personalization.png\" alt=\"Personalization Screenshot\" \/>\r\n                        <h4 class=\"introduceTitle\">\u00d6yr\u0259nm\u0259nin \u018fyl\u0259nc\u0259li Edilm\u0259si<\/h4>\r\n                        <p class=\"cardText\">Biz\u0259 el\u0259 g\u0259lir ki, dil \u00f6yr\u0259nm\u0259k \u0259yl\u0259nc\u0259li v\u0259 motivasiya edici olmal\u0131d\u0131r. Buna g\u00f6r\u0259 d\u0259 Talkpal t\u0259l\u0259b\u0259l\u0259ri m\u0259\u015f\u011ful v\u0259 ilhamland\u0131rmaq \u00fc\u00e7\u00fcn qurulmu\u015fdur &#8211; \u00f6yr\u0259nm\u0259yi daha az \u00f6yr\u0259nm\u0259y\u0259 v\u0259 daha \u00e7ox h\u0259y\u0259can verici bir mac\u0259ra kimi hiss etdirir. D\u00fcnyan\u0131n h\u0259r yerind\u0259n minl\u0259rl\u0259 t\u0259l\u0259b\u0259y\u0259 qo\u015fulun v\u0259 Talkpal il\u0259 n\u00f6vb\u0259ti dilinizi m\u0259nims\u0259m\u0259y\u0259 ba\u015flay\u0131n!<\/p>\r\n                    \r\n                <\/a>\r\n                            <\/div>\r\n                     <a class=\"featureSectionLink\" href=\"https:\/\/app.talkpal.ai\/signup?discount=50\">\r\n                Endirim \u0259ld\u0259 edin            <\/a>\r\n                \r\n<\/section>\r\n\r\n\r\n<section class=\"smartFunSection\">\r\n            \r\n            <div class=\"smartFunCard\">\r\n                <div class=\"smartFunWrapper\"><img decoding=\"async\" src=\"https:\/\/talkpal.ai\/wp-content\/uploads\/2025\/05\/1.png\" alt=\"Learning Stats Screenshot\"><\/div>\r\n                <h3>Siz\u0259 uy\u011fun olaraq haz\u0131rlanm\u0131\u015fd\u0131r<\/h3>\r\n                <p>Talkpal, h\u0259r bir t\u0259l\u0259b\u0259nin s\u0259viyy\u0259sin\u0259 v\u0259 s\u00fcr\u0259tin\u0259 uy\u011fun f\u0259rdil\u0259\u015fdirilmi\u015f dil \u00f6yr\u0259nm\u0259 sessiyalar\u0131 t\u0259min etm\u0259k \u00fc\u00e7\u00fcn s\u00fcni intellekt \u0259sasl\u0131 texnologiyadan istifad\u0259 edir. H\u0259r bir d\u0259rs f\u0259rdi \u00f6yr\u0259nm\u0259 ehtiyaclar\u0131n\u0131z\u0131 \u00f6d\u0259m\u0259k v\u0259 davaml\u0131 ir\u0259lil\u0259yi\u015f \u0259ld\u0259 etm\u0259yiniz\u0259 k\u00f6m\u0259k etm\u0259k \u00fc\u00e7\u00fcn haz\u0131rlanm\u0131\u015fd\u0131r.<\/p>\r\n            <\/div>\r\n\r\n        \r\n            <div class=\"smartFunCard\">\r\n                <div class=\"smartFunWrapper\"><img decoding=\"async\" src=\"https:\/\/talkpal.ai\/wp-content\/uploads\/2025\/05\/2.png\" alt=\"Pronunciation Score Screenshot\"><\/div>\r\n                <h3>Effektiv &amp; Effektiv<\/h3>\r\n                <p>Talkpal il\u0259 oxuma, dinl\u0259m\u0259 v\u0259 dan\u0131\u015f\u0131q bacar\u0131qlar\u0131n\u0131z\u0131 s\u0259m\u0259r\u0259li \u015f\u0259kild\u0259 inki\u015faf etdirin. \u0130nnovativ \u00f6yr\u0259nm\u0259 al\u0259tl\u0259rimiz, dil \u00f6yr\u0259nm\u0259sini h\u0259r m\u0259n\u015f\u0259li t\u0259l\u0259b\u0259l\u0259r \u00fc\u00e7\u00fcn h\u0259m effektiv, h\u0259m d\u0259 \u0259yl\u0259nc\u0259li etm\u0259k \u00fc\u00e7\u00fcn qurulmu\u015fdur.<\/p>\r\n            <\/div>\r\n\r\n        \r\n            <div class=\"smartFunCard\">\r\n                <div class=\"smartFunWrapper\"><img decoding=\"async\" src=\"https:\/\/talkpal.ai\/wp-content\/uploads\/2025\/05\/3.png\" alt=\"Chat Topics Screenshot\"><\/div>\r\n                <h3>Ni\u015fanl\u0131 olun<\/h3>\r\n                <p>Platforma, \u015fagirdl\u0259ri motivasiya v\u0259 ard\u0131c\u0131l saxlamaq \u00fc\u00e7\u00fcn oyunla\u015fd\u0131r\u0131lm\u0131\u015f elementl\u0259ri, c\u0259lbedici \u00e7\u0259tinlikl\u0259ri v\u0259 d\u00fc\u015f\u00fcnd\u00fcr\u00fcc\u00fc suallar\u0131 birl\u0259\u015fdirir. Talkpal il\u0259 dil \u00f6yr\u0259nm\u0259 bir i\u015f deyil, \u0259yl\u0259nc\u0259li bir g\u00fcnd\u0259lik v\u0259rdi\u015f hal\u0131na g\u0259lir.<\/p>\r\n            <\/div>\r\n\r\n        \r\n            <div class=\"smartFunCard\">\r\n                <div class=\"smartFunWrapper\"><img decoding=\"async\" src=\"https:\/\/talkpal.ai\/wp-content\/uploads\/2025\/05\/4.png\" alt=\"Dashboard Screenshot\"><\/div>\r\n                <h3>\u00d6yr\u0259nm\u0259kd\u0259n z\u00f6vq al\u0131n<\/h3>\r\n                <p>Yeni bir dil m\u0259nims\u0259m\u0259k yorucu hiss etm\u0259k laz\u0131m deyil. Talkpal, \u00f6yr\u0259nm\u0259yi h\u0259r bir t\u0259l\u0259b\u0259 g\u00fcn\u00fcn\u00fcn \u0259yl\u0259nc\u0259li v\u0259 ilham verici bir hiss\u0259sin\u0259 \u00e7evirm\u0259k \u00fc\u00e7\u00fcn interaktiv m\u0259\u015fql\u0259r, canl\u0131 personajlar v\u0259 h\u0259tta yumoristik AI s\u00f6hb\u0259tl\u0259ri t\u0259klif edir.<\/p>\r\n            <\/div>\r\n\r\n            \r\n<\/section>\r\n\r\n<section class=\"promotionalBanner\">\r\n    <p class=\"promotionalText\">T\u0259l\u0259b\u0259l\u0259r \u00fc\u00e7\u00fcn Talkpal &#8211; Endirimli qiym\u0259t\u0259 \u00f6yr\u0259nm\u0259y\u0259 ba\u015flay\u0131n<\/p>\r\n                <a class=\"promotionalLink\" href=\"https:\/\/app.talkpal.ai\/signup?discount=50\">\r\n                Endirim \u0259ld\u0259 edin            <\/a>\r\n            \r\n<\/section>","protected":false},"excerpt":{"rendered":"","protected":false},"author":10,"featured_media":0,"parent":0,"menu_order":0,"comment_status":"closed","ping_status":"closed","template":"LearningContentPage.php","meta":{"_acf_changed":false,"footnotes":""},"class_list":["post-1461937","page","type-page","status-publish","hentry"],"acf":[],"yoast_head":"<!-- This site is optimized with the Yoast SEO Premium plugin v27.2 (Yoast SEO v27.2) - https:\/\/yoast.com\/product\/yoast-seo-premium-wordpress\/ -->\n<title>T\u0259l\u0259b\u0259l\u0259r \u00fc\u00e7\u00fcn Talkpal endirimi - Talkpal<\/title>\n<meta name=\"description\" content=\"Talkpal-da ekskl\u00fcziv 79% t\u0259l\u0259b\u0259 endirimi \u0259ld\u0259 edin ki, f\u0259rdil\u0259\u015fdirilmi\u015f s\u00fcni intellekt s\u00f6hb\u0259t t\u0259cr\u00fcb\u0259si il\u0259 dill\u0259ri daha s\u00fcr\u0259tli \u00f6yr\u0259n\u0259siniz.\" \/>\n<meta name=\"robots\" content=\"index, follow, max-snippet:-1, max-image-preview:large, max-video-preview:-1\" \/>\n<link rel=\"canonical\" href=\"https:\/\/talkpal.ai\/az\/t%c9%99l%c9%99b%c9%99l%c9%99r-ucun-talkpal-endirimi\/\" \/>\n<meta property=\"og:locale\" content=\"az_AZ\" \/>\n<meta property=\"og:type\" content=\"article\" \/>\n<meta property=\"og:title\" content=\"T\u0259l\u0259b\u0259l\u0259r \u00fc\u00e7\u00fcn Talkpal endirimi\" \/>\n<meta property=\"og:url\" content=\"https:\/\/talkpal.ai\/az\/t%c9%99l%c9%99b%c9%99l%c9%99r-ucun-talkpal-endirimi\/\" \/>\n<meta property=\"og:site_name\" content=\"Talkpal\" \/>\n<meta property=\"article:publisher\" content=\"https:\/\/www.facebook.com\/profile.php?id=100090733639311\" \/>\n<meta property=\"article:modified_time\" content=\"2026-01-22T14:55:34+00:00\" \/>\n<meta property=\"og:image\" content=\"https:\/\/talkpal.ai\/wp-content\/uploads\/2025\/02\/Progress-tab-16_9.png\" \/>\n\t<meta property=\"og:image:width\" content=\"2880\" \/>\n\t<meta property=\"og:image:height\" content=\"1620\" \/>\n\t<meta property=\"og:image:type\" content=\"image\/png\" \/>\n<meta name=\"twitter:card\" content=\"summary_large_image\" \/>\n<meta name=\"twitter:site\" content=\"@talkpalai\" \/>\n<script type=\"application\/ld+json\" class=\"yoast-schema-graph\">{\"@context\":\"https:\/\/schema.org\",\"@graph\":[{\"@type\":\"WebPage\",\"@id\":\"https:\/\/talkpal.ai\/az\/t%c9%99l%c9%99b%c9%99l%c9%99r-ucun-talkpal-endirimi\/\",\"url\":\"https:\/\/talkpal.ai\/az\/t%c9%99l%c9%99b%c9%99l%c9%99r-ucun-talkpal-endirimi\/\",\"name\":\"T\u0259l\u0259b\u0259l\u0259r \u00fc\u00e7\u00fcn Talkpal endirimi - Talkpal\",\"isPartOf\":{\"@id\":\"https:\/\/talkpal.ai\/az\/#website\"},\"datePublished\":\"2025-10-22T12:21:47+00:00\",\"dateModified\":\"2026-01-22T14:55:34+00:00\",\"description\":\"Talkpal-da ekskl\u00fcziv 79% t\u0259l\u0259b\u0259 endirimi \u0259ld\u0259 edin ki, f\u0259rdil\u0259\u015fdirilmi\u015f s\u00fcni intellekt s\u00f6hb\u0259t t\u0259cr\u00fcb\u0259si il\u0259 dill\u0259ri daha s\u00fcr\u0259tli \u00f6yr\u0259n\u0259siniz.\",\"breadcrumb\":{\"@id\":\"https:\/\/talkpal.ai\/az\/t%c9%99l%c9%99b%c9%99l%c9%99r-ucun-talkpal-endirimi\/#breadcrumb\"},\"inLanguage\":\"az\",\"potentialAction\":[{\"@type\":\"ReadAction\",\"target\":[\"https:\/\/talkpal.ai\/az\/t%c9%99l%c9%99b%c9%99l%c9%99r-ucun-talkpal-endirimi\/\"]}]},{\"@type\":\"BreadcrumbList\",\"@id\":\"https:\/\/talkpal.ai\/az\/t%c9%99l%c9%99b%c9%99l%c9%99r-ucun-talkpal-endirimi\/#breadcrumb\",\"itemListElement\":[{\"@type\":\"ListItem\",\"position\":1,\"name\":\"Homepage\",\"item\":\"https:\/\/talkpal.ai\/az\/\"},{\"@type\":\"ListItem\",\"position\":2,\"name\":\"T\u0259l\u0259b\u0259l\u0259r \u00fc\u00e7\u00fcn Talkpal endirimi\"}]},{\"@type\":\"WebSite\",\"@id\":\"https:\/\/talkpal.ai\/az\/#website\",\"url\":\"https:\/\/talkpal.ai\/az\/\",\"name\":\"Talkpal\",\"description\":\"AI Language Learning\",\"publisher\":{\"@id\":\"https:\/\/talkpal.ai\/az\/#organization\"},\"alternateName\":\"Talkpal AI\",\"potentialAction\":[{\"@type\":\"SearchAction\",\"target\":{\"@type\":\"EntryPoint\",\"urlTemplate\":\"https:\/\/talkpal.ai\/az\/?s={search_term_string}\"},\"query-input\":{\"@type\":\"PropertyValueSpecification\",\"valueRequired\":true,\"valueName\":\"search_term_string\"}}],\"inLanguage\":\"az\"},{\"@type\":\"Organization\",\"@id\":\"https:\/\/talkpal.ai\/az\/#organization\",\"name\":\"Talkpal, Inc.\",\"alternateName\":\"Talkpal AI\",\"url\":\"https:\/\/talkpal.ai\/az\/\",\"logo\":{\"@type\":\"ImageObject\",\"inLanguage\":\"az\",\"@id\":\"https:\/\/talkpal.ai\/az\/#\/schema\/logo\/image\/\",\"url\":\"https:\/\/talkpal.ai\/wp-content\/uploads\/2024\/03\/Talkpal-Logo-Icon.png\",\"contentUrl\":\"https:\/\/talkpal.ai\/wp-content\/uploads\/2024\/03\/Talkpal-Logo-Icon.png\",\"width\":2880,\"height\":2880,\"caption\":\"Talkpal, Inc.\"},\"image\":{\"@id\":\"https:\/\/talkpal.ai\/az\/#\/schema\/logo\/image\/\"},\"sameAs\":[\"https:\/\/www.facebook.com\/profile.php?id=100090733639311\",\"https:\/\/x.com\/talkpalai\",\"https:\/\/www.linkedin.com\/company\/talkpal\/\",\"https:\/\/www.youtube.com\/@TalkPal\/\",\"https:\/\/www.tiktok.com\/@talkpal\",\"https:\/\/www.instagram.com\/talkpal_ai\/\",\"https:\/\/www.crunchbase.com\/organization\/talkpal-9cde\",\"https:\/\/www.g2.com\/products\/talkpal-for-business\/\",\"https:\/\/www.trustpilot.com\/review\/talkpal.ai\",\"https:\/\/www.capterra.com\/p\/10006800\/TalkPal\/\"],\"description\":\"Talkpal is a language learning web and mobile education app, powered by the latest AI technologies, that provides engaging experiences to its customers in many different languages to help them improve their language skills. Users can chat about unlimited amount of topics with the app and use other modes to practice their language learning.\",\"email\":\"support@talkpal.ai\",\"legalName\":\"Talkpal, Inc.\",\"foundingDate\":\"2023-04-03\",\"duns\":\"118989042\",\"numberOfEmployees\":{\"@type\":\"QuantitativeValue\",\"minValue\":\"11\",\"maxValue\":\"50\"},\"publishingPrinciples\":\"https:\/\/talkpal.ai\/publishing-principles\/\",\"actionableFeedbackPolicy\":\"https:\/\/talkpal.ai\/actionable-feedback-policy\/\",\"correctionsPolicy\":\"https:\/\/talkpal.ai\/corrections-policy\/\",\"ethicsPolicy\":\"https:\/\/talkpal.ai\/ethics-policy\/\",\"diversityPolicy\":\"https:\/\/talkpal.ai\/diversity-policy\/\",\"diversityStaffingReport\":\"https:\/\/talkpal.ai\/diversity-policy\/\"}]}<\/script>\n<!-- \/ Yoast SEO Premium plugin. -->","yoast_head_json":{"title":"T\u0259l\u0259b\u0259l\u0259r \u00fc\u00e7\u00fcn Talkpal endirimi - Talkpal","description":"Talkpal-da ekskl\u00fcziv 79% t\u0259l\u0259b\u0259 endirimi \u0259ld\u0259 edin ki, f\u0259rdil\u0259\u015fdirilmi\u015f s\u00fcni intellekt s\u00f6hb\u0259t t\u0259cr\u00fcb\u0259si il\u0259 dill\u0259ri daha s\u00fcr\u0259tli \u00f6yr\u0259n\u0259siniz.","robots":{"index":"index","follow":"follow","max-snippet":"max-snippet:-1","max-image-preview":"max-image-preview:large","max-video-preview":"max-video-preview:-1"},"canonical":"https:\/\/talkpal.ai\/az\/t%c9%99l%c9%99b%c9%99l%c9%99r-ucun-talkpal-endirimi\/","og_locale":"az_AZ","og_type":"article","og_title":"T\u0259l\u0259b\u0259l\u0259r \u00fc\u00e7\u00fcn Talkpal endirimi","og_url":"https:\/\/talkpal.ai\/az\/t%c9%99l%c9%99b%c9%99l%c9%99r-ucun-talkpal-endirimi\/","og_site_name":"Talkpal","article_publisher":"https:\/\/www.facebook.com\/profile.php?id=100090733639311","article_modified_time":"2026-01-22T14:55:34+00:00","og_image":[{"width":2880,"height":1620,"url":"https:\/\/talkpal.ai\/wp-content\/uploads\/2025\/02\/Progress-tab-16_9.png","type":"image\/png"}],"twitter_card":"summary_large_image","twitter_site":"@talkpalai","schema":{"@context":"https:\/\/schema.org","@graph":[{"@type":"WebPage","@id":"https:\/\/talkpal.ai\/az\/t%c9%99l%c9%99b%c9%99l%c9%99r-ucun-talkpal-endirimi\/","url":"https:\/\/talkpal.ai\/az\/t%c9%99l%c9%99b%c9%99l%c9%99r-ucun-talkpal-endirimi\/","name":"T\u0259l\u0259b\u0259l\u0259r \u00fc\u00e7\u00fcn Talkpal endirimi - Talkpal","isPartOf":{"@id":"https:\/\/talkpal.ai\/az\/#website"},"datePublished":"2025-10-22T12:21:47+00:00","dateModified":"2026-01-22T14:55:34+00:00","description":"Talkpal-da ekskl\u00fcziv 79% t\u0259l\u0259b\u0259 endirimi \u0259ld\u0259 edin ki, f\u0259rdil\u0259\u015fdirilmi\u015f s\u00fcni intellekt s\u00f6hb\u0259t t\u0259cr\u00fcb\u0259si il\u0259 dill\u0259ri daha s\u00fcr\u0259tli \u00f6yr\u0259n\u0259siniz.","breadcrumb":{"@id":"https:\/\/talkpal.ai\/az\/t%c9%99l%c9%99b%c9%99l%c9%99r-ucun-talkpal-endirimi\/#breadcrumb"},"inLanguage":"az","potentialAction":[{"@type":"ReadAction","target":["https:\/\/talkpal.ai\/az\/t%c9%99l%c9%99b%c9%99l%c9%99r-ucun-talkpal-endirimi\/"]}]},{"@type":"BreadcrumbList","@id":"https:\/\/talkpal.ai\/az\/t%c9%99l%c9%99b%c9%99l%c9%99r-ucun-talkpal-endirimi\/#breadcrumb","itemListElement":[{"@type":"ListItem","position":1,"name":"Homepage","item":"https:\/\/talkpal.ai\/az\/"},{"@type":"ListItem","position":2,"name":"T\u0259l\u0259b\u0259l\u0259r \u00fc\u00e7\u00fcn Talkpal endirimi"}]},{"@type":"WebSite","@id":"https:\/\/talkpal.ai\/az\/#website","url":"https:\/\/talkpal.ai\/az\/","name":"Talkpal","description":"AI Language Learning","publisher":{"@id":"https:\/\/talkpal.ai\/az\/#organization"},"alternateName":"Talkpal AI","potentialAction":[{"@type":"SearchAction","target":{"@type":"EntryPoint","urlTemplate":"https:\/\/talkpal.ai\/az\/?s={search_term_string}"},"query-input":{"@type":"PropertyValueSpecification","valueRequired":true,"valueName":"search_term_string"}}],"inLanguage":"az"},{"@type":"Organization","@id":"https:\/\/talkpal.ai\/az\/#organization","name":"Talkpal, Inc.","alternateName":"Talkpal AI","url":"https:\/\/talkpal.ai\/az\/","logo":{"@type":"ImageObject","inLanguage":"az","@id":"https:\/\/talkpal.ai\/az\/#\/schema\/logo\/image\/","url":"https:\/\/talkpal.ai\/wp-content\/uploads\/2024\/03\/Talkpal-Logo-Icon.png","contentUrl":"https:\/\/talkpal.ai\/wp-content\/uploads\/2024\/03\/Talkpal-Logo-Icon.png","width":2880,"height":2880,"caption":"Talkpal, Inc."},"image":{"@id":"https:\/\/talkpal.ai\/az\/#\/schema\/logo\/image\/"},"sameAs":["https:\/\/www.facebook.com\/profile.php?id=100090733639311","https:\/\/x.com\/talkpalai","https:\/\/www.linkedin.com\/company\/talkpal\/","https:\/\/www.youtube.com\/@TalkPal\/","https:\/\/www.tiktok.com\/@talkpal","https:\/\/www.instagram.com\/talkpal_ai\/","https:\/\/www.crunchbase.com\/organization\/talkpal-9cde","https:\/\/www.g2.com\/products\/talkpal-for-business\/","https:\/\/www.trustpilot.com\/review\/talkpal.ai","https:\/\/www.capterra.com\/p\/10006800\/TalkPal\/"],"description":"Talkpal is a language learning web and mobile education app, powered by the latest AI technologies, that provides engaging experiences to its customers in many different languages to help them improve their language skills. Users can chat about unlimited amount of topics with the app and use other modes to practice their language learning.","email":"support@talkpal.ai","legalName":"Talkpal, Inc.","foundingDate":"2023-04-03","duns":"118989042","numberOfEmployees":{"@type":"QuantitativeValue","minValue":"11","maxValue":"50"},"publishingPrinciples":"https:\/\/talkpal.ai\/publishing-principles\/","actionableFeedbackPolicy":"https:\/\/talkpal.ai\/actionable-feedback-policy\/","correctionsPolicy":"https:\/\/talkpal.ai\/corrections-policy\/","ethicsPolicy":"https:\/\/talkpal.ai\/ethics-policy\/","diversityPolicy":"https:\/\/talkpal.ai\/diversity-policy\/","diversityStaffingReport":"https:\/\/talkpal.ai\/diversity-policy\/"}]}},"_links":{"self":[{"href":"https:\/\/talkpal.ai\/az\/wp-json\/wp\/v2\/pages\/1461937","targetHints":{"allow":["GET"]}}],"collection":[{"href":"https:\/\/talkpal.ai\/az\/wp-json\/wp\/v2\/pages"}],"about":[{"href":"https:\/\/talkpal.ai\/az\/wp-json\/wp\/v2\/types\/page"}],"author":[{"embeddable":true,"href":"https:\/\/talkpal.ai\/az\/wp-json\/wp\/v2\/users\/10"}],"replies":[{"embeddable":true,"href":"https:\/\/talkpal.ai\/az\/wp-json\/wp\/v2\/comments?post=1461937"}],"version-history":[{"count":0,"href":"https:\/\/talkpal.ai\/az\/wp-json\/wp\/v2\/pages\/1461937\/revisions"}],"wp:attachment":[{"href":"https:\/\/talkpal.ai\/az\/wp-json\/wp\/v2\/media?parent=1461937"}],"curies":[{"name":"wp","href":"https:\/\/api.w.org\/{rel}","templated":true}]}}