{"id":146172,"date":"2023-05-14T14:10:42","date_gmt":"2023-05-14T14:10:42","guid":{"rendered":"http:\/\/talkpal.ai\/litva-dilinin-qrammatikasi\/"},"modified":"2025-12-12T10:52:27","modified_gmt":"2025-12-12T10:52:27","slug":"litva-dilinin-qrammatikasi","status":"publish","type":"page","link":"https:\/\/talkpal.ai\/az\/litva-dilinin-qrammatikasi\/","title":{"rendered":"Litva dilinin qrammatikas\u0131"},"content":{"rendered":"\r\n\r\n\r\n<section class=\"languageChallengeSection\">\r\n    <div class=\"languageInfoWrapper\">\r\n        \r\n        <h1>Litva dilinin qrammatikas\u0131<\/h1>\r\n        <p><a href=\"https:\/\/talkpal.ai\/learn-lithuanian\/\">Litva<\/a> qrammatikas\u0131na s\u0259yah\u0259tiniz\u0259 ba\u015flay\u0131n v\u0259 Avropan\u0131n \u0259n q\u0259dim v\u0259 \u0259n maraql\u0131 dill\u0259rind\u0259n birini k\u0259\u015ff edin. G\u00fccl\u00fc dil t\u0259m\u0259li yaratmaq \u00fc\u00e7\u00fcn \u0259sas qaydalar\u0131 v\u0259 n\u00fcmun\u0259l\u0259ri \u00f6yr\u0259nin. \u0130ndi dal\u0131n v\u0259 Litvan\u0131 bu g\u00fcn m\u0259nims\u0259m\u0259y\u0259 ba\u015flay\u0131n!<\/p>\r\n\r\n                            <a class=\"getStartedHidden\" href=\"https:\/\/app.talkpal.ai\/signup?lng=\">Ba\u015fla<\/a>\r\n        \r\n    <\/div>\r\n\r\n    <figure>\r\n    <img decoding=\"async\" width=\"768\" height=\"768\" src=\"https:\/\/talkpal.ai\/wp-content\/uploads\/2023\/06\/lithuenian-768x768.png\" class=\"languageImage no-lazy\" alt=\"Language learning for boosting creativity\" fetchpriority=\"high\" sizes=\"(max-width: 768px) 150px, 768px\" srcset=\"https:\/\/talkpal.ai\/wp-content\/uploads\/2023\/06\/lithuenian-768x768.png 768w, https:\/\/talkpal.ai\/wp-content\/uploads\/2023\/06\/lithuenian-300x300.png 300w\" \/>\r\n    \r\n\r\n    <\/figure>\r\n\r\n            <a class=\"getStartedVisible\" href=\"https:\/\/app.talkpal.ai\/signup?lng=\">Ba\u015fla<\/a>\r\n    \r\n<\/section>\r\n<section class=\"promotionalBanner\">\r\n    <p class=\"promotionalText\">Dil \u00f6yr\u0259nm\u0259yin \u0259n t\u0259sirli yolu<\/p>\r\n    <a class=\"promotionalLink\" href=\"https:\/\/app.talkpal.ai\/signup?lng=\">Talkpal pulsuz s\u0131nay\u0131n<\/a>\r\n<\/section>\n<div class=\"wp-block-group pageContainerStyle\"><div class=\"wp-block-group__inner-container is-layout-constrained wp-block-group-is-layout-constrained\">\n<h2 class=\"wp-block-heading\" id=\"h-lithuanian-grammar-a-fascinating-journey-through-language\">Litva dilinin qrammatikas\u0131. Dil vasit\u0259sil\u0259 maraql\u0131 s\u0259yah\u0259t<\/h2>\n\n\n\n<p><a href=\"https:\/\/talkpal.ai\/az\/litva-dilini-oyr%c9%99nin\/\">Litva dilini<\/a> <a href=\"https:\/\/talkpal.ai\/az\/oyr%c9%99nm%c9%99k\/\">\u00f6yr\u0259nm\u0259k<\/a> bar\u0259d\u0259 d\u00fc\u015f\u00fcnm\u00fcs\u0259nmi, yoxsa onun t\u0259krarolunmaz qrammatikas\u0131 s\u0259nin \u00fc\u00e7\u00fcn maraql\u0131 olub? Yax\u015f\u0131, siz bir m\u00fcalic\u0259 al\u0131rs\u0131n\u0131z! Litva dilinin qrammatikas\u0131 ilk vaxtlar qeyri-s\u0259lis g\u00f6r\u00fcn\u0259 bil\u0259r, lakin s\u0259hv etm\u0259yin \u2013 bu, g\u00f6z\u0259l dil m\u0259ntiqini n\u00fcmayi\u015f etdirir. Bu m\u0259qal\u0259d\u0259 litva dilinin qrammatikas\u0131 il\u0259 ba\u011fl\u0131 m\u00fcxt\u0259lif m\u0259qamlar\u0131 m\u00fczakir\u0259 ed\u0259c\u0259yik v\u0259 onun cazib\u0259darl\u0131\u011f\u0131n\u0131 qiym\u0259tl\u0259ndirm\u0259k \u00fc\u00e7\u00fcn siz\u0259 g\u00fcc ver\u0259c\u0259k.<\/p>\n\n\n\n<p>Birincisi, q\u0131sa bir ke\u00e7mi\u015f. Litva dili \u0259sas\u0259n Litvada dan\u0131\u015f\u0131lan, eyni zamanda qon\u015fu \u00f6lk\u0259l\u0259rd\u0259 rast g\u0259lin\u0259n baltik dilidir. \u018fn q\u0259dim canl\u0131 \u0130ndo-Az\u0259rbaycan dill\u0259rind\u0259n biri kimi, arxaik x\u00fcsusiyy\u0259tl\u0259ri qoruyub saxlayaraq, dil ail\u0259si daxilind\u0259 dig\u0259r dill\u0259rin inki\u015faf\u0131 haqq\u0131nda anlay\u0131\u015f verir. Bu tarixi \u0259h\u0259miyy\u0259t litva dilini x\u00fcsusil\u0259 dil sev\u0259rl\u0259r \u00fc\u00e7\u00fcn maraql\u0131 edir.<\/p>\n\n\n\n<p>\u0130ndi Litva qrammatikas\u0131n\u0131n b\u0259zi \u0259sas aspektl\u0259rini ara\u015fd\u0131raq.<\/p>\n\n\n\n<h3 class=\"wp-block-heading\" id=\"h-1-nouns-cases-and-declensions\">1. Nounlar, hallar v\u0259 deklensiyalar<\/h3>\n\n\n\n<p>Litva dilinin qrammatikas\u0131 \u00fc\u00e7\u00fcn s\u0259ciyy\u0259vi olan c\u0259h\u0259tl\u0259rd\u0259n biri onun m\u00fcr\u0259kk\u0259b hal sistemidir. Nounlar c\u00fcml\u0259d\u0259ki funksiyas\u0131ndan v\u0259 h\u0259r\u0259k\u0259tin m\u00f6vzusunu, obyektini v\u0259 ya al\u0131c\u0131n\u0131 \u0259ks etdirm\u0259kd\u0259n as\u0131l\u0131 olaraq m\u00fcxt\u0259lif formalar\u0131 q\u0259bul edirl\u0259r. Litseyd\u0259 7 i\u015f var: nominativ, genitativ, dativ, ittihamedici, instrumental, lokativ v\u0259 vokativ.<\/p>\n\n\n\n<p>N\u00fcmun\u0259 olaraq \u201cvaikas\u201d (u\u015faq) ad\u0131n\u0131 g\u00f6t\u00fcr\u00fcn. O, c\u00fcml\u0259 daxilind\u0259 oynad\u0131\u011f\u0131 rola g\u00f6r\u0259 \u201cvaiko\u201d, \u201cvaikui\u201d, \u201cvaik\u0105\u201d v\u0259 s.-y\u0259 \u00e7evril\u0259 bil\u0259r. Bundan \u0259lav\u0259, sonluqlar ismin cinsind\u0259n (ki\u015fi v\u0259 ya qad\u0131n cinsi) t\u0259sirl\u0259nir v\u0259 daha sonra declensionlara b\u00f6l\u00fcn\u00fcr, bu da dili daha \u00e7ox y\u00f6nl\u00fc edir.<\/p>\n\n\n\n<h3 class=\"wp-block-heading\" id=\"h-2-verb-conjugation-and-tenses\">2. Verb konjugation v\u0259 tenses<\/h3>\n\n\n\n<p>Litvi feill\u0259r m\u00f6vzunun \u015f\u0259xs v\u0259 say\u0131ndan (sinql v\u0259 ya \u00e7oxluq) as\u0131l\u0131 olaraq sonluqlar\u0131n\u0131 d\u0259yi\u015fir. M\u0259s\u0259l\u0259n, \u201ceiti\u201d (getm\u0259k) feli dig\u0259r formalar aras\u0131nda \u201ceinu\u201d (m\u0259n gedir\u0259m), \u201ceinate\u201d (s\u0259n &#8211; c\u0259m- get), \u201ceina\u201d (onlar gedir) ola bil\u0259r.<\/p>\n\n\n\n<p>Litva dili 4 \u0259sas g\u0259rginliy\u0259 malikdir: indiki, ke\u00e7mi\u015f, ke\u00e7mi\u015f iterativ v\u0259 g\u0259l\u0259c\u0259k. Maraql\u0131d\u0131r ki, bu dild\u0259 h\u0259m\u00e7inin s\u0259ciyy\u0259vi \u0259lam\u0259tl\u0259ri d\u0259 qeyd etm\u0259k yerin\u0259: kamillik v\u0259 qeyri-kamillik. Bu markerl\u0259r h\u0259r\u0259k\u0259tin ba\u015fa \u00e7atmas\u0131 v\u0259 ya davam etm\u0259si bar\u0259d\u0259 \u0259lav\u0259 m\u0259lumat verir. M\u0259s\u0259l\u0259n, &#8220;ne\u0161ti&#8221; (da\u015f\u0131maq &#8211; qeyri-kamil) il\u0259 &#8220;nat&#8221; (da\u015f\u0131maq &#8211; m\u00fck\u0259mm\u0259l).<\/p>\n\n\n\n<h3 class=\"wp-block-heading\" id=\"h-3-sentence-structure-and-word-order\">3. C\u00fcml\u0259 qurulu\u015fu v\u0259 s\u00f6z s\u0131ras\u0131<\/h3>\n\n\n\n<p>Litva dili \u00fcmumilikd\u0259 SVO (subject-verb-object) s\u00f6z nizam\u0131n\u0131 yerin\u0259 yetirdiyin\u0259 baxmayaraq, onun i\u015f sistemi b\u00f6y\u00fck elastiklik yaratma\u011fa imkan verir. S\u00f6z s\u0131ras\u0131n\u0131n ad\u0259t\u0259n c\u00fcml\u0259nin m\u0259nas\u0131n\u0131 m\u00fc\u0259yy\u0259n etdiyi \u0130ngilis dilind\u0259n f\u0259rqli olaraq, Litvada s\u00f6zl\u0259rin \u0259traf\u0131nda h\u0259r\u0259k\u0259t etm\u0259si m\u0259nas\u0131 d\u0259yi\u015fmir. M\u0259s\u0259l\u0259n, \u201ckat\u0117 valgo \u017euv\u012f\u201d (pi\u015fik bal\u0131\u011f\u0131 yeyir) m\u0259nas\u0131n\u0131 itirm\u0259d\u0259n v\u0259 ya d\u0259yi\u015fm\u0259d\u0259n \u201c\u017euv\u012f valgo kat\u0117\u201d d\u0259 ola bil\u0259r.<\/p>\n\n\n\n<p>Bu elastiklik c\u00fcml\u0259 qurulu\u015fu il\u0259 oynama\u011fa, m\u00fc\u0259yy\u0259n elementl\u0259ri vur\u011fulama\u011fa v\u0259 ya dild\u0259 daha pe\u015f\u0259karla\u015fd\u0131qca n\u00fcanslar yaratma\u011fa imkan verir.<\/p>\n\n\n\n<h3 class=\"wp-block-heading\" id=\"h-4-adjectives-adverbs-and-agreement-rules\">4. Adjectives, adverbs v\u0259 raz\u0131la\u015fma qaydalar\u0131<\/h3>\n\n\n\n<p>Bir \u00e7ox dill\u0259r kimi Litva dilind\u0259 ad v\u0259 adverbl\u0259r d\u0259 isim v\u0259 feill\u0259ri t\u0259svir edir, eyni zamanda konkret raz\u0131la\u015fma qaydalar\u0131na da \u0259m\u0259l edirl\u0259r. X\u00fcsusil\u0259, adjectives bir halda, cins v\u0259 r\u0259q\u0259md\u0259 d\u0259yi\u015fdirdikl\u0259ri noun il\u0259 raz\u0131la\u015fmal\u0131d\u0131r. Isim hallar\u0131n\u0131 v\u0259 feil konuslar\u0131n\u0131 qavrayandan sonra bu qaydalar daha t\u0259bii olaraq g\u0259l\u0259c\u0259kdir.<\/p>\n\n\n\n<p>B\u0259s litva dilinin qrammatikas\u0131na dalma\u011fa haz\u0131rs\u0131n\u0131zm\u0131? Tarixi v\u0259 m\u0259d\u0259ni irsi il\u0259 z\u0259ngin olan Litva dilini s\u0259birl\u0259, f\u0259dakarl\u0131qla v\u0259 laz\u0131mi v\u0259saitl\u0259rl\u0259 \u00f6yr\u0259nm\u0259k b\u00f6y\u00fck xeyir-duad\u0131r. Dili add\u0131m-add\u0131m d\u0259f edin, ard\u0131c\u0131l m\u0259\u015fq edin v\u0259 s\u0259hvl\u0259rd\u0259n d\u0259rs almaq \u00fc\u00e7\u00fcn a\u00e7\u0131q qal\u0131n. S\u0117km\u0117s! (Nu\u015f olsun!)<\/p>\n<\/div><\/div>\n\r\n<section class=\"learnNavigationSection\">\r\n            \r\n        <a href=\"https:\/\/talkpal.ai\/az\/litva-dilini-oyr%c9%99nin\/\">\r\n            <div class=\"learnNavigationWrapper\">\r\n                <div class=\"learnNavigationContent\">\r\n                    <img decoding=\"async\" src=\"https:\/\/talkpal.ai\/wp-content\/uploads\/2024\/08\/Lithuanian.jpg\" alt=\"Lithuanian Flag\">\r\n                    <div>\r\n                        <h4>Litva \u00f6yr\u0259nilm\u0259si haqq\u0131nda<\/h4>\r\n                        <p>Litva dilinin qrammatikas\u0131 haqq\u0131nda h\u0259r \u015feyi \u00f6yr\u0259nin.<\/p>\r\n                    <\/div>\r\n                <\/div>\r\n            <\/div>\r\n        <\/a>\r\n\r\n        \r\n        <a href=\"https:\/\/talkpal.ai\/az\/litva-dilinin-qrammatikasi-m%c9%99sg%c9%99l%c9%99l%c9%99ri\/\">\r\n            <div class=\"learnNavigationWrapper\">\r\n                <div class=\"learnNavigationContent\">\r\n                    <img decoding=\"async\" src=\"https:\/\/talkpal.ai\/wp-content\/uploads\/2024\/08\/Lithuanian.jpg\" alt=\"Lithuanian Flag\">\r\n                    <div>\r\n                        <h4>Litva Qrammatikas\u0131 M\u0259\u015fqi<\/h4>\r\n                        <p>Litva dilinin qrammatikas\u0131 praktikas\u0131.<\/p>\r\n                    <\/div>\r\n                <\/div>\r\n            <\/div>\r\n        <\/a>\r\n\r\n        \r\n        <a href=\"https:\/\/talkpal.ai\/vocabulary_language\/lithuanian\/\">\r\n            <div class=\"learnNavigationWrapper\">\r\n                <div class=\"learnNavigationContent\">\r\n                    <img decoding=\"async\" src=\"https:\/\/talkpal.ai\/wp-content\/uploads\/2024\/08\/Lithuanian.jpg\" alt=\"Lithuanian Flag\">\r\n                    <div>\r\n                        <h4>Litva l\u00fc\u011f\u0259ti<\/h4>\r\n                        <p>Litva l\u00fc\u011f\u0259tinizi geni\u015fl\u0259ndirin.<\/p>\r\n                    <\/div>\r\n                <\/div>\r\n            <\/div>\r\n        <\/a>\r\n\r\n            <\/section>","protected":false},"excerpt":{"rendered":"<p>Litva dilinin qrammatikas\u0131. Dil vasit\u0259sil\u0259 maraql\u0131 s\u0259yah\u0259t Litva dilini \u00f6yr\u0259nm\u0259k bar\u0259d\u0259 d\u00fc\u015f\u00fcnm\u00fcs\u0259nmi, yoxsa onun t\u0259krarolunmaz qrammatikas\u0131 s\u0259nin \u00fc\u00e7\u00fcn maraql\u0131 olub? Yax\u015f\u0131, siz bir m\u00fcalic\u0259 al\u0131rs\u0131n\u0131z! Litva dilinin qrammatikas\u0131 ilk vaxtlar qeyri-s\u0259lis g\u00f6r\u00fcn\u0259 bil\u0259r, lakin s\u0259hv etm\u0259yin \u2013 bu, g\u00f6z\u0259l dil m\u0259ntiqini n\u00fcmayi\u015f etdirir. Bu m\u0259qal\u0259d\u0259 litva dilinin qrammatikas\u0131 il\u0259 ba\u011fl\u0131 m\u00fcxt\u0259lif m\u0259qamlar\u0131 m\u00fczakir\u0259 ed\u0259c\u0259yik v\u0259 [&hellip;]<\/p>\n","protected":false},"author":1,"featured_media":114804,"parent":0,"menu_order":0,"comment_status":"closed","ping_status":"closed","template":"LearningContentPage.php","meta":{"_acf_changed":false,"footnotes":""},"class_list":["post-146172","page","type-page","status-publish","has-post-thumbnail","hentry"],"acf":[],"yoast_head":"<!-- This site is optimized with the Yoast SEO Premium plugin v27.2 (Yoast SEO v27.2) - https:\/\/yoast.com\/product\/yoast-seo-premium-wordpress\/ -->\n<title>Litva dilinin qrammatikas\u0131 - Talkpal<\/title>\n<meta name=\"description\" content=\"Litva qrammatikas\u0131n\u0131n tarixi z\u0259nginliyi v\u0259 m\u0259ntiqi nec\u0259 \u0259ks etdirdiyini k\u0259\u015ff edin v\u0259 onu dil h\u0259v\u0259skarlar\u0131 \u00fc\u00e7\u00fcn m\u00fck\u0259mm\u0259l bir ara\u015fd\u0131rmaya \u00e7evirin.\" \/>\n<meta name=\"robots\" content=\"index, follow, max-snippet:-1, max-image-preview:large, max-video-preview:-1\" \/>\n<link rel=\"canonical\" href=\"https:\/\/talkpal.ai\/az\/litva-dilinin-qrammatikasi\/\" \/>\n<meta property=\"og:locale\" content=\"az_AZ\" \/>\n<meta property=\"og:type\" content=\"article\" \/>\n<meta property=\"og:title\" content=\"Litva dilinin qrammatikas\u0131\" \/>\n<meta property=\"og:description\" content=\"Litva dilinin qrammatikas\u0131. Dil vasit\u0259sil\u0259 maraql\u0131 s\u0259yah\u0259t Litva dilini \u00f6yr\u0259nm\u0259k bar\u0259d\u0259 d\u00fc\u015f\u00fcnm\u00fcs\u0259nmi, yoxsa onun t\u0259krarolunmaz qrammatikas\u0131 s\u0259nin \u00fc\u00e7\u00fcn\" \/>\n<meta property=\"og:url\" content=\"https:\/\/talkpal.ai\/az\/litva-dilinin-qrammatikasi\/\" \/>\n<meta property=\"og:site_name\" content=\"Talkpal\" \/>\n<meta property=\"article:publisher\" content=\"https:\/\/www.facebook.com\/profile.php?id=100090733639311\" \/>\n<meta property=\"article:modified_time\" content=\"2025-12-12T10:52:27+00:00\" \/>\n<meta property=\"og:image\" content=\"https:\/\/talkpal.ai\/wp-content\/uploads\/2023\/05\/Lithuanian.png\" \/>\n\t<meta property=\"og:image:width\" content=\"512\" \/>\n\t<meta property=\"og:image:height\" content=\"512\" \/>\n\t<meta property=\"og:image:type\" content=\"image\/png\" \/>\n<meta name=\"twitter:card\" content=\"summary_large_image\" \/>\n<meta name=\"twitter:site\" content=\"@talkpalai\" \/>\n<meta name=\"twitter:label1\" content=\"Est. reading time\" \/>\n\t<meta name=\"twitter:data1\" content=\"4 minutes\" \/>\n<script type=\"application\/ld+json\" class=\"yoast-schema-graph\">{\"@context\":\"https:\/\/schema.org\",\"@graph\":[{\"@type\":\"WebPage\",\"@id\":\"https:\/\/talkpal.ai\/az\/litva-dilinin-qrammatikasi\/\",\"url\":\"https:\/\/talkpal.ai\/az\/litva-dilinin-qrammatikasi\/\",\"name\":\"Litva dilinin qrammatikas\u0131 - Talkpal\",\"isPartOf\":{\"@id\":\"https:\/\/talkpal.ai\/az\/#website\"},\"primaryImageOfPage\":{\"@id\":\"https:\/\/talkpal.ai\/az\/litva-dilinin-qrammatikasi\/#primaryimage\"},\"image\":{\"@id\":\"https:\/\/talkpal.ai\/az\/litva-dilinin-qrammatikasi\/#primaryimage\"},\"thumbnailUrl\":\"https:\/\/talkpal.ai\/wp-content\/uploads\/2023\/05\/Lithuanian.png\",\"datePublished\":\"2023-05-14T14:10:42+00:00\",\"dateModified\":\"2025-12-12T10:52:27+00:00\",\"description\":\"Litva qrammatikas\u0131n\u0131n tarixi z\u0259nginliyi v\u0259 m\u0259ntiqi nec\u0259 \u0259ks etdirdiyini k\u0259\u015ff edin v\u0259 onu dil h\u0259v\u0259skarlar\u0131 \u00fc\u00e7\u00fcn m\u00fck\u0259mm\u0259l bir ara\u015fd\u0131rmaya \u00e7evirin.\",\"breadcrumb\":{\"@id\":\"https:\/\/talkpal.ai\/az\/litva-dilinin-qrammatikasi\/#breadcrumb\"},\"inLanguage\":\"az\",\"potentialAction\":[{\"@type\":\"ReadAction\",\"target\":[\"https:\/\/talkpal.ai\/az\/litva-dilinin-qrammatikasi\/\"]}]},{\"@type\":\"ImageObject\",\"inLanguage\":\"az\",\"@id\":\"https:\/\/talkpal.ai\/az\/litva-dilinin-qrammatikasi\/#primaryimage\",\"url\":\"https:\/\/talkpal.ai\/wp-content\/uploads\/2023\/05\/Lithuanian.png\",\"contentUrl\":\"https:\/\/talkpal.ai\/wp-content\/uploads\/2023\/05\/Lithuanian.png\",\"width\":512,\"height\":512},{\"@type\":\"BreadcrumbList\",\"@id\":\"https:\/\/talkpal.ai\/az\/litva-dilinin-qrammatikasi\/#breadcrumb\",\"itemListElement\":[{\"@type\":\"ListItem\",\"position\":1,\"name\":\"Homepage\",\"item\":\"https:\/\/talkpal.ai\/az\/\"},{\"@type\":\"ListItem\",\"position\":2,\"name\":\"Litva dilinin qrammatikas\u0131\"}]},{\"@type\":\"WebSite\",\"@id\":\"https:\/\/talkpal.ai\/az\/#website\",\"url\":\"https:\/\/talkpal.ai\/az\/\",\"name\":\"Talkpal\",\"description\":\"AI Language Learning\",\"publisher\":{\"@id\":\"https:\/\/talkpal.ai\/az\/#organization\"},\"alternateName\":\"Talkpal AI\",\"potentialAction\":[{\"@type\":\"SearchAction\",\"target\":{\"@type\":\"EntryPoint\",\"urlTemplate\":\"https:\/\/talkpal.ai\/az\/?s={search_term_string}\"},\"query-input\":{\"@type\":\"PropertyValueSpecification\",\"valueRequired\":true,\"valueName\":\"search_term_string\"}}],\"inLanguage\":\"az\"},{\"@type\":\"Organization\",\"@id\":\"https:\/\/talkpal.ai\/az\/#organization\",\"name\":\"Talkpal, Inc.\",\"alternateName\":\"Talkpal AI\",\"url\":\"https:\/\/talkpal.ai\/az\/\",\"logo\":{\"@type\":\"ImageObject\",\"inLanguage\":\"az\",\"@id\":\"https:\/\/talkpal.ai\/az\/#\/schema\/logo\/image\/\",\"url\":\"https:\/\/talkpal.ai\/wp-content\/uploads\/2024\/03\/Talkpal-Logo-Icon.png\",\"contentUrl\":\"https:\/\/talkpal.ai\/wp-content\/uploads\/2024\/03\/Talkpal-Logo-Icon.png\",\"width\":2880,\"height\":2880,\"caption\":\"Talkpal, Inc.\"},\"image\":{\"@id\":\"https:\/\/talkpal.ai\/az\/#\/schema\/logo\/image\/\"},\"sameAs\":[\"https:\/\/www.facebook.com\/profile.php?id=100090733639311\",\"https:\/\/x.com\/talkpalai\",\"https:\/\/www.linkedin.com\/company\/talkpal\/\",\"https:\/\/www.youtube.com\/@TalkPal\/\",\"https:\/\/www.tiktok.com\/@talkpal\",\"https:\/\/www.instagram.com\/talkpal_ai\/\",\"https:\/\/www.crunchbase.com\/organization\/talkpal-9cde\",\"https:\/\/www.g2.com\/products\/talkpal-for-business\/\",\"https:\/\/www.trustpilot.com\/review\/talkpal.ai\",\"https:\/\/www.capterra.com\/p\/10006800\/TalkPal\/\"],\"description\":\"Talkpal is a language learning web and mobile education app, powered by the latest AI technologies, that provides engaging experiences to its customers in many different languages to help them improve their language skills. Users can chat about unlimited amount of topics with the app and use other modes to practice their language learning.\",\"email\":\"support@talkpal.ai\",\"legalName\":\"Talkpal, Inc.\",\"foundingDate\":\"2023-04-03\",\"duns\":\"118989042\",\"numberOfEmployees\":{\"@type\":\"QuantitativeValue\",\"minValue\":\"11\",\"maxValue\":\"50\"},\"publishingPrinciples\":\"https:\/\/talkpal.ai\/publishing-principles\/\",\"actionableFeedbackPolicy\":\"https:\/\/talkpal.ai\/actionable-feedback-policy\/\",\"correctionsPolicy\":\"https:\/\/talkpal.ai\/corrections-policy\/\",\"ethicsPolicy\":\"https:\/\/talkpal.ai\/ethics-policy\/\",\"diversityPolicy\":\"https:\/\/talkpal.ai\/diversity-policy\/\",\"diversityStaffingReport\":\"https:\/\/talkpal.ai\/diversity-policy\/\"}]}<\/script>\n<!-- \/ Yoast SEO Premium plugin. -->","yoast_head_json":{"title":"Litva dilinin qrammatikas\u0131 - Talkpal","description":"Litva qrammatikas\u0131n\u0131n tarixi z\u0259nginliyi v\u0259 m\u0259ntiqi nec\u0259 \u0259ks etdirdiyini k\u0259\u015ff edin v\u0259 onu dil h\u0259v\u0259skarlar\u0131 \u00fc\u00e7\u00fcn m\u00fck\u0259mm\u0259l bir ara\u015fd\u0131rmaya \u00e7evirin.","robots":{"index":"index","follow":"follow","max-snippet":"max-snippet:-1","max-image-preview":"max-image-preview:large","max-video-preview":"max-video-preview:-1"},"canonical":"https:\/\/talkpal.ai\/az\/litva-dilinin-qrammatikasi\/","og_locale":"az_AZ","og_type":"article","og_title":"Litva dilinin qrammatikas\u0131","og_description":"Litva dilinin qrammatikas\u0131. Dil vasit\u0259sil\u0259 maraql\u0131 s\u0259yah\u0259t Litva dilini \u00f6yr\u0259nm\u0259k bar\u0259d\u0259 d\u00fc\u015f\u00fcnm\u00fcs\u0259nmi, yoxsa onun t\u0259krarolunmaz qrammatikas\u0131 s\u0259nin \u00fc\u00e7\u00fcn","og_url":"https:\/\/talkpal.ai\/az\/litva-dilinin-qrammatikasi\/","og_site_name":"Talkpal","article_publisher":"https:\/\/www.facebook.com\/profile.php?id=100090733639311","article_modified_time":"2025-12-12T10:52:27+00:00","og_image":[{"width":512,"height":512,"url":"https:\/\/talkpal.ai\/wp-content\/uploads\/2023\/05\/Lithuanian.png","type":"image\/png"}],"twitter_card":"summary_large_image","twitter_site":"@talkpalai","twitter_misc":{"Est. reading time":"4 minutes"},"schema":{"@context":"https:\/\/schema.org","@graph":[{"@type":"WebPage","@id":"https:\/\/talkpal.ai\/az\/litva-dilinin-qrammatikasi\/","url":"https:\/\/talkpal.ai\/az\/litva-dilinin-qrammatikasi\/","name":"Litva dilinin qrammatikas\u0131 - Talkpal","isPartOf":{"@id":"https:\/\/talkpal.ai\/az\/#website"},"primaryImageOfPage":{"@id":"https:\/\/talkpal.ai\/az\/litva-dilinin-qrammatikasi\/#primaryimage"},"image":{"@id":"https:\/\/talkpal.ai\/az\/litva-dilinin-qrammatikasi\/#primaryimage"},"thumbnailUrl":"https:\/\/talkpal.ai\/wp-content\/uploads\/2023\/05\/Lithuanian.png","datePublished":"2023-05-14T14:10:42+00:00","dateModified":"2025-12-12T10:52:27+00:00","description":"Litva qrammatikas\u0131n\u0131n tarixi z\u0259nginliyi v\u0259 m\u0259ntiqi nec\u0259 \u0259ks etdirdiyini k\u0259\u015ff edin v\u0259 onu dil h\u0259v\u0259skarlar\u0131 \u00fc\u00e7\u00fcn m\u00fck\u0259mm\u0259l bir ara\u015fd\u0131rmaya \u00e7evirin.","breadcrumb":{"@id":"https:\/\/talkpal.ai\/az\/litva-dilinin-qrammatikasi\/#breadcrumb"},"inLanguage":"az","potentialAction":[{"@type":"ReadAction","target":["https:\/\/talkpal.ai\/az\/litva-dilinin-qrammatikasi\/"]}]},{"@type":"ImageObject","inLanguage":"az","@id":"https:\/\/talkpal.ai\/az\/litva-dilinin-qrammatikasi\/#primaryimage","url":"https:\/\/talkpal.ai\/wp-content\/uploads\/2023\/05\/Lithuanian.png","contentUrl":"https:\/\/talkpal.ai\/wp-content\/uploads\/2023\/05\/Lithuanian.png","width":512,"height":512},{"@type":"BreadcrumbList","@id":"https:\/\/talkpal.ai\/az\/litva-dilinin-qrammatikasi\/#breadcrumb","itemListElement":[{"@type":"ListItem","position":1,"name":"Homepage","item":"https:\/\/talkpal.ai\/az\/"},{"@type":"ListItem","position":2,"name":"Litva dilinin qrammatikas\u0131"}]},{"@type":"WebSite","@id":"https:\/\/talkpal.ai\/az\/#website","url":"https:\/\/talkpal.ai\/az\/","name":"Talkpal","description":"AI Language Learning","publisher":{"@id":"https:\/\/talkpal.ai\/az\/#organization"},"alternateName":"Talkpal AI","potentialAction":[{"@type":"SearchAction","target":{"@type":"EntryPoint","urlTemplate":"https:\/\/talkpal.ai\/az\/?s={search_term_string}"},"query-input":{"@type":"PropertyValueSpecification","valueRequired":true,"valueName":"search_term_string"}}],"inLanguage":"az"},{"@type":"Organization","@id":"https:\/\/talkpal.ai\/az\/#organization","name":"Talkpal, Inc.","alternateName":"Talkpal AI","url":"https:\/\/talkpal.ai\/az\/","logo":{"@type":"ImageObject","inLanguage":"az","@id":"https:\/\/talkpal.ai\/az\/#\/schema\/logo\/image\/","url":"https:\/\/talkpal.ai\/wp-content\/uploads\/2024\/03\/Talkpal-Logo-Icon.png","contentUrl":"https:\/\/talkpal.ai\/wp-content\/uploads\/2024\/03\/Talkpal-Logo-Icon.png","width":2880,"height":2880,"caption":"Talkpal, Inc."},"image":{"@id":"https:\/\/talkpal.ai\/az\/#\/schema\/logo\/image\/"},"sameAs":["https:\/\/www.facebook.com\/profile.php?id=100090733639311","https:\/\/x.com\/talkpalai","https:\/\/www.linkedin.com\/company\/talkpal\/","https:\/\/www.youtube.com\/@TalkPal\/","https:\/\/www.tiktok.com\/@talkpal","https:\/\/www.instagram.com\/talkpal_ai\/","https:\/\/www.crunchbase.com\/organization\/talkpal-9cde","https:\/\/www.g2.com\/products\/talkpal-for-business\/","https:\/\/www.trustpilot.com\/review\/talkpal.ai","https:\/\/www.capterra.com\/p\/10006800\/TalkPal\/"],"description":"Talkpal is a language learning web and mobile education app, powered by the latest AI technologies, that provides engaging experiences to its customers in many different languages to help them improve their language skills. Users can chat about unlimited amount of topics with the app and use other modes to practice their language learning.","email":"support@talkpal.ai","legalName":"Talkpal, Inc.","foundingDate":"2023-04-03","duns":"118989042","numberOfEmployees":{"@type":"QuantitativeValue","minValue":"11","maxValue":"50"},"publishingPrinciples":"https:\/\/talkpal.ai\/publishing-principles\/","actionableFeedbackPolicy":"https:\/\/talkpal.ai\/actionable-feedback-policy\/","correctionsPolicy":"https:\/\/talkpal.ai\/corrections-policy\/","ethicsPolicy":"https:\/\/talkpal.ai\/ethics-policy\/","diversityPolicy":"https:\/\/talkpal.ai\/diversity-policy\/","diversityStaffingReport":"https:\/\/talkpal.ai\/diversity-policy\/"}]}},"_links":{"self":[{"href":"https:\/\/talkpal.ai\/az\/wp-json\/wp\/v2\/pages\/146172","targetHints":{"allow":["GET"]}}],"collection":[{"href":"https:\/\/talkpal.ai\/az\/wp-json\/wp\/v2\/pages"}],"about":[{"href":"https:\/\/talkpal.ai\/az\/wp-json\/wp\/v2\/types\/page"}],"author":[{"embeddable":true,"href":"https:\/\/talkpal.ai\/az\/wp-json\/wp\/v2\/users\/1"}],"replies":[{"embeddable":true,"href":"https:\/\/talkpal.ai\/az\/wp-json\/wp\/v2\/comments?post=146172"}],"version-history":[{"count":0,"href":"https:\/\/talkpal.ai\/az\/wp-json\/wp\/v2\/pages\/146172\/revisions"}],"wp:featuredmedia":[{"embeddable":true,"href":"https:\/\/talkpal.ai\/az\/wp-json\/wp\/v2\/media\/114804"}],"wp:attachment":[{"href":"https:\/\/talkpal.ai\/az\/wp-json\/wp\/v2\/media?parent=146172"}],"curies":[{"name":"wp","href":"https:\/\/api.w.org\/{rel}","templated":true}]}}