{"id":145507,"date":"2023-05-14T14:09:47","date_gmt":"2023-05-14T14:09:47","guid":{"rendered":"http:\/\/talkpal.ai\/kannada-qrammatikasi\/"},"modified":"2025-12-11T16:24:08","modified_gmt":"2025-12-11T16:24:08","slug":"kannada-qrammatikasi","status":"publish","type":"page","link":"https:\/\/talkpal.ai\/az\/kannada-qrammatikasi\/","title":{"rendered":"Kannada Qrammatikas\u0131"},"content":{"rendered":"\r\n\r\n\r\n<section class=\"languageChallengeSection\">\r\n    <div class=\"languageInfoWrapper\">\r\n        \r\n        <h1>Kannada Qrammatikas\u0131<\/h1>\r\n        <p><a href=\"https:\/\/talkpal.ai\/learn-kannada\/\">Kannada<\/a> k\u0259\u015ff etm\u0259k \u00fc\u00e7\u00fcn h\u0259y\u0259canl\u0131s\u0131n\u0131z? Z\u0259ngin fel birl\u0259\u015fm\u0259l\u0259ri, cinsiyy\u0259t adlar\u0131 v\u0259 dili canland\u0131ran m\u0259ntiqi v\u0259ziyy\u0259t sistemini \u00f6z\u00fcnd\u0259 \u0259ks etdir\u0259n Kannada qrammatikas\u0131na daxil olun. Bu g\u00fcn \u00f6yr\u0259nm\u0259y\u0259 ba\u015flay\u0131n &#8211; Kannada qrammatikas\u0131n\u0131 m\u0259nims\u0259m\u0259k siz\u0259 Karnatakan\u0131n canl\u0131 m\u0259d\u0259niyy\u0259ti il\u0259 d\u0259rind\u0259n \u0259laq\u0259 saxlamaq v\u0259 C\u0259nubi Hindistan\u0131n \u0259n ifad\u0259li dill\u0259rind\u0259n birind\u0259 inamla \u00fcnsiyy\u0259t qurmaq \u00fc\u00e7\u00fcn al\u0259tl\u0259r ver\u0259c\u0259k!<\/p>\r\n\r\n                            <a class=\"getStartedHidden\" href=\"https:\/\/app.talkpal.ai\/signup?lng=\">Ba\u015fla<\/a>\r\n        \r\n    <\/div>\r\n\r\n    <figure>\r\n    <img decoding=\"async\" width=\"768\" height=\"768\" src=\"https:\/\/talkpal.ai\/wp-content\/uploads\/2023\/06\/Kannada-768x768.png\" class=\"languageImage no-lazy\" alt=\"Language learning for increased mental flexibility\" fetchpriority=\"high\" sizes=\"(max-width: 768px) 150px, 768px\" srcset=\"https:\/\/talkpal.ai\/wp-content\/uploads\/2023\/06\/Kannada-768x768.png 768w, https:\/\/talkpal.ai\/wp-content\/uploads\/2023\/06\/Kannada-300x300.png 300w\" \/>\r\n    \r\n\r\n    <\/figure>\r\n\r\n            <a class=\"getStartedVisible\" href=\"https:\/\/app.talkpal.ai\/signup?lng=\">Ba\u015fla<\/a>\r\n    \r\n<\/section>\r\n<section class=\"promotionalBanner\">\r\n    <p class=\"promotionalText\">Dil \u00f6yr\u0259nm\u0259yin \u0259n t\u0259sirli yolu<\/p>\r\n    <a class=\"promotionalLink\" href=\"https:\/\/app.talkpal.ai\/signup?lng=\">Talkpal pulsuz s\u0131nay\u0131n<\/a>\r\n<\/section>\n<div class=\"wp-block-group pageContainerStyle\"><div class=\"wp-block-group__inner-container is-layout-constrained wp-block-group-is-layout-constrained\">\n<h2 class=\"wp-block-heading\" id=\"h-kannada-grammar-an-insight-into-the-richness-of-the-dravidian-language\">Kannada qrammatikas\u0131: Dravidian dilinin z\u0259nginliyi haqq\u0131nda anlay\u0131\u015f<\/h2>\n\n\n\n<p>\u2013 B\u0259s n\u0259 vaxtsa Hindistan\u0131n dil m\u00fcxt\u0259lifliyi il\u0259 ba\u011fl\u0131 sizi d\u00fc\u015f\u00fcnd\u00fcr\u00fcbm\u00fc? Bir dil h\u0259v\u0259skar\u0131 v\u0259 ya maraql\u0131 \u00f6yr\u0259n\u0259n insan kimi, siz Hindistan \u2013 Kannada klassik dill\u0259rind\u0259n birin\u0259 diqq\u0259tl\u0259 n\u0259z\u0259r salmaqda maraql\u0131 ola bil\u0259rsiniz. Kannada dili \u2014 Karnataka \u015ftat\u0131n\u0131n c\u0259nubunda \u0259sas\u0259n dan\u0131\u015f\u0131lan dravid dili. Bu dil t\u0259xmin\u0259n 44 milyon insan\u0131n do\u011fma dilidir v\u0259 bu dil hindistan\u0131n \u0259sas dill\u0259rind\u0259n biridir. G\u0259lin Kannada qrammatikas\u0131n\u0131n f\u00fcsunkar d\u00fcnyas\u0131na d\u0259rind\u0259n gir\u0259k v\u0259 bu g\u00f6z\u0259l dil haqq\u0131nda daha \u00e7ox \u00f6yr\u0259n\u0259k.<\/p>\n\n\n\n<h3 class=\"wp-block-heading\" id=\"h-the-linguistic-alphabet-kannada-script\">Leksik \u0259lifba: Kannada yaz\u0131s\u0131<\/h3>\n\n\n\n<p>\u201c\u0c95\u0ca8\u0ccd\u0ca8\u0ca1 \u0cb2\u0cbf\u0caa\u0cbf\u201d (Kannada Lipi) kimi tan\u0131nan Kannada yaz\u0131s\u0131 abugida \u2013 heca \u0259lifbalar\u0131 olan yaz\u0131 sistemidir. H\u0259r bir h\u0259rf m\u00fcxt\u0259lif konsonant-saitli birl\u0259\u015fm\u0259ni t\u0259msil edir. Ssenari 34 konsonant v\u0259 13 sait daxil olmaqla 49 heroqlifd\u0259n ibar\u0259tdir. Vizual olaraq f\u0259rqli g\u00f6r\u00fcn\u00fc\u015f\u0259 malik Kannada yaz\u0131s\u0131 dilin s\u0259sl\u0259rini v\u0259 m\u0259nalar\u0131n\u0131 \u00e7atd\u0131rmaq \u00fc\u00e7\u00fcn heyr\u0259tamiz unikal \u00fcsuldur.<\/p>\n\n\n\n<h3 class=\"wp-block-heading\" id=\"h-nouns-pronouns-and-cases-more-than-meets-the-eye\">Nouns, Pronouns v\u0259 Cases \u2013 Daha \u00c7ox G\u00f6z Qar\u015f\u0131la<\/h3>\n\n\n\n<p><a href=\"https:\/\/talkpal.ai\/nl\/grammar\/telbare-zelfstandige-naamwoorden-in-kannada-grammatica\/\">Kannada nouns<\/a> \u00f6z declension sistemi say\u0259sind\u0259 unikald\u0131r &#8211; onlar dig\u0259r Dravidian dill\u0259ri kimi bir case sistemini \u00e7ox izl\u0259yirl\u0259r. Kannada 8 hal var ki, bu da c\u00fcml\u0259d\u0259ki nounla dig\u0259r s\u00f6zl\u0259rin \u0259laq\u0259sini m\u00fc\u0259yy\u0259n etm\u0259y\u0259 k\u00f6m\u0259k edir: nominativ, ittihamedici, instrumental, dativ, ablativ, genitiv, lokativ v\u0259 vokativ. Kannada nounlar da cins (ki\u015fiklin, feminine v\u0259 neytri) v\u0259 saylar\u0131na g\u00f6r\u0259 t\u0259snif edilir (sinqular, \u00e7oxluqlar v\u0259 ikili \u2013 hind dill\u0259ri aras\u0131nda nadir x\u00fcsusiyy\u0259tdir).<\/p>\n\n\n\n<p>Kannada ya\u015fayan pronounlar da maraql\u0131d\u0131r. Onlar h\u0259r bir insan \u00fc\u00e7\u00fcn (birinci, ikinci v\u0259 \u00fc\u00e7\u00fcnc\u00fc), \u0259d\u0259d (birn\u00f6v, \u00e7oxluq v\u0259 ikili) v\u0259 cins (ki\u015fiklin, femin v\u0259 neytrin) f\u0259rql\u0259ri da\u015f\u0131y\u0131rlar. Bundan \u0259lav\u0259, Kannada dilinin h\u00f6rm\u0259t v\u0259 n\u0259zak\u0259tin m\u0259d\u0259ni aspektl\u0259rini n\u00fcmayi\u015f etdir\u0259n bir ne\u00e7\u0259 \u015f\u0259r\u0259fli \u00fcnvan formas\u0131na malikdir.<\/p>\n\n\n\n<h3 class=\"wp-block-heading\" id=\"h-venturing-into-verbs-tenses-aspects-and-moods\">Verbl\u0259r\u0259 venturing: G\u0259rginlikl\u0259r, aspektl\u0259r v\u0259 \u0259hval-ruhiyy\u0259<\/h3>\n\n\n\n<p>Kannada feill\u0259ri z\u0259ngin konyuqasiya sistemi \u00fc\u00e7\u00fcn xarakterikdir. Feill\u0259r g\u0259rgin (ke\u00e7mi\u015f, indiki v\u0259 g\u0259l\u0259c\u0259k), aspekt (m\u00fck\u0259mm\u0259l v\u0259 ya qeyri-kamil), \u0259hval-ruhiyy\u0259 (g\u00f6st\u0259rici, <a href=\"https:\/\/talkpal.ai\/ja\/grammar_exercises\/imperatif-%e3%83%95%e3%83%a9%e3%83%b3%e3%82%b9%e3%81%ae%e6%96%87%e6%b3%95%e3%81%ae%e3%81%9f%e3%82%81%e3%81%ae%e6%bc%94%e7%bf%92\/\">imperativ<\/a> v\u0259 \u015f\u0259rti) uy\u011fun g\u0259lir. Daha bir m\u00fcr\u0259kk\u0259blik is\u0259 causativ feill\u0259rin v\u0259 <a href=\"https:\/\/talkpal.ai\/ja\/grammar\/%e5%8f%97%e5%8b%95%e6%85%8b\/\">passiv<\/a> v\u0259 aktiv s\u0259sl\u0259rin i\u015ftirak\u0131 il\u0259 \u0259lav\u0259 olunur. Konyunkasiya insan\u0131n, r\u0259q\u0259min v\u0259 cinsin \u00f6z\u00fcnd\u0259n as\u0131l\u0131d\u0131r, bu s\u0259b\u0259bd\u0259n Kannada feli y\u00fcks\u0259k inflektli v\u0259 m\u00fcr\u0259kk\u0259b formalar \u0259m\u0259l\u0259 g\u0259tirir.<\/p>\n\n\n\n<h3 class=\"wp-block-heading\" id=\"h-adjectives-adverbs-and-more\">Adjectives, Adverbs v\u0259 daha \u00e7ox<\/h3>\n\n\n\n<p><a href=\"https:\/\/talkpal.ai\/culture\/how-do-i-use-adjectives-in-kannada-sentences\/\">Kannada adjectives<\/a> v\u0259 numerals cins, \u0259d\u0259d v\u0259 case bax\u0131m\u0131ndan d\u0259yi\u015fdirdikl\u0259ri nouns il\u0259 raz\u0131la\u015f\u0131rlar. Adjectives, nouns il\u0259 eyni \u015f\u0259kild\u0259 inflekt edil\u0259 bil\u0259r v\u0259 h\u0259tta birl\u0259\u015f\u0259r\u0259k d\u00fc\u015fm\u0259nl\u0259r meydana g\u0259tir\u0259 bil\u0259r. Dil h\u0259m\u00e7inin c\u00fcml\u0259l\u0259ri v\u0259 onlar\u0131n t\u0259rkib hiss\u0259l\u0259rini bir araya g\u0259tirm\u0259k \u00fc\u00e7\u00fcn m\u00fcxt\u0259lif konyunksiyalardan, hiss\u0259cikl\u0259rd\u0259n v\u0259 prepozisiyalardan istifad\u0259 edir.<\/p>\n\n\n\n<h3 class=\"wp-block-heading\" id=\"h-embracing-the-beauty-of-kannada-grammar\">Kannada Qrammatikan\u0131n G\u00f6z\u0259lliyini Qucaqlamaq<\/h3>\n\n\n\n<p><a href=\"https:\/\/talkpal.ai\/kannada-grammar\/\">Kannada qrammatikas\u0131<\/a> d\u00fcnyas\u0131 m\u00fcr\u0259kk\u0259b oldu\u011fu q\u0259d\u0259r d\u0259 maraql\u0131d\u0131r. M\u00fcr\u0259kk\u0259b hal sistemi, unikal skript v\u0259 y\u00fcks\u0259k inflektli feil formalar\u0131 Kannada \u00f6z cazib\u0259sini v\u0259 z\u0259nginliyini verir. Bu g\u00f6z\u0259l dilin b\u00fct\u00fcn \u00e7alarlar\u0131n\u0131 d\u0259rind\u0259n ara\u015fd\u0131rma\u011f\u0131n say\u0259sind\u0259 Hindistan\u0131n dil v\u0259 m\u0259d\u0259niyy\u0259t m\u00fcxt\u0259lifliyini daha d\u0259rind\u0259n anlama\u011fa nail olursan.<\/p>\n\n\n\n<p>B\u0259s n\u0259y\u0259 g\u00f6r\u0259 Kannadan\u0131n g\u00f6z\u0259lliyini daha d\u0259rind\u0259n t\u0259dqiq etm\u0259y\u0259k? Ehtiras v\u0259 maraqdan istifad\u0259 ed\u0259r\u0259k, ola bilsin, tezlikl\u0259 bu g\u00f6z\u0259l dild\u0259 olan m\u00f6ht\u0259\u015f\u0259m \u0259d\u0259biyyatlardan, kinodan v\u0259 musiqid\u0259n z\u00f6vq ala bil\u0259rs\u0259n. Xo\u015fb\u0259xt \u00f6yr\u0259nin!<\/p>\n<\/div><\/div>\n\r\n<section class=\"learnNavigationSection\">\r\n            \r\n        <a href=\"https:\/\/talkpal.ai\/az\/kannada-oyr%c9%99n\/\">\r\n            <div class=\"learnNavigationWrapper\">\r\n                <div class=\"learnNavigationContent\">\r\n                    <img decoding=\"async\" src=\"https:\/\/talkpal.ai\/wp-content\/uploads\/2024\/08\/Kannada.jpg\" alt=\"Indian Simplified Flag\">\r\n                    <div>\r\n                        <h4>Kannada \u00d6yr\u0259nilm\u0259si haqq\u0131nda<\/h4>\r\n                        <p>Kannada qrammatikas\u0131 haqq\u0131nda h\u0259r \u015feyi \u00f6yr\u0259nin .<\/p>\r\n                    <\/div>\r\n                <\/div>\r\n            <\/div>\r\n        <\/a>\r\n\r\n        \r\n        <a href=\"https:\/\/talkpal.ai\/az\/kannada-qrammatika-m%c9%99sql%c9%99ri\/\">\r\n            <div class=\"learnNavigationWrapper\">\r\n                <div class=\"learnNavigationContent\">\r\n                    <img decoding=\"async\" src=\"https:\/\/talkpal.ai\/wp-content\/uploads\/2024\/08\/Kannada.jpg\" alt=\"Indian Simplified Flag\">\r\n                    <div>\r\n                        <h4>Kannada Qrammatikas\u0131 M\u0259\u015fqi<\/h4>\r\n                        <p>Kannada dilinin qrammatikas\u0131.<\/p>\r\n                    <\/div>\r\n                <\/div>\r\n            <\/div>\r\n        <\/a>\r\n\r\n        \r\n        <a href=\"https:\/\/talkpal.ai\/vocabulary_language\/kannada\/\">\r\n            <div class=\"learnNavigationWrapper\">\r\n                <div class=\"learnNavigationContent\">\r\n                    <img decoding=\"async\" src=\"https:\/\/talkpal.ai\/wp-content\/uploads\/2024\/08\/Kannada.jpg\" alt=\"Indian Simplified Flag\">\r\n                    <div>\r\n                        <h4>Kannada l\u00fc\u011f\u0259ti<\/h4>\r\n                        <p>Kannada l\u00fc\u011f\u0259tinizi geni\u015fl\u0259ndirin.<\/p>\r\n                    <\/div>\r\n                <\/div>\r\n            <\/div>\r\n        <\/a>\r\n\r\n            <\/section>","protected":false},"excerpt":{"rendered":"<p>Kannada qrammatikas\u0131: Dravidian dilinin z\u0259nginliyi haqq\u0131nda anlay\u0131\u015f \u2013 B\u0259s n\u0259 vaxtsa Hindistan\u0131n dil m\u00fcxt\u0259lifliyi il\u0259 ba\u011fl\u0131 sizi d\u00fc\u015f\u00fcnd\u00fcr\u00fcbm\u00fc? Bir dil h\u0259v\u0259skar\u0131 v\u0259 ya maraql\u0131 \u00f6yr\u0259n\u0259n insan kimi, siz Hindistan \u2013 Kannada klassik dill\u0259rind\u0259n birin\u0259 diqq\u0259tl\u0259 n\u0259z\u0259r salmaqda maraql\u0131 ola bil\u0259rsiniz. Kannada dili \u2014 Karnataka \u015ftat\u0131n\u0131n c\u0259nubunda \u0259sas\u0259n dan\u0131\u015f\u0131lan dravid dili. Bu dil t\u0259xmin\u0259n 44 milyon [&hellip;]<\/p>\n","protected":false},"author":1,"featured_media":113667,"parent":0,"menu_order":0,"comment_status":"closed","ping_status":"closed","template":"LearningContentPage.php","meta":{"_acf_changed":false,"footnotes":""},"class_list":["post-145507","page","type-page","status-publish","has-post-thumbnail","hentry"],"acf":[],"yoast_head":"<!-- This site is optimized with the Yoast SEO Premium plugin v27.2 (Yoast SEO v27.2) - https:\/\/yoast.com\/product\/yoast-seo-premium-wordpress\/ -->\n<title>Kannada Qrammatikas\u0131 - Talkpal<\/title>\n<meta name=\"description\" content=\"Kannada qrammatikas\u0131n\u0131 inamla \u00f6yr\u0259nin - \u0259sas qaydalar\u0131 anlay\u0131n, c\u00fcml\u0259 qurma\u011f\u0131 k\u0259skinl\u0259\u015fdirin v\u0259 r\u0259vanl\u0131\u011f\u0131 art\u0131r\u0131n\" \/>\n<meta name=\"robots\" content=\"index, follow, max-snippet:-1, max-image-preview:large, max-video-preview:-1\" \/>\n<link rel=\"canonical\" href=\"https:\/\/talkpal.ai\/az\/kannada-qrammatikasi\/\" \/>\n<meta property=\"og:locale\" content=\"az_AZ\" \/>\n<meta property=\"og:type\" content=\"article\" \/>\n<meta property=\"og:title\" content=\"Kannada Qrammatikas\u0131\" \/>\n<meta property=\"og:description\" content=\"Kannada qrammatikas\u0131: Dravidian dilinin z\u0259nginliyi haqq\u0131nda anlay\u0131\u015f \u2013 B\u0259s n\u0259 vaxtsa Hindistan\u0131n dil m\u00fcxt\u0259lifliyi il\u0259 ba\u011fl\u0131 sizi d\u00fc\u015f\u00fcnd\u00fcr\u00fcbm\u00fc? Bir dil\" \/>\n<meta property=\"og:url\" content=\"https:\/\/talkpal.ai\/az\/kannada-qrammatikasi\/\" \/>\n<meta property=\"og:site_name\" content=\"Talkpal\" \/>\n<meta property=\"article:publisher\" content=\"https:\/\/www.facebook.com\/profile.php?id=100090733639311\" \/>\n<meta property=\"article:modified_time\" content=\"2025-12-11T16:24:08+00:00\" \/>\n<meta property=\"og:image\" content=\"https:\/\/talkpal.ai\/wp-content\/uploads\/2023\/05\/Kannada-india.png\" \/>\n\t<meta property=\"og:image:width\" content=\"512\" \/>\n\t<meta property=\"og:image:height\" content=\"512\" \/>\n\t<meta property=\"og:image:type\" content=\"image\/png\" \/>\n<meta name=\"twitter:card\" content=\"summary_large_image\" \/>\n<meta name=\"twitter:site\" content=\"@talkpalai\" \/>\n<meta name=\"twitter:label1\" content=\"Est. reading time\" \/>\n\t<meta name=\"twitter:data1\" content=\"3 minutes\" \/>\n<script type=\"application\/ld+json\" class=\"yoast-schema-graph\">{\"@context\":\"https:\/\/schema.org\",\"@graph\":[{\"@type\":\"WebPage\",\"@id\":\"https:\/\/talkpal.ai\/az\/kannada-qrammatikasi\/\",\"url\":\"https:\/\/talkpal.ai\/az\/kannada-qrammatikasi\/\",\"name\":\"Kannada Qrammatikas\u0131 - Talkpal\",\"isPartOf\":{\"@id\":\"https:\/\/talkpal.ai\/az\/#website\"},\"primaryImageOfPage\":{\"@id\":\"https:\/\/talkpal.ai\/az\/kannada-qrammatikasi\/#primaryimage\"},\"image\":{\"@id\":\"https:\/\/talkpal.ai\/az\/kannada-qrammatikasi\/#primaryimage\"},\"thumbnailUrl\":\"https:\/\/talkpal.ai\/wp-content\/uploads\/2023\/05\/Kannada-india.png\",\"datePublished\":\"2023-05-14T14:09:47+00:00\",\"dateModified\":\"2025-12-11T16:24:08+00:00\",\"description\":\"Kannada qrammatikas\u0131n\u0131 inamla \u00f6yr\u0259nin - \u0259sas qaydalar\u0131 anlay\u0131n, c\u00fcml\u0259 qurma\u011f\u0131 k\u0259skinl\u0259\u015fdirin v\u0259 r\u0259vanl\u0131\u011f\u0131 art\u0131r\u0131n\",\"breadcrumb\":{\"@id\":\"https:\/\/talkpal.ai\/az\/kannada-qrammatikasi\/#breadcrumb\"},\"inLanguage\":\"az\",\"potentialAction\":[{\"@type\":\"ReadAction\",\"target\":[\"https:\/\/talkpal.ai\/az\/kannada-qrammatikasi\/\"]}]},{\"@type\":\"ImageObject\",\"inLanguage\":\"az\",\"@id\":\"https:\/\/talkpal.ai\/az\/kannada-qrammatikasi\/#primaryimage\",\"url\":\"https:\/\/talkpal.ai\/wp-content\/uploads\/2023\/05\/Kannada-india.png\",\"contentUrl\":\"https:\/\/talkpal.ai\/wp-content\/uploads\/2023\/05\/Kannada-india.png\",\"width\":512,\"height\":512},{\"@type\":\"BreadcrumbList\",\"@id\":\"https:\/\/talkpal.ai\/az\/kannada-qrammatikasi\/#breadcrumb\",\"itemListElement\":[{\"@type\":\"ListItem\",\"position\":1,\"name\":\"Homepage\",\"item\":\"https:\/\/talkpal.ai\/az\/\"},{\"@type\":\"ListItem\",\"position\":2,\"name\":\"Kannada Qrammatikas\u0131\"}]},{\"@type\":\"WebSite\",\"@id\":\"https:\/\/talkpal.ai\/az\/#website\",\"url\":\"https:\/\/talkpal.ai\/az\/\",\"name\":\"Talkpal\",\"description\":\"AI Language Learning\",\"publisher\":{\"@id\":\"https:\/\/talkpal.ai\/az\/#organization\"},\"alternateName\":\"Talkpal AI\",\"potentialAction\":[{\"@type\":\"SearchAction\",\"target\":{\"@type\":\"EntryPoint\",\"urlTemplate\":\"https:\/\/talkpal.ai\/az\/?s={search_term_string}\"},\"query-input\":{\"@type\":\"PropertyValueSpecification\",\"valueRequired\":true,\"valueName\":\"search_term_string\"}}],\"inLanguage\":\"az\"},{\"@type\":\"Organization\",\"@id\":\"https:\/\/talkpal.ai\/az\/#organization\",\"name\":\"Talkpal, Inc.\",\"alternateName\":\"Talkpal AI\",\"url\":\"https:\/\/talkpal.ai\/az\/\",\"logo\":{\"@type\":\"ImageObject\",\"inLanguage\":\"az\",\"@id\":\"https:\/\/talkpal.ai\/az\/#\/schema\/logo\/image\/\",\"url\":\"https:\/\/talkpal.ai\/wp-content\/uploads\/2024\/03\/Talkpal-Logo-Icon.png\",\"contentUrl\":\"https:\/\/talkpal.ai\/wp-content\/uploads\/2024\/03\/Talkpal-Logo-Icon.png\",\"width\":2880,\"height\":2880,\"caption\":\"Talkpal, Inc.\"},\"image\":{\"@id\":\"https:\/\/talkpal.ai\/az\/#\/schema\/logo\/image\/\"},\"sameAs\":[\"https:\/\/www.facebook.com\/profile.php?id=100090733639311\",\"https:\/\/x.com\/talkpalai\",\"https:\/\/www.linkedin.com\/company\/talkpal\/\",\"https:\/\/www.youtube.com\/@TalkPal\/\",\"https:\/\/www.tiktok.com\/@talkpal\",\"https:\/\/www.instagram.com\/talkpal_ai\/\",\"https:\/\/www.crunchbase.com\/organization\/talkpal-9cde\",\"https:\/\/www.g2.com\/products\/talkpal-for-business\/\",\"https:\/\/www.trustpilot.com\/review\/talkpal.ai\",\"https:\/\/www.capterra.com\/p\/10006800\/TalkPal\/\"],\"description\":\"Talkpal is a language learning web and mobile education app, powered by the latest AI technologies, that provides engaging experiences to its customers in many different languages to help them improve their language skills. Users can chat about unlimited amount of topics with the app and use other modes to practice their language learning.\",\"email\":\"support@talkpal.ai\",\"legalName\":\"Talkpal, Inc.\",\"foundingDate\":\"2023-04-03\",\"duns\":\"118989042\",\"numberOfEmployees\":{\"@type\":\"QuantitativeValue\",\"minValue\":\"11\",\"maxValue\":\"50\"},\"publishingPrinciples\":\"https:\/\/talkpal.ai\/publishing-principles\/\",\"actionableFeedbackPolicy\":\"https:\/\/talkpal.ai\/actionable-feedback-policy\/\",\"correctionsPolicy\":\"https:\/\/talkpal.ai\/corrections-policy\/\",\"ethicsPolicy\":\"https:\/\/talkpal.ai\/ethics-policy\/\",\"diversityPolicy\":\"https:\/\/talkpal.ai\/diversity-policy\/\",\"diversityStaffingReport\":\"https:\/\/talkpal.ai\/diversity-policy\/\"}]}<\/script>\n<!-- \/ Yoast SEO Premium plugin. -->","yoast_head_json":{"title":"Kannada Qrammatikas\u0131 - Talkpal","description":"Kannada qrammatikas\u0131n\u0131 inamla \u00f6yr\u0259nin - \u0259sas qaydalar\u0131 anlay\u0131n, c\u00fcml\u0259 qurma\u011f\u0131 k\u0259skinl\u0259\u015fdirin v\u0259 r\u0259vanl\u0131\u011f\u0131 art\u0131r\u0131n","robots":{"index":"index","follow":"follow","max-snippet":"max-snippet:-1","max-image-preview":"max-image-preview:large","max-video-preview":"max-video-preview:-1"},"canonical":"https:\/\/talkpal.ai\/az\/kannada-qrammatikasi\/","og_locale":"az_AZ","og_type":"article","og_title":"Kannada Qrammatikas\u0131","og_description":"Kannada qrammatikas\u0131: Dravidian dilinin z\u0259nginliyi haqq\u0131nda anlay\u0131\u015f \u2013 B\u0259s n\u0259 vaxtsa Hindistan\u0131n dil m\u00fcxt\u0259lifliyi il\u0259 ba\u011fl\u0131 sizi d\u00fc\u015f\u00fcnd\u00fcr\u00fcbm\u00fc? Bir dil","og_url":"https:\/\/talkpal.ai\/az\/kannada-qrammatikasi\/","og_site_name":"Talkpal","article_publisher":"https:\/\/www.facebook.com\/profile.php?id=100090733639311","article_modified_time":"2025-12-11T16:24:08+00:00","og_image":[{"width":512,"height":512,"url":"https:\/\/talkpal.ai\/wp-content\/uploads\/2023\/05\/Kannada-india.png","type":"image\/png"}],"twitter_card":"summary_large_image","twitter_site":"@talkpalai","twitter_misc":{"Est. reading time":"3 minutes"},"schema":{"@context":"https:\/\/schema.org","@graph":[{"@type":"WebPage","@id":"https:\/\/talkpal.ai\/az\/kannada-qrammatikasi\/","url":"https:\/\/talkpal.ai\/az\/kannada-qrammatikasi\/","name":"Kannada Qrammatikas\u0131 - Talkpal","isPartOf":{"@id":"https:\/\/talkpal.ai\/az\/#website"},"primaryImageOfPage":{"@id":"https:\/\/talkpal.ai\/az\/kannada-qrammatikasi\/#primaryimage"},"image":{"@id":"https:\/\/talkpal.ai\/az\/kannada-qrammatikasi\/#primaryimage"},"thumbnailUrl":"https:\/\/talkpal.ai\/wp-content\/uploads\/2023\/05\/Kannada-india.png","datePublished":"2023-05-14T14:09:47+00:00","dateModified":"2025-12-11T16:24:08+00:00","description":"Kannada qrammatikas\u0131n\u0131 inamla \u00f6yr\u0259nin - \u0259sas qaydalar\u0131 anlay\u0131n, c\u00fcml\u0259 qurma\u011f\u0131 k\u0259skinl\u0259\u015fdirin v\u0259 r\u0259vanl\u0131\u011f\u0131 art\u0131r\u0131n","breadcrumb":{"@id":"https:\/\/talkpal.ai\/az\/kannada-qrammatikasi\/#breadcrumb"},"inLanguage":"az","potentialAction":[{"@type":"ReadAction","target":["https:\/\/talkpal.ai\/az\/kannada-qrammatikasi\/"]}]},{"@type":"ImageObject","inLanguage":"az","@id":"https:\/\/talkpal.ai\/az\/kannada-qrammatikasi\/#primaryimage","url":"https:\/\/talkpal.ai\/wp-content\/uploads\/2023\/05\/Kannada-india.png","contentUrl":"https:\/\/talkpal.ai\/wp-content\/uploads\/2023\/05\/Kannada-india.png","width":512,"height":512},{"@type":"BreadcrumbList","@id":"https:\/\/talkpal.ai\/az\/kannada-qrammatikasi\/#breadcrumb","itemListElement":[{"@type":"ListItem","position":1,"name":"Homepage","item":"https:\/\/talkpal.ai\/az\/"},{"@type":"ListItem","position":2,"name":"Kannada Qrammatikas\u0131"}]},{"@type":"WebSite","@id":"https:\/\/talkpal.ai\/az\/#website","url":"https:\/\/talkpal.ai\/az\/","name":"Talkpal","description":"AI Language Learning","publisher":{"@id":"https:\/\/talkpal.ai\/az\/#organization"},"alternateName":"Talkpal AI","potentialAction":[{"@type":"SearchAction","target":{"@type":"EntryPoint","urlTemplate":"https:\/\/talkpal.ai\/az\/?s={search_term_string}"},"query-input":{"@type":"PropertyValueSpecification","valueRequired":true,"valueName":"search_term_string"}}],"inLanguage":"az"},{"@type":"Organization","@id":"https:\/\/talkpal.ai\/az\/#organization","name":"Talkpal, Inc.","alternateName":"Talkpal AI","url":"https:\/\/talkpal.ai\/az\/","logo":{"@type":"ImageObject","inLanguage":"az","@id":"https:\/\/talkpal.ai\/az\/#\/schema\/logo\/image\/","url":"https:\/\/talkpal.ai\/wp-content\/uploads\/2024\/03\/Talkpal-Logo-Icon.png","contentUrl":"https:\/\/talkpal.ai\/wp-content\/uploads\/2024\/03\/Talkpal-Logo-Icon.png","width":2880,"height":2880,"caption":"Talkpal, Inc."},"image":{"@id":"https:\/\/talkpal.ai\/az\/#\/schema\/logo\/image\/"},"sameAs":["https:\/\/www.facebook.com\/profile.php?id=100090733639311","https:\/\/x.com\/talkpalai","https:\/\/www.linkedin.com\/company\/talkpal\/","https:\/\/www.youtube.com\/@TalkPal\/","https:\/\/www.tiktok.com\/@talkpal","https:\/\/www.instagram.com\/talkpal_ai\/","https:\/\/www.crunchbase.com\/organization\/talkpal-9cde","https:\/\/www.g2.com\/products\/talkpal-for-business\/","https:\/\/www.trustpilot.com\/review\/talkpal.ai","https:\/\/www.capterra.com\/p\/10006800\/TalkPal\/"],"description":"Talkpal is a language learning web and mobile education app, powered by the latest AI technologies, that provides engaging experiences to its customers in many different languages to help them improve their language skills. Users can chat about unlimited amount of topics with the app and use other modes to practice their language learning.","email":"support@talkpal.ai","legalName":"Talkpal, Inc.","foundingDate":"2023-04-03","duns":"118989042","numberOfEmployees":{"@type":"QuantitativeValue","minValue":"11","maxValue":"50"},"publishingPrinciples":"https:\/\/talkpal.ai\/publishing-principles\/","actionableFeedbackPolicy":"https:\/\/talkpal.ai\/actionable-feedback-policy\/","correctionsPolicy":"https:\/\/talkpal.ai\/corrections-policy\/","ethicsPolicy":"https:\/\/talkpal.ai\/ethics-policy\/","diversityPolicy":"https:\/\/talkpal.ai\/diversity-policy\/","diversityStaffingReport":"https:\/\/talkpal.ai\/diversity-policy\/"}]}},"_links":{"self":[{"href":"https:\/\/talkpal.ai\/az\/wp-json\/wp\/v2\/pages\/145507","targetHints":{"allow":["GET"]}}],"collection":[{"href":"https:\/\/talkpal.ai\/az\/wp-json\/wp\/v2\/pages"}],"about":[{"href":"https:\/\/talkpal.ai\/az\/wp-json\/wp\/v2\/types\/page"}],"author":[{"embeddable":true,"href":"https:\/\/talkpal.ai\/az\/wp-json\/wp\/v2\/users\/1"}],"replies":[{"embeddable":true,"href":"https:\/\/talkpal.ai\/az\/wp-json\/wp\/v2\/comments?post=145507"}],"version-history":[{"count":0,"href":"https:\/\/talkpal.ai\/az\/wp-json\/wp\/v2\/pages\/145507\/revisions"}],"wp:featuredmedia":[{"embeddable":true,"href":"https:\/\/talkpal.ai\/az\/wp-json\/wp\/v2\/media\/113667"}],"wp:attachment":[{"href":"https:\/\/talkpal.ai\/az\/wp-json\/wp\/v2\/media?parent=145507"}],"curies":[{"name":"wp","href":"https:\/\/api.w.org\/{rel}","templated":true}]}}