{"id":145167,"date":"2023-05-14T14:09:29","date_gmt":"2023-05-14T14:09:29","guid":{"rendered":"http:\/\/talkpal.ai\/indoneziya-qrammatikasi\/"},"modified":"2025-12-13T15:44:31","modified_gmt":"2025-12-13T15:44:31","slug":"indoneziya-qrammatikasi","status":"publish","type":"page","link":"https:\/\/talkpal.ai\/az\/indoneziya-qrammatikasi\/","title":{"rendered":"\u0130ndoneziya qrammatikas\u0131"},"content":{"rendered":"\r\n\r\n\r\n<section class=\"languageChallengeSection\">\r\n    <div class=\"languageInfoWrapper\">\r\n        \r\n        <h1>\u0130ndoneziya qrammatikas\u0131<\/h1>\r\n        <p>\u0130ndoneziya dilini \u00f6yr\u0259nm\u0259kl\u0259 maraqlan\u0131rs\u0131n\u0131z? Sad\u0259 qrammatikas\u0131 il\u0259 &#8211; he\u00e7 bir fel birl\u0259\u015fm\u0259l\u0259ri, isim cinsi v\u0259 sad\u0259 c\u00fcml\u0259 qurulu\u015fu il\u0259 &#8211; \u0130ndoneziya dili \u00f6yr\u0259n\u0259nl\u0259r \u00fc\u00e7\u00fcn \u0259n uy\u011fun dill\u0259rd\u0259n biridir. S\u0259yah\u0259tiniz\u0259 bu g\u00fcn ba\u015flay\u0131n v\u0259 \u0130ndoneziya dilinin qrammatikas\u0131n\u0131 ba\u015fa d\u00fc\u015fm\u0259yin \u00fcnsiyy\u0259t v\u0259 canl\u0131 m\u0259d\u0259ni t\u0259cr\u00fcb\u0259l\u0259r d\u00fcnyas\u0131n\u0131 nec\u0259 tez bir zamanda a\u00e7a bil\u0259c\u0259yin\u0259 bax\u0131n!<\/p>\r\n\r\n                            <a class=\"getStartedHidden\" href=\"https:\/\/app.talkpal.ai\/signup?lng=\">Ba\u015fla<\/a>\r\n        \r\n    <\/div>\r\n\r\n    <figure>\r\n    <img decoding=\"async\" width=\"768\" height=\"768\" src=\"https:\/\/talkpal.ai\/wp-content\/uploads\/2023\/06\/indonesia-768x768.png\" class=\"languageImage no-lazy\" alt=\"Language learning for personal achievement\" fetchpriority=\"high\" sizes=\"(max-width: 768px) 150px, 768px\" srcset=\"https:\/\/talkpal.ai\/wp-content\/uploads\/2023\/06\/indonesia-768x768.png 768w, https:\/\/talkpal.ai\/wp-content\/uploads\/2023\/06\/indonesia-300x300.png 300w\" \/>\r\n    \r\n\r\n    <\/figure>\r\n\r\n            <a class=\"getStartedVisible\" href=\"https:\/\/app.talkpal.ai\/signup?lng=\">Ba\u015fla<\/a>\r\n    \r\n<\/section>\r\n<section class=\"promotionalBanner\">\r\n    <p class=\"promotionalText\"><\/p>\r\n    <a class=\"promotionalLink\" href=\"https:\/\/app.talkpal.ai\/signup?lng=\"><\/a>\r\n<\/section>\n<div class=\"wp-block-group pageContainerStyle\"><div class=\"wp-block-group__inner-container is-layout-constrained wp-block-group-is-layout-constrained\">\n<h2 class=\"wp-block-heading\" id=\"h-the-wonders-of-indonesian-grammar-a-guide-for-language-learners\">\u0130ndoneziya dilinin m\u00f6c\u00fcz\u0259l\u0259ri. Dil \u00f6yr\u0259n\u0259nl\u0259r \u00fc\u00e7\u00fcn b\u0259l\u0259d\u00e7i<\/h2>\n\n\n\n<p>\u0130ndoneziya qrammatikas\u0131 \u2013 sad\u0259, lakin z\u0259rif, qonaqp\u0259rv\u0259r, lakin c\u0259lbedici, \u0259l\u00e7atan, lakin valehedici. \u0130ndoneziya dilini \u00f6yr\u0259nm\u0259y\u0259 ba\u015flayanda \u0259min ol ki, onun qrammatikas\u0131n\u0131 m\u0259nims\u0259m\u0259k b\u00f6y\u00fck sevinc g\u0259tir\u0259c\u0259k. Bu m\u0259qal\u0259 il\u0259 siz\u0259 \u0130ndoneziya dilinin qrammatikas\u0131n\u0131n \u0259sas aspektl\u0259rini anlama\u011f\u0131 v\u0259 bu C\u0259nub-\u015e\u0259rqi Asiya dilinin g\u00f6z\u0259lliyini m\u0259nims\u0259m\u0259y\u0259 k\u00f6m\u0259k etm\u0259yi h\u0259d\u0259fl\u0259yirik.<\/p>\n\n\n\n<p>G\u0259lin \u0130ndoneziya qrammatikas\u0131n\u0131n \u0259sas elementl\u0259rini, qaydalar\u0131 v\u0259 anlay\u0131\u015flar\u0131 l\u0259zz\u0259tli \u015f\u0259kild\u0259 ayd\u0131nla\u015fd\u0131ran izahatlar v\u0259 n\u00fcmun\u0259l\u0259rl\u0259 ara\u015fd\u0131raq. Bel\u0259 ki, siz geri oturun, istirah\u0259t edin v\u0259 biz\u0259 imkan verin, \u0130ndoneziya dilinin maraql\u0131 sirl\u0259rini sizin \u00fc\u00e7\u00fcn a\u00e7aq.<\/p>\n\n\n\n<h3 class=\"wp-block-heading\" id=\"h-1-nouns-no-genders-no-plurals-no-stress\">1. Nouns: Cinsl\u0259r, Plurallar, Stress yoxdur!<\/h3>\n\n\n\n<p>\u0130ndoneziya dilinin qrammatikas\u0131 \u00fc\u00e7\u00fcn \u0259n t\u0259rav\u0259tl\u0259ndirici c\u0259h\u0259tl\u0259rd\u0259n biri onun noun sisteminin sad\u0259liyidir. \u0130ndoneziya nounlar\u0131n\u0131n cins v\u0259 pl\u00fcral formalar\u0131 yoxdur. Bu o dem\u0259kdir ki, siz bir bala v\u0259 ya bir qrup yetkin iti n\u0259z\u0259rd\u0259 tutursunuzsa, \u201canjing\u201d (it) deyirsiniz.<\/p>\n\n\n\n<p>C\u0259m formas\u0131n\u0131 t\u0259yin etm\u0259k \u00fc\u00e7\u00fcn siz ya ad\u0131 t\u0259krarlaya bil\u0259rsiniz (m\u0259s\u0259l\u0259n, \u201cu\u015faqlar\u201d \u00fc\u00e7\u00fcn \u201canak-anak\u201d) v\u0259 ya \u201cbanyak\u201d (\u00e7ox) v\u0259 ya \u201cbeberapa\u201d (b\u0259zi) kimi k\u0259miyy\u0259t terminind\u0259n istifad\u0259 ed\u0259 bil\u0259rsiniz. Bu bel\u0259dir! Bu, ba\u015fqa dill\u0259rl\u0259 m\u00fcqayis\u0259d\u0259 t\u0259miz hava deyilmi?<\/p>\n\n\n\n<h3 class=\"wp-block-heading\" id=\"h-2-pronouns-staying-humble-and-respectful\">2. Pronouns: T\u0259vaz\u00f6kar v\u0259 h\u00f6rm\u0259tli qalmaq<\/h3>\n\n\n\n<p>\u0130ndoneziya dilinin qrammatikas\u0131 formall\u0131\u011f\u0131n m\u00fcxt\u0259lif s\u0259viyy\u0259l\u0259rin\u0259 \u0259saslanaraq m\u00fcxt\u0259lif pronounlardan istifad\u0259 edir. H\u00f6rm\u0259t v\u0259 t\u0259vaz\u00f6karl\u0131q t\u0259zah\u00fcr etdirm\u0259k \u00fc\u00e7\u00fcn m\u00fcnasib t\u0259l\u0259ff\u00fczd\u0259n istifad\u0259 etm\u0259k vacibdir. M\u0259s\u0259l\u0259n, \u201caku\u201d (m\u0259n\/m\u0259n) t\u0259sad\u00fcfi v\u0259 intim, \u201csaya\u201d n\u0259zak\u0259tli v\u0259 neytral, \u201csaya\u201d is\u0259 r\u0259smi v\u0259 t\u0259vaz\u00f6kard\u0131r. Eynil\u0259, \u201ckamu\u201d (siz) qeyri-r\u0259smidir, \u201cAnda\u201d n\u0259zak\u0259tlidir v\u0259 \u201cBapak\/\u0130bu\u201d (Sir\/Madam) y\u00fcks\u0259k formal v\u0259ziyy\u0259tl\u0259r \u00fc\u00e7\u00fcn qorunur.<\/p>\n\n\n\n<p>Unutmay\u0131n, yeni v\u0259 ya qeyri-m\u00fc\u0259yy\u0259n situasiyalarda n\u0259zak\u0259tin t\u0259r\u0259find\u0259 s\u0259hv etm\u0259k h\u0259mi\u015f\u0259 yax\u015f\u0131 bir fikirdir.<\/p>\n\n\n\n<h3 class=\"wp-block-heading\" id=\"h-3-verbs-no-conjugations-but-prefixes-and-suffixes-galore\">3. Verbs: Conjugations yoxdur, lakin Prefiks v\u0259 Suffiks Galore!<\/h3>\n\n\n\n<p>\u0130ndoneziya feill\u0259ri g\u0259rgin, \u0259hval-ruhiyy\u0259li v\u0259 ya m\u00f6vzudan as\u0131l\u0131 olmayaraq d\u0259yi\u015fm\u0259z olaraq qal\u0131r v\u0259 bu s\u0259b\u0259bd\u0259n bir \u00e7ox ba\u015fqa dill\u0259rd\u0259 feill\u0259rd\u0259n daha sad\u0259 olur. Bununla bel\u0259, felin m\u0259nas\u0131n\u0131 d\u0259yi\u015fdirm\u0259k \u00fc\u00e7\u00fcn prefiks v\u0259 \u015f\u0259kil\u00e7il\u0259rin istifad\u0259sini m\u0259nims\u0259m\u0259li olacaqs\u0131n\u0131z.<\/p>\n\n\n\n<p>B\u0259zi \u00fcmumi prefiksl\u0259r\u0259 \u201cme-\u201d (aktiv fell\u0259r), \u201cdi-\u201d (passiv fell\u0259r) v\u0259 \u201cber-\u201d (stativ fell\u0259r) daxildir. \u00dcmumi \u015f\u0259kil\u00e7il\u0259r\u0259 \u201c-kan\u201d (s\u0259b\u0259b fell\u0259ri) v\u0259 \u201c-i\u201d (ke\u00e7idli fell\u0259r) daxildir. M\u0259s\u0259l\u0259n, \u201cmakan\u201d \u201cyem\u0259k\u201d, \u201cmemakan\u201d \u201cistehlak etm\u0259k\u201d, \u201cdimakan\u201d is\u0259 \u201cyem\u0259k\u201d dem\u0259kdir.<\/p>\n\n\n\n<h3 class=\"wp-block-heading\" id=\"h-4-word-order-subject-verb-object-simplicity\">4. S\u00f6z S\u0131ras\u0131: M\u00f6vzu-Verb-Object Sad\u0259lik!<\/h3>\n\n\n\n<p>\u0130ndoneziya dilinin qrammatikas\u0131 ingilis dilin\u0259 ox\u015far olan a\u00e7\u0131q-a\u015fkar Subject-Verb-Object (SVO) s\u00f6z s\u0131ras\u0131 il\u0259 yerin\u0259 yetirir. Bu is\u0259 ingilis dilind\u0259 dan\u0131\u015fanlar \u00fc\u00e7\u00fcn c\u00fcml\u0259nin tikintisini v\u0259 d\u0259rk edilm\u0259sini xeyli asanla\u015fd\u0131r\u0131r. M\u0259s\u0259l\u0259n, \u201cSaya memakan pisang\u201d birba\u015fa olaraq \u201cM\u0259n (m\u00f6vzu) banan (obyekt) yeyir\u0259m\u201d kimi t\u0259rc\u00fcm\u0259 olunur.<\/p>\n\n\n\n<h3 class=\"wp-block-heading\" id=\"h-5-immerse-yourself-in-indonesian-practice-makes-perfect\">5. \u00d6z\u00fcn\u00fc \u0130ndoneziya dilind\u0259 bat\u0131r. Praktika m\u00fck\u0259mm\u0259ll\u0259\u015fdirir<\/h3>\n\n\n\n<p>\u0130ndoneziya dilinin qrammatikas\u0131n\u0131n g\u00f6z\u0259lliyi onun sad\u0259liyi v\u0259 \u0259l\u00e7atanl\u0131\u011f\u0131 il\u0259 ba\u011fl\u0131 olub. M\u00fcnt\u0259z\u0259m olaraq oxumaq, yazmaq, qulaq asmaq v\u0259 dan\u0131\u015fmaq dilin v\u0259 onun qrammatikas\u0131na yiy\u0259l\u0259nm\u0259y\u0259 k\u00f6m\u0259k ed\u0259c\u0259k. \u00c7\u0259tinlikl\u0259ri q\u0259bul edin, m\u00fcr\u0259kk\u0259blikl\u0259r\u0259 qalib g\u0259lm\u0259yin v\u0259 \u0130ndoneziya dilinin \u0259sil cazib\u0259sinin a\u00e7arlar\u0131n\u0131 a\u00e7\u0131n.<\/p>\n\n\n\n<p>B\u0259s \u0130ndoneziya dilinin m\u00f6c\u00fcz\u0259l\u0259rini ara\u015fd\u0131rma\u011fa haz\u0131rsanm\u0131? Ona \u0259minlikl\u0259 v\u0259 maraqla yax\u0131nla\u015f\u0131n. \u00d6hd\u0259lik v\u0259 h\u0259y\u0259canla, tezlikl\u0259 siz b\u0259la\u011f\u0259tli \u0130ndoneziya dili natiqin\u0259 \u00e7evril\u0259 bil\u0259rsiniz. Selamat belajar! (Xo\u015fb\u0259xt m\u00fctali\u0259!)<\/p>\n<\/div><\/div>\n\r\n<section class=\"learnNavigationSection\">\r\n            \r\n        <a href=\"https:\/\/talkpal.ai\/az\/indoneziya-dilini-oyr%c9%99nin\/\">\r\n            <div class=\"learnNavigationWrapper\">\r\n                <div class=\"learnNavigationContent\">\r\n                    <img decoding=\"async\" src=\"https:\/\/talkpal.ai\/wp-content\/uploads\/2024\/08\/Indonesian.jpg\" alt=\"Indonesian Flag\">\r\n                    <div>\r\n                        <h4>\u0130ndoneziya \u00f6yr\u0259nm\u0259 haqq\u0131nda<\/h4>\r\n                        <p>\u0130ndoneziya dilinin qrammatikas\u0131 haqq\u0131nda h\u0259r \u015feyi \u00f6yr\u0259nin.<\/p>\r\n                    <\/div>\r\n                <\/div>\r\n            <\/div>\r\n        <\/a>\r\n\r\n        \r\n        <a href=\"https:\/\/talkpal.ai\/az\/indoneziya-qrammatika-m%c9%99sql%c9%99ri\/\">\r\n            <div class=\"learnNavigationWrapper\">\r\n                <div class=\"learnNavigationContent\">\r\n                    <img decoding=\"async\" src=\"https:\/\/talkpal.ai\/wp-content\/uploads\/2024\/08\/Indonesian.jpg\" alt=\"Indonesian Flag\">\r\n                    <div>\r\n                        <h4>\u0130ndoneziya Qrammatikas\u0131 M\u0259\u015fqi<\/h4>\r\n                        <p>\u0130ndoneziya dilinin qrammatika qaydalar\u0131na riay\u0259t etm\u0259k.<\/p>\r\n                    <\/div>\r\n                <\/div>\r\n            <\/div>\r\n        <\/a>\r\n\r\n        \r\n        <a href=\"https:\/\/talkpal.ai\/vocabulary_language\/indonesian\/\">\r\n            <div class=\"learnNavigationWrapper\">\r\n                <div class=\"learnNavigationContent\">\r\n                    <img decoding=\"async\" src=\"https:\/\/talkpal.ai\/wp-content\/uploads\/2024\/08\/Indonesian.jpg\" alt=\"Indonesian Flag\">\r\n                    <div>\r\n                        <h4>\u0130ndoneziya l\u00fc\u011f\u0259ti<\/h4>\r\n                        <p>\u0130ndoneziya l\u00fc\u011f\u0259tinizi geni\u015fl\u0259ndirin.<\/p>\r\n                    <\/div>\r\n                <\/div>\r\n            <\/div>\r\n        <\/a>\r\n\r\n            <\/section>","protected":false},"excerpt":{"rendered":"<p>\u0130ndoneziya dilinin m\u00f6c\u00fcz\u0259l\u0259ri. Dil \u00f6yr\u0259n\u0259nl\u0259r \u00fc\u00e7\u00fcn b\u0259l\u0259d\u00e7i \u0130ndoneziya qrammatikas\u0131 \u2013 sad\u0259, lakin z\u0259rif, qonaqp\u0259rv\u0259r, lakin c\u0259lbedici, \u0259l\u00e7atan, lakin valehedici. \u0130ndoneziya dilini \u00f6yr\u0259nm\u0259y\u0259 ba\u015flayanda \u0259min ol ki, onun qrammatikas\u0131n\u0131 m\u0259nims\u0259m\u0259k b\u00f6y\u00fck sevinc g\u0259tir\u0259c\u0259k. Bu m\u0259qal\u0259 il\u0259 siz\u0259 \u0130ndoneziya dilinin qrammatikas\u0131n\u0131n \u0259sas aspektl\u0259rini anlama\u011f\u0131 v\u0259 bu C\u0259nub-\u015e\u0259rqi Asiya dilinin g\u00f6z\u0259lliyini m\u0259nims\u0259m\u0259y\u0259 k\u00f6m\u0259k etm\u0259yi h\u0259d\u0259fl\u0259yirik. G\u0259lin \u0130ndoneziya qrammatikas\u0131n\u0131n [&hellip;]<\/p>\n","protected":false},"author":1,"featured_media":113908,"parent":0,"menu_order":0,"comment_status":"closed","ping_status":"closed","template":"LearningContentPage.php","meta":{"_acf_changed":false,"footnotes":""},"class_list":["post-145167","page","type-page","status-publish","has-post-thumbnail","hentry"],"acf":[],"yoast_head":"<!-- This site is optimized with the Yoast SEO Premium plugin v27.2 (Yoast SEO v27.2) - https:\/\/yoast.com\/product\/yoast-seo-premium-wordpress\/ -->\n<title>\u0130ndoneziya qrammatikas\u0131 - Talkpal<\/title>\n<meta name=\"description\" content=\"Talkpal -\u0131n AI dil \u00f6yr\u0259nm\u0259 proqram\u0131 il\u0259 \u0130ndoneziya qrammatikas\u0131n\u0131 asanl\u0131qla m\u0259nims\u0259yin. Talkpal -\u0131n s\u00fcni intellektl\u0259 d\u0259st\u0259kl\u0259n\u0259n t\u0259limat\u0131ndan istifad\u0259 ed\u0259r\u0259k inamla \u00fcnsiyy\u0259t qurun.\" \/>\n<meta name=\"robots\" content=\"index, follow, max-snippet:-1, max-image-preview:large, max-video-preview:-1\" \/>\n<link rel=\"canonical\" href=\"https:\/\/talkpal.ai\/az\/indoneziya-qrammatikasi\/\" \/>\n<meta property=\"og:locale\" content=\"az_AZ\" \/>\n<meta property=\"og:type\" content=\"article\" \/>\n<meta property=\"og:title\" content=\"\u0130ndoneziya qrammatikas\u0131\" \/>\n<meta property=\"og:description\" content=\"\u0130ndoneziya dilinin m\u00f6c\u00fcz\u0259l\u0259ri. Dil \u00f6yr\u0259n\u0259nl\u0259r \u00fc\u00e7\u00fcn b\u0259l\u0259d\u00e7i \u0130ndoneziya qrammatikas\u0131 \u2013 sad\u0259, lakin z\u0259rif, qonaqp\u0259rv\u0259r, lakin c\u0259lbedici, \u0259l\u00e7atan, lakin\" \/>\n<meta property=\"og:url\" content=\"https:\/\/talkpal.ai\/az\/indoneziya-qrammatikasi\/\" \/>\n<meta property=\"og:site_name\" content=\"Talkpal\" \/>\n<meta property=\"article:publisher\" content=\"https:\/\/www.facebook.com\/profile.php?id=100090733639311\" \/>\n<meta property=\"article:modified_time\" content=\"2025-12-13T15:44:31+00:00\" \/>\n<meta property=\"og:image\" content=\"https:\/\/talkpal.ai\/wp-content\/uploads\/2023\/05\/indonesia.png\" \/>\n\t<meta property=\"og:image:width\" content=\"512\" \/>\n\t<meta property=\"og:image:height\" content=\"512\" \/>\n\t<meta property=\"og:image:type\" content=\"image\/png\" \/>\n<meta name=\"twitter:card\" content=\"summary_large_image\" \/>\n<meta name=\"twitter:site\" content=\"@talkpalai\" \/>\n<meta name=\"twitter:label1\" content=\"Est. reading time\" \/>\n\t<meta name=\"twitter:data1\" content=\"4 minutes\" \/>\n<script type=\"application\/ld+json\" class=\"yoast-schema-graph\">{\"@context\":\"https:\/\/schema.org\",\"@graph\":[{\"@type\":\"WebPage\",\"@id\":\"https:\/\/talkpal.ai\/az\/indoneziya-qrammatikasi\/\",\"url\":\"https:\/\/talkpal.ai\/az\/indoneziya-qrammatikasi\/\",\"name\":\"\u0130ndoneziya qrammatikas\u0131 - Talkpal\",\"isPartOf\":{\"@id\":\"https:\/\/talkpal.ai\/az\/#website\"},\"primaryImageOfPage\":{\"@id\":\"https:\/\/talkpal.ai\/az\/indoneziya-qrammatikasi\/#primaryimage\"},\"image\":{\"@id\":\"https:\/\/talkpal.ai\/az\/indoneziya-qrammatikasi\/#primaryimage\"},\"thumbnailUrl\":\"https:\/\/talkpal.ai\/wp-content\/uploads\/2023\/05\/indonesia.png\",\"datePublished\":\"2023-05-14T14:09:29+00:00\",\"dateModified\":\"2025-12-13T15:44:31+00:00\",\"description\":\"Talkpal -\u0131n AI dil \u00f6yr\u0259nm\u0259 proqram\u0131 il\u0259 \u0130ndoneziya qrammatikas\u0131n\u0131 asanl\u0131qla m\u0259nims\u0259yin. Talkpal -\u0131n s\u00fcni intellektl\u0259 d\u0259st\u0259kl\u0259n\u0259n t\u0259limat\u0131ndan istifad\u0259 ed\u0259r\u0259k inamla \u00fcnsiyy\u0259t qurun.\",\"breadcrumb\":{\"@id\":\"https:\/\/talkpal.ai\/az\/indoneziya-qrammatikasi\/#breadcrumb\"},\"inLanguage\":\"az\",\"potentialAction\":[{\"@type\":\"ReadAction\",\"target\":[\"https:\/\/talkpal.ai\/az\/indoneziya-qrammatikasi\/\"]}]},{\"@type\":\"ImageObject\",\"inLanguage\":\"az\",\"@id\":\"https:\/\/talkpal.ai\/az\/indoneziya-qrammatikasi\/#primaryimage\",\"url\":\"https:\/\/talkpal.ai\/wp-content\/uploads\/2023\/05\/indonesia.png\",\"contentUrl\":\"https:\/\/talkpal.ai\/wp-content\/uploads\/2023\/05\/indonesia.png\",\"width\":512,\"height\":512},{\"@type\":\"BreadcrumbList\",\"@id\":\"https:\/\/talkpal.ai\/az\/indoneziya-qrammatikasi\/#breadcrumb\",\"itemListElement\":[{\"@type\":\"ListItem\",\"position\":1,\"name\":\"Homepage\",\"item\":\"https:\/\/talkpal.ai\/az\/\"},{\"@type\":\"ListItem\",\"position\":2,\"name\":\"\u0130ndoneziya qrammatikas\u0131\"}]},{\"@type\":\"WebSite\",\"@id\":\"https:\/\/talkpal.ai\/az\/#website\",\"url\":\"https:\/\/talkpal.ai\/az\/\",\"name\":\"Talkpal\",\"description\":\"AI Language Learning\",\"publisher\":{\"@id\":\"https:\/\/talkpal.ai\/az\/#organization\"},\"alternateName\":\"Talkpal AI\",\"potentialAction\":[{\"@type\":\"SearchAction\",\"target\":{\"@type\":\"EntryPoint\",\"urlTemplate\":\"https:\/\/talkpal.ai\/az\/?s={search_term_string}\"},\"query-input\":{\"@type\":\"PropertyValueSpecification\",\"valueRequired\":true,\"valueName\":\"search_term_string\"}}],\"inLanguage\":\"az\"},{\"@type\":\"Organization\",\"@id\":\"https:\/\/talkpal.ai\/az\/#organization\",\"name\":\"Talkpal, Inc.\",\"alternateName\":\"Talkpal AI\",\"url\":\"https:\/\/talkpal.ai\/az\/\",\"logo\":{\"@type\":\"ImageObject\",\"inLanguage\":\"az\",\"@id\":\"https:\/\/talkpal.ai\/az\/#\/schema\/logo\/image\/\",\"url\":\"https:\/\/talkpal.ai\/wp-content\/uploads\/2024\/03\/Talkpal-Logo-Icon.png\",\"contentUrl\":\"https:\/\/talkpal.ai\/wp-content\/uploads\/2024\/03\/Talkpal-Logo-Icon.png\",\"width\":2880,\"height\":2880,\"caption\":\"Talkpal, Inc.\"},\"image\":{\"@id\":\"https:\/\/talkpal.ai\/az\/#\/schema\/logo\/image\/\"},\"sameAs\":[\"https:\/\/www.facebook.com\/profile.php?id=100090733639311\",\"https:\/\/x.com\/talkpalai\",\"https:\/\/www.linkedin.com\/company\/talkpal\/\",\"https:\/\/www.youtube.com\/@TalkPal\/\",\"https:\/\/www.tiktok.com\/@talkpal\",\"https:\/\/www.instagram.com\/talkpal_ai\/\",\"https:\/\/www.crunchbase.com\/organization\/talkpal-9cde\",\"https:\/\/www.g2.com\/products\/talkpal-for-business\/\",\"https:\/\/www.trustpilot.com\/review\/talkpal.ai\",\"https:\/\/www.capterra.com\/p\/10006800\/TalkPal\/\"],\"description\":\"Talkpal is a language learning web and mobile education app, powered by the latest AI technologies, that provides engaging experiences to its customers in many different languages to help them improve their language skills. Users can chat about unlimited amount of topics with the app and use other modes to practice their language learning.\",\"email\":\"support@talkpal.ai\",\"legalName\":\"Talkpal, Inc.\",\"foundingDate\":\"2023-04-03\",\"duns\":\"118989042\",\"numberOfEmployees\":{\"@type\":\"QuantitativeValue\",\"minValue\":\"11\",\"maxValue\":\"50\"},\"publishingPrinciples\":\"https:\/\/talkpal.ai\/publishing-principles\/\",\"actionableFeedbackPolicy\":\"https:\/\/talkpal.ai\/actionable-feedback-policy\/\",\"correctionsPolicy\":\"https:\/\/talkpal.ai\/corrections-policy\/\",\"ethicsPolicy\":\"https:\/\/talkpal.ai\/ethics-policy\/\",\"diversityPolicy\":\"https:\/\/talkpal.ai\/diversity-policy\/\",\"diversityStaffingReport\":\"https:\/\/talkpal.ai\/diversity-policy\/\"}]}<\/script>\n<!-- \/ Yoast SEO Premium plugin. -->","yoast_head_json":{"title":"\u0130ndoneziya qrammatikas\u0131 - Talkpal","description":"Talkpal -\u0131n AI dil \u00f6yr\u0259nm\u0259 proqram\u0131 il\u0259 \u0130ndoneziya qrammatikas\u0131n\u0131 asanl\u0131qla m\u0259nims\u0259yin. Talkpal -\u0131n s\u00fcni intellektl\u0259 d\u0259st\u0259kl\u0259n\u0259n t\u0259limat\u0131ndan istifad\u0259 ed\u0259r\u0259k inamla \u00fcnsiyy\u0259t qurun.","robots":{"index":"index","follow":"follow","max-snippet":"max-snippet:-1","max-image-preview":"max-image-preview:large","max-video-preview":"max-video-preview:-1"},"canonical":"https:\/\/talkpal.ai\/az\/indoneziya-qrammatikasi\/","og_locale":"az_AZ","og_type":"article","og_title":"\u0130ndoneziya qrammatikas\u0131","og_description":"\u0130ndoneziya dilinin m\u00f6c\u00fcz\u0259l\u0259ri. Dil \u00f6yr\u0259n\u0259nl\u0259r \u00fc\u00e7\u00fcn b\u0259l\u0259d\u00e7i \u0130ndoneziya qrammatikas\u0131 \u2013 sad\u0259, lakin z\u0259rif, qonaqp\u0259rv\u0259r, lakin c\u0259lbedici, \u0259l\u00e7atan, lakin","og_url":"https:\/\/talkpal.ai\/az\/indoneziya-qrammatikasi\/","og_site_name":"Talkpal","article_publisher":"https:\/\/www.facebook.com\/profile.php?id=100090733639311","article_modified_time":"2025-12-13T15:44:31+00:00","og_image":[{"width":512,"height":512,"url":"https:\/\/talkpal.ai\/wp-content\/uploads\/2023\/05\/indonesia.png","type":"image\/png"}],"twitter_card":"summary_large_image","twitter_site":"@talkpalai","twitter_misc":{"Est. reading time":"4 minutes"},"schema":{"@context":"https:\/\/schema.org","@graph":[{"@type":"WebPage","@id":"https:\/\/talkpal.ai\/az\/indoneziya-qrammatikasi\/","url":"https:\/\/talkpal.ai\/az\/indoneziya-qrammatikasi\/","name":"\u0130ndoneziya qrammatikas\u0131 - Talkpal","isPartOf":{"@id":"https:\/\/talkpal.ai\/az\/#website"},"primaryImageOfPage":{"@id":"https:\/\/talkpal.ai\/az\/indoneziya-qrammatikasi\/#primaryimage"},"image":{"@id":"https:\/\/talkpal.ai\/az\/indoneziya-qrammatikasi\/#primaryimage"},"thumbnailUrl":"https:\/\/talkpal.ai\/wp-content\/uploads\/2023\/05\/indonesia.png","datePublished":"2023-05-14T14:09:29+00:00","dateModified":"2025-12-13T15:44:31+00:00","description":"Talkpal -\u0131n AI dil \u00f6yr\u0259nm\u0259 proqram\u0131 il\u0259 \u0130ndoneziya qrammatikas\u0131n\u0131 asanl\u0131qla m\u0259nims\u0259yin. Talkpal -\u0131n s\u00fcni intellektl\u0259 d\u0259st\u0259kl\u0259n\u0259n t\u0259limat\u0131ndan istifad\u0259 ed\u0259r\u0259k inamla \u00fcnsiyy\u0259t qurun.","breadcrumb":{"@id":"https:\/\/talkpal.ai\/az\/indoneziya-qrammatikasi\/#breadcrumb"},"inLanguage":"az","potentialAction":[{"@type":"ReadAction","target":["https:\/\/talkpal.ai\/az\/indoneziya-qrammatikasi\/"]}]},{"@type":"ImageObject","inLanguage":"az","@id":"https:\/\/talkpal.ai\/az\/indoneziya-qrammatikasi\/#primaryimage","url":"https:\/\/talkpal.ai\/wp-content\/uploads\/2023\/05\/indonesia.png","contentUrl":"https:\/\/talkpal.ai\/wp-content\/uploads\/2023\/05\/indonesia.png","width":512,"height":512},{"@type":"BreadcrumbList","@id":"https:\/\/talkpal.ai\/az\/indoneziya-qrammatikasi\/#breadcrumb","itemListElement":[{"@type":"ListItem","position":1,"name":"Homepage","item":"https:\/\/talkpal.ai\/az\/"},{"@type":"ListItem","position":2,"name":"\u0130ndoneziya qrammatikas\u0131"}]},{"@type":"WebSite","@id":"https:\/\/talkpal.ai\/az\/#website","url":"https:\/\/talkpal.ai\/az\/","name":"Talkpal","description":"AI Language Learning","publisher":{"@id":"https:\/\/talkpal.ai\/az\/#organization"},"alternateName":"Talkpal AI","potentialAction":[{"@type":"SearchAction","target":{"@type":"EntryPoint","urlTemplate":"https:\/\/talkpal.ai\/az\/?s={search_term_string}"},"query-input":{"@type":"PropertyValueSpecification","valueRequired":true,"valueName":"search_term_string"}}],"inLanguage":"az"},{"@type":"Organization","@id":"https:\/\/talkpal.ai\/az\/#organization","name":"Talkpal, Inc.","alternateName":"Talkpal AI","url":"https:\/\/talkpal.ai\/az\/","logo":{"@type":"ImageObject","inLanguage":"az","@id":"https:\/\/talkpal.ai\/az\/#\/schema\/logo\/image\/","url":"https:\/\/talkpal.ai\/wp-content\/uploads\/2024\/03\/Talkpal-Logo-Icon.png","contentUrl":"https:\/\/talkpal.ai\/wp-content\/uploads\/2024\/03\/Talkpal-Logo-Icon.png","width":2880,"height":2880,"caption":"Talkpal, Inc."},"image":{"@id":"https:\/\/talkpal.ai\/az\/#\/schema\/logo\/image\/"},"sameAs":["https:\/\/www.facebook.com\/profile.php?id=100090733639311","https:\/\/x.com\/talkpalai","https:\/\/www.linkedin.com\/company\/talkpal\/","https:\/\/www.youtube.com\/@TalkPal\/","https:\/\/www.tiktok.com\/@talkpal","https:\/\/www.instagram.com\/talkpal_ai\/","https:\/\/www.crunchbase.com\/organization\/talkpal-9cde","https:\/\/www.g2.com\/products\/talkpal-for-business\/","https:\/\/www.trustpilot.com\/review\/talkpal.ai","https:\/\/www.capterra.com\/p\/10006800\/TalkPal\/"],"description":"Talkpal is a language learning web and mobile education app, powered by the latest AI technologies, that provides engaging experiences to its customers in many different languages to help them improve their language skills. Users can chat about unlimited amount of topics with the app and use other modes to practice their language learning.","email":"support@talkpal.ai","legalName":"Talkpal, Inc.","foundingDate":"2023-04-03","duns":"118989042","numberOfEmployees":{"@type":"QuantitativeValue","minValue":"11","maxValue":"50"},"publishingPrinciples":"https:\/\/talkpal.ai\/publishing-principles\/","actionableFeedbackPolicy":"https:\/\/talkpal.ai\/actionable-feedback-policy\/","correctionsPolicy":"https:\/\/talkpal.ai\/corrections-policy\/","ethicsPolicy":"https:\/\/talkpal.ai\/ethics-policy\/","diversityPolicy":"https:\/\/talkpal.ai\/diversity-policy\/","diversityStaffingReport":"https:\/\/talkpal.ai\/diversity-policy\/"}]}},"_links":{"self":[{"href":"https:\/\/talkpal.ai\/az\/wp-json\/wp\/v2\/pages\/145167","targetHints":{"allow":["GET"]}}],"collection":[{"href":"https:\/\/talkpal.ai\/az\/wp-json\/wp\/v2\/pages"}],"about":[{"href":"https:\/\/talkpal.ai\/az\/wp-json\/wp\/v2\/types\/page"}],"author":[{"embeddable":true,"href":"https:\/\/talkpal.ai\/az\/wp-json\/wp\/v2\/users\/1"}],"replies":[{"embeddable":true,"href":"https:\/\/talkpal.ai\/az\/wp-json\/wp\/v2\/comments?post=145167"}],"version-history":[{"count":0,"href":"https:\/\/talkpal.ai\/az\/wp-json\/wp\/v2\/pages\/145167\/revisions"}],"wp:featuredmedia":[{"embeddable":true,"href":"https:\/\/talkpal.ai\/az\/wp-json\/wp\/v2\/media\/113908"}],"wp:attachment":[{"href":"https:\/\/talkpal.ai\/az\/wp-json\/wp\/v2\/media?parent=145167"}],"curies":[{"name":"wp","href":"https:\/\/api.w.org\/{rel}","templated":true}]}}