{"id":144867,"date":"2023-05-14T14:09:11","date_gmt":"2023-05-14T14:09:11","guid":{"rendered":"http:\/\/talkpal.ai\/island-dilinin-qrammatikasi\/"},"modified":"2025-12-12T10:41:31","modified_gmt":"2025-12-12T10:41:31","slug":"island-dilinin-qrammatikasi","status":"publish","type":"page","link":"https:\/\/talkpal.ai\/az\/island-dilinin-qrammatikasi\/","title":{"rendered":"\u0130sland dilinin qrammatikas\u0131"},"content":{"rendered":"\r\n\r\n\r\n<section class=\"languageChallengeSection\">\r\n    <div class=\"languageInfoWrapper\">\r\n        \r\n        <h1>\u0130sland dilinin qrammatikas\u0131<\/h1>\r\n        <p>\u018fsas qrammatik qaydalar\u0131n\u0131 \u00f6yr\u0259nm\u0259kl\u0259 <a href=\"https:\/\/talkpal.ai\/grammar\/\">\u0130slandiya<\/a> dilinin f\u00fcsunkar strukturunu ara\u015fd\u0131r\u0131n. \u0130slandiya qrammatikas\u0131na yiy\u0259l\u0259nm\u0259k siz\u0259 s\u0259m\u0259r\u0259li \u00fcnsiyy\u0259t qurma\u011fa v\u0259 \u0130slandiyan\u0131n unikal m\u0259d\u0259niyy\u0259ti v\u0259 tarixi il\u0259 daha d\u0259rind\u0259n \u0259laq\u0259 saxlama\u011fa k\u00f6m\u0259k ed\u0259c\u0259k. Bu g\u00fcn \u0130slandiya qrammatikas\u0131n\u0131 \u00f6yr\u0259nm\u0259y\u0259 ba\u015flay\u0131n v\u0259 r\u0259vanl\u0131\u011fa do\u011fru ilk add\u0131m\u0131n\u0131z\u0131 at\u0131n!<\/p>\r\n\r\n                            <a class=\"getStartedHidden\" href=\"https:\/\/app.talkpal.ai\/signup?lng=\">Ba\u015fla<\/a>\r\n        \r\n    <\/div>\r\n\r\n    <figure>\r\n    <img decoding=\"async\" width=\"768\" height=\"768\" src=\"https:\/\/talkpal.ai\/wp-content\/uploads\/2023\/06\/Icelandic-768x768.png\" class=\"languageImage no-lazy\" alt=\"Language learning for better job opportunities\" fetchpriority=\"high\" sizes=\"(max-width: 768px) 150px, 768px\" srcset=\"https:\/\/talkpal.ai\/wp-content\/uploads\/2023\/06\/Icelandic-768x768.png 768w, https:\/\/talkpal.ai\/wp-content\/uploads\/2023\/06\/Icelandic-300x300.png 300w\" \/>\r\n    \r\n\r\n    <\/figure>\r\n\r\n            <a class=\"getStartedVisible\" href=\"https:\/\/app.talkpal.ai\/signup?lng=\">Ba\u015fla<\/a>\r\n    \r\n<\/section>\r\n<section class=\"promotionalBanner\">\r\n    <p class=\"promotionalText\">Dil \u00f6yr\u0259nm\u0259yin \u0259n t\u0259sirli yolu<\/p>\r\n    <a class=\"promotionalLink\" href=\"https:\/\/app.talkpal.ai\/signup?lng=\">Talkpal pulsuz s\u0131nay\u0131n<\/a>\r\n<\/section>\n<div class=\"wp-block-group pageContainerStyle\"><div class=\"wp-block-group__inner-container is-layout-constrained wp-block-group-is-layout-constrained\">\n<h2 class=\"wp-block-heading\" id=\"h-the-magic-of-icelandic-grammar-unlocking-the-secrets-of-the-viking-tongue\">\u0130sland dilinin qrammatika sehri: Vikinq dilinin sirl\u0259rini a\u00e7maq<\/h2>\n\n\n\n<h3 class=\"wp-block-heading\" id=\"h-introduction-icelandic-the-land-of-fire-and-ice\">\u0130stiqam\u0259t: \u0130sland dili, Od v\u0259 Buz diyar\u0131<\/h3>\n\n\n\n<p>\u0130slandiyan\u0131n \u0259srar\u0259ngiz ada xalq\u0131n\u0131n dan\u0131\u015fd\u0131\u011f\u0131 island dili z\u0259ngin tarixi, tutqun poetik \u0259n\u0259n\u0259si, d\u00f6vrl\u0259 uy\u011funla\u015fmaq v\u0259 inki\u015faf etm\u0259k \u00fc\u00e7\u00fcn m\u00fcst\u0259sna bacar\u0131\u011f\u0131 il\u0259 m\u0259\u015fhurdur. K\u00f6hn\u0259 Norsed\u0259n t\u00f6r\u0259mi\u015f island dili dil-sevgilil\u0259ri v\u0259 arzulanan poliqlotlar\u0131 \u00f6z\u00fcn\u0259 daxil ed\u0259n x\u00fcsusi cazib\u0259y\u0259 malikdir. K\u0259m\u0259rl\u0259rinizi b\u0259rk tutun, ey millet! Biz \u0130slandiya qrammatikas\u0131n\u0131n g\u00f6z\u0259l, m\u00fcr\u0259kk\u0259b d\u00fcnyas\u0131na dalmaq, onun sirl\u0259rini a\u00e7maq v\u0259 yol boyu onun gizli x\u0259zin\u0259l\u0259rini k\u0259\u015ff etm\u0259k \u00fczr\u0259yik.<\/p>\n\n\n\n<h3 class=\"wp-block-heading\" id=\"h-1-runic-scripts-to-latin-alphabet-a-story-of-transformation\">1. Runic Scripts to Latin Alphabet: A Story of Transformation<\/h3>\n\n\n\n<p>\u0130sland \u0259lifbas\u0131 \u00f6z-\u00f6zl\u00fcy\u00fcnd\u0259 mac\u0259rad\u0131r, m\u00fcxt\u0259lif tarixi k\u00f6kl\u0259rd\u0259n yaranan 32 heroqlifd\u0259n ibar\u0259tdir. \u018fsas\u0259n lat\u0131n qrafikas\u0131na \u0259saslansa da, \u0259lifba q\u0259dim Norse s\u0259l\u0259fl\u0259rinin runik yaz\u0131s\u0131ndan b\u0259zi f\u0259rqli simvollar\u0131 saxlay\u0131r. Bu simvollara yiy\u0259l\u0259nm\u0259k dili \u00f6yr\u0259nm\u0259kd\u0259 ilk mane\u0259dir, lakin t\u0259cr\u00fcb\u0259 il\u0259 siz q\u0131sa zamanda usta olacaqs\u0131n\u0131z!<\/p>\n\n\n\n<h3 class=\"wp-block-heading\" id=\"h-2-noun-mastery-getting-to-the-roots-of-icelandic-grammar\">2. Noun Mastery: \u0130slandiya dilinin qrammatikas\u0131 k\u00f6kl\u0259rin\u0259 \u00e7atmaq<\/h3>\n\n\n\n<p>\u0130sland dilinin qrammatikas\u0131n\u0131n \u0259sas x\u00fcsusiyy\u0259tl\u0259rind\u0259n biri cins\u0259, saya v\u0259 hal-haz\u0131rda olan nounlar\u0131n infleksiyas\u0131d\u0131r. island nouns qad\u0131n, ki\u015fi v\u0259 ya neuter ola bil\u0259r. H\u0259r bir cins declension \u00fc\u00e7\u00fcn \u00f6z\u00fcn\u0259m\u0259xsus qaydalar\u0131 il\u0259 g\u0259lir. Baxmayaraq ki, bu, leksik tullant\u0131 kimi g\u00f6r\u00fcns\u0259 d\u0259, bu m\u00fcr\u0259kk\u0259bliyi ba\u015fa d\u00fc\u015fm\u0259k dilin b\u00fct\u00f6v bir \u015f\u0259kild\u0259 qavran\u0131lmas\u0131 \u00fc\u00e7\u00fcn \u00e7ox vacibdir. \u018fld\u0259 etdiyiniz bilikl\u0259r bir s\u0131ra inc\u0259 v\u0259 m\u00fcr\u0259kk\u0259b m\u0259nalar\u0131 ifad\u0259 etm\u0259k \u00fc\u00e7\u00fcn imkanlar d\u00fcnyas\u0131n\u0131 a\u00e7acaq \u2013 \u0130slandiya qrammatikas\u0131n\u0131n \u0259sl \u015f\u00f6hr\u0259ti!<\/p>\n\n\n\n<h3 class=\"wp-block-heading\" id=\"h-3-the-mighty-verb-icelandic-s-unsung-hero\">3. Q\u00fcdr\u0259tli fel: \u0130slandiyan\u0131n Unsung Q\u0259hr\u0259man\u0131<\/h3>\n\n\n\n<p>\u0130siml\u0259r kimi, \u0130slandiya fell\u0259ri d\u0259 zaman\u0131ndan, \u0259hval-ruhiyy\u0259sind\u0259n, subyektin \u015f\u0259xs v\u0259 say\u0131ndan as\u0131l\u0131 olaraq geni\u015f transformasiyaya m\u0259ruz qal\u0131r. Bu m\u00fcr\u0259kk\u0259b sistem \u0259vv\u0259lc\u0259 qorxulu ola bil\u0259r, amma m\u0259niml\u0259 d\u00f6z! M\u00fcnt\u0259z\u0259m n\u00fcmun\u0259l\u0259ri v\u0259 qeyri-m\u00fcnt\u0259z\u0259m q\u0259rib\u0259likl\u0259ri \u00f6yr\u0259ndikc\u0259, \u0130slandiya fel birl\u0259\u015fm\u0259sinin n\u0259 q\u0259d\u0259r z\u0259rif v\u0259 \u00e7ox y\u00f6nl\u00fc ola bil\u0259c\u0259yini g\u00f6rm\u0259y\u0259 ba\u015flayacaqs\u0131n\u0131z. \u0130sland feill\u0259rini f\u0259th etm\u0259k fikir, hiss v\u0259 h\u0259r\u0259k\u0259tl\u0259ri d\u0259qiq v\u0259 yarad\u0131c\u0131l\u0131qla ifad\u0259 etm\u0259k g\u00fcc\u00fcn\u00fc a\u00e7acaqd\u0131r.<\/p>\n\n\n\n<h3 class=\"wp-block-heading\" id=\"h-4-word-order-icelandic-s-flexible-backbone\">4. S\u00f6z s\u0131ras\u0131: \u0130slandiyan\u0131n \u00c7evik Onur\u011fas\u0131<\/h3>\n\n\n\n<p>\u0130sland dilinin qrammatikas\u0131n\u0131n b\u0259zi elementl\u0259rinin s\u0259rtliyind\u0259n f\u0259rqli olaraq, bu dil s\u00f6z nizam\u0131nda elastiklik yarad\u0131r. Bu o dem\u0259kdir ki, siz cins, say, hallar v\u0259 daha \u00e7ox m\u0259s\u0259l\u0259l\u0259rd\u0259 raz\u0131l\u0131\u011f\u0131 qorudu\u011funuz m\u00fcdd\u0259tc\u0259 m\u00f6vzunu, feili v\u0259 obyekti m\u00fcxt\u0259lif t\u0259nziml\u0259m\u0259l\u0259rd\u0259 yerl\u0259\u015fdir\u0259 bil\u0259rsiniz \u2013 siz i\u00e7inizd\u0259ki r\u0259ssam\u0131 s\u0259rb\u0259st buraxacaqs\u0131n\u0131z! C\u00fcml\u0259l\u0259ri bu \u00e7alarlarla uy\u011funla\u015fd\u0131rma\u011f\u0131n say\u0259sind\u0259 nitqin daha maraql\u0131 v\u0259 maraql\u0131 ola bil\u0259r.<\/p>\n\n\n\n<h3 class=\"wp-block-heading\" id=\"h-5-embrace-the-culture-discover-the-pulse-of-the-icelandic-language\">5. M\u0259d\u0259niyy\u0259ti q\u0259bul edin. \u0130sland dilinin puls\u00fcn\u00fc k\u0259\u015ff edin<\/h3>\n\n\n\n<p>\u0130slandiya dilini m\u0259d\u0259ni k\u00f6kl\u0259rind\u0259n, dastanlara, Eddalara v\u0259 mill\u0259tin \u00f6z\u00fcn\u0259m\u0259xsus tarixin\u0259 v\u0259 d\u00fcnyag\u00f6r\u00fc\u015f\u00fcn\u0259 g\u00fccl\u00fc ba\u011flar\u0131 il\u0259 ay\u0131rmaq olmaz. \u00d6z\u00fcn\u00fc dil\u0259 h\u0259qiq\u0259t\u0259n d\u0259 bat\u0131rmaq \u00fc\u00e7\u00fcn konteksti \u00fcr\u0259kd\u0259n q\u0259bul et. Onun folkloruna dal, \u0259d\u0259bi s\u0259rv\u0259tl\u0259rini ye v\u0259 do\u011fma dilind\u0259 dan\u0131\u015fanlarla m\u0259\u015f\u011ful olsun. Bu yana\u015fma island xalq\u0131 v\u0259 onlar\u0131n z\u0259ngin m\u0259d\u0259ni irsi il\u0259 h\u0259m dil profisitin\u0259, h\u0259m d\u0259 daha d\u0259rin \u0259laq\u0259y\u0259 nail olmaq \u00fc\u00e7\u00fcn \u0259sas rol oynay\u0131r.<\/p>\n\n\n\n<h3 class=\"wp-block-heading\" id=\"h-conclusion-an-icelandic-grammar-journey-worth-taking\">Yekun: Alma\u011fa D\u0259y\u0259r \u0130slandiya Qrammatika S\u0259yah\u0259ti<\/h3>\n\n\n\n<p>\u0130slandiya dilinin qrammatikas\u0131 d\u0259h\u015f\u0259tli bir \u00e7\u0259tinlik kimi g\u00f6r\u00fcns\u0259 d\u0259, bu m\u00fckafat\u0131 dadanlar \u00fc\u00e7\u00fcn boldur. \u018fzmkarl\u0131q, m\u0259d\u0259niyy\u0259t\u0259 b\u00f6y\u00fck maraq v\u0259 s\u0259xav\u0259tli maraq s\u0259pm\u0259kl\u0259, \u00f6z\u00fcn\u00fcz\u00fc \u0130slandiya dilinin inc\u0259likl\u0259ri il\u0259 valeh ed\u0259c\u0259ksiniz. Bel\u0259likl\u0259, bu mac\u0259rada biz\u0259 qo\u015fulun v\u0259 island dilinin qrammatika sehrinin \u00fcst\u00fcn\u00fc a\u00e7\u0131n. Bu, bir-birinin ard\u0131nca bir h\u0259y\u0259canland\u0131r\u0131c\u0131 add\u0131md\u0131r.<\/p>\n<\/div><\/div>\n\r\n<section class=\"learnNavigationSection\">\r\n            \r\n        <a href=\"https:\/\/talkpal.ai\/az\/island-dilini-oyr%c9%99n\/\">\r\n            <div class=\"learnNavigationWrapper\">\r\n                <div class=\"learnNavigationContent\">\r\n                    <img decoding=\"async\" src=\"https:\/\/talkpal.ai\/wp-content\/uploads\/2024\/08\/Icelandic.jpg\" alt=\"Iceland Flag\">\r\n                    <div>\r\n                        <h4>\u0130slandiya \u00d6yr\u0259nilm\u0259si haqq\u0131nda<\/h4>\r\n                        <p>\u0130slandiya dilinin qrammatikas\u0131 haqq\u0131nda h\u0259r \u015feyi \u00f6yr\u0259nin.<\/p>\r\n                    <\/div>\r\n                <\/div>\r\n            <\/div>\r\n        <\/a>\r\n\r\n        \r\n        <a href=\"https:\/\/talkpal.ai\/az\/island-dilinin-qrammatikasi-m%c9%99sg%c9%99l%c9%99l%c9%99ri\/\">\r\n            <div class=\"learnNavigationWrapper\">\r\n                <div class=\"learnNavigationContent\">\r\n                    <img decoding=\"async\" src=\"https:\/\/talkpal.ai\/wp-content\/uploads\/2024\/08\/Icelandic.jpg\" alt=\"Iceland Flag\">\r\n                    <div>\r\n                        <h4>\u0130slandiya Qrammatikas\u0131 M\u0259\u015fqi<\/h4>\r\n                        <p>\u0130sland dilinin qrammatikas\u0131 praktik.<\/p>\r\n                    <\/div>\r\n                <\/div>\r\n            <\/div>\r\n        <\/a>\r\n\r\n        \r\n        <a href=\"https:\/\/talkpal.ai\/vocabulary_language\/icelandic\/\">\r\n            <div class=\"learnNavigationWrapper\">\r\n                <div class=\"learnNavigationContent\">\r\n                    <img decoding=\"async\" src=\"https:\/\/talkpal.ai\/wp-content\/uploads\/2024\/08\/Icelandic.jpg\" alt=\"Iceland Flag\">\r\n                    <div>\r\n                        <h4>\u0130slandiya l\u00fc\u011f\u0259ti<\/h4>\r\n                        <p>\u0130slandiya l\u00fc\u011f\u0259tinizi geni\u015fl\u0259ndirin.<\/p>\r\n                    <\/div>\r\n                <\/div>\r\n            <\/div>\r\n        <\/a>\r\n\r\n            <\/section>","protected":false},"excerpt":{"rendered":"<p>\u0130sland dilinin qrammatika sehri: Vikinq dilinin sirl\u0259rini a\u00e7maq \u0130stiqam\u0259t: \u0130sland dili, Od v\u0259 Buz diyar\u0131 \u0130slandiyan\u0131n \u0259srar\u0259ngiz ada xalq\u0131n\u0131n dan\u0131\u015fd\u0131\u011f\u0131 island dili z\u0259ngin tarixi, tutqun poetik \u0259n\u0259n\u0259si, d\u00f6vrl\u0259 uy\u011funla\u015fmaq v\u0259 inki\u015faf etm\u0259k \u00fc\u00e7\u00fcn m\u00fcst\u0259sna bacar\u0131\u011f\u0131 il\u0259 m\u0259\u015fhurdur. K\u00f6hn\u0259 Norsed\u0259n t\u00f6r\u0259mi\u015f island dili dil-sevgilil\u0259ri v\u0259 arzulanan poliqlotlar\u0131 \u00f6z\u00fcn\u0259 daxil ed\u0259n x\u00fcsusi cazib\u0259y\u0259 malikdir. K\u0259m\u0259rl\u0259rinizi b\u0259rk tutun, [&hellip;]<\/p>\n","protected":false},"author":1,"featured_media":113386,"parent":0,"menu_order":0,"comment_status":"closed","ping_status":"closed","template":"LearningContentPage.php","meta":{"_acf_changed":false,"footnotes":""},"class_list":["post-144867","page","type-page","status-publish","has-post-thumbnail","hentry"],"acf":[],"yoast_head":"<!-- This site is optimized with the Yoast SEO Premium plugin v27.2 (Yoast SEO v27.2) - https:\/\/yoast.com\/product\/yoast-seo-premium-wordpress\/ -->\n<title>\u0130sland dilinin qrammatikas\u0131 - Talkpal<\/title>\n<meta name=\"description\" content=\"\u0130slandiya qrammatikas\u0131n\u0131 ayd\u0131n \u015f\u0259kild\u0259 \u00f6yr\u0259nin - Talkpal -\u0131n s\u00fcni intellekt d\u0259rsl\u0259rind\u0259n istifad\u0259 ed\u0259r\u0259k \u0259sas qrammatik qaydalar\u0131 anlay\u0131n, d\u00fczg\u00fcn c\u00fcml\u0259l\u0259r qurun v\u0259 \u00f6z\u00fcn\u0259 inam\u0131 s\u00fcr\u0259tl\u0259 art\u0131r\u0131n.\" \/>\n<meta name=\"robots\" content=\"index, follow, max-snippet:-1, max-image-preview:large, max-video-preview:-1\" \/>\n<link rel=\"canonical\" href=\"https:\/\/talkpal.ai\/az\/island-dilinin-qrammatikasi\/\" \/>\n<meta property=\"og:locale\" content=\"az_AZ\" \/>\n<meta property=\"og:type\" content=\"article\" \/>\n<meta property=\"og:title\" content=\"\u0130sland dilinin qrammatikas\u0131\" \/>\n<meta property=\"og:description\" content=\"\u0130sland dilinin qrammatika sehri: Vikinq dilinin sirl\u0259rini a\u00e7maq \u0130stiqam\u0259t: \u0130sland dili, Od v\u0259 Buz diyar\u0131 \u0130slandiyan\u0131n \u0259srar\u0259ngiz ada xalq\u0131n\u0131n dan\u0131\u015fd\u0131\u011f\u0131\" \/>\n<meta property=\"og:url\" content=\"https:\/\/talkpal.ai\/az\/island-dilinin-qrammatikasi\/\" \/>\n<meta property=\"og:site_name\" content=\"Talkpal\" \/>\n<meta property=\"article:publisher\" content=\"https:\/\/www.facebook.com\/profile.php?id=100090733639311\" \/>\n<meta property=\"article:modified_time\" content=\"2025-12-12T10:41:31+00:00\" \/>\n<meta property=\"og:image\" content=\"https:\/\/talkpal.ai\/wp-content\/uploads\/2023\/05\/iceland.png\" \/>\n\t<meta property=\"og:image:width\" content=\"512\" \/>\n\t<meta property=\"og:image:height\" content=\"512\" \/>\n\t<meta property=\"og:image:type\" content=\"image\/png\" \/>\n<meta name=\"twitter:card\" content=\"summary_large_image\" \/>\n<meta name=\"twitter:site\" content=\"@talkpalai\" \/>\n<meta name=\"twitter:label1\" content=\"Est. reading time\" \/>\n\t<meta name=\"twitter:data1\" content=\"4 minutes\" \/>\n<script type=\"application\/ld+json\" class=\"yoast-schema-graph\">{\"@context\":\"https:\/\/schema.org\",\"@graph\":[{\"@type\":\"WebPage\",\"@id\":\"https:\/\/talkpal.ai\/az\/island-dilinin-qrammatikasi\/\",\"url\":\"https:\/\/talkpal.ai\/az\/island-dilinin-qrammatikasi\/\",\"name\":\"\u0130sland dilinin qrammatikas\u0131 - Talkpal\",\"isPartOf\":{\"@id\":\"https:\/\/talkpal.ai\/az\/#website\"},\"primaryImageOfPage\":{\"@id\":\"https:\/\/talkpal.ai\/az\/island-dilinin-qrammatikasi\/#primaryimage\"},\"image\":{\"@id\":\"https:\/\/talkpal.ai\/az\/island-dilinin-qrammatikasi\/#primaryimage\"},\"thumbnailUrl\":\"https:\/\/talkpal.ai\/wp-content\/uploads\/2023\/05\/iceland.png\",\"datePublished\":\"2023-05-14T14:09:11+00:00\",\"dateModified\":\"2025-12-12T10:41:31+00:00\",\"description\":\"\u0130slandiya qrammatikas\u0131n\u0131 ayd\u0131n \u015f\u0259kild\u0259 \u00f6yr\u0259nin - Talkpal -\u0131n s\u00fcni intellekt d\u0259rsl\u0259rind\u0259n istifad\u0259 ed\u0259r\u0259k \u0259sas qrammatik qaydalar\u0131 anlay\u0131n, d\u00fczg\u00fcn c\u00fcml\u0259l\u0259r qurun v\u0259 \u00f6z\u00fcn\u0259 inam\u0131 s\u00fcr\u0259tl\u0259 art\u0131r\u0131n.\",\"breadcrumb\":{\"@id\":\"https:\/\/talkpal.ai\/az\/island-dilinin-qrammatikasi\/#breadcrumb\"},\"inLanguage\":\"az\",\"potentialAction\":[{\"@type\":\"ReadAction\",\"target\":[\"https:\/\/talkpal.ai\/az\/island-dilinin-qrammatikasi\/\"]}]},{\"@type\":\"ImageObject\",\"inLanguage\":\"az\",\"@id\":\"https:\/\/talkpal.ai\/az\/island-dilinin-qrammatikasi\/#primaryimage\",\"url\":\"https:\/\/talkpal.ai\/wp-content\/uploads\/2023\/05\/iceland.png\",\"contentUrl\":\"https:\/\/talkpal.ai\/wp-content\/uploads\/2023\/05\/iceland.png\",\"width\":512,\"height\":512},{\"@type\":\"BreadcrumbList\",\"@id\":\"https:\/\/talkpal.ai\/az\/island-dilinin-qrammatikasi\/#breadcrumb\",\"itemListElement\":[{\"@type\":\"ListItem\",\"position\":1,\"name\":\"Homepage\",\"item\":\"https:\/\/talkpal.ai\/az\/\"},{\"@type\":\"ListItem\",\"position\":2,\"name\":\"\u0130sland dilinin qrammatikas\u0131\"}]},{\"@type\":\"WebSite\",\"@id\":\"https:\/\/talkpal.ai\/az\/#website\",\"url\":\"https:\/\/talkpal.ai\/az\/\",\"name\":\"Talkpal\",\"description\":\"AI Language Learning\",\"publisher\":{\"@id\":\"https:\/\/talkpal.ai\/az\/#organization\"},\"alternateName\":\"Talkpal AI\",\"potentialAction\":[{\"@type\":\"SearchAction\",\"target\":{\"@type\":\"EntryPoint\",\"urlTemplate\":\"https:\/\/talkpal.ai\/az\/?s={search_term_string}\"},\"query-input\":{\"@type\":\"PropertyValueSpecification\",\"valueRequired\":true,\"valueName\":\"search_term_string\"}}],\"inLanguage\":\"az\"},{\"@type\":\"Organization\",\"@id\":\"https:\/\/talkpal.ai\/az\/#organization\",\"name\":\"Talkpal, Inc.\",\"alternateName\":\"Talkpal AI\",\"url\":\"https:\/\/talkpal.ai\/az\/\",\"logo\":{\"@type\":\"ImageObject\",\"inLanguage\":\"az\",\"@id\":\"https:\/\/talkpal.ai\/az\/#\/schema\/logo\/image\/\",\"url\":\"https:\/\/talkpal.ai\/wp-content\/uploads\/2024\/03\/Talkpal-Logo-Icon.png\",\"contentUrl\":\"https:\/\/talkpal.ai\/wp-content\/uploads\/2024\/03\/Talkpal-Logo-Icon.png\",\"width\":2880,\"height\":2880,\"caption\":\"Talkpal, Inc.\"},\"image\":{\"@id\":\"https:\/\/talkpal.ai\/az\/#\/schema\/logo\/image\/\"},\"sameAs\":[\"https:\/\/www.facebook.com\/profile.php?id=100090733639311\",\"https:\/\/x.com\/talkpalai\",\"https:\/\/www.linkedin.com\/company\/talkpal\/\",\"https:\/\/www.youtube.com\/@TalkPal\/\",\"https:\/\/www.tiktok.com\/@talkpal\",\"https:\/\/www.instagram.com\/talkpal_ai\/\",\"https:\/\/www.crunchbase.com\/organization\/talkpal-9cde\",\"https:\/\/www.g2.com\/products\/talkpal-for-business\/\",\"https:\/\/www.trustpilot.com\/review\/talkpal.ai\",\"https:\/\/www.capterra.com\/p\/10006800\/TalkPal\/\"],\"description\":\"Talkpal is a language learning web and mobile education app, powered by the latest AI technologies, that provides engaging experiences to its customers in many different languages to help them improve their language skills. Users can chat about unlimited amount of topics with the app and use other modes to practice their language learning.\",\"email\":\"support@talkpal.ai\",\"legalName\":\"Talkpal, Inc.\",\"foundingDate\":\"2023-04-03\",\"duns\":\"118989042\",\"numberOfEmployees\":{\"@type\":\"QuantitativeValue\",\"minValue\":\"11\",\"maxValue\":\"50\"},\"publishingPrinciples\":\"https:\/\/talkpal.ai\/publishing-principles\/\",\"actionableFeedbackPolicy\":\"https:\/\/talkpal.ai\/actionable-feedback-policy\/\",\"correctionsPolicy\":\"https:\/\/talkpal.ai\/corrections-policy\/\",\"ethicsPolicy\":\"https:\/\/talkpal.ai\/ethics-policy\/\",\"diversityPolicy\":\"https:\/\/talkpal.ai\/diversity-policy\/\",\"diversityStaffingReport\":\"https:\/\/talkpal.ai\/diversity-policy\/\"}]}<\/script>\n<!-- \/ Yoast SEO Premium plugin. -->","yoast_head_json":{"title":"\u0130sland dilinin qrammatikas\u0131 - Talkpal","description":"\u0130slandiya qrammatikas\u0131n\u0131 ayd\u0131n \u015f\u0259kild\u0259 \u00f6yr\u0259nin - Talkpal -\u0131n s\u00fcni intellekt d\u0259rsl\u0259rind\u0259n istifad\u0259 ed\u0259r\u0259k \u0259sas qrammatik qaydalar\u0131 anlay\u0131n, d\u00fczg\u00fcn c\u00fcml\u0259l\u0259r qurun v\u0259 \u00f6z\u00fcn\u0259 inam\u0131 s\u00fcr\u0259tl\u0259 art\u0131r\u0131n.","robots":{"index":"index","follow":"follow","max-snippet":"max-snippet:-1","max-image-preview":"max-image-preview:large","max-video-preview":"max-video-preview:-1"},"canonical":"https:\/\/talkpal.ai\/az\/island-dilinin-qrammatikasi\/","og_locale":"az_AZ","og_type":"article","og_title":"\u0130sland dilinin qrammatikas\u0131","og_description":"\u0130sland dilinin qrammatika sehri: Vikinq dilinin sirl\u0259rini a\u00e7maq \u0130stiqam\u0259t: \u0130sland dili, Od v\u0259 Buz diyar\u0131 \u0130slandiyan\u0131n \u0259srar\u0259ngiz ada xalq\u0131n\u0131n dan\u0131\u015fd\u0131\u011f\u0131","og_url":"https:\/\/talkpal.ai\/az\/island-dilinin-qrammatikasi\/","og_site_name":"Talkpal","article_publisher":"https:\/\/www.facebook.com\/profile.php?id=100090733639311","article_modified_time":"2025-12-12T10:41:31+00:00","og_image":[{"width":512,"height":512,"url":"https:\/\/talkpal.ai\/wp-content\/uploads\/2023\/05\/iceland.png","type":"image\/png"}],"twitter_card":"summary_large_image","twitter_site":"@talkpalai","twitter_misc":{"Est. reading time":"4 minutes"},"schema":{"@context":"https:\/\/schema.org","@graph":[{"@type":"WebPage","@id":"https:\/\/talkpal.ai\/az\/island-dilinin-qrammatikasi\/","url":"https:\/\/talkpal.ai\/az\/island-dilinin-qrammatikasi\/","name":"\u0130sland dilinin qrammatikas\u0131 - Talkpal","isPartOf":{"@id":"https:\/\/talkpal.ai\/az\/#website"},"primaryImageOfPage":{"@id":"https:\/\/talkpal.ai\/az\/island-dilinin-qrammatikasi\/#primaryimage"},"image":{"@id":"https:\/\/talkpal.ai\/az\/island-dilinin-qrammatikasi\/#primaryimage"},"thumbnailUrl":"https:\/\/talkpal.ai\/wp-content\/uploads\/2023\/05\/iceland.png","datePublished":"2023-05-14T14:09:11+00:00","dateModified":"2025-12-12T10:41:31+00:00","description":"\u0130slandiya qrammatikas\u0131n\u0131 ayd\u0131n \u015f\u0259kild\u0259 \u00f6yr\u0259nin - Talkpal -\u0131n s\u00fcni intellekt d\u0259rsl\u0259rind\u0259n istifad\u0259 ed\u0259r\u0259k \u0259sas qrammatik qaydalar\u0131 anlay\u0131n, d\u00fczg\u00fcn c\u00fcml\u0259l\u0259r qurun v\u0259 \u00f6z\u00fcn\u0259 inam\u0131 s\u00fcr\u0259tl\u0259 art\u0131r\u0131n.","breadcrumb":{"@id":"https:\/\/talkpal.ai\/az\/island-dilinin-qrammatikasi\/#breadcrumb"},"inLanguage":"az","potentialAction":[{"@type":"ReadAction","target":["https:\/\/talkpal.ai\/az\/island-dilinin-qrammatikasi\/"]}]},{"@type":"ImageObject","inLanguage":"az","@id":"https:\/\/talkpal.ai\/az\/island-dilinin-qrammatikasi\/#primaryimage","url":"https:\/\/talkpal.ai\/wp-content\/uploads\/2023\/05\/iceland.png","contentUrl":"https:\/\/talkpal.ai\/wp-content\/uploads\/2023\/05\/iceland.png","width":512,"height":512},{"@type":"BreadcrumbList","@id":"https:\/\/talkpal.ai\/az\/island-dilinin-qrammatikasi\/#breadcrumb","itemListElement":[{"@type":"ListItem","position":1,"name":"Homepage","item":"https:\/\/talkpal.ai\/az\/"},{"@type":"ListItem","position":2,"name":"\u0130sland dilinin qrammatikas\u0131"}]},{"@type":"WebSite","@id":"https:\/\/talkpal.ai\/az\/#website","url":"https:\/\/talkpal.ai\/az\/","name":"Talkpal","description":"AI Language Learning","publisher":{"@id":"https:\/\/talkpal.ai\/az\/#organization"},"alternateName":"Talkpal AI","potentialAction":[{"@type":"SearchAction","target":{"@type":"EntryPoint","urlTemplate":"https:\/\/talkpal.ai\/az\/?s={search_term_string}"},"query-input":{"@type":"PropertyValueSpecification","valueRequired":true,"valueName":"search_term_string"}}],"inLanguage":"az"},{"@type":"Organization","@id":"https:\/\/talkpal.ai\/az\/#organization","name":"Talkpal, Inc.","alternateName":"Talkpal AI","url":"https:\/\/talkpal.ai\/az\/","logo":{"@type":"ImageObject","inLanguage":"az","@id":"https:\/\/talkpal.ai\/az\/#\/schema\/logo\/image\/","url":"https:\/\/talkpal.ai\/wp-content\/uploads\/2024\/03\/Talkpal-Logo-Icon.png","contentUrl":"https:\/\/talkpal.ai\/wp-content\/uploads\/2024\/03\/Talkpal-Logo-Icon.png","width":2880,"height":2880,"caption":"Talkpal, Inc."},"image":{"@id":"https:\/\/talkpal.ai\/az\/#\/schema\/logo\/image\/"},"sameAs":["https:\/\/www.facebook.com\/profile.php?id=100090733639311","https:\/\/x.com\/talkpalai","https:\/\/www.linkedin.com\/company\/talkpal\/","https:\/\/www.youtube.com\/@TalkPal\/","https:\/\/www.tiktok.com\/@talkpal","https:\/\/www.instagram.com\/talkpal_ai\/","https:\/\/www.crunchbase.com\/organization\/talkpal-9cde","https:\/\/www.g2.com\/products\/talkpal-for-business\/","https:\/\/www.trustpilot.com\/review\/talkpal.ai","https:\/\/www.capterra.com\/p\/10006800\/TalkPal\/"],"description":"Talkpal is a language learning web and mobile education app, powered by the latest AI technologies, that provides engaging experiences to its customers in many different languages to help them improve their language skills. Users can chat about unlimited amount of topics with the app and use other modes to practice their language learning.","email":"support@talkpal.ai","legalName":"Talkpal, Inc.","foundingDate":"2023-04-03","duns":"118989042","numberOfEmployees":{"@type":"QuantitativeValue","minValue":"11","maxValue":"50"},"publishingPrinciples":"https:\/\/talkpal.ai\/publishing-principles\/","actionableFeedbackPolicy":"https:\/\/talkpal.ai\/actionable-feedback-policy\/","correctionsPolicy":"https:\/\/talkpal.ai\/corrections-policy\/","ethicsPolicy":"https:\/\/talkpal.ai\/ethics-policy\/","diversityPolicy":"https:\/\/talkpal.ai\/diversity-policy\/","diversityStaffingReport":"https:\/\/talkpal.ai\/diversity-policy\/"}]}},"_links":{"self":[{"href":"https:\/\/talkpal.ai\/az\/wp-json\/wp\/v2\/pages\/144867","targetHints":{"allow":["GET"]}}],"collection":[{"href":"https:\/\/talkpal.ai\/az\/wp-json\/wp\/v2\/pages"}],"about":[{"href":"https:\/\/talkpal.ai\/az\/wp-json\/wp\/v2\/types\/page"}],"author":[{"embeddable":true,"href":"https:\/\/talkpal.ai\/az\/wp-json\/wp\/v2\/users\/1"}],"replies":[{"embeddable":true,"href":"https:\/\/talkpal.ai\/az\/wp-json\/wp\/v2\/comments?post=144867"}],"version-history":[{"count":0,"href":"https:\/\/talkpal.ai\/az\/wp-json\/wp\/v2\/pages\/144867\/revisions"}],"wp:featuredmedia":[{"embeddable":true,"href":"https:\/\/talkpal.ai\/az\/wp-json\/wp\/v2\/media\/113386"}],"wp:attachment":[{"href":"https:\/\/talkpal.ai\/az\/wp-json\/wp\/v2\/media?parent=144867"}],"curies":[{"name":"wp","href":"https:\/\/api.w.org\/{rel}","templated":true}]}}