{"id":144575,"date":"2023-05-14T14:08:53","date_gmt":"2023-05-14T14:08:53","guid":{"rendered":"http:\/\/talkpal.ai\/macar-dilinin-qrammatikasi\/"},"modified":"2025-12-12T10:50:27","modified_gmt":"2025-12-12T10:50:27","slug":"macar-dilinin-qrammatikasi","status":"publish","type":"page","link":"https:\/\/talkpal.ai\/az\/macar-dilinin-qrammatikasi\/","title":{"rendered":"Macar dilinin qrammatikas\u0131"},"content":{"rendered":"\r\n\r\n\r\n<section class=\"languageChallengeSection\">\r\n    <div class=\"languageInfoWrapper\">\r\n        \r\n        <h1>Macar dilinin qrammatikas\u0131<\/h1>\r\n        <p>H\u0259qiq\u0259t\u0259n unikal dil problemini h\u0259ll etm\u0259y\u0259 haz\u0131rs\u0131n\u0131z? <a href=\"https:\/\/talkpal.ai\/learn-hungarian\/\">Macar<\/a> qrammatikas\u0131na daxil olun v\u0259 onun diqq\u0259t\u0259layiq x\u00fcsusiyy\u0259tl\u0259rini k\u0259\u015ff edin. Bu g\u00fcn \u00f6yr\u0259nm\u0259y\u0259 ba\u015flay\u0131n v\u0259 Macar\u0131stan\u0131n qrammatikas\u0131n\u0131 m\u0259nims\u0259m\u0259yin m\u0259nal\u0131 s\u00f6hb\u0259tl\u0259r\u0259 v\u0259 Macar\u0131stan\u0131n z\u0259ngin dil irsin\u0259 d\u0259rin qiym\u0259t verm\u0259y\u0259 nec\u0259 qap\u0131 a\u00e7d\u0131\u011f\u0131n\u0131 k\u0259\u015ff edin!<\/p>\r\n\r\n                            <a class=\"getStartedHidden\" href=\"https:\/\/app.talkpal.ai\/signup?lng=\">Ba\u015fla<\/a>\r\n        \r\n    <\/div>\r\n\r\n    <figure>\r\n    <img decoding=\"async\" width=\"768\" height=\"768\" src=\"https:\/\/talkpal.ai\/wp-content\/uploads\/2023\/06\/hungarian-768x768.png\" class=\"languageImage no-lazy\" alt=\"Language learning strategies for advanced learners\" fetchpriority=\"high\" sizes=\"(max-width: 768px) 150px, 768px\" srcset=\"https:\/\/talkpal.ai\/wp-content\/uploads\/2023\/06\/hungarian-768x768.png 768w, https:\/\/talkpal.ai\/wp-content\/uploads\/2023\/06\/hungarian-300x300.png 300w\" \/>\r\n    \r\n\r\n    <\/figure>\r\n\r\n            <a class=\"getStartedVisible\" href=\"https:\/\/app.talkpal.ai\/signup?lng=\">Ba\u015fla<\/a>\r\n    \r\n<\/section>\r\n<section class=\"promotionalBanner\">\r\n    <p class=\"promotionalText\">Dil \u00f6yr\u0259nm\u0259yin \u0259n t\u0259sirli yolu<\/p>\r\n    <a class=\"promotionalLink\" href=\"https:\/\/app.talkpal.ai\/signup?lng=\">Talkpal pulsuz s\u0131nay\u0131n<\/a>\r\n<\/section>\n<div class=\"wp-block-group pageContainerStyle\"><div class=\"wp-block-group__inner-container is-layout-constrained wp-block-group-is-layout-constrained\">\n<h2 class=\"wp-block-heading\" id=\"h-title-unlocking-the-secrets-of-hungarian-grammar\">Title: Macar dilinin qrammatikas\u0131n\u0131n sirl\u0259rinin a\u00e7\u0131lmas\u0131<\/h2>\n\n\n\n<p>Finno-Uqrik dili olan <a href=\"https:\/\/talkpal.ai\/learn-hungarian\/\">macar<\/a> dili \u00f6z\u00fcn\u0259m\u0259xsus <a href=\"https:\/\/talkpal.ai\/grammar\/\">qrammatika<\/a> sistemi il\u0259 f\u0259rql\u0259nir v\u0259 bu, <a href=\"https:\/\/talkpal.ai\/talkpal-discount-for-language-enthusiasts\/\">dil h\u0259v\u0259skarlar\u0131<\/a> \u00fc\u00e7\u00fcn maraql\u0131 bir \u00e7\u0259tinlik yarad\u0131r. <a href=\"https:\/\/talkpal.ai\/az\/macar-dilini-oyr%c9%99nin\/\">Macar dilini<\/a> <a href=\"https:\/\/talkpal.ai\/az\/oyr%c9%99nm%c9%99k\/\">\u00f6yr\u0259nm\u0259k<\/a> n\u0259inki sizin dil bilikl\u0259rinizi geni\u015fl\u0259dir, h\u0259m d\u0259 Macar\u0131stan\u0131n tutqun m\u0259d\u0259niyy\u0259tini v\u0259 tarixini ara\u015fd\u0131rma\u011fa imkan verir. Macar dilinin qrammatikas\u0131 \u0259vv\u0259lc\u0259 qorxulu g\u00f6r\u00fcns\u0259 d\u0259, onu idar\u0259 edil\u0259 bil\u0259n komponentl\u0259r\u0259 par\u00e7alamaq \u00f6yr\u0259nm\u0259 prosesini daha \u0259l\u00e7atan edir. Bu yaz\u0131da biz sizi macar qrammatikas\u0131n\u0131n maraql\u0131 d\u00fcnyas\u0131 il\u0259 tan\u0131\u015f ed\u0259c\u0259yik v\u0259 onun m\u00fcr\u0259kk\u0259blikl\u0259rini m\u0259nims\u0259m\u0259k \u00fc\u00e7\u00fcn t\u0259limatlar t\u0259qdim ed\u0259c\u0259yik.<\/p>\n\n\n\n<h3 class=\"wp-block-heading\" id=\"h-1-word-order-a-flexible-feature\">1. S\u00f6z S\u0131ras\u0131: Elastik x\u00fcsusiyy\u0259t<\/h3>\n\n\n\n<p>Bir \u00e7ox ba\u015fqa dill\u0259rd\u0259n f\u0259rqli olaraq macar dilind\u0259 nisb\u0259t\u0259n elastik s\u00f6z s\u0131ras\u0131 var. Tipik macar c\u00fcml\u0259si Subject-Verb-Object (SVO) \u015f\u0259kil\u00e7isini izl\u0259s\u0259 d\u0259, dig\u0259r s\u00f6z \u0259mrl\u0259ri d\u0259 geni\u015f yay\u0131l\u0131b v\u0259 c\u00fcml\u0259nin m\u00fcxt\u0259lif hiss\u0259l\u0259rini vur\u011fulamaq \u00fc\u00e7\u00fcn istifad\u0259 olunur. Bu variasiyalarla tan\u0131\u015f olmaq macar c\u00fcml\u0259l\u0259rini daha s\u0259m\u0259r\u0259li qavrama\u011fa v\u0259 in\u015fa etm\u0259y\u0259 imkan ver\u0259c\u0259k.<\/p>\n\n\n\n<h3 class=\"wp-block-heading\" id=\"h-2-nouns-and-cases-the-role-of-suffixes\">2. Nounlar v\u0259 hallar. Suffiksl\u0259rin rolu<\/h3>\n\n\n\n<p>Macar nounlar\u0131n\u0131n qrammatik cinsiyy\u0259ti yoxdur, c\u00fcml\u0259 tikintisini sad\u0259l\u0259\u015fdirir. Lakin macar dilinin qrammatikas\u0131ndak\u0131 noun v\u0259 dig\u0259r nitq hiss\u0259l\u0259ri hallar\u0131, sahiblik v\u0259 \u00e7oxlu\u011fu g\u00f6st\u0259rm\u0259k \u00fc\u00e7\u00fcn \u00e7oxlu suffiksd\u0259n istifad\u0259 edirl\u0259r. Bu suffiksl\u0259ri v\u0259 onlar\u0131n istifad\u0259sini \u00f6yr\u0259nm\u0259k sizin macar dilind\u0259 \u00fcnsiyy\u0259t qurmaq qabiliyy\u0259tinizi xeyli yax\u015f\u0131la\u015fd\u0131racaq.<\/p>\n\n\n\n<p>N\u00fcmun\u0259l\u0259r:<\/p>\n\n\n\n<p><strong>\u2013 h\u00e1z (ev) \u2013 h\u00e1zak (evl\u0259r)<\/strong><\/p>\n\n\n\n<p><strong>\u2013 h\u00e1zban (evd\u0259) \u2013 h\u00e1zakban (evl\u0259rd\u0259)<\/strong><\/p>\n\n\n\n<h3 class=\"wp-block-heading\" id=\"h-3-verbs-conjugation-and-tense\">3. Feill\u0259r: Konjuqasiya v\u0259 g\u0259rginlik<\/h3>\n\n\n\n<p>Macarca feill\u0259r g\u0259rgin, \u0259hval-ruhiyy\u0259li, m\u00f6vzulu v\u0259 d\u0259qiqliy\u0259 uy\u011fun olaraq birl\u0259\u015fir. Macar dilind\u0259 bir ne\u00e7\u0259 zaman olsa da, \u00fc\u00e7 \u0259sas vaxt\u0131 &#8211; indiki, ke\u00e7mi\u015f v\u0259 g\u0259l\u0259c\u0259k &#8211; \u00f6yr\u0259nm\u0259k yax\u015f\u0131 ba\u015flan\u011f\u0131c n\u00f6qt\u0259sidir. \u015eifahi \u00fcnsiyy\u0259t bacar\u0131\u011f\u0131n\u0131z\u0131 art\u0131rmaq \u00fc\u00e7\u00fcn m\u00fcnt\u0259z\u0259m <a href=\"https:\/\/talkpal.ai\/ko\/grammar\/%eb%8f%99%ec%82%ac-%ed%99%9c%ec%9a%a9%eb%b2%95\/\">verb conjugation<\/a> rejimi il\u0259 tan\u0131\u015f olun v\u0259 \u00fcmumi qeyri-m\u00fcnt\u0259z\u0259m feill\u0259ri \u00f6yr\u0259nin.<\/p>\n\n\n\n<h3 class=\"wp-block-heading\" id=\"h-4-adjectives-agreement-and-placement\">4. Adjectives: Raz\u0131la\u015fma v\u0259 yerl\u0259\u015fdirm\u0259<\/h3>\n\n\n\n<p>Macar dilinin qrammatikas\u0131nda adjectives \u0259d\u0259di (sinqular v\u0259 ya \u00e7oxluqlar) bax\u0131m\u0131ndan d\u0259yi\u015fdirdikl\u0259ri noun il\u0259 raz\u0131la\u015fmal\u0131d\u0131r. Lakin, adjectives grammatical case \u00fc\u00e7\u00fcn noun uy\u011fun deyil. Adjektivl\u0259r, ad\u0259t\u0259n, c\u00fcml\u0259nin t\u0259sviri kontekstl\u0259rini t\u0259qdim ed\u0259r\u0259k, addan \u0259vv\u0259l g\u0259lir.<\/p>\n\n\n\n<p>N\u00fcmun\u0259l\u0259r:<\/p>\n\n\n\n<p><strong>&#8211; piros alma (q\u0131rm\u0131z\u0131 alma)<\/strong><\/p>\n\n\n\n<p><strong>\u2013 sz\u00e9p vir\u00e1gok (g\u00f6z\u0259l \u00e7i\u00e7\u0259kl\u0259r)<\/strong><\/p>\n\n\n\n<h3 class=\"wp-block-heading\" id=\"h-5-vowel-harmony-a-unique-feature\">5. Vowel Harmony: Unikal x\u00fcsusiyy\u0259t<\/h3>\n\n\n\n<p>Macar dilinin qrammatikas\u0131n\u0131n f\u0259rql\u0259ndirici c\u0259h\u0259ti saitl\u0259rin s\u00f6z daxilind\u0259 raz\u0131la\u015fmas\u0131n\u0131 ehtiva ed\u0259n sait harmonikliyidir. Saitl\u0259rin harmonikliyi suffiksl\u0259rin \u0259m\u0259l\u0259 g\u0259lm\u0259si v\u0259 s\u00f6zl\u0259r\u0259 yap\u0131\u015fmas\u0131na t\u0259sir edir. Vowel harmoniyas\u0131n\u0131 anlamaq v\u0259 m\u0259\u015fq etm\u0259k sizin yaz\u0131l\u0131 v\u0259 dan\u0131\u015fan macar dilinizi daha d\u0259qiq v\u0259 t\u0259bii ed\u0259c\u0259k.<\/p>\n\n\n\n<h3 class=\"wp-block-heading\" id=\"h-6-engaging-with-the-language\">6. Dil il\u0259 m\u0259\u015f\u011ful olmaq<\/h3>\n\n\n\n<p>Macar dilinin qrammatikas\u0131n\u0131 tam qavramaq v\u0259 daxilil\u0259\u015fdirm\u0259k \u00fc\u00e7\u00fcn \u0259n effektiv \u00fcsul dill\u0259 ard\u0131c\u0131l sur\u0259td\u0259 m\u0259\u015f\u011ful olmaq. Macar \u0259d\u0259biyyat\u0131n\u0131 oxumaqla, yerli filml\u0259r\u0259 baxmaqla v\u0259 ya yerli natiql\u0259rl\u0259 f\u0259al s\u00f6hb\u0259t etm\u0259kl\u0259 qrammatika anlay\u0131\u015f\u0131n\u0131 g\u00fccl\u0259ndir\u0259c\u0259k, eyni zamanda s\u00f6z ehtiyat\u0131n\u0131z\u0131 geni\u015fl\u0259ndir\u0259c\u0259ksiniz.<\/p>\n\n\n\n<h3 class=\"wp-block-heading\" id=\"h-conclusion\">N\u0259tic\u0259<\/h3>\n\n\n\n<p>Macar dilinin qrammatikas\u0131 m\u00fcr\u0259kk\u0259b g\u00f6r\u00fcns\u0259 d\u0259, ona add\u0131m-add\u0131m yax\u0131nla\u015f\u0131b ard\u0131c\u0131l m\u0259\u015fq etm\u0259k bu maraql\u0131 dild\u0259 pe\u015f\u0259kar olma\u011fa k\u00f6m\u0259k ed\u0259c\u0259k. Macar dili s\u0259yah\u0259tiniz\u0259 \u00e7\u0131xd\u0131\u011f\u0131n\u0131z zaman \u00e7\u0259tinliyi q\u0259bul edin v\u0259 tezlikl\u0259 onun qrammatikas\u0131n\u0131n inc\u0259likl\u0259rini inamla tapacaqs\u0131n\u0131z. Macar dilinin qrammatikas\u0131na dair m\u00f6c\u00fcz\u0259l\u0259ri \u00f6yr\u0259nm\u0259k v\u0259 ara\u015fd\u0131rmaqdan z\u00f6vq almaq n\u0259 xo\u015fb\u0259xtdir!<\/p>\n<\/div><\/div>\n\r\n<section class=\"learnNavigationSection\">\r\n            \r\n        <a href=\"https:\/\/talkpal.ai\/az\/macar-dilini-oyr%c9%99nin\/\">\r\n            <div class=\"learnNavigationWrapper\">\r\n                <div class=\"learnNavigationContent\">\r\n                    <img decoding=\"async\" src=\"https:\/\/talkpal.ai\/wp-content\/uploads\/2024\/08\/Hungarian.jpg\" alt=\"Hungarian Flag\">\r\n                    <div>\r\n                        <h4>Macar dilinin \u00f6yr\u0259nilm\u0259si haqq\u0131nda<\/h4>\r\n                        <p>Macar dilinin qrammatikas\u0131 haqq\u0131nda h\u0259r \u015feyi \u00f6yr\u0259nin.<\/p>\r\n                    <\/div>\r\n                <\/div>\r\n            <\/div>\r\n        <\/a>\r\n\r\n        \r\n        <a href=\"https:\/\/talkpal.ai\/az\/macar-dilinin-qrammatikasi-m%c9%99sg%c9%99l%c9%99l%c9%99ri\/\">\r\n            <div class=\"learnNavigationWrapper\">\r\n                <div class=\"learnNavigationContent\">\r\n                    <img decoding=\"async\" src=\"https:\/\/talkpal.ai\/wp-content\/uploads\/2024\/08\/Hungarian.jpg\" alt=\"Hungarian Flag\">\r\n                    <div>\r\n                        <h4>Macar qrammatikas\u0131 m\u0259\u015fqi<\/h4>\r\n                        <p>Macar dilinin qrammatikas\u0131 praktik.<\/p>\r\n                    <\/div>\r\n                <\/div>\r\n            <\/div>\r\n        <\/a>\r\n\r\n        \r\n        <a href=\"https:\/\/talkpal.ai\/vocabulary_language\/hungarian\/\">\r\n            <div class=\"learnNavigationWrapper\">\r\n                <div class=\"learnNavigationContent\">\r\n                    <img decoding=\"async\" src=\"https:\/\/talkpal.ai\/wp-content\/uploads\/2024\/08\/Hungarian.jpg\" alt=\"Hungarian Flag\">\r\n                    <div>\r\n                        <h4>Macar l\u00fc\u011f\u0259ti<\/h4>\r\n                        <p>Macar l\u00fc\u011f\u0259tinizi geni\u015fl\u0259ndirin.<\/p>\r\n                    <\/div>\r\n                <\/div>\r\n            <\/div>\r\n        <\/a>\r\n\r\n            <\/section>","protected":false},"excerpt":{"rendered":"<p>Title: Macar dilinin qrammatikas\u0131n\u0131n sirl\u0259rinin a\u00e7\u0131lmas\u0131 Finno-Uqrik dili olan macar dili \u00f6z\u00fcn\u0259m\u0259xsus qrammatika sistemi il\u0259 f\u0259rql\u0259nir v\u0259 bu, dil h\u0259v\u0259skarlar\u0131 \u00fc\u00e7\u00fcn maraql\u0131 bir \u00e7\u0259tinlik yarad\u0131r. Macar dilini \u00f6yr\u0259nm\u0259k n\u0259inki sizin dil bilikl\u0259rinizi geni\u015fl\u0259dir, h\u0259m d\u0259 Macar\u0131stan\u0131n tutqun m\u0259d\u0259niyy\u0259tini v\u0259 tarixini ara\u015fd\u0131rma\u011fa imkan verir. Macar dilinin qrammatikas\u0131 \u0259vv\u0259lc\u0259 qorxulu g\u00f6r\u00fcns\u0259 d\u0259, onu idar\u0259 edil\u0259 bil\u0259n komponentl\u0259r\u0259 [&hellip;]<\/p>\n","protected":false},"author":1,"featured_media":113154,"parent":0,"menu_order":0,"comment_status":"closed","ping_status":"closed","template":"LearningContentPage.php","meta":{"_acf_changed":false,"footnotes":""},"class_list":["post-144575","page","type-page","status-publish","has-post-thumbnail","hentry"],"acf":[],"yoast_head":"<!-- This site is optimized with the Yoast SEO Premium plugin v27.2 (Yoast SEO v27.2) - https:\/\/yoast.com\/product\/yoast-seo-premium-wordpress\/ -->\n<title>Macar dilinin qrammatikas\u0131 - Talkpal<\/title>\n<meta name=\"description\" content=\"Macar dilinin qrammatikas\u0131na hakim olun - qrammatik qaydalar\u0131 \u00f6yr\u0259nin v\u0259 c\u00fcml\u0259l\u0259r qurma\u011f\u0131 m\u0259\u015fq edin. Talkpal AI-d\u0259n faydal\u0131 t\u0259limatlar al\u0131n.\" \/>\n<meta name=\"robots\" content=\"index, follow, max-snippet:-1, max-image-preview:large, max-video-preview:-1\" \/>\n<link rel=\"canonical\" href=\"https:\/\/talkpal.ai\/az\/macar-dilinin-qrammatikasi\/\" \/>\n<meta property=\"og:locale\" content=\"az_AZ\" \/>\n<meta property=\"og:type\" content=\"article\" \/>\n<meta property=\"og:title\" content=\"Macar dilinin qrammatikas\u0131\" \/>\n<meta property=\"og:description\" content=\"Title: Macar dilinin qrammatikas\u0131n\u0131n sirl\u0259rinin a\u00e7\u0131lmas\u0131 Finno-Uqrik dili olan macar dili \u00f6z\u00fcn\u0259m\u0259xsus qrammatika sistemi il\u0259 f\u0259rql\u0259nir v\u0259 bu, dil\" \/>\n<meta property=\"og:url\" content=\"https:\/\/talkpal.ai\/az\/macar-dilinin-qrammatikasi\/\" \/>\n<meta property=\"og:site_name\" content=\"Talkpal\" \/>\n<meta property=\"article:publisher\" content=\"https:\/\/www.facebook.com\/profile.php?id=100090733639311\" \/>\n<meta property=\"article:modified_time\" content=\"2025-12-12T10:50:27+00:00\" \/>\n<meta property=\"og:image\" content=\"https:\/\/talkpal.ai\/wp-content\/uploads\/2023\/05\/Hungarian.png\" \/>\n\t<meta property=\"og:image:width\" content=\"512\" \/>\n\t<meta property=\"og:image:height\" content=\"512\" \/>\n\t<meta property=\"og:image:type\" content=\"image\/png\" \/>\n<meta name=\"twitter:card\" content=\"summary_large_image\" \/>\n<meta name=\"twitter:site\" content=\"@talkpalai\" \/>\n<meta name=\"twitter:label1\" content=\"Est. reading time\" \/>\n\t<meta name=\"twitter:data1\" content=\"4 minutes\" \/>\n<script type=\"application\/ld+json\" class=\"yoast-schema-graph\">{\"@context\":\"https:\/\/schema.org\",\"@graph\":[{\"@type\":\"WebPage\",\"@id\":\"https:\/\/talkpal.ai\/az\/macar-dilinin-qrammatikasi\/\",\"url\":\"https:\/\/talkpal.ai\/az\/macar-dilinin-qrammatikasi\/\",\"name\":\"Macar dilinin qrammatikas\u0131 - Talkpal\",\"isPartOf\":{\"@id\":\"https:\/\/talkpal.ai\/az\/#website\"},\"primaryImageOfPage\":{\"@id\":\"https:\/\/talkpal.ai\/az\/macar-dilinin-qrammatikasi\/#primaryimage\"},\"image\":{\"@id\":\"https:\/\/talkpal.ai\/az\/macar-dilinin-qrammatikasi\/#primaryimage\"},\"thumbnailUrl\":\"https:\/\/talkpal.ai\/wp-content\/uploads\/2023\/05\/Hungarian.png\",\"datePublished\":\"2023-05-14T14:08:53+00:00\",\"dateModified\":\"2025-12-12T10:50:27+00:00\",\"description\":\"Macar dilinin qrammatikas\u0131na hakim olun - qrammatik qaydalar\u0131 \u00f6yr\u0259nin v\u0259 c\u00fcml\u0259l\u0259r qurma\u011f\u0131 m\u0259\u015fq edin. Talkpal AI-d\u0259n faydal\u0131 t\u0259limatlar al\u0131n.\",\"breadcrumb\":{\"@id\":\"https:\/\/talkpal.ai\/az\/macar-dilinin-qrammatikasi\/#breadcrumb\"},\"inLanguage\":\"az\",\"potentialAction\":[{\"@type\":\"ReadAction\",\"target\":[\"https:\/\/talkpal.ai\/az\/macar-dilinin-qrammatikasi\/\"]}]},{\"@type\":\"ImageObject\",\"inLanguage\":\"az\",\"@id\":\"https:\/\/talkpal.ai\/az\/macar-dilinin-qrammatikasi\/#primaryimage\",\"url\":\"https:\/\/talkpal.ai\/wp-content\/uploads\/2023\/05\/Hungarian.png\",\"contentUrl\":\"https:\/\/talkpal.ai\/wp-content\/uploads\/2023\/05\/Hungarian.png\",\"width\":512,\"height\":512},{\"@type\":\"BreadcrumbList\",\"@id\":\"https:\/\/talkpal.ai\/az\/macar-dilinin-qrammatikasi\/#breadcrumb\",\"itemListElement\":[{\"@type\":\"ListItem\",\"position\":1,\"name\":\"Homepage\",\"item\":\"https:\/\/talkpal.ai\/az\/\"},{\"@type\":\"ListItem\",\"position\":2,\"name\":\"Macar dilinin qrammatikas\u0131\"}]},{\"@type\":\"WebSite\",\"@id\":\"https:\/\/talkpal.ai\/az\/#website\",\"url\":\"https:\/\/talkpal.ai\/az\/\",\"name\":\"Talkpal\",\"description\":\"AI Language Learning\",\"publisher\":{\"@id\":\"https:\/\/talkpal.ai\/az\/#organization\"},\"alternateName\":\"Talkpal AI\",\"potentialAction\":[{\"@type\":\"SearchAction\",\"target\":{\"@type\":\"EntryPoint\",\"urlTemplate\":\"https:\/\/talkpal.ai\/az\/?s={search_term_string}\"},\"query-input\":{\"@type\":\"PropertyValueSpecification\",\"valueRequired\":true,\"valueName\":\"search_term_string\"}}],\"inLanguage\":\"az\"},{\"@type\":\"Organization\",\"@id\":\"https:\/\/talkpal.ai\/az\/#organization\",\"name\":\"Talkpal, Inc.\",\"alternateName\":\"Talkpal AI\",\"url\":\"https:\/\/talkpal.ai\/az\/\",\"logo\":{\"@type\":\"ImageObject\",\"inLanguage\":\"az\",\"@id\":\"https:\/\/talkpal.ai\/az\/#\/schema\/logo\/image\/\",\"url\":\"https:\/\/talkpal.ai\/wp-content\/uploads\/2024\/03\/Talkpal-Logo-Icon.png\",\"contentUrl\":\"https:\/\/talkpal.ai\/wp-content\/uploads\/2024\/03\/Talkpal-Logo-Icon.png\",\"width\":2880,\"height\":2880,\"caption\":\"Talkpal, Inc.\"},\"image\":{\"@id\":\"https:\/\/talkpal.ai\/az\/#\/schema\/logo\/image\/\"},\"sameAs\":[\"https:\/\/www.facebook.com\/profile.php?id=100090733639311\",\"https:\/\/x.com\/talkpalai\",\"https:\/\/www.linkedin.com\/company\/talkpal\/\",\"https:\/\/www.youtube.com\/@TalkPal\/\",\"https:\/\/www.tiktok.com\/@talkpal\",\"https:\/\/www.instagram.com\/talkpal_ai\/\",\"https:\/\/www.crunchbase.com\/organization\/talkpal-9cde\",\"https:\/\/www.g2.com\/products\/talkpal-for-business\/\",\"https:\/\/www.trustpilot.com\/review\/talkpal.ai\",\"https:\/\/www.capterra.com\/p\/10006800\/TalkPal\/\"],\"description\":\"Talkpal is a language learning web and mobile education app, powered by the latest AI technologies, that provides engaging experiences to its customers in many different languages to help them improve their language skills. Users can chat about unlimited amount of topics with the app and use other modes to practice their language learning.\",\"email\":\"support@talkpal.ai\",\"legalName\":\"Talkpal, Inc.\",\"foundingDate\":\"2023-04-03\",\"duns\":\"118989042\",\"numberOfEmployees\":{\"@type\":\"QuantitativeValue\",\"minValue\":\"11\",\"maxValue\":\"50\"},\"publishingPrinciples\":\"https:\/\/talkpal.ai\/publishing-principles\/\",\"actionableFeedbackPolicy\":\"https:\/\/talkpal.ai\/actionable-feedback-policy\/\",\"correctionsPolicy\":\"https:\/\/talkpal.ai\/corrections-policy\/\",\"ethicsPolicy\":\"https:\/\/talkpal.ai\/ethics-policy\/\",\"diversityPolicy\":\"https:\/\/talkpal.ai\/diversity-policy\/\",\"diversityStaffingReport\":\"https:\/\/talkpal.ai\/diversity-policy\/\"}]}<\/script>\n<!-- \/ Yoast SEO Premium plugin. -->","yoast_head_json":{"title":"Macar dilinin qrammatikas\u0131 - Talkpal","description":"Macar dilinin qrammatikas\u0131na hakim olun - qrammatik qaydalar\u0131 \u00f6yr\u0259nin v\u0259 c\u00fcml\u0259l\u0259r qurma\u011f\u0131 m\u0259\u015fq edin. Talkpal AI-d\u0259n faydal\u0131 t\u0259limatlar al\u0131n.","robots":{"index":"index","follow":"follow","max-snippet":"max-snippet:-1","max-image-preview":"max-image-preview:large","max-video-preview":"max-video-preview:-1"},"canonical":"https:\/\/talkpal.ai\/az\/macar-dilinin-qrammatikasi\/","og_locale":"az_AZ","og_type":"article","og_title":"Macar dilinin qrammatikas\u0131","og_description":"Title: Macar dilinin qrammatikas\u0131n\u0131n sirl\u0259rinin a\u00e7\u0131lmas\u0131 Finno-Uqrik dili olan macar dili \u00f6z\u00fcn\u0259m\u0259xsus qrammatika sistemi il\u0259 f\u0259rql\u0259nir v\u0259 bu, dil","og_url":"https:\/\/talkpal.ai\/az\/macar-dilinin-qrammatikasi\/","og_site_name":"Talkpal","article_publisher":"https:\/\/www.facebook.com\/profile.php?id=100090733639311","article_modified_time":"2025-12-12T10:50:27+00:00","og_image":[{"width":512,"height":512,"url":"https:\/\/talkpal.ai\/wp-content\/uploads\/2023\/05\/Hungarian.png","type":"image\/png"}],"twitter_card":"summary_large_image","twitter_site":"@talkpalai","twitter_misc":{"Est. reading time":"4 minutes"},"schema":{"@context":"https:\/\/schema.org","@graph":[{"@type":"WebPage","@id":"https:\/\/talkpal.ai\/az\/macar-dilinin-qrammatikasi\/","url":"https:\/\/talkpal.ai\/az\/macar-dilinin-qrammatikasi\/","name":"Macar dilinin qrammatikas\u0131 - Talkpal","isPartOf":{"@id":"https:\/\/talkpal.ai\/az\/#website"},"primaryImageOfPage":{"@id":"https:\/\/talkpal.ai\/az\/macar-dilinin-qrammatikasi\/#primaryimage"},"image":{"@id":"https:\/\/talkpal.ai\/az\/macar-dilinin-qrammatikasi\/#primaryimage"},"thumbnailUrl":"https:\/\/talkpal.ai\/wp-content\/uploads\/2023\/05\/Hungarian.png","datePublished":"2023-05-14T14:08:53+00:00","dateModified":"2025-12-12T10:50:27+00:00","description":"Macar dilinin qrammatikas\u0131na hakim olun - qrammatik qaydalar\u0131 \u00f6yr\u0259nin v\u0259 c\u00fcml\u0259l\u0259r qurma\u011f\u0131 m\u0259\u015fq edin. Talkpal AI-d\u0259n faydal\u0131 t\u0259limatlar al\u0131n.","breadcrumb":{"@id":"https:\/\/talkpal.ai\/az\/macar-dilinin-qrammatikasi\/#breadcrumb"},"inLanguage":"az","potentialAction":[{"@type":"ReadAction","target":["https:\/\/talkpal.ai\/az\/macar-dilinin-qrammatikasi\/"]}]},{"@type":"ImageObject","inLanguage":"az","@id":"https:\/\/talkpal.ai\/az\/macar-dilinin-qrammatikasi\/#primaryimage","url":"https:\/\/talkpal.ai\/wp-content\/uploads\/2023\/05\/Hungarian.png","contentUrl":"https:\/\/talkpal.ai\/wp-content\/uploads\/2023\/05\/Hungarian.png","width":512,"height":512},{"@type":"BreadcrumbList","@id":"https:\/\/talkpal.ai\/az\/macar-dilinin-qrammatikasi\/#breadcrumb","itemListElement":[{"@type":"ListItem","position":1,"name":"Homepage","item":"https:\/\/talkpal.ai\/az\/"},{"@type":"ListItem","position":2,"name":"Macar dilinin qrammatikas\u0131"}]},{"@type":"WebSite","@id":"https:\/\/talkpal.ai\/az\/#website","url":"https:\/\/talkpal.ai\/az\/","name":"Talkpal","description":"AI Language Learning","publisher":{"@id":"https:\/\/talkpal.ai\/az\/#organization"},"alternateName":"Talkpal AI","potentialAction":[{"@type":"SearchAction","target":{"@type":"EntryPoint","urlTemplate":"https:\/\/talkpal.ai\/az\/?s={search_term_string}"},"query-input":{"@type":"PropertyValueSpecification","valueRequired":true,"valueName":"search_term_string"}}],"inLanguage":"az"},{"@type":"Organization","@id":"https:\/\/talkpal.ai\/az\/#organization","name":"Talkpal, Inc.","alternateName":"Talkpal AI","url":"https:\/\/talkpal.ai\/az\/","logo":{"@type":"ImageObject","inLanguage":"az","@id":"https:\/\/talkpal.ai\/az\/#\/schema\/logo\/image\/","url":"https:\/\/talkpal.ai\/wp-content\/uploads\/2024\/03\/Talkpal-Logo-Icon.png","contentUrl":"https:\/\/talkpal.ai\/wp-content\/uploads\/2024\/03\/Talkpal-Logo-Icon.png","width":2880,"height":2880,"caption":"Talkpal, Inc."},"image":{"@id":"https:\/\/talkpal.ai\/az\/#\/schema\/logo\/image\/"},"sameAs":["https:\/\/www.facebook.com\/profile.php?id=100090733639311","https:\/\/x.com\/talkpalai","https:\/\/www.linkedin.com\/company\/talkpal\/","https:\/\/www.youtube.com\/@TalkPal\/","https:\/\/www.tiktok.com\/@talkpal","https:\/\/www.instagram.com\/talkpal_ai\/","https:\/\/www.crunchbase.com\/organization\/talkpal-9cde","https:\/\/www.g2.com\/products\/talkpal-for-business\/","https:\/\/www.trustpilot.com\/review\/talkpal.ai","https:\/\/www.capterra.com\/p\/10006800\/TalkPal\/"],"description":"Talkpal is a language learning web and mobile education app, powered by the latest AI technologies, that provides engaging experiences to its customers in many different languages to help them improve their language skills. Users can chat about unlimited amount of topics with the app and use other modes to practice their language learning.","email":"support@talkpal.ai","legalName":"Talkpal, Inc.","foundingDate":"2023-04-03","duns":"118989042","numberOfEmployees":{"@type":"QuantitativeValue","minValue":"11","maxValue":"50"},"publishingPrinciples":"https:\/\/talkpal.ai\/publishing-principles\/","actionableFeedbackPolicy":"https:\/\/talkpal.ai\/actionable-feedback-policy\/","correctionsPolicy":"https:\/\/talkpal.ai\/corrections-policy\/","ethicsPolicy":"https:\/\/talkpal.ai\/ethics-policy\/","diversityPolicy":"https:\/\/talkpal.ai\/diversity-policy\/","diversityStaffingReport":"https:\/\/talkpal.ai\/diversity-policy\/"}]}},"_links":{"self":[{"href":"https:\/\/talkpal.ai\/az\/wp-json\/wp\/v2\/pages\/144575","targetHints":{"allow":["GET"]}}],"collection":[{"href":"https:\/\/talkpal.ai\/az\/wp-json\/wp\/v2\/pages"}],"about":[{"href":"https:\/\/talkpal.ai\/az\/wp-json\/wp\/v2\/types\/page"}],"author":[{"embeddable":true,"href":"https:\/\/talkpal.ai\/az\/wp-json\/wp\/v2\/users\/1"}],"replies":[{"embeddable":true,"href":"https:\/\/talkpal.ai\/az\/wp-json\/wp\/v2\/comments?post=144575"}],"version-history":[{"count":0,"href":"https:\/\/talkpal.ai\/az\/wp-json\/wp\/v2\/pages\/144575\/revisions"}],"wp:featuredmedia":[{"embeddable":true,"href":"https:\/\/talkpal.ai\/az\/wp-json\/wp\/v2\/media\/113154"}],"wp:attachment":[{"href":"https:\/\/talkpal.ai\/az\/wp-json\/wp\/v2\/media?parent=144575"}],"curies":[{"name":"wp","href":"https:\/\/api.w.org\/{rel}","templated":true}]}}