{"id":144241,"date":"2023-05-14T14:04:48","date_gmt":"2023-05-14T14:04:48","guid":{"rendered":"http:\/\/talkpal.ai\/ibranic%c9%99-qrammatika\/"},"modified":"2025-12-13T15:40:44","modified_gmt":"2025-12-13T15:40:44","slug":"ibranic%c9%99-qrammatika","status":"publish","type":"page","link":"https:\/\/talkpal.ai\/az\/ibranic%c9%99-qrammatika\/","title":{"rendered":"\u0130branic\u0259 Qrammatika"},"content":{"rendered":"\r\n\r\n\r\n<section class=\"languageChallengeSection\">\r\n    <div class=\"languageInfoWrapper\">\r\n        \r\n        <h1>\u0130branic\u0259 Qrammatika<\/h1>\r\n        <p>\u0130vrit qrammatikas\u0131n\u0131 \u00f6yr\u0259nin v\u0259 d\u0259rin tarixi k\u00f6kl\u0259ri v\u0259 m\u00fcasir aktuall\u0131\u011f\u0131 olan bir dilin sirl\u0259rini a\u00e7\u0131n. \u0130vrit qrammatikas\u0131n\u0131n g\u00f6z\u0259lliyi il\u0259 problemi q\u0259bul edin v\u0259 canl\u0131 m\u0259d\u0259niyy\u0259tl\u0259 \u0259laq\u0259 saxlay\u0131n!<\/p>\r\n\r\n                            <a class=\"getStartedHidden\" href=\"https:\/\/app.talkpal.ai\/signup?lng=\">Ba\u015fla<\/a>\r\n        \r\n    <\/div>\r\n\r\n    <figure>\r\n    <img decoding=\"async\" width=\"768\" height=\"768\" src=\"https:\/\/talkpal.ai\/wp-content\/uploads\/2023\/06\/hebrew-768x768.png\" class=\"languageImage no-lazy\" alt=\"Language learning for proficient communication\" fetchpriority=\"high\" sizes=\"(max-width: 768px) 150px, 768px\" srcset=\"https:\/\/talkpal.ai\/wp-content\/uploads\/2023\/06\/hebrew-768x768.png 768w, https:\/\/talkpal.ai\/wp-content\/uploads\/2023\/06\/hebrew-300x300.png 300w\" \/>\r\n    \r\n\r\n    <\/figure>\r\n\r\n            <a class=\"getStartedVisible\" href=\"https:\/\/app.talkpal.ai\/signup?lng=\">Ba\u015fla<\/a>\r\n    \r\n<\/section>\r\n<section class=\"promotionalBanner\">\r\n    <p class=\"promotionalText\">Dil \u00f6yr\u0259nm\u0259yin \u0259n t\u0259sirli yolu<\/p>\r\n    <a class=\"promotionalLink\" href=\"https:\/\/app.talkpal.ai\/signup?lng=\">Talkpal pulsuz s\u0131nay\u0131n<\/a>\r\n<\/section>\n<div class=\"wp-block-group pageContainerStyle\"><div class=\"wp-block-group__inner-container is-layout-constrained wp-block-group-is-layout-constrained\">\n<h2 class=\"wp-block-heading\" id=\"h-mastering-hebrew-grammar-your-ultimate-guide\">\u0130brani dilinin qrammatikas\u0131. S\u0259nin son b\u0259l\u0259d\u00e7in<\/h2>\n\n\n\n<p>\u015ealom, dil h\u0259v\u0259skarlar\u0131! \u0130brani dilinin qrammatikas\u0131 il\u0259 ba\u011fl\u0131 maraql\u0131 d\u00fcnyaya dalma\u011fa haz\u0131rs\u0131n\u0131zm\u0131? Siz d\u00fczg\u00fcn yer\u0259 g\u0259ldiniz. Bu m\u0259qal\u0259 asan ba\u015fa d\u00fc\u015f\u00fcl\u0259n m\u0259&#8217;lumat v\u0259 dan\u0131\u015f\u0131q tonu il\u0259 doldurularaq, ibrani dilinin qrammatikas\u0131n\u0131n mesmerl\u0259\u015fdirici sah\u0259sind\u0259 siz\u0259 r\u0259hb\u0259rlik ver\u0259c\u0259k. Tezlikl\u0259 siz c\u00fcml\u0259l\u0259r qura v\u0259 do\u011fma dan\u0131\u015fanlarla m\u0259nal\u0131 s\u00f6hb\u0259tl\u0259r ed\u0259 bil\u0259c\u0259ksiniz. Bel\u0259likl\u0259, \u0130brani qrammatikas\u0131n\u0131 m\u0259nims\u0259m\u0259y\u0259 do\u011fru s\u0259yah\u0259tiniz\u0259 ba\u015flayaq!<\/p>\n\n\n\n<p><strong>B\u0259s birincisi, n\u0259y\u0259 g\u00f6r\u0259 ibranic\u0259 qrammatika?<\/strong><\/p>\n\n\n\n<p>\u0130vrit dilini \u00f6yr\u0259nirsinizs\u0259, s\u0259lis dan\u0131\u015fmaq, oxumaq v\u0259 yazmaq \u00fc\u00e7\u00fcn qrammatika \u00fczr\u0259 m\u00f6hk\u0259m t\u0259m\u0259l vacibdir. \u0130brani dilinin qrammatikas\u0131 \u0259vv\u0259lc\u0259 m\u00fcr\u0259kk\u0259b g\u00f6r\u00fcns\u0259 d\u0259, ki\u00e7ik v\u0259 daha \u0259lveri\u015fli par\u00e7alara b\u00f6l\u00fcn\u0259nd\u0259n sonra daha \u0259l\u00e7atan olur. Bel\u0259likl\u0259, g\u0259lin bu maraql\u0131 s\u0259yah\u0259t\u0259 \u00e7\u0131xaq!<\/p>\n\n\n\n<h3 class=\"wp-block-heading\" id=\"h-1-nouns-gender-and-number\">1. Nounlar, cins v\u0259 say<\/h3>\n\n\n\n<p>\u0130branic\u0259 nounlar\u0131n iki cinsi var\u2014 ki\u015fi v\u0259 qad\u0131n cinsind\u0259n. Bir ismin cinsini m\u00fc\u0259yy\u0259n etm\u0259k d\u00fczg\u00fcn c\u00fcml\u0259 qurulmas\u0131 \u00fc\u00e7\u00fcn \u0259sas t\u0259\u015fkil edir, \u00e7\u00fcnki o, fel v\u0259 sif\u0259t kimi dig\u0259r nitq hiss\u0259l\u0259rin\u0259 t\u0259sir g\u00f6st\u0259rir.  <\/p>\n\n\n\n<p>\u00dcmumi qayda: \u0259g\u0259r isim \u201c\u05d4\u201d (hey) v\u0259 ya \u201c\u05ea\u201d (tav) il\u0259 bitirs\u0259, o, ad\u0259t\u0259n qad\u0131nd\u0131r. Lakin istisnalar m\u00f6vcuddur, buna g\u00f6r\u0259 d\u0259 s\u00f6z ehtiyatlar\u0131n\u0131 \u00f6yr\u0259n\u0259rk\u0259n noun cinsl\u0259rini \u0259zb\u0259rl\u0259m\u0259k \u0259sas rol oynay\u0131r.<\/p>\n\n\n\n<p>Bundan \u0259lav\u0259, ibranic\u0259 nounlar saydan as\u0131l\u0131 olaraq m\u00fcxt\u0259lif formalar g\u00f6t\u00fcr\u00fcrl\u0259r. C\u0259m ki\u015fi isiml\u0259ri ad\u0259t\u0259n \u201c\u05d9\u05dd\u201d (yim), c\u0259m qad\u0131n isiml\u0259ri is\u0259 \u201c\u05d5\u05ea\u201d (ot) il\u0259 bitir.<\/p>\n\n\n\n<h3 class=\"wp-block-heading\" id=\"h-2-adjectives-agreement-and-definite-articles\">2. Adjectives, raz\u0131la\u015fma v\u0259 m\u00fc\u0259yy\u0259n m\u0259qal\u0259l\u0259r<\/h3>\n\n\n\n<p>Bu zaman onlar \u00f6z cinsiyy\u0259t v\u0259 r\u0259q\u0259ml\u0259rini d\u0259yi\u015fdirdikl\u0259ri adlarla raz\u0131la\u015fd\u0131rmal\u0131d\u0131rlar. Sif\u0259ti qad\u0131na xas etm\u0259k \u00fc\u00e7\u00fcn, \u0259g\u0259r sif\u0259t yoxdursa, sonuna \u201c\u05d4\u201d (hey) \u0259lav\u0259 edin. Sif\u0259ti c\u0259m etm\u0259k \u00fc\u00e7\u00fcn isiml\u0259rl\u0259 eyni prinsip\u0259 \u0259m\u0259l edin: ki\u015fi \u00fc\u00e7\u00fcn \u201c\u05d9\u05dd\u201d v\u0259 qad\u0131n \u00fc\u00e7\u00fcn \u201c\u05d5\u05ea\u201d \u0259lav\u0259 edin.<\/p>\n\n\n\n<p>\u0130brani dilind\u0259 \u201cthe\u201d t\u0259yin artikli \u201c\u05d4\u201d (hey) dir v\u0259 isim v\u0259 ya sif\u0259t\u0259 prefiks kimi \u0259lav\u0259 olunur. M\u0259s\u0259l\u0259n, \u201c\u05d4\u05e1\u05e4\u05e8\u201d (haSefer \u2013 kitab) v\u0259 ya \u201c\u05d4\u05db\u05d3\u05d5\u05e8 \u05d4\u05d2\u05d3\u05d5\u05dc\u201d (hakadur haqadol \u2013 b\u00f6y\u00fck top).<\/p>\n\n\n\n<h3 class=\"wp-block-heading\" id=\"h-3-verbs-tense-and-conjugation\">3. Feil, zaman v\u0259 ba\u011flama<\/h3>\n\n\n\n<p>\u0130branic\u0259 fell\u0259r qrammatikada h\u0259lledici rol oynay\u0131r v\u0259 \u201cbinyanim\u201d adlanan yeddi konjuqasiya qrupuna b\u00f6l\u00fcn\u00fcr. H\u0259r binyan felin m\u0259nas\u0131na v\u0259 c\u00fcml\u0259d\u0259ki roluna t\u0259sir g\u00f6st\u0259rir.<\/p>\n\n\n\n<p>Siz\u0259 q\u0131sa m\u0259lumat verm\u0259k \u00fc\u00e7\u00fcn adi fell\u0259rin indiki zaman\u0131n\u0131 m\u00fczakir\u0259 ed\u0259k:<\/p>\n\n\n\n<p><strong>\u2013 \u05d0\u05e0\u05d9 \u05e7\u05d5\u05e8\u05d0\/\u05ea (ani kore\/et \u2013 oxudum, mask.\/fem.)<\/strong><\/p>\n\n\n\n<p><strong>\u2013 \u05d0\u05ea\/\u05d4 \u05e7\u05d5\u05e8\u05d0\/\u05ea (ata\/at kore\/et \u2013 oxuyursan, mask.\/fem.)<\/strong><\/p>\n\n\n\n<p><strong>\u2013 \u05d4\u05d5\u05d0\/\u05d4\u05d9\u05d0 \u05e7\u05d5\u05e8\u05d0\/\u05ea (hu\/hi kore\/et \u2013 o oxuyur)<\/strong><\/p>\n\n\n\n<p>Unutmay\u0131n, bu sad\u0259c\u0259 ba\u015flan\u011f\u0131cd\u0131r! Bir \u00e7ox dig\u0259r g\u0259rginlikl\u0259r, nizams\u0131z feill\u0259r v\u0259 binyan kompleksl\u0259ri inki\u015faf etdikc\u0259 ortaya \u00e7\u0131xacaq.<\/p>\n\n\n\n<h3 class=\"wp-block-heading\" id=\"h-4-pronouns-prepositions-and-more\">4. Pronouns, prepositions v\u0259 daha \u00e7ox!<\/h3>\n\n\n\n<p>\u0130brani qrammatikas\u0131 \u0259v\u0259zlikl\u0259r (\u05d0\u05e0\u05d9, \u05d0\u05ea\u05d4, \u05d4\u05d5\u05d0, \u05d4\u05d9\u05d0 v\u0259 s.), \u00f6n s\u00f6zl\u0259r (\u05d1, \u05dc, \u05de, \u05e2\u05dc v\u0259 s.) v\u0259 idiomatik ifad\u0259l\u0259r kimi dig\u0259r komponentl\u0259ri ehtiva edir. \u0130vrit dilind\u0259 h\u0259rt\u0259r\u0259fli s\u0259lis dan\u0131\u015f\u0131q \u0259ld\u0259 etm\u0259k \u00fc\u00e7\u00fcn h\u0259r bir elementin h\u0259lli \u00e7ox vacibdir, ona g\u00f6r\u0259 d\u0259 onu bir add\u0131m at\u0131n.<\/p>\n\n\n\n<p>N\u0259tic\u0259 olaraq, \u0130vrit qrammatikas\u0131n\u0131 m\u0259nims\u0259m\u0259yin q\u0131sa yolu yoxdur. O, s\u0259bir, \u0259m\u0259l v\u0259 s\u0259bir t\u0259l\u0259b edir. Bununla bel\u0259, onun inc\u0259likl\u0259rini d\u0259rk etdikd\u0259n sonra siz \u0130brani dilind\u0259 s\u00f6hb\u0259t etm\u0259yin n\u00fcanslar\u0131ndan dadacaq, z\u0259ngin m\u0259d\u0259niyy\u0259t v\u0259 tarixi ara\u015fd\u0131racaq v\u0259 dil\u0259 olan qiym\u0259tinizi d\u0259rinl\u0259\u015fdir\u0259c\u0259ksiniz. \u05d1\u05d4\u05e6\u05dc\u05d7\u05d4 (behatzlacha \u2013 u\u011furlar)!<\/p>\n<\/div><\/div>\n\r\n<section class=\"learnNavigationSection\">\r\n            \r\n        <a href=\"https:\/\/talkpal.ai\/az\/ibranic%c9%99-oyr%c9%99nin\/\">\r\n            <div class=\"learnNavigationWrapper\">\r\n                <div class=\"learnNavigationContent\">\r\n                    <img decoding=\"async\" src=\"https:\/\/talkpal.ai\/wp-content\/uploads\/2024\/08\/Hebrew.jpg\" alt=\"Israel Flag\">\r\n                    <div>\r\n                        <h4>\u0130vrit dilinin \u00f6yr\u0259nilm\u0259si haqq\u0131nda<\/h4>\r\n                        <p>\u0130brani dilinin qrammatikas\u0131 il\u0259 ba\u011fl\u0131 h\u0259r \u015feyi \u00f6yr\u0259nin.<\/p>\r\n                    <\/div>\r\n                <\/div>\r\n            <\/div>\r\n        <\/a>\r\n\r\n        \r\n        <a href=\"https:\/\/talkpal.ai\/az\/ibranic%c9%99-qrammatika-m%c9%99sql%c9%99ri\/\">\r\n            <div class=\"learnNavigationWrapper\">\r\n                <div class=\"learnNavigationContent\">\r\n                    <img decoding=\"async\" src=\"https:\/\/talkpal.ai\/wp-content\/uploads\/2024\/08\/Hebrew.jpg\" alt=\"Israel Flag\">\r\n                    <div>\r\n                        <h4>\u0130vrit Qrammatikas\u0131 M\u0259\u015fqi<\/h4>\r\n                        <p>\u0130brani dilinin qrammatikas\u0131 il\u0259 m\u0259\u015f\u011ful.<\/p>\r\n                    <\/div>\r\n                <\/div>\r\n            <\/div>\r\n        <\/a>\r\n\r\n        \r\n        <a href=\"https:\/\/talkpal.ai\/vocabulary_language\/hebrew\/\">\r\n            <div class=\"learnNavigationWrapper\">\r\n                <div class=\"learnNavigationContent\">\r\n                    <img decoding=\"async\" src=\"https:\/\/talkpal.ai\/wp-content\/uploads\/2024\/08\/Hebrew.jpg\" alt=\"Israel Flag\">\r\n                    <div>\r\n                        <h4>\u0130vrit l\u00fc\u011f\u0259ti<\/h4>\r\n                        <p>\u0130vrit l\u00fc\u011f\u0259tinizi geni\u015fl\u0259ndirin.<\/p>\r\n                    <\/div>\r\n                <\/div>\r\n            <\/div>\r\n        <\/a>\r\n\r\n            <\/section>","protected":false},"excerpt":{"rendered":"<p>\u0130brani dilinin qrammatikas\u0131. S\u0259nin son b\u0259l\u0259d\u00e7in \u015ealom, dil h\u0259v\u0259skarlar\u0131! \u0130brani dilinin qrammatikas\u0131 il\u0259 ba\u011fl\u0131 maraql\u0131 d\u00fcnyaya dalma\u011fa haz\u0131rs\u0131n\u0131zm\u0131? Siz d\u00fczg\u00fcn yer\u0259 g\u0259ldiniz. Bu m\u0259qal\u0259 asan ba\u015fa d\u00fc\u015f\u00fcl\u0259n m\u0259&#8217;lumat v\u0259 dan\u0131\u015f\u0131q tonu il\u0259 doldurularaq, ibrani dilinin qrammatikas\u0131n\u0131n mesmerl\u0259\u015fdirici sah\u0259sind\u0259 siz\u0259 r\u0259hb\u0259rlik ver\u0259c\u0259k. Tezlikl\u0259 siz c\u00fcml\u0259l\u0259r qura v\u0259 do\u011fma dan\u0131\u015fanlarla m\u0259nal\u0131 s\u00f6hb\u0259tl\u0259r ed\u0259 bil\u0259c\u0259ksiniz. Bel\u0259likl\u0259, \u0130brani qrammatikas\u0131n\u0131 [&hellip;]<\/p>\n","protected":false},"author":1,"featured_media":112915,"parent":0,"menu_order":0,"comment_status":"closed","ping_status":"closed","template":"LearningContentPage.php","meta":{"_acf_changed":false,"footnotes":""},"class_list":["post-144241","page","type-page","status-publish","has-post-thumbnail","hentry"],"acf":[],"yoast_head":"<!-- This site is optimized with the Yoast SEO Premium plugin v27.2 (Yoast SEO v27.2) - https:\/\/yoast.com\/product\/yoast-seo-premium-wordpress\/ -->\n<title>\u0130branic\u0259 Qrammatika - Talkpal<\/title>\n<meta name=\"description\" content=\"\u0130vrit qrammatikan\u0131z\u0131 inamla t\u0259kmill\u0259\u015fdirin - \u0259sas qaydalar\u0131 \u00f6yr\u0259nin, d\u00fczg\u00fcn c\u00fcml\u0259l\u0259r qurun v\u0259 Talkpal -\u0131n asan s\u00fcni intellekt d\u0259rsl\u0259ri il\u0259 ayd\u0131n \u00fcnsiyy\u0259t qurun.\" \/>\n<meta name=\"robots\" content=\"index, follow, max-snippet:-1, max-image-preview:large, max-video-preview:-1\" \/>\n<link rel=\"canonical\" href=\"https:\/\/talkpal.ai\/az\/ibranic%c9%99-qrammatika\/\" \/>\n<meta property=\"og:locale\" content=\"az_AZ\" \/>\n<meta property=\"og:type\" content=\"article\" \/>\n<meta property=\"og:title\" content=\"\u0130branic\u0259 Qrammatika\" \/>\n<meta property=\"og:description\" content=\"\u0130brani dilinin qrammatikas\u0131. S\u0259nin son b\u0259l\u0259d\u00e7in \u015ealom, dil h\u0259v\u0259skarlar\u0131! \u0130brani dilinin qrammatikas\u0131 il\u0259 ba\u011fl\u0131 maraql\u0131 d\u00fcnyaya dalma\u011fa haz\u0131rs\u0131n\u0131zm\u0131? Siz\" \/>\n<meta property=\"og:url\" content=\"https:\/\/talkpal.ai\/az\/ibranic%c9%99-qrammatika\/\" \/>\n<meta property=\"og:site_name\" content=\"Talkpal\" \/>\n<meta property=\"article:publisher\" content=\"https:\/\/www.facebook.com\/profile.php?id=100090733639311\" \/>\n<meta property=\"article:modified_time\" content=\"2025-12-13T15:40:44+00:00\" \/>\n<meta property=\"og:image\" content=\"https:\/\/talkpal.ai\/wp-content\/uploads\/2023\/05\/israel.png\" \/>\n\t<meta property=\"og:image:width\" content=\"512\" \/>\n\t<meta property=\"og:image:height\" content=\"512\" \/>\n\t<meta property=\"og:image:type\" content=\"image\/png\" \/>\n<meta name=\"twitter:card\" content=\"summary_large_image\" \/>\n<meta name=\"twitter:site\" content=\"@talkpalai\" \/>\n<meta name=\"twitter:label1\" content=\"Est. reading time\" \/>\n\t<meta name=\"twitter:data1\" content=\"3 minutes\" \/>\n<script type=\"application\/ld+json\" class=\"yoast-schema-graph\">{\"@context\":\"https:\/\/schema.org\",\"@graph\":[{\"@type\":\"WebPage\",\"@id\":\"https:\/\/talkpal.ai\/az\/ibranic%c9%99-qrammatika\/\",\"url\":\"https:\/\/talkpal.ai\/az\/ibranic%c9%99-qrammatika\/\",\"name\":\"\u0130branic\u0259 Qrammatika - Talkpal\",\"isPartOf\":{\"@id\":\"https:\/\/talkpal.ai\/az\/#website\"},\"primaryImageOfPage\":{\"@id\":\"https:\/\/talkpal.ai\/az\/ibranic%c9%99-qrammatika\/#primaryimage\"},\"image\":{\"@id\":\"https:\/\/talkpal.ai\/az\/ibranic%c9%99-qrammatika\/#primaryimage\"},\"thumbnailUrl\":\"https:\/\/talkpal.ai\/wp-content\/uploads\/2023\/05\/israel.png\",\"datePublished\":\"2023-05-14T14:04:48+00:00\",\"dateModified\":\"2025-12-13T15:40:44+00:00\",\"description\":\"\u0130vrit qrammatikan\u0131z\u0131 inamla t\u0259kmill\u0259\u015fdirin - \u0259sas qaydalar\u0131 \u00f6yr\u0259nin, d\u00fczg\u00fcn c\u00fcml\u0259l\u0259r qurun v\u0259 Talkpal -\u0131n asan s\u00fcni intellekt d\u0259rsl\u0259ri il\u0259 ayd\u0131n \u00fcnsiyy\u0259t qurun.\",\"breadcrumb\":{\"@id\":\"https:\/\/talkpal.ai\/az\/ibranic%c9%99-qrammatika\/#breadcrumb\"},\"inLanguage\":\"az\",\"potentialAction\":[{\"@type\":\"ReadAction\",\"target\":[\"https:\/\/talkpal.ai\/az\/ibranic%c9%99-qrammatika\/\"]}]},{\"@type\":\"ImageObject\",\"inLanguage\":\"az\",\"@id\":\"https:\/\/talkpal.ai\/az\/ibranic%c9%99-qrammatika\/#primaryimage\",\"url\":\"https:\/\/talkpal.ai\/wp-content\/uploads\/2023\/05\/israel.png\",\"contentUrl\":\"https:\/\/talkpal.ai\/wp-content\/uploads\/2023\/05\/israel.png\",\"width\":512,\"height\":512},{\"@type\":\"BreadcrumbList\",\"@id\":\"https:\/\/talkpal.ai\/az\/ibranic%c9%99-qrammatika\/#breadcrumb\",\"itemListElement\":[{\"@type\":\"ListItem\",\"position\":1,\"name\":\"Homepage\",\"item\":\"https:\/\/talkpal.ai\/az\/\"},{\"@type\":\"ListItem\",\"position\":2,\"name\":\"\u0130branic\u0259 Qrammatika\"}]},{\"@type\":\"WebSite\",\"@id\":\"https:\/\/talkpal.ai\/az\/#website\",\"url\":\"https:\/\/talkpal.ai\/az\/\",\"name\":\"Talkpal\",\"description\":\"AI Language Learning\",\"publisher\":{\"@id\":\"https:\/\/talkpal.ai\/az\/#organization\"},\"alternateName\":\"Talkpal AI\",\"potentialAction\":[{\"@type\":\"SearchAction\",\"target\":{\"@type\":\"EntryPoint\",\"urlTemplate\":\"https:\/\/talkpal.ai\/az\/?s={search_term_string}\"},\"query-input\":{\"@type\":\"PropertyValueSpecification\",\"valueRequired\":true,\"valueName\":\"search_term_string\"}}],\"inLanguage\":\"az\"},{\"@type\":\"Organization\",\"@id\":\"https:\/\/talkpal.ai\/az\/#organization\",\"name\":\"Talkpal, Inc.\",\"alternateName\":\"Talkpal AI\",\"url\":\"https:\/\/talkpal.ai\/az\/\",\"logo\":{\"@type\":\"ImageObject\",\"inLanguage\":\"az\",\"@id\":\"https:\/\/talkpal.ai\/az\/#\/schema\/logo\/image\/\",\"url\":\"https:\/\/talkpal.ai\/wp-content\/uploads\/2024\/03\/Talkpal-Logo-Icon.png\",\"contentUrl\":\"https:\/\/talkpal.ai\/wp-content\/uploads\/2024\/03\/Talkpal-Logo-Icon.png\",\"width\":2880,\"height\":2880,\"caption\":\"Talkpal, Inc.\"},\"image\":{\"@id\":\"https:\/\/talkpal.ai\/az\/#\/schema\/logo\/image\/\"},\"sameAs\":[\"https:\/\/www.facebook.com\/profile.php?id=100090733639311\",\"https:\/\/x.com\/talkpalai\",\"https:\/\/www.linkedin.com\/company\/talkpal\/\",\"https:\/\/www.youtube.com\/@TalkPal\/\",\"https:\/\/www.tiktok.com\/@talkpal\",\"https:\/\/www.instagram.com\/talkpal_ai\/\",\"https:\/\/www.crunchbase.com\/organization\/talkpal-9cde\",\"https:\/\/www.g2.com\/products\/talkpal-for-business\/\",\"https:\/\/www.trustpilot.com\/review\/talkpal.ai\",\"https:\/\/www.capterra.com\/p\/10006800\/TalkPal\/\"],\"description\":\"Talkpal is a language learning web and mobile education app, powered by the latest AI technologies, that provides engaging experiences to its customers in many different languages to help them improve their language skills. Users can chat about unlimited amount of topics with the app and use other modes to practice their language learning.\",\"email\":\"support@talkpal.ai\",\"legalName\":\"Talkpal, Inc.\",\"foundingDate\":\"2023-04-03\",\"duns\":\"118989042\",\"numberOfEmployees\":{\"@type\":\"QuantitativeValue\",\"minValue\":\"11\",\"maxValue\":\"50\"},\"publishingPrinciples\":\"https:\/\/talkpal.ai\/publishing-principles\/\",\"actionableFeedbackPolicy\":\"https:\/\/talkpal.ai\/actionable-feedback-policy\/\",\"correctionsPolicy\":\"https:\/\/talkpal.ai\/corrections-policy\/\",\"ethicsPolicy\":\"https:\/\/talkpal.ai\/ethics-policy\/\",\"diversityPolicy\":\"https:\/\/talkpal.ai\/diversity-policy\/\",\"diversityStaffingReport\":\"https:\/\/talkpal.ai\/diversity-policy\/\"}]}<\/script>\n<!-- \/ Yoast SEO Premium plugin. -->","yoast_head_json":{"title":"\u0130branic\u0259 Qrammatika - Talkpal","description":"\u0130vrit qrammatikan\u0131z\u0131 inamla t\u0259kmill\u0259\u015fdirin - \u0259sas qaydalar\u0131 \u00f6yr\u0259nin, d\u00fczg\u00fcn c\u00fcml\u0259l\u0259r qurun v\u0259 Talkpal -\u0131n asan s\u00fcni intellekt d\u0259rsl\u0259ri il\u0259 ayd\u0131n \u00fcnsiyy\u0259t qurun.","robots":{"index":"index","follow":"follow","max-snippet":"max-snippet:-1","max-image-preview":"max-image-preview:large","max-video-preview":"max-video-preview:-1"},"canonical":"https:\/\/talkpal.ai\/az\/ibranic%c9%99-qrammatika\/","og_locale":"az_AZ","og_type":"article","og_title":"\u0130branic\u0259 Qrammatika","og_description":"\u0130brani dilinin qrammatikas\u0131. S\u0259nin son b\u0259l\u0259d\u00e7in \u015ealom, dil h\u0259v\u0259skarlar\u0131! \u0130brani dilinin qrammatikas\u0131 il\u0259 ba\u011fl\u0131 maraql\u0131 d\u00fcnyaya dalma\u011fa haz\u0131rs\u0131n\u0131zm\u0131? Siz","og_url":"https:\/\/talkpal.ai\/az\/ibranic%c9%99-qrammatika\/","og_site_name":"Talkpal","article_publisher":"https:\/\/www.facebook.com\/profile.php?id=100090733639311","article_modified_time":"2025-12-13T15:40:44+00:00","og_image":[{"width":512,"height":512,"url":"https:\/\/talkpal.ai\/wp-content\/uploads\/2023\/05\/israel.png","type":"image\/png"}],"twitter_card":"summary_large_image","twitter_site":"@talkpalai","twitter_misc":{"Est. reading time":"3 minutes"},"schema":{"@context":"https:\/\/schema.org","@graph":[{"@type":"WebPage","@id":"https:\/\/talkpal.ai\/az\/ibranic%c9%99-qrammatika\/","url":"https:\/\/talkpal.ai\/az\/ibranic%c9%99-qrammatika\/","name":"\u0130branic\u0259 Qrammatika - Talkpal","isPartOf":{"@id":"https:\/\/talkpal.ai\/az\/#website"},"primaryImageOfPage":{"@id":"https:\/\/talkpal.ai\/az\/ibranic%c9%99-qrammatika\/#primaryimage"},"image":{"@id":"https:\/\/talkpal.ai\/az\/ibranic%c9%99-qrammatika\/#primaryimage"},"thumbnailUrl":"https:\/\/talkpal.ai\/wp-content\/uploads\/2023\/05\/israel.png","datePublished":"2023-05-14T14:04:48+00:00","dateModified":"2025-12-13T15:40:44+00:00","description":"\u0130vrit qrammatikan\u0131z\u0131 inamla t\u0259kmill\u0259\u015fdirin - \u0259sas qaydalar\u0131 \u00f6yr\u0259nin, d\u00fczg\u00fcn c\u00fcml\u0259l\u0259r qurun v\u0259 Talkpal -\u0131n asan s\u00fcni intellekt d\u0259rsl\u0259ri il\u0259 ayd\u0131n \u00fcnsiyy\u0259t qurun.","breadcrumb":{"@id":"https:\/\/talkpal.ai\/az\/ibranic%c9%99-qrammatika\/#breadcrumb"},"inLanguage":"az","potentialAction":[{"@type":"ReadAction","target":["https:\/\/talkpal.ai\/az\/ibranic%c9%99-qrammatika\/"]}]},{"@type":"ImageObject","inLanguage":"az","@id":"https:\/\/talkpal.ai\/az\/ibranic%c9%99-qrammatika\/#primaryimage","url":"https:\/\/talkpal.ai\/wp-content\/uploads\/2023\/05\/israel.png","contentUrl":"https:\/\/talkpal.ai\/wp-content\/uploads\/2023\/05\/israel.png","width":512,"height":512},{"@type":"BreadcrumbList","@id":"https:\/\/talkpal.ai\/az\/ibranic%c9%99-qrammatika\/#breadcrumb","itemListElement":[{"@type":"ListItem","position":1,"name":"Homepage","item":"https:\/\/talkpal.ai\/az\/"},{"@type":"ListItem","position":2,"name":"\u0130branic\u0259 Qrammatika"}]},{"@type":"WebSite","@id":"https:\/\/talkpal.ai\/az\/#website","url":"https:\/\/talkpal.ai\/az\/","name":"Talkpal","description":"AI Language Learning","publisher":{"@id":"https:\/\/talkpal.ai\/az\/#organization"},"alternateName":"Talkpal AI","potentialAction":[{"@type":"SearchAction","target":{"@type":"EntryPoint","urlTemplate":"https:\/\/talkpal.ai\/az\/?s={search_term_string}"},"query-input":{"@type":"PropertyValueSpecification","valueRequired":true,"valueName":"search_term_string"}}],"inLanguage":"az"},{"@type":"Organization","@id":"https:\/\/talkpal.ai\/az\/#organization","name":"Talkpal, Inc.","alternateName":"Talkpal AI","url":"https:\/\/talkpal.ai\/az\/","logo":{"@type":"ImageObject","inLanguage":"az","@id":"https:\/\/talkpal.ai\/az\/#\/schema\/logo\/image\/","url":"https:\/\/talkpal.ai\/wp-content\/uploads\/2024\/03\/Talkpal-Logo-Icon.png","contentUrl":"https:\/\/talkpal.ai\/wp-content\/uploads\/2024\/03\/Talkpal-Logo-Icon.png","width":2880,"height":2880,"caption":"Talkpal, Inc."},"image":{"@id":"https:\/\/talkpal.ai\/az\/#\/schema\/logo\/image\/"},"sameAs":["https:\/\/www.facebook.com\/profile.php?id=100090733639311","https:\/\/x.com\/talkpalai","https:\/\/www.linkedin.com\/company\/talkpal\/","https:\/\/www.youtube.com\/@TalkPal\/","https:\/\/www.tiktok.com\/@talkpal","https:\/\/www.instagram.com\/talkpal_ai\/","https:\/\/www.crunchbase.com\/organization\/talkpal-9cde","https:\/\/www.g2.com\/products\/talkpal-for-business\/","https:\/\/www.trustpilot.com\/review\/talkpal.ai","https:\/\/www.capterra.com\/p\/10006800\/TalkPal\/"],"description":"Talkpal is a language learning web and mobile education app, powered by the latest AI technologies, that provides engaging experiences to its customers in many different languages to help them improve their language skills. Users can chat about unlimited amount of topics with the app and use other modes to practice their language learning.","email":"support@talkpal.ai","legalName":"Talkpal, Inc.","foundingDate":"2023-04-03","duns":"118989042","numberOfEmployees":{"@type":"QuantitativeValue","minValue":"11","maxValue":"50"},"publishingPrinciples":"https:\/\/talkpal.ai\/publishing-principles\/","actionableFeedbackPolicy":"https:\/\/talkpal.ai\/actionable-feedback-policy\/","correctionsPolicy":"https:\/\/talkpal.ai\/corrections-policy\/","ethicsPolicy":"https:\/\/talkpal.ai\/ethics-policy\/","diversityPolicy":"https:\/\/talkpal.ai\/diversity-policy\/","diversityStaffingReport":"https:\/\/talkpal.ai\/diversity-policy\/"}]}},"_links":{"self":[{"href":"https:\/\/talkpal.ai\/az\/wp-json\/wp\/v2\/pages\/144241","targetHints":{"allow":["GET"]}}],"collection":[{"href":"https:\/\/talkpal.ai\/az\/wp-json\/wp\/v2\/pages"}],"about":[{"href":"https:\/\/talkpal.ai\/az\/wp-json\/wp\/v2\/types\/page"}],"author":[{"embeddable":true,"href":"https:\/\/talkpal.ai\/az\/wp-json\/wp\/v2\/users\/1"}],"replies":[{"embeddable":true,"href":"https:\/\/talkpal.ai\/az\/wp-json\/wp\/v2\/comments?post=144241"}],"version-history":[{"count":0,"href":"https:\/\/talkpal.ai\/az\/wp-json\/wp\/v2\/pages\/144241\/revisions"}],"wp:featuredmedia":[{"embeddable":true,"href":"https:\/\/talkpal.ai\/az\/wp-json\/wp\/v2\/media\/112915"}],"wp:attachment":[{"href":"https:\/\/talkpal.ai\/az\/wp-json\/wp\/v2\/media?parent=144241"}],"curies":[{"name":"wp","href":"https:\/\/api.w.org\/{rel}","templated":true}]}}