{"id":143958,"date":"2023-05-14T14:03:43","date_gmt":"2023-05-14T14:03:43","guid":{"rendered":"http:\/\/talkpal.ai\/qalisiya-dili-qrammatikasi\/"},"modified":"2025-12-13T15:36:34","modified_gmt":"2025-12-13T15:36:34","slug":"qalisiya-dili-qrammatikasi","status":"publish","type":"page","link":"https:\/\/talkpal.ai\/az\/qalisiya-dili-qrammatikasi\/","title":{"rendered":"Qalisiya dili Qrammatikas\u0131"},"content":{"rendered":"\r\n\r\n\r\n<section class=\"languageChallengeSection\">\r\n    <div class=\"languageInfoWrapper\">\r\n        \r\n        <h1>Qalisiya dili Qrammatikas\u0131<\/h1>\r\n        <p>\u018fsas qrammatik qaydalar\u0131 m\u0259nims\u0259m\u0259kl\u0259 Qalisiya dilinin cazib\u0259sini k\u0259\u015ff edin. Qalisiya qrammatikas\u0131n\u0131 ba\u015fa d\u00fc\u015fm\u0259k m\u0259nal\u0131 \u00fcnsiyy\u0259t\u0259 v\u0259 Qalisiyan\u0131n canl\u0131 m\u0259d\u0259niyy\u0259tinin daha d\u0259rind\u0259n qiym\u0259tl\u0259ndirilm\u0259sin\u0259 qap\u0131lar a\u00e7acaq. Bu g\u00fcn Qalisiya qrammatikas\u0131n\u0131 \u00f6yr\u0259nm\u0259y\u0259 ba\u015flay\u0131n v\u0259 r\u0259vanl\u0131\u011fa do\u011fru ilk add\u0131m\u0131n\u0131z\u0131 at\u0131n!<\/p>\r\n\r\n                            <a class=\"getStartedHidden\" href=\"https:\/\/app.talkpal.ai\/signup?lng=\">Ba\u015fla<\/a>\r\n        \r\n    <\/div>\r\n\r\n    <figure>\r\n    <img decoding=\"async\" width=\"768\" height=\"768\" src=\"https:\/\/talkpal.ai\/wp-content\/uploads\/2023\/06\/galician-768x768.png\" class=\"languageImage no-lazy\" alt=\"Language immersion powerful learning method\" fetchpriority=\"high\" sizes=\"(max-width: 768px) 150px, 768px\" srcset=\"https:\/\/talkpal.ai\/wp-content\/uploads\/2023\/06\/galician-768x768.png 768w, https:\/\/talkpal.ai\/wp-content\/uploads\/2023\/06\/galician-300x300.png 300w\" \/>\r\n    \r\n\r\n    <\/figure>\r\n\r\n            <a class=\"getStartedVisible\" href=\"https:\/\/app.talkpal.ai\/signup?lng=\">Ba\u015fla<\/a>\r\n    \r\n<\/section>\r\n<section class=\"promotionalBanner\">\r\n    <p class=\"promotionalText\">Dil \u00f6yr\u0259nm\u0259yin \u0259n t\u0259sirli yolu<\/p>\r\n    <a class=\"promotionalLink\" href=\"https:\/\/app.talkpal.ai\/signup?lng=\">Talkpal pulsuz s\u0131nay\u0131n<\/a>\r\n<\/section>\n<div class=\"wp-block-group pageContainerStyle\"><div class=\"wp-block-group__inner-container is-layout-constrained wp-block-group-is-layout-constrained\">\n<h2 class=\"wp-block-heading\" id=\"h-galician-grammar-unlocking-the-beauty-of-a-romance-language\">Qalisiya dilinin qrammatikas\u0131. Romantika dilinin g\u00f6z\u0259lliyinin a\u00e7\u0131lmas\u0131<\/h2>\n\n\n\n<p>\u0130spaniyan\u0131n \u015fimal-q\u0259rbind\u0259 iki milyondan \u00e7ox insan\u0131n dan\u0131\u015fd\u0131\u011f\u0131 bir roman dili olan Qalisiya dili portuqal dili il\u0259 ox\u015farl\u0131\u011f\u0131 b\u00f6l\u00fc\u015f\u0259n \u00f6z\u00fcn\u0259m\u0259xsus v\u0259 tutqun dialektdir. Onun \u00f6z\u00fcn\u0259m\u0259xsus fonologiyas\u0131, maraql\u0131 tarixi v\u0259 canl\u0131 poetik \u0259n\u0259n\u0259si var. Bu sehrli dili m\u0259nims\u0259m\u0259k \u00fc\u00e7\u00fcn onun qrammatikas\u0131n\u0131 ba\u015fa d\u00fc\u015fm\u0259k \u00e7ox vacibdir. Bu yaz\u0131da biz Qalisiya qrammatikas\u0131n\u0131n \u0259sas aspektl\u0259rini ara\u015fd\u0131raca\u011f\u0131q v\u0259 bu dil s\u0259yah\u0259tind\u0259 \u00fcst\u00fcn olma\u011f\u0131n\u0131za k\u00f6m\u0259k ed\u0259c\u0259k m\u0259sl\u0259h\u0259tl\u0259r ver\u0259c\u0259yik.<\/p>\n\n\n\n<h3 class=\"wp-block-heading\" id=\"h-key-components-of-galician-grammar\">Qalisiya dilinin qrammatikas\u0131n\u0131n \u0259sas komponentl\u0259ri:<\/h3>\n\n\n\n<p>Qalisiya dilinin qrammatikas\u0131 dig\u0259r romant dill\u0259ri kimi, onun d\u00fczg\u00fcn istifad\u0259sini m\u00fc\u0259yy\u0259n ed\u0259n m\u00fcxt\u0259lif qayda v\u0259 strukturlardan ibar\u0259tdir. Qalisiya dilinin qrammatikas\u0131 il\u0259 yax\u0131ndan tan\u0131\u015f olmaq \u00fc\u00e7\u00fcn \u0259sas m\u0259qamlar bunlard\u0131r:<\/p>\n\n\n\n<p><strong>1. Nouns:<\/strong> Qalisiya nounlar\u0131 iki qrammatik cins\u0259 (ki\u015fiklin v\u0259 femin) malikdirl\u0259r v\u0259 saya g\u00f6r\u0259 inflektdir (sinqular v\u0259 \u00e7oxluqlar). Noun cinsin\u0259 onunla m\u00fc\u015faiy\u0259t olunan m\u0259qal\u0259, adgektiv v\u0259 pronounlar\u0131n formas\u0131na t\u0259sir edir.<\/p>\n\n\n\n<p><strong>2. M\u0259qal\u0259l\u0259r.<\/strong> Qalisiyan\u0131n m\u00fc\u0259yy\u0259n m\u0259qal\u0259l\u0259ri (o, os, a, as) v\u0259 m\u00fcdd\u0259tsiz m\u0259qal\u0259l\u0259ri (un, uns, unha, unhas) var. Konkret m\u0259qal\u0259l\u0259r konkret obyektl\u0259r\u0259 v\u0259 ya insanlara istinad etm\u0259k \u00fc\u00e7\u00fcn istifad\u0259 olunur, qeyri-m\u00fc\u0259yy\u0259n m\u0259qal\u0259l\u0259r is\u0259 \u00fcmumi v\u0259 ya qeyri-spesifik istinadlar \u00fc\u00e7\u00fcn istifad\u0259 olunur.<\/p>\n\n\n\n<p><strong>3. Adjectives and adverbs:<\/strong> Galician dilind\u0259 adjectives ad\u0259t\u0259n cins v\u0259 r\u0259q\u0259m olaraq onlar\u0131n d\u0259yi\u015fdirdikl\u0259ri nouns il\u0259 raz\u0131la\u015f\u0131r. Z\u0259rfl\u0259r is\u0259 d\u0259yi\u015fm\u0259zdir v\u0259 ismin cinsin\u0259 v\u0259 say\u0131na g\u00f6r\u0259 d\u0259yi\u015fmir.<\/p>\n\n\n\n<p><strong>4. Feill\u0259r.<\/strong> Qalisiya feill\u0259ri \u00fc\u00e7 m\u00fcnt\u0259z\u0259m t\u0259rzd\u0259 (ar, er, ir) v\u0259 m\u00fcxt\u0259lif nizams\u0131z t\u0259rzl\u0259rd\u0259 birl\u0259\u015fir. Feill\u0259r g\u0259rgin (indiki, ke\u00e7mi\u015f, g\u0259l\u0259c\u0259k v\u0259 s.), \u0259hval-ruhiyy\u0259 (g\u00f6st\u0259rici, tabelik, imperativlik), aspekt (m\u00fck\u0259mm\u0259l, qeyri-kamil), s\u0259s (aktiv, passiv) kimi infleksiya olunur. Pronouns \u00e7ox vaxt feli konyuqasiyada qeyd olunur, \u00e7\u00fcnki ad\u0259t\u0259n feli formasiya m\u00f6vzunu g\u00f6st\u0259rir.<\/p>\n\n\n\n<p><strong>5. C\u00fcml\u0259 qurulu\u015fu.<\/strong> Qalisiya dilind\u0259, ad\u0259t\u0259n, vur\u011fu v\u0259 kontekstd\u0259n as\u0131l\u0131 olaraq, Subject-Verb-Object (SVO) v\u0259 ya Verb-Subject-Object (VSO) s\u00f6z nizam\u0131 istifad\u0259 olunur. Lakin bu s\u00f6z s\u0131ras\u0131 elastikdir.<\/p>\n\n\n\n<h3 class=\"wp-block-heading\" id=\"h-tips-for-learning-galician-grammar\">Qalisiya dilinin qrammatikas\u0131n\u0131 \u00f6yr\u0259nm\u0259k \u00fc\u00e7\u00fcn m\u0259sl\u0259h\u0259tl\u0259r:<\/h3>\n\n\n\n<p>Qalisiya dilinin qrammatikas\u0131n\u0131 \u00f6yr\u0259nm\u0259k s\u0259yah\u0259tind\u0259 m\u00fcv\u0259ff\u0259qiyy\u0259tli olmaq \u00fc\u00e7\u00fcn a\u015fa\u011f\u0131dak\u0131 faydal\u0131 strategiyalar\u0131 n\u0259z\u0259rd\u0259n ke\u00e7ir\u0259k:<\/p>\n\n\n\n<p><strong>1. M\u00fcnt\u0259z\u0259m praktika.<\/strong> Ard\u0131c\u0131ll\u0131q \u0259sasd\u0131r. H\u0259r g\u00fcn v\u0259 ya h\u0259ft\u0259 \u0259rzind\u0259 qalisiya dilind\u0259 qrammatika m\u0259\u015fql\u0259ri, oxumaq v\u0259 yazmaq \u00fc\u00e7\u00fcn konkret vaxt ay\u0131r.<\/p>\n\n\n\n<p><strong>2. Yerli resurslardan istifad\u0259 edin.<\/strong> \u018fd\u0259biyyat, x\u0259b\u0259r m\u0259qal\u0259l\u0259ri, filml\u0259r kimi m\u00f6t\u0259b\u0259r Qalisiya materiallar\u0131na bat\u0131r\u0131n. Bu, qalisiya dilinin qrammatikalar\u0131n\u0131 kontekst\u0259 g\u00f6r\u0259 g\u00f6rm\u0259kl\u0259 yana\u015f\u0131, oxumaq v\u0259 dinl\u0259m\u0259k bacar\u0131\u011f\u0131n\u0131 da yax\u015f\u0131la\u015fd\u0131r\u0131r.<\/p>\n\n\n\n<p><strong>3. Noun cinsl\u0259ri v\u0259 m\u0259qal\u0259l\u0259ri \u00f6yr\u0259nin.<\/strong> Qalisiya noun cinsl\u0259ri v\u0259 m\u0259qal\u0259l\u0259rd\u0259n d\u00fczg\u00fcn istifad\u0259 il\u0259 tan\u0131\u015f olun. Bu, d\u0259qiq v\u0259 bir-biri il\u0259 ba\u011fl\u0131 c\u00fcml\u0259l\u0259rin \u0259m\u0259l\u0259 g\u0259lm\u0259si \u00fc\u00e7\u00fcn olduqca vacibdir.<\/p>\n\n\n\n<p><strong>4. Yerli dan\u0131\u015fanlarla \u0259laq\u0259 yaratmaq.<\/strong> Dil m\u00fcbadil\u0259si proqramlar\u0131, sosial media v\u0259 ya onlayn forumlar vasit\u0259sil\u0259 yerli Galician speakers il\u0259 \u0259laq\u0259 yaratmaq. Bu, real h\u0259yatda olan s\u00f6hb\u0259tl\u0259rd\u0259 qrammatikan\u0131 praktikada t\u0259tbiq etm\u0259k v\u0259 d\u0259y\u0259rli fikirl\u0259r \u0259ld\u0259 etm\u0259k imkan\u0131 yarad\u0131r.<\/p>\n\n\n\n<p><strong>5. S\u0259br v\u0259 israr.<\/strong> Yeni dil \u00f6yr\u0259nm\u0259k vaxt, q\u0259tiyy\u0259t v\u0259 s\u0259bir t\u0259l\u0259b edir. \u00c7\u0259tinlikl\u0259ri q\u0259bul edin v\u0259 bu yolda ir\u0259lil\u0259yi\u015finizi qeyd edin.<\/p>\n\n\n\n<h2 class=\"wp-block-heading\" id=\"h-conclusion\">Yekun:<\/h2>\n\n\n\n<p>Qalisiya dilinin qrammatikas\u0131 bu c\u0259lbedici dialekti ustal\u0131qla inki\u015faf etdirm\u0259k \u00fc\u00e7\u00fcn \u0259sas rol oynay\u0131r. Onun \u0259sas komponentl\u0259rini d\u0259rk etm\u0259kl\u0259 v\u0259 \u00f6yr\u0259nm\u0259 strategiyalar\u0131m\u0131za \u0259m\u0259l etm\u0259kl\u0259, siz linqvistik bilikl\u0259r\u0259 do\u011fru ir\u0259lil\u0259y\u0259c\u0259ksiniz. Bel\u0259likl\u0259, bu sevindirici s\u0259yah\u0259t\u0259 \u00e7\u0131x v\u0259 qalisiya dilinin m\u00f6&#8217;c\u00fcz\u0259l\u0259rini a\u00e7!<\/p>\n<\/div><\/div>\n\r\n<section class=\"learnNavigationSection\">\r\n            \r\n        <a href=\"https:\/\/talkpal.ai\/az\/qalisiya-dilini-oyr%c9%99n\/\">\r\n            <div class=\"learnNavigationWrapper\">\r\n                <div class=\"learnNavigationContent\">\r\n                    <img decoding=\"async\" src=\"https:\/\/talkpal.ai\/wp-content\/uploads\/2024\/08\/Galician.jpg\" alt=\"Galicia Flag\">\r\n                    <div>\r\n                        <h4>Galician Learning Haqq\u0131nda<\/h4>\r\n                        <p>Qalisiya dilinin qrammatikas\u0131 haqq\u0131nda h\u0259r \u015feyi \u00f6yr\u0259nin .<\/p>\r\n                    <\/div>\r\n                <\/div>\r\n            <\/div>\r\n        <\/a>\r\n\r\n        \r\n        <a href=\"https:\/\/talkpal.ai\/az\/qalisiya-dilinin-qrammatikasi-m%c9%99sql%c9%99ri\/\">\r\n            <div class=\"learnNavigationWrapper\">\r\n                <div class=\"learnNavigationContent\">\r\n                    <img decoding=\"async\" src=\"https:\/\/talkpal.ai\/wp-content\/uploads\/2024\/08\/Galician.jpg\" alt=\"Galicia Flag\">\r\n                    <div>\r\n                        <h4>Qalisiya Qrammatikas\u0131 M\u0259\u015fqi<\/h4>\r\n                        <p>Qalisiya dilinin qrammatikas\u0131 il\u0259 m\u0259\u015f\u011ful.<\/p>\r\n                    <\/div>\r\n                <\/div>\r\n            <\/div>\r\n        <\/a>\r\n\r\n        \r\n        <a href=\"https:\/\/talkpal.ai\/vocabulary_language\/galician\/\">\r\n            <div class=\"learnNavigationWrapper\">\r\n                <div class=\"learnNavigationContent\">\r\n                    <img decoding=\"async\" src=\"https:\/\/talkpal.ai\/wp-content\/uploads\/2024\/08\/Galician.jpg\" alt=\"Galicia Flag\">\r\n                    <div>\r\n                        <h4>Qalisiya l\u00fc\u011f\u0259ti<\/h4>\r\n                        <p>Galician l\u00fc\u011f\u0259tinizi geni\u015fl\u0259ndirin.<\/p>\r\n                    <\/div>\r\n                <\/div>\r\n            <\/div>\r\n        <\/a>\r\n\r\n            <\/section>","protected":false},"excerpt":{"rendered":"<p>Qalisiya dilinin qrammatikas\u0131. Romantika dilinin g\u00f6z\u0259lliyinin a\u00e7\u0131lmas\u0131 \u0130spaniyan\u0131n \u015fimal-q\u0259rbind\u0259 iki milyondan \u00e7ox insan\u0131n dan\u0131\u015fd\u0131\u011f\u0131 bir roman dili olan Qalisiya dili portuqal dili il\u0259 ox\u015farl\u0131\u011f\u0131 b\u00f6l\u00fc\u015f\u0259n \u00f6z\u00fcn\u0259m\u0259xsus v\u0259 tutqun dialektdir. Onun \u00f6z\u00fcn\u0259m\u0259xsus fonologiyas\u0131, maraql\u0131 tarixi v\u0259 canl\u0131 poetik \u0259n\u0259n\u0259si var. Bu sehrli dili m\u0259nims\u0259m\u0259k \u00fc\u00e7\u00fcn onun qrammatikas\u0131n\u0131 ba\u015fa d\u00fc\u015fm\u0259k \u00e7ox vacibdir. Bu yaz\u0131da biz Qalisiya qrammatikas\u0131n\u0131n [&hellip;]<\/p>\n","protected":false},"author":1,"featured_media":111945,"parent":0,"menu_order":0,"comment_status":"closed","ping_status":"closed","template":"LearningContentPage.php","meta":{"_acf_changed":false,"footnotes":""},"class_list":["post-143958","page","type-page","status-publish","has-post-thumbnail","hentry"],"acf":[],"yoast_head":"<!-- This site is optimized with the Yoast SEO Premium plugin v27.2 (Yoast SEO v27.2) - https:\/\/yoast.com\/product\/yoast-seo-premium-wordpress\/ -->\n<title>Qalisiya dili Qrammatikas\u0131 - Talkpal<\/title>\n<meta name=\"description\" content=\"Qalisiya qrammatikas\u0131n\u0131 asanl\u0131qla m\u0259nims\u0259yin - qaydalar\u0131 \u00f6yr\u0259nin, d\u00fczg\u00fcn c\u00fcml\u0259l\u0259r qurun v\u0259 ayd\u0131n \u00fcnsiyy\u0259t qurun\" \/>\n<meta name=\"robots\" content=\"index, follow, max-snippet:-1, max-image-preview:large, max-video-preview:-1\" \/>\n<link rel=\"canonical\" href=\"https:\/\/talkpal.ai\/az\/qalisiya-dili-qrammatikasi\/\" \/>\n<meta property=\"og:locale\" content=\"az_AZ\" \/>\n<meta property=\"og:type\" content=\"article\" \/>\n<meta property=\"og:title\" content=\"Qalisiya dili Qrammatikas\u0131\" \/>\n<meta property=\"og:description\" content=\"Qalisiya dilinin qrammatikas\u0131. Romantika dilinin g\u00f6z\u0259lliyinin a\u00e7\u0131lmas\u0131 \u0130spaniyan\u0131n \u015fimal-q\u0259rbind\u0259 iki milyondan \u00e7ox insan\u0131n dan\u0131\u015fd\u0131\u011f\u0131 bir roman dili olan\" \/>\n<meta property=\"og:url\" content=\"https:\/\/talkpal.ai\/az\/qalisiya-dili-qrammatikasi\/\" \/>\n<meta property=\"og:site_name\" content=\"Talkpal\" \/>\n<meta property=\"article:publisher\" content=\"https:\/\/www.facebook.com\/profile.php?id=100090733639311\" \/>\n<meta property=\"article:modified_time\" content=\"2025-12-13T15:36:34+00:00\" \/>\n<meta property=\"og:image\" content=\"https:\/\/talkpal.ai\/wp-content\/uploads\/2023\/05\/Galician-spain.png\" \/>\n\t<meta property=\"og:image:width\" content=\"512\" \/>\n\t<meta property=\"og:image:height\" content=\"512\" \/>\n\t<meta property=\"og:image:type\" content=\"image\/png\" \/>\n<meta name=\"twitter:card\" content=\"summary_large_image\" \/>\n<meta name=\"twitter:site\" content=\"@talkpalai\" \/>\n<meta name=\"twitter:label1\" content=\"Est. reading time\" \/>\n\t<meta name=\"twitter:data1\" content=\"4 minutes\" \/>\n<script type=\"application\/ld+json\" class=\"yoast-schema-graph\">{\"@context\":\"https:\/\/schema.org\",\"@graph\":[{\"@type\":\"WebPage\",\"@id\":\"https:\/\/talkpal.ai\/az\/qalisiya-dili-qrammatikasi\/\",\"url\":\"https:\/\/talkpal.ai\/az\/qalisiya-dili-qrammatikasi\/\",\"name\":\"Qalisiya dili Qrammatikas\u0131 - Talkpal\",\"isPartOf\":{\"@id\":\"https:\/\/talkpal.ai\/az\/#website\"},\"primaryImageOfPage\":{\"@id\":\"https:\/\/talkpal.ai\/az\/qalisiya-dili-qrammatikasi\/#primaryimage\"},\"image\":{\"@id\":\"https:\/\/talkpal.ai\/az\/qalisiya-dili-qrammatikasi\/#primaryimage\"},\"thumbnailUrl\":\"https:\/\/talkpal.ai\/wp-content\/uploads\/2023\/05\/Galician-spain.png\",\"datePublished\":\"2023-05-14T14:03:43+00:00\",\"dateModified\":\"2025-12-13T15:36:34+00:00\",\"description\":\"Qalisiya qrammatikas\u0131n\u0131 asanl\u0131qla m\u0259nims\u0259yin - qaydalar\u0131 \u00f6yr\u0259nin, d\u00fczg\u00fcn c\u00fcml\u0259l\u0259r qurun v\u0259 ayd\u0131n \u00fcnsiyy\u0259t qurun\",\"breadcrumb\":{\"@id\":\"https:\/\/talkpal.ai\/az\/qalisiya-dili-qrammatikasi\/#breadcrumb\"},\"inLanguage\":\"az\",\"potentialAction\":[{\"@type\":\"ReadAction\",\"target\":[\"https:\/\/talkpal.ai\/az\/qalisiya-dili-qrammatikasi\/\"]}]},{\"@type\":\"ImageObject\",\"inLanguage\":\"az\",\"@id\":\"https:\/\/talkpal.ai\/az\/qalisiya-dili-qrammatikasi\/#primaryimage\",\"url\":\"https:\/\/talkpal.ai\/wp-content\/uploads\/2023\/05\/Galician-spain.png\",\"contentUrl\":\"https:\/\/talkpal.ai\/wp-content\/uploads\/2023\/05\/Galician-spain.png\",\"width\":512,\"height\":512},{\"@type\":\"BreadcrumbList\",\"@id\":\"https:\/\/talkpal.ai\/az\/qalisiya-dili-qrammatikasi\/#breadcrumb\",\"itemListElement\":[{\"@type\":\"ListItem\",\"position\":1,\"name\":\"Homepage\",\"item\":\"https:\/\/talkpal.ai\/az\/\"},{\"@type\":\"ListItem\",\"position\":2,\"name\":\"Qalisiya dili Qrammatikas\u0131\"}]},{\"@type\":\"WebSite\",\"@id\":\"https:\/\/talkpal.ai\/az\/#website\",\"url\":\"https:\/\/talkpal.ai\/az\/\",\"name\":\"Talkpal\",\"description\":\"AI Language Learning\",\"publisher\":{\"@id\":\"https:\/\/talkpal.ai\/az\/#organization\"},\"alternateName\":\"Talkpal AI\",\"potentialAction\":[{\"@type\":\"SearchAction\",\"target\":{\"@type\":\"EntryPoint\",\"urlTemplate\":\"https:\/\/talkpal.ai\/az\/?s={search_term_string}\"},\"query-input\":{\"@type\":\"PropertyValueSpecification\",\"valueRequired\":true,\"valueName\":\"search_term_string\"}}],\"inLanguage\":\"az\"},{\"@type\":\"Organization\",\"@id\":\"https:\/\/talkpal.ai\/az\/#organization\",\"name\":\"Talkpal, Inc.\",\"alternateName\":\"Talkpal AI\",\"url\":\"https:\/\/talkpal.ai\/az\/\",\"logo\":{\"@type\":\"ImageObject\",\"inLanguage\":\"az\",\"@id\":\"https:\/\/talkpal.ai\/az\/#\/schema\/logo\/image\/\",\"url\":\"https:\/\/talkpal.ai\/wp-content\/uploads\/2024\/03\/Talkpal-Logo-Icon.png\",\"contentUrl\":\"https:\/\/talkpal.ai\/wp-content\/uploads\/2024\/03\/Talkpal-Logo-Icon.png\",\"width\":2880,\"height\":2880,\"caption\":\"Talkpal, Inc.\"},\"image\":{\"@id\":\"https:\/\/talkpal.ai\/az\/#\/schema\/logo\/image\/\"},\"sameAs\":[\"https:\/\/www.facebook.com\/profile.php?id=100090733639311\",\"https:\/\/x.com\/talkpalai\",\"https:\/\/www.linkedin.com\/company\/talkpal\/\",\"https:\/\/www.youtube.com\/@TalkPal\/\",\"https:\/\/www.tiktok.com\/@talkpal\",\"https:\/\/www.instagram.com\/talkpal_ai\/\",\"https:\/\/www.crunchbase.com\/organization\/talkpal-9cde\",\"https:\/\/www.g2.com\/products\/talkpal-for-business\/\",\"https:\/\/www.trustpilot.com\/review\/talkpal.ai\",\"https:\/\/www.capterra.com\/p\/10006800\/TalkPal\/\"],\"description\":\"Talkpal is a language learning web and mobile education app, powered by the latest AI technologies, that provides engaging experiences to its customers in many different languages to help them improve their language skills. Users can chat about unlimited amount of topics with the app and use other modes to practice their language learning.\",\"email\":\"support@talkpal.ai\",\"legalName\":\"Talkpal, Inc.\",\"foundingDate\":\"2023-04-03\",\"duns\":\"118989042\",\"numberOfEmployees\":{\"@type\":\"QuantitativeValue\",\"minValue\":\"11\",\"maxValue\":\"50\"},\"publishingPrinciples\":\"https:\/\/talkpal.ai\/publishing-principles\/\",\"actionableFeedbackPolicy\":\"https:\/\/talkpal.ai\/actionable-feedback-policy\/\",\"correctionsPolicy\":\"https:\/\/talkpal.ai\/corrections-policy\/\",\"ethicsPolicy\":\"https:\/\/talkpal.ai\/ethics-policy\/\",\"diversityPolicy\":\"https:\/\/talkpal.ai\/diversity-policy\/\",\"diversityStaffingReport\":\"https:\/\/talkpal.ai\/diversity-policy\/\"}]}<\/script>\n<!-- \/ Yoast SEO Premium plugin. -->","yoast_head_json":{"title":"Qalisiya dili Qrammatikas\u0131 - Talkpal","description":"Qalisiya qrammatikas\u0131n\u0131 asanl\u0131qla m\u0259nims\u0259yin - qaydalar\u0131 \u00f6yr\u0259nin, d\u00fczg\u00fcn c\u00fcml\u0259l\u0259r qurun v\u0259 ayd\u0131n \u00fcnsiyy\u0259t qurun","robots":{"index":"index","follow":"follow","max-snippet":"max-snippet:-1","max-image-preview":"max-image-preview:large","max-video-preview":"max-video-preview:-1"},"canonical":"https:\/\/talkpal.ai\/az\/qalisiya-dili-qrammatikasi\/","og_locale":"az_AZ","og_type":"article","og_title":"Qalisiya dili Qrammatikas\u0131","og_description":"Qalisiya dilinin qrammatikas\u0131. Romantika dilinin g\u00f6z\u0259lliyinin a\u00e7\u0131lmas\u0131 \u0130spaniyan\u0131n \u015fimal-q\u0259rbind\u0259 iki milyondan \u00e7ox insan\u0131n dan\u0131\u015fd\u0131\u011f\u0131 bir roman dili olan","og_url":"https:\/\/talkpal.ai\/az\/qalisiya-dili-qrammatikasi\/","og_site_name":"Talkpal","article_publisher":"https:\/\/www.facebook.com\/profile.php?id=100090733639311","article_modified_time":"2025-12-13T15:36:34+00:00","og_image":[{"width":512,"height":512,"url":"https:\/\/talkpal.ai\/wp-content\/uploads\/2023\/05\/Galician-spain.png","type":"image\/png"}],"twitter_card":"summary_large_image","twitter_site":"@talkpalai","twitter_misc":{"Est. reading time":"4 minutes"},"schema":{"@context":"https:\/\/schema.org","@graph":[{"@type":"WebPage","@id":"https:\/\/talkpal.ai\/az\/qalisiya-dili-qrammatikasi\/","url":"https:\/\/talkpal.ai\/az\/qalisiya-dili-qrammatikasi\/","name":"Qalisiya dili Qrammatikas\u0131 - Talkpal","isPartOf":{"@id":"https:\/\/talkpal.ai\/az\/#website"},"primaryImageOfPage":{"@id":"https:\/\/talkpal.ai\/az\/qalisiya-dili-qrammatikasi\/#primaryimage"},"image":{"@id":"https:\/\/talkpal.ai\/az\/qalisiya-dili-qrammatikasi\/#primaryimage"},"thumbnailUrl":"https:\/\/talkpal.ai\/wp-content\/uploads\/2023\/05\/Galician-spain.png","datePublished":"2023-05-14T14:03:43+00:00","dateModified":"2025-12-13T15:36:34+00:00","description":"Qalisiya qrammatikas\u0131n\u0131 asanl\u0131qla m\u0259nims\u0259yin - qaydalar\u0131 \u00f6yr\u0259nin, d\u00fczg\u00fcn c\u00fcml\u0259l\u0259r qurun v\u0259 ayd\u0131n \u00fcnsiyy\u0259t qurun","breadcrumb":{"@id":"https:\/\/talkpal.ai\/az\/qalisiya-dili-qrammatikasi\/#breadcrumb"},"inLanguage":"az","potentialAction":[{"@type":"ReadAction","target":["https:\/\/talkpal.ai\/az\/qalisiya-dili-qrammatikasi\/"]}]},{"@type":"ImageObject","inLanguage":"az","@id":"https:\/\/talkpal.ai\/az\/qalisiya-dili-qrammatikasi\/#primaryimage","url":"https:\/\/talkpal.ai\/wp-content\/uploads\/2023\/05\/Galician-spain.png","contentUrl":"https:\/\/talkpal.ai\/wp-content\/uploads\/2023\/05\/Galician-spain.png","width":512,"height":512},{"@type":"BreadcrumbList","@id":"https:\/\/talkpal.ai\/az\/qalisiya-dili-qrammatikasi\/#breadcrumb","itemListElement":[{"@type":"ListItem","position":1,"name":"Homepage","item":"https:\/\/talkpal.ai\/az\/"},{"@type":"ListItem","position":2,"name":"Qalisiya dili Qrammatikas\u0131"}]},{"@type":"WebSite","@id":"https:\/\/talkpal.ai\/az\/#website","url":"https:\/\/talkpal.ai\/az\/","name":"Talkpal","description":"AI Language Learning","publisher":{"@id":"https:\/\/talkpal.ai\/az\/#organization"},"alternateName":"Talkpal AI","potentialAction":[{"@type":"SearchAction","target":{"@type":"EntryPoint","urlTemplate":"https:\/\/talkpal.ai\/az\/?s={search_term_string}"},"query-input":{"@type":"PropertyValueSpecification","valueRequired":true,"valueName":"search_term_string"}}],"inLanguage":"az"},{"@type":"Organization","@id":"https:\/\/talkpal.ai\/az\/#organization","name":"Talkpal, Inc.","alternateName":"Talkpal AI","url":"https:\/\/talkpal.ai\/az\/","logo":{"@type":"ImageObject","inLanguage":"az","@id":"https:\/\/talkpal.ai\/az\/#\/schema\/logo\/image\/","url":"https:\/\/talkpal.ai\/wp-content\/uploads\/2024\/03\/Talkpal-Logo-Icon.png","contentUrl":"https:\/\/talkpal.ai\/wp-content\/uploads\/2024\/03\/Talkpal-Logo-Icon.png","width":2880,"height":2880,"caption":"Talkpal, Inc."},"image":{"@id":"https:\/\/talkpal.ai\/az\/#\/schema\/logo\/image\/"},"sameAs":["https:\/\/www.facebook.com\/profile.php?id=100090733639311","https:\/\/x.com\/talkpalai","https:\/\/www.linkedin.com\/company\/talkpal\/","https:\/\/www.youtube.com\/@TalkPal\/","https:\/\/www.tiktok.com\/@talkpal","https:\/\/www.instagram.com\/talkpal_ai\/","https:\/\/www.crunchbase.com\/organization\/talkpal-9cde","https:\/\/www.g2.com\/products\/talkpal-for-business\/","https:\/\/www.trustpilot.com\/review\/talkpal.ai","https:\/\/www.capterra.com\/p\/10006800\/TalkPal\/"],"description":"Talkpal is a language learning web and mobile education app, powered by the latest AI technologies, that provides engaging experiences to its customers in many different languages to help them improve their language skills. Users can chat about unlimited amount of topics with the app and use other modes to practice their language learning.","email":"support@talkpal.ai","legalName":"Talkpal, Inc.","foundingDate":"2023-04-03","duns":"118989042","numberOfEmployees":{"@type":"QuantitativeValue","minValue":"11","maxValue":"50"},"publishingPrinciples":"https:\/\/talkpal.ai\/publishing-principles\/","actionableFeedbackPolicy":"https:\/\/talkpal.ai\/actionable-feedback-policy\/","correctionsPolicy":"https:\/\/talkpal.ai\/corrections-policy\/","ethicsPolicy":"https:\/\/talkpal.ai\/ethics-policy\/","diversityPolicy":"https:\/\/talkpal.ai\/diversity-policy\/","diversityStaffingReport":"https:\/\/talkpal.ai\/diversity-policy\/"}]}},"_links":{"self":[{"href":"https:\/\/talkpal.ai\/az\/wp-json\/wp\/v2\/pages\/143958","targetHints":{"allow":["GET"]}}],"collection":[{"href":"https:\/\/talkpal.ai\/az\/wp-json\/wp\/v2\/pages"}],"about":[{"href":"https:\/\/talkpal.ai\/az\/wp-json\/wp\/v2\/types\/page"}],"author":[{"embeddable":true,"href":"https:\/\/talkpal.ai\/az\/wp-json\/wp\/v2\/users\/1"}],"replies":[{"embeddable":true,"href":"https:\/\/talkpal.ai\/az\/wp-json\/wp\/v2\/comments?post=143958"}],"version-history":[{"count":0,"href":"https:\/\/talkpal.ai\/az\/wp-json\/wp\/v2\/pages\/143958\/revisions"}],"wp:featuredmedia":[{"embeddable":true,"href":"https:\/\/talkpal.ai\/az\/wp-json\/wp\/v2\/media\/111945"}],"wp:attachment":[{"href":"https:\/\/talkpal.ai\/az\/wp-json\/wp\/v2\/media?parent=143958"}],"curies":[{"name":"wp","href":"https:\/\/api.w.org\/{rel}","templated":true}]}}