{"id":143620,"date":"2023-05-14T14:03:23","date_gmt":"2023-05-14T14:03:23","guid":{"rendered":"http:\/\/talkpal.ai\/danimarka-qrammatikasi\/"},"modified":"2025-12-13T15:28:00","modified_gmt":"2025-12-13T15:28:00","slug":"danimarka-qrammatikasi","status":"publish","type":"page","link":"https:\/\/talkpal.ai\/az\/danimarka-qrammatikasi\/","title":{"rendered":"Danimarka qrammatikas\u0131"},"content":{"rendered":"\r\n\r\n\r\n<section class=\"languageChallengeSection\">\r\n    <div class=\"languageInfoWrapper\">\r\n        \r\n        <h1>Danimarka qrammatikas\u0131<\/h1>\r\n        <p><a href=\"https:\/\/talkpal.ai\/learn-danish\/\">Danimarka<\/a> qrammatikas\u0131n\u0131n \u0259saslar\u0131n\u0131 a\u00e7\u0131n v\u0259 bu cazib\u0259dar Skandinaviya dilind\u0259 inamla \u00fcnsiyy\u0259t\u0259 ba\u015flay\u0131n. \u018fsas qaydalar\u0131 v\u0259 strukturlar\u0131 m\u0259nims\u0259m\u0259kl\u0259, siz Danimarkal\u0131 dan\u0131\u015fanlarla \u0259laq\u0259 saxlamaq v\u0259 onlar\u0131n z\u0259ngin m\u0259d\u0259niyy\u0259tini birba\u015fa t\u0259cr\u00fcb\u0259d\u0259n ke\u00e7irm\u0259k \u00fc\u00e7\u00fcn laz\u0131m olan bacar\u0131qlar\u0131 \u0259ld\u0259 ed\u0259c\u0259ksiniz. Danimarka dilinin qrammatikas\u0131n\u0131 \u00f6yr\u0259nm\u0259y\u0259 bu g\u00fcn ba\u015flay\u0131n v\u0259 r\u0259vanl\u0131\u011fa do\u011fru ilk add\u0131m\u0131n\u0131z\u0131 at\u0131n!\n\n<\/p>\r\n\r\n                            <a class=\"getStartedHidden\" href=\"https:\/\/app.talkpal.ai\/signup?lng=\">Ba\u015fla<\/a>\r\n        \r\n    <\/div>\r\n\r\n    <figure>\r\n    <img decoding=\"async\" width=\"768\" height=\"768\" src=\"https:\/\/talkpal.ai\/wp-content\/uploads\/2023\/06\/danish-768x768.png\" class=\"languageImage no-lazy\" alt=\"Language learning for career enhancement\" fetchpriority=\"high\" sizes=\"(max-width: 768px) 150px, 768px\" srcset=\"https:\/\/talkpal.ai\/wp-content\/uploads\/2023\/06\/danish-768x768.png 768w, https:\/\/talkpal.ai\/wp-content\/uploads\/2023\/06\/danish-300x300.png 300w\" \/>\r\n    \r\n\r\n    <\/figure>\r\n\r\n            <a class=\"getStartedVisible\" href=\"https:\/\/app.talkpal.ai\/signup?lng=\">Ba\u015fla<\/a>\r\n    \r\n<\/section>\r\n<section class=\"promotionalBanner\">\r\n    <p class=\"promotionalText\">Dil \u00f6yr\u0259nm\u0259yin \u0259n t\u0259sirli yolu<\/p>\r\n    <a class=\"promotionalLink\" href=\"https:\/\/app.talkpal.ai\/signup?lng=\">Talkpal pulsuz s\u0131nay\u0131n<\/a>\r\n<\/section>\n<div class=\"wp-block-group pageContainerStyle\"><div class=\"wp-block-group__inner-container is-layout-constrained wp-block-group-is-layout-constrained\">\n<h2 class=\"wp-block-heading\" id=\"h-delving-into-the-depths-of-danish-grammar-unraveling-its-idiosyncrasies-and-charm\">Danimarka dilinin qrammatikas\u0131na d\u0259rind\u0259n d\u0259rind\u0259n dara\u015fmaq. Onun \u0130diosyncrasies v\u0259 Charm-lar\u0131n\u0131 unraveling<\/h2>\n\n\n\n<p>Xat\u0131rlay\u0131rs\u0131n\u0131zsa, ingilis dilinin qrammatikas\u0131n\u0131 \u00f6yr\u0259nm\u0259k onun qayda-qanunlar\u0131, istisnalar\u0131 v\u0259 m\u00fcr\u0259kk\u0259b terminologiyalar\u0131 il\u0259 \u00e7ox b\u00f6y\u00fck m\u00fcbariz\u0259 kimi g\u00f6r\u00fcn\u00fcrd\u00fc. \u018fg\u0259r indi diqq\u0259tinizi Danimarka dilini \u00f6yr\u0259nm\u0259y\u0259 y\u00f6n\u0259ldirsinizs\u0259, \u00f6z\u00fcn\u00fcz\u00fc Danimarka qrammatikas\u0131n\u0131n m\u00fcr\u0259kk\u0259bliyi v\u0259 l\u0259zz\u0259tl\u0259ri il\u0259 ba\u015fqa bir valehedici s\u0259yah\u0259t\u0259 haz\u0131rlay\u0131n.<\/p>\n\n\n\n<p>\u015eimali alman dili olan Danimarka dili norve\u00e7 v\u0259 \u0130sve\u00e7 dill\u0259ri il\u0259 ox\u015farl\u0131qlar\u0131 payla\u015f\u0131r. Lakin onun \u00f6z\u00fcn\u0259m\u0259xsus x\u00fcsusiyy\u0259tl\u0259ri var ki, bu da onu d\u0259rini t\u0259dqiq etm\u0259y\u0259 d\u0259y\u0259r bir da\u015f-qa\u015f edir. G\u0259lin Danimarka qrammatikas\u0131n\u0131n m\u00f6c\u00fcz\u0259l\u0259rini h\u0259r d\u0259f\u0259 bir qayda il\u0259 a\u00e7maqla ba\u015flayaq.<\/p>\n\n\n\n<p><strong>Danimarka dilinin qrammatikas\u0131n\u0131n valehedici x\u00fcsusiyy\u0259ti<\/strong> s\u00f6z s\u0131ras\u0131 m\u0259s\u0259l\u0259sind\u0259 onun sad\u0259liyidir. Danimarka dili ingilis dili kimi m\u00f6vzu-verb-object (SVO) strukturunu izl\u0259yir v\u0259 ingilis dilind\u0259 dan\u0131\u015fanlar\u0131n qavranma\u011f\u0131 nisb\u0259t\u0259n asanla\u015fd\u0131r\u0131r. Bununla bel\u0259, bir twist var \u2013 \u0259sas b\u0259ndl\u0259rd\u0259 V2 s\u00f6z s\u0131ras\u0131n\u0131n istifad\u0259si, y\u0259ni fel h\u0259mi\u015f\u0259 ikinci element olmal\u0131d\u0131r. Bu qayda danimarka dilin\u0259 \u00f6z\u00fcn\u0259m\u0259xsusluq toxuyur.<\/p>\n\n\n\n<p>Danimarka dilinin qrammatikas\u0131 il\u0259 ba\u011fl\u0131 daha bir g\u00f6z\u0259l c\u0259h\u0259t onun <strong>iki cinsli sistemidir<\/strong>. Frans\u0131z v\u0259 ya ispan dill\u0259ri kimi b\u0259zi dill\u0259r ki\u015fi v\u0259 qad\u0131n \u00fc\u00e7\u00fcn ayr\u0131-ayr\u0131 cinsl\u0259rd\u0259n ibar\u0259t olsa da, Danimarka dili bunu iki \u0259sas cinsd\u0259n istifad\u0259 etm\u0259kl\u0259 sad\u0259l\u0259\u015fdirir: \u00fcmumi v\u0259 neytri. Danimarka dilind\u0259 \u0259ks\u0259r isiml\u0259r \u201c\u00fcmumi\u201d kateqoriyaya d\u00fc\u015f\u00fcr v\u0259 sif\u0259tl\u0259r v\u0259 m\u0259qal\u0259l\u0259rl\u0259 cins uy\u011funlu\u011funu nisb\u0259t\u0259n asan ba\u015fa d\u00fc\u015f\u00fcr.<\/p>\n\n\n\n<p>G\u0259lin bir &#8211; <strong>biril\u0259 dan\u0131\u015f\u0131n<\/strong> v\u0259 g\u00f6r\u0259c\u0259ksiniz ki, danimarka dili sad\u0259liy\u0259 dair ba\u015fqa dill\u0259rd\u0259n d\u0259 \u00fcst\u00fcn g\u0259lir. Danimarka feill\u0259ri m\u00f6vzuya uy\u011fun olaraq d\u0259yi\u015fmir, bu is\u0259 m\u00fcxt\u0259lif formalar\u0131 \u0259zb\u0259rl\u0259m\u0259k v\u0259 anlamaq \u00fc\u00e7\u00fcn bir k\u00fcl\u0259kdir. M\u00fcnt\u0259z\u0259m feill\u0259r qabaqcadan m\u00fc\u0259yy\u0259n olunan qaydaya riay\u0259t edir, qeyri-m\u00fcnt\u0259z\u0259m feill\u0259r is\u0259 \u00e7ox az \u00e7\u0259tinlik yarad\u0131r, \u00e7\u00fcnki onlar\u0131n qeyri-m\u00fcnt\u0259z\u0259mlikl\u0259ri \u00e7ox gizlidir.<\/p>\n\n\n\n<p>Danimarka dilinin qrammatikas\u0131 <strong>qeyri-m\u00fc\u0259yy\u0259nlikl\u0259rd\u0259n, m\u0259qal\u0259l\u0259rd\u0259n v\u0259 n\u00fcmayi\u015fl\u0259rd\u0259n istifad\u0259 ed\u0259r\u0259k<\/strong> \u00f6z\u00fcn\u0259m\u0259xsus bir x\u00fcsusiyy\u0259t t\u0259klif edir. Qeyri-m\u00fc\u0259yy\u0259n artikl ingilis dilind\u0259 \u201ca\u201d v\u0259 ya \u201can\u201d il\u0259 b\u0259rab\u0259rdir v\u0259 Danimarka dilind\u0259 \u00fcmumi cins \u00fc\u00e7\u00fcn \u201cen\u201d v\u0259 ya neytral isiml\u0259r \u00fc\u00e7\u00fcn \u201cet\u201d ola bil\u0259r. \u0130ngilis dilind\u0259ki \u201cthe\u201d kimi m\u00fc\u0259yy\u0259n artikl ismin sonuna birl\u0259\u015f\u0259r\u0259k bir s\u00f6z\u0259 \u00e7evrilir. Konkret nounlar\u0131 g\u00f6st\u0259r\u0259n demonstratives d\u0259 noun cinsin\u0259 g\u00f6r\u0259 d\u0259yi\u015fir, spesifiklik v\u0259 cazib\u0259darl\u0131q s\u0259viyy\u0259sini \u0259lav\u0259 edir.<\/p>\n\n\n\n<p><strong>Danimarka t\u0259l\u0259ff\u00fcz\u00fcn\u00fcn<\/strong> g\u00f6z\u0259lliyini unutmayaq ki, onun f\u0259rqli sait s\u0259sl\u0259ri v\u0259 yum\u015fald\u0131lm\u0131\u015f samitl\u0259ri il\u0259 tan\u0131\u015fl\u0131q t\u0259l\u0259b olunur. \u015et\u00f8d (glottal stop) istifad\u0259 edilm\u0259si onu dig\u0259r alman dill\u0259rind\u0259n daha da f\u0259rql\u0259ndirir v\u0259 danimarkal\u0131lara \u00f6z\u00fcn\u0259m\u0259xsus s\u0259s v\u0259 ah\u0259ng b\u0259x\u015f edir.<\/p>\n\n\n\n<p>Danimarka dilinin qrammatikas\u0131na q\u0259rq etm\u0259kl\u0259 siz n\u0259inki yeni bir dil \u00f6yr\u0259n\u0259c\u0259ksiniz, h\u0259m d\u0259 m\u0259d\u0259ni bilikl\u0259rinizi v\u0259 Danimarka v\u0259 onun xalq\u0131 haqq\u0131nda anlay\u0131\u015f\u0131n\u0131z\u0131 geni\u015f \u015f\u0259kild\u0259 z\u0259nginl\u0259\u015fdir\u0259c\u0259ksiniz. Danimarka dilinin qrammatikas\u0131 b\u0259z\u0259n \u00e7\u0259tin olsa da, k\u0259\u015ff etm\u0259yi d\u0259fedilm\u0259z dil ed\u0259n says\u0131z-hesabs\u0131z cazib\u0259darl\u0131q v\u0259 idiosinfras\u0131n qap\u0131s\u0131n\u0131 a\u00e7an unikal \u00f6yr\u0259nm\u0259 t\u0259cr\u00fcb\u0259si t\u0259klif edir. Bel\u0259likl\u0259, dil kitablar\u0131n\u0131z\u0131 tutun v\u0259 h\u0259r d\u0259f\u0259 sizi \u0259sir v\u0259 ruhland\u0131raca\u011f\u0131na s\u00f6z ver\u0259n Danimarka qrammatik mac\u0259ras\u0131 ba\u015flad\u0131n!<\/p>\n<\/div><\/div>\n\r\n<section class=\"learnNavigationSection\">\r\n            \r\n        <a href=\"https:\/\/talkpal.ai\/az\/danimarka-dilini-oyr%c9%99nin\/\">\r\n            <div class=\"learnNavigationWrapper\">\r\n                <div class=\"learnNavigationContent\">\r\n                    <img decoding=\"async\" src=\"https:\/\/talkpal.ai\/wp-content\/uploads\/2024\/08\/Danish.jpg\" alt=\"Danish Flag\">\r\n                    <div>\r\n                        <h4>Danimarka \u00d6yr\u0259nilm\u0259si Haqq\u0131nda<\/h4>\r\n                        <p>Danimarka dilinin qrammatikas\u0131 haqq\u0131nda h\u0259r \u015feyi \u00f6yr\u0259nin .<\/p>\r\n                    <\/div>\r\n                <\/div>\r\n            <\/div>\r\n        <\/a>\r\n\r\n        \r\n        <a href=\"https:\/\/talkpal.ai\/az\/danimarka-dilinin-qrammatikasi-m%c9%99sg%c9%99l%c9%99l%c9%99ri\/\">\r\n            <div class=\"learnNavigationWrapper\">\r\n                <div class=\"learnNavigationContent\">\r\n                    <img decoding=\"async\" src=\"https:\/\/talkpal.ai\/wp-content\/uploads\/2024\/08\/Danish.jpg\" alt=\"Danish Flag\">\r\n                    <div>\r\n                        <h4>Danimarka Qrammatikas\u0131 M\u0259\u015fqi<\/h4>\r\n                        <p>Danimarka dilinin qrammatikas\u0131.<\/p>\r\n                    <\/div>\r\n                <\/div>\r\n            <\/div>\r\n        <\/a>\r\n\r\n        \r\n        <a href=\"https:\/\/talkpal.ai\/vocabulary_language\/danish\/\">\r\n            <div class=\"learnNavigationWrapper\">\r\n                <div class=\"learnNavigationContent\">\r\n                    <img decoding=\"async\" src=\"https:\/\/talkpal.ai\/wp-content\/uploads\/2024\/08\/Danish.jpg\" alt=\"Danish Flag\">\r\n                    <div>\r\n                        <h4>Danimarka l\u00fc\u011f\u0259ti<\/h4>\r\n                        <p>Danimarka l\u00fc\u011f\u0259tinizi geni\u015fl\u0259ndirin.<\/p>\r\n                    <\/div>\r\n                <\/div>\r\n            <\/div>\r\n        <\/a>\r\n\r\n            <\/section>","protected":false},"excerpt":{"rendered":"<p>Danimarka dilinin qrammatikas\u0131na d\u0259rind\u0259n d\u0259rind\u0259n dara\u015fmaq. Onun \u0130diosyncrasies v\u0259 Charm-lar\u0131n\u0131 unraveling Xat\u0131rlay\u0131rs\u0131n\u0131zsa, ingilis dilinin qrammatikas\u0131n\u0131 \u00f6yr\u0259nm\u0259k onun qayda-qanunlar\u0131, istisnalar\u0131 v\u0259 m\u00fcr\u0259kk\u0259b terminologiyalar\u0131 il\u0259 \u00e7ox b\u00f6y\u00fck m\u00fcbariz\u0259 kimi g\u00f6r\u00fcn\u00fcrd\u00fc. \u018fg\u0259r indi diqq\u0259tinizi Danimarka dilini \u00f6yr\u0259nm\u0259y\u0259 y\u00f6n\u0259ldirsinizs\u0259, \u00f6z\u00fcn\u00fcz\u00fc Danimarka qrammatikas\u0131n\u0131n m\u00fcr\u0259kk\u0259bliyi v\u0259 l\u0259zz\u0259tl\u0259ri il\u0259 ba\u015fqa bir valehedici s\u0259yah\u0259t\u0259 haz\u0131rlay\u0131n. \u015eimali alman dili olan Danimarka dili norve\u00e7 v\u0259 [&hellip;]<\/p>\n","protected":false},"author":1,"featured_media":110910,"parent":0,"menu_order":0,"comment_status":"closed","ping_status":"closed","template":"LearningContentPage.php","meta":{"_acf_changed":false,"footnotes":""},"class_list":["post-143620","page","type-page","status-publish","has-post-thumbnail","hentry"],"acf":[],"yoast_head":"<!-- This site is optimized with the Yoast SEO Premium plugin v27.2 (Yoast SEO v27.2) - https:\/\/yoast.com\/product\/yoast-seo-premium-wordpress\/ -->\n<title>Danimarka qrammatikas\u0131 - Talkpal<\/title>\n<meta name=\"description\" content=\"Danimarka qrammatikas\u0131n\u0131n inc\u0259likl\u0259rini ara\u015fd\u0131r\u0131n v\u0259 onun unikal qaydalar\u0131n\u0131 v\u0259 x\u00fcsusiyy\u0259tl\u0259rini k\u0259\u015ff edin. Dild\u0259 s\u0259y g\u00f6st\u0259rm\u0259d\u0259n naviqasiya etm\u0259yi \u00f6yr\u0259nin.\" \/>\n<meta name=\"robots\" content=\"index, follow, max-snippet:-1, max-image-preview:large, max-video-preview:-1\" \/>\n<link rel=\"canonical\" href=\"https:\/\/talkpal.ai\/az\/danimarka-qrammatikasi\/\" \/>\n<meta property=\"og:locale\" content=\"az_AZ\" \/>\n<meta property=\"og:type\" content=\"article\" \/>\n<meta property=\"og:title\" content=\"Danimarka qrammatikas\u0131\" \/>\n<meta property=\"og:description\" content=\"Danimarka dilinin qrammatikas\u0131na d\u0259rind\u0259n d\u0259rind\u0259n dara\u015fmaq. Onun \u0130diosyncrasies v\u0259 Charm-lar\u0131n\u0131 unraveling Xat\u0131rlay\u0131rs\u0131n\u0131zsa, ingilis dilinin\" \/>\n<meta property=\"og:url\" content=\"https:\/\/talkpal.ai\/az\/danimarka-qrammatikasi\/\" \/>\n<meta property=\"og:site_name\" content=\"Talkpal\" \/>\n<meta property=\"article:publisher\" content=\"https:\/\/www.facebook.com\/profile.php?id=100090733639311\" \/>\n<meta property=\"article:modified_time\" content=\"2025-12-13T15:28:00+00:00\" \/>\n<meta property=\"og:image\" content=\"https:\/\/talkpal.ai\/wp-content\/uploads\/2023\/05\/denmark.png\" \/>\n\t<meta property=\"og:image:width\" content=\"512\" \/>\n\t<meta property=\"og:image:height\" content=\"512\" \/>\n\t<meta property=\"og:image:type\" content=\"image\/png\" \/>\n<meta name=\"twitter:card\" content=\"summary_large_image\" \/>\n<meta name=\"twitter:site\" content=\"@talkpalai\" \/>\n<meta name=\"twitter:label1\" content=\"Est. reading time\" \/>\n\t<meta name=\"twitter:data1\" content=\"4 minutes\" \/>\n<script type=\"application\/ld+json\" class=\"yoast-schema-graph\">{\"@context\":\"https:\/\/schema.org\",\"@graph\":[{\"@type\":\"WebPage\",\"@id\":\"https:\/\/talkpal.ai\/az\/danimarka-qrammatikasi\/\",\"url\":\"https:\/\/talkpal.ai\/az\/danimarka-qrammatikasi\/\",\"name\":\"Danimarka qrammatikas\u0131 - Talkpal\",\"isPartOf\":{\"@id\":\"https:\/\/talkpal.ai\/az\/#website\"},\"primaryImageOfPage\":{\"@id\":\"https:\/\/talkpal.ai\/az\/danimarka-qrammatikasi\/#primaryimage\"},\"image\":{\"@id\":\"https:\/\/talkpal.ai\/az\/danimarka-qrammatikasi\/#primaryimage\"},\"thumbnailUrl\":\"https:\/\/talkpal.ai\/wp-content\/uploads\/2023\/05\/denmark.png\",\"datePublished\":\"2023-05-14T14:03:23+00:00\",\"dateModified\":\"2025-12-13T15:28:00+00:00\",\"description\":\"Danimarka qrammatikas\u0131n\u0131n inc\u0259likl\u0259rini ara\u015fd\u0131r\u0131n v\u0259 onun unikal qaydalar\u0131n\u0131 v\u0259 x\u00fcsusiyy\u0259tl\u0259rini k\u0259\u015ff edin. Dild\u0259 s\u0259y g\u00f6st\u0259rm\u0259d\u0259n naviqasiya etm\u0259yi \u00f6yr\u0259nin.\",\"breadcrumb\":{\"@id\":\"https:\/\/talkpal.ai\/az\/danimarka-qrammatikasi\/#breadcrumb\"},\"inLanguage\":\"az\",\"potentialAction\":[{\"@type\":\"ReadAction\",\"target\":[\"https:\/\/talkpal.ai\/az\/danimarka-qrammatikasi\/\"]}]},{\"@type\":\"ImageObject\",\"inLanguage\":\"az\",\"@id\":\"https:\/\/talkpal.ai\/az\/danimarka-qrammatikasi\/#primaryimage\",\"url\":\"https:\/\/talkpal.ai\/wp-content\/uploads\/2023\/05\/denmark.png\",\"contentUrl\":\"https:\/\/talkpal.ai\/wp-content\/uploads\/2023\/05\/denmark.png\",\"width\":512,\"height\":512},{\"@type\":\"BreadcrumbList\",\"@id\":\"https:\/\/talkpal.ai\/az\/danimarka-qrammatikasi\/#breadcrumb\",\"itemListElement\":[{\"@type\":\"ListItem\",\"position\":1,\"name\":\"Homepage\",\"item\":\"https:\/\/talkpal.ai\/az\/\"},{\"@type\":\"ListItem\",\"position\":2,\"name\":\"Danimarka qrammatikas\u0131\"}]},{\"@type\":\"WebSite\",\"@id\":\"https:\/\/talkpal.ai\/az\/#website\",\"url\":\"https:\/\/talkpal.ai\/az\/\",\"name\":\"Talkpal\",\"description\":\"AI Language Learning\",\"publisher\":{\"@id\":\"https:\/\/talkpal.ai\/az\/#organization\"},\"alternateName\":\"Talkpal AI\",\"potentialAction\":[{\"@type\":\"SearchAction\",\"target\":{\"@type\":\"EntryPoint\",\"urlTemplate\":\"https:\/\/talkpal.ai\/az\/?s={search_term_string}\"},\"query-input\":{\"@type\":\"PropertyValueSpecification\",\"valueRequired\":true,\"valueName\":\"search_term_string\"}}],\"inLanguage\":\"az\"},{\"@type\":\"Organization\",\"@id\":\"https:\/\/talkpal.ai\/az\/#organization\",\"name\":\"Talkpal, Inc.\",\"alternateName\":\"Talkpal AI\",\"url\":\"https:\/\/talkpal.ai\/az\/\",\"logo\":{\"@type\":\"ImageObject\",\"inLanguage\":\"az\",\"@id\":\"https:\/\/talkpal.ai\/az\/#\/schema\/logo\/image\/\",\"url\":\"https:\/\/talkpal.ai\/wp-content\/uploads\/2024\/03\/Talkpal-Logo-Icon.png\",\"contentUrl\":\"https:\/\/talkpal.ai\/wp-content\/uploads\/2024\/03\/Talkpal-Logo-Icon.png\",\"width\":2880,\"height\":2880,\"caption\":\"Talkpal, Inc.\"},\"image\":{\"@id\":\"https:\/\/talkpal.ai\/az\/#\/schema\/logo\/image\/\"},\"sameAs\":[\"https:\/\/www.facebook.com\/profile.php?id=100090733639311\",\"https:\/\/x.com\/talkpalai\",\"https:\/\/www.linkedin.com\/company\/talkpal\/\",\"https:\/\/www.youtube.com\/@TalkPal\/\",\"https:\/\/www.tiktok.com\/@talkpal\",\"https:\/\/www.instagram.com\/talkpal_ai\/\",\"https:\/\/www.crunchbase.com\/organization\/talkpal-9cde\",\"https:\/\/www.g2.com\/products\/talkpal-for-business\/\",\"https:\/\/www.trustpilot.com\/review\/talkpal.ai\",\"https:\/\/www.capterra.com\/p\/10006800\/TalkPal\/\"],\"description\":\"Talkpal is a language learning web and mobile education app, powered by the latest AI technologies, that provides engaging experiences to its customers in many different languages to help them improve their language skills. Users can chat about unlimited amount of topics with the app and use other modes to practice their language learning.\",\"email\":\"support@talkpal.ai\",\"legalName\":\"Talkpal, Inc.\",\"foundingDate\":\"2023-04-03\",\"duns\":\"118989042\",\"numberOfEmployees\":{\"@type\":\"QuantitativeValue\",\"minValue\":\"11\",\"maxValue\":\"50\"},\"publishingPrinciples\":\"https:\/\/talkpal.ai\/publishing-principles\/\",\"actionableFeedbackPolicy\":\"https:\/\/talkpal.ai\/actionable-feedback-policy\/\",\"correctionsPolicy\":\"https:\/\/talkpal.ai\/corrections-policy\/\",\"ethicsPolicy\":\"https:\/\/talkpal.ai\/ethics-policy\/\",\"diversityPolicy\":\"https:\/\/talkpal.ai\/diversity-policy\/\",\"diversityStaffingReport\":\"https:\/\/talkpal.ai\/diversity-policy\/\"}]}<\/script>\n<!-- \/ Yoast SEO Premium plugin. -->","yoast_head_json":{"title":"Danimarka qrammatikas\u0131 - Talkpal","description":"Danimarka qrammatikas\u0131n\u0131n inc\u0259likl\u0259rini ara\u015fd\u0131r\u0131n v\u0259 onun unikal qaydalar\u0131n\u0131 v\u0259 x\u00fcsusiyy\u0259tl\u0259rini k\u0259\u015ff edin. Dild\u0259 s\u0259y g\u00f6st\u0259rm\u0259d\u0259n naviqasiya etm\u0259yi \u00f6yr\u0259nin.","robots":{"index":"index","follow":"follow","max-snippet":"max-snippet:-1","max-image-preview":"max-image-preview:large","max-video-preview":"max-video-preview:-1"},"canonical":"https:\/\/talkpal.ai\/az\/danimarka-qrammatikasi\/","og_locale":"az_AZ","og_type":"article","og_title":"Danimarka qrammatikas\u0131","og_description":"Danimarka dilinin qrammatikas\u0131na d\u0259rind\u0259n d\u0259rind\u0259n dara\u015fmaq. Onun \u0130diosyncrasies v\u0259 Charm-lar\u0131n\u0131 unraveling Xat\u0131rlay\u0131rs\u0131n\u0131zsa, ingilis dilinin","og_url":"https:\/\/talkpal.ai\/az\/danimarka-qrammatikasi\/","og_site_name":"Talkpal","article_publisher":"https:\/\/www.facebook.com\/profile.php?id=100090733639311","article_modified_time":"2025-12-13T15:28:00+00:00","og_image":[{"width":512,"height":512,"url":"https:\/\/talkpal.ai\/wp-content\/uploads\/2023\/05\/denmark.png","type":"image\/png"}],"twitter_card":"summary_large_image","twitter_site":"@talkpalai","twitter_misc":{"Est. reading time":"4 minutes"},"schema":{"@context":"https:\/\/schema.org","@graph":[{"@type":"WebPage","@id":"https:\/\/talkpal.ai\/az\/danimarka-qrammatikasi\/","url":"https:\/\/talkpal.ai\/az\/danimarka-qrammatikasi\/","name":"Danimarka qrammatikas\u0131 - Talkpal","isPartOf":{"@id":"https:\/\/talkpal.ai\/az\/#website"},"primaryImageOfPage":{"@id":"https:\/\/talkpal.ai\/az\/danimarka-qrammatikasi\/#primaryimage"},"image":{"@id":"https:\/\/talkpal.ai\/az\/danimarka-qrammatikasi\/#primaryimage"},"thumbnailUrl":"https:\/\/talkpal.ai\/wp-content\/uploads\/2023\/05\/denmark.png","datePublished":"2023-05-14T14:03:23+00:00","dateModified":"2025-12-13T15:28:00+00:00","description":"Danimarka qrammatikas\u0131n\u0131n inc\u0259likl\u0259rini ara\u015fd\u0131r\u0131n v\u0259 onun unikal qaydalar\u0131n\u0131 v\u0259 x\u00fcsusiyy\u0259tl\u0259rini k\u0259\u015ff edin. Dild\u0259 s\u0259y g\u00f6st\u0259rm\u0259d\u0259n naviqasiya etm\u0259yi \u00f6yr\u0259nin.","breadcrumb":{"@id":"https:\/\/talkpal.ai\/az\/danimarka-qrammatikasi\/#breadcrumb"},"inLanguage":"az","potentialAction":[{"@type":"ReadAction","target":["https:\/\/talkpal.ai\/az\/danimarka-qrammatikasi\/"]}]},{"@type":"ImageObject","inLanguage":"az","@id":"https:\/\/talkpal.ai\/az\/danimarka-qrammatikasi\/#primaryimage","url":"https:\/\/talkpal.ai\/wp-content\/uploads\/2023\/05\/denmark.png","contentUrl":"https:\/\/talkpal.ai\/wp-content\/uploads\/2023\/05\/denmark.png","width":512,"height":512},{"@type":"BreadcrumbList","@id":"https:\/\/talkpal.ai\/az\/danimarka-qrammatikasi\/#breadcrumb","itemListElement":[{"@type":"ListItem","position":1,"name":"Homepage","item":"https:\/\/talkpal.ai\/az\/"},{"@type":"ListItem","position":2,"name":"Danimarka qrammatikas\u0131"}]},{"@type":"WebSite","@id":"https:\/\/talkpal.ai\/az\/#website","url":"https:\/\/talkpal.ai\/az\/","name":"Talkpal","description":"AI Language Learning","publisher":{"@id":"https:\/\/talkpal.ai\/az\/#organization"},"alternateName":"Talkpal AI","potentialAction":[{"@type":"SearchAction","target":{"@type":"EntryPoint","urlTemplate":"https:\/\/talkpal.ai\/az\/?s={search_term_string}"},"query-input":{"@type":"PropertyValueSpecification","valueRequired":true,"valueName":"search_term_string"}}],"inLanguage":"az"},{"@type":"Organization","@id":"https:\/\/talkpal.ai\/az\/#organization","name":"Talkpal, Inc.","alternateName":"Talkpal AI","url":"https:\/\/talkpal.ai\/az\/","logo":{"@type":"ImageObject","inLanguage":"az","@id":"https:\/\/talkpal.ai\/az\/#\/schema\/logo\/image\/","url":"https:\/\/talkpal.ai\/wp-content\/uploads\/2024\/03\/Talkpal-Logo-Icon.png","contentUrl":"https:\/\/talkpal.ai\/wp-content\/uploads\/2024\/03\/Talkpal-Logo-Icon.png","width":2880,"height":2880,"caption":"Talkpal, Inc."},"image":{"@id":"https:\/\/talkpal.ai\/az\/#\/schema\/logo\/image\/"},"sameAs":["https:\/\/www.facebook.com\/profile.php?id=100090733639311","https:\/\/x.com\/talkpalai","https:\/\/www.linkedin.com\/company\/talkpal\/","https:\/\/www.youtube.com\/@TalkPal\/","https:\/\/www.tiktok.com\/@talkpal","https:\/\/www.instagram.com\/talkpal_ai\/","https:\/\/www.crunchbase.com\/organization\/talkpal-9cde","https:\/\/www.g2.com\/products\/talkpal-for-business\/","https:\/\/www.trustpilot.com\/review\/talkpal.ai","https:\/\/www.capterra.com\/p\/10006800\/TalkPal\/"],"description":"Talkpal is a language learning web and mobile education app, powered by the latest AI technologies, that provides engaging experiences to its customers in many different languages to help them improve their language skills. Users can chat about unlimited amount of topics with the app and use other modes to practice their language learning.","email":"support@talkpal.ai","legalName":"Talkpal, Inc.","foundingDate":"2023-04-03","duns":"118989042","numberOfEmployees":{"@type":"QuantitativeValue","minValue":"11","maxValue":"50"},"publishingPrinciples":"https:\/\/talkpal.ai\/publishing-principles\/","actionableFeedbackPolicy":"https:\/\/talkpal.ai\/actionable-feedback-policy\/","correctionsPolicy":"https:\/\/talkpal.ai\/corrections-policy\/","ethicsPolicy":"https:\/\/talkpal.ai\/ethics-policy\/","diversityPolicy":"https:\/\/talkpal.ai\/diversity-policy\/","diversityStaffingReport":"https:\/\/talkpal.ai\/diversity-policy\/"}]}},"_links":{"self":[{"href":"https:\/\/talkpal.ai\/az\/wp-json\/wp\/v2\/pages\/143620","targetHints":{"allow":["GET"]}}],"collection":[{"href":"https:\/\/talkpal.ai\/az\/wp-json\/wp\/v2\/pages"}],"about":[{"href":"https:\/\/talkpal.ai\/az\/wp-json\/wp\/v2\/types\/page"}],"author":[{"embeddable":true,"href":"https:\/\/talkpal.ai\/az\/wp-json\/wp\/v2\/users\/1"}],"replies":[{"embeddable":true,"href":"https:\/\/talkpal.ai\/az\/wp-json\/wp\/v2\/comments?post=143620"}],"version-history":[{"count":0,"href":"https:\/\/talkpal.ai\/az\/wp-json\/wp\/v2\/pages\/143620\/revisions"}],"wp:featuredmedia":[{"embeddable":true,"href":"https:\/\/talkpal.ai\/az\/wp-json\/wp\/v2\/media\/110910"}],"wp:attachment":[{"href":"https:\/\/talkpal.ai\/az\/wp-json\/wp\/v2\/media?parent=143620"}],"curies":[{"name":"wp","href":"https:\/\/api.w.org\/{rel}","templated":true}]}}