{"id":143286,"date":"2023-05-14T14:03:07","date_gmt":"2023-05-14T14:03:07","guid":{"rendered":"http:\/\/talkpal.ai\/cex-dilinin-qrammatikasi\/"},"modified":"2025-12-13T15:24:46","modified_gmt":"2025-12-13T15:24:46","slug":"cex-dilinin-qrammatikasi","status":"publish","type":"page","link":"https:\/\/talkpal.ai\/az\/cex-dilinin-qrammatikasi\/","title":{"rendered":"\u00c7ex dilinin qrammatikas\u0131"},"content":{"rendered":"\r\n\r\n\r\n<section class=\"languageChallengeSection\">\r\n    <div class=\"languageInfoWrapper\">\r\n        \r\n        <h1>\u00c7ex dilinin qrammatikas\u0131<\/h1>\r\n        <p>\u00c7ex qrammatikas\u0131n\u0131n inc\u0259likl\u0259rini ara\u015fd\u0131r\u0131n v\u0259 bu M\u0259rk\u0259zi Avropa dilini ba\u015fa d\u00fc\u015fm\u0259k \u00fc\u00e7\u00fcn qap\u0131n\u0131 a\u00e7\u0131n. \u018fsas qaydalar\u0131 v\u0259 n\u00fcmun\u0259l\u0259ri m\u0259nims\u0259m\u0259kl\u0259, siz daha effektiv \u00fcnsiyy\u0259t quracaqs\u0131n\u0131z v\u0259 \u00c7ex m\u0259d\u0259niyy\u0259ti haqq\u0131nda daha d\u0259rind\u0259n m\u0259lumat \u0259ld\u0259 ed\u0259c\u0259ksiniz. Bu g\u00fcn \u00c7ex dilinin qrammatikas\u0131n\u0131 \u00f6yr\u0259nm\u0259y\u0259 ba\u015flay\u0131n v\u0259 s\u0259lis dan\u0131\u015fma\u011fa do\u011fru ilk add\u0131m\u0131n\u0131z\u0131 at\u0131n!<\/p>\r\n\r\n                            <a class=\"getStartedHidden\" href=\"https:\/\/app.talkpal.ai\/signup?lng=\">Ba\u015fla<\/a>\r\n        \r\n    <\/div>\r\n\r\n    <figure>\r\n    <img decoding=\"async\" width=\"768\" height=\"768\" src=\"https:\/\/talkpal.ai\/wp-content\/uploads\/2023\/06\/Czech-768x768.png\" class=\"languageImage no-lazy\" alt=\"Language learning for intellectual development\" fetchpriority=\"high\" sizes=\"(max-width: 768px) 150px, 768px\" srcset=\"https:\/\/talkpal.ai\/wp-content\/uploads\/2023\/06\/Czech-768x768.png 768w, https:\/\/talkpal.ai\/wp-content\/uploads\/2023\/06\/Czech-300x300.png 300w\" \/>\r\n    \r\n\r\n    <\/figure>\r\n\r\n            <a class=\"getStartedVisible\" href=\"https:\/\/app.talkpal.ai\/signup?lng=\">Ba\u015fla<\/a>\r\n    \r\n<\/section>\r\n<section class=\"promotionalBanner\">\r\n    <p class=\"promotionalText\">Dil \u00f6yr\u0259nm\u0259yin \u0259n t\u0259sirli yolu<\/p>\r\n    <a class=\"promotionalLink\" href=\"https:\/\/app.talkpal.ai\/signup?lng=\">Talkpal pulsuz s\u0131nay\u0131n<\/a>\r\n<\/section>\n<div class=\"wp-block-group pageContainerStyle\"><div class=\"wp-block-group__inner-container is-layout-constrained wp-block-group-is-layout-constrained\">\n<h2 class=\"wp-block-heading\" id=\"h-czech-grammar-making-sense-of-the-czech-language-s-unique-structure\">\u00c7ex qrammatikas\u0131: \u00c7ex dilinin unikal strukturunu m\u0259naland\u0131rmaq<\/h2>\n\n\n\n<p>\u018fg\u0259r siz n\u0259 vaxtsa <a href=\"https:\/\/talkpal.ai\/az\/cex-dilini-oyr%c9%99n\/\">\u00e7ex dilini<\/a> \u00f6yr\u0259nm\u0259y\u0259 \u00e7al\u0131\u015fm\u0131s\u0131n\u0131zsa &#8211; v\u0259 ya sad\u0259c\u0259 bir \u00e7ex m\u0259qal\u0259sini v\u0259 ya kitab\u0131n\u0131 oxumusunuzsa &#8211; y\u0259qin ki, onun qrammatikas\u0131n\u0131n olduqca \u00e7\u0259tin ola bil\u0259c\u0259yini g\u00f6rm\u00fcs\u00fcn\u00fcz. \u00c7ex dilinin qrammatikas\u0131 \u0259n m\u00fcr\u0259kk\u0259b dil sisteml\u0259rind\u0259n biri hesab olunan bir \u00e7ox \u0259cn\u0259bi t\u0259l\u0259b\u0259l\u0259ri \u00e7a\u015f-ba\u015f qoyub. Ancaq bunun sizi qorxutmas\u0131na imkan verm\u0259yin! \u00c7ex dilinin qrammatikas\u0131n\u0131n qeyri-adiliyi onu maraql\u0131 v\u0259 unikal ed\u0259n \u015feyl\u0259rdir. Bu yaz\u0131da biz <a href=\"https:\/\/talkpal.ai\/learn-czech\/\">\u00e7ex dili<\/a> qrammatikas\u0131n\u0131n bir ne\u00e7\u0259 \u0259sas elementini dan\u0131\u015f\u0131q \u00fcsulu il\u0259 ayd\u0131nla\u015fd\u0131raca\u011f\u0131q v\u0259 bu g\u00f6z\u0259l dili daha d\u0259rind\u0259n ba\u015fa d\u00fc\u015fm\u0259y\u0259 k\u00f6m\u0259k ed\u0259c\u0259yik.<\/p>\n\n\n\n<h3 class=\"wp-block-heading\" id=\"h-1-nouns-declensions-and-cases-galore\">1. Nouns \u2013 Declensions v\u0259 Cases Galore!<\/h3>\n\n\n\n<p>\u00c7ex dilinin qrammatikas\u0131 il\u0259 ba\u011fl\u0131 ilk diqq\u0259t yetir\u0259c\u0259yiniz \u015feyl\u0259rd\u0259n biri onun ismin t\u0259rifl\u0259ridir. A declension ox\u015far qrammatik x\u00fcsusiyy\u0259tl\u0259r\u0259 malik olan nounlar qrupudur. <a href=\"https:\/\/talkpal.ai\/learn-czech\/\">\u00c7ex dili<\/a> 14-\u0259 q\u0259d\u0259r f\u0259rqli declensiona malikdir. M\u00fcxt\u0259liflik \u00fc\u00e7\u00fcn bu nec\u0259dir? H\u0259r bir deklenziyan\u0131n birn\u00f6v v\u0259 \u00e7oxluq noun formalar\u0131n\u0131n t\u0259msil olunmas\u0131 \u00fc\u00e7\u00fcn spesifik bir t\u0259rz var.<\/p>\n\n\n\n<p>\u00c7ex nounlar\u0131n\u0131n da 7 m\u00fcxt\u0259lif hal\u0131 var: nominativ, genitiv, dativ, ittihamedici, vokativ, lokativ v\u0259 instrumental. Bel\u0259 bir r\u0259q\u0259m \u00e7\u0259tin g\u00f6r\u00fcns\u0259 d\u0259, bu hallar haqq\u0131nda <a href=\"https:\/\/talkpal.ai\/az\/oyr%c9%99nm%c9%99k\/\">\u00f6yr\u0259nm\u0259k<\/a> vacibdir, \u00e7\u00fcnki onlar m\u0259nan\u0131n \u00e7atd\u0131r\u0131lmas\u0131nda \u0259sas rol oynay\u0131r. M\u0259s\u0259l\u0259n, \u00c7ex dilind\u0259 s\u00f6z s\u0131ras\u0131 ingilis dilind\u0259 oldu\u011fu kimi kritik deyil \u2013 s\u00f6zl\u0259r aras\u0131ndak\u0131 \u0259laq\u0259l\u0259ri g\u00f6st\u0259r\u0259n hallard\u0131r.<\/p>\n\n\n\n<h3 class=\"wp-block-heading\" id=\"h-2-adjectives-agreeing-with-nouns\">2. Adjectives \u2013 Nouns il\u0259 raz\u0131la\u015fmaq<\/h3>\n\n\n\n<p>\u00c7ex adgektivl\u0259rinin x\u00fcsusi v\u0259zif\u0259si var: onlar cinsiyy\u0259t, say v\u0259 hal bax\u0131m\u0131ndan d\u0259yi\u015fdirdikl\u0259ri nounlarla raz\u0131la\u015fmal\u0131d\u0131rlar. Bunu dinamik duo, <a href=\"https:\/\/talkpal.ai\/grammar\/\">qrammatika<\/a> tanqosu kimi t\u0259s\u0259vv\u00fcr ed\u0259k. Burada yar\u0131mda biri dig\u0259rini tamamlamaq \u00fc\u00e7\u00fcn l\u00fctfkarl\u0131qla al\u0131\u015fd\u0131r. Bu sazi\u015f c\u00fcml\u0259l\u0259rd\u0259 harmoniyan\u0131n yarad\u0131lmas\u0131na k\u00f6m\u0259k edir v\u0259 ayd\u0131nl\u0131\u011f\u0131 art\u0131r\u0131r.<\/p>\n\n\n\n<p>M\u0259s\u0259l\u0259n, \u00e7ex dilind\u0259 &#8220;g\u00f6z\u0259l&#8221; s\u00f6z\u00fc &#8220;kr\u00e1sn\u00fd&#8221;d\u0131r. \u018fg\u0259r siz ki\u015fiy\u0259 xas olan g\u00f6z\u0259l evi (d\u016fm) t\u0259svir edirsinizs\u0259, \u201ckr\u00e1sn\u00fd d\u016fm\u201d istifad\u0259 ed\u0259c\u0259ksiniz. Qad\u0131na xas olan g\u00f6z\u0259l q\u0131z (d\u00edvka) \u00fc\u00e7\u00fcn &#8220;kr\u00e1sn\u00e1 d\u00edvka&#8221; olur. V\u0259 neytral olan g\u00f6z\u0259l bir g\u00fcn (den) \u00fc\u00e7\u00fcn \u201ckr\u00e1sn\u00fd den\u201d dey\u0259c\u0259ksiniz. Adyun il\u0259 birlikd\u0259 nec\u0259 r\u0259qs edir?<\/p>\n\n\n\n<h3 class=\"wp-block-heading\" id=\"h-3-verbs-the-art-of-conjugation\">3. Feill\u0259r \u2013 Konyunkasiya s\u0259n\u0259ti<\/h3>\n\n\n\n<p>\u00c7ex dilind\u0259 konjuqasiya s\u0259n\u0259ti \u2013 y\u0259ni g\u0259rginliy\u0259, \u0259hval-ruhiyy\u0259y\u0259 v\u0259 insana \u0259saslanan feli formalar\u0131n d\u0259yi\u015fm\u0259si \u00f6z h\u0259yat\u0131n\u0131 al\u0131r. \u00c7ex feill\u0259ri iki qrupa b\u00f6l\u00fcn\u00fcr: kamil v\u0259 qeyri-kamil. Kamil fe&#8217;ll\u0259r g\u00f6st\u0259rir ki, h\u0259r\u0259k\u0259t tamamland\u0131, qeyri -kamil feill\u0259r is\u0259 daimi v\u0259 ya v\u0259rdi\u015f hal\u0131na malik olan h\u0259r\u0259k\u0259tl\u0259ri bildirir.  <\/p>\n\n\n\n<p>\u00c7ex dilinin qrammatikas\u0131 feill\u0259r\u0259 g\u0259ldikd\u0259 is\u0259 b\u0259zi maraql\u0131 quirksl\u0259r\u0259 malikdir. M\u0259s\u0259l\u0259n, g\u0259l\u0259c\u0259k g\u0259rgin v\u0259ziyy\u0259t yaln\u0131z qeyri &#8211; kamil feill\u0259r \u00fc\u00e7\u00fcn m\u00fcnt\u0259z\u0259m olaraq \u0259m\u0259l\u0259 g\u0259lir. Kamil feill\u0259r indiki g\u0259rginliy\u0259 uy\u011fun g\u0259lir! H\u0259m\u00e7inin, \u00e7ex dili konkret <a href=\"https:\/\/talkpal.ai\/ja\/grammar\/%e5%8f%97%e5%8b%95%e6%85%8b\/\">passiv<\/a> s\u0259s\u0259 malik deyil, k\u00f6m\u0259k\u00e7i feill\u0259rd\u0259n istifad\u0259 ed\u0259r\u0259k passiv konstruksiyalar\u0131 daxil edir. \u00c7ex dilinin refleksiv fell\u0259rini unutmayaq, burada h\u0259r\u0259k\u0259tl\u0259r m\u00f6vzuya qay\u0131d\u0131r v\u0259 bu maraql\u0131 dil\u0259 daha bir n\u00fcans qat\u0131 \u0259lav\u0259 edir.<\/p>\n\n\n\n<h3 class=\"wp-block-heading\" id=\"h-4-pronouns-the-mirror-of-linguistic-diversity\">4. Pronouns: Leksik m\u00fcxt\u0259lifliyin g\u00fczg\u00fcs\u00fc<\/h3>\n\n\n\n<p>\u00c7ex qrammatikas\u0131nda \u0259v\u0259zlikl\u0259r \u2013 biz \u015f\u0259xsi, sahiblik, n\u00fcmayi\u015f, sor\u011fu v\u0259 nisbi \u0259v\u0259zlikl\u0259rd\u0259n dan\u0131\u015f\u0131r\u0131q \u2013 ham\u0131s\u0131 dig\u0259r nitq hiss\u0259l\u0259ri il\u0259 eyni m\u00fcxt\u0259lifliyi n\u00fcmayi\u015f etdirir. Onlar da cinsiyy\u0259t, say v\u0259 m\u0259s\u0259l\u0259 il\u0259 \u0259v\u0259z etdikl\u0259ri v\u0259 ya istinad etdikl\u0259ri nounlarla raz\u0131la\u015fmal\u0131d\u0131rlar.<\/p>\n\n\n\n<p>M\u0259s\u0259l\u0259n, b\u0259y\u0259ndiyiniz kitabdan dan\u0131\u015f\u0131rs\u0131n\u0131zsa, &#8220;<a href=\"https:\/\/talkpal.ai\/culture\/how-to-say-i-like-in-slovak-using-mam-rad\/\">M\u00e1m r\u00e1d<\/a> tu knihu&#8221; (o kitab\u0131 xo\u015flay\u0131ram) dey\u0259rsiniz. Burada \u201ctu\u201d n\u00fcmayi\u015f \u0259v\u0259zliyi \u201co\u201dnun qad\u0131n formas\u0131d\u0131r v\u0259 \u201ckniha\u201d (kitab) il\u0259 uy\u011funla\u015f\u0131r, o da qad\u0131nd\u0131r.<\/p>\n\n\n\n<h3 class=\"wp-block-heading\" id=\"h-5-embracing-the-challenge\">5. \u00c7alan\u015fik Qucaqlamaq<\/h3>\n\n\n\n<p>\u00c7ex dilinin qrammatikas\u0131 \u00e7a\u015fd\u0131r\u0131c\u0131 v\u0259 qorxuducu ola bil\u0259r, lakin bu heyr\u0259tamiz dili f\u0259rql\u0259ndir\u0259n d\u0259 budur. Problemd\u0259n \u00e7\u0259kinm\u0259yin! Unutmay\u0131n, h\u0259r \u015feyi bir anda m\u0259nims\u0259m\u0259k deyil, add\u0131m-add\u0131m ir\u0259lil\u0259yi\u015f \u0259ld\u0259 etm\u0259kdir. \u00c7ex qrammatikas\u0131n\u0131n unikal sistemini ba\u015fa d\u00fc\u015fm\u0259k \u00fc\u00e7\u00fcn vaxt ay\u0131r\u0131n v\u0259 siz bu g\u00f6z\u0259l, m\u00fcr\u0259kk\u0259b dili m\u0259nims\u0259m\u0259k \u00fc\u00e7\u00fcn yax\u015f\u0131 yolda olacaqs\u0131n\u0131z. \u00c7ex dilinin qrammatikas\u0131n\u0131n t\u0259klif etdiyi l\u0259zz\u0259tli n\u00fcans\u0131 q\u0259bul etdikc\u0259, \u015f\u00fcbh\u0259siz ki, onun inc\u0259likl\u0259ri \u00fc\u00e7\u00fcn yeni bir qiym\u0259tl\u0259ndirm\u0259 k\u0259\u015ff ed\u0259c\u0259ksiniz. Xo\u015fb\u0259xt \u00f6yr\u0259nin!<\/p>\n<\/div><\/div>\n\r\n<section class=\"learnNavigationSection\">\r\n            \r\n        <a href=\"https:\/\/talkpal.ai\/az\/cex-dilini-oyr%c9%99n\/\">\r\n            <div class=\"learnNavigationWrapper\">\r\n                <div class=\"learnNavigationContent\">\r\n                    <img decoding=\"async\" src=\"https:\/\/talkpal.ai\/wp-content\/uploads\/2024\/08\/Czech.jpg\" alt=\"Czech Flag\">\r\n                    <div>\r\n                        <h4>\u00c7ex dili \u00f6yr\u0259nm\u0259 haqq\u0131nda<\/h4>\r\n                        <p>\u00c7ex dilinin qrammatikas\u0131 haqq\u0131nda h\u0259r \u015feyi \u00f6yr\u0259nin.<\/p>\r\n                    <\/div>\r\n                <\/div>\r\n            <\/div>\r\n        <\/a>\r\n\r\n        \r\n        <a href=\"https:\/\/talkpal.ai\/az\/cex-dilinin-qrammatikasi-m%c9%99sg%c9%99l%c9%99l%c9%99ri\/\">\r\n            <div class=\"learnNavigationWrapper\">\r\n                <div class=\"learnNavigationContent\">\r\n                    <img decoding=\"async\" src=\"https:\/\/talkpal.ai\/wp-content\/uploads\/2024\/08\/Czech.jpg\" alt=\"Czech Flag\">\r\n                    <div>\r\n                        <h4>\u00c7ex Qrammatikas\u0131 M\u0259\u015fqi<\/h4>\r\n                        <p>\u00c7ex dilinin qrammatika qaydalar\u0131na \u0259m\u0259l etm\u0259k.<\/p>\r\n                    <\/div>\r\n                <\/div>\r\n            <\/div>\r\n        <\/a>\r\n\r\n        \r\n        <a href=\"https:\/\/talkpal.ai\/vocabulary_language\/czech\/\">\r\n            <div class=\"learnNavigationWrapper\">\r\n                <div class=\"learnNavigationContent\">\r\n                    <img decoding=\"async\" src=\"https:\/\/talkpal.ai\/wp-content\/uploads\/2024\/08\/Czech.jpg\" alt=\"Czech Flag\">\r\n                    <div>\r\n                        <h4>\u00c7ex l\u00fc\u011f\u0259ti<\/h4>\r\n                        <p>\u00c7ex l\u00fc\u011f\u0259tinizi geni\u015fl\u0259ndirin.<\/p>\r\n                    <\/div>\r\n                <\/div>\r\n            <\/div>\r\n        <\/a>\r\n\r\n            <\/section>","protected":false},"excerpt":{"rendered":"<p>\u00c7ex qrammatikas\u0131: \u00c7ex dilinin unikal strukturunu m\u0259naland\u0131rmaq \u018fg\u0259r siz n\u0259 vaxtsa \u00e7ex dilini \u00f6yr\u0259nm\u0259y\u0259 \u00e7al\u0131\u015fm\u0131s\u0131n\u0131zsa &#8211; v\u0259 ya sad\u0259c\u0259 bir \u00e7ex m\u0259qal\u0259sini v\u0259 ya kitab\u0131n\u0131 oxumusunuzsa &#8211; y\u0259qin ki, onun qrammatikas\u0131n\u0131n olduqca \u00e7\u0259tin ola bil\u0259c\u0259yini g\u00f6rm\u00fcs\u00fcn\u00fcz. \u00c7ex dilinin qrammatikas\u0131 \u0259n m\u00fcr\u0259kk\u0259b dil sisteml\u0259rind\u0259n biri hesab olunan bir \u00e7ox \u0259cn\u0259bi t\u0259l\u0259b\u0259l\u0259ri \u00e7a\u015f-ba\u015f qoyub. Ancaq bunun sizi [&hellip;]<\/p>\n","protected":false},"author":1,"featured_media":111744,"parent":0,"menu_order":0,"comment_status":"closed","ping_status":"closed","template":"LearningContentPage.php","meta":{"_acf_changed":false,"footnotes":""},"class_list":["post-143286","page","type-page","status-publish","has-post-thumbnail","hentry"],"acf":[],"yoast_head":"<!-- This site is optimized with the Yoast SEO Premium plugin v27.2 (Yoast SEO v27.2) - https:\/\/yoast.com\/product\/yoast-seo-premium-wordpress\/ -->\n<title>\u00c7ex dilinin qrammatikas\u0131 - Talkpal<\/title>\n<meta name=\"description\" content=\"\u00c7ex qrammatikas\u0131n\u0131n sirl\u0259rini a\u00e7\u0131n. Onun \u00f6z\u00fcn\u0259m\u0259xsus m\u00fcr\u0259kk\u0259bliyi v\u0259 ismin t\u0259rifl\u0259rini nec\u0259 effektiv m\u0259nims\u0259m\u0259k bar\u0259d\u0259 m\u0259lumat \u0259ld\u0259 edin.\" \/>\n<meta name=\"robots\" content=\"index, follow, max-snippet:-1, max-image-preview:large, max-video-preview:-1\" \/>\n<link rel=\"canonical\" href=\"https:\/\/talkpal.ai\/az\/cex-dilinin-qrammatikasi\/\" \/>\n<meta property=\"og:locale\" content=\"az_AZ\" \/>\n<meta property=\"og:type\" content=\"article\" \/>\n<meta property=\"og:title\" content=\"\u00c7ex dilinin qrammatikas\u0131\" \/>\n<meta property=\"og:description\" content=\"\u00c7ex qrammatikas\u0131: \u00c7ex dilinin unikal strukturunu m\u0259naland\u0131rmaq \u018fg\u0259r siz n\u0259 vaxtsa \u00e7ex dilini \u00f6yr\u0259nm\u0259y\u0259 \u00e7al\u0131\u015fm\u0131s\u0131n\u0131zsa - v\u0259 ya sad\u0259c\u0259 bir \u00e7ex m\u0259qal\u0259sini v\u0259\" \/>\n<meta property=\"og:url\" content=\"https:\/\/talkpal.ai\/az\/cex-dilinin-qrammatikasi\/\" \/>\n<meta property=\"og:site_name\" content=\"Talkpal\" \/>\n<meta property=\"article:publisher\" content=\"https:\/\/www.facebook.com\/profile.php?id=100090733639311\" \/>\n<meta property=\"article:modified_time\" content=\"2025-12-13T15:24:46+00:00\" \/>\n<meta property=\"og:image\" content=\"https:\/\/talkpal.ai\/wp-content\/uploads\/2023\/05\/czech-republic.png\" \/>\n\t<meta property=\"og:image:width\" content=\"512\" \/>\n\t<meta property=\"og:image:height\" content=\"512\" \/>\n\t<meta property=\"og:image:type\" content=\"image\/png\" \/>\n<meta name=\"twitter:card\" content=\"summary_large_image\" \/>\n<meta name=\"twitter:site\" content=\"@talkpalai\" \/>\n<meta name=\"twitter:label1\" content=\"Est. reading time\" \/>\n\t<meta name=\"twitter:data1\" content=\"5 minutes\" \/>\n<script type=\"application\/ld+json\" class=\"yoast-schema-graph\">{\"@context\":\"https:\/\/schema.org\",\"@graph\":[{\"@type\":\"WebPage\",\"@id\":\"https:\/\/talkpal.ai\/az\/cex-dilinin-qrammatikasi\/\",\"url\":\"https:\/\/talkpal.ai\/az\/cex-dilinin-qrammatikasi\/\",\"name\":\"\u00c7ex dilinin qrammatikas\u0131 - Talkpal\",\"isPartOf\":{\"@id\":\"https:\/\/talkpal.ai\/az\/#website\"},\"primaryImageOfPage\":{\"@id\":\"https:\/\/talkpal.ai\/az\/cex-dilinin-qrammatikasi\/#primaryimage\"},\"image\":{\"@id\":\"https:\/\/talkpal.ai\/az\/cex-dilinin-qrammatikasi\/#primaryimage\"},\"thumbnailUrl\":\"https:\/\/talkpal.ai\/wp-content\/uploads\/2023\/05\/czech-republic.png\",\"datePublished\":\"2023-05-14T14:03:07+00:00\",\"dateModified\":\"2025-12-13T15:24:46+00:00\",\"description\":\"\u00c7ex qrammatikas\u0131n\u0131n sirl\u0259rini a\u00e7\u0131n. Onun \u00f6z\u00fcn\u0259m\u0259xsus m\u00fcr\u0259kk\u0259bliyi v\u0259 ismin t\u0259rifl\u0259rini nec\u0259 effektiv m\u0259nims\u0259m\u0259k bar\u0259d\u0259 m\u0259lumat \u0259ld\u0259 edin.\",\"breadcrumb\":{\"@id\":\"https:\/\/talkpal.ai\/az\/cex-dilinin-qrammatikasi\/#breadcrumb\"},\"inLanguage\":\"az\",\"potentialAction\":[{\"@type\":\"ReadAction\",\"target\":[\"https:\/\/talkpal.ai\/az\/cex-dilinin-qrammatikasi\/\"]}]},{\"@type\":\"ImageObject\",\"inLanguage\":\"az\",\"@id\":\"https:\/\/talkpal.ai\/az\/cex-dilinin-qrammatikasi\/#primaryimage\",\"url\":\"https:\/\/talkpal.ai\/wp-content\/uploads\/2023\/05\/czech-republic.png\",\"contentUrl\":\"https:\/\/talkpal.ai\/wp-content\/uploads\/2023\/05\/czech-republic.png\",\"width\":512,\"height\":512},{\"@type\":\"BreadcrumbList\",\"@id\":\"https:\/\/talkpal.ai\/az\/cex-dilinin-qrammatikasi\/#breadcrumb\",\"itemListElement\":[{\"@type\":\"ListItem\",\"position\":1,\"name\":\"Homepage\",\"item\":\"https:\/\/talkpal.ai\/az\/\"},{\"@type\":\"ListItem\",\"position\":2,\"name\":\"\u00c7ex dilinin qrammatikas\u0131\"}]},{\"@type\":\"WebSite\",\"@id\":\"https:\/\/talkpal.ai\/az\/#website\",\"url\":\"https:\/\/talkpal.ai\/az\/\",\"name\":\"Talkpal\",\"description\":\"AI Language Learning\",\"publisher\":{\"@id\":\"https:\/\/talkpal.ai\/az\/#organization\"},\"alternateName\":\"Talkpal AI\",\"potentialAction\":[{\"@type\":\"SearchAction\",\"target\":{\"@type\":\"EntryPoint\",\"urlTemplate\":\"https:\/\/talkpal.ai\/az\/?s={search_term_string}\"},\"query-input\":{\"@type\":\"PropertyValueSpecification\",\"valueRequired\":true,\"valueName\":\"search_term_string\"}}],\"inLanguage\":\"az\"},{\"@type\":\"Organization\",\"@id\":\"https:\/\/talkpal.ai\/az\/#organization\",\"name\":\"Talkpal, Inc.\",\"alternateName\":\"Talkpal AI\",\"url\":\"https:\/\/talkpal.ai\/az\/\",\"logo\":{\"@type\":\"ImageObject\",\"inLanguage\":\"az\",\"@id\":\"https:\/\/talkpal.ai\/az\/#\/schema\/logo\/image\/\",\"url\":\"https:\/\/talkpal.ai\/wp-content\/uploads\/2024\/03\/Talkpal-Logo-Icon.png\",\"contentUrl\":\"https:\/\/talkpal.ai\/wp-content\/uploads\/2024\/03\/Talkpal-Logo-Icon.png\",\"width\":2880,\"height\":2880,\"caption\":\"Talkpal, Inc.\"},\"image\":{\"@id\":\"https:\/\/talkpal.ai\/az\/#\/schema\/logo\/image\/\"},\"sameAs\":[\"https:\/\/www.facebook.com\/profile.php?id=100090733639311\",\"https:\/\/x.com\/talkpalai\",\"https:\/\/www.linkedin.com\/company\/talkpal\/\",\"https:\/\/www.youtube.com\/@TalkPal\/\",\"https:\/\/www.tiktok.com\/@talkpal\",\"https:\/\/www.instagram.com\/talkpal_ai\/\",\"https:\/\/www.crunchbase.com\/organization\/talkpal-9cde\",\"https:\/\/www.g2.com\/products\/talkpal-for-business\/\",\"https:\/\/www.trustpilot.com\/review\/talkpal.ai\",\"https:\/\/www.capterra.com\/p\/10006800\/TalkPal\/\"],\"description\":\"Talkpal is a language learning web and mobile education app, powered by the latest AI technologies, that provides engaging experiences to its customers in many different languages to help them improve their language skills. Users can chat about unlimited amount of topics with the app and use other modes to practice their language learning.\",\"email\":\"support@talkpal.ai\",\"legalName\":\"Talkpal, Inc.\",\"foundingDate\":\"2023-04-03\",\"duns\":\"118989042\",\"numberOfEmployees\":{\"@type\":\"QuantitativeValue\",\"minValue\":\"11\",\"maxValue\":\"50\"},\"publishingPrinciples\":\"https:\/\/talkpal.ai\/publishing-principles\/\",\"actionableFeedbackPolicy\":\"https:\/\/talkpal.ai\/actionable-feedback-policy\/\",\"correctionsPolicy\":\"https:\/\/talkpal.ai\/corrections-policy\/\",\"ethicsPolicy\":\"https:\/\/talkpal.ai\/ethics-policy\/\",\"diversityPolicy\":\"https:\/\/talkpal.ai\/diversity-policy\/\",\"diversityStaffingReport\":\"https:\/\/talkpal.ai\/diversity-policy\/\"}]}<\/script>\n<!-- \/ Yoast SEO Premium plugin. -->","yoast_head_json":{"title":"\u00c7ex dilinin qrammatikas\u0131 - Talkpal","description":"\u00c7ex qrammatikas\u0131n\u0131n sirl\u0259rini a\u00e7\u0131n. Onun \u00f6z\u00fcn\u0259m\u0259xsus m\u00fcr\u0259kk\u0259bliyi v\u0259 ismin t\u0259rifl\u0259rini nec\u0259 effektiv m\u0259nims\u0259m\u0259k bar\u0259d\u0259 m\u0259lumat \u0259ld\u0259 edin.","robots":{"index":"index","follow":"follow","max-snippet":"max-snippet:-1","max-image-preview":"max-image-preview:large","max-video-preview":"max-video-preview:-1"},"canonical":"https:\/\/talkpal.ai\/az\/cex-dilinin-qrammatikasi\/","og_locale":"az_AZ","og_type":"article","og_title":"\u00c7ex dilinin qrammatikas\u0131","og_description":"\u00c7ex qrammatikas\u0131: \u00c7ex dilinin unikal strukturunu m\u0259naland\u0131rmaq \u018fg\u0259r siz n\u0259 vaxtsa \u00e7ex dilini \u00f6yr\u0259nm\u0259y\u0259 \u00e7al\u0131\u015fm\u0131s\u0131n\u0131zsa - v\u0259 ya sad\u0259c\u0259 bir \u00e7ex m\u0259qal\u0259sini v\u0259","og_url":"https:\/\/talkpal.ai\/az\/cex-dilinin-qrammatikasi\/","og_site_name":"Talkpal","article_publisher":"https:\/\/www.facebook.com\/profile.php?id=100090733639311","article_modified_time":"2025-12-13T15:24:46+00:00","og_image":[{"width":512,"height":512,"url":"https:\/\/talkpal.ai\/wp-content\/uploads\/2023\/05\/czech-republic.png","type":"image\/png"}],"twitter_card":"summary_large_image","twitter_site":"@talkpalai","twitter_misc":{"Est. reading time":"5 minutes"},"schema":{"@context":"https:\/\/schema.org","@graph":[{"@type":"WebPage","@id":"https:\/\/talkpal.ai\/az\/cex-dilinin-qrammatikasi\/","url":"https:\/\/talkpal.ai\/az\/cex-dilinin-qrammatikasi\/","name":"\u00c7ex dilinin qrammatikas\u0131 - Talkpal","isPartOf":{"@id":"https:\/\/talkpal.ai\/az\/#website"},"primaryImageOfPage":{"@id":"https:\/\/talkpal.ai\/az\/cex-dilinin-qrammatikasi\/#primaryimage"},"image":{"@id":"https:\/\/talkpal.ai\/az\/cex-dilinin-qrammatikasi\/#primaryimage"},"thumbnailUrl":"https:\/\/talkpal.ai\/wp-content\/uploads\/2023\/05\/czech-republic.png","datePublished":"2023-05-14T14:03:07+00:00","dateModified":"2025-12-13T15:24:46+00:00","description":"\u00c7ex qrammatikas\u0131n\u0131n sirl\u0259rini a\u00e7\u0131n. Onun \u00f6z\u00fcn\u0259m\u0259xsus m\u00fcr\u0259kk\u0259bliyi v\u0259 ismin t\u0259rifl\u0259rini nec\u0259 effektiv m\u0259nims\u0259m\u0259k bar\u0259d\u0259 m\u0259lumat \u0259ld\u0259 edin.","breadcrumb":{"@id":"https:\/\/talkpal.ai\/az\/cex-dilinin-qrammatikasi\/#breadcrumb"},"inLanguage":"az","potentialAction":[{"@type":"ReadAction","target":["https:\/\/talkpal.ai\/az\/cex-dilinin-qrammatikasi\/"]}]},{"@type":"ImageObject","inLanguage":"az","@id":"https:\/\/talkpal.ai\/az\/cex-dilinin-qrammatikasi\/#primaryimage","url":"https:\/\/talkpal.ai\/wp-content\/uploads\/2023\/05\/czech-republic.png","contentUrl":"https:\/\/talkpal.ai\/wp-content\/uploads\/2023\/05\/czech-republic.png","width":512,"height":512},{"@type":"BreadcrumbList","@id":"https:\/\/talkpal.ai\/az\/cex-dilinin-qrammatikasi\/#breadcrumb","itemListElement":[{"@type":"ListItem","position":1,"name":"Homepage","item":"https:\/\/talkpal.ai\/az\/"},{"@type":"ListItem","position":2,"name":"\u00c7ex dilinin qrammatikas\u0131"}]},{"@type":"WebSite","@id":"https:\/\/talkpal.ai\/az\/#website","url":"https:\/\/talkpal.ai\/az\/","name":"Talkpal","description":"AI Language Learning","publisher":{"@id":"https:\/\/talkpal.ai\/az\/#organization"},"alternateName":"Talkpal AI","potentialAction":[{"@type":"SearchAction","target":{"@type":"EntryPoint","urlTemplate":"https:\/\/talkpal.ai\/az\/?s={search_term_string}"},"query-input":{"@type":"PropertyValueSpecification","valueRequired":true,"valueName":"search_term_string"}}],"inLanguage":"az"},{"@type":"Organization","@id":"https:\/\/talkpal.ai\/az\/#organization","name":"Talkpal, Inc.","alternateName":"Talkpal AI","url":"https:\/\/talkpal.ai\/az\/","logo":{"@type":"ImageObject","inLanguage":"az","@id":"https:\/\/talkpal.ai\/az\/#\/schema\/logo\/image\/","url":"https:\/\/talkpal.ai\/wp-content\/uploads\/2024\/03\/Talkpal-Logo-Icon.png","contentUrl":"https:\/\/talkpal.ai\/wp-content\/uploads\/2024\/03\/Talkpal-Logo-Icon.png","width":2880,"height":2880,"caption":"Talkpal, Inc."},"image":{"@id":"https:\/\/talkpal.ai\/az\/#\/schema\/logo\/image\/"},"sameAs":["https:\/\/www.facebook.com\/profile.php?id=100090733639311","https:\/\/x.com\/talkpalai","https:\/\/www.linkedin.com\/company\/talkpal\/","https:\/\/www.youtube.com\/@TalkPal\/","https:\/\/www.tiktok.com\/@talkpal","https:\/\/www.instagram.com\/talkpal_ai\/","https:\/\/www.crunchbase.com\/organization\/talkpal-9cde","https:\/\/www.g2.com\/products\/talkpal-for-business\/","https:\/\/www.trustpilot.com\/review\/talkpal.ai","https:\/\/www.capterra.com\/p\/10006800\/TalkPal\/"],"description":"Talkpal is a language learning web and mobile education app, powered by the latest AI technologies, that provides engaging experiences to its customers in many different languages to help them improve their language skills. Users can chat about unlimited amount of topics with the app and use other modes to practice their language learning.","email":"support@talkpal.ai","legalName":"Talkpal, Inc.","foundingDate":"2023-04-03","duns":"118989042","numberOfEmployees":{"@type":"QuantitativeValue","minValue":"11","maxValue":"50"},"publishingPrinciples":"https:\/\/talkpal.ai\/publishing-principles\/","actionableFeedbackPolicy":"https:\/\/talkpal.ai\/actionable-feedback-policy\/","correctionsPolicy":"https:\/\/talkpal.ai\/corrections-policy\/","ethicsPolicy":"https:\/\/talkpal.ai\/ethics-policy\/","diversityPolicy":"https:\/\/talkpal.ai\/diversity-policy\/","diversityStaffingReport":"https:\/\/talkpal.ai\/diversity-policy\/"}]}},"_links":{"self":[{"href":"https:\/\/talkpal.ai\/az\/wp-json\/wp\/v2\/pages\/143286","targetHints":{"allow":["GET"]}}],"collection":[{"href":"https:\/\/talkpal.ai\/az\/wp-json\/wp\/v2\/pages"}],"about":[{"href":"https:\/\/talkpal.ai\/az\/wp-json\/wp\/v2\/types\/page"}],"author":[{"embeddable":true,"href":"https:\/\/talkpal.ai\/az\/wp-json\/wp\/v2\/users\/1"}],"replies":[{"embeddable":true,"href":"https:\/\/talkpal.ai\/az\/wp-json\/wp\/v2\/comments?post=143286"}],"version-history":[{"count":0,"href":"https:\/\/talkpal.ai\/az\/wp-json\/wp\/v2\/pages\/143286\/revisions"}],"wp:featuredmedia":[{"embeddable":true,"href":"https:\/\/talkpal.ai\/az\/wp-json\/wp\/v2\/media\/111744"}],"wp:attachment":[{"href":"https:\/\/talkpal.ai\/az\/wp-json\/wp\/v2\/media?parent=143286"}],"curies":[{"name":"wp","href":"https:\/\/api.w.org\/{rel}","templated":true}]}}