{"id":142975,"date":"2023-05-14T14:02:30","date_gmt":"2023-05-14T14:02:30","guid":{"rendered":"http:\/\/talkpal.ai\/yunanca-qrammatika\/"},"modified":"2025-12-13T15:14:17","modified_gmt":"2025-12-13T15:14:17","slug":"yunanca-qrammatika","status":"publish","type":"page","link":"https:\/\/talkpal.ai\/az\/yunanca-qrammatika\/","title":{"rendered":"Yunanca Qrammatika"},"content":{"rendered":"\r\n\r\n\r\n<section class=\"languageChallengeSection\">\r\n    <div class=\"languageInfoWrapper\">\r\n        \r\n        <h1>Yunanca Qrammatika<\/h1>\r\n        <p><a href=\"https:\/\/talkpal.ai\/learn-greek\/\">Yunan<\/a> qrammatikas\u0131n\u0131 \u00f6yr\u0259nin v\u0259 b\u0259\u015f\u0259riyy\u0259tin \u0259n q\u0259dim v\u0259 \u0259n t\u0259sirli dill\u0259rind\u0259n birinin d\u00fcnyas\u0131na add\u0131mlay\u0131n. <a href=\"https:\/\/talkpal.ai\/learn-greek\/\">Yunan<\/a> sizi \u00f6z\u00fcn\u0259m\u0259xsus \u0259lifbas\u0131, ifad\u0259li fel birl\u0259\u015fm\u0259l\u0259ri v\u0259 m\u0259nas\u0131n\u0131 formala\u015fd\u0131ran isim hallar\u0131 sistemi il\u0259 tan\u0131\u015f edir. T\u0259dqiq etdikc\u0259 bir \u00e7ox ingilis s\u00f6zl\u0259rinin k\u00f6kl\u0259rini k\u0259\u015ff ed\u0259c\u0259k v\u0259 z\u0259ngin m\u0259d\u0259ni irsl\u0259 \u0259laq\u0259 saxlayacaqs\u0131n\u0131z. Q\u0259bul edin v\u0259 yunan qrammatikas\u0131n\u0131 \u00f6yr\u0259nm\u0259yin m\u00fckafatland\u0131r\u0131c\u0131 problemind\u0259n h\u0259zz al\u0131n!<\/p>\r\n\r\n                            <a class=\"getStartedHidden\" href=\"https:\/\/app.talkpal.ai\/signup?lng=\">Ba\u015fla<\/a>\r\n        \r\n    <\/div>\r\n\r\n    <figure>\r\n    <img decoding=\"async\" width=\"768\" height=\"768\" src=\"https:\/\/talkpal.ai\/wp-content\/uploads\/2023\/06\/greek-768x768.png\" class=\"languageImage no-lazy\" alt=\"Language learning to boost personal capability\" fetchpriority=\"high\" sizes=\"(max-width: 768px) 150px, 768px\" srcset=\"https:\/\/talkpal.ai\/wp-content\/uploads\/2023\/06\/greek-768x768.png 768w, https:\/\/talkpal.ai\/wp-content\/uploads\/2023\/06\/greek-300x300.png 300w\" \/>\r\n    \r\n\r\n    <\/figure>\r\n\r\n            <a class=\"getStartedVisible\" href=\"https:\/\/app.talkpal.ai\/signup?lng=\">Ba\u015fla<\/a>\r\n    \r\n<\/section>\r\n<section class=\"promotionalBanner\">\r\n    <p class=\"promotionalText\">Dil \u00f6yr\u0259nm\u0259yin \u0259n t\u0259sirli yolu<\/p>\r\n    <a class=\"promotionalLink\" href=\"https:\/\/app.talkpal.ai\/signup?lng=\">Talkpal pulsuz s\u0131nay\u0131n<\/a>\r\n<\/section>\n<div class=\"wp-block-group pageContainerStyle\"><div class=\"wp-block-group__inner-container is-layout-constrained wp-block-group-is-layout-constrained\">\n<h2 class=\"wp-block-heading\" id=\"h-demystifying-greek-grammar-a-comprehensive-guide\">Yunanca Qrammatikas\u0131 Demystifying: A Comprehensive Guide<\/h2>\n\n\n\n<p>Z\u0259rif v\u0259 q\u0259dim dil olan yunan dili dil tarixind\u0259 x\u00fcsusi yer tutur v\u0259 bu g\u00fcn d\u0259 \u00f6z t\u0259sirliyini saxlay\u0131r. Yunan dilinin qrammatikas\u0131nda m\u00f6hk\u0259m b\u00fcn\u00f6vr\u0259 il\u0259 siz z\u0259ngin m\u0259d\u0259ni v\u0259 tarixi resurslara \u00e7\u0131x\u0131\u015f \u0259ld\u0259 ed\u0259c\u0259k, eyni zamanda ingilis s\u00f6z ehtiyat\u0131nda ba\u015fqa bir m\u0259na qat\u0131n\u0131 a\u00e7acaqs\u0131n\u0131z. Yunan dilinin qrammatikas\u0131, geni\u015f yay\u0131lm\u0131\u015f e&#8217;tiqadlar\u0131n \u0259ksin\u0259 olaraq, ba\u015flan\u011f\u0131cda g\u00f6r\u00fcnd\u00fcy\u00fc kimi qorxulu deyil. Bu yaz\u0131da biz siz\u0259 Yunan qrammatikas\u0131n\u0131n \u0259sas komponentl\u0259ri aras\u0131nda g\u0259zm\u0259y\u0259 k\u00f6m\u0259k ed\u0259c\u0259yik ki, bu dil\u0259 inam v\u0259 h\u0259v\u0259sl\u0259 yana\u015fas\u0131n\u0131z.<\/p>\n\n\n\n<h3 class=\"wp-block-heading\" id=\"h-1-understanding-greek-nouns-cases-and-articles\">1. Yunan Nounlar\u0131, Hallar\u0131 v\u0259 M\u0259qal\u0259l\u0259ri Anlamaq<\/h3>\n\n\n\n<p>Yunan nounlar\u0131 3 cins\u0259 b\u00f6l\u00fcn\u00fcr: ki\u015filik, femin v\u0259 neytri. H\u0259r bir isim cinsin\u0259, say\u0131na (t\u0259k v\u0259 ya c\u0259m) v\u0259 hal\u0131na g\u00f6r\u0259 ismin sonlar\u0131n\u0131 t\u0259yin ed\u0259n \u00fc\u00e7 azalmadan birin\u0259 aiddir. Yunan dilind\u0259 5 hal var: nominativ, genitativ, dativ, ittihamedici v\u0259 vokativ.<\/p>\n\n\n\n<p>Yunan dilinin qrammatikas\u0131 m\u0259qal\u0259sinin \u0259sas c\u0259h\u0259tl\u0259rind\u0259n biridir. \u0130ngilis &#8216;the&#8217; kimi, Yunan m\u00fc\u0259yy\u0259n artikli Yunan m\u0259tnl\u0259rini ba\u015fa d\u00fc\u015fm\u0259k \u00fc\u00e7\u00fcn \u00e7ox vacibdir. Yunan dilind\u0259 olan m\u0259qal\u0259d\u0259 cins, r\u0259q\u0259m v\u0259 haldak\u0131 noun il\u0259 raz\u0131la\u015fmaq laz\u0131md\u0131r. Yunan dilind\u0259 d\u0259 ingilis dilind\u0259 &#8220;a&#8221; v\u0259 ya &#8220;an&#8221; kimi f\u0259aliyy\u0259t g\u00f6st\u0259r\u0259n qeyri-m\u00fc\u0259yy\u0259n artikl var.<\/p>\n\n\n\n<h3 class=\"wp-block-heading\" id=\"h-2-tackling-greek-verbs-conjugation-and-moods\">2. Yunan Feill\u0259rinin \u00f6hd\u0259sind\u0259n g\u0259lm\u0259k. Konjuqasiya v\u0259 \u0259hval-ruhiyy\u0259<\/h3>\n\n\n\n<p>Yunan feill\u0259ri onlar\u0131n g\u0259rgin, s\u0259sli, \u0259hval-ruhiyy\u0259li, insan v\u0259 saylar\u0131 il\u0259 xarakteriz\u0259 olunur. Yunan dilind\u0259 feill\u0259r \u00f6z g\u0259rginlikl\u0259rin\u0259 g\u00f6r\u0259 bir-biri il\u0259 birl\u0259\u015firl\u0259r ki, bu da h\u0259r\u0259k\u0259tin n\u0259 zaman ba\u015f verdiyin\u0259 i\u015far\u0259 edir. Yunan felinin yeddi \u0259sas hiss\u0259si vard\u0131r ki, onlar\u0131n h\u0259r biri g\u0259rgin bir feill\u0259 m\u00fct\u0259nasibdir:<\/p>\n\n\n\n<p><strong>&#8211; \u0130ndiki<\/strong><\/p>\n\n\n\n<p><strong>&#8211; G\u0259l\u0259c\u0259k<\/strong><\/p>\n\n\n\n<p><strong>&#8211; Aorist (sad\u0259 ke\u00e7mi\u015f)<\/strong><\/p>\n\n\n\n<p><strong>\u2013 M\u00fck\u0259mm\u0259l<\/strong><\/p>\n\n\n\n<p><strong>&#8211; G\u0259l\u0259c\u0259k m\u00fck\u0259mm\u0259l<\/strong><\/p>\n\n\n\n<p><strong>&#8211; M\u00fck\u0259mm\u0259l<\/strong><\/p>\n\n\n\n<p><strong>&#8211; Aorist passiv<\/strong><\/p>\n\n\n\n<p>Bundan \u0259lav\u0259, yunan fell\u0259ri dan\u0131\u015fan\u0131n h\u0259r\u0259k\u0259t\u0259 m\u00fcnasib\u0259tini ifad\u0259 ed\u0259n m\u00fcxt\u0259lif \u0259hval-ruhiyy\u0259l\u0259r\u0259 malikdir. Bu \u0259hval-ruhiyy\u0259l\u0259r m\u00fctl\u0259qdir, g\u00f6st\u0259ricidir v\u0259 tabe\u00e7ilikdir.<\/p>\n\n\n\n<h3 class=\"wp-block-heading\" id=\"h-3-crafting-expressive-sentences-with-greek-adjectives-and-adverbs\">3. Yunan Adjectives v\u0259 Adverbs il\u0259 Expressive c\u00fcml\u0259l\u0259r etm\u0259k<\/h3>\n\n\n\n<p>Yunan adjectives sizin c\u00fcml\u0259l\u0259r r\u0259ng v\u0259 t\u0259svir \u0259lav\u0259 edir. Adlara b\u0259nz\u0259r t\u0259rzd\u0259, yunan dilind\u0259 d\u0259 ad kimi, cinsi, sayca v\u0259 sif\u0259tl\u0259rind\u0259 olan adlarla eyni fikird\u0259 olmal\u0131d\u0131r. Bundan ba\u015fqa, adjectives onlar\u0131n sonlar\u0131n\u0131 m\u00fc\u0259yy\u0259n ed\u0259n \u00fc\u00e7 deleksiyadan birin\u0259 aiddir.<\/p>\n\n\n\n<p>Yunan adverbl\u0259ri feill\u0259ri, adjectives v\u0259 ya dig\u0259r adverbl\u0259ri d\u0259yi\u015fdirir. Onlar h\u0259r\u0259k\u0259tin nec\u0259, n\u0259 vaxt, harada v\u0259 n\u0259 d\u0259r\u0259c\u0259d\u0259 icra olundu\u011funu ifad\u0259 edirl\u0259r. Adgektivl\u0259rd\u0259n f\u0259rqli olaraq, adverbl\u0259rin cinsd\u0259, r\u0259q\u0259md\u0259 v\u0259 ya m\u0259s\u0259l\u0259d\u0259 adlarla raz\u0131la\u015fmas\u0131na ehtiyac yoxdur. Bir \u00e7ox hallarda adverbl\u0259r adjective k\u00f6kl\u0259r\u0259 spesifik sonluqlar \u0259lav\u0259 etm\u0259kl\u0259 yaran\u0131r.<\/p>\n\n\n\n<h3 class=\"wp-block-heading\" id=\"h-4-exploring-greek-pronouns-and-greek-sentence-structure\">4. Yunan Pronouns v\u0259 Yunan c\u00fcml\u0259 qurulu\u015funu t\u0259dqiq etm\u0259k<\/h3>\n\n\n\n<p>Pronouns yunan dilinin qrammatikas\u0131nda \u0259h\u0259miyy\u0259tli rol oynay\u0131r, bel\u0259 ki, onlar nounlar\u0131 \u0259v\u0259z edir v\u0259 cins, r\u0259q\u0259m v\u0259 m\u0259s\u0259l\u0259d\u0259 t\u0259msil etdikl\u0259ri nounla raz\u0131la\u015fmal\u0131d\u0131rlar. Yunan dilind\u0259 \u015f\u0259xsi, refleksiv, n\u00fcmayi\u015fkar, nisbi, sor\u011fu-sual v\u0259 m\u00fcdd\u0259tsiz t\u0259l\u0259ff\u00fczl\u0259r m\u00f6vcuddur.<\/p>\n\n\n\n<p>Yunan c\u00fcml\u0259 qurulu\u015fu \u0259sas\u0259n m\u00f6vzu-feli-obyekt (SVO) \u0259mrini yerin\u0259 yetirir. Lakin yunan dili y\u00fcks\u0259k inflektli t\u0259bi\u0259tin\u0259 g\u00f6r\u0259 s\u00f6z nizam\u0131nda daha \u00e7evik olma\u011f\u0131 t\u0259klif edir ki, bu da vur\u011funa v\u0259 poetik ifad\u0259y\u0259 imkan verir. Bu \u00e7eviklik ilk bax\u0131\u015fda \u00e7\u0259tin g\u00f6r\u00fcn\u0259 bil\u0259r, lakin dilin n\u00fcanslar\u0131 il\u0259 tan\u0131\u015f olduqda daha \u0259l\u00e7atan olur.<\/p>\n\n\n\n<h3 class=\"wp-block-heading\" id=\"h-conclusion\">N\u0259tic\u0259<\/h3>\n\n\n\n<p>Yunan dilinin qrammatikas\u0131na yiy\u0259l\u0259nm\u0259k \u00fc\u00e7\u00fcn yola \u00e7\u0131xan zaman yadda saxla ki, m\u00fcv\u0259ff\u0259qiyy\u0259t \u00fc\u00e7\u00fcn m\u0259\u015fq etm\u0259k v\u0259 m\u0259tan\u0259t g\u00f6st\u0259rm\u0259k olduqca vacibdir. Yunan isiml\u0259rinin, feill\u0259rinin, isiml\u0259rin, fell\u0259rin, fell\u0259rin, fell\u0259rin v\u0259 c\u00fcml\u0259l\u0259rin m\u00fcr\u0259kk\u0259blikl\u0259rini \u00fcz\u0259 \u00e7\u0131xararaq vaxt ay\u0131r\u0131n. Bu maraql\u0131 dili d\u0259rind\u0259n ara\u015fd\u0131rma\u011f\u0131n say\u0259sind\u0259 g\u00f6r\u0259c\u0259ks\u0259n ki, yunan dilinin qrammatikas\u0131 daha yax\u0131ndan tan\u0131\u015f olur v\u0259 daha da qorxulu deyil. B\u0259xt\u0259v\u0259r, \u03ba\u03b1\u03bb\u03b7 \u03b5\u03c0\u03b9\u03c4\u03c5\u03c7\u03b9\u03b1!<\/p>\n<\/div><\/div>\n\r\n<section class=\"learnNavigationSection\">\r\n            \r\n        <a href=\"https:\/\/talkpal.ai\/az\/yunan-dilini-oyr%c9%99n\/\">\r\n            <div class=\"learnNavigationWrapper\">\r\n                <div class=\"learnNavigationContent\">\r\n                    <img decoding=\"async\" src=\"https:\/\/talkpal.ai\/wp-content\/uploads\/2024\/08\/Greek.jpg\" alt=\"Greek Flag\">\r\n                    <div>\r\n                        <h4>Yunan \u00f6yr\u0259nm\u0259 haqq\u0131nda<\/h4>\r\n                        <p>Yunan qrammatikas\u0131 haqq\u0131nda h\u0259r \u015feyi tap\u0131n.<\/p>\r\n                    <\/div>\r\n                <\/div>\r\n            <\/div>\r\n        <\/a>\r\n\r\n        \r\n        <a href=\"https:\/\/talkpal.ai\/az\/yunan-dilinin-qrammatika-m%c9%99sg%c9%99l%c9%99l%c9%99ri\/\">\r\n            <div class=\"learnNavigationWrapper\">\r\n                <div class=\"learnNavigationContent\">\r\n                    <img decoding=\"async\" src=\"https:\/\/talkpal.ai\/wp-content\/uploads\/2024\/08\/Greek.jpg\" alt=\"Greek Flag\">\r\n                    <div>\r\n                        <h4>Yunan qrammatikas\u0131 m\u0259\u015fqi<\/h4>\r\n                        <p>Yunan dilinin qrammatika il\u0259 m\u0259\u015f\u011ful.<\/p>\r\n                    <\/div>\r\n                <\/div>\r\n            <\/div>\r\n        <\/a>\r\n\r\n        \r\n        <a href=\"https:\/\/talkpal.ai\/vocabulary_language\/greek\/\">\r\n            <div class=\"learnNavigationWrapper\">\r\n                <div class=\"learnNavigationContent\">\r\n                    <img decoding=\"async\" src=\"https:\/\/talkpal.ai\/wp-content\/uploads\/2024\/08\/Greek.jpg\" alt=\"Greek Flag\">\r\n                    <div>\r\n                        <h4>Yunan l\u00fc\u011f\u0259ti<\/h4>\r\n                        <p>Yunan l\u00fc\u011f\u0259tinizi geni\u015fl\u0259ndirin.<\/p>\r\n                    <\/div>\r\n                <\/div>\r\n            <\/div>\r\n        <\/a>\r\n\r\n            <\/section>","protected":false},"excerpt":{"rendered":"<p>Yunanca Qrammatikas\u0131 Demystifying: A Comprehensive Guide Z\u0259rif v\u0259 q\u0259dim dil olan yunan dili dil tarixind\u0259 x\u00fcsusi yer tutur v\u0259 bu g\u00fcn d\u0259 \u00f6z t\u0259sirliyini saxlay\u0131r. Yunan dilinin qrammatikas\u0131nda m\u00f6hk\u0259m b\u00fcn\u00f6vr\u0259 il\u0259 siz z\u0259ngin m\u0259d\u0259ni v\u0259 tarixi resurslara \u00e7\u0131x\u0131\u015f \u0259ld\u0259 ed\u0259c\u0259k, eyni zamanda ingilis s\u00f6z ehtiyat\u0131nda ba\u015fqa bir m\u0259na qat\u0131n\u0131 a\u00e7acaqs\u0131n\u0131z. Yunan dilinin qrammatikas\u0131, geni\u015f yay\u0131lm\u0131\u015f [&hellip;]<\/p>\n","protected":false},"author":1,"featured_media":112675,"parent":0,"menu_order":0,"comment_status":"closed","ping_status":"closed","template":"LearningContentPage.php","meta":{"_acf_changed":false,"footnotes":""},"class_list":["post-142975","page","type-page","status-publish","has-post-thumbnail","hentry"],"acf":[],"yoast_head":"<!-- This site is optimized with the Yoast SEO Premium plugin v27.2 (Yoast SEO v27.2) - https:\/\/yoast.com\/product\/yoast-seo-premium-wordpress\/ -->\n<title>Yunanca Qrammatika - Talkpal<\/title>\n<meta name=\"description\" content=\"Yunan qrammatikas\u0131n\u0131 inamla m\u0259nims\u0259yin - vacib qaydalar\u0131 \u00f6yr\u0259nin, c\u00fcml\u0259l\u0259r qurma\u011f\u0131 m\u0259\u015fq edin v\u0259 Talkpal AI il\u0259 bacar\u0131qlar\u0131n\u0131z\u0131 s\u00fcr\u0259tl\u0259 g\u00fccl\u0259ndirin.\" \/>\n<meta name=\"robots\" content=\"index, follow, max-snippet:-1, max-image-preview:large, max-video-preview:-1\" \/>\n<link rel=\"canonical\" href=\"https:\/\/talkpal.ai\/az\/yunanca-qrammatika\/\" \/>\n<meta property=\"og:locale\" content=\"az_AZ\" \/>\n<meta property=\"og:type\" content=\"article\" \/>\n<meta property=\"og:title\" content=\"Yunanca Qrammatika\" \/>\n<meta property=\"og:description\" content=\"Yunanca Qrammatikas\u0131 Demystifying: A Comprehensive Guide Z\u0259rif v\u0259 q\u0259dim dil olan yunan dili dil tarixind\u0259 x\u00fcsusi yer tutur v\u0259 bu g\u00fcn d\u0259 \u00f6z t\u0259sirliyini\" \/>\n<meta property=\"og:url\" content=\"https:\/\/talkpal.ai\/az\/yunanca-qrammatika\/\" \/>\n<meta property=\"og:site_name\" content=\"Talkpal\" \/>\n<meta property=\"article:publisher\" content=\"https:\/\/www.facebook.com\/profile.php?id=100090733639311\" \/>\n<meta property=\"article:modified_time\" content=\"2025-12-13T15:14:17+00:00\" \/>\n<meta property=\"og:image\" content=\"https:\/\/talkpal.ai\/wp-content\/uploads\/2023\/05\/greece.png\" \/>\n\t<meta property=\"og:image:width\" content=\"512\" \/>\n\t<meta property=\"og:image:height\" content=\"512\" \/>\n\t<meta property=\"og:image:type\" content=\"image\/png\" \/>\n<meta name=\"twitter:card\" content=\"summary_large_image\" \/>\n<meta name=\"twitter:site\" content=\"@talkpalai\" \/>\n<meta name=\"twitter:label1\" content=\"Est. reading time\" \/>\n\t<meta name=\"twitter:data1\" content=\"4 minutes\" \/>\n<script type=\"application\/ld+json\" class=\"yoast-schema-graph\">{\"@context\":\"https:\/\/schema.org\",\"@graph\":[{\"@type\":\"WebPage\",\"@id\":\"https:\/\/talkpal.ai\/az\/yunanca-qrammatika\/\",\"url\":\"https:\/\/talkpal.ai\/az\/yunanca-qrammatika\/\",\"name\":\"Yunanca Qrammatika - Talkpal\",\"isPartOf\":{\"@id\":\"https:\/\/talkpal.ai\/az\/#website\"},\"primaryImageOfPage\":{\"@id\":\"https:\/\/talkpal.ai\/az\/yunanca-qrammatika\/#primaryimage\"},\"image\":{\"@id\":\"https:\/\/talkpal.ai\/az\/yunanca-qrammatika\/#primaryimage\"},\"thumbnailUrl\":\"https:\/\/talkpal.ai\/wp-content\/uploads\/2023\/05\/greece.png\",\"datePublished\":\"2023-05-14T14:02:30+00:00\",\"dateModified\":\"2025-12-13T15:14:17+00:00\",\"description\":\"Yunan qrammatikas\u0131n\u0131 inamla m\u0259nims\u0259yin - vacib qaydalar\u0131 \u00f6yr\u0259nin, c\u00fcml\u0259l\u0259r qurma\u011f\u0131 m\u0259\u015fq edin v\u0259 Talkpal AI il\u0259 bacar\u0131qlar\u0131n\u0131z\u0131 s\u00fcr\u0259tl\u0259 g\u00fccl\u0259ndirin.\",\"breadcrumb\":{\"@id\":\"https:\/\/talkpal.ai\/az\/yunanca-qrammatika\/#breadcrumb\"},\"inLanguage\":\"az\",\"potentialAction\":[{\"@type\":\"ReadAction\",\"target\":[\"https:\/\/talkpal.ai\/az\/yunanca-qrammatika\/\"]}]},{\"@type\":\"ImageObject\",\"inLanguage\":\"az\",\"@id\":\"https:\/\/talkpal.ai\/az\/yunanca-qrammatika\/#primaryimage\",\"url\":\"https:\/\/talkpal.ai\/wp-content\/uploads\/2023\/05\/greece.png\",\"contentUrl\":\"https:\/\/talkpal.ai\/wp-content\/uploads\/2023\/05\/greece.png\",\"width\":512,\"height\":512},{\"@type\":\"BreadcrumbList\",\"@id\":\"https:\/\/talkpal.ai\/az\/yunanca-qrammatika\/#breadcrumb\",\"itemListElement\":[{\"@type\":\"ListItem\",\"position\":1,\"name\":\"Homepage\",\"item\":\"https:\/\/talkpal.ai\/az\/\"},{\"@type\":\"ListItem\",\"position\":2,\"name\":\"Yunanca Qrammatika\"}]},{\"@type\":\"WebSite\",\"@id\":\"https:\/\/talkpal.ai\/az\/#website\",\"url\":\"https:\/\/talkpal.ai\/az\/\",\"name\":\"Talkpal\",\"description\":\"AI Language Learning\",\"publisher\":{\"@id\":\"https:\/\/talkpal.ai\/az\/#organization\"},\"alternateName\":\"Talkpal AI\",\"potentialAction\":[{\"@type\":\"SearchAction\",\"target\":{\"@type\":\"EntryPoint\",\"urlTemplate\":\"https:\/\/talkpal.ai\/az\/?s={search_term_string}\"},\"query-input\":{\"@type\":\"PropertyValueSpecification\",\"valueRequired\":true,\"valueName\":\"search_term_string\"}}],\"inLanguage\":\"az\"},{\"@type\":\"Organization\",\"@id\":\"https:\/\/talkpal.ai\/az\/#organization\",\"name\":\"Talkpal, Inc.\",\"alternateName\":\"Talkpal AI\",\"url\":\"https:\/\/talkpal.ai\/az\/\",\"logo\":{\"@type\":\"ImageObject\",\"inLanguage\":\"az\",\"@id\":\"https:\/\/talkpal.ai\/az\/#\/schema\/logo\/image\/\",\"url\":\"https:\/\/talkpal.ai\/wp-content\/uploads\/2024\/03\/Talkpal-Logo-Icon.png\",\"contentUrl\":\"https:\/\/talkpal.ai\/wp-content\/uploads\/2024\/03\/Talkpal-Logo-Icon.png\",\"width\":2880,\"height\":2880,\"caption\":\"Talkpal, Inc.\"},\"image\":{\"@id\":\"https:\/\/talkpal.ai\/az\/#\/schema\/logo\/image\/\"},\"sameAs\":[\"https:\/\/www.facebook.com\/profile.php?id=100090733639311\",\"https:\/\/x.com\/talkpalai\",\"https:\/\/www.linkedin.com\/company\/talkpal\/\",\"https:\/\/www.youtube.com\/@TalkPal\/\",\"https:\/\/www.tiktok.com\/@talkpal\",\"https:\/\/www.instagram.com\/talkpal_ai\/\",\"https:\/\/www.crunchbase.com\/organization\/talkpal-9cde\",\"https:\/\/www.g2.com\/products\/talkpal-for-business\/\",\"https:\/\/www.trustpilot.com\/review\/talkpal.ai\",\"https:\/\/www.capterra.com\/p\/10006800\/TalkPal\/\"],\"description\":\"Talkpal is a language learning web and mobile education app, powered by the latest AI technologies, that provides engaging experiences to its customers in many different languages to help them improve their language skills. Users can chat about unlimited amount of topics with the app and use other modes to practice their language learning.\",\"email\":\"support@talkpal.ai\",\"legalName\":\"Talkpal, Inc.\",\"foundingDate\":\"2023-04-03\",\"duns\":\"118989042\",\"numberOfEmployees\":{\"@type\":\"QuantitativeValue\",\"minValue\":\"11\",\"maxValue\":\"50\"},\"publishingPrinciples\":\"https:\/\/talkpal.ai\/publishing-principles\/\",\"actionableFeedbackPolicy\":\"https:\/\/talkpal.ai\/actionable-feedback-policy\/\",\"correctionsPolicy\":\"https:\/\/talkpal.ai\/corrections-policy\/\",\"ethicsPolicy\":\"https:\/\/talkpal.ai\/ethics-policy\/\",\"diversityPolicy\":\"https:\/\/talkpal.ai\/diversity-policy\/\",\"diversityStaffingReport\":\"https:\/\/talkpal.ai\/diversity-policy\/\"}]}<\/script>\n<!-- \/ Yoast SEO Premium plugin. -->","yoast_head_json":{"title":"Yunanca Qrammatika - Talkpal","description":"Yunan qrammatikas\u0131n\u0131 inamla m\u0259nims\u0259yin - vacib qaydalar\u0131 \u00f6yr\u0259nin, c\u00fcml\u0259l\u0259r qurma\u011f\u0131 m\u0259\u015fq edin v\u0259 Talkpal AI il\u0259 bacar\u0131qlar\u0131n\u0131z\u0131 s\u00fcr\u0259tl\u0259 g\u00fccl\u0259ndirin.","robots":{"index":"index","follow":"follow","max-snippet":"max-snippet:-1","max-image-preview":"max-image-preview:large","max-video-preview":"max-video-preview:-1"},"canonical":"https:\/\/talkpal.ai\/az\/yunanca-qrammatika\/","og_locale":"az_AZ","og_type":"article","og_title":"Yunanca Qrammatika","og_description":"Yunanca Qrammatikas\u0131 Demystifying: A Comprehensive Guide Z\u0259rif v\u0259 q\u0259dim dil olan yunan dili dil tarixind\u0259 x\u00fcsusi yer tutur v\u0259 bu g\u00fcn d\u0259 \u00f6z t\u0259sirliyini","og_url":"https:\/\/talkpal.ai\/az\/yunanca-qrammatika\/","og_site_name":"Talkpal","article_publisher":"https:\/\/www.facebook.com\/profile.php?id=100090733639311","article_modified_time":"2025-12-13T15:14:17+00:00","og_image":[{"width":512,"height":512,"url":"https:\/\/talkpal.ai\/wp-content\/uploads\/2023\/05\/greece.png","type":"image\/png"}],"twitter_card":"summary_large_image","twitter_site":"@talkpalai","twitter_misc":{"Est. reading time":"4 minutes"},"schema":{"@context":"https:\/\/schema.org","@graph":[{"@type":"WebPage","@id":"https:\/\/talkpal.ai\/az\/yunanca-qrammatika\/","url":"https:\/\/talkpal.ai\/az\/yunanca-qrammatika\/","name":"Yunanca Qrammatika - Talkpal","isPartOf":{"@id":"https:\/\/talkpal.ai\/az\/#website"},"primaryImageOfPage":{"@id":"https:\/\/talkpal.ai\/az\/yunanca-qrammatika\/#primaryimage"},"image":{"@id":"https:\/\/talkpal.ai\/az\/yunanca-qrammatika\/#primaryimage"},"thumbnailUrl":"https:\/\/talkpal.ai\/wp-content\/uploads\/2023\/05\/greece.png","datePublished":"2023-05-14T14:02:30+00:00","dateModified":"2025-12-13T15:14:17+00:00","description":"Yunan qrammatikas\u0131n\u0131 inamla m\u0259nims\u0259yin - vacib qaydalar\u0131 \u00f6yr\u0259nin, c\u00fcml\u0259l\u0259r qurma\u011f\u0131 m\u0259\u015fq edin v\u0259 Talkpal AI il\u0259 bacar\u0131qlar\u0131n\u0131z\u0131 s\u00fcr\u0259tl\u0259 g\u00fccl\u0259ndirin.","breadcrumb":{"@id":"https:\/\/talkpal.ai\/az\/yunanca-qrammatika\/#breadcrumb"},"inLanguage":"az","potentialAction":[{"@type":"ReadAction","target":["https:\/\/talkpal.ai\/az\/yunanca-qrammatika\/"]}]},{"@type":"ImageObject","inLanguage":"az","@id":"https:\/\/talkpal.ai\/az\/yunanca-qrammatika\/#primaryimage","url":"https:\/\/talkpal.ai\/wp-content\/uploads\/2023\/05\/greece.png","contentUrl":"https:\/\/talkpal.ai\/wp-content\/uploads\/2023\/05\/greece.png","width":512,"height":512},{"@type":"BreadcrumbList","@id":"https:\/\/talkpal.ai\/az\/yunanca-qrammatika\/#breadcrumb","itemListElement":[{"@type":"ListItem","position":1,"name":"Homepage","item":"https:\/\/talkpal.ai\/az\/"},{"@type":"ListItem","position":2,"name":"Yunanca Qrammatika"}]},{"@type":"WebSite","@id":"https:\/\/talkpal.ai\/az\/#website","url":"https:\/\/talkpal.ai\/az\/","name":"Talkpal","description":"AI Language Learning","publisher":{"@id":"https:\/\/talkpal.ai\/az\/#organization"},"alternateName":"Talkpal AI","potentialAction":[{"@type":"SearchAction","target":{"@type":"EntryPoint","urlTemplate":"https:\/\/talkpal.ai\/az\/?s={search_term_string}"},"query-input":{"@type":"PropertyValueSpecification","valueRequired":true,"valueName":"search_term_string"}}],"inLanguage":"az"},{"@type":"Organization","@id":"https:\/\/talkpal.ai\/az\/#organization","name":"Talkpal, Inc.","alternateName":"Talkpal AI","url":"https:\/\/talkpal.ai\/az\/","logo":{"@type":"ImageObject","inLanguage":"az","@id":"https:\/\/talkpal.ai\/az\/#\/schema\/logo\/image\/","url":"https:\/\/talkpal.ai\/wp-content\/uploads\/2024\/03\/Talkpal-Logo-Icon.png","contentUrl":"https:\/\/talkpal.ai\/wp-content\/uploads\/2024\/03\/Talkpal-Logo-Icon.png","width":2880,"height":2880,"caption":"Talkpal, Inc."},"image":{"@id":"https:\/\/talkpal.ai\/az\/#\/schema\/logo\/image\/"},"sameAs":["https:\/\/www.facebook.com\/profile.php?id=100090733639311","https:\/\/x.com\/talkpalai","https:\/\/www.linkedin.com\/company\/talkpal\/","https:\/\/www.youtube.com\/@TalkPal\/","https:\/\/www.tiktok.com\/@talkpal","https:\/\/www.instagram.com\/talkpal_ai\/","https:\/\/www.crunchbase.com\/organization\/talkpal-9cde","https:\/\/www.g2.com\/products\/talkpal-for-business\/","https:\/\/www.trustpilot.com\/review\/talkpal.ai","https:\/\/www.capterra.com\/p\/10006800\/TalkPal\/"],"description":"Talkpal is a language learning web and mobile education app, powered by the latest AI technologies, that provides engaging experiences to its customers in many different languages to help them improve their language skills. Users can chat about unlimited amount of topics with the app and use other modes to practice their language learning.","email":"support@talkpal.ai","legalName":"Talkpal, Inc.","foundingDate":"2023-04-03","duns":"118989042","numberOfEmployees":{"@type":"QuantitativeValue","minValue":"11","maxValue":"50"},"publishingPrinciples":"https:\/\/talkpal.ai\/publishing-principles\/","actionableFeedbackPolicy":"https:\/\/talkpal.ai\/actionable-feedback-policy\/","correctionsPolicy":"https:\/\/talkpal.ai\/corrections-policy\/","ethicsPolicy":"https:\/\/talkpal.ai\/ethics-policy\/","diversityPolicy":"https:\/\/talkpal.ai\/diversity-policy\/","diversityStaffingReport":"https:\/\/talkpal.ai\/diversity-policy\/"}]}},"_links":{"self":[{"href":"https:\/\/talkpal.ai\/az\/wp-json\/wp\/v2\/pages\/142975","targetHints":{"allow":["GET"]}}],"collection":[{"href":"https:\/\/talkpal.ai\/az\/wp-json\/wp\/v2\/pages"}],"about":[{"href":"https:\/\/talkpal.ai\/az\/wp-json\/wp\/v2\/types\/page"}],"author":[{"embeddable":true,"href":"https:\/\/talkpal.ai\/az\/wp-json\/wp\/v2\/users\/1"}],"replies":[{"embeddable":true,"href":"https:\/\/talkpal.ai\/az\/wp-json\/wp\/v2\/comments?post=142975"}],"version-history":[{"count":0,"href":"https:\/\/talkpal.ai\/az\/wp-json\/wp\/v2\/pages\/142975\/revisions"}],"wp:featuredmedia":[{"embeddable":true,"href":"https:\/\/talkpal.ai\/az\/wp-json\/wp\/v2\/media\/112675"}],"wp:attachment":[{"href":"https:\/\/talkpal.ai\/az\/wp-json\/wp\/v2\/media?parent=142975"}],"curies":[{"name":"wp","href":"https:\/\/api.w.org\/{rel}","templated":true}]}}