{"id":142648,"date":"2023-05-14T14:01:53","date_gmt":"2023-05-14T14:01:53","guid":{"rendered":"http:\/\/talkpal.ai\/eston-dilinin-qrammatikasi\/"},"modified":"2025-12-13T15:32:34","modified_gmt":"2025-12-13T15:32:34","slug":"eston-dilinin-qrammatikasi","status":"publish","type":"page","link":"https:\/\/talkpal.ai\/az\/eston-dilinin-qrammatikasi\/","title":{"rendered":"Eston dilinin qrammatikas\u0131"},"content":{"rendered":"\r\n\r\n\r\n<section class=\"languageChallengeSection\">\r\n    <div class=\"languageInfoWrapper\">\r\n        \r\n        <h1>Eston dilinin qrammatikas\u0131<\/h1>\r\n        <p><a href=\"https:\/\/talkpal.ai\/learn-estonian\/\">Eston<\/a> dilini \u00f6yr\u0259nm\u0259yi d\u00fc\u015f\u00fcn\u00fcrs\u00fcn\u00fcz? Aqql\u00fctinasiya, sait harmoniyas\u0131 v\u0259 geni\u015f \u00e7e\u015fidli isim hallar\u0131n\u0131n h\u0259qiq\u0259t\u0259n f\u0259rqli dil t\u0259cr\u00fcb\u0259si yaratd\u0131\u011f\u0131 Estoniya qrammatikas\u0131 d\u00fcnyas\u0131na add\u0131m at\u0131n. Bu g\u00fcn k\u0259\u015ff etm\u0259y\u0259 ba\u015flay\u0131n &#8211; Estoniya qrammatikas\u0131na yiy\u0259l\u0259nm\u0259k n\u0259inki s\u0259lis dan\u0131\u015f\u0131q qabiliyy\u0259tinizi art\u0131racaq, h\u0259m d\u0259 sizi Estoniyan\u0131n z\u0259ngin m\u0259d\u0259niyy\u0259ti v\u0259 tarixi il\u0259 birl\u0259\u015fdir\u0259c\u0259k!<\/p>\r\n\r\n                            <a class=\"getStartedHidden\" href=\"https:\/\/app.talkpal.ai\/signup?lng=\">Ba\u015fla<\/a>\r\n        \r\n    <\/div>\r\n\r\n    <figure>\r\n    <img decoding=\"async\" width=\"768\" height=\"768\" src=\"https:\/\/talkpal.ai\/wp-content\/uploads\/2023\/06\/Estonian-768x768.png\" class=\"languageImage no-lazy\" alt=\"Secret tricks of language learning\" fetchpriority=\"high\" sizes=\"(max-width: 768px) 150px, 768px\" srcset=\"https:\/\/talkpal.ai\/wp-content\/uploads\/2023\/06\/Estonian-768x768.png 768w, https:\/\/talkpal.ai\/wp-content\/uploads\/2023\/06\/Estonian-300x300.png 300w\" \/>\r\n    \r\n\r\n    <\/figure>\r\n\r\n            <a class=\"getStartedVisible\" href=\"https:\/\/app.talkpal.ai\/signup?lng=\">Ba\u015fla<\/a>\r\n    \r\n<\/section>\r\n<section class=\"promotionalBanner\">\r\n    <p class=\"promotionalText\">Dil \u00f6yr\u0259nm\u0259yin \u0259n t\u0259sirli yolu<\/p>\r\n    <a class=\"promotionalLink\" href=\"https:\/\/app.talkpal.ai\/signup?lng=\">Talkpal pulsuz s\u0131nay\u0131n<\/a>\r\n<\/section>\n<div class=\"wp-block-group pageContainerStyle\"><div class=\"wp-block-group__inner-container is-layout-constrained wp-block-group-is-layout-constrained\">\n<h2 class=\"wp-block-heading\" id=\"h-estonian-grammar-the-gateway-to-a-unique-language-journey\">Eston dilinin qrammatikas\u0131. Qeyri-adi dil s\u0259yah\u0259tinin qap\u0131s\u0131<\/h2>\n\n\n\n<p>Estoniyan\u0131n maraql\u0131 d\u00fcnyalar\u0131na xo\u015f g\u0259lmisiniz! Bir milyondan \u00e7ox yerli dan\u0131\u015f\u0131q dili il\u0259 Estoniya dili siz\u0259 dil \u00fcf\u00fcql\u0259rinizi geni\u015fl\u0259ndirm\u0259k v\u0259 canl\u0131 m\u0259d\u0259niyy\u0259t k\u0259\u015ff etm\u0259k \u00fc\u00e7\u00fcn unikal imkan yarad\u0131r. Estoniya qrammatikas\u0131n\u0131n inc\u0259likl\u0259ri ilk bax\u0131\u015fdan qorxulu g\u00f6r\u00fcns\u0259 d\u0259, bu dostluq b\u0259l\u0259d\u00e7isi Estoniya qrammatikas\u0131n\u0131n \u0259saslar\u0131n\u0131 sad\u0259 v\u0259 c\u0259lbedici \u015f\u0259kild\u0259 par\u00e7alamaq \u00fc\u00e7\u00fcn buradad\u0131r.<\/p>\n\n\n\n<h3 class=\"wp-block-heading\" id=\"h-1-embracing-the-estonian-alphabet\">1. Eston \u0259lifbas\u0131n\u0131 q\u0259bul etm\u0259k<\/h3>\n\n\n\n<p>Eston dilinin m\u00fck\u0259mm\u0259l t\u0259hsilin\u0259 s\u0259yah\u0259t onun \u0259lifbas\u0131 il\u0259 ba\u015flay\u0131r. Eston dili lat\u0131n qrafikas\u0131ndan istifad\u0259 edir, 9 x\u00fcsusi h\u0259rfl\u0259 \u0259lav\u0259 olunur: \u00c4, \u00d6, \u00dc, \u00d5, \u0160, \u017d v\u0259 onlar\u0131n ki\u00e7ik h\u0259rfl\u0259rind\u0259n. \u00d6z\u00fcn\u00fcz\u00fc bu q\u0259hr\u0259manlarla tan\u0131\u015f etm\u0259k Estoniya \u00f6yr\u0259nm\u0259 t\u0259cr\u00fcb\u0259niz \u00fc\u00e7\u00fcn m\u00f6hk\u0259m t\u0259m\u0259l yaradacaq.<\/p>\n\n\n\n<h3 class=\"wp-block-heading\" id=\"h-2-getting-a-grip-on-estonian-nouns\">2. Eston Nouns haqq\u0131nda grip almaq<\/h3>\n\n\n\n<p>Bir \u00e7ox Avropa dill\u0259rind\u0259n f\u0259rqli olaraq, eston dili ki\u015fi v\u0259 qad\u0131n cinsl\u0259ri aras\u0131nda f\u0259rq qoymur. Nounlar \u0259ksin\u0259 ya birn\u00f6v, ya da \u00e7oxluq kimi t\u0259snif edilir v\u0259 h\u0259r bir noun 14 hal var. Bu h\u0259dsiz g\u00f6r\u00fcns\u0259 d\u0259, isiml\u0259rin morfoloji qurulu\u015funun kifay\u0259t q\u0259d\u0259r m\u00fcnt\u0259z\u0259m oldu\u011funu ba\u015fa d\u00fc\u015fm\u0259k vacibdir ki, bu da \u00f6yr\u0259nm\u0259yi asanla\u015fd\u0131r\u0131r. \u0130lk ba\u015flamaq \u00fc\u00e7\u00fcn diqq\u0259ti \u0259n \u00e7ox rast g\u0259lin\u0259n i\u015fl\u0259rin ustas\u0131 olma\u011fa y\u00f6n\u0259ldin: Nominativ, Genitive v\u0259 Partitive.<\/p>\n\n\n\n<h3 class=\"wp-block-heading\" id=\"h-3-conquering-estonian-verb-conjugation\">3. Estonca Feli Konjuqasiyan\u0131n f\u0259thi<\/h3>\n\n\n\n<p>Estonca feill\u0259r g\u0259rgin, adam v\u0259 saya g\u00f6r\u0259 birl\u0259\u015fir. C\u0259mi \u00fc\u00e7 g\u0259rginlik var: indiki, ke\u00e7mi\u015f (ke\u00e7mi\u015f partisiple il\u0259 kodla\u015fd\u0131r\u0131lm\u0131\u015f), g\u0259l\u0259c\u0259k (felin indiki g\u0259rgin formas\u0131 il\u0259 ifad\u0259 olunur, g\u0259l\u0259c\u0259k k\u00f6m\u0259k\u00e7i il\u0259 birl\u0259\u015fir).<\/p>\n\n\n\n<p>M\u0259s\u0259l\u0259n, burada &#8220;lugema&#8221; feli \u00fc\u00e7\u00fcn birl\u0259\u015fm\u0259l\u0259r var (oxumaq):<\/p>\n\n\n\n<p><strong>&#8211; Haz\u0131rda: Ma loen (oxudum)<\/strong><\/p>\n\n\n\n<p><strong>\u2013 Ke\u00e7mi\u015f: Ma lugesin (oxudum\/oxudum)<\/strong><\/p>\n\n\n\n<p><strong>\u2013 G\u0259l\u0259c\u0259k: Ma loen raamatuid (Kitab oxuyaca\u011fam)<\/strong><\/p>\n\n\n\n<h3 class=\"wp-block-heading\" id=\"h-4-unraveling-the-mystery-of-estonian-pronouns\">4. Estoniya Pronounsunun sirrini a\u00e7\u0131b<\/h3>\n\n\n\n<p>Eston dilind\u0259 t\u0259l\u0259ff\u00fczl\u0259r nounlar\u0131 \u0259v\u0259z etm\u0259y\u0259 v\u0259 nitqi daha yum\u015faq v\u0259 dinamik etm\u0259y\u0259 xidm\u0259t edir. \u015e\u0259xsi v\u0259 sahiblik pronounlar\u0131n\u0131 \u00f6yr\u0259nm\u0259y\u0259 diqq\u0259t edin:<\/p>\n\n\n\n<p><strong>\u2013 \u015e\u0259xs \u0259v\u0259zlikl\u0259ri: mina (m\u0259n), sina (s\u0259n, qeyri-r\u0259smi), tema (o), meie (biz), teie (s\u0259n, c\u0259m\/formal), nemad (onlar)<\/strong><\/p>\n\n\n\n<p><strong>\u2013 Sah\u0259 \u0259v\u0259zlikl\u0259ri: minu (m\u0259nim), sinu (sizin, qeyri-r\u0259smi), tema (onun), meie (bizim), teie (sizin, c\u0259m\/formal), nende (onlar\u0131n)<\/strong><\/p>\n\n\n\n<h3 class=\"wp-block-heading\" id=\"h-5-no-articles-no-problem\">5. M\u0259qal\u0259l\u0259r yoxdur, problem yoxdur!<\/h3>\n\n\n\n<p>Eston dili m\u00fc\u0259yy\u0259n v\u0259 ya m\u00fcdd\u0259tsiz m\u0259qal\u0259l\u0259rd\u0259n istifad\u0259 etmir, bu is\u0259 siz\u0259 rahat n\u0259f\u0259s alma\u011fa imkan verir. M\u0259s\u0259l\u0259n:<\/p>\n\n\n\n<p><strong>\u2013 Koer \u2013 \u201cit\u201d v\u0259 ya \u201cit\u201d<\/strong><\/p>\n\n\n\n<p><strong>\u2013 Maja \u2013 \u201cev\u201d v\u0259 ya \u201cev\u201d<\/strong><\/p>\n\n\n\n<p>Eston dilinin qrammatikas\u0131na yiy\u0259l\u0259nm\u0259k maraql\u0131 v\u0259 z\u0259nginl\u0259\u015fdirm\u0259 prosesidir. Bu proses z\u0259ngin m\u0259d\u0259ni t\u0259cr\u00fcb\u0259y\u0259 qap\u0131lar a\u00e7\u0131r. Unutma ki, bu, \u0259sas m\u0259\u015f\u011fuliyy\u0259tdir, buna g\u00f6r\u0259 d\u0259 \u00f6z\u00fcn\u00fc eston dilind\u0259 qrammatika il\u0259 m\u0259\u015f\u011ful et, yerli dild\u0259 dan\u0131\u015fanlarla m\u0259\u015f\u011ful ol v\u0259 dil s\u0259yah\u0259tin \u00fc\u00e7\u00fcn m\u00f6hk\u0259m t\u0259m\u0259l qoy. Edu! (Nu\u015f olsun!)<\/p>\n<\/div><\/div>\n\r\n<section class=\"learnNavigationSection\">\r\n            \r\n        <a href=\"https:\/\/talkpal.ai\/az\/eston-dilini-oyr%c9%99nin\/\">\r\n            <div class=\"learnNavigationWrapper\">\r\n                <div class=\"learnNavigationContent\">\r\n                    <img decoding=\"async\" src=\"https:\/\/talkpal.ai\/wp-content\/uploads\/2024\/08\/Estonian.jpg\" alt=\"Estonian Flag\">\r\n                    <div>\r\n                        <h4>Eston dilinin \u00f6yr\u0259nilm\u0259si haqq\u0131nda<\/h4>\r\n                        <p>Eston dili qrammatikas\u0131 haqq\u0131nda h\u0259r \u015feyi \u00f6yr\u0259nin.<\/p>\r\n                    <\/div>\r\n                <\/div>\r\n            <\/div>\r\n        <\/a>\r\n\r\n        \r\n        <a href=\"https:\/\/talkpal.ai\/az\/eston-dilinin-qrammatikasi-m%c9%99sg%c9%99l%c9%99l%c9%99ri\/\">\r\n            <div class=\"learnNavigationWrapper\">\r\n                <div class=\"learnNavigationContent\">\r\n                    <img decoding=\"async\" src=\"https:\/\/talkpal.ai\/wp-content\/uploads\/2024\/08\/Estonian.jpg\" alt=\"Estonian Flag\">\r\n                    <div>\r\n                        <h4>Estoniya Qrammatikas\u0131 M\u0259\u015fqi<\/h4>\r\n                        <p>Eston dilinin qrammatikas\u0131 il\u0259 m\u0259\u015f\u011ful.<\/p>\r\n                    <\/div>\r\n                <\/div>\r\n            <\/div>\r\n        <\/a>\r\n\r\n        \r\n        <a href=\"https:\/\/talkpal.ai\/vocabulary_language\/estonian\/\">\r\n            <div class=\"learnNavigationWrapper\">\r\n                <div class=\"learnNavigationContent\">\r\n                    <img decoding=\"async\" src=\"https:\/\/talkpal.ai\/wp-content\/uploads\/2024\/08\/Estonian.jpg\" alt=\"Estonian Flag\">\r\n                    <div>\r\n                        <h4>Eston l\u00fc\u011f\u0259ti<\/h4>\r\n                        <p>Eston dili l\u00fc\u011f\u0259tinizi geni\u015fl\u0259ndirin.<\/p>\r\n                    <\/div>\r\n                <\/div>\r\n            <\/div>\r\n        <\/a>\r\n\r\n            <\/section>","protected":false},"excerpt":{"rendered":"<p>Eston dilinin qrammatikas\u0131. Qeyri-adi dil s\u0259yah\u0259tinin qap\u0131s\u0131 Estoniyan\u0131n maraql\u0131 d\u00fcnyalar\u0131na xo\u015f g\u0259lmisiniz! Bir milyondan \u00e7ox yerli dan\u0131\u015f\u0131q dili il\u0259 Estoniya dili siz\u0259 dil \u00fcf\u00fcql\u0259rinizi geni\u015fl\u0259ndirm\u0259k v\u0259 canl\u0131 m\u0259d\u0259niyy\u0259t k\u0259\u015ff etm\u0259k \u00fc\u00e7\u00fcn unikal imkan yarad\u0131r. Estoniya qrammatikas\u0131n\u0131n inc\u0259likl\u0259ri ilk bax\u0131\u015fdan qorxulu g\u00f6r\u00fcns\u0259 d\u0259, bu dostluq b\u0259l\u0259d\u00e7isi Estoniya qrammatikas\u0131n\u0131n \u0259saslar\u0131n\u0131 sad\u0259 v\u0259 c\u0259lbedici \u015f\u0259kild\u0259 par\u00e7alamaq \u00fc\u00e7\u00fcn buradad\u0131r. [&hellip;]<\/p>\n","protected":false},"author":1,"featured_media":112431,"parent":0,"menu_order":0,"comment_status":"closed","ping_status":"closed","template":"LearningContentPage.php","meta":{"_acf_changed":false,"footnotes":""},"class_list":["post-142648","page","type-page","status-publish","has-post-thumbnail","hentry"],"acf":[],"yoast_head":"<!-- This site is optimized with the Yoast SEO Premium plugin v27.2 (Yoast SEO v27.2) - https:\/\/yoast.com\/product\/yoast-seo-premium-wordpress\/ -->\n<title>Eston dilinin qrammatikas\u0131 - Talkpal<\/title>\n<meta name=\"description\" content=\"Estoniya qrammatikas\u0131n\u0131n \u0259sas anlay\u0131\u015flar\u0131n\u0131, o c\u00fcml\u0259d\u0259n hallar, fell\u0259r, c\u00fcml\u0259 qurulu\u015fu, t\u0259l\u0259ff\u00fcz v\u0259 m\u0259sl\u0259h\u0259tl\u0259ri ara\u015fd\u0131r\u0131n.\" \/>\n<meta name=\"robots\" content=\"index, follow, max-snippet:-1, max-image-preview:large, max-video-preview:-1\" \/>\n<link rel=\"canonical\" href=\"https:\/\/talkpal.ai\/az\/eston-dilinin-qrammatikasi\/\" \/>\n<meta property=\"og:locale\" content=\"az_AZ\" \/>\n<meta property=\"og:type\" content=\"article\" \/>\n<meta property=\"og:title\" content=\"Eston dilinin qrammatikas\u0131\" \/>\n<meta property=\"og:description\" content=\"Eston dilinin qrammatikas\u0131. Qeyri-adi dil s\u0259yah\u0259tinin qap\u0131s\u0131 Estoniyan\u0131n maraql\u0131 d\u00fcnyalar\u0131na xo\u015f g\u0259lmisiniz! Bir milyondan \u00e7ox yerli dan\u0131\u015f\u0131q dili il\u0259\" \/>\n<meta property=\"og:url\" content=\"https:\/\/talkpal.ai\/az\/eston-dilinin-qrammatikasi\/\" \/>\n<meta property=\"og:site_name\" content=\"Talkpal\" \/>\n<meta property=\"article:publisher\" content=\"https:\/\/www.facebook.com\/profile.php?id=100090733639311\" \/>\n<meta property=\"article:modified_time\" content=\"2025-12-13T15:32:34+00:00\" \/>\n<meta property=\"og:image\" content=\"https:\/\/talkpal.ai\/wp-content\/uploads\/2023\/05\/estonia.png\" \/>\n\t<meta property=\"og:image:width\" content=\"512\" \/>\n\t<meta property=\"og:image:height\" content=\"512\" \/>\n\t<meta property=\"og:image:type\" content=\"image\/png\" \/>\n<meta name=\"twitter:card\" content=\"summary_large_image\" \/>\n<meta name=\"twitter:site\" content=\"@talkpalai\" \/>\n<meta name=\"twitter:label1\" content=\"Est. reading time\" \/>\n\t<meta name=\"twitter:data1\" content=\"3 minutes\" \/>\n<script type=\"application\/ld+json\" class=\"yoast-schema-graph\">{\"@context\":\"https:\/\/schema.org\",\"@graph\":[{\"@type\":\"WebPage\",\"@id\":\"https:\/\/talkpal.ai\/az\/eston-dilinin-qrammatikasi\/\",\"url\":\"https:\/\/talkpal.ai\/az\/eston-dilinin-qrammatikasi\/\",\"name\":\"Eston dilinin qrammatikas\u0131 - Talkpal\",\"isPartOf\":{\"@id\":\"https:\/\/talkpal.ai\/az\/#website\"},\"primaryImageOfPage\":{\"@id\":\"https:\/\/talkpal.ai\/az\/eston-dilinin-qrammatikasi\/#primaryimage\"},\"image\":{\"@id\":\"https:\/\/talkpal.ai\/az\/eston-dilinin-qrammatikasi\/#primaryimage\"},\"thumbnailUrl\":\"https:\/\/talkpal.ai\/wp-content\/uploads\/2023\/05\/estonia.png\",\"datePublished\":\"2023-05-14T14:01:53+00:00\",\"dateModified\":\"2025-12-13T15:32:34+00:00\",\"description\":\"Estoniya qrammatikas\u0131n\u0131n \u0259sas anlay\u0131\u015flar\u0131n\u0131, o c\u00fcml\u0259d\u0259n hallar, fell\u0259r, c\u00fcml\u0259 qurulu\u015fu, t\u0259l\u0259ff\u00fcz v\u0259 m\u0259sl\u0259h\u0259tl\u0259ri ara\u015fd\u0131r\u0131n.\",\"breadcrumb\":{\"@id\":\"https:\/\/talkpal.ai\/az\/eston-dilinin-qrammatikasi\/#breadcrumb\"},\"inLanguage\":\"az\",\"potentialAction\":[{\"@type\":\"ReadAction\",\"target\":[\"https:\/\/talkpal.ai\/az\/eston-dilinin-qrammatikasi\/\"]}]},{\"@type\":\"ImageObject\",\"inLanguage\":\"az\",\"@id\":\"https:\/\/talkpal.ai\/az\/eston-dilinin-qrammatikasi\/#primaryimage\",\"url\":\"https:\/\/talkpal.ai\/wp-content\/uploads\/2023\/05\/estonia.png\",\"contentUrl\":\"https:\/\/talkpal.ai\/wp-content\/uploads\/2023\/05\/estonia.png\",\"width\":512,\"height\":512},{\"@type\":\"BreadcrumbList\",\"@id\":\"https:\/\/talkpal.ai\/az\/eston-dilinin-qrammatikasi\/#breadcrumb\",\"itemListElement\":[{\"@type\":\"ListItem\",\"position\":1,\"name\":\"Homepage\",\"item\":\"https:\/\/talkpal.ai\/az\/\"},{\"@type\":\"ListItem\",\"position\":2,\"name\":\"Eston dilinin qrammatikas\u0131\"}]},{\"@type\":\"WebSite\",\"@id\":\"https:\/\/talkpal.ai\/az\/#website\",\"url\":\"https:\/\/talkpal.ai\/az\/\",\"name\":\"Talkpal\",\"description\":\"AI Language Learning\",\"publisher\":{\"@id\":\"https:\/\/talkpal.ai\/az\/#organization\"},\"alternateName\":\"Talkpal AI\",\"potentialAction\":[{\"@type\":\"SearchAction\",\"target\":{\"@type\":\"EntryPoint\",\"urlTemplate\":\"https:\/\/talkpal.ai\/az\/?s={search_term_string}\"},\"query-input\":{\"@type\":\"PropertyValueSpecification\",\"valueRequired\":true,\"valueName\":\"search_term_string\"}}],\"inLanguage\":\"az\"},{\"@type\":\"Organization\",\"@id\":\"https:\/\/talkpal.ai\/az\/#organization\",\"name\":\"Talkpal, Inc.\",\"alternateName\":\"Talkpal AI\",\"url\":\"https:\/\/talkpal.ai\/az\/\",\"logo\":{\"@type\":\"ImageObject\",\"inLanguage\":\"az\",\"@id\":\"https:\/\/talkpal.ai\/az\/#\/schema\/logo\/image\/\",\"url\":\"https:\/\/talkpal.ai\/wp-content\/uploads\/2024\/03\/Talkpal-Logo-Icon.png\",\"contentUrl\":\"https:\/\/talkpal.ai\/wp-content\/uploads\/2024\/03\/Talkpal-Logo-Icon.png\",\"width\":2880,\"height\":2880,\"caption\":\"Talkpal, Inc.\"},\"image\":{\"@id\":\"https:\/\/talkpal.ai\/az\/#\/schema\/logo\/image\/\"},\"sameAs\":[\"https:\/\/www.facebook.com\/profile.php?id=100090733639311\",\"https:\/\/x.com\/talkpalai\",\"https:\/\/www.linkedin.com\/company\/talkpal\/\",\"https:\/\/www.youtube.com\/@TalkPal\/\",\"https:\/\/www.tiktok.com\/@talkpal\",\"https:\/\/www.instagram.com\/talkpal_ai\/\",\"https:\/\/www.crunchbase.com\/organization\/talkpal-9cde\",\"https:\/\/www.g2.com\/products\/talkpal-for-business\/\",\"https:\/\/www.trustpilot.com\/review\/talkpal.ai\",\"https:\/\/www.capterra.com\/p\/10006800\/TalkPal\/\"],\"description\":\"Talkpal is a language learning web and mobile education app, powered by the latest AI technologies, that provides engaging experiences to its customers in many different languages to help them improve their language skills. Users can chat about unlimited amount of topics with the app and use other modes to practice their language learning.\",\"email\":\"support@talkpal.ai\",\"legalName\":\"Talkpal, Inc.\",\"foundingDate\":\"2023-04-03\",\"duns\":\"118989042\",\"numberOfEmployees\":{\"@type\":\"QuantitativeValue\",\"minValue\":\"11\",\"maxValue\":\"50\"},\"publishingPrinciples\":\"https:\/\/talkpal.ai\/publishing-principles\/\",\"actionableFeedbackPolicy\":\"https:\/\/talkpal.ai\/actionable-feedback-policy\/\",\"correctionsPolicy\":\"https:\/\/talkpal.ai\/corrections-policy\/\",\"ethicsPolicy\":\"https:\/\/talkpal.ai\/ethics-policy\/\",\"diversityPolicy\":\"https:\/\/talkpal.ai\/diversity-policy\/\",\"diversityStaffingReport\":\"https:\/\/talkpal.ai\/diversity-policy\/\"}]}<\/script>\n<!-- \/ Yoast SEO Premium plugin. -->","yoast_head_json":{"title":"Eston dilinin qrammatikas\u0131 - Talkpal","description":"Estoniya qrammatikas\u0131n\u0131n \u0259sas anlay\u0131\u015flar\u0131n\u0131, o c\u00fcml\u0259d\u0259n hallar, fell\u0259r, c\u00fcml\u0259 qurulu\u015fu, t\u0259l\u0259ff\u00fcz v\u0259 m\u0259sl\u0259h\u0259tl\u0259ri ara\u015fd\u0131r\u0131n.","robots":{"index":"index","follow":"follow","max-snippet":"max-snippet:-1","max-image-preview":"max-image-preview:large","max-video-preview":"max-video-preview:-1"},"canonical":"https:\/\/talkpal.ai\/az\/eston-dilinin-qrammatikasi\/","og_locale":"az_AZ","og_type":"article","og_title":"Eston dilinin qrammatikas\u0131","og_description":"Eston dilinin qrammatikas\u0131. Qeyri-adi dil s\u0259yah\u0259tinin qap\u0131s\u0131 Estoniyan\u0131n maraql\u0131 d\u00fcnyalar\u0131na xo\u015f g\u0259lmisiniz! Bir milyondan \u00e7ox yerli dan\u0131\u015f\u0131q dili il\u0259","og_url":"https:\/\/talkpal.ai\/az\/eston-dilinin-qrammatikasi\/","og_site_name":"Talkpal","article_publisher":"https:\/\/www.facebook.com\/profile.php?id=100090733639311","article_modified_time":"2025-12-13T15:32:34+00:00","og_image":[{"width":512,"height":512,"url":"https:\/\/talkpal.ai\/wp-content\/uploads\/2023\/05\/estonia.png","type":"image\/png"}],"twitter_card":"summary_large_image","twitter_site":"@talkpalai","twitter_misc":{"Est. reading time":"3 minutes"},"schema":{"@context":"https:\/\/schema.org","@graph":[{"@type":"WebPage","@id":"https:\/\/talkpal.ai\/az\/eston-dilinin-qrammatikasi\/","url":"https:\/\/talkpal.ai\/az\/eston-dilinin-qrammatikasi\/","name":"Eston dilinin qrammatikas\u0131 - Talkpal","isPartOf":{"@id":"https:\/\/talkpal.ai\/az\/#website"},"primaryImageOfPage":{"@id":"https:\/\/talkpal.ai\/az\/eston-dilinin-qrammatikasi\/#primaryimage"},"image":{"@id":"https:\/\/talkpal.ai\/az\/eston-dilinin-qrammatikasi\/#primaryimage"},"thumbnailUrl":"https:\/\/talkpal.ai\/wp-content\/uploads\/2023\/05\/estonia.png","datePublished":"2023-05-14T14:01:53+00:00","dateModified":"2025-12-13T15:32:34+00:00","description":"Estoniya qrammatikas\u0131n\u0131n \u0259sas anlay\u0131\u015flar\u0131n\u0131, o c\u00fcml\u0259d\u0259n hallar, fell\u0259r, c\u00fcml\u0259 qurulu\u015fu, t\u0259l\u0259ff\u00fcz v\u0259 m\u0259sl\u0259h\u0259tl\u0259ri ara\u015fd\u0131r\u0131n.","breadcrumb":{"@id":"https:\/\/talkpal.ai\/az\/eston-dilinin-qrammatikasi\/#breadcrumb"},"inLanguage":"az","potentialAction":[{"@type":"ReadAction","target":["https:\/\/talkpal.ai\/az\/eston-dilinin-qrammatikasi\/"]}]},{"@type":"ImageObject","inLanguage":"az","@id":"https:\/\/talkpal.ai\/az\/eston-dilinin-qrammatikasi\/#primaryimage","url":"https:\/\/talkpal.ai\/wp-content\/uploads\/2023\/05\/estonia.png","contentUrl":"https:\/\/talkpal.ai\/wp-content\/uploads\/2023\/05\/estonia.png","width":512,"height":512},{"@type":"BreadcrumbList","@id":"https:\/\/talkpal.ai\/az\/eston-dilinin-qrammatikasi\/#breadcrumb","itemListElement":[{"@type":"ListItem","position":1,"name":"Homepage","item":"https:\/\/talkpal.ai\/az\/"},{"@type":"ListItem","position":2,"name":"Eston dilinin qrammatikas\u0131"}]},{"@type":"WebSite","@id":"https:\/\/talkpal.ai\/az\/#website","url":"https:\/\/talkpal.ai\/az\/","name":"Talkpal","description":"AI Language Learning","publisher":{"@id":"https:\/\/talkpal.ai\/az\/#organization"},"alternateName":"Talkpal AI","potentialAction":[{"@type":"SearchAction","target":{"@type":"EntryPoint","urlTemplate":"https:\/\/talkpal.ai\/az\/?s={search_term_string}"},"query-input":{"@type":"PropertyValueSpecification","valueRequired":true,"valueName":"search_term_string"}}],"inLanguage":"az"},{"@type":"Organization","@id":"https:\/\/talkpal.ai\/az\/#organization","name":"Talkpal, Inc.","alternateName":"Talkpal AI","url":"https:\/\/talkpal.ai\/az\/","logo":{"@type":"ImageObject","inLanguage":"az","@id":"https:\/\/talkpal.ai\/az\/#\/schema\/logo\/image\/","url":"https:\/\/talkpal.ai\/wp-content\/uploads\/2024\/03\/Talkpal-Logo-Icon.png","contentUrl":"https:\/\/talkpal.ai\/wp-content\/uploads\/2024\/03\/Talkpal-Logo-Icon.png","width":2880,"height":2880,"caption":"Talkpal, Inc."},"image":{"@id":"https:\/\/talkpal.ai\/az\/#\/schema\/logo\/image\/"},"sameAs":["https:\/\/www.facebook.com\/profile.php?id=100090733639311","https:\/\/x.com\/talkpalai","https:\/\/www.linkedin.com\/company\/talkpal\/","https:\/\/www.youtube.com\/@TalkPal\/","https:\/\/www.tiktok.com\/@talkpal","https:\/\/www.instagram.com\/talkpal_ai\/","https:\/\/www.crunchbase.com\/organization\/talkpal-9cde","https:\/\/www.g2.com\/products\/talkpal-for-business\/","https:\/\/www.trustpilot.com\/review\/talkpal.ai","https:\/\/www.capterra.com\/p\/10006800\/TalkPal\/"],"description":"Talkpal is a language learning web and mobile education app, powered by the latest AI technologies, that provides engaging experiences to its customers in many different languages to help them improve their language skills. Users can chat about unlimited amount of topics with the app and use other modes to practice their language learning.","email":"support@talkpal.ai","legalName":"Talkpal, Inc.","foundingDate":"2023-04-03","duns":"118989042","numberOfEmployees":{"@type":"QuantitativeValue","minValue":"11","maxValue":"50"},"publishingPrinciples":"https:\/\/talkpal.ai\/publishing-principles\/","actionableFeedbackPolicy":"https:\/\/talkpal.ai\/actionable-feedback-policy\/","correctionsPolicy":"https:\/\/talkpal.ai\/corrections-policy\/","ethicsPolicy":"https:\/\/talkpal.ai\/ethics-policy\/","diversityPolicy":"https:\/\/talkpal.ai\/diversity-policy\/","diversityStaffingReport":"https:\/\/talkpal.ai\/diversity-policy\/"}]}},"_links":{"self":[{"href":"https:\/\/talkpal.ai\/az\/wp-json\/wp\/v2\/pages\/142648","targetHints":{"allow":["GET"]}}],"collection":[{"href":"https:\/\/talkpal.ai\/az\/wp-json\/wp\/v2\/pages"}],"about":[{"href":"https:\/\/talkpal.ai\/az\/wp-json\/wp\/v2\/types\/page"}],"author":[{"embeddable":true,"href":"https:\/\/talkpal.ai\/az\/wp-json\/wp\/v2\/users\/1"}],"replies":[{"embeddable":true,"href":"https:\/\/talkpal.ai\/az\/wp-json\/wp\/v2\/comments?post=142648"}],"version-history":[{"count":0,"href":"https:\/\/talkpal.ai\/az\/wp-json\/wp\/v2\/pages\/142648\/revisions"}],"wp:featuredmedia":[{"embeddable":true,"href":"https:\/\/talkpal.ai\/az\/wp-json\/wp\/v2\/media\/112431"}],"wp:attachment":[{"href":"https:\/\/talkpal.ai\/az\/wp-json\/wp\/v2\/media?parent=142648"}],"curies":[{"name":"wp","href":"https:\/\/api.w.org\/{rel}","templated":true}]}}