{"id":142360,"date":"2023-05-14T14:01:16","date_gmt":"2023-05-14T14:01:16","guid":{"rendered":"http:\/\/talkpal.ai\/xorvat-dilinin-qrammatikasi\/"},"modified":"2025-12-11T16:42:25","modified_gmt":"2025-12-11T16:42:25","slug":"xorvat-dilinin-qrammatikasi","status":"publish","type":"page","link":"https:\/\/talkpal.ai\/az\/xorvat-dilinin-qrammatikasi\/","title":{"rendered":"Xorvat dilinin qrammatikas\u0131"},"content":{"rendered":"\r\n\r\n\r\n<section class=\"languageChallengeSection\">\r\n    <div class=\"languageInfoWrapper\">\r\n        \r\n        <h1>Xorvat dilinin qrammatikas\u0131<\/h1>\r\n        <p><a href=\"https:\/\/talkpal.ai\/learn-croatian\/\">Xorvat<\/a> dilinin \u0259sas qrammatik qaydalar\u0131n\u0131 \u00f6yr\u0259nm\u0259kl\u0259 onun f\u00fcsunkar strukturunu k\u0259\u015ff edin. <a href=\"https:\/\/talkpal.ai\/learn-croatian\/\">Xorvat<\/a> dilinin qrammatikas\u0131n\u0131 m\u0259nims\u0259m\u0259k \u00fcnsiyy\u0259t \u00fc\u00e7\u00fcn yeni imkanlar a\u00e7acaq v\u0259 \u00f6lk\u0259nin m\u0259d\u0259niyy\u0259ti v\u0259 irsi il\u0259 daha yax\u015f\u0131 tan\u0131\u015f olma\u011fa k\u00f6m\u0259k ed\u0259c\u0259k. Bu g\u00fcn Xorvat dilinin qrammatikas\u0131n\u0131 \u00f6yr\u0259nm\u0259y\u0259 ba\u015flay\u0131n v\u0259 s\u0259lis dan\u0131\u015fma\u011fa do\u011fru ilk add\u0131m\u0131n\u0131z\u0131 at\u0131n!<\/p>\r\n\r\n                            <a class=\"getStartedHidden\" href=\"https:\/\/app.talkpal.ai\/signup?lng=\">Ba\u015fla<\/a>\r\n        \r\n    <\/div>\r\n\r\n    <figure>\r\n    <img decoding=\"async\" width=\"768\" height=\"768\" src=\"https:\/\/talkpal.ai\/wp-content\/uploads\/2023\/06\/croatian-768x768.png\" class=\"languageImage no-lazy\" alt=\"Language learning for successful interaction\" fetchpriority=\"high\" sizes=\"(max-width: 768px) 150px, 768px\" srcset=\"https:\/\/talkpal.ai\/wp-content\/uploads\/2023\/06\/croatian-768x768.png 768w, https:\/\/talkpal.ai\/wp-content\/uploads\/2023\/06\/croatian-300x300.png 300w\" \/>\r\n    \r\n\r\n    <\/figure>\r\n\r\n            <a class=\"getStartedVisible\" href=\"https:\/\/app.talkpal.ai\/signup?lng=\">Ba\u015fla<\/a>\r\n    \r\n<\/section>\r\n<section class=\"promotionalBanner\">\r\n    <p class=\"promotionalText\">Dil \u00f6yr\u0259nm\u0259yin \u0259n t\u0259sirli yolu<\/p>\r\n    <a class=\"promotionalLink\" href=\"https:\/\/app.talkpal.ai\/signup?lng=\">Talkpal pulsuz s\u0131nay\u0131n<\/a>\r\n<\/section>\n<div class=\"wp-block-group pageContainerStyle\"><div class=\"wp-block-group__inner-container is-layout-constrained wp-block-group-is-layout-constrained\">\n<h2 class=\"wp-block-heading\" id=\"h-a-journey-through-croatian-grammar-unraveling-the-complexities-made-easy\">Xorvat dilinin qrammatikas\u0131. M\u00fcr\u0259kk\u0259blikl\u0259ri asanl\u0131qla \u00fcz\u0259n s\u0259yah\u0259t<\/h2>\n\n\n\n<p><a href=\"https:\/\/talkpal.ai\/croatian-grammar\/\">Xorvat dilinin qrammatikas\u0131<\/a>: c\u0259lbedici v\u0259 qorxulu, sad\u0259 v\u0259 inc\u0259, sirli v\u0259 maraql\u0131. Xorvatiya dilini \u00f6yr\u0259nm\u0259y\u0259 ba\u015flayanda onun qrammatik inc\u0259likl\u0259rini ba\u015fa d\u00fc\u015fm\u0259k fikri s\u0259ni l\u0259r b\u00fcr\u00fcy\u00fcr. Amma qorxmay\u0131n, c\u0259sar\u0259tsiz dil\u00e7i! \u00c7\u00fcnki biz siz\u0259 h\u0259r add\u0131mda yol g\u00f6st\u0259rm\u0259k \u00fc\u00e7\u00fcn g\u0259lmi\u015fik!<\/p>\n\n\n\n<p>Bu m\u0259qal\u0259d\u0259 biz xorvat <a href=\"https:\/\/talkpal.ai\/az\/assam-dilinin-qrammatika-m%c9%99sql%c9%99ri\/\">dilinin qrammatika<\/a> anlay\u0131\u015flar\u0131 haqq\u0131nda \u0259sas anlay\u0131\u015f\u0131 t\u0259qdim ed\u0259c\u0259k v\u0259 bu g\u00f6z\u0259l slavyan dilini ustal\u0131qla ba\u015fa d\u00fc\u015fm\u0259k \u00fc\u00e7\u00fcn m\u0259sl\u0259h\u0259t v\u0259 hiyl\u0259l\u0259r ver\u0259c\u0259yik. Sad\u0259c\u0259 oturub rahatlan\u0131n v\u0259 m\u00fcr\u0259kk\u0259b g\u00f6r\u00fcn\u0259n bu i\u015fi sad\u0259l\u0259\u015fdir\u0259k!<\/p>\n\n\n\n<h3 class=\"wp-block-heading\" id=\"h-1-heavenly-nouns-declining-in-style\">1. S\u0259mavi Nouns: Stild\u0259 azalma<\/h3>\n\n\n\n<p>\u018fg\u0259r siz lat\u0131n v\u0259 ya <a href=\"https:\/\/talkpal.ai\/learn-german\/\">alman<\/a> kimi dill\u0259rl\u0259 tan\u0131\u015fs\u0131n\u0131zsa, o zaman ismin azald\u0131lmas\u0131 anlay\u0131\u015f\u0131 sizin \u00fc\u00e7\u00fcn yeni olmayacaq. Xorvat dilinin qrammatikas\u0131 deklenziyan\u0131n \u0259sas\u0131 \u00fcz\u0259rind\u0259 qurulub. \u00dcmumilikd\u0259 7 hal var. B\u0259li, siz bunu e\u015fitmisiniz! Xorvat dilind\u0259 h\u0259r bir nomr c\u00fcml\u0259d\u0259ki rolundan as\u0131l\u0131 olaraq yeddi m\u00fcxt\u0259lif formaya malik ola bil\u0259r. B\u0259s n\u0259 \u00fc\u00e7\u00fcn fuss, soru\u015fursan? Yax\u015f\u0131, prepozisiyalara ehtiyac\u0131 azald\u0131r, dili daha d\u0259qiql\u0259\u015fdirir.  <\/p>\n\n\n\n<p>Burada i\u015fl\u0259rin tez bir zamanda rundown edilm\u0259si:<\/p>\n\n\n\n<p><strong>\u2013 Nominativ:<\/strong> C\u00fcml\u0259nin m\u00f6vzusu<\/p>\n\n\n\n<p><strong>\u2013 Genitive:<\/strong> Sahiblik v\u0259 ya m\u0259n\u015f\u0259yi g\u00f6st\u0259rir<\/p>\n\n\n\n<p><strong>\u2013 Dative:<\/strong> dolay\u0131 obyekt v\u0259 ya t\u0259yinat<\/p>\n\n\n\n<p><strong>\u2013 Akkusativ:<\/strong> Birba\u015fa obyekt v\u0259 ya m\u0259qs\u0259d<\/p>\n\n\n\n<p><strong>\u2013 Vocative:<\/strong> Kim\u0259s\u0259 m\u00fcraci\u0259t etm\u0259k v\u0259 ya z\u0259ng etm\u0259k \u00fc\u00e7\u00fcn istifad\u0259 olunur<\/p>\n\n\n\n<p><strong>\u2013 Yer:<\/strong> Yeri g\u00f6st\u0259rir<\/p>\n\n\n\n<p><strong>\u2013 Instrumental:<\/strong> Vasit\u0259, \u00fcsul v\u0259 ya m\u00fc\u015fayi\u0259ti t\u0259svir edir<\/p>\n\n\n\n<p>\u0130ndi is\u0259 t\u0259la\u015fa d\u00fc\u015fm\u0259zd\u0259n \u0259vv\u0259l yadda saxla ki, bu m\u0259\u015f\u011fuliyy\u0259t m\u00fck\u0259mm\u0259ldir. Dilin m\u00fcnt\u0259z\u0259m if\u015fa olunmas\u0131 v\u0259 istifad\u0259si t\u0259dric\u0259n bu deklensiyalar\u0131 ustal\u0131qla \u00f6yr\u0259nir v\u0259 Xorvatiya dilinin qrammatikas\u0131 whiz-\u0259 \u00e7evrilm\u0259yiniz\u0259 k\u00f6m\u0259k ed\u0259c\u0259k!<\/p>\n\n\n\n<h3 class=\"wp-block-heading\" id=\"h-2-adorable-adjectives-agreements-galore\">2. Adorable Adjectives: Raz\u0131la\u015fmalar Galore<\/h3>\n\n\n\n<p>Xorvat dilinin qrammatikas\u0131 d\u00fcnyas\u0131nda adjectives raz\u0131 olma\u011f\u0131 xo\u015flay\u0131r. Onlar d\u0259yi\u015fdikl\u0259ri noun cinsin\u0259, say\u0131na v\u0259 hal-haz\u0131rk\u0131 hal\u0131na g\u00f6r\u0259 d\u0259yi\u015firl\u0259r. Bu o dem\u0259kdir ki, ismin ki\u015fi, qad\u0131n v\u0259 ya neytral olmas\u0131na, h\u0259m\u00e7inin t\u0259k v\u0259 ya c\u0259m olmas\u0131na g\u00f6r\u0259 sif\u0259tin formas\u0131n\u0131 t\u0259nziml\u0259m\u0259lisiniz.<\/p>\n\n\n\n<p>Raz\u0131l\u0131\u011fa g\u0259l\u0259ni etm\u0259y\u0259 \u00e7al\u0131\u015f\u0131rm\u0131? Budur, ki\u00e7ik bir ipucu: sif\u0259tin k\u00f6k\u00fcn\u00fc \u00f6yr\u0259nm\u0259y\u0259 diqq\u0259t yetirin, qalanlar\u0131 yerin\u0259 d\u00fc\u015f\u0259c\u0259k. M\u0259s\u0259l\u0259n, &#8220;g\u00f6z\u0259l&#8221; \u00fc\u00e7\u00fcn k\u00f6k sif\u0259t &#8220;lijep-&#8220;dir v\u0259 m\u00fcxt\u0259lif sonluqlardan istifad\u0259 ed\u0259r\u0259k &#8220;lijepa&#8221; (qad\u0131n, nominativ) v\u0259 ya &#8220;lijepim&#8221; (ki\u015fi\/neuter, instrumental) kimi formalar yarada bil\u0259rsiniz.<\/p>\n\n\n\n<h3 class=\"wp-block-heading\" id=\"h-3-vibrant-verbs-conjugating-to-perfection\">3. Canl\u0131 Feill\u0259r: Kamilliy\u0259 qovu\u015fmaq<\/h3>\n\n\n\n<p>Burada bir n\u00fcmun\u0259 g\u00f6rm\u0259y\u0259 ba\u015flay\u0131rs\u0131n\u0131zm\u0131? Nec\u0259 ki, isiml\u0259r v\u0259 adjectives kimi, xorvat feill\u0259ri d\u0259 variasiyalarla doludur. Bu dild\u0259 feill\u0259r g\u0259rginliy\u0259, \u0259hval-ruhiyy\u0259y\u0259, aspekt\u0259, insana v\u0259 saya g\u00f6r\u0259 konyunkasiyadan ke\u00e7irl\u0259r.<\/p>\n\n\n\n<p>Xorvat dilind\u0259 \u00fc\u00e7 \u0259sas g\u0259rginlik var: ke\u00e7mi\u015f, indiki v\u0259 g\u0259l\u0259c\u0259k. \u0130ndiki g\u0259rginliyi ba\u015fa d\u00fc\u015fm\u0259k nisb\u0259t\u0259n asan g\u00f6r\u00fcns\u0259 d\u0259, ke\u00e7mi\u015f v\u0259 g\u0259l\u0259c\u0259k g\u0259rginliyi m\u00fcr\u0259kk\u0259bl\u0259\u015fdirm\u0259k olar. Amma narahat olmay\u0131n! Praktika v\u0259 dil\u0259 m\u0259ruz qalmaq siz\u0259 bu mane\u0259l\u0259rin \u00f6hd\u0259sind\u0259n vaxt\u0131nda g\u0259lm\u0259y\u0259 k\u00f6m\u0259k ed\u0259c\u0259k.<\/p>\n\n\n\n<h3 class=\"wp-block-heading\" id=\"h-4-prepositions-cases-dynamic-duo\">4. Prepositions + Cases = Dinamik Duo!<\/h3>\n\n\n\n<p>Xorvatiya prepozisiyalar\u0131 bir az hiyl\u0259g\u0259r ola bil\u0259r, bel\u0259 ki, onlar noun hallar\u0131 il\u0259 s\u0131x ba\u011fl\u0131d\u0131r. M\u0259s\u0259l\u0259n, \u201cu\u201d (in, daxil) \u00f6n s\u00f6z\u00fc h\u0259r\u0259k\u0259ti v\u0259 ya istiqam\u0259ti bildirirs\u0259, ittiham hal\u0131 il\u0259 i\u015fl\u0259dilir, lakin yeri t\u0259svir edirs\u0259, o zaman yer hal\u0131 il\u0259 i\u015fl\u0259yir.<\/p>\n\n\n\n<p>\u00c7a\u015fq\u0131nl\u0131q yaranmas\u0131n dey\u0259, g\u0259r\u0259k olan m\u0259s\u0259l\u0259ni qabaqcadan m\u00fc\u0259yy\u0259n edin. M\u0259s\u0259l\u0259n, \u201cu + locative = in\u201d v\u0259 \u201cu + accusative = into\u201d yadda saxla.<\/p>\n\n\n\n<h3 class=\"wp-block-heading\" id=\"h-5-tame-the-complexities-practice-makes-perfect\">5. M\u00fcr\u0259kk\u0259blikl\u0259ri tamala. Praktika m\u00fck\u0259mm\u0259ll\u0259\u015fdirir<\/h3>\n\n\n\n<p>\u0130lk bax\u0131\u015fdan xorvatiya dilinin qrammatikas\u0131 labirint kimi g\u00f6r\u00fcn\u0259 bil\u0259r. Lakin yadda saxlay\u0131n ki, praktika u\u011fur \u00fc\u00e7\u00fcn gizli t\u0259rkibdir. Oxumaqla, yazmaqla, qulaq asmaqla v\u0259 s\u00f6hb\u0259t etm\u0259kl\u0259 b\u00fct\u00fcn dil\u0259 dal. Beyninizin yeni dil m\u00fchitini m\u0259nims\u0259m\u0259sin\u0259 v\u0259 uy\u011funla\u015fmas\u0131na imkan ver\u0259r\u0259k \u00e7\u0259tinlikl\u0259ri z\u0259f\u0259rl\u0259r\u0259 \u00e7evirin.<\/p>\n\n\n\n<p>Bel\u0259likl\u0259, indi ayaq barmaqlar\u0131n\u0131z\u0131 Xorvat dili qrammatikas\u0131n\u0131n sehrli sular\u0131na bat\u0131rd\u0131\u011f\u0131n\u0131za g\u00f6r\u0259, daha d\u0259rin\u0259 enm\u0259y\u0259 haz\u0131rs\u0131n\u0131z? Kompleksl\u0259ri qucaqlay\u0131n, n\u00fcanslar\u0131 dad\u0131n. Unutmay\u0131n ki, israr v\u0259 ehtirasla xorvat dilinin \u0259sl g\u00f6z\u0259lliyini a\u00e7a bil\u0259rsiniz. Sretno! (Nu\u015f olsun!)<\/p>\n<\/div><\/div>\n\r\n<section class=\"learnNavigationSection\">\r\n            \r\n        <a href=\"https:\/\/talkpal.ai\/az\/xorvat-dilini-oyr%c9%99n\/\">\r\n            <div class=\"learnNavigationWrapper\">\r\n                <div class=\"learnNavigationContent\">\r\n                    <img decoding=\"async\" src=\"https:\/\/talkpal.ai\/wp-content\/uploads\/2024\/08\/Croatian.jpg\" alt=\"Croatian Flag\">\r\n                    <div>\r\n                        <h4>Xorvat dilinin \u00f6yr\u0259nilm\u0259si haqq\u0131nda<\/h4>\r\n                        <p>Xorvat dilinin qrammatikas\u0131 haqq\u0131nda h\u0259r \u015feyi \u00f6yr\u0259nin.<\/p>\r\n                    <\/div>\r\n                <\/div>\r\n            <\/div>\r\n        <\/a>\r\n\r\n        \r\n        <a href=\"https:\/\/talkpal.ai\/az\/xorvat-dilinin-qrammatikasi-m%c9%99sg%c9%99l%c9%99l%c9%99ri\/\">\r\n            <div class=\"learnNavigationWrapper\">\r\n                <div class=\"learnNavigationContent\">\r\n                    <img decoding=\"async\" src=\"https:\/\/talkpal.ai\/wp-content\/uploads\/2024\/08\/Croatian.jpg\" alt=\"Croatian Flag\">\r\n                    <div>\r\n                        <h4>Xorvat dili qrammatikas\u0131 m\u0259\u015fqi<\/h4>\r\n                        <p>Xorvat dilinin qrammatikas\u0131 .<\/p>\r\n                    <\/div>\r\n                <\/div>\r\n            <\/div>\r\n        <\/a>\r\n\r\n        \r\n        <a href=\"https:\/\/talkpal.ai\/vocabulary_language\/croatian\/\">\r\n            <div class=\"learnNavigationWrapper\">\r\n                <div class=\"learnNavigationContent\">\r\n                    <img decoding=\"async\" src=\"https:\/\/talkpal.ai\/wp-content\/uploads\/2024\/08\/Croatian.jpg\" alt=\"Croatian Flag\">\r\n                    <div>\r\n                        <h4>Xorvat l\u00fc\u011f\u0259ti<\/h4>\r\n                        <p>Xorvat dili l\u00fc\u011f\u0259tinizi geni\u015fl\u0259ndirin.<\/p>\r\n                    <\/div>\r\n                <\/div>\r\n            <\/div>\r\n        <\/a>\r\n\r\n            <\/section>","protected":false},"excerpt":{"rendered":"<p>Xorvat dilinin qrammatikas\u0131. M\u00fcr\u0259kk\u0259blikl\u0259ri asanl\u0131qla \u00fcz\u0259n s\u0259yah\u0259t Xorvat dilinin qrammatikas\u0131: c\u0259lbedici v\u0259 qorxulu, sad\u0259 v\u0259 inc\u0259, sirli v\u0259 maraql\u0131. Xorvatiya dilini \u00f6yr\u0259nm\u0259y\u0259 ba\u015flayanda onun qrammatik inc\u0259likl\u0259rini ba\u015fa d\u00fc\u015fm\u0259k fikri s\u0259ni l\u0259r b\u00fcr\u00fcy\u00fcr. Amma qorxmay\u0131n, c\u0259sar\u0259tsiz dil\u00e7i! \u00c7\u00fcnki biz siz\u0259 h\u0259r add\u0131mda yol g\u00f6st\u0259rm\u0259k \u00fc\u00e7\u00fcn g\u0259lmi\u015fik! Bu m\u0259qal\u0259d\u0259 biz xorvat dilinin qrammatika anlay\u0131\u015flar\u0131 haqq\u0131nda \u0259sas anlay\u0131\u015f\u0131 [&hellip;]<\/p>\n","protected":false},"author":1,"featured_media":142366,"parent":0,"menu_order":0,"comment_status":"closed","ping_status":"closed","template":"LearningContentPage.php","meta":{"_acf_changed":false,"footnotes":""},"class_list":["post-142360","page","type-page","status-publish","has-post-thumbnail","hentry"],"acf":[],"yoast_head":"<!-- This site is optimized with the Yoast SEO Premium plugin v27.2 (Yoast SEO v27.2) - https:\/\/yoast.com\/product\/yoast-seo-premium-wordpress\/ -->\n<title>Xorvat dilinin qrammatikas\u0131 - Talkpal<\/title>\n<meta name=\"description\" content=\"Xorvat dilinin qrammatikas\u0131n\u0131 ara\u015fd\u0131r\u0131n v\u0259 \u0259sas m\u0259sl\u0259h\u0259tl\u0259r v\u0259 resurslarla dil anlay\u0131\u015f\u0131n\u0131z\u0131 art\u0131r\u0131n.\" \/>\n<meta name=\"robots\" content=\"index, follow, max-snippet:-1, max-image-preview:large, max-video-preview:-1\" \/>\n<link rel=\"canonical\" href=\"https:\/\/talkpal.ai\/az\/xorvat-dilinin-qrammatikasi\/\" \/>\n<meta property=\"og:locale\" content=\"az_AZ\" \/>\n<meta property=\"og:type\" content=\"article\" \/>\n<meta property=\"og:title\" content=\"Xorvat dilinin qrammatikas\u0131\" \/>\n<meta property=\"og:description\" content=\"Xorvat dilinin qrammatikas\u0131. M\u00fcr\u0259kk\u0259blikl\u0259ri asanl\u0131qla \u00fcz\u0259n s\u0259yah\u0259t Xorvat dilinin qrammatikas\u0131: c\u0259lbedici v\u0259 qorxulu, sad\u0259 v\u0259 inc\u0259, sirli v\u0259 maraql\u0131.\" \/>\n<meta property=\"og:url\" content=\"https:\/\/talkpal.ai\/az\/xorvat-dilinin-qrammatikasi\/\" \/>\n<meta property=\"og:site_name\" content=\"Talkpal\" \/>\n<meta property=\"article:publisher\" content=\"https:\/\/www.facebook.com\/profile.php?id=100090733639311\" \/>\n<meta property=\"article:modified_time\" content=\"2025-12-11T16:42:25+00:00\" \/>\n<meta property=\"og:image\" content=\"https:\/\/talkpal.ai\/wp-content\/uploads\/2023\/05\/croatia.png\" \/>\n\t<meta property=\"og:image:width\" content=\"512\" \/>\n\t<meta property=\"og:image:height\" content=\"512\" \/>\n\t<meta property=\"og:image:type\" content=\"image\/png\" \/>\n<meta name=\"twitter:card\" content=\"summary_large_image\" \/>\n<meta name=\"twitter:site\" content=\"@talkpalai\" \/>\n<meta name=\"twitter:label1\" content=\"Est. reading time\" \/>\n\t<meta name=\"twitter:data1\" content=\"4 minutes\" \/>\n<script type=\"application\/ld+json\" class=\"yoast-schema-graph\">{\"@context\":\"https:\/\/schema.org\",\"@graph\":[{\"@type\":\"WebPage\",\"@id\":\"https:\/\/talkpal.ai\/az\/xorvat-dilinin-qrammatikasi\/\",\"url\":\"https:\/\/talkpal.ai\/az\/xorvat-dilinin-qrammatikasi\/\",\"name\":\"Xorvat dilinin qrammatikas\u0131 - Talkpal\",\"isPartOf\":{\"@id\":\"https:\/\/talkpal.ai\/az\/#website\"},\"primaryImageOfPage\":{\"@id\":\"https:\/\/talkpal.ai\/az\/xorvat-dilinin-qrammatikasi\/#primaryimage\"},\"image\":{\"@id\":\"https:\/\/talkpal.ai\/az\/xorvat-dilinin-qrammatikasi\/#primaryimage\"},\"thumbnailUrl\":\"https:\/\/talkpal.ai\/wp-content\/uploads\/2023\/05\/croatia.png\",\"datePublished\":\"2023-05-14T14:01:16+00:00\",\"dateModified\":\"2025-12-11T16:42:25+00:00\",\"description\":\"Xorvat dilinin qrammatikas\u0131n\u0131 ara\u015fd\u0131r\u0131n v\u0259 \u0259sas m\u0259sl\u0259h\u0259tl\u0259r v\u0259 resurslarla dil anlay\u0131\u015f\u0131n\u0131z\u0131 art\u0131r\u0131n.\",\"breadcrumb\":{\"@id\":\"https:\/\/talkpal.ai\/az\/xorvat-dilinin-qrammatikasi\/#breadcrumb\"},\"inLanguage\":\"az\",\"potentialAction\":[{\"@type\":\"ReadAction\",\"target\":[\"https:\/\/talkpal.ai\/az\/xorvat-dilinin-qrammatikasi\/\"]}]},{\"@type\":\"ImageObject\",\"inLanguage\":\"az\",\"@id\":\"https:\/\/talkpal.ai\/az\/xorvat-dilinin-qrammatikasi\/#primaryimage\",\"url\":\"https:\/\/talkpal.ai\/wp-content\/uploads\/2023\/05\/croatia.png\",\"contentUrl\":\"https:\/\/talkpal.ai\/wp-content\/uploads\/2023\/05\/croatia.png\",\"width\":512,\"height\":512},{\"@type\":\"BreadcrumbList\",\"@id\":\"https:\/\/talkpal.ai\/az\/xorvat-dilinin-qrammatikasi\/#breadcrumb\",\"itemListElement\":[{\"@type\":\"ListItem\",\"position\":1,\"name\":\"Homepage\",\"item\":\"https:\/\/talkpal.ai\/az\/\"},{\"@type\":\"ListItem\",\"position\":2,\"name\":\"Xorvat dilinin qrammatikas\u0131\"}]},{\"@type\":\"WebSite\",\"@id\":\"https:\/\/talkpal.ai\/az\/#website\",\"url\":\"https:\/\/talkpal.ai\/az\/\",\"name\":\"Talkpal\",\"description\":\"AI Language Learning\",\"publisher\":{\"@id\":\"https:\/\/talkpal.ai\/az\/#organization\"},\"alternateName\":\"Talkpal AI\",\"potentialAction\":[{\"@type\":\"SearchAction\",\"target\":{\"@type\":\"EntryPoint\",\"urlTemplate\":\"https:\/\/talkpal.ai\/az\/?s={search_term_string}\"},\"query-input\":{\"@type\":\"PropertyValueSpecification\",\"valueRequired\":true,\"valueName\":\"search_term_string\"}}],\"inLanguage\":\"az\"},{\"@type\":\"Organization\",\"@id\":\"https:\/\/talkpal.ai\/az\/#organization\",\"name\":\"Talkpal, Inc.\",\"alternateName\":\"Talkpal AI\",\"url\":\"https:\/\/talkpal.ai\/az\/\",\"logo\":{\"@type\":\"ImageObject\",\"inLanguage\":\"az\",\"@id\":\"https:\/\/talkpal.ai\/az\/#\/schema\/logo\/image\/\",\"url\":\"https:\/\/talkpal.ai\/wp-content\/uploads\/2024\/03\/Talkpal-Logo-Icon.png\",\"contentUrl\":\"https:\/\/talkpal.ai\/wp-content\/uploads\/2024\/03\/Talkpal-Logo-Icon.png\",\"width\":2880,\"height\":2880,\"caption\":\"Talkpal, Inc.\"},\"image\":{\"@id\":\"https:\/\/talkpal.ai\/az\/#\/schema\/logo\/image\/\"},\"sameAs\":[\"https:\/\/www.facebook.com\/profile.php?id=100090733639311\",\"https:\/\/x.com\/talkpalai\",\"https:\/\/www.linkedin.com\/company\/talkpal\/\",\"https:\/\/www.youtube.com\/@TalkPal\/\",\"https:\/\/www.tiktok.com\/@talkpal\",\"https:\/\/www.instagram.com\/talkpal_ai\/\",\"https:\/\/www.crunchbase.com\/organization\/talkpal-9cde\",\"https:\/\/www.g2.com\/products\/talkpal-for-business\/\",\"https:\/\/www.trustpilot.com\/review\/talkpal.ai\",\"https:\/\/www.capterra.com\/p\/10006800\/TalkPal\/\"],\"description\":\"Talkpal is a language learning web and mobile education app, powered by the latest AI technologies, that provides engaging experiences to its customers in many different languages to help them improve their language skills. Users can chat about unlimited amount of topics with the app and use other modes to practice their language learning.\",\"email\":\"support@talkpal.ai\",\"legalName\":\"Talkpal, Inc.\",\"foundingDate\":\"2023-04-03\",\"duns\":\"118989042\",\"numberOfEmployees\":{\"@type\":\"QuantitativeValue\",\"minValue\":\"11\",\"maxValue\":\"50\"},\"publishingPrinciples\":\"https:\/\/talkpal.ai\/publishing-principles\/\",\"actionableFeedbackPolicy\":\"https:\/\/talkpal.ai\/actionable-feedback-policy\/\",\"correctionsPolicy\":\"https:\/\/talkpal.ai\/corrections-policy\/\",\"ethicsPolicy\":\"https:\/\/talkpal.ai\/ethics-policy\/\",\"diversityPolicy\":\"https:\/\/talkpal.ai\/diversity-policy\/\",\"diversityStaffingReport\":\"https:\/\/talkpal.ai\/diversity-policy\/\"}]}<\/script>\n<!-- \/ Yoast SEO Premium plugin. -->","yoast_head_json":{"title":"Xorvat dilinin qrammatikas\u0131 - Talkpal","description":"Xorvat dilinin qrammatikas\u0131n\u0131 ara\u015fd\u0131r\u0131n v\u0259 \u0259sas m\u0259sl\u0259h\u0259tl\u0259r v\u0259 resurslarla dil anlay\u0131\u015f\u0131n\u0131z\u0131 art\u0131r\u0131n.","robots":{"index":"index","follow":"follow","max-snippet":"max-snippet:-1","max-image-preview":"max-image-preview:large","max-video-preview":"max-video-preview:-1"},"canonical":"https:\/\/talkpal.ai\/az\/xorvat-dilinin-qrammatikasi\/","og_locale":"az_AZ","og_type":"article","og_title":"Xorvat dilinin qrammatikas\u0131","og_description":"Xorvat dilinin qrammatikas\u0131. M\u00fcr\u0259kk\u0259blikl\u0259ri asanl\u0131qla \u00fcz\u0259n s\u0259yah\u0259t Xorvat dilinin qrammatikas\u0131: c\u0259lbedici v\u0259 qorxulu, sad\u0259 v\u0259 inc\u0259, sirli v\u0259 maraql\u0131.","og_url":"https:\/\/talkpal.ai\/az\/xorvat-dilinin-qrammatikasi\/","og_site_name":"Talkpal","article_publisher":"https:\/\/www.facebook.com\/profile.php?id=100090733639311","article_modified_time":"2025-12-11T16:42:25+00:00","og_image":[{"width":512,"height":512,"url":"https:\/\/talkpal.ai\/wp-content\/uploads\/2023\/05\/croatia.png","type":"image\/png"}],"twitter_card":"summary_large_image","twitter_site":"@talkpalai","twitter_misc":{"Est. reading time":"4 minutes"},"schema":{"@context":"https:\/\/schema.org","@graph":[{"@type":"WebPage","@id":"https:\/\/talkpal.ai\/az\/xorvat-dilinin-qrammatikasi\/","url":"https:\/\/talkpal.ai\/az\/xorvat-dilinin-qrammatikasi\/","name":"Xorvat dilinin qrammatikas\u0131 - Talkpal","isPartOf":{"@id":"https:\/\/talkpal.ai\/az\/#website"},"primaryImageOfPage":{"@id":"https:\/\/talkpal.ai\/az\/xorvat-dilinin-qrammatikasi\/#primaryimage"},"image":{"@id":"https:\/\/talkpal.ai\/az\/xorvat-dilinin-qrammatikasi\/#primaryimage"},"thumbnailUrl":"https:\/\/talkpal.ai\/wp-content\/uploads\/2023\/05\/croatia.png","datePublished":"2023-05-14T14:01:16+00:00","dateModified":"2025-12-11T16:42:25+00:00","description":"Xorvat dilinin qrammatikas\u0131n\u0131 ara\u015fd\u0131r\u0131n v\u0259 \u0259sas m\u0259sl\u0259h\u0259tl\u0259r v\u0259 resurslarla dil anlay\u0131\u015f\u0131n\u0131z\u0131 art\u0131r\u0131n.","breadcrumb":{"@id":"https:\/\/talkpal.ai\/az\/xorvat-dilinin-qrammatikasi\/#breadcrumb"},"inLanguage":"az","potentialAction":[{"@type":"ReadAction","target":["https:\/\/talkpal.ai\/az\/xorvat-dilinin-qrammatikasi\/"]}]},{"@type":"ImageObject","inLanguage":"az","@id":"https:\/\/talkpal.ai\/az\/xorvat-dilinin-qrammatikasi\/#primaryimage","url":"https:\/\/talkpal.ai\/wp-content\/uploads\/2023\/05\/croatia.png","contentUrl":"https:\/\/talkpal.ai\/wp-content\/uploads\/2023\/05\/croatia.png","width":512,"height":512},{"@type":"BreadcrumbList","@id":"https:\/\/talkpal.ai\/az\/xorvat-dilinin-qrammatikasi\/#breadcrumb","itemListElement":[{"@type":"ListItem","position":1,"name":"Homepage","item":"https:\/\/talkpal.ai\/az\/"},{"@type":"ListItem","position":2,"name":"Xorvat dilinin qrammatikas\u0131"}]},{"@type":"WebSite","@id":"https:\/\/talkpal.ai\/az\/#website","url":"https:\/\/talkpal.ai\/az\/","name":"Talkpal","description":"AI Language Learning","publisher":{"@id":"https:\/\/talkpal.ai\/az\/#organization"},"alternateName":"Talkpal AI","potentialAction":[{"@type":"SearchAction","target":{"@type":"EntryPoint","urlTemplate":"https:\/\/talkpal.ai\/az\/?s={search_term_string}"},"query-input":{"@type":"PropertyValueSpecification","valueRequired":true,"valueName":"search_term_string"}}],"inLanguage":"az"},{"@type":"Organization","@id":"https:\/\/talkpal.ai\/az\/#organization","name":"Talkpal, Inc.","alternateName":"Talkpal AI","url":"https:\/\/talkpal.ai\/az\/","logo":{"@type":"ImageObject","inLanguage":"az","@id":"https:\/\/talkpal.ai\/az\/#\/schema\/logo\/image\/","url":"https:\/\/talkpal.ai\/wp-content\/uploads\/2024\/03\/Talkpal-Logo-Icon.png","contentUrl":"https:\/\/talkpal.ai\/wp-content\/uploads\/2024\/03\/Talkpal-Logo-Icon.png","width":2880,"height":2880,"caption":"Talkpal, Inc."},"image":{"@id":"https:\/\/talkpal.ai\/az\/#\/schema\/logo\/image\/"},"sameAs":["https:\/\/www.facebook.com\/profile.php?id=100090733639311","https:\/\/x.com\/talkpalai","https:\/\/www.linkedin.com\/company\/talkpal\/","https:\/\/www.youtube.com\/@TalkPal\/","https:\/\/www.tiktok.com\/@talkpal","https:\/\/www.instagram.com\/talkpal_ai\/","https:\/\/www.crunchbase.com\/organization\/talkpal-9cde","https:\/\/www.g2.com\/products\/talkpal-for-business\/","https:\/\/www.trustpilot.com\/review\/talkpal.ai","https:\/\/www.capterra.com\/p\/10006800\/TalkPal\/"],"description":"Talkpal is a language learning web and mobile education app, powered by the latest AI technologies, that provides engaging experiences to its customers in many different languages to help them improve their language skills. Users can chat about unlimited amount of topics with the app and use other modes to practice their language learning.","email":"support@talkpal.ai","legalName":"Talkpal, Inc.","foundingDate":"2023-04-03","duns":"118989042","numberOfEmployees":{"@type":"QuantitativeValue","minValue":"11","maxValue":"50"},"publishingPrinciples":"https:\/\/talkpal.ai\/publishing-principles\/","actionableFeedbackPolicy":"https:\/\/talkpal.ai\/actionable-feedback-policy\/","correctionsPolicy":"https:\/\/talkpal.ai\/corrections-policy\/","ethicsPolicy":"https:\/\/talkpal.ai\/ethics-policy\/","diversityPolicy":"https:\/\/talkpal.ai\/diversity-policy\/","diversityStaffingReport":"https:\/\/talkpal.ai\/diversity-policy\/"}]}},"_links":{"self":[{"href":"https:\/\/talkpal.ai\/az\/wp-json\/wp\/v2\/pages\/142360","targetHints":{"allow":["GET"]}}],"collection":[{"href":"https:\/\/talkpal.ai\/az\/wp-json\/wp\/v2\/pages"}],"about":[{"href":"https:\/\/talkpal.ai\/az\/wp-json\/wp\/v2\/types\/page"}],"author":[{"embeddable":true,"href":"https:\/\/talkpal.ai\/az\/wp-json\/wp\/v2\/users\/1"}],"replies":[{"embeddable":true,"href":"https:\/\/talkpal.ai\/az\/wp-json\/wp\/v2\/comments?post=142360"}],"version-history":[{"count":0,"href":"https:\/\/talkpal.ai\/az\/wp-json\/wp\/v2\/pages\/142360\/revisions"}],"wp:featuredmedia":[{"embeddable":true,"href":"https:\/\/talkpal.ai\/az\/wp-json\/wp\/v2\/media\/142366"}],"wp:attachment":[{"href":"https:\/\/talkpal.ai\/az\/wp-json\/wp\/v2\/media?parent=142360"}],"curies":[{"name":"wp","href":"https:\/\/api.w.org\/{rel}","templated":true}]}}