{"id":142037,"date":"2023-05-14T14:00:56","date_gmt":"2023-05-14T14:00:56","guid":{"rendered":"http:\/\/talkpal.ai\/katalan-dili-qrammatikasi\/"},"modified":"2025-05-22T18:36:41","modified_gmt":"2025-05-22T18:36:41","slug":"katalan-dili-qrammatikasi","status":"publish","type":"page","link":"https:\/\/talkpal.ai\/az\/katalan-dili-qrammatikasi\/","title":{"rendered":"Katalan dili Qrammatikas\u0131"},"content":{"rendered":"\r\n\r\n\r\n<section class=\"languageChallengeSection\">\r\n    <div class=\"languageInfoWrapper\">\r\n        \r\n        <h1>Katalan dili Qrammatikas\u0131<\/h1>\r\n        <p><a href=\"https:\/\/talkpal.ai\/learn-catalan\/\">Katalan<\/a> dilinin qrammatikas\u0131 d\u00fcnyas\u0131na dal\u0131n v\u0259 bu canl\u0131 Romantika dilinin unikal strukturunu k\u0259\u015ff edin. \u018fsaslar\u0131 m\u0259nims\u0259m\u0259k siz\u0259 daha effektiv \u00fcnsiyy\u0259t qurma\u011fa v\u0259 Kataloniya m\u0259d\u0259niyy\u0259ti il\u0259 daha d\u0259rin s\u0259viyy\u0259d\u0259 \u0259laq\u0259 saxlama\u011fa k\u00f6m\u0259k ed\u0259c\u0259k. Katalan dilinin qrammatikas\u0131n\u0131 bu g\u00fcn \u00f6yr\u0259nm\u0259y\u0259 ba\u015flay\u0131n v\u0259 s\u0259lis dan\u0131\u015fma\u011fa do\u011fru ilk add\u0131m\u0131n\u0131z\u0131 at\u0131n!\n\n<\/p>\r\n\r\n                            <a class=\"getStartedHidden\" href=\"https:\/\/app.talkpal.ai\/signup?lng=\">Ba\u015fla<\/a>\r\n        \r\n    <\/div>\r\n\r\n    <figure>\r\n    <img decoding=\"async\" width=\"768\" height=\"768\" src=\"https:\/\/talkpal.ai\/wp-content\/uploads\/2023\/06\/catalan-768x768.png\" class=\"languageImage no-lazy\" alt=\"Language learning techniques for fast learning\" fetchpriority=\"high\" sizes=\"(max-width: 768px) 150px, 768px\" srcset=\"https:\/\/talkpal.ai\/wp-content\/uploads\/2023\/06\/catalan-768x768.png 768w, https:\/\/talkpal.ai\/wp-content\/uploads\/2023\/06\/catalan-300x300.png 300w\" \/>\r\n    \r\n\r\n    <\/figure>\r\n\r\n            <a class=\"getStartedVisible\" href=\"https:\/\/app.talkpal.ai\/signup?lng=\">Ba\u015fla<\/a>\r\n    \r\n<\/section>\r\n<section class=\"promotionalBanner\">\r\n    <p class=\"promotionalText\">Dil \u00f6yr\u0259nm\u0259yin \u0259n t\u0259sirli yolu<\/p>\r\n    <a class=\"promotionalLink\" href=\"https:\/\/app.talkpal.ai\/signup?lng=\">Talkpal pulsuz s\u0131nay\u0131n<\/a>\r\n<\/section>\n<div class=\"wp-block-group pageContainerStyle\"><div class=\"wp-block-group__inner-container is-layout-constrained wp-block-group-is-layout-constrained\">\n<h2 class=\"wp-block-heading\" id=\"h-catalan-grammar-a-quick-guide-for-language-enthusiasts\">Katalan dilinin qrammatikas\u0131. Dil h\u0259v\u0259skarlar\u0131 \u00fc\u00e7\u00fcn tez bir b\u0259l\u0259d\u00e7i<\/h2>\n\n\n\n<p>Katalan dilini \u00f6yr\u0259nm\u0259yi planla\u015fd\u0131r\u0131rs\u0131n\u0131z, yoxsa sad\u0259c\u0259 bu g\u00f6z\u0259l Romantika dili il\u0259 maraqlan\u0131rs\u0131n\u0131z? Bir d\u0259 yox! Biz sizi Katalan dilinin qrammatikas\u0131 \u00fczr\u0259 s\u00fcr\u0259tli ekskursiyaya aparmaq v\u0259 sizi \u0259saslarla t\u0259chiz etm\u0259k \u00fc\u00e7\u00fcn buraday\u0131q. G\u0259lin bu cazib\u0259dar dil\u0259 dalaq v\u0259 onun qrammatik s\u0259viyy\u0259d\u0259 nec\u0259 i\u015fl\u0259diyini ara\u015fd\u0131raq.<\/p>\n\n\n\n<p>Kataloniya, Valensiya v\u0259 Balear adalar\u0131nda t\u0259xmin\u0259n 10 milyon insan\u0131n dan\u0131\u015fd\u0131\u011f\u0131 katalan dili lat\u0131n, ispan v\u0259 frans\u0131z dill\u0259rinin misilsiz t\u0259sirin\u0259 malikdir. Siz v\u0259 m\u0259nim kimi, dill\u0259r d\u0259 zamanla bir-birind\u0259n f\u0259rqli n\u00fcanslar borc g\u00f6t\u00fcr\u0259r\u0259k \u00f6zl\u0259rini daha da z\u0259nginl\u0259\u015fdirirl\u0259r. Nec\u0259 d\u0259 h\u0259y\u0259canland\u0131r\u0131c\u0131d\u0131r!<\/p>\n\n\n\n<p><strong>\u0130ndi Katalan dilinin qrammatikas\u0131n\u0131n b\u0259zi \u0259sas aspektl\u0259rini \u00f6yr\u0259n\u0259k:<\/strong><\/p>\n\n\n\n<h3 class=\"wp-block-heading\" id=\"h-1-nouns-and-gender\">1. Noun v\u0259 cins:<\/h3>\n\n\n\n<p>M\u0259niml\u0259 birlikd\u0259 oxuyun &#8211; &#8216;H\u0259r ismin g\u00fcc\u00fc var!&#8217; Dig\u0259r Romantik dill\u0259rd\u0259 oldu\u011fu kimi, Katalanca isiml\u0259r d\u0259 ki\u015fi v\u0259 ya qad\u0131nd\u0131r v\u0259 bu &#8216;cins&#8217; onlar\u0131n m\u0259qal\u0259 v\u0259 sif\u0259tl\u0259rl\u0259 nec\u0259 istifad\u0259 olundu\u011funa t\u0259sir edir. Ancaq narahat olmay\u0131n! \u00c7ox vaxt &#8216;-a&#8217; il\u0259 bit\u0259n isiml\u0259r qad\u0131n, &#8216;-o&#8217; (v\u0259 ya dig\u0259r samitl\u0259r) il\u0259 bit\u0259nl\u0259r is\u0259 ki\u015fidir. \u0130ndi siz d\u0259 onlar\u0131n i\u00e7ind\u0259siniz, amma \u00f6zl\u0259rind\u0259n ba\u015fqa he\u00e7 bir i\u015fd\u0259 i\u015ftirak etm\u0259y\u0259k!)<\/p>\n\n\n\n<h3 class=\"wp-block-heading\" id=\"h-2-articles\">2. M\u0259qal\u0259l\u0259r:<\/h3>\n\n\n\n<p>M\u0259qal\u0259siz h\u0259yat s\u00f6n\u00fck olard\u0131, el\u0259 deyilmi? Katalan dilin\u0259 g\u0259ldikd\u0259, konkret \u0259\u015fyalar\u0131 v\u0259 ya insanlar\u0131 (\u201cit\u201d v\u0259 ya \u201ckitab\u201d kimi) g\u00f6st\u0259rm\u0259k \u00fc\u00e7\u00fcn m\u00fc\u0259yy\u0259n m\u0259qal\u0259l\u0259rimiz v\u0259 \u00fcmumi istinadlar \u00fc\u00e7\u00fcn qeyri-m\u00fc\u0259yy\u0259n m\u0259qal\u0259l\u0259rimiz (\u201cit\u201d v\u0259 ya \u201ckitab\u201d kimi) var.  <\/p>\n\n\n\n<p>Katalan dilind\u0259 m\u00fc\u0259yy\u0259n artikll\u0259r ki\u015fi t\u0259k isiml\u0259r \u00fc\u00e7\u00fcn \u201cel\u201d, qad\u0131n t\u0259k isiml\u0259r \u00fc\u00e7\u00fcn \u201cla\u201d, ki\u015fi c\u0259m isiml\u0259ri \u00fc\u00e7\u00fcn \u201cels\u201d v\u0259 qad\u0131n c\u0259m isiml\u0259ri \u00fc\u00e7\u00fcn \u201cles\u201ddir. Qeyri-m\u00fc\u0259yy\u0259n artikll\u0259r is\u0259 ki\u015fi cinsin\u0259 aid t\u0259k isiml\u0259r \u00fc\u00e7\u00fcn \u201cun\u201d, qad\u0131n t\u0259kli isiml\u0259r \u00fc\u00e7\u00fcn is\u0259 \u201cuna\u201dd\u0131r. Pl\u00fcral formada konkret qeyri-m\u00fc\u0259yy\u0259n m\u0259qal\u0259l\u0259r yoxdur. Asan-pe\u00e7enye, el\u0259 deyilmi?<\/p>\n\n\n\n<h3 class=\"wp-block-heading\" id=\"h-3-adjectives\">3. Adjectives:<\/h3>\n\n\n\n<p>Adjectives, nouns t\u0259svir ed\u0259r\u0259k c\u00fcml\u0259l\u0259riniz\u0259 dad qat\u0131r. Katalancada is\u0259 d\u0259yi\u015fdirdikl\u0259ri nounlarla cins v\u0259 \u0259d\u0259d olaraq raz\u0131la\u015f\u0131rlar. \u018fks\u0259r hallarda \u201c-o\u201d il\u0259 bit\u0259n sif\u0259tl\u0259r ki\u015fi, \u201c-a\u201d il\u0259 bit\u0259nl\u0259r is\u0259 qad\u0131nd\u0131r. C\u0259mi yaratmaq \u00fc\u00e7\u00fcn \u201c-o\u201dnu \u201c-os\u201d (ki\u015fi) v\u0259 \u201c-a\u201dn\u0131 \u201c-es\u201d (qad\u0131n) il\u0259 d\u0259yi\u015fin. Yadda saxlay\u0131n ki, b\u0259zi adjectives h\u0259m cinsl\u0259r \u00fc\u00e7\u00fcn unikal formaya malikdir v\u0259 yaln\u0131z pl\u00fcral marker d\u0259yi\u015fir. \u015e\u0259n s\u0259sl\u0259nir, el\u0259 deyilmi?<\/p>\n\n\n\n<h3 class=\"wp-block-heading\" id=\"h-4-verbs-and-conjugation\">4. Feill\u0259r v\u0259 konyunkasiya:<\/h3>\n\n\n\n<p>H\u0259r dilin \u00fcr\u0259yi! Katalan dilind\u0259 fell\u0259r m\u0259sd\u0259r sonlu\u011funa g\u00f6r\u0259 \u00fc\u00e7 qrupa b\u00f6l\u00fcn\u00fcr: \u201c-ar\u201d, \u201c-er\u201d v\u0259 \u201c-ir\u201d. H\u0259r qrup m\u00fcxt\u0259lif ritml\u0259r\u0259 r\u0259qs etm\u0259k kimi, m\u00fcxt\u0259lif g\u0259rginlikl\u0259r, \u0259hval-ruhiyy\u0259 v\u0259 pronounlar \u00fc\u00e7\u00fcn d\u0259 f\u0259rqli konyunkasiya t\u0259rzin\u0259 malikdir. Katalan dilind\u0259, h\u0259m\u00e7inin m\u00fcr\u0259kk\u0259b zamanlar v\u0259 passiv s\u0259s yaratmaq \u00fc\u00e7\u00fcn dig\u0259r fell\u0259rl\u0259 birl\u0259\u015f\u0259n k\u00f6m\u0259k\u00e7i feill\u0259r (&#8220;olmaq&#8221; v\u0259 &#8220;olmaq&#8221; kimi) var. Bel\u0259likl\u0259, r\u0259qs ed\u0259n ayaqqab\u0131lar\u0131n\u0131z\u0131 geyinin v\u0259 katalan fiill\u0259rinin canl\u0131 d\u00fcnyas\u0131n\u0131 t\u0259dqiq etm\u0259y\u0259 ba\u015flay\u0131n.<\/p>\n\n\n\n<h3 class=\"wp-block-heading\" id=\"h-5-word-order\">5. S\u00f6z S\u0131ras\u0131:<\/h3>\n\n\n\n<p>G\u0259lin bu s\u00f6zl\u0259ri d\u00fczg\u00fcn ard\u0131c\u0131ll\u0131qla yerl\u0259\u015fdir\u0259k! Katalan, ad\u0259t\u0259n, ingilis dili kimi, m\u00f6vzu-verb-object (SVO) s\u00f6z sifari\u015fini izl\u0259yir. Lakin s\u00f6z nizam\u0131nda elastikliy\u0259 vur\u011fu v\u0259 ya stilistizm m\u0259qs\u0259di il\u0259 yol verilir. Ad\u0259t\u0259n, adyundlar t\u0259svir etdikl\u0259ri noundan sonra g\u0259lir, lakin onlar\u0131n \u0259h\u0259miyy\u0259tini vur\u011fulamaq \u00fc\u00e7\u00fcn noundan \u0259vv\u0259l onlar\u0131 g\u00f6rm\u0259k olar. Unutmay\u0131n ki, katalan dilind\u0259 s\u00f6z nizam\u0131 ustalamaq m\u0259s\u0259l\u0259sind\u0259 praktika m\u00fck\u0259mm\u0259l olur.<\/p>\n\n\n\n<h3 class=\"wp-block-heading\" id=\"h-6-pronouns-and-prepositions\">6. Pronouns v\u0259 Prepositions:<\/h3>\n\n\n\n<p>Ax\u0131r\u0131nc\u0131, amma \u0259n az\u0131! Katalan\u0131n m\u00f6vzulu pronounlar\u0131 (m\u0259n, s\u0259n, o, qad\u0131n v\u0259 s.) v\u0259 obyekt pronounslar\u0131 (m\u0259n, s\u0259n, o, onun v\u0259 s.) var. Bu pronounlar bir c\u00fcml\u0259 daxilind\u0259 onlar\u0131n funksiyas\u0131ndan as\u0131l\u0131 olaraq m\u00fcxt\u0259lif d\u0259yi\u015fiklikl\u0259r\u0259 m\u0259ruz qala bil\u0259rl\u0259r. Bundan \u0259lav\u0259, Katalanca \u00f6n s\u00f6zl\u0259r (\u201ca\u201d, \u201cde\u201d, \u201cen\u201d, \u201camb\u201d kimi) s\u00f6z v\u0259 ifad\u0259l\u0259ri birl\u0259\u015fdirm\u0259y\u0259 v\u0259 onlar aras\u0131ndak\u0131 \u0259laq\u0259l\u0259ri g\u00f6st\u0259rm\u0259y\u0259 k\u00f6m\u0259k edir.<\/p>\n\n\n\n<p>Whew! \u0130ndi sizin k\u0259m\u0259rinizin alt\u0131nda Katalan qrammatikas\u0131n\u0131n \u0259saslar\u0131 var. Bu g\u00f6z\u0259l dili ara\u015fd\u0131rma\u011f\u0131, suallar verm\u0259yi v\u0259 m\u0259\u015fq etm\u0259yi davam etdir. Unutma ki, yeni dil \u00f6yr\u0259nm\u0259k maraql\u0131 s\u0259yah\u0259t\u0259 \u00e7\u0131xma\u011fa b\u0259nz\u0259yir. Eni\u015f-yoxu\u015flar\u0131n\u0131z olacaq, amma m\u00fckafatlar s\u0259y g\u00f6st\u0259rm\u0259y\u0259 d\u0259y\u0259r. Bon viatge!<\/p>\n<\/div><\/div>\n\r\n<section class=\"learnNavigationSection\">\r\n            \r\n        <a href=\"https:\/\/talkpal.ai\/az\/katalan-dilini-oyr%c9%99n\/\">\r\n            <div class=\"learnNavigationWrapper\">\r\n                <div class=\"learnNavigationContent\">\r\n                    <img decoding=\"async\" src=\"https:\/\/talkpal.ai\/wp-content\/uploads\/2024\/08\/Catalan.jpg\" alt=\"Catalan Flag\">\r\n                    <div>\r\n                        <h4>Katalan dilinin \u00f6yr\u0259nilm\u0259si haqq\u0131nda<\/h4>\r\n                        <p>Katalan dili qrammatikas\u0131 haqq\u0131nda h\u0259r \u015feyi \u00f6yr\u0259nin .<\/p>\r\n                    <\/div>\r\n                <\/div>\r\n            <\/div>\r\n        <\/a>\r\n\r\n        \r\n        <a href=\"https:\/\/talkpal.ai\/az\/katalan-dilinin-qrammatikasi-m%c9%99sql%c9%99ri\/\">\r\n            <div class=\"learnNavigationWrapper\">\r\n                <div class=\"learnNavigationContent\">\r\n                    <img decoding=\"async\" src=\"https:\/\/talkpal.ai\/wp-content\/uploads\/2024\/08\/Catalan.jpg\" alt=\"Catalan Flag\">\r\n                    <div>\r\n                        <h4>Katalan dili qrammatikas\u0131 m\u0259\u015fqi<\/h4>\r\n                        <p>Katalan dilinin qrammatikas\u0131 praktikum.<\/p>\r\n                    <\/div>\r\n                <\/div>\r\n            <\/div>\r\n        <\/a>\r\n\r\n        \r\n        <a href=\"https:\/\/talkpal.ai\/vocabulary_language\/catalan\/\">\r\n            <div class=\"learnNavigationWrapper\">\r\n                <div class=\"learnNavigationContent\">\r\n                    <img decoding=\"async\" src=\"https:\/\/talkpal.ai\/wp-content\/uploads\/2024\/08\/Catalan.jpg\" alt=\"Catalan Flag\">\r\n                    <div>\r\n                        <h4>Katalan l\u00fc\u011f\u0259ti<\/h4>\r\n                        <p>Katalanca l\u00fc\u011f\u0259tinizi geni\u015fl\u0259ndirin.<\/p>\r\n                    <\/div>\r\n                <\/div>\r\n            <\/div>\r\n        <\/a>\r\n\r\n            <\/section>","protected":false},"excerpt":{"rendered":"<p>Katalan dilinin qrammatikas\u0131. Dil h\u0259v\u0259skarlar\u0131 \u00fc\u00e7\u00fcn tez bir b\u0259l\u0259d\u00e7i Katalan dilini \u00f6yr\u0259nm\u0259yi planla\u015fd\u0131r\u0131rs\u0131n\u0131z, yoxsa sad\u0259c\u0259 bu g\u00f6z\u0259l Romantika dili il\u0259 maraqlan\u0131rs\u0131n\u0131z? Bir d\u0259 yox! Biz sizi Katalan dilinin qrammatikas\u0131 \u00fczr\u0259 s\u00fcr\u0259tli ekskursiyaya aparmaq v\u0259 sizi \u0259saslarla t\u0259chiz etm\u0259k \u00fc\u00e7\u00fcn buraday\u0131q. G\u0259lin bu cazib\u0259dar dil\u0259 dalaq v\u0259 onun qrammatik s\u0259viyy\u0259d\u0259 nec\u0259 i\u015fl\u0259diyini ara\u015fd\u0131raq. Kataloniya, Valensiya v\u0259 [&hellip;]<\/p>\n","protected":false},"author":1,"featured_media":142046,"parent":0,"menu_order":0,"comment_status":"closed","ping_status":"closed","template":"LearningContentPage.php","meta":{"_acf_changed":false,"footnotes":""},"class_list":["post-142037","page","type-page","status-publish","has-post-thumbnail","hentry"],"acf":[],"yoast_head":"<!-- This site is optimized with the Yoast SEO Premium plugin v27.2 (Yoast SEO v27.2) - https:\/\/yoast.com\/product\/yoast-seo-premium-wordpress\/ -->\n<title>Katalan dili Qrammatikas\u0131 - Talkpal<\/title>\n<meta name=\"description\" content=\"Katalan qrammatikas\u0131n\u0131n \u0259saslar\u0131n\u0131 k\u0259\u015ff edin v\u0259 bu g\u00f6z\u0259l Romantik dil\u0259 s\u0259yah\u0259tiniz\u0259 bu g\u00fcn ba\u015flay\u0131n!\" \/>\n<meta name=\"robots\" content=\"index, follow, max-snippet:-1, max-image-preview:large, max-video-preview:-1\" \/>\n<link rel=\"canonical\" href=\"https:\/\/talkpal.ai\/az\/katalan-dili-qrammatikasi\/\" \/>\n<meta property=\"og:locale\" content=\"az_AZ\" \/>\n<meta property=\"og:type\" content=\"article\" \/>\n<meta property=\"og:title\" content=\"Katalan dili Qrammatikas\u0131\" \/>\n<meta property=\"og:description\" content=\"Katalan dilinin qrammatikas\u0131. Dil h\u0259v\u0259skarlar\u0131 \u00fc\u00e7\u00fcn tez bir b\u0259l\u0259d\u00e7i Katalan dilini \u00f6yr\u0259nm\u0259yi planla\u015fd\u0131r\u0131rs\u0131n\u0131z, yoxsa sad\u0259c\u0259 bu g\u00f6z\u0259l Romantika dili il\u0259\" \/>\n<meta property=\"og:url\" content=\"https:\/\/talkpal.ai\/az\/katalan-dili-qrammatikasi\/\" \/>\n<meta property=\"og:site_name\" content=\"Talkpal\" \/>\n<meta property=\"article:publisher\" content=\"https:\/\/www.facebook.com\/profile.php?id=100090733639311\" \/>\n<meta property=\"article:modified_time\" content=\"2025-05-22T18:36:41+00:00\" \/>\n<meta property=\"og:image\" content=\"https:\/\/talkpal.ai\/wp-content\/uploads\/2023\/08\/Catalan.png\" \/>\n\t<meta property=\"og:image:width\" content=\"479\" \/>\n\t<meta property=\"og:image:height\" content=\"479\" \/>\n\t<meta property=\"og:image:type\" content=\"image\/png\" \/>\n<meta name=\"twitter:card\" content=\"summary_large_image\" \/>\n<meta name=\"twitter:site\" content=\"@talkpalai\" \/>\n<meta name=\"twitter:label1\" content=\"Est. reading time\" \/>\n\t<meta name=\"twitter:data1\" content=\"4 minutes\" \/>\n<script type=\"application\/ld+json\" class=\"yoast-schema-graph\">{\"@context\":\"https:\/\/schema.org\",\"@graph\":[{\"@type\":\"WebPage\",\"@id\":\"https:\/\/talkpal.ai\/az\/katalan-dili-qrammatikasi\/\",\"url\":\"https:\/\/talkpal.ai\/az\/katalan-dili-qrammatikasi\/\",\"name\":\"Katalan dili Qrammatikas\u0131 - Talkpal\",\"isPartOf\":{\"@id\":\"https:\/\/talkpal.ai\/az\/#website\"},\"primaryImageOfPage\":{\"@id\":\"https:\/\/talkpal.ai\/az\/katalan-dili-qrammatikasi\/#primaryimage\"},\"image\":{\"@id\":\"https:\/\/talkpal.ai\/az\/katalan-dili-qrammatikasi\/#primaryimage\"},\"thumbnailUrl\":\"https:\/\/talkpal.ai\/wp-content\/uploads\/2023\/08\/Catalan.png\",\"datePublished\":\"2023-05-14T14:00:56+00:00\",\"dateModified\":\"2025-05-22T18:36:41+00:00\",\"description\":\"Katalan qrammatikas\u0131n\u0131n \u0259saslar\u0131n\u0131 k\u0259\u015ff edin v\u0259 bu g\u00f6z\u0259l Romantik dil\u0259 s\u0259yah\u0259tiniz\u0259 bu g\u00fcn ba\u015flay\u0131n!\",\"breadcrumb\":{\"@id\":\"https:\/\/talkpal.ai\/az\/katalan-dili-qrammatikasi\/#breadcrumb\"},\"inLanguage\":\"az\",\"potentialAction\":[{\"@type\":\"ReadAction\",\"target\":[\"https:\/\/talkpal.ai\/az\/katalan-dili-qrammatikasi\/\"]}]},{\"@type\":\"ImageObject\",\"inLanguage\":\"az\",\"@id\":\"https:\/\/talkpal.ai\/az\/katalan-dili-qrammatikasi\/#primaryimage\",\"url\":\"https:\/\/talkpal.ai\/wp-content\/uploads\/2023\/08\/Catalan.png\",\"contentUrl\":\"https:\/\/talkpal.ai\/wp-content\/uploads\/2023\/08\/Catalan.png\",\"width\":479,\"height\":479},{\"@type\":\"BreadcrumbList\",\"@id\":\"https:\/\/talkpal.ai\/az\/katalan-dili-qrammatikasi\/#breadcrumb\",\"itemListElement\":[{\"@type\":\"ListItem\",\"position\":1,\"name\":\"Homepage\",\"item\":\"https:\/\/talkpal.ai\/az\/\"},{\"@type\":\"ListItem\",\"position\":2,\"name\":\"Katalan dili Qrammatikas\u0131\"}]},{\"@type\":\"WebSite\",\"@id\":\"https:\/\/talkpal.ai\/az\/#website\",\"url\":\"https:\/\/talkpal.ai\/az\/\",\"name\":\"Talkpal\",\"description\":\"AI Language Learning\",\"publisher\":{\"@id\":\"https:\/\/talkpal.ai\/az\/#organization\"},\"alternateName\":\"Talkpal AI\",\"potentialAction\":[{\"@type\":\"SearchAction\",\"target\":{\"@type\":\"EntryPoint\",\"urlTemplate\":\"https:\/\/talkpal.ai\/az\/?s={search_term_string}\"},\"query-input\":{\"@type\":\"PropertyValueSpecification\",\"valueRequired\":true,\"valueName\":\"search_term_string\"}}],\"inLanguage\":\"az\"},{\"@type\":\"Organization\",\"@id\":\"https:\/\/talkpal.ai\/az\/#organization\",\"name\":\"Talkpal, Inc.\",\"alternateName\":\"Talkpal AI\",\"url\":\"https:\/\/talkpal.ai\/az\/\",\"logo\":{\"@type\":\"ImageObject\",\"inLanguage\":\"az\",\"@id\":\"https:\/\/talkpal.ai\/az\/#\/schema\/logo\/image\/\",\"url\":\"https:\/\/talkpal.ai\/wp-content\/uploads\/2024\/03\/Talkpal-Logo-Icon.png\",\"contentUrl\":\"https:\/\/talkpal.ai\/wp-content\/uploads\/2024\/03\/Talkpal-Logo-Icon.png\",\"width\":2880,\"height\":2880,\"caption\":\"Talkpal, Inc.\"},\"image\":{\"@id\":\"https:\/\/talkpal.ai\/az\/#\/schema\/logo\/image\/\"},\"sameAs\":[\"https:\/\/www.facebook.com\/profile.php?id=100090733639311\",\"https:\/\/x.com\/talkpalai\",\"https:\/\/www.linkedin.com\/company\/talkpal\/\",\"https:\/\/www.youtube.com\/@TalkPal\/\",\"https:\/\/www.tiktok.com\/@talkpal\",\"https:\/\/www.instagram.com\/talkpal_ai\/\",\"https:\/\/www.crunchbase.com\/organization\/talkpal-9cde\",\"https:\/\/www.g2.com\/products\/talkpal-for-business\/\",\"https:\/\/www.trustpilot.com\/review\/talkpal.ai\",\"https:\/\/www.capterra.com\/p\/10006800\/TalkPal\/\"],\"description\":\"Talkpal is a language learning web and mobile education app, powered by the latest AI technologies, that provides engaging experiences to its customers in many different languages to help them improve their language skills. Users can chat about unlimited amount of topics with the app and use other modes to practice their language learning.\",\"email\":\"support@talkpal.ai\",\"legalName\":\"Talkpal, Inc.\",\"foundingDate\":\"2023-04-03\",\"duns\":\"118989042\",\"numberOfEmployees\":{\"@type\":\"QuantitativeValue\",\"minValue\":\"11\",\"maxValue\":\"50\"},\"publishingPrinciples\":\"https:\/\/talkpal.ai\/publishing-principles\/\",\"actionableFeedbackPolicy\":\"https:\/\/talkpal.ai\/actionable-feedback-policy\/\",\"correctionsPolicy\":\"https:\/\/talkpal.ai\/corrections-policy\/\",\"ethicsPolicy\":\"https:\/\/talkpal.ai\/ethics-policy\/\",\"diversityPolicy\":\"https:\/\/talkpal.ai\/diversity-policy\/\",\"diversityStaffingReport\":\"https:\/\/talkpal.ai\/diversity-policy\/\"}]}<\/script>\n<!-- \/ Yoast SEO Premium plugin. -->","yoast_head_json":{"title":"Katalan dili Qrammatikas\u0131 - Talkpal","description":"Katalan qrammatikas\u0131n\u0131n \u0259saslar\u0131n\u0131 k\u0259\u015ff edin v\u0259 bu g\u00f6z\u0259l Romantik dil\u0259 s\u0259yah\u0259tiniz\u0259 bu g\u00fcn ba\u015flay\u0131n!","robots":{"index":"index","follow":"follow","max-snippet":"max-snippet:-1","max-image-preview":"max-image-preview:large","max-video-preview":"max-video-preview:-1"},"canonical":"https:\/\/talkpal.ai\/az\/katalan-dili-qrammatikasi\/","og_locale":"az_AZ","og_type":"article","og_title":"Katalan dili Qrammatikas\u0131","og_description":"Katalan dilinin qrammatikas\u0131. Dil h\u0259v\u0259skarlar\u0131 \u00fc\u00e7\u00fcn tez bir b\u0259l\u0259d\u00e7i Katalan dilini \u00f6yr\u0259nm\u0259yi planla\u015fd\u0131r\u0131rs\u0131n\u0131z, yoxsa sad\u0259c\u0259 bu g\u00f6z\u0259l Romantika dili il\u0259","og_url":"https:\/\/talkpal.ai\/az\/katalan-dili-qrammatikasi\/","og_site_name":"Talkpal","article_publisher":"https:\/\/www.facebook.com\/profile.php?id=100090733639311","article_modified_time":"2025-05-22T18:36:41+00:00","og_image":[{"width":479,"height":479,"url":"https:\/\/talkpal.ai\/wp-content\/uploads\/2023\/08\/Catalan.png","type":"image\/png"}],"twitter_card":"summary_large_image","twitter_site":"@talkpalai","twitter_misc":{"Est. reading time":"4 minutes"},"schema":{"@context":"https:\/\/schema.org","@graph":[{"@type":"WebPage","@id":"https:\/\/talkpal.ai\/az\/katalan-dili-qrammatikasi\/","url":"https:\/\/talkpal.ai\/az\/katalan-dili-qrammatikasi\/","name":"Katalan dili Qrammatikas\u0131 - Talkpal","isPartOf":{"@id":"https:\/\/talkpal.ai\/az\/#website"},"primaryImageOfPage":{"@id":"https:\/\/talkpal.ai\/az\/katalan-dili-qrammatikasi\/#primaryimage"},"image":{"@id":"https:\/\/talkpal.ai\/az\/katalan-dili-qrammatikasi\/#primaryimage"},"thumbnailUrl":"https:\/\/talkpal.ai\/wp-content\/uploads\/2023\/08\/Catalan.png","datePublished":"2023-05-14T14:00:56+00:00","dateModified":"2025-05-22T18:36:41+00:00","description":"Katalan qrammatikas\u0131n\u0131n \u0259saslar\u0131n\u0131 k\u0259\u015ff edin v\u0259 bu g\u00f6z\u0259l Romantik dil\u0259 s\u0259yah\u0259tiniz\u0259 bu g\u00fcn ba\u015flay\u0131n!","breadcrumb":{"@id":"https:\/\/talkpal.ai\/az\/katalan-dili-qrammatikasi\/#breadcrumb"},"inLanguage":"az","potentialAction":[{"@type":"ReadAction","target":["https:\/\/talkpal.ai\/az\/katalan-dili-qrammatikasi\/"]}]},{"@type":"ImageObject","inLanguage":"az","@id":"https:\/\/talkpal.ai\/az\/katalan-dili-qrammatikasi\/#primaryimage","url":"https:\/\/talkpal.ai\/wp-content\/uploads\/2023\/08\/Catalan.png","contentUrl":"https:\/\/talkpal.ai\/wp-content\/uploads\/2023\/08\/Catalan.png","width":479,"height":479},{"@type":"BreadcrumbList","@id":"https:\/\/talkpal.ai\/az\/katalan-dili-qrammatikasi\/#breadcrumb","itemListElement":[{"@type":"ListItem","position":1,"name":"Homepage","item":"https:\/\/talkpal.ai\/az\/"},{"@type":"ListItem","position":2,"name":"Katalan dili Qrammatikas\u0131"}]},{"@type":"WebSite","@id":"https:\/\/talkpal.ai\/az\/#website","url":"https:\/\/talkpal.ai\/az\/","name":"Talkpal","description":"AI Language Learning","publisher":{"@id":"https:\/\/talkpal.ai\/az\/#organization"},"alternateName":"Talkpal AI","potentialAction":[{"@type":"SearchAction","target":{"@type":"EntryPoint","urlTemplate":"https:\/\/talkpal.ai\/az\/?s={search_term_string}"},"query-input":{"@type":"PropertyValueSpecification","valueRequired":true,"valueName":"search_term_string"}}],"inLanguage":"az"},{"@type":"Organization","@id":"https:\/\/talkpal.ai\/az\/#organization","name":"Talkpal, Inc.","alternateName":"Talkpal AI","url":"https:\/\/talkpal.ai\/az\/","logo":{"@type":"ImageObject","inLanguage":"az","@id":"https:\/\/talkpal.ai\/az\/#\/schema\/logo\/image\/","url":"https:\/\/talkpal.ai\/wp-content\/uploads\/2024\/03\/Talkpal-Logo-Icon.png","contentUrl":"https:\/\/talkpal.ai\/wp-content\/uploads\/2024\/03\/Talkpal-Logo-Icon.png","width":2880,"height":2880,"caption":"Talkpal, Inc."},"image":{"@id":"https:\/\/talkpal.ai\/az\/#\/schema\/logo\/image\/"},"sameAs":["https:\/\/www.facebook.com\/profile.php?id=100090733639311","https:\/\/x.com\/talkpalai","https:\/\/www.linkedin.com\/company\/talkpal\/","https:\/\/www.youtube.com\/@TalkPal\/","https:\/\/www.tiktok.com\/@talkpal","https:\/\/www.instagram.com\/talkpal_ai\/","https:\/\/www.crunchbase.com\/organization\/talkpal-9cde","https:\/\/www.g2.com\/products\/talkpal-for-business\/","https:\/\/www.trustpilot.com\/review\/talkpal.ai","https:\/\/www.capterra.com\/p\/10006800\/TalkPal\/"],"description":"Talkpal is a language learning web and mobile education app, powered by the latest AI technologies, that provides engaging experiences to its customers in many different languages to help them improve their language skills. Users can chat about unlimited amount of topics with the app and use other modes to practice their language learning.","email":"support@talkpal.ai","legalName":"Talkpal, Inc.","foundingDate":"2023-04-03","duns":"118989042","numberOfEmployees":{"@type":"QuantitativeValue","minValue":"11","maxValue":"50"},"publishingPrinciples":"https:\/\/talkpal.ai\/publishing-principles\/","actionableFeedbackPolicy":"https:\/\/talkpal.ai\/actionable-feedback-policy\/","correctionsPolicy":"https:\/\/talkpal.ai\/corrections-policy\/","ethicsPolicy":"https:\/\/talkpal.ai\/ethics-policy\/","diversityPolicy":"https:\/\/talkpal.ai\/diversity-policy\/","diversityStaffingReport":"https:\/\/talkpal.ai\/diversity-policy\/"}]}},"_links":{"self":[{"href":"https:\/\/talkpal.ai\/az\/wp-json\/wp\/v2\/pages\/142037","targetHints":{"allow":["GET"]}}],"collection":[{"href":"https:\/\/talkpal.ai\/az\/wp-json\/wp\/v2\/pages"}],"about":[{"href":"https:\/\/talkpal.ai\/az\/wp-json\/wp\/v2\/types\/page"}],"author":[{"embeddable":true,"href":"https:\/\/talkpal.ai\/az\/wp-json\/wp\/v2\/users\/1"}],"replies":[{"embeddable":true,"href":"https:\/\/talkpal.ai\/az\/wp-json\/wp\/v2\/comments?post=142037"}],"version-history":[{"count":0,"href":"https:\/\/talkpal.ai\/az\/wp-json\/wp\/v2\/pages\/142037\/revisions"}],"wp:featuredmedia":[{"embeddable":true,"href":"https:\/\/talkpal.ai\/az\/wp-json\/wp\/v2\/media\/142046"}],"wp:attachment":[{"href":"https:\/\/talkpal.ai\/az\/wp-json\/wp\/v2\/media?parent=142037"}],"curies":[{"name":"wp","href":"https:\/\/api.w.org\/{rel}","templated":true}]}}