{"id":141343,"date":"2023-05-14T14:00:03","date_gmt":"2023-05-14T14:00:03","guid":{"rendered":"http:\/\/talkpal.ai\/bosniya-dili-qrammatikasi\/"},"modified":"2025-05-22T14:42:02","modified_gmt":"2025-05-22T14:42:02","slug":"bosniya-dili-qrammatikasi","status":"publish","type":"page","link":"https:\/\/talkpal.ai\/az\/bosniya-dili-qrammatikasi\/","title":{"rendered":"Bosniya dili Qrammatikas\u0131"},"content":{"rendered":"\r\n\r\n\r\n<section class=\"languageChallengeSection\">\r\n    <div class=\"languageInfoWrapper\">\r\n        \r\n        <h1>Bosniya dili Qrammatikas\u0131<\/h1>\r\n        <p><a href=\"https:\/\/talkpal.ai\/learn-bosnian\/\">Bosniya<\/a> dilinin qrammatik \u0259saslar\u0131n\u0131 m\u0259nims\u0259m\u0259kl\u0259 onun z\u0259ngin v\u0259 ifad\u0259li d\u00fcnyas\u0131n\u0131 a\u00e7\u0131n. Bosniya dilinin qrammatikas\u0131n\u0131 yax\u015f\u0131 ba\u015fa d\u00fc\u015fm\u0259k siz\u0259 inamla \u00fcnsiyy\u0259t qurma\u011fa v\u0259 m\u0259d\u0259niyy\u0259ti daha d\u0259rind\u0259n qiym\u0259tl\u0259ndirm\u0259y\u0259 k\u00f6m\u0259k ed\u0259c\u0259k. Bu g\u00fcn Bosniya dilinin qrammatikas\u0131n\u0131 \u00f6yr\u0259nm\u0259y\u0259 ba\u015flay\u0131n v\u0259 s\u0259lis dan\u0131\u015fma\u011fa do\u011fru ilk add\u0131m\u0131n\u0131z\u0131 at\u0131n!<\/p>\r\n\r\n                            <a class=\"getStartedHidden\" href=\"https:\/\/app.talkpal.ai\/signup?lng=\">Ba\u015fla<\/a>\r\n        \r\n    <\/div>\r\n\r\n    <figure>\r\n    <img decoding=\"async\" width=\"768\" height=\"768\" src=\"https:\/\/talkpal.ai\/wp-content\/uploads\/2023\/06\/bosinian-768x768.png\" class=\"languageImage no-lazy\" alt=\"Language learning for increasing employability\" fetchpriority=\"high\" sizes=\"(max-width: 768px) 150px, 768px\" srcset=\"https:\/\/talkpal.ai\/wp-content\/uploads\/2023\/06\/bosinian-768x768.png 768w, https:\/\/talkpal.ai\/wp-content\/uploads\/2023\/06\/bosinian-300x300.png 300w\" \/>\r\n    \r\n\r\n    <\/figure>\r\n\r\n            <a class=\"getStartedVisible\" href=\"https:\/\/app.talkpal.ai\/signup?lng=\">Ba\u015fla<\/a>\r\n    \r\n<\/section>\r\n<section class=\"promotionalBanner\">\r\n    <p class=\"promotionalText\">Dil \u00f6yr\u0259nm\u0259yin \u0259n t\u0259sirli yolu<\/p>\r\n    <a class=\"promotionalLink\" href=\"https:\/\/app.talkpal.ai\/signup?lng=\">Talkpal pulsuz s\u0131nay\u0131n<\/a>\r\n<\/section>\n<div class=\"wp-block-group pageContainerStyle\"><div class=\"wp-block-group__inner-container is-layout-constrained wp-block-group-is-layout-constrained\">\n<h2 class=\"wp-block-heading\" id=\"h-bosnian-grammar-a-guide-to-understanding-its-unique-features\">Bosniya dilinin qrammatikas\u0131: \u00f6z\u00fcn\u0259m\u0259xsus c\u0259h\u0259tl\u0259rini anlamaq \u00fc\u00e7\u00fcn b\u0259l\u0259d\u00e7i<\/h2>\n\n\n\n<p><a href=\"https:\/\/talkpal.ai\/az\/bosniya-dilini-oyr%c9%99n\/\">Bosniya dilini<\/a> \u00f6yr\u0259nirsiniz v\u0259 bu dilin qrammatikas\u0131 il\u0259 \u00f6z\u00fcn\u00fcz\u00fc \u00e7a\u015fd\u0131r\u0131rs\u0131n\u0131z? Qorxmay\u0131n! Bu yaz\u0131da biz Bosniya dilinin qrammatikas\u0131n\u0131n sirl\u0259rin\u0259 dalaca\u011f\u0131q v\u0259 onun unikal x\u00fcsusiyy\u0259tl\u0259rini ba\u015fa d\u00fc\u015fm\u0259y\u0259 k\u00f6m\u0259k ed\u0259c\u0259yik, eyni zamanda onu sad\u0259 v\u0259 c\u0259lbedici saxlayaca\u011f\u0131q. Bu maraql\u0131 dil s\u0259yah\u0259tin\u0259 ba\u015flama\u011fa haz\u0131r\u0131qm\u0131? G\u0259lin ba\u015flayaq!<\/p>\n\n\n\n<h3 class=\"wp-block-heading\" id=\"h-the-fundamentals-nouns-and-pronouns\">The Fundamentals: Nouns and Pronouns<\/h3>\n\n\n\n<p>\u018fvv\u0259lc\u0259 bilm\u0259k laz\u0131md\u0131r ki, Bosniyan\u0131n dig\u0259r slavyan dill\u0259ri kimi \u00fc\u00e7 qrammatik cinsi var: ki\u015fi, qad\u0131n v\u0259 neytral. Bir noun hans\u0131 cins\u0259 aid oldu\u011funu nec\u0259 ay\u0131rd etm\u0259k olar? Bu asand\u0131r! H\u0259r \u015fey sonluqla ba\u011fl\u0131d\u0131r. Budur s\u00fcr\u0259tli b\u0259l\u0259d\u00e7i:<\/p>\n\n\n\n<p><strong>\u2013 Ki\u015fi adlar\u0131 ad\u0259t\u0259n samitl\u0259 bitir;<\/strong><\/p>\n\n\n\n<p><strong>\u2013 Qad\u0131n isiml\u0259ri ad\u0259t\u0259n -a il\u0259 bitir,<\/strong><\/p>\n\n\n\n<p><strong>\u2013 Neuter isiml\u0259r \u0259n \u00e7ox -o v\u0259 ya -e il\u0259 bitir.<\/strong><\/p>\n\n\n\n<p>Yadda saxlay\u0131n ki, bunlar \u00fcmumi qaydalard\u0131r. \u0130stisna hallar ola bil\u0259r. \u0130ndi is\u0259 \u0259v\u0259zlikl\u0259rd\u0259n dan\u0131\u015faq. Bosniya dilind\u0259 \u015f\u0259xsi \u0259v\u0259zlikl\u0259r ismin cinsin\u0259, say\u0131na (t\u0259k v\u0259 ya c\u0259m) v\u0259 hal\u0131na (i\u015fl\u0259r haqq\u0131nda daha sonra) g\u00f6r\u0259 d\u0259yi\u015fir. Bosniya dilind\u0259 yeddi \u015f\u0259xsi t\u0259l\u0259ff\u00fcz var: ja (I), ti (you, singular\/informal), on (he), ona (she), ono (it), mi (we) v\u0259 vi (you, plural\/formal). Unutmay\u0131n ki, Bosniyada insanlara h\u0259m qeyri-r\u0259smi, h\u0259m d\u0259 formal m\u00fcraci\u0259t \u00fcsulu var \u2013 bel\u0259 ki, kiminl\u0259s\u0259 dan\u0131\u015fark\u0259n d\u00fczg\u00fcn t\u0259l\u0259ff\u00fczd\u0259n istifad\u0259 edin!<\/p>\n\n\n\n<h3 class=\"wp-block-heading\" id=\"h-next-up-verb-conjugation\">N\u00f6vb\u0259ti: Verb Conjugation<\/h3>\n\n\n\n<p>Feill\u0259r h\u0259r hans\u0131 bir dilin bel s\u00fcm\u00fcy\u00fcd\u00fcr. Bosniya dilinin f\u0259rqi yoxdur. Bosniya feill\u0259rinin iki \u0259sas konjuqasiya t\u0259rzi var: biri -ti (birinci konjuqasiya) il\u0259 bit\u0259n feill\u0259r, dig\u0259ri is\u0259 -\u0107i (ikinci konjugation) il\u0259 bit\u0259nl\u0259r \u00fc\u00e7\u00fcn. H\u0259r iki halda fel sonluqlar\u0131 subyektin cinsin\u0259, say\u0131na v\u0259 zaman\u0131na g\u00f6r\u0259 d\u0259yi\u015fir.<\/p>\n\n\n\n<p>G\u0259rginlikd\u0259n s\u00f6z d\u00fc\u015fm\u00fc\u015fk\u0259n, Bosniyan\u0131n \u00fc\u00e7 sad\u0259 g\u0259rginlisi var: indiki, ke\u00e7mi\u015f v\u0259 g\u0259l\u0259c\u0259k. \u0130ndiki g\u0259rginlik felin g\u00f6vd\u0259sin\u0259 konkret sonluqlar \u0259lav\u0259 etm\u0259kl\u0259 yaran\u0131r. Ke\u00e7mi\u015f zaman is\u0259 \u201cbio\u201d m\u0259sd\u0259r formas\u0131nda olan \u201cbiti\u201d (olmaq) k\u00f6m\u0259k\u00e7i feli v\u0259 ke\u00e7mi\u015f zaman \u015f\u0259kil\u00e7isind\u0259n istifad\u0259 etm\u0259kl\u0259 d\u00fcz\u0259lir. N\u0259hay\u0259t, g\u0259l\u0259c\u0259k zaman \u201chtjeti\u201d (irad\u0259) k\u00f6m\u0259k\u00e7i feli il\u0259 \u0259sas felin m\u0259sd\u0259r formas\u0131n\u0131n birl\u0259\u015fm\u0259sind\u0259n yaran\u0131r.<\/p>\n\n\n\n<h3 class=\"wp-block-heading\" id=\"h-the-magic-of-cases\">Davalar\u0131n sehri<\/h3>\n\n\n\n<p>Bosniya dilinin qrammatikas\u0131 i\u015fl\u0259nir. Bu o dem\u0259kdir ki, isiml\u0259r, t\u0259l\u0259ff\u00fczl\u0259r, isiml\u0259r, b\u0259z\u0259n is\u0259 h\u0259tta feill\u0259r d\u0259 c\u00fcml\u0259d\u0259ki funksiyalar\u0131na g\u00f6r\u0259 formalar\u0131n\u0131 d\u0259yi\u015firl\u0259r. Bosniya dilind\u0259 7 i\u015f var: nominativ, genitive, dative, accusative, vocative, instrumental v\u0259 locative.<\/p>\n\n\n\n<p>\u0130ndi bu \u015f\u0259rtl\u0259rin sizi qorxutmas\u0131na imkan verm\u0259yin! Bu sad\u0259c\u0259 t\u0259cr\u00fcb\u0259 m\u0259s\u0259l\u0259sidir. H\u0259r bir hal m\u00fc\u0259yy\u0259n m\u0259qs\u0259d\u0259 xidm\u0259t edir v\u0259 konkret suallara cavab verir:<\/p>\n\n\n\n<p><strong>1. Nominativ.<\/strong> C\u00fcml\u0259nin m\u00f6vzusu. Aksiyan\u0131 kim v\u0259 ya n\u0259 edir?<\/p>\n\n\n\n<p><strong>2. Genitive:<\/strong> Sahiblik, m\u0259n\u015f\u0259 v\u0259 ya bir \u015feyin bir hiss\u0259sini g\u00f6st\u0259rir. Kimin v\u0259 ya n\u0259yin?<\/p>\n\n\n\n<p><strong>3. Dative:<\/strong> Dolay\u0131 obyekt \u2013 kiml\u0259r\u0259 v\u0259 ya kiml\u0259r\u0259 bir \u015fey verilir v\u0259 ya edilir?<\/p>\n\n\n\n<p><strong>4. \u0130ttihamedici:<\/strong> Birba\u015fa obyekt \u2013 aksiyan\u0131 kim v\u0259 ya n\u0259 al\u0131r?<\/p>\n\n\n\n<p><strong>5. Vokativ:<\/strong> Kim\u0259s\u0259 v\u0259 ya bir \u015fey\u0259 birba\u015fa m\u00fcraci\u0259t etm\u0259k \u00fc\u00e7\u00fcn istifad\u0259 olunur \u2013 Hey, siz!<\/p>\n\n\n\n<p><strong>6. \u0130nstrumental.<\/strong> H\u0259r\u0259k\u0259tin vasit\u0259 v\u0259 ya metodunu t\u0259msil edir \u2013 n\u0259 il\u0259 v\u0259 ya kim t\u0259r\u0259find\u0259n?<\/p>\n\n\n\n<p><strong>7. Lokativ.<\/strong> Bir \u015feyin yerini v\u0259 ya m\u00f6vqeyini n\u00fcmayi\u015f etdirir \u2013 harada v\u0259 ya n\u0259d\u0259?<\/p>\n\n\n\n<h3 class=\"wp-block-heading\" id=\"h-loving-the-adjectives\">Adjektivl\u0259ri sevm\u0259k<\/h3>\n\n\n\n<p>Bosniyadak\u0131 adjectives cins, say v\u0259 case bax\u0131m\u0131ndan d\u0259yi\u015fdirdikl\u0259ri noun il\u0259 raz\u0131la\u015f\u0131r. Bu is\u0259 o dem\u0259kdir ki, ad v\u0259 ad kimi, adlarda da sif\u0259tl\u0259rinin n\u0259mliyind\u0259n as\u0131l\u0131 olaraq m\u00fcxt\u0259lif formalar olur.<\/p>\n\n\n\n<p>M\u0259s\u0259l\u0259n, bosniyada \u201cb\u00f6y\u00fck ev\u201d (qad\u0131n ad\u0131d\u0131r) dem\u0259k ist\u0259yirsinizs\u0259, \u201cvelika ku\u0107a\u201d dey\u0259c\u0259ksiniz. Ancaq &#8220;b\u00f6y\u00fck avtomobil&#8221; (ki\u015fi ad\u0131) haqq\u0131nda dan\u0131\u015f\u0131rs\u0131n\u0131zsa, &#8220;veliki avto&#8221; dey\u0259c\u0259ksiniz.<\/p>\n\n\n\n<h3 class=\"wp-block-heading\" id=\"h-final-thoughts\">Son D\u00fc\u015f\u00fcnc\u0259l\u0259r<\/h3>\n\n\n\n<p>Bosniya dilinin qrammatikas\u0131, \u00f6z cinsi, hallar\u0131 v\u0259 feli konyunkasiyas\u0131 il\u0259, ba\u015flan\u011f\u0131cda m\u00fcr\u0259kk\u0259b g\u00f6r\u00fcn\u0259 bil\u0259r, lakin unutmay\u0131n: praktika m\u00fck\u0259mm\u0259l edir! B\u00fct\u00fcn bunlar sistemi anlamaq v\u0259 ondan real h\u0259yat v\u0259ziyy\u0259tl\u0259rind\u0259 istifad\u0259 etm\u0259kdir. S\u0259birli olun, m\u0259\u015fq etm\u0259y\u0259 davam edin v\u0259 tezlikl\u0259 Bosniyan\u0131n g\u00f6z\u0259l dilini m\u0259nims\u0259diyinizi g\u00f6r\u0259c\u0259ksiniz. Sretno! (Nu\u015f olsun!)<\/p>\n<\/div><\/div>\n\r\n<section class=\"learnNavigationSection\">\r\n            \r\n        <a href=\"https:\/\/talkpal.ai\/az\/bosniya-dilini-oyr%c9%99n\/\">\r\n            <div class=\"learnNavigationWrapper\">\r\n                <div class=\"learnNavigationContent\">\r\n                    <img decoding=\"async\" src=\"https:\/\/talkpal.ai\/wp-content\/uploads\/2024\/08\/Bosnian.jpg\" alt=\"Bosnian Flag\">\r\n                    <div>\r\n                        <h4>Bosniya \u00d6yr\u0259nilm\u0259si Haqq\u0131nda<\/h4>\r\n                        <p>Bosniya dili qrammatikas\u0131 haqq\u0131nda h\u0259r \u015feyi \u00f6yr\u0259nin.<\/p>\r\n                    <\/div>\r\n                <\/div>\r\n            <\/div>\r\n        <\/a>\r\n\r\n        \r\n        <a href=\"https:\/\/talkpal.ai\/az\/bosniya-dilinin-qrammatikasi-m%c9%99sql%c9%99ri\/\">\r\n            <div class=\"learnNavigationWrapper\">\r\n                <div class=\"learnNavigationContent\">\r\n                    <img decoding=\"async\" src=\"https:\/\/talkpal.ai\/wp-content\/uploads\/2024\/08\/Bosnian.jpg\" alt=\"Bosnian Flag\">\r\n                    <div>\r\n                        <h4>Bosniya Qrammatikas\u0131 M\u0259\u015fqi<\/h4>\r\n                        <p>Bosniya dilinin qrammatikas\u0131.<\/p>\r\n                    <\/div>\r\n                <\/div>\r\n            <\/div>\r\n        <\/a>\r\n\r\n        \r\n        <a href=\"https:\/\/talkpal.ai\/vocabulary_language\/bosnian\/\">\r\n            <div class=\"learnNavigationWrapper\">\r\n                <div class=\"learnNavigationContent\">\r\n                    <img decoding=\"async\" src=\"https:\/\/talkpal.ai\/wp-content\/uploads\/2024\/08\/Bosnian.jpg\" alt=\"Bosnian Flag\">\r\n                    <div>\r\n                        <h4>Bosniya l\u00fc\u011f\u0259ti<\/h4>\r\n                        <p>Bosniya l\u00fc\u011f\u0259tinizi geni\u015fl\u0259ndirin.<\/p>\r\n                    <\/div>\r\n                <\/div>\r\n            <\/div>\r\n        <\/a>\r\n\r\n            <\/section>","protected":false},"excerpt":{"rendered":"<p>Bosniya dilinin qrammatikas\u0131: \u00f6z\u00fcn\u0259m\u0259xsus c\u0259h\u0259tl\u0259rini anlamaq \u00fc\u00e7\u00fcn b\u0259l\u0259d\u00e7i Bosniya dilini \u00f6yr\u0259nirsiniz v\u0259 bu dilin qrammatikas\u0131 il\u0259 \u00f6z\u00fcn\u00fcz\u00fc \u00e7a\u015fd\u0131r\u0131rs\u0131n\u0131z? Qorxmay\u0131n! Bu yaz\u0131da biz Bosniya dilinin qrammatikas\u0131n\u0131n sirl\u0259rin\u0259 dalaca\u011f\u0131q v\u0259 onun unikal x\u00fcsusiyy\u0259tl\u0259rini ba\u015fa d\u00fc\u015fm\u0259y\u0259 k\u00f6m\u0259k ed\u0259c\u0259yik, eyni zamanda onu sad\u0259 v\u0259 c\u0259lbedici saxlayaca\u011f\u0131q. Bu maraql\u0131 dil s\u0259yah\u0259tin\u0259 ba\u015flama\u011fa haz\u0131r\u0131qm\u0131? G\u0259lin ba\u015flayaq! The Fundamentals: Nouns and Pronouns [&hellip;]<\/p>\n","protected":false},"author":1,"featured_media":141354,"parent":0,"menu_order":0,"comment_status":"closed","ping_status":"closed","template":"LearningContentPage.php","meta":{"_acf_changed":false,"footnotes":""},"class_list":["post-141343","page","type-page","status-publish","has-post-thumbnail","hentry"],"acf":[],"yoast_head":"<!-- This site is optimized with the Yoast SEO Premium plugin v27.2 (Yoast SEO v27.2) - https:\/\/yoast.com\/product\/yoast-seo-premium-wordpress\/ -->\n<title>Bosniya dili Qrammatikas\u0131 - Talkpal<\/title>\n<meta name=\"description\" content=\"S\u00fcni intellektl\u0259 i\u015fl\u0259y\u0259n dil m\u00fc\u0259lliminiz Talkpal il\u0259 Bosniya qrammatikas\u0131n\u0131 asanl\u0131qla m\u0259nims\u0259yin. Asan izahatlar\u0131, praktiki m\u0259sl\u0259h\u0259tl\u0259ri v\u0259 interaktiv m\u0259\u015fql\u0259ri k\u0259\u015ff edin!\" \/>\n<meta name=\"robots\" content=\"index, follow, max-snippet:-1, max-image-preview:large, max-video-preview:-1\" \/>\n<link rel=\"canonical\" href=\"https:\/\/talkpal.ai\/az\/bosniya-dili-qrammatikasi\/\" \/>\n<meta property=\"og:locale\" content=\"az_AZ\" \/>\n<meta property=\"og:type\" content=\"article\" \/>\n<meta property=\"og:title\" content=\"Bosniya dili Qrammatikas\u0131\" \/>\n<meta property=\"og:description\" content=\"Bosniya dilinin qrammatikas\u0131: \u00f6z\u00fcn\u0259m\u0259xsus c\u0259h\u0259tl\u0259rini anlamaq \u00fc\u00e7\u00fcn b\u0259l\u0259d\u00e7i Bosniya dilini \u00f6yr\u0259nirsiniz v\u0259 bu dilin qrammatikas\u0131 il\u0259 \u00f6z\u00fcn\u00fcz\u00fc \u00e7a\u015fd\u0131r\u0131rs\u0131n\u0131z?\" \/>\n<meta property=\"og:url\" content=\"https:\/\/talkpal.ai\/az\/bosniya-dili-qrammatikasi\/\" \/>\n<meta property=\"og:site_name\" content=\"Talkpal\" \/>\n<meta property=\"article:publisher\" content=\"https:\/\/www.facebook.com\/profile.php?id=100090733639311\" \/>\n<meta property=\"article:modified_time\" content=\"2025-05-22T14:42:02+00:00\" \/>\n<meta property=\"og:image\" content=\"https:\/\/talkpal.ai\/wp-content\/uploads\/2023\/05\/bosnia-and-herzegovina.png\" \/>\n\t<meta property=\"og:image:width\" content=\"512\" \/>\n\t<meta property=\"og:image:height\" content=\"512\" \/>\n\t<meta property=\"og:image:type\" content=\"image\/png\" \/>\n<meta name=\"twitter:card\" content=\"summary_large_image\" \/>\n<meta name=\"twitter:site\" content=\"@talkpalai\" \/>\n<meta name=\"twitter:label1\" content=\"Est. reading time\" \/>\n\t<meta name=\"twitter:data1\" content=\"4 minutes\" \/>\n<script type=\"application\/ld+json\" class=\"yoast-schema-graph\">{\"@context\":\"https:\/\/schema.org\",\"@graph\":[{\"@type\":\"WebPage\",\"@id\":\"https:\/\/talkpal.ai\/az\/bosniya-dili-qrammatikasi\/\",\"url\":\"https:\/\/talkpal.ai\/az\/bosniya-dili-qrammatikasi\/\",\"name\":\"Bosniya dili Qrammatikas\u0131 - Talkpal\",\"isPartOf\":{\"@id\":\"https:\/\/talkpal.ai\/az\/#website\"},\"primaryImageOfPage\":{\"@id\":\"https:\/\/talkpal.ai\/az\/bosniya-dili-qrammatikasi\/#primaryimage\"},\"image\":{\"@id\":\"https:\/\/talkpal.ai\/az\/bosniya-dili-qrammatikasi\/#primaryimage\"},\"thumbnailUrl\":\"https:\/\/talkpal.ai\/wp-content\/uploads\/2023\/05\/bosnia-and-herzegovina.png\",\"datePublished\":\"2023-05-14T14:00:03+00:00\",\"dateModified\":\"2025-05-22T14:42:02+00:00\",\"description\":\"S\u00fcni intellektl\u0259 i\u015fl\u0259y\u0259n dil m\u00fc\u0259lliminiz Talkpal il\u0259 Bosniya qrammatikas\u0131n\u0131 asanl\u0131qla m\u0259nims\u0259yin. Asan izahatlar\u0131, praktiki m\u0259sl\u0259h\u0259tl\u0259ri v\u0259 interaktiv m\u0259\u015fql\u0259ri k\u0259\u015ff edin!\",\"breadcrumb\":{\"@id\":\"https:\/\/talkpal.ai\/az\/bosniya-dili-qrammatikasi\/#breadcrumb\"},\"inLanguage\":\"az\",\"potentialAction\":[{\"@type\":\"ReadAction\",\"target\":[\"https:\/\/talkpal.ai\/az\/bosniya-dili-qrammatikasi\/\"]}]},{\"@type\":\"ImageObject\",\"inLanguage\":\"az\",\"@id\":\"https:\/\/talkpal.ai\/az\/bosniya-dili-qrammatikasi\/#primaryimage\",\"url\":\"https:\/\/talkpal.ai\/wp-content\/uploads\/2023\/05\/bosnia-and-herzegovina.png\",\"contentUrl\":\"https:\/\/talkpal.ai\/wp-content\/uploads\/2023\/05\/bosnia-and-herzegovina.png\",\"width\":512,\"height\":512},{\"@type\":\"BreadcrumbList\",\"@id\":\"https:\/\/talkpal.ai\/az\/bosniya-dili-qrammatikasi\/#breadcrumb\",\"itemListElement\":[{\"@type\":\"ListItem\",\"position\":1,\"name\":\"Homepage\",\"item\":\"https:\/\/talkpal.ai\/az\/\"},{\"@type\":\"ListItem\",\"position\":2,\"name\":\"Bosniya dili Qrammatikas\u0131\"}]},{\"@type\":\"WebSite\",\"@id\":\"https:\/\/talkpal.ai\/az\/#website\",\"url\":\"https:\/\/talkpal.ai\/az\/\",\"name\":\"Talkpal\",\"description\":\"AI Language Learning\",\"publisher\":{\"@id\":\"https:\/\/talkpal.ai\/az\/#organization\"},\"alternateName\":\"Talkpal AI\",\"potentialAction\":[{\"@type\":\"SearchAction\",\"target\":{\"@type\":\"EntryPoint\",\"urlTemplate\":\"https:\/\/talkpal.ai\/az\/?s={search_term_string}\"},\"query-input\":{\"@type\":\"PropertyValueSpecification\",\"valueRequired\":true,\"valueName\":\"search_term_string\"}}],\"inLanguage\":\"az\"},{\"@type\":\"Organization\",\"@id\":\"https:\/\/talkpal.ai\/az\/#organization\",\"name\":\"Talkpal, Inc.\",\"alternateName\":\"Talkpal AI\",\"url\":\"https:\/\/talkpal.ai\/az\/\",\"logo\":{\"@type\":\"ImageObject\",\"inLanguage\":\"az\",\"@id\":\"https:\/\/talkpal.ai\/az\/#\/schema\/logo\/image\/\",\"url\":\"https:\/\/talkpal.ai\/wp-content\/uploads\/2024\/03\/Talkpal-Logo-Icon.png\",\"contentUrl\":\"https:\/\/talkpal.ai\/wp-content\/uploads\/2024\/03\/Talkpal-Logo-Icon.png\",\"width\":2880,\"height\":2880,\"caption\":\"Talkpal, Inc.\"},\"image\":{\"@id\":\"https:\/\/talkpal.ai\/az\/#\/schema\/logo\/image\/\"},\"sameAs\":[\"https:\/\/www.facebook.com\/profile.php?id=100090733639311\",\"https:\/\/x.com\/talkpalai\",\"https:\/\/www.linkedin.com\/company\/talkpal\/\",\"https:\/\/www.youtube.com\/@TalkPal\/\",\"https:\/\/www.tiktok.com\/@talkpal\",\"https:\/\/www.instagram.com\/talkpal_ai\/\",\"https:\/\/www.crunchbase.com\/organization\/talkpal-9cde\",\"https:\/\/www.g2.com\/products\/talkpal-for-business\/\",\"https:\/\/www.trustpilot.com\/review\/talkpal.ai\",\"https:\/\/www.capterra.com\/p\/10006800\/TalkPal\/\"],\"description\":\"Talkpal is a language learning web and mobile education app, powered by the latest AI technologies, that provides engaging experiences to its customers in many different languages to help them improve their language skills. Users can chat about unlimited amount of topics with the app and use other modes to practice their language learning.\",\"email\":\"support@talkpal.ai\",\"legalName\":\"Talkpal, Inc.\",\"foundingDate\":\"2023-04-03\",\"duns\":\"118989042\",\"numberOfEmployees\":{\"@type\":\"QuantitativeValue\",\"minValue\":\"11\",\"maxValue\":\"50\"},\"publishingPrinciples\":\"https:\/\/talkpal.ai\/publishing-principles\/\",\"actionableFeedbackPolicy\":\"https:\/\/talkpal.ai\/actionable-feedback-policy\/\",\"correctionsPolicy\":\"https:\/\/talkpal.ai\/corrections-policy\/\",\"ethicsPolicy\":\"https:\/\/talkpal.ai\/ethics-policy\/\",\"diversityPolicy\":\"https:\/\/talkpal.ai\/diversity-policy\/\",\"diversityStaffingReport\":\"https:\/\/talkpal.ai\/diversity-policy\/\"}]}<\/script>\n<!-- \/ Yoast SEO Premium plugin. -->","yoast_head_json":{"title":"Bosniya dili Qrammatikas\u0131 - Talkpal","description":"S\u00fcni intellektl\u0259 i\u015fl\u0259y\u0259n dil m\u00fc\u0259lliminiz Talkpal il\u0259 Bosniya qrammatikas\u0131n\u0131 asanl\u0131qla m\u0259nims\u0259yin. Asan izahatlar\u0131, praktiki m\u0259sl\u0259h\u0259tl\u0259ri v\u0259 interaktiv m\u0259\u015fql\u0259ri k\u0259\u015ff edin!","robots":{"index":"index","follow":"follow","max-snippet":"max-snippet:-1","max-image-preview":"max-image-preview:large","max-video-preview":"max-video-preview:-1"},"canonical":"https:\/\/talkpal.ai\/az\/bosniya-dili-qrammatikasi\/","og_locale":"az_AZ","og_type":"article","og_title":"Bosniya dili Qrammatikas\u0131","og_description":"Bosniya dilinin qrammatikas\u0131: \u00f6z\u00fcn\u0259m\u0259xsus c\u0259h\u0259tl\u0259rini anlamaq \u00fc\u00e7\u00fcn b\u0259l\u0259d\u00e7i Bosniya dilini \u00f6yr\u0259nirsiniz v\u0259 bu dilin qrammatikas\u0131 il\u0259 \u00f6z\u00fcn\u00fcz\u00fc \u00e7a\u015fd\u0131r\u0131rs\u0131n\u0131z?","og_url":"https:\/\/talkpal.ai\/az\/bosniya-dili-qrammatikasi\/","og_site_name":"Talkpal","article_publisher":"https:\/\/www.facebook.com\/profile.php?id=100090733639311","article_modified_time":"2025-05-22T14:42:02+00:00","og_image":[{"width":512,"height":512,"url":"https:\/\/talkpal.ai\/wp-content\/uploads\/2023\/05\/bosnia-and-herzegovina.png","type":"image\/png"}],"twitter_card":"summary_large_image","twitter_site":"@talkpalai","twitter_misc":{"Est. reading time":"4 minutes"},"schema":{"@context":"https:\/\/schema.org","@graph":[{"@type":"WebPage","@id":"https:\/\/talkpal.ai\/az\/bosniya-dili-qrammatikasi\/","url":"https:\/\/talkpal.ai\/az\/bosniya-dili-qrammatikasi\/","name":"Bosniya dili Qrammatikas\u0131 - Talkpal","isPartOf":{"@id":"https:\/\/talkpal.ai\/az\/#website"},"primaryImageOfPage":{"@id":"https:\/\/talkpal.ai\/az\/bosniya-dili-qrammatikasi\/#primaryimage"},"image":{"@id":"https:\/\/talkpal.ai\/az\/bosniya-dili-qrammatikasi\/#primaryimage"},"thumbnailUrl":"https:\/\/talkpal.ai\/wp-content\/uploads\/2023\/05\/bosnia-and-herzegovina.png","datePublished":"2023-05-14T14:00:03+00:00","dateModified":"2025-05-22T14:42:02+00:00","description":"S\u00fcni intellektl\u0259 i\u015fl\u0259y\u0259n dil m\u00fc\u0259lliminiz Talkpal il\u0259 Bosniya qrammatikas\u0131n\u0131 asanl\u0131qla m\u0259nims\u0259yin. Asan izahatlar\u0131, praktiki m\u0259sl\u0259h\u0259tl\u0259ri v\u0259 interaktiv m\u0259\u015fql\u0259ri k\u0259\u015ff edin!","breadcrumb":{"@id":"https:\/\/talkpal.ai\/az\/bosniya-dili-qrammatikasi\/#breadcrumb"},"inLanguage":"az","potentialAction":[{"@type":"ReadAction","target":["https:\/\/talkpal.ai\/az\/bosniya-dili-qrammatikasi\/"]}]},{"@type":"ImageObject","inLanguage":"az","@id":"https:\/\/talkpal.ai\/az\/bosniya-dili-qrammatikasi\/#primaryimage","url":"https:\/\/talkpal.ai\/wp-content\/uploads\/2023\/05\/bosnia-and-herzegovina.png","contentUrl":"https:\/\/talkpal.ai\/wp-content\/uploads\/2023\/05\/bosnia-and-herzegovina.png","width":512,"height":512},{"@type":"BreadcrumbList","@id":"https:\/\/talkpal.ai\/az\/bosniya-dili-qrammatikasi\/#breadcrumb","itemListElement":[{"@type":"ListItem","position":1,"name":"Homepage","item":"https:\/\/talkpal.ai\/az\/"},{"@type":"ListItem","position":2,"name":"Bosniya dili Qrammatikas\u0131"}]},{"@type":"WebSite","@id":"https:\/\/talkpal.ai\/az\/#website","url":"https:\/\/talkpal.ai\/az\/","name":"Talkpal","description":"AI Language Learning","publisher":{"@id":"https:\/\/talkpal.ai\/az\/#organization"},"alternateName":"Talkpal AI","potentialAction":[{"@type":"SearchAction","target":{"@type":"EntryPoint","urlTemplate":"https:\/\/talkpal.ai\/az\/?s={search_term_string}"},"query-input":{"@type":"PropertyValueSpecification","valueRequired":true,"valueName":"search_term_string"}}],"inLanguage":"az"},{"@type":"Organization","@id":"https:\/\/talkpal.ai\/az\/#organization","name":"Talkpal, Inc.","alternateName":"Talkpal AI","url":"https:\/\/talkpal.ai\/az\/","logo":{"@type":"ImageObject","inLanguage":"az","@id":"https:\/\/talkpal.ai\/az\/#\/schema\/logo\/image\/","url":"https:\/\/talkpal.ai\/wp-content\/uploads\/2024\/03\/Talkpal-Logo-Icon.png","contentUrl":"https:\/\/talkpal.ai\/wp-content\/uploads\/2024\/03\/Talkpal-Logo-Icon.png","width":2880,"height":2880,"caption":"Talkpal, Inc."},"image":{"@id":"https:\/\/talkpal.ai\/az\/#\/schema\/logo\/image\/"},"sameAs":["https:\/\/www.facebook.com\/profile.php?id=100090733639311","https:\/\/x.com\/talkpalai","https:\/\/www.linkedin.com\/company\/talkpal\/","https:\/\/www.youtube.com\/@TalkPal\/","https:\/\/www.tiktok.com\/@talkpal","https:\/\/www.instagram.com\/talkpal_ai\/","https:\/\/www.crunchbase.com\/organization\/talkpal-9cde","https:\/\/www.g2.com\/products\/talkpal-for-business\/","https:\/\/www.trustpilot.com\/review\/talkpal.ai","https:\/\/www.capterra.com\/p\/10006800\/TalkPal\/"],"description":"Talkpal is a language learning web and mobile education app, powered by the latest AI technologies, that provides engaging experiences to its customers in many different languages to help them improve their language skills. Users can chat about unlimited amount of topics with the app and use other modes to practice their language learning.","email":"support@talkpal.ai","legalName":"Talkpal, Inc.","foundingDate":"2023-04-03","duns":"118989042","numberOfEmployees":{"@type":"QuantitativeValue","minValue":"11","maxValue":"50"},"publishingPrinciples":"https:\/\/talkpal.ai\/publishing-principles\/","actionableFeedbackPolicy":"https:\/\/talkpal.ai\/actionable-feedback-policy\/","correctionsPolicy":"https:\/\/talkpal.ai\/corrections-policy\/","ethicsPolicy":"https:\/\/talkpal.ai\/ethics-policy\/","diversityPolicy":"https:\/\/talkpal.ai\/diversity-policy\/","diversityStaffingReport":"https:\/\/talkpal.ai\/diversity-policy\/"}]}},"_links":{"self":[{"href":"https:\/\/talkpal.ai\/az\/wp-json\/wp\/v2\/pages\/141343","targetHints":{"allow":["GET"]}}],"collection":[{"href":"https:\/\/talkpal.ai\/az\/wp-json\/wp\/v2\/pages"}],"about":[{"href":"https:\/\/talkpal.ai\/az\/wp-json\/wp\/v2\/types\/page"}],"author":[{"embeddable":true,"href":"https:\/\/talkpal.ai\/az\/wp-json\/wp\/v2\/users\/1"}],"replies":[{"embeddable":true,"href":"https:\/\/talkpal.ai\/az\/wp-json\/wp\/v2\/comments?post=141343"}],"version-history":[{"count":0,"href":"https:\/\/talkpal.ai\/az\/wp-json\/wp\/v2\/pages\/141343\/revisions"}],"wp:featuredmedia":[{"embeddable":true,"href":"https:\/\/talkpal.ai\/az\/wp-json\/wp\/v2\/media\/141354"}],"wp:attachment":[{"href":"https:\/\/talkpal.ai\/az\/wp-json\/wp\/v2\/media?parent=141343"}],"curies":[{"name":"wp","href":"https:\/\/api.w.org\/{rel}","templated":true}]}}