{"id":141042,"date":"2023-05-14T13:59:42","date_gmt":"2023-05-14T13:59:42","guid":{"rendered":"http:\/\/talkpal.ai\/belarus-dilinin-qrammatikasi\/"},"modified":"2025-05-22T13:50:26","modified_gmt":"2025-05-22T13:50:26","slug":"belarus-dilinin-qrammatikasi","status":"publish","type":"page","link":"https:\/\/talkpal.ai\/az\/belarus-dilinin-qrammatikasi\/","title":{"rendered":"Belarus dilinin qrammatikas\u0131"},"content":{"rendered":"\r\n\r\n\r\n<section class=\"languageChallengeSection\">\r\n    <div class=\"languageInfoWrapper\">\r\n        \r\n        <h1>Belarus dilinin qrammatikas\u0131<\/h1>\r\n        <p>\u018fsas qrammatik qaydalar\u0131n\u0131 \u00f6yr\u0259nm\u0259kl\u0259 Belarus dilinin g\u00f6z\u0259lliyini v\u0259 z\u0259nginliyini k\u0259\u015ff edin. Belarus dilinin qrammatikas\u0131n\u0131 yax\u015f\u0131 ba\u015fa d\u00fc\u015fm\u0259k siz\u0259 inamla \u00fcnsiyy\u0259t qurma\u011fa v\u0259 Belarus m\u0259d\u0259niyy\u0259ti il\u0259 \u0259laq\u0259 saxlama\u011fa k\u00f6m\u0259k ed\u0259c\u0259k. \u0130ndi daxil olun v\u0259 Belarus dilini m\u0259nims\u0259m\u0259k \u00fc\u00e7\u00fcn s\u0259yah\u0259tiniz\u0259 bu g\u00fcn ba\u015flay\u0131n!<\/p>\r\n\r\n                            <a class=\"getStartedHidden\" href=\"https:\/\/app.talkpal.ai\/signup?lng=\">Ba\u015fla<\/a>\r\n        \r\n    <\/div>\r\n\r\n    <figure>\r\n    <img decoding=\"async\" width=\"768\" height=\"768\" src=\"https:\/\/talkpal.ai\/wp-content\/uploads\/2023\/06\/belarusian-768x768.png\" class=\"languageImage no-lazy\" alt=\"Language learning for academic excellence\" fetchpriority=\"high\" sizes=\"(max-width: 768px) 150px, 768px\" srcset=\"https:\/\/talkpal.ai\/wp-content\/uploads\/2023\/06\/belarusian-768x768.png 768w, https:\/\/talkpal.ai\/wp-content\/uploads\/2023\/06\/belarusian-300x300.png 300w\" \/>\r\n    \r\n\r\n    <\/figure>\r\n\r\n            <a class=\"getStartedVisible\" href=\"https:\/\/app.talkpal.ai\/signup?lng=\">Ba\u015fla<\/a>\r\n    \r\n<\/section>\r\n<section class=\"promotionalBanner\">\r\n    <p class=\"promotionalText\">Dil \u00f6yr\u0259nm\u0259yin \u0259n t\u0259sirli yolu<\/p>\r\n    <a class=\"promotionalLink\" href=\"https:\/\/app.talkpal.ai\/signup?lng=\">Talkpal pulsuz s\u0131nay\u0131n<\/a>\r\n<\/section>\n<div class=\"wp-block-group pageContainerStyle\"><div class=\"wp-block-group__inner-container is-layout-constrained wp-block-group-is-layout-constrained\">\n<h2 class=\"wp-block-heading\" id=\"h-belarusian-grammar-a-closer-look-at-the-slavic-language-s-intricacies\">Belarus qrammatikas\u0131: Slavyan dilinin inc\u0259likl\u0259rin\u0259 daha yax\u0131ndan n\u0259z\u0259r sal\u0131n<\/h2>\n\n\n\n<p>Slavyan dill\u0259ri \u00fc\u00e7\u00fcn maraql\u0131 olan arzu ed\u0259n poliqlotsunuz? V\u0259 ya b\u0259lk\u0259 bu maraql\u0131 b\u00f6lg\u0259nin dill\u0259rinin qrammatik inc\u0259likl\u0259ri il\u0259 maraqlan\u0131rs\u0131n\u0131z? \u018fg\u0259r el\u0259dirs\u0259, d\u0131rnd\u0131r\u0131n! Bu yaz\u0131da biz slavyan dil ail\u0259sinin az tan\u0131nan, lakin heyranedici \u00fczv\u00fc olan Belarus qrammatikas\u0131n\u0131n g\u00f6z\u0259l d\u00fcnyas\u0131n\u0131 ara\u015fd\u0131raca\u011f\u0131q.<\/p>\n\n\n\n<p>G\u0259lin i\u00e7\u0259ri gir\u0259k, el\u0259mi?<\/p>\n\n\n\n<h3 class=\"wp-block-heading\" id=\"h-first-things-first-what-is-belarusian\">\u0130lk n\u00f6vb\u0259d\u0259: Belarus dili n\u0259dir?<\/h3>\n\n\n\n<p>Belarus dili \u2014 \u015e\u0259rqi Avropada Rusiya, Ukrayna, Pol\u015fa, Litva v\u0259 Latviya aras\u0131nda yerl\u0259\u015f\u0259n, torpaqla \u0259hat\u0259 olunmu\u015f Belarusiyan\u0131n r\u0259smi dili. T\u0259xmin\u0259n 7,9 milyon natiq olan belarus dili h\u0259m dil\u00e7il\u0259r, h\u0259m d\u0259 dil h\u0259v\u0259skarlar\u0131 \u00fc\u00e7\u00fcn c\u0259lbedici cazib\u0259y\u0259 malik olur. Belarus dili slavyan dili kimi rus, ukrayna v\u0259 polyak dill\u0259ri il\u0259 bir \u00e7ox ox\u015farl\u0131qlara malikdir; lakin onu bac\u0131-qarda\u015flardan f\u0259rql\u0259ndir\u0259n \u00f6z\u00fcn\u0259m\u0259xsus x\u00fcsusiyy\u0259tl\u0259rini d\u0259 \u00f6z\u00fcnd\u0259 ehtiva edir.<\/p>\n\n\n\n<h3 class=\"wp-block-heading\" id=\"h-the-building-blocks-nouns-pronouns-and-cases\">Tikinti bloklar\u0131: Nouns, Pronouns v\u0259 Cases<\/h3>\n\n\n\n<p>Dig\u0259r slavyan dill\u0259ri kimi, Belarus dilinin qrammatikas\u0131 da s\u00f6zl\u0259rin infleksiyas\u0131 \u0259traf\u0131nda d\u00f6vr edir. Bu o dem\u0259kdir ki, s\u00f6zl\u0259rin sonluqlar\u0131 c\u00fcml\u0259d\u0259 \u00f6z qrammatik funksiyas\u0131na g\u00f6r\u0259 d\u0259yi\u015fir. Bu, \u0259n \u00e7ox isiml\u0259r, \u0259v\u0259zlikl\u0259r v\u0259 sif\u0259tl\u0259rd\u0259 f\u0259rqli hallarda i\u015fl\u0259dildikd\u0259 g\u00f6r\u00fcn\u00fcr. Beyn\u0259lxaq 6 hal var. Bunlar a\u015fa\u011f\u0131dak\u0131lard\u0131r:<\/p>\n\n\n\n<p><strong>1. Nominativ \u2013 c\u00fcml\u0259nin m\u00f6vzusunu bildirir<\/strong><\/p>\n\n\n\n<p><strong>2. Genitiv \u2013 sahiblik v\u0259 ya inkar obyektini g\u00f6st\u0259rir<\/strong><\/p>\n\n\n\n<p><strong>3. Dative \u2013 c\u00fcml\u0259nin dolay\u0131 obyektini qeyd edir<\/strong><\/p>\n\n\n\n<p><strong>4. Akkusativ \u2013 c\u00fcml\u0259nin bilavasit\u0259 obyektini bildirir<\/strong><\/p>\n\n\n\n<p><strong>5. \u0130nstrumental \u2013 h\u0259r\u0259k\u0259tin yerin\u0259 yetirildiyi vasit\u0259 v\u0259 ya \u00fcsulu ifad\u0259 edir<\/strong><\/p>\n\n\n\n<p><strong>6. Prepozisiya v\u0259 ya Locative \u2013 \u00f6n s\u00f6zl\u0259rin yerini v\u0259 ya obyektini m\u00fc\u0259yy\u0259n edir<\/strong><\/p>\n\n\n\n<p>Belarus nounlar\u0131n\u0131n da hallarla yana\u015f\u0131, \u00fc\u00e7 cinsli (ki\u015fiklin, feminine v\u0259 neytri) v\u0259 iki \u0259d\u0259d (sinqular v\u0259 \u00e7oxluqlar) olmas\u0131 da var. H\u0259r bir cins v\u0259 \u0259d\u0259d birl\u0259\u015fm\u0259sinin h\u0259r bir halda konkret sonluqlar\u0131 olur v\u0259 qrammatik c\u0259h\u0259td\u0259n d\u00fczg\u00fcn c\u00fcml\u0259l\u0259r qurmaq \u00fc\u00e7\u00fcn bunlar\u0131 \u0259zb\u0259rl\u0259m\u0259k olduqca vacibdir.<\/p>\n\n\n\n<h3 class=\"wp-block-heading\" id=\"h-let-s-talk-verbs-tenses-aspects-and-moods\">G\u0259lin Dan\u0131\u015faq Fell\u0259r: Zamanlar, Aspektl\u0259r v\u0259 Moodlar<\/h3>\n\n\n\n<p>Beyn\u0259lxaq feill\u0259r olduqca m\u00fcr\u0259kk\u0259bdir, n\u00fcans v\u0259 intrika il\u0259 doludur. Onlar \u00fc\u00e7 g\u0259rgin (ke\u00e7mi\u015f, indiki v\u0259 g\u0259l\u0259c\u0259k), iki aspektli (m\u00fck\u0259mm\u0259l v\u0259 qeyri-kamil), h\u0259m\u00e7inin \u00fc\u00e7 \u0259hval-ruhiyy\u0259y\u0259 malikdirl\u0259r (g\u00f6st\u0259rici, imperativ v\u0259 \u015f\u0259rti). Belarus dill\u0259rinin dig\u0259r slavyan dill\u0259rind\u0259n f\u0259rql\u0259ndir\u0259n c\u0259h\u0259t onlar\u0131n aspektd\u0259n geni\u015f istifad\u0259 etm\u0259sidir.<\/p>\n\n\n\n<p>Aspekt h\u0259r\u0259k\u0259tin tamamlanm\u0131\u015f (kamil) v\u0259 ya daimi (qeyri-kamil) oldu\u011funu g\u00f6st\u0259rir. Bir \u00e7ox feill\u0259r m\u00fcxt\u0259lif c\u0259h\u0259tl\u0259ri g\u00f6st\u0259r\u0259n c\u00fct-c\u00fct, \u00e7ox vaxt is\u0259 \u00f6z\u00fcn\u0259m\u0259xsus prefiks v\u0259 ya suffiksd\u0259n istifad\u0259 etm\u0259kl\u0259 \u0259m\u0259l\u0259 g\u0259lir. Belarus dilinin inc\u0259likl\u0259rin\u0259 varmaq \u00fc\u00e7\u00fcn h\u0259r \u015feyi ba\u015fa d\u00fc\u015fm\u0259k vacibdir.<\/p>\n\n\n\n<h3 class=\"wp-block-heading\" id=\"h-adjectives-adverbs-and-other-delights\">Adjectives, Adverbs v\u0259 dig\u0259r z\u00f6vql\u0259r<\/h3>\n\n\n\n<p>Beyn\u0259lxaq adyunktivl\u0259r cins, say v\u0259 hal bax\u0131m\u0131ndan d\u0259yi\u015fdirdikl\u0259ri adlarla raz\u0131la\u015f\u0131rlar. Onlar h\u0259m\u00e7inin m\u00fcxt\u0259lif keyfiyy\u0259tl\u0259ri ifad\u0259 etm\u0259k \u00fc\u00e7\u00fcn m\u00fcqayis\u0259li v\u0259 supert\u0259bii formalara malikdirl\u0259r. Bundan \u0259lav\u0259, bir \u00e7ox z\u0259rfl\u0259r sif\u0259tl\u0259rd\u0259n sad\u0259c\u0259 olaraq ki\u015fi \u00fc\u00e7\u00fcn &#8216;-a&#8217; v\u0259 qad\u0131n \u00fc\u00e7\u00fcn &#8216;-\u044b&#8217; \u015f\u0259kil\u00e7isini \u0259lav\u0259 etm\u0259kl\u0259 d\u00fcz\u0259ldilir.<\/p>\n\n\n\n<p>Belarus dilind\u0259 d\u0259 maraql\u0131 bir s\u0131ra konyunksional, prepozisiyalar, \u0259d\u0259dl\u0259r v\u0259 z\u0259rr\u0259cikl\u0259r var ki, bu da siz\u0259 \u0259trafl\u0131 v\u0259 ifad\u0259li c\u00fcml\u0259l\u0259r yaratma\u011fa k\u00f6m\u0259k edir. Kifay\u0259t q\u0259d\u0259r t\u0259cr\u00fcb\u0259 il\u0259 siz tezlikl\u0259 \u0259sl Belarus s\u00f6z ustas\u0131 kimi s\u00f6zl\u0259rinizi birl\u0259\u015fdir\u0259 bil\u0259c\u0259ksiniz.<\/p>\n\n\n\n<h3 class=\"wp-block-heading\" id=\"h-in-closing-the-magic-of-belarusian-grammar\">Ba\u011flan\u0131\u015fda: Belarus dilinin qrammatikas\u0131 sehri<\/h3>\n\n\n\n<p>\u0130lk bax\u0131\u015fdan Belarus dilinin qrammatikas\u0131 qorxulu g\u00f6r\u00fcn\u0259 bil\u0259r. Bununla bel\u0259, onun z\u0259ngin hallar\u0131, aspektl\u0259ri v\u0259 dig\u0259r linqvistik q\u0259rib\u0259likl\u0259rini d\u0259rind\u0259n \u00f6yr\u0259ndikc\u0259, d\u0259rinlik, n\u00fcans v\u0259 ifad\u0259lilikl\u0259 dolu bir dil k\u0259\u015ff ed\u0259c\u0259ksiniz. Belarus dilinin qrammatikas\u0131n\u0131n \u00e7\u0259tinliyini q\u0259bul etm\u0259k siz\u0259 \u00fcmumiyy\u0259tl\u0259 slavyan ail\u0259si haqq\u0131nda daha b\u00f6y\u00fck anlay\u0131\u015f verm\u0259kl\u0259 yana\u015f\u0131, h\u0259m d\u0259 t\u0259dqiqat\u0131n\u0131z\u0131 g\u00f6zl\u0259y\u0259n g\u00f6z\u0259l v\u0259 canl\u0131 m\u0259d\u0259niyy\u0259t\u0259 \u00e7\u0131x\u0131\u015f imkan\u0131 ver\u0259c\u0259k.<\/p>\n\n\n\n<p>B\u0259s n\u0259y\u0259 g\u00f6r\u0259 belarus dilinin qrammatikas\u0131na yeni anlay\u0131\u015fla daxil olan bu dil n\u0259y\u0259 g\u00f6r\u0259 daha d\u0259rin\u0259 dalmaya bil\u0259r? Kim bilir &#8211; b\u0259lk\u0259 d\u0259 bir g\u00fcn Minsk k\u00fc\u00e7\u0259l\u0259rind\u0259 g\u0259z\u0259rk\u0259n, yerli sakinl\u0259rl\u0259 \u00f6z dill\u0259rind\u0259 \u00e7\u0259tinlik \u00e7\u0259km\u0259d\u0259n s\u00f6hb\u0259t ed\u0259rk\u0259n tapa bil\u0259rsiniz. Xo\u015fb\u0259xt \u00f6yr\u0259nin!<\/p>\n<\/div><\/div>\n\r\n<section class=\"learnNavigationSection\">\r\n            \r\n        <a href=\"https:\/\/talkpal.ai\/az\/belarus-dilini-oyr%c9%99nin\/\">\r\n            <div class=\"learnNavigationWrapper\">\r\n                <div class=\"learnNavigationContent\">\r\n                    <img decoding=\"async\" src=\"https:\/\/talkpal.ai\/wp-content\/uploads\/2024\/08\/Belarusian.jpg\" alt=\"Belarusian Flag\">\r\n                    <div>\r\n                        <h4>Belarus dilinin \u00f6yr\u0259nilm\u0259si haqq\u0131nda<\/h4>\r\n                        <p>Belarus dili qrammatikas\u0131 haqq\u0131nda h\u0259r \u015feyi \u00f6yr\u0259nin.<\/p>\r\n                    <\/div>\r\n                <\/div>\r\n            <\/div>\r\n        <\/a>\r\n\r\n        \r\n        <a href=\"https:\/\/talkpal.ai\/az\/belarus-dilinin-qrammatikasi-m%c9%99sg%c9%99l%c9%99l%c9%99ri\/\">\r\n            <div class=\"learnNavigationWrapper\">\r\n                <div class=\"learnNavigationContent\">\r\n                    <img decoding=\"async\" src=\"https:\/\/talkpal.ai\/wp-content\/uploads\/2024\/08\/Belarusian.jpg\" alt=\"Belarusian Flag\">\r\n                    <div>\r\n                        <h4>Belarus dili qrammatikas\u0131 m\u0259\u015fqi<\/h4>\r\n                        <p>Belarus dilinin qrammatikas\u0131 praktik.<\/p>\r\n                    <\/div>\r\n                <\/div>\r\n            <\/div>\r\n        <\/a>\r\n\r\n        \r\n        <a href=\"https:\/\/talkpal.ai\/vocabulary_language\/belarusian\/\">\r\n            <div class=\"learnNavigationWrapper\">\r\n                <div class=\"learnNavigationContent\">\r\n                    <img decoding=\"async\" src=\"https:\/\/talkpal.ai\/wp-content\/uploads\/2024\/08\/Belarusian.jpg\" alt=\"Belarusian Flag\">\r\n                    <div>\r\n                        <h4>Belarus l\u00fc\u011f\u0259ti<\/h4>\r\n                        <p>Belarus dili l\u00fc\u011f\u0259tinizi geni\u015fl\u0259ndirin.<\/p>\r\n                    <\/div>\r\n                <\/div>\r\n            <\/div>\r\n        <\/a>\r\n\r\n            <\/section>","protected":false},"excerpt":{"rendered":"<p>Belarus qrammatikas\u0131: Slavyan dilinin inc\u0259likl\u0259rin\u0259 daha yax\u0131ndan n\u0259z\u0259r sal\u0131n Slavyan dill\u0259ri \u00fc\u00e7\u00fcn maraql\u0131 olan arzu ed\u0259n poliqlotsunuz? V\u0259 ya b\u0259lk\u0259 bu maraql\u0131 b\u00f6lg\u0259nin dill\u0259rinin qrammatik inc\u0259likl\u0259ri il\u0259 maraqlan\u0131rs\u0131n\u0131z? \u018fg\u0259r el\u0259dirs\u0259, d\u0131rnd\u0131r\u0131n! Bu yaz\u0131da biz slavyan dil ail\u0259sinin az tan\u0131nan, lakin heyranedici \u00fczv\u00fc olan Belarus qrammatikas\u0131n\u0131n g\u00f6z\u0259l d\u00fcnyas\u0131n\u0131 ara\u015fd\u0131raca\u011f\u0131q. G\u0259lin i\u00e7\u0259ri gir\u0259k, el\u0259mi? \u0130lk n\u00f6vb\u0259d\u0259: Belarus [&hellip;]<\/p>\n","protected":false},"author":1,"featured_media":141046,"parent":0,"menu_order":0,"comment_status":"closed","ping_status":"closed","template":"LearningContentPage.php","meta":{"_acf_changed":false,"footnotes":""},"class_list":["post-141042","page","type-page","status-publish","has-post-thumbnail","hentry"],"acf":[],"yoast_head":"<!-- This site is optimized with the Yoast SEO Premium plugin v27.2 (Yoast SEO v27.2) - https:\/\/yoast.com\/product\/yoast-seo-premium-wordpress\/ -->\n<title>Belarus dilinin qrammatikas\u0131 - Talkpal<\/title>\n<meta name=\"description\" content=\"S\u00fcni intellektl\u0259 i\u015fl\u0259y\u0259n dil m\u00fc\u0259lliminiz Talkpal il\u0259 Belarus qrammatikas\u0131n\u0131 \u00e7\u0259tinlikl\u0259 m\u0259nims\u0259yin. Ayd\u0131n izahatlar, faydal\u0131 m\u0259sl\u0259h\u0259tl\u0259r v\u0259 interaktiv m\u0259\u015fql\u0259r al\u0131n!\" \/>\n<meta name=\"robots\" content=\"index, follow, max-snippet:-1, max-image-preview:large, max-video-preview:-1\" \/>\n<link rel=\"canonical\" href=\"https:\/\/talkpal.ai\/az\/belarus-dilinin-qrammatikasi\/\" \/>\n<meta property=\"og:locale\" content=\"az_AZ\" \/>\n<meta property=\"og:type\" content=\"article\" \/>\n<meta property=\"og:title\" content=\"Belarus dilinin qrammatikas\u0131\" \/>\n<meta property=\"og:description\" content=\"Belarus qrammatikas\u0131: Slavyan dilinin inc\u0259likl\u0259rin\u0259 daha yax\u0131ndan n\u0259z\u0259r sal\u0131n Slavyan dill\u0259ri \u00fc\u00e7\u00fcn maraql\u0131 olan arzu ed\u0259n poliqlotsunuz? V\u0259 ya b\u0259lk\u0259 bu\" \/>\n<meta property=\"og:url\" content=\"https:\/\/talkpal.ai\/az\/belarus-dilinin-qrammatikasi\/\" \/>\n<meta property=\"og:site_name\" content=\"Talkpal\" \/>\n<meta property=\"article:publisher\" content=\"https:\/\/www.facebook.com\/profile.php?id=100090733639311\" \/>\n<meta property=\"article:modified_time\" content=\"2025-05-22T13:50:26+00:00\" \/>\n<meta property=\"og:image\" content=\"https:\/\/talkpal.ai\/wp-content\/uploads\/2023\/05\/belarus.png\" \/>\n\t<meta property=\"og:image:width\" content=\"512\" \/>\n\t<meta property=\"og:image:height\" content=\"512\" \/>\n\t<meta property=\"og:image:type\" content=\"image\/png\" \/>\n<meta name=\"twitter:card\" content=\"summary_large_image\" \/>\n<meta name=\"twitter:site\" content=\"@talkpalai\" \/>\n<meta name=\"twitter:label1\" content=\"Est. reading time\" \/>\n\t<meta name=\"twitter:data1\" content=\"4 minutes\" \/>\n<script type=\"application\/ld+json\" class=\"yoast-schema-graph\">{\"@context\":\"https:\/\/schema.org\",\"@graph\":[{\"@type\":\"WebPage\",\"@id\":\"https:\/\/talkpal.ai\/az\/belarus-dilinin-qrammatikasi\/\",\"url\":\"https:\/\/talkpal.ai\/az\/belarus-dilinin-qrammatikasi\/\",\"name\":\"Belarus dilinin qrammatikas\u0131 - Talkpal\",\"isPartOf\":{\"@id\":\"https:\/\/talkpal.ai\/az\/#website\"},\"primaryImageOfPage\":{\"@id\":\"https:\/\/talkpal.ai\/az\/belarus-dilinin-qrammatikasi\/#primaryimage\"},\"image\":{\"@id\":\"https:\/\/talkpal.ai\/az\/belarus-dilinin-qrammatikasi\/#primaryimage\"},\"thumbnailUrl\":\"https:\/\/talkpal.ai\/wp-content\/uploads\/2023\/05\/belarus.png\",\"datePublished\":\"2023-05-14T13:59:42+00:00\",\"dateModified\":\"2025-05-22T13:50:26+00:00\",\"description\":\"S\u00fcni intellektl\u0259 i\u015fl\u0259y\u0259n dil m\u00fc\u0259lliminiz Talkpal il\u0259 Belarus qrammatikas\u0131n\u0131 \u00e7\u0259tinlikl\u0259 m\u0259nims\u0259yin. Ayd\u0131n izahatlar, faydal\u0131 m\u0259sl\u0259h\u0259tl\u0259r v\u0259 interaktiv m\u0259\u015fql\u0259r al\u0131n!\",\"breadcrumb\":{\"@id\":\"https:\/\/talkpal.ai\/az\/belarus-dilinin-qrammatikasi\/#breadcrumb\"},\"inLanguage\":\"az\",\"potentialAction\":[{\"@type\":\"ReadAction\",\"target\":[\"https:\/\/talkpal.ai\/az\/belarus-dilinin-qrammatikasi\/\"]}]},{\"@type\":\"ImageObject\",\"inLanguage\":\"az\",\"@id\":\"https:\/\/talkpal.ai\/az\/belarus-dilinin-qrammatikasi\/#primaryimage\",\"url\":\"https:\/\/talkpal.ai\/wp-content\/uploads\/2023\/05\/belarus.png\",\"contentUrl\":\"https:\/\/talkpal.ai\/wp-content\/uploads\/2023\/05\/belarus.png\",\"width\":512,\"height\":512},{\"@type\":\"BreadcrumbList\",\"@id\":\"https:\/\/talkpal.ai\/az\/belarus-dilinin-qrammatikasi\/#breadcrumb\",\"itemListElement\":[{\"@type\":\"ListItem\",\"position\":1,\"name\":\"Homepage\",\"item\":\"https:\/\/talkpal.ai\/az\/\"},{\"@type\":\"ListItem\",\"position\":2,\"name\":\"Belarus dilinin qrammatikas\u0131\"}]},{\"@type\":\"WebSite\",\"@id\":\"https:\/\/talkpal.ai\/az\/#website\",\"url\":\"https:\/\/talkpal.ai\/az\/\",\"name\":\"Talkpal\",\"description\":\"AI Language Learning\",\"publisher\":{\"@id\":\"https:\/\/talkpal.ai\/az\/#organization\"},\"alternateName\":\"Talkpal AI\",\"potentialAction\":[{\"@type\":\"SearchAction\",\"target\":{\"@type\":\"EntryPoint\",\"urlTemplate\":\"https:\/\/talkpal.ai\/az\/?s={search_term_string}\"},\"query-input\":{\"@type\":\"PropertyValueSpecification\",\"valueRequired\":true,\"valueName\":\"search_term_string\"}}],\"inLanguage\":\"az\"},{\"@type\":\"Organization\",\"@id\":\"https:\/\/talkpal.ai\/az\/#organization\",\"name\":\"Talkpal, Inc.\",\"alternateName\":\"Talkpal AI\",\"url\":\"https:\/\/talkpal.ai\/az\/\",\"logo\":{\"@type\":\"ImageObject\",\"inLanguage\":\"az\",\"@id\":\"https:\/\/talkpal.ai\/az\/#\/schema\/logo\/image\/\",\"url\":\"https:\/\/talkpal.ai\/wp-content\/uploads\/2024\/03\/Talkpal-Logo-Icon.png\",\"contentUrl\":\"https:\/\/talkpal.ai\/wp-content\/uploads\/2024\/03\/Talkpal-Logo-Icon.png\",\"width\":2880,\"height\":2880,\"caption\":\"Talkpal, Inc.\"},\"image\":{\"@id\":\"https:\/\/talkpal.ai\/az\/#\/schema\/logo\/image\/\"},\"sameAs\":[\"https:\/\/www.facebook.com\/profile.php?id=100090733639311\",\"https:\/\/x.com\/talkpalai\",\"https:\/\/www.linkedin.com\/company\/talkpal\/\",\"https:\/\/www.youtube.com\/@TalkPal\/\",\"https:\/\/www.tiktok.com\/@talkpal\",\"https:\/\/www.instagram.com\/talkpal_ai\/\",\"https:\/\/www.crunchbase.com\/organization\/talkpal-9cde\",\"https:\/\/www.g2.com\/products\/talkpal-for-business\/\",\"https:\/\/www.trustpilot.com\/review\/talkpal.ai\",\"https:\/\/www.capterra.com\/p\/10006800\/TalkPal\/\"],\"description\":\"Talkpal is a language learning web and mobile education app, powered by the latest AI technologies, that provides engaging experiences to its customers in many different languages to help them improve their language skills. Users can chat about unlimited amount of topics with the app and use other modes to practice their language learning.\",\"email\":\"support@talkpal.ai\",\"legalName\":\"Talkpal, Inc.\",\"foundingDate\":\"2023-04-03\",\"duns\":\"118989042\",\"numberOfEmployees\":{\"@type\":\"QuantitativeValue\",\"minValue\":\"11\",\"maxValue\":\"50\"},\"publishingPrinciples\":\"https:\/\/talkpal.ai\/publishing-principles\/\",\"actionableFeedbackPolicy\":\"https:\/\/talkpal.ai\/actionable-feedback-policy\/\",\"correctionsPolicy\":\"https:\/\/talkpal.ai\/corrections-policy\/\",\"ethicsPolicy\":\"https:\/\/talkpal.ai\/ethics-policy\/\",\"diversityPolicy\":\"https:\/\/talkpal.ai\/diversity-policy\/\",\"diversityStaffingReport\":\"https:\/\/talkpal.ai\/diversity-policy\/\"}]}<\/script>\n<!-- \/ Yoast SEO Premium plugin. -->","yoast_head_json":{"title":"Belarus dilinin qrammatikas\u0131 - Talkpal","description":"S\u00fcni intellektl\u0259 i\u015fl\u0259y\u0259n dil m\u00fc\u0259lliminiz Talkpal il\u0259 Belarus qrammatikas\u0131n\u0131 \u00e7\u0259tinlikl\u0259 m\u0259nims\u0259yin. Ayd\u0131n izahatlar, faydal\u0131 m\u0259sl\u0259h\u0259tl\u0259r v\u0259 interaktiv m\u0259\u015fql\u0259r al\u0131n!","robots":{"index":"index","follow":"follow","max-snippet":"max-snippet:-1","max-image-preview":"max-image-preview:large","max-video-preview":"max-video-preview:-1"},"canonical":"https:\/\/talkpal.ai\/az\/belarus-dilinin-qrammatikasi\/","og_locale":"az_AZ","og_type":"article","og_title":"Belarus dilinin qrammatikas\u0131","og_description":"Belarus qrammatikas\u0131: Slavyan dilinin inc\u0259likl\u0259rin\u0259 daha yax\u0131ndan n\u0259z\u0259r sal\u0131n Slavyan dill\u0259ri \u00fc\u00e7\u00fcn maraql\u0131 olan arzu ed\u0259n poliqlotsunuz? V\u0259 ya b\u0259lk\u0259 bu","og_url":"https:\/\/talkpal.ai\/az\/belarus-dilinin-qrammatikasi\/","og_site_name":"Talkpal","article_publisher":"https:\/\/www.facebook.com\/profile.php?id=100090733639311","article_modified_time":"2025-05-22T13:50:26+00:00","og_image":[{"width":512,"height":512,"url":"https:\/\/talkpal.ai\/wp-content\/uploads\/2023\/05\/belarus.png","type":"image\/png"}],"twitter_card":"summary_large_image","twitter_site":"@talkpalai","twitter_misc":{"Est. reading time":"4 minutes"},"schema":{"@context":"https:\/\/schema.org","@graph":[{"@type":"WebPage","@id":"https:\/\/talkpal.ai\/az\/belarus-dilinin-qrammatikasi\/","url":"https:\/\/talkpal.ai\/az\/belarus-dilinin-qrammatikasi\/","name":"Belarus dilinin qrammatikas\u0131 - Talkpal","isPartOf":{"@id":"https:\/\/talkpal.ai\/az\/#website"},"primaryImageOfPage":{"@id":"https:\/\/talkpal.ai\/az\/belarus-dilinin-qrammatikasi\/#primaryimage"},"image":{"@id":"https:\/\/talkpal.ai\/az\/belarus-dilinin-qrammatikasi\/#primaryimage"},"thumbnailUrl":"https:\/\/talkpal.ai\/wp-content\/uploads\/2023\/05\/belarus.png","datePublished":"2023-05-14T13:59:42+00:00","dateModified":"2025-05-22T13:50:26+00:00","description":"S\u00fcni intellektl\u0259 i\u015fl\u0259y\u0259n dil m\u00fc\u0259lliminiz Talkpal il\u0259 Belarus qrammatikas\u0131n\u0131 \u00e7\u0259tinlikl\u0259 m\u0259nims\u0259yin. Ayd\u0131n izahatlar, faydal\u0131 m\u0259sl\u0259h\u0259tl\u0259r v\u0259 interaktiv m\u0259\u015fql\u0259r al\u0131n!","breadcrumb":{"@id":"https:\/\/talkpal.ai\/az\/belarus-dilinin-qrammatikasi\/#breadcrumb"},"inLanguage":"az","potentialAction":[{"@type":"ReadAction","target":["https:\/\/talkpal.ai\/az\/belarus-dilinin-qrammatikasi\/"]}]},{"@type":"ImageObject","inLanguage":"az","@id":"https:\/\/talkpal.ai\/az\/belarus-dilinin-qrammatikasi\/#primaryimage","url":"https:\/\/talkpal.ai\/wp-content\/uploads\/2023\/05\/belarus.png","contentUrl":"https:\/\/talkpal.ai\/wp-content\/uploads\/2023\/05\/belarus.png","width":512,"height":512},{"@type":"BreadcrumbList","@id":"https:\/\/talkpal.ai\/az\/belarus-dilinin-qrammatikasi\/#breadcrumb","itemListElement":[{"@type":"ListItem","position":1,"name":"Homepage","item":"https:\/\/talkpal.ai\/az\/"},{"@type":"ListItem","position":2,"name":"Belarus dilinin qrammatikas\u0131"}]},{"@type":"WebSite","@id":"https:\/\/talkpal.ai\/az\/#website","url":"https:\/\/talkpal.ai\/az\/","name":"Talkpal","description":"AI Language Learning","publisher":{"@id":"https:\/\/talkpal.ai\/az\/#organization"},"alternateName":"Talkpal AI","potentialAction":[{"@type":"SearchAction","target":{"@type":"EntryPoint","urlTemplate":"https:\/\/talkpal.ai\/az\/?s={search_term_string}"},"query-input":{"@type":"PropertyValueSpecification","valueRequired":true,"valueName":"search_term_string"}}],"inLanguage":"az"},{"@type":"Organization","@id":"https:\/\/talkpal.ai\/az\/#organization","name":"Talkpal, Inc.","alternateName":"Talkpal AI","url":"https:\/\/talkpal.ai\/az\/","logo":{"@type":"ImageObject","inLanguage":"az","@id":"https:\/\/talkpal.ai\/az\/#\/schema\/logo\/image\/","url":"https:\/\/talkpal.ai\/wp-content\/uploads\/2024\/03\/Talkpal-Logo-Icon.png","contentUrl":"https:\/\/talkpal.ai\/wp-content\/uploads\/2024\/03\/Talkpal-Logo-Icon.png","width":2880,"height":2880,"caption":"Talkpal, Inc."},"image":{"@id":"https:\/\/talkpal.ai\/az\/#\/schema\/logo\/image\/"},"sameAs":["https:\/\/www.facebook.com\/profile.php?id=100090733639311","https:\/\/x.com\/talkpalai","https:\/\/www.linkedin.com\/company\/talkpal\/","https:\/\/www.youtube.com\/@TalkPal\/","https:\/\/www.tiktok.com\/@talkpal","https:\/\/www.instagram.com\/talkpal_ai\/","https:\/\/www.crunchbase.com\/organization\/talkpal-9cde","https:\/\/www.g2.com\/products\/talkpal-for-business\/","https:\/\/www.trustpilot.com\/review\/talkpal.ai","https:\/\/www.capterra.com\/p\/10006800\/TalkPal\/"],"description":"Talkpal is a language learning web and mobile education app, powered by the latest AI technologies, that provides engaging experiences to its customers in many different languages to help them improve their language skills. Users can chat about unlimited amount of topics with the app and use other modes to practice their language learning.","email":"support@talkpal.ai","legalName":"Talkpal, Inc.","foundingDate":"2023-04-03","duns":"118989042","numberOfEmployees":{"@type":"QuantitativeValue","minValue":"11","maxValue":"50"},"publishingPrinciples":"https:\/\/talkpal.ai\/publishing-principles\/","actionableFeedbackPolicy":"https:\/\/talkpal.ai\/actionable-feedback-policy\/","correctionsPolicy":"https:\/\/talkpal.ai\/corrections-policy\/","ethicsPolicy":"https:\/\/talkpal.ai\/ethics-policy\/","diversityPolicy":"https:\/\/talkpal.ai\/diversity-policy\/","diversityStaffingReport":"https:\/\/talkpal.ai\/diversity-policy\/"}]}},"_links":{"self":[{"href":"https:\/\/talkpal.ai\/az\/wp-json\/wp\/v2\/pages\/141042","targetHints":{"allow":["GET"]}}],"collection":[{"href":"https:\/\/talkpal.ai\/az\/wp-json\/wp\/v2\/pages"}],"about":[{"href":"https:\/\/talkpal.ai\/az\/wp-json\/wp\/v2\/types\/page"}],"author":[{"embeddable":true,"href":"https:\/\/talkpal.ai\/az\/wp-json\/wp\/v2\/users\/1"}],"replies":[{"embeddable":true,"href":"https:\/\/talkpal.ai\/az\/wp-json\/wp\/v2\/comments?post=141042"}],"version-history":[{"count":0,"href":"https:\/\/talkpal.ai\/az\/wp-json\/wp\/v2\/pages\/141042\/revisions"}],"wp:featuredmedia":[{"embeddable":true,"href":"https:\/\/talkpal.ai\/az\/wp-json\/wp\/v2\/media\/141046"}],"wp:attachment":[{"href":"https:\/\/talkpal.ai\/az\/wp-json\/wp\/v2\/media?parent=141042"}],"curies":[{"name":"wp","href":"https:\/\/api.w.org\/{rel}","templated":true}]}}