{"id":140734,"date":"2023-05-14T13:59:24","date_gmt":"2023-05-14T13:59:24","guid":{"rendered":"http:\/\/talkpal.ai\/afrika-dili-qrammatikasi\/"},"modified":"2025-05-22T19:05:27","modified_gmt":"2025-05-22T19:05:27","slug":"afrika-dili-qrammatikasi","status":"publish","type":"page","link":"https:\/\/talkpal.ai\/az\/afrika-dili-qrammatikasi\/","title":{"rendered":"Afrika dili qrammatikas\u0131"},"content":{"rendered":"\r\n\r\n\r\n<section class=\"languageChallengeSection\">\r\n    <div class=\"languageInfoWrapper\">\r\n        \r\n        <h1>Afrika dili qrammatikas\u0131<\/h1>\r\n        <p>\u018fsas qrammatik qaydalar\u0131n\u0131 \u00f6yr\u0259nm\u0259kl\u0259 <a href=\"https:\/\/talkpal.ai\/learn-afrikaans\/\">Afrikaans<\/a> dilinin sad\u0259 g\u00f6z\u0259lliyini k\u0259\u015ff edin. Afrikaans qrammatikas\u0131n\u0131 m\u0259nims\u0259m\u0259k siz\u0259 effektiv \u00fcnsiyy\u0259t qurma\u011fa v\u0259 dan\u0131\u015fanlar\u0131n z\u0259ngin m\u0259d\u0259niyy\u0259tind\u0259n z\u00f6vq alma\u011fa imkan ver\u0259c\u0259k. Afrikaans qrammatika s\u0259yah\u0259tiniz\u0259 bu g\u00fcn ba\u015flay\u0131n v\u0259 r\u0259vanl\u0131\u011fa do\u011fru ilk add\u0131m\u0131n\u0131z\u0131 at\u0131n!<\/p>\r\n\r\n                            <a class=\"getStartedHidden\" href=\"https:\/\/app.talkpal.ai\/signup?lng=\">Ba\u015fla<\/a>\r\n        \r\n    <\/div>\r\n\r\n    <figure>\r\n    <img decoding=\"async\" width=\"768\" height=\"768\" src=\"https:\/\/talkpal.ai\/wp-content\/uploads\/2023\/06\/TalkPal-Afrikaans-768x768.png\" class=\"languageImage no-lazy\" alt=\"Language learning for global awareness\" fetchpriority=\"high\" sizes=\"(max-width: 768px) 150px, 768px\" srcset=\"https:\/\/talkpal.ai\/wp-content\/uploads\/2023\/06\/TalkPal-Afrikaans-768x768.png 768w, https:\/\/talkpal.ai\/wp-content\/uploads\/2023\/06\/TalkPal-Afrikaans-300x300.png 300w\" \/>\r\n    \r\n\r\n    <\/figure>\r\n\r\n            <a class=\"getStartedVisible\" href=\"https:\/\/app.talkpal.ai\/signup?lng=\">Ba\u015fla<\/a>\r\n    \r\n<\/section>\r\n<section class=\"promotionalBanner\">\r\n    <p class=\"promotionalText\">Dil \u00f6yr\u0259nm\u0259yin \u0259n t\u0259sirli yolu<\/p>\r\n    <a class=\"promotionalLink\" href=\"https:\/\/app.talkpal.ai\/signup?lng=\">Talkpal pulsuz s\u0131nay\u0131n<\/a>\r\n<\/section>\n<div class=\"wp-block-group pageContainerStyle\"><div class=\"wp-block-group__inner-container is-layout-constrained wp-block-group-is-layout-constrained\">\n<h2 class=\"wp-block-heading\" id=\"h-mastering-afrikaans-grammar-your-ultimate-guide\">Mastering Afrikaans Grammar: Your Ultimate Guide<\/h2>\n\n\n\n<p><strong>Goeie dag<\/strong>, <a href=\"https:\/\/talkpal.ai\/talkpal-discount-for-language-enthusiasts\/\">dil h\u0259v\u0259skarlar\u0131<\/a>! Afrika dilinin qrammatikas\u0131 d\u00fcnyas\u0131na s\u0259yah\u0259t\u0259 \u00e7\u0131xma\u011fa haz\u0131rs\u0131n\u0131zm\u0131? Siz d\u00fczg\u00fcn yer\u0259 g\u0259ldiniz. <a href=\"https:\/\/talkpal.ai\/locations\/learn-english-in-asan\/\">Asan<\/a> ba\u015fa d\u00fc\u015f\u00fcl\u0259n m\u0259&#8217;lumat v\u0259 dan\u0131\u015f\u0131q tonu il\u0259 dolu olan bu m\u0259qal\u0259 siz\u0259 Afrika dilinin qrammatikas\u0131 il\u0259 ba\u011fl\u0131 maraql\u0131 bir sah\u0259d\u0259 r\u0259hb\u0259rlik ver\u0259c\u0259k. Tezlikl\u0259 siz c\u00fcml\u0259l\u0259r qura v\u0259 do\u011fma dan\u0131\u015fanlarla m\u0259nal\u0131 s\u00f6hb\u0259tl\u0259r ed\u0259 bil\u0259c\u0259ksiniz. Bel\u0259likl\u0259, ba\u015flayaq!<\/p>\n\n\n\n<p><strong>Amma ilk n\u00f6vb\u0259d\u0259, n\u0259y\u0259 g\u00f6r\u0259 Afrikaans qrammatikas\u0131?<\/strong><\/p>\n\n\n\n<p>Afrikaan dilini \u00f6yr\u0259nirsinizs\u0259, s\u0259lis dan\u0131\u015fmaq, oxumaq v\u0259 yazmaq \u00fc\u00e7\u00fcn qrammatikada g\u00fccl\u00fc bir t\u0259m\u0259l \u00e7ox vacibdir. Afrikaans qrammatikas\u0131 \u0259vv\u0259lc\u0259 m\u00fcr\u0259kk\u0259b g\u00f6r\u00fcn\u0259 bils\u0259 d\u0259, onu daha ki\u00e7ik, daha idar\u0259 oluna bil\u0259n par\u00e7alara b\u00f6ld\u00fckd\u0259n sonra nisb\u0259t\u0259n sad\u0259dir. Bel\u0259likl\u0259, Afrikaans qrammatikas\u0131n\u0131 m\u0259nims\u0259m\u0259y\u0259 do\u011fru s\u0259yah\u0259tiniz\u0259 ba\u015flayaq!<\/p>\n\n\n\n<h3 class=\"wp-block-heading\" id=\"h-1-nouns-gender-and-articles\">1. Nounlar, cinsl\u0259r v\u0259 m\u0259qal\u0259l\u0259r<\/h3>\n\n\n\n<p>Bir \u00e7ox ba\u015fqa dill\u0259rd\u0259n f\u0259rqli olaraq, afrikaans nounlar\u0131n\u0131n cinsiyy\u0259ti yoxdur, bu is\u0259 onlar\u0131 <a href=\"https:\/\/talkpal.ai\/az\/oyr%c9%99nm%c9%99k\/\">\u00f6yr\u0259nm\u0259k<\/a> \u00fc\u00e7\u00fcn daha sad\u0259 edir. \u201cdie \u201c(the) m\u00fc\u0259yy\u0259n artikli b\u00fct\u00fcn isiml\u0259r \u00fc\u00e7\u00fcn i\u015fl\u0259dilir, qeyri-m\u00fc\u0259yy\u0259n artikll\u0259r is\u0259\u201d n \u201cv\u0259 ya \u201ceen\u201d (a\/an) da cinsiyy\u0259t bax\u0131m\u0131ndan neytrald\u0131r.  <\/p>\n\n\n\n<p>M\u0259s\u0259l\u0259n:<\/p>\n\n\n\n<p>&#8211; canavar (it)<\/p>\n\n\n\n<p>&#8211; &#8216;n hond (it)<\/p>\n\n\n\n<h3 class=\"wp-block-heading\" id=\"h-2-adjectives\">2. Adjectives<\/h3>\n\n\n\n<p>Afrikaansda, ad\u0259t\u0259n, adyundan \u0259vv\u0259l modifikasiya edir v\u0259 noun \u0259d\u0259di il\u0259 raz\u0131la\u015f\u0131rlar. Adjectives cinsi raz\u0131l\u0131\u011fa malik deyil. M\u0259s\u0259l\u0259n:<\/p>\n\n\n\n<p>\u2013 &#8216;n groot huis (b\u00f6y\u00fck bir ev)<\/p>\n\n\n\n<p>&#8211; twee groot huise (iki b\u00f6y\u00fck ev)<\/p>\n\n\n\n<p>B\u0259zi sif\u0259tl\u0259r c\u0259m ismini t\u0259svir ed\u0259rk\u0259n \u0259lav\u0259 \u201c-e\u201d t\u0259l\u0259b edir:<\/p>\n\n\n\n<p>\u2013 s\u0259n adamsan (qoca adam)<\/p>\n\n\n\n<p>&#8211; twee u manne (iki qoca)<\/p>\n\n\n\n<h3 class=\"wp-block-heading\" id=\"h-3-verbs-and-tense\">3. Feill\u0259r v\u0259 g\u0259rgin<\/h3>\n\n\n\n<p>Afrikaans feill\u0259ri c\u00fcml\u0259nin m\u00f6vzusuna \u0259saslanaraq bir-biri il\u0259 birl\u0259\u015fdikl\u0259ri \u00fc\u00e7\u00fcn onlar\u0131 \u00f6yr\u0259nm\u0259k nisb\u0259t\u0259n asand\u0131r. H\u0259m\u00e7inin Afrika dill\u0259ri bir \u00e7ox ba\u015fqa dill\u0259r\u0259 nisb\u0259t\u0259n daha az g\u0259rgindir. Siz\u0259 Afrika fell\u0259rinin dad\u0131n\u0131 verm\u0259k \u00fc\u00e7\u00fcn indiki zamanda m\u00fcnt\u0259z\u0259m fell\u0259ri m\u00fczakir\u0259 ed\u0259k:<\/p>\n\n\n\n<p>&#8211; Ek <a href=\"https:\/\/talkpal.ai\/locations\/language-courses-in-leer\/\">leer<\/a> (\u00f6yr\u0259ndim)<\/p>\n\n\n\n<p>\u2013 Jy\/u leer (siz \u00f6yr\u0259nirsiniz, qeyri-r\u0259smi\/formal)<\/p>\n\n\n\n<p>\u2013 Hi\/sy\/dit leer (o\/o\/o \u00f6yr\u0259nir)<\/p>\n\n\n\n<p>\u2013 Ons\/julle leer (biz\/ham\u0131n\u0131z \u00f6yr\u0259nirik)<\/p>\n\n\n\n<p>\u2013 Hulle leer (\u00f6yr\u0259nirl\u0259r)<\/p>\n\n\n\n<p>Unutmay\u0131n, bu sad\u0259c\u0259 buzla\u011f\u0131n ucudur! T\u0259dqiqatlarda ir\u0259lil\u0259dikc\u0259 m\u00fcxt\u0259lif dig\u0259r g\u0259rginlikl\u0259r\u0259 v\u0259 b\u0259zi qeyri-m\u00fcnt\u0259z\u0259m feill\u0259r\u0259 rast g\u0259l\u0259c\u0259ksiniz.<\/p>\n\n\n\n<h3 class=\"wp-block-heading\" id=\"h-4-pronouns-prepositions-and-more\">4. Pronouns, prepositions v\u0259 daha \u00e7ox!<\/h3>\n\n\n\n<p>Afrikaans qrammatikas\u0131 pronouns (ek, jy, hy, sy v\u0259 s.), prepositions (in, op, met v\u0259 s.) v\u0259 idiomatik ifad\u0259l\u0259r kimi dig\u0259r komponentl\u0259ri \u0259hat\u0259 edir. Dili \u00f6yr\u0259ndikc\u0259 h\u0259rt\u0259r\u0259fli r\u0259van dan\u0131\u015fmaq \u00fc\u00e7\u00fcn bu elementl\u0259rin h\u0259r birini m\u0259nims\u0259m\u0259li olacaqs\u0131n\u0131z.<\/p>\n\n\n\n<p>Sonda afrikaans qrammatikas\u0131na yiy\u0259l\u0259nm\u0259k \u00fc\u00e7\u00fcn s\u0259bir, \u0259m\u0259l v\u0259 s\u0259bir t\u0259l\u0259b olunur. Ancaq dilin inc\u0259likl\u0259rini d\u0259rk etdikd\u0259n sonra, do\u011fma dan\u0131\u015fanlarla s\u00f6hb\u0259t etm\u0259k, afrikaansdilli d\u00fcnyan\u0131n z\u0259ngin m\u0259d\u0259niyy\u0259tini v\u0259 tarixini ya\u015famaq v\u0259 dil\u0259 olan sevginizi d\u0259rinl\u0259\u015fdirm\u0259k \u00fc\u00e7\u00fcn yax\u015f\u0131 yolda olacaqs\u0131n\u0131z. Sterkte (good luck)!<\/p>\n<\/div><\/div>\n\r\n<section class=\"learnNavigationSection\">\r\n            \r\n        <a href=\"https:\/\/talkpal.ai\/az\/afrikalilari-oyr%c9%99nin\/\">\r\n            <div class=\"learnNavigationWrapper\">\r\n                <div class=\"learnNavigationContent\">\r\n                    <img decoding=\"async\" src=\"https:\/\/talkpal.ai\/wp-content\/uploads\/2024\/08\/Afrikaans.jpg\" alt=\"South Africa Flag\">\r\n                    <div>\r\n                        <h4>Afrikaans \u00f6yr\u0259nm\u0259 haqq\u0131nda<\/h4>\r\n                        <p>Afrikaans qrammatikas\u0131 haqq\u0131nda h\u0259r \u015feyi \u00f6yr\u0259nin .<\/p>\r\n                    <\/div>\r\n                <\/div>\r\n            <\/div>\r\n        <\/a>\r\n\r\n        \r\n        <a href=\"https:\/\/talkpal.ai\/az\/afrikaans-qrammatika-m%c9%99sql%c9%99ri\/\">\r\n            <div class=\"learnNavigationWrapper\">\r\n                <div class=\"learnNavigationContent\">\r\n                    <img decoding=\"async\" src=\"https:\/\/talkpal.ai\/wp-content\/uploads\/2024\/08\/Afrikaans.jpg\" alt=\"South Africa Flag\">\r\n                    <div>\r\n                        <h4>Afrika Qrammatikas\u0131 M\u0259\u015fqi<\/h4>\r\n                        <p>Afrika dilinin qrammatikas\u0131 .<\/p>\r\n                    <\/div>\r\n                <\/div>\r\n            <\/div>\r\n        <\/a>\r\n\r\n        \r\n        <a href=\"https:\/\/talkpal.ai\/vocabulary_language\/afrikaans\/\">\r\n            <div class=\"learnNavigationWrapper\">\r\n                <div class=\"learnNavigationContent\">\r\n                    <img decoding=\"async\" src=\"https:\/\/talkpal.ai\/wp-content\/uploads\/2024\/08\/Afrikaans.jpg\" alt=\"South Africa Flag\">\r\n                    <div>\r\n                        <h4>Afrika dili l\u00fc\u011f\u0259ti<\/h4>\r\n                        <p>Afrikaans l\u00fc\u011f\u0259tinizi geni\u015fl\u0259ndirin.<\/p>\r\n                    <\/div>\r\n                <\/div>\r\n            <\/div>\r\n        <\/a>\r\n\r\n            <\/section>","protected":false},"excerpt":{"rendered":"<p>Mastering Afrikaans Grammar: Your Ultimate Guide Goeie dag, dil h\u0259v\u0259skarlar\u0131! Afrika dilinin qrammatikas\u0131 d\u00fcnyas\u0131na s\u0259yah\u0259t\u0259 \u00e7\u0131xma\u011fa haz\u0131rs\u0131n\u0131zm\u0131? Siz d\u00fczg\u00fcn yer\u0259 g\u0259ldiniz. Asan ba\u015fa d\u00fc\u015f\u00fcl\u0259n m\u0259&#8217;lumat v\u0259 dan\u0131\u015f\u0131q tonu il\u0259 dolu olan bu m\u0259qal\u0259 siz\u0259 Afrika dilinin qrammatikas\u0131 il\u0259 ba\u011fl\u0131 maraql\u0131 bir sah\u0259d\u0259 r\u0259hb\u0259rlik ver\u0259c\u0259k. Tezlikl\u0259 siz c\u00fcml\u0259l\u0259r qura v\u0259 do\u011fma dan\u0131\u015fanlarla m\u0259nal\u0131 s\u00f6hb\u0259tl\u0259r ed\u0259 bil\u0259c\u0259ksiniz. [&hellip;]<\/p>\n","protected":false},"author":1,"featured_media":108870,"parent":0,"menu_order":0,"comment_status":"closed","ping_status":"closed","template":"LearningContentPage.php","meta":{"_acf_changed":false,"footnotes":""},"class_list":["post-140734","page","type-page","status-publish","has-post-thumbnail","hentry"],"acf":[],"yoast_head":"<!-- This site is optimized with the Yoast SEO Premium plugin v27.2 (Yoast SEO v27.2) - https:\/\/yoast.com\/product\/yoast-seo-premium-wordpress\/ -->\n<title>Afrika dili qrammatikas\u0131 - Talkpal<\/title>\n<meta name=\"description\" content=\"Ba\u015flayanlar \u00fc\u00e7\u00fcn uy\u011fun b\u0259l\u0259d\u00e7imizl\u0259 Afrika dilinin qrammatikas\u0131n\u0131 ara\u015fd\u0131r\u0131n. C\u00fcml\u0259 qurulu\u015funu m\u0259nims\u0259yin v\u0259 dan\u0131\u015f\u0131q bacar\u0131qlar\u0131n\u0131z\u0131 art\u0131r\u0131n.\" \/>\n<meta name=\"robots\" content=\"index, follow, max-snippet:-1, max-image-preview:large, max-video-preview:-1\" \/>\n<link rel=\"canonical\" href=\"https:\/\/talkpal.ai\/az\/afrika-dili-qrammatikasi\/\" \/>\n<meta property=\"og:locale\" content=\"az_AZ\" \/>\n<meta property=\"og:type\" content=\"article\" \/>\n<meta property=\"og:title\" content=\"Afrika dili qrammatikas\u0131\" \/>\n<meta property=\"og:description\" content=\"Mastering Afrikaans Grammar: Your Ultimate Guide Goeie dag, dil h\u0259v\u0259skarlar\u0131! Afrika dilinin qrammatikas\u0131 d\u00fcnyas\u0131na s\u0259yah\u0259t\u0259 \u00e7\u0131xma\u011fa haz\u0131rs\u0131n\u0131zm\u0131? Siz\" \/>\n<meta property=\"og:url\" content=\"https:\/\/talkpal.ai\/az\/afrika-dili-qrammatikasi\/\" \/>\n<meta property=\"og:site_name\" content=\"Talkpal\" \/>\n<meta property=\"article:publisher\" content=\"https:\/\/www.facebook.com\/profile.php?id=100090733639311\" \/>\n<meta property=\"article:modified_time\" content=\"2025-05-22T19:05:27+00:00\" \/>\n<meta property=\"og:image\" content=\"https:\/\/talkpal.ai\/wp-content\/uploads\/2023\/05\/south-africa.png\" \/>\n\t<meta property=\"og:image:width\" content=\"512\" \/>\n\t<meta property=\"og:image:height\" content=\"512\" \/>\n\t<meta property=\"og:image:type\" content=\"image\/png\" \/>\n<meta name=\"twitter:card\" content=\"summary_large_image\" \/>\n<meta name=\"twitter:site\" content=\"@talkpalai\" \/>\n<meta name=\"twitter:label1\" content=\"Est. reading time\" \/>\n\t<meta name=\"twitter:data1\" content=\"3 minutes\" \/>\n<script type=\"application\/ld+json\" class=\"yoast-schema-graph\">{\"@context\":\"https:\/\/schema.org\",\"@graph\":[{\"@type\":\"WebPage\",\"@id\":\"https:\/\/talkpal.ai\/az\/afrika-dili-qrammatikasi\/\",\"url\":\"https:\/\/talkpal.ai\/az\/afrika-dili-qrammatikasi\/\",\"name\":\"Afrika dili qrammatikas\u0131 - Talkpal\",\"isPartOf\":{\"@id\":\"https:\/\/talkpal.ai\/az\/#website\"},\"primaryImageOfPage\":{\"@id\":\"https:\/\/talkpal.ai\/az\/afrika-dili-qrammatikasi\/#primaryimage\"},\"image\":{\"@id\":\"https:\/\/talkpal.ai\/az\/afrika-dili-qrammatikasi\/#primaryimage\"},\"thumbnailUrl\":\"https:\/\/talkpal.ai\/wp-content\/uploads\/2023\/05\/south-africa.png\",\"datePublished\":\"2023-05-14T13:59:24+00:00\",\"dateModified\":\"2025-05-22T19:05:27+00:00\",\"description\":\"Ba\u015flayanlar \u00fc\u00e7\u00fcn uy\u011fun b\u0259l\u0259d\u00e7imizl\u0259 Afrika dilinin qrammatikas\u0131n\u0131 ara\u015fd\u0131r\u0131n. C\u00fcml\u0259 qurulu\u015funu m\u0259nims\u0259yin v\u0259 dan\u0131\u015f\u0131q bacar\u0131qlar\u0131n\u0131z\u0131 art\u0131r\u0131n.\",\"breadcrumb\":{\"@id\":\"https:\/\/talkpal.ai\/az\/afrika-dili-qrammatikasi\/#breadcrumb\"},\"inLanguage\":\"az\",\"potentialAction\":[{\"@type\":\"ReadAction\",\"target\":[\"https:\/\/talkpal.ai\/az\/afrika-dili-qrammatikasi\/\"]}]},{\"@type\":\"ImageObject\",\"inLanguage\":\"az\",\"@id\":\"https:\/\/talkpal.ai\/az\/afrika-dili-qrammatikasi\/#primaryimage\",\"url\":\"https:\/\/talkpal.ai\/wp-content\/uploads\/2023\/05\/south-africa.png\",\"contentUrl\":\"https:\/\/talkpal.ai\/wp-content\/uploads\/2023\/05\/south-africa.png\",\"width\":512,\"height\":512},{\"@type\":\"BreadcrumbList\",\"@id\":\"https:\/\/talkpal.ai\/az\/afrika-dili-qrammatikasi\/#breadcrumb\",\"itemListElement\":[{\"@type\":\"ListItem\",\"position\":1,\"name\":\"Homepage\",\"item\":\"https:\/\/talkpal.ai\/az\/\"},{\"@type\":\"ListItem\",\"position\":2,\"name\":\"Afrika dili qrammatikas\u0131\"}]},{\"@type\":\"WebSite\",\"@id\":\"https:\/\/talkpal.ai\/az\/#website\",\"url\":\"https:\/\/talkpal.ai\/az\/\",\"name\":\"Talkpal\",\"description\":\"AI Language Learning\",\"publisher\":{\"@id\":\"https:\/\/talkpal.ai\/az\/#organization\"},\"alternateName\":\"Talkpal AI\",\"potentialAction\":[{\"@type\":\"SearchAction\",\"target\":{\"@type\":\"EntryPoint\",\"urlTemplate\":\"https:\/\/talkpal.ai\/az\/?s={search_term_string}\"},\"query-input\":{\"@type\":\"PropertyValueSpecification\",\"valueRequired\":true,\"valueName\":\"search_term_string\"}}],\"inLanguage\":\"az\"},{\"@type\":\"Organization\",\"@id\":\"https:\/\/talkpal.ai\/az\/#organization\",\"name\":\"Talkpal, Inc.\",\"alternateName\":\"Talkpal AI\",\"url\":\"https:\/\/talkpal.ai\/az\/\",\"logo\":{\"@type\":\"ImageObject\",\"inLanguage\":\"az\",\"@id\":\"https:\/\/talkpal.ai\/az\/#\/schema\/logo\/image\/\",\"url\":\"https:\/\/talkpal.ai\/wp-content\/uploads\/2024\/03\/Talkpal-Logo-Icon.png\",\"contentUrl\":\"https:\/\/talkpal.ai\/wp-content\/uploads\/2024\/03\/Talkpal-Logo-Icon.png\",\"width\":2880,\"height\":2880,\"caption\":\"Talkpal, Inc.\"},\"image\":{\"@id\":\"https:\/\/talkpal.ai\/az\/#\/schema\/logo\/image\/\"},\"sameAs\":[\"https:\/\/www.facebook.com\/profile.php?id=100090733639311\",\"https:\/\/x.com\/talkpalai\",\"https:\/\/www.linkedin.com\/company\/talkpal\/\",\"https:\/\/www.youtube.com\/@TalkPal\/\",\"https:\/\/www.tiktok.com\/@talkpal\",\"https:\/\/www.instagram.com\/talkpal_ai\/\",\"https:\/\/www.crunchbase.com\/organization\/talkpal-9cde\",\"https:\/\/www.g2.com\/products\/talkpal-for-business\/\",\"https:\/\/www.trustpilot.com\/review\/talkpal.ai\",\"https:\/\/www.capterra.com\/p\/10006800\/TalkPal\/\"],\"description\":\"Talkpal is a language learning web and mobile education app, powered by the latest AI technologies, that provides engaging experiences to its customers in many different languages to help them improve their language skills. Users can chat about unlimited amount of topics with the app and use other modes to practice their language learning.\",\"email\":\"support@talkpal.ai\",\"legalName\":\"Talkpal, Inc.\",\"foundingDate\":\"2023-04-03\",\"duns\":\"118989042\",\"numberOfEmployees\":{\"@type\":\"QuantitativeValue\",\"minValue\":\"11\",\"maxValue\":\"50\"},\"publishingPrinciples\":\"https:\/\/talkpal.ai\/publishing-principles\/\",\"actionableFeedbackPolicy\":\"https:\/\/talkpal.ai\/actionable-feedback-policy\/\",\"correctionsPolicy\":\"https:\/\/talkpal.ai\/corrections-policy\/\",\"ethicsPolicy\":\"https:\/\/talkpal.ai\/ethics-policy\/\",\"diversityPolicy\":\"https:\/\/talkpal.ai\/diversity-policy\/\",\"diversityStaffingReport\":\"https:\/\/talkpal.ai\/diversity-policy\/\"}]}<\/script>\n<!-- \/ Yoast SEO Premium plugin. -->","yoast_head_json":{"title":"Afrika dili qrammatikas\u0131 - Talkpal","description":"Ba\u015flayanlar \u00fc\u00e7\u00fcn uy\u011fun b\u0259l\u0259d\u00e7imizl\u0259 Afrika dilinin qrammatikas\u0131n\u0131 ara\u015fd\u0131r\u0131n. C\u00fcml\u0259 qurulu\u015funu m\u0259nims\u0259yin v\u0259 dan\u0131\u015f\u0131q bacar\u0131qlar\u0131n\u0131z\u0131 art\u0131r\u0131n.","robots":{"index":"index","follow":"follow","max-snippet":"max-snippet:-1","max-image-preview":"max-image-preview:large","max-video-preview":"max-video-preview:-1"},"canonical":"https:\/\/talkpal.ai\/az\/afrika-dili-qrammatikasi\/","og_locale":"az_AZ","og_type":"article","og_title":"Afrika dili qrammatikas\u0131","og_description":"Mastering Afrikaans Grammar: Your Ultimate Guide Goeie dag, dil h\u0259v\u0259skarlar\u0131! Afrika dilinin qrammatikas\u0131 d\u00fcnyas\u0131na s\u0259yah\u0259t\u0259 \u00e7\u0131xma\u011fa haz\u0131rs\u0131n\u0131zm\u0131? Siz","og_url":"https:\/\/talkpal.ai\/az\/afrika-dili-qrammatikasi\/","og_site_name":"Talkpal","article_publisher":"https:\/\/www.facebook.com\/profile.php?id=100090733639311","article_modified_time":"2025-05-22T19:05:27+00:00","og_image":[{"width":512,"height":512,"url":"https:\/\/talkpal.ai\/wp-content\/uploads\/2023\/05\/south-africa.png","type":"image\/png"}],"twitter_card":"summary_large_image","twitter_site":"@talkpalai","twitter_misc":{"Est. reading time":"3 minutes"},"schema":{"@context":"https:\/\/schema.org","@graph":[{"@type":"WebPage","@id":"https:\/\/talkpal.ai\/az\/afrika-dili-qrammatikasi\/","url":"https:\/\/talkpal.ai\/az\/afrika-dili-qrammatikasi\/","name":"Afrika dili qrammatikas\u0131 - Talkpal","isPartOf":{"@id":"https:\/\/talkpal.ai\/az\/#website"},"primaryImageOfPage":{"@id":"https:\/\/talkpal.ai\/az\/afrika-dili-qrammatikasi\/#primaryimage"},"image":{"@id":"https:\/\/talkpal.ai\/az\/afrika-dili-qrammatikasi\/#primaryimage"},"thumbnailUrl":"https:\/\/talkpal.ai\/wp-content\/uploads\/2023\/05\/south-africa.png","datePublished":"2023-05-14T13:59:24+00:00","dateModified":"2025-05-22T19:05:27+00:00","description":"Ba\u015flayanlar \u00fc\u00e7\u00fcn uy\u011fun b\u0259l\u0259d\u00e7imizl\u0259 Afrika dilinin qrammatikas\u0131n\u0131 ara\u015fd\u0131r\u0131n. C\u00fcml\u0259 qurulu\u015funu m\u0259nims\u0259yin v\u0259 dan\u0131\u015f\u0131q bacar\u0131qlar\u0131n\u0131z\u0131 art\u0131r\u0131n.","breadcrumb":{"@id":"https:\/\/talkpal.ai\/az\/afrika-dili-qrammatikasi\/#breadcrumb"},"inLanguage":"az","potentialAction":[{"@type":"ReadAction","target":["https:\/\/talkpal.ai\/az\/afrika-dili-qrammatikasi\/"]}]},{"@type":"ImageObject","inLanguage":"az","@id":"https:\/\/talkpal.ai\/az\/afrika-dili-qrammatikasi\/#primaryimage","url":"https:\/\/talkpal.ai\/wp-content\/uploads\/2023\/05\/south-africa.png","contentUrl":"https:\/\/talkpal.ai\/wp-content\/uploads\/2023\/05\/south-africa.png","width":512,"height":512},{"@type":"BreadcrumbList","@id":"https:\/\/talkpal.ai\/az\/afrika-dili-qrammatikasi\/#breadcrumb","itemListElement":[{"@type":"ListItem","position":1,"name":"Homepage","item":"https:\/\/talkpal.ai\/az\/"},{"@type":"ListItem","position":2,"name":"Afrika dili qrammatikas\u0131"}]},{"@type":"WebSite","@id":"https:\/\/talkpal.ai\/az\/#website","url":"https:\/\/talkpal.ai\/az\/","name":"Talkpal","description":"AI Language Learning","publisher":{"@id":"https:\/\/talkpal.ai\/az\/#organization"},"alternateName":"Talkpal AI","potentialAction":[{"@type":"SearchAction","target":{"@type":"EntryPoint","urlTemplate":"https:\/\/talkpal.ai\/az\/?s={search_term_string}"},"query-input":{"@type":"PropertyValueSpecification","valueRequired":true,"valueName":"search_term_string"}}],"inLanguage":"az"},{"@type":"Organization","@id":"https:\/\/talkpal.ai\/az\/#organization","name":"Talkpal, Inc.","alternateName":"Talkpal AI","url":"https:\/\/talkpal.ai\/az\/","logo":{"@type":"ImageObject","inLanguage":"az","@id":"https:\/\/talkpal.ai\/az\/#\/schema\/logo\/image\/","url":"https:\/\/talkpal.ai\/wp-content\/uploads\/2024\/03\/Talkpal-Logo-Icon.png","contentUrl":"https:\/\/talkpal.ai\/wp-content\/uploads\/2024\/03\/Talkpal-Logo-Icon.png","width":2880,"height":2880,"caption":"Talkpal, Inc."},"image":{"@id":"https:\/\/talkpal.ai\/az\/#\/schema\/logo\/image\/"},"sameAs":["https:\/\/www.facebook.com\/profile.php?id=100090733639311","https:\/\/x.com\/talkpalai","https:\/\/www.linkedin.com\/company\/talkpal\/","https:\/\/www.youtube.com\/@TalkPal\/","https:\/\/www.tiktok.com\/@talkpal","https:\/\/www.instagram.com\/talkpal_ai\/","https:\/\/www.crunchbase.com\/organization\/talkpal-9cde","https:\/\/www.g2.com\/products\/talkpal-for-business\/","https:\/\/www.trustpilot.com\/review\/talkpal.ai","https:\/\/www.capterra.com\/p\/10006800\/TalkPal\/"],"description":"Talkpal is a language learning web and mobile education app, powered by the latest AI technologies, that provides engaging experiences to its customers in many different languages to help them improve their language skills. Users can chat about unlimited amount of topics with the app and use other modes to practice their language learning.","email":"support@talkpal.ai","legalName":"Talkpal, Inc.","foundingDate":"2023-04-03","duns":"118989042","numberOfEmployees":{"@type":"QuantitativeValue","minValue":"11","maxValue":"50"},"publishingPrinciples":"https:\/\/talkpal.ai\/publishing-principles\/","actionableFeedbackPolicy":"https:\/\/talkpal.ai\/actionable-feedback-policy\/","correctionsPolicy":"https:\/\/talkpal.ai\/corrections-policy\/","ethicsPolicy":"https:\/\/talkpal.ai\/ethics-policy\/","diversityPolicy":"https:\/\/talkpal.ai\/diversity-policy\/","diversityStaffingReport":"https:\/\/talkpal.ai\/diversity-policy\/"}]}},"_links":{"self":[{"href":"https:\/\/talkpal.ai\/az\/wp-json\/wp\/v2\/pages\/140734","targetHints":{"allow":["GET"]}}],"collection":[{"href":"https:\/\/talkpal.ai\/az\/wp-json\/wp\/v2\/pages"}],"about":[{"href":"https:\/\/talkpal.ai\/az\/wp-json\/wp\/v2\/types\/page"}],"author":[{"embeddable":true,"href":"https:\/\/talkpal.ai\/az\/wp-json\/wp\/v2\/users\/1"}],"replies":[{"embeddable":true,"href":"https:\/\/talkpal.ai\/az\/wp-json\/wp\/v2\/comments?post=140734"}],"version-history":[{"count":0,"href":"https:\/\/talkpal.ai\/az\/wp-json\/wp\/v2\/pages\/140734\/revisions"}],"wp:featuredmedia":[{"embeddable":true,"href":"https:\/\/talkpal.ai\/az\/wp-json\/wp\/v2\/media\/108870"}],"wp:attachment":[{"href":"https:\/\/talkpal.ai\/az\/wp-json\/wp\/v2\/media?parent=140734"}],"curies":[{"name":"wp","href":"https:\/\/api.w.org\/{rel}","templated":true}]}}