{"id":140388,"date":"2023-05-14T13:54:14","date_gmt":"2023-05-14T13:54:14","guid":{"rendered":"http:\/\/talkpal.ai\/erm%c9%99ni-dilinin-qrammatikasi\/"},"modified":"2025-05-21T10:56:13","modified_gmt":"2025-05-21T10:56:13","slug":"erm%c9%99ni-dilinin-qrammatikasi","status":"publish","type":"page","link":"https:\/\/talkpal.ai\/az\/erm%c9%99ni-dilinin-qrammatikasi\/","title":{"rendered":"Erm\u0259ni dilinin qrammatikas\u0131"},"content":{"rendered":"\r\n\r\n\r\n<section class=\"languageChallengeSection\">\r\n    <div class=\"languageInfoWrapper\">\r\n        \r\n        <h1>Erm\u0259ni dilinin qrammatikas\u0131<\/h1>\r\n        <p>Yeni bir dil k\u0259\u015ff etm\u0259y\u0259 haz\u0131rs\u0131n\u0131z? <a href=\"https:\/\/talkpal.ai\/learn-armenian\/\">Erm\u0259ni<\/a> qrammatikas\u0131 sizin f\u00fcsunkar nax\u0131\u015flar v\u0259 unikal \u0259n\u0259n\u0259l\u0259r d\u00fcnyas\u0131na a\u00e7\u0131lan qap\u0131d\u0131r! <a href=\"https:\/\/talkpal.ai\/learn-armenian\/\">Erm\u0259ni<\/a> qrammatikas\u0131n\u0131 \u00f6yr\u0259ndikc\u0259, siz n\u0259inki bir dili m\u0259nims\u0259y\u0259c\u0259ksiniz, h\u0259m d\u0259 Erm\u0259nistan\u0131n d\u0259rin m\u0259d\u0259ni irsi il\u0259 \u0259laq\u0259 saxlayacaqs\u0131n\u0131z. G\u0259lin birlikd\u0259 gir\u0259k v\u0259 erm\u0259ni dilin\u0259 s\u0259yah\u0259td\u0259n h\u0259zz al\u0131n!<\/p>\r\n\r\n                            <a class=\"getStartedHidden\" href=\"https:\/\/app.talkpal.ai\/signup?lng=\">Ba\u015fla<\/a>\r\n        \r\n    <\/div>\r\n\r\n    <figure>\r\n    <img decoding=\"async\" width=\"768\" height=\"768\" src=\"https:\/\/talkpal.ai\/wp-content\/uploads\/2023\/06\/armenian-768x768.png\" class=\"languageImage no-lazy\" alt=\"Language learning for higher cognition\" fetchpriority=\"high\" sizes=\"(max-width: 768px) 150px, 768px\" srcset=\"https:\/\/talkpal.ai\/wp-content\/uploads\/2023\/06\/armenian-768x768.png 768w, https:\/\/talkpal.ai\/wp-content\/uploads\/2023\/06\/armenian-300x300.png 300w\" \/>\r\n    \r\n\r\n    <\/figure>\r\n\r\n            <a class=\"getStartedVisible\" href=\"https:\/\/app.talkpal.ai\/signup?lng=\">Ba\u015fla<\/a>\r\n    \r\n<\/section>\r\n<section class=\"promotionalBanner\">\r\n    <p class=\"promotionalText\">Dil \u00f6yr\u0259nm\u0259yin \u0259n t\u0259sirli yolu<\/p>\r\n    <a class=\"promotionalLink\" href=\"https:\/\/app.talkpal.ai\/signup?lng=\">Talkpal pulsuz s\u0131nay\u0131n<\/a>\r\n<\/section>\n<div class=\"wp-block-group pageContainerStyle\"><div class=\"wp-block-group__inner-container is-layout-constrained wp-block-group-is-layout-constrained\">\n<h2 class=\"wp-block-heading\" id=\"h-discovering-the-richness-of-armenian-grammar\">Erm\u0259ni dilinin z\u0259nginliyini k\u0259\u015ff etm\u0259k<\/h2>\n\n\n\n<p>\u00d6z\u00fcn\u0259m\u0259xsus v\u0259 maraql\u0131 dil olan erm\u0259ni dili \u0130ndo-Az\u0259rbaycan ail\u0259sind\u0259 \u00f6z\u00fcn\u0259m\u0259xsus yer tutur. Nax\u00e7\u0131van dilini \u00f6yr\u0259nm\u0259k t\u0259kc\u0259 dil repertuar\u0131n\u0131z\u0131 z\u0259nginl\u0259\u015fdirm\u0259kl\u0259 kifay\u0259tl\u0259nmir, h\u0259m d\u0259 Nax\u00e7\u0131van\u0131n z\u0259ngin tarixin\u0259 v\u0259 m\u0259d\u0259niyy\u0259tin\u0259 dalma\u011fa imkan yarad\u0131r. Erm\u0259ni dilinin qrammatikas\u0131 ilk bax\u0131\u015fdan qorxulu g\u00f6r\u00fcns\u0259 d\u0259, onu \u00f6z z\u0259ruri komponentl\u0259rin\u0259 par\u00e7alamaq prosesi sad\u0259l\u0259\u015fdirir. Bu yaz\u0131da sizi erm\u0259ni qrammatikas\u0131n\u0131n f\u00fcsunkar d\u00fcnyas\u0131 il\u0259 tan\u0131\u015f ed\u0259c\u0259yik v\u0259 onun inc\u0259likl\u0259rin\u0259 nec\u0259 yiy\u0259l\u0259nm\u0259yiniz\u0259 dair m\u0259sl\u0259h\u0259tl\u0259r ver\u0259c\u0259yik.<\/p>\n\n\n\n<h3 class=\"wp-block-heading\" id=\"h-1-the-armenian-alphabet\">1. Erm\u0259ni \u0259lifbas\u0131<\/h3>\n\n\n\n<p>Erm\u0259ni dilinin \u00f6z\u00fcn\u0259m\u0259xsus \u0259lifbas\u0131 var. O, 39 h\u0259rfd\u0259n ibar\u0259tdir v\u0259 h\u0259r biri konkret fonemi v\u0259 ya fonema birl\u0259\u015fm\u0259sini t\u0259msil edir. Erm\u0259ni qrammatikas\u0131n\u0131 \u00f6yr\u0259nm\u0259k \u00fc\u00e7\u00fcn erm\u0259ni m\u0259tnl\u0259rini oxumaq v\u0259 yazmaqla m\u0259\u015fq etm\u0259kl\u0259 bu unikal yaz\u0131 sistemi il\u0259 tan\u0131\u015f olmaq \u00e7ox vacibdir.<\/p>\n\n\n\n<h3 class=\"wp-block-heading\" id=\"h-2-nouns-gender-and-cases\">2. Nounlar: Cins v\u0259 Hallar<\/h3>\n\n\n\n<p>Erm\u0259ni nounlar\u0131n\u0131n bir \u00e7ox ba\u015fqa dill\u0259r kimi qrammatik cinsiyy\u0259ti yoxdur. Lakin onlar\u0131n bir ne\u00e7\u0259 hal\u0131 var: nominativ, ittihamedici, dativ, genitativ, instrumental, ablativ v\u0259 lokativ. Bu hallar\u0131n \u0259m\u0259l\u0259 g\u0259lm\u0259si qaydalar\u0131n\u0131 \u00f6yr\u0259nm\u0259k erm\u0259ni c\u00fcml\u0259l\u0259rini daha yax\u015f\u0131 anlama\u011fa v\u0259 strukturla\u015fd\u0131rma\u011fa imkan ver\u0259c\u0259k.<\/p>\n\n\n\n<h3 class=\"wp-block-heading\" id=\"h-3-verbs-conjugation-and-tense\">3. Feill\u0259r: Konjuqasiya v\u0259 g\u0259rginlik<\/h3>\n\n\n\n<p>Erm\u0259ni feill\u0259ri g\u0259rgin, \u0259hval-ruhiyy\u0259li v\u0259 aspektin\u0259 uy\u011fun olaraq birl\u0259\u015fir. Erm\u0259nic\u0259d\u0259 7 \u0259sas g\u0259rginlik var. Bunlar indiki, qeyri-kamil, m\u00fck\u0259mm\u0259l, aorist, g\u0259l\u0259c\u0259k, pluperf v\u0259 g\u0259l\u0259c\u0259k m\u00fck\u0259mm\u0259ldir. M\u00fcnt\u0259z\u0259m feill\u0259r konkret konyunkasiya qaydalar\u0131na riay\u0259t edir v\u0259 qaydalar\u0131 ba\u015fa d\u00fc\u015fm\u0259y\u0259nd\u0259 onlar\u0131 \u00f6yr\u0259nm\u0259k nisb\u0259t\u0259n asan olur.<\/p>\n\n\n\n<h3 class=\"wp-block-heading\" id=\"h-4-adjectives-agreement-and-placement\">4. Adjectives: Raz\u0131la\u015fma v\u0259 yerl\u0259\u015fdirm\u0259<\/h3>\n\n\n\n<p>Erm\u0259ni dilinin qrammatikas\u0131nda, bir qayda olaraq, adyundlar\u0131n d\u0259yi\u015fdirilm\u0259sind\u0259n \u0259vv\u0259l g\u0259lir v\u0259 bu halda da nounla raz\u0131la\u015fmaq laz\u0131m deyil. Lakin, \u0259g\u0259r onlar substantiv olaraq istifad\u0259 olunursa v\u0259 ya m\u00fc\u0259yy\u0259n n\u00fcmayi\u015f v\u0259 sahiblik pronounslar t\u0259r\u0259find\u0259n \u0259vv\u0259l edilirs\u0259, bu zaman adjectives imtina edil\u0259 bil\u0259r.<\/p>\n\n\n\n<p><strong>N\u00fcmun\u0259l\u0259r:<\/strong><\/p>\n\n\n\n<p>\u2013 \u057d\u0578\u0582\u0580\u0562 \u057f\u0561\u0573\u0561\u0580 (surb tachar) \u2013 m\u00fcq\u0259dd\u0259s m\u0259b\u0259d<\/p>\n\n\n\n<p>\u2013 \u0561\u0575\u057d \u0574\u0565\u056e \u057f\u0578\u0582\u0576 (ays metz tun) \u2013 bu b\u00f6y\u00fck ev<\/p>\n\n\n\n<h3 class=\"wp-block-heading\" id=\"h-5-evidentiality-in-verbs\">5. Feill\u0259rd\u0259 s\u00fcbutluq<\/h3>\n\n\n\n<p>Erm\u0259ni dilinin qrammatikas\u0131n\u0131n \u00f6z\u00fcn\u0259m\u0259xsus c\u0259h\u0259tl\u0259rind\u0259n biri d\u0259 s\u00fcbut feill\u0259rinin i\u015fl\u0259nm\u0259sidir. Bu x\u00fcsusiyy\u0259t bir c\u00fcml\u0259d\u0259ki h\u0259r\u0259k\u0259tl\u0259 ba\u011fl\u0131 dan\u0131\u015fan\u0131n biliyinin (\u015f\u0259xsi t\u0259cr\u00fcb\u0259, e\u015fitm\u0259 v\u0259 ya n\u0259tic\u0259) m\u0259nb\u0259yini g\u00f6st\u0259rir. Bu n\u00fcanslara diqq\u0259t yetirm\u0259k s\u00f6hb\u0259t zaman\u0131 konteksti v\u0259 ayd\u0131nl\u0131\u011f\u0131 t\u0259min etm\u0259y\u0259 k\u00f6m\u0259k ed\u0259 bil\u0259r.<\/p>\n\n\n\n<h3 class=\"wp-block-heading\" id=\"h-6-engaging-with-the-language\">6. Dil il\u0259 m\u0259\u015f\u011ful olmaq<\/h3>\n\n\n\n<p>Erm\u0259ni dilinin qrammatikas\u0131n\u0131 d\u0259rk etm\u0259k v\u0259 daxilil\u0259\u015fdirm\u0259k \u00fc\u00e7\u00fcn \u0259n effektiv \u00fcsul dil il\u0259 m\u00fcnt\u0259z\u0259m \u00fcnsiyy\u0259t qurmaqd\u0131r. Erm\u0259ni \u0259d\u0259biyyat\u0131n\u0131 oxumaqla, film v\u0259 ya televiziya seriallar\u0131na baxmaqla, do\u011fma g\u00fcrc\u00fcl\u0259rl\u0259 f\u0259al \u00fcnsiyy\u0259t qurmaqla siz qrammatika haqq\u0131nda anlay\u0131\u015f\u0131n\u0131z\u0131 daha da g\u00fccl\u0259ndir\u0259c\u0259k, s\u00f6z ehtiyat\u0131n\u0131z\u0131 eyni vaxtda geni\u015fl\u0259ndir\u0259c\u0259ksiniz.<\/p>\n\n\n\n<h3 class=\"wp-block-heading\" id=\"h-conclusion\">N\u0259tic\u0259<\/h3>\n\n\n\n<p>Erm\u0259ni dilinin qrammatikas\u0131 m\u00fcr\u0259kk\u0259b g\u00f6r\u00fcns\u0259 d\u0259, ona add\u0131m-add\u0131m yax\u0131nla\u015fmaq v\u0259 ard\u0131c\u0131l olaraq m\u0259\u015fq etm\u0259k bu g\u00f6z\u0259l dild\u0259 pe\u015f\u0259kar olma\u011fa k\u00f6m\u0259k ed\u0259c\u0259k. Erm\u0259ni dili s\u0259rg\u00fcz\u0259\u015ftiniz\u0259 ba\u015flad\u0131\u011f\u0131n\u0131z zaman \u00e7\u0259tinliyi q\u0259bul edin v\u0259 tezlikl\u0259 onun qrammatikas\u0131n\u0131n n\u00fcanslar\u0131n\u0131 artan inamla \u00f6yr\u0259n\u0259c\u0259ksiniz. \u00d6yr\u0259nm\u0259k, erm\u0259ni dilinin z\u0259nginliyini ara\u015fd\u0131rmaqdan z\u00f6vq almaq!<\/p>\n<\/div><\/div>\n\r\n<section class=\"learnNavigationSection\">\r\n            \r\n        <a href=\"https:\/\/talkpal.ai\/az\/erm%c9%99ni-dilini-oyr%c9%99n\/\">\r\n            <div class=\"learnNavigationWrapper\">\r\n                <div class=\"learnNavigationContent\">\r\n                    <img decoding=\"async\" src=\"https:\/\/talkpal.ai\/wp-content\/uploads\/2024\/08\/Armenian.jpg\" alt=\"Armenian Flag\">\r\n                    <div>\r\n                        <h4>Erm\u0259ni \u00f6yr\u0259nm\u0259 haqq\u0131nda<\/h4>\r\n                        <p>Erm\u0259ni dilinin qrammatikas\u0131 haqq\u0131nda h\u0259r \u015feyi \u00f6yr\u0259nin.<\/p>\r\n                    <\/div>\r\n                <\/div>\r\n            <\/div>\r\n        <\/a>\r\n\r\n        \r\n        <a href=\"https:\/\/talkpal.ai\/az\/erm%c9%99ni-dilinin-qrammatikasi-m%c9%99sg%c9%99l%c9%99l%c9%99ri\/\">\r\n            <div class=\"learnNavigationWrapper\">\r\n                <div class=\"learnNavigationContent\">\r\n                    <img decoding=\"async\" src=\"https:\/\/talkpal.ai\/wp-content\/uploads\/2024\/08\/Armenian.jpg\" alt=\"Armenian Flag\">\r\n                    <div>\r\n                        <h4>Erm\u0259ni qrammatikas\u0131 m\u0259\u015fqi<\/h4>\r\n                        <p>Erm\u0259ni dilinin qrammatikas\u0131 praktikumu.<\/p>\r\n                    <\/div>\r\n                <\/div>\r\n            <\/div>\r\n        <\/a>\r\n\r\n        \r\n        <a href=\"https:\/\/talkpal.ai\/vocabulary_language\/armenian\/\">\r\n            <div class=\"learnNavigationWrapper\">\r\n                <div class=\"learnNavigationContent\">\r\n                    <img decoding=\"async\" src=\"https:\/\/talkpal.ai\/wp-content\/uploads\/2024\/08\/Armenian.jpg\" alt=\"Armenian Flag\">\r\n                    <div>\r\n                        <h4>Erm\u0259ni l\u00fc\u011f\u0259ti<\/h4>\r\n                        <p>Erm\u0259ni l\u00fc\u011f\u0259tinizi geni\u015fl\u0259ndirin.<\/p>\r\n                    <\/div>\r\n                <\/div>\r\n            <\/div>\r\n        <\/a>\r\n\r\n            <\/section>","protected":false},"excerpt":{"rendered":"<p>Erm\u0259ni dilinin z\u0259nginliyini k\u0259\u015ff etm\u0259k \u00d6z\u00fcn\u0259m\u0259xsus v\u0259 maraql\u0131 dil olan erm\u0259ni dili \u0130ndo-Az\u0259rbaycan ail\u0259sind\u0259 \u00f6z\u00fcn\u0259m\u0259xsus yer tutur. Nax\u00e7\u0131van dilini \u00f6yr\u0259nm\u0259k t\u0259kc\u0259 dil repertuar\u0131n\u0131z\u0131 z\u0259nginl\u0259\u015fdirm\u0259kl\u0259 kifay\u0259tl\u0259nmir, h\u0259m d\u0259 Nax\u00e7\u0131van\u0131n z\u0259ngin tarixin\u0259 v\u0259 m\u0259d\u0259niyy\u0259tin\u0259 dalma\u011fa imkan yarad\u0131r. Erm\u0259ni dilinin qrammatikas\u0131 ilk bax\u0131\u015fdan qorxulu g\u00f6r\u00fcns\u0259 d\u0259, onu \u00f6z z\u0259ruri komponentl\u0259rin\u0259 par\u00e7alamaq prosesi sad\u0259l\u0259\u015fdirir. Bu yaz\u0131da sizi erm\u0259ni qrammatikas\u0131n\u0131n [&hellip;]<\/p>\n","protected":false},"author":1,"featured_media":109086,"parent":0,"menu_order":0,"comment_status":"closed","ping_status":"closed","template":"LearningContentPage.php","meta":{"_acf_changed":false,"footnotes":""},"class_list":["post-140388","page","type-page","status-publish","has-post-thumbnail","hentry"],"acf":[],"yoast_head":"<!-- This site is optimized with the Yoast SEO Premium plugin v27.2 (Yoast SEO v27.2) - https:\/\/yoast.com\/product\/yoast-seo-premium-wordpress\/ -->\n<title>Erm\u0259ni dilinin qrammatikas\u0131 - Talkpal<\/title>\n<meta name=\"description\" content=\"Bu f\u00fcsunkar dili m\u0259nims\u0259y\u0259rk\u0259n erm\u0259ni qrammatikas\u0131n\u0131n sirl\u0259rini a\u00e7\u0131n v\u0259 Erm\u0259nistan\u0131n z\u0259ngin m\u0259d\u0259niyy\u0259tini ara\u015fd\u0131r\u0131n.\" \/>\n<meta name=\"robots\" content=\"index, follow, max-snippet:-1, max-image-preview:large, max-video-preview:-1\" \/>\n<link rel=\"canonical\" href=\"https:\/\/talkpal.ai\/az\/erm%c9%99ni-dilinin-qrammatikasi\/\" \/>\n<meta property=\"og:locale\" content=\"az_AZ\" \/>\n<meta property=\"og:type\" content=\"article\" \/>\n<meta property=\"og:title\" content=\"Erm\u0259ni dilinin qrammatikas\u0131\" \/>\n<meta property=\"og:description\" content=\"Erm\u0259ni dilinin z\u0259nginliyini k\u0259\u015ff etm\u0259k \u00d6z\u00fcn\u0259m\u0259xsus v\u0259 maraql\u0131 dil olan erm\u0259ni dili \u0130ndo-Az\u0259rbaycan ail\u0259sind\u0259 \u00f6z\u00fcn\u0259m\u0259xsus yer tutur. Nax\u00e7\u0131van dilini\" \/>\n<meta property=\"og:url\" content=\"https:\/\/talkpal.ai\/az\/erm%c9%99ni-dilinin-qrammatikasi\/\" \/>\n<meta property=\"og:site_name\" content=\"Talkpal\" \/>\n<meta property=\"article:publisher\" content=\"https:\/\/www.facebook.com\/profile.php?id=100090733639311\" \/>\n<meta property=\"article:modified_time\" content=\"2025-05-21T10:56:13+00:00\" \/>\n<meta property=\"og:image\" content=\"https:\/\/talkpal.ai\/wp-content\/uploads\/2023\/05\/armenia.png\" \/>\n\t<meta property=\"og:image:width\" content=\"512\" \/>\n\t<meta property=\"og:image:height\" content=\"512\" \/>\n\t<meta property=\"og:image:type\" content=\"image\/png\" \/>\n<meta name=\"twitter:card\" content=\"summary_large_image\" \/>\n<meta name=\"twitter:site\" content=\"@talkpalai\" \/>\n<meta name=\"twitter:label1\" content=\"Est. reading time\" \/>\n\t<meta name=\"twitter:data1\" content=\"3 minutes\" \/>\n<script type=\"application\/ld+json\" class=\"yoast-schema-graph\">{\"@context\":\"https:\/\/schema.org\",\"@graph\":[{\"@type\":\"WebPage\",\"@id\":\"https:\/\/talkpal.ai\/az\/erm%c9%99ni-dilinin-qrammatikasi\/\",\"url\":\"https:\/\/talkpal.ai\/az\/erm%c9%99ni-dilinin-qrammatikasi\/\",\"name\":\"Erm\u0259ni dilinin qrammatikas\u0131 - Talkpal\",\"isPartOf\":{\"@id\":\"https:\/\/talkpal.ai\/az\/#website\"},\"primaryImageOfPage\":{\"@id\":\"https:\/\/talkpal.ai\/az\/erm%c9%99ni-dilinin-qrammatikasi\/#primaryimage\"},\"image\":{\"@id\":\"https:\/\/talkpal.ai\/az\/erm%c9%99ni-dilinin-qrammatikasi\/#primaryimage\"},\"thumbnailUrl\":\"https:\/\/talkpal.ai\/wp-content\/uploads\/2023\/05\/armenia.png\",\"datePublished\":\"2023-05-14T13:54:14+00:00\",\"dateModified\":\"2025-05-21T10:56:13+00:00\",\"description\":\"Bu f\u00fcsunkar dili m\u0259nims\u0259y\u0259rk\u0259n erm\u0259ni qrammatikas\u0131n\u0131n sirl\u0259rini a\u00e7\u0131n v\u0259 Erm\u0259nistan\u0131n z\u0259ngin m\u0259d\u0259niyy\u0259tini ara\u015fd\u0131r\u0131n.\",\"breadcrumb\":{\"@id\":\"https:\/\/talkpal.ai\/az\/erm%c9%99ni-dilinin-qrammatikasi\/#breadcrumb\"},\"inLanguage\":\"az\",\"potentialAction\":[{\"@type\":\"ReadAction\",\"target\":[\"https:\/\/talkpal.ai\/az\/erm%c9%99ni-dilinin-qrammatikasi\/\"]}]},{\"@type\":\"ImageObject\",\"inLanguage\":\"az\",\"@id\":\"https:\/\/talkpal.ai\/az\/erm%c9%99ni-dilinin-qrammatikasi\/#primaryimage\",\"url\":\"https:\/\/talkpal.ai\/wp-content\/uploads\/2023\/05\/armenia.png\",\"contentUrl\":\"https:\/\/talkpal.ai\/wp-content\/uploads\/2023\/05\/armenia.png\",\"width\":512,\"height\":512},{\"@type\":\"BreadcrumbList\",\"@id\":\"https:\/\/talkpal.ai\/az\/erm%c9%99ni-dilinin-qrammatikasi\/#breadcrumb\",\"itemListElement\":[{\"@type\":\"ListItem\",\"position\":1,\"name\":\"Homepage\",\"item\":\"https:\/\/talkpal.ai\/az\/\"},{\"@type\":\"ListItem\",\"position\":2,\"name\":\"Erm\u0259ni dilinin qrammatikas\u0131\"}]},{\"@type\":\"WebSite\",\"@id\":\"https:\/\/talkpal.ai\/az\/#website\",\"url\":\"https:\/\/talkpal.ai\/az\/\",\"name\":\"Talkpal\",\"description\":\"AI Language Learning\",\"publisher\":{\"@id\":\"https:\/\/talkpal.ai\/az\/#organization\"},\"alternateName\":\"Talkpal AI\",\"potentialAction\":[{\"@type\":\"SearchAction\",\"target\":{\"@type\":\"EntryPoint\",\"urlTemplate\":\"https:\/\/talkpal.ai\/az\/?s={search_term_string}\"},\"query-input\":{\"@type\":\"PropertyValueSpecification\",\"valueRequired\":true,\"valueName\":\"search_term_string\"}}],\"inLanguage\":\"az\"},{\"@type\":\"Organization\",\"@id\":\"https:\/\/talkpal.ai\/az\/#organization\",\"name\":\"Talkpal, Inc.\",\"alternateName\":\"Talkpal AI\",\"url\":\"https:\/\/talkpal.ai\/az\/\",\"logo\":{\"@type\":\"ImageObject\",\"inLanguage\":\"az\",\"@id\":\"https:\/\/talkpal.ai\/az\/#\/schema\/logo\/image\/\",\"url\":\"https:\/\/talkpal.ai\/wp-content\/uploads\/2024\/03\/Talkpal-Logo-Icon.png\",\"contentUrl\":\"https:\/\/talkpal.ai\/wp-content\/uploads\/2024\/03\/Talkpal-Logo-Icon.png\",\"width\":2880,\"height\":2880,\"caption\":\"Talkpal, Inc.\"},\"image\":{\"@id\":\"https:\/\/talkpal.ai\/az\/#\/schema\/logo\/image\/\"},\"sameAs\":[\"https:\/\/www.facebook.com\/profile.php?id=100090733639311\",\"https:\/\/x.com\/talkpalai\",\"https:\/\/www.linkedin.com\/company\/talkpal\/\",\"https:\/\/www.youtube.com\/@TalkPal\/\",\"https:\/\/www.tiktok.com\/@talkpal\",\"https:\/\/www.instagram.com\/talkpal_ai\/\",\"https:\/\/www.crunchbase.com\/organization\/talkpal-9cde\",\"https:\/\/www.g2.com\/products\/talkpal-for-business\/\",\"https:\/\/www.trustpilot.com\/review\/talkpal.ai\",\"https:\/\/www.capterra.com\/p\/10006800\/TalkPal\/\"],\"description\":\"Talkpal is a language learning web and mobile education app, powered by the latest AI technologies, that provides engaging experiences to its customers in many different languages to help them improve their language skills. Users can chat about unlimited amount of topics with the app and use other modes to practice their language learning.\",\"email\":\"support@talkpal.ai\",\"legalName\":\"Talkpal, Inc.\",\"foundingDate\":\"2023-04-03\",\"duns\":\"118989042\",\"numberOfEmployees\":{\"@type\":\"QuantitativeValue\",\"minValue\":\"11\",\"maxValue\":\"50\"},\"publishingPrinciples\":\"https:\/\/talkpal.ai\/publishing-principles\/\",\"actionableFeedbackPolicy\":\"https:\/\/talkpal.ai\/actionable-feedback-policy\/\",\"correctionsPolicy\":\"https:\/\/talkpal.ai\/corrections-policy\/\",\"ethicsPolicy\":\"https:\/\/talkpal.ai\/ethics-policy\/\",\"diversityPolicy\":\"https:\/\/talkpal.ai\/diversity-policy\/\",\"diversityStaffingReport\":\"https:\/\/talkpal.ai\/diversity-policy\/\"}]}<\/script>\n<!-- \/ Yoast SEO Premium plugin. -->","yoast_head_json":{"title":"Erm\u0259ni dilinin qrammatikas\u0131 - Talkpal","description":"Bu f\u00fcsunkar dili m\u0259nims\u0259y\u0259rk\u0259n erm\u0259ni qrammatikas\u0131n\u0131n sirl\u0259rini a\u00e7\u0131n v\u0259 Erm\u0259nistan\u0131n z\u0259ngin m\u0259d\u0259niyy\u0259tini ara\u015fd\u0131r\u0131n.","robots":{"index":"index","follow":"follow","max-snippet":"max-snippet:-1","max-image-preview":"max-image-preview:large","max-video-preview":"max-video-preview:-1"},"canonical":"https:\/\/talkpal.ai\/az\/erm%c9%99ni-dilinin-qrammatikasi\/","og_locale":"az_AZ","og_type":"article","og_title":"Erm\u0259ni dilinin qrammatikas\u0131","og_description":"Erm\u0259ni dilinin z\u0259nginliyini k\u0259\u015ff etm\u0259k \u00d6z\u00fcn\u0259m\u0259xsus v\u0259 maraql\u0131 dil olan erm\u0259ni dili \u0130ndo-Az\u0259rbaycan ail\u0259sind\u0259 \u00f6z\u00fcn\u0259m\u0259xsus yer tutur. Nax\u00e7\u0131van dilini","og_url":"https:\/\/talkpal.ai\/az\/erm%c9%99ni-dilinin-qrammatikasi\/","og_site_name":"Talkpal","article_publisher":"https:\/\/www.facebook.com\/profile.php?id=100090733639311","article_modified_time":"2025-05-21T10:56:13+00:00","og_image":[{"width":512,"height":512,"url":"https:\/\/talkpal.ai\/wp-content\/uploads\/2023\/05\/armenia.png","type":"image\/png"}],"twitter_card":"summary_large_image","twitter_site":"@talkpalai","twitter_misc":{"Est. reading time":"3 minutes"},"schema":{"@context":"https:\/\/schema.org","@graph":[{"@type":"WebPage","@id":"https:\/\/talkpal.ai\/az\/erm%c9%99ni-dilinin-qrammatikasi\/","url":"https:\/\/talkpal.ai\/az\/erm%c9%99ni-dilinin-qrammatikasi\/","name":"Erm\u0259ni dilinin qrammatikas\u0131 - Talkpal","isPartOf":{"@id":"https:\/\/talkpal.ai\/az\/#website"},"primaryImageOfPage":{"@id":"https:\/\/talkpal.ai\/az\/erm%c9%99ni-dilinin-qrammatikasi\/#primaryimage"},"image":{"@id":"https:\/\/talkpal.ai\/az\/erm%c9%99ni-dilinin-qrammatikasi\/#primaryimage"},"thumbnailUrl":"https:\/\/talkpal.ai\/wp-content\/uploads\/2023\/05\/armenia.png","datePublished":"2023-05-14T13:54:14+00:00","dateModified":"2025-05-21T10:56:13+00:00","description":"Bu f\u00fcsunkar dili m\u0259nims\u0259y\u0259rk\u0259n erm\u0259ni qrammatikas\u0131n\u0131n sirl\u0259rini a\u00e7\u0131n v\u0259 Erm\u0259nistan\u0131n z\u0259ngin m\u0259d\u0259niyy\u0259tini ara\u015fd\u0131r\u0131n.","breadcrumb":{"@id":"https:\/\/talkpal.ai\/az\/erm%c9%99ni-dilinin-qrammatikasi\/#breadcrumb"},"inLanguage":"az","potentialAction":[{"@type":"ReadAction","target":["https:\/\/talkpal.ai\/az\/erm%c9%99ni-dilinin-qrammatikasi\/"]}]},{"@type":"ImageObject","inLanguage":"az","@id":"https:\/\/talkpal.ai\/az\/erm%c9%99ni-dilinin-qrammatikasi\/#primaryimage","url":"https:\/\/talkpal.ai\/wp-content\/uploads\/2023\/05\/armenia.png","contentUrl":"https:\/\/talkpal.ai\/wp-content\/uploads\/2023\/05\/armenia.png","width":512,"height":512},{"@type":"BreadcrumbList","@id":"https:\/\/talkpal.ai\/az\/erm%c9%99ni-dilinin-qrammatikasi\/#breadcrumb","itemListElement":[{"@type":"ListItem","position":1,"name":"Homepage","item":"https:\/\/talkpal.ai\/az\/"},{"@type":"ListItem","position":2,"name":"Erm\u0259ni dilinin qrammatikas\u0131"}]},{"@type":"WebSite","@id":"https:\/\/talkpal.ai\/az\/#website","url":"https:\/\/talkpal.ai\/az\/","name":"Talkpal","description":"AI Language Learning","publisher":{"@id":"https:\/\/talkpal.ai\/az\/#organization"},"alternateName":"Talkpal AI","potentialAction":[{"@type":"SearchAction","target":{"@type":"EntryPoint","urlTemplate":"https:\/\/talkpal.ai\/az\/?s={search_term_string}"},"query-input":{"@type":"PropertyValueSpecification","valueRequired":true,"valueName":"search_term_string"}}],"inLanguage":"az"},{"@type":"Organization","@id":"https:\/\/talkpal.ai\/az\/#organization","name":"Talkpal, Inc.","alternateName":"Talkpal AI","url":"https:\/\/talkpal.ai\/az\/","logo":{"@type":"ImageObject","inLanguage":"az","@id":"https:\/\/talkpal.ai\/az\/#\/schema\/logo\/image\/","url":"https:\/\/talkpal.ai\/wp-content\/uploads\/2024\/03\/Talkpal-Logo-Icon.png","contentUrl":"https:\/\/talkpal.ai\/wp-content\/uploads\/2024\/03\/Talkpal-Logo-Icon.png","width":2880,"height":2880,"caption":"Talkpal, Inc."},"image":{"@id":"https:\/\/talkpal.ai\/az\/#\/schema\/logo\/image\/"},"sameAs":["https:\/\/www.facebook.com\/profile.php?id=100090733639311","https:\/\/x.com\/talkpalai","https:\/\/www.linkedin.com\/company\/talkpal\/","https:\/\/www.youtube.com\/@TalkPal\/","https:\/\/www.tiktok.com\/@talkpal","https:\/\/www.instagram.com\/talkpal_ai\/","https:\/\/www.crunchbase.com\/organization\/talkpal-9cde","https:\/\/www.g2.com\/products\/talkpal-for-business\/","https:\/\/www.trustpilot.com\/review\/talkpal.ai","https:\/\/www.capterra.com\/p\/10006800\/TalkPal\/"],"description":"Talkpal is a language learning web and mobile education app, powered by the latest AI technologies, that provides engaging experiences to its customers in many different languages to help them improve their language skills. Users can chat about unlimited amount of topics with the app and use other modes to practice their language learning.","email":"support@talkpal.ai","legalName":"Talkpal, Inc.","foundingDate":"2023-04-03","duns":"118989042","numberOfEmployees":{"@type":"QuantitativeValue","minValue":"11","maxValue":"50"},"publishingPrinciples":"https:\/\/talkpal.ai\/publishing-principles\/","actionableFeedbackPolicy":"https:\/\/talkpal.ai\/actionable-feedback-policy\/","correctionsPolicy":"https:\/\/talkpal.ai\/corrections-policy\/","ethicsPolicy":"https:\/\/talkpal.ai\/ethics-policy\/","diversityPolicy":"https:\/\/talkpal.ai\/diversity-policy\/","diversityStaffingReport":"https:\/\/talkpal.ai\/diversity-policy\/"}]}},"_links":{"self":[{"href":"https:\/\/talkpal.ai\/az\/wp-json\/wp\/v2\/pages\/140388","targetHints":{"allow":["GET"]}}],"collection":[{"href":"https:\/\/talkpal.ai\/az\/wp-json\/wp\/v2\/pages"}],"about":[{"href":"https:\/\/talkpal.ai\/az\/wp-json\/wp\/v2\/types\/page"}],"author":[{"embeddable":true,"href":"https:\/\/talkpal.ai\/az\/wp-json\/wp\/v2\/users\/1"}],"replies":[{"embeddable":true,"href":"https:\/\/talkpal.ai\/az\/wp-json\/wp\/v2\/comments?post=140388"}],"version-history":[{"count":0,"href":"https:\/\/talkpal.ai\/az\/wp-json\/wp\/v2\/pages\/140388\/revisions"}],"wp:featuredmedia":[{"embeddable":true,"href":"https:\/\/talkpal.ai\/az\/wp-json\/wp\/v2\/media\/109086"}],"wp:attachment":[{"href":"https:\/\/talkpal.ai\/az\/wp-json\/wp\/v2\/media?parent=140388"}],"curies":[{"name":"wp","href":"https:\/\/api.w.org\/{rel}","templated":true}]}}