{"id":139820,"date":"2023-05-14T13:52:49","date_gmt":"2023-05-14T13:52:49","guid":{"rendered":"http:\/\/talkpal.ai\/rus-dilinin-qrammatikasi\/"},"modified":"2025-12-13T15:18:48","modified_gmt":"2025-12-13T15:18:48","slug":"rus-dilinin-qrammatikasi","status":"publish","type":"page","link":"https:\/\/talkpal.ai\/az\/rus-dilinin-qrammatikasi\/","title":{"rendered":"Rus dilinin qrammatikas\u0131"},"content":{"rendered":"\r\n\r\n\r\n<section class=\"languageChallengeSection\">\r\n    <div class=\"languageInfoWrapper\">\r\n        \r\n        <h1>Rus dilinin qrammatikas\u0131<\/h1>\r\n        <p><a href=\"https:\/\/talkpal.ai\/learn-russian\/\">Rus<\/a> dilind\u0259 mac\u0259raya ba\u015flay\u0131n v\u0259 z\u0259ngin m\u0259d\u0259niyy\u0259t v\u0259 tarix\u0259 qap\u0131lar a\u00e7\u0131n. Rus dilinin qrammatikas\u0131n\u0131 v\u0259 l\u00fc\u011f\u0259tini m\u0259nims\u0259m\u0259k s\u0259yah\u0259t, karyera v\u0259 \u00fcnsiyy\u0259t imkanlar\u0131n\u0131z\u0131 art\u0131racaq. Rus dilini bu g\u00fcn \u00f6yr\u0259nm\u0259y\u0259 ba\u015flay\u0131n v\u0259 s\u0259lis dan\u0131\u015fma\u011fa do\u011fru ilk add\u0131m\u0131 at\u0131n!\n\n<\/p>\r\n\r\n                            <a class=\"getStartedHidden\" href=\"https:\/\/app.talkpal.ai\/signup?lng=\">Ba\u015fla<\/a>\r\n        \r\n    <\/div>\r\n\r\n    <figure>\r\n    <img decoding=\"async\" width=\"768\" height=\"768\" src=\"https:\/\/talkpal.ai\/wp-content\/uploads\/2023\/06\/russian-768x768.png\" class=\"languageImage no-lazy\" alt=\"Language learning for multicultural understanding\" fetchpriority=\"high\" sizes=\"(max-width: 768px) 150px, 768px\" srcset=\"https:\/\/talkpal.ai\/wp-content\/uploads\/2023\/06\/russian-768x768.png 768w, https:\/\/talkpal.ai\/wp-content\/uploads\/2023\/06\/russian-300x300.png 300w\" \/>\r\n    \r\n\r\n    <\/figure>\r\n\r\n            <a class=\"getStartedVisible\" href=\"https:\/\/app.talkpal.ai\/signup?lng=\">Ba\u015fla<\/a>\r\n    \r\n<\/section>\r\n<section class=\"promotionalBanner\">\r\n    <p class=\"promotionalText\">Dil \u00f6yr\u0259nm\u0259yin \u0259n t\u0259sirli yolu<\/p>\r\n    <a class=\"promotionalLink\" href=\"https:\/\/app.talkpal.ai\/signup?lng=\">Talkpal pulsuz s\u0131nay\u0131n<\/a>\r\n<\/section>\n<div class=\"wp-block-group pageContainerStyle\"><div class=\"wp-block-group__inner-container is-layout-constrained wp-block-group-is-layout-constrained\">\n<h1 class=\"wp-block-heading\" id=\"h-russian-grammar-unlock-the-secrets-to-mastering-russian\">Rus dilinin qrammatikas\u0131: Rus dilinin ustal\u0131qla istifad\u0259sinin sirl\u0259rini a\u00e7maq<\/h1>\n\n\n\n<p>Rus dilini <a href=\"https:\/\/talkpal.ai\/az\/oyr%c9%99nm%c9%99k\/\">\u00f6yr\u0259nm\u0259k<\/a> \u00fc\u00e7\u00fcn c\u0259sar\u0259tli add\u0131m atma\u011f\u0131 t\u0259brik edirik! B\u00fct\u00fcn d\u00fcnyada 258 milyondan \u00e7ox natiq olan rus dili z\u0259ngin m\u0259d\u0259niyy\u0259t v\u0259 tarix haqq\u0131nda anlay\u0131\u015flar ver\u0259n maraql\u0131 v\u0259 m\u0259mnunedici bir dildir. Rus dilinin qrammatikas\u0131 dey\u0259nd\u0259 qorxulu g\u00f6r\u00fcn\u0259 bil\u0259r, amma qorxma! Bu s\u0259mimi, yeni ba\u015flayanlar \u00fc\u00e7\u00fcn b\u0259l\u0259d\u00e7i rus qrammatikas\u0131n\u0131n \u0259saslar\u0131n\u0131 sad\u0259 v\u0259 c\u0259lbedici \u015f\u0259kild\u0259 par\u00e7alamaq \u00fc\u00e7\u00fcn buradad\u0131r.<\/p>\n\n\n\n<h3 class=\"wp-block-heading\" id=\"h-1-the-russian-alphabet-your-starting-point\">1. Rus \u0259lifbas\u0131. Sizin ba\u015flan\u011f\u0131c n\u00f6qt\u0259niz<\/h3>\n\n\n\n<p>Rus dilinin qrammatikas\u0131na naviqasiyan\u0131n a\u00e7ar\u0131 kiril \u0259lifbas\u0131n\u0131 ustal\u0131qla bilm\u0259kdir. 33 h\u0259rf, 10 sait v\u0259 21 konsonantla dili oxumaq, yazmaq v\u0259 ba\u015fa d\u00fc\u015fm\u0259k \u00fc\u00e7\u00fcn z\u0259min yarad\u0131r. \u00d6z\u00fcn\u00fcz\u00fc \u0259lifba il\u0259 tan\u0131\u015f etm\u0259k rus <a href=\"https:\/\/talkpal.ai\/az\/assam-dilinin-qrammatika-m%c9%99sql%c9%99ri\/\">dilinin qrammatika<\/a> bacar\u0131qlar\u0131n\u0131z\u0131 \u00fcz\u0259rind\u0259 qurmaq \u00fc\u00e7\u00fcn m\u00f6hk\u0259m baza yaradacaq.<\/p>\n\n\n\n<h3 class=\"wp-block-heading\" id=\"h-2-nouns-and-cases-the-core-of-russian-grammar\">2. Nouns v\u0259 Cases: Rus dilinin qrammatikas\u0131 \u0259sas<\/h3>\n\n\n\n<p>Rus dilinin qrammatikas\u0131 m\u0259na v\u0259 konteksti ifad\u0259 etm\u0259k \u00fc\u00e7\u00fcn hallardan istifad\u0259 etm\u0259y\u0259 x\u00fcsusi \u00f6n\u0259m verir. 6 halla \u2014 Nominative, Genitive, Dative, Accusative, \u0130nstrumental v\u0259 Prepositional) rus nounlar\u0131 \u00f6z funksiyas\u0131n\u0131 c\u00fcml\u0259d\u0259 g\u00f6st\u0259rm\u0259k \u00fc\u00e7\u00fcn sonluqlar\u0131n\u0131 d\u0259yi\u015firl\u0259r. Buna g\u00f6r\u0259 d\u0259 sifari\u015f s\u00f6z\u00fc ingilis dilin\u0259 nisb\u0259t\u0259n daha az t\u0259nqidi xarakter\u0259 \u00e7evrilir. M\u0259s\u0259l\u0259n:<\/p>\n\n\n\n<p>\u0130ngilisc\u0259: Dostuma kitab h\u0259diyy\u0259 edir\u0259m.<\/p>\n\n\n\n<p>Rusca: \u042f \u0434\u0430\u044e \u0434\u0440\u0443\u0433\u0443 \u043a\u043d\u0438\u0433\u0443 (Ya dayu drugu knigu)<\/p>\n\n\n\n<p>Burada \u201cdruq\u201d (dostuna) v\u0259 \u201c\u043a\u043d\u0438\u0433\u0443\u201d (kitab) m\u00fcvafiq olaraq Dative v\u0259 Accusative hallar\u0131ndad\u0131r.<\/p>\n\n\n\n<h3 class=\"wp-block-heading\" id=\"h-3-mastering-gender-and-plurals\">3. Cins v\u0259 pl\u00fcrallar\u0131n ustala\u015fd\u0131r\u0131lmas\u0131<\/h3>\n\n\n\n<p>Rus dilinin qrammatikas\u0131nda nounlar \u00fc\u00e7 cinsd\u0259n biri t\u0259yin olunur: ki\u015fikli, femin v\u0259 ya neytrin. Bir nounun sonu, ad\u0259t\u0259n, onun cinsiyy\u0259tini g\u00f6st\u0259rir:<\/p>\n\n\n\n<p>\u2013 Ki\u015fi: samit v\u0259 ya \u201c-\u0439\u201d il\u0259 bitir<\/p>\n\n\n\n<p>\u2013 Qad\u0131n: \u201c-\u0430\u201d v\u0259 ya \u201c-\u044f\u201d il\u0259 bitir<\/p>\n\n\n\n<p>\u2013 Neuter: \u201c-\u043e\u201d v\u0259 ya \u201c-\u0435\u201d il\u0259 bitir<\/p>\n\n\n\n<p>\u00c7oxluqlar \u0259m\u0259l\u0259 g\u0259tirm\u0259k \u00fc\u00e7\u00fcn nounlar\u0131n sonluqlar\u0131 onlar\u0131n cinsin\u0259 v\u0259 olduqlar\u0131 hallara g\u00f6r\u0259 d\u0259yi\u015fir.<\/p>\n\n\n\n<h3 class=\"wp-block-heading\" id=\"h-4-conquer-verb-conjugation\">4. Feil konjuqasiyan\u0131 f\u0259th etm\u0259k<\/h3>\n\n\n\n<p>Bir \u00e7ox dill\u0259r kimi rus feill\u0259ri d\u0259 g\u0259rgin, \u015f\u0259xs v\u0259 saya \u0259saslanan forman\u0131 (konjuqasiya) d\u0259yi\u015fir. Rus feill\u0259ri d\u0259 iki aspektd\u0259 g\u0259lir: kamil v\u0259 qeyri-kamil. Kamillik m\u0259qam\u0131 tamamlanm\u0131\u015f f\u0259aliyy\u0259t\u0259 i\u015far\u0259 edir, qeyri &#8211; kamillik is\u0259 daimi v\u0259 ya v\u0259rdi\u015f\u0259 aid edilir.<\/p>\n\n\n\n<p>\u0130lk n\u00f6vb\u0259d\u0259, diqq\u0259ti qeyri-kamil feill\u0259r \u00fc\u00e7\u00fcn indiki g\u0259rgin \u00fcnsiyy\u0259ti v\u0259 h\u0259r iki c\u0259h\u0259tin ke\u00e7mi\u015fi ba\u015fa d\u00fc\u015fm\u0259y\u0259 y\u00f6n\u0259lt. M\u0259s\u0259l\u0259n:<\/p>\n\n\n\n<p>\u0130ndiki zaman (qeyri-kamil): \u042f \u0447\u0438\u0442\u0430\u044e (Ya chitayu) \u2013 \u201cOxuyuram\u201d v\u0259 ya \u201cOxuyuram\u201d<\/p>\n\n\n\n<p>Ke\u00e7mi\u015f zaman (qeyri-kamil): \u042f \u0447\u0438\u0442\u0430\u043b (Ya chital) \u2013 \u201cOxuyurdum\u201d<\/p>\n\n\n\n<p>Ke\u00e7mi\u015f zaman (M\u00fck\u0259mm\u0259l): \u042f \u043f\u0440\u043e\u0447\u0438\u0442\u0430\u043b (Ya prochital) \u2013 \u201cOxudum\u201d v\u0259 ya \u201cOxudum (v\u0259 bitirdim)\u201d<\/p>\n\n\n\n<h3 class=\"wp-block-heading\" id=\"h-5-embrace-russian-pronouns\">5. Rus Pronouns-lar\u0131n\u0131 qucaqlamaq<\/h3>\n\n\n\n<p>Rus dilinin qrammatikas\u0131nda olan pronouns nounlar\u0131 \u0259v\u0259z edir v\u0259 maye nitq \u00fc\u00e7\u00fcn h\u0259lledici \u0259h\u0259miyy\u0259t k\u0259sb edir. \u015e\u0259xsi v\u0259 sahiblik pronounlar\u0131n\u0131 \u00f6yr\u0259nm\u0259k \u00fc\u00e7\u00fcn dal\u0131\u015f\u0131n, m\u0259s\u0259l\u0259n:<\/p>\n\n\n\n<p>\u015e\u0259xsi t\u0259l\u0259ff\u00fczl\u0259r: \u044f (I), \u0442\u044c (s\u0259n, qeyri-r\u0259smi), \u043e\u043d\/\u043e\u043d\u0430\/\u043e\u043d\u043e (he\/she\/it), \u0432\u044b (s\u0259n, formal v\u0259 ya plural), \u043c\u044b (biz), \u043e\u043d\u0438 (onlar)<\/p>\n\n\n\n<p>Possessive pronouns: \u043c\u043e\u0439\/\u043c\u043e\u044f\/\u043c\u043e\u0451 (m\u0259nim), \u0442\u0432\u043e\u0439\/\u0442\u0432\u043e\u044f\/\u0442\u0432\u043e\u0451 (\u043d\u043e\u0432\u043e\u0451 , qeyri-r\u0259smi), \u0435\u0433\u043e\/\u0435\u0451\/\u0438\u0445 (onun\/her\/onlar\u0131n), \u0432\u0430\u0448\/\u0432\u0430\u0448\u0430\u0448\u0430\/\u0432\u0430\u0448\u0435 (\u0443\u043d\u0430\u0448\u0430 \u0438 \u043f\u043b\u043e\u043b\u043e\u0439), \u043d\u0430\u0448\/\u043d\u0430\u0448\u0430\u0448\u0435 (bizim)<\/p>\n\n\n\n<p>Unutmay\u0131n ki, rus \u0259v\u0259zlikl\u0259ri \u0259v\u0259z etdikl\u0259ri ismin cinsi v\u0259 hal\u0131 il\u0259 uy\u011fun olmal\u0131d\u0131r.<\/p>\n\n\n\n<p>T\u0259brik edirik! Siz rus qrammatikas\u0131n\u0131n inc\u0259likl\u0259rin\u0259 yiy\u0259l\u0259nm\u0259k \u00fc\u00e7\u00fcn ilk add\u0131mlar\u0131 atm\u0131s\u0131n\u0131z. Unutma ki, m\u0259\u015fq etm\u0259k vacibdir, buna g\u00f6r\u0259 d\u0259 dili d\u0259rind\u0259n \u00f6yr\u0259n, do\u011fma natiql\u0259rl\u0259 dan\u0131\u015f v\u0259 \u00f6yr\u0259nm\u0259nin t\u0259m\u0259lini m\u00f6hk\u0259ml\u0259ndir. \u0423\u0434\u0430\u0447\u0438! (Nu\u015f olsun!)<\/p>\n<\/div><\/div>\n\r\n<section class=\"learnNavigationSection\">\r\n            \r\n        <a href=\"https:\/\/talkpal.ai\/az\/rus-dilini-oyr%c9%99n\/\">\r\n            <div class=\"learnNavigationWrapper\">\r\n                <div class=\"learnNavigationContent\">\r\n                    <img decoding=\"async\" src=\"https:\/\/talkpal.ai\/wp-content\/uploads\/2024\/08\/Russian.jpg\" alt=\"Russian Flag\">\r\n                    <div>\r\n                        <h4>Rus dilinin \u00f6yr\u0259nilm\u0259si haqq\u0131nda<\/h4>\r\n                        <p>Rus dilinin qrammatikas\u0131 haqq\u0131nda h\u0259r \u015feyi \u00f6yr\u0259nin.<\/p>\r\n                    <\/div>\r\n                <\/div>\r\n            <\/div>\r\n        <\/a>\r\n\r\n        \r\n        <a href=\"https:\/\/talkpal.ai\/az\/rus-dilinin-qrammatikasi-m%c9%99sg%c9%99l%c9%99l%c9%99ri\/\">\r\n            <div class=\"learnNavigationWrapper\">\r\n                <div class=\"learnNavigationContent\">\r\n                    <img decoding=\"async\" src=\"https:\/\/talkpal.ai\/wp-content\/uploads\/2024\/08\/Russian.jpg\" alt=\"Russian Flag\">\r\n                    <div>\r\n                        <h4>Rus dili qrammatikas\u0131 m\u0259\u015fqi<\/h4>\r\n                        <p>Rus dilinin qrammatikas\u0131 il\u0259 m\u0259\u015f\u011ful.<\/p>\r\n                    <\/div>\r\n                <\/div>\r\n            <\/div>\r\n        <\/a>\r\n\r\n        \r\n        <a href=\"https:\/\/talkpal.ai\/vocabulary_language\/russian\/\">\r\n            <div class=\"learnNavigationWrapper\">\r\n                <div class=\"learnNavigationContent\">\r\n                    <img decoding=\"async\" src=\"https:\/\/talkpal.ai\/wp-content\/uploads\/2024\/08\/Russian.jpg\" alt=\"Russian Flag\">\r\n                    <div>\r\n                        <h4>Rus l\u00fc\u011f\u0259ti<\/h4>\r\n                        <p>Rus dili l\u00fc\u011f\u0259tinizi geni\u015fl\u0259ndirin.<\/p>\r\n                    <\/div>\r\n                <\/div>\r\n            <\/div>\r\n        <\/a>\r\n\r\n            <\/section>","protected":false},"excerpt":{"rendered":"<p>Rus dilinin qrammatikas\u0131: Rus dilinin ustal\u0131qla istifad\u0259sinin sirl\u0259rini a\u00e7maq Rus dilini \u00f6yr\u0259nm\u0259k \u00fc\u00e7\u00fcn c\u0259sar\u0259tli add\u0131m atma\u011f\u0131 t\u0259brik edirik! B\u00fct\u00fcn d\u00fcnyada 258 milyondan \u00e7ox natiq olan rus dili z\u0259ngin m\u0259d\u0259niyy\u0259t v\u0259 tarix haqq\u0131nda anlay\u0131\u015flar ver\u0259n maraql\u0131 v\u0259 m\u0259mnunedici bir dildir. Rus dilinin qrammatikas\u0131 dey\u0259nd\u0259 qorxulu g\u00f6r\u00fcn\u0259 bil\u0259r, amma qorxma! Bu s\u0259mimi, yeni ba\u015flayanlar \u00fc\u00e7\u00fcn b\u0259l\u0259d\u00e7i rus [&hellip;]<\/p>\n","protected":false},"author":1,"featured_media":108005,"parent":0,"menu_order":0,"comment_status":"closed","ping_status":"closed","template":"LearningContentPage.php","meta":{"_acf_changed":false,"footnotes":""},"class_list":["post-139820","page","type-page","status-publish","has-post-thumbnail","hentry"],"acf":[],"yoast_head":"<!-- This site is optimized with the Yoast SEO Premium plugin v27.2 (Yoast SEO v27.2) - https:\/\/yoast.com\/product\/yoast-seo-premium-wordpress\/ -->\n<title>Rus dilinin qrammatikas\u0131 - Talkpal<\/title>\n<meta name=\"description\" content=\"Ba\u015flan\u011f\u0131c b\u0259l\u0259d\u00e7imizl\u0259 Rus Qrammatikas\u0131 d\u00fcnyas\u0131n\u0131 a\u00e7\u0131n. Kiril \u0259lifbas\u0131n\u0131 m\u0259nims\u0259yin v\u0259 dil bacar\u0131qlar\u0131n\u0131z\u0131 inki\u015faf etdirin.\" \/>\n<meta name=\"robots\" content=\"index, follow, max-snippet:-1, max-image-preview:large, max-video-preview:-1\" \/>\n<link rel=\"canonical\" href=\"https:\/\/talkpal.ai\/az\/rus-dilinin-qrammatikasi\/\" \/>\n<meta property=\"og:locale\" content=\"az_AZ\" \/>\n<meta property=\"og:type\" content=\"article\" \/>\n<meta property=\"og:title\" content=\"Rus dilinin qrammatikas\u0131\" \/>\n<meta property=\"og:description\" content=\"Rus dilinin qrammatikas\u0131: Rus dilinin ustal\u0131qla istifad\u0259sinin sirl\u0259rini a\u00e7maq Rus dilini \u00f6yr\u0259nm\u0259k \u00fc\u00e7\u00fcn c\u0259sar\u0259tli add\u0131m atma\u011f\u0131 t\u0259brik edirik! B\u00fct\u00fcn d\u00fcnyada\" \/>\n<meta property=\"og:url\" content=\"https:\/\/talkpal.ai\/az\/rus-dilinin-qrammatikasi\/\" \/>\n<meta property=\"og:site_name\" content=\"Talkpal\" \/>\n<meta property=\"article:publisher\" content=\"https:\/\/www.facebook.com\/profile.php?id=100090733639311\" \/>\n<meta property=\"article:modified_time\" content=\"2025-12-13T15:18:48+00:00\" \/>\n<meta property=\"og:image\" content=\"https:\/\/talkpal.ai\/wp-content\/uploads\/2023\/04\/rusia.png\" \/>\n\t<meta property=\"og:image:width\" content=\"512\" \/>\n\t<meta property=\"og:image:height\" content=\"512\" \/>\n\t<meta property=\"og:image:type\" content=\"image\/png\" \/>\n<meta name=\"twitter:card\" content=\"summary_large_image\" \/>\n<meta name=\"twitter:site\" content=\"@talkpalai\" \/>\n<meta name=\"twitter:label1\" content=\"Est. reading time\" \/>\n\t<meta name=\"twitter:data1\" content=\"3 minutes\" \/>\n<script type=\"application\/ld+json\" class=\"yoast-schema-graph\">{\"@context\":\"https:\/\/schema.org\",\"@graph\":[{\"@type\":\"WebPage\",\"@id\":\"https:\/\/talkpal.ai\/az\/rus-dilinin-qrammatikasi\/\",\"url\":\"https:\/\/talkpal.ai\/az\/rus-dilinin-qrammatikasi\/\",\"name\":\"Rus dilinin qrammatikas\u0131 - Talkpal\",\"isPartOf\":{\"@id\":\"https:\/\/talkpal.ai\/az\/#website\"},\"primaryImageOfPage\":{\"@id\":\"https:\/\/talkpal.ai\/az\/rus-dilinin-qrammatikasi\/#primaryimage\"},\"image\":{\"@id\":\"https:\/\/talkpal.ai\/az\/rus-dilinin-qrammatikasi\/#primaryimage\"},\"thumbnailUrl\":\"https:\/\/talkpal.ai\/wp-content\/uploads\/2023\/04\/rusia.png\",\"datePublished\":\"2023-05-14T13:52:49+00:00\",\"dateModified\":\"2025-12-13T15:18:48+00:00\",\"description\":\"Ba\u015flan\u011f\u0131c b\u0259l\u0259d\u00e7imizl\u0259 Rus Qrammatikas\u0131 d\u00fcnyas\u0131n\u0131 a\u00e7\u0131n. Kiril \u0259lifbas\u0131n\u0131 m\u0259nims\u0259yin v\u0259 dil bacar\u0131qlar\u0131n\u0131z\u0131 inki\u015faf etdirin.\",\"breadcrumb\":{\"@id\":\"https:\/\/talkpal.ai\/az\/rus-dilinin-qrammatikasi\/#breadcrumb\"},\"inLanguage\":\"az\",\"potentialAction\":[{\"@type\":\"ReadAction\",\"target\":[\"https:\/\/talkpal.ai\/az\/rus-dilinin-qrammatikasi\/\"]}]},{\"@type\":\"ImageObject\",\"inLanguage\":\"az\",\"@id\":\"https:\/\/talkpal.ai\/az\/rus-dilinin-qrammatikasi\/#primaryimage\",\"url\":\"https:\/\/talkpal.ai\/wp-content\/uploads\/2023\/04\/rusia.png\",\"contentUrl\":\"https:\/\/talkpal.ai\/wp-content\/uploads\/2023\/04\/rusia.png\",\"width\":512,\"height\":512},{\"@type\":\"BreadcrumbList\",\"@id\":\"https:\/\/talkpal.ai\/az\/rus-dilinin-qrammatikasi\/#breadcrumb\",\"itemListElement\":[{\"@type\":\"ListItem\",\"position\":1,\"name\":\"Homepage\",\"item\":\"https:\/\/talkpal.ai\/az\/\"},{\"@type\":\"ListItem\",\"position\":2,\"name\":\"Rus dilinin qrammatikas\u0131\"}]},{\"@type\":\"WebSite\",\"@id\":\"https:\/\/talkpal.ai\/az\/#website\",\"url\":\"https:\/\/talkpal.ai\/az\/\",\"name\":\"Talkpal\",\"description\":\"AI Language Learning\",\"publisher\":{\"@id\":\"https:\/\/talkpal.ai\/az\/#organization\"},\"alternateName\":\"Talkpal AI\",\"potentialAction\":[{\"@type\":\"SearchAction\",\"target\":{\"@type\":\"EntryPoint\",\"urlTemplate\":\"https:\/\/talkpal.ai\/az\/?s={search_term_string}\"},\"query-input\":{\"@type\":\"PropertyValueSpecification\",\"valueRequired\":true,\"valueName\":\"search_term_string\"}}],\"inLanguage\":\"az\"},{\"@type\":\"Organization\",\"@id\":\"https:\/\/talkpal.ai\/az\/#organization\",\"name\":\"Talkpal, Inc.\",\"alternateName\":\"Talkpal AI\",\"url\":\"https:\/\/talkpal.ai\/az\/\",\"logo\":{\"@type\":\"ImageObject\",\"inLanguage\":\"az\",\"@id\":\"https:\/\/talkpal.ai\/az\/#\/schema\/logo\/image\/\",\"url\":\"https:\/\/talkpal.ai\/wp-content\/uploads\/2024\/03\/Talkpal-Logo-Icon.png\",\"contentUrl\":\"https:\/\/talkpal.ai\/wp-content\/uploads\/2024\/03\/Talkpal-Logo-Icon.png\",\"width\":2880,\"height\":2880,\"caption\":\"Talkpal, Inc.\"},\"image\":{\"@id\":\"https:\/\/talkpal.ai\/az\/#\/schema\/logo\/image\/\"},\"sameAs\":[\"https:\/\/www.facebook.com\/profile.php?id=100090733639311\",\"https:\/\/x.com\/talkpalai\",\"https:\/\/www.linkedin.com\/company\/talkpal\/\",\"https:\/\/www.youtube.com\/@TalkPal\/\",\"https:\/\/www.tiktok.com\/@talkpal\",\"https:\/\/www.instagram.com\/talkpal_ai\/\",\"https:\/\/www.crunchbase.com\/organization\/talkpal-9cde\",\"https:\/\/www.g2.com\/products\/talkpal-for-business\/\",\"https:\/\/www.trustpilot.com\/review\/talkpal.ai\",\"https:\/\/www.capterra.com\/p\/10006800\/TalkPal\/\"],\"description\":\"Talkpal is a language learning web and mobile education app, powered by the latest AI technologies, that provides engaging experiences to its customers in many different languages to help them improve their language skills. Users can chat about unlimited amount of topics with the app and use other modes to practice their language learning.\",\"email\":\"support@talkpal.ai\",\"legalName\":\"Talkpal, Inc.\",\"foundingDate\":\"2023-04-03\",\"duns\":\"118989042\",\"numberOfEmployees\":{\"@type\":\"QuantitativeValue\",\"minValue\":\"11\",\"maxValue\":\"50\"},\"publishingPrinciples\":\"https:\/\/talkpal.ai\/publishing-principles\/\",\"actionableFeedbackPolicy\":\"https:\/\/talkpal.ai\/actionable-feedback-policy\/\",\"correctionsPolicy\":\"https:\/\/talkpal.ai\/corrections-policy\/\",\"ethicsPolicy\":\"https:\/\/talkpal.ai\/ethics-policy\/\",\"diversityPolicy\":\"https:\/\/talkpal.ai\/diversity-policy\/\",\"diversityStaffingReport\":\"https:\/\/talkpal.ai\/diversity-policy\/\"}]}<\/script>\n<!-- \/ Yoast SEO Premium plugin. -->","yoast_head_json":{"title":"Rus dilinin qrammatikas\u0131 - Talkpal","description":"Ba\u015flan\u011f\u0131c b\u0259l\u0259d\u00e7imizl\u0259 Rus Qrammatikas\u0131 d\u00fcnyas\u0131n\u0131 a\u00e7\u0131n. Kiril \u0259lifbas\u0131n\u0131 m\u0259nims\u0259yin v\u0259 dil bacar\u0131qlar\u0131n\u0131z\u0131 inki\u015faf etdirin.","robots":{"index":"index","follow":"follow","max-snippet":"max-snippet:-1","max-image-preview":"max-image-preview:large","max-video-preview":"max-video-preview:-1"},"canonical":"https:\/\/talkpal.ai\/az\/rus-dilinin-qrammatikasi\/","og_locale":"az_AZ","og_type":"article","og_title":"Rus dilinin qrammatikas\u0131","og_description":"Rus dilinin qrammatikas\u0131: Rus dilinin ustal\u0131qla istifad\u0259sinin sirl\u0259rini a\u00e7maq Rus dilini \u00f6yr\u0259nm\u0259k \u00fc\u00e7\u00fcn c\u0259sar\u0259tli add\u0131m atma\u011f\u0131 t\u0259brik edirik! B\u00fct\u00fcn d\u00fcnyada","og_url":"https:\/\/talkpal.ai\/az\/rus-dilinin-qrammatikasi\/","og_site_name":"Talkpal","article_publisher":"https:\/\/www.facebook.com\/profile.php?id=100090733639311","article_modified_time":"2025-12-13T15:18:48+00:00","og_image":[{"width":512,"height":512,"url":"https:\/\/talkpal.ai\/wp-content\/uploads\/2023\/04\/rusia.png","type":"image\/png"}],"twitter_card":"summary_large_image","twitter_site":"@talkpalai","twitter_misc":{"Est. reading time":"3 minutes"},"schema":{"@context":"https:\/\/schema.org","@graph":[{"@type":"WebPage","@id":"https:\/\/talkpal.ai\/az\/rus-dilinin-qrammatikasi\/","url":"https:\/\/talkpal.ai\/az\/rus-dilinin-qrammatikasi\/","name":"Rus dilinin qrammatikas\u0131 - Talkpal","isPartOf":{"@id":"https:\/\/talkpal.ai\/az\/#website"},"primaryImageOfPage":{"@id":"https:\/\/talkpal.ai\/az\/rus-dilinin-qrammatikasi\/#primaryimage"},"image":{"@id":"https:\/\/talkpal.ai\/az\/rus-dilinin-qrammatikasi\/#primaryimage"},"thumbnailUrl":"https:\/\/talkpal.ai\/wp-content\/uploads\/2023\/04\/rusia.png","datePublished":"2023-05-14T13:52:49+00:00","dateModified":"2025-12-13T15:18:48+00:00","description":"Ba\u015flan\u011f\u0131c b\u0259l\u0259d\u00e7imizl\u0259 Rus Qrammatikas\u0131 d\u00fcnyas\u0131n\u0131 a\u00e7\u0131n. Kiril \u0259lifbas\u0131n\u0131 m\u0259nims\u0259yin v\u0259 dil bacar\u0131qlar\u0131n\u0131z\u0131 inki\u015faf etdirin.","breadcrumb":{"@id":"https:\/\/talkpal.ai\/az\/rus-dilinin-qrammatikasi\/#breadcrumb"},"inLanguage":"az","potentialAction":[{"@type":"ReadAction","target":["https:\/\/talkpal.ai\/az\/rus-dilinin-qrammatikasi\/"]}]},{"@type":"ImageObject","inLanguage":"az","@id":"https:\/\/talkpal.ai\/az\/rus-dilinin-qrammatikasi\/#primaryimage","url":"https:\/\/talkpal.ai\/wp-content\/uploads\/2023\/04\/rusia.png","contentUrl":"https:\/\/talkpal.ai\/wp-content\/uploads\/2023\/04\/rusia.png","width":512,"height":512},{"@type":"BreadcrumbList","@id":"https:\/\/talkpal.ai\/az\/rus-dilinin-qrammatikasi\/#breadcrumb","itemListElement":[{"@type":"ListItem","position":1,"name":"Homepage","item":"https:\/\/talkpal.ai\/az\/"},{"@type":"ListItem","position":2,"name":"Rus dilinin qrammatikas\u0131"}]},{"@type":"WebSite","@id":"https:\/\/talkpal.ai\/az\/#website","url":"https:\/\/talkpal.ai\/az\/","name":"Talkpal","description":"AI Language Learning","publisher":{"@id":"https:\/\/talkpal.ai\/az\/#organization"},"alternateName":"Talkpal AI","potentialAction":[{"@type":"SearchAction","target":{"@type":"EntryPoint","urlTemplate":"https:\/\/talkpal.ai\/az\/?s={search_term_string}"},"query-input":{"@type":"PropertyValueSpecification","valueRequired":true,"valueName":"search_term_string"}}],"inLanguage":"az"},{"@type":"Organization","@id":"https:\/\/talkpal.ai\/az\/#organization","name":"Talkpal, Inc.","alternateName":"Talkpal AI","url":"https:\/\/talkpal.ai\/az\/","logo":{"@type":"ImageObject","inLanguage":"az","@id":"https:\/\/talkpal.ai\/az\/#\/schema\/logo\/image\/","url":"https:\/\/talkpal.ai\/wp-content\/uploads\/2024\/03\/Talkpal-Logo-Icon.png","contentUrl":"https:\/\/talkpal.ai\/wp-content\/uploads\/2024\/03\/Talkpal-Logo-Icon.png","width":2880,"height":2880,"caption":"Talkpal, Inc."},"image":{"@id":"https:\/\/talkpal.ai\/az\/#\/schema\/logo\/image\/"},"sameAs":["https:\/\/www.facebook.com\/profile.php?id=100090733639311","https:\/\/x.com\/talkpalai","https:\/\/www.linkedin.com\/company\/talkpal\/","https:\/\/www.youtube.com\/@TalkPal\/","https:\/\/www.tiktok.com\/@talkpal","https:\/\/www.instagram.com\/talkpal_ai\/","https:\/\/www.crunchbase.com\/organization\/talkpal-9cde","https:\/\/www.g2.com\/products\/talkpal-for-business\/","https:\/\/www.trustpilot.com\/review\/talkpal.ai","https:\/\/www.capterra.com\/p\/10006800\/TalkPal\/"],"description":"Talkpal is a language learning web and mobile education app, powered by the latest AI technologies, that provides engaging experiences to its customers in many different languages to help them improve their language skills. Users can chat about unlimited amount of topics with the app and use other modes to practice their language learning.","email":"support@talkpal.ai","legalName":"Talkpal, Inc.","foundingDate":"2023-04-03","duns":"118989042","numberOfEmployees":{"@type":"QuantitativeValue","minValue":"11","maxValue":"50"},"publishingPrinciples":"https:\/\/talkpal.ai\/publishing-principles\/","actionableFeedbackPolicy":"https:\/\/talkpal.ai\/actionable-feedback-policy\/","correctionsPolicy":"https:\/\/talkpal.ai\/corrections-policy\/","ethicsPolicy":"https:\/\/talkpal.ai\/ethics-policy\/","diversityPolicy":"https:\/\/talkpal.ai\/diversity-policy\/","diversityStaffingReport":"https:\/\/talkpal.ai\/diversity-policy\/"}]}},"_links":{"self":[{"href":"https:\/\/talkpal.ai\/az\/wp-json\/wp\/v2\/pages\/139820","targetHints":{"allow":["GET"]}}],"collection":[{"href":"https:\/\/talkpal.ai\/az\/wp-json\/wp\/v2\/pages"}],"about":[{"href":"https:\/\/talkpal.ai\/az\/wp-json\/wp\/v2\/types\/page"}],"author":[{"embeddable":true,"href":"https:\/\/talkpal.ai\/az\/wp-json\/wp\/v2\/users\/1"}],"replies":[{"embeddable":true,"href":"https:\/\/talkpal.ai\/az\/wp-json\/wp\/v2\/comments?post=139820"}],"version-history":[{"count":0,"href":"https:\/\/talkpal.ai\/az\/wp-json\/wp\/v2\/pages\/139820\/revisions"}],"wp:featuredmedia":[{"embeddable":true,"href":"https:\/\/talkpal.ai\/az\/wp-json\/wp\/v2\/media\/108005"}],"wp:attachment":[{"href":"https:\/\/talkpal.ai\/az\/wp-json\/wp\/v2\/media?parent=139820"}],"curies":[{"name":"wp","href":"https:\/\/api.w.org\/{rel}","templated":true}]}}