{"id":135812,"date":"2023-06-16T10:51:16","date_gmt":"2023-06-16T10:51:16","guid":{"rendered":"http:\/\/talkpal.ai\/ukrayna-qrammatika-m%c9%99sql%c9%99ri\/"},"modified":"2025-12-17T16:22:53","modified_gmt":"2025-12-17T16:22:53","slug":"ukrayna-qrammatika-m%c9%99sql%c9%99ri","status":"publish","type":"page","link":"https:\/\/talkpal.ai\/az\/ukrayna-qrammatika-m%c9%99sql%c9%99ri\/","title":{"rendered":"Ukrayna Qrammatika M\u0259\u015fql\u0259ri"},"content":{"rendered":"\r\n\r\n\r\n<section class=\"languageChallengeSection\">\r\n    <div class=\"languageInfoWrapper\">\r\n        \r\n        <h1>Ukrayna Qrammatika M\u0259\u015fql\u0259ri<\/h1>\r\n        <p><a href=\"https:\/\/talkpal.ai\/learn-ukrainian\/\">Ukrayna<\/a> bacar\u0131qlar\u0131n\u0131z\u0131 n\u00f6vb\u0259ti s\u0259viyy\u0259y\u0259 qald\u0131rmaq ist\u0259yirsiniz? Qrammatik m\u0259\u015fql\u0259ri m\u0259\u015fq etm\u0259k c\u00fcml\u0259 qurulu\u015funu, fel formalar\u0131n\u0131 v\u0259 Ukrayna dilinin unikal n\u00fcmun\u0259l\u0259rini m\u0259nims\u0259m\u0259yin \u0259sas yoludur. Bu g\u00fcn Ukrayna qrammatikas\u0131 \u00fcz\u0259rind\u0259 i\u015fl\u0259m\u0259y\u0259 ba\u015flay\u0131n v\u0259 h\u0259r m\u0259\u015fql\u0259 inam\u0131n\u0131z\u0131n v\u0259 r\u0259vanl\u0131\u011f\u0131n\u0131z\u0131n b\u00f6y\u00fcm\u0259sin\u0259 bax\u0131n!<\/p>\r\n\r\n                            <a class=\"getStartedHidden\" href=\"https:\/\/app.talkpal.ai\/signup?lng=\">Ba\u015fla<\/a>\r\n        \r\n    <\/div>\r\n\r\n    <figure>\r\n    <img decoding=\"async\" width=\"768\" height=\"768\" src=\"https:\/\/talkpal.ai\/wp-content\/uploads\/2023\/06\/Ukrainian-768x768.png\" class=\"languageImage no-lazy\" alt=\"Language learning - Your doorway to the world\" fetchpriority=\"high\" sizes=\"(max-width: 768px) 150px, 768px\" srcset=\"https:\/\/talkpal.ai\/wp-content\/uploads\/2023\/06\/Ukrainian-768x768.png 768w, https:\/\/talkpal.ai\/wp-content\/uploads\/2023\/06\/Ukrainian-300x300.png 300w\" \/>\r\n    \r\n\r\n    <\/figure>\r\n\r\n            <a class=\"getStartedVisible\" href=\"https:\/\/app.talkpal.ai\/signup?lng=\">Ba\u015fla<\/a>\r\n    \r\n<\/section>\r\n\r\n\r\n<!-- <section class=\"grammarSection\">\r\n    <div class=\"grammarLinks\">\r\n            <\/div>\r\n<\/section> -->\r\n\r\n\r\n\r\n\r\n<section class=\"promotionalBanner\">\r\n    <p class=\"promotionalText\">Dil \u00f6yr\u0259nm\u0259yin \u0259n t\u0259sirli yolu<\/p>\r\n    <a class=\"promotionalLink\" href=\"https:\/\/app.talkpal.ai\/signup?lng=\">Talkpal pulsuz s\u0131nay\u0131n<\/a>\r\n<\/section>\n<div class=\"wp-block-group pageContainerStyle\"><div class=\"wp-block-group__inner-container is-layout-constrained wp-block-group-is-layout-constrained\">\n<h2 class=\"wp-block-heading\" id=\"h-ukrainian-grammar-topics\">Ukrayna dilinin qrammatikas\u0131 m\u00f6vzular\u0131<\/h2>\n\n\n\n<p>Yeni <a href=\"https:\/\/talkpal.ai\/az\/talkpal-chat-vasit%c9%99sil%c9%99-dil-oyr%c9%99nm%c9%99k-ucun-nec%c9%99\/\">dil \u00f6yr\u0259nm\u0259k<\/a> maraql\u0131, eyni eyni zaman \u00e7\u0259tin bir i\u015f ola bil\u0259r. Ukrayna dili d\u0259 istisna deyil. \u015e\u0259rqi slavyan dili olan Ukrayna dili Ukraynan\u0131n r\u0259smi dilidir v\u0259 z\u0259ngin tarixi v\u0259 m\u00fcxt\u0259lif qrammatik qurulu\u015fu il\u0259 f\u0259xr edir. <a href=\"https:\/\/talkpal.ai\/az\/ukrayna-dilini-oyr%c9%99n\/\">Ukrayna dilini<\/a> m\u00fck\u0259mm\u0259l bilm\u0259k \u00fc\u00e7\u00fcn s\u0259yah\u0259t\u0259 ba\u015flayark\u0259n bir ne\u00e7\u0259 \u0259sas <a href=\"https:\/\/talkpal.ai\/grammar\/\">qrammatika<\/a> m\u00f6vzusu var. Bunlar aras\u0131nda g\u0259rginlik, feil, isim, m\u0259qal\u0259, t\u0259l\u0259ff\u00fcz, adgektiv, adverb, prepozisiya v\u0259 c\u00fcml\u0259 qurulu\u015fu da var. Bu qrammatik qaydalar\u0131 ba\u015fa d\u00fc\u015fm\u0259k v\u0259 d\u00fczg\u00fcn <a href=\"https:\/\/talkpal.ai\/es\/descargar-la-aplicacion-talkpal-para-android-e-ios\/\">t\u0259tbiq<\/a> etm\u0259k dild\u0259 s\u0259lisliyinizi \u0259h\u0259miyy\u0259tli d\u0259r\u0259c\u0259d\u0259 yax\u015f\u0131la\u015fd\u0131racaq. Bel\u0259likl\u0259, h\u0259r bir m\u00f6vzuya gir\u0259k v\u0259 onlar\u0131 \u00f6yr\u0259nm\u0259yiniz laz\u0131m olan ard\u0131c\u0131ll\u0131\u011f\u0131 ara\u015fd\u0131raq.<\/p>\n\n\n\n<h3 class=\"wp-block-heading\" id=\"h-1-nouns\">1. Nouns:<\/h3>\n\n\n\n<p>Dilin \u0259sas\u0131 oldu\u011fu \u00fc\u00e7\u00fcn Ukrayna nounlar\u0131n\u0131 \u00f6yr\u0259nm\u0259kl\u0259 ba\u015flay\u0131n. Onlar\u0131n cinsi (ki\u015fi, qad\u0131n v\u0259 neytri) v\u0259 pl\u00fcral formalar\u0131 il\u0259 tan\u0131\u015f olun. Noun declensions (hallar) anlamaq d\u00fczg\u00fcn c\u00fcml\u0259 \u0259m\u0259l\u0259 g\u0259lm\u0259si \u00fc\u00e7\u00fcn olduqca vacibdir.<\/p>\n\n\n\n<h3 class=\"wp-block-heading\" id=\"h-2-pronouns\">2. Pronouns:<\/h3>\n\n\n\n<p>Sonra t\u0259l\u0259ff\u00fcz etm\u0259yi \u00f6yr\u0259nin \u2013 c\u00fcml\u0259d\u0259 nounlar\u0131 \u0259v\u0259z ed\u0259n s\u00f6zl\u0259r. Onlar\u0131n cinsi v\u0259 hal f\u0259rql\u0259ri d\u0259 var, buna g\u00f6r\u0259 d\u0259 \u0259v\u0259z etdikl\u0259ri isimd\u0259n as\u0131l\u0131 olaraq istifad\u0259 etm\u0259k \u00fc\u00e7\u00fcn uy\u011fun formalar\u0131 <a href=\"https:\/\/talkpal.ai\/az\/oyr%c9%99nm%c9%99k\/\">\u00f6yr\u0259nm\u0259k<\/a> vacibdir.<\/p>\n\n\n\n<h3 class=\"wp-block-heading\" id=\"h-3-verbs\">3. Feill\u0259r:<\/h3>\n\n\n\n<p>Feill\u0259r bir c\u00fcml\u0259d\u0259 h\u0259r\u0259k\u0259t s\u00f6zl\u0259ridir. Ukrayna dilind\u0259 feill\u0259r g\u0259rgin, \u0259hval-ruhiyy\u0259 v\u0259 aspekt \u0259sas\u0131nda m\u00fcxt\u0259lif formalara malikdirl\u0259r. Felin indiki g\u0259rgin g\u00f6st\u0259rici formalar\u0131n\u0131 \u00f6yr\u0259nm\u0259kl\u0259 ba\u015flay\u0131n. Bu, siz\u0259 \u0259sas c\u00fcml\u0259 qurulu\u015funu ba\u015fa d\u00fc\u015fm\u0259y\u0259 k\u00f6m\u0259k ed\u0259c\u0259k.<\/p>\n\n\n\n<h3 class=\"wp-block-heading\" id=\"h-4-tenses-indicative\">4. G\u0259rginlik g\u00f6st\u0259ricisi:<\/h3>\n\n\n\n<p>\u0130ndiki zamanda fell\u0259rl\u0259 rahatla\u015fd\u0131qdan sonra indikativ \u0259hval-ruhiyy\u0259d\u0259 ke\u00e7mi\u015f v\u0259 g\u0259l\u0259c\u0259k zamanlar\u0131 \u00f6yr\u0259nm\u0259y\u0259 davam edin. Bu, art\u0131q ba\u015f vermi\u015f v\u0259 ya g\u0259l\u0259c\u0259kd\u0259 ba\u015f ver\u0259c\u0259k hadis\u0259l\u0259r haqq\u0131nda m\u0259lumat verm\u0259y\u0259 imkan ver\u0259c\u0259k.<\/p>\n\n\n\n<h3 class=\"wp-block-heading\" id=\"h-5-tenses-subjunctive\">5. Subjunctive g\u0259rginlikl\u0259r:<\/h3>\n\n\n\n<p>G\u00f6st\u0259rici \u0259hval-ruhiyy\u0259ni ustal\u0131qla ba\u015fa vurduqdan sonra, hipotetik v\u0259ziyy\u0259tl\u0259ri, irad v\u0259 ya t\u0259klifl\u0259ri ifad\u0259 ed\u0259n tabe\u00e7ilik \u0259hval-ruhiyy\u0259sini ara\u015fd\u0131r\u0131n. Tabe\u00e7ilik \u0259hval-ruhiyy\u0259si \u0259sas\u0259n Ukrayna \u0259razisind\u0259 ke\u00e7mi\u015f v\u0259 g\u0259l\u0259c\u0259k g\u0259rginlikl\u0259rd\u0259 ba\u015f verir.<\/p>\n\n\n\n<h3 class=\"wp-block-heading\" id=\"h-6-tense-comparison\">6. G\u0259rgin m\u00fcqayis\u0259:<\/h3>\n\n\n\n<p>Ukrayna dilind\u0259 m\u00fcxt\u0259lif d\u0259r\u0259c\u0259d\u0259 m\u00fc\u0259yy\u0259nlik v\u0259 ya imkan ifad\u0259 etm\u0259k \u00fc\u00e7\u00fcn g\u0259rginlik m\u00fcqayis\u0259 etm\u0259k \u00fc\u00e7\u00fcn nec\u0259 \u00f6yr\u0259nm\u0259k. Bu siz\u0259 daha m\u00fcr\u0259kk\u0259b c\u00fcml\u0259l\u0259ri ba\u015fa d\u00fc\u015fm\u0259y\u0259 v\u0259 yaratma\u011fa k\u00f6m\u0259k ed\u0259c\u0259k.<\/p>\n\n\n\n<h3 class=\"wp-block-heading\" id=\"h-7-adjectives\">7. Adjectives:<\/h3>\n\n\n\n<p>Adyunlar\u0131n sif\u0259tl\u0259rini izah edir. Onlar \u00f6z modifikasiyalar\u0131 il\u0259 cins, say v\u0259 m\u0259s\u0259l\u0259 il\u0259 raz\u0131la\u015f\u0131rlar. Adjectives \u00f6yr\u0259nm\u0259k c\u00fcml\u0259l\u0259riniz\u0259 daha \u0259trafl\u0131 m\u0259lumat \u0259lav\u0259 etm\u0259y\u0259 k\u00f6m\u0259k ed\u0259c\u0259k.<\/p>\n\n\n\n<h3 class=\"wp-block-heading\" id=\"h-8-adverbs\">8. Adverbl\u0259r:<\/h3>\n\n\n\n<p>Adverbs h\u0259r\u0259k\u0259tin nec\u0259, harada v\u0259 ya hans\u0131 vaxtda ba\u015f tutdu\u011funu t\u0259svir edir. Onlar sif\u0259tl\u0259r kimi azalm\u0131rlar, lakin c\u00fcml\u0259l\u0259rinizin daha informativ v\u0259 c\u0259lbedici olmas\u0131nda m\u00fch\u00fcm rol oynay\u0131rlar.<\/p>\n\n\n\n<h3 class=\"wp-block-heading\" id=\"h-9-prepositions\">9. Prepozisiyalar:<\/h3>\n\n\n\n<p>Prepozisiyalar bir c\u00fcml\u0259d\u0259 (m\u0259s., m\u0259kan, istiqam\u0259t v\u0259 ya zaman) s\u00f6zl\u0259r aras\u0131ndak\u0131 \u0259laq\u0259ni g\u00f6st\u0259rir. \u00c7a\u015fq\u0131nl\u0131qdan qa\u00e7\u0131nmaq v\u0259 m\u0259qs\u0259dinizi \u00e7atd\u0131rmaq \u00fc\u00e7\u00fcn prepozisiyalardan d\u00fczg\u00fcn istifad\u0259 etm\u0259yi \u00f6yr\u0259nin.<\/p>\n\n\n\n<h3 class=\"wp-block-heading\" id=\"h-10-sentence-structure\">10. C\u00fcml\u0259 qurulu\u015fu:<\/h3>\n\n\n\n<p>Sonda Ukrayna c\u00fcml\u0259 qurulu\u015fu il\u0259 tan\u0131\u015f olun. Bura m\u00f6vzu-verb-object (SVO) s\u00f6z nizam\u0131 v\u0259 ayd\u0131n, bir-birin\u0259 ba\u011fl\u0131 c\u00fcml\u0259l\u0259r \u0259m\u0259l\u0259 g\u0259tirm\u0259k \u00fc\u00e7\u00fcn hal v\u0259 dig\u0259r qrammatik elementl\u0259rd\u0259n nec\u0259 istifad\u0259 edilm\u0259sini ba\u015fa d\u00fc\u015fm\u0259k daxildir.<\/p>\n\n\n\n<h3 class=\"wp-block-heading\" id=\"h-11-articles\">11. M\u0259qal\u0259l\u0259r:<\/h3>\n\n\n\n<p>Ukrayna dilind\u0259 ingilis dilind\u0259 \u201cthe\u201d v\u0259 ya \u201ca\u201d kimi m\u0259qal\u0259l\u0259r yoxdur, lakin dild\u0259 m\u00fc\u0259yy\u0259nlik v\u0259 qeyri-m\u00fc\u0259yy\u0259nliyin ad\u0259t\u0259n n\u00fcmayi\u015f \u0259v\u0259zlikl\u0259ri v\u0259 ya kontekstd\u0259n istifad\u0259 etm\u0259kl\u0259 nec\u0259 \u00e7atd\u0131r\u0131ld\u0131\u011f\u0131n\u0131 anlamaq vacibdir.<\/p>\n\n\n\n<p>Bu qrammatika m\u00f6vzular\u0131n\u0131 t\u0259klif olunan ard\u0131c\u0131ll\u0131qla \u00f6yr\u0259nm\u0259kl\u0259, siz t\u0259dric\u0259n Ukrayna dilind\u0259 m\u00f6hk\u0259m t\u0259m\u0259l quracaq v\u0259 dild\u0259 s\u0259lisliy\u0259 do\u011fru ir\u0259lil\u0259y\u0259c\u0259ksiniz.<\/p>\n<\/div><\/div>\n\r\n<section class=\"learnNavigationSection\">\r\n            \r\n        <a href=\"https:\/\/talkpal.ai\/az\/ukrayna-dilini-oyr%c9%99n\/\">\r\n            <div class=\"learnNavigationWrapper\">\r\n                <div class=\"learnNavigationContent\">\r\n                    <img decoding=\"async\" src=\"https:\/\/talkpal.ai\/wp-content\/uploads\/2024\/08\/Ukrainian.jpg\" alt=\"Ukrainian Flag\">\r\n                    <div>\r\n                        <h4>Ukrayna \u00d6yr\u0259nilm\u0259si Haqq\u0131nda<\/h4>\r\n                        <p>Ukrayna dilinin qrammatikas\u0131 haqq\u0131nda h\u0259r \u015feyi \u00f6yr\u0259nin.<\/p>\r\n                    <\/div>\r\n                <\/div>\r\n            <\/div>\r\n        <\/a>\r\n\r\n        \r\n        <a href=\"https:\/\/talkpal.ai\/az\/ukrayna-dilinin-qrammatikasi\/\">\r\n            <div class=\"learnNavigationWrapper\">\r\n                <div class=\"learnNavigationContent\">\r\n                    <img decoding=\"async\" src=\"https:\/\/talkpal.ai\/wp-content\/uploads\/2024\/08\/Ukrainian.jpg\" alt=\"Ukrainian Flag\">\r\n                    <div>\r\n                        <h4>Ukrayna dilinin qrammatikas\u0131 d\u0259rsl\u0259ri<\/h4>\r\n                        <p>Ukrayna dilinin qrammatikas\u0131.<\/p>\r\n                    <\/div>\r\n                <\/div>\r\n            <\/div>\r\n        <\/a>\r\n\r\n        \r\n        <a href=\"https:\/\/talkpal.ai\/vocabulary_language\/ukrainian\/\">\r\n            <div class=\"learnNavigationWrapper\">\r\n                <div class=\"learnNavigationContent\">\r\n                    <img decoding=\"async\" src=\"https:\/\/talkpal.ai\/wp-content\/uploads\/2024\/08\/Ukrainian.jpg\" alt=\"Ukrainian Flag\">\r\n                    <div>\r\n                        <h4>Ukrayna l\u00fc\u011f\u0259ti<\/h4>\r\n                        <p>Ukrayna l\u00fc\u011f\u0259tinizi geni\u015fl\u0259ndirin.<\/p>\r\n                    <\/div>\r\n                <\/div>\r\n            <\/div>\r\n        <\/a>\r\n\r\n            <\/section>","protected":false},"excerpt":{"rendered":"<p>Ukrayna dilinin qrammatikas\u0131 m\u00f6vzular\u0131 Yeni dil \u00f6yr\u0259nm\u0259k maraql\u0131, eyni eyni zaman \u00e7\u0259tin bir i\u015f ola bil\u0259r. Ukrayna dili d\u0259 istisna deyil. \u015e\u0259rqi slavyan dili olan Ukrayna dili Ukraynan\u0131n r\u0259smi dilidir v\u0259 z\u0259ngin tarixi v\u0259 m\u00fcxt\u0259lif qrammatik qurulu\u015fu il\u0259 f\u0259xr edir. Ukrayna dilini m\u00fck\u0259mm\u0259l bilm\u0259k \u00fc\u00e7\u00fcn s\u0259yah\u0259t\u0259 ba\u015flayark\u0259n bir ne\u00e7\u0259 \u0259sas qrammatika m\u00f6vzusu var. Bunlar aras\u0131nda [&hellip;]<\/p>\n","protected":false},"author":6,"featured_media":108555,"parent":0,"menu_order":0,"comment_status":"closed","ping_status":"closed","template":"LearningContentPage.php","meta":{"_acf_changed":false,"footnotes":""},"class_list":["post-135812","page","type-page","status-publish","has-post-thumbnail","hentry"],"acf":[],"yoast_head":"<!-- This site is optimized with the Yoast SEO Premium plugin v27.2 (Yoast SEO v27.2) - https:\/\/yoast.com\/product\/yoast-seo-premium-wordpress\/ -->\n<title>Ukrayna Qrammatika M\u0259\u015fql\u0259ri - Talkpal<\/title>\n<meta name=\"description\" content=\"S\u0259lis dan\u0131\u015f\u0131q \u00fc\u00e7\u00fcn \u0259sas qrammatik m\u00f6vzular\u0131 \u0259hat\u0259 ed\u0259n c\u0259lbedici Ukrayna qrammatikas\u0131 m\u0259\u015fql\u0259ri il\u0259 Ukrayna bacar\u0131qlar\u0131n\u0131z\u0131 art\u0131r\u0131n.\" \/>\n<meta name=\"robots\" content=\"index, follow, max-snippet:-1, max-image-preview:large, max-video-preview:-1\" \/>\n<link rel=\"canonical\" href=\"https:\/\/talkpal.ai\/az\/ukrayna-qrammatika-m%c9%99sql%c9%99ri\/\" \/>\n<meta property=\"og:locale\" content=\"az_AZ\" \/>\n<meta property=\"og:type\" content=\"article\" \/>\n<meta property=\"og:title\" content=\"Ukrayna Qrammatika M\u0259\u015fql\u0259ri\" \/>\n<meta property=\"og:description\" content=\"Ukrayna dilinin qrammatikas\u0131 m\u00f6vzular\u0131 Yeni dil \u00f6yr\u0259nm\u0259k maraql\u0131, eyni eyni zaman \u00e7\u0259tin bir i\u015f ola bil\u0259r. Ukrayna dili d\u0259 istisna deyil. \u015e\u0259rqi slavyan\" \/>\n<meta property=\"og:url\" content=\"https:\/\/talkpal.ai\/az\/ukrayna-qrammatika-m%c9%99sql%c9%99ri\/\" \/>\n<meta property=\"og:site_name\" content=\"Talkpal\" \/>\n<meta property=\"article:publisher\" content=\"https:\/\/www.facebook.com\/profile.php?id=100090733639311\" \/>\n<meta property=\"article:modified_time\" content=\"2025-12-17T16:22:53+00:00\" \/>\n<meta property=\"og:image\" content=\"https:\/\/talkpal.ai\/wp-content\/uploads\/2023\/04\/ukraine.png\" \/>\n\t<meta property=\"og:image:width\" content=\"512\" \/>\n\t<meta property=\"og:image:height\" content=\"512\" \/>\n\t<meta property=\"og:image:type\" content=\"image\/png\" \/>\n<meta name=\"twitter:card\" content=\"summary_large_image\" \/>\n<meta name=\"twitter:site\" content=\"@talkpalai\" \/>\n<meta name=\"twitter:label1\" content=\"Est. reading time\" \/>\n\t<meta name=\"twitter:data1\" content=\"4 minutes\" \/>\n<script type=\"application\/ld+json\" class=\"yoast-schema-graph\">{\"@context\":\"https:\/\/schema.org\",\"@graph\":[{\"@type\":\"WebPage\",\"@id\":\"https:\/\/talkpal.ai\/az\/ukrayna-qrammatika-m%c9%99sql%c9%99ri\/\",\"url\":\"https:\/\/talkpal.ai\/az\/ukrayna-qrammatika-m%c9%99sql%c9%99ri\/\",\"name\":\"Ukrayna Qrammatika M\u0259\u015fql\u0259ri - Talkpal\",\"isPartOf\":{\"@id\":\"https:\/\/talkpal.ai\/az\/#website\"},\"primaryImageOfPage\":{\"@id\":\"https:\/\/talkpal.ai\/az\/ukrayna-qrammatika-m%c9%99sql%c9%99ri\/#primaryimage\"},\"image\":{\"@id\":\"https:\/\/talkpal.ai\/az\/ukrayna-qrammatika-m%c9%99sql%c9%99ri\/#primaryimage\"},\"thumbnailUrl\":\"https:\/\/talkpal.ai\/wp-content\/uploads\/2023\/04\/ukraine.png\",\"datePublished\":\"2023-06-16T10:51:16+00:00\",\"dateModified\":\"2025-12-17T16:22:53+00:00\",\"description\":\"S\u0259lis dan\u0131\u015f\u0131q \u00fc\u00e7\u00fcn \u0259sas qrammatik m\u00f6vzular\u0131 \u0259hat\u0259 ed\u0259n c\u0259lbedici Ukrayna qrammatikas\u0131 m\u0259\u015fql\u0259ri il\u0259 Ukrayna bacar\u0131qlar\u0131n\u0131z\u0131 art\u0131r\u0131n.\",\"breadcrumb\":{\"@id\":\"https:\/\/talkpal.ai\/az\/ukrayna-qrammatika-m%c9%99sql%c9%99ri\/#breadcrumb\"},\"inLanguage\":\"az\",\"potentialAction\":[{\"@type\":\"ReadAction\",\"target\":[\"https:\/\/talkpal.ai\/az\/ukrayna-qrammatika-m%c9%99sql%c9%99ri\/\"]}]},{\"@type\":\"ImageObject\",\"inLanguage\":\"az\",\"@id\":\"https:\/\/talkpal.ai\/az\/ukrayna-qrammatika-m%c9%99sql%c9%99ri\/#primaryimage\",\"url\":\"https:\/\/talkpal.ai\/wp-content\/uploads\/2023\/04\/ukraine.png\",\"contentUrl\":\"https:\/\/talkpal.ai\/wp-content\/uploads\/2023\/04\/ukraine.png\",\"width\":512,\"height\":512,\"caption\":\"TalkPal Ukrainian Flag\"},{\"@type\":\"BreadcrumbList\",\"@id\":\"https:\/\/talkpal.ai\/az\/ukrayna-qrammatika-m%c9%99sql%c9%99ri\/#breadcrumb\",\"itemListElement\":[{\"@type\":\"ListItem\",\"position\":1,\"name\":\"Homepage\",\"item\":\"https:\/\/talkpal.ai\/az\/\"},{\"@type\":\"ListItem\",\"position\":2,\"name\":\"Ukrayna Qrammatika M\u0259\u015fql\u0259ri\"}]},{\"@type\":\"WebSite\",\"@id\":\"https:\/\/talkpal.ai\/az\/#website\",\"url\":\"https:\/\/talkpal.ai\/az\/\",\"name\":\"Talkpal\",\"description\":\"AI Language Learning\",\"publisher\":{\"@id\":\"https:\/\/talkpal.ai\/az\/#organization\"},\"alternateName\":\"Talkpal AI\",\"potentialAction\":[{\"@type\":\"SearchAction\",\"target\":{\"@type\":\"EntryPoint\",\"urlTemplate\":\"https:\/\/talkpal.ai\/az\/?s={search_term_string}\"},\"query-input\":{\"@type\":\"PropertyValueSpecification\",\"valueRequired\":true,\"valueName\":\"search_term_string\"}}],\"inLanguage\":\"az\"},{\"@type\":\"Organization\",\"@id\":\"https:\/\/talkpal.ai\/az\/#organization\",\"name\":\"Talkpal, Inc.\",\"alternateName\":\"Talkpal AI\",\"url\":\"https:\/\/talkpal.ai\/az\/\",\"logo\":{\"@type\":\"ImageObject\",\"inLanguage\":\"az\",\"@id\":\"https:\/\/talkpal.ai\/az\/#\/schema\/logo\/image\/\",\"url\":\"https:\/\/talkpal.ai\/wp-content\/uploads\/2024\/03\/Talkpal-Logo-Icon.png\",\"contentUrl\":\"https:\/\/talkpal.ai\/wp-content\/uploads\/2024\/03\/Talkpal-Logo-Icon.png\",\"width\":2880,\"height\":2880,\"caption\":\"Talkpal, Inc.\"},\"image\":{\"@id\":\"https:\/\/talkpal.ai\/az\/#\/schema\/logo\/image\/\"},\"sameAs\":[\"https:\/\/www.facebook.com\/profile.php?id=100090733639311\",\"https:\/\/x.com\/talkpalai\",\"https:\/\/www.linkedin.com\/company\/talkpal\/\",\"https:\/\/www.youtube.com\/@TalkPal\/\",\"https:\/\/www.tiktok.com\/@talkpal\",\"https:\/\/www.instagram.com\/talkpal_ai\/\",\"https:\/\/www.crunchbase.com\/organization\/talkpal-9cde\",\"https:\/\/www.g2.com\/products\/talkpal-for-business\/\",\"https:\/\/www.trustpilot.com\/review\/talkpal.ai\",\"https:\/\/www.capterra.com\/p\/10006800\/TalkPal\/\"],\"description\":\"Talkpal is a language learning web and mobile education app, powered by the latest AI technologies, that provides engaging experiences to its customers in many different languages to help them improve their language skills. Users can chat about unlimited amount of topics with the app and use other modes to practice their language learning.\",\"email\":\"support@talkpal.ai\",\"legalName\":\"Talkpal, Inc.\",\"foundingDate\":\"2023-04-03\",\"duns\":\"118989042\",\"numberOfEmployees\":{\"@type\":\"QuantitativeValue\",\"minValue\":\"11\",\"maxValue\":\"50\"},\"publishingPrinciples\":\"https:\/\/talkpal.ai\/publishing-principles\/\",\"actionableFeedbackPolicy\":\"https:\/\/talkpal.ai\/actionable-feedback-policy\/\",\"correctionsPolicy\":\"https:\/\/talkpal.ai\/corrections-policy\/\",\"ethicsPolicy\":\"https:\/\/talkpal.ai\/ethics-policy\/\",\"diversityPolicy\":\"https:\/\/talkpal.ai\/diversity-policy\/\",\"diversityStaffingReport\":\"https:\/\/talkpal.ai\/diversity-policy\/\"}]}<\/script>\n<!-- \/ Yoast SEO Premium plugin. -->","yoast_head_json":{"title":"Ukrayna Qrammatika M\u0259\u015fql\u0259ri - Talkpal","description":"S\u0259lis dan\u0131\u015f\u0131q \u00fc\u00e7\u00fcn \u0259sas qrammatik m\u00f6vzular\u0131 \u0259hat\u0259 ed\u0259n c\u0259lbedici Ukrayna qrammatikas\u0131 m\u0259\u015fql\u0259ri il\u0259 Ukrayna bacar\u0131qlar\u0131n\u0131z\u0131 art\u0131r\u0131n.","robots":{"index":"index","follow":"follow","max-snippet":"max-snippet:-1","max-image-preview":"max-image-preview:large","max-video-preview":"max-video-preview:-1"},"canonical":"https:\/\/talkpal.ai\/az\/ukrayna-qrammatika-m%c9%99sql%c9%99ri\/","og_locale":"az_AZ","og_type":"article","og_title":"Ukrayna Qrammatika M\u0259\u015fql\u0259ri","og_description":"Ukrayna dilinin qrammatikas\u0131 m\u00f6vzular\u0131 Yeni dil \u00f6yr\u0259nm\u0259k maraql\u0131, eyni eyni zaman \u00e7\u0259tin bir i\u015f ola bil\u0259r. Ukrayna dili d\u0259 istisna deyil. \u015e\u0259rqi slavyan","og_url":"https:\/\/talkpal.ai\/az\/ukrayna-qrammatika-m%c9%99sql%c9%99ri\/","og_site_name":"Talkpal","article_publisher":"https:\/\/www.facebook.com\/profile.php?id=100090733639311","article_modified_time":"2025-12-17T16:22:53+00:00","og_image":[{"width":512,"height":512,"url":"https:\/\/talkpal.ai\/wp-content\/uploads\/2023\/04\/ukraine.png","type":"image\/png"}],"twitter_card":"summary_large_image","twitter_site":"@talkpalai","twitter_misc":{"Est. reading time":"4 minutes"},"schema":{"@context":"https:\/\/schema.org","@graph":[{"@type":"WebPage","@id":"https:\/\/talkpal.ai\/az\/ukrayna-qrammatika-m%c9%99sql%c9%99ri\/","url":"https:\/\/talkpal.ai\/az\/ukrayna-qrammatika-m%c9%99sql%c9%99ri\/","name":"Ukrayna Qrammatika M\u0259\u015fql\u0259ri - Talkpal","isPartOf":{"@id":"https:\/\/talkpal.ai\/az\/#website"},"primaryImageOfPage":{"@id":"https:\/\/talkpal.ai\/az\/ukrayna-qrammatika-m%c9%99sql%c9%99ri\/#primaryimage"},"image":{"@id":"https:\/\/talkpal.ai\/az\/ukrayna-qrammatika-m%c9%99sql%c9%99ri\/#primaryimage"},"thumbnailUrl":"https:\/\/talkpal.ai\/wp-content\/uploads\/2023\/04\/ukraine.png","datePublished":"2023-06-16T10:51:16+00:00","dateModified":"2025-12-17T16:22:53+00:00","description":"S\u0259lis dan\u0131\u015f\u0131q \u00fc\u00e7\u00fcn \u0259sas qrammatik m\u00f6vzular\u0131 \u0259hat\u0259 ed\u0259n c\u0259lbedici Ukrayna qrammatikas\u0131 m\u0259\u015fql\u0259ri il\u0259 Ukrayna bacar\u0131qlar\u0131n\u0131z\u0131 art\u0131r\u0131n.","breadcrumb":{"@id":"https:\/\/talkpal.ai\/az\/ukrayna-qrammatika-m%c9%99sql%c9%99ri\/#breadcrumb"},"inLanguage":"az","potentialAction":[{"@type":"ReadAction","target":["https:\/\/talkpal.ai\/az\/ukrayna-qrammatika-m%c9%99sql%c9%99ri\/"]}]},{"@type":"ImageObject","inLanguage":"az","@id":"https:\/\/talkpal.ai\/az\/ukrayna-qrammatika-m%c9%99sql%c9%99ri\/#primaryimage","url":"https:\/\/talkpal.ai\/wp-content\/uploads\/2023\/04\/ukraine.png","contentUrl":"https:\/\/talkpal.ai\/wp-content\/uploads\/2023\/04\/ukraine.png","width":512,"height":512,"caption":"TalkPal Ukrainian Flag"},{"@type":"BreadcrumbList","@id":"https:\/\/talkpal.ai\/az\/ukrayna-qrammatika-m%c9%99sql%c9%99ri\/#breadcrumb","itemListElement":[{"@type":"ListItem","position":1,"name":"Homepage","item":"https:\/\/talkpal.ai\/az\/"},{"@type":"ListItem","position":2,"name":"Ukrayna Qrammatika M\u0259\u015fql\u0259ri"}]},{"@type":"WebSite","@id":"https:\/\/talkpal.ai\/az\/#website","url":"https:\/\/talkpal.ai\/az\/","name":"Talkpal","description":"AI Language Learning","publisher":{"@id":"https:\/\/talkpal.ai\/az\/#organization"},"alternateName":"Talkpal AI","potentialAction":[{"@type":"SearchAction","target":{"@type":"EntryPoint","urlTemplate":"https:\/\/talkpal.ai\/az\/?s={search_term_string}"},"query-input":{"@type":"PropertyValueSpecification","valueRequired":true,"valueName":"search_term_string"}}],"inLanguage":"az"},{"@type":"Organization","@id":"https:\/\/talkpal.ai\/az\/#organization","name":"Talkpal, Inc.","alternateName":"Talkpal AI","url":"https:\/\/talkpal.ai\/az\/","logo":{"@type":"ImageObject","inLanguage":"az","@id":"https:\/\/talkpal.ai\/az\/#\/schema\/logo\/image\/","url":"https:\/\/talkpal.ai\/wp-content\/uploads\/2024\/03\/Talkpal-Logo-Icon.png","contentUrl":"https:\/\/talkpal.ai\/wp-content\/uploads\/2024\/03\/Talkpal-Logo-Icon.png","width":2880,"height":2880,"caption":"Talkpal, Inc."},"image":{"@id":"https:\/\/talkpal.ai\/az\/#\/schema\/logo\/image\/"},"sameAs":["https:\/\/www.facebook.com\/profile.php?id=100090733639311","https:\/\/x.com\/talkpalai","https:\/\/www.linkedin.com\/company\/talkpal\/","https:\/\/www.youtube.com\/@TalkPal\/","https:\/\/www.tiktok.com\/@talkpal","https:\/\/www.instagram.com\/talkpal_ai\/","https:\/\/www.crunchbase.com\/organization\/talkpal-9cde","https:\/\/www.g2.com\/products\/talkpal-for-business\/","https:\/\/www.trustpilot.com\/review\/talkpal.ai","https:\/\/www.capterra.com\/p\/10006800\/TalkPal\/"],"description":"Talkpal is a language learning web and mobile education app, powered by the latest AI technologies, that provides engaging experiences to its customers in many different languages to help them improve their language skills. Users can chat about unlimited amount of topics with the app and use other modes to practice their language learning.","email":"support@talkpal.ai","legalName":"Talkpal, Inc.","foundingDate":"2023-04-03","duns":"118989042","numberOfEmployees":{"@type":"QuantitativeValue","minValue":"11","maxValue":"50"},"publishingPrinciples":"https:\/\/talkpal.ai\/publishing-principles\/","actionableFeedbackPolicy":"https:\/\/talkpal.ai\/actionable-feedback-policy\/","correctionsPolicy":"https:\/\/talkpal.ai\/corrections-policy\/","ethicsPolicy":"https:\/\/talkpal.ai\/ethics-policy\/","diversityPolicy":"https:\/\/talkpal.ai\/diversity-policy\/","diversityStaffingReport":"https:\/\/talkpal.ai\/diversity-policy\/"}]}},"_links":{"self":[{"href":"https:\/\/talkpal.ai\/az\/wp-json\/wp\/v2\/pages\/135812","targetHints":{"allow":["GET"]}}],"collection":[{"href":"https:\/\/talkpal.ai\/az\/wp-json\/wp\/v2\/pages"}],"about":[{"href":"https:\/\/talkpal.ai\/az\/wp-json\/wp\/v2\/types\/page"}],"author":[{"embeddable":true,"href":"https:\/\/talkpal.ai\/az\/wp-json\/wp\/v2\/users\/6"}],"replies":[{"embeddable":true,"href":"https:\/\/talkpal.ai\/az\/wp-json\/wp\/v2\/comments?post=135812"}],"version-history":[{"count":0,"href":"https:\/\/talkpal.ai\/az\/wp-json\/wp\/v2\/pages\/135812\/revisions"}],"wp:featuredmedia":[{"embeddable":true,"href":"https:\/\/talkpal.ai\/az\/wp-json\/wp\/v2\/media\/108555"}],"wp:attachment":[{"href":"https:\/\/talkpal.ai\/az\/wp-json\/wp\/v2\/media?parent=135812"}],"curies":[{"name":"wp","href":"https:\/\/api.w.org\/{rel}","templated":true}]}}