{"id":135445,"date":"2023-06-16T10:42:00","date_gmt":"2023-06-16T10:42:00","guid":{"rendered":"http:\/\/talkpal.ai\/portuqal-dilinin-qrammatikasi-m%c9%99sg%c9%99l%c9%99l%c9%99ri\/"},"modified":"2025-12-17T16:20:35","modified_gmt":"2025-12-17T16:20:35","slug":"portuqal-dilinin-qrammatikasi-m%c9%99sg%c9%99l%c9%99l%c9%99ri","status":"publish","type":"page","link":"https:\/\/talkpal.ai\/az\/portuqal-dilinin-qrammatikasi-m%c9%99sg%c9%99l%c9%99l%c9%99ri\/","title":{"rendered":"Portuqal dilinin qrammatikas\u0131 m\u0259\u015f\u011f\u0259l\u0259l\u0259ri"},"content":{"rendered":"\r\n\r\n\r\n<section class=\"languageChallengeSection\">\r\n    <div class=\"languageInfoWrapper\">\r\n        \r\n        <h1>Portuqal dilinin qrammatikas\u0131 m\u0259\u015f\u011f\u0259l\u0259l\u0259ri<\/h1>\r\n        <p><a href=\"https:\/\/talkpal.ai\/az\/portuqal-dili-oyr%c9%99nm%c9%99-d%c9%99rsl%c9%99ri\/\">Portuqal dili<\/a> bacar\u0131qlar\u0131n\u0131z\u0131 g\u00fccl\u0259ndirm\u0259k ist\u0259yirsiniz? C\u00fcml\u0259 qurulu\u015funu, fel birl\u0259\u015fm\u0259l\u0259rini v\u0259 Portuqal dilinin unikal n\u00fcmun\u0259l\u0259rini m\u0259nims\u0259m\u0259k \u00fc\u00e7\u00fcn qrammatik t\u0259cr\u00fcb\u0259y\u0259 ke\u00e7in. Portuqal dili qrammatikas\u0131 il\u0259 m\u0259\u015f\u011ful olma\u011fa indi ba\u015flay\u0131n v\u0259 h\u0259r m\u0259\u015fql\u0259 \u00f6z\u00fcn\u0259 inam\u0131n\u0131z\u0131n v\u0259 s\u0259lis dan\u0131\u015fma\u011f\u0131n\u0131z\u0131n artd\u0131\u011f\u0131n\u0131 g\u00f6r\u00fcn!<\/p>\r\n\r\n                            <a class=\"getStartedHidden\" href=\"https:\/\/app.talkpal.ai\/signup?lng=\">Ba\u015fla<\/a>\r\n        \r\n    <\/div>\r\n\r\n    <figure>\r\n    <img decoding=\"async\" width=\"768\" height=\"768\" src=\"https:\/\/talkpal.ai\/wp-content\/uploads\/2023\/06\/portuguese-768x768.png\" class=\"languageImage no-lazy\" alt=\"Language learning for broader world view\" fetchpriority=\"high\" sizes=\"(max-width: 768px) 150px, 768px\" srcset=\"https:\/\/talkpal.ai\/wp-content\/uploads\/2023\/06\/portuguese-768x768.png 768w, https:\/\/talkpal.ai\/wp-content\/uploads\/2023\/06\/portuguese-300x300.png 300w\" \/>\r\n    \r\n\r\n    <\/figure>\r\n\r\n            <a class=\"getStartedVisible\" href=\"https:\/\/app.talkpal.ai\/signup?lng=\">Ba\u015fla<\/a>\r\n    \r\n<\/section>\r\n\r\n\r\n<!-- <section class=\"grammarSection\">\r\n    <div class=\"grammarLinks\">\r\n            <\/div>\r\n<\/section> -->\r\n\r\n\r\n\r\n\r\n<section class=\"promotionalBanner\">\r\n    <p class=\"promotionalText\">Dil \u00f6yr\u0259nm\u0259yin \u0259n t\u0259sirli yolu<\/p>\r\n    <a class=\"promotionalLink\" href=\"https:\/\/app.talkpal.ai\/signup?lng=\">Talkpal pulsuz s\u0131nay\u0131n<\/a>\r\n<\/section>\n<div class=\"wp-block-group pageContainerStyle\"><div class=\"wp-block-group__inner-container is-layout-constrained wp-block-group-is-layout-constrained\">\n<h2 class=\"wp-block-heading\" id=\"h-portuguese-grammar-topics\">Portuqal dilinin qrammatikas\u0131 m\u00f6vzular\u0131<\/h2>\n\n\n\n<p>Yeni <a href=\"https:\/\/talkpal.ai\/az\/talkpal-chat-vasit%c9%99sil%c9%99-dil-oyr%c9%99nm%c9%99k-ucun-nec%c9%99\/\">dil \u00f6yr\u0259nm\u0259k<\/a> maraql\u0131 v\u0259 sevindirici hadis\u0259 ola bil\u0259r. Portuqal dili istisna deyil. D\u00fcnyada \u0259n \u00e7ox dan\u0131\u015f\u0131lan 6-c\u0131 dil kimi bu dil \u015f\u0259xsi v\u0259 pe\u015f\u0259kar inki\u015faf \u00fc\u00e7\u00fcn \u00e7oxsayl\u0131 imkanlar yarad\u0131r. Onun leksik intrikatorluq v\u0259 qrammatikas\u0131n\u0131 anlamaq v\u0259 ustal\u0131qla m\u0259nims\u0259m\u0259k Portuqaliya, Braziliya v\u0259 m\u00fcxt\u0259lif Afrika xalqlar\u0131 kimi \u00f6lk\u0259l\u0259rd\u0259 z\u0259ngin m\u0259d\u0259ni t\u0259cr\u00fcb\u0259l\u0259r\u0259 qap\u0131 a\u00e7a bil\u0259r. Portuqaliya d\u00fcnyas\u0131na s\u0259yah\u0259tinizi y\u00fcng\u00fcll\u0259\u015fdirm\u0259k \u00fc\u00e7\u00fcn bu b\u0259l\u0259d\u00e7id\u0259 izl\u0259m\u0259li oldu\u011funuz <a href=\"https:\/\/talkpal.ai\/grammar\/\">qrammatika<\/a> m\u00f6vzular\u0131n\u0131n ard\u0131c\u0131ll\u0131\u011f\u0131 t\u0259svir olunur. Bu, sizin m\u00f6hk\u0259m t\u0259m\u0259l qurma\u011f\u0131n\u0131z\u0131 v\u0259 <a href=\"https:\/\/talkpal.ai\/locations\/language-courses-in-rahat\/\">rahat<\/a> tempd\u0259 ir\u0259lil\u0259yi\u015fi t\u0259min edir.<\/p>\n\n\n\n<h3 class=\"wp-block-heading\" id=\"h-1-articles\">1. M\u0259qal\u0259l\u0259r:<\/h3>\n\n\n\n<p>Dilin \u0259sas \u0259sas bloklar\u0131 olan q\u0259ti v\u0259 sonsuz m\u0259qal\u0259l\u0259ri \u00f6yr\u0259nm\u0259kl\u0259 ba\u015flay\u0131n. Bunlar c\u00fcml\u0259l\u0259rd\u0259 nounlar\u0131n cinsini v\u0259 say\u0131n\u0131 anlamaq \u00fc\u00e7\u00fcn z\u0259min yarad\u0131r.<\/p>\n\n\n\n<h3 class=\"wp-block-heading\" id=\"h-2-nouns\">2. Nouns:<\/h3>\n\n\n\n<p>Portuqal nounlar\u0131 il\u0259 tan\u0131\u015f olun, o c\u00fcml\u0259d\u0259n onlar\u0131n cinsiyy\u0259ti (ki\u015fi v\u0259 ya qad\u0131n) v\u0259 n\u00f6mr\u0259si (sinqular v\u0259 ya \u00e7oxluqlar). Bu bilikl\u0259r adjectives kimi dig\u0259r elementl\u0259rl\u0259 bir-birin\u0259 uy\u011fun c\u00fcml\u0259 v\u0259 sazi\u015fl\u0259rin yaranmas\u0131 \u00fc\u00e7\u00fcn h\u0259lledici olacaq.<\/p>\n\n\n\n<h3 class=\"wp-block-heading\" id=\"h-3-adjectives\">3. Adjectives:<\/h3>\n\n\n\n<p>Cinsd\u0259 olan noun il\u0259 raz\u0131la\u015fmal\u0131 olan adlardan istifad\u0259 ed\u0259r\u0259k ad adland\u0131rma\u011f\u0131 \u00f6yr\u0259nin. Bu, sizin fikirl\u0259ri ifad\u0259 etm\u0259k v\u0259 portuqal dilind\u0259 obyektl\u0259ri v\u0259 ya insanlar\u0131 t\u0259svir etm\u0259k qabiliyy\u0259tinizi art\u0131racaq.<\/p>\n\n\n\n<h3 class=\"wp-block-heading\" id=\"h-4-pronouns\">4. Pronouns:<\/h3>\n\n\n\n<p>\u015e\u0259xsi, e&#8217;yinedici, n\u00fcmayi\u015fkar v\u0259 nisbi t\u0259l\u0259ff\u00fczl\u0259r d\u0259 daxil olmaqla, pronouns d\u00fcnyas\u0131na dal\u0131n. Bu c\u00fcml\u0259l\u0259r c\u00fcml\u0259l\u0259ri \u0259v\u0259z edir v\u0259 laz\u0131ms\u0131z t\u0259krarlamalardan qa\u00e7\u0131nma\u011fa k\u00f6m\u0259k edir.<\/p>\n\n\n\n<h3 class=\"wp-block-heading\" id=\"h-5-verbs\">5. Feill\u0259r:<\/h3>\n\n\n\n<p>H\u0259r\u0259k\u0259tl\u0259ri, hadis\u0259l\u0259ri v\u0259 \u015ftatlar\u0131 ifad\u0259 etm\u0259k \u00fc\u00e7\u00fcn z\u0259ruri olan portuqal dilind\u0259 m\u00fcxt\u0259lif feli konjuqasiyalar\u0131 ba\u015fa d\u00fc\u015fm\u0259k. M\u00fcnt\u0259z\u0259m feill\u0259rd\u0259n ba\u015flay\u0131n, sonra is\u0259 qeyri-m\u00fcnt\u0259z\u0259m feill\u0259r\u0259 v\u0259 onlar\u0131n m\u00fcxt\u0259lif konyunkasiyalar\u0131na ke\u00e7.<\/p>\n\n\n\n<h3 class=\"wp-block-heading\" id=\"h-6-tenses-indicative\">6. G\u0259rginlik g\u00f6st\u0259ricisi:<\/h3>\n\n\n\n<p>G\u00f6st\u0259rici \u0259hval-ruhiyy\u0259ni \u00f6yr\u0259nin. Bu, faktlar\u0131 v\u0259 ya m\u00fc\u0259yy\u0259nliyi ifad\u0259 etm\u0259k \u00fc\u00e7\u00fcn istifad\u0259 olunur. Buraya indiki, ke\u00e7mi\u015f v\u0259 g\u0259l\u0259c\u0259k kimi m\u00fcxt\u0259lif g\u0259rginlikl\u0259ri, m\u00fcxt\u0259lif feill\u0259r \u00fc\u00e7\u00fcn onlar\u0131n konyunkasiyalar\u0131n\u0131 ba\u015fa d\u00fc\u015fm\u0259k daxildir.<\/p>\n\n\n\n<h3 class=\"wp-block-heading\" id=\"h-7-tenses-subjunctive\">7. Subjunctive g\u0259rginlikl\u0259r:<\/h3>\n\n\n\n<p>\u015e\u00fcbh\u0259, ehtimal v\u0259 ya qeyri-m\u00fc\u0259yy\u0259nlik ifad\u0259 ed\u0259n tabe\u00e7ilik \u0259hval-ruhiyy\u0259sini m\u00fc\u0259yy\u0259n edin. Bu, \u00f6z\u00fcn\u0259 indiki, ke\u00e7mi\u015f v\u0259 g\u0259l\u0259c\u0259k ita\u0259tkar v\u0259ziyy\u0259tl\u0259ri v\u0259 onlar\u0131n qar\u015f\u0131l\u0131ql\u0131 m\u00fcnasib\u0259tl\u0259rini <a href=\"https:\/\/talkpal.ai\/az\/oyr%c9%99nm%c9%99k\/\">\u00f6yr\u0259nm\u0259k<\/a> daxildir.<\/p>\n\n\n\n<h3 class=\"wp-block-heading\" id=\"h-8-tense-comparison\">8. G\u0259rgin m\u00fcqayis\u0259:<\/h3>\n\n\n\n<p>H\u0259m g\u00f6st\u0259rici, h\u0259m d\u0259 tabe\u00e7ilik \u0259hval-ruhiyy\u0259sind\u0259 m\u00fcxt\u0259lif g\u0259rginlikl\u0259ri m\u00fcqayis\u0259 etm\u0259yi v\u0259 t\u0259zadl\u0131 etm\u0259yi \u00f6yr\u0259nin. Bu, siz\u0259 m\u00fcxt\u0259lif kontekst v\u0259 situasiyalar \u00fc\u00e7\u00fcn m\u00fcnasib g\u0259rginliyi se\u00e7m\u0259y\u0259 k\u00f6m\u0259k ed\u0259c\u0259k.<\/p>\n\n\n\n<h3 class=\"wp-block-heading\" id=\"h-9-adverbs\">9. Adverbl\u0259r:<\/h3>\n\n\n\n<p>Feill\u0259ri, adjectives v\u0259 ya dig\u0259r d\u00fc\u015fm\u0259nl\u0259ri d\u0259yi\u015fdir\u0259n, h\u0259r\u0259k\u0259tin t\u0259rzi, yeri v\u0259 ya vaxt\u0131 haqq\u0131nda \u0259lav\u0259 m\u0259lumat ver\u0259n adverbl\u0259r haqq\u0131nda \u00f6yr\u0259nin.<\/p>\n\n\n\n<h3 class=\"wp-block-heading\" id=\"h-10-prepositions\">10. Prepozisiyalar:<\/h3>\n\n\n\n<p>S\u00f6zl\u0259r aras\u0131nda yer, istiqam\u0259t, zaman v\u0259 ya m\u0259qs\u0259d kimi c\u00fcml\u0259l\u0259r aras\u0131ndak\u0131 m\u00fcnasib\u0259tl\u0259ri m\u00fc\u0259yy\u0259n ed\u0259n prepozisiyalar\u0131n i\u015fl\u0259nm\u0259si il\u0259 tan\u0131\u015f olun.<\/p>\n\n\n\n<h3 class=\"wp-block-heading\" id=\"h-11-sentence-structure\">11. C\u00fcml\u0259 qurulu\u015fu:<\/h3>\n\n\n\n<p>Son olaraq portuqal dilind\u0259 \u0259sas c\u00fcml\u0259 qurulu\u015funu, o c\u00fcml\u0259d\u0259n s\u00f6z s\u0131ras\u0131, <a href=\"https:\/\/talkpal.ai\/zh-hans\/grammar_exercises\/negazione-%e6%84%8f%e5%a4%a7%e5%88%a9%e8%af%ad%e6%b3%95%e7%bb%83%e4%b9%a0\/\">negation<\/a> v\u0259 yaranan suallar\u0131 ba\u015fa d\u00fc\u015f\u00fcn. Bunun say\u0259sind\u0259 siz portuqal dilind\u0259 effektiv \u00fcnsiyy\u0259t\u0259 imkan ver\u0259c\u0259k, y\u0259ni c\u00fcml\u0259l\u0259ri m\u0259nal\u0131 v\u0259 qrammatik c\u0259h\u0259td\u0259n d\u00fczg\u00fcn quracaqs\u0131n\u0131z.<\/p>\n<\/div><\/div>\n\r\n<section class=\"learnNavigationSection\">\r\n            \r\n        <a href=\"https:\/\/talkpal.ai\/az\/portuqal-dilini-oyr%c9%99n\/\">\r\n            <div class=\"learnNavigationWrapper\">\r\n                <div class=\"learnNavigationContent\">\r\n                    <img decoding=\"async\" src=\"https:\/\/talkpal.ai\/wp-content\/uploads\/2024\/08\/Portuguese.jpg\" alt=\"Portuguese Flag\">\r\n                    <div>\r\n                        <h4>Portuqaliya \u00d6yr\u0259nilm\u0259si Haqq\u0131nda<\/h4>\r\n                        <p>Portuqaliya qrammatikas\u0131 haqq\u0131nda h\u0259r \u015feyi \u00f6yr\u0259nin.<\/p>\r\n                    <\/div>\r\n                <\/div>\r\n            <\/div>\r\n        <\/a>\r\n\r\n        \r\n        <a href=\"https:\/\/talkpal.ai\/az\/portuqal-dilinin-qrammatikasi\/\">\r\n            <div class=\"learnNavigationWrapper\">\r\n                <div class=\"learnNavigationContent\">\r\n                    <img decoding=\"async\" src=\"https:\/\/talkpal.ai\/wp-content\/uploads\/2024\/08\/Portuguese.jpg\" alt=\"Portuguese Flag\">\r\n                    <div>\r\n                        <h4>Portuqal dilinin qrammatikas\u0131 d\u0259rsl\u0259ri<\/h4>\r\n                        <p>Portuqal dilinin qrammatikas\u0131 il\u0259 m\u0259\u015f\u011ful.<\/p>\r\n                    <\/div>\r\n                <\/div>\r\n            <\/div>\r\n        <\/a>\r\n\r\n        \r\n        <a href=\"https:\/\/talkpal.ai\/vocabulary_language\/portuguese\/\">\r\n            <div class=\"learnNavigationWrapper\">\r\n                <div class=\"learnNavigationContent\">\r\n                    <img decoding=\"async\" src=\"https:\/\/talkpal.ai\/wp-content\/uploads\/2024\/08\/Portuguese.jpg\" alt=\"Portuguese Flag\">\r\n                    <div>\r\n                        <h4>Portuqal l\u00fc\u011f\u0259ti<\/h4>\r\n                        <p>Portuqal dili l\u00fc\u011f\u0259tinizi geni\u015fl\u0259ndirin.<\/p>\r\n                    <\/div>\r\n                <\/div>\r\n            <\/div>\r\n        <\/a>\r\n\r\n            <\/section>","protected":false},"excerpt":{"rendered":"<p>Portuqal dilinin qrammatikas\u0131 m\u00f6vzular\u0131 Yeni dil \u00f6yr\u0259nm\u0259k maraql\u0131 v\u0259 sevindirici hadis\u0259 ola bil\u0259r. Portuqal dili istisna deyil. D\u00fcnyada \u0259n \u00e7ox dan\u0131\u015f\u0131lan 6-c\u0131 dil kimi bu dil \u015f\u0259xsi v\u0259 pe\u015f\u0259kar inki\u015faf \u00fc\u00e7\u00fcn \u00e7oxsayl\u0131 imkanlar yarad\u0131r. Onun leksik intrikatorluq v\u0259 qrammatikas\u0131n\u0131 anlamaq v\u0259 ustal\u0131qla m\u0259nims\u0259m\u0259k Portuqaliya, Braziliya v\u0259 m\u00fcxt\u0259lif Afrika xalqlar\u0131 kimi \u00f6lk\u0259l\u0259rd\u0259 z\u0259ngin m\u0259d\u0259ni t\u0259cr\u00fcb\u0259l\u0259r\u0259 qap\u0131 [&hellip;]<\/p>\n","protected":false},"author":6,"featured_media":107764,"parent":0,"menu_order":0,"comment_status":"closed","ping_status":"closed","template":"LearningContentPage.php","meta":{"_acf_changed":false,"footnotes":""},"class_list":["post-135445","page","type-page","status-publish","has-post-thumbnail","hentry"],"acf":[],"yoast_head":"<!-- This site is optimized with the Yoast SEO Premium plugin v27.2 (Yoast SEO v27.2) - https:\/\/yoast.com\/product\/yoast-seo-premium-wordpress\/ -->\n<title>Portuqal dilinin qrammatikas\u0131 m\u0259\u015f\u011f\u0259l\u0259l\u0259ri - Talkpal<\/title>\n<meta name=\"description\" content=\"B\u00fct\u00fcn s\u0259viyy\u0259l\u0259r \u00fc\u00e7\u00fcn n\u0259z\u0259rd\u0259 tutulmu\u015f interaktiv m\u0259\u015fql\u0259rl\u0259 Portuqal dili qrammatikas\u0131 bacar\u0131qlar\u0131n\u0131z\u0131 g\u00fccl\u0259ndirin.\" \/>\n<meta name=\"robots\" content=\"index, follow, max-snippet:-1, max-image-preview:large, max-video-preview:-1\" \/>\n<link rel=\"canonical\" href=\"https:\/\/talkpal.ai\/az\/portuqal-dilinin-qrammatikasi-m%c9%99sg%c9%99l%c9%99l%c9%99ri\/\" \/>\n<meta property=\"og:locale\" content=\"az_AZ\" \/>\n<meta property=\"og:type\" content=\"article\" \/>\n<meta property=\"og:title\" content=\"Portuqal dilinin qrammatikas\u0131 m\u0259\u015f\u011f\u0259l\u0259l\u0259ri\" \/>\n<meta property=\"og:description\" content=\"Portuqal dilinin qrammatikas\u0131 m\u00f6vzular\u0131 Yeni dil \u00f6yr\u0259nm\u0259k maraql\u0131 v\u0259 sevindirici hadis\u0259 ola bil\u0259r. Portuqal dili istisna deyil. D\u00fcnyada \u0259n \u00e7ox dan\u0131\u015f\u0131lan\" \/>\n<meta property=\"og:url\" content=\"https:\/\/talkpal.ai\/az\/portuqal-dilinin-qrammatikasi-m%c9%99sg%c9%99l%c9%99l%c9%99ri\/\" \/>\n<meta property=\"og:site_name\" content=\"Talkpal\" \/>\n<meta property=\"article:publisher\" content=\"https:\/\/www.facebook.com\/profile.php?id=100090733639311\" \/>\n<meta property=\"article:modified_time\" content=\"2025-12-17T16:20:35+00:00\" \/>\n<meta property=\"og:image\" content=\"https:\/\/talkpal.ai\/wp-content\/uploads\/2023\/04\/portugal.png\" \/>\n\t<meta property=\"og:image:width\" content=\"512\" \/>\n\t<meta property=\"og:image:height\" content=\"512\" \/>\n\t<meta property=\"og:image:type\" content=\"image\/png\" \/>\n<meta name=\"twitter:card\" content=\"summary_large_image\" \/>\n<meta name=\"twitter:site\" content=\"@talkpalai\" \/>\n<meta name=\"twitter:label1\" content=\"Est. reading time\" \/>\n\t<meta name=\"twitter:data1\" content=\"3 minutes\" \/>\n<script type=\"application\/ld+json\" class=\"yoast-schema-graph\">{\"@context\":\"https:\/\/schema.org\",\"@graph\":[{\"@type\":\"WebPage\",\"@id\":\"https:\/\/talkpal.ai\/az\/portuqal-dilinin-qrammatikasi-m%c9%99sg%c9%99l%c9%99l%c9%99ri\/\",\"url\":\"https:\/\/talkpal.ai\/az\/portuqal-dilinin-qrammatikasi-m%c9%99sg%c9%99l%c9%99l%c9%99ri\/\",\"name\":\"Portuqal dilinin qrammatikas\u0131 m\u0259\u015f\u011f\u0259l\u0259l\u0259ri - Talkpal\",\"isPartOf\":{\"@id\":\"https:\/\/talkpal.ai\/az\/#website\"},\"primaryImageOfPage\":{\"@id\":\"https:\/\/talkpal.ai\/az\/portuqal-dilinin-qrammatikasi-m%c9%99sg%c9%99l%c9%99l%c9%99ri\/#primaryimage\"},\"image\":{\"@id\":\"https:\/\/talkpal.ai\/az\/portuqal-dilinin-qrammatikasi-m%c9%99sg%c9%99l%c9%99l%c9%99ri\/#primaryimage\"},\"thumbnailUrl\":\"https:\/\/talkpal.ai\/wp-content\/uploads\/2023\/04\/portugal.png\",\"datePublished\":\"2023-06-16T10:42:00+00:00\",\"dateModified\":\"2025-12-17T16:20:35+00:00\",\"description\":\"B\u00fct\u00fcn s\u0259viyy\u0259l\u0259r \u00fc\u00e7\u00fcn n\u0259z\u0259rd\u0259 tutulmu\u015f interaktiv m\u0259\u015fql\u0259rl\u0259 Portuqal dili qrammatikas\u0131 bacar\u0131qlar\u0131n\u0131z\u0131 g\u00fccl\u0259ndirin.\",\"breadcrumb\":{\"@id\":\"https:\/\/talkpal.ai\/az\/portuqal-dilinin-qrammatikasi-m%c9%99sg%c9%99l%c9%99l%c9%99ri\/#breadcrumb\"},\"inLanguage\":\"az\",\"potentialAction\":[{\"@type\":\"ReadAction\",\"target\":[\"https:\/\/talkpal.ai\/az\/portuqal-dilinin-qrammatikasi-m%c9%99sg%c9%99l%c9%99l%c9%99ri\/\"]}]},{\"@type\":\"ImageObject\",\"inLanguage\":\"az\",\"@id\":\"https:\/\/talkpal.ai\/az\/portuqal-dilinin-qrammatikasi-m%c9%99sg%c9%99l%c9%99l%c9%99ri\/#primaryimage\",\"url\":\"https:\/\/talkpal.ai\/wp-content\/uploads\/2023\/04\/portugal.png\",\"contentUrl\":\"https:\/\/talkpal.ai\/wp-content\/uploads\/2023\/04\/portugal.png\",\"width\":512,\"height\":512},{\"@type\":\"BreadcrumbList\",\"@id\":\"https:\/\/talkpal.ai\/az\/portuqal-dilinin-qrammatikasi-m%c9%99sg%c9%99l%c9%99l%c9%99ri\/#breadcrumb\",\"itemListElement\":[{\"@type\":\"ListItem\",\"position\":1,\"name\":\"Homepage\",\"item\":\"https:\/\/talkpal.ai\/az\/\"},{\"@type\":\"ListItem\",\"position\":2,\"name\":\"Portuqal dilinin qrammatikas\u0131 m\u0259\u015f\u011f\u0259l\u0259l\u0259ri\"}]},{\"@type\":\"WebSite\",\"@id\":\"https:\/\/talkpal.ai\/az\/#website\",\"url\":\"https:\/\/talkpal.ai\/az\/\",\"name\":\"Talkpal\",\"description\":\"AI Language Learning\",\"publisher\":{\"@id\":\"https:\/\/talkpal.ai\/az\/#organization\"},\"alternateName\":\"Talkpal AI\",\"potentialAction\":[{\"@type\":\"SearchAction\",\"target\":{\"@type\":\"EntryPoint\",\"urlTemplate\":\"https:\/\/talkpal.ai\/az\/?s={search_term_string}\"},\"query-input\":{\"@type\":\"PropertyValueSpecification\",\"valueRequired\":true,\"valueName\":\"search_term_string\"}}],\"inLanguage\":\"az\"},{\"@type\":\"Organization\",\"@id\":\"https:\/\/talkpal.ai\/az\/#organization\",\"name\":\"Talkpal, Inc.\",\"alternateName\":\"Talkpal AI\",\"url\":\"https:\/\/talkpal.ai\/az\/\",\"logo\":{\"@type\":\"ImageObject\",\"inLanguage\":\"az\",\"@id\":\"https:\/\/talkpal.ai\/az\/#\/schema\/logo\/image\/\",\"url\":\"https:\/\/talkpal.ai\/wp-content\/uploads\/2024\/03\/Talkpal-Logo-Icon.png\",\"contentUrl\":\"https:\/\/talkpal.ai\/wp-content\/uploads\/2024\/03\/Talkpal-Logo-Icon.png\",\"width\":2880,\"height\":2880,\"caption\":\"Talkpal, Inc.\"},\"image\":{\"@id\":\"https:\/\/talkpal.ai\/az\/#\/schema\/logo\/image\/\"},\"sameAs\":[\"https:\/\/www.facebook.com\/profile.php?id=100090733639311\",\"https:\/\/x.com\/talkpalai\",\"https:\/\/www.linkedin.com\/company\/talkpal\/\",\"https:\/\/www.youtube.com\/@TalkPal\/\",\"https:\/\/www.tiktok.com\/@talkpal\",\"https:\/\/www.instagram.com\/talkpal_ai\/\",\"https:\/\/www.crunchbase.com\/organization\/talkpal-9cde\",\"https:\/\/www.g2.com\/products\/talkpal-for-business\/\",\"https:\/\/www.trustpilot.com\/review\/talkpal.ai\",\"https:\/\/www.capterra.com\/p\/10006800\/TalkPal\/\"],\"description\":\"Talkpal is a language learning web and mobile education app, powered by the latest AI technologies, that provides engaging experiences to its customers in many different languages to help them improve their language skills. Users can chat about unlimited amount of topics with the app and use other modes to practice their language learning.\",\"email\":\"support@talkpal.ai\",\"legalName\":\"Talkpal, Inc.\",\"foundingDate\":\"2023-04-03\",\"duns\":\"118989042\",\"numberOfEmployees\":{\"@type\":\"QuantitativeValue\",\"minValue\":\"11\",\"maxValue\":\"50\"},\"publishingPrinciples\":\"https:\/\/talkpal.ai\/publishing-principles\/\",\"actionableFeedbackPolicy\":\"https:\/\/talkpal.ai\/actionable-feedback-policy\/\",\"correctionsPolicy\":\"https:\/\/talkpal.ai\/corrections-policy\/\",\"ethicsPolicy\":\"https:\/\/talkpal.ai\/ethics-policy\/\",\"diversityPolicy\":\"https:\/\/talkpal.ai\/diversity-policy\/\",\"diversityStaffingReport\":\"https:\/\/talkpal.ai\/diversity-policy\/\"}]}<\/script>\n<!-- \/ Yoast SEO Premium plugin. -->","yoast_head_json":{"title":"Portuqal dilinin qrammatikas\u0131 m\u0259\u015f\u011f\u0259l\u0259l\u0259ri - Talkpal","description":"B\u00fct\u00fcn s\u0259viyy\u0259l\u0259r \u00fc\u00e7\u00fcn n\u0259z\u0259rd\u0259 tutulmu\u015f interaktiv m\u0259\u015fql\u0259rl\u0259 Portuqal dili qrammatikas\u0131 bacar\u0131qlar\u0131n\u0131z\u0131 g\u00fccl\u0259ndirin.","robots":{"index":"index","follow":"follow","max-snippet":"max-snippet:-1","max-image-preview":"max-image-preview:large","max-video-preview":"max-video-preview:-1"},"canonical":"https:\/\/talkpal.ai\/az\/portuqal-dilinin-qrammatikasi-m%c9%99sg%c9%99l%c9%99l%c9%99ri\/","og_locale":"az_AZ","og_type":"article","og_title":"Portuqal dilinin qrammatikas\u0131 m\u0259\u015f\u011f\u0259l\u0259l\u0259ri","og_description":"Portuqal dilinin qrammatikas\u0131 m\u00f6vzular\u0131 Yeni dil \u00f6yr\u0259nm\u0259k maraql\u0131 v\u0259 sevindirici hadis\u0259 ola bil\u0259r. Portuqal dili istisna deyil. D\u00fcnyada \u0259n \u00e7ox dan\u0131\u015f\u0131lan","og_url":"https:\/\/talkpal.ai\/az\/portuqal-dilinin-qrammatikasi-m%c9%99sg%c9%99l%c9%99l%c9%99ri\/","og_site_name":"Talkpal","article_publisher":"https:\/\/www.facebook.com\/profile.php?id=100090733639311","article_modified_time":"2025-12-17T16:20:35+00:00","og_image":[{"width":512,"height":512,"url":"https:\/\/talkpal.ai\/wp-content\/uploads\/2023\/04\/portugal.png","type":"image\/png"}],"twitter_card":"summary_large_image","twitter_site":"@talkpalai","twitter_misc":{"Est. reading time":"3 minutes"},"schema":{"@context":"https:\/\/schema.org","@graph":[{"@type":"WebPage","@id":"https:\/\/talkpal.ai\/az\/portuqal-dilinin-qrammatikasi-m%c9%99sg%c9%99l%c9%99l%c9%99ri\/","url":"https:\/\/talkpal.ai\/az\/portuqal-dilinin-qrammatikasi-m%c9%99sg%c9%99l%c9%99l%c9%99ri\/","name":"Portuqal dilinin qrammatikas\u0131 m\u0259\u015f\u011f\u0259l\u0259l\u0259ri - Talkpal","isPartOf":{"@id":"https:\/\/talkpal.ai\/az\/#website"},"primaryImageOfPage":{"@id":"https:\/\/talkpal.ai\/az\/portuqal-dilinin-qrammatikasi-m%c9%99sg%c9%99l%c9%99l%c9%99ri\/#primaryimage"},"image":{"@id":"https:\/\/talkpal.ai\/az\/portuqal-dilinin-qrammatikasi-m%c9%99sg%c9%99l%c9%99l%c9%99ri\/#primaryimage"},"thumbnailUrl":"https:\/\/talkpal.ai\/wp-content\/uploads\/2023\/04\/portugal.png","datePublished":"2023-06-16T10:42:00+00:00","dateModified":"2025-12-17T16:20:35+00:00","description":"B\u00fct\u00fcn s\u0259viyy\u0259l\u0259r \u00fc\u00e7\u00fcn n\u0259z\u0259rd\u0259 tutulmu\u015f interaktiv m\u0259\u015fql\u0259rl\u0259 Portuqal dili qrammatikas\u0131 bacar\u0131qlar\u0131n\u0131z\u0131 g\u00fccl\u0259ndirin.","breadcrumb":{"@id":"https:\/\/talkpal.ai\/az\/portuqal-dilinin-qrammatikasi-m%c9%99sg%c9%99l%c9%99l%c9%99ri\/#breadcrumb"},"inLanguage":"az","potentialAction":[{"@type":"ReadAction","target":["https:\/\/talkpal.ai\/az\/portuqal-dilinin-qrammatikasi-m%c9%99sg%c9%99l%c9%99l%c9%99ri\/"]}]},{"@type":"ImageObject","inLanguage":"az","@id":"https:\/\/talkpal.ai\/az\/portuqal-dilinin-qrammatikasi-m%c9%99sg%c9%99l%c9%99l%c9%99ri\/#primaryimage","url":"https:\/\/talkpal.ai\/wp-content\/uploads\/2023\/04\/portugal.png","contentUrl":"https:\/\/talkpal.ai\/wp-content\/uploads\/2023\/04\/portugal.png","width":512,"height":512},{"@type":"BreadcrumbList","@id":"https:\/\/talkpal.ai\/az\/portuqal-dilinin-qrammatikasi-m%c9%99sg%c9%99l%c9%99l%c9%99ri\/#breadcrumb","itemListElement":[{"@type":"ListItem","position":1,"name":"Homepage","item":"https:\/\/talkpal.ai\/az\/"},{"@type":"ListItem","position":2,"name":"Portuqal dilinin qrammatikas\u0131 m\u0259\u015f\u011f\u0259l\u0259l\u0259ri"}]},{"@type":"WebSite","@id":"https:\/\/talkpal.ai\/az\/#website","url":"https:\/\/talkpal.ai\/az\/","name":"Talkpal","description":"AI Language Learning","publisher":{"@id":"https:\/\/talkpal.ai\/az\/#organization"},"alternateName":"Talkpal AI","potentialAction":[{"@type":"SearchAction","target":{"@type":"EntryPoint","urlTemplate":"https:\/\/talkpal.ai\/az\/?s={search_term_string}"},"query-input":{"@type":"PropertyValueSpecification","valueRequired":true,"valueName":"search_term_string"}}],"inLanguage":"az"},{"@type":"Organization","@id":"https:\/\/talkpal.ai\/az\/#organization","name":"Talkpal, Inc.","alternateName":"Talkpal AI","url":"https:\/\/talkpal.ai\/az\/","logo":{"@type":"ImageObject","inLanguage":"az","@id":"https:\/\/talkpal.ai\/az\/#\/schema\/logo\/image\/","url":"https:\/\/talkpal.ai\/wp-content\/uploads\/2024\/03\/Talkpal-Logo-Icon.png","contentUrl":"https:\/\/talkpal.ai\/wp-content\/uploads\/2024\/03\/Talkpal-Logo-Icon.png","width":2880,"height":2880,"caption":"Talkpal, Inc."},"image":{"@id":"https:\/\/talkpal.ai\/az\/#\/schema\/logo\/image\/"},"sameAs":["https:\/\/www.facebook.com\/profile.php?id=100090733639311","https:\/\/x.com\/talkpalai","https:\/\/www.linkedin.com\/company\/talkpal\/","https:\/\/www.youtube.com\/@TalkPal\/","https:\/\/www.tiktok.com\/@talkpal","https:\/\/www.instagram.com\/talkpal_ai\/","https:\/\/www.crunchbase.com\/organization\/talkpal-9cde","https:\/\/www.g2.com\/products\/talkpal-for-business\/","https:\/\/www.trustpilot.com\/review\/talkpal.ai","https:\/\/www.capterra.com\/p\/10006800\/TalkPal\/"],"description":"Talkpal is a language learning web and mobile education app, powered by the latest AI technologies, that provides engaging experiences to its customers in many different languages to help them improve their language skills. Users can chat about unlimited amount of topics with the app and use other modes to practice their language learning.","email":"support@talkpal.ai","legalName":"Talkpal, Inc.","foundingDate":"2023-04-03","duns":"118989042","numberOfEmployees":{"@type":"QuantitativeValue","minValue":"11","maxValue":"50"},"publishingPrinciples":"https:\/\/talkpal.ai\/publishing-principles\/","actionableFeedbackPolicy":"https:\/\/talkpal.ai\/actionable-feedback-policy\/","correctionsPolicy":"https:\/\/talkpal.ai\/corrections-policy\/","ethicsPolicy":"https:\/\/talkpal.ai\/ethics-policy\/","diversityPolicy":"https:\/\/talkpal.ai\/diversity-policy\/","diversityStaffingReport":"https:\/\/talkpal.ai\/diversity-policy\/"}]}},"_links":{"self":[{"href":"https:\/\/talkpal.ai\/az\/wp-json\/wp\/v2\/pages\/135445","targetHints":{"allow":["GET"]}}],"collection":[{"href":"https:\/\/talkpal.ai\/az\/wp-json\/wp\/v2\/pages"}],"about":[{"href":"https:\/\/talkpal.ai\/az\/wp-json\/wp\/v2\/types\/page"}],"author":[{"embeddable":true,"href":"https:\/\/talkpal.ai\/az\/wp-json\/wp\/v2\/users\/6"}],"replies":[{"embeddable":true,"href":"https:\/\/talkpal.ai\/az\/wp-json\/wp\/v2\/comments?post=135445"}],"version-history":[{"count":0,"href":"https:\/\/talkpal.ai\/az\/wp-json\/wp\/v2\/pages\/135445\/revisions"}],"wp:featuredmedia":[{"embeddable":true,"href":"https:\/\/talkpal.ai\/az\/wp-json\/wp\/v2\/media\/107764"}],"wp:attachment":[{"href":"https:\/\/talkpal.ai\/az\/wp-json\/wp\/v2\/media?parent=135445"}],"curies":[{"name":"wp","href":"https:\/\/api.w.org\/{rel}","templated":true}]}}