{"id":133975,"date":"2023-06-16T10:07:13","date_gmt":"2023-06-16T10:07:13","guid":{"rendered":"http:\/\/talkpal.ai\/fin-dili-qrammatika-m%c9%99sql%c9%99ri\/"},"modified":"2025-12-17T15:33:29","modified_gmt":"2025-12-17T15:33:29","slug":"fin-dili-qrammatika-m%c9%99sql%c9%99ri","status":"publish","type":"page","link":"https:\/\/talkpal.ai\/az\/fin-dili-qrammatika-m%c9%99sql%c9%99ri\/","title":{"rendered":"Fin dili Qrammatika M\u0259\u015fql\u0259ri"},"content":{"rendered":"\r\n\r\n\r\n<section class=\"languageChallengeSection\">\r\n    <div class=\"languageInfoWrapper\">\r\n        \r\n        <h1>Fin dili Qrammatika M\u0259\u015fql\u0259ri<\/h1>\r\n        <p><a href=\"https:\/\/talkpal.ai\/learn-finnish\/\">Fin<\/a> dilinin unikal qurulu\u015fu il\u0259 m\u00fcbariz\u0259 aparma\u011fa haz\u0131rs\u0131n\u0131z? Qrammatik m\u0259\u015fql\u0259ri m\u0259\u015fq etm\u0259k Fin dilini x\u00fcsusi ed\u0259n s\u00f6z sonlar\u0131, hallar v\u0259 c\u00fcml\u0259 n\u00fcmun\u0259l\u0259ri il\u0259 rahat olmaq \u00fc\u00e7\u00fcn \u0259la yoldur. Bu g\u00fcn Fin qrammatikas\u0131na daxil olun v\u0259 h\u0259r m\u0259\u015fql\u0259 bacar\u0131qlar\u0131n\u0131z\u0131n v\u0259 \u00f6z\u00fcn\u0259 inam\u0131n\u0131z\u0131n artd\u0131\u011f\u0131n\u0131 g\u00f6r\u00fcn!<\/p>\r\n\r\n                            <a class=\"getStartedHidden\" href=\"https:\/\/app.talkpal.ai\/signup?lng=\">Ba\u015fla<\/a>\r\n        \r\n    <\/div>\r\n\r\n    <figure>\r\n    <img decoding=\"async\" width=\"768\" height=\"768\" src=\"https:\/\/talkpal.ai\/wp-content\/uploads\/2023\/06\/Finnish-768x768.png\" class=\"languageImage no-lazy\" alt=\"Develop your language aptitude learning\" fetchpriority=\"high\" sizes=\"(max-width: 768px) 150px, 768px\" srcset=\"https:\/\/talkpal.ai\/wp-content\/uploads\/2023\/06\/Finnish-768x768.png 768w, https:\/\/talkpal.ai\/wp-content\/uploads\/2023\/06\/Finnish-300x300.png 300w\" \/>\r\n    \r\n\r\n    <\/figure>\r\n\r\n            <a class=\"getStartedVisible\" href=\"https:\/\/app.talkpal.ai\/signup?lng=\">Ba\u015fla<\/a>\r\n    \r\n<\/section>\r\n\r\n\r\n<!-- <section class=\"grammarSection\">\r\n    <div class=\"grammarLinks\">\r\n            <\/div>\r\n<\/section> -->\r\n\r\n\r\n\r\n\r\n<section class=\"promotionalBanner\">\r\n    <p class=\"promotionalText\">Dil \u00f6yr\u0259nm\u0259yin \u0259n t\u0259sirli yolu<\/p>\r\n    <a class=\"promotionalLink\" href=\"https:\/\/app.talkpal.ai\/signup?lng=\">Talkpal pulsuz s\u0131nay\u0131n<\/a>\r\n<\/section>\n<div class=\"wp-block-group pageContainerStyle\"><div class=\"wp-block-group__inner-container is-layout-constrained wp-block-group-is-layout-constrained\">\n<h2 class=\"wp-block-heading\" id=\"h-finnish-grammar-topics\">Fin dilinin qrammatikas\u0131 m\u00f6vzular\u0131<\/h2>\n\n\n\n<p>Fin dilini <a href=\"https:\/\/talkpal.ai\/az\/oyr%c9%99nm%c9%99k\/\">\u00f6yr\u0259nm\u0259k<\/a> <a href=\"https:\/\/talkpal.ai\/talkpal-discount-for-language-enthusiasts\/\">dil h\u0259v\u0259skarlar\u0131<\/a> \u00fc\u00e7\u00fcn m\u00fckafatland\u0131r\u0131c\u0131 bir t\u0259cr\u00fcb\u0259 ola bil\u0259r, bel\u0259 ki, z\u0259ngin m\u0259d\u0259niyy\u0259t tarixin\u0259 malik unikal v\u0259 maraql\u0131 bir dildir. Fin dilinin qrammatikas\u0131 ilk bax\u0131\u015fdan \u00e7\u0259tin g\u00f6r\u00fcn\u0259 bil\u0259r, lakin sistemli yana\u015fma v\u0259 z\u0259ruri m\u00f6vzulara diqq\u0259t yetirm\u0259kl\u0259 siz daim inki\u015faf ed\u0259 v\u0259 n\u0259tic\u0259d\u0259 bu g\u00f6z\u0259l dild\u0259 s\u0259lis dan\u0131\u015fa bil\u0259rsiniz. Bu b\u0259l\u0259d\u00e7id\u0259 fin <a href=\"https:\/\/talkpal.ai\/az\/assam-dilinin-qrammatika-m%c9%99sql%c9%99ri\/\">dilinin qrammatika<\/a> m\u00f6vzular\u0131n\u0131 ard\u0131c\u0131ll\u0131qla m\u00fczakir\u0259 ed\u0259c\u0259yik. Bu ard\u0131c\u0131ll\u0131qla dili effektiv \u015f\u0259kild\u0259 \u00f6yr\u0259n\u0259 bil\u0259rsiniz. Bu, g\u0259rgin, feil, isim, m\u0259qal\u0259, ady\u00fcks, ady\u00fcr\u00fc\u015f, adverb, postpositions v\u0259 c\u00fcml\u0259 qurulu\u015funu \u0259hat\u0259 edir.<\/p>\n\n\n\n<h3 class=\"wp-block-heading\" id=\"h-1-nouns\">1. Nouns:<\/h3>\n\n\n\n<p>Finc\u0259 c\u00fcml\u0259l\u0259r qurmaq \u00fc\u00e7\u00fcn t\u0259m\u0259l meydana g\u0259tirdikl\u0259ri kimi, finc\u0259 nidalar\u0131 \u00f6yr\u0259n\u0259r\u0259k ba\u015flay\u0131n. Fin isiml\u0259rind\u0259 dilin qurulu\u015funu anlamaq \u00fc\u00e7\u00fcn vacib olan 15 hal var. M\u00fcxt\u0259lif noun hallar\u0131 v\u0259 onlar\u0131n rollar\u0131 il\u0259 c\u00fcml\u0259d\u0259 tan\u0131\u015f olun.<\/p>\n\n\n\n<h3 class=\"wp-block-heading\" id=\"h-2-articles\">2. M\u0259qal\u0259l\u0259r:<\/h3>\n\n\n\n<p>Fin dilind\u0259 ingilis dilind\u0259 \u201cthe\u201d v\u0259 ya \u201ca\u201d kimi m\u0259qal\u0259l\u0259r yoxdur, bu da \u00f6yr\u0259n\u0259nl\u0259r \u00fc\u00e7\u00fcn i\u015fi asanla\u015fd\u0131r\u0131r. Bunun \u0259v\u0259zin\u0259, noun m\u0259nas\u0131 kontekst v\u0259 hal sonluqlar\u0131 il\u0259 m\u00fc\u0259yy\u0259n edilir.<\/p>\n\n\n\n<h3 class=\"wp-block-heading\" id=\"h-3-adjectives\">3. Adjectives:<\/h3>\n\n\n\n<p>Adjectives nouns t\u0259svir edir v\u0259 bu zaman v\u0259 sayda onlarla raz\u0131la\u015f\u0131r. C\u00fcml\u0259l\u0259rinizin daha t\u0259svirli v\u0259 ifad\u0259li olmas\u0131 \u00fc\u00e7\u00fcn adjectives nec\u0259 forma v\u0259 istifad\u0259 etm\u0259yi \u00f6yr\u0259nin.<\/p>\n\n\n\n<h3 class=\"wp-block-heading\" id=\"h-4-verbs\">4. Feill\u0259r:<\/h3>\n\n\n\n<p>H\u0259r\u0259k\u0259tl\u0259ri v\u0259 d\u00f6vl\u0259tl\u0259ri ifad\u0259 etm\u0259k \u00fc\u00e7\u00fcn fin feill\u0259ri h\u0259lledici \u0259h\u0259miyy\u0259t k\u0259sb edir. \u018fsas feil konjuqasiya sxemi v\u0259 \u0259n geni\u015f yay\u0131lm\u0131\u015f qeyri-m\u00fcnt\u0259z\u0259m feill\u0259rl\u0259 tan\u0131\u015f ol.<\/p>\n\n\n\n<h3 class=\"wp-block-heading\" id=\"h-5-tenses-indicative\">5. G\u0259rginlik g\u00f6st\u0259ricisi:<\/h3>\n\n\n\n<p>\u0130fad\u0259, fakt v\u0259 r\u0259y bildirm\u0259k \u00fc\u00e7\u00fcn istifad\u0259 olunan g\u00f6st\u0259rici \u0259hval-ruhiyy\u0259ni ba\u015fa d\u00fc\u015f\u00fcn. Finlandiyada indikativ \u0259hval-ruhiyy\u0259d\u0259 4 \u0259sas g\u0259rginlik var: indiki, ke\u00e7mi\u015f (qeyri-kamil), m\u00fck\u0259mm\u0259l v\u0259 pl\u00fcperf. Bu g\u0259rginlikl\u0259ri nec\u0259 formala\u015fd\u0131rma\u011f\u0131 v\u0259 d\u00fczg\u00fcn istifad\u0259 etm\u0259yi \u00f6yr\u0259nin.<\/p>\n\n\n\n<h3 class=\"wp-block-heading\" id=\"h-6-tenses-potential\">6. Potensial\u0131 g\u0259rgin edir:<\/h3>\n\n\n\n<p>Ehtimal, ehtimal v\u0259 ya \u015f\u00fcbh\u0259ni ifad\u0259 etm\u0259k \u00fc\u00e7\u00fcn potensial \u0259hval-ruhiyy\u0259d\u0259n istifad\u0259 olunur. \u0130ki g\u0259rginlilik var: indiki potensial v\u0259 ke\u00e7mi\u015f potensial. C\u00fcml\u0259l\u0259riniz\u0259 n\u00fcans \u0259lav\u0259 etm\u0259k \u00fc\u00e7\u00fcn bu g\u0259rginlikl\u0259ri nec\u0259 formala\u015fd\u0131rma\u011f\u0131 v\u0259 istifad\u0259 etm\u0259yi \u00f6yr\u0259nin.<\/p>\n\n\n\n<h3 class=\"wp-block-heading\" id=\"h-7-tenses-imperative\">7. G\u0259rginlik imperativi:<\/h3>\n\n\n\n<p>Imperativ \u0259hval-ruhiyy\u0259 \u0259mr verm\u0259k v\u0259 xahi\u015f etm\u0259k \u00fc\u00e7\u00fcn istifad\u0259 olunur. Fin dilind\u0259 imperativi nec\u0259 formala\u015fd\u0131rma\u011f\u0131 \u00f6yr\u0259nin v\u0259 m\u00fcxt\u0259lif v\u0259ziyy\u0259tl\u0259rd\u0259 ondan laz\u0131mi \u015f\u0259kild\u0259 istifad\u0259 edin.<\/p>\n\n\n\n<h3 class=\"wp-block-heading\" id=\"h-8-tense-comparison\">8. G\u0259rgin m\u00fcqayis\u0259:<\/h3>\n\n\n\n<p>Fin dilind\u0259 f\u0259rqli g\u0259rginlik v\u0259 \u0259hval-ruhiyy\u0259ni nec\u0259 m\u00fcqayis\u0259 etm\u0259k laz\u0131m oldu\u011funu anlay\u0131n. Bu bacar\u0131q m\u00fcr\u0259kk\u0259b fikirl\u0259ri v\u0259 hadis\u0259l\u0259r aras\u0131nda m\u00fcnasib\u0259tl\u0259ri ifad\u0259 etm\u0259y\u0259 imkan ver\u0259c\u0259k.<\/p>\n\n\n\n<h3 class=\"wp-block-heading\" id=\"h-9-adverbs\">9. Adverbl\u0259r:<\/h3>\n\n\n\n<p>Adverbs feill\u0259ri, adjectives v\u0259 ya dig\u0259r adverbsl\u0259ri d\u0259yi\u015fdirir, h\u0259r\u0259k\u0259t v\u0259 ya keyfiyy\u0259tl\u0259r haqq\u0131nda \u0259lav\u0259 m\u0259lumat verir. M\u00fcxt\u0259lif n\u00f6v adverbl\u0259ri v\u0259 c\u00fcml\u0259l\u0259rind\u0259 onlardan s\u0259m\u0259r\u0259li istifad\u0259 etm\u0259yi \u00f6yr\u0259nin.<\/p>\n\n\n\n<h3 class=\"wp-block-heading\" id=\"h-10-postpositions\">10. Postpositions:<\/h3>\n\n\n\n<p>Fin dili s\u00f6zl\u0259r aras\u0131ndak\u0131 m\u00fcnasib\u0259tl\u0259ri bildirm\u0259k \u00fc\u00e7\u00fcn prepozisiya \u0259v\u0259zin\u0259 postpozisiyalardan istifad\u0259 edir. \u018fn \u00e7ox rast g\u0259lin\u0259n postpozisiyalar\u0131 v\u0259 onlar\u0131n c\u00fcml\u0259d\u0259 nec\u0259 f\u0259aliyy\u0259t g\u00f6st\u0259rdiyini \u00f6yr\u0259nin.<\/p>\n\n\n\n<h3 class=\"wp-block-heading\" id=\"h-11-sentence-structure\">11. C\u00fcml\u0259 qurulu\u015fu:<\/h3>\n\n\n\n<p>Sonda m\u00f6vzu-verb-obyekt (SVO) \u015f\u0259kil\u00e7isini izl\u0259y\u0259n finc\u0259nin \u0259sas c\u00fcml\u0259 qurulu\u015funu \u00f6yr\u0259nin. \u00d6yr\u0259ndiyiniz qrammatika m\u00f6vzular\u0131ndan istifad\u0259 ed\u0259r\u0259k sad\u0259 v\u0259 m\u00fcr\u0259kk\u0259b c\u00fcml\u0259l\u0259r yaratma\u011f\u0131 \u00f6yr\u0259nin v\u0259 fikirl\u0259rinizi d\u0259qiq v\u0259 s\u0259lis ifad\u0259 etm\u0259k \u00fc\u00e7\u00fcn onlar\u0131 birl\u0259\u015fdirm\u0259yi m\u0259\u015fq edin.<\/p>\n<\/div><\/div>\n\r\n<section class=\"learnNavigationSection\">\r\n            \r\n        <a href=\"https:\/\/talkpal.ai\/az\/finc%c9%99-oyr%c9%99n\/\">\r\n            <div class=\"learnNavigationWrapper\">\r\n                <div class=\"learnNavigationContent\">\r\n                    <img decoding=\"async\" src=\"https:\/\/talkpal.ai\/wp-content\/uploads\/2024\/08\/Finnish.jpg\" alt=\"Finnish Flag\">\r\n                    <div>\r\n                        <h4>Fin dilinin \u00f6yr\u0259nilm\u0259si haqq\u0131nda<\/h4>\r\n                        <p>Fin dili qrammatikas\u0131 haqq\u0131nda h\u0259r \u015feyi \u00f6yr\u0259nin.<\/p>\r\n                    <\/div>\r\n                <\/div>\r\n            <\/div>\r\n        <\/a>\r\n\r\n        \r\n        <a href=\"https:\/\/talkpal.ai\/az\/finc%c9%99-qrammatika\/\">\r\n            <div class=\"learnNavigationWrapper\">\r\n                <div class=\"learnNavigationContent\">\r\n                    <img decoding=\"async\" src=\"https:\/\/talkpal.ai\/wp-content\/uploads\/2024\/08\/Finnish.jpg\" alt=\"Finnish Flag\">\r\n                    <div>\r\n                        <h4>Fin qrammatikas\u0131 d\u0259rsl\u0259ri<\/h4>\r\n                        <p>Fin dilinin qrammatika il\u0259 m\u0259\u015f\u011ful olsun.<\/p>\r\n                    <\/div>\r\n                <\/div>\r\n            <\/div>\r\n        <\/a>\r\n\r\n        \r\n        <a href=\"https:\/\/talkpal.ai\/vocabulary_language\/finnish\/\">\r\n            <div class=\"learnNavigationWrapper\">\r\n                <div class=\"learnNavigationContent\">\r\n                    <img decoding=\"async\" src=\"https:\/\/talkpal.ai\/wp-content\/uploads\/2024\/08\/Finnish.jpg\" alt=\"Finnish Flag\">\r\n                    <div>\r\n                        <h4>Fin l\u00fc\u011f\u0259ti<\/h4>\r\n                        <p>Fin l\u00fc\u011f\u0259tinizi geni\u015fl\u0259ndirin.<\/p>\r\n                    <\/div>\r\n                <\/div>\r\n            <\/div>\r\n        <\/a>\r\n\r\n            <\/section>\n<p><\/p>\n","protected":false},"excerpt":{"rendered":"<p>Fin dilinin qrammatikas\u0131 m\u00f6vzular\u0131 Fin dilini \u00f6yr\u0259nm\u0259k dil h\u0259v\u0259skarlar\u0131 \u00fc\u00e7\u00fcn m\u00fckafatland\u0131r\u0131c\u0131 bir t\u0259cr\u00fcb\u0259 ola bil\u0259r, bel\u0259 ki, z\u0259ngin m\u0259d\u0259niyy\u0259t tarixin\u0259 malik unikal v\u0259 maraql\u0131 bir dildir. Fin dilinin qrammatikas\u0131 ilk bax\u0131\u015fdan \u00e7\u0259tin g\u00f6r\u00fcn\u0259 bil\u0259r, lakin sistemli yana\u015fma v\u0259 z\u0259ruri m\u00f6vzulara diqq\u0259t yetirm\u0259kl\u0259 siz daim inki\u015faf ed\u0259 v\u0259 n\u0259tic\u0259d\u0259 bu g\u00f6z\u0259l dild\u0259 s\u0259lis dan\u0131\u015fa bil\u0259rsiniz. Bu [&hellip;]<\/p>\n","protected":false},"author":6,"featured_media":106626,"parent":0,"menu_order":0,"comment_status":"closed","ping_status":"closed","template":"LearningContentPage.php","meta":{"_acf_changed":false,"footnotes":""},"class_list":["post-133975","page","type-page","status-publish","has-post-thumbnail","hentry"],"acf":[],"yoast_head":"<!-- This site is optimized with the Yoast SEO Premium plugin v27.2 (Yoast SEO v27.2) - https:\/\/yoast.com\/product\/yoast-seo-premium-wordpress\/ -->\n<title>Fin dili Qrammatika M\u0259\u015fql\u0259ri - Talkpal<\/title>\n<meta name=\"description\" content=\"Bu interaktiv v\u0259 effektiv m\u0259\u015fql\u0259rl\u0259 Fin qrammatikas\u0131 bacar\u0131qlar\u0131n\u0131z\u0131 m\u0259\u015fq edin v\u0259 t\u0259kmill\u0259\u015fdirin. B\u00fct\u00fcn \u00f6yr\u0259nm\u0259 s\u0259viyy\u0259l\u0259ri \u00fc\u00e7\u00fcn uy\u011fundur.\" \/>\n<meta name=\"robots\" content=\"index, follow, max-snippet:-1, max-image-preview:large, max-video-preview:-1\" \/>\n<link rel=\"canonical\" href=\"https:\/\/talkpal.ai\/az\/fin-dili-qrammatika-m%c9%99sql%c9%99ri\/\" \/>\n<meta property=\"og:locale\" content=\"az_AZ\" \/>\n<meta property=\"og:type\" content=\"article\" \/>\n<meta property=\"og:title\" content=\"Fin dili Qrammatika M\u0259\u015fql\u0259ri\" \/>\n<meta property=\"og:description\" content=\"Fin dilinin qrammatikas\u0131 m\u00f6vzular\u0131 Fin dilini \u00f6yr\u0259nm\u0259k dil h\u0259v\u0259skarlar\u0131 \u00fc\u00e7\u00fcn m\u00fckafatland\u0131r\u0131c\u0131 bir t\u0259cr\u00fcb\u0259 ola bil\u0259r, bel\u0259 ki, z\u0259ngin m\u0259d\u0259niyy\u0259t tarixin\u0259\" \/>\n<meta property=\"og:url\" content=\"https:\/\/talkpal.ai\/az\/fin-dili-qrammatika-m%c9%99sql%c9%99ri\/\" \/>\n<meta property=\"og:site_name\" content=\"Talkpal\" \/>\n<meta property=\"article:publisher\" content=\"https:\/\/www.facebook.com\/profile.php?id=100090733639311\" \/>\n<meta property=\"article:modified_time\" content=\"2025-12-17T15:33:29+00:00\" \/>\n<meta property=\"og:image\" content=\"https:\/\/talkpal.ai\/wp-content\/uploads\/2023\/04\/finland.png\" \/>\n\t<meta property=\"og:image:width\" content=\"512\" \/>\n\t<meta property=\"og:image:height\" content=\"512\" \/>\n\t<meta property=\"og:image:type\" content=\"image\/png\" \/>\n<meta name=\"twitter:card\" content=\"summary_large_image\" \/>\n<meta name=\"twitter:site\" content=\"@talkpalai\" \/>\n<meta name=\"twitter:label1\" content=\"Est. reading time\" \/>\n\t<meta name=\"twitter:data1\" content=\"3 minutes\" \/>\n<script type=\"application\/ld+json\" class=\"yoast-schema-graph\">{\"@context\":\"https:\/\/schema.org\",\"@graph\":[{\"@type\":\"WebPage\",\"@id\":\"https:\/\/talkpal.ai\/az\/fin-dili-qrammatika-m%c9%99sql%c9%99ri\/\",\"url\":\"https:\/\/talkpal.ai\/az\/fin-dili-qrammatika-m%c9%99sql%c9%99ri\/\",\"name\":\"Fin dili Qrammatika M\u0259\u015fql\u0259ri - Talkpal\",\"isPartOf\":{\"@id\":\"https:\/\/talkpal.ai\/az\/#website\"},\"primaryImageOfPage\":{\"@id\":\"https:\/\/talkpal.ai\/az\/fin-dili-qrammatika-m%c9%99sql%c9%99ri\/#primaryimage\"},\"image\":{\"@id\":\"https:\/\/talkpal.ai\/az\/fin-dili-qrammatika-m%c9%99sql%c9%99ri\/#primaryimage\"},\"thumbnailUrl\":\"https:\/\/talkpal.ai\/wp-content\/uploads\/2023\/04\/finland.png\",\"datePublished\":\"2023-06-16T10:07:13+00:00\",\"dateModified\":\"2025-12-17T15:33:29+00:00\",\"description\":\"Bu interaktiv v\u0259 effektiv m\u0259\u015fql\u0259rl\u0259 Fin qrammatikas\u0131 bacar\u0131qlar\u0131n\u0131z\u0131 m\u0259\u015fq edin v\u0259 t\u0259kmill\u0259\u015fdirin. B\u00fct\u00fcn \u00f6yr\u0259nm\u0259 s\u0259viyy\u0259l\u0259ri \u00fc\u00e7\u00fcn uy\u011fundur.\",\"breadcrumb\":{\"@id\":\"https:\/\/talkpal.ai\/az\/fin-dili-qrammatika-m%c9%99sql%c9%99ri\/#breadcrumb\"},\"inLanguage\":\"az\",\"potentialAction\":[{\"@type\":\"ReadAction\",\"target\":[\"https:\/\/talkpal.ai\/az\/fin-dili-qrammatika-m%c9%99sql%c9%99ri\/\"]}]},{\"@type\":\"ImageObject\",\"inLanguage\":\"az\",\"@id\":\"https:\/\/talkpal.ai\/az\/fin-dili-qrammatika-m%c9%99sql%c9%99ri\/#primaryimage\",\"url\":\"https:\/\/talkpal.ai\/wp-content\/uploads\/2023\/04\/finland.png\",\"contentUrl\":\"https:\/\/talkpal.ai\/wp-content\/uploads\/2023\/04\/finland.png\",\"width\":512,\"height\":512,\"caption\":\"TalkPal finland Flag\"},{\"@type\":\"BreadcrumbList\",\"@id\":\"https:\/\/talkpal.ai\/az\/fin-dili-qrammatika-m%c9%99sql%c9%99ri\/#breadcrumb\",\"itemListElement\":[{\"@type\":\"ListItem\",\"position\":1,\"name\":\"Homepage\",\"item\":\"https:\/\/talkpal.ai\/az\/\"},{\"@type\":\"ListItem\",\"position\":2,\"name\":\"Fin dili Qrammatika M\u0259\u015fql\u0259ri\"}]},{\"@type\":\"WebSite\",\"@id\":\"https:\/\/talkpal.ai\/az\/#website\",\"url\":\"https:\/\/talkpal.ai\/az\/\",\"name\":\"Talkpal\",\"description\":\"AI Language Learning\",\"publisher\":{\"@id\":\"https:\/\/talkpal.ai\/az\/#organization\"},\"alternateName\":\"Talkpal AI\",\"potentialAction\":[{\"@type\":\"SearchAction\",\"target\":{\"@type\":\"EntryPoint\",\"urlTemplate\":\"https:\/\/talkpal.ai\/az\/?s={search_term_string}\"},\"query-input\":{\"@type\":\"PropertyValueSpecification\",\"valueRequired\":true,\"valueName\":\"search_term_string\"}}],\"inLanguage\":\"az\"},{\"@type\":\"Organization\",\"@id\":\"https:\/\/talkpal.ai\/az\/#organization\",\"name\":\"Talkpal, Inc.\",\"alternateName\":\"Talkpal AI\",\"url\":\"https:\/\/talkpal.ai\/az\/\",\"logo\":{\"@type\":\"ImageObject\",\"inLanguage\":\"az\",\"@id\":\"https:\/\/talkpal.ai\/az\/#\/schema\/logo\/image\/\",\"url\":\"https:\/\/talkpal.ai\/wp-content\/uploads\/2024\/03\/Talkpal-Logo-Icon.png\",\"contentUrl\":\"https:\/\/talkpal.ai\/wp-content\/uploads\/2024\/03\/Talkpal-Logo-Icon.png\",\"width\":2880,\"height\":2880,\"caption\":\"Talkpal, Inc.\"},\"image\":{\"@id\":\"https:\/\/talkpal.ai\/az\/#\/schema\/logo\/image\/\"},\"sameAs\":[\"https:\/\/www.facebook.com\/profile.php?id=100090733639311\",\"https:\/\/x.com\/talkpalai\",\"https:\/\/www.linkedin.com\/company\/talkpal\/\",\"https:\/\/www.youtube.com\/@TalkPal\/\",\"https:\/\/www.tiktok.com\/@talkpal\",\"https:\/\/www.instagram.com\/talkpal_ai\/\",\"https:\/\/www.crunchbase.com\/organization\/talkpal-9cde\",\"https:\/\/www.g2.com\/products\/talkpal-for-business\/\",\"https:\/\/www.trustpilot.com\/review\/talkpal.ai\",\"https:\/\/www.capterra.com\/p\/10006800\/TalkPal\/\"],\"description\":\"Talkpal is a language learning web and mobile education app, powered by the latest AI technologies, that provides engaging experiences to its customers in many different languages to help them improve their language skills. Users can chat about unlimited amount of topics with the app and use other modes to practice their language learning.\",\"email\":\"support@talkpal.ai\",\"legalName\":\"Talkpal, Inc.\",\"foundingDate\":\"2023-04-03\",\"duns\":\"118989042\",\"numberOfEmployees\":{\"@type\":\"QuantitativeValue\",\"minValue\":\"11\",\"maxValue\":\"50\"},\"publishingPrinciples\":\"https:\/\/talkpal.ai\/publishing-principles\/\",\"actionableFeedbackPolicy\":\"https:\/\/talkpal.ai\/actionable-feedback-policy\/\",\"correctionsPolicy\":\"https:\/\/talkpal.ai\/corrections-policy\/\",\"ethicsPolicy\":\"https:\/\/talkpal.ai\/ethics-policy\/\",\"diversityPolicy\":\"https:\/\/talkpal.ai\/diversity-policy\/\",\"diversityStaffingReport\":\"https:\/\/talkpal.ai\/diversity-policy\/\"}]}<\/script>\n<!-- \/ Yoast SEO Premium plugin. -->","yoast_head_json":{"title":"Fin dili Qrammatika M\u0259\u015fql\u0259ri - Talkpal","description":"Bu interaktiv v\u0259 effektiv m\u0259\u015fql\u0259rl\u0259 Fin qrammatikas\u0131 bacar\u0131qlar\u0131n\u0131z\u0131 m\u0259\u015fq edin v\u0259 t\u0259kmill\u0259\u015fdirin. B\u00fct\u00fcn \u00f6yr\u0259nm\u0259 s\u0259viyy\u0259l\u0259ri \u00fc\u00e7\u00fcn uy\u011fundur.","robots":{"index":"index","follow":"follow","max-snippet":"max-snippet:-1","max-image-preview":"max-image-preview:large","max-video-preview":"max-video-preview:-1"},"canonical":"https:\/\/talkpal.ai\/az\/fin-dili-qrammatika-m%c9%99sql%c9%99ri\/","og_locale":"az_AZ","og_type":"article","og_title":"Fin dili Qrammatika M\u0259\u015fql\u0259ri","og_description":"Fin dilinin qrammatikas\u0131 m\u00f6vzular\u0131 Fin dilini \u00f6yr\u0259nm\u0259k dil h\u0259v\u0259skarlar\u0131 \u00fc\u00e7\u00fcn m\u00fckafatland\u0131r\u0131c\u0131 bir t\u0259cr\u00fcb\u0259 ola bil\u0259r, bel\u0259 ki, z\u0259ngin m\u0259d\u0259niyy\u0259t tarixin\u0259","og_url":"https:\/\/talkpal.ai\/az\/fin-dili-qrammatika-m%c9%99sql%c9%99ri\/","og_site_name":"Talkpal","article_publisher":"https:\/\/www.facebook.com\/profile.php?id=100090733639311","article_modified_time":"2025-12-17T15:33:29+00:00","og_image":[{"width":512,"height":512,"url":"https:\/\/talkpal.ai\/wp-content\/uploads\/2023\/04\/finland.png","type":"image\/png"}],"twitter_card":"summary_large_image","twitter_site":"@talkpalai","twitter_misc":{"Est. reading time":"3 minutes"},"schema":{"@context":"https:\/\/schema.org","@graph":[{"@type":"WebPage","@id":"https:\/\/talkpal.ai\/az\/fin-dili-qrammatika-m%c9%99sql%c9%99ri\/","url":"https:\/\/talkpal.ai\/az\/fin-dili-qrammatika-m%c9%99sql%c9%99ri\/","name":"Fin dili Qrammatika M\u0259\u015fql\u0259ri - Talkpal","isPartOf":{"@id":"https:\/\/talkpal.ai\/az\/#website"},"primaryImageOfPage":{"@id":"https:\/\/talkpal.ai\/az\/fin-dili-qrammatika-m%c9%99sql%c9%99ri\/#primaryimage"},"image":{"@id":"https:\/\/talkpal.ai\/az\/fin-dili-qrammatika-m%c9%99sql%c9%99ri\/#primaryimage"},"thumbnailUrl":"https:\/\/talkpal.ai\/wp-content\/uploads\/2023\/04\/finland.png","datePublished":"2023-06-16T10:07:13+00:00","dateModified":"2025-12-17T15:33:29+00:00","description":"Bu interaktiv v\u0259 effektiv m\u0259\u015fql\u0259rl\u0259 Fin qrammatikas\u0131 bacar\u0131qlar\u0131n\u0131z\u0131 m\u0259\u015fq edin v\u0259 t\u0259kmill\u0259\u015fdirin. B\u00fct\u00fcn \u00f6yr\u0259nm\u0259 s\u0259viyy\u0259l\u0259ri \u00fc\u00e7\u00fcn uy\u011fundur.","breadcrumb":{"@id":"https:\/\/talkpal.ai\/az\/fin-dili-qrammatika-m%c9%99sql%c9%99ri\/#breadcrumb"},"inLanguage":"az","potentialAction":[{"@type":"ReadAction","target":["https:\/\/talkpal.ai\/az\/fin-dili-qrammatika-m%c9%99sql%c9%99ri\/"]}]},{"@type":"ImageObject","inLanguage":"az","@id":"https:\/\/talkpal.ai\/az\/fin-dili-qrammatika-m%c9%99sql%c9%99ri\/#primaryimage","url":"https:\/\/talkpal.ai\/wp-content\/uploads\/2023\/04\/finland.png","contentUrl":"https:\/\/talkpal.ai\/wp-content\/uploads\/2023\/04\/finland.png","width":512,"height":512,"caption":"TalkPal finland Flag"},{"@type":"BreadcrumbList","@id":"https:\/\/talkpal.ai\/az\/fin-dili-qrammatika-m%c9%99sql%c9%99ri\/#breadcrumb","itemListElement":[{"@type":"ListItem","position":1,"name":"Homepage","item":"https:\/\/talkpal.ai\/az\/"},{"@type":"ListItem","position":2,"name":"Fin dili Qrammatika M\u0259\u015fql\u0259ri"}]},{"@type":"WebSite","@id":"https:\/\/talkpal.ai\/az\/#website","url":"https:\/\/talkpal.ai\/az\/","name":"Talkpal","description":"AI Language Learning","publisher":{"@id":"https:\/\/talkpal.ai\/az\/#organization"},"alternateName":"Talkpal AI","potentialAction":[{"@type":"SearchAction","target":{"@type":"EntryPoint","urlTemplate":"https:\/\/talkpal.ai\/az\/?s={search_term_string}"},"query-input":{"@type":"PropertyValueSpecification","valueRequired":true,"valueName":"search_term_string"}}],"inLanguage":"az"},{"@type":"Organization","@id":"https:\/\/talkpal.ai\/az\/#organization","name":"Talkpal, Inc.","alternateName":"Talkpal AI","url":"https:\/\/talkpal.ai\/az\/","logo":{"@type":"ImageObject","inLanguage":"az","@id":"https:\/\/talkpal.ai\/az\/#\/schema\/logo\/image\/","url":"https:\/\/talkpal.ai\/wp-content\/uploads\/2024\/03\/Talkpal-Logo-Icon.png","contentUrl":"https:\/\/talkpal.ai\/wp-content\/uploads\/2024\/03\/Talkpal-Logo-Icon.png","width":2880,"height":2880,"caption":"Talkpal, Inc."},"image":{"@id":"https:\/\/talkpal.ai\/az\/#\/schema\/logo\/image\/"},"sameAs":["https:\/\/www.facebook.com\/profile.php?id=100090733639311","https:\/\/x.com\/talkpalai","https:\/\/www.linkedin.com\/company\/talkpal\/","https:\/\/www.youtube.com\/@TalkPal\/","https:\/\/www.tiktok.com\/@talkpal","https:\/\/www.instagram.com\/talkpal_ai\/","https:\/\/www.crunchbase.com\/organization\/talkpal-9cde","https:\/\/www.g2.com\/products\/talkpal-for-business\/","https:\/\/www.trustpilot.com\/review\/talkpal.ai","https:\/\/www.capterra.com\/p\/10006800\/TalkPal\/"],"description":"Talkpal is a language learning web and mobile education app, powered by the latest AI technologies, that provides engaging experiences to its customers in many different languages to help them improve their language skills. Users can chat about unlimited amount of topics with the app and use other modes to practice their language learning.","email":"support@talkpal.ai","legalName":"Talkpal, Inc.","foundingDate":"2023-04-03","duns":"118989042","numberOfEmployees":{"@type":"QuantitativeValue","minValue":"11","maxValue":"50"},"publishingPrinciples":"https:\/\/talkpal.ai\/publishing-principles\/","actionableFeedbackPolicy":"https:\/\/talkpal.ai\/actionable-feedback-policy\/","correctionsPolicy":"https:\/\/talkpal.ai\/corrections-policy\/","ethicsPolicy":"https:\/\/talkpal.ai\/ethics-policy\/","diversityPolicy":"https:\/\/talkpal.ai\/diversity-policy\/","diversityStaffingReport":"https:\/\/talkpal.ai\/diversity-policy\/"}]}},"_links":{"self":[{"href":"https:\/\/talkpal.ai\/az\/wp-json\/wp\/v2\/pages\/133975","targetHints":{"allow":["GET"]}}],"collection":[{"href":"https:\/\/talkpal.ai\/az\/wp-json\/wp\/v2\/pages"}],"about":[{"href":"https:\/\/talkpal.ai\/az\/wp-json\/wp\/v2\/types\/page"}],"author":[{"embeddable":true,"href":"https:\/\/talkpal.ai\/az\/wp-json\/wp\/v2\/users\/6"}],"replies":[{"embeddable":true,"href":"https:\/\/talkpal.ai\/az\/wp-json\/wp\/v2\/comments?post=133975"}],"version-history":[{"count":0,"href":"https:\/\/talkpal.ai\/az\/wp-json\/wp\/v2\/pages\/133975\/revisions"}],"wp:featuredmedia":[{"embeddable":true,"href":"https:\/\/talkpal.ai\/az\/wp-json\/wp\/v2\/media\/106626"}],"wp:attachment":[{"href":"https:\/\/talkpal.ai\/az\/wp-json\/wp\/v2\/media?parent=133975"}],"curies":[{"name":"wp","href":"https:\/\/api.w.org\/{rel}","templated":true}]}}