{"id":133811,"date":"2023-06-16T10:01:38","date_gmt":"2023-06-16T10:01:38","guid":{"rendered":"http:\/\/talkpal.ai\/isvec-dilinin-qrammatikasi-m%c9%99sg%c9%99l%c9%99l%c9%99ri\/"},"modified":"2025-12-17T15:31:21","modified_gmt":"2025-12-17T15:31:21","slug":"isvec-dilinin-qrammatikasi-m%c9%99sg%c9%99l%c9%99l%c9%99ri","status":"publish","type":"page","link":"https:\/\/talkpal.ai\/az\/isvec-dilinin-qrammatikasi-m%c9%99sg%c9%99l%c9%99l%c9%99ri\/","title":{"rendered":"\u0130sve\u00e7 dilinin qrammatikas\u0131 m\u0259\u015f\u011f\u0259l\u0259l\u0259ri"},"content":{"rendered":"\r\n\r\n\r\n<section class=\"languageChallengeSection\">\r\n    <div class=\"languageInfoWrapper\">\r\n        \r\n        <h1>\u0130sve\u00e7 dilinin qrammatikas\u0131 m\u0259\u015f\u011f\u0259l\u0259l\u0259ri<\/h1>\r\n        <p>\u0130sve\u00e7 dilinizi t\u0259kmill\u0259\u015fdirm\u0259y\u0259 haz\u0131rs\u0131n\u0131z? Qrammatik m\u0259\u015fql\u0259ri m\u0259\u015fq etm\u0259k c\u00fcml\u0259 qurulu\u015funu, fel formalar\u0131n\u0131 v\u0259 isve\u00e7 dilinin unikal n\u00fcmun\u0259l\u0259rini m\u0259nims\u0259m\u0259k \u00fc\u00e7\u00fcn \u0259la bir yoldur. Bu g\u00fcn \u0130sve\u00e7 dilinin qrammatikas\u0131 \u00fcz\u0259rind\u0259 i\u015fl\u0259m\u0259y\u0259 ba\u015flay\u0131n v\u0259 h\u0259r m\u0259\u015fql\u0259 bacar\u0131qlar\u0131n\u0131z\u0131n v\u0259 inam\u0131n\u0131z\u0131n artmas\u0131n\u0131 izl\u0259yin!\n\n<\/p>\r\n\r\n                            <a class=\"getStartedHidden\" href=\"https:\/\/app.talkpal.ai\/signup?lng=\">Ba\u015fla<\/a>\r\n        \r\n    <\/div>\r\n\r\n    <figure>\r\n    <img decoding=\"async\" width=\"768\" height=\"768\" src=\"https:\/\/talkpal.ai\/wp-content\/uploads\/2023\/06\/swedish-768x768.png\" class=\"languageImage no-lazy\" alt=\"Language learning for improved concentration\" fetchpriority=\"high\" sizes=\"(max-width: 768px) 150px, 768px\" srcset=\"https:\/\/talkpal.ai\/wp-content\/uploads\/2023\/06\/swedish-768x768.png 768w, https:\/\/talkpal.ai\/wp-content\/uploads\/2023\/06\/swedish-300x300.png 300w\" \/>\r\n    \r\n\r\n    <\/figure>\r\n\r\n            <a class=\"getStartedVisible\" href=\"https:\/\/app.talkpal.ai\/signup?lng=\">Ba\u015fla<\/a>\r\n    \r\n<\/section>\r\n\r\n\r\n<!-- <section class=\"grammarSection\">\r\n    <div class=\"grammarLinks\">\r\n            <\/div>\r\n<\/section> -->\r\n\r\n\r\n\r\n\r\n<section class=\"promotionalBanner\">\r\n    <p class=\"promotionalText\">Dil \u00f6yr\u0259nm\u0259yin \u0259n t\u0259sirli yolu<\/p>\r\n    <a class=\"promotionalLink\" href=\"https:\/\/app.talkpal.ai\/signup?lng=\">Talkpal pulsuz s\u0131nay\u0131n<\/a>\r\n<\/section>\n<div class=\"wp-block-group pageContainerStyle\"><div class=\"wp-block-group__inner-container is-layout-constrained wp-block-group-is-layout-constrained\">\n<h2 class=\"wp-block-heading\" id=\"h-swedish-grammar-topics\">\u0130sve\u00e7 dilinin qrammatikas\u0131 m\u00f6vzular\u0131<\/h2>\n\n\n\n<p>\u0130sve\u00e7in r\u0259smi dili v\u0259 Finlandiyan\u0131n r\u0259smi dill\u0259rind\u0259n biri olan \u0130sve\u00e7 dilini \u00f6yr\u0259nm\u0259k m\u00fckafatland\u0131r\u0131c\u0131 t\u0259cr\u00fcb\u0259 ola bil\u0259r. Bu, sizi z\u0259ngin m\u0259d\u0259niyy\u0259t\u0259 v\u0259 tarix\u0259 m\u0259ruz qoymaqla kifay\u0259tl\u0259nm\u0259y\u0259c\u0259k, h\u0259m d\u0259 10 milyondan \u00e7ox yerli natiql\u0259 \u00fcnsiyy\u0259ti asanla\u015fd\u0131racaq. \u0130sve\u00e7 dilini effektiv \u00f6yr\u0259nm\u0259k \u00fc\u00e7\u00fcn m\u00fcxt\u0259lif qrammatik m\u00f6vzular\u0131 v\u0259 onlar\u0131n bir-biri il\u0259 nec\u0259 \u0259laq\u0259li oldu\u011funu ba\u015fa d\u00fc\u015fm\u0259k vacibdir. Bu b\u0259l\u0259d\u00e7i siz\u0259 \u0130sve\u00e7 dilinin \u0259sas qrammatika m\u00f6vzular\u0131na \u00fcmumi bax\u0131\u015f t\u0259qdim ed\u0259c\u0259k. Bu ard\u0131c\u0131ll\u0131qla t\u0259\u015fkil olunaraq, sizin dil bacar\u0131qlar\u0131n\u0131z\u0131 t\u0259dric\u0259n v\u0259 effektiv \u015f\u0259kild\u0259 inki\u015faf etdirm\u0259y\u0259 k\u00f6m\u0259k ed\u0259c\u0259k.<\/p>\n\n\n\n<h3 class=\"wp-block-heading\" id=\"h-1-nouns\">1. Nouns:<\/h3>\n\n\n\n<p>\u0130sve\u00e7 dili s\u0259yah\u0259tiniz\u0259 h\u0259r hans\u0131 bir dilin tikinti bloklar\u0131 oldu\u011fu \u00fc\u00e7\u00fcn, \u00f6z\u00fcn\u00fcz\u00fc nouns il\u0259 tan\u0131\u015f ed\u0259r\u0259k ba\u015flay\u0131n. \u0130sve\u00e7 dilind\u0259 nounlar\u0131n iki cinsi (\u00fcmumi v\u0259 neytri) var ki, bu da onlarla istifad\u0259 olunan m\u0259qal\u0259 v\u0259 adgektivl\u0259r\u0259 t\u0259sir edir. Onlar h\u0259m\u00e7inin birnillik v\u0259 \u00e7oxluq formalar\u0131na, h\u0259m\u00e7inin m\u00fc\u0259yy\u0259n v\u0259 qeyri-m\u00fc\u0259yy\u0259n formalara malikdirl\u0259r.<\/p>\n\n\n\n<h3 class=\"wp-block-heading\" id=\"h-2-articles\">2. M\u0259qal\u0259l\u0259r:<\/h3>\n\n\n\n<p>Nounlar\u0131 anlad\u0131qdan sonra, noun cinsini v\u0259 say\u0131n\u0131 m\u00fc\u0259yy\u0259n etm\u0259k \u00fc\u00e7\u00fcn z\u0259ruri olan m\u0259qal\u0259l\u0259r\u0259 ke\u00e7. \u0130sve\u00e7d\u0259 d\u0259yi\u015fdirdikl\u0259ri noun cinsi v\u0259 say\u0131 il\u0259 raz\u0131la\u015fan q\u0259ti v\u0259 m\u00fcdd\u0259tsiz m\u0259qal\u0259l\u0259r var.<\/p>\n\n\n\n<h3 class=\"wp-block-heading\" id=\"h-3-adjectives\">3. Adjectives:<\/h3>\n\n\n\n<p>Adjectives nouns t\u0259svir etm\u0259k \u00fc\u00e7\u00fcn istifad\u0259 olunur v\u0259 onlar\u0131n d\u0259yi\u015fdirm\u0259k noun il\u0259 cins, say\u0131, v\u0259 q\u0259tilik raz\u0131la\u015fd\u0131rmaq \u00fc\u00e7\u00fcn istifad\u0259 olunur. Adjectives \u00f6yr\u0259nm\u0259k \u0130sve\u00e7 dilind\u0259 daha m\u00fcr\u0259kk\u0259b fikir v\u0259 t\u0259svirl\u0259ri ifad\u0259 etm\u0259k k\u00f6m\u0259k ed\u0259c\u0259k.<\/p>\n\n\n\n<h3 class=\"wp-block-heading\" id=\"h-4-pronouns\">4. Pronouns:<\/h3>\n\n\n\n<p>Pronouns c\u00fcml\u0259l\u0259rd\u0259 nounlar\u0131 \u0259v\u0259z edir v\u0259 nitqin daha r\u0259van v\u0259 t\u0259bii olmas\u0131 \u00fc\u00e7\u00fcn z\u0259ruridir. \u0130sve\u00e7 dili \u015f\u0259xsi, sahibli, refleksiv v\u0259 nisbi pronounlara malikdir, h\u0259r birinin raz\u0131la\u015fma v\u0259 istifad\u0259 qaydalar\u0131 \u00f6z qaydalar\u0131 il\u0259.<\/p>\n\n\n\n<h3 class=\"wp-block-heading\" id=\"h-5-verbs\">5. Feill\u0259r:<\/h3>\n\n\n\n<p>Feill\u0259r h\u0259r hans\u0131 bir dilin h\u0259lledici hiss\u0259si olan h\u0259r\u0259k\u0259tl\u0259ri, hadis\u0259l\u0259ri v\u0259 ya d\u00f6vl\u0259tl\u0259ri ifad\u0259 edir. \u0130sve\u00e7 dilind\u0259 feill\u0259r g\u0259rginliy\u0259 v\u0259 \u0259hval-ruhiyy\u0259y\u0259 g\u00f6r\u0259 birl\u0259\u015fir. \u018fn geni\u015f yay\u0131lm\u0131\u015f v\u0259 faydal\u0131 forma olan indiki g\u0259rgin g\u00f6st\u0259ricini \u00f6yr\u0259nm\u0259kl\u0259 ba\u015flay\u0131n.<\/p>\n\n\n\n<h3 class=\"wp-block-heading\" id=\"h-6-tenses-indicative\">6. G\u0259rginlik g\u00f6st\u0259ricisi:<\/h3>\n\n\n\n<p>\u0130ndiki d\u00f6vrd\u0259n etibar\u0259n ir\u0259lil\u0259m\u0259k, g\u00f6st\u0259rici \u0259hval-ruhiyy\u0259d\u0259 ke\u00e7mi\u015fi v\u0259 g\u0259l\u0259c\u0259k g\u0259rginliyi \u00f6yr\u0259nin. Bunlar ba\u015f vermi\u015f v\u0259 ya ba\u015f ver\u0259c\u0259k hadis\u0259l\u0259r v\u0259 h\u0259r\u0259k\u0259tl\u0259r haqq\u0131nda dan\u0131\u015fma\u011fa, \u0130sve\u00e7 dilind\u0259 \u00fcnsiyy\u0259t qurmaq qabiliyy\u0259tinizi geni\u015fl\u0259ndirm\u0259y\u0259 imkan ver\u0259c\u0259k.<\/p>\n\n\n\n<h3 class=\"wp-block-heading\" id=\"h-7-tenses-subjunctive\">7. Subjunctive g\u0259rginlikl\u0259r:<\/h3>\n\n\n\n<p>G\u00f6st\u0259ricid\u0259n az rast g\u0259lins\u0259 d\u0259, subjunktiv \u0259hvali-ruhiyy\u0259 hipotetik v\u0259 ya qeyri-m\u00fc\u0259yy\u0259n hadis\u0259l\u0259ri ifad\u0259 etm\u0259k \u00fc\u00e7\u00fcn istifad\u0259 olunur. Feill\u0259rin tabe\u00e7ilik formalar\u0131n\u0131 \u00f6yr\u0259nm\u0259kl\u0259 daha \u00e7ox n\u00fcansl\u0131 fikirl\u0259ri ifad\u0259 etm\u0259k bacar\u0131\u011f\u0131n\u0131 art\u0131racaqsan.<\/p>\n\n\n\n<h3 class=\"wp-block-heading\" id=\"h-8-tense-comparison\">8. G\u0259rgin m\u00fcqayis\u0259:<\/h3>\n\n\n\n<p>M\u00fcxt\u0259lif g\u0259rginlikl\u0259ri nec\u0259 m\u00fcqayis\u0259 etm\u0259k laz\u0131m oldu\u011funu anlamaq zaman v\u0259 hadis\u0259l\u0259r haqq\u0131nda daha m\u00fcr\u0259kk\u0259b fikirl\u0259ri ifad\u0259 etm\u0259y\u0259 imkan ver\u0259c\u0259k. Bura ke\u00e7mi\u015f v\u0259 g\u0259l\u0259c\u0259k g\u0259rginlikl\u0259rd\u0259n birg\u0259 istifad\u0259 etm\u0259yi, el\u0259c\u0259 d\u0259 m\u00fcr\u0259kk\u0259b c\u00fcml\u0259l\u0259rd\u0259 m\u00fcxt\u0259lif g\u0259rginlikl\u0259rin nec\u0259 qar\u015f\u0131l\u0131ql\u0131 t\u0259sir etdiyini ba\u015fa d\u00fc\u015fm\u0259yi bilm\u0259k daxildir.<\/p>\n\n\n\n<h3 class=\"wp-block-heading\" id=\"h-9-adverbs\">9. Adverbl\u0259r:<\/h3>\n\n\n\n<p>Adverbs feill\u0259ri, adjectives v\u0259 ya dig\u0259r adverbsl\u0259ri d\u0259yi\u015fdirir, h\u0259r\u0259k\u0259t v\u0259 ya keyfiyy\u0259tl\u0259r haqq\u0131nda \u0259lav\u0259 m\u0259lumat verir. \u0130sve\u00e7 adverbl\u0259rini \u00f6yr\u0259nm\u0259k ideyalar\u0131 daha d\u0259qiq v\u0259 effektiv ifad\u0259 etm\u0259kd\u0259 siz\u0259 k\u00f6m\u0259k ed\u0259c\u0259k.<\/p>\n\n\n\n<h3 class=\"wp-block-heading\" id=\"h-10-prepositions\">10. Prepozisiyalar:<\/h3>\n\n\n\n<p>Prepozisiyalar c\u00fcml\u0259d\u0259 ba\u015fqa s\u00f6zl\u0259r\u0259 aid olan noun, t\u0259l\u0259ff\u00fcz v\u0259 ifad\u0259l\u0259rl\u0259 \u0259laq\u0259 yarad\u0131r, m\u0259kan, istiqam\u0259t, zaman kimi m\u00fcnasib\u0259tl\u0259ri ifad\u0259 edir. Masterinq prepozisiyalar\u0131 \u0130sve\u00e7 dilind\u0259 ayd\u0131n v\u0259 m\u0259nal\u0131 c\u00fcml\u0259l\u0259r qurma\u011f\u0131n \u0259sas\u0131n\u0131d\u0131r.<\/p>\n\n\n\n<h3 class=\"wp-block-heading\" id=\"h-11-sentence-structure\">11. C\u00fcml\u0259 qurulu\u015fu:<\/h3>\n\n\n\n<p>Son olaraq \u0130sve\u00e7 c\u00fcml\u0259 qurulu\u015funun \u0259sas qaydalar\u0131n\u0131 anlamaq, \u0259vv\u0259lki b\u00fct\u00fcn qrammatik m\u00f6vzular\u0131 bir araya g\u0259tir\u0259c\u0259k, yax\u015f\u0131 formala\u015fm\u0131\u015f c\u00fcml\u0259l\u0259r yaratma\u011fa, dild\u0259 \u00f6z\u00fcn\u00fc d\u0259qiq v\u0259 effektiv \u015f\u0259kild\u0259 ifad\u0259 etm\u0259y\u0259 imkan ver\u0259c\u0259k.<\/p>\n<\/div><\/div>\n\r\n<section class=\"learnNavigationSection\">\r\n            \r\n        <a href=\"https:\/\/talkpal.ai\/az\/isvec-dilini-oyr%c9%99nin\/\">\r\n            <div class=\"learnNavigationWrapper\">\r\n                <div class=\"learnNavigationContent\">\r\n                    <img decoding=\"async\" src=\"https:\/\/talkpal.ai\/wp-content\/uploads\/2024\/08\/Swedish.jpg\" alt=\"Swedish Flag\">\r\n                    <div>\r\n                        <h4>\u0130sve\u00e7 \u00d6yr\u0259nilm\u0259si Haqq\u0131nda<\/h4>\r\n                        <p>\u0130sve\u00e7 qrammatikas\u0131 haqq\u0131nda h\u0259r \u015feyi \u00f6yr\u0259nin.<\/p>\r\n                    <\/div>\r\n                <\/div>\r\n            <\/div>\r\n        <\/a>\r\n\r\n        \r\n        <a href=\"https:\/\/talkpal.ai\/az\/isvec-qrammatikasi\/\">\r\n            <div class=\"learnNavigationWrapper\">\r\n                <div class=\"learnNavigationContent\">\r\n                    <img decoding=\"async\" src=\"https:\/\/talkpal.ai\/wp-content\/uploads\/2024\/08\/Swedish.jpg\" alt=\"Swedish Flag\">\r\n                    <div>\r\n                        <h4>\u0130sve\u00e7 qrammatikas\u0131 m\u0259\u015fqi<\/h4>\r\n                        <p>\u0130sve\u00e7 dilinin qrammatikas\u0131.<\/p>\r\n                    <\/div>\r\n                <\/div>\r\n            <\/div>\r\n        <\/a>\r\n\r\n        \r\n        <a href=\"https:\/\/talkpal.ai\/vocabulary_language\/swedish\/\">\r\n            <div class=\"learnNavigationWrapper\">\r\n                <div class=\"learnNavigationContent\">\r\n                    <img decoding=\"async\" src=\"https:\/\/talkpal.ai\/wp-content\/uploads\/2024\/08\/Swedish.jpg\" alt=\"Swedish Flag\">\r\n                    <div>\r\n                        <h4>\u0130sve\u00e7 l\u00fc\u011f\u0259ti<\/h4>\r\n                        <p>\u0130sve\u00e7 l\u00fc\u011f\u0259tinizi geni\u015fl\u0259ndirin.<\/p>\r\n                    <\/div>\r\n                <\/div>\r\n            <\/div>\r\n        <\/a>\r\n\r\n            <\/section>","protected":false},"excerpt":{"rendered":"<p>\u0130sve\u00e7 dilinin qrammatikas\u0131 m\u00f6vzular\u0131 \u0130sve\u00e7in r\u0259smi dili v\u0259 Finlandiyan\u0131n r\u0259smi dill\u0259rind\u0259n biri olan \u0130sve\u00e7 dilini \u00f6yr\u0259nm\u0259k m\u00fckafatland\u0131r\u0131c\u0131 t\u0259cr\u00fcb\u0259 ola bil\u0259r. Bu, sizi z\u0259ngin m\u0259d\u0259niyy\u0259t\u0259 v\u0259 tarix\u0259 m\u0259ruz qoymaqla kifay\u0259tl\u0259nm\u0259y\u0259c\u0259k, h\u0259m d\u0259 10 milyondan \u00e7ox yerli natiql\u0259 \u00fcnsiyy\u0259ti asanla\u015fd\u0131racaq. \u0130sve\u00e7 dilini effektiv \u00f6yr\u0259nm\u0259k \u00fc\u00e7\u00fcn m\u00fcxt\u0259lif qrammatik m\u00f6vzular\u0131 v\u0259 onlar\u0131n bir-biri il\u0259 nec\u0259 \u0259laq\u0259li oldu\u011funu ba\u015fa d\u00fc\u015fm\u0259k [&hellip;]<\/p>\n","protected":false},"author":6,"featured_media":108273,"parent":0,"menu_order":0,"comment_status":"closed","ping_status":"closed","template":"LearningContentPage.php","meta":{"_acf_changed":false,"footnotes":""},"class_list":["post-133811","page","type-page","status-publish","has-post-thumbnail","hentry"],"acf":[],"yoast_head":"<!-- This site is optimized with the Yoast SEO Premium plugin v27.2 (Yoast SEO v27.2) - https:\/\/yoast.com\/product\/yoast-seo-premium-wordpress\/ -->\n<title>\u0130sve\u00e7 dilinin qrammatikas\u0131 m\u0259\u015f\u011f\u0259l\u0259l\u0259ri - Talkpal<\/title>\n<meta name=\"description\" content=\"B\u00fct\u00fcn s\u0259viyy\u0259l\u0259rd\u0259 \u00f6yr\u0259n\u0259nl\u0259r \u00fc\u00e7\u00fcn n\u0259z\u0259rd\u0259 tutulmu\u015f c\u0259lbedici \u0130sve\u00e7 Qrammatikas\u0131 T\u0259liml\u0259ri il\u0259 dil bacar\u0131qlar\u0131n\u0131z\u0131 art\u0131r\u0131n.\" \/>\n<meta name=\"robots\" content=\"index, follow, max-snippet:-1, max-image-preview:large, max-video-preview:-1\" \/>\n<link rel=\"canonical\" href=\"https:\/\/talkpal.ai\/az\/isvec-dilinin-qrammatikasi-m%c9%99sg%c9%99l%c9%99l%c9%99ri\/\" \/>\n<meta property=\"og:locale\" content=\"az_AZ\" \/>\n<meta property=\"og:type\" content=\"article\" \/>\n<meta property=\"og:title\" content=\"\u0130sve\u00e7 dilinin qrammatikas\u0131 m\u0259\u015f\u011f\u0259l\u0259l\u0259ri\" \/>\n<meta property=\"og:description\" content=\"\u0130sve\u00e7 dilinin qrammatikas\u0131 m\u00f6vzular\u0131 \u0130sve\u00e7in r\u0259smi dili v\u0259 Finlandiyan\u0131n r\u0259smi dill\u0259rind\u0259n biri olan \u0130sve\u00e7 dilini \u00f6yr\u0259nm\u0259k m\u00fckafatland\u0131r\u0131c\u0131 t\u0259cr\u00fcb\u0259 ola\" \/>\n<meta property=\"og:url\" content=\"https:\/\/talkpal.ai\/az\/isvec-dilinin-qrammatikasi-m%c9%99sg%c9%99l%c9%99l%c9%99ri\/\" \/>\n<meta property=\"og:site_name\" content=\"Talkpal\" \/>\n<meta property=\"article:publisher\" content=\"https:\/\/www.facebook.com\/profile.php?id=100090733639311\" \/>\n<meta property=\"article:modified_time\" content=\"2025-12-17T15:31:21+00:00\" \/>\n<meta property=\"og:image\" content=\"https:\/\/talkpal.ai\/wp-content\/uploads\/2023\/04\/sweden.png\" \/>\n\t<meta property=\"og:image:width\" content=\"512\" \/>\n\t<meta property=\"og:image:height\" content=\"512\" \/>\n\t<meta property=\"og:image:type\" content=\"image\/png\" \/>\n<meta name=\"twitter:card\" content=\"summary_large_image\" \/>\n<meta name=\"twitter:site\" content=\"@talkpalai\" \/>\n<meta name=\"twitter:label1\" content=\"Est. reading time\" \/>\n\t<meta name=\"twitter:data1\" content=\"4 minutes\" \/>\n<script type=\"application\/ld+json\" class=\"yoast-schema-graph\">{\"@context\":\"https:\/\/schema.org\",\"@graph\":[{\"@type\":\"WebPage\",\"@id\":\"https:\/\/talkpal.ai\/az\/isvec-dilinin-qrammatikasi-m%c9%99sg%c9%99l%c9%99l%c9%99ri\/\",\"url\":\"https:\/\/talkpal.ai\/az\/isvec-dilinin-qrammatikasi-m%c9%99sg%c9%99l%c9%99l%c9%99ri\/\",\"name\":\"\u0130sve\u00e7 dilinin qrammatikas\u0131 m\u0259\u015f\u011f\u0259l\u0259l\u0259ri - Talkpal\",\"isPartOf\":{\"@id\":\"https:\/\/talkpal.ai\/az\/#website\"},\"primaryImageOfPage\":{\"@id\":\"https:\/\/talkpal.ai\/az\/isvec-dilinin-qrammatikasi-m%c9%99sg%c9%99l%c9%99l%c9%99ri\/#primaryimage\"},\"image\":{\"@id\":\"https:\/\/talkpal.ai\/az\/isvec-dilinin-qrammatikasi-m%c9%99sg%c9%99l%c9%99l%c9%99ri\/#primaryimage\"},\"thumbnailUrl\":\"https:\/\/talkpal.ai\/wp-content\/uploads\/2023\/04\/sweden.png\",\"datePublished\":\"2023-06-16T10:01:38+00:00\",\"dateModified\":\"2025-12-17T15:31:21+00:00\",\"description\":\"B\u00fct\u00fcn s\u0259viyy\u0259l\u0259rd\u0259 \u00f6yr\u0259n\u0259nl\u0259r \u00fc\u00e7\u00fcn n\u0259z\u0259rd\u0259 tutulmu\u015f c\u0259lbedici \u0130sve\u00e7 Qrammatikas\u0131 T\u0259liml\u0259ri il\u0259 dil bacar\u0131qlar\u0131n\u0131z\u0131 art\u0131r\u0131n.\",\"breadcrumb\":{\"@id\":\"https:\/\/talkpal.ai\/az\/isvec-dilinin-qrammatikasi-m%c9%99sg%c9%99l%c9%99l%c9%99ri\/#breadcrumb\"},\"inLanguage\":\"az\",\"potentialAction\":[{\"@type\":\"ReadAction\",\"target\":[\"https:\/\/talkpal.ai\/az\/isvec-dilinin-qrammatikasi-m%c9%99sg%c9%99l%c9%99l%c9%99ri\/\"]}]},{\"@type\":\"ImageObject\",\"inLanguage\":\"az\",\"@id\":\"https:\/\/talkpal.ai\/az\/isvec-dilinin-qrammatikasi-m%c9%99sg%c9%99l%c9%99l%c9%99ri\/#primaryimage\",\"url\":\"https:\/\/talkpal.ai\/wp-content\/uploads\/2023\/04\/sweden.png\",\"contentUrl\":\"https:\/\/talkpal.ai\/wp-content\/uploads\/2023\/04\/sweden.png\",\"width\":512,\"height\":512},{\"@type\":\"BreadcrumbList\",\"@id\":\"https:\/\/talkpal.ai\/az\/isvec-dilinin-qrammatikasi-m%c9%99sg%c9%99l%c9%99l%c9%99ri\/#breadcrumb\",\"itemListElement\":[{\"@type\":\"ListItem\",\"position\":1,\"name\":\"Homepage\",\"item\":\"https:\/\/talkpal.ai\/az\/\"},{\"@type\":\"ListItem\",\"position\":2,\"name\":\"\u0130sve\u00e7 dilinin qrammatikas\u0131 m\u0259\u015f\u011f\u0259l\u0259l\u0259ri\"}]},{\"@type\":\"WebSite\",\"@id\":\"https:\/\/talkpal.ai\/az\/#website\",\"url\":\"https:\/\/talkpal.ai\/az\/\",\"name\":\"Talkpal\",\"description\":\"AI Language Learning\",\"publisher\":{\"@id\":\"https:\/\/talkpal.ai\/az\/#organization\"},\"alternateName\":\"Talkpal AI\",\"potentialAction\":[{\"@type\":\"SearchAction\",\"target\":{\"@type\":\"EntryPoint\",\"urlTemplate\":\"https:\/\/talkpal.ai\/az\/?s={search_term_string}\"},\"query-input\":{\"@type\":\"PropertyValueSpecification\",\"valueRequired\":true,\"valueName\":\"search_term_string\"}}],\"inLanguage\":\"az\"},{\"@type\":\"Organization\",\"@id\":\"https:\/\/talkpal.ai\/az\/#organization\",\"name\":\"Talkpal, Inc.\",\"alternateName\":\"Talkpal AI\",\"url\":\"https:\/\/talkpal.ai\/az\/\",\"logo\":{\"@type\":\"ImageObject\",\"inLanguage\":\"az\",\"@id\":\"https:\/\/talkpal.ai\/az\/#\/schema\/logo\/image\/\",\"url\":\"https:\/\/talkpal.ai\/wp-content\/uploads\/2024\/03\/Talkpal-Logo-Icon.png\",\"contentUrl\":\"https:\/\/talkpal.ai\/wp-content\/uploads\/2024\/03\/Talkpal-Logo-Icon.png\",\"width\":2880,\"height\":2880,\"caption\":\"Talkpal, Inc.\"},\"image\":{\"@id\":\"https:\/\/talkpal.ai\/az\/#\/schema\/logo\/image\/\"},\"sameAs\":[\"https:\/\/www.facebook.com\/profile.php?id=100090733639311\",\"https:\/\/x.com\/talkpalai\",\"https:\/\/www.linkedin.com\/company\/talkpal\/\",\"https:\/\/www.youtube.com\/@TalkPal\/\",\"https:\/\/www.tiktok.com\/@talkpal\",\"https:\/\/www.instagram.com\/talkpal_ai\/\",\"https:\/\/www.crunchbase.com\/organization\/talkpal-9cde\",\"https:\/\/www.g2.com\/products\/talkpal-for-business\/\",\"https:\/\/www.trustpilot.com\/review\/talkpal.ai\",\"https:\/\/www.capterra.com\/p\/10006800\/TalkPal\/\"],\"description\":\"Talkpal is a language learning web and mobile education app, powered by the latest AI technologies, that provides engaging experiences to its customers in many different languages to help them improve their language skills. Users can chat about unlimited amount of topics with the app and use other modes to practice their language learning.\",\"email\":\"support@talkpal.ai\",\"legalName\":\"Talkpal, Inc.\",\"foundingDate\":\"2023-04-03\",\"duns\":\"118989042\",\"numberOfEmployees\":{\"@type\":\"QuantitativeValue\",\"minValue\":\"11\",\"maxValue\":\"50\"},\"publishingPrinciples\":\"https:\/\/talkpal.ai\/publishing-principles\/\",\"actionableFeedbackPolicy\":\"https:\/\/talkpal.ai\/actionable-feedback-policy\/\",\"correctionsPolicy\":\"https:\/\/talkpal.ai\/corrections-policy\/\",\"ethicsPolicy\":\"https:\/\/talkpal.ai\/ethics-policy\/\",\"diversityPolicy\":\"https:\/\/talkpal.ai\/diversity-policy\/\",\"diversityStaffingReport\":\"https:\/\/talkpal.ai\/diversity-policy\/\"}]}<\/script>\n<!-- \/ Yoast SEO Premium plugin. -->","yoast_head_json":{"title":"\u0130sve\u00e7 dilinin qrammatikas\u0131 m\u0259\u015f\u011f\u0259l\u0259l\u0259ri - Talkpal","description":"B\u00fct\u00fcn s\u0259viyy\u0259l\u0259rd\u0259 \u00f6yr\u0259n\u0259nl\u0259r \u00fc\u00e7\u00fcn n\u0259z\u0259rd\u0259 tutulmu\u015f c\u0259lbedici \u0130sve\u00e7 Qrammatikas\u0131 T\u0259liml\u0259ri il\u0259 dil bacar\u0131qlar\u0131n\u0131z\u0131 art\u0131r\u0131n.","robots":{"index":"index","follow":"follow","max-snippet":"max-snippet:-1","max-image-preview":"max-image-preview:large","max-video-preview":"max-video-preview:-1"},"canonical":"https:\/\/talkpal.ai\/az\/isvec-dilinin-qrammatikasi-m%c9%99sg%c9%99l%c9%99l%c9%99ri\/","og_locale":"az_AZ","og_type":"article","og_title":"\u0130sve\u00e7 dilinin qrammatikas\u0131 m\u0259\u015f\u011f\u0259l\u0259l\u0259ri","og_description":"\u0130sve\u00e7 dilinin qrammatikas\u0131 m\u00f6vzular\u0131 \u0130sve\u00e7in r\u0259smi dili v\u0259 Finlandiyan\u0131n r\u0259smi dill\u0259rind\u0259n biri olan \u0130sve\u00e7 dilini \u00f6yr\u0259nm\u0259k m\u00fckafatland\u0131r\u0131c\u0131 t\u0259cr\u00fcb\u0259 ola","og_url":"https:\/\/talkpal.ai\/az\/isvec-dilinin-qrammatikasi-m%c9%99sg%c9%99l%c9%99l%c9%99ri\/","og_site_name":"Talkpal","article_publisher":"https:\/\/www.facebook.com\/profile.php?id=100090733639311","article_modified_time":"2025-12-17T15:31:21+00:00","og_image":[{"width":512,"height":512,"url":"https:\/\/talkpal.ai\/wp-content\/uploads\/2023\/04\/sweden.png","type":"image\/png"}],"twitter_card":"summary_large_image","twitter_site":"@talkpalai","twitter_misc":{"Est. reading time":"4 minutes"},"schema":{"@context":"https:\/\/schema.org","@graph":[{"@type":"WebPage","@id":"https:\/\/talkpal.ai\/az\/isvec-dilinin-qrammatikasi-m%c9%99sg%c9%99l%c9%99l%c9%99ri\/","url":"https:\/\/talkpal.ai\/az\/isvec-dilinin-qrammatikasi-m%c9%99sg%c9%99l%c9%99l%c9%99ri\/","name":"\u0130sve\u00e7 dilinin qrammatikas\u0131 m\u0259\u015f\u011f\u0259l\u0259l\u0259ri - Talkpal","isPartOf":{"@id":"https:\/\/talkpal.ai\/az\/#website"},"primaryImageOfPage":{"@id":"https:\/\/talkpal.ai\/az\/isvec-dilinin-qrammatikasi-m%c9%99sg%c9%99l%c9%99l%c9%99ri\/#primaryimage"},"image":{"@id":"https:\/\/talkpal.ai\/az\/isvec-dilinin-qrammatikasi-m%c9%99sg%c9%99l%c9%99l%c9%99ri\/#primaryimage"},"thumbnailUrl":"https:\/\/talkpal.ai\/wp-content\/uploads\/2023\/04\/sweden.png","datePublished":"2023-06-16T10:01:38+00:00","dateModified":"2025-12-17T15:31:21+00:00","description":"B\u00fct\u00fcn s\u0259viyy\u0259l\u0259rd\u0259 \u00f6yr\u0259n\u0259nl\u0259r \u00fc\u00e7\u00fcn n\u0259z\u0259rd\u0259 tutulmu\u015f c\u0259lbedici \u0130sve\u00e7 Qrammatikas\u0131 T\u0259liml\u0259ri il\u0259 dil bacar\u0131qlar\u0131n\u0131z\u0131 art\u0131r\u0131n.","breadcrumb":{"@id":"https:\/\/talkpal.ai\/az\/isvec-dilinin-qrammatikasi-m%c9%99sg%c9%99l%c9%99l%c9%99ri\/#breadcrumb"},"inLanguage":"az","potentialAction":[{"@type":"ReadAction","target":["https:\/\/talkpal.ai\/az\/isvec-dilinin-qrammatikasi-m%c9%99sg%c9%99l%c9%99l%c9%99ri\/"]}]},{"@type":"ImageObject","inLanguage":"az","@id":"https:\/\/talkpal.ai\/az\/isvec-dilinin-qrammatikasi-m%c9%99sg%c9%99l%c9%99l%c9%99ri\/#primaryimage","url":"https:\/\/talkpal.ai\/wp-content\/uploads\/2023\/04\/sweden.png","contentUrl":"https:\/\/talkpal.ai\/wp-content\/uploads\/2023\/04\/sweden.png","width":512,"height":512},{"@type":"BreadcrumbList","@id":"https:\/\/talkpal.ai\/az\/isvec-dilinin-qrammatikasi-m%c9%99sg%c9%99l%c9%99l%c9%99ri\/#breadcrumb","itemListElement":[{"@type":"ListItem","position":1,"name":"Homepage","item":"https:\/\/talkpal.ai\/az\/"},{"@type":"ListItem","position":2,"name":"\u0130sve\u00e7 dilinin qrammatikas\u0131 m\u0259\u015f\u011f\u0259l\u0259l\u0259ri"}]},{"@type":"WebSite","@id":"https:\/\/talkpal.ai\/az\/#website","url":"https:\/\/talkpal.ai\/az\/","name":"Talkpal","description":"AI Language Learning","publisher":{"@id":"https:\/\/talkpal.ai\/az\/#organization"},"alternateName":"Talkpal AI","potentialAction":[{"@type":"SearchAction","target":{"@type":"EntryPoint","urlTemplate":"https:\/\/talkpal.ai\/az\/?s={search_term_string}"},"query-input":{"@type":"PropertyValueSpecification","valueRequired":true,"valueName":"search_term_string"}}],"inLanguage":"az"},{"@type":"Organization","@id":"https:\/\/talkpal.ai\/az\/#organization","name":"Talkpal, Inc.","alternateName":"Talkpal AI","url":"https:\/\/talkpal.ai\/az\/","logo":{"@type":"ImageObject","inLanguage":"az","@id":"https:\/\/talkpal.ai\/az\/#\/schema\/logo\/image\/","url":"https:\/\/talkpal.ai\/wp-content\/uploads\/2024\/03\/Talkpal-Logo-Icon.png","contentUrl":"https:\/\/talkpal.ai\/wp-content\/uploads\/2024\/03\/Talkpal-Logo-Icon.png","width":2880,"height":2880,"caption":"Talkpal, Inc."},"image":{"@id":"https:\/\/talkpal.ai\/az\/#\/schema\/logo\/image\/"},"sameAs":["https:\/\/www.facebook.com\/profile.php?id=100090733639311","https:\/\/x.com\/talkpalai","https:\/\/www.linkedin.com\/company\/talkpal\/","https:\/\/www.youtube.com\/@TalkPal\/","https:\/\/www.tiktok.com\/@talkpal","https:\/\/www.instagram.com\/talkpal_ai\/","https:\/\/www.crunchbase.com\/organization\/talkpal-9cde","https:\/\/www.g2.com\/products\/talkpal-for-business\/","https:\/\/www.trustpilot.com\/review\/talkpal.ai","https:\/\/www.capterra.com\/p\/10006800\/TalkPal\/"],"description":"Talkpal is a language learning web and mobile education app, powered by the latest AI technologies, that provides engaging experiences to its customers in many different languages to help them improve their language skills. Users can chat about unlimited amount of topics with the app and use other modes to practice their language learning.","email":"support@talkpal.ai","legalName":"Talkpal, Inc.","foundingDate":"2023-04-03","duns":"118989042","numberOfEmployees":{"@type":"QuantitativeValue","minValue":"11","maxValue":"50"},"publishingPrinciples":"https:\/\/talkpal.ai\/publishing-principles\/","actionableFeedbackPolicy":"https:\/\/talkpal.ai\/actionable-feedback-policy\/","correctionsPolicy":"https:\/\/talkpal.ai\/corrections-policy\/","ethicsPolicy":"https:\/\/talkpal.ai\/ethics-policy\/","diversityPolicy":"https:\/\/talkpal.ai\/diversity-policy\/","diversityStaffingReport":"https:\/\/talkpal.ai\/diversity-policy\/"}]}},"_links":{"self":[{"href":"https:\/\/talkpal.ai\/az\/wp-json\/wp\/v2\/pages\/133811","targetHints":{"allow":["GET"]}}],"collection":[{"href":"https:\/\/talkpal.ai\/az\/wp-json\/wp\/v2\/pages"}],"about":[{"href":"https:\/\/talkpal.ai\/az\/wp-json\/wp\/v2\/types\/page"}],"author":[{"embeddable":true,"href":"https:\/\/talkpal.ai\/az\/wp-json\/wp\/v2\/users\/6"}],"replies":[{"embeddable":true,"href":"https:\/\/talkpal.ai\/az\/wp-json\/wp\/v2\/comments?post=133811"}],"version-history":[{"count":0,"href":"https:\/\/talkpal.ai\/az\/wp-json\/wp\/v2\/pages\/133811\/revisions"}],"wp:featuredmedia":[{"embeddable":true,"href":"https:\/\/talkpal.ai\/az\/wp-json\/wp\/v2\/media\/108273"}],"wp:attachment":[{"href":"https:\/\/talkpal.ai\/az\/wp-json\/wp\/v2\/media?parent=133811"}],"curies":[{"name":"wp","href":"https:\/\/api.w.org\/{rel}","templated":true}]}}