{"id":133186,"date":"2023-06-16T09:41:10","date_gmt":"2023-06-16T09:41:10","guid":{"rendered":"http:\/\/talkpal.ai\/holland-dilinin-qrammatikasi-m%c9%99sg%c9%99l%c9%99l%c9%99ri\/"},"modified":"2025-12-17T15:28:59","modified_gmt":"2025-12-17T15:28:59","slug":"holland-dilinin-qrammatikasi-m%c9%99sg%c9%99l%c9%99l%c9%99ri","status":"publish","type":"page","link":"https:\/\/talkpal.ai\/az\/holland-dilinin-qrammatikasi-m%c9%99sg%c9%99l%c9%99l%c9%99ri\/","title":{"rendered":"Holland dilinin qrammatikas\u0131 m\u0259\u015f\u011f\u0259l\u0259l\u0259ri"},"content":{"rendered":"\r\n\r\n\r\n<section class=\"languageChallengeSection\">\r\n    <div class=\"languageInfoWrapper\">\r\n        \r\n        <h1>Holland dilinin qrammatikas\u0131 m\u0259\u015f\u011f\u0259l\u0259l\u0259ri<\/h1>\r\n        <p>Hollandiyada daha inaml\u0131 olmaq ist\u0259yirsiniz? Qrammatik m\u0259\u015fql\u0259ri m\u0259\u015fq etm\u0259k c\u00fcml\u0259 qurulu\u015funu, fel birl\u0259\u015fm\u0259l\u0259rini v\u0259 <a href=\"https:\/\/talkpal.ai\/locations\/learn-french-in-holland\/\">holland<\/a> dilinin unikal n\u00fcmun\u0259l\u0259rini m\u0259nims\u0259m\u0259k \u00fc\u00e7\u00fcn \u0259la bir yoldur. Bu g\u00fcn Holland dilinin qrammatikas\u0131 \u00fcz\u0259rind\u0259 i\u015fl\u0259m\u0259y\u0259 ba\u015flay\u0131n v\u0259 h\u0259r m\u0259\u015fql\u0259 bacar\u0131qlar\u0131n\u0131z\u0131n v\u0259 r\u0259vanl\u0131\u011f\u0131n\u0131z\u0131n b\u00f6y\u00fcm\u0259sini izl\u0259yin!\n\n<\/p>\r\n\r\n                            <a class=\"getStartedHidden\" href=\"https:\/\/app.talkpal.ai\/signup?lng=\">Ba\u015fla<\/a>\r\n        \r\n    <\/div>\r\n\r\n    <figure>\r\n    <img decoding=\"async\" width=\"768\" height=\"768\" src=\"https:\/\/talkpal.ai\/wp-content\/uploads\/2023\/06\/Dutch-768x768.png\" class=\"languageImage no-lazy\" alt=\"Developing skills through language learning\" fetchpriority=\"high\" sizes=\"(max-width: 768px) 150px, 768px\" srcset=\"https:\/\/talkpal.ai\/wp-content\/uploads\/2023\/06\/Dutch-768x768.png 768w, https:\/\/talkpal.ai\/wp-content\/uploads\/2023\/06\/Dutch-300x300.png 300w\" \/>\r\n    \r\n\r\n    <\/figure>\r\n\r\n            <a class=\"getStartedVisible\" href=\"https:\/\/app.talkpal.ai\/signup?lng=\">Ba\u015fla<\/a>\r\n    \r\n<\/section>\r\n\r\n\r\n<!-- <section class=\"grammarSection\">\r\n    <div class=\"grammarLinks\">\r\n            <\/div>\r\n<\/section> -->\r\n\r\n\r\n\r\n\r\n<section class=\"promotionalBanner\">\r\n    <p class=\"promotionalText\">Dil \u00f6yr\u0259nm\u0259yin \u0259n t\u0259sirli yolu<\/p>\r\n    <a class=\"promotionalLink\" href=\"https:\/\/app.talkpal.ai\/signup?lng=\">Talkpal pulsuz s\u0131nay\u0131n<\/a>\r\n<\/section>\n<div class=\"wp-block-group pageContainerStyle\"><div class=\"wp-block-group__inner-container is-layout-constrained wp-block-group-is-layout-constrained\">\n<h2 class=\"wp-block-heading\" id=\"h-dutch-grammar-topics\">Holland dilinin qrammatikas\u0131 m\u00f6vzular\u0131<\/h2>\n\n\n\n<p>Holland dilini <a href=\"https:\/\/talkpal.ai\/az\/oyr%c9%99nm%c9%99k\/\">\u00f6yr\u0259nm\u0259k<\/a> maraql\u0131 v\u0259 m\u00fckafatland\u0131r\u0131c\u0131 bir t\u0259cr\u00fcb\u0259 ola bil\u0259r, bel\u0259 ki, z\u0259ngin m\u0259d\u0259niyy\u0259t\u0259, tarix\u0259 qap\u0131 a\u00e7\u0131r, \u015f\u0259xsi v\u0259 pe\u015f\u0259kar inki\u015faf \u00fc\u00e7\u00fcn imkanlar a\u00e7\u0131r. \u0130ngilis v\u0259 alman dill\u0259ri il\u0259 s\u0131x ba\u011fl\u0131 olsa da, holland dilinin \u00f6z\u00fcn\u0259m\u0259xsus qrammatik qaydalar\u0131 v\u0259 qurulu\u015fu var. Bu, ilk bax\u0131\u015fdan \u00e7\u0259tin g\u00f6r\u00fcn\u0259 bil\u0259r. Lakin h\u0259sr olunma v\u0259 d\u00fczg\u00fcn yana\u015fma il\u0259 niderland dilini m\u00fck\u0259mm\u0259l \u015f\u0259kild\u0259 \u00f6yr\u0259nm\u0259k v\u0259 yerli dild\u0259 dan\u0131\u015fanlarla s\u0259lis \u00fcnsiyy\u0259t qurmaq olar. Bu b\u0259l\u0259d\u00e7id\u0259 biz b\u0259zi z\u0259ruri holland dilinin qrammatika m\u00f6vzular\u0131n\u0131 ara\u015fd\u0131raca\u011f\u0131q. Bu ard\u0131c\u0131ll\u0131qla y\u0131\u011f\u0131lm\u0131\u015f, siz\u0259 dili sistemli v\u0259 effektiv \u015f\u0259kild\u0259 \u00f6yr\u0259nm\u0259y\u0259 k\u00f6m\u0259k ed\u0259c\u0259k.<\/p>\n\n\n\n<h3 class=\"wp-block-heading\" id=\"h-1-nouns-and-articles\">1. Nounlar v\u0259 m\u0259qal\u0259l\u0259r:<\/h3>\n\n\n\n<p>Holland nouns v\u0259 onlar\u0131n cins klassifikasiyas\u0131 (\u00fcmumi v\u0259 neuter) il\u0259 tan\u0131\u015f olmaqla ba\u015flay\u0131n. Onlarla ba\u011fl\u0131 olan d\u0259qiq v\u0259 qeyri-m\u00fc\u0259yy\u0259n m\u0259qal\u0259l\u0259ri, el\u0259c\u0259 d\u0259 pl\u00fcral formalar\u0131 v\u0259 sonluqlar\u0131 \u00f6yr\u0259nin.<\/p>\n\n\n\n<h3 class=\"wp-block-heading\" id=\"h-2-adjectives\">2. Adjectives:<\/h3>\n\n\n\n<p>Sonra cinsi, say\u0131 v\u0259 m\u00fc\u0259yy\u0259n m\u0259qal\u0259l\u0259rin olmas\u0131 bax\u0131m\u0131ndan nounlarla adjective raz\u0131la\u015fma qaydalar\u0131n\u0131 \u00f6yr\u0259nin. Bu amill\u0259r\u0259 \u0259saslanaraq, adekvatl\u0131qlar\u0131n nec\u0259 inflektasiyaya m\u0259ruz qald\u0131\u011f\u0131n\u0131, m\u00fcqayis\u0259li v\u0259 superlativ formalardan istifad\u0259 etm\u0259yin yollar\u0131n\u0131 \u00f6yr\u0259nin.<\/p>\n\n\n\n<h3 class=\"wp-block-heading\" id=\"h-3-pronouns\">3. Pronouns:<\/h3>\n\n\n\n<p>\u015e\u0259xsi, sahiblik, n\u00fcmayi\u015fkar, refleksiv v\u0259 nisbi t\u0259l\u0259ff\u00fczl\u0259r d\u0259 daxil olmaqla, Holland pronouns d\u00fcnyas\u0131na dal\u0131n. Anlay\u0131n ki, onlar nounlar\u0131 nec\u0259 \u0259v\u0259z edirl\u0259r v\u0259 cins v\u0259 say bax\u0131m\u0131ndan onlarla nec\u0259 raz\u0131la\u015f\u0131rlar.<\/p>\n\n\n\n<h3 class=\"wp-block-heading\" id=\"h-4-verbs\">4. Feill\u0259r:<\/h3>\n\n\n\n<p>\u0130ndi is\u0259 bu g\u00fcn, ke\u00e7mi\u015f v\u0259 g\u0259l\u0259c\u0259k g\u0259rginlikl\u0259rd\u0259 holland feill\u0259rin\u0259 v\u0259 onlar\u0131n konyunkasiya t\u0259rzin\u0259 diqq\u0259t yetirin. G\u00fccl\u00fc, z\u0259if v\u0259 nizams\u0131z feill\u0259r aras\u0131ndak\u0131 f\u0259rqi \u00f6yr\u0259nin. M\u00fck\u0259mm\u0259l v\u0259 pl\u00fcperflik g\u0259rginlikl\u0259rin \u0259m\u0259l\u0259 g\u0259lm\u0259si qaydalar\u0131 il\u0259 tan\u0131\u015f olun.<\/p>\n\n\n\n<h3 class=\"wp-block-heading\" id=\"h-5-tenses-indicative\">5. G\u0259rginlik g\u00f6st\u0259ricisi:<\/h3>\n\n\n\n<p>Fakt v\u0259 ehtimal ifad\u0259l\u0259rind\u0259 istifad\u0259 edil\u0259n Hollandiyada indikativ \u0259hval-ruhiyy\u0259ni \u00f6yr\u0259nin. Bu \u0259hval-ruhiyy\u0259d\u0259 indiki, ke\u00e7mi\u015f v\u0259 g\u0259l\u0259c\u0259k g\u0259rginlikl\u0259rd\u0259 feli konjuqasiya etm\u0259yi, \u015f\u0259rti v\u0259 imperativ formalar\u0131 \u00f6yr\u0259nm\u0259yi \u00f6yr\u0259nin.<\/p>\n\n\n\n<h3 class=\"wp-block-heading\" id=\"h-6-tenses-subjunctive\">6. Subjunctive g\u0259rginlikl\u0259r:<\/h3>\n\n\n\n<p>M\u00fcasir holland dilind\u0259 az rast g\u0259lins\u0259 d\u0259, tabe\u00e7ilik \u0259hval-ruhiyy\u0259si k\u00f6hn\u0259 m\u0259tnl\u0259ri v\u0259 formal dili ba\u015fa d\u00fc\u015fm\u0259k \u00fc\u00e7\u00fcn z\u0259ruridir. Hollandiyada subjunktiv \u0259hval-ruhiyy\u0259ni nec\u0259 formala\u015fd\u0131rma\u011f\u0131 v\u0259 ondan n\u0259 zaman istifad\u0259 etm\u0259yi \u00f6yr\u0259nin.<\/p>\n\n\n\n<h3 class=\"wp-block-heading\" id=\"h-7-tense-comparison\">7. G\u0259rgin m\u00fcqayis\u0259:<\/h3>\n\n\n\n<p>M\u00fcxt\u0259lif g\u0259rginlikl\u0259ri ustal\u0131qla ba\u015fa d\u00fc\u015f\u0259nd\u0259n sonra onlar\u0131n aras\u0131ndak\u0131 f\u0259rql\u0259ri v\u0259 ox\u015farl\u0131qlar\u0131 anlama\u011fa diqq\u0259t yetirin. H\u0259r bir g\u0259rginlikd\u0259n kontekstd\u0259 d\u00fczg\u00fcn istifad\u0259 etm\u0259yi v\u0259 onlar\u0131n bir-biri il\u0259 nec\u0259 \u00fcnsiyy\u0259t qurma\u011f\u0131 \u00f6yr\u0259nin.<\/p>\n\n\n\n<h3 class=\"wp-block-heading\" id=\"h-8-adverbs\">8. Adverbl\u0259r:<\/h3>\n\n\n\n<p>Holland d\u00fc\u015fm\u0259nl\u0259rini v\u0259 onlar\u0131n c\u00fcml\u0259l\u0259rd\u0259 m\u00fcxt\u0259lif funksiyalar\u0131n\u0131 \u00f6yr\u0259nin. Adyvertivl\u0259rd\u0259n adverbl\u0259rin yaranmas\u0131 v\u0259 onlardan feill\u0259rin, adjectives v\u0259 dig\u0259r adverbl\u0259rin d\u0259yi\u015fdirilm\u0259si \u00fc\u00e7\u00fcn nec\u0259 istifad\u0259 etm\u0259yi \u00f6yr\u0259nin.<\/p>\n\n\n\n<h3 class=\"wp-block-heading\" id=\"h-9-prepositions\">9. Prepozisiyalar:<\/h3>\n\n\n\n<p>Holland prepozisiyalar\u0131 v\u0259 onlar\u0131n isim, t\u0259l\u0259ff\u00fcz v\u0259 feill\u0259rl\u0259 istifad\u0259 edilm\u0259si haqq\u0131nda g\u00fccl\u00fc anlay\u0131\u015f inki\u015faf etdirin. Vaxt, m\u0259kan v\u0259 dig\u0259r kontekstl\u0259rd\u0259 m\u00fcnasib\u0259tl\u0259ri nec\u0259 ifad\u0259 etdikl\u0259rini \u00f6yr\u0259n.<\/p>\n\n\n\n<h3 class=\"wp-block-heading\" id=\"h-10-sentence-structure\">10. C\u00fcml\u0259 qurulu\u015fu:<\/h3>\n\n\n\n<p>N\u0259hay\u0259t, hollandiyal\u0131 c\u00fcml\u0259 qurulu\u015funu v\u0259 s\u00f6z nizam\u0131 \u00f6yr\u0259n\u0259r\u0259k ham\u0131s\u0131n\u0131 bir araya g\u0259tirin. Sad\u0259 v\u0259 m\u00fcr\u0259kk\u0259b c\u00fcml\u0259l\u0259rin, o c\u00fcml\u0259d\u0259n deklarativ, sor\u011fu-sual, imperativ v\u0259 exclamatory c\u00fcml\u0259l\u0259rin in\u015fa edilm\u0259si qaydalar\u0131n\u0131 \u00f6yr\u0259nin.<\/p>\n\n\n\n<p>Qrammatika m\u00f6vzular\u0131n\u0131n bu ard\u0131c\u0131ll\u0131\u011f\u0131n\u0131 izl\u0259y\u0259r\u0259k v\u0259 m\u0259\u015fq etm\u0259k v\u0259 n\u0259z\u0259rd\u0259n ke\u00e7irm\u0259k \u00fc\u00e7\u00fcn vaxt ay\u0131rmaqla, siz yax\u015f\u0131 olar ki, Niderland dilini m\u00fck\u0259mm\u0259l \u015f\u0259kild\u0259 t\u0259dris etm\u0259y\u0259 yollanacaqs\u0131n\u0131z. Yadda saxla ki, yeni dil \u00f6yr\u0259nm\u0259kd\u0259 ard\u0131c\u0131ll\u0131q v\u0259 s\u0259bir \u0259sas rol oynay\u0131r. Nu\u015f olsun! S\u0259f\u0259rd\u0259n z\u00f6vq al\u0131n!<\/p>\n<\/div><\/div>\n\r\n<section class=\"learnNavigationSection\">\r\n            \r\n        <a href=\"https:\/\/talkpal.ai\/az\/holland-dilini-oyr%c9%99nin\/\">\r\n            <div class=\"learnNavigationWrapper\">\r\n                <div class=\"learnNavigationContent\">\r\n                    <img decoding=\"async\" src=\"https:\/\/talkpal.ai\/wp-content\/uploads\/2024\/08\/Dutch.jpg\" alt=\"Netherlands Flag\">\r\n                    <div>\r\n                        <h4>Holland dili \u00f6yr\u0259nm\u0259 haqq\u0131nda<\/h4>\r\n                        <p>Holland dilinin qrammatikas\u0131 haqq\u0131nda h\u0259r \u015feyi \u00f6yr\u0259nin.<\/p>\r\n                    <\/div>\r\n                <\/div>\r\n            <\/div>\r\n        <\/a>\r\n\r\n        \r\n        <a href=\"https:\/\/talkpal.ai\/az\/niderland-dili-qrammatikasi\/\">\r\n            <div class=\"learnNavigationWrapper\">\r\n                <div class=\"learnNavigationContent\">\r\n                    <img decoding=\"async\" src=\"https:\/\/talkpal.ai\/wp-content\/uploads\/2024\/08\/Dutch.jpg\" alt=\"Netherlands Flag\">\r\n                    <div>\r\n                        <h4>Hollandiya Qrammatikas\u0131 D\u0259rsl\u0259ri<\/h4>\r\n                        <p>Holland dilinin qrammatika qaydalar\u0131na \u0259m\u0259l etm\u0259k.<\/p>\r\n                    <\/div>\r\n                <\/div>\r\n            <\/div>\r\n        <\/a>\r\n\r\n        \r\n        <a href=\"https:\/\/talkpal.ai\/vocabulary_language\/dutch\/\">\r\n            <div class=\"learnNavigationWrapper\">\r\n                <div class=\"learnNavigationContent\">\r\n                    <img decoding=\"async\" src=\"https:\/\/talkpal.ai\/wp-content\/uploads\/2024\/08\/Dutch.jpg\" alt=\"Netherlands Flag\">\r\n                    <div>\r\n                        <h4>Holland l\u00fc\u011f\u0259ti<\/h4>\r\n                        <p>Holland dili l\u00fc\u011f\u0259tinizi geni\u015fl\u0259ndirin.<\/p>\r\n                    <\/div>\r\n                <\/div>\r\n            <\/div>\r\n        <\/a>\r\n\r\n            <\/section>","protected":false},"excerpt":{"rendered":"<p>Holland dilinin qrammatikas\u0131 m\u00f6vzular\u0131 Holland dilini \u00f6yr\u0259nm\u0259k maraql\u0131 v\u0259 m\u00fckafatland\u0131r\u0131c\u0131 bir t\u0259cr\u00fcb\u0259 ola bil\u0259r, bel\u0259 ki, z\u0259ngin m\u0259d\u0259niyy\u0259t\u0259, tarix\u0259 qap\u0131 a\u00e7\u0131r, \u015f\u0259xsi v\u0259 pe\u015f\u0259kar inki\u015faf \u00fc\u00e7\u00fcn imkanlar a\u00e7\u0131r. \u0130ngilis v\u0259 alman dill\u0259ri il\u0259 s\u0131x ba\u011fl\u0131 olsa da, holland dilinin \u00f6z\u00fcn\u0259m\u0259xsus qrammatik qaydalar\u0131 v\u0259 qurulu\u015fu var. Bu, ilk bax\u0131\u015fdan \u00e7\u0259tin g\u00f6r\u00fcn\u0259 bil\u0259r. Lakin h\u0259sr olunma v\u0259 [&hellip;]<\/p>\n","protected":false},"author":6,"featured_media":106302,"parent":0,"menu_order":0,"comment_status":"closed","ping_status":"closed","template":"LearningContentPage.php","meta":{"_acf_changed":false,"footnotes":""},"class_list":["post-133186","page","type-page","status-publish","has-post-thumbnail","hentry"],"acf":[],"yoast_head":"<!-- This site is optimized with the Yoast SEO Premium plugin v27.2 (Yoast SEO v27.2) - https:\/\/yoast.com\/product\/yoast-seo-premium-wordpress\/ -->\n<title>Holland dilinin qrammatikas\u0131 m\u0259\u015f\u011f\u0259l\u0259l\u0259ri - Talkpal<\/title>\n<meta name=\"description\" content=\"S\u00fcni intellektl\u0259 i\u015fl\u0259y\u0259n dil m\u00fc\u0259lliminiz Talkpal -dan interaktiv Holland dili qrammatikas\u0131 m\u0259\u015fql\u0259ri il\u0259 dil bacar\u0131qlar\u0131n\u0131z\u0131 art\u0131r\u0131n.\" \/>\n<meta name=\"robots\" content=\"index, follow, max-snippet:-1, max-image-preview:large, max-video-preview:-1\" \/>\n<link rel=\"canonical\" href=\"https:\/\/talkpal.ai\/az\/holland-dilinin-qrammatikasi-m%c9%99sg%c9%99l%c9%99l%c9%99ri\/\" \/>\n<meta property=\"og:locale\" content=\"az_AZ\" \/>\n<meta property=\"og:type\" content=\"article\" \/>\n<meta property=\"og:title\" content=\"Holland dilinin qrammatikas\u0131 m\u0259\u015f\u011f\u0259l\u0259l\u0259ri\" \/>\n<meta property=\"og:description\" content=\"Holland dilinin qrammatikas\u0131 m\u00f6vzular\u0131 Holland dilini \u00f6yr\u0259nm\u0259k maraql\u0131 v\u0259 m\u00fckafatland\u0131r\u0131c\u0131 bir t\u0259cr\u00fcb\u0259 ola bil\u0259r, bel\u0259 ki, z\u0259ngin m\u0259d\u0259niyy\u0259t\u0259, tarix\u0259 qap\u0131\" \/>\n<meta property=\"og:url\" content=\"https:\/\/talkpal.ai\/az\/holland-dilinin-qrammatikasi-m%c9%99sg%c9%99l%c9%99l%c9%99ri\/\" \/>\n<meta property=\"og:site_name\" content=\"Talkpal\" \/>\n<meta property=\"article:publisher\" content=\"https:\/\/www.facebook.com\/profile.php?id=100090733639311\" \/>\n<meta property=\"article:modified_time\" content=\"2025-12-17T15:28:59+00:00\" \/>\n<meta property=\"og:image\" content=\"https:\/\/talkpal.ai\/wp-content\/uploads\/2023\/04\/netherlands-dutch.png\" \/>\n\t<meta property=\"og:image:width\" content=\"512\" \/>\n\t<meta property=\"og:image:height\" content=\"512\" \/>\n\t<meta property=\"og:image:type\" content=\"image\/png\" \/>\n<meta name=\"twitter:card\" content=\"summary_large_image\" \/>\n<meta name=\"twitter:site\" content=\"@talkpalai\" \/>\n<meta name=\"twitter:label1\" content=\"Est. reading time\" \/>\n\t<meta name=\"twitter:data1\" content=\"4 minutes\" \/>\n<script type=\"application\/ld+json\" class=\"yoast-schema-graph\">{\"@context\":\"https:\/\/schema.org\",\"@graph\":[{\"@type\":\"WebPage\",\"@id\":\"https:\/\/talkpal.ai\/az\/holland-dilinin-qrammatikasi-m%c9%99sg%c9%99l%c9%99l%c9%99ri\/\",\"url\":\"https:\/\/talkpal.ai\/az\/holland-dilinin-qrammatikasi-m%c9%99sg%c9%99l%c9%99l%c9%99ri\/\",\"name\":\"Holland dilinin qrammatikas\u0131 m\u0259\u015f\u011f\u0259l\u0259l\u0259ri - Talkpal\",\"isPartOf\":{\"@id\":\"https:\/\/talkpal.ai\/az\/#website\"},\"primaryImageOfPage\":{\"@id\":\"https:\/\/talkpal.ai\/az\/holland-dilinin-qrammatikasi-m%c9%99sg%c9%99l%c9%99l%c9%99ri\/#primaryimage\"},\"image\":{\"@id\":\"https:\/\/talkpal.ai\/az\/holland-dilinin-qrammatikasi-m%c9%99sg%c9%99l%c9%99l%c9%99ri\/#primaryimage\"},\"thumbnailUrl\":\"https:\/\/talkpal.ai\/wp-content\/uploads\/2023\/04\/netherlands-dutch.png\",\"datePublished\":\"2023-06-16T09:41:10+00:00\",\"dateModified\":\"2025-12-17T15:28:59+00:00\",\"description\":\"S\u00fcni intellektl\u0259 i\u015fl\u0259y\u0259n dil m\u00fc\u0259lliminiz Talkpal -dan interaktiv Holland dili qrammatikas\u0131 m\u0259\u015fql\u0259ri il\u0259 dil bacar\u0131qlar\u0131n\u0131z\u0131 art\u0131r\u0131n.\",\"breadcrumb\":{\"@id\":\"https:\/\/talkpal.ai\/az\/holland-dilinin-qrammatikasi-m%c9%99sg%c9%99l%c9%99l%c9%99ri\/#breadcrumb\"},\"inLanguage\":\"az\",\"potentialAction\":[{\"@type\":\"ReadAction\",\"target\":[\"https:\/\/talkpal.ai\/az\/holland-dilinin-qrammatikasi-m%c9%99sg%c9%99l%c9%99l%c9%99ri\/\"]}]},{\"@type\":\"ImageObject\",\"inLanguage\":\"az\",\"@id\":\"https:\/\/talkpal.ai\/az\/holland-dilinin-qrammatikasi-m%c9%99sg%c9%99l%c9%99l%c9%99ri\/#primaryimage\",\"url\":\"https:\/\/talkpal.ai\/wp-content\/uploads\/2023\/04\/netherlands-dutch.png\",\"contentUrl\":\"https:\/\/talkpal.ai\/wp-content\/uploads\/2023\/04\/netherlands-dutch.png\",\"width\":512,\"height\":512},{\"@type\":\"BreadcrumbList\",\"@id\":\"https:\/\/talkpal.ai\/az\/holland-dilinin-qrammatikasi-m%c9%99sg%c9%99l%c9%99l%c9%99ri\/#breadcrumb\",\"itemListElement\":[{\"@type\":\"ListItem\",\"position\":1,\"name\":\"Homepage\",\"item\":\"https:\/\/talkpal.ai\/az\/\"},{\"@type\":\"ListItem\",\"position\":2,\"name\":\"Holland dilinin qrammatikas\u0131 m\u0259\u015f\u011f\u0259l\u0259l\u0259ri\"}]},{\"@type\":\"WebSite\",\"@id\":\"https:\/\/talkpal.ai\/az\/#website\",\"url\":\"https:\/\/talkpal.ai\/az\/\",\"name\":\"Talkpal\",\"description\":\"AI Language Learning\",\"publisher\":{\"@id\":\"https:\/\/talkpal.ai\/az\/#organization\"},\"alternateName\":\"Talkpal AI\",\"potentialAction\":[{\"@type\":\"SearchAction\",\"target\":{\"@type\":\"EntryPoint\",\"urlTemplate\":\"https:\/\/talkpal.ai\/az\/?s={search_term_string}\"},\"query-input\":{\"@type\":\"PropertyValueSpecification\",\"valueRequired\":true,\"valueName\":\"search_term_string\"}}],\"inLanguage\":\"az\"},{\"@type\":\"Organization\",\"@id\":\"https:\/\/talkpal.ai\/az\/#organization\",\"name\":\"Talkpal, Inc.\",\"alternateName\":\"Talkpal AI\",\"url\":\"https:\/\/talkpal.ai\/az\/\",\"logo\":{\"@type\":\"ImageObject\",\"inLanguage\":\"az\",\"@id\":\"https:\/\/talkpal.ai\/az\/#\/schema\/logo\/image\/\",\"url\":\"https:\/\/talkpal.ai\/wp-content\/uploads\/2024\/03\/Talkpal-Logo-Icon.png\",\"contentUrl\":\"https:\/\/talkpal.ai\/wp-content\/uploads\/2024\/03\/Talkpal-Logo-Icon.png\",\"width\":2880,\"height\":2880,\"caption\":\"Talkpal, Inc.\"},\"image\":{\"@id\":\"https:\/\/talkpal.ai\/az\/#\/schema\/logo\/image\/\"},\"sameAs\":[\"https:\/\/www.facebook.com\/profile.php?id=100090733639311\",\"https:\/\/x.com\/talkpalai\",\"https:\/\/www.linkedin.com\/company\/talkpal\/\",\"https:\/\/www.youtube.com\/@TalkPal\/\",\"https:\/\/www.tiktok.com\/@talkpal\",\"https:\/\/www.instagram.com\/talkpal_ai\/\",\"https:\/\/www.crunchbase.com\/organization\/talkpal-9cde\",\"https:\/\/www.g2.com\/products\/talkpal-for-business\/\",\"https:\/\/www.trustpilot.com\/review\/talkpal.ai\",\"https:\/\/www.capterra.com\/p\/10006800\/TalkPal\/\"],\"description\":\"Talkpal is a language learning web and mobile education app, powered by the latest AI technologies, that provides engaging experiences to its customers in many different languages to help them improve their language skills. Users can chat about unlimited amount of topics with the app and use other modes to practice their language learning.\",\"email\":\"support@talkpal.ai\",\"legalName\":\"Talkpal, Inc.\",\"foundingDate\":\"2023-04-03\",\"duns\":\"118989042\",\"numberOfEmployees\":{\"@type\":\"QuantitativeValue\",\"minValue\":\"11\",\"maxValue\":\"50\"},\"publishingPrinciples\":\"https:\/\/talkpal.ai\/publishing-principles\/\",\"actionableFeedbackPolicy\":\"https:\/\/talkpal.ai\/actionable-feedback-policy\/\",\"correctionsPolicy\":\"https:\/\/talkpal.ai\/corrections-policy\/\",\"ethicsPolicy\":\"https:\/\/talkpal.ai\/ethics-policy\/\",\"diversityPolicy\":\"https:\/\/talkpal.ai\/diversity-policy\/\",\"diversityStaffingReport\":\"https:\/\/talkpal.ai\/diversity-policy\/\"}]}<\/script>\n<!-- \/ Yoast SEO Premium plugin. -->","yoast_head_json":{"title":"Holland dilinin qrammatikas\u0131 m\u0259\u015f\u011f\u0259l\u0259l\u0259ri - Talkpal","description":"S\u00fcni intellektl\u0259 i\u015fl\u0259y\u0259n dil m\u00fc\u0259lliminiz Talkpal -dan interaktiv Holland dili qrammatikas\u0131 m\u0259\u015fql\u0259ri il\u0259 dil bacar\u0131qlar\u0131n\u0131z\u0131 art\u0131r\u0131n.","robots":{"index":"index","follow":"follow","max-snippet":"max-snippet:-1","max-image-preview":"max-image-preview:large","max-video-preview":"max-video-preview:-1"},"canonical":"https:\/\/talkpal.ai\/az\/holland-dilinin-qrammatikasi-m%c9%99sg%c9%99l%c9%99l%c9%99ri\/","og_locale":"az_AZ","og_type":"article","og_title":"Holland dilinin qrammatikas\u0131 m\u0259\u015f\u011f\u0259l\u0259l\u0259ri","og_description":"Holland dilinin qrammatikas\u0131 m\u00f6vzular\u0131 Holland dilini \u00f6yr\u0259nm\u0259k maraql\u0131 v\u0259 m\u00fckafatland\u0131r\u0131c\u0131 bir t\u0259cr\u00fcb\u0259 ola bil\u0259r, bel\u0259 ki, z\u0259ngin m\u0259d\u0259niyy\u0259t\u0259, tarix\u0259 qap\u0131","og_url":"https:\/\/talkpal.ai\/az\/holland-dilinin-qrammatikasi-m%c9%99sg%c9%99l%c9%99l%c9%99ri\/","og_site_name":"Talkpal","article_publisher":"https:\/\/www.facebook.com\/profile.php?id=100090733639311","article_modified_time":"2025-12-17T15:28:59+00:00","og_image":[{"width":512,"height":512,"url":"https:\/\/talkpal.ai\/wp-content\/uploads\/2023\/04\/netherlands-dutch.png","type":"image\/png"}],"twitter_card":"summary_large_image","twitter_site":"@talkpalai","twitter_misc":{"Est. reading time":"4 minutes"},"schema":{"@context":"https:\/\/schema.org","@graph":[{"@type":"WebPage","@id":"https:\/\/talkpal.ai\/az\/holland-dilinin-qrammatikasi-m%c9%99sg%c9%99l%c9%99l%c9%99ri\/","url":"https:\/\/talkpal.ai\/az\/holland-dilinin-qrammatikasi-m%c9%99sg%c9%99l%c9%99l%c9%99ri\/","name":"Holland dilinin qrammatikas\u0131 m\u0259\u015f\u011f\u0259l\u0259l\u0259ri - Talkpal","isPartOf":{"@id":"https:\/\/talkpal.ai\/az\/#website"},"primaryImageOfPage":{"@id":"https:\/\/talkpal.ai\/az\/holland-dilinin-qrammatikasi-m%c9%99sg%c9%99l%c9%99l%c9%99ri\/#primaryimage"},"image":{"@id":"https:\/\/talkpal.ai\/az\/holland-dilinin-qrammatikasi-m%c9%99sg%c9%99l%c9%99l%c9%99ri\/#primaryimage"},"thumbnailUrl":"https:\/\/talkpal.ai\/wp-content\/uploads\/2023\/04\/netherlands-dutch.png","datePublished":"2023-06-16T09:41:10+00:00","dateModified":"2025-12-17T15:28:59+00:00","description":"S\u00fcni intellektl\u0259 i\u015fl\u0259y\u0259n dil m\u00fc\u0259lliminiz Talkpal -dan interaktiv Holland dili qrammatikas\u0131 m\u0259\u015fql\u0259ri il\u0259 dil bacar\u0131qlar\u0131n\u0131z\u0131 art\u0131r\u0131n.","breadcrumb":{"@id":"https:\/\/talkpal.ai\/az\/holland-dilinin-qrammatikasi-m%c9%99sg%c9%99l%c9%99l%c9%99ri\/#breadcrumb"},"inLanguage":"az","potentialAction":[{"@type":"ReadAction","target":["https:\/\/talkpal.ai\/az\/holland-dilinin-qrammatikasi-m%c9%99sg%c9%99l%c9%99l%c9%99ri\/"]}]},{"@type":"ImageObject","inLanguage":"az","@id":"https:\/\/talkpal.ai\/az\/holland-dilinin-qrammatikasi-m%c9%99sg%c9%99l%c9%99l%c9%99ri\/#primaryimage","url":"https:\/\/talkpal.ai\/wp-content\/uploads\/2023\/04\/netherlands-dutch.png","contentUrl":"https:\/\/talkpal.ai\/wp-content\/uploads\/2023\/04\/netherlands-dutch.png","width":512,"height":512},{"@type":"BreadcrumbList","@id":"https:\/\/talkpal.ai\/az\/holland-dilinin-qrammatikasi-m%c9%99sg%c9%99l%c9%99l%c9%99ri\/#breadcrumb","itemListElement":[{"@type":"ListItem","position":1,"name":"Homepage","item":"https:\/\/talkpal.ai\/az\/"},{"@type":"ListItem","position":2,"name":"Holland dilinin qrammatikas\u0131 m\u0259\u015f\u011f\u0259l\u0259l\u0259ri"}]},{"@type":"WebSite","@id":"https:\/\/talkpal.ai\/az\/#website","url":"https:\/\/talkpal.ai\/az\/","name":"Talkpal","description":"AI Language Learning","publisher":{"@id":"https:\/\/talkpal.ai\/az\/#organization"},"alternateName":"Talkpal AI","potentialAction":[{"@type":"SearchAction","target":{"@type":"EntryPoint","urlTemplate":"https:\/\/talkpal.ai\/az\/?s={search_term_string}"},"query-input":{"@type":"PropertyValueSpecification","valueRequired":true,"valueName":"search_term_string"}}],"inLanguage":"az"},{"@type":"Organization","@id":"https:\/\/talkpal.ai\/az\/#organization","name":"Talkpal, Inc.","alternateName":"Talkpal AI","url":"https:\/\/talkpal.ai\/az\/","logo":{"@type":"ImageObject","inLanguage":"az","@id":"https:\/\/talkpal.ai\/az\/#\/schema\/logo\/image\/","url":"https:\/\/talkpal.ai\/wp-content\/uploads\/2024\/03\/Talkpal-Logo-Icon.png","contentUrl":"https:\/\/talkpal.ai\/wp-content\/uploads\/2024\/03\/Talkpal-Logo-Icon.png","width":2880,"height":2880,"caption":"Talkpal, Inc."},"image":{"@id":"https:\/\/talkpal.ai\/az\/#\/schema\/logo\/image\/"},"sameAs":["https:\/\/www.facebook.com\/profile.php?id=100090733639311","https:\/\/x.com\/talkpalai","https:\/\/www.linkedin.com\/company\/talkpal\/","https:\/\/www.youtube.com\/@TalkPal\/","https:\/\/www.tiktok.com\/@talkpal","https:\/\/www.instagram.com\/talkpal_ai\/","https:\/\/www.crunchbase.com\/organization\/talkpal-9cde","https:\/\/www.g2.com\/products\/talkpal-for-business\/","https:\/\/www.trustpilot.com\/review\/talkpal.ai","https:\/\/www.capterra.com\/p\/10006800\/TalkPal\/"],"description":"Talkpal is a language learning web and mobile education app, powered by the latest AI technologies, that provides engaging experiences to its customers in many different languages to help them improve their language skills. Users can chat about unlimited amount of topics with the app and use other modes to practice their language learning.","email":"support@talkpal.ai","legalName":"Talkpal, Inc.","foundingDate":"2023-04-03","duns":"118989042","numberOfEmployees":{"@type":"QuantitativeValue","minValue":"11","maxValue":"50"},"publishingPrinciples":"https:\/\/talkpal.ai\/publishing-principles\/","actionableFeedbackPolicy":"https:\/\/talkpal.ai\/actionable-feedback-policy\/","correctionsPolicy":"https:\/\/talkpal.ai\/corrections-policy\/","ethicsPolicy":"https:\/\/talkpal.ai\/ethics-policy\/","diversityPolicy":"https:\/\/talkpal.ai\/diversity-policy\/","diversityStaffingReport":"https:\/\/talkpal.ai\/diversity-policy\/"}]}},"_links":{"self":[{"href":"https:\/\/talkpal.ai\/az\/wp-json\/wp\/v2\/pages\/133186","targetHints":{"allow":["GET"]}}],"collection":[{"href":"https:\/\/talkpal.ai\/az\/wp-json\/wp\/v2\/pages"}],"about":[{"href":"https:\/\/talkpal.ai\/az\/wp-json\/wp\/v2\/types\/page"}],"author":[{"embeddable":true,"href":"https:\/\/talkpal.ai\/az\/wp-json\/wp\/v2\/users\/6"}],"replies":[{"embeddable":true,"href":"https:\/\/talkpal.ai\/az\/wp-json\/wp\/v2\/comments?post=133186"}],"version-history":[{"count":0,"href":"https:\/\/talkpal.ai\/az\/wp-json\/wp\/v2\/pages\/133186\/revisions"}],"wp:featuredmedia":[{"embeddable":true,"href":"https:\/\/talkpal.ai\/az\/wp-json\/wp\/v2\/media\/106302"}],"wp:attachment":[{"href":"https:\/\/talkpal.ai\/az\/wp-json\/wp\/v2\/media?parent=133186"}],"curies":[{"name":"wp","href":"https:\/\/api.w.org\/{rel}","templated":true}]}}