{"id":132046,"date":"2023-06-16T09:14:18","date_gmt":"2023-06-16T09:14:18","guid":{"rendered":"http:\/\/talkpal.ai\/alman-dilinin-qrammatika-m%c9%99sg%c9%99l%c9%99l%c9%99ri\/"},"modified":"2025-12-17T16:12:51","modified_gmt":"2025-12-17T16:12:51","slug":"alman-dilinin-qrammatika-m%c9%99sg%c9%99l%c9%99l%c9%99ri","status":"publish","type":"page","link":"https:\/\/talkpal.ai\/az\/alman-dilinin-qrammatika-m%c9%99sg%c9%99l%c9%99l%c9%99ri\/","title":{"rendered":"Alman dilinin qrammatika m\u0259\u015f\u011f\u0259l\u0259l\u0259ri"},"content":{"rendered":"\r\n\r\n\r\n<section class=\"languageChallengeSection\">\r\n    <div class=\"languageInfoWrapper\">\r\n        \r\n        <h1>Alman dilinin qrammatika m\u0259\u015f\u011f\u0259l\u0259l\u0259ri<\/h1>\r\n        <p><a href=\"https:\/\/talkpal.ai\/learn-german\/\">Alman<\/a> dilinin qrammatikas\u0131n\u0131 g\u00fccl\u0259ndirm\u0259y\u0259 haz\u0131rs\u0131n\u0131z? Qrammatik m\u0259\u015f\u011f\u0259l\u0259l\u0259r <a href=\"https:\/\/talkpal.ai\/learn-german\/\">alman<\/a> dilini m\u0259nims\u0259m\u0259yin m\u00fck\u0259mm\u0259l yoludur. Bu g\u00fcn onun \u00fcz\u0259rind\u0259 i\u015fl\u0259m\u0259y\u0259 ba\u015flay\u0131n v\u0259 h\u0259r m\u0259\u015fql\u0259 inam\u0131n\u0131z\u0131n v\u0259 r\u0259vanl\u0131\u011f\u0131n\u0131z\u0131n artd\u0131\u011f\u0131n\u0131 g\u00f6r\u00fcn!\n\n<\/p>\r\n\r\n                            <a class=\"getStartedHidden\" href=\"https:\/\/app.talkpal.ai\/signup?lng=\">Ba\u015fla<\/a>\r\n        \r\n    <\/div>\r\n\r\n    <figure>\r\n    <img decoding=\"async\" width=\"768\" height=\"768\" src=\"https:\/\/talkpal.ai\/wp-content\/uploads\/2023\/06\/german-768x768.png\" class=\"languageImage no-lazy\" alt=\"Language learning for global networking\" fetchpriority=\"high\" sizes=\"(max-width: 768px) 150px, 768px\" srcset=\"https:\/\/talkpal.ai\/wp-content\/uploads\/2023\/06\/german-768x768.png 768w, https:\/\/talkpal.ai\/wp-content\/uploads\/2023\/06\/german-300x300.png 300w\" \/>\r\n    \r\n\r\n    <\/figure>\r\n\r\n            <a class=\"getStartedVisible\" href=\"https:\/\/app.talkpal.ai\/signup?lng=\">Ba\u015fla<\/a>\r\n    \r\n<\/section>\r\n\r\n\r\n<!-- <section class=\"grammarSection\">\r\n    <div class=\"grammarLinks\">\r\n            <\/div>\r\n<\/section> -->\r\n\r\n\r\n\r\n\r\n<section class=\"promotionalBanner\">\r\n    <p class=\"promotionalText\">Dil \u00f6yr\u0259nm\u0259yin \u0259n t\u0259sirli yolu<\/p>\r\n    <a class=\"promotionalLink\" href=\"https:\/\/app.talkpal.ai\/signup?lng=\">Talkpal pulsuz s\u0131nay\u0131n<\/a>\r\n<\/section>\n<div class=\"wp-block-group pageContainerStyle\"><div class=\"wp-block-group__inner-container is-layout-constrained wp-block-group-is-layout-constrained\">\n<h2 class=\"wp-block-heading\" id=\"h-german-grammar-topics\">Alman dilinin qrammatikas\u0131 m\u00f6vzular\u0131<\/h2>\n\n\n\n<p>Yeni <a href=\"https:\/\/talkpal.ai\/az\/talkpal-chat-vasit%c9%99sil%c9%99-dil-oyr%c9%99nm%c9%99k-ucun-nec%c9%99\/\">dil \u00f6yr\u0259nm\u0259k<\/a> qorxulu i\u015f ola bil\u0259r, lakin d\u00fczg\u00fcn yana\u015fma il\u0259 bu, maraql\u0131 v\u0259 m\u00fckafatland\u0131r\u0131c\u0131 hadis\u0259 ola bil\u0259r. <a href=\"https:\/\/talkpal.ai\/az\/alman-dili-sertifikatlari\/\">Alman dili<\/a> y\u00fcks\u0259k strukturlu v\u0259 m\u0259ntiqi dildir. Onun qrammatik qaydalar\u0131n\u0131 <a href=\"https:\/\/talkpal.ai\/locations\/learn-english-in-aydin\/\">ayd\u0131n<\/a> ba\u015fa d\u00fc\u015f\u00fcrs\u00fcn\u00fczs\u0259, \u00f6yr\u0259nm\u0259yi asanla\u015fd\u0131r\u0131r. Bu b\u0259l\u0259d\u00e7i <a href=\"https:\/\/talkpal.ai\/german-grammar\/\">alman dilinin qrammatikas\u0131<\/a> il\u0259 ba\u011fl\u0131 \u0259sas m\u0259qamlar\u0131 ba\u015fa d\u00fc\u015fm\u0259y\u0259 k\u00f6m\u0259k ed\u0259c\u0259k. M\u0259s\u0259l\u0259n, g\u0259rgin, feil, isim v\u0259 m\u0259qal\u0259, t\u0259l\u0259ff\u00fcz, adgektiv, deleksiya, adverb, prepozisiya, c\u00fcml\u0259 qurulu\u015fu. Bu ard\u0131c\u0131ll\u0131\u011fa riay\u0259t etm\u0259kl\u0259 siz <a href=\"https:\/\/talkpal.ai\/az\/alman-dili-sertifikatlari\/\">alman dili<\/a> \u00f6yr\u0259nm\u0259 s\u0259yah\u0259tinizd\u0259 s\u0259m\u0259r\u0259li v\u0259 s\u0259m\u0259r\u0259li \u015f\u0259kild\u0259 inki\u015faf ed\u0259 bil\u0259c\u0259ksiniz.<\/p>\n\n\n\n<h3 class=\"wp-block-heading\" id=\"h-1-nouns-and-articles\">1. Nounlar v\u0259 m\u0259qal\u0259l\u0259r:<\/h3>\n\n\n\n<p>\u018fvv\u0259lc\u0259 alman nounlar\u0131n\u0131n \u0259saslar\u0131n\u0131 v\u0259 onlar\u0131n m\u00fc\u015fayi\u0259t etdiyi m\u0259qal\u0259l\u0259ri \u00f6yr\u0259n. Alman dilind\u0259 \u00fc\u00e7 cins (ki\u015fi cinsi, femin v\u0259 neytrin) v\u0259 d\u00f6rd hal (nominativ, ittihamedici, dativ v\u0259 genitiv) vard\u0131r. Bu qaydalar\u0131 ba\u015fa d\u00fc\u015fm\u0259k siz\u0259 h\u0259r bir noun \u00fc\u00e7\u00fcn d\u00fczg\u00fcn m\u0259qal\u0259ni m\u00fc\u0259yy\u0259n etm\u0259kd\u0259 v\u0259 alman <a href=\"https:\/\/talkpal.ai\/az\/assam-dilinin-qrammatika-m%c9%99sql%c9%99ri\/\">dilinin qrammatika<\/a> biliyinin \u0259sas\u0131n\u0131 qoyma\u011fa k\u00f6m\u0259k ed\u0259c\u0259k.<\/p>\n\n\n\n<h3 class=\"wp-block-heading\" id=\"h-2-pronouns\">2. Pronouns:<\/h3>\n\n\n\n<p>Pronouns bir c\u00fcml\u0259d\u0259 nounlar\u0131 \u0259v\u0259z edir v\u0259 cinsind\u0259n, say\u0131ndan v\u0259 hal\u0131ndan as\u0131l\u0131 olaraq m\u00fcxt\u0259lif formalara malikdirl\u0259r. Daha m\u00fcr\u0259kk\u0259b c\u00fcml\u0259l\u0259r yaratmaq v\u0259 fikirl\u0259rinizi daha d\u0259qiq ifad\u0259 etm\u0259k \u00fc\u00e7\u00fcn \u00f6z\u00fcn\u00fcz\u00fc \u015f\u0259xsi, sahibsiz, refleksiv v\u0259 nisbi t\u0259l\u0259ff\u00fcz kimi alman pronounlar\u0131 il\u0259 tan\u0131\u015f edin.<\/p>\n\n\n\n<h3 class=\"wp-block-heading\" id=\"h-3-verbs\">3. Feill\u0259r:<\/h3>\n\n\n\n<p>Fell\u0259r h\u0259r\u0259k\u0259t v\u0259 \u015ftamm\u0131 ifad\u0259 ed\u0259rk\u0259n c\u00fcml\u0259l\u0259rin \u0259m\u0259l\u0259 g\u0259lm\u0259si \u00fc\u00e7\u00fcn olduqca vacibdir. Hal-haz\u0131rda, ke\u00e7mi\u015f v\u0259 g\u0259l\u0259c\u0259k g\u0259rginlikl\u0259rd\u0259 onlar\u0131n konyuqasiyalar\u0131 il\u0259 yana\u015f\u0131, m\u00fcnt\u0259z\u0259m, nizams\u0131z, modal v\u0259 refleksiv feill\u0259rin m\u00fcxt\u0259lif n\u00f6vl\u0259rini \u00f6yr\u0259nin. Bu, m\u00fcxt\u0259lif v\u0259ziyy\u0259tl\u0259rd\u0259 effektiv \u00fcnsiyy\u0259t qurma\u011fa k\u00f6m\u0259k ed\u0259c\u0259k.<\/p>\n\n\n\n<h3 class=\"wp-block-heading\" id=\"h-4-tenses\">4. G\u0259rginlikl\u0259r:<\/h3>\n\n\n\n<p>G\u0259rginlikl\u0259r h\u0259r\u0259k\u0259tin ba\u015f verdiyi vaxt\u0131 g\u00f6st\u0259rir. Alman dilind\u0259 6 g\u0259rginlik var: indiki, sad\u0259 ke\u00e7mi\u015f, indiki m\u00fck\u0259mm\u0259l, ke\u00e7mi\u015f m\u00fck\u0259mm\u0259l, g\u0259l\u0259c\u0259k v\u0259 g\u0259l\u0259c\u0259k m\u00fck\u0259mm\u0259l. Bu g\u0259rginlikl\u0259rin qaydalar\u0131n\u0131 v\u0259 istifad\u0259 qaydalar\u0131n\u0131 anlamaq, \u00f6z\u00fcn\u00fcz\u00fc ayd\u0131n v\u0259 d\u0259qiq ifad\u0259 etm\u0259y\u0259 k\u00f6m\u0259k ed\u0259c\u0259k.<\/p>\n\n\n\n<h3 class=\"wp-block-heading\" id=\"h-5-adjectives\">5. Adjectives:<\/h3>\n\n\n\n<p>Adjectives nouns v\u0259 pronouns keyfiyy\u0259tl\u0259rini t\u0259svir edir v\u0259 onlar\u0131n d\u0259yi\u015fdirdikl\u0259ri noun il\u0259 cins, say\u0131 v\u0259 hal il\u0259 raz\u0131la\u015f\u0131r. Adjective aldad\u0131c\u0131l\u0131\u011f\u0131, el\u0259c\u0259 d\u0259 m\u00fcqayis\u0259li v\u0259 superlative formalar\u0131n qaydalar\u0131n\u0131 \u00f6yr\u0259nin. T\u0259svirl\u0259rinizi art\u0131rmaq v\u0259 nitqinizi daha r\u0259ngar\u0259ng etm\u0259k \u00fc\u00e7\u00fcn.<\/p>\n\n\n\n<h3 class=\"wp-block-heading\" id=\"h-6-declension\">6. Deklenziya:<\/h3>\n\n\n\n<p>Declension \u2013 c\u00fcml\u0259d\u0259 \u00f6z qrammatik funksiyas\u0131n\u0131 g\u00f6st\u0259rm\u0259k \u00fc\u00e7\u00fcn noun, pronoun v\u0259 adjectives d\u0259yi\u015f\u0259n prosesi. \u00d6z\u00fcn\u00fcz\u00fc d\u00f6rd alman hal\u0131 v\u0259 onlar\u0131n s\u00f6zl\u0259rin sonluqlar\u0131na nec\u0259 t\u0259sir etm\u0259si il\u0259 tan\u0131\u015f edin. Qrammatik c\u0259h\u0259td\u0259n d\u00fczg\u00fcn c\u00fcml\u0259l\u0259r qurma\u011f\u0131n\u0131za imkan yaradacaq.<\/p>\n\n\n\n<h3 class=\"wp-block-heading\" id=\"h-7-adverbs\">7. Adverbl\u0259r:<\/h3>\n\n\n\n<p>Adverbs feill\u0259r, adjectives v\u0259 ya dig\u0259r adverbl\u0259r haqq\u0131nda \u0259lav\u0259 m\u0259lumat verir. Alman reklamlar\u0131n\u0131n m\u00fcxt\u0259lif n\u00f6vl\u0259rini, m\u0259s\u0259l\u0259n, vaxt, davran\u0131\u015f v\u0259 yeri g\u00f6st\u0259r\u0259nl\u0259ri \u00f6yr\u0259nin. Onlardan m\u0259har\u0259tl\u0259 istifad\u0259 ed\u0259r\u0259k nitqiniz\u0259 n\u00fcans v\u0259 d\u0259qiqlik qatma\u011f\u0131 \u00f6yr\u0259nin.<\/p>\n\n\n\n<h3 class=\"wp-block-heading\" id=\"h-8-prepositions\">8. Prepozisiyalar:<\/h3>\n\n\n\n<p>Prepozisiyalar c\u00fcml\u0259d\u0259 noun v\u0259 ya pronouns v\u0259 dig\u0259r elementl\u0259r aras\u0131ndak\u0131 \u0259laq\u0259ni g\u00f6st\u0259rm\u0259k \u00fc\u00e7\u00fcn istifad\u0259 olunur. C\u00fcml\u0259l\u0259rin nec\u0259 tikil\u0259r\u0259k daha yax\u015f\u0131 anla\u015f\u0131lmas\u0131 \u00fc\u00e7\u00fcn m\u00fcxt\u0259lif alman prepozisiyalar\u0131n\u0131 v\u0259 onlar\u0131n istifad\u0259sini m\u00fcxt\u0259lif hallarda ara\u015fd\u0131r\u0131n.<\/p>\n\n\n\n<h3 class=\"wp-block-heading\" id=\"h-9-sentence-structure\">9. C\u00fcml\u0259 qurulu\u015fu:<\/h3>\n\n\n\n<p>Son olaraq alman c\u00fcml\u0259 qurulu\u015fu il\u0259 tan\u0131\u015f olun. S\u00f6z s\u0131ras\u0131, tabelik \u00e7\u0259r\u00e7iv\u0259l\u0259ri v\u0259 konyunkturalar. Bu qaydalar\u0131 ba\u015fa d\u00fc\u015fm\u0259k siz\u0259 bir-birin\u0259 ba\u011fl\u0131 v\u0259 yax\u015f\u0131 qurulu\u015flu c\u00fcml\u0259l\u0259r yaratma\u011fa k\u00f6m\u0259k ed\u0259c\u0259k, fikirl\u0259rinizi alman dilind\u0259 ayd\u0131n v\u0259 effektiv \u015f\u0259kild\u0259 ifad\u0259 etm\u0259y\u0259 imkan ver\u0259c\u0259k.<\/p>\n<\/div><\/div>\n\r\n<section class=\"learnNavigationSection\">\r\n            \r\n        <a href=\"https:\/\/talkpal.ai\/az\/alman-dilini-oyr%c9%99nin\/\">\r\n            <div class=\"learnNavigationWrapper\">\r\n                <div class=\"learnNavigationContent\">\r\n                    <img decoding=\"async\" src=\"https:\/\/talkpal.ai\/wp-content\/uploads\/2024\/08\/German.jpg\" alt=\"German Flag\">\r\n                    <div>\r\n                        <h4>Alman dili \u00f6yr\u0259nm\u0259 haqq\u0131nda<\/h4>\r\n                        <p>Alman dilinin qrammatikas\u0131 haqq\u0131nda h\u0259r \u015feyi \u00f6yr\u0259nin .<\/p>\r\n                    <\/div>\r\n                <\/div>\r\n            <\/div>\r\n        <\/a>\r\n\r\n        \r\n        <a href=\"https:\/\/talkpal.ai\/az\/alman-dilinin-qrammatikasi\/\">\r\n            <div class=\"learnNavigationWrapper\">\r\n                <div class=\"learnNavigationContent\">\r\n                    <img decoding=\"async\" src=\"https:\/\/talkpal.ai\/wp-content\/uploads\/2024\/08\/German.jpg\" alt=\"German Flag\">\r\n                    <div>\r\n                        <h4>Alman dilinin qrammatikas\u0131 d\u0259rsl\u0259ri<\/h4>\r\n                        <p>Alman dilinin qrammatika qaydalar\u0131na \u0259m\u0259l etm\u0259k.<\/p>\r\n                    <\/div>\r\n                <\/div>\r\n            <\/div>\r\n        <\/a>\r\n\r\n        \r\n        <a href=\"https:\/\/talkpal.ai\/vocabulary_language\/german\/\">\r\n            <div class=\"learnNavigationWrapper\">\r\n                <div class=\"learnNavigationContent\">\r\n                    <img decoding=\"async\" src=\"https:\/\/talkpal.ai\/wp-content\/uploads\/2024\/08\/German.jpg\" alt=\"German Flag\">\r\n                    <div>\r\n                        <h4>Alman l\u00fc\u011f\u0259ti<\/h4>\r\n                        <p>Alman dili l\u00fc\u011f\u0259tinizi geni\u015fl\u0259ndirin.<\/p>\r\n                    <\/div>\r\n                <\/div>\r\n            <\/div>\r\n        <\/a>\r\n\r\n            <\/section>","protected":false},"excerpt":{"rendered":"<p>Alman dilinin qrammatikas\u0131 m\u00f6vzular\u0131 Yeni dil \u00f6yr\u0259nm\u0259k qorxulu i\u015f ola bil\u0259r, lakin d\u00fczg\u00fcn yana\u015fma il\u0259 bu, maraql\u0131 v\u0259 m\u00fckafatland\u0131r\u0131c\u0131 hadis\u0259 ola bil\u0259r. Alman dili y\u00fcks\u0259k strukturlu v\u0259 m\u0259ntiqi dildir. Onun qrammatik qaydalar\u0131n\u0131 ayd\u0131n ba\u015fa d\u00fc\u015f\u00fcrs\u00fcn\u00fczs\u0259, \u00f6yr\u0259nm\u0259yi asanla\u015fd\u0131r\u0131r. Bu b\u0259l\u0259d\u00e7i alman dilinin qrammatikas\u0131 il\u0259 ba\u011fl\u0131 \u0259sas m\u0259qamlar\u0131 ba\u015fa d\u00fc\u015fm\u0259y\u0259 k\u00f6m\u0259k ed\u0259c\u0259k. M\u0259s\u0259l\u0259n, g\u0259rgin, feil, isim v\u0259 [&hellip;]<\/p>\n","protected":false},"author":6,"featured_media":75536,"parent":0,"menu_order":0,"comment_status":"closed","ping_status":"closed","template":"LearningContentPage.php","meta":{"_acf_changed":false,"footnotes":""},"class_list":["post-132046","page","type-page","status-publish","has-post-thumbnail","hentry"],"acf":[],"yoast_head":"<!-- This site is optimized with the Yoast SEO Premium plugin v27.2 (Yoast SEO v27.2) - https:\/\/yoast.com\/product\/yoast-seo-premium-wordpress\/ -->\n<title>Alman dilinin qrammatika m\u0259\u015f\u011f\u0259l\u0259l\u0259ri - Talkpal<\/title>\n<meta name=\"description\" content=\"Praktiki m\u0259\u015f\u011f\u0259l\u0259l\u0259rl\u0259 alman dilinin qrammatikas\u0131n\u0131 art\u0131r\u0131n - Talkpal AI-d\u0259n istifad\u0259 ed\u0259r\u0259k tez t\u0259kmill\u0259\u015fdirin, interaktiv m\u0259\u015fq edin v\u0259 dil etibar\u0131n\u0131 qazan\u0131n.\" \/>\n<meta name=\"robots\" content=\"index, follow, max-snippet:-1, max-image-preview:large, max-video-preview:-1\" \/>\n<link rel=\"canonical\" href=\"https:\/\/talkpal.ai\/az\/alman-dilinin-qrammatika-m%c9%99sg%c9%99l%c9%99l%c9%99ri\/\" \/>\n<meta property=\"og:locale\" content=\"az_AZ\" \/>\n<meta property=\"og:type\" content=\"article\" \/>\n<meta property=\"og:title\" content=\"Alman dilinin qrammatika m\u0259\u015f\u011f\u0259l\u0259l\u0259ri\" \/>\n<meta property=\"og:description\" content=\"Alman dilinin qrammatikas\u0131 m\u00f6vzular\u0131 Yeni dil \u00f6yr\u0259nm\u0259k qorxulu i\u015f ola bil\u0259r, lakin d\u00fczg\u00fcn yana\u015fma il\u0259 bu, maraql\u0131 v\u0259 m\u00fckafatland\u0131r\u0131c\u0131 hadis\u0259 ola bil\u0259r.\" \/>\n<meta property=\"og:url\" content=\"https:\/\/talkpal.ai\/az\/alman-dilinin-qrammatika-m%c9%99sg%c9%99l%c9%99l%c9%99ri\/\" \/>\n<meta property=\"og:site_name\" content=\"Talkpal\" \/>\n<meta property=\"article:publisher\" content=\"https:\/\/www.facebook.com\/profile.php?id=100090733639311\" \/>\n<meta property=\"article:modified_time\" content=\"2025-12-17T16:12:51+00:00\" \/>\n<meta property=\"og:image\" content=\"https:\/\/talkpal.ai\/wp-content\/uploads\/2023\/03\/germany.png\" \/>\n\t<meta property=\"og:image:width\" content=\"512\" \/>\n\t<meta property=\"og:image:height\" content=\"512\" \/>\n\t<meta property=\"og:image:type\" content=\"image\/png\" \/>\n<meta name=\"twitter:card\" content=\"summary_large_image\" \/>\n<meta name=\"twitter:site\" content=\"@talkpalai\" \/>\n<meta name=\"twitter:label1\" content=\"Est. reading time\" \/>\n\t<meta name=\"twitter:data1\" content=\"4 minutes\" \/>\n<script type=\"application\/ld+json\" class=\"yoast-schema-graph\">{\"@context\":\"https:\/\/schema.org\",\"@graph\":[{\"@type\":\"WebPage\",\"@id\":\"https:\/\/talkpal.ai\/az\/alman-dilinin-qrammatika-m%c9%99sg%c9%99l%c9%99l%c9%99ri\/\",\"url\":\"https:\/\/talkpal.ai\/az\/alman-dilinin-qrammatika-m%c9%99sg%c9%99l%c9%99l%c9%99ri\/\",\"name\":\"Alman dilinin qrammatika m\u0259\u015f\u011f\u0259l\u0259l\u0259ri - Talkpal\",\"isPartOf\":{\"@id\":\"https:\/\/talkpal.ai\/az\/#website\"},\"primaryImageOfPage\":{\"@id\":\"https:\/\/talkpal.ai\/az\/alman-dilinin-qrammatika-m%c9%99sg%c9%99l%c9%99l%c9%99ri\/#primaryimage\"},\"image\":{\"@id\":\"https:\/\/talkpal.ai\/az\/alman-dilinin-qrammatika-m%c9%99sg%c9%99l%c9%99l%c9%99ri\/#primaryimage\"},\"thumbnailUrl\":\"https:\/\/talkpal.ai\/wp-content\/uploads\/2023\/03\/germany.png\",\"datePublished\":\"2023-06-16T09:14:18+00:00\",\"dateModified\":\"2025-12-17T16:12:51+00:00\",\"description\":\"Praktiki m\u0259\u015f\u011f\u0259l\u0259l\u0259rl\u0259 alman dilinin qrammatikas\u0131n\u0131 art\u0131r\u0131n - Talkpal AI-d\u0259n istifad\u0259 ed\u0259r\u0259k tez t\u0259kmill\u0259\u015fdirin, interaktiv m\u0259\u015fq edin v\u0259 dil etibar\u0131n\u0131 qazan\u0131n.\",\"breadcrumb\":{\"@id\":\"https:\/\/talkpal.ai\/az\/alman-dilinin-qrammatika-m%c9%99sg%c9%99l%c9%99l%c9%99ri\/#breadcrumb\"},\"inLanguage\":\"az\",\"potentialAction\":[{\"@type\":\"ReadAction\",\"target\":[\"https:\/\/talkpal.ai\/az\/alman-dilinin-qrammatika-m%c9%99sg%c9%99l%c9%99l%c9%99ri\/\"]}]},{\"@type\":\"ImageObject\",\"inLanguage\":\"az\",\"@id\":\"https:\/\/talkpal.ai\/az\/alman-dilinin-qrammatika-m%c9%99sg%c9%99l%c9%99l%c9%99ri\/#primaryimage\",\"url\":\"https:\/\/talkpal.ai\/wp-content\/uploads\/2023\/03\/germany.png\",\"contentUrl\":\"https:\/\/talkpal.ai\/wp-content\/uploads\/2023\/03\/germany.png\",\"width\":512,\"height\":512,\"caption\":\"TalkPal AI learn German\"},{\"@type\":\"BreadcrumbList\",\"@id\":\"https:\/\/talkpal.ai\/az\/alman-dilinin-qrammatika-m%c9%99sg%c9%99l%c9%99l%c9%99ri\/#breadcrumb\",\"itemListElement\":[{\"@type\":\"ListItem\",\"position\":1,\"name\":\"Homepage\",\"item\":\"https:\/\/talkpal.ai\/az\/\"},{\"@type\":\"ListItem\",\"position\":2,\"name\":\"Alman dilinin qrammatika m\u0259\u015f\u011f\u0259l\u0259l\u0259ri\"}]},{\"@type\":\"WebSite\",\"@id\":\"https:\/\/talkpal.ai\/az\/#website\",\"url\":\"https:\/\/talkpal.ai\/az\/\",\"name\":\"Talkpal\",\"description\":\"AI Language Learning\",\"publisher\":{\"@id\":\"https:\/\/talkpal.ai\/az\/#organization\"},\"alternateName\":\"Talkpal AI\",\"potentialAction\":[{\"@type\":\"SearchAction\",\"target\":{\"@type\":\"EntryPoint\",\"urlTemplate\":\"https:\/\/talkpal.ai\/az\/?s={search_term_string}\"},\"query-input\":{\"@type\":\"PropertyValueSpecification\",\"valueRequired\":true,\"valueName\":\"search_term_string\"}}],\"inLanguage\":\"az\"},{\"@type\":\"Organization\",\"@id\":\"https:\/\/talkpal.ai\/az\/#organization\",\"name\":\"Talkpal, Inc.\",\"alternateName\":\"Talkpal AI\",\"url\":\"https:\/\/talkpal.ai\/az\/\",\"logo\":{\"@type\":\"ImageObject\",\"inLanguage\":\"az\",\"@id\":\"https:\/\/talkpal.ai\/az\/#\/schema\/logo\/image\/\",\"url\":\"https:\/\/talkpal.ai\/wp-content\/uploads\/2024\/03\/Talkpal-Logo-Icon.png\",\"contentUrl\":\"https:\/\/talkpal.ai\/wp-content\/uploads\/2024\/03\/Talkpal-Logo-Icon.png\",\"width\":2880,\"height\":2880,\"caption\":\"Talkpal, Inc.\"},\"image\":{\"@id\":\"https:\/\/talkpal.ai\/az\/#\/schema\/logo\/image\/\"},\"sameAs\":[\"https:\/\/www.facebook.com\/profile.php?id=100090733639311\",\"https:\/\/x.com\/talkpalai\",\"https:\/\/www.linkedin.com\/company\/talkpal\/\",\"https:\/\/www.youtube.com\/@TalkPal\/\",\"https:\/\/www.tiktok.com\/@talkpal\",\"https:\/\/www.instagram.com\/talkpal_ai\/\",\"https:\/\/www.crunchbase.com\/organization\/talkpal-9cde\",\"https:\/\/www.g2.com\/products\/talkpal-for-business\/\",\"https:\/\/www.trustpilot.com\/review\/talkpal.ai\",\"https:\/\/www.capterra.com\/p\/10006800\/TalkPal\/\"],\"description\":\"Talkpal is a language learning web and mobile education app, powered by the latest AI technologies, that provides engaging experiences to its customers in many different languages to help them improve their language skills. Users can chat about unlimited amount of topics with the app and use other modes to practice their language learning.\",\"email\":\"support@talkpal.ai\",\"legalName\":\"Talkpal, Inc.\",\"foundingDate\":\"2023-04-03\",\"duns\":\"118989042\",\"numberOfEmployees\":{\"@type\":\"QuantitativeValue\",\"minValue\":\"11\",\"maxValue\":\"50\"},\"publishingPrinciples\":\"https:\/\/talkpal.ai\/publishing-principles\/\",\"actionableFeedbackPolicy\":\"https:\/\/talkpal.ai\/actionable-feedback-policy\/\",\"correctionsPolicy\":\"https:\/\/talkpal.ai\/corrections-policy\/\",\"ethicsPolicy\":\"https:\/\/talkpal.ai\/ethics-policy\/\",\"diversityPolicy\":\"https:\/\/talkpal.ai\/diversity-policy\/\",\"diversityStaffingReport\":\"https:\/\/talkpal.ai\/diversity-policy\/\"}]}<\/script>\n<!-- \/ Yoast SEO Premium plugin. -->","yoast_head_json":{"title":"Alman dilinin qrammatika m\u0259\u015f\u011f\u0259l\u0259l\u0259ri - Talkpal","description":"Praktiki m\u0259\u015f\u011f\u0259l\u0259l\u0259rl\u0259 alman dilinin qrammatikas\u0131n\u0131 art\u0131r\u0131n - Talkpal AI-d\u0259n istifad\u0259 ed\u0259r\u0259k tez t\u0259kmill\u0259\u015fdirin, interaktiv m\u0259\u015fq edin v\u0259 dil etibar\u0131n\u0131 qazan\u0131n.","robots":{"index":"index","follow":"follow","max-snippet":"max-snippet:-1","max-image-preview":"max-image-preview:large","max-video-preview":"max-video-preview:-1"},"canonical":"https:\/\/talkpal.ai\/az\/alman-dilinin-qrammatika-m%c9%99sg%c9%99l%c9%99l%c9%99ri\/","og_locale":"az_AZ","og_type":"article","og_title":"Alman dilinin qrammatika m\u0259\u015f\u011f\u0259l\u0259l\u0259ri","og_description":"Alman dilinin qrammatikas\u0131 m\u00f6vzular\u0131 Yeni dil \u00f6yr\u0259nm\u0259k qorxulu i\u015f ola bil\u0259r, lakin d\u00fczg\u00fcn yana\u015fma il\u0259 bu, maraql\u0131 v\u0259 m\u00fckafatland\u0131r\u0131c\u0131 hadis\u0259 ola bil\u0259r.","og_url":"https:\/\/talkpal.ai\/az\/alman-dilinin-qrammatika-m%c9%99sg%c9%99l%c9%99l%c9%99ri\/","og_site_name":"Talkpal","article_publisher":"https:\/\/www.facebook.com\/profile.php?id=100090733639311","article_modified_time":"2025-12-17T16:12:51+00:00","og_image":[{"width":512,"height":512,"url":"https:\/\/talkpal.ai\/wp-content\/uploads\/2023\/03\/germany.png","type":"image\/png"}],"twitter_card":"summary_large_image","twitter_site":"@talkpalai","twitter_misc":{"Est. reading time":"4 minutes"},"schema":{"@context":"https:\/\/schema.org","@graph":[{"@type":"WebPage","@id":"https:\/\/talkpal.ai\/az\/alman-dilinin-qrammatika-m%c9%99sg%c9%99l%c9%99l%c9%99ri\/","url":"https:\/\/talkpal.ai\/az\/alman-dilinin-qrammatika-m%c9%99sg%c9%99l%c9%99l%c9%99ri\/","name":"Alman dilinin qrammatika m\u0259\u015f\u011f\u0259l\u0259l\u0259ri - Talkpal","isPartOf":{"@id":"https:\/\/talkpal.ai\/az\/#website"},"primaryImageOfPage":{"@id":"https:\/\/talkpal.ai\/az\/alman-dilinin-qrammatika-m%c9%99sg%c9%99l%c9%99l%c9%99ri\/#primaryimage"},"image":{"@id":"https:\/\/talkpal.ai\/az\/alman-dilinin-qrammatika-m%c9%99sg%c9%99l%c9%99l%c9%99ri\/#primaryimage"},"thumbnailUrl":"https:\/\/talkpal.ai\/wp-content\/uploads\/2023\/03\/germany.png","datePublished":"2023-06-16T09:14:18+00:00","dateModified":"2025-12-17T16:12:51+00:00","description":"Praktiki m\u0259\u015f\u011f\u0259l\u0259l\u0259rl\u0259 alman dilinin qrammatikas\u0131n\u0131 art\u0131r\u0131n - Talkpal AI-d\u0259n istifad\u0259 ed\u0259r\u0259k tez t\u0259kmill\u0259\u015fdirin, interaktiv m\u0259\u015fq edin v\u0259 dil etibar\u0131n\u0131 qazan\u0131n.","breadcrumb":{"@id":"https:\/\/talkpal.ai\/az\/alman-dilinin-qrammatika-m%c9%99sg%c9%99l%c9%99l%c9%99ri\/#breadcrumb"},"inLanguage":"az","potentialAction":[{"@type":"ReadAction","target":["https:\/\/talkpal.ai\/az\/alman-dilinin-qrammatika-m%c9%99sg%c9%99l%c9%99l%c9%99ri\/"]}]},{"@type":"ImageObject","inLanguage":"az","@id":"https:\/\/talkpal.ai\/az\/alman-dilinin-qrammatika-m%c9%99sg%c9%99l%c9%99l%c9%99ri\/#primaryimage","url":"https:\/\/talkpal.ai\/wp-content\/uploads\/2023\/03\/germany.png","contentUrl":"https:\/\/talkpal.ai\/wp-content\/uploads\/2023\/03\/germany.png","width":512,"height":512,"caption":"TalkPal AI learn German"},{"@type":"BreadcrumbList","@id":"https:\/\/talkpal.ai\/az\/alman-dilinin-qrammatika-m%c9%99sg%c9%99l%c9%99l%c9%99ri\/#breadcrumb","itemListElement":[{"@type":"ListItem","position":1,"name":"Homepage","item":"https:\/\/talkpal.ai\/az\/"},{"@type":"ListItem","position":2,"name":"Alman dilinin qrammatika m\u0259\u015f\u011f\u0259l\u0259l\u0259ri"}]},{"@type":"WebSite","@id":"https:\/\/talkpal.ai\/az\/#website","url":"https:\/\/talkpal.ai\/az\/","name":"Talkpal","description":"AI Language Learning","publisher":{"@id":"https:\/\/talkpal.ai\/az\/#organization"},"alternateName":"Talkpal AI","potentialAction":[{"@type":"SearchAction","target":{"@type":"EntryPoint","urlTemplate":"https:\/\/talkpal.ai\/az\/?s={search_term_string}"},"query-input":{"@type":"PropertyValueSpecification","valueRequired":true,"valueName":"search_term_string"}}],"inLanguage":"az"},{"@type":"Organization","@id":"https:\/\/talkpal.ai\/az\/#organization","name":"Talkpal, Inc.","alternateName":"Talkpal AI","url":"https:\/\/talkpal.ai\/az\/","logo":{"@type":"ImageObject","inLanguage":"az","@id":"https:\/\/talkpal.ai\/az\/#\/schema\/logo\/image\/","url":"https:\/\/talkpal.ai\/wp-content\/uploads\/2024\/03\/Talkpal-Logo-Icon.png","contentUrl":"https:\/\/talkpal.ai\/wp-content\/uploads\/2024\/03\/Talkpal-Logo-Icon.png","width":2880,"height":2880,"caption":"Talkpal, Inc."},"image":{"@id":"https:\/\/talkpal.ai\/az\/#\/schema\/logo\/image\/"},"sameAs":["https:\/\/www.facebook.com\/profile.php?id=100090733639311","https:\/\/x.com\/talkpalai","https:\/\/www.linkedin.com\/company\/talkpal\/","https:\/\/www.youtube.com\/@TalkPal\/","https:\/\/www.tiktok.com\/@talkpal","https:\/\/www.instagram.com\/talkpal_ai\/","https:\/\/www.crunchbase.com\/organization\/talkpal-9cde","https:\/\/www.g2.com\/products\/talkpal-for-business\/","https:\/\/www.trustpilot.com\/review\/talkpal.ai","https:\/\/www.capterra.com\/p\/10006800\/TalkPal\/"],"description":"Talkpal is a language learning web and mobile education app, powered by the latest AI technologies, that provides engaging experiences to its customers in many different languages to help them improve their language skills. Users can chat about unlimited amount of topics with the app and use other modes to practice their language learning.","email":"support@talkpal.ai","legalName":"Talkpal, Inc.","foundingDate":"2023-04-03","duns":"118989042","numberOfEmployees":{"@type":"QuantitativeValue","minValue":"11","maxValue":"50"},"publishingPrinciples":"https:\/\/talkpal.ai\/publishing-principles\/","actionableFeedbackPolicy":"https:\/\/talkpal.ai\/actionable-feedback-policy\/","correctionsPolicy":"https:\/\/talkpal.ai\/corrections-policy\/","ethicsPolicy":"https:\/\/talkpal.ai\/ethics-policy\/","diversityPolicy":"https:\/\/talkpal.ai\/diversity-policy\/","diversityStaffingReport":"https:\/\/talkpal.ai\/diversity-policy\/"}]}},"_links":{"self":[{"href":"https:\/\/talkpal.ai\/az\/wp-json\/wp\/v2\/pages\/132046","targetHints":{"allow":["GET"]}}],"collection":[{"href":"https:\/\/talkpal.ai\/az\/wp-json\/wp\/v2\/pages"}],"about":[{"href":"https:\/\/talkpal.ai\/az\/wp-json\/wp\/v2\/types\/page"}],"author":[{"embeddable":true,"href":"https:\/\/talkpal.ai\/az\/wp-json\/wp\/v2\/users\/6"}],"replies":[{"embeddable":true,"href":"https:\/\/talkpal.ai\/az\/wp-json\/wp\/v2\/comments?post=132046"}],"version-history":[{"count":0,"href":"https:\/\/talkpal.ai\/az\/wp-json\/wp\/v2\/pages\/132046\/revisions"}],"wp:featuredmedia":[{"embeddable":true,"href":"https:\/\/talkpal.ai\/az\/wp-json\/wp\/v2\/media\/75536"}],"wp:attachment":[{"href":"https:\/\/talkpal.ai\/az\/wp-json\/wp\/v2\/media?parent=132046"}],"curies":[{"name":"wp","href":"https:\/\/api.w.org\/{rel}","templated":true}]}}