{"id":131499,"date":"2023-06-15T07:00:21","date_gmt":"2023-06-15T07:00:21","guid":{"rendered":"http:\/\/talkpal.ai\/ispan-dili-qrammatika-m%c9%99sql%c9%99ri\/"},"modified":"2025-12-17T16:38:24","modified_gmt":"2025-12-17T16:38:24","slug":"ispan-dili-qrammatika-m%c9%99sql%c9%99ri","status":"publish","type":"page","link":"https:\/\/talkpal.ai\/az\/ispan-dili-qrammatika-m%c9%99sql%c9%99ri\/","title":{"rendered":"\u0130span dili Qrammatika M\u0259\u015fql\u0259ri"},"content":{"rendered":"\r\n\r\n\r\n<section class=\"languageChallengeSection\">\r\n    <div class=\"languageInfoWrapper\">\r\n        \r\n        <h1>\u0130span dili Qrammatika M\u0259\u015fql\u0259ri<\/h1>\r\n        <p>\u0130span dilinizi t\u0259kmill\u0259\u015fdirm\u0259y\u0259 haz\u0131rs\u0131n\u0131z? Qrammatik m\u0259\u015fql\u0259ri m\u0259\u015fq etm\u0259k c\u00fcml\u0259 qurulu\u015funu, fel birl\u0259\u015fm\u0259l\u0259rini v\u0259 ispan dilinin unikal n\u00fcmun\u0259l\u0259rini m\u0259nims\u0259m\u0259k \u00fc\u00e7\u00fcn \u0259la bir yoldur. Bu g\u00fcn \u0130span dilinin qrammatikas\u0131 \u00fcz\u0259rind\u0259 i\u015fl\u0259m\u0259y\u0259 ba\u015flay\u0131n v\u0259 h\u0259r m\u0259\u015fql\u0259 inam\u0131n\u0131z\u0131n v\u0259 r\u0259vanl\u0131\u011f\u0131n\u0131z\u0131n artd\u0131\u011f\u0131n\u0131 g\u00f6r\u00fcn!\n\n<\/p>\r\n\r\n                            <a class=\"getStartedHidden\" href=\"https:\/\/app.talkpal.ai\/signup?lng=\">Ba\u015fla<\/a>\r\n        \r\n    <\/div>\r\n\r\n    <figure>\r\n    <img decoding=\"async\" width=\"768\" height=\"768\" src=\"https:\/\/talkpal.ai\/wp-content\/uploads\/2023\/06\/Spanish-768x768.png\" class=\"languageImage no-lazy\" alt=\"Practical application of language learning\" fetchpriority=\"high\" sizes=\"(max-width: 768px) 150px, 768px\" srcset=\"https:\/\/talkpal.ai\/wp-content\/uploads\/2023\/06\/Spanish-768x768.png 768w, https:\/\/talkpal.ai\/wp-content\/uploads\/2023\/06\/Spanish-300x300.png 300w\" \/>\r\n    \r\n\r\n    <\/figure>\r\n\r\n            <a class=\"getStartedVisible\" href=\"https:\/\/app.talkpal.ai\/signup?lng=\">Ba\u015fla<\/a>\r\n    \r\n<\/section>\r\n\r\n\r\n<!-- <section class=\"grammarSection\">\r\n    <div class=\"grammarLinks\">\r\n            <\/div>\r\n<\/section> -->\r\n\r\n\r\n\r\n\r\n<section class=\"promotionalBanner\">\r\n    <p class=\"promotionalText\">Dil \u00f6yr\u0259nm\u0259yin \u0259n t\u0259sirli yolu<\/p>\r\n    <a class=\"promotionalLink\" href=\"https:\/\/app.talkpal.ai\/signup?lng=\">Talkpal pulsuz s\u0131nay\u0131n<\/a>\r\n<\/section>\n<div class=\"wp-block-group pageContainerStyle\"><div class=\"wp-block-group__inner-container is-layout-constrained wp-block-group-is-layout-constrained\">\n<h2 class=\"wp-block-heading\" id=\"h-spanish-grammar-topics\">\u0130span dilinin qrammatikas\u0131 m\u00f6vzular\u0131<\/h2>\n\n\n\n<p>Yeni dil \u00f6yr\u0259nm\u0259k maraql\u0131 v\u0259 m\u00fckafatland\u0131r\u0131c\u0131 bir i\u015f ola bil\u0259r. \u0130span dili d\u0259 istisna deyil. D\u00fcnyada ikinci \u0259n \u00e7ox dan\u0131\u015f\u0131lan dil kimi bu dil s\u0259yah\u0259t, i\u015f v\u0259 m\u0259d\u0259niyy\u0259t m\u00fcbadil\u0259si \u00fc\u00e7\u00fcn yeni imkanlar a\u00e7a bil\u0259r. \u0130st\u0259r tam ba\u015flan\u011f\u0131c, ist\u0259rs\u0259 d\u0259 m\u00f6vcud bacar\u0131qlar\u0131n\u0131z\u0131 yax\u015f\u0131la\u015fd\u0131rma\u011fa \u00e7al\u0131\u015f\u0131rs\u0131n\u0131zsa, ispan dilinin qrammatikas\u0131na yiy\u0259l\u0259nm\u0259k v\u0259 ba\u015fa d\u00fc\u015fm\u0259k m\u00fctl\u0259qdir. G\u0259rgin v\u0259 feill\u0259rd\u0259n tutmu\u015f c\u00fcml\u0259 qurulu\u015funa v\u0259 prepozisiyas\u0131na q\u0259d\u0259r dilin h\u0259r bir sah\u0259si effektiv \u00fcnsiyy\u0259t qurmaq bacar\u0131\u011f\u0131n\u0131zda h\u0259lledici rol oynay\u0131r. Bu b\u0259l\u0259d\u00e7id\u0259 ispan dilinin vacib qrammatika m\u00f6vzular\u0131n\u0131 ara\u015fd\u0131raca\u011f\u0131q. Dili asanl\u0131qla \u00f6yr\u0259nm\u0259y\u0259 k\u00f6m\u0259k etm\u0259k \u00fc\u00e7\u00fcn onlar\u0131 m\u0259ntiqi ard\u0131c\u0131ll\u0131qla t\u0259qdim ed\u0259c\u0259yik.<\/p>\n\n\n\n<h3 class=\"wp-block-heading\" id=\"h-1-nouns-and-articles\">1. Nounlar v\u0259 m\u0259qal\u0259l\u0259r:<\/h3>\n\n\n\n<p>\u0259vv\u0259lc\u0259 ispanca nouns v\u0259 onlar\u0131n cinsi, el\u0259c\u0259 d\u0259 m\u00fc\u0259yy\u0259n v\u0259 qeyri-m\u00fc\u0259yy\u0259n m\u0259qal\u0259l\u0259r il\u0259 tan\u0131\u015f olun. Bu \u0259sas tikinti bloklar\u0131 sad\u0259 ifad\u0259 v\u0259 c\u00fcml\u0259l\u0259ri anlama\u011fa v\u0259 \u0259m\u0259l\u0259 etm\u0259y\u0259 k\u00f6m\u0259k ed\u0259c\u0259k.<\/p>\n\n\n\n<h3 class=\"wp-block-heading\" id=\"h-2-adjectives\">2. Adjectives:<\/h3>\n\n\n\n<p>Adjectives nouns t\u0259svir etm\u0259k \u00fc\u00e7\u00fcn olduqca vacibdir. \u0130span dilind\u0259, onlar d\u0259yi\u015fdirm\u0259k noun il\u0259 cins v\u0259 say\u0131 raz\u0131 olmal\u0131d\u0131r. Adjective yerl\u0259\u015fdirm\u0259 v\u0259 raz\u0131la\u015fma qaydalar\u0131n\u0131 \u00f6yr\u0259nm\u0259k, \u00f6z\u00fcn\u00fcz\u00fc ispan dilind\u0259 ifad\u0259 etm\u0259 qabiliyy\u0259tinizi xeyli art\u0131racaqd\u0131r.<\/p>\n\n\n\n<h3 class=\"wp-block-heading\" id=\"h-3-pronouns\">3. Pronouns:<\/h3>\n\n\n\n<p>Pronouns nounlar\u0131 \u0259v\u0259z edir v\u0259 s\u00f6hb\u0259tin daha r\u0259van v\u0259 t\u0259bii olmas\u0131 \u00fc\u00e7\u00fcn olduqca vacibdir. M\u00f6vzu pronouns, birba\u015fa v\u0259 dolay\u0131 obyekt pronouns v\u0259 refleksiv pronouns diqq\u0259t, onlar\u0131n istifad\u0259 v\u0259 c\u00fcml\u0259l\u0259rd\u0259 yerl\u0259\u015fdirilm\u0259si anlamaq t\u0259min edir.<\/p>\n\n\n\n<h3 class=\"wp-block-heading\" id=\"h-4-verbs\">4. Feill\u0259r:<\/h3>\n\n\n\n<p>Feill\u0259r ist\u0259nil\u0259n dilin bel s\u00fcm\u00fcy\u00fcd\u00fcr, ispan dili is\u0259 he\u00e7 d\u0259 f\u0259rql\u0259nmir. Ba\u015flan\u011f\u0131cda \u0259n \u00e7ox rast g\u0259lin\u0259n m\u00fcnt\u0259z\u0259m v\u0259 qeyri-m\u00fcnt\u0259z\u0259m feill\u0259ri, el\u0259c\u0259 d\u0259 onlar\u0131n indiki g\u0259rgin g\u00f6st\u0259rici \u0259hval-ruhiyy\u0259d\u0259 konyunksiyalar\u0131n\u0131 \u00f6yr\u0259nm\u0259kl\u0259 ba\u015flay\u0131n.<\/p>\n\n\n\n<h3 class=\"wp-block-heading\" id=\"h-5-tenses-indicative\">5. G\u0259rginlik g\u00f6st\u0259ricisi:<\/h3>\n\n\n\n<p>\u018fsas fe&#8217;l konyunkasiyas\u0131n\u0131 d\u0259rk etdikd\u0259n sonra, biliyini geni\u015fl\u0259ndir ki, \u0259vv\u0259lki, qeyri-kamil, g\u0259l\u0259c\u0259k v\u0259 \u015f\u0259rti v\u0259ziyy\u0259t kimi dig\u0259r s\u0259ciyy\u0259vi fikirl\u0259ri d\u0259 daxil et. Bunun say\u0259sind\u0259 h\u0259r\u0259k\u0259t v\u0259 hadis\u0259l\u0259ri m\u00fcxt\u0259lif vaxt \u0259rzind\u0259 ifad\u0259 etm\u0259k m\u00fcmk\u00fcn olacaq.<\/p>\n\n\n\n<h3 class=\"wp-block-heading\" id=\"h-6-adverbs\">6. Adverbl\u0259r:<\/h3>\n\n\n\n<p>Adverbs feill\u0259r, adjectives v\u0259 ya dig\u0259r adverbl\u0259r haqq\u0131nda \u0259lav\u0259 m\u0259lumat verir. Nitqiniz\u0259 daha \u0259trafl\u0131 v\u0259 n\u00fcanslar \u0259lav\u0259 etm\u0259k \u00fc\u00e7\u00fcn m\u00fcxt\u0259lif n\u00f6v reklamlar\u0131 v\u0259 onlar\u0131n c\u00fcml\u0259l\u0259rd\u0259 yerl\u0259\u015fdirilm\u0259sini \u00f6yr\u0259nin.<\/p>\n\n\n\n<h3 class=\"wp-block-heading\" id=\"h-7-prepositions\">7. Prepozisiyalar:<\/h3>\n\n\n\n<p>S\u00f6zl\u0259r aras\u0131ndak\u0131 \u0259laq\u0259ni ifad\u0259 etm\u0259k \u00fc\u00e7\u00fcn prepozisiyalar \u00e7ox vacibdir. M\u0259s\u0259l\u0259n, m\u0259kan, istiqam\u0259t v\u0259 ya zaman. \u00d6z\u00fcn\u00fcz\u00fc m\u00fcxt\u0259lif kontekstl\u0259rd\u0259 \u0259n geni\u015f yay\u0131lm\u0131\u015f ispan prepozisiyalar\u0131 v\u0259 onlar\u0131n istifad\u0259si il\u0259 tan\u0131\u015f edin.<\/p>\n\n\n\n<h3 class=\"wp-block-heading\" id=\"h-8-tenses-subjunctive\">8. Subjunktiv g\u0259rginlikl\u0259r:<\/h3>\n\n\n\n<p>Subjunktiv \u0259hvali-ruhiyy\u0259 \u015f\u00fcbh\u0259, qeyri-m\u00fc\u0259yy\u0259nlik v\u0259 ya hipotetik v\u0259ziyy\u0259tl\u0259ri ifad\u0259 etm\u0259k \u00fc\u00e7\u00fcn istifad\u0259 olunur. Ekspressiv qabiliyy\u0259tinizi geni\u015fl\u0259ndirm\u0259k \u00fc\u00e7\u00fcn indiki, ke\u00e7mi\u015f v\u0259 g\u0259l\u0259c\u0259k tabelik g\u0259rginlikl\u0259rind\u0259 m\u00fcnt\u0259z\u0259m v\u0259 nizams\u0131z feill\u0259rin konyunksiya qaydalar\u0131n\u0131 \u00f6yr\u0259nin.<\/p>\n\n\n\n<h3 class=\"wp-block-heading\" id=\"h-9-tense-comparison\">9. G\u0259rgin m\u00fcqayis\u0259:<\/h3>\n\n\n\n<p>M\u00fcxt\u0259lif g\u0259rginlikl\u0259r v\u0259 \u0259hval-ruhiyy\u0259 aras\u0131ndak\u0131 n\u00fcanslar\u0131 anlamaq, n\u0259z\u0259rd\u0259 tutulan m\u0259nan\u0131 \u00e7atd\u0131rmaq \u00fc\u00e7\u00fcn m\u00fcvafiq forman\u0131 se\u00e7m\u0259y\u0259 k\u00f6m\u0259k ed\u0259c\u0259k. Dilin daha b\u00f6y\u00fck kommunkativin\u0259 nail olmaq \u00fc\u00e7\u00fcn g\u00f6st\u0259rici v\u0259 tabelik g\u0259rginlikl\u0259rini, el\u0259c\u0259 d\u0259 m\u00fcxt\u0259lif ke\u00e7mi\u015f g\u0259rginlikl\u0259ri m\u00fcqayis\u0259 v\u0259 t\u0259zadl\u0131 m\u0259\u015fq edin.<\/p>\n\n\n\n<h3 class=\"wp-block-heading\" id=\"h-10-sentence-structure\">10. C\u00fcml\u0259 qurulu\u015fu:<\/h3>\n\n\n\n<p>Sonda sad\u0259, m\u00fcr\u0259kk\u0259b v\u0259 m\u00fcr\u0259kk\u0259b c\u00fcml\u0259l\u0259r daxil olmaqla m\u00fcxt\u0259lif c\u00fcml\u0259 qurulu\u015flar\u0131n\u0131 ara\u015fd\u0131r\u0131n. Daha m\u00fcr\u0259kk\u0259b ideyalar yaratmaq v\u0259 ispan dilind\u0259 effektiv \u00fcnsiyy\u0259t qurmaq qabiliyy\u0259tinizi inki\u015faf etdirm\u0259k \u00fc\u00e7\u00fcn koordinasiya v\u0259 tabelik konyunklar\u0131ndan istifad\u0259 etm\u0259yi \u00f6yr\u0259nin.<\/p>\n<\/div><\/div>\n\r\n<section class=\"learnNavigationSection\">\r\n            \r\n        <a href=\"https:\/\/talkpal.ai\/az\/ispan-dilini-oyr%c9%99nin\/\">\r\n            <div class=\"learnNavigationWrapper\">\r\n                <div class=\"learnNavigationContent\">\r\n                    <img decoding=\"async\" src=\"https:\/\/talkpal.ai\/wp-content\/uploads\/2024\/08\/Spanish.jpg\" alt=\"Spanish Flag\">\r\n                    <div>\r\n                        <h4>\u0130span \u00d6yr\u0259nilm\u0259si Haqq\u0131nda<\/h4>\r\n                        <p>Spanish grammar haqq\u0131nda h\u0259r \u015feyi \u00f6yr\u0259nin.<\/p>\r\n                    <\/div>\r\n                <\/div>\r\n            <\/div>\r\n        <\/a>\r\n\r\n        \r\n        <a href=\"https:\/\/talkpal.ai\/az\/ispan-qrammatikasi\/\">\r\n            <div class=\"learnNavigationWrapper\">\r\n                <div class=\"learnNavigationContent\">\r\n                    <img decoding=\"async\" src=\"https:\/\/talkpal.ai\/wp-content\/uploads\/2024\/08\/Spanish.jpg\" alt=\"Spanish Flag\">\r\n                    <div>\r\n                        <h4>\u0130span dilinin qrammatikas\u0131 d\u0259rsl\u0259ri<\/h4>\r\n                        <p>\u0130span dilinin qrammatika qaydalar\u0131na riay\u0259t etm\u0259k.<\/p>\r\n                    <\/div>\r\n                <\/div>\r\n            <\/div>\r\n        <\/a>\r\n\r\n        \r\n        <a href=\"https:\/\/talkpal.ai\/vocabulary_language\/spanish\/\">\r\n            <div class=\"learnNavigationWrapper\">\r\n                <div class=\"learnNavigationContent\">\r\n                    <img decoding=\"async\" src=\"https:\/\/talkpal.ai\/wp-content\/uploads\/2024\/08\/Spanish.jpg\" alt=\"Spanish Flag\">\r\n                    <div>\r\n                        <h4>\u0130span l\u00fc\u011f\u0259ti<\/h4>\r\n                        <p>\u0130span l\u00fc\u011f\u0259tinizi geni\u015fl\u0259ndirin.<\/p>\r\n                    <\/div>\r\n                <\/div>\r\n            <\/div>\r\n        <\/a>\r\n\r\n            <\/section>","protected":false},"excerpt":{"rendered":"<p>\u0130span dilinin qrammatikas\u0131 m\u00f6vzular\u0131 Yeni dil \u00f6yr\u0259nm\u0259k maraql\u0131 v\u0259 m\u00fckafatland\u0131r\u0131c\u0131 bir i\u015f ola bil\u0259r. \u0130span dili d\u0259 istisna deyil. D\u00fcnyada ikinci \u0259n \u00e7ox dan\u0131\u015f\u0131lan dil kimi bu dil s\u0259yah\u0259t, i\u015f v\u0259 m\u0259d\u0259niyy\u0259t m\u00fcbadil\u0259si \u00fc\u00e7\u00fcn yeni imkanlar a\u00e7a bil\u0259r. \u0130st\u0259r tam ba\u015flan\u011f\u0131c, ist\u0259rs\u0259 d\u0259 m\u00f6vcud bacar\u0131qlar\u0131n\u0131z\u0131 yax\u015f\u0131la\u015fd\u0131rma\u011fa \u00e7al\u0131\u015f\u0131rs\u0131n\u0131zsa, ispan dilinin qrammatikas\u0131na yiy\u0259l\u0259nm\u0259k v\u0259 ba\u015fa d\u00fc\u015fm\u0259k m\u00fctl\u0259qdir. [&hellip;]<\/p>\n","protected":false},"author":1,"featured_media":75304,"parent":0,"menu_order":0,"comment_status":"closed","ping_status":"closed","template":"LearningContentPage.php","meta":{"_acf_changed":false,"footnotes":""},"class_list":["post-131499","page","type-page","status-publish","has-post-thumbnail","hentry"],"acf":[],"yoast_head":"<!-- This site is optimized with the Yoast SEO Premium plugin v27.2 (Yoast SEO v27.2) - https:\/\/yoast.com\/product\/yoast-seo-premium-wordpress\/ -->\n<title>\u0130span dili Qrammatika M\u0259\u015fql\u0259ri - Talkpal<\/title>\n<meta name=\"description\" content=\"B\u00fct\u00fcn bacar\u0131q s\u0259viyy\u0259l\u0259ri \u00fc\u00e7\u00fcn n\u0259z\u0259rd\u0259 tutulmu\u015f interaktiv m\u0259\u015fql\u0259rl\u0259 \u0130span qrammatikan\u0131z\u0131 t\u0259kmill\u0259\u015fdirin. Fell\u0259ri, c\u00fcml\u0259 qurulu\u015funu, l\u00fc\u011f\u0259ti v\u0259 daha \u00e7oxunu m\u0259\u015fq edin!\" \/>\n<meta name=\"robots\" content=\"index, follow, max-snippet:-1, max-image-preview:large, max-video-preview:-1\" \/>\n<link rel=\"canonical\" href=\"https:\/\/talkpal.ai\/az\/ispan-dili-qrammatika-m%c9%99sql%c9%99ri\/\" \/>\n<meta property=\"og:locale\" content=\"az_AZ\" \/>\n<meta property=\"og:type\" content=\"article\" \/>\n<meta property=\"og:title\" content=\"\u0130span dili Qrammatika M\u0259\u015fql\u0259ri\" \/>\n<meta property=\"og:description\" content=\"\u0130span dilinin qrammatikas\u0131 m\u00f6vzular\u0131 Yeni dil \u00f6yr\u0259nm\u0259k maraql\u0131 v\u0259 m\u00fckafatland\u0131r\u0131c\u0131 bir i\u015f ola bil\u0259r. \u0130span dili d\u0259 istisna deyil. D\u00fcnyada ikinci \u0259n \u00e7ox\" \/>\n<meta property=\"og:url\" content=\"https:\/\/talkpal.ai\/az\/ispan-dili-qrammatika-m%c9%99sql%c9%99ri\/\" \/>\n<meta property=\"og:site_name\" content=\"Talkpal\" \/>\n<meta property=\"article:publisher\" content=\"https:\/\/www.facebook.com\/profile.php?id=100090733639311\" \/>\n<meta property=\"article:modified_time\" content=\"2025-12-17T16:38:24+00:00\" \/>\n<meta property=\"og:image\" content=\"https:\/\/talkpal.ai\/wp-content\/uploads\/2023\/03\/spain.png\" \/>\n\t<meta property=\"og:image:width\" content=\"512\" \/>\n\t<meta property=\"og:image:height\" content=\"512\" \/>\n\t<meta property=\"og:image:type\" content=\"image\/png\" \/>\n<meta name=\"twitter:card\" content=\"summary_large_image\" \/>\n<meta name=\"twitter:site\" content=\"@talkpalai\" \/>\n<meta name=\"twitter:label1\" content=\"Est. reading time\" \/>\n\t<meta name=\"twitter:data1\" content=\"4 minutes\" \/>\n<script type=\"application\/ld+json\" class=\"yoast-schema-graph\">{\"@context\":\"https:\/\/schema.org\",\"@graph\":[{\"@type\":\"WebPage\",\"@id\":\"https:\/\/talkpal.ai\/az\/ispan-dili-qrammatika-m%c9%99sql%c9%99ri\/\",\"url\":\"https:\/\/talkpal.ai\/az\/ispan-dili-qrammatika-m%c9%99sql%c9%99ri\/\",\"name\":\"\u0130span dili Qrammatika M\u0259\u015fql\u0259ri - Talkpal\",\"isPartOf\":{\"@id\":\"https:\/\/talkpal.ai\/az\/#website\"},\"primaryImageOfPage\":{\"@id\":\"https:\/\/talkpal.ai\/az\/ispan-dili-qrammatika-m%c9%99sql%c9%99ri\/#primaryimage\"},\"image\":{\"@id\":\"https:\/\/talkpal.ai\/az\/ispan-dili-qrammatika-m%c9%99sql%c9%99ri\/#primaryimage\"},\"thumbnailUrl\":\"https:\/\/talkpal.ai\/wp-content\/uploads\/2023\/03\/spain.png\",\"datePublished\":\"2023-06-15T07:00:21+00:00\",\"dateModified\":\"2025-12-17T16:38:24+00:00\",\"description\":\"B\u00fct\u00fcn bacar\u0131q s\u0259viyy\u0259l\u0259ri \u00fc\u00e7\u00fcn n\u0259z\u0259rd\u0259 tutulmu\u015f interaktiv m\u0259\u015fql\u0259rl\u0259 \u0130span qrammatikan\u0131z\u0131 t\u0259kmill\u0259\u015fdirin. Fell\u0259ri, c\u00fcml\u0259 qurulu\u015funu, l\u00fc\u011f\u0259ti v\u0259 daha \u00e7oxunu m\u0259\u015fq edin!\",\"breadcrumb\":{\"@id\":\"https:\/\/talkpal.ai\/az\/ispan-dili-qrammatika-m%c9%99sql%c9%99ri\/#breadcrumb\"},\"inLanguage\":\"az\",\"potentialAction\":[{\"@type\":\"ReadAction\",\"target\":[\"https:\/\/talkpal.ai\/az\/ispan-dili-qrammatika-m%c9%99sql%c9%99ri\/\"]}]},{\"@type\":\"ImageObject\",\"inLanguage\":\"az\",\"@id\":\"https:\/\/talkpal.ai\/az\/ispan-dili-qrammatika-m%c9%99sql%c9%99ri\/#primaryimage\",\"url\":\"https:\/\/talkpal.ai\/wp-content\/uploads\/2023\/03\/spain.png\",\"contentUrl\":\"https:\/\/talkpal.ai\/wp-content\/uploads\/2023\/03\/spain.png\",\"width\":512,\"height\":512,\"caption\":\"TalkPal AI learn Spanish\"},{\"@type\":\"BreadcrumbList\",\"@id\":\"https:\/\/talkpal.ai\/az\/ispan-dili-qrammatika-m%c9%99sql%c9%99ri\/#breadcrumb\",\"itemListElement\":[{\"@type\":\"ListItem\",\"position\":1,\"name\":\"Homepage\",\"item\":\"https:\/\/talkpal.ai\/az\/\"},{\"@type\":\"ListItem\",\"position\":2,\"name\":\"\u0130span dili Qrammatika M\u0259\u015fql\u0259ri\"}]},{\"@type\":\"WebSite\",\"@id\":\"https:\/\/talkpal.ai\/az\/#website\",\"url\":\"https:\/\/talkpal.ai\/az\/\",\"name\":\"Talkpal\",\"description\":\"AI Language Learning\",\"publisher\":{\"@id\":\"https:\/\/talkpal.ai\/az\/#organization\"},\"alternateName\":\"Talkpal AI\",\"potentialAction\":[{\"@type\":\"SearchAction\",\"target\":{\"@type\":\"EntryPoint\",\"urlTemplate\":\"https:\/\/talkpal.ai\/az\/?s={search_term_string}\"},\"query-input\":{\"@type\":\"PropertyValueSpecification\",\"valueRequired\":true,\"valueName\":\"search_term_string\"}}],\"inLanguage\":\"az\"},{\"@type\":\"Organization\",\"@id\":\"https:\/\/talkpal.ai\/az\/#organization\",\"name\":\"Talkpal, Inc.\",\"alternateName\":\"Talkpal AI\",\"url\":\"https:\/\/talkpal.ai\/az\/\",\"logo\":{\"@type\":\"ImageObject\",\"inLanguage\":\"az\",\"@id\":\"https:\/\/talkpal.ai\/az\/#\/schema\/logo\/image\/\",\"url\":\"https:\/\/talkpal.ai\/wp-content\/uploads\/2024\/03\/Talkpal-Logo-Icon.png\",\"contentUrl\":\"https:\/\/talkpal.ai\/wp-content\/uploads\/2024\/03\/Talkpal-Logo-Icon.png\",\"width\":2880,\"height\":2880,\"caption\":\"Talkpal, Inc.\"},\"image\":{\"@id\":\"https:\/\/talkpal.ai\/az\/#\/schema\/logo\/image\/\"},\"sameAs\":[\"https:\/\/www.facebook.com\/profile.php?id=100090733639311\",\"https:\/\/x.com\/talkpalai\",\"https:\/\/www.linkedin.com\/company\/talkpal\/\",\"https:\/\/www.youtube.com\/@TalkPal\/\",\"https:\/\/www.tiktok.com\/@talkpal\",\"https:\/\/www.instagram.com\/talkpal_ai\/\",\"https:\/\/www.crunchbase.com\/organization\/talkpal-9cde\",\"https:\/\/www.g2.com\/products\/talkpal-for-business\/\",\"https:\/\/www.trustpilot.com\/review\/talkpal.ai\",\"https:\/\/www.capterra.com\/p\/10006800\/TalkPal\/\"],\"description\":\"Talkpal is a language learning web and mobile education app, powered by the latest AI technologies, that provides engaging experiences to its customers in many different languages to help them improve their language skills. Users can chat about unlimited amount of topics with the app and use other modes to practice their language learning.\",\"email\":\"support@talkpal.ai\",\"legalName\":\"Talkpal, Inc.\",\"foundingDate\":\"2023-04-03\",\"duns\":\"118989042\",\"numberOfEmployees\":{\"@type\":\"QuantitativeValue\",\"minValue\":\"11\",\"maxValue\":\"50\"},\"publishingPrinciples\":\"https:\/\/talkpal.ai\/publishing-principles\/\",\"actionableFeedbackPolicy\":\"https:\/\/talkpal.ai\/actionable-feedback-policy\/\",\"correctionsPolicy\":\"https:\/\/talkpal.ai\/corrections-policy\/\",\"ethicsPolicy\":\"https:\/\/talkpal.ai\/ethics-policy\/\",\"diversityPolicy\":\"https:\/\/talkpal.ai\/diversity-policy\/\",\"diversityStaffingReport\":\"https:\/\/talkpal.ai\/diversity-policy\/\"}]}<\/script>\n<!-- \/ Yoast SEO Premium plugin. -->","yoast_head_json":{"title":"\u0130span dili Qrammatika M\u0259\u015fql\u0259ri - Talkpal","description":"B\u00fct\u00fcn bacar\u0131q s\u0259viyy\u0259l\u0259ri \u00fc\u00e7\u00fcn n\u0259z\u0259rd\u0259 tutulmu\u015f interaktiv m\u0259\u015fql\u0259rl\u0259 \u0130span qrammatikan\u0131z\u0131 t\u0259kmill\u0259\u015fdirin. Fell\u0259ri, c\u00fcml\u0259 qurulu\u015funu, l\u00fc\u011f\u0259ti v\u0259 daha \u00e7oxunu m\u0259\u015fq edin!","robots":{"index":"index","follow":"follow","max-snippet":"max-snippet:-1","max-image-preview":"max-image-preview:large","max-video-preview":"max-video-preview:-1"},"canonical":"https:\/\/talkpal.ai\/az\/ispan-dili-qrammatika-m%c9%99sql%c9%99ri\/","og_locale":"az_AZ","og_type":"article","og_title":"\u0130span dili Qrammatika M\u0259\u015fql\u0259ri","og_description":"\u0130span dilinin qrammatikas\u0131 m\u00f6vzular\u0131 Yeni dil \u00f6yr\u0259nm\u0259k maraql\u0131 v\u0259 m\u00fckafatland\u0131r\u0131c\u0131 bir i\u015f ola bil\u0259r. \u0130span dili d\u0259 istisna deyil. D\u00fcnyada ikinci \u0259n \u00e7ox","og_url":"https:\/\/talkpal.ai\/az\/ispan-dili-qrammatika-m%c9%99sql%c9%99ri\/","og_site_name":"Talkpal","article_publisher":"https:\/\/www.facebook.com\/profile.php?id=100090733639311","article_modified_time":"2025-12-17T16:38:24+00:00","og_image":[{"width":512,"height":512,"url":"https:\/\/talkpal.ai\/wp-content\/uploads\/2023\/03\/spain.png","type":"image\/png"}],"twitter_card":"summary_large_image","twitter_site":"@talkpalai","twitter_misc":{"Est. reading time":"4 minutes"},"schema":{"@context":"https:\/\/schema.org","@graph":[{"@type":"WebPage","@id":"https:\/\/talkpal.ai\/az\/ispan-dili-qrammatika-m%c9%99sql%c9%99ri\/","url":"https:\/\/talkpal.ai\/az\/ispan-dili-qrammatika-m%c9%99sql%c9%99ri\/","name":"\u0130span dili Qrammatika M\u0259\u015fql\u0259ri - Talkpal","isPartOf":{"@id":"https:\/\/talkpal.ai\/az\/#website"},"primaryImageOfPage":{"@id":"https:\/\/talkpal.ai\/az\/ispan-dili-qrammatika-m%c9%99sql%c9%99ri\/#primaryimage"},"image":{"@id":"https:\/\/talkpal.ai\/az\/ispan-dili-qrammatika-m%c9%99sql%c9%99ri\/#primaryimage"},"thumbnailUrl":"https:\/\/talkpal.ai\/wp-content\/uploads\/2023\/03\/spain.png","datePublished":"2023-06-15T07:00:21+00:00","dateModified":"2025-12-17T16:38:24+00:00","description":"B\u00fct\u00fcn bacar\u0131q s\u0259viyy\u0259l\u0259ri \u00fc\u00e7\u00fcn n\u0259z\u0259rd\u0259 tutulmu\u015f interaktiv m\u0259\u015fql\u0259rl\u0259 \u0130span qrammatikan\u0131z\u0131 t\u0259kmill\u0259\u015fdirin. Fell\u0259ri, c\u00fcml\u0259 qurulu\u015funu, l\u00fc\u011f\u0259ti v\u0259 daha \u00e7oxunu m\u0259\u015fq edin!","breadcrumb":{"@id":"https:\/\/talkpal.ai\/az\/ispan-dili-qrammatika-m%c9%99sql%c9%99ri\/#breadcrumb"},"inLanguage":"az","potentialAction":[{"@type":"ReadAction","target":["https:\/\/talkpal.ai\/az\/ispan-dili-qrammatika-m%c9%99sql%c9%99ri\/"]}]},{"@type":"ImageObject","inLanguage":"az","@id":"https:\/\/talkpal.ai\/az\/ispan-dili-qrammatika-m%c9%99sql%c9%99ri\/#primaryimage","url":"https:\/\/talkpal.ai\/wp-content\/uploads\/2023\/03\/spain.png","contentUrl":"https:\/\/talkpal.ai\/wp-content\/uploads\/2023\/03\/spain.png","width":512,"height":512,"caption":"TalkPal AI learn Spanish"},{"@type":"BreadcrumbList","@id":"https:\/\/talkpal.ai\/az\/ispan-dili-qrammatika-m%c9%99sql%c9%99ri\/#breadcrumb","itemListElement":[{"@type":"ListItem","position":1,"name":"Homepage","item":"https:\/\/talkpal.ai\/az\/"},{"@type":"ListItem","position":2,"name":"\u0130span dili Qrammatika M\u0259\u015fql\u0259ri"}]},{"@type":"WebSite","@id":"https:\/\/talkpal.ai\/az\/#website","url":"https:\/\/talkpal.ai\/az\/","name":"Talkpal","description":"AI Language Learning","publisher":{"@id":"https:\/\/talkpal.ai\/az\/#organization"},"alternateName":"Talkpal AI","potentialAction":[{"@type":"SearchAction","target":{"@type":"EntryPoint","urlTemplate":"https:\/\/talkpal.ai\/az\/?s={search_term_string}"},"query-input":{"@type":"PropertyValueSpecification","valueRequired":true,"valueName":"search_term_string"}}],"inLanguage":"az"},{"@type":"Organization","@id":"https:\/\/talkpal.ai\/az\/#organization","name":"Talkpal, Inc.","alternateName":"Talkpal AI","url":"https:\/\/talkpal.ai\/az\/","logo":{"@type":"ImageObject","inLanguage":"az","@id":"https:\/\/talkpal.ai\/az\/#\/schema\/logo\/image\/","url":"https:\/\/talkpal.ai\/wp-content\/uploads\/2024\/03\/Talkpal-Logo-Icon.png","contentUrl":"https:\/\/talkpal.ai\/wp-content\/uploads\/2024\/03\/Talkpal-Logo-Icon.png","width":2880,"height":2880,"caption":"Talkpal, Inc."},"image":{"@id":"https:\/\/talkpal.ai\/az\/#\/schema\/logo\/image\/"},"sameAs":["https:\/\/www.facebook.com\/profile.php?id=100090733639311","https:\/\/x.com\/talkpalai","https:\/\/www.linkedin.com\/company\/talkpal\/","https:\/\/www.youtube.com\/@TalkPal\/","https:\/\/www.tiktok.com\/@talkpal","https:\/\/www.instagram.com\/talkpal_ai\/","https:\/\/www.crunchbase.com\/organization\/talkpal-9cde","https:\/\/www.g2.com\/products\/talkpal-for-business\/","https:\/\/www.trustpilot.com\/review\/talkpal.ai","https:\/\/www.capterra.com\/p\/10006800\/TalkPal\/"],"description":"Talkpal is a language learning web and mobile education app, powered by the latest AI technologies, that provides engaging experiences to its customers in many different languages to help them improve their language skills. Users can chat about unlimited amount of topics with the app and use other modes to practice their language learning.","email":"support@talkpal.ai","legalName":"Talkpal, Inc.","foundingDate":"2023-04-03","duns":"118989042","numberOfEmployees":{"@type":"QuantitativeValue","minValue":"11","maxValue":"50"},"publishingPrinciples":"https:\/\/talkpal.ai\/publishing-principles\/","actionableFeedbackPolicy":"https:\/\/talkpal.ai\/actionable-feedback-policy\/","correctionsPolicy":"https:\/\/talkpal.ai\/corrections-policy\/","ethicsPolicy":"https:\/\/talkpal.ai\/ethics-policy\/","diversityPolicy":"https:\/\/talkpal.ai\/diversity-policy\/","diversityStaffingReport":"https:\/\/talkpal.ai\/diversity-policy\/"}]}},"_links":{"self":[{"href":"https:\/\/talkpal.ai\/az\/wp-json\/wp\/v2\/pages\/131499","targetHints":{"allow":["GET"]}}],"collection":[{"href":"https:\/\/talkpal.ai\/az\/wp-json\/wp\/v2\/pages"}],"about":[{"href":"https:\/\/talkpal.ai\/az\/wp-json\/wp\/v2\/types\/page"}],"author":[{"embeddable":true,"href":"https:\/\/talkpal.ai\/az\/wp-json\/wp\/v2\/users\/1"}],"replies":[{"embeddable":true,"href":"https:\/\/talkpal.ai\/az\/wp-json\/wp\/v2\/comments?post=131499"}],"version-history":[{"count":0,"href":"https:\/\/talkpal.ai\/az\/wp-json\/wp\/v2\/pages\/131499\/revisions"}],"wp:featuredmedia":[{"embeddable":true,"href":"https:\/\/talkpal.ai\/az\/wp-json\/wp\/v2\/media\/75304"}],"wp:attachment":[{"href":"https:\/\/talkpal.ai\/az\/wp-json\/wp\/v2\/media?parent=131499"}],"curies":[{"name":"wp","href":"https:\/\/api.w.org\/{rel}","templated":true}]}}