{"id":131103,"date":"2023-05-14T13:53:24","date_gmt":"2023-05-14T13:53:24","guid":{"rendered":"http:\/\/talkpal.ai\/ukrayna-dilinin-qrammatikasi\/"},"modified":"2025-12-11T16:38:47","modified_gmt":"2025-12-11T16:38:47","slug":"ukrayna-dilinin-qrammatikasi","status":"publish","type":"page","link":"https:\/\/talkpal.ai\/az\/ukrayna-dilinin-qrammatikasi\/","title":{"rendered":"Ukrayna dilinin qrammatikas\u0131"},"content":{"rendered":"\r\n\r\n\r\n<section class=\"languageChallengeSection\">\r\n    <div class=\"languageInfoWrapper\">\r\n        \r\n        <h1>Ukrayna dilinin qrammatikas\u0131<\/h1>\r\n        <p><a href=\"https:\/\/talkpal.ai\/learn-ukrainian\/\">Ukrayna<\/a> dilinin \u0259sas qrammatik qaydalar\u0131n\u0131 \u00f6yr\u0259nm\u0259kl\u0259 onun strukturunu ara\u015fd\u0131r\u0131n. Ukrayna qrammatikas\u0131n\u0131 m\u0259nims\u0259m\u0259k siz\u0259 inamla \u00fcnsiyy\u0259t qurma\u011fa v\u0259 Ukrayna m\u0259d\u0259niyy\u0259ti v\u0259 irsi il\u0259 daha d\u0259rind\u0259n \u0259laq\u0259 saxlama\u011fa k\u00f6m\u0259k ed\u0259c\u0259k. Ukrayna qrammatikas\u0131 s\u0259yah\u0259tiniz\u0259 bu g\u00fcn ba\u015flay\u0131n v\u0259 s\u0259lis dan\u0131\u015fma\u011fa do\u011fru ilk add\u0131m\u0131 at\u0131n!<\/p>\r\n\r\n                            <a class=\"getStartedHidden\" href=\"https:\/\/app.talkpal.ai\/signup?lng=\">Ba\u015fla<\/a>\r\n        \r\n    <\/div>\r\n\r\n    <figure>\r\n    <img decoding=\"async\" width=\"768\" height=\"768\" src=\"https:\/\/talkpal.ai\/wp-content\/uploads\/2023\/06\/Ukrainian-768x768.png\" class=\"languageImage no-lazy\" alt=\"Language learning - Your doorway to the world\" fetchpriority=\"high\" sizes=\"(max-width: 768px) 150px, 768px\" srcset=\"https:\/\/talkpal.ai\/wp-content\/uploads\/2023\/06\/Ukrainian-768x768.png 768w, https:\/\/talkpal.ai\/wp-content\/uploads\/2023\/06\/Ukrainian-300x300.png 300w\" \/>\r\n    \r\n\r\n    <\/figure>\r\n\r\n            <a class=\"getStartedVisible\" href=\"https:\/\/app.talkpal.ai\/signup?lng=\">Ba\u015fla<\/a>\r\n    \r\n<\/section>\r\n<section class=\"promotionalBanner\">\r\n    <p class=\"promotionalText\">Dil \u00f6yr\u0259nm\u0259yin \u0259n t\u0259sirli yolu<\/p>\r\n    <a class=\"promotionalLink\" href=\"https:\/\/app.talkpal.ai\/signup?lng=\">Talkpal pulsuz s\u0131nay\u0131n<\/a>\r\n<\/section>\n<div class=\"wp-block-group pageContainerStyle\"><div class=\"wp-block-group__inner-container is-layout-constrained wp-block-group-is-layout-constrained\">\n<h2 class=\"wp-block-heading\" id=\"h-a-comprehensive-guide-to-mastering-ukrainian-grammar\">Ukrayna dilinin qrammatikas\u0131na yiy\u0259l\u0259nm\u0259k \u00fc\u00e7\u00fcn h\u0259rt\u0259r\u0259fli b\u0259l\u0259d\u00e7i<\/h2>\n\n\n\n<p>G\u00f6z\u0259l v\u0259 melodik dil olan Ukrayna dili b\u00fct\u00fcn d\u00fcnyada dil h\u0259v\u0259skarlar\u0131n\u0131n mara\u011f\u0131n\u0131 daha da art\u0131r\u0131b. <a href=\"https:\/\/talkpal.ai\/az\/ukrayna-dilini-oyr%c9%99n\/\">Ukrayna dilini<\/a> <a href=\"https:\/\/talkpal.ai\/az\/oyr%c9%99nm%c9%99k\/\">\u00f6yr\u0259nm\u0259k<\/a> siz\u0259 z\u0259ngin m\u0259d\u0259ni irs\u0259 \u00e7\u0131x\u0131\u015f imkan\u0131 verir v\u0259 Ukraynada v\u0259 qon\u015fu \u00f6lk\u0259l\u0259rd\u0259 milyonlarla insanla \u00fcnsiyy\u0259t qurma\u011fa imkan yarad\u0131r. Ukrayna qrammatikas\u0131na dalmaq \u0259vv\u0259lc\u0259 \u00f6z\u00fcn\u00fc qorxulu hiss ets\u0259 d\u0259, <a href=\"https:\/\/talkpal.ai\/locations\/language-courses-in-onda\/\">onda<\/a> m\u00f6hk\u0259m b\u00fcn\u00f6vr\u0259nin olmas\u0131 dilin n\u00fcanslar\u0131n\u0131 ara\u015fd\u0131rma\u011fa v\u0259 onun g\u00f6z\u0259lliyini tam d\u0259y\u0259rl\u0259ndirm\u0259y\u0259 imkan ver\u0259c\u0259k. Bu m\u0259qal\u0259 sizi Ukrayna dilinin qrammatikas\u0131 il\u0259 ba\u011fl\u0131 z\u0259ruri vasit\u0259l\u0259rl\u0259 add\u0131m-add\u0131m istiqam\u0259tl\u0259ndir\u0259c\u0259k v\u0259 dil s\u0259yah\u0259tiniz\u0259 \u0259minlikl\u0259 <a href=\"https:\/\/talkpal.ai\/ko\/ai-%ec%96%b8%ec%96%b4-%ea%b5%90%ec%82%ac\/\">ba\u015flamaq<\/a> \u00fc\u00e7\u00fcn t\u0259chiz ed\u0259c\u0259k.<\/p>\n\n\n\n<h3 class=\"wp-block-heading\" id=\"h-1-mastering-ukrainian-nouns-and-cases\">1. Ukrayna Noun v\u0259 Cases Mastering<\/h3>\n\n\n\n<p>Ukrayna dilinin qrammatikas\u0131n\u0131n m\u0259rk\u0259zi x\u00fcsusiyy\u0259ti onun i\u015f sistemidir. Nounlardan istifad\u0259 ed\u0259rk\u0259n onlar\u0131n cinsiyy\u0259tini (ki\u015fi, qad\u0131n v\u0259 ya neytri) bilm\u0259k laz\u0131md\u0131r. Onlar\u0131n sonluqlar\u0131nda d\u0259yi\u015fiklik t\u0259l\u0259b ed\u0259 bil\u0259c\u0259k kontekst\u0259 b\u0259l\u0259d olmaq laz\u0131md\u0131r. Ukrayna dilind\u0259 7 hal var:<\/p>\n\n\n\n<p>\u2013 Nominativ: c\u00fcml\u0259nin m\u00f6vzusu<\/p>\n\n\n\n<p>\u2013 Genitiv: sahiblik, k\u0259miyy\u0259t v\u0259 inkar\u0131 g\u00f6st\u0259r\u0259n<\/p>\n\n\n\n<p>\u2013 Dative: dolay\u0131 obyekt v\u0259 ya m\u0259qs\u0259d\u0259 do\u011fru h\u0259r\u0259k\u0259t<\/p>\n\n\n\n<p>\u2013 Akkusativ: bir \u015fey\u0259 y\u00f6n\u0259lmi\u015f birba\u015fa obyekt v\u0259 ya h\u0259r\u0259k\u0259t<\/p>\n\n\n\n<p>\u2013 Instrumental: h\u0259r\u0259k\u0259t vasit\u0259sini v\u0259 ya al\u0259tini bildirir<\/p>\n\n\n\n<p>\u2013 Lokativ: yeri g\u00f6st\u0259rir<\/p>\n\n\n\n<p>\u2013 Vocative: kim\u0259s\u0259 m\u00fcraci\u0259t etm\u0259k v\u0259 ya \u00e7a\u011f\u0131rmaq \u00fc\u00e7\u00fcn istifad\u0259 olunur<\/p>\n\n\n\n<p>\u0130stifad\u0259 olunan v\u0259ziyy\u0259t\u0259 v\u0259 ismin cinsin\u0259 v\u0259 say\u0131na g\u00f6r\u0259 d\u0259yi\u015fdikl\u0259ri \u00fc\u00e7\u00fcn isim sonlar\u0131na v\u0259 azalmalar\u0131na diqq\u0259t yetirm\u0259lisiniz.<\/p>\n\n\n\n<h3 class=\"wp-block-heading\" id=\"h-2-navigating-the-ukrainian-verb-system\">2. Ukrayna feil sisteminin s\u0259f\u0259rb\u0259r edilm\u0259si<\/h3>\n\n\n\n<p>Ukrayna feill\u0259ri \u015f\u0259xs, say, g\u0259rgin, \u0259hval-ruhiyy\u0259 v\u0259 s\u0259s \u0259sas\u0131nda c\u0259ml\u0259\u015fmi\u015fdir. Ukrayna dilind\u0259 feill\u0259rin d\u00f6rd c\u0259h\u0259ti var \u2013 kamil, qeyri-kamil, iterativ v\u0259 inkeptik:<\/p>\n\n\n\n<p>\u2013 M\u00fck\u0259mm\u0259l: tamamlanm\u0131\u015f h\u0259r\u0259k\u0259tl\u0259ri bildirir<\/p>\n\n\n\n<p>\u2013 Qeyri-kamil: davam ed\u0259n, adi v\u0259 ya t\u0259krarlanan h\u0259r\u0259k\u0259tl\u0259ri t\u0259svir edir<\/p>\n\n\n\n<p>\u2013 \u0130terativ: m\u00fc\u0259yy\u0259n intervalda t\u0259krarlanan h\u0259r\u0259k\u0259tl\u0259ri \u00e7atd\u0131r\u0131r<\/p>\n\n\n\n<p>\u2013 Inceptive: bir h\u0259r\u0259k\u0259tin ba\u015flan\u011f\u0131c\u0131n\u0131 g\u00f6st\u0259rir<\/p>\n\n\n\n<p>Ukrayna feil sistemini s\u0259f\u0259rb\u0259r etm\u0259k \u00fc\u00e7\u00fcn \u00fc\u00e7 \u0259sas feil konyunkasiyas\u0131 il\u0259 tan\u0131\u015f olmaq laz\u0131md\u0131r. Konyunkasiya prosesi feil k\u00f6k\u00fcn\u00fcn sonluqlar\u0131n\u0131 g\u0259rginliy\u0259, \u0259hval-ruhiyy\u0259y\u0259 v\u0259 m\u00f6vzuya g\u00f6r\u0259 d\u0259yi\u015fm\u0259yi \u00f6z\u00fcn\u0259 daxil edir.<\/p>\n\n\n\n<h3 class=\"wp-block-heading\" id=\"h-3-perfecting-ukrainian-adjectives-and-pronouns\">3. Ukrayna Adjectives v\u0259 Pronouns m\u00fck\u0259mm\u0259l<\/h3>\n\n\n\n<p>Ukrayna dilind\u0259 adjectives t\u0259svir etdikl\u0259ri noun il\u0259, cins, r\u0259q\u0259m v\u0259 case il\u0259 raz\u0131 olmal\u0131d\u0131r. Bu o dem\u0259kdir ki, adjective istifad\u0259 ed\u0259rk\u0259n onun sonlar\u0131na diqq\u0259tli olmaq laz\u0131md\u0131r, \u00e7\u00fcnki onlar noun il\u0259 uy\u011funla\u015fd\u0131rmaq \u00fc\u00e7\u00fcn d\u0259yi\u015f\u0259c\u0259k. Bundan \u0259lav\u0259, Ukrayna dilind\u0259 adjectives ya uzun, ya da q\u0131sa formalar ola bil\u0259r. H\u0259r biri kontekstd\u0259n as\u0131l\u0131 olaraq istifad\u0259 ed\u0259 bil\u0259r.<\/p>\n\n\n\n<p>Pronouns nouns \u0259v\u0259zin\u0259 istifad\u0259 olunur v\u0259 onlar\u0131n \u0259v\u0259z etdiyi noun il\u0259, cins, \u0259d\u0259d v\u0259 case il\u0259 d\u0259 raz\u0131la\u015fmal\u0131d\u0131r. Ukrayna dilind\u0259 \u015f\u0259xs \u0259v\u0259zlikl\u0259rin\u0259 \u201c\u044f\u201d (I), \u201c\u0442\u0438\u201d (s\u0259n, t\u0259k), \u201c\u0432\u0456\u043d\/\u0432\u043e\u043d\u0430\/\u0432\u043e\u043d\u043e\u201d (he\/she\/it), \u201c\u043c\u0438\u201d (biz), \u201c\u0432\u0438\u201d (s\u0259n, c\u0259m) daxildir. v\u0259 ya formal) v\u0259 \u201cvoni\u201d (onlar). Ukrayna dilind\u0259 d\u0259 sahibli, n\u00fcmayi\u015fkar v\u0259 nisgilli t\u0259l\u0259ff\u00fczl\u0259r m\u00f6vcuddur.<\/p>\n\n\n\n<h3 class=\"wp-block-heading\" id=\"h-4-putting-it-all-together-sentence-structure\">4. Ham\u0131s\u0131n\u0131 bir yer\u0259 y\u0131\u011fmaq. C\u00fcml\u0259 qurulu\u015fu<\/h3>\n\n\n\n<p>Ukrayna dili ingilis dilin\u0259 ox\u015far olan m\u00f6vzu-verb-object (SVO) c\u00fcml\u0259 qurulu\u015funu izl\u0259yir. Lakin ingilis dilind\u0259n f\u0259rqli olaraq, Ukraynal\u0131 \u00f6z case sistemin\u0259 g\u00f6r\u0259 s\u00f6z s\u0131ras\u0131 il\u0259 daha \u00e7evikdir. Bu \u015f\u0259rait natiql\u0259r\u0259 c\u00fcml\u0259 daxilind\u0259 m\u00fcxt\u0259lif m\u00f6vqel\u0259rd\u0259 yerl\u0259\u015fdirm\u0259kl\u0259 konkret s\u00f6z v\u0259 ya fikirl\u0259ri vur\u011fulama\u011fa imkan verir. Bu \u00e7oxlu\u011fa yiy\u0259l\u0259nm\u0259k \u00fc\u00e7\u00fcn vaxt t\u0259l\u0259b olunsa da, bu, ukrayna dilind\u0259 daha \u00e7ox inc\u0259s\u0259n\u0259t v\u0259 r\u0259van \u015f\u0259kild\u0259 \u00f6z fikirl\u0259rini ifad\u0259 etm\u0259y\u0259 imkan verir.<\/p>\n\n\n\n<h3 class=\"wp-block-heading\" id=\"h-conclusion\">N\u0259tic\u0259<\/h3>\n\n\n\n<p>Ukrayna dil s\u0259yah\u0259tin\u0259 ba\u015flayanda unutmay\u0131n ki, qrammatikada s\u0259lis olmaq praktika v\u0259 \u0259zmkarl\u0131q t\u0259l\u0259b edir. Ukrayna dilinin qrammatikas\u0131n\u0131n m\u00fcxt\u0259lif aspektl\u0259ri il\u0259 t\u0259dric\u0259n tan\u0131\u015f olun: isim v\u0259 hallardan tutmu\u015f feil v\u0259 c\u00fcml\u0259 qurulu\u015funa q\u0259d\u0259r. \u00d6yr\u0259nm\u0259 prosesind\u0259n z\u00f6vq al\u0131n v\u0259 Ukrayna dilinin g\u00f6z\u0259lliyi v\u0259 ifad\u0259liliyi il\u0259 sevinin. \u0412\u0434\u0430\u0447\u0456! (Nu\u015f olsun!)<\/p>\n<\/div><\/div>\n\r\n<section class=\"learnNavigationSection\">\r\n            \r\n        <a href=\"https:\/\/talkpal.ai\/az\/ukrayna-dilini-oyr%c9%99n\/\">\r\n            <div class=\"learnNavigationWrapper\">\r\n                <div class=\"learnNavigationContent\">\r\n                    <img decoding=\"async\" src=\"https:\/\/talkpal.ai\/wp-content\/uploads\/2024\/08\/Ukrainian.jpg\" alt=\"Ukrainian Flag\">\r\n                    <div>\r\n                        <h4>Ukrayna \u00d6yr\u0259nilm\u0259si Haqq\u0131nda<\/h4>\r\n                        <p>Ukrayna dilinin qrammatikas\u0131 haqq\u0131nda h\u0259r \u015feyi \u00f6yr\u0259nin.<\/p>\r\n                    <\/div>\r\n                <\/div>\r\n            <\/div>\r\n        <\/a>\r\n\r\n        \r\n        <a href=\"https:\/\/talkpal.ai\/az\/ukrayna-qrammatika-m%c9%99sql%c9%99ri\/\">\r\n            <div class=\"learnNavigationWrapper\">\r\n                <div class=\"learnNavigationContent\">\r\n                    <img decoding=\"async\" src=\"https:\/\/talkpal.ai\/wp-content\/uploads\/2024\/08\/Ukrainian.jpg\" alt=\"Ukrainian Flag\">\r\n                    <div>\r\n                        <h4>Ukrayna qrammatikas\u0131 m\u0259\u015fqi<\/h4>\r\n                        <p>Ukrayna dilinin qrammatikas\u0131.<\/p>\r\n                    <\/div>\r\n                <\/div>\r\n            <\/div>\r\n        <\/a>\r\n\r\n        \r\n        <a href=\"https:\/\/talkpal.ai\/vocabulary_language\/ukrainian\/\">\r\n            <div class=\"learnNavigationWrapper\">\r\n                <div class=\"learnNavigationContent\">\r\n                    <img decoding=\"async\" src=\"https:\/\/talkpal.ai\/wp-content\/uploads\/2024\/08\/Ukrainian.jpg\" alt=\"Ukrainian Flag\">\r\n                    <div>\r\n                        <h4>Ukrayna l\u00fc\u011f\u0259ti<\/h4>\r\n                        <p>Ukrayna l\u00fc\u011f\u0259tinizi geni\u015fl\u0259ndirin.<\/p>\r\n                    <\/div>\r\n                <\/div>\r\n            <\/div>\r\n        <\/a>\r\n\r\n            <\/section>","protected":false},"excerpt":{"rendered":"<p>Ukrayna dilinin qrammatikas\u0131na yiy\u0259l\u0259nm\u0259k \u00fc\u00e7\u00fcn h\u0259rt\u0259r\u0259fli b\u0259l\u0259d\u00e7i G\u00f6z\u0259l v\u0259 melodik dil olan Ukrayna dili b\u00fct\u00fcn d\u00fcnyada dil h\u0259v\u0259skarlar\u0131n\u0131n mara\u011f\u0131n\u0131 daha da art\u0131r\u0131b. Ukrayna dilini \u00f6yr\u0259nm\u0259k siz\u0259 z\u0259ngin m\u0259d\u0259ni irs\u0259 \u00e7\u0131x\u0131\u015f imkan\u0131 verir v\u0259 Ukraynada v\u0259 qon\u015fu \u00f6lk\u0259l\u0259rd\u0259 milyonlarla insanla \u00fcnsiyy\u0259t qurma\u011fa imkan yarad\u0131r. Ukrayna qrammatikas\u0131na dalmaq \u0259vv\u0259lc\u0259 \u00f6z\u00fcn\u00fc qorxulu hiss ets\u0259 d\u0259, onda m\u00f6hk\u0259m b\u00fcn\u00f6vr\u0259nin [&hellip;]<\/p>\n","protected":false},"author":1,"featured_media":108555,"parent":0,"menu_order":0,"comment_status":"closed","ping_status":"closed","template":"LearningContentPage.php","meta":{"_acf_changed":false,"footnotes":""},"class_list":["post-131103","page","type-page","status-publish","has-post-thumbnail","hentry"],"acf":[],"yoast_head":"<!-- This site is optimized with the Yoast SEO Premium plugin v27.2 (Yoast SEO v27.2) - https:\/\/yoast.com\/product\/yoast-seo-premium-wordpress\/ -->\n<title>Ukrayna dilinin qrammatikas\u0131 - Talkpal<\/title>\n<meta name=\"description\" content=\"Dil \u00f6yr\u0259nm\u0259 s\u0259yah\u0259tinizi art\u0131rmaq \u00fc\u00e7\u00fcn \u0259sas m\u0259sl\u0259h\u0259tl\u0259r v\u0259 anlay\u0131\u015flarla Ukrayna Qrammatikas\u0131n\u0131n g\u00f6z\u0259lliyini a\u00e7\u0131n.\" \/>\n<meta name=\"robots\" content=\"index, follow, max-snippet:-1, max-image-preview:large, max-video-preview:-1\" \/>\n<link rel=\"canonical\" href=\"https:\/\/talkpal.ai\/az\/ukrayna-dilinin-qrammatikasi\/\" \/>\n<meta property=\"og:locale\" content=\"az_AZ\" \/>\n<meta property=\"og:type\" content=\"article\" \/>\n<meta property=\"og:title\" content=\"Ukrayna dilinin qrammatikas\u0131\" \/>\n<meta property=\"og:description\" content=\"Ukrayna dilinin qrammatikas\u0131na yiy\u0259l\u0259nm\u0259k \u00fc\u00e7\u00fcn h\u0259rt\u0259r\u0259fli b\u0259l\u0259d\u00e7i G\u00f6z\u0259l v\u0259 melodik dil olan Ukrayna dili b\u00fct\u00fcn d\u00fcnyada dil h\u0259v\u0259skarlar\u0131n\u0131n mara\u011f\u0131n\u0131 daha\" \/>\n<meta property=\"og:url\" content=\"https:\/\/talkpal.ai\/az\/ukrayna-dilinin-qrammatikasi\/\" \/>\n<meta property=\"og:site_name\" content=\"Talkpal\" \/>\n<meta property=\"article:publisher\" content=\"https:\/\/www.facebook.com\/profile.php?id=100090733639311\" \/>\n<meta property=\"article:modified_time\" content=\"2025-12-11T16:38:47+00:00\" \/>\n<meta property=\"og:image\" content=\"https:\/\/talkpal.ai\/wp-content\/uploads\/2023\/04\/ukraine.png\" \/>\n\t<meta property=\"og:image:width\" content=\"512\" \/>\n\t<meta property=\"og:image:height\" content=\"512\" \/>\n\t<meta property=\"og:image:type\" content=\"image\/png\" \/>\n<meta name=\"twitter:card\" content=\"summary_large_image\" \/>\n<meta name=\"twitter:site\" content=\"@talkpalai\" \/>\n<meta name=\"twitter:label1\" content=\"Est. reading time\" \/>\n\t<meta name=\"twitter:data1\" content=\"4 minutes\" \/>\n<script type=\"application\/ld+json\" class=\"yoast-schema-graph\">{\"@context\":\"https:\/\/schema.org\",\"@graph\":[{\"@type\":\"WebPage\",\"@id\":\"https:\/\/talkpal.ai\/az\/ukrayna-dilinin-qrammatikasi\/\",\"url\":\"https:\/\/talkpal.ai\/az\/ukrayna-dilinin-qrammatikasi\/\",\"name\":\"Ukrayna dilinin qrammatikas\u0131 - Talkpal\",\"isPartOf\":{\"@id\":\"https:\/\/talkpal.ai\/az\/#website\"},\"primaryImageOfPage\":{\"@id\":\"https:\/\/talkpal.ai\/az\/ukrayna-dilinin-qrammatikasi\/#primaryimage\"},\"image\":{\"@id\":\"https:\/\/talkpal.ai\/az\/ukrayna-dilinin-qrammatikasi\/#primaryimage\"},\"thumbnailUrl\":\"https:\/\/talkpal.ai\/wp-content\/uploads\/2023\/04\/ukraine.png\",\"datePublished\":\"2023-05-14T13:53:24+00:00\",\"dateModified\":\"2025-12-11T16:38:47+00:00\",\"description\":\"Dil \u00f6yr\u0259nm\u0259 s\u0259yah\u0259tinizi art\u0131rmaq \u00fc\u00e7\u00fcn \u0259sas m\u0259sl\u0259h\u0259tl\u0259r v\u0259 anlay\u0131\u015flarla Ukrayna Qrammatikas\u0131n\u0131n g\u00f6z\u0259lliyini a\u00e7\u0131n.\",\"breadcrumb\":{\"@id\":\"https:\/\/talkpal.ai\/az\/ukrayna-dilinin-qrammatikasi\/#breadcrumb\"},\"inLanguage\":\"az\",\"potentialAction\":[{\"@type\":\"ReadAction\",\"target\":[\"https:\/\/talkpal.ai\/az\/ukrayna-dilinin-qrammatikasi\/\"]}]},{\"@type\":\"ImageObject\",\"inLanguage\":\"az\",\"@id\":\"https:\/\/talkpal.ai\/az\/ukrayna-dilinin-qrammatikasi\/#primaryimage\",\"url\":\"https:\/\/talkpal.ai\/wp-content\/uploads\/2023\/04\/ukraine.png\",\"contentUrl\":\"https:\/\/talkpal.ai\/wp-content\/uploads\/2023\/04\/ukraine.png\",\"width\":512,\"height\":512,\"caption\":\"TalkPal Ukrainian Flag\"},{\"@type\":\"BreadcrumbList\",\"@id\":\"https:\/\/talkpal.ai\/az\/ukrayna-dilinin-qrammatikasi\/#breadcrumb\",\"itemListElement\":[{\"@type\":\"ListItem\",\"position\":1,\"name\":\"Homepage\",\"item\":\"https:\/\/talkpal.ai\/az\/\"},{\"@type\":\"ListItem\",\"position\":2,\"name\":\"Ukrayna dilinin qrammatikas\u0131\"}]},{\"@type\":\"WebSite\",\"@id\":\"https:\/\/talkpal.ai\/az\/#website\",\"url\":\"https:\/\/talkpal.ai\/az\/\",\"name\":\"Talkpal\",\"description\":\"AI Language Learning\",\"publisher\":{\"@id\":\"https:\/\/talkpal.ai\/az\/#organization\"},\"alternateName\":\"Talkpal AI\",\"potentialAction\":[{\"@type\":\"SearchAction\",\"target\":{\"@type\":\"EntryPoint\",\"urlTemplate\":\"https:\/\/talkpal.ai\/az\/?s={search_term_string}\"},\"query-input\":{\"@type\":\"PropertyValueSpecification\",\"valueRequired\":true,\"valueName\":\"search_term_string\"}}],\"inLanguage\":\"az\"},{\"@type\":\"Organization\",\"@id\":\"https:\/\/talkpal.ai\/az\/#organization\",\"name\":\"Talkpal, Inc.\",\"alternateName\":\"Talkpal AI\",\"url\":\"https:\/\/talkpal.ai\/az\/\",\"logo\":{\"@type\":\"ImageObject\",\"inLanguage\":\"az\",\"@id\":\"https:\/\/talkpal.ai\/az\/#\/schema\/logo\/image\/\",\"url\":\"https:\/\/talkpal.ai\/wp-content\/uploads\/2024\/03\/Talkpal-Logo-Icon.png\",\"contentUrl\":\"https:\/\/talkpal.ai\/wp-content\/uploads\/2024\/03\/Talkpal-Logo-Icon.png\",\"width\":2880,\"height\":2880,\"caption\":\"Talkpal, Inc.\"},\"image\":{\"@id\":\"https:\/\/talkpal.ai\/az\/#\/schema\/logo\/image\/\"},\"sameAs\":[\"https:\/\/www.facebook.com\/profile.php?id=100090733639311\",\"https:\/\/x.com\/talkpalai\",\"https:\/\/www.linkedin.com\/company\/talkpal\/\",\"https:\/\/www.youtube.com\/@TalkPal\/\",\"https:\/\/www.tiktok.com\/@talkpal\",\"https:\/\/www.instagram.com\/talkpal_ai\/\",\"https:\/\/www.crunchbase.com\/organization\/talkpal-9cde\",\"https:\/\/www.g2.com\/products\/talkpal-for-business\/\",\"https:\/\/www.trustpilot.com\/review\/talkpal.ai\",\"https:\/\/www.capterra.com\/p\/10006800\/TalkPal\/\"],\"description\":\"Talkpal is a language learning web and mobile education app, powered by the latest AI technologies, that provides engaging experiences to its customers in many different languages to help them improve their language skills. Users can chat about unlimited amount of topics with the app and use other modes to practice their language learning.\",\"email\":\"support@talkpal.ai\",\"legalName\":\"Talkpal, Inc.\",\"foundingDate\":\"2023-04-03\",\"duns\":\"118989042\",\"numberOfEmployees\":{\"@type\":\"QuantitativeValue\",\"minValue\":\"11\",\"maxValue\":\"50\"},\"publishingPrinciples\":\"https:\/\/talkpal.ai\/publishing-principles\/\",\"actionableFeedbackPolicy\":\"https:\/\/talkpal.ai\/actionable-feedback-policy\/\",\"correctionsPolicy\":\"https:\/\/talkpal.ai\/corrections-policy\/\",\"ethicsPolicy\":\"https:\/\/talkpal.ai\/ethics-policy\/\",\"diversityPolicy\":\"https:\/\/talkpal.ai\/diversity-policy\/\",\"diversityStaffingReport\":\"https:\/\/talkpal.ai\/diversity-policy\/\"}]}<\/script>\n<!-- \/ Yoast SEO Premium plugin. -->","yoast_head_json":{"title":"Ukrayna dilinin qrammatikas\u0131 - Talkpal","description":"Dil \u00f6yr\u0259nm\u0259 s\u0259yah\u0259tinizi art\u0131rmaq \u00fc\u00e7\u00fcn \u0259sas m\u0259sl\u0259h\u0259tl\u0259r v\u0259 anlay\u0131\u015flarla Ukrayna Qrammatikas\u0131n\u0131n g\u00f6z\u0259lliyini a\u00e7\u0131n.","robots":{"index":"index","follow":"follow","max-snippet":"max-snippet:-1","max-image-preview":"max-image-preview:large","max-video-preview":"max-video-preview:-1"},"canonical":"https:\/\/talkpal.ai\/az\/ukrayna-dilinin-qrammatikasi\/","og_locale":"az_AZ","og_type":"article","og_title":"Ukrayna dilinin qrammatikas\u0131","og_description":"Ukrayna dilinin qrammatikas\u0131na yiy\u0259l\u0259nm\u0259k \u00fc\u00e7\u00fcn h\u0259rt\u0259r\u0259fli b\u0259l\u0259d\u00e7i G\u00f6z\u0259l v\u0259 melodik dil olan Ukrayna dili b\u00fct\u00fcn d\u00fcnyada dil h\u0259v\u0259skarlar\u0131n\u0131n mara\u011f\u0131n\u0131 daha","og_url":"https:\/\/talkpal.ai\/az\/ukrayna-dilinin-qrammatikasi\/","og_site_name":"Talkpal","article_publisher":"https:\/\/www.facebook.com\/profile.php?id=100090733639311","article_modified_time":"2025-12-11T16:38:47+00:00","og_image":[{"width":512,"height":512,"url":"https:\/\/talkpal.ai\/wp-content\/uploads\/2023\/04\/ukraine.png","type":"image\/png"}],"twitter_card":"summary_large_image","twitter_site":"@talkpalai","twitter_misc":{"Est. reading time":"4 minutes"},"schema":{"@context":"https:\/\/schema.org","@graph":[{"@type":"WebPage","@id":"https:\/\/talkpal.ai\/az\/ukrayna-dilinin-qrammatikasi\/","url":"https:\/\/talkpal.ai\/az\/ukrayna-dilinin-qrammatikasi\/","name":"Ukrayna dilinin qrammatikas\u0131 - Talkpal","isPartOf":{"@id":"https:\/\/talkpal.ai\/az\/#website"},"primaryImageOfPage":{"@id":"https:\/\/talkpal.ai\/az\/ukrayna-dilinin-qrammatikasi\/#primaryimage"},"image":{"@id":"https:\/\/talkpal.ai\/az\/ukrayna-dilinin-qrammatikasi\/#primaryimage"},"thumbnailUrl":"https:\/\/talkpal.ai\/wp-content\/uploads\/2023\/04\/ukraine.png","datePublished":"2023-05-14T13:53:24+00:00","dateModified":"2025-12-11T16:38:47+00:00","description":"Dil \u00f6yr\u0259nm\u0259 s\u0259yah\u0259tinizi art\u0131rmaq \u00fc\u00e7\u00fcn \u0259sas m\u0259sl\u0259h\u0259tl\u0259r v\u0259 anlay\u0131\u015flarla Ukrayna Qrammatikas\u0131n\u0131n g\u00f6z\u0259lliyini a\u00e7\u0131n.","breadcrumb":{"@id":"https:\/\/talkpal.ai\/az\/ukrayna-dilinin-qrammatikasi\/#breadcrumb"},"inLanguage":"az","potentialAction":[{"@type":"ReadAction","target":["https:\/\/talkpal.ai\/az\/ukrayna-dilinin-qrammatikasi\/"]}]},{"@type":"ImageObject","inLanguage":"az","@id":"https:\/\/talkpal.ai\/az\/ukrayna-dilinin-qrammatikasi\/#primaryimage","url":"https:\/\/talkpal.ai\/wp-content\/uploads\/2023\/04\/ukraine.png","contentUrl":"https:\/\/talkpal.ai\/wp-content\/uploads\/2023\/04\/ukraine.png","width":512,"height":512,"caption":"TalkPal Ukrainian Flag"},{"@type":"BreadcrumbList","@id":"https:\/\/talkpal.ai\/az\/ukrayna-dilinin-qrammatikasi\/#breadcrumb","itemListElement":[{"@type":"ListItem","position":1,"name":"Homepage","item":"https:\/\/talkpal.ai\/az\/"},{"@type":"ListItem","position":2,"name":"Ukrayna dilinin qrammatikas\u0131"}]},{"@type":"WebSite","@id":"https:\/\/talkpal.ai\/az\/#website","url":"https:\/\/talkpal.ai\/az\/","name":"Talkpal","description":"AI Language Learning","publisher":{"@id":"https:\/\/talkpal.ai\/az\/#organization"},"alternateName":"Talkpal AI","potentialAction":[{"@type":"SearchAction","target":{"@type":"EntryPoint","urlTemplate":"https:\/\/talkpal.ai\/az\/?s={search_term_string}"},"query-input":{"@type":"PropertyValueSpecification","valueRequired":true,"valueName":"search_term_string"}}],"inLanguage":"az"},{"@type":"Organization","@id":"https:\/\/talkpal.ai\/az\/#organization","name":"Talkpal, Inc.","alternateName":"Talkpal AI","url":"https:\/\/talkpal.ai\/az\/","logo":{"@type":"ImageObject","inLanguage":"az","@id":"https:\/\/talkpal.ai\/az\/#\/schema\/logo\/image\/","url":"https:\/\/talkpal.ai\/wp-content\/uploads\/2024\/03\/Talkpal-Logo-Icon.png","contentUrl":"https:\/\/talkpal.ai\/wp-content\/uploads\/2024\/03\/Talkpal-Logo-Icon.png","width":2880,"height":2880,"caption":"Talkpal, Inc."},"image":{"@id":"https:\/\/talkpal.ai\/az\/#\/schema\/logo\/image\/"},"sameAs":["https:\/\/www.facebook.com\/profile.php?id=100090733639311","https:\/\/x.com\/talkpalai","https:\/\/www.linkedin.com\/company\/talkpal\/","https:\/\/www.youtube.com\/@TalkPal\/","https:\/\/www.tiktok.com\/@talkpal","https:\/\/www.instagram.com\/talkpal_ai\/","https:\/\/www.crunchbase.com\/organization\/talkpal-9cde","https:\/\/www.g2.com\/products\/talkpal-for-business\/","https:\/\/www.trustpilot.com\/review\/talkpal.ai","https:\/\/www.capterra.com\/p\/10006800\/TalkPal\/"],"description":"Talkpal is a language learning web and mobile education app, powered by the latest AI technologies, that provides engaging experiences to its customers in many different languages to help them improve their language skills. Users can chat about unlimited amount of topics with the app and use other modes to practice their language learning.","email":"support@talkpal.ai","legalName":"Talkpal, Inc.","foundingDate":"2023-04-03","duns":"118989042","numberOfEmployees":{"@type":"QuantitativeValue","minValue":"11","maxValue":"50"},"publishingPrinciples":"https:\/\/talkpal.ai\/publishing-principles\/","actionableFeedbackPolicy":"https:\/\/talkpal.ai\/actionable-feedback-policy\/","correctionsPolicy":"https:\/\/talkpal.ai\/corrections-policy\/","ethicsPolicy":"https:\/\/talkpal.ai\/ethics-policy\/","diversityPolicy":"https:\/\/talkpal.ai\/diversity-policy\/","diversityStaffingReport":"https:\/\/talkpal.ai\/diversity-policy\/"}]}},"_links":{"self":[{"href":"https:\/\/talkpal.ai\/az\/wp-json\/wp\/v2\/pages\/131103","targetHints":{"allow":["GET"]}}],"collection":[{"href":"https:\/\/talkpal.ai\/az\/wp-json\/wp\/v2\/pages"}],"about":[{"href":"https:\/\/talkpal.ai\/az\/wp-json\/wp\/v2\/types\/page"}],"author":[{"embeddable":true,"href":"https:\/\/talkpal.ai\/az\/wp-json\/wp\/v2\/users\/1"}],"replies":[{"embeddable":true,"href":"https:\/\/talkpal.ai\/az\/wp-json\/wp\/v2\/comments?post=131103"}],"version-history":[{"count":0,"href":"https:\/\/talkpal.ai\/az\/wp-json\/wp\/v2\/pages\/131103\/revisions"}],"wp:featuredmedia":[{"embeddable":true,"href":"https:\/\/talkpal.ai\/az\/wp-json\/wp\/v2\/media\/108555"}],"wp:attachment":[{"href":"https:\/\/talkpal.ai\/az\/wp-json\/wp\/v2\/media?parent=131103"}],"curies":[{"name":"wp","href":"https:\/\/api.w.org\/{rel}","templated":true}]}}