{"id":130718,"date":"2023-05-14T13:53:07","date_gmt":"2023-05-14T13:53:07","guid":{"rendered":"http:\/\/talkpal.ai\/isvec-qrammatikasi\/"},"modified":"2025-12-11T16:34:12","modified_gmt":"2025-12-11T16:34:12","slug":"isvec-qrammatikasi","status":"publish","type":"page","link":"https:\/\/talkpal.ai\/az\/isvec-qrammatikasi\/","title":{"rendered":"\u0130sve\u00e7 qrammatikas\u0131"},"content":{"rendered":"\r\n\r\n\r\n<section class=\"languageChallengeSection\">\r\n    <div class=\"languageInfoWrapper\">\r\n        \r\n        <h1>\u0130sve\u00e7 qrammatikas\u0131<\/h1>\r\n        <p>\u0130sve\u00e7 dilinin \u0259sas qrammatik qaydalar\u0131n\u0131 m\u0259nims\u0259m\u0259kl\u0259 onun g\u00f6z\u0259lliyini a\u00e7\u0131n. \u0130sve\u00e7 dilinin qrammatikas\u0131n\u0131 yax\u015f\u0131 ba\u015fa d\u00fc\u015fm\u0259k siz\u0259 inamla \u00fcnsiyy\u0259t qurma\u011fa v\u0259 \u0130sve\u00e7 m\u0259d\u0259niyy\u0259ti il\u0259 \u0259laq\u0259 saxlama\u011fa imkan ver\u0259c\u0259k. Bu g\u00fcn \u0130sve\u00e7 qrammatikas\u0131n\u0131 \u00f6yr\u0259nm\u0259y\u0259 ba\u015flay\u0131n v\u0259 s\u0259lis dan\u0131\u015fma\u011fa do\u011fru ilk add\u0131m\u0131n\u0131z\u0131 at\u0131n!<\/p>\r\n\r\n                            <a class=\"getStartedHidden\" href=\"https:\/\/app.talkpal.ai\/signup?lng=\">Ba\u015fla<\/a>\r\n        \r\n    <\/div>\r\n\r\n    <figure>\r\n    <img decoding=\"async\" width=\"768\" height=\"768\" src=\"https:\/\/talkpal.ai\/wp-content\/uploads\/2023\/06\/swedish-768x768.png\" class=\"languageImage no-lazy\" alt=\"Language learning for improved concentration\" fetchpriority=\"high\" sizes=\"(max-width: 768px) 150px, 768px\" srcset=\"https:\/\/talkpal.ai\/wp-content\/uploads\/2023\/06\/swedish-768x768.png 768w, https:\/\/talkpal.ai\/wp-content\/uploads\/2023\/06\/swedish-300x300.png 300w\" \/>\r\n    \r\n\r\n    <\/figure>\r\n\r\n            <a class=\"getStartedVisible\" href=\"https:\/\/app.talkpal.ai\/signup?lng=\">Ba\u015fla<\/a>\r\n    \r\n<\/section>\r\n<section class=\"promotionalBanner\">\r\n    <p class=\"promotionalText\">Dil \u00f6yr\u0259nm\u0259yin \u0259n t\u0259sirli yolu<\/p>\r\n    <a class=\"promotionalLink\" href=\"https:\/\/app.talkpal.ai\/signup?lng=\">Talkpal pulsuz s\u0131nay\u0131n<\/a>\r\n<\/section>\n<div class=\"wp-block-group pageContainerStyle\"><div class=\"wp-block-group__inner-container is-layout-constrained wp-block-group-is-layout-constrained\">\n<h2 class=\"wp-block-heading\" id=\"h-demystifying-swedish-grammar-a-comprehensive-guide-to-master-its-rules-and-nuances\">\u0130sve\u00e7 dilinin qrammatikas\u0131n\u0131 demisstifikasiya ed\u0259n: Onun qaydalar\u0131 v\u0259 n\u00fcanslar\u0131n\u0131 ustal\u0131qla bil\u0259n h\u0259rt\u0259r\u0259fli b\u0259l\u0259d\u00e7i<\/h2>\n\n\n\n<p>T\u0259qrib\u0259n 10 milyon insan t\u0259r\u0259find\u0259n dan\u0131\u015f\u0131lan \u0130sve\u00e7 dili, \u015eimali Alman dil ail\u0259sin\u0259 aid z\u0259ngin v\u0259 melodik bir dildir. \u0130sve\u00e7 dilinin qrammatikas\u0131 b\u0259zi dig\u0259r dill\u0259rl\u0259 m\u00fcqayis\u0259d\u0259 nisb\u0259t\u0259n sad\u0259 olsa da, onun qaydalar\u0131n\u0131 v\u0259 qurulu\u015funu ba\u015fa d\u00fc\u015fm\u0259k dil s\u0259ri\u015ft\u0259sini art\u0131rmaqda \u0259sas rol oynay\u0131r. Bu m\u0259qal\u0259d\u0259 biz siz\u0259 \u0130sve\u00e7 dilinin qrammatikas\u0131n\u0131n \u0259sas aspektl\u0259ri il\u0259 ba\u011fl\u0131 b\u0259l\u0259d\u00e7ilik ed\u0259c\u0259yik v\u0259 \u0130sve\u00e7 dili bacar\u0131qlar\u0131n\u0131z\u0131 art\u0131rmaq \u00fc\u00e7\u00fcn faydal\u0131 m\u0259sl\u0259h\u0259tl\u0259r ver\u0259c\u0259yik.<\/p>\n\n\n\n<h3 class=\"wp-block-heading\" id=\"h-essential-components-of-swedish-grammar\">\u0130sve\u00e7 dilinin qrammatikas\u0131 \u00fczr\u0259 z\u0259ruri komponentl\u0259r:<\/h3>\n\n\n\n<p>\u0130sve\u00e7 qrammatikas\u0131 ingilis dilinin qrammatikas\u0131 il\u0259 ox\u015farl\u0131qlar\u0131 payla\u015faraq ingilis dilind\u0259 dan\u0131\u015fanlar\u0131n bu dili g\u00f6t\u00fcrm\u0259sini asanla\u015fd\u0131r\u0131r. \u0130sve\u00e7 dilinin qrammatikas\u0131 il\u0259 tan\u0131\u015f olma\u011fa d\u0259y\u0259r b\u0259zi kritik m\u0259qamlar bunlard\u0131r:<\/p>\n\n\n\n<p><strong>1. Nouns:<\/strong> \u0130sve\u00e7 nounlar\u0131 iki qrammatik cins\u0259 b\u00f6l\u00fcn\u00fcr: \u00fcmumi (en) v\u0259 neytri (ett). H\u0259r bir nom bu kateqoriyalardan birin\u0259 aiddir. Qeyri-m\u00fc\u0259yy\u0259n v\u0259 q\u0259ti m\u0259qal\u0259l\u0259rd\u0259n istifad\u0259 ed\u0259rk\u0259n n\u0259z\u0259r\u0259 almaq laz\u0131md\u0131r. \u0130sve\u00e7 nounlar\u0131n\u0131n da pl\u00fcral formalar\u0131 var. Bir ne\u00e7\u0259 f\u0259rqli t\u0259rzi yadda saxlamaq laz\u0131md\u0131r.<\/p>\n\n\n\n<p><strong>2. Sif\u0259tl\u0259r:<\/strong> \u0130sve\u00e7 dilind\u0259 olan sif\u0259tl\u0259r ismin cinsin\u0259 uy\u011fun g\u0259lir. Noun cinsind\u0259n as\u0131l\u0131 olaraq adjectives \u00fc\u00e7 formada olur: m\u00fcsb\u0259t, m\u00fcqayis\u0259li v\u0259 superlativ. Adjectives d\u0259 \u0259d\u0259d (teknqulyar v\u0259 ya \u00e7oxluq) il\u0259 raz\u0131la\u015f\u0131r.<\/p>\n\n\n\n<p><strong>3. Feill\u0259r.<\/strong> \u0130sve\u00e7 feill\u0259ri h\u0259r birinin konyuqasiya sxemi il\u0259 d\u00f6rd qrupa b\u00f6l\u00fcn\u00fcr. Feill\u0259r zaman (indiki, ke\u00e7mi\u015f v\u0259 ya g\u0259l\u0259c\u0259k) \u0259sas\u0131nda birl\u0259\u015fdirilir, lakin ingilis dilind\u0259 oldu\u011fu kimi m\u00f6vzuya g\u00f6r\u0259 birl\u0259\u015fdirilmir. \u018fksin\u0259, m\u00f6vzudan as\u0131l\u0131 olmayaraq \u0130sve\u00e7 feil formalar\u0131 ard\u0131c\u0131l olaraq qal\u0131r. Bundan \u0259lav\u0259, \u0130sve\u00e7 feill\u0259rinin ingilis dilind\u0259 olan kimi davaml\u0131 formalar\u0131 (y\u0259ni -ing) yoxdur.<\/p>\n\n\n\n<p><strong>4. C\u00fcml\u0259 qurulu\u015fu.<\/strong> \u0130sve\u00e7 c\u00fcml\u0259 qurulu\u015fu ad\u0259t\u0259n \u0130ngilisc\u0259y\u0259 \u00e7ox ox\u015fayan Subject-Verb-Object (SVO) olur. Bununla bel\u0259, \u0130sve\u00e7 dilind\u0259 tez-tez V2 s\u00f6z s\u0131ras\u0131 qaydas\u0131ndan istifad\u0259 olunur v\u0259 burada feil ikinci m\u00f6vqed\u0259 deklarativ c\u00fcml\u0259l\u0259rd\u0259 v\u0259 suallarda g\u00f6r\u00fcn\u00fcr.<\/p>\n\n\n\n<h3 class=\"wp-block-heading\" id=\"h-tips-for-learning-swedish-grammar\">\u0130sve\u00e7 dilinin qrammatikas\u0131n\u0131 \u00f6yr\u0259nm\u0259k \u00fc\u00e7\u00fcn m\u0259sl\u0259h\u0259tl\u0259r:<\/h3>\n\n\n\n<p>\u0130sve\u00e7 dilinin qrammatika \u00f6yr\u0259nm\u0259 s\u0259yah\u0259tinizi daha yum\u015faq etm\u0259k \u00fc\u00e7\u00fcn a\u015fa\u011f\u0131da b\u0259zi praktiki m\u0259sl\u0259h\u0259tl\u0259ri izl\u0259yin:<\/p>\n\n\n\n<p><strong>1. M\u00fcnt\u0259z\u0259m olaraq m\u0259\u015fq edin.<\/strong> Ard\u0131c\u0131ll\u0131q \u0259sasd\u0131r. Qrammatika m\u0259\u015fql\u0259ri, oxumaq v\u0259 yazmaq \u00fc\u00e7\u00fcn h\u0259r g\u00fcn v\u0259 ya h\u0259ft\u0259 \u0259rzind\u0259 vaxt ay\u0131r\u0131n.<\/p>\n\n\n\n<p><strong>2. Yerli resurslardan istifad\u0259 edin.<\/strong> \u018fd\u0259biyyat, x\u0259b\u0259r m\u0259qal\u0259l\u0259ri, podkast kimi yerli isve\u00e7 materiallar\u0131na bat\u0131r\u0131n. Bu, siz\u0259 n\u0259inki kontekstd\u0259 \u0130sve\u00e7 qrammatikan\u0131 ba\u015fa d\u00fc\u015fm\u0259y\u0259, h\u0259m d\u0259 oxumaq v\u0259 dinl\u0259m\u0259k bacar\u0131\u011f\u0131n\u0131z\u0131 yax\u015f\u0131la\u015fd\u0131rma\u011fa k\u00f6m\u0259k ed\u0259c\u0259k.<\/p>\n\n\n\n<p><strong>3. Noun cinsl\u0259ri v\u0259 \u00e7oxluqlar\u0131 \u00f6yr\u0259nin. \u0130sve\u00e7 nounlar\u0131n\u0131n<\/strong> cinsini (en v\u0259 ya ett) v\u0259 \u00e7oxluq formalar\u0131n\u0131 \u0259zb\u0259rl\u0259m\u0259k olduqca vacibdir. Vaxt ke\u00e7dikc\u0259 m\u0259\u015fq etm\u0259k, \u0259vv\u0259l-ax\u0131r bu qaydalar\u0131 daxil etm\u0259y\u0259 k\u00f6m\u0259k ed\u0259c\u0259k.<\/p>\n\n\n\n<p><strong>4. Yerli natiql\u0259rl\u0259 \u0259laq\u0259.<\/strong> Yerli isve\u00e7li natiql\u0259rl\u0259 dan\u0131\u015f\u0131qlar aparmaq qrammatika il\u0259 m\u0259\u015f\u011ful <a href=\"https:\/\/talkpal.ai\/grammar\/\">olma\u011fa v\u0259<\/a> d\u0259y\u0259rli r\u0259yl\u0259r alma\u011fa imkan ver\u0259c\u0259k. \u0130sve\u00e7 dilind\u0259 dan\u0131\u015fan \u015f\u0259xsl\u0259rl\u0259 \u0259laq\u0259 yaratmaq \u00fc\u00e7\u00fcn dil m\u00fcbadil\u0259si qruplar\u0131na v\u0259 ya onlayn forumlara qo\u015fulma\u011f\u0131 d\u00fc\u015f\u00fcn\u00fcn.<\/p>\n\n\n\n<p><strong>5. S\u0259brli v\u0259 davaml\u0131 olun.<\/strong> Qrammatika \u00f6yr\u0259nm\u0259yin <a href=\"https:\/\/talkpal.ai\/grammar\/\">bir proses<\/a> oldu\u011funu unutmay\u0131n. Sadiq qal\u0131n, m\u0259\u015fql\u0259r\u0259 davam edin v\u0259 yol boyu ir\u0259lil\u0259yi\u015fl\u0259ri qeyd edin.<\/p>\n\n\n\n<h2 class=\"wp-block-heading\" id=\"h-conclusion\">Yekun:<\/h2>\n\n\n\n<p>\u0130sve\u00e7 qrammatikas\u0131 m\u00fcr\u0259kk\u0259b g\u00f6r\u00fcns\u0259 d\u0259, h\u0259sr olunaraq v\u0259 onun t\u0259rkib hiss\u0259l\u0259rini ba\u015fa d\u00fc\u015fm\u0259kd\u0259 m\u0259har\u0259tli ola bil\u0259r. T\u0259klifl\u0259rimiz\u0259 \u0259m\u0259l etm\u0259kl\u0259 v\u0259 \u00f6z\u00fcn\u00fcz\u00fc bu dil\u0259 q\u0259rq etm\u0259kl\u0259, siz \u0130sve\u00e7 dili bilikl\u0259rinizin davaml\u0131 inki\u015faf\u0131n\u0131n \u015fahidi olacaqs\u0131n\u0131z. Bu \u00e7\u0259tinliyi q\u0259bul edin v\u0259 \u0130sve\u00e7 qrammatik ustal\u0131\u011fa do\u011fru s\u0259yah\u0259td\u0259n z\u00f6vq al\u0131n!<\/p>\n<\/div><\/div>\n\r\n<section class=\"learnNavigationSection\">\r\n            \r\n        <a href=\"https:\/\/talkpal.ai\/az\/isvec-dilini-oyr%c9%99nin\/\">\r\n            <div class=\"learnNavigationWrapper\">\r\n                <div class=\"learnNavigationContent\">\r\n                    <img decoding=\"async\" src=\"https:\/\/talkpal.ai\/wp-content\/uploads\/2024\/08\/Swedish.jpg\" alt=\"Swedish Flag\">\r\n                    <div>\r\n                        <h4>\u0130sve\u00e7 \u00d6yr\u0259nilm\u0259si Haqq\u0131nda<\/h4>\r\n                        <p>\u0130sve\u00e7 qrammatikas\u0131 haqq\u0131nda h\u0259r \u015feyi \u00f6yr\u0259nin.<\/p>\r\n                    <\/div>\r\n                <\/div>\r\n            <\/div>\r\n        <\/a>\r\n\r\n        \r\n        <a href=\"https:\/\/talkpal.ai\/az\/isvec-dilinin-qrammatikasi-m%c9%99sg%c9%99l%c9%99l%c9%99ri\/\">\r\n            <div class=\"learnNavigationWrapper\">\r\n                <div class=\"learnNavigationContent\">\r\n                    <img decoding=\"async\" src=\"https:\/\/talkpal.ai\/wp-content\/uploads\/2024\/08\/Swedish.jpg\" alt=\"Swedish Flag\">\r\n                    <div>\r\n                        <h4>\u0130sve\u00e7 qrammatikas\u0131 m\u0259\u015fqi<\/h4>\r\n                        <p>\u0130sve\u00e7 dilinin qrammatikas\u0131.<\/p>\r\n                    <\/div>\r\n                <\/div>\r\n            <\/div>\r\n        <\/a>\r\n\r\n        \r\n        <a href=\"https:\/\/talkpal.ai\/vocabulary_language\/swedish\/\">\r\n            <div class=\"learnNavigationWrapper\">\r\n                <div class=\"learnNavigationContent\">\r\n                    <img decoding=\"async\" src=\"https:\/\/talkpal.ai\/wp-content\/uploads\/2024\/08\/Swedish.jpg\" alt=\"Swedish Flag\">\r\n                    <div>\r\n                        <h4>\u0130sve\u00e7 l\u00fc\u011f\u0259ti<\/h4>\r\n                        <p>\u0130sve\u00e7 l\u00fc\u011f\u0259tinizi geni\u015fl\u0259ndirin.<\/p>\r\n                    <\/div>\r\n                <\/div>\r\n            <\/div>\r\n        <\/a>\r\n\r\n            <\/section>","protected":false},"excerpt":{"rendered":"<p>\u0130sve\u00e7 dilinin qrammatikas\u0131n\u0131 demisstifikasiya ed\u0259n: Onun qaydalar\u0131 v\u0259 n\u00fcanslar\u0131n\u0131 ustal\u0131qla bil\u0259n h\u0259rt\u0259r\u0259fli b\u0259l\u0259d\u00e7i T\u0259qrib\u0259n 10 milyon insan t\u0259r\u0259find\u0259n dan\u0131\u015f\u0131lan \u0130sve\u00e7 dili, \u015eimali Alman dil ail\u0259sin\u0259 aid z\u0259ngin v\u0259 melodik bir dildir. \u0130sve\u00e7 dilinin qrammatikas\u0131 b\u0259zi dig\u0259r dill\u0259rl\u0259 m\u00fcqayis\u0259d\u0259 nisb\u0259t\u0259n sad\u0259 olsa da, onun qaydalar\u0131n\u0131 v\u0259 qurulu\u015funu ba\u015fa d\u00fc\u015fm\u0259k dil s\u0259ri\u015ft\u0259sini art\u0131rmaqda \u0259sas rol oynay\u0131r. Bu [&hellip;]<\/p>\n","protected":false},"author":1,"featured_media":108273,"parent":0,"menu_order":0,"comment_status":"closed","ping_status":"closed","template":"LearningContentPage.php","meta":{"_acf_changed":false,"footnotes":""},"class_list":["post-130718","page","type-page","status-publish","has-post-thumbnail","hentry"],"acf":[],"yoast_head":"<!-- This site is optimized with the Yoast SEO Premium plugin v27.2 (Yoast SEO v27.2) - https:\/\/yoast.com\/product\/yoast-seo-premium-wordpress\/ -->\n<title>\u0130sve\u00e7 qrammatikas\u0131 - Talkpal<\/title>\n<meta name=\"description\" content=\"Fundamental qaydalar v\u0259 faydal\u0131 m\u0259sl\u0259h\u0259tl\u0259rl\u0259 dil bacar\u0131qlar\u0131n\u0131z\u0131 t\u0259kmill\u0259\u015fdirm\u0259k \u00fc\u00e7\u00fcn \u0130sve\u00e7 qrammatikas\u0131n\u0131n sirl\u0259rini a\u00e7\u0131n.\" \/>\n<meta name=\"robots\" content=\"index, follow, max-snippet:-1, max-image-preview:large, max-video-preview:-1\" \/>\n<link rel=\"canonical\" href=\"https:\/\/talkpal.ai\/az\/isvec-qrammatikasi\/\" \/>\n<meta property=\"og:locale\" content=\"az_AZ\" \/>\n<meta property=\"og:type\" content=\"article\" \/>\n<meta property=\"og:title\" content=\"\u0130sve\u00e7 qrammatikas\u0131\" \/>\n<meta property=\"og:description\" content=\"\u0130sve\u00e7 dilinin qrammatikas\u0131n\u0131 demisstifikasiya ed\u0259n: Onun qaydalar\u0131 v\u0259 n\u00fcanslar\u0131n\u0131 ustal\u0131qla bil\u0259n h\u0259rt\u0259r\u0259fli b\u0259l\u0259d\u00e7i T\u0259qrib\u0259n 10 milyon insan t\u0259r\u0259find\u0259n\" \/>\n<meta property=\"og:url\" content=\"https:\/\/talkpal.ai\/az\/isvec-qrammatikasi\/\" \/>\n<meta property=\"og:site_name\" content=\"Talkpal\" \/>\n<meta property=\"article:publisher\" content=\"https:\/\/www.facebook.com\/profile.php?id=100090733639311\" \/>\n<meta property=\"article:modified_time\" content=\"2025-12-11T16:34:12+00:00\" \/>\n<meta property=\"og:image\" content=\"https:\/\/talkpal.ai\/wp-content\/uploads\/2023\/04\/sweden.png\" \/>\n\t<meta property=\"og:image:width\" content=\"512\" \/>\n\t<meta property=\"og:image:height\" content=\"512\" \/>\n\t<meta property=\"og:image:type\" content=\"image\/png\" \/>\n<meta name=\"twitter:card\" content=\"summary_large_image\" \/>\n<meta name=\"twitter:site\" content=\"@talkpalai\" \/>\n<meta name=\"twitter:label1\" content=\"Est. reading time\" \/>\n\t<meta name=\"twitter:data1\" content=\"4 minutes\" \/>\n<script type=\"application\/ld+json\" class=\"yoast-schema-graph\">{\"@context\":\"https:\/\/schema.org\",\"@graph\":[{\"@type\":\"WebPage\",\"@id\":\"https:\/\/talkpal.ai\/az\/isvec-qrammatikasi\/\",\"url\":\"https:\/\/talkpal.ai\/az\/isvec-qrammatikasi\/\",\"name\":\"\u0130sve\u00e7 qrammatikas\u0131 - Talkpal\",\"isPartOf\":{\"@id\":\"https:\/\/talkpal.ai\/az\/#website\"},\"primaryImageOfPage\":{\"@id\":\"https:\/\/talkpal.ai\/az\/isvec-qrammatikasi\/#primaryimage\"},\"image\":{\"@id\":\"https:\/\/talkpal.ai\/az\/isvec-qrammatikasi\/#primaryimage\"},\"thumbnailUrl\":\"https:\/\/talkpal.ai\/wp-content\/uploads\/2023\/04\/sweden.png\",\"datePublished\":\"2023-05-14T13:53:07+00:00\",\"dateModified\":\"2025-12-11T16:34:12+00:00\",\"description\":\"Fundamental qaydalar v\u0259 faydal\u0131 m\u0259sl\u0259h\u0259tl\u0259rl\u0259 dil bacar\u0131qlar\u0131n\u0131z\u0131 t\u0259kmill\u0259\u015fdirm\u0259k \u00fc\u00e7\u00fcn \u0130sve\u00e7 qrammatikas\u0131n\u0131n sirl\u0259rini a\u00e7\u0131n.\",\"breadcrumb\":{\"@id\":\"https:\/\/talkpal.ai\/az\/isvec-qrammatikasi\/#breadcrumb\"},\"inLanguage\":\"az\",\"potentialAction\":[{\"@type\":\"ReadAction\",\"target\":[\"https:\/\/talkpal.ai\/az\/isvec-qrammatikasi\/\"]}]},{\"@type\":\"ImageObject\",\"inLanguage\":\"az\",\"@id\":\"https:\/\/talkpal.ai\/az\/isvec-qrammatikasi\/#primaryimage\",\"url\":\"https:\/\/talkpal.ai\/wp-content\/uploads\/2023\/04\/sweden.png\",\"contentUrl\":\"https:\/\/talkpal.ai\/wp-content\/uploads\/2023\/04\/sweden.png\",\"width\":512,\"height\":512},{\"@type\":\"BreadcrumbList\",\"@id\":\"https:\/\/talkpal.ai\/az\/isvec-qrammatikasi\/#breadcrumb\",\"itemListElement\":[{\"@type\":\"ListItem\",\"position\":1,\"name\":\"Homepage\",\"item\":\"https:\/\/talkpal.ai\/az\/\"},{\"@type\":\"ListItem\",\"position\":2,\"name\":\"\u0130sve\u00e7 qrammatikas\u0131\"}]},{\"@type\":\"WebSite\",\"@id\":\"https:\/\/talkpal.ai\/az\/#website\",\"url\":\"https:\/\/talkpal.ai\/az\/\",\"name\":\"Talkpal\",\"description\":\"AI Language Learning\",\"publisher\":{\"@id\":\"https:\/\/talkpal.ai\/az\/#organization\"},\"alternateName\":\"Talkpal AI\",\"potentialAction\":[{\"@type\":\"SearchAction\",\"target\":{\"@type\":\"EntryPoint\",\"urlTemplate\":\"https:\/\/talkpal.ai\/az\/?s={search_term_string}\"},\"query-input\":{\"@type\":\"PropertyValueSpecification\",\"valueRequired\":true,\"valueName\":\"search_term_string\"}}],\"inLanguage\":\"az\"},{\"@type\":\"Organization\",\"@id\":\"https:\/\/talkpal.ai\/az\/#organization\",\"name\":\"Talkpal, Inc.\",\"alternateName\":\"Talkpal AI\",\"url\":\"https:\/\/talkpal.ai\/az\/\",\"logo\":{\"@type\":\"ImageObject\",\"inLanguage\":\"az\",\"@id\":\"https:\/\/talkpal.ai\/az\/#\/schema\/logo\/image\/\",\"url\":\"https:\/\/talkpal.ai\/wp-content\/uploads\/2024\/03\/Talkpal-Logo-Icon.png\",\"contentUrl\":\"https:\/\/talkpal.ai\/wp-content\/uploads\/2024\/03\/Talkpal-Logo-Icon.png\",\"width\":2880,\"height\":2880,\"caption\":\"Talkpal, Inc.\"},\"image\":{\"@id\":\"https:\/\/talkpal.ai\/az\/#\/schema\/logo\/image\/\"},\"sameAs\":[\"https:\/\/www.facebook.com\/profile.php?id=100090733639311\",\"https:\/\/x.com\/talkpalai\",\"https:\/\/www.linkedin.com\/company\/talkpal\/\",\"https:\/\/www.youtube.com\/@TalkPal\/\",\"https:\/\/www.tiktok.com\/@talkpal\",\"https:\/\/www.instagram.com\/talkpal_ai\/\",\"https:\/\/www.crunchbase.com\/organization\/talkpal-9cde\",\"https:\/\/www.g2.com\/products\/talkpal-for-business\/\",\"https:\/\/www.trustpilot.com\/review\/talkpal.ai\",\"https:\/\/www.capterra.com\/p\/10006800\/TalkPal\/\"],\"description\":\"Talkpal is a language learning web and mobile education app, powered by the latest AI technologies, that provides engaging experiences to its customers in many different languages to help them improve their language skills. Users can chat about unlimited amount of topics with the app and use other modes to practice their language learning.\",\"email\":\"support@talkpal.ai\",\"legalName\":\"Talkpal, Inc.\",\"foundingDate\":\"2023-04-03\",\"duns\":\"118989042\",\"numberOfEmployees\":{\"@type\":\"QuantitativeValue\",\"minValue\":\"11\",\"maxValue\":\"50\"},\"publishingPrinciples\":\"https:\/\/talkpal.ai\/publishing-principles\/\",\"actionableFeedbackPolicy\":\"https:\/\/talkpal.ai\/actionable-feedback-policy\/\",\"correctionsPolicy\":\"https:\/\/talkpal.ai\/corrections-policy\/\",\"ethicsPolicy\":\"https:\/\/talkpal.ai\/ethics-policy\/\",\"diversityPolicy\":\"https:\/\/talkpal.ai\/diversity-policy\/\",\"diversityStaffingReport\":\"https:\/\/talkpal.ai\/diversity-policy\/\"}]}<\/script>\n<!-- \/ Yoast SEO Premium plugin. -->","yoast_head_json":{"title":"\u0130sve\u00e7 qrammatikas\u0131 - Talkpal","description":"Fundamental qaydalar v\u0259 faydal\u0131 m\u0259sl\u0259h\u0259tl\u0259rl\u0259 dil bacar\u0131qlar\u0131n\u0131z\u0131 t\u0259kmill\u0259\u015fdirm\u0259k \u00fc\u00e7\u00fcn \u0130sve\u00e7 qrammatikas\u0131n\u0131n sirl\u0259rini a\u00e7\u0131n.","robots":{"index":"index","follow":"follow","max-snippet":"max-snippet:-1","max-image-preview":"max-image-preview:large","max-video-preview":"max-video-preview:-1"},"canonical":"https:\/\/talkpal.ai\/az\/isvec-qrammatikasi\/","og_locale":"az_AZ","og_type":"article","og_title":"\u0130sve\u00e7 qrammatikas\u0131","og_description":"\u0130sve\u00e7 dilinin qrammatikas\u0131n\u0131 demisstifikasiya ed\u0259n: Onun qaydalar\u0131 v\u0259 n\u00fcanslar\u0131n\u0131 ustal\u0131qla bil\u0259n h\u0259rt\u0259r\u0259fli b\u0259l\u0259d\u00e7i T\u0259qrib\u0259n 10 milyon insan t\u0259r\u0259find\u0259n","og_url":"https:\/\/talkpal.ai\/az\/isvec-qrammatikasi\/","og_site_name":"Talkpal","article_publisher":"https:\/\/www.facebook.com\/profile.php?id=100090733639311","article_modified_time":"2025-12-11T16:34:12+00:00","og_image":[{"width":512,"height":512,"url":"https:\/\/talkpal.ai\/wp-content\/uploads\/2023\/04\/sweden.png","type":"image\/png"}],"twitter_card":"summary_large_image","twitter_site":"@talkpalai","twitter_misc":{"Est. reading time":"4 minutes"},"schema":{"@context":"https:\/\/schema.org","@graph":[{"@type":"WebPage","@id":"https:\/\/talkpal.ai\/az\/isvec-qrammatikasi\/","url":"https:\/\/talkpal.ai\/az\/isvec-qrammatikasi\/","name":"\u0130sve\u00e7 qrammatikas\u0131 - Talkpal","isPartOf":{"@id":"https:\/\/talkpal.ai\/az\/#website"},"primaryImageOfPage":{"@id":"https:\/\/talkpal.ai\/az\/isvec-qrammatikasi\/#primaryimage"},"image":{"@id":"https:\/\/talkpal.ai\/az\/isvec-qrammatikasi\/#primaryimage"},"thumbnailUrl":"https:\/\/talkpal.ai\/wp-content\/uploads\/2023\/04\/sweden.png","datePublished":"2023-05-14T13:53:07+00:00","dateModified":"2025-12-11T16:34:12+00:00","description":"Fundamental qaydalar v\u0259 faydal\u0131 m\u0259sl\u0259h\u0259tl\u0259rl\u0259 dil bacar\u0131qlar\u0131n\u0131z\u0131 t\u0259kmill\u0259\u015fdirm\u0259k \u00fc\u00e7\u00fcn \u0130sve\u00e7 qrammatikas\u0131n\u0131n sirl\u0259rini a\u00e7\u0131n.","breadcrumb":{"@id":"https:\/\/talkpal.ai\/az\/isvec-qrammatikasi\/#breadcrumb"},"inLanguage":"az","potentialAction":[{"@type":"ReadAction","target":["https:\/\/talkpal.ai\/az\/isvec-qrammatikasi\/"]}]},{"@type":"ImageObject","inLanguage":"az","@id":"https:\/\/talkpal.ai\/az\/isvec-qrammatikasi\/#primaryimage","url":"https:\/\/talkpal.ai\/wp-content\/uploads\/2023\/04\/sweden.png","contentUrl":"https:\/\/talkpal.ai\/wp-content\/uploads\/2023\/04\/sweden.png","width":512,"height":512},{"@type":"BreadcrumbList","@id":"https:\/\/talkpal.ai\/az\/isvec-qrammatikasi\/#breadcrumb","itemListElement":[{"@type":"ListItem","position":1,"name":"Homepage","item":"https:\/\/talkpal.ai\/az\/"},{"@type":"ListItem","position":2,"name":"\u0130sve\u00e7 qrammatikas\u0131"}]},{"@type":"WebSite","@id":"https:\/\/talkpal.ai\/az\/#website","url":"https:\/\/talkpal.ai\/az\/","name":"Talkpal","description":"AI Language Learning","publisher":{"@id":"https:\/\/talkpal.ai\/az\/#organization"},"alternateName":"Talkpal AI","potentialAction":[{"@type":"SearchAction","target":{"@type":"EntryPoint","urlTemplate":"https:\/\/talkpal.ai\/az\/?s={search_term_string}"},"query-input":{"@type":"PropertyValueSpecification","valueRequired":true,"valueName":"search_term_string"}}],"inLanguage":"az"},{"@type":"Organization","@id":"https:\/\/talkpal.ai\/az\/#organization","name":"Talkpal, Inc.","alternateName":"Talkpal AI","url":"https:\/\/talkpal.ai\/az\/","logo":{"@type":"ImageObject","inLanguage":"az","@id":"https:\/\/talkpal.ai\/az\/#\/schema\/logo\/image\/","url":"https:\/\/talkpal.ai\/wp-content\/uploads\/2024\/03\/Talkpal-Logo-Icon.png","contentUrl":"https:\/\/talkpal.ai\/wp-content\/uploads\/2024\/03\/Talkpal-Logo-Icon.png","width":2880,"height":2880,"caption":"Talkpal, Inc."},"image":{"@id":"https:\/\/talkpal.ai\/az\/#\/schema\/logo\/image\/"},"sameAs":["https:\/\/www.facebook.com\/profile.php?id=100090733639311","https:\/\/x.com\/talkpalai","https:\/\/www.linkedin.com\/company\/talkpal\/","https:\/\/www.youtube.com\/@TalkPal\/","https:\/\/www.tiktok.com\/@talkpal","https:\/\/www.instagram.com\/talkpal_ai\/","https:\/\/www.crunchbase.com\/organization\/talkpal-9cde","https:\/\/www.g2.com\/products\/talkpal-for-business\/","https:\/\/www.trustpilot.com\/review\/talkpal.ai","https:\/\/www.capterra.com\/p\/10006800\/TalkPal\/"],"description":"Talkpal is a language learning web and mobile education app, powered by the latest AI technologies, that provides engaging experiences to its customers in many different languages to help them improve their language skills. Users can chat about unlimited amount of topics with the app and use other modes to practice their language learning.","email":"support@talkpal.ai","legalName":"Talkpal, Inc.","foundingDate":"2023-04-03","duns":"118989042","numberOfEmployees":{"@type":"QuantitativeValue","minValue":"11","maxValue":"50"},"publishingPrinciples":"https:\/\/talkpal.ai\/publishing-principles\/","actionableFeedbackPolicy":"https:\/\/talkpal.ai\/actionable-feedback-policy\/","correctionsPolicy":"https:\/\/talkpal.ai\/corrections-policy\/","ethicsPolicy":"https:\/\/talkpal.ai\/ethics-policy\/","diversityPolicy":"https:\/\/talkpal.ai\/diversity-policy\/","diversityStaffingReport":"https:\/\/talkpal.ai\/diversity-policy\/"}]}},"_links":{"self":[{"href":"https:\/\/talkpal.ai\/az\/wp-json\/wp\/v2\/pages\/130718","targetHints":{"allow":["GET"]}}],"collection":[{"href":"https:\/\/talkpal.ai\/az\/wp-json\/wp\/v2\/pages"}],"about":[{"href":"https:\/\/talkpal.ai\/az\/wp-json\/wp\/v2\/types\/page"}],"author":[{"embeddable":true,"href":"https:\/\/talkpal.ai\/az\/wp-json\/wp\/v2\/users\/1"}],"replies":[{"embeddable":true,"href":"https:\/\/talkpal.ai\/az\/wp-json\/wp\/v2\/comments?post=130718"}],"version-history":[{"count":0,"href":"https:\/\/talkpal.ai\/az\/wp-json\/wp\/v2\/pages\/130718\/revisions"}],"wp:featuredmedia":[{"embeddable":true,"href":"https:\/\/talkpal.ai\/az\/wp-json\/wp\/v2\/media\/108273"}],"wp:attachment":[{"href":"https:\/\/talkpal.ai\/az\/wp-json\/wp\/v2\/media?parent=130718"}],"curies":[{"name":"wp","href":"https:\/\/api.w.org\/{rel}","templated":true}]}}