{"id":130423,"date":"2023-05-14T13:52:27","date_gmt":"2023-05-14T13:52:27","guid":{"rendered":"http:\/\/talkpal.ai\/koreya-dili-qrammatikasi\/"},"modified":"2025-12-11T16:30:26","modified_gmt":"2025-12-11T16:30:26","slug":"koreya-dili-qrammatikasi","status":"publish","type":"page","link":"https:\/\/talkpal.ai\/az\/koreya-dili-qrammatikasi\/","title":{"rendered":"Koreya Dili Qrammatikas\u0131"},"content":{"rendered":"\r\n\r\n\r\n<section class=\"languageChallengeSection\">\r\n    <div class=\"languageInfoWrapper\">\r\n        \r\n        <h1>Koreya Dili Qrammatikas\u0131<\/h1>\r\n        <p>Koreya qrammatikas\u0131n\u0131 izl\u0259m\u0259k asan t\u0259limatlar v\u0259 praktik n\u00fcmun\u0259l\u0259rl\u0259 m\u0259nims\u0259m\u0259y\u0259 ba\u015flay\u0131n. \u00d6z\u00fcn\u00fcz\u00fc d\u0259qiq ifad\u0259 etm\u0259k \u00fc\u00e7\u00fcn c\u00fcml\u0259l\u0259r qurma\u011f\u0131, hiss\u0259cikl\u0259rd\u0259n istifad\u0259 etm\u0259yi v\u0259 fell\u0259ri birl\u0259\u015fdirm\u0259yi \u00f6yr\u0259nin. G\u00fcv\u0259ninizi art\u0131rmaq \u00fc\u00e7\u00fcn haz\u0131rlanm\u0131\u015f interaktiv m\u0259\u015fql\u0259rl\u0259 bacar\u0131qlar\u0131n\u0131z\u0131 m\u0259\u015fq edin. Koreya dili s\u0259yah\u0259tinizd\u0259 n\u00f6vb\u0259ti add\u0131m\u0131 at\u0131n v\u0259 bu g\u00fcn r\u0259vanl\u0131\u011f\u0131n\u0131z\u0131 art\u0131r\u0131n!<\/p>\r\n\r\n                            <a class=\"getStartedHidden\" href=\"https:\/\/app.talkpal.ai\/signup?lng=\">Ba\u015fla<\/a>\r\n        \r\n    <\/div>\r\n\r\n    <figure>\r\n    <img decoding=\"async\" width=\"768\" height=\"768\" src=\"https:\/\/talkpal.ai\/wp-content\/uploads\/2023\/06\/korean-768x768.png\" class=\"languageImage no-lazy\" alt=\"Line-by-line learning for language acquisition\" fetchpriority=\"high\" sizes=\"(max-width: 768px) 150px, 768px\" srcset=\"https:\/\/talkpal.ai\/wp-content\/uploads\/2023\/06\/korean-768x768.png 768w, https:\/\/talkpal.ai\/wp-content\/uploads\/2023\/06\/korean-300x300.png 300w\" \/>\r\n    \r\n\r\n    <\/figure>\r\n\r\n            <a class=\"getStartedVisible\" href=\"https:\/\/app.talkpal.ai\/signup?lng=\">Ba\u015fla<\/a>\r\n    \r\n<\/section>\r\n<section class=\"promotionalBanner\">\r\n    <p class=\"promotionalText\">Dil \u00f6yr\u0259nm\u0259yin \u0259n t\u0259sirli yolu<\/p>\r\n    <a class=\"promotionalLink\" href=\"https:\/\/app.talkpal.ai\/signup?lng=\">Talkpal pulsuz s\u0131nay\u0131n<\/a>\r\n<\/section>\n<div class=\"wp-block-group pageContainerStyle\"><div class=\"wp-block-group__inner-container is-layout-constrained wp-block-group-is-layout-constrained\">\n<h2 class=\"wp-block-heading\" id=\"h-demystifying-korean-grammar-a-beginner-s-guide\">Koreya qrammatikas\u0131n\u0131n sirrini aradan qald\u0131rmaq: Ba\u015flayanlar \u00fc\u00e7\u00fcn B\u0259l\u0259d\u00e7i<\/h2>\n\n\n\n<p><a href=\"https:\/\/talkpal.ai\/az\/koreya-dilini-oyr%c9%99n\/\">Koreya dilini<\/a> <a href=\"https:\/\/talkpal.ai\/az\/oyr%c9%99nm%c9%99k\/\">\u00f6yr\u0259nm\u0259k<\/a> ist\u0259r Koreya m\u0259tb\u0259xini ara\u015fd\u0131rmaq, ist\u0259rs\u0259 d\u0259 \u0259n son K-dramalara baxmaq v\u0259 ya C\u0259nubi Koreyan\u0131n bir \u00e7ox innovativ \u015firk\u0259tl\u0259rind\u0259n biri il\u0259 i\u015fl\u0259m\u0259k kimi bir f\u00fcrs\u0259t d\u00fcnyas\u0131 a\u00e7a bil\u0259r. Bu maraql\u0131 dil\u0259 dal\u0131\u015f ed\u0259n do\u011fma olmayan natiq kimi, onun qrammatikas\u0131n\u0131 \u00f6yr\u0259nm\u0259k \u0259n \u00e7\u0259tin m\u0259qamlardan biridir. Koreya dilinin qrammatikas\u0131 ilk bax\u0131\u015fdan m\u00fcr\u0259kk\u0259b g\u00f6r\u00fcns\u0259 d\u0259, m\u0259ntiqi v\u0259 ard\u0131c\u0131ll\u0131\u011f\u0131 var. Bu yaz\u0131da biz Koreya qrammatikas\u0131n\u0131n \u0259sas x\u00fcsusiyy\u0259tl\u0259rini par\u00e7alayaca\u011f\u0131q v\u0259 s\u0259lis dan\u0131\u015f\u0131q s\u0259yah\u0259tinizi <a href=\"https:\/\/talkpal.ai\/locations\/language-courses-in-rahat\/\">rahat<\/a> v\u0259 z\u00f6vql\u00fc etm\u0259k \u00fc\u00e7\u00fcn d\u0259y\u0259rli fikirl\u0259r t\u0259qdim ed\u0259c\u0259yik.<\/p>\n\n\n\n<h3 class=\"wp-block-heading\" id=\"h-1-word-nbsp-order-nbsp-get-in-the-flow\"><b>1. S\u00f6z<\/b> s\u0131ras\u0131<b> \u2013 Ax\u0131na daxil ol!<\/b><\/h3>\n\n\n\n<p>Koreya dilinin qrammatikas\u0131 haqq\u0131nda bilm\u0259k \u00fc\u00e7\u00fcn ilk n\u00f6vb\u0259d\u0259 onun \u0259sas s\u00f6z s\u0131ras\u0131: <a href=\"https:\/\/talkpal.ai\/culture\/how-do-you-structure-a-sentence-using-subject-object-verb-order-in-uzbek\/\">Subject-Object-Verb<\/a> (SOV). Bu o dem\u0259kdir ki, ingilis dilinin Subject-Verb-Object (SVO) s\u0131ras\u0131ndan f\u0259rqli olaraq fell\u0259r c\u00fcml\u0259nin sonunda g\u0259lir. Buna \u00f6yr\u0259\u015fm\u0259k laz\u0131m g\u0259l\u0259 bil\u0259r, ancaq s\u0259lisliyin a\u00e7ar\u0131 bu yeni qurulu\u015fla rahat olmaqd\u0131r.<\/p>\n\n\n\n<p>M\u0259sl\u0259h\u0259t: \u0130ngilis dilind\u0259 olan ifad\u0259l\u0259ri t\u0259rc\u00fcm\u0259 ed\u0259r\u0259k v\u0259 s\u00f6zl\u0259rin s\u0131ralar\u0131n\u0131 yenid\u0259n t\u0259rtib ed\u0259r\u0259k sad\u0259 Koreya c\u00fcml\u0259l\u0259ri \u0259m\u0259l\u0259 g\u0259tirir. Onunla daha rahat olmaq \u00fc\u00e7\u00fcn SOV strukturunun arxas\u0131nda duran m\u0259ntiqi anlama\u011fa diqq\u0259t yetirin.<\/p>\n\n\n\n<h3 class=\"wp-block-heading\" id=\"h-2-particles-attach-and-connect\">2. Z\u0259rr\u0259cikl\u0259r \u2013 Yap\u0131\u015fd\u0131r\u0131n v\u0259 ba\u011flay\u0131n!<\/h3>\n\n\n\n<p>Koreya c\u00fcml\u0259l\u0259ri c\u00fcml\u0259d\u0259 s\u00f6z\u00fcn funksiyas\u0131n\u0131 m\u00fc\u0259yy\u0259n etm\u0259y\u0259 k\u00f6m\u0259k etm\u0259k \u00fc\u00e7\u00fcn hiss\u0259cikl\u0259r adlanan ki\u00e7ik qrammatik m\u0259lumatlardan istifad\u0259 edirl\u0259r. M\u0259s\u0259l\u0259n, \uc774\/\uac00 v\u0259 \uc740\/\ub294 m\u00f6vzunu, \uc744\/\ub97c is\u0259 obyekti g\u00f6st\u0259rir. Par\u00e7ac\u0131qlar Koreya dilinin qrammatikas\u0131 \u00fc\u00e7\u00fcn z\u0259ruri komponentdir, lakin onlar\u0131n istifad\u0259si ba\u015flan\u011f\u0131cda h\u0259dd\u0259n art\u0131q \u00e7ox hiss ed\u0259 bil\u0259r.<\/p>\n\n\n\n<p>M\u0259sl\u0259h\u0259t: Bir hiss\u0259ciyi bir-bir h\u0259ll edin, istifad\u0259si v\u0259 m\u0259nas\u0131 il\u0259 rahatlan\u0131n. Referent material toplusu yaratmaq \u00fc\u00e7\u00fcn h\u0259r hiss\u0259cikd\u0259n istifad\u0259 ed\u0259r\u0259k n\u00fcmun\u0259 c\u00fcml\u0259l\u0259rin siyah\u0131s\u0131n\u0131 haz\u0131rlay\u0131n.<\/p>\n\n\n\n<h3 class=\"wp-block-heading\" id=\"h-3-verb-conjugation-keep-it-simple\">3. Verb conjugation \u2013 sad\u0259 saxla!<\/h3>\n\n\n\n<p>Koreya feill\u0259ri olduqca ard\u0131c\u0131ld\u0131r v\u0259 bu da onlar\u0131 ba\u015fqa dill\u0259rd\u0259ki feill\u0259rd\u0259n daha asan \u00f6yr\u0259n\u0259 bil\u0259r. B\u00fct\u00fcn Koreya fell\u0259ri \u0259sas formada \ub2e4 (da) il\u0259 bitir v\u0259 m\u00fcxt\u0259lif zamanlar v\u0259 ya n\u0259zak\u0259t s\u0259viyy\u0259l\u0259ri yaratmaq \u00fc\u00e7\u00fcn sad\u0259c\u0259 m\u00fcxt\u0259lif sonluqlar \u0259lav\u0259 ed\u0259c\u0259ksiniz. \u018fn \u00fcmumi olanlar qeyri-r\u0259smi n\u0259zak\u0259t \u00fc\u00e7\u00fcn \u2013\uc694 (yo) v\u0259 daha r\u0259smi v\u0259ziyy\u0259tl\u0259r \u00fc\u00e7\u00fcn \u2013\uc2b5\ub2c8\ub2e4 (seumnida)d\u0131r.<\/p>\n\n\n\n<p>\u0130pucu: \ud558\ub2e4 (etm\u0259k), \uba39\ub2e4 (yem\u0259k), \uc790\ub2e4 (yatmaq) v\u0259 \uac00\ub2e4 (getm\u0259k) kimi m\u00fcxt\u0259lif n\u0259zak\u0259t s\u0259viyy\u0259l\u0259rind\u0259 bir ne\u00e7\u0259 \u0259sas fell\u0259ri birl\u0259\u015fdirm\u0259yi \u00f6yr\u0259nin. Sonra m\u00fcxt\u0259lif konyunkturlardan istifad\u0259 etm\u0259kl\u0259 daha yax\u0131ndan tan\u0131\u015f olmaq v\u0259 rahat olmaq \u00fc\u00e7\u00fcn onlar\u0131 c\u00fcml\u0259l\u0259r\u0259 daxil etm\u0259y\u0259 ba\u015flay\u0131n.<\/p>\n\n\n\n<h3 class=\"wp-block-heading\" id=\"h-4-adjectives-treat-them-like-verbs\">4. Adjectives \u2013 Onlarla feil kimi r\u0259ftar edin!<\/h3>\n\n\n\n<p>Koreya dilinin qrammatikas\u0131nda adjectives feill\u0259r\u0259 ox\u015far funksiya da\u015f\u0131y\u0131r v\u0259 eyni sistemd\u0259n istifad\u0259 etm\u0259kl\u0259 birl\u0259\u015fir. Bir \u00e7ox sif\u0259tl\u0259r ~\ud558\ub2e4 (-hada) il\u0259 bitir v\u0259 fell\u0259ri birl\u0259\u015fdirdiyiniz \u015f\u0259kild\u0259 birl\u0259\u015fdiril\u0259 bil\u0259r.<\/p>\n\n\n\n<p>\u0130pucu: \uc88b\ub2e4 (yax\u015f\u0131 olmaq), \uc608\uc058\ub2e4 (g\u00f6z\u0259l olmaq), \ub192\ub2e4 (y\u00fcks\u0259k olmaq), \ub0ae\ub2e4 (a\u015fa\u011f\u0131 olmaq) v\u0259 \ud06c\ub2e4 (b\u00f6y\u00fck olmaq) kimi \u00fcmumi sif\u0259tl\u0259ri birl\u0259\u015fdir\u0259r\u0259k m\u0259\u015fq edin. Onlar\u0131 c\u00fcml\u0259l\u0259r\u0259 daxil etm\u0259k anlay\u0131\u015f\u0131n\u0131 daha da m\u00f6hk\u0259ml\u0259d\u0259c\u0259k.<\/p>\n\n\n\n<h3 class=\"wp-block-heading\" id=\"h-5-honorifics-show-your-respect\">5. Honorifics \u2013 H\u00f6rm\u0259tinizi g\u00f6st\u0259rin!<\/h3>\n\n\n\n<p>Koreya m\u0259d\u0259niyy\u0259ti a\u011fsaqqallara v\u0259 s\u0259lahiyy\u0259tli \u015f\u0259xsl\u0259r\u0259 h\u00f6rm\u0259t g\u00f6st\u0259rm\u0259y\u0259 x\u00fcsusi \u00f6n\u0259m verir. Bu, n\u0259zak\u0259tlilik g\u00f6st\u0259rm\u0259k \u00fc\u00e7\u00fcn istifad\u0259 olunan s\u00f6zl\u0259rin v\u0259 qrammatik strukturlar\u0131n x\u00fcsusi formalar\u0131 olan honorifika vasit\u0259sil\u0259 \u00f6z dilind\u0259 \u00f6z\u00fcn\u00fc g\u00f6st\u0259rir. B\u0259zi \u0259sas misallara, kim\u0259s\u0259 h\u00f6rm\u0259tl\u0259 m\u00fcraci\u0259t ed\u0259rk\u0259n \u2013\uc774\/\uac00 \u0259v\u0259zin\u0259 \u2013\uaed8\uc11c (-kkeseo) hiss\u0259ciyind\u0259n istifad\u0259 etm\u0259k v\u0259 ya n\u0259zak\u0259t i\u015far\u0259si kimi fell\u0259r\u0259 \u2013\uc2dc (-si) \u0259lav\u0259 etm\u0259k daxildir.<\/p>\n\n\n\n<p>\u0130pucu: \u015e\u0259r\u0259fl\u0259rd\u0259n istifad\u0259nin \u0259saslar\u0131n\u0131 \u00f6yr\u0259nin, lakin d\u0259rhal m\u00fct\u0259x\u0259ssis olmaq \u00fc\u00e7\u00fcn \u00e7ox narahat olmay\u0131n. \u0130ngilis dilind\u0259 dan\u0131\u015fan koreyal\u0131lar s\u0259hv etdiyinizi ba\u015fa d\u00fc\u015f\u0259c\u0259kl\u0259r, ancaq h\u00f6rm\u0259tcil olmaq \u00fc\u00e7\u00fcn g\u00f6st\u0259rdiyiniz s\u0259&#8217;yl\u0259r qiym\u0259tl\u0259ndiril\u0259c\u0259kdir.<\/p>\n\n\n\n<h3 class=\"wp-block-heading\" id=\"h-conclusion\">Yekun:<\/h3>\n\n\n\n<p>Koreya dilinin qrammatikas\u0131 ilk bax\u0131\u015fda \u00e7\u0259tin g\u00f6r\u00fcn\u0259 bil\u0259r, lakin t\u0259cr\u00fcb\u0259 v\u0259 anlay\u0131\u015f qazand\u0131qca m\u0259ntiqli v\u0259 ard\u0131c\u0131l \u00e7\u0259r\u00e7iv\u0259 tapacaqs\u0131n\u0131z. S\u00f6z s\u0131ras\u0131, hiss\u0259cikl\u0259r v\u0259 fel birl\u0259\u015fm\u0259l\u0259ri kimi \u0259sas anlay\u0131\u015flara diqq\u0259t yetirm\u0259kl\u0259, siz tezlikl\u0259 pe\u015f\u0259kar kimi c\u00fcml\u0259l\u0259r quracaqs\u0131n\u0131z. Bu ifad\u0259li dil\u0259 m\u0259h\u0259bb\u0259t b\u0259sl\u0259yin v\u0259 Koreya qrammatikas\u0131n\u0131 m\u0259nims\u0259m\u0259nizin imkanlar d\u00fcnyas\u0131na apard\u0131\u011f\u0131n\u0131 izl\u0259yin. \ud654\uc774\ud305 (g\u00f6zl\u0259yir) \u2013 icaz\u0259 verin<\/p>\n<\/div><\/div>\n\r\n<section class=\"learnNavigationSection\">\r\n            \r\n        <a href=\"https:\/\/talkpal.ai\/az\/koreya-dilini-oyr%c9%99n\/\">\r\n            <div class=\"learnNavigationWrapper\">\r\n                <div class=\"learnNavigationContent\">\r\n                    <img decoding=\"async\" src=\"https:\/\/talkpal.ai\/wp-content\/uploads\/2024\/08\/Korean.jpg\" alt=\"Korean Flag\">\r\n                    <div>\r\n                        <h4>Koreya dilinin \u00f6yr\u0259nilm\u0259si haqq\u0131nda<\/h4>\r\n                        <p>Koreya dilinin qrammatikas\u0131 haqq\u0131nda h\u0259r \u015feyi \u00f6yr\u0259nin .<\/p>\r\n                    <\/div>\r\n                <\/div>\r\n            <\/div>\r\n        <\/a>\r\n\r\n        \r\n        <a href=\"https:\/\/talkpal.ai\/az\/koreya-qrammatika-m%c9%99sql%c9%99ri\/\">\r\n            <div class=\"learnNavigationWrapper\">\r\n                <div class=\"learnNavigationContent\">\r\n                    <img decoding=\"async\" src=\"https:\/\/talkpal.ai\/wp-content\/uploads\/2024\/08\/Korean.jpg\" alt=\"Korean Flag\">\r\n                    <div>\r\n                        <h4>Koreya qrammatikas\u0131 m\u0259\u015fqi<\/h4>\r\n                        <p>Koreya dilinin qrammatika qaydalar\u0131na \u0259m\u0259l etm\u0259k.<\/p>\r\n                    <\/div>\r\n                <\/div>\r\n            <\/div>\r\n        <\/a>\r\n\r\n        \r\n        <a href=\"https:\/\/talkpal.ai\/vocabulary_language\/korean\/\">\r\n            <div class=\"learnNavigationWrapper\">\r\n                <div class=\"learnNavigationContent\">\r\n                    <img decoding=\"async\" src=\"https:\/\/talkpal.ai\/wp-content\/uploads\/2024\/08\/Korean.jpg\" alt=\"Korean Flag\">\r\n                    <div>\r\n                        <h4>Koreya l\u00fc\u011f\u0259ti<\/h4>\r\n                        <p>Koreya l\u00fc\u011f\u0259tinizi geni\u015fl\u0259ndirin.<\/p>\r\n                    <\/div>\r\n                <\/div>\r\n            <\/div>\r\n        <\/a>\r\n\r\n            <\/section>","protected":false},"excerpt":{"rendered":"<p>Koreya qrammatikas\u0131n\u0131n sirrini aradan qald\u0131rmaq: Ba\u015flayanlar \u00fc\u00e7\u00fcn B\u0259l\u0259d\u00e7i Koreya dilini \u00f6yr\u0259nm\u0259k ist\u0259r Koreya m\u0259tb\u0259xini ara\u015fd\u0131rmaq, ist\u0259rs\u0259 d\u0259 \u0259n son K-dramalara baxmaq v\u0259 ya C\u0259nubi Koreyan\u0131n bir \u00e7ox innovativ \u015firk\u0259tl\u0259rind\u0259n biri il\u0259 i\u015fl\u0259m\u0259k kimi bir f\u00fcrs\u0259t d\u00fcnyas\u0131 a\u00e7a bil\u0259r. Bu maraql\u0131 dil\u0259 dal\u0131\u015f ed\u0259n do\u011fma olmayan natiq kimi, onun qrammatikas\u0131n\u0131 \u00f6yr\u0259nm\u0259k \u0259n \u00e7\u0259tin m\u0259qamlardan biridir. Koreya [&hellip;]<\/p>\n","protected":false},"author":1,"featured_media":107537,"parent":0,"menu_order":0,"comment_status":"closed","ping_status":"closed","template":"LearningContentPage.php","meta":{"_acf_changed":false,"footnotes":""},"class_list":["post-130423","page","type-page","status-publish","has-post-thumbnail","hentry"],"acf":[],"yoast_head":"<!-- This site is optimized with the Yoast SEO Premium plugin v27.2 (Yoast SEO v27.2) - https:\/\/yoast.com\/product\/yoast-seo-premium-wordpress\/ -->\n<title>Koreya Dili Qrammatikas\u0131 - Talkpal<\/title>\n<meta name=\"description\" content=\"Koreya qrammatikas\u0131n\u0131 inamla m\u0259nims\u0259yin - c\u00fcml\u0259 strukturunu g\u00fccl\u0259ndirin, qaydalar\u0131 ayd\u0131nla\u015fd\u0131r\u0131n v\u0259 asanl\u0131qla r\u0259vanl\u0131\u011f\u0131 art\u0131r\u0131n\" \/>\n<meta name=\"robots\" content=\"index, follow, max-snippet:-1, max-image-preview:large, max-video-preview:-1\" \/>\n<link rel=\"canonical\" href=\"https:\/\/talkpal.ai\/az\/koreya-dili-qrammatikasi\/\" \/>\n<meta property=\"og:locale\" content=\"az_AZ\" \/>\n<meta property=\"og:type\" content=\"article\" \/>\n<meta property=\"og:title\" content=\"Koreya Dili Qrammatikas\u0131\" \/>\n<meta property=\"og:description\" content=\"Koreya qrammatikas\u0131n\u0131n sirrini aradan qald\u0131rmaq: Ba\u015flayanlar \u00fc\u00e7\u00fcn B\u0259l\u0259d\u00e7i Koreya dilini \u00f6yr\u0259nm\u0259k ist\u0259r Koreya m\u0259tb\u0259xini ara\u015fd\u0131rmaq, ist\u0259rs\u0259 d\u0259 \u0259n son\" \/>\n<meta property=\"og:url\" content=\"https:\/\/talkpal.ai\/az\/koreya-dili-qrammatikasi\/\" \/>\n<meta property=\"og:site_name\" content=\"Talkpal\" \/>\n<meta property=\"article:publisher\" content=\"https:\/\/www.facebook.com\/profile.php?id=100090733639311\" \/>\n<meta property=\"article:modified_time\" content=\"2025-12-11T16:30:26+00:00\" \/>\n<meta property=\"og:image\" content=\"https:\/\/talkpal.ai\/wp-content\/uploads\/2023\/04\/south-korea.png\" \/>\n\t<meta property=\"og:image:width\" content=\"512\" \/>\n\t<meta property=\"og:image:height\" content=\"512\" \/>\n\t<meta property=\"og:image:type\" content=\"image\/png\" \/>\n<meta name=\"twitter:card\" content=\"summary_large_image\" \/>\n<meta name=\"twitter:site\" content=\"@talkpalai\" \/>\n<meta name=\"twitter:label1\" content=\"Est. reading time\" \/>\n\t<meta name=\"twitter:data1\" content=\"5 minutes\" \/>\n<script type=\"application\/ld+json\" class=\"yoast-schema-graph\">{\"@context\":\"https:\/\/schema.org\",\"@graph\":[{\"@type\":\"WebPage\",\"@id\":\"https:\/\/talkpal.ai\/az\/koreya-dili-qrammatikasi\/\",\"url\":\"https:\/\/talkpal.ai\/az\/koreya-dili-qrammatikasi\/\",\"name\":\"Koreya Dili Qrammatikas\u0131 - Talkpal\",\"isPartOf\":{\"@id\":\"https:\/\/talkpal.ai\/az\/#website\"},\"primaryImageOfPage\":{\"@id\":\"https:\/\/talkpal.ai\/az\/koreya-dili-qrammatikasi\/#primaryimage\"},\"image\":{\"@id\":\"https:\/\/talkpal.ai\/az\/koreya-dili-qrammatikasi\/#primaryimage\"},\"thumbnailUrl\":\"https:\/\/talkpal.ai\/wp-content\/uploads\/2023\/04\/south-korea.png\",\"datePublished\":\"2023-05-14T13:52:27+00:00\",\"dateModified\":\"2025-12-11T16:30:26+00:00\",\"description\":\"Koreya qrammatikas\u0131n\u0131 inamla m\u0259nims\u0259yin - c\u00fcml\u0259 strukturunu g\u00fccl\u0259ndirin, qaydalar\u0131 ayd\u0131nla\u015fd\u0131r\u0131n v\u0259 asanl\u0131qla r\u0259vanl\u0131\u011f\u0131 art\u0131r\u0131n\",\"breadcrumb\":{\"@id\":\"https:\/\/talkpal.ai\/az\/koreya-dili-qrammatikasi\/#breadcrumb\"},\"inLanguage\":\"az\",\"potentialAction\":[{\"@type\":\"ReadAction\",\"target\":[\"https:\/\/talkpal.ai\/az\/koreya-dili-qrammatikasi\/\"]}]},{\"@type\":\"ImageObject\",\"inLanguage\":\"az\",\"@id\":\"https:\/\/talkpal.ai\/az\/koreya-dili-qrammatikasi\/#primaryimage\",\"url\":\"https:\/\/talkpal.ai\/wp-content\/uploads\/2023\/04\/south-korea.png\",\"contentUrl\":\"https:\/\/talkpal.ai\/wp-content\/uploads\/2023\/04\/south-korea.png\",\"width\":512,\"height\":512},{\"@type\":\"BreadcrumbList\",\"@id\":\"https:\/\/talkpal.ai\/az\/koreya-dili-qrammatikasi\/#breadcrumb\",\"itemListElement\":[{\"@type\":\"ListItem\",\"position\":1,\"name\":\"Homepage\",\"item\":\"https:\/\/talkpal.ai\/az\/\"},{\"@type\":\"ListItem\",\"position\":2,\"name\":\"Koreya Dili Qrammatikas\u0131\"}]},{\"@type\":\"WebSite\",\"@id\":\"https:\/\/talkpal.ai\/az\/#website\",\"url\":\"https:\/\/talkpal.ai\/az\/\",\"name\":\"Talkpal\",\"description\":\"AI Language Learning\",\"publisher\":{\"@id\":\"https:\/\/talkpal.ai\/az\/#organization\"},\"alternateName\":\"Talkpal AI\",\"potentialAction\":[{\"@type\":\"SearchAction\",\"target\":{\"@type\":\"EntryPoint\",\"urlTemplate\":\"https:\/\/talkpal.ai\/az\/?s={search_term_string}\"},\"query-input\":{\"@type\":\"PropertyValueSpecification\",\"valueRequired\":true,\"valueName\":\"search_term_string\"}}],\"inLanguage\":\"az\"},{\"@type\":\"Organization\",\"@id\":\"https:\/\/talkpal.ai\/az\/#organization\",\"name\":\"Talkpal, Inc.\",\"alternateName\":\"Talkpal AI\",\"url\":\"https:\/\/talkpal.ai\/az\/\",\"logo\":{\"@type\":\"ImageObject\",\"inLanguage\":\"az\",\"@id\":\"https:\/\/talkpal.ai\/az\/#\/schema\/logo\/image\/\",\"url\":\"https:\/\/talkpal.ai\/wp-content\/uploads\/2024\/03\/Talkpal-Logo-Icon.png\",\"contentUrl\":\"https:\/\/talkpal.ai\/wp-content\/uploads\/2024\/03\/Talkpal-Logo-Icon.png\",\"width\":2880,\"height\":2880,\"caption\":\"Talkpal, Inc.\"},\"image\":{\"@id\":\"https:\/\/talkpal.ai\/az\/#\/schema\/logo\/image\/\"},\"sameAs\":[\"https:\/\/www.facebook.com\/profile.php?id=100090733639311\",\"https:\/\/x.com\/talkpalai\",\"https:\/\/www.linkedin.com\/company\/talkpal\/\",\"https:\/\/www.youtube.com\/@TalkPal\/\",\"https:\/\/www.tiktok.com\/@talkpal\",\"https:\/\/www.instagram.com\/talkpal_ai\/\",\"https:\/\/www.crunchbase.com\/organization\/talkpal-9cde\",\"https:\/\/www.g2.com\/products\/talkpal-for-business\/\",\"https:\/\/www.trustpilot.com\/review\/talkpal.ai\",\"https:\/\/www.capterra.com\/p\/10006800\/TalkPal\/\"],\"description\":\"Talkpal is a language learning web and mobile education app, powered by the latest AI technologies, that provides engaging experiences to its customers in many different languages to help them improve their language skills. Users can chat about unlimited amount of topics with the app and use other modes to practice their language learning.\",\"email\":\"support@talkpal.ai\",\"legalName\":\"Talkpal, Inc.\",\"foundingDate\":\"2023-04-03\",\"duns\":\"118989042\",\"numberOfEmployees\":{\"@type\":\"QuantitativeValue\",\"minValue\":\"11\",\"maxValue\":\"50\"},\"publishingPrinciples\":\"https:\/\/talkpal.ai\/publishing-principles\/\",\"actionableFeedbackPolicy\":\"https:\/\/talkpal.ai\/actionable-feedback-policy\/\",\"correctionsPolicy\":\"https:\/\/talkpal.ai\/corrections-policy\/\",\"ethicsPolicy\":\"https:\/\/talkpal.ai\/ethics-policy\/\",\"diversityPolicy\":\"https:\/\/talkpal.ai\/diversity-policy\/\",\"diversityStaffingReport\":\"https:\/\/talkpal.ai\/diversity-policy\/\"}]}<\/script>\n<!-- \/ Yoast SEO Premium plugin. -->","yoast_head_json":{"title":"Koreya Dili Qrammatikas\u0131 - Talkpal","description":"Koreya qrammatikas\u0131n\u0131 inamla m\u0259nims\u0259yin - c\u00fcml\u0259 strukturunu g\u00fccl\u0259ndirin, qaydalar\u0131 ayd\u0131nla\u015fd\u0131r\u0131n v\u0259 asanl\u0131qla r\u0259vanl\u0131\u011f\u0131 art\u0131r\u0131n","robots":{"index":"index","follow":"follow","max-snippet":"max-snippet:-1","max-image-preview":"max-image-preview:large","max-video-preview":"max-video-preview:-1"},"canonical":"https:\/\/talkpal.ai\/az\/koreya-dili-qrammatikasi\/","og_locale":"az_AZ","og_type":"article","og_title":"Koreya Dili Qrammatikas\u0131","og_description":"Koreya qrammatikas\u0131n\u0131n sirrini aradan qald\u0131rmaq: Ba\u015flayanlar \u00fc\u00e7\u00fcn B\u0259l\u0259d\u00e7i Koreya dilini \u00f6yr\u0259nm\u0259k ist\u0259r Koreya m\u0259tb\u0259xini ara\u015fd\u0131rmaq, ist\u0259rs\u0259 d\u0259 \u0259n son","og_url":"https:\/\/talkpal.ai\/az\/koreya-dili-qrammatikasi\/","og_site_name":"Talkpal","article_publisher":"https:\/\/www.facebook.com\/profile.php?id=100090733639311","article_modified_time":"2025-12-11T16:30:26+00:00","og_image":[{"width":512,"height":512,"url":"https:\/\/talkpal.ai\/wp-content\/uploads\/2023\/04\/south-korea.png","type":"image\/png"}],"twitter_card":"summary_large_image","twitter_site":"@talkpalai","twitter_misc":{"Est. reading time":"5 minutes"},"schema":{"@context":"https:\/\/schema.org","@graph":[{"@type":"WebPage","@id":"https:\/\/talkpal.ai\/az\/koreya-dili-qrammatikasi\/","url":"https:\/\/talkpal.ai\/az\/koreya-dili-qrammatikasi\/","name":"Koreya Dili Qrammatikas\u0131 - Talkpal","isPartOf":{"@id":"https:\/\/talkpal.ai\/az\/#website"},"primaryImageOfPage":{"@id":"https:\/\/talkpal.ai\/az\/koreya-dili-qrammatikasi\/#primaryimage"},"image":{"@id":"https:\/\/talkpal.ai\/az\/koreya-dili-qrammatikasi\/#primaryimage"},"thumbnailUrl":"https:\/\/talkpal.ai\/wp-content\/uploads\/2023\/04\/south-korea.png","datePublished":"2023-05-14T13:52:27+00:00","dateModified":"2025-12-11T16:30:26+00:00","description":"Koreya qrammatikas\u0131n\u0131 inamla m\u0259nims\u0259yin - c\u00fcml\u0259 strukturunu g\u00fccl\u0259ndirin, qaydalar\u0131 ayd\u0131nla\u015fd\u0131r\u0131n v\u0259 asanl\u0131qla r\u0259vanl\u0131\u011f\u0131 art\u0131r\u0131n","breadcrumb":{"@id":"https:\/\/talkpal.ai\/az\/koreya-dili-qrammatikasi\/#breadcrumb"},"inLanguage":"az","potentialAction":[{"@type":"ReadAction","target":["https:\/\/talkpal.ai\/az\/koreya-dili-qrammatikasi\/"]}]},{"@type":"ImageObject","inLanguage":"az","@id":"https:\/\/talkpal.ai\/az\/koreya-dili-qrammatikasi\/#primaryimage","url":"https:\/\/talkpal.ai\/wp-content\/uploads\/2023\/04\/south-korea.png","contentUrl":"https:\/\/talkpal.ai\/wp-content\/uploads\/2023\/04\/south-korea.png","width":512,"height":512},{"@type":"BreadcrumbList","@id":"https:\/\/talkpal.ai\/az\/koreya-dili-qrammatikasi\/#breadcrumb","itemListElement":[{"@type":"ListItem","position":1,"name":"Homepage","item":"https:\/\/talkpal.ai\/az\/"},{"@type":"ListItem","position":2,"name":"Koreya Dili Qrammatikas\u0131"}]},{"@type":"WebSite","@id":"https:\/\/talkpal.ai\/az\/#website","url":"https:\/\/talkpal.ai\/az\/","name":"Talkpal","description":"AI Language Learning","publisher":{"@id":"https:\/\/talkpal.ai\/az\/#organization"},"alternateName":"Talkpal AI","potentialAction":[{"@type":"SearchAction","target":{"@type":"EntryPoint","urlTemplate":"https:\/\/talkpal.ai\/az\/?s={search_term_string}"},"query-input":{"@type":"PropertyValueSpecification","valueRequired":true,"valueName":"search_term_string"}}],"inLanguage":"az"},{"@type":"Organization","@id":"https:\/\/talkpal.ai\/az\/#organization","name":"Talkpal, Inc.","alternateName":"Talkpal AI","url":"https:\/\/talkpal.ai\/az\/","logo":{"@type":"ImageObject","inLanguage":"az","@id":"https:\/\/talkpal.ai\/az\/#\/schema\/logo\/image\/","url":"https:\/\/talkpal.ai\/wp-content\/uploads\/2024\/03\/Talkpal-Logo-Icon.png","contentUrl":"https:\/\/talkpal.ai\/wp-content\/uploads\/2024\/03\/Talkpal-Logo-Icon.png","width":2880,"height":2880,"caption":"Talkpal, Inc."},"image":{"@id":"https:\/\/talkpal.ai\/az\/#\/schema\/logo\/image\/"},"sameAs":["https:\/\/www.facebook.com\/profile.php?id=100090733639311","https:\/\/x.com\/talkpalai","https:\/\/www.linkedin.com\/company\/talkpal\/","https:\/\/www.youtube.com\/@TalkPal\/","https:\/\/www.tiktok.com\/@talkpal","https:\/\/www.instagram.com\/talkpal_ai\/","https:\/\/www.crunchbase.com\/organization\/talkpal-9cde","https:\/\/www.g2.com\/products\/talkpal-for-business\/","https:\/\/www.trustpilot.com\/review\/talkpal.ai","https:\/\/www.capterra.com\/p\/10006800\/TalkPal\/"],"description":"Talkpal is a language learning web and mobile education app, powered by the latest AI technologies, that provides engaging experiences to its customers in many different languages to help them improve their language skills. Users can chat about unlimited amount of topics with the app and use other modes to practice their language learning.","email":"support@talkpal.ai","legalName":"Talkpal, Inc.","foundingDate":"2023-04-03","duns":"118989042","numberOfEmployees":{"@type":"QuantitativeValue","minValue":"11","maxValue":"50"},"publishingPrinciples":"https:\/\/talkpal.ai\/publishing-principles\/","actionableFeedbackPolicy":"https:\/\/talkpal.ai\/actionable-feedback-policy\/","correctionsPolicy":"https:\/\/talkpal.ai\/corrections-policy\/","ethicsPolicy":"https:\/\/talkpal.ai\/ethics-policy\/","diversityPolicy":"https:\/\/talkpal.ai\/diversity-policy\/","diversityStaffingReport":"https:\/\/talkpal.ai\/diversity-policy\/"}]}},"_links":{"self":[{"href":"https:\/\/talkpal.ai\/az\/wp-json\/wp\/v2\/pages\/130423","targetHints":{"allow":["GET"]}}],"collection":[{"href":"https:\/\/talkpal.ai\/az\/wp-json\/wp\/v2\/pages"}],"about":[{"href":"https:\/\/talkpal.ai\/az\/wp-json\/wp\/v2\/types\/page"}],"author":[{"embeddable":true,"href":"https:\/\/talkpal.ai\/az\/wp-json\/wp\/v2\/users\/1"}],"replies":[{"embeddable":true,"href":"https:\/\/talkpal.ai\/az\/wp-json\/wp\/v2\/comments?post=130423"}],"version-history":[{"count":0,"href":"https:\/\/talkpal.ai\/az\/wp-json\/wp\/v2\/pages\/130423\/revisions"}],"wp:featuredmedia":[{"embeddable":true,"href":"https:\/\/talkpal.ai\/az\/wp-json\/wp\/v2\/media\/107537"}],"wp:attachment":[{"href":"https:\/\/talkpal.ai\/az\/wp-json\/wp\/v2\/media?parent=130423"}],"curies":[{"name":"wp","href":"https:\/\/api.w.org\/{rel}","templated":true}]}}