{"id":130060,"date":"2023-05-14T13:51:46","date_gmt":"2023-05-14T13:51:46","guid":{"rendered":"http:\/\/talkpal.ai\/portuqal-dilinin-qrammatikasi\/"},"modified":"2025-12-11T16:48:47","modified_gmt":"2025-12-11T16:48:47","slug":"portuqal-dilinin-qrammatikasi","status":"publish","type":"page","link":"https:\/\/talkpal.ai\/az\/portuqal-dilinin-qrammatikasi\/","title":{"rendered":"Portuqal dilinin qrammatikas\u0131"},"content":{"rendered":"\r\n\r\n\r\n<section class=\"languageChallengeSection\">\r\n    <div class=\"languageInfoWrapper\">\r\n        \r\n        <h1>Portuqal dilinin qrammatikas\u0131<\/h1>\r\n        <p>Portuqal dilinin qrammatikas\u0131n\u0131n \u0259saslar\u0131n\u0131 ara\u015fd\u0131r\u0131n v\u0259 d\u00fcnya \u00fczr\u0259 milyonlarla natiql\u0259 \u0259laq\u0259 yaratmaq \u00fc\u00e7\u00fcn f\u00fcrs\u0259tl\u0259r d\u00fcnyas\u0131n\u0131 a\u00e7\u0131n. Onun \u0259sas qaydalar\u0131n\u0131 v\u0259 strukturlar\u0131n\u0131 m\u0259nims\u0259m\u0259kl\u0259, siz inamla \u00fcnsiyy\u0259t qurma\u011fa v\u0259 Portuqaliya m\u0259d\u0259niyy\u0259tind\u0259n tam h\u0259zz alma\u011fa haz\u0131r olacaqs\u0131n\u0131z. Bu g\u00fcn Portuqal dilinin qrammatikas\u0131n\u0131 \u00f6yr\u0259nm\u0259y\u0259 ba\u015flay\u0131n v\u0259 s\u0259lis dan\u0131\u015fma\u011fa do\u011fru ilk add\u0131m\u0131n\u0131z\u0131 at\u0131n!<\/p>\r\n\r\n                            <a class=\"getStartedHidden\" href=\"https:\/\/app.talkpal.ai\/signup?lng=\">Ba\u015fla<\/a>\r\n        \r\n    <\/div>\r\n\r\n    <figure>\r\n    <img decoding=\"async\" width=\"768\" height=\"768\" src=\"https:\/\/talkpal.ai\/wp-content\/uploads\/2023\/06\/portuguese-768x768.png\" class=\"languageImage no-lazy\" alt=\"Language learning for broader world view\" fetchpriority=\"high\" sizes=\"(max-width: 768px) 150px, 768px\" srcset=\"https:\/\/talkpal.ai\/wp-content\/uploads\/2023\/06\/portuguese-768x768.png 768w, https:\/\/talkpal.ai\/wp-content\/uploads\/2023\/06\/portuguese-300x300.png 300w\" \/>\r\n    \r\n\r\n    <\/figure>\r\n\r\n            <a class=\"getStartedVisible\" href=\"https:\/\/app.talkpal.ai\/signup?lng=\">Ba\u015fla<\/a>\r\n    \r\n<\/section>\r\n<section class=\"promotionalBanner\">\r\n    <p class=\"promotionalText\">Dil \u00f6yr\u0259nm\u0259yin \u0259n t\u0259sirli yolu<\/p>\r\n    <a class=\"promotionalLink\" href=\"https:\/\/app.talkpal.ai\/signup?lng=\">Talkpal pulsuz s\u0131nay\u0131n<\/a>\r\n<\/section>\n<div class=\"wp-block-group pageContainerStyle\"><div class=\"wp-block-group__inner-container is-layout-constrained wp-block-group-is-layout-constrained\">\n<h2 class=\"wp-block-heading\" id=\"h-a-beginner-s-guide-to-understanding-portuguese-grammar\">Portuqal dilinin qrammatikas\u0131n\u0131 anlamaq \u00fc\u00e7\u00fcn yeni ba\u015flayanlar \u00fc\u00e7\u00fcn b\u0259l\u0259d\u00e7i<\/h2>\n\n\n\n<p>\u0130st\u0259r Portuqaliyaya s\u0259yah\u0259t etm\u0259yi planla\u015fd\u0131r\u0131rs\u0131n\u0131z, ist\u0259rs\u0259 d\u0259 sad\u0259c\u0259 yeni bir dil \u00f6yr\u0259nm\u0259kl\u0259 maraqlan\u0131rs\u0131n\u0131z, Portuqal dilini \u00f6yr\u0259nm\u0259k maraql\u0131 v\u0259 faydal\u0131 t\u0259cr\u00fcb\u0259 ola bil\u0259r. Portuqal dilinin \u00f6yr\u0259nilm\u0259sinin dig\u0259r vacib c\u0259h\u0259tl\u0259rind\u0259n biri d\u0259 onun qrammatikas\u0131n\u0131 ba\u015fa d\u00fc\u015fm\u0259kdir. Bu m\u0259qal\u0259 siz\u0259 portuqal dilinin qrammatikas\u0131 \u0259sas\u0131nda r\u0259hb\u0259rlik ed\u0259c\u0259k v\u0259 siz\u0259 s\u0259y g\u00f6st\u0259rm\u0259d\u0259n s\u0259yah\u0259t etm\u0259y\u0259 v\u0259 \u00fcnsiyy\u0259t qurma\u011fa k\u00f6m\u0259k ed\u0259c\u0259k z\u0259ruri m\u0259sl\u0259h\u0259tl\u0259r v\u0259 anlay\u0131\u015flar t\u0259qdim ed\u0259c\u0259k. Bel\u0259likl\u0259, Portuqal dili d\u00fcnyas\u0131na dalma\u011f\u0131 g\u00f6zl\u0259yirsinizs\u0259, g\u0259lin ba\u015flayaq!<\/p>\n\n\n\n<h3 class=\"wp-block-heading\" id=\"h-1-the-basics-nouns-pronouns-and-articles\">1. \u018fsaslar: Nouns, Pronouns v\u0259 M\u0259qal\u0259l\u0259r<\/h3>\n\n\n\n<p>\u0130ngilis dilind\u0259 oldu\u011fu kimi portuqal dilinin qrammatikas\u0131 da nounlar, pronounlar v\u0259 m\u0259qal\u0259l\u0259r \u0259traf\u0131nda qurulmu\u015fdur. Portuqal dilind\u0259 isiml\u0259r ki\u015fi v\u0259 ya qad\u0131n ola bil\u0259r v\u0259 d\u00fczg\u00fcn c\u00fcml\u0259nin qurulmas\u0131 \u00fc\u00e7\u00fcn cinsi m\u00fc\u0259yy\u0259n etm\u0259k vacibdir. M\u0259s\u0259l\u0259n, \u201co menino\u201d \u201co\u011flan\u201da, \u201ca menina\u201d is\u0259 \u201cq\u0131z\u201da t\u0259rc\u00fcm\u0259 olunur.<\/p>\n\n\n\n<p>\u0130ngilisc\u0259 oldu\u011fu kimi portuqal dilind\u0259 t\u0259l\u0259ff\u00fcz edil\u0259n pronouns, nouns \u0259v\u0259zliyi kimi \u00e7\u0131x\u0131\u015f edir. Onlar\u0131n da cinsiyy\u0259ti var. \u015e\u0259xsi pronounlar: eu (I), voc\u00ea\/tu (you), ele\/ela (he\/she), n\u00f3s (we) v\u0259 eles\/elas (onlar).<\/p>\n\n\n\n<p>Q\u0259ti m\u0259qal\u0259l\u0259r (the) v\u0259 m\u00fcdd\u0259tsiz m\u0259qal\u0259l\u0259r (a\/an) da gender xarakterlidir v\u0259 c\u00fcml\u0259nin d\u00fczg\u00fcn qurulmas\u0131 \u00fc\u00e7\u00fcn z\u0259ruridir. Portuqal dilind\u0259 m\u00fc\u0259yy\u0259n artikll\u0259r \u201co\u201d (ki\u015fi cinsi) v\u0259 \u201ca\u201d (qad\u0131n), qeyri-m\u00fc\u0259yy\u0259n artikll\u0259r is\u0259 \u201cum\u201d (ki\u015fi) v\u0259 \u201cuma\u201d (qad\u0131n cinsi) olur.<\/p>\n\n\n\n<h3 class=\"wp-block-heading\" id=\"h-2-adjectives-and-adverbs-add-spice-to-your-sentences\">2. Adjectives and Adverbs: C\u00fcml\u0259l\u0259riniz\u0259 \u018fdviyyat \u018flav\u0259 Edin<\/h3>\n\n\n\n<p>Adjectives ) \u2014 adlara aid olan v\u0259 ya d\u0259yi\u015fdirilmi\u015f s\u00f6zl\u0259rdir. Ad kimi cinsl\u0259r d\u0259 vard\u0131r. Ad\u0259t\u0259n, \u201co\u201d il\u0259 bit\u0259n sif\u0259tl\u0259r ki\u015fi, \u201ca\u201d il\u0259 bit\u0259nl\u0259r is\u0259 qad\u0131nd\u0131r. Sif\u0259tin cinsini t\u0259svir etdiyi ism\u0259 uy\u011funla\u015fd\u0131rmaq vacibdir. M\u0259s\u0259l\u0259n, &#8220;homem alto&#8221; &#8220;uzun boylu ki\u015fi&#8221;, &#8220;mulher alta&#8221; is\u0259 &#8220;h\u00fcnd\u00fcr qad\u0131n&#8221; dem\u0259kdir.<\/p>\n\n\n\n<p>Adverbs is\u0259 feil, adjective v\u0259 ya dig\u0259r adverbsl\u0259ri d\u0259yi\u015fdirir. Portuqal dilind\u0259 z\u0259rfl\u0259rin ad\u0259t\u0259n cinsiyy\u0259t\u0259 uy\u011fun formalar\u0131 olmur. B\u0259zi \u00fcmumi z\u0259rfl\u0259r\u0259 \u201crapidamente\u201d (tez), \u201clentamente\u201d (yava\u015f-yava\u015f) v\u0259 \u201csempre\u201d (h\u0259mi\u015f\u0259) daxildir.<\/p>\n\n\n\n<h3 class=\"wp-block-heading\" id=\"h-3-verbs-the-action-words\">3. Feill\u0259r: H\u0259r\u0259k\u0259t s\u00f6zl\u0259ri<\/h3>\n\n\n\n<p>Portuqal feill\u0259ri \u00fc\u00e7 konjuqasiya qrupuna (-ar, -er, -ir) daxil edilir v\u0259 onlar\u0131n formalar\u0131 g\u0259rgin v\u0259 m\u00f6vzudan as\u0131l\u0131 olaraq d\u0259yi\u015fir. Bunlar bilm\u0259li oldu\u011funuz b\u0259zi \u0259sas zamanlard\u0131r:<\/p>\n\n\n\n<p>\u2013 \u0130ndiki zaman (Presente): \u0130ndi ba\u015f ver\u0259n h\u0259r\u0259k\u0259tl\u0259ri v\u0259 ya adi h\u0259r\u0259k\u0259tl\u0259ri t\u0259svir edir.<br\/>\u2013 Ke\u00e7mi\u015f zaman (Pret\u00e9rito): Ke\u00e7mi\u015fd\u0259 ba\u015f vermi\u015f h\u0259r\u0259k\u0259tl\u0259ri t\u0259svir edir. \u0130ki n\u00f6v\u00fc var: Pret\u00e9rito Perfeito (sad\u0259 ke\u00e7mi\u015f) v\u0259 Pret\u00e9rito Imperfeito (ke\u00e7mi\u015f fasil\u0259siz).<br\/>\u2013 G\u0259l\u0259c\u0259k zaman (Futuro): G\u0259l\u0259c\u0259kd\u0259 ba\u015f ver\u0259c\u0259k h\u0259r\u0259k\u0259tl\u0259ri t\u0259svir edir.<\/p>\n\n\n\n<p>Mastering verb conjugation portuqal dilind\u0259 \u00e7\u0259tin ola bil\u0259r, lakin praktika v\u0259 ard\u0131c\u0131ll\u0131q onu daha effektiv qavrama\u011fa k\u00f6m\u0259k ed\u0259c\u0259k.<\/p>\n\n\n\n<h3 class=\"wp-block-heading\" id=\"h-4-word-order-building-understandable-sentences\">4. S\u00f6z s\u0131ras\u0131. Ba\u015fa d\u00fc\u015f\u00fcl\u0259n c\u00fcml\u0259l\u0259r qurmaq<\/h3>\n\n\n\n<p>Tipik Portuqal c\u00fcml\u0259 qurulu\u015fu Subject-Verb-Object (SVO) \u0259mrind\u0259n sonra yerin\u0259 yetirir. M\u0259s\u0259l\u0259n, \u201cEu amo pizza\u201d (\u201cM\u0259n pizza sevir\u0259m\u201d) c\u00fcml\u0259si bu n\u00fcmun\u0259y\u0259 uy\u011fundur. Lakin portuqal dilinin qrammatikas\u0131 olduqca s\u0259lisdir v\u0259 s\u00f6z nizam\u0131nda, x\u00fcsusil\u0259 d\u0259 \u0259d\u0259biyyatda v\u0259 ya qeyri-r\u0259smi s\u00f6hb\u0259tl\u0259rd\u0259 m\u00fcxt\u0259liflikl\u0259r\u0259 rast g\u0259l\u0259 bil\u0259rs\u0259n. Kontekst v\u0259 sa\u011flam d\u00fc\u015f\u00fcnc\u0259 bu variasiyalar\u0131 anlamaqda olduqca vacibdir.<\/p>\n\n\n\n<h3 class=\"wp-block-heading\" id=\"h-5-negation-and-interrogation-say-no-and-ask-questions\">5. Negation and Interrogatation: &#8220;Yox&#8221; de v\u0259 sual ver<\/h3>\n\n\n\n<p>Portuqal dilind\u0259 bir c\u00fcml\u0259ni inkar etm\u0259k \u00fc\u00e7\u00fcn sad\u0259c\u0259 olaraq feld\u0259n \u0259vv\u0259l \u201cn\u00e3o\u201d s\u00f6z\u00fcn\u00fc yerl\u0259\u015fdirirsiniz. M\u0259s\u0259l\u0259n, \u201cEu n\u00e3o falo portugu\u00eas\u201d \u201cm\u0259n portuqal dilind\u0259 dan\u0131\u015fm\u0131ram\u201d dem\u0259kdir.<\/p>\n\n\n\n<p>\u0130fad\u0259ni Portuqal dilind\u0259 suala \u00e7evirm\u0259k \u00fc\u00e7\u00fcn ya s\u00f6z s\u0131ras\u0131n\u0131 d\u0259yi\u015f\u0259 bil\u0259rsiniz, ya da sor\u011fu-sual s\u00f6z\u00fcnd\u0259n istifad\u0259 ed\u0259 bil\u0259rsiniz (m\u0259s\u0259l\u0259n, \u201ckim\u201d \u00fc\u00e7\u00fcn \u201cquem\u201d, \u201cn\u0259\u201d \u00fc\u00e7\u00fcn \u201co que\u201d v\u0259 ya \u201charada\u201d \u00fc\u00e7\u00fcn \u201conde\u201d) . M\u0259s\u0259l\u0259n, &#8220;Voc\u00ea fala ingl\u00eas?&#8221; &#8220;\u0130ngilisc\u0259 dan\u0131\u015f\u0131rs\u0131n\u0131z?&#8221;<\/p>\n\n\n\n<h3 class=\"wp-block-heading\" id=\"h-conclusion\">N\u0259tic\u0259<\/h3>\n\n\n\n<p>Portuqal dilinin qrammatikas\u0131n\u0131 \u00f6yr\u0259nm\u0259k \u00e7\u0259tin g\u00f6r\u00fcn\u0259 bil\u0259r, lakin ruhdan d\u00fc\u015fm\u0259yin! H\u0259r bir dilin \u00f6z m\u00fcr\u0259kk\u0259bliyi var, lakin ard\u0131c\u0131ll\u0131q, t\u0259cr\u00fcb\u0259 v\u0259 bir az s\u0259brl\u0259, \u00f6z\u00fcn\u00fcz\u00fc inaml\u0131 v\u0259 effektiv \u015f\u0259kild\u0259 \u00fcnsiyy\u0259td\u0259 tapacaqs\u0131n\u0131z. Unutmay\u0131n ki, qrammatikan\u0131 \u00f6yr\u0259nm\u0259k dilin \u0259ld\u0259 edilm\u0259sinin yaln\u0131z bir hiss\u0259sidir. Siz h\u0259m\u00e7inin portuqal dilind\u0259 dinl\u0259m\u0259k, dan\u0131\u015fmaq v\u0259 oxumaqla m\u0259\u015fq etm\u0259lisiniz. Boa sorte! (Nu\u015f olsun!)<\/p>\n<\/div><\/div>\n\r\n<section class=\"learnNavigationSection\">\r\n            \r\n        <a href=\"https:\/\/talkpal.ai\/az\/portuqal-dilini-oyr%c9%99n\/\">\r\n            <div class=\"learnNavigationWrapper\">\r\n                <div class=\"learnNavigationContent\">\r\n                    <img decoding=\"async\" src=\"https:\/\/talkpal.ai\/wp-content\/uploads\/2024\/08\/Portuguese.jpg\" alt=\"Portuguese Flag\">\r\n                    <div>\r\n                        <h4>Portuqaliya \u00d6yr\u0259nilm\u0259si Haqq\u0131nda<\/h4>\r\n                        <p>Portuqaliya qrammatikas\u0131 haqq\u0131nda h\u0259r \u015feyi \u00f6yr\u0259nin.<\/p>\r\n                    <\/div>\r\n                <\/div>\r\n            <\/div>\r\n        <\/a>\r\n\r\n        \r\n        <a href=\"https:\/\/talkpal.ai\/az\/portuqal-dilinin-qrammatikasi-m%c9%99sg%c9%99l%c9%99l%c9%99ri\/\">\r\n            <div class=\"learnNavigationWrapper\">\r\n                <div class=\"learnNavigationContent\">\r\n                    <img decoding=\"async\" src=\"https:\/\/talkpal.ai\/wp-content\/uploads\/2024\/08\/Portuguese.jpg\" alt=\"Portuguese Flag\">\r\n                    <div>\r\n                        <h4>Portuqal dili qrammatikas\u0131 m\u0259\u015fqi<\/h4>\r\n                        <p>Portuqal dilinin qrammatikas\u0131 il\u0259 m\u0259\u015f\u011ful.<\/p>\r\n                    <\/div>\r\n                <\/div>\r\n            <\/div>\r\n        <\/a>\r\n\r\n        \r\n        <a href=\"https:\/\/talkpal.ai\/vocabulary_language\/portuguese\/\">\r\n            <div class=\"learnNavigationWrapper\">\r\n                <div class=\"learnNavigationContent\">\r\n                    <img decoding=\"async\" src=\"https:\/\/talkpal.ai\/wp-content\/uploads\/2024\/08\/Portuguese.jpg\" alt=\"Portuguese Flag\">\r\n                    <div>\r\n                        <h4>Portuqal l\u00fc\u011f\u0259ti<\/h4>\r\n                        <p>Portuqal dili l\u00fc\u011f\u0259tinizi geni\u015fl\u0259ndirin.<\/p>\r\n                    <\/div>\r\n                <\/div>\r\n            <\/div>\r\n        <\/a>\r\n\r\n            <\/section>","protected":false},"excerpt":{"rendered":"<p>Portuqal dilinin qrammatikas\u0131n\u0131 anlamaq \u00fc\u00e7\u00fcn yeni ba\u015flayanlar \u00fc\u00e7\u00fcn b\u0259l\u0259d\u00e7i \u0130st\u0259r Portuqaliyaya s\u0259yah\u0259t etm\u0259yi planla\u015fd\u0131r\u0131rs\u0131n\u0131z, ist\u0259rs\u0259 d\u0259 sad\u0259c\u0259 yeni bir dil \u00f6yr\u0259nm\u0259kl\u0259 maraqlan\u0131rs\u0131n\u0131z, Portuqal dilini \u00f6yr\u0259nm\u0259k maraql\u0131 v\u0259 faydal\u0131 t\u0259cr\u00fcb\u0259 ola bil\u0259r. Portuqal dilinin \u00f6yr\u0259nilm\u0259sinin dig\u0259r vacib c\u0259h\u0259tl\u0259rind\u0259n biri d\u0259 onun qrammatikas\u0131n\u0131 ba\u015fa d\u00fc\u015fm\u0259kdir. Bu m\u0259qal\u0259 siz\u0259 portuqal dilinin qrammatikas\u0131 \u0259sas\u0131nda r\u0259hb\u0259rlik ed\u0259c\u0259k v\u0259 siz\u0259 s\u0259y [&hellip;]<\/p>\n","protected":false},"author":1,"featured_media":107764,"parent":0,"menu_order":0,"comment_status":"closed","ping_status":"closed","template":"LearningContentPage.php","meta":{"_acf_changed":false,"footnotes":""},"class_list":["post-130060","page","type-page","status-publish","has-post-thumbnail","hentry"],"acf":[],"yoast_head":"<!-- This site is optimized with the Yoast SEO Premium plugin v27.2 (Yoast SEO v27.2) - https:\/\/yoast.com\/product\/yoast-seo-premium-wordpress\/ -->\n<title>Portuqal dilinin qrammatikas\u0131 - Talkpal<\/title>\n<meta name=\"description\" content=\"B\u00fct\u00fcn bacar\u0131q s\u0259viyy\u0259l\u0259ri \u00fc\u00e7\u00fcn n\u0259z\u0259rd\u0259 tutulmu\u015f interaktiv m\u0259\u015fql\u0259rl\u0259 Portuqal dili qrammatikas\u0131n\u0131 m\u0259nims\u0259yin. Dil bilikl\u0259rinizi art\u0131r\u0131n!\" \/>\n<meta name=\"robots\" content=\"index, follow, max-snippet:-1, max-image-preview:large, max-video-preview:-1\" \/>\n<link rel=\"canonical\" href=\"https:\/\/talkpal.ai\/az\/portuqal-dilinin-qrammatikasi\/\" \/>\n<meta property=\"og:locale\" content=\"az_AZ\" \/>\n<meta property=\"og:type\" content=\"article\" \/>\n<meta property=\"og:title\" content=\"Portuqal dilinin qrammatikas\u0131\" \/>\n<meta property=\"og:description\" content=\"Portuqal dilinin qrammatikas\u0131n\u0131 anlamaq \u00fc\u00e7\u00fcn yeni ba\u015flayanlar \u00fc\u00e7\u00fcn b\u0259l\u0259d\u00e7i \u0130st\u0259r Portuqaliyaya s\u0259yah\u0259t etm\u0259yi planla\u015fd\u0131r\u0131rs\u0131n\u0131z, ist\u0259rs\u0259 d\u0259 sad\u0259c\u0259 yeni\" \/>\n<meta property=\"og:url\" content=\"https:\/\/talkpal.ai\/az\/portuqal-dilinin-qrammatikasi\/\" \/>\n<meta property=\"og:site_name\" content=\"Talkpal\" \/>\n<meta property=\"article:publisher\" content=\"https:\/\/www.facebook.com\/profile.php?id=100090733639311\" \/>\n<meta property=\"article:modified_time\" content=\"2025-12-11T16:48:47+00:00\" \/>\n<meta property=\"og:image\" content=\"https:\/\/talkpal.ai\/wp-content\/uploads\/2023\/04\/portugal.png\" \/>\n\t<meta property=\"og:image:width\" content=\"512\" \/>\n\t<meta property=\"og:image:height\" content=\"512\" \/>\n\t<meta property=\"og:image:type\" content=\"image\/png\" \/>\n<meta name=\"twitter:card\" content=\"summary_large_image\" \/>\n<meta name=\"twitter:site\" content=\"@talkpalai\" \/>\n<meta name=\"twitter:label1\" content=\"Est. reading time\" \/>\n\t<meta name=\"twitter:data1\" content=\"5 minutes\" \/>\n<script type=\"application\/ld+json\" class=\"yoast-schema-graph\">{\"@context\":\"https:\/\/schema.org\",\"@graph\":[{\"@type\":\"WebPage\",\"@id\":\"https:\/\/talkpal.ai\/az\/portuqal-dilinin-qrammatikasi\/\",\"url\":\"https:\/\/talkpal.ai\/az\/portuqal-dilinin-qrammatikasi\/\",\"name\":\"Portuqal dilinin qrammatikas\u0131 - Talkpal\",\"isPartOf\":{\"@id\":\"https:\/\/talkpal.ai\/az\/#website\"},\"primaryImageOfPage\":{\"@id\":\"https:\/\/talkpal.ai\/az\/portuqal-dilinin-qrammatikasi\/#primaryimage\"},\"image\":{\"@id\":\"https:\/\/talkpal.ai\/az\/portuqal-dilinin-qrammatikasi\/#primaryimage\"},\"thumbnailUrl\":\"https:\/\/talkpal.ai\/wp-content\/uploads\/2023\/04\/portugal.png\",\"datePublished\":\"2023-05-14T13:51:46+00:00\",\"dateModified\":\"2025-12-11T16:48:47+00:00\",\"description\":\"B\u00fct\u00fcn bacar\u0131q s\u0259viyy\u0259l\u0259ri \u00fc\u00e7\u00fcn n\u0259z\u0259rd\u0259 tutulmu\u015f interaktiv m\u0259\u015fql\u0259rl\u0259 Portuqal dili qrammatikas\u0131n\u0131 m\u0259nims\u0259yin. Dil bilikl\u0259rinizi art\u0131r\u0131n!\",\"breadcrumb\":{\"@id\":\"https:\/\/talkpal.ai\/az\/portuqal-dilinin-qrammatikasi\/#breadcrumb\"},\"inLanguage\":\"az\",\"potentialAction\":[{\"@type\":\"ReadAction\",\"target\":[\"https:\/\/talkpal.ai\/az\/portuqal-dilinin-qrammatikasi\/\"]}]},{\"@type\":\"ImageObject\",\"inLanguage\":\"az\",\"@id\":\"https:\/\/talkpal.ai\/az\/portuqal-dilinin-qrammatikasi\/#primaryimage\",\"url\":\"https:\/\/talkpal.ai\/wp-content\/uploads\/2023\/04\/portugal.png\",\"contentUrl\":\"https:\/\/talkpal.ai\/wp-content\/uploads\/2023\/04\/portugal.png\",\"width\":512,\"height\":512},{\"@type\":\"BreadcrumbList\",\"@id\":\"https:\/\/talkpal.ai\/az\/portuqal-dilinin-qrammatikasi\/#breadcrumb\",\"itemListElement\":[{\"@type\":\"ListItem\",\"position\":1,\"name\":\"Homepage\",\"item\":\"https:\/\/talkpal.ai\/az\/\"},{\"@type\":\"ListItem\",\"position\":2,\"name\":\"Portuqal dilinin qrammatikas\u0131\"}]},{\"@type\":\"WebSite\",\"@id\":\"https:\/\/talkpal.ai\/az\/#website\",\"url\":\"https:\/\/talkpal.ai\/az\/\",\"name\":\"Talkpal\",\"description\":\"AI Language Learning\",\"publisher\":{\"@id\":\"https:\/\/talkpal.ai\/az\/#organization\"},\"alternateName\":\"Talkpal AI\",\"potentialAction\":[{\"@type\":\"SearchAction\",\"target\":{\"@type\":\"EntryPoint\",\"urlTemplate\":\"https:\/\/talkpal.ai\/az\/?s={search_term_string}\"},\"query-input\":{\"@type\":\"PropertyValueSpecification\",\"valueRequired\":true,\"valueName\":\"search_term_string\"}}],\"inLanguage\":\"az\"},{\"@type\":\"Organization\",\"@id\":\"https:\/\/talkpal.ai\/az\/#organization\",\"name\":\"Talkpal, Inc.\",\"alternateName\":\"Talkpal AI\",\"url\":\"https:\/\/talkpal.ai\/az\/\",\"logo\":{\"@type\":\"ImageObject\",\"inLanguage\":\"az\",\"@id\":\"https:\/\/talkpal.ai\/az\/#\/schema\/logo\/image\/\",\"url\":\"https:\/\/talkpal.ai\/wp-content\/uploads\/2024\/03\/Talkpal-Logo-Icon.png\",\"contentUrl\":\"https:\/\/talkpal.ai\/wp-content\/uploads\/2024\/03\/Talkpal-Logo-Icon.png\",\"width\":2880,\"height\":2880,\"caption\":\"Talkpal, Inc.\"},\"image\":{\"@id\":\"https:\/\/talkpal.ai\/az\/#\/schema\/logo\/image\/\"},\"sameAs\":[\"https:\/\/www.facebook.com\/profile.php?id=100090733639311\",\"https:\/\/x.com\/talkpalai\",\"https:\/\/www.linkedin.com\/company\/talkpal\/\",\"https:\/\/www.youtube.com\/@TalkPal\/\",\"https:\/\/www.tiktok.com\/@talkpal\",\"https:\/\/www.instagram.com\/talkpal_ai\/\",\"https:\/\/www.crunchbase.com\/organization\/talkpal-9cde\",\"https:\/\/www.g2.com\/products\/talkpal-for-business\/\",\"https:\/\/www.trustpilot.com\/review\/talkpal.ai\",\"https:\/\/www.capterra.com\/p\/10006800\/TalkPal\/\"],\"description\":\"Talkpal is a language learning web and mobile education app, powered by the latest AI technologies, that provides engaging experiences to its customers in many different languages to help them improve their language skills. Users can chat about unlimited amount of topics with the app and use other modes to practice their language learning.\",\"email\":\"support@talkpal.ai\",\"legalName\":\"Talkpal, Inc.\",\"foundingDate\":\"2023-04-03\",\"duns\":\"118989042\",\"numberOfEmployees\":{\"@type\":\"QuantitativeValue\",\"minValue\":\"11\",\"maxValue\":\"50\"},\"publishingPrinciples\":\"https:\/\/talkpal.ai\/publishing-principles\/\",\"actionableFeedbackPolicy\":\"https:\/\/talkpal.ai\/actionable-feedback-policy\/\",\"correctionsPolicy\":\"https:\/\/talkpal.ai\/corrections-policy\/\",\"ethicsPolicy\":\"https:\/\/talkpal.ai\/ethics-policy\/\",\"diversityPolicy\":\"https:\/\/talkpal.ai\/diversity-policy\/\",\"diversityStaffingReport\":\"https:\/\/talkpal.ai\/diversity-policy\/\"}]}<\/script>\n<!-- \/ Yoast SEO Premium plugin. -->","yoast_head_json":{"title":"Portuqal dilinin qrammatikas\u0131 - Talkpal","description":"B\u00fct\u00fcn bacar\u0131q s\u0259viyy\u0259l\u0259ri \u00fc\u00e7\u00fcn n\u0259z\u0259rd\u0259 tutulmu\u015f interaktiv m\u0259\u015fql\u0259rl\u0259 Portuqal dili qrammatikas\u0131n\u0131 m\u0259nims\u0259yin. Dil bilikl\u0259rinizi art\u0131r\u0131n!","robots":{"index":"index","follow":"follow","max-snippet":"max-snippet:-1","max-image-preview":"max-image-preview:large","max-video-preview":"max-video-preview:-1"},"canonical":"https:\/\/talkpal.ai\/az\/portuqal-dilinin-qrammatikasi\/","og_locale":"az_AZ","og_type":"article","og_title":"Portuqal dilinin qrammatikas\u0131","og_description":"Portuqal dilinin qrammatikas\u0131n\u0131 anlamaq \u00fc\u00e7\u00fcn yeni ba\u015flayanlar \u00fc\u00e7\u00fcn b\u0259l\u0259d\u00e7i \u0130st\u0259r Portuqaliyaya s\u0259yah\u0259t etm\u0259yi planla\u015fd\u0131r\u0131rs\u0131n\u0131z, ist\u0259rs\u0259 d\u0259 sad\u0259c\u0259 yeni","og_url":"https:\/\/talkpal.ai\/az\/portuqal-dilinin-qrammatikasi\/","og_site_name":"Talkpal","article_publisher":"https:\/\/www.facebook.com\/profile.php?id=100090733639311","article_modified_time":"2025-12-11T16:48:47+00:00","og_image":[{"width":512,"height":512,"url":"https:\/\/talkpal.ai\/wp-content\/uploads\/2023\/04\/portugal.png","type":"image\/png"}],"twitter_card":"summary_large_image","twitter_site":"@talkpalai","twitter_misc":{"Est. reading time":"5 minutes"},"schema":{"@context":"https:\/\/schema.org","@graph":[{"@type":"WebPage","@id":"https:\/\/talkpal.ai\/az\/portuqal-dilinin-qrammatikasi\/","url":"https:\/\/talkpal.ai\/az\/portuqal-dilinin-qrammatikasi\/","name":"Portuqal dilinin qrammatikas\u0131 - Talkpal","isPartOf":{"@id":"https:\/\/talkpal.ai\/az\/#website"},"primaryImageOfPage":{"@id":"https:\/\/talkpal.ai\/az\/portuqal-dilinin-qrammatikasi\/#primaryimage"},"image":{"@id":"https:\/\/talkpal.ai\/az\/portuqal-dilinin-qrammatikasi\/#primaryimage"},"thumbnailUrl":"https:\/\/talkpal.ai\/wp-content\/uploads\/2023\/04\/portugal.png","datePublished":"2023-05-14T13:51:46+00:00","dateModified":"2025-12-11T16:48:47+00:00","description":"B\u00fct\u00fcn bacar\u0131q s\u0259viyy\u0259l\u0259ri \u00fc\u00e7\u00fcn n\u0259z\u0259rd\u0259 tutulmu\u015f interaktiv m\u0259\u015fql\u0259rl\u0259 Portuqal dili qrammatikas\u0131n\u0131 m\u0259nims\u0259yin. Dil bilikl\u0259rinizi art\u0131r\u0131n!","breadcrumb":{"@id":"https:\/\/talkpal.ai\/az\/portuqal-dilinin-qrammatikasi\/#breadcrumb"},"inLanguage":"az","potentialAction":[{"@type":"ReadAction","target":["https:\/\/talkpal.ai\/az\/portuqal-dilinin-qrammatikasi\/"]}]},{"@type":"ImageObject","inLanguage":"az","@id":"https:\/\/talkpal.ai\/az\/portuqal-dilinin-qrammatikasi\/#primaryimage","url":"https:\/\/talkpal.ai\/wp-content\/uploads\/2023\/04\/portugal.png","contentUrl":"https:\/\/talkpal.ai\/wp-content\/uploads\/2023\/04\/portugal.png","width":512,"height":512},{"@type":"BreadcrumbList","@id":"https:\/\/talkpal.ai\/az\/portuqal-dilinin-qrammatikasi\/#breadcrumb","itemListElement":[{"@type":"ListItem","position":1,"name":"Homepage","item":"https:\/\/talkpal.ai\/az\/"},{"@type":"ListItem","position":2,"name":"Portuqal dilinin qrammatikas\u0131"}]},{"@type":"WebSite","@id":"https:\/\/talkpal.ai\/az\/#website","url":"https:\/\/talkpal.ai\/az\/","name":"Talkpal","description":"AI Language Learning","publisher":{"@id":"https:\/\/talkpal.ai\/az\/#organization"},"alternateName":"Talkpal AI","potentialAction":[{"@type":"SearchAction","target":{"@type":"EntryPoint","urlTemplate":"https:\/\/talkpal.ai\/az\/?s={search_term_string}"},"query-input":{"@type":"PropertyValueSpecification","valueRequired":true,"valueName":"search_term_string"}}],"inLanguage":"az"},{"@type":"Organization","@id":"https:\/\/talkpal.ai\/az\/#organization","name":"Talkpal, Inc.","alternateName":"Talkpal AI","url":"https:\/\/talkpal.ai\/az\/","logo":{"@type":"ImageObject","inLanguage":"az","@id":"https:\/\/talkpal.ai\/az\/#\/schema\/logo\/image\/","url":"https:\/\/talkpal.ai\/wp-content\/uploads\/2024\/03\/Talkpal-Logo-Icon.png","contentUrl":"https:\/\/talkpal.ai\/wp-content\/uploads\/2024\/03\/Talkpal-Logo-Icon.png","width":2880,"height":2880,"caption":"Talkpal, Inc."},"image":{"@id":"https:\/\/talkpal.ai\/az\/#\/schema\/logo\/image\/"},"sameAs":["https:\/\/www.facebook.com\/profile.php?id=100090733639311","https:\/\/x.com\/talkpalai","https:\/\/www.linkedin.com\/company\/talkpal\/","https:\/\/www.youtube.com\/@TalkPal\/","https:\/\/www.tiktok.com\/@talkpal","https:\/\/www.instagram.com\/talkpal_ai\/","https:\/\/www.crunchbase.com\/organization\/talkpal-9cde","https:\/\/www.g2.com\/products\/talkpal-for-business\/","https:\/\/www.trustpilot.com\/review\/talkpal.ai","https:\/\/www.capterra.com\/p\/10006800\/TalkPal\/"],"description":"Talkpal is a language learning web and mobile education app, powered by the latest AI technologies, that provides engaging experiences to its customers in many different languages to help them improve their language skills. Users can chat about unlimited amount of topics with the app and use other modes to practice their language learning.","email":"support@talkpal.ai","legalName":"Talkpal, Inc.","foundingDate":"2023-04-03","duns":"118989042","numberOfEmployees":{"@type":"QuantitativeValue","minValue":"11","maxValue":"50"},"publishingPrinciples":"https:\/\/talkpal.ai\/publishing-principles\/","actionableFeedbackPolicy":"https:\/\/talkpal.ai\/actionable-feedback-policy\/","correctionsPolicy":"https:\/\/talkpal.ai\/corrections-policy\/","ethicsPolicy":"https:\/\/talkpal.ai\/ethics-policy\/","diversityPolicy":"https:\/\/talkpal.ai\/diversity-policy\/","diversityStaffingReport":"https:\/\/talkpal.ai\/diversity-policy\/"}]}},"_links":{"self":[{"href":"https:\/\/talkpal.ai\/az\/wp-json\/wp\/v2\/pages\/130060","targetHints":{"allow":["GET"]}}],"collection":[{"href":"https:\/\/talkpal.ai\/az\/wp-json\/wp\/v2\/pages"}],"about":[{"href":"https:\/\/talkpal.ai\/az\/wp-json\/wp\/v2\/types\/page"}],"author":[{"embeddable":true,"href":"https:\/\/talkpal.ai\/az\/wp-json\/wp\/v2\/users\/1"}],"replies":[{"embeddable":true,"href":"https:\/\/talkpal.ai\/az\/wp-json\/wp\/v2\/comments?post=130060"}],"version-history":[{"count":0,"href":"https:\/\/talkpal.ai\/az\/wp-json\/wp\/v2\/pages\/130060\/revisions"}],"wp:featuredmedia":[{"embeddable":true,"href":"https:\/\/talkpal.ai\/az\/wp-json\/wp\/v2\/media\/107764"}],"wp:attachment":[{"href":"https:\/\/talkpal.ai\/az\/wp-json\/wp\/v2\/media?parent=130060"}],"curies":[{"name":"wp","href":"https:\/\/api.w.org\/{rel}","templated":true}]}}