{"id":129695,"date":"2023-05-14T13:51:09","date_gmt":"2023-05-14T13:51:09","guid":{"rendered":"http:\/\/talkpal.ai\/yapon-dili-qrammatikasi\/"},"modified":"2025-12-11T16:45:35","modified_gmt":"2025-12-11T16:45:35","slug":"yapon-dili-qrammatikasi","status":"publish","type":"page","link":"https:\/\/talkpal.ai\/az\/yapon-dili-qrammatikasi\/","title":{"rendered":"Yapon Dili Qrammatikas\u0131"},"content":{"rendered":"\r\n\r\n\r\n<section class=\"languageChallengeSection\">\r\n    <div class=\"languageInfoWrapper\">\r\n        \r\n        <h1>Yapon Dili Qrammatikas\u0131<\/h1>\r\n        <p>Ayd\u0131n izahat v\u0259 misallarla \u0259sas qrammatik m\u0259qamlar\u0131 m\u0259nims\u0259m\u0259kl\u0259 <a href=\"https:\/\/talkpal.ai\/learn-japanese\/\">yapon<\/a> dili bacar\u0131qlar\u0131n\u0131z\u0131 art\u0131r\u0131n. S\u0259yah\u0259tinizi s\u0259lis dan\u0131\u015fma\u011fa ba\u015flay\u0131n &#8211; bu g\u00fcn <a href=\"https:\/\/talkpal.ai\/learn-japanese\/\">Yapon<\/a> qrammatikas\u0131na dal\u0131n!<\/p>\r\n\r\n                            <a class=\"getStartedHidden\" href=\"https:\/\/app.talkpal.ai\/signup?lng=\">Ba\u015fla<\/a>\r\n        \r\n    <\/div>\r\n\r\n    <figure>\r\n    <img decoding=\"async\" width=\"768\" height=\"768\" src=\"https:\/\/talkpal.ai\/wp-content\/uploads\/2023\/06\/japanese-768x768.png\" class=\"languageImage no-lazy\" alt=\"Language learning for world travelers\" fetchpriority=\"high\" sizes=\"(max-width: 768px) 150px, 768px\" srcset=\"https:\/\/talkpal.ai\/wp-content\/uploads\/2023\/06\/japanese-768x768.png 768w, https:\/\/talkpal.ai\/wp-content\/uploads\/2023\/06\/japanese-300x300.png 300w\" \/>\r\n    \r\n\r\n    <\/figure>\r\n\r\n            <a class=\"getStartedVisible\" href=\"https:\/\/app.talkpal.ai\/signup?lng=\">Ba\u015fla<\/a>\r\n    \r\n<\/section>\r\n<section class=\"promotionalBanner\">\r\n    <p class=\"promotionalText\">Dil \u00f6yr\u0259nm\u0259yin \u0259n t\u0259sirli yolu<\/p>\r\n    <a class=\"promotionalLink\" href=\"https:\/\/app.talkpal.ai\/signup?lng=\">Talkpal pulsuz s\u0131nay\u0131n<\/a>\r\n<\/section>\n<div class=\"wp-block-group pageContainerStyle\"><div class=\"wp-block-group__inner-container is-layout-constrained wp-block-group-is-layout-constrained\">\n<h2 class=\"wp-block-heading\" id=\"h-mastering-the-intricacies-of-japanese-grammar\">Yapon dilinin m\u00fcr\u0259kk\u0259blikl\u0259rin\u0259 yiy\u0259l\u0259nm\u0259k<\/h2>\n\n\n\n<p>Linqvistik h\u0259v\u0259skarlar \u00e7ox vaxt <a href=\"https:\/\/talkpal.ai\/az\/yapon-dilini-oyr%c9%99n\/\">yapon dilini<\/a> <a href=\"https:\/\/talkpal.ai\/az\/oyr%c9%99nm%c9%99k\/\">\u00f6yr\u0259nm\u0259k<\/a> \u00fc\u00e7\u00fcn maraql\u0131 v\u0259 \u00e7\u0259tin bir dil hesab edirl\u0259r. Bunun \u0259sas s\u0259b\u0259bi onun \u00f6z\u00fcn\u0259m\u0259xsus <a href=\"https:\/\/talkpal.ai\/grammar\/\">qrammatika<\/a> sistemidir. Buna baxmayaraq, yapon dilinin qrammatikan\u0131 ba\u015fa d\u00fc\u015fm\u0259k sizin \u00fcnsiyy\u0259t bacar\u0131qlar\u0131n\u0131z\u0131 v\u0259 m\u0259d\u0259ni anlay\u0131\u015f\u0131n\u0131z\u0131 \u0259h\u0259miyy\u0259tli d\u0259r\u0259c\u0259d\u0259 yax\u015f\u0131la\u015fd\u0131ra bil\u0259r. Bu m\u0259qal\u0259d\u0259 yapon dilinin qrammatikas\u0131 il\u0259 ba\u011fl\u0131 bir ne\u00e7\u0259 vacib m\u0259qam\u0131 m\u00fczakir\u0259 ed\u0259c\u0259yik ki, bu da siz\u0259 <a href=\"https:\/\/talkpal.ai\/az\/universitetl%c9%99r-ucun-dil-oyr%c9%99nm%c9%99\/\">dil \u00f6yr\u0259nm\u0259<\/a> s\u0259yah\u0259tinizd\u0259 k\u00f6m\u0259k ed\u0259c\u0259k. Bel\u0259likl\u0259, ba\u011flay\u0131n v\u0259 g\u0259lin Yapon qrammatikas\u0131n\u0131n f\u00fcsunkar d\u00fcnyas\u0131na daxil olaq.<\/p>\n\n\n\n<h3 class=\"wp-block-heading\" id=\"h-1-sentence-structure-sov\">1. C\u00fcml\u0259 qurulu\u015fu: SOV<\/h3>\n\n\n\n<p>\u0130ngilis dilind\u0259n f\u0259rqli olaraq (M\u00f6vzu \u2013 Verb \u2013 Obyekt v\u0259 ya SVO), Yapon dili M\u00f6vzu \u2013 Obyekt \u2013 Verb (SOV) c\u00fcml\u0259 qurulu\u015funu izl\u0259yir. Bu o dem\u0259kdir ki, \u00fcmumiyy\u0259tl\u0259 feil c\u00fcml\u0259d\u0259 ax\u0131ra q\u0259d\u0259r g\u0259lir. Bu unikal s\u00f6z nizam\u0131n\u0131n as\u0131lmas\u0131 yapon dilind\u0259 anla\u015f\u0131la bil\u0259n c\u00fcml\u0259l\u0259rin yaranmas\u0131nda olduqca vacibdir.<\/p>\n\n\n\n<p>Misal:  <\/p>\n\n\n\n<p>\u2013 \u308f\u305f\u3057\u306f\u308a\u3093\u3054\u3092\u305f\u3079\u307e\u3059\u3002 (M\u0259n alma yeyir\u0259m)<\/p>\n\n\n\n<p>\u2013 Watashi wa ringo ya tabemasu. (lit. M\u0259n bir alma yeyir\u0259m)<\/p>\n\n\n\n<h3 class=\"wp-block-heading\" id=\"h-2-particles-the-sentence-connectors\">2. Hiss\u0259cikl\u0259r. C\u00fcml\u0259 Ba\u011flay\u0131c\u0131lar\u0131<\/h3>\n\n\n\n<p>Hiss\u0259cikl\u0259r c\u00fcml\u0259 daxilind\u0259 s\u00f6z\u00fcn funksiyas\u0131n\u0131 qeyd etm\u0259kl\u0259 Yapon qrammatikas\u0131nda h\u0259lledici rol oynay\u0131r. B\u0259zi \u00fcmumi hiss\u0259cikl\u0259r\u0259 \u306f (wa), \u3092 (o), \u304c (ga), \u3067 (de) v\u0259 \u306b (ni) daxildir. Bu hiss\u0259cikl\u0259rin nec\u0259 i\u015fl\u0259diyini ba\u015fa d\u00fc\u015f\u0259r\u0259k, Yapon c\u00fcml\u0259l\u0259rinin de\u015fifr\u0259 edilm\u0259sinin v\u0259 qurulmas\u0131n\u0131n \u0259h\u0259miyy\u0259tli d\u0259r\u0259c\u0259d\u0259 daha idar\u0259olunan oldu\u011funu g\u00f6r\u0259c\u0259ksiniz.<\/p>\n\n\n\n<h3 class=\"wp-block-heading\" id=\"h-3-verbs-an-introduction-to-conjugation\">3. Feill\u0259r. Konyunkasiyaya giri\u015f<\/h3>\n\n\n\n<p>Yapon fell\u0259rinin \u0259sas formas\u0131n\u0131n sonu il\u0259 m\u00fc\u0259yy\u0259n edilmi\u015f \u00fc\u00e7 \u0259sas qrup var. Bu qruplar g\u0259rgin, n\u0259zak\u0259tli v\u0259 \u0259hval-ruhiyy\u0259li olanda n\u0259z\u0259r\u0259 al\u0131n\u0131r. Xo\u015f x\u0259b\u0259r odur ki, yapon feill\u0259ri bu m\u00f6vzuya \u0259saslanaraq d\u0259yi\u015fmir v\u0259 b\u0259zi ba\u015fqa dill\u0259rd\u0259kind\u0259n daha az m\u00fcr\u0259kk\u0259b olur.<\/p>\n\n\n\n<p>\u2013 1-ci qrup: U-fell\u0259ri<\/p>\n\n\n\n<p>\u2013 2-ci qrup: Ru-fell\u0259r<\/p>\n\n\n\n<p>\u2013 3-c\u00fc qrup: Qaydas\u0131z fell\u0259r (yaln\u0131z iki fel \u2013 \u3059\u308b (suru) v\u0259 \u6765\u308b (kuru))<\/p>\n\n\n\n<h3 class=\"wp-block-heading\" id=\"h-4-politeness-levels\">4. N\u0259zak\u0259tlilik s\u0259viyy\u0259l\u0259ri<\/h3>\n\n\n\n<p>Yapon dili n\u0259zak\u0259tl\u0259 z\u0259ngin bir dildir v\u0259 dilin qrammatikas\u0131 bunu \u0259ks etdirir. \u00dc\u00e7 \u0259sas n\u0259zak\u0259tlilik s\u0259viyy\u0259si var: t\u0259sad\u00fcfi, n\u0259zak\u0259tli v\u0259 \u015f\u0259r\u0259fli. T\u0259bii v\u0259 h\u00f6rm\u0259tcil \u00fcnsiyy\u0259t \u00fc\u00e7\u00fcn bunlar\u0131 d\u00fczg\u00fcn q\u0259bul etm\u0259k v\u0259 istifad\u0259 etm\u0259k olduqca vacibdir.<\/p>\n\n\n\n<p>\u2013 T\u0259sad\u00fcfi: sad\u0259 fel formalar\u0131 (m\u0259s\u0259l\u0259n, \u98df\u3079\u308b \u2013 taberu \u2013 yem\u0259k)<\/p>\n\n\n\n<p>\u2013 N\u0259zak\u0259tli: \u307e\u3059 (masu) konyuqasiyas\u0131 (m\u0259s\u0259l\u0259n, \u98df\u3079\u307e\u3059 \u2013 tabemasu \u2013 yem\u0259k (n\u0259zak\u0259tl\u0259))<\/p>\n\n\n\n<p>\u2013 \u015e\u0259r\u0259f: x\u00fcsusi konyuqasiyalar v\u0259 prefiksl\u0259r (m\u0259s\u0259l\u0259n, \u304a\u53ec\u3057\u4e0a\u304c\u308a\u306b\u306a\u308b \u2013 omeshiagari ni naru \u2013 yem\u0259k (h\u00f6rm\u0259tli))<\/p>\n\n\n\n<h3 class=\"wp-block-heading\" id=\"h-5-japanese-adjectives\">5. Yapon Adjectives<\/h3>\n\n\n\n<p>Yapon adjectives iki n\u00f6vd\u0259 g\u0259lir: i-adjectives v\u0259 na-adjectives. H\u0259r iki n\u00f6v \u00f6z\u00fcn\u0259m\u0259xsus konjuqasiya qaydalar\u0131na malikdir v\u0259 nounlarla m\u00fcxt\u0259lif c\u00fcr qar\u015f\u0131l\u0131ql\u0131 \u0259laq\u0259d\u0259 olurlar. Bu iki tip adjectives istifad\u0259 master etm\u0259k yapon dilind\u0259 effektiv \u00fcnsiyy\u0259t \u00fc\u00e7\u00fcn olduqca vacibdir.<\/p>\n\n\n\n<h3 class=\"wp-block-heading\" id=\"h-6-engaging-with-the-language\">6. Dil il\u0259 m\u0259\u015f\u011ful olmaq<\/h3>\n\n\n\n<p>Yapon dilinin qrammatikasini \u00f6yr\u0259nm\u0259yin \u0259n effektiv \u00fcsullar\u0131ndan biri d\u0259 dill\u0259 ard\u0131c\u0131l \u015f\u0259kild\u0259 m\u0259\u015f\u011ful olmaq. Yapon filml\u0259rin\u0259 v\u0259 animey\u0259 baxmaqdan tutmu\u015f yerli natiql\u0259rl\u0259 s\u00f6hb\u0259t m\u00fcbadil\u0259sind\u0259 i\u015ftirak etm\u0259kd\u0259n tutmu\u015f, \u00f6z\u00fcn\u00fcz\u00fc dil\u0259 bat\u0131rmaq qrammatika anlay\u0131\u015flar\u0131n\u0131 m\u00f6hk\u0259ml\u0259dm\u0259y\u0259 v\u0259 s\u00f6z ehtiyat\u0131n\u0131z\u0131 geni\u015fl\u0259ndirm\u0259y\u0259 k\u00f6m\u0259k ed\u0259c\u0259k.<\/p>\n\n\n\n<h3 class=\"wp-block-heading\" id=\"h-conclusion\">N\u0259tic\u0259<\/h3>\n\n\n\n<p>Yapon dilinin qrammatikas\u0131 ilk bax\u0131\u015fda h\u0259dsiz g\u00f6r\u00fcns\u0259 d\u0259, f\u0259dakarl\u0131q v\u0259 vaxtla siz onun m\u00fcr\u0259kk\u0259blikl\u0259rini asanl\u0131qla tapacaqs\u0131n\u0131z. \u018fsas odur ki, maraq g\u00f6st\u0259rm\u0259y\u0259 davam ed\u0259k v\u0259 m\u00fcnt\u0259z\u0259m olaraq m\u0259\u015fq ed\u0259k. Yapon dilinin qrammatikas\u0131na yiy\u0259l\u0259nm\u0259k \u00fc\u00e7\u00fcn s\u0259yah\u0259tinizd\u0259 u\u011furlar! Dil mac\u0259ras\u0131ndan z\u00f6vq al\u0131n!<\/p>\n<\/div><\/div>\n\r\n<section class=\"learnNavigationSection\">\r\n            \r\n        <a href=\"https:\/\/talkpal.ai\/az\/yapon-dilini-oyr%c9%99n\/\">\r\n            <div class=\"learnNavigationWrapper\">\r\n                <div class=\"learnNavigationContent\">\r\n                    <img decoding=\"async\" src=\"https:\/\/talkpal.ai\/wp-content\/uploads\/2024\/08\/Japanese.jpg\" alt=\"Japanese Flag\">\r\n                    <div>\r\n                        <h4>Yapon \u00d6yr\u0259nilm\u0259si Haqq\u0131nda<\/h4>\r\n                        <p>Yapon dilinin qrammatikas\u0131 haqq\u0131nda h\u0259r \u015feyi \u00f6yr\u0259nin .<\/p>\r\n                    <\/div>\r\n                <\/div>\r\n            <\/div>\r\n        <\/a>\r\n\r\n        \r\n        <a href=\"https:\/\/talkpal.ai\/az\/yapon-dilinin-qrammatikasi-m%c9%99sg%c9%99l%c9%99l%c9%99ri\/\">\r\n            <div class=\"learnNavigationWrapper\">\r\n                <div class=\"learnNavigationContent\">\r\n                    <img decoding=\"async\" src=\"https:\/\/talkpal.ai\/wp-content\/uploads\/2024\/08\/Japanese.jpg\" alt=\"Japanese Flag\">\r\n                    <div>\r\n                        <h4>Yapon qrammatikas\u0131 m\u0259\u015fqi<\/h4>\r\n                        <p>Yapon dilinin qrammatikas\u0131 il\u0259 m\u0259\u015f\u011ful.<\/p>\r\n                    <\/div>\r\n                <\/div>\r\n            <\/div>\r\n        <\/a>\r\n\r\n        \r\n        <a href=\"https:\/\/talkpal.ai\/vocabulary_language\/japanese\/\">\r\n            <div class=\"learnNavigationWrapper\">\r\n                <div class=\"learnNavigationContent\">\r\n                    <img decoding=\"async\" src=\"https:\/\/talkpal.ai\/wp-content\/uploads\/2024\/08\/Japanese.jpg\" alt=\"Japanese Flag\">\r\n                    <div>\r\n                        <h4>Yapon l\u00fc\u011f\u0259ti<\/h4>\r\n                        <p>Yapon dili l\u00fc\u011f\u0259tinizi geni\u015fl\u0259ndirin.<\/p>\r\n                    <\/div>\r\n                <\/div>\r\n            <\/div>\r\n        <\/a>\r\n\r\n            <\/section>","protected":false},"excerpt":{"rendered":"<p>Yapon dilinin m\u00fcr\u0259kk\u0259blikl\u0259rin\u0259 yiy\u0259l\u0259nm\u0259k Linqvistik h\u0259v\u0259skarlar \u00e7ox vaxt yapon dilini \u00f6yr\u0259nm\u0259k \u00fc\u00e7\u00fcn maraql\u0131 v\u0259 \u00e7\u0259tin bir dil hesab edirl\u0259r. Bunun \u0259sas s\u0259b\u0259bi onun \u00f6z\u00fcn\u0259m\u0259xsus qrammatika sistemidir. Buna baxmayaraq, yapon dilinin qrammatikan\u0131 ba\u015fa d\u00fc\u015fm\u0259k sizin \u00fcnsiyy\u0259t bacar\u0131qlar\u0131n\u0131z\u0131 v\u0259 m\u0259d\u0259ni anlay\u0131\u015f\u0131n\u0131z\u0131 \u0259h\u0259miyy\u0259tli d\u0259r\u0259c\u0259d\u0259 yax\u015f\u0131la\u015fd\u0131ra bil\u0259r. Bu m\u0259qal\u0259d\u0259 yapon dilinin qrammatikas\u0131 il\u0259 ba\u011fl\u0131 bir ne\u00e7\u0259 vacib m\u0259qam\u0131 m\u00fczakir\u0259 [&hellip;]<\/p>\n","protected":false},"author":1,"featured_media":107220,"parent":0,"menu_order":0,"comment_status":"closed","ping_status":"closed","template":"LearningContentPage.php","meta":{"_acf_changed":false,"footnotes":""},"class_list":["post-129695","page","type-page","status-publish","has-post-thumbnail","hentry"],"acf":[],"yoast_head":"<!-- This site is optimized with the Yoast SEO Premium plugin v27.2 (Yoast SEO v27.2) - https:\/\/yoast.com\/product\/yoast-seo-premium-wordpress\/ -->\n<title>Yapon Dili Qrammatikas\u0131 - Talkpal<\/title>\n<meta name=\"description\" content=\"AI dil \u00f6yr\u0259nm\u0259 proqram\u0131m\u0131zla Yapon qrammatikas\u0131n\u0131 m\u0259nims\u0259yin. Talkpal -\u0131n AI d\u0259st\u0259yi il\u0259 dil bacar\u0131qlar\u0131n\u0131z\u0131 asanl\u0131qla art\u0131r\u0131n.\" \/>\n<meta name=\"robots\" content=\"index, follow, max-snippet:-1, max-image-preview:large, max-video-preview:-1\" \/>\n<link rel=\"canonical\" href=\"https:\/\/talkpal.ai\/az\/yapon-dili-qrammatikasi\/\" \/>\n<meta property=\"og:locale\" content=\"az_AZ\" \/>\n<meta property=\"og:type\" content=\"article\" \/>\n<meta property=\"og:title\" content=\"Yapon Dili Qrammatikas\u0131\" \/>\n<meta property=\"og:description\" content=\"Yapon dilinin m\u00fcr\u0259kk\u0259blikl\u0259rin\u0259 yiy\u0259l\u0259nm\u0259k Linqvistik h\u0259v\u0259skarlar \u00e7ox vaxt yapon dilini \u00f6yr\u0259nm\u0259k \u00fc\u00e7\u00fcn maraql\u0131 v\u0259 \u00e7\u0259tin bir dil hesab edirl\u0259r. Bunun \u0259sas\" \/>\n<meta property=\"og:url\" content=\"https:\/\/talkpal.ai\/az\/yapon-dili-qrammatikasi\/\" \/>\n<meta property=\"og:site_name\" content=\"Talkpal\" \/>\n<meta property=\"article:publisher\" content=\"https:\/\/www.facebook.com\/profile.php?id=100090733639311\" \/>\n<meta property=\"article:modified_time\" content=\"2025-12-11T16:45:35+00:00\" \/>\n<meta property=\"og:image\" content=\"https:\/\/talkpal.ai\/wp-content\/uploads\/2023\/04\/japan.png\" \/>\n\t<meta property=\"og:image:width\" content=\"512\" \/>\n\t<meta property=\"og:image:height\" content=\"512\" \/>\n\t<meta property=\"og:image:type\" content=\"image\/png\" \/>\n<meta name=\"twitter:card\" content=\"summary_large_image\" \/>\n<meta name=\"twitter:site\" content=\"@talkpalai\" \/>\n<meta name=\"twitter:label1\" content=\"Est. reading time\" \/>\n\t<meta name=\"twitter:data1\" content=\"4 minutes\" \/>\n<script type=\"application\/ld+json\" class=\"yoast-schema-graph\">{\"@context\":\"https:\/\/schema.org\",\"@graph\":[{\"@type\":\"WebPage\",\"@id\":\"https:\/\/talkpal.ai\/az\/yapon-dili-qrammatikasi\/\",\"url\":\"https:\/\/talkpal.ai\/az\/yapon-dili-qrammatikasi\/\",\"name\":\"Yapon Dili Qrammatikas\u0131 - Talkpal\",\"isPartOf\":{\"@id\":\"https:\/\/talkpal.ai\/az\/#website\"},\"primaryImageOfPage\":{\"@id\":\"https:\/\/talkpal.ai\/az\/yapon-dili-qrammatikasi\/#primaryimage\"},\"image\":{\"@id\":\"https:\/\/talkpal.ai\/az\/yapon-dili-qrammatikasi\/#primaryimage\"},\"thumbnailUrl\":\"https:\/\/talkpal.ai\/wp-content\/uploads\/2023\/04\/japan.png\",\"datePublished\":\"2023-05-14T13:51:09+00:00\",\"dateModified\":\"2025-12-11T16:45:35+00:00\",\"description\":\"AI dil \u00f6yr\u0259nm\u0259 proqram\u0131m\u0131zla Yapon qrammatikas\u0131n\u0131 m\u0259nims\u0259yin. Talkpal -\u0131n AI d\u0259st\u0259yi il\u0259 dil bacar\u0131qlar\u0131n\u0131z\u0131 asanl\u0131qla art\u0131r\u0131n.\",\"breadcrumb\":{\"@id\":\"https:\/\/talkpal.ai\/az\/yapon-dili-qrammatikasi\/#breadcrumb\"},\"inLanguage\":\"az\",\"potentialAction\":[{\"@type\":\"ReadAction\",\"target\":[\"https:\/\/talkpal.ai\/az\/yapon-dili-qrammatikasi\/\"]}]},{\"@type\":\"ImageObject\",\"inLanguage\":\"az\",\"@id\":\"https:\/\/talkpal.ai\/az\/yapon-dili-qrammatikasi\/#primaryimage\",\"url\":\"https:\/\/talkpal.ai\/wp-content\/uploads\/2023\/04\/japan.png\",\"contentUrl\":\"https:\/\/talkpal.ai\/wp-content\/uploads\/2023\/04\/japan.png\",\"width\":512,\"height\":512},{\"@type\":\"BreadcrumbList\",\"@id\":\"https:\/\/talkpal.ai\/az\/yapon-dili-qrammatikasi\/#breadcrumb\",\"itemListElement\":[{\"@type\":\"ListItem\",\"position\":1,\"name\":\"Homepage\",\"item\":\"https:\/\/talkpal.ai\/az\/\"},{\"@type\":\"ListItem\",\"position\":2,\"name\":\"Yapon Dili Qrammatikas\u0131\"}]},{\"@type\":\"WebSite\",\"@id\":\"https:\/\/talkpal.ai\/az\/#website\",\"url\":\"https:\/\/talkpal.ai\/az\/\",\"name\":\"Talkpal\",\"description\":\"AI Language Learning\",\"publisher\":{\"@id\":\"https:\/\/talkpal.ai\/az\/#organization\"},\"alternateName\":\"Talkpal AI\",\"potentialAction\":[{\"@type\":\"SearchAction\",\"target\":{\"@type\":\"EntryPoint\",\"urlTemplate\":\"https:\/\/talkpal.ai\/az\/?s={search_term_string}\"},\"query-input\":{\"@type\":\"PropertyValueSpecification\",\"valueRequired\":true,\"valueName\":\"search_term_string\"}}],\"inLanguage\":\"az\"},{\"@type\":\"Organization\",\"@id\":\"https:\/\/talkpal.ai\/az\/#organization\",\"name\":\"Talkpal, Inc.\",\"alternateName\":\"Talkpal AI\",\"url\":\"https:\/\/talkpal.ai\/az\/\",\"logo\":{\"@type\":\"ImageObject\",\"inLanguage\":\"az\",\"@id\":\"https:\/\/talkpal.ai\/az\/#\/schema\/logo\/image\/\",\"url\":\"https:\/\/talkpal.ai\/wp-content\/uploads\/2024\/03\/Talkpal-Logo-Icon.png\",\"contentUrl\":\"https:\/\/talkpal.ai\/wp-content\/uploads\/2024\/03\/Talkpal-Logo-Icon.png\",\"width\":2880,\"height\":2880,\"caption\":\"Talkpal, Inc.\"},\"image\":{\"@id\":\"https:\/\/talkpal.ai\/az\/#\/schema\/logo\/image\/\"},\"sameAs\":[\"https:\/\/www.facebook.com\/profile.php?id=100090733639311\",\"https:\/\/x.com\/talkpalai\",\"https:\/\/www.linkedin.com\/company\/talkpal\/\",\"https:\/\/www.youtube.com\/@TalkPal\/\",\"https:\/\/www.tiktok.com\/@talkpal\",\"https:\/\/www.instagram.com\/talkpal_ai\/\",\"https:\/\/www.crunchbase.com\/organization\/talkpal-9cde\",\"https:\/\/www.g2.com\/products\/talkpal-for-business\/\",\"https:\/\/www.trustpilot.com\/review\/talkpal.ai\",\"https:\/\/www.capterra.com\/p\/10006800\/TalkPal\/\"],\"description\":\"Talkpal is a language learning web and mobile education app, powered by the latest AI technologies, that provides engaging experiences to its customers in many different languages to help them improve their language skills. Users can chat about unlimited amount of topics with the app and use other modes to practice their language learning.\",\"email\":\"support@talkpal.ai\",\"legalName\":\"Talkpal, Inc.\",\"foundingDate\":\"2023-04-03\",\"duns\":\"118989042\",\"numberOfEmployees\":{\"@type\":\"QuantitativeValue\",\"minValue\":\"11\",\"maxValue\":\"50\"},\"publishingPrinciples\":\"https:\/\/talkpal.ai\/publishing-principles\/\",\"actionableFeedbackPolicy\":\"https:\/\/talkpal.ai\/actionable-feedback-policy\/\",\"correctionsPolicy\":\"https:\/\/talkpal.ai\/corrections-policy\/\",\"ethicsPolicy\":\"https:\/\/talkpal.ai\/ethics-policy\/\",\"diversityPolicy\":\"https:\/\/talkpal.ai\/diversity-policy\/\",\"diversityStaffingReport\":\"https:\/\/talkpal.ai\/diversity-policy\/\"}]}<\/script>\n<!-- \/ Yoast SEO Premium plugin. -->","yoast_head_json":{"title":"Yapon Dili Qrammatikas\u0131 - Talkpal","description":"AI dil \u00f6yr\u0259nm\u0259 proqram\u0131m\u0131zla Yapon qrammatikas\u0131n\u0131 m\u0259nims\u0259yin. Talkpal -\u0131n AI d\u0259st\u0259yi il\u0259 dil bacar\u0131qlar\u0131n\u0131z\u0131 asanl\u0131qla art\u0131r\u0131n.","robots":{"index":"index","follow":"follow","max-snippet":"max-snippet:-1","max-image-preview":"max-image-preview:large","max-video-preview":"max-video-preview:-1"},"canonical":"https:\/\/talkpal.ai\/az\/yapon-dili-qrammatikasi\/","og_locale":"az_AZ","og_type":"article","og_title":"Yapon Dili Qrammatikas\u0131","og_description":"Yapon dilinin m\u00fcr\u0259kk\u0259blikl\u0259rin\u0259 yiy\u0259l\u0259nm\u0259k Linqvistik h\u0259v\u0259skarlar \u00e7ox vaxt yapon dilini \u00f6yr\u0259nm\u0259k \u00fc\u00e7\u00fcn maraql\u0131 v\u0259 \u00e7\u0259tin bir dil hesab edirl\u0259r. Bunun \u0259sas","og_url":"https:\/\/talkpal.ai\/az\/yapon-dili-qrammatikasi\/","og_site_name":"Talkpal","article_publisher":"https:\/\/www.facebook.com\/profile.php?id=100090733639311","article_modified_time":"2025-12-11T16:45:35+00:00","og_image":[{"width":512,"height":512,"url":"https:\/\/talkpal.ai\/wp-content\/uploads\/2023\/04\/japan.png","type":"image\/png"}],"twitter_card":"summary_large_image","twitter_site":"@talkpalai","twitter_misc":{"Est. reading time":"4 minutes"},"schema":{"@context":"https:\/\/schema.org","@graph":[{"@type":"WebPage","@id":"https:\/\/talkpal.ai\/az\/yapon-dili-qrammatikasi\/","url":"https:\/\/talkpal.ai\/az\/yapon-dili-qrammatikasi\/","name":"Yapon Dili Qrammatikas\u0131 - Talkpal","isPartOf":{"@id":"https:\/\/talkpal.ai\/az\/#website"},"primaryImageOfPage":{"@id":"https:\/\/talkpal.ai\/az\/yapon-dili-qrammatikasi\/#primaryimage"},"image":{"@id":"https:\/\/talkpal.ai\/az\/yapon-dili-qrammatikasi\/#primaryimage"},"thumbnailUrl":"https:\/\/talkpal.ai\/wp-content\/uploads\/2023\/04\/japan.png","datePublished":"2023-05-14T13:51:09+00:00","dateModified":"2025-12-11T16:45:35+00:00","description":"AI dil \u00f6yr\u0259nm\u0259 proqram\u0131m\u0131zla Yapon qrammatikas\u0131n\u0131 m\u0259nims\u0259yin. Talkpal -\u0131n AI d\u0259st\u0259yi il\u0259 dil bacar\u0131qlar\u0131n\u0131z\u0131 asanl\u0131qla art\u0131r\u0131n.","breadcrumb":{"@id":"https:\/\/talkpal.ai\/az\/yapon-dili-qrammatikasi\/#breadcrumb"},"inLanguage":"az","potentialAction":[{"@type":"ReadAction","target":["https:\/\/talkpal.ai\/az\/yapon-dili-qrammatikasi\/"]}]},{"@type":"ImageObject","inLanguage":"az","@id":"https:\/\/talkpal.ai\/az\/yapon-dili-qrammatikasi\/#primaryimage","url":"https:\/\/talkpal.ai\/wp-content\/uploads\/2023\/04\/japan.png","contentUrl":"https:\/\/talkpal.ai\/wp-content\/uploads\/2023\/04\/japan.png","width":512,"height":512},{"@type":"BreadcrumbList","@id":"https:\/\/talkpal.ai\/az\/yapon-dili-qrammatikasi\/#breadcrumb","itemListElement":[{"@type":"ListItem","position":1,"name":"Homepage","item":"https:\/\/talkpal.ai\/az\/"},{"@type":"ListItem","position":2,"name":"Yapon Dili Qrammatikas\u0131"}]},{"@type":"WebSite","@id":"https:\/\/talkpal.ai\/az\/#website","url":"https:\/\/talkpal.ai\/az\/","name":"Talkpal","description":"AI Language Learning","publisher":{"@id":"https:\/\/talkpal.ai\/az\/#organization"},"alternateName":"Talkpal AI","potentialAction":[{"@type":"SearchAction","target":{"@type":"EntryPoint","urlTemplate":"https:\/\/talkpal.ai\/az\/?s={search_term_string}"},"query-input":{"@type":"PropertyValueSpecification","valueRequired":true,"valueName":"search_term_string"}}],"inLanguage":"az"},{"@type":"Organization","@id":"https:\/\/talkpal.ai\/az\/#organization","name":"Talkpal, Inc.","alternateName":"Talkpal AI","url":"https:\/\/talkpal.ai\/az\/","logo":{"@type":"ImageObject","inLanguage":"az","@id":"https:\/\/talkpal.ai\/az\/#\/schema\/logo\/image\/","url":"https:\/\/talkpal.ai\/wp-content\/uploads\/2024\/03\/Talkpal-Logo-Icon.png","contentUrl":"https:\/\/talkpal.ai\/wp-content\/uploads\/2024\/03\/Talkpal-Logo-Icon.png","width":2880,"height":2880,"caption":"Talkpal, Inc."},"image":{"@id":"https:\/\/talkpal.ai\/az\/#\/schema\/logo\/image\/"},"sameAs":["https:\/\/www.facebook.com\/profile.php?id=100090733639311","https:\/\/x.com\/talkpalai","https:\/\/www.linkedin.com\/company\/talkpal\/","https:\/\/www.youtube.com\/@TalkPal\/","https:\/\/www.tiktok.com\/@talkpal","https:\/\/www.instagram.com\/talkpal_ai\/","https:\/\/www.crunchbase.com\/organization\/talkpal-9cde","https:\/\/www.g2.com\/products\/talkpal-for-business\/","https:\/\/www.trustpilot.com\/review\/talkpal.ai","https:\/\/www.capterra.com\/p\/10006800\/TalkPal\/"],"description":"Talkpal is a language learning web and mobile education app, powered by the latest AI technologies, that provides engaging experiences to its customers in many different languages to help them improve their language skills. Users can chat about unlimited amount of topics with the app and use other modes to practice their language learning.","email":"support@talkpal.ai","legalName":"Talkpal, Inc.","foundingDate":"2023-04-03","duns":"118989042","numberOfEmployees":{"@type":"QuantitativeValue","minValue":"11","maxValue":"50"},"publishingPrinciples":"https:\/\/talkpal.ai\/publishing-principles\/","actionableFeedbackPolicy":"https:\/\/talkpal.ai\/actionable-feedback-policy\/","correctionsPolicy":"https:\/\/talkpal.ai\/corrections-policy\/","ethicsPolicy":"https:\/\/talkpal.ai\/ethics-policy\/","diversityPolicy":"https:\/\/talkpal.ai\/diversity-policy\/","diversityStaffingReport":"https:\/\/talkpal.ai\/diversity-policy\/"}]}},"_links":{"self":[{"href":"https:\/\/talkpal.ai\/az\/wp-json\/wp\/v2\/pages\/129695","targetHints":{"allow":["GET"]}}],"collection":[{"href":"https:\/\/talkpal.ai\/az\/wp-json\/wp\/v2\/pages"}],"about":[{"href":"https:\/\/talkpal.ai\/az\/wp-json\/wp\/v2\/types\/page"}],"author":[{"embeddable":true,"href":"https:\/\/talkpal.ai\/az\/wp-json\/wp\/v2\/users\/1"}],"replies":[{"embeddable":true,"href":"https:\/\/talkpal.ai\/az\/wp-json\/wp\/v2\/comments?post=129695"}],"version-history":[{"count":0,"href":"https:\/\/talkpal.ai\/az\/wp-json\/wp\/v2\/pages\/129695\/revisions"}],"wp:featuredmedia":[{"embeddable":true,"href":"https:\/\/talkpal.ai\/az\/wp-json\/wp\/v2\/media\/107220"}],"wp:attachment":[{"href":"https:\/\/talkpal.ai\/az\/wp-json\/wp\/v2\/media?parent=129695"}],"curies":[{"name":"wp","href":"https:\/\/api.w.org\/{rel}","templated":true}]}}