{"id":129433,"date":"2023-05-14T13:50:44","date_gmt":"2023-05-14T13:50:44","guid":{"rendered":"http:\/\/talkpal.ai\/hind-dilinin-qrammatikasi\/"},"modified":"2025-12-13T15:01:09","modified_gmt":"2025-12-13T15:01:09","slug":"hind-dilinin-qrammatikasi","status":"publish","type":"page","link":"https:\/\/talkpal.ai\/az\/hind-dilinin-qrammatikasi\/","title":{"rendered":"Hind dilinin qrammatikas\u0131"},"content":{"rendered":"\r\n\r\n\r\n<section class=\"languageChallengeSection\">\r\n    <div class=\"languageInfoWrapper\">\r\n        \r\n        <h1>Hind dilinin qrammatikas\u0131<\/h1>\r\n        <p><a href=\"https:\/\/talkpal.ai\/az\/hind-dilini-oyr%c9%99n\/\">Hind dilini<\/a> \u00f6yr\u0259nm\u0259y\u0259 haz\u0131rs\u0131n\u0131z? Hind qrammatikas\u0131na daxil olun, burada cinsli isiml\u0259r, subyekt-obyekt-fel c\u00fcml\u0259 qurulu\u015fu v\u0259 ifad\u0259li fel birl\u0259\u015fm\u0259l\u0259ri dili canland\u0131r\u0131r. Hind dili s\u0259yah\u0259tiniz\u0259 bu g\u00fcn ba\u015flay\u0131n \u2013 onun qrammatikas\u0131na yiy\u0259l\u0259nm\u0259k siz\u0259 inamla \u00fcnsiyy\u0259t qurmaq v\u0259 Hindistan\u0131n canl\u0131 m\u0259d\u0259niyy\u0259ti v\u0259 \u0259n\u0259n\u0259l\u0259ri il\u0259 \u0259laq\u0259 saxlamaq imkan\u0131 ver\u0259c\u0259k!<\/p>\r\n\r\n                            <a class=\"getStartedHidden\" href=\"https:\/\/app.talkpal.ai\/signup?lng=\">Ba\u015fla<\/a>\r\n        \r\n    <\/div>\r\n\r\n    <figure>\r\n    <img decoding=\"async\" width=\"768\" height=\"768\" src=\"https:\/\/talkpal.ai\/wp-content\/uploads\/2023\/06\/hindi-768x768.png\" class=\"languageImage no-lazy\" alt=\"Language learning for mental agility\" fetchpriority=\"high\" sizes=\"(max-width: 768px) 150px, 768px\" srcset=\"https:\/\/talkpal.ai\/wp-content\/uploads\/2023\/06\/hindi-768x768.png 768w, https:\/\/talkpal.ai\/wp-content\/uploads\/2023\/06\/hindi-300x300.png 300w\" \/>\r\n    \r\n\r\n    <\/figure>\r\n\r\n            <a class=\"getStartedVisible\" href=\"https:\/\/app.talkpal.ai\/signup?lng=\">Ba\u015fla<\/a>\r\n    \r\n<\/section>\r\n<section class=\"promotionalBanner\">\r\n    <p class=\"promotionalText\">Dil \u00f6yr\u0259nm\u0259yin \u0259n t\u0259sirli yolu<\/p>\r\n    <a class=\"promotionalLink\" href=\"https:\/\/app.talkpal.ai\/signup?lng=\">Talkpal pulsuz s\u0131nay\u0131n<\/a>\r\n<\/section>\n<div class=\"wp-block-group pageContainerStyle\"><div class=\"wp-block-group__inner-container is-layout-constrained wp-block-group-is-layout-constrained\">\n<h2 class=\"wp-block-heading\" id=\"h-mastering-hindi-grammar-your-ultimate-guide\">Hind dilinin qrammatikas\u0131na yiy\u0259l\u0259nm\u0259k. Sizin son d\u0259r\u0259c\u0259 b\u0259l\u0259d\u00e7iniz<\/h2>\n\n\n\n<p>Namaste, <a href=\"https:\/\/talkpal.ai\/talkpal-discount-for-language-enthusiasts\/\">dil h\u0259v\u0259skarlar\u0131<\/a>! Hind dilinin qrammatikas\u0131 d\u00fcnyas\u0131n\u0131 t\u0259dqiq etm\u0259y\u0259 haz\u0131rs\u0131n\u0131zm\u0131? Siz d\u00fczg\u00fcn yer\u0259 g\u0259ldiniz. Bu m\u0259qal\u0259 asanl\u0131qla ba\u015fa d\u00fc\u015f\u00fcl\u0259n m\u0259&#8217;lumat v\u0259 dan\u0131\u015f\u0131q tonu il\u0259 dolu olacaq v\u0259 siz\u0259 hind dilinin qrammatikas\u0131 il\u0259 ba\u011fl\u0131 maraql\u0131 bir sah\u0259d\u0259 r\u0259hb\u0259rlik ver\u0259c\u0259k. Tezlikl\u0259 siz c\u00fcml\u0259l\u0259r qura v\u0259 do\u011fma dan\u0131\u015fanlarla m\u0259nal\u0131 s\u00f6hb\u0259tl\u0259r ed\u0259 bil\u0259c\u0259ksiniz. Bel\u0259likl\u0259, g\u0259lin d\u0259rhal i\u00e7\u0259ri gir\u0259k!<\/p>\n\n\n\n<p><strong>B\u0259s birincisi, hind dilinin qrammatikas\u0131 n\u0259 \u00fc\u00e7\u00fcn?<\/strong><\/p>\n\n\n\n<p>Hind dilini \u00f6yr\u0259nirsinizs\u0259, s\u0259lis dan\u0131\u015fmaq, oxumaq v\u0259 yazmaq \u00fc\u00e7\u00fcn qrammatikada g\u00fccl\u00fc t\u0259m\u0259l \u00e7ox vacibdir. Hind dilinin qrammatikas\u0131 \u0259vv\u0259lc\u0259 m\u00fcr\u0259kk\u0259b g\u00f6r\u00fcns\u0259 d\u0259, daha ki\u00e7ik v\u0259 idar\u0259 edil\u0259 bil\u0259n seqmentl\u0259r\u0259 b\u00f6l\u00fcn\u0259nd\u0259 daha \u0259l\u00e7atan olur. Bu m\u0259qal\u0259 hind dilinin qrammatikas\u0131na yiy\u0259l\u0259nm\u0259k \u00fc\u00e7\u00fcn s\u0259yah\u0259tiniz\u0259 <a href=\"https:\/\/talkpal.ai\/ko\/ai-%ec%96%b8%ec%96%b4-%ea%b5%90%ec%82%ac\/\">ba\u015flamaq<\/a> \u00fc\u00e7\u00fcn \u0259n m\u00fck\u0259mm\u0259l yer olacaq!<\/p>\n\n\n\n<h3 class=\"wp-block-heading\" id=\"h-1-nouns-gender-and-cases\">1. Nounlar, cinsl\u0259r v\u0259 hallar<\/h3>\n\n\n\n<p>Hind nounlar\u0131 iki cinsd\u0259 g\u0259lir: ki\u015fi cinsi v\u0259 qad\u0131n cinsi. \u0130siml\u0259rin cinsini m\u00fc\u0259yy\u0259n etm\u0259k vacibdir, \u00e7\u00fcnki bu, sif\u0259tl\u0259r v\u0259 fell\u0259r kimi dig\u0259r nitq hiss\u0259l\u0259rin\u0259 t\u0259sir g\u00f6st\u0259rir.  <\/p>\n\n\n\n<p>Sad\u0259 bir qayda: \u0259g\u0259r isim \u201c-aa \u201c(\u201c\u0906\u201c) il\u0259 bitirs\u0259, o, \u00fcmumiyy\u0259tl\u0259 ki\u015fidir, \u201c-ii\u201d (\u201c\u0908\u201c) il\u0259 bit\u0259n isim is\u0259 ad\u0259t\u0259n qad\u0131nd\u0131r. Ancaq unutmay\u0131n &#8211; h\u0259mi\u015f\u0259 oldu\u011fu kimi, istisnalar var!  <\/p>\n\n\n\n<p>Hind nounlar\u0131 bir c\u00fcml\u0259d\u0259ki rolundan as\u0131l\u0131 olaraq m\u00fcxt\u0259lif formalar al\u0131r (subyekt, obyekt, sahiblik v\u0259 s.). Bu formalar hal adlan\u0131r. Hind dilind\u0259 \u0259sas hallar birba\u015fa (\u201c\u0906\u092e \u0915\u094d\u0930\u092e\u201c), \u0259yri (\u201c\u0909\u092a \u0935\u093f\u0932\u094b\u092e\u201d) v\u0259 s\u0259sli (\u201c\u0938\u0902\u092c\u094b\u0927\u0928\u201c) olur.<\/p>\n\n\n\n<h3 class=\"wp-block-heading\" id=\"h-2-pronouns-and-agreement\">2. Pronouns v\u0259 raz\u0131la\u015fma<\/h3>\n\n\n\n<p>Hind pronouns (I, you, he, she v\u0259 s.) cins v\u0259 iyerarxiyaya g\u00f6r\u0259 d\u0259yi\u015fir. M\u0259s\u0259l\u0259n: \u092e\u0948\u0902 (\u0259sas \u2013 m\u0259n), \u0924\u0941\u092e (tum \u2013 siz, qeyri-r\u0259smi), \u0906\u092a (aap \u2013 siz, r\u0259smi), \u0935\u0939 (vah \u2013 o\/o), \u0939\u092e (z\u00fcmz\u00fcm\u0259 \u2013 biz) v\u0259 \u0935\u0947 (ve \u2013 onlar).  <\/p>\n\n\n\n<p>\u018fv\u0259zlikl\u0259rd\u0259n istifad\u0259 ed\u0259rk\u0259n iyerarxiyadan x\u0259b\u0259rdar olmaq vacibdir. M\u0259s\u0259l\u0259n, \u201c\u0924\u0941\u092e\u201d dostlar aras\u0131nda uy\u011fun ola bils\u0259 d\u0259, \u201c\u0906\u092a\u201d istifad\u0259 a\u011fsaqqallara v\u0259 ya q\u0259ribl\u0259r\u0259 m\u00fcraci\u0259t ed\u0259rk\u0259n h\u00f6rm\u0259t g\u00f6st\u0259rir.<\/p>\n\n\n\n<h3 class=\"wp-block-heading\" id=\"h-3-verbs-tense-and-conjugation\">3. Feil, zaman v\u0259 ba\u011flama<\/h3>\n\n\n\n<p>Feill\u0259r hind dilinin qrammatikas\u0131n\u0131n arxa hiss\u0259sini t\u0259\u015fkil edir v\u0259 onlar\u0131 ba\u015fa d\u00fc\u015fm\u0259k c\u00fcml\u0259l\u0259rin d\u00fcz\u0259ldilim\u0259si \u00fc\u00e7\u00fcn olduqca vacibdir. Hind fell\u0259ri geni\u015f \u015f\u0259kild\u0259 ke\u00e7idli (\u201c\u0938\u0915\u0930\u094d\u092e\u0915\u201c) v\u0259 ke\u00e7ilm\u0259z (\u201c\u0905\u0915\u0930\u094d\u092e\u0915\u201c) kimi t\u0259snif edilir, h\u0259r biri \u00fc\u00e7\u00fcn m\u00fcxt\u0259lif birl\u0259\u015fm\u0259 qaydalar\u0131 il\u0259.  <\/p>\n\n\n\n<p>Siz\u0259 q\u0131sa m\u0259lumat verm\u0259k \u00fc\u00e7\u00fcn adi fell\u0259rin indiki zaman birl\u0259\u015fm\u0259sini m\u00fczakir\u0259 ed\u0259k:<\/p>\n\n\n\n<p>\u2013 \u092e\u0948\u0902 \u092a\u0922\u093c\u0924\u093e \u0939\u0942\u0901 (\u0259sas padhta hoon \u2013 oxudum, ki\u015fi)<\/p>\n\n\n\n<p>\u2013 \u092e\u0948\u0902 \u092a\u0922\u093c\u0924\u0940 \u0939\u0942\u0901 (\u0259sas padhti hoon \u2013 oxudum, qad\u0131n)<\/p>\n\n\n\n<p>\u2013 \u0924\u0941\u092e \u092a\u0922\u093c\u0924\u0947 \u0939\u094b (tum padhte ho \u2013 oxuyursunuz, qeyri-r\u0259smi, ki\u015fi)<\/p>\n\n\n\n<p>\u2013 \u0924\u0941\u092e \u092a\u0922\u093c\u0924\u0940 \u0939\u094b (tum padhti ho \u2013 oxuyursunuz, qeyri-r\u0259smi, qad\u0131n)<\/p>\n\n\n\n<p>Unutma ki, bu, sad\u0259c\u0259 ba\u015flan\u011f\u0131cd\u0131r! Ustal\u0131q etm\u0259k \u00fc\u00e7\u00fcn bir \u00e7ox g\u0259rgin v\u0259 nizams\u0131z feill\u0259r var, lakin h\u0259r yeni add\u0131m sizi r\u0259vanl\u0131\u011fa yax\u0131nla\u015fd\u0131r\u0131r.<\/p>\n\n\n\n<h3 class=\"wp-block-heading\" id=\"h-4-adjectives-adverbs-and-more\">4. Adjectives, adverbs v\u0259 daha \u00e7ox!<\/h3>\n\n\n\n<p>Hind dilinin qrammatikas\u0131 adjectives (cins v\u0259 \u0259d\u0259dd\u0259 nounlarla raz\u0131la\u015fmal\u0131d\u0131r), adverb, prepositions v\u0259 idiomatik ifad\u0259l\u0259r kimi dig\u0259r komponentl\u0259ri ehtiva edir. Hind dilini s\u0259lis bilm\u0259k \u00fc\u00e7\u00fcn h\u0259r bir element \u0259sas rol oynay\u0131r, buna g\u00f6r\u0259 d\u0259 onlar\u0131 bir add\u0131m-add\u0131m d\u0259f edin.<\/p>\n\n\n\n<p>N\u0259tic\u0259 olaraq, hind dilinin qrammatikas\u0131n\u0131 m\u0259nims\u0259m\u0259yin q\u0131sa yolu yoxdur. Bunun \u00fc\u00e7\u00fcn \u0259zm, t\u0259cr\u00fcb\u0259 v\u0259 s\u0259bir laz\u0131md\u0131r. Bununla bel\u0259, onu d\u0259rk etdikd\u0259n sonra hind dilind\u0259 s\u00f6hb\u0259t etm\u0259yin, z\u0259ngin m\u0259d\u0259niyy\u0259ti v\u0259 tarixi \u00fcz\u0259 \u00e7\u0131xarma\u011f\u0131n v\u0259 dil\u0259 olan sevginizi d\u0259rinl\u0259\u015fdirm\u0259yin n\u00fcanslar\u0131n\u0131 qiym\u0259tl\u0259ndir\u0259 bil\u0259c\u0259ksiniz. \u0936\u0941\u092d\u0915\u093e\u092e\u0928\u093e\u090f\u0901 (shubhkaamnaayein \u2013 \u0259n xo\u015f arzular)!<\/p>\n<\/div><\/div>\n\r\n<section class=\"learnNavigationSection\">\r\n            \r\n        <a href=\"https:\/\/talkpal.ai\/az\/hind-dilini-oyr%c9%99n\/\">\r\n            <div class=\"learnNavigationWrapper\">\r\n                <div class=\"learnNavigationContent\">\r\n                    <img decoding=\"async\" src=\"https:\/\/talkpal.ai\/wp-content\/uploads\/2024\/08\/Hindi.jpg\" alt=\"Indian Flag\">\r\n                    <div>\r\n                        <h4>Hindi \u00d6yr\u0259nm\u0259 Haqq\u0131nda<\/h4>\r\n                        <p>Hind dilinin qrammatikas\u0131 haqq\u0131nda h\u0259r \u015feyi \u00f6yr\u0259nin.<\/p>\r\n                    <\/div>\r\n                <\/div>\r\n            <\/div>\r\n        <\/a>\r\n\r\n        \r\n        <a href=\"https:\/\/talkpal.ai\/az\/hind-dilinin-qrammatikasi-m%c9%99sg%c9%99l%c9%99l%c9%99ri\/\">\r\n            <div class=\"learnNavigationWrapper\">\r\n                <div class=\"learnNavigationContent\">\r\n                    <img decoding=\"async\" src=\"https:\/\/talkpal.ai\/wp-content\/uploads\/2024\/08\/Hindi.jpg\" alt=\"Indian Flag\">\r\n                    <div>\r\n                        <h4>Hind qrammatikas\u0131 m\u0259\u015fqi<\/h4>\r\n                        <p>Hind dilinin qrammatikas\u0131 il\u0259 m\u0259\u015f\u011ful.<\/p>\r\n                    <\/div>\r\n                <\/div>\r\n            <\/div>\r\n        <\/a>\r\n\r\n        \r\n        <a href=\"https:\/\/talkpal.ai\/vocabulary_language\/hindi\/\">\r\n            <div class=\"learnNavigationWrapper\">\r\n                <div class=\"learnNavigationContent\">\r\n                    <img decoding=\"async\" src=\"https:\/\/talkpal.ai\/wp-content\/uploads\/2024\/08\/Hindi.jpg\" alt=\"Indian Flag\">\r\n                    <div>\r\n                        <h4>Hind l\u00fc\u011f\u0259ti<\/h4>\r\n                        <p>Hind dili l\u00fc\u011f\u0259tinizi geni\u015fl\u0259ndirin.<\/p>\r\n                    <\/div>\r\n                <\/div>\r\n            <\/div>\r\n        <\/a>\r\n\r\n            <\/section>","protected":false},"excerpt":{"rendered":"<p>Hind dilinin qrammatikas\u0131na yiy\u0259l\u0259nm\u0259k. Sizin son d\u0259r\u0259c\u0259 b\u0259l\u0259d\u00e7iniz Namaste, dil h\u0259v\u0259skarlar\u0131! Hind dilinin qrammatikas\u0131 d\u00fcnyas\u0131n\u0131 t\u0259dqiq etm\u0259y\u0259 haz\u0131rs\u0131n\u0131zm\u0131? Siz d\u00fczg\u00fcn yer\u0259 g\u0259ldiniz. Bu m\u0259qal\u0259 asanl\u0131qla ba\u015fa d\u00fc\u015f\u00fcl\u0259n m\u0259&#8217;lumat v\u0259 dan\u0131\u015f\u0131q tonu il\u0259 dolu olacaq v\u0259 siz\u0259 hind dilinin qrammatikas\u0131 il\u0259 ba\u011fl\u0131 maraql\u0131 bir sah\u0259d\u0259 r\u0259hb\u0259rlik ver\u0259c\u0259k. Tezlikl\u0259 siz c\u00fcml\u0259l\u0259r qura v\u0259 do\u011fma dan\u0131\u015fanlarla m\u0259nal\u0131 s\u00f6hb\u0259tl\u0259r [&hellip;]<\/p>\n","protected":false},"author":1,"featured_media":188194,"parent":0,"menu_order":0,"comment_status":"closed","ping_status":"closed","template":"LearningContentPage.php","meta":{"_acf_changed":false,"footnotes":""},"class_list":["post-129433","page","type-page","status-publish","has-post-thumbnail","hentry"],"acf":[],"yoast_head":"<!-- This site is optimized with the Yoast SEO Premium plugin v27.2 (Yoast SEO v27.2) - https:\/\/yoast.com\/product\/yoast-seo-premium-wordpress\/ -->\n<title>Hind dilinin qrammatikas\u0131 - Talkpal<\/title>\n<meta name=\"description\" content=\"Hind dili qrammatikas\u0131n\u0131 inamla m\u0259nims\u0259yin - ayd\u0131n qaydalar\u0131 \u00f6yr\u0259nin, d\u00fczg\u00fcn c\u00fcml\u0259l\u0259r qurun v\u0259 Talkpal AI-nin asan r\u0259hb\u0259rliyi il\u0259 daha yax\u015f\u0131 dan\u0131\u015f\u0131n.\" \/>\n<meta name=\"robots\" content=\"index, follow, max-snippet:-1, max-image-preview:large, max-video-preview:-1\" \/>\n<link rel=\"canonical\" href=\"https:\/\/talkpal.ai\/az\/hind-dilinin-qrammatikasi\/\" \/>\n<meta property=\"og:locale\" content=\"az_AZ\" \/>\n<meta property=\"og:type\" content=\"article\" \/>\n<meta property=\"og:title\" content=\"Hind dilinin qrammatikas\u0131\" \/>\n<meta property=\"og:description\" content=\"Hind dilinin qrammatikas\u0131na yiy\u0259l\u0259nm\u0259k. Sizin son d\u0259r\u0259c\u0259 b\u0259l\u0259d\u00e7iniz Namaste, dil h\u0259v\u0259skarlar\u0131! Hind dilinin qrammatikas\u0131 d\u00fcnyas\u0131n\u0131 t\u0259dqiq etm\u0259y\u0259\" \/>\n<meta property=\"og:url\" content=\"https:\/\/talkpal.ai\/az\/hind-dilinin-qrammatikasi\/\" \/>\n<meta property=\"og:site_name\" content=\"Talkpal\" \/>\n<meta property=\"article:publisher\" content=\"https:\/\/www.facebook.com\/profile.php?id=100090733639311\" \/>\n<meta property=\"article:modified_time\" content=\"2025-12-13T15:01:09+00:00\" \/>\n<meta property=\"og:image\" content=\"https:\/\/talkpal.ai\/wp-content\/uploads\/2024\/02\/india.png\" \/>\n\t<meta property=\"og:image:width\" content=\"517\" \/>\n\t<meta property=\"og:image:height\" content=\"517\" \/>\n\t<meta property=\"og:image:type\" content=\"image\/png\" \/>\n<meta name=\"twitter:card\" content=\"summary_large_image\" \/>\n<meta name=\"twitter:site\" content=\"@talkpalai\" \/>\n<meta name=\"twitter:label1\" content=\"Est. reading time\" \/>\n\t<meta name=\"twitter:data1\" content=\"3 minutes\" \/>\n<script type=\"application\/ld+json\" class=\"yoast-schema-graph\">{\"@context\":\"https:\/\/schema.org\",\"@graph\":[{\"@type\":\"WebPage\",\"@id\":\"https:\/\/talkpal.ai\/az\/hind-dilinin-qrammatikasi\/\",\"url\":\"https:\/\/talkpal.ai\/az\/hind-dilinin-qrammatikasi\/\",\"name\":\"Hind dilinin qrammatikas\u0131 - Talkpal\",\"isPartOf\":{\"@id\":\"https:\/\/talkpal.ai\/az\/#website\"},\"primaryImageOfPage\":{\"@id\":\"https:\/\/talkpal.ai\/az\/hind-dilinin-qrammatikasi\/#primaryimage\"},\"image\":{\"@id\":\"https:\/\/talkpal.ai\/az\/hind-dilinin-qrammatikasi\/#primaryimage\"},\"thumbnailUrl\":\"https:\/\/talkpal.ai\/wp-content\/uploads\/2024\/02\/india.png\",\"datePublished\":\"2023-05-14T13:50:44+00:00\",\"dateModified\":\"2025-12-13T15:01:09+00:00\",\"description\":\"Hind dili qrammatikas\u0131n\u0131 inamla m\u0259nims\u0259yin - ayd\u0131n qaydalar\u0131 \u00f6yr\u0259nin, d\u00fczg\u00fcn c\u00fcml\u0259l\u0259r qurun v\u0259 Talkpal AI-nin asan r\u0259hb\u0259rliyi il\u0259 daha yax\u015f\u0131 dan\u0131\u015f\u0131n.\",\"breadcrumb\":{\"@id\":\"https:\/\/talkpal.ai\/az\/hind-dilinin-qrammatikasi\/#breadcrumb\"},\"inLanguage\":\"az\",\"potentialAction\":[{\"@type\":\"ReadAction\",\"target\":[\"https:\/\/talkpal.ai\/az\/hind-dilinin-qrammatikasi\/\"]}]},{\"@type\":\"ImageObject\",\"inLanguage\":\"az\",\"@id\":\"https:\/\/talkpal.ai\/az\/hind-dilinin-qrammatikasi\/#primaryimage\",\"url\":\"https:\/\/talkpal.ai\/wp-content\/uploads\/2024\/02\/india.png\",\"contentUrl\":\"https:\/\/talkpal.ai\/wp-content\/uploads\/2024\/02\/india.png\",\"width\":517,\"height\":517,\"caption\":\"TalkPal Indian Flag\"},{\"@type\":\"BreadcrumbList\",\"@id\":\"https:\/\/talkpal.ai\/az\/hind-dilinin-qrammatikasi\/#breadcrumb\",\"itemListElement\":[{\"@type\":\"ListItem\",\"position\":1,\"name\":\"Homepage\",\"item\":\"https:\/\/talkpal.ai\/az\/\"},{\"@type\":\"ListItem\",\"position\":2,\"name\":\"Hind dilinin qrammatikas\u0131\"}]},{\"@type\":\"WebSite\",\"@id\":\"https:\/\/talkpal.ai\/az\/#website\",\"url\":\"https:\/\/talkpal.ai\/az\/\",\"name\":\"Talkpal\",\"description\":\"AI Language Learning\",\"publisher\":{\"@id\":\"https:\/\/talkpal.ai\/az\/#organization\"},\"alternateName\":\"Talkpal AI\",\"potentialAction\":[{\"@type\":\"SearchAction\",\"target\":{\"@type\":\"EntryPoint\",\"urlTemplate\":\"https:\/\/talkpal.ai\/az\/?s={search_term_string}\"},\"query-input\":{\"@type\":\"PropertyValueSpecification\",\"valueRequired\":true,\"valueName\":\"search_term_string\"}}],\"inLanguage\":\"az\"},{\"@type\":\"Organization\",\"@id\":\"https:\/\/talkpal.ai\/az\/#organization\",\"name\":\"Talkpal, Inc.\",\"alternateName\":\"Talkpal AI\",\"url\":\"https:\/\/talkpal.ai\/az\/\",\"logo\":{\"@type\":\"ImageObject\",\"inLanguage\":\"az\",\"@id\":\"https:\/\/talkpal.ai\/az\/#\/schema\/logo\/image\/\",\"url\":\"https:\/\/talkpal.ai\/wp-content\/uploads\/2024\/03\/Talkpal-Logo-Icon.png\",\"contentUrl\":\"https:\/\/talkpal.ai\/wp-content\/uploads\/2024\/03\/Talkpal-Logo-Icon.png\",\"width\":2880,\"height\":2880,\"caption\":\"Talkpal, Inc.\"},\"image\":{\"@id\":\"https:\/\/talkpal.ai\/az\/#\/schema\/logo\/image\/\"},\"sameAs\":[\"https:\/\/www.facebook.com\/profile.php?id=100090733639311\",\"https:\/\/x.com\/talkpalai\",\"https:\/\/www.linkedin.com\/company\/talkpal\/\",\"https:\/\/www.youtube.com\/@TalkPal\/\",\"https:\/\/www.tiktok.com\/@talkpal\",\"https:\/\/www.instagram.com\/talkpal_ai\/\",\"https:\/\/www.crunchbase.com\/organization\/talkpal-9cde\",\"https:\/\/www.g2.com\/products\/talkpal-for-business\/\",\"https:\/\/www.trustpilot.com\/review\/talkpal.ai\",\"https:\/\/www.capterra.com\/p\/10006800\/TalkPal\/\"],\"description\":\"Talkpal is a language learning web and mobile education app, powered by the latest AI technologies, that provides engaging experiences to its customers in many different languages to help them improve their language skills. Users can chat about unlimited amount of topics with the app and use other modes to practice their language learning.\",\"email\":\"support@talkpal.ai\",\"legalName\":\"Talkpal, Inc.\",\"foundingDate\":\"2023-04-03\",\"duns\":\"118989042\",\"numberOfEmployees\":{\"@type\":\"QuantitativeValue\",\"minValue\":\"11\",\"maxValue\":\"50\"},\"publishingPrinciples\":\"https:\/\/talkpal.ai\/publishing-principles\/\",\"actionableFeedbackPolicy\":\"https:\/\/talkpal.ai\/actionable-feedback-policy\/\",\"correctionsPolicy\":\"https:\/\/talkpal.ai\/corrections-policy\/\",\"ethicsPolicy\":\"https:\/\/talkpal.ai\/ethics-policy\/\",\"diversityPolicy\":\"https:\/\/talkpal.ai\/diversity-policy\/\",\"diversityStaffingReport\":\"https:\/\/talkpal.ai\/diversity-policy\/\"}]}<\/script>\n<!-- \/ Yoast SEO Premium plugin. -->","yoast_head_json":{"title":"Hind dilinin qrammatikas\u0131 - Talkpal","description":"Hind dili qrammatikas\u0131n\u0131 inamla m\u0259nims\u0259yin - ayd\u0131n qaydalar\u0131 \u00f6yr\u0259nin, d\u00fczg\u00fcn c\u00fcml\u0259l\u0259r qurun v\u0259 Talkpal AI-nin asan r\u0259hb\u0259rliyi il\u0259 daha yax\u015f\u0131 dan\u0131\u015f\u0131n.","robots":{"index":"index","follow":"follow","max-snippet":"max-snippet:-1","max-image-preview":"max-image-preview:large","max-video-preview":"max-video-preview:-1"},"canonical":"https:\/\/talkpal.ai\/az\/hind-dilinin-qrammatikasi\/","og_locale":"az_AZ","og_type":"article","og_title":"Hind dilinin qrammatikas\u0131","og_description":"Hind dilinin qrammatikas\u0131na yiy\u0259l\u0259nm\u0259k. Sizin son d\u0259r\u0259c\u0259 b\u0259l\u0259d\u00e7iniz Namaste, dil h\u0259v\u0259skarlar\u0131! Hind dilinin qrammatikas\u0131 d\u00fcnyas\u0131n\u0131 t\u0259dqiq etm\u0259y\u0259","og_url":"https:\/\/talkpal.ai\/az\/hind-dilinin-qrammatikasi\/","og_site_name":"Talkpal","article_publisher":"https:\/\/www.facebook.com\/profile.php?id=100090733639311","article_modified_time":"2025-12-13T15:01:09+00:00","og_image":[{"width":517,"height":517,"url":"https:\/\/talkpal.ai\/wp-content\/uploads\/2024\/02\/india.png","type":"image\/png"}],"twitter_card":"summary_large_image","twitter_site":"@talkpalai","twitter_misc":{"Est. reading time":"3 minutes"},"schema":{"@context":"https:\/\/schema.org","@graph":[{"@type":"WebPage","@id":"https:\/\/talkpal.ai\/az\/hind-dilinin-qrammatikasi\/","url":"https:\/\/talkpal.ai\/az\/hind-dilinin-qrammatikasi\/","name":"Hind dilinin qrammatikas\u0131 - Talkpal","isPartOf":{"@id":"https:\/\/talkpal.ai\/az\/#website"},"primaryImageOfPage":{"@id":"https:\/\/talkpal.ai\/az\/hind-dilinin-qrammatikasi\/#primaryimage"},"image":{"@id":"https:\/\/talkpal.ai\/az\/hind-dilinin-qrammatikasi\/#primaryimage"},"thumbnailUrl":"https:\/\/talkpal.ai\/wp-content\/uploads\/2024\/02\/india.png","datePublished":"2023-05-14T13:50:44+00:00","dateModified":"2025-12-13T15:01:09+00:00","description":"Hind dili qrammatikas\u0131n\u0131 inamla m\u0259nims\u0259yin - ayd\u0131n qaydalar\u0131 \u00f6yr\u0259nin, d\u00fczg\u00fcn c\u00fcml\u0259l\u0259r qurun v\u0259 Talkpal AI-nin asan r\u0259hb\u0259rliyi il\u0259 daha yax\u015f\u0131 dan\u0131\u015f\u0131n.","breadcrumb":{"@id":"https:\/\/talkpal.ai\/az\/hind-dilinin-qrammatikasi\/#breadcrumb"},"inLanguage":"az","potentialAction":[{"@type":"ReadAction","target":["https:\/\/talkpal.ai\/az\/hind-dilinin-qrammatikasi\/"]}]},{"@type":"ImageObject","inLanguage":"az","@id":"https:\/\/talkpal.ai\/az\/hind-dilinin-qrammatikasi\/#primaryimage","url":"https:\/\/talkpal.ai\/wp-content\/uploads\/2024\/02\/india.png","contentUrl":"https:\/\/talkpal.ai\/wp-content\/uploads\/2024\/02\/india.png","width":517,"height":517,"caption":"TalkPal Indian Flag"},{"@type":"BreadcrumbList","@id":"https:\/\/talkpal.ai\/az\/hind-dilinin-qrammatikasi\/#breadcrumb","itemListElement":[{"@type":"ListItem","position":1,"name":"Homepage","item":"https:\/\/talkpal.ai\/az\/"},{"@type":"ListItem","position":2,"name":"Hind dilinin qrammatikas\u0131"}]},{"@type":"WebSite","@id":"https:\/\/talkpal.ai\/az\/#website","url":"https:\/\/talkpal.ai\/az\/","name":"Talkpal","description":"AI Language Learning","publisher":{"@id":"https:\/\/talkpal.ai\/az\/#organization"},"alternateName":"Talkpal AI","potentialAction":[{"@type":"SearchAction","target":{"@type":"EntryPoint","urlTemplate":"https:\/\/talkpal.ai\/az\/?s={search_term_string}"},"query-input":{"@type":"PropertyValueSpecification","valueRequired":true,"valueName":"search_term_string"}}],"inLanguage":"az"},{"@type":"Organization","@id":"https:\/\/talkpal.ai\/az\/#organization","name":"Talkpal, Inc.","alternateName":"Talkpal AI","url":"https:\/\/talkpal.ai\/az\/","logo":{"@type":"ImageObject","inLanguage":"az","@id":"https:\/\/talkpal.ai\/az\/#\/schema\/logo\/image\/","url":"https:\/\/talkpal.ai\/wp-content\/uploads\/2024\/03\/Talkpal-Logo-Icon.png","contentUrl":"https:\/\/talkpal.ai\/wp-content\/uploads\/2024\/03\/Talkpal-Logo-Icon.png","width":2880,"height":2880,"caption":"Talkpal, Inc."},"image":{"@id":"https:\/\/talkpal.ai\/az\/#\/schema\/logo\/image\/"},"sameAs":["https:\/\/www.facebook.com\/profile.php?id=100090733639311","https:\/\/x.com\/talkpalai","https:\/\/www.linkedin.com\/company\/talkpal\/","https:\/\/www.youtube.com\/@TalkPal\/","https:\/\/www.tiktok.com\/@talkpal","https:\/\/www.instagram.com\/talkpal_ai\/","https:\/\/www.crunchbase.com\/organization\/talkpal-9cde","https:\/\/www.g2.com\/products\/talkpal-for-business\/","https:\/\/www.trustpilot.com\/review\/talkpal.ai","https:\/\/www.capterra.com\/p\/10006800\/TalkPal\/"],"description":"Talkpal is a language learning web and mobile education app, powered by the latest AI technologies, that provides engaging experiences to its customers in many different languages to help them improve their language skills. Users can chat about unlimited amount of topics with the app and use other modes to practice their language learning.","email":"support@talkpal.ai","legalName":"Talkpal, Inc.","foundingDate":"2023-04-03","duns":"118989042","numberOfEmployees":{"@type":"QuantitativeValue","minValue":"11","maxValue":"50"},"publishingPrinciples":"https:\/\/talkpal.ai\/publishing-principles\/","actionableFeedbackPolicy":"https:\/\/talkpal.ai\/actionable-feedback-policy\/","correctionsPolicy":"https:\/\/talkpal.ai\/corrections-policy\/","ethicsPolicy":"https:\/\/talkpal.ai\/ethics-policy\/","diversityPolicy":"https:\/\/talkpal.ai\/diversity-policy\/","diversityStaffingReport":"https:\/\/talkpal.ai\/diversity-policy\/"}]}},"_links":{"self":[{"href":"https:\/\/talkpal.ai\/az\/wp-json\/wp\/v2\/pages\/129433","targetHints":{"allow":["GET"]}}],"collection":[{"href":"https:\/\/talkpal.ai\/az\/wp-json\/wp\/v2\/pages"}],"about":[{"href":"https:\/\/talkpal.ai\/az\/wp-json\/wp\/v2\/types\/page"}],"author":[{"embeddable":true,"href":"https:\/\/talkpal.ai\/az\/wp-json\/wp\/v2\/users\/1"}],"replies":[{"embeddable":true,"href":"https:\/\/talkpal.ai\/az\/wp-json\/wp\/v2\/comments?post=129433"}],"version-history":[{"count":0,"href":"https:\/\/talkpal.ai\/az\/wp-json\/wp\/v2\/pages\/129433\/revisions"}],"wp:featuredmedia":[{"embeddable":true,"href":"https:\/\/talkpal.ai\/az\/wp-json\/wp\/v2\/media\/188194"}],"wp:attachment":[{"href":"https:\/\/talkpal.ai\/az\/wp-json\/wp\/v2\/media?parent=129433"}],"curies":[{"name":"wp","href":"https:\/\/api.w.org\/{rel}","templated":true}]}}