{"id":129085,"date":"2023-05-14T13:50:21","date_gmt":"2023-05-14T13:50:21","guid":{"rendered":"http:\/\/talkpal.ai\/finc%c9%99-qrammatika\/"},"modified":"2025-12-11T17:01:22","modified_gmt":"2025-12-11T17:01:22","slug":"finc%c9%99-qrammatika","status":"publish","type":"page","link":"https:\/\/talkpal.ai\/az\/finc%c9%99-qrammatika\/","title":{"rendered":"Finc\u0259 Qrammatika"},"content":{"rendered":"\r\n\r\n\r\n<section class=\"languageChallengeSection\">\r\n    <div class=\"languageInfoWrapper\">\r\n        \r\n        <h1>Finc\u0259 Qrammatika<\/h1>\r\n        <p><a href=\"https:\/\/talkpal.ai\/learn-finnish\/\">Fin<\/a> dilinin sirl\u0259rini k\u0259\u015ff etm\u0259y\u0259 haz\u0131rs\u0131n\u0131z? M\u0259ntiqi qurulu\u015fu, sait harmoniyas\u0131 v\u0259 t\u0259sirli hallar silsil\u0259si il\u0259 m\u0259\u015fhur olan Fin qrammatikas\u0131na daxil olun. Bu g\u00fcn \u00f6yr\u0259nm\u0259y\u0259 ba\u015flay\u0131n &#8211; Fin qrammatikas\u0131na yiy\u0259l\u0259nm\u0259k siz\u0259 Finlandiyan\u0131n z\u0259ngin m\u0259d\u0259niyy\u0259ti v\u0259 ad\u0259t-\u0259n\u0259n\u0259l\u0259rin\u0259 qap\u0131 a\u00e7ark\u0259n dan\u0131\u015fmaq v\u0259 \u0259laq\u0259 qurmaq \u00fc\u00e7\u00fcn inam ver\u0259c\u0259k!<\/p>\r\n\r\n                            <a class=\"getStartedHidden\" href=\"https:\/\/app.talkpal.ai\/signup?lng=\">Ba\u015fla<\/a>\r\n        \r\n    <\/div>\r\n\r\n    <figure>\r\n    <img decoding=\"async\" width=\"768\" height=\"768\" src=\"https:\/\/talkpal.ai\/wp-content\/uploads\/2023\/06\/Finnish-768x768.png\" class=\"languageImage no-lazy\" alt=\"Develop your language aptitude learning\" fetchpriority=\"high\" sizes=\"(max-width: 768px) 150px, 768px\" srcset=\"https:\/\/talkpal.ai\/wp-content\/uploads\/2023\/06\/Finnish-768x768.png 768w, https:\/\/talkpal.ai\/wp-content\/uploads\/2023\/06\/Finnish-300x300.png 300w\" \/>\r\n    \r\n\r\n    <\/figure>\r\n\r\n            <a class=\"getStartedVisible\" href=\"https:\/\/app.talkpal.ai\/signup?lng=\">Ba\u015fla<\/a>\r\n    \r\n<\/section>\r\n<section class=\"promotionalBanner\">\r\n    <p class=\"promotionalText\">Dil \u00f6yr\u0259nm\u0259yin \u0259n t\u0259sirli yolu<\/p>\r\n    <a class=\"promotionalLink\" href=\"https:\/\/app.talkpal.ai\/signup?lng=\">Talkpal pulsuz s\u0131nay\u0131n<\/a>\r\n<\/section>\n<div class=\"wp-block-group pageContainerStyle\"><div class=\"wp-block-group__inner-container is-layout-constrained wp-block-group-is-layout-constrained\">\n<h2 class=\"wp-block-heading\" id=\"h-finnish-grammar-a-guide-to-mastering-the-complexities-of-the-finnish-language\">Fin dilinin qrammatikas\u0131. Fin dilinin m\u00fcr\u0259kk\u0259blikl\u0259rinin ustal\u0131qla t\u0259drisi \u00fc\u00e7\u00fcn b\u0259l\u0259d\u00e7i<\/h2>\n\n\n\n<p>T\u0259xmin\u0259n 5 milyon insan\u0131n dan\u0131\u015fd\u0131\u011f\u0131 unikal v\u0259 maraql\u0131 dil olan fin dili m\u00fcr\u0259kk\u0259bliyi v\u0259 \u00f6z\u00fcn\u0259m\u0259xsus <a href=\"https:\/\/talkpal.ai\/grammar\/\">qrammatika<\/a> sistemi il\u0259 tan\u0131n\u0131r. \u0130lk bax\u0131\u015fdan Fin dilinin qrammatikas\u0131nda olan qayda v\u0259 strukturlar qorxulu g\u00f6r\u00fcn\u0259 bil\u0259r, amma qorxun! S\u0259br, praktiklik v\u0259 r\u0259hb\u0259rlikl\u0259 Fin dilinin qrammatikas\u0131n\u0131n sirl\u0259rini a\u00e7\u0131b dil bacar\u0131qlar\u0131n\u0131 t\u0259kmill\u0259\u015fdir\u0259 bil\u0259rsiniz. Bu yaz\u0131da biz Fin qrammatikas\u0131 haqq\u0131nda \u00fcmumi m\u0259lumat ver\u0259c\u0259yik v\u0259 \u00f6yr\u0259nm\u0259 s\u0259yah\u0259tinizi daha rahat etm\u0259k \u00fc\u00e7\u00fcn b\u0259zi m\u0259sl\u0259h\u0259tl\u0259ri payla\u015faca\u011f\u0131q.<\/p>\n\n\n\n<h3 class=\"wp-block-heading\" id=\"h-the-basics-of-finnish-grammar\">Fin dilinin qrammatikas\u0131 \u0259saslar\u0131:<\/h3>\n\n\n\n<p>\u0130ngilis dilinin qrammatikas\u0131ndan olduqca f\u0259rql\u0259n\u0259n fin dilinin qrammatikas\u0131 onun hallardan z\u0259ngin istifad\u0259 etm\u0259si, qrammatik cinsin olmamas\u0131 v\u0259 unikal feli konjuqasiya sistemi il\u0259 s\u0259ciyy\u0259l\u0259nir. Fin dilinin qrammatikas\u0131 il\u0259 tan\u0131\u015f olmaq \u00fc\u00e7\u00fcn z\u0259ruri olan b\u0259zi m\u0259qamlar bunlard\u0131r:<\/p>\n\n\n\n<p><strong>1. Noun hallar\u0131.<\/strong> Finc\u0259d\u0259 15 noun hal\u0131 var. Bu da c\u00fcml\u0259nin noun v\u0259 dig\u0259r se\u00e7icil\u0259ri aras\u0131ndak\u0131 \u0259laq\u0259ni bildirir. H\u0259r bir noun i\u015finin konkret sonlu\u011fu var ki, bu da nounun g\u00f6vd\u0259sin\u0259 yap\u0131\u015f\u0131r. Noun hallara aid bir ne\u00e7\u0259 n\u00fcmun\u0259 nominativ, genitativ, ittihamedici v\u0259 partitivdir.<\/p>\n\n\n\n<p><strong>2. He\u00e7 bir qrammatik cins.<\/strong> Bir \u00e7ox dill\u0259rd\u0259n f\u0259rqli olaraq fin dili cinsl\u0259ri nounlara t\u0259yin etmir. \u018fv\u0259zind\u0259 dil bir s\u00f6zd\u0259n \u2013 h\u00e4n \u2013 h\u0259m \u201co\u201d h\u0259m d\u0259 \u201co\u201d s\u00f6z\u00fcn\u00fc istifad\u0259 edir. Bu x\u00fcsusiyy\u0259t Fin dilini \u00f6yr\u0259nm\u0259k prosesini asanla\u015fd\u0131r\u0131r v\u0259 cinsiyy\u0259t\u0259 aid m\u0259qal\u0259l\u0259ri v\u0259 ya \u0259v\u0259zlik formalar\u0131n\u0131 yadda saxlamaq ehtiyac\u0131n\u0131 aradan qald\u0131r\u0131r.<\/p>\n\n\n\n<p><strong>3. Feli konjuqasiya.<\/strong> Fin feill\u0259ri g\u0259rgin, \u0259hval-ruhiyy\u0259 v\u0259 s\u0259s\u0259 \u0259saslanan bir-biri il\u0259 \u0259laq\u0259lidir. Fin dilind\u0259 d\u00f6rd feli g\u0259rginlik var: indiki, ke\u00e7mi\u015f, m\u00fck\u0259mm\u0259l v\u0259 pl\u00fcperf. Bundan ba\u015fqa fin feill\u0259rinin 5 \u0259hval-ruhiyy\u0259si var: g\u00f6st\u0259rici, \u015f\u0259rti, potensial, imperativ v\u0259 hadis\u0259li.<\/p>\n\n\n\n<p><strong>4. Saitl\u0259rin harmonikliyi.<\/strong> Fin dilind\u0259 saitl\u0259r \u00fc\u00e7 qrupa b\u00f6l\u00fcn\u00fcr: qabaq (\u00e4, \u00f6, y), arxa (a, o, u), v\u0259 neytral (i, e). 1990-c\u0131 ild\u0259 ba\u015f ver\u0259n b\u0259zi s\u00f6zl\u0259rin v\u0259 s\u00f6zl\u0259rin birl\u0259\u015fm\u0259sind\u0259n ba\u015fqa, \u00f6n v\u0259 arxa saitl\u0259r eyni s\u00f6zd\u0259 peyda ola bilm\u0259z.<\/p>\n\n\n\n<h3 class=\"wp-block-heading\" id=\"h-strategies-for-learning-finnish-grammar\">Fin dilinin qrammatikas\u0131n\u0131 \u00f6yr\u0259nm\u0259k \u00fc\u00e7\u00fcn strategiyalar:<\/h3>\n\n\n\n<p>Fin dilinin qrammatikas\u0131n\u0131 ba\u015fa d\u00fc\u015fm\u0259k \u00e7\u0259tin g\u00f6r\u00fcn\u0259 bil\u0259r, lakin d\u00fczg\u00fcn d\u00fc\u015f\u00fcnc\u0259 t\u0259rzi v\u0259 \u00f6yr\u0259nm\u0259 strategiyalar\u0131 il\u0259 siz bunu ba\u015fa d\u00fc\u015f\u0259 bil\u0259c\u0259ksiniz. Ara\u015fd\u0131rman\u0131z\u0131 istiqam\u0259tl\u0259ndirm\u0259k \u00fc\u00e7\u00fcn faydal\u0131 m\u0259sl\u0259h\u0259tl\u0259r a\u015fa\u011f\u0131da verilir:<\/p>\n\n\n\n<p><strong>1. K\u00f6rp\u0259 add\u0131mlar at\u0131n.<\/strong> Fin dilinin \u0259saslar\u0131 il\u0259 ba\u015flay\u0131n. M\u0259s\u0259l\u0259n, noun hallar\u0131 v\u0259 feli konjuqasiya. M\u00fcr\u0259kk\u0259b qaydalar\u0131 daha ki\u00e7ik, h\u0259zm oluna bil\u0259n hiss\u0259l\u0259r\u0259 b\u00f6lm\u0259kl\u0259, siz davaml\u0131 olaraq ir\u0259lil\u0259y\u0259 v\u0259 m\u00f6hk\u0259m t\u0259m\u0259l qura bil\u0259c\u0259ksiniz.<\/p>\n\n\n\n<p><strong>2. M\u00fcnt\u0259z\u0259m olaraq m\u0259\u015fq edin.<\/strong> Dil \u00f6yr\u0259n\u0259rk\u0259n ard\u0131c\u0131ll\u0131q \u0259sasd\u0131r. H\u0259r g\u00fcn v\u0259 ya h\u0259ft\u0259 \u0259rzind\u0259 fin dilind\u0259 ke\u00e7iril\u0259n m\u0259\u015fql\u0259r, oxumaq v\u0259 yazmaq vasit\u0259sil\u0259 qrammatika il\u0259 m\u0259\u015f\u011ful olmaq \u00fc\u00e7\u00fcn vaxt ay\u0131r\u0131n.<\/p>\n\n\n\n<p><strong>3. Yerli resurslardan istifad\u0259 edin.<\/strong> Fin dilinin qrammatikas\u0131 kontekst\u0259 daha yax\u015f\u0131 ba\u015fa d\u00fc\u015f\u00fclm\u0259si \u00fc\u00e7\u00fcn \u00f6z\u00fcn\u00fcz\u00fc \u0259d\u0259biyyat, x\u0259b\u0259r m\u0259qal\u0259l\u0259ri, podkastlar kimi yerli materiallara bat\u0131r\u0131n. Bu, siz\u0259 qaydalar\u0131 daxil etm\u0259y\u0259, dinl\u0259m\u0259 v\u0259 oxumaq bacar\u0131\u011f\u0131n\u0131z\u0131 yax\u015f\u0131la\u015fd\u0131rma\u011fa k\u00f6m\u0259k ed\u0259c\u0259k.<\/p>\n\n\n\n<p><strong>4. Yerli natiql\u0259rl\u0259 \u0259laq\u0259.<\/strong> Yerli fin dilind\u0259 dan\u0131\u015fanlarla s\u00f6hb\u0259t\u0259 qo\u015fulmaq qrammatika praktikas\u0131 v\u0259 d\u0259y\u0259rli r\u0259yl\u0259rin al\u0131nmas\u0131 \u00fc\u00e7\u00fcn \u0259la vasit\u0259dir. Fin dilind\u0259 dan\u0131\u015fan insanlarla \u0259laq\u0259 yarada bil\u0259c\u0259yiniz dil m\u00fcbadil\u0259si qruplar\u0131na v\u0259 ya onlayn forumlara qo\u015fulma\u011f\u0131 d\u00fc\u015f\u00fcn\u00fcn.<\/p>\n\n\n\n<p><strong>5. S\u0259birli v\u0259 israrl\u0131 olun:<\/strong> Fin dilinin qrammatikas\u0131n\u0131 \u00f6yr\u0259nm\u0259k \u00e7\u0259tin bir s\u0259yah\u0259tdir, lakin s\u0259br v\u0259 f\u0259dakarl\u0131qla onun inc\u0259likl\u0259rini a\u00e7\u0131b dild\u0259 bacar\u0131ql\u0131 olacaqs\u0131n\u0131z.<\/p>\n\n\n\n<h3 class=\"wp-block-heading\" id=\"h-conclusion\">Yekun:<\/h3>\n\n\n\n<p>Fin dilinin qrammatikas\u0131 d\u00fcnyas\u0131 m\u00fcr\u0259kk\u0259b olsa da, q\u0259tiyy\u0259t v\u0259 praktika say\u0259sind\u0259 m\u00fcmk\u00fcn olan maraql\u0131 bir d\u00fcnyad\u0131r. Fin dilinin qrammatikas\u0131n\u0131n \u0259sas elementl\u0259ri il\u0259 tan\u0131\u015f olmaqla v\u0259 \u00f6yr\u0259nm\u0259 strategiyalar\u0131m\u0131za \u0259m\u0259l etm\u0259kl\u0259 siz s\u0259lis dan\u0131\u015fma\u011fa v\u0259 bu valehedici dili daha d\u0259rind\u0259n qiym\u0259tl\u0259ndirm\u0259y\u0259 yol a\u00e7acaqs\u0131n\u0131z. Bel\u0259likl\u0259, pozitiv d\u00fc\u015f\u00fcnc\u0259 t\u0259rzi il\u0259 Fin qrammatikas\u0131n\u0131n inc\u0259likl\u0259rin\u0259 dal\u0131n v\u0259 bunu bilm\u0259d\u0259n Suominin linqvistik m\u0259nz\u0259r\u0259sini inamla g\u0259z\u0259c\u0259ksiniz!<\/p>\n<\/div><\/div>\n\r\n<section class=\"learnNavigationSection\">\r\n            \r\n        <a href=\"https:\/\/talkpal.ai\/az\/finc%c9%99-oyr%c9%99n\/\">\r\n            <div class=\"learnNavigationWrapper\">\r\n                <div class=\"learnNavigationContent\">\r\n                    <img decoding=\"async\" src=\"https:\/\/talkpal.ai\/wp-content\/uploads\/2024\/08\/Finnish.jpg\" alt=\"Finnish Flag\">\r\n                    <div>\r\n                        <h4>Fin dilinin \u00f6yr\u0259nilm\u0259si haqq\u0131nda<\/h4>\r\n                        <p>Fin dili qrammatikas\u0131 haqq\u0131nda h\u0259r \u015feyi \u00f6yr\u0259nin.<\/p>\r\n                    <\/div>\r\n                <\/div>\r\n            <\/div>\r\n        <\/a>\r\n\r\n        \r\n        <a href=\"https:\/\/talkpal.ai\/az\/fin-dili-qrammatika-m%c9%99sql%c9%99ri\/\">\r\n            <div class=\"learnNavigationWrapper\">\r\n                <div class=\"learnNavigationContent\">\r\n                    <img decoding=\"async\" src=\"https:\/\/talkpal.ai\/wp-content\/uploads\/2024\/08\/Finnish.jpg\" alt=\"Finnish Flag\">\r\n                    <div>\r\n                        <h4>Fin qrammatikas\u0131 m\u0259\u015fqi<\/h4>\r\n                        <p>Fin dilinin qrammatika il\u0259 m\u0259\u015f\u011ful olsun.<\/p>\r\n                    <\/div>\r\n                <\/div>\r\n            <\/div>\r\n        <\/a>\r\n\r\n        \r\n        <a href=\"https:\/\/talkpal.ai\/vocabulary_language\/finnish\/\">\r\n            <div class=\"learnNavigationWrapper\">\r\n                <div class=\"learnNavigationContent\">\r\n                    <img decoding=\"async\" src=\"https:\/\/talkpal.ai\/wp-content\/uploads\/2024\/08\/Finnish.jpg\" alt=\"Finnish Flag\">\r\n                    <div>\r\n                        <h4>Fin l\u00fc\u011f\u0259ti<\/h4>\r\n                        <p>Fin l\u00fc\u011f\u0259tinizi geni\u015fl\u0259ndirin.<\/p>\r\n                    <\/div>\r\n                <\/div>\r\n            <\/div>\r\n        <\/a>\r\n\r\n            <\/section>","protected":false},"excerpt":{"rendered":"<p>Fin dilinin qrammatikas\u0131. Fin dilinin m\u00fcr\u0259kk\u0259blikl\u0259rinin ustal\u0131qla t\u0259drisi \u00fc\u00e7\u00fcn b\u0259l\u0259d\u00e7i T\u0259xmin\u0259n 5 milyon insan\u0131n dan\u0131\u015fd\u0131\u011f\u0131 unikal v\u0259 maraql\u0131 dil olan fin dili m\u00fcr\u0259kk\u0259bliyi v\u0259 \u00f6z\u00fcn\u0259m\u0259xsus qrammatika sistemi il\u0259 tan\u0131n\u0131r. \u0130lk bax\u0131\u015fdan Fin dilinin qrammatikas\u0131nda olan qayda v\u0259 strukturlar qorxulu g\u00f6r\u00fcn\u0259 bil\u0259r, amma qorxun! S\u0259br, praktiklik v\u0259 r\u0259hb\u0259rlikl\u0259 Fin dilinin qrammatikas\u0131n\u0131n sirl\u0259rini a\u00e7\u0131b dil bacar\u0131qlar\u0131n\u0131 t\u0259kmill\u0259\u015fdir\u0259 [&hellip;]<\/p>\n","protected":false},"author":1,"featured_media":106626,"parent":0,"menu_order":0,"comment_status":"closed","ping_status":"closed","template":"LearningContentPage.php","meta":{"_acf_changed":false,"footnotes":""},"class_list":["post-129085","page","type-page","status-publish","has-post-thumbnail","hentry"],"acf":[],"yoast_head":"<!-- This site is optimized with the Yoast SEO Premium plugin v27.2 (Yoast SEO v27.2) - https:\/\/yoast.com\/product\/yoast-seo-premium-wordpress\/ -->\n<title>Finc\u0259 Qrammatika - Talkpal<\/title>\n<meta name=\"description\" content=\"Fin dilini m\u0259nims\u0259m\u0259k \u00fc\u00e7\u00fcn hallar, fell\u0259r, c\u00fcml\u0259 strukturu v\u0259 t\u0259l\u0259ff\u00fcz m\u0259sl\u0259h\u0259tl\u0259ri daxil olmaqla Fin qrammatikas\u0131n\u0131n \u0259sas aspektl\u0259rini \u00f6yr\u0259nin.\" \/>\n<meta name=\"robots\" content=\"index, follow, max-snippet:-1, max-image-preview:large, max-video-preview:-1\" \/>\n<link rel=\"canonical\" href=\"https:\/\/talkpal.ai\/az\/finc%c9%99-qrammatika\/\" \/>\n<meta property=\"og:locale\" content=\"az_AZ\" \/>\n<meta property=\"og:type\" content=\"article\" \/>\n<meta property=\"og:title\" content=\"Finc\u0259 Qrammatika\" \/>\n<meta property=\"og:description\" content=\"Fin dilinin qrammatikas\u0131. Fin dilinin m\u00fcr\u0259kk\u0259blikl\u0259rinin ustal\u0131qla t\u0259drisi \u00fc\u00e7\u00fcn b\u0259l\u0259d\u00e7i T\u0259xmin\u0259n 5 milyon insan\u0131n dan\u0131\u015fd\u0131\u011f\u0131 unikal v\u0259 maraql\u0131 dil olan fin\" \/>\n<meta property=\"og:url\" content=\"https:\/\/talkpal.ai\/az\/finc%c9%99-qrammatika\/\" \/>\n<meta property=\"og:site_name\" content=\"Talkpal\" \/>\n<meta property=\"article:publisher\" content=\"https:\/\/www.facebook.com\/profile.php?id=100090733639311\" \/>\n<meta property=\"article:modified_time\" content=\"2025-12-11T17:01:22+00:00\" \/>\n<meta property=\"og:image\" content=\"https:\/\/talkpal.ai\/wp-content\/uploads\/2023\/04\/finland.png\" \/>\n\t<meta property=\"og:image:width\" content=\"512\" \/>\n\t<meta property=\"og:image:height\" content=\"512\" \/>\n\t<meta property=\"og:image:type\" content=\"image\/png\" \/>\n<meta name=\"twitter:card\" content=\"summary_large_image\" \/>\n<meta name=\"twitter:site\" content=\"@talkpalai\" \/>\n<meta name=\"twitter:label1\" content=\"Est. reading time\" \/>\n\t<meta name=\"twitter:data1\" content=\"4 minutes\" \/>\n<script type=\"application\/ld+json\" class=\"yoast-schema-graph\">{\"@context\":\"https:\/\/schema.org\",\"@graph\":[{\"@type\":\"WebPage\",\"@id\":\"https:\/\/talkpal.ai\/az\/finc%c9%99-qrammatika\/\",\"url\":\"https:\/\/talkpal.ai\/az\/finc%c9%99-qrammatika\/\",\"name\":\"Finc\u0259 Qrammatika - Talkpal\",\"isPartOf\":{\"@id\":\"https:\/\/talkpal.ai\/az\/#website\"},\"primaryImageOfPage\":{\"@id\":\"https:\/\/talkpal.ai\/az\/finc%c9%99-qrammatika\/#primaryimage\"},\"image\":{\"@id\":\"https:\/\/talkpal.ai\/az\/finc%c9%99-qrammatika\/#primaryimage\"},\"thumbnailUrl\":\"https:\/\/talkpal.ai\/wp-content\/uploads\/2023\/04\/finland.png\",\"datePublished\":\"2023-05-14T13:50:21+00:00\",\"dateModified\":\"2025-12-11T17:01:22+00:00\",\"description\":\"Fin dilini m\u0259nims\u0259m\u0259k \u00fc\u00e7\u00fcn hallar, fell\u0259r, c\u00fcml\u0259 strukturu v\u0259 t\u0259l\u0259ff\u00fcz m\u0259sl\u0259h\u0259tl\u0259ri daxil olmaqla Fin qrammatikas\u0131n\u0131n \u0259sas aspektl\u0259rini \u00f6yr\u0259nin.\",\"breadcrumb\":{\"@id\":\"https:\/\/talkpal.ai\/az\/finc%c9%99-qrammatika\/#breadcrumb\"},\"inLanguage\":\"az\",\"potentialAction\":[{\"@type\":\"ReadAction\",\"target\":[\"https:\/\/talkpal.ai\/az\/finc%c9%99-qrammatika\/\"]}]},{\"@type\":\"ImageObject\",\"inLanguage\":\"az\",\"@id\":\"https:\/\/talkpal.ai\/az\/finc%c9%99-qrammatika\/#primaryimage\",\"url\":\"https:\/\/talkpal.ai\/wp-content\/uploads\/2023\/04\/finland.png\",\"contentUrl\":\"https:\/\/talkpal.ai\/wp-content\/uploads\/2023\/04\/finland.png\",\"width\":512,\"height\":512,\"caption\":\"TalkPal finland Flag\"},{\"@type\":\"BreadcrumbList\",\"@id\":\"https:\/\/talkpal.ai\/az\/finc%c9%99-qrammatika\/#breadcrumb\",\"itemListElement\":[{\"@type\":\"ListItem\",\"position\":1,\"name\":\"Homepage\",\"item\":\"https:\/\/talkpal.ai\/az\/\"},{\"@type\":\"ListItem\",\"position\":2,\"name\":\"Finc\u0259 Qrammatika\"}]},{\"@type\":\"WebSite\",\"@id\":\"https:\/\/talkpal.ai\/az\/#website\",\"url\":\"https:\/\/talkpal.ai\/az\/\",\"name\":\"Talkpal\",\"description\":\"AI Language Learning\",\"publisher\":{\"@id\":\"https:\/\/talkpal.ai\/az\/#organization\"},\"alternateName\":\"Talkpal AI\",\"potentialAction\":[{\"@type\":\"SearchAction\",\"target\":{\"@type\":\"EntryPoint\",\"urlTemplate\":\"https:\/\/talkpal.ai\/az\/?s={search_term_string}\"},\"query-input\":{\"@type\":\"PropertyValueSpecification\",\"valueRequired\":true,\"valueName\":\"search_term_string\"}}],\"inLanguage\":\"az\"},{\"@type\":\"Organization\",\"@id\":\"https:\/\/talkpal.ai\/az\/#organization\",\"name\":\"Talkpal, Inc.\",\"alternateName\":\"Talkpal AI\",\"url\":\"https:\/\/talkpal.ai\/az\/\",\"logo\":{\"@type\":\"ImageObject\",\"inLanguage\":\"az\",\"@id\":\"https:\/\/talkpal.ai\/az\/#\/schema\/logo\/image\/\",\"url\":\"https:\/\/talkpal.ai\/wp-content\/uploads\/2024\/03\/Talkpal-Logo-Icon.png\",\"contentUrl\":\"https:\/\/talkpal.ai\/wp-content\/uploads\/2024\/03\/Talkpal-Logo-Icon.png\",\"width\":2880,\"height\":2880,\"caption\":\"Talkpal, Inc.\"},\"image\":{\"@id\":\"https:\/\/talkpal.ai\/az\/#\/schema\/logo\/image\/\"},\"sameAs\":[\"https:\/\/www.facebook.com\/profile.php?id=100090733639311\",\"https:\/\/x.com\/talkpalai\",\"https:\/\/www.linkedin.com\/company\/talkpal\/\",\"https:\/\/www.youtube.com\/@TalkPal\/\",\"https:\/\/www.tiktok.com\/@talkpal\",\"https:\/\/www.instagram.com\/talkpal_ai\/\",\"https:\/\/www.crunchbase.com\/organization\/talkpal-9cde\",\"https:\/\/www.g2.com\/products\/talkpal-for-business\/\",\"https:\/\/www.trustpilot.com\/review\/talkpal.ai\",\"https:\/\/www.capterra.com\/p\/10006800\/TalkPal\/\"],\"description\":\"Talkpal is a language learning web and mobile education app, powered by the latest AI technologies, that provides engaging experiences to its customers in many different languages to help them improve their language skills. Users can chat about unlimited amount of topics with the app and use other modes to practice their language learning.\",\"email\":\"support@talkpal.ai\",\"legalName\":\"Talkpal, Inc.\",\"foundingDate\":\"2023-04-03\",\"duns\":\"118989042\",\"numberOfEmployees\":{\"@type\":\"QuantitativeValue\",\"minValue\":\"11\",\"maxValue\":\"50\"},\"publishingPrinciples\":\"https:\/\/talkpal.ai\/publishing-principles\/\",\"actionableFeedbackPolicy\":\"https:\/\/talkpal.ai\/actionable-feedback-policy\/\",\"correctionsPolicy\":\"https:\/\/talkpal.ai\/corrections-policy\/\",\"ethicsPolicy\":\"https:\/\/talkpal.ai\/ethics-policy\/\",\"diversityPolicy\":\"https:\/\/talkpal.ai\/diversity-policy\/\",\"diversityStaffingReport\":\"https:\/\/talkpal.ai\/diversity-policy\/\"}]}<\/script>\n<!-- \/ Yoast SEO Premium plugin. -->","yoast_head_json":{"title":"Finc\u0259 Qrammatika - Talkpal","description":"Fin dilini m\u0259nims\u0259m\u0259k \u00fc\u00e7\u00fcn hallar, fell\u0259r, c\u00fcml\u0259 strukturu v\u0259 t\u0259l\u0259ff\u00fcz m\u0259sl\u0259h\u0259tl\u0259ri daxil olmaqla Fin qrammatikas\u0131n\u0131n \u0259sas aspektl\u0259rini \u00f6yr\u0259nin.","robots":{"index":"index","follow":"follow","max-snippet":"max-snippet:-1","max-image-preview":"max-image-preview:large","max-video-preview":"max-video-preview:-1"},"canonical":"https:\/\/talkpal.ai\/az\/finc%c9%99-qrammatika\/","og_locale":"az_AZ","og_type":"article","og_title":"Finc\u0259 Qrammatika","og_description":"Fin dilinin qrammatikas\u0131. Fin dilinin m\u00fcr\u0259kk\u0259blikl\u0259rinin ustal\u0131qla t\u0259drisi \u00fc\u00e7\u00fcn b\u0259l\u0259d\u00e7i T\u0259xmin\u0259n 5 milyon insan\u0131n dan\u0131\u015fd\u0131\u011f\u0131 unikal v\u0259 maraql\u0131 dil olan fin","og_url":"https:\/\/talkpal.ai\/az\/finc%c9%99-qrammatika\/","og_site_name":"Talkpal","article_publisher":"https:\/\/www.facebook.com\/profile.php?id=100090733639311","article_modified_time":"2025-12-11T17:01:22+00:00","og_image":[{"width":512,"height":512,"url":"https:\/\/talkpal.ai\/wp-content\/uploads\/2023\/04\/finland.png","type":"image\/png"}],"twitter_card":"summary_large_image","twitter_site":"@talkpalai","twitter_misc":{"Est. reading time":"4 minutes"},"schema":{"@context":"https:\/\/schema.org","@graph":[{"@type":"WebPage","@id":"https:\/\/talkpal.ai\/az\/finc%c9%99-qrammatika\/","url":"https:\/\/talkpal.ai\/az\/finc%c9%99-qrammatika\/","name":"Finc\u0259 Qrammatika - Talkpal","isPartOf":{"@id":"https:\/\/talkpal.ai\/az\/#website"},"primaryImageOfPage":{"@id":"https:\/\/talkpal.ai\/az\/finc%c9%99-qrammatika\/#primaryimage"},"image":{"@id":"https:\/\/talkpal.ai\/az\/finc%c9%99-qrammatika\/#primaryimage"},"thumbnailUrl":"https:\/\/talkpal.ai\/wp-content\/uploads\/2023\/04\/finland.png","datePublished":"2023-05-14T13:50:21+00:00","dateModified":"2025-12-11T17:01:22+00:00","description":"Fin dilini m\u0259nims\u0259m\u0259k \u00fc\u00e7\u00fcn hallar, fell\u0259r, c\u00fcml\u0259 strukturu v\u0259 t\u0259l\u0259ff\u00fcz m\u0259sl\u0259h\u0259tl\u0259ri daxil olmaqla Fin qrammatikas\u0131n\u0131n \u0259sas aspektl\u0259rini \u00f6yr\u0259nin.","breadcrumb":{"@id":"https:\/\/talkpal.ai\/az\/finc%c9%99-qrammatika\/#breadcrumb"},"inLanguage":"az","potentialAction":[{"@type":"ReadAction","target":["https:\/\/talkpal.ai\/az\/finc%c9%99-qrammatika\/"]}]},{"@type":"ImageObject","inLanguage":"az","@id":"https:\/\/talkpal.ai\/az\/finc%c9%99-qrammatika\/#primaryimage","url":"https:\/\/talkpal.ai\/wp-content\/uploads\/2023\/04\/finland.png","contentUrl":"https:\/\/talkpal.ai\/wp-content\/uploads\/2023\/04\/finland.png","width":512,"height":512,"caption":"TalkPal finland Flag"},{"@type":"BreadcrumbList","@id":"https:\/\/talkpal.ai\/az\/finc%c9%99-qrammatika\/#breadcrumb","itemListElement":[{"@type":"ListItem","position":1,"name":"Homepage","item":"https:\/\/talkpal.ai\/az\/"},{"@type":"ListItem","position":2,"name":"Finc\u0259 Qrammatika"}]},{"@type":"WebSite","@id":"https:\/\/talkpal.ai\/az\/#website","url":"https:\/\/talkpal.ai\/az\/","name":"Talkpal","description":"AI Language Learning","publisher":{"@id":"https:\/\/talkpal.ai\/az\/#organization"},"alternateName":"Talkpal AI","potentialAction":[{"@type":"SearchAction","target":{"@type":"EntryPoint","urlTemplate":"https:\/\/talkpal.ai\/az\/?s={search_term_string}"},"query-input":{"@type":"PropertyValueSpecification","valueRequired":true,"valueName":"search_term_string"}}],"inLanguage":"az"},{"@type":"Organization","@id":"https:\/\/talkpal.ai\/az\/#organization","name":"Talkpal, Inc.","alternateName":"Talkpal AI","url":"https:\/\/talkpal.ai\/az\/","logo":{"@type":"ImageObject","inLanguage":"az","@id":"https:\/\/talkpal.ai\/az\/#\/schema\/logo\/image\/","url":"https:\/\/talkpal.ai\/wp-content\/uploads\/2024\/03\/Talkpal-Logo-Icon.png","contentUrl":"https:\/\/talkpal.ai\/wp-content\/uploads\/2024\/03\/Talkpal-Logo-Icon.png","width":2880,"height":2880,"caption":"Talkpal, Inc."},"image":{"@id":"https:\/\/talkpal.ai\/az\/#\/schema\/logo\/image\/"},"sameAs":["https:\/\/www.facebook.com\/profile.php?id=100090733639311","https:\/\/x.com\/talkpalai","https:\/\/www.linkedin.com\/company\/talkpal\/","https:\/\/www.youtube.com\/@TalkPal\/","https:\/\/www.tiktok.com\/@talkpal","https:\/\/www.instagram.com\/talkpal_ai\/","https:\/\/www.crunchbase.com\/organization\/talkpal-9cde","https:\/\/www.g2.com\/products\/talkpal-for-business\/","https:\/\/www.trustpilot.com\/review\/talkpal.ai","https:\/\/www.capterra.com\/p\/10006800\/TalkPal\/"],"description":"Talkpal is a language learning web and mobile education app, powered by the latest AI technologies, that provides engaging experiences to its customers in many different languages to help them improve their language skills. Users can chat about unlimited amount of topics with the app and use other modes to practice their language learning.","email":"support@talkpal.ai","legalName":"Talkpal, Inc.","foundingDate":"2023-04-03","duns":"118989042","numberOfEmployees":{"@type":"QuantitativeValue","minValue":"11","maxValue":"50"},"publishingPrinciples":"https:\/\/talkpal.ai\/publishing-principles\/","actionableFeedbackPolicy":"https:\/\/talkpal.ai\/actionable-feedback-policy\/","correctionsPolicy":"https:\/\/talkpal.ai\/corrections-policy\/","ethicsPolicy":"https:\/\/talkpal.ai\/ethics-policy\/","diversityPolicy":"https:\/\/talkpal.ai\/diversity-policy\/","diversityStaffingReport":"https:\/\/talkpal.ai\/diversity-policy\/"}]}},"_links":{"self":[{"href":"https:\/\/talkpal.ai\/az\/wp-json\/wp\/v2\/pages\/129085","targetHints":{"allow":["GET"]}}],"collection":[{"href":"https:\/\/talkpal.ai\/az\/wp-json\/wp\/v2\/pages"}],"about":[{"href":"https:\/\/talkpal.ai\/az\/wp-json\/wp\/v2\/types\/page"}],"author":[{"embeddable":true,"href":"https:\/\/talkpal.ai\/az\/wp-json\/wp\/v2\/users\/1"}],"replies":[{"embeddable":true,"href":"https:\/\/talkpal.ai\/az\/wp-json\/wp\/v2\/comments?post=129085"}],"version-history":[{"count":0,"href":"https:\/\/talkpal.ai\/az\/wp-json\/wp\/v2\/pages\/129085\/revisions"}],"wp:featuredmedia":[{"embeddable":true,"href":"https:\/\/talkpal.ai\/az\/wp-json\/wp\/v2\/media\/106626"}],"wp:attachment":[{"href":"https:\/\/talkpal.ai\/az\/wp-json\/wp\/v2\/media?parent=129085"}],"curies":[{"name":"wp","href":"https:\/\/api.w.org\/{rel}","templated":true}]}}